{"id":513544,"date":"2022-12-20T15:00:27","date_gmt":"2022-12-20T15:00:27","guid":{"rendered":"https:\/\/droix.eu\/product\/kingspec-2230-steam-deck-nvme-storage\/"},"modified":"2025-08-01T14:51:27","modified_gmt":"2025-08-01T13:51:27","slug":"kingspec-2230-steam-deck-nvme-storage","status":"publish","type":"product","link":"https:\/\/droix.eu\/et\/product\/kingspec-2230-steam-deck-nvme-storage\/","title":{"rendered":"KingSpec 2230 Steam Deck NVMe Storage"},"content":{"rendered":"&#13;\n<p><strong>KingSpec NVMe 22*30 tahkis<\/strong>on v\u00f5imeline saavutama lugemiskiirust kuni 3621,35 MB\/s ja kirjutamiskiirust kuni 2314,32 MB\/s. Need kiirused on m\u00e4rkimisv\u00e4\u00e4rselt kiiremad kui traditsioonilise k\u00f5vaketta omad, mis tavaliselt saavutavad kiiruse umbes 100 MB\/s. See t\u00e4hendab, et KingSpec NVMe-ketas suudab andmeid palju kiiremini k\u00e4tte saada ja edastada, mille tulemuseks on kiirem k\u00e4ivitumisaeg ja tarkvara kiirem k\u00e4ivitamine.  <\/p>&#13;\n&#13;\n<p>Oletame n\u00e4iteks, et teil on suur tarkvararakendus, mida on vaja paigaldada. Traditsioonilise k\u00f5vaketta puhul v\u00f5ib paigaldusprotsess v\u00f5tta mitu minutit. KingSpeci NVMe-kettaga oleks paigaldusprotsess aga palju kiirem, sest ketas suudab vajalikele andmetele ligi p\u00e4\u00e4seda ja neid edastada palju suurema kiirusega.  <\/p>&#13;\n&#13;\n<p>\u00dcldiselt on <strong>KingSpec NVMe-ketta<\/strong> kiirem lugemis- ja kirjutamiskiirus suurep\u00e4rane valik neile, kes soovivad parandada oma arvuti \u00fcldist j\u00f5udlust. Olenemata sellest, kas olete m\u00e4ngur, kes soovib tasandeid kiiremini laadida, loominguline professionaal, kes t\u00f6\u00f6tab suurte failidega, v\u00f5i lihtsalt keegi, kes soovib sujuvamat ja reageerimisv\u00f5imelisemat arvutikogemust, on see ketas kindlasti sobiv. <\/p>&#13;\n&#13;\n<p>Kontrollige allj\u00e4rgnevaid tulemusi <strong>Steam Deck<\/strong> kasutades <strong>KingSpec 2230 NVMe 1TB<\/strong> Storage :<\/p>&#13;\n&#13;\n<p>Lugemiskiirus: <strong>3621,35 MB\/s<\/strong><br\/>Kirjutamiskiirus :<strong> 2314,32 MB\/s<\/strong><\/p>&#13;\n&#13;\n<p><strong>CrystalDiskMarki<\/strong> v\u00f5rdlustarkvara teeb salvestusseadme kohta rea teste, et n\u00e4ha selle j\u00f5udlust erinevate lugemis- ja kirjutamismustrite puhul. Tulemused n\u00e4itavad optimaalset maksimaalset lugemis- ja kirjutamiskiirust esimesel real. <\/p>&#13;\n&#13;\n<figure class=\"wp-block-image aligncenter\"><img fetchpriority=\"high\" decoding=\"async\" width=\"601\" height=\"438\" src=\"https:\/\/droix.eu\/wp-content\/uploads\/2022\/12\/r-w-speed-kigspec2230-steam-deck.png\" alt=\"SD KingSpec 2230 lugemis- ja kirjutamiskiirus\" class=\"wp-image-94989\" srcset=\"https:\/\/droix.eu\/wp-content\/uploads\/2022\/12\/r-w-speed-kigspec2230-steam-deck.png 601w, https:\/\/droix.eu\/wp-content\/uploads\/2022\/12\/r-w-speed-kigspec2230-steam-deck-300x219.png 300w, https:\/\/droix.eu\/wp-content\/uploads\/2022\/12\/r-w-speed-kigspec2230-steam-deck-441x321.png 441w\" sizes=\"(max-width: 601px) 100vw, 601px\" \/><\/figure>&#13;\n&#13;\n<figure class=\"wp-block-image aligncenter\"><img decoding=\"async\" width=\"1500\" height=\"1500\" src=\"https:\/\/droix.eu\/wp-content\/uploads\/2022\/12\/SSD-EXPLINATION.png\" alt=\"ssd-explanation-tool\" class=\"wp-image-105048\" srcset=\"https:\/\/droix.eu\/wp-content\/uploads\/2022\/12\/SSD-EXPLINATION.png 1500w, https:\/\/droix.eu\/wp-content\/uploads\/2022\/12\/SSD-EXPLINATION-300x300.png 300w, https:\/\/droix.eu\/wp-content\/uploads\/2022\/12\/SSD-EXPLINATION-100x100.png 100w, https:\/\/droix.eu\/wp-content\/uploads\/2022\/12\/SSD-EXPLINATION-1000x1000.png 1000w, https:\/\/droix.eu\/wp-content\/uploads\/2022\/12\/SSD-EXPLINATION-1024x1024.png 1024w, https:\/\/droix.eu\/wp-content\/uploads\/2022\/12\/SSD-EXPLINATION-768x768.png 768w, https:\/\/droix.eu\/wp-content\/uploads\/2022\/12\/SSD-EXPLINATION-990x990.png 990w, https:\/\/droix.eu\/wp-content\/uploads\/2022\/12\/SSD-EXPLINATION-441x441.png 441w\" sizes=\"(max-width: 1500px) 100vw, 1500px\" \/><\/figure>&#13;\n","protected":false},"excerpt":{"rendered":"<ul>\n<li>Kiire NVMe kiirused<\/li>\n<li>\u00dchildub SteamDeck &amp; GPD WIN Max 2 seadmetega  <\/li>\n<li>3-aastane garantii<\/li>\n<\/ul>\n[droix_global_accordions]\n[cg_accordion title=\"Pakett sisaldab\"]<\/p>\n<ul>\n<li>1x 22*30 NVMe SSD<\/li>\n<\/ul>\n<p>[\/cg_accordion]\n","protected":false},"featured_media":342436,"template":"","meta":{"_acf_changed":false},"product_brand":[],"product_cat":[22454,22456,22455],"product_tag":[],"woo-feed-brand":[],"key-features":[],"class_list":{"0":"post-513544","1":"product","2":"type-product","3":"status-publish","4":"has-post-thumbnail","6":"product_cat-arvutiriistvara","7":"product_cat-riistvara","8":"product_cat-sulearvuti-riistvara","9":"product_shipping_class-low-end","10":"pa_brands-kingspec-et","12":"first","13":"instock","14":"taxable","15":"shipping-taxable","16":"purchasable","17":"product-type-variable","18":"has-default-attributes"},"acf":[],"aioseo_notices":[],"aioseo_head":"\n\t\t<!-- All in One SEO Pro 4.9.6.2 - aioseo.com -->\n\t<meta name=\"description\" content=\"Kiire NVMe kiirused \u00dchildub SteamDeck &amp; GPD WIN Max 2 seadmetega 3-aastane garantii Pakett sisaldab 1x 22*30 NVMe SSD\" \/>\n\t<meta name=\"robots\" content=\"max-image-preview:large\" \/>\n\t<link rel=\"canonical\" href=\"https:\/\/droix.eu\/et\/product\/kingspec-2230-steam-deck-nvme-storage\/\" \/>\n\t<meta name=\"generator\" content=\"All in One SEO Pro (AIOSEO) 4.9.6.2\" \/>\n\t\t<meta property=\"og:locale\" content=\"et_EE\" \/>\n\t\t<meta property=\"og:site_name\" content=\"DROIX EU - Get the latest Mini PCs, Ultrabook, PC Gaming Handhelds and more!\" \/>\n\t\t<meta property=\"og:type\" content=\"article\" \/>\n\t\t<meta property=\"og:title\" content=\"KingSpec 2230 Steam Deck NVMe Storage - DROIX EU\" \/>\n\t\t<meta property=\"og:description\" content=\"Kiire NVMe kiirused \u00dchildub SteamDeck &amp; GPD WIN Max 2 seadmetega 3-aastane garantii Pakett sisaldab 1x 22*30 NVMe SSD\" \/>\n\t\t<meta property=\"og:url\" content=\"https:\/\/droix.eu\/et\/product\/kingspec-2230-steam-deck-nvme-storage\/\" \/>\n\t\t<meta property=\"og:image\" content=\"https:\/\/droix.eu\/wp-content\/uploads\/2024\/06\/droix-v2-light-logo.png\" \/>\n\t\t<meta property=\"og:image:secure_url\" content=\"https:\/\/droix.eu\/wp-content\/uploads\/2024\/06\/droix-v2-light-logo.png\" \/>\n\t\t<meta property=\"og:image:width\" content=\"380\" \/>\n\t\t<meta property=\"og:image:height\" content=\"118\" \/>\n\t\t<meta property=\"article:published_time\" content=\"2022-12-20T15:00:27+00:00\" \/>\n\t\t<meta property=\"article:modified_time\" content=\"2025-08-01T13:51:27+00:00\" \/>\n\t\t<meta property=\"article:publisher\" content=\"https:\/\/www.facebook.com\/DroiX.Store\" \/>\n\t\t<meta name=\"twitter:card\" content=\"summary_large_image\" \/>\n\t\t<meta name=\"twitter:site\" content=\"@DroiX_Store\" \/>\n\t\t<meta name=\"twitter:title\" content=\"KingSpec 2230 Steam Deck NVMe Storage - DROIX EU\" \/>\n\t\t<meta name=\"twitter:description\" content=\"Kiire NVMe kiirused \u00dchildub SteamDeck &amp; GPD WIN Max 2 seadmetega 3-aastane garantii Pakett sisaldab 1x 22*30 NVMe SSD\" \/>\n\t\t<meta name=\"twitter:image\" content=\"https:\/\/droix.eu\/wp-content\/uploads\/2024\/06\/droix-v2-light-logo.png\" \/>\n\t\t<script type=\"application\/ld+json\" class=\"aioseo-schema\">\n\t\t\t{\"@context\":\"https:\\\/\\\/schema.org\",\"@graph\":[{\"@type\":\"BreadcrumbList\",\"@id\":\"https:\\\/\\\/droix.eu\\\/et\\\/product\\\/kingspec-2230-steam-deck-nvme-storage\\\/#breadcrumblist\",\"itemListElement\":[{\"@type\":\"ListItem\",\"@id\":\"https:\\\/\\\/droix.eu\\\/et\\\/#listItem\",\"position\":1,\"name\":\"Home\",\"item\":\"https:\\\/\\\/droix.eu\\\/et\\\/\",\"nextItem\":{\"@type\":\"ListItem\",\"@id\":\"https:\\\/\\\/droix.eu\\\/et\\\/product-category\\\/riistvara\\\/#listItem\",\"name\":\"Riistvara\"}},{\"@type\":\"ListItem\",\"@id\":\"https:\\\/\\\/droix.eu\\\/et\\\/product-category\\\/riistvara\\\/#listItem\",\"position\":2,\"name\":\"Riistvara\",\"item\":\"https:\\\/\\\/droix.eu\\\/et\\\/product-category\\\/riistvara\\\/\",\"nextItem\":{\"@type\":\"ListItem\",\"@id\":\"https:\\\/\\\/droix.eu\\\/et\\\/product-category\\\/riistvara\\\/arvutiriistvara\\\/#listItem\",\"name\":\"Arvutiriistvara\"},\"previousItem\":{\"@type\":\"ListItem\",\"@id\":\"https:\\\/\\\/droix.eu\\\/et\\\/#listItem\",\"name\":\"Home\"}},{\"@type\":\"ListItem\",\"@id\":\"https:\\\/\\\/droix.eu\\\/et\\\/product-category\\\/riistvara\\\/arvutiriistvara\\\/#listItem\",\"position\":3,\"name\":\"Arvutiriistvara\",\"item\":\"https:\\\/\\\/droix.eu\\\/et\\\/product-category\\\/riistvara\\\/arvutiriistvara\\\/\",\"nextItem\":{\"@type\":\"ListItem\",\"@id\":\"https:\\\/\\\/droix.eu\\\/et\\\/product\\\/kingspec-2230-steam-deck-nvme-storage\\\/#listItem\",\"name\":\"KingSpec 2230 Steam Deck NVMe Storage\"},\"previousItem\":{\"@type\":\"ListItem\",\"@id\":\"https:\\\/\\\/droix.eu\\\/et\\\/product-category\\\/riistvara\\\/#listItem\",\"name\":\"Riistvara\"}},{\"@type\":\"ListItem\",\"@id\":\"https:\\\/\\\/droix.eu\\\/et\\\/product\\\/kingspec-2230-steam-deck-nvme-storage\\\/#listItem\",\"position\":4,\"name\":\"KingSpec 2230 Steam Deck NVMe Storage\",\"previousItem\":{\"@type\":\"ListItem\",\"@id\":\"https:\\\/\\\/droix.eu\\\/et\\\/product-category\\\/riistvara\\\/arvutiriistvara\\\/#listItem\",\"name\":\"Arvutiriistvara\"}}]},{\"@type\":\"Organization\",\"@id\":\"https:\\\/\\\/droix.eu\\\/et\\\/#organization\",\"name\":\"DroiX \\u2013 Trusted EU Tech Retailer with 12+ Years Experience\",\"description\":\"DroiX is a leading European technology retailer with over 12 years of experience, offering quality mini PCs, handheld gaming consoles, and tech accessories. We provide hassle-free EU delivery with all taxes included, ensuring a smooth and reliable shopping experience for our customers across Europe.\",\"url\":\"https:\\\/\\\/droix.eu\\\/et\\\/\",\"logo\":{\"@type\":\"ImageObject\",\"url\":\"https:\\\/\\\/droix.eu\\\/wp-content\\\/uploads\\\/2024\\\/06\\\/droix-v2-light-logo.png\",\"@id\":\"https:\\\/\\\/droix.eu\\\/et\\\/product\\\/kingspec-2230-steam-deck-nvme-storage\\\/#organizationLogo\",\"width\":380,\"height\":118},\"image\":{\"@id\":\"https:\\\/\\\/droix.eu\\\/et\\\/product\\\/kingspec-2230-steam-deck-nvme-storage\\\/#organizationLogo\"},\"sameAs\":[\"https:\\\/\\\/www.facebook.com\\\/DroiX.Store\",\"https:\\\/\\\/twitter.com\\\/DroiX_Store\",\"https:\\\/\\\/www.instagram.com\\\/droix.store\\\/\",\"https:\\\/\\\/www.tiktok.com\\\/@droix.store\",\"https:\\\/\\\/www.youtube.com\\\/c\\\/DroiX_Store\",\"https:\\\/\\\/uk.linkedin.com\\\/company\\\/droix\"]},{\"@type\":\"ProductGroup\",\"@id\":\"https:\\\/\\\/droix.eu\\\/et\\\/product\\\/kingspec-2230-steam-deck-nvme-storage\\\/#wooCommerceProduct\",\"name\":\"KingSpec 2230 Steam Deck NVMe Storage\",\"description\":\"Kiire NVMe kiirused\\n \\t\\u00dchildub SteamDeck &amp; GPD WIN Max 2 seadmetega  \\n \\t3-aastane garantii\",\"url\":\"https:\\\/\\\/droix.eu\\\/et\\\/product\\\/kingspec-2230-steam-deck-nvme-storage\\\/\",\"image\":{\"@type\":\"ImageObject\",\"url\":\"https:\\\/\\\/droix.eu\\\/wp-content\\\/uploads\\\/2022\\\/12\\\/22_30NVME-LISTING-PICTURE-1TB-1.png\",\"@id\":\"https:\\\/\\\/droix.eu\\\/et\\\/product\\\/kingspec-2230-steam-deck-nvme-storage\\\/#productImage\",\"width\":1500,\"height\":1500,\"caption\":\"KingSpec 1TB NVME 2230 Storage\"},\"productGroupID\":513544,\"hasVariant\":[{\"@type\":\"Product\",\"@id\":\"https:\\\/\\\/droix.eu\\\/et\\\/product\\\/kingspec-2230-steam-deck-nvme-storage\\\/#wooCommerceProduct\",\"name\":\"KingSpec 2230 Steam Deck NVMe Storage - 512gb\",\"description\":\"Kiire NVMe kiirused\\n \\t\\u00dchildub SteamDeck &amp; GPD WIN Max 2 seadmetega  \\n \\t3-aastane garantii\",\"url\":\"https:\\\/\\\/droix.eu\\\/et\\\/product\\\/kingspec-2230-steam-deck-nvme-storage\\\/\",\"sku\":\"KINGSPEC-NVME-2230-512GB\",\"image\":{\"@type\":\"ImageObject\",\"url\":\"https:\\\/\\\/droix.eu\\\/wp-content\\\/uploads\\\/2022\\\/12\\\/22_30NVME-LISTING-PICTURE-512GB-1.png\",\"@id\":\"https:\\\/\\\/droix.eu\\\/et\\\/product\\\/kingspec-2230-steam-deck-nvme-storage\\\/#productImage\",\"width\":1500,\"height\":1500,\"caption\":\"KingSpec 512GB NVME 2230 salvestusruumi\"},\"offers\":{\"@type\":\"Offer\",\"url\":\"https:\\\/\\\/droix.eu\\\/et\\\/product\\\/kingspec-2230-steam-deck-nvme-storage\\\/#wooCommerceOffer\",\"price\":\"59.95\",\"priceCurrency\":\"EUR\",\"category\":\"Arvutiriistvara\",\"availability\":\"https:\\\/\\\/schema.org\\\/OutOfStock\",\"priceSpecification\":{\"@type\":\"PriceSpecification\",\"price\":59.95,\"priceCurrency\":\"EUR\",\"valueAddedTaxIncluded\":\"true\"}}}]},{\"@type\":\"WebPage\",\"@id\":\"https:\\\/\\\/droix.eu\\\/et\\\/product\\\/kingspec-2230-steam-deck-nvme-storage\\\/#webpage\",\"url\":\"https:\\\/\\\/droix.eu\\\/et\\\/product\\\/kingspec-2230-steam-deck-nvme-storage\\\/\",\"name\":\"KingSpec 2230 Steam Deck NVMe Storage - DROIX EU\",\"description\":\"Kiire NVMe kiirused \\u00dchildub SteamDeck & GPD WIN Max 2 seadmetega 3-aastane garantii Pakett sisaldab 1x 22*30 NVMe SSD\",\"inLanguage\":\"et\",\"isPartOf\":{\"@id\":\"https:\\\/\\\/droix.eu\\\/et\\\/#website\"},\"breadcrumb\":{\"@id\":\"https:\\\/\\\/droix.eu\\\/et\\\/product\\\/kingspec-2230-steam-deck-nvme-storage\\\/#breadcrumblist\"},\"image\":{\"@type\":\"ImageObject\",\"url\":\"https:\\\/\\\/droix.eu\\\/wp-content\\\/uploads\\\/2022\\\/12\\\/22_30NVME-LISTING-PICTURE-1TB-1.png\",\"@id\":\"https:\\\/\\\/droix.eu\\\/et\\\/product\\\/kingspec-2230-steam-deck-nvme-storage\\\/#mainImage\",\"width\":1500,\"height\":1500,\"caption\":\"KingSpec 1TB NVME 2230 Storage\"},\"primaryImageOfPage\":{\"@id\":\"https:\\\/\\\/droix.eu\\\/et\\\/product\\\/kingspec-2230-steam-deck-nvme-storage\\\/#mainImage\"},\"datePublished\":\"2022-12-20T15:00:27+00:00\",\"dateModified\":\"2025-08-01T14:51:27+01:00\"},{\"@type\":\"WebSite\",\"@id\":\"https:\\\/\\\/droix.eu\\\/et\\\/#website\",\"url\":\"https:\\\/\\\/droix.eu\\\/et\\\/\",\"name\":\"DROIX EU\",\"description\":\"Get the latest Mini PCs, Ultrabook, PC Gaming Handhelds and more!\",\"inLanguage\":\"et\",\"publisher\":{\"@id\":\"https:\\\/\\\/droix.eu\\\/et\\\/#organization\"}}]}\n\t\t<\/script>\n\t\t<!-- All in One SEO Pro -->\r\n\t\t<title>KingSpec 2230 Steam Deck NVMe Storage - DROIX EU<\/title>\n\n","aioseo_head_json":{"title":"KingSpec 2230 Steam Deck NVMe Storage - DROIX EU","description":"Kiire NVMe kiirused \u00dchildub SteamDeck & GPD WIN Max 2 seadmetega 3-aastane garantii Pakett sisaldab 1x 22*30 NVMe SSD","canonical_url":"https:\/\/droix.eu\/et\/product\/kingspec-2230-steam-deck-nvme-storage\/","robots":"max-image-preview:large","keywords":"","webmasterTools":{"miscellaneous":""},"schema":{"@context":"https:\/\/schema.org","@graph":[{"@type":"BreadcrumbList","@id":"https:\/\/droix.eu\/et\/product\/kingspec-2230-steam-deck-nvme-storage\/#breadcrumblist","itemListElement":[{"@type":"ListItem","@id":"https:\/\/droix.eu\/et\/#listItem","position":1,"name":"Home","item":"https:\/\/droix.eu\/et\/","nextItem":{"@type":"ListItem","@id":"https:\/\/droix.eu\/et\/product-category\/riistvara\/#listItem","name":"Riistvara"}},{"@type":"ListItem","@id":"https:\/\/droix.eu\/et\/product-category\/riistvara\/#listItem","position":2,"name":"Riistvara","item":"https:\/\/droix.eu\/et\/product-category\/riistvara\/","nextItem":{"@type":"ListItem","@id":"https:\/\/droix.eu\/et\/product-category\/riistvara\/arvutiriistvara\/#listItem","name":"Arvutiriistvara"},"previousItem":{"@type":"ListItem","@id":"https:\/\/droix.eu\/et\/#listItem","name":"Home"}},{"@type":"ListItem","@id":"https:\/\/droix.eu\/et\/product-category\/riistvara\/arvutiriistvara\/#listItem","position":3,"name":"Arvutiriistvara","item":"https:\/\/droix.eu\/et\/product-category\/riistvara\/arvutiriistvara\/","nextItem":{"@type":"ListItem","@id":"https:\/\/droix.eu\/et\/product\/kingspec-2230-steam-deck-nvme-storage\/#listItem","name":"KingSpec 2230 Steam Deck NVMe Storage"},"previousItem":{"@type":"ListItem","@id":"https:\/\/droix.eu\/et\/product-category\/riistvara\/#listItem","name":"Riistvara"}},{"@type":"ListItem","@id":"https:\/\/droix.eu\/et\/product\/kingspec-2230-steam-deck-nvme-storage\/#listItem","position":4,"name":"KingSpec 2230 Steam Deck NVMe Storage","previousItem":{"@type":"ListItem","@id":"https:\/\/droix.eu\/et\/product-category\/riistvara\/arvutiriistvara\/#listItem","name":"Arvutiriistvara"}}]},{"@type":"Organization","@id":"https:\/\/droix.eu\/et\/#organization","name":"DroiX \u2013 Trusted EU Tech Retailer with 12+ Years Experience","description":"DroiX is a leading European technology retailer with over 12 years of experience, offering quality mini PCs, handheld gaming consoles, and tech accessories. We provide hassle-free EU delivery with all taxes included, ensuring a smooth and reliable shopping experience for our customers across Europe.","url":"https:\/\/droix.eu\/et\/","logo":{"@type":"ImageObject","url":"https:\/\/droix.eu\/wp-content\/uploads\/2024\/06\/droix-v2-light-logo.png","@id":"https:\/\/droix.eu\/et\/product\/kingspec-2230-steam-deck-nvme-storage\/#organizationLogo","width":380,"height":118},"image":{"@id":"https:\/\/droix.eu\/et\/product\/kingspec-2230-steam-deck-nvme-storage\/#organizationLogo"},"sameAs":["https:\/\/www.facebook.com\/DroiX.Store","https:\/\/twitter.com\/DroiX_Store","https:\/\/www.instagram.com\/droix.store\/","https:\/\/www.tiktok.com\/@droix.store","https:\/\/www.youtube.com\/c\/DroiX_Store","https:\/\/uk.linkedin.com\/company\/droix"]},{"@type":"ProductGroup","@id":"https:\/\/droix.eu\/et\/product\/kingspec-2230-steam-deck-nvme-storage\/#wooCommerceProduct","name":"KingSpec 2230 Steam Deck NVMe Storage","description":"Kiire NVMe kiirused\n \t\u00dchildub SteamDeck &amp; GPD WIN Max 2 seadmetega  \n \t3-aastane garantii","url":"https:\/\/droix.eu\/et\/product\/kingspec-2230-steam-deck-nvme-storage\/","image":{"@type":"ImageObject","url":"https:\/\/droix.eu\/wp-content\/uploads\/2022\/12\/22_30NVME-LISTING-PICTURE-1TB-1.png","@id":"https:\/\/droix.eu\/et\/product\/kingspec-2230-steam-deck-nvme-storage\/#productImage","width":1500,"height":1500,"caption":"KingSpec 1TB NVME 2230 Storage"},"productGroupID":513544,"hasVariant":[{"@type":"Product","@id":"https:\/\/droix.eu\/et\/product\/kingspec-2230-steam-deck-nvme-storage\/#wooCommerceProduct","name":"KingSpec 2230 Steam Deck NVMe Storage - 512gb","description":"Kiire NVMe kiirused\n \t\u00dchildub SteamDeck &amp; GPD WIN Max 2 seadmetega  \n \t3-aastane garantii","url":"https:\/\/droix.eu\/et\/product\/kingspec-2230-steam-deck-nvme-storage\/","sku":"KINGSPEC-NVME-2230-512GB","image":{"@type":"ImageObject","url":"https:\/\/droix.eu\/wp-content\/uploads\/2022\/12\/22_30NVME-LISTING-PICTURE-512GB-1.png","@id":"https:\/\/droix.eu\/et\/product\/kingspec-2230-steam-deck-nvme-storage\/#productImage","width":1500,"height":1500,"caption":"KingSpec 512GB NVME 2230 salvestusruumi"},"offers":{"@type":"Offer","url":"https:\/\/droix.eu\/et\/product\/kingspec-2230-steam-deck-nvme-storage\/#wooCommerceOffer","price":"59.95","priceCurrency":"EUR","category":"Arvutiriistvara","availability":"https:\/\/schema.org\/OutOfStock","priceSpecification":{"@type":"PriceSpecification","price":59.95,"priceCurrency":"EUR","valueAddedTaxIncluded":"true"}}}]},{"@type":"WebPage","@id":"https:\/\/droix.eu\/et\/product\/kingspec-2230-steam-deck-nvme-storage\/#webpage","url":"https:\/\/droix.eu\/et\/product\/kingspec-2230-steam-deck-nvme-storage\/","name":"KingSpec 2230 Steam Deck NVMe Storage - DROIX EU","description":"Kiire NVMe kiirused \u00dchildub SteamDeck & GPD WIN Max 2 seadmetega 3-aastane garantii Pakett sisaldab 1x 22*30 NVMe SSD","inLanguage":"et","isPartOf":{"@id":"https:\/\/droix.eu\/et\/#website"},"breadcrumb":{"@id":"https:\/\/droix.eu\/et\/product\/kingspec-2230-steam-deck-nvme-storage\/#breadcrumblist"},"image":{"@type":"ImageObject","url":"https:\/\/droix.eu\/wp-content\/uploads\/2022\/12\/22_30NVME-LISTING-PICTURE-1TB-1.png","@id":"https:\/\/droix.eu\/et\/product\/kingspec-2230-steam-deck-nvme-storage\/#mainImage","width":1500,"height":1500,"caption":"KingSpec 1TB NVME 2230 Storage"},"primaryImageOfPage":{"@id":"https:\/\/droix.eu\/et\/product\/kingspec-2230-steam-deck-nvme-storage\/#mainImage"},"datePublished":"2022-12-20T15:00:27+00:00","dateModified":"2025-08-01T14:51:27+01:00"},{"@type":"WebSite","@id":"https:\/\/droix.eu\/et\/#website","url":"https:\/\/droix.eu\/et\/","name":"DROIX EU","description":"Get the latest Mini PCs, Ultrabook, PC Gaming Handhelds and more!","inLanguage":"et","publisher":{"@id":"https:\/\/droix.eu\/et\/#organization"}}]},"og:locale":"et_EE","og:site_name":"DROIX EU - Get the latest Mini PCs, Ultrabook, PC Gaming Handhelds and more!","og:type":"article","og:title":"KingSpec 2230 Steam Deck NVMe Storage - DROIX EU","og:description":"Kiire NVMe kiirused \u00dchildub SteamDeck &amp; GPD WIN Max 2 seadmetega 3-aastane garantii Pakett sisaldab 1x 22*30 NVMe SSD","og:url":"https:\/\/droix.eu\/et\/product\/kingspec-2230-steam-deck-nvme-storage\/","og:image":"https:\/\/droix.eu\/wp-content\/uploads\/2024\/06\/droix-v2-light-logo.png","og:image:secure_url":"https:\/\/droix.eu\/wp-content\/uploads\/2024\/06\/droix-v2-light-logo.png","og:image:width":380,"og:image:height":118,"article:published_time":"2022-12-20T15:00:27+00:00","article:modified_time":"2025-08-01T13:51:27+00:00","article:publisher":"https:\/\/www.facebook.com\/DroiX.Store","twitter:card":"summary_large_image","twitter:site":"@DroiX_Store","twitter:title":"KingSpec 2230 Steam Deck NVMe Storage - DROIX EU","twitter:description":"Kiire NVMe kiirused \u00dchildub SteamDeck &amp; GPD WIN Max 2 seadmetega 3-aastane garantii Pakett sisaldab 1x 22*30 NVMe SSD","twitter:image":"https:\/\/droix.eu\/wp-content\/uploads\/2024\/06\/droix-v2-light-logo.png"},"aioseo_meta_data":{"post_id":"513544","title":null,"description":null,"keywords":null,"keyphrases":null,"primary_term":null,"canonical_url":null,"og_title":null,"og_description":null,"og_object_type":"default","og_image_type":"default","og_image_url":null,"og_image_width":null,"og_image_height":null,"og_image_custom_url":null,"og_image_custom_fields":null,"og_video":null,"og_custom_url":null,"og_article_section":null,"og_article_tags":null,"twitter_use_og":true,"twitter_card":"default","twitter_image_type":"default","twitter_image_url":null,"twitter_image_custom_url":null,"twitter_image_custom_fields":null,"twitter_title":null,"twitter_description":null,"schema":{"blockGraphs":[],"customGraphs":[],"default":{"data":{"Article":[],"Course":[],"Dataset":[],"FAQPage":[],"Movie":[],"Person":[],"Product":[],"ProductReview":[],"Car":[],"Recipe":[],"Service":[],"SoftwareApplication":[],"WebPage":[]},"graphName":"","isEnabled":true},"graphs":[]},"schema_type":"default","schema_type_options":null,"pillar_content":false,"robots_default":true,"robots_noindex":false,"robots_noarchive":false,"robots_nosnippet":false,"robots_nofollow":false,"robots_noimageindex":false,"robots_noodp":false,"robots_notranslate":false,"robots_max_snippet":null,"robots_max_videopreview":null,"robots_max_imagepreview":"large","priority":null,"frequency":null,"local_seo":null,"seo_analyzer_scan_date":"2025-10-24 11:59:06","breadcrumb_settings":null,"limit_modified_date":false,"reviewed_by":null,"open_ai":null,"ai":null,"created":"2025-10-09 04:04:14","updated":"2025-11-27 02:11:24"},"aioseo_breadcrumb":"<div class=\"aioseo-breadcrumbs\"><span class=\"aioseo-breadcrumb\">\n\t<a href=\"https:\/\/droix.eu\/et\/\" title=\"Home\">Home<\/a>\n<\/span><span class=\"aioseo-breadcrumb-separator\">&raquo;<\/span><span class=\"aioseo-breadcrumb\">\n\t<a href=\"https:\/\/droix.eu\/et\/product-category\/riistvara\/\" title=\"Riistvara\">Riistvara<\/a>\n<\/span><span class=\"aioseo-breadcrumb-separator\">&raquo;<\/span><span class=\"aioseo-breadcrumb\">\n\t<a href=\"https:\/\/droix.eu\/et\/product-category\/riistvara\/arvutiriistvara\/\" title=\"Arvutiriistvara\">Arvutiriistvara<\/a>\n<\/span><span class=\"aioseo-breadcrumb-separator\">&raquo;<\/span><span class=\"aioseo-breadcrumb\">\n\tKingSpec 2230 Steam Deck NVMe Storage\n<\/span><\/div>","aioseo_breadcrumb_json":[{"label":"Home","link":"https:\/\/droix.eu\/et\/"},{"label":"Riistvara","link":"https:\/\/droix.eu\/et\/product-category\/riistvara\/"},{"label":"Arvutiriistvara","link":"https:\/\/droix.eu\/et\/product-category\/riistvara\/arvutiriistvara\/"},{"label":"KingSpec 2230 Steam Deck NVMe Storage","link":"https:\/\/droix.eu\/et\/product\/kingspec-2230-steam-deck-nvme-storage\/"}],"_links":{"self":[{"href":"https:\/\/droix.eu\/et\/wp-json\/wp\/v2\/product\/513544","targetHints":{"allow":["GET"]}}],"collection":[{"href":"https:\/\/droix.eu\/et\/wp-json\/wp\/v2\/product"}],"about":[{"href":"https:\/\/droix.eu\/et\/wp-json\/wp\/v2\/types\/product"}],"version-history":[{"count":0,"href":"https:\/\/droix.eu\/et\/wp-json\/wp\/v2\/product\/513544\/revisions"}],"wp:featuredmedia":[{"embeddable":true,"href":"https:\/\/droix.eu\/et\/wp-json\/wp\/v2\/media\/342436"}],"wp:attachment":[{"href":"https:\/\/droix.eu\/et\/wp-json\/wp\/v2\/media?parent=513544"}],"wp:term":[{"taxonomy":"product_brand","embeddable":true,"href":"https:\/\/droix.eu\/et\/wp-json\/wp\/v2\/product_brand?post=513544"},{"taxonomy":"product_cat","embeddable":true,"href":"https:\/\/droix.eu\/et\/wp-json\/wp\/v2\/product_cat?post=513544"},{"taxonomy":"product_tag","embeddable":true,"href":"https:\/\/droix.eu\/et\/wp-json\/wp\/v2\/product_tag?post=513544"},{"taxonomy":"woo-feed-brand","embeddable":true,"href":"https:\/\/droix.eu\/et\/wp-json\/wp\/v2\/woo-feed-brand?post=513544"},{"taxonomy":"key-features","embeddable":true,"href":"https:\/\/droix.eu\/et\/wp-json\/wp\/v2\/key-features?post=513544"}],"curies":[{"name":"wp","href":"https:\/\/api.w.org\/{rel}","templated":true}]}}