{"id":511873,"date":"2023-05-25T09:22:48","date_gmt":"2023-05-25T09:22:48","guid":{"rendered":"https:\/\/droix.eu\/product\/gpd-win-4-hardshell-case\/"},"modified":"2026-01-20T05:49:10","modified_gmt":"2026-01-20T05:49:10","slug":"gpd-win-4-hardshell-case","status":"publish","type":"product","link":"https:\/\/droix.eu\/et\/product\/gpd-win-4-hardshell-case\/","title":{"rendered":"GPD WIN 4 Hardshell Case"},"content":{"rendered":"<p><strong>GPD WIN 4 on<\/strong> v\u00f5imsad pihuarvutid, mis on loodud selleks, et pakkuda kaasahaaravat m\u00e4ngukogemust liikvel olles. Et kaitsta neid esmaklassilisi seadmeid kriimustuste, p\u00f5rutuste ja muude v\u00e4liste kahjustuste eest, on olemas  <strong>k\u00f5vakesta kaitsev \u00fcmbris<\/strong>  on vajalik. GPD WIN 4 k\u00f5vakesta kaitse\u00fcmbris on vastupidav, kerge ja stiilne \u00fcmbris, mis on spetsiaalselt loodud nende m\u00e4ngukonsoolide jaoks. Korpus on valmistatud kvaliteetsetest materjalidest, nagu pol\u00fckarbonaat ja ABS-plastik, mis pakuvad suurep\u00e4rast kaitset l\u00f6\u00f6kide, kriimustuste ja muude v\u00e4liste kahjustuste eest .Korpuse sisemus on vooderdatud pehme ja sileda kangaga, mis pakub t\u00e4iendavat kaitset kriimustuste ja tolmu eest. Kaanel on ka turvaline t\u00f5mblukk, mis tagab, et pihuarvuti j\u00e4\u00e4b transpordi ajal paigale.<\/p>\n","protected":false},"excerpt":{"rendered":"<ul>\n<li><strong>Ametlik GPD<\/strong> kaitse\u00fcmbris GPD WIN 4 jaoks<\/li>\n<li><strong>Vastupidav<\/strong> v\u00e4line s\u00fcnteetilisest pol\u00fcmeerist <strong>kestev<\/strong> kestvus<\/li>\n<li>Pehme riidest vooder <strong>lisakaitseks<\/strong>.<\/li>\n<li><strong>Eraldi sektsioon<\/strong> v\u00e4lisseadmete jaoks.<\/li>\n<li>Stiilne disain turvalise t\u00f5mblukuga.<\/li>\n<\/ul>\n<p>[droix_global_accordions]<br \/>\n[cg_accordion title=\"Pakett sisaldab\"]<\/p>\n<ul>\n<li>1x GPD WIN 4 k\u00f5vakesta \u00fcmbris<\/li>\n<\/ul>\n<p>[\/cg_accordion]<\/p>\n","protected":false},"featured_media":409285,"template":"","meta":{"_acf_changed":false},"product_brand":[],"product_cat":[10583,10481],"product_tag":[],"woo-feed-brand":[2198],"key-features":[],"class_list":{"0":"post-511873","1":"product","2":"type-product","3":"status-publish","4":"has-post-thumbnail","6":"product_cat-mangude-aksessuaarid","7":"product_cat-tarvikud","8":"product_shipping_class-low-end","9":"pa_accessory-type-protective-case","10":"pa_brands-gpd-et","11":"woo-feed-brand-gpd","13":"first","14":"outofstock","15":"sale","16":"taxable","17":"shipping-taxable","18":"purchasable","19":"product-type-simple"},"acf":[],"aioseo_notices":[],"aioseo_head":"\n\t\t<!-- All in One SEO Pro 4.9.6.2 - aioseo.com -->\n\t<meta name=\"description\" content=\"Ametlik GPD kaitse\u00fcmbris GPD WIN 4 jaoks Vastupidav v\u00e4line s\u00fcnteetilisest pol\u00fcmeerist kestev kestvus Pehme riidest vooder lisakaitseks. Eraldi sektsioon v\u00e4lisseadmete jaoks. Stiilne disain turvalise t\u00f5mblukuga. Pakett sisaldab 1x GPD WIN 4 k\u00f5vakesta \u00fcmbris\" \/>\n\t<meta name=\"robots\" content=\"max-image-preview:large\" \/>\n\t<link rel=\"canonical\" href=\"https:\/\/droix.eu\/et\/product\/gpd-win-4-hardshell-case\/\" \/>\n\t<meta name=\"generator\" content=\"All in One SEO Pro (AIOSEO) 4.9.6.2\" \/>\n\t\t<meta property=\"og:locale\" content=\"et_EE\" \/>\n\t\t<meta property=\"og:site_name\" content=\"DROIX EU - Get the latest Mini PCs, Ultrabook, PC Gaming Handhelds and more!\" \/>\n\t\t<meta property=\"og:type\" content=\"article\" \/>\n\t\t<meta property=\"og:title\" content=\"GPD WIN 4 Hardshell Case - DROIX EU\" \/>\n\t\t<meta property=\"og:description\" content=\"Ametlik GPD kaitse\u00fcmbris GPD WIN 4 jaoks Vastupidav v\u00e4line s\u00fcnteetilisest pol\u00fcmeerist kestev kestvus Pehme riidest vooder lisakaitseks. Eraldi sektsioon v\u00e4lisseadmete jaoks. Stiilne disain turvalise t\u00f5mblukuga. Pakett sisaldab 1x GPD WIN 4 k\u00f5vakesta \u00fcmbris\" \/>\n\t\t<meta property=\"og:url\" content=\"https:\/\/droix.eu\/et\/product\/gpd-win-4-hardshell-case\/\" \/>\n\t\t<meta property=\"og:image\" content=\"https:\/\/droix.eu\/wp-content\/uploads\/2024\/06\/droix-v2-light-logo.png\" \/>\n\t\t<meta property=\"og:image:secure_url\" content=\"https:\/\/droix.eu\/wp-content\/uploads\/2024\/06\/droix-v2-light-logo.png\" \/>\n\t\t<meta property=\"og:image:width\" content=\"380\" \/>\n\t\t<meta property=\"og:image:height\" content=\"118\" \/>\n\t\t<meta property=\"article:published_time\" content=\"2023-05-25T09:22:48+00:00\" \/>\n\t\t<meta property=\"article:modified_time\" content=\"2026-01-20T05:49:10+00:00\" \/>\n\t\t<meta property=\"article:publisher\" content=\"https:\/\/www.facebook.com\/DroiX.Store\" \/>\n\t\t<meta name=\"twitter:card\" content=\"summary_large_image\" \/>\n\t\t<meta name=\"twitter:site\" content=\"@DroiX_Store\" \/>\n\t\t<meta name=\"twitter:title\" content=\"GPD WIN 4 Hardshell Case - DROIX EU\" \/>\n\t\t<meta name=\"twitter:description\" content=\"Ametlik GPD kaitse\u00fcmbris GPD WIN 4 jaoks Vastupidav v\u00e4line s\u00fcnteetilisest pol\u00fcmeerist kestev kestvus Pehme riidest vooder lisakaitseks. Eraldi sektsioon v\u00e4lisseadmete jaoks. Stiilne disain turvalise t\u00f5mblukuga. Pakett sisaldab 1x GPD WIN 4 k\u00f5vakesta \u00fcmbris\" \/>\n\t\t<meta name=\"twitter:image\" content=\"https:\/\/droix.eu\/wp-content\/uploads\/2024\/06\/droix-v2-light-logo.png\" \/>\n\t\t<script type=\"application\/ld+json\" class=\"aioseo-schema\">\n\t\t\t{\"@context\":\"https:\\\/\\\/schema.org\",\"@graph\":[{\"@type\":\"BreadcrumbList\",\"@id\":\"https:\\\/\\\/droix.eu\\\/et\\\/product\\\/gpd-win-4-hardshell-case\\\/#breadcrumblist\",\"itemListElement\":[{\"@type\":\"ListItem\",\"@id\":\"https:\\\/\\\/droix.eu\\\/et\\\/#listItem\",\"position\":1,\"name\":\"Home\",\"item\":\"https:\\\/\\\/droix.eu\\\/et\\\/\",\"nextItem\":{\"@type\":\"ListItem\",\"@id\":\"https:\\\/\\\/droix.eu\\\/et\\\/product-category\\\/tarvikud\\\/#listItem\",\"name\":\"Tarvikud\"}},{\"@type\":\"ListItem\",\"@id\":\"https:\\\/\\\/droix.eu\\\/et\\\/product-category\\\/tarvikud\\\/#listItem\",\"position\":2,\"name\":\"Tarvikud\",\"item\":\"https:\\\/\\\/droix.eu\\\/et\\\/product-category\\\/tarvikud\\\/\",\"nextItem\":{\"@type\":\"ListItem\",\"@id\":\"https:\\\/\\\/droix.eu\\\/et\\\/product-category\\\/tarvikud\\\/mangude-aksessuaarid\\\/#listItem\",\"name\":\"M\\u00e4ngude aksessuaarid\"},\"previousItem\":{\"@type\":\"ListItem\",\"@id\":\"https:\\\/\\\/droix.eu\\\/et\\\/#listItem\",\"name\":\"Home\"}},{\"@type\":\"ListItem\",\"@id\":\"https:\\\/\\\/droix.eu\\\/et\\\/product-category\\\/tarvikud\\\/mangude-aksessuaarid\\\/#listItem\",\"position\":3,\"name\":\"M\\u00e4ngude aksessuaarid\",\"item\":\"https:\\\/\\\/droix.eu\\\/et\\\/product-category\\\/tarvikud\\\/mangude-aksessuaarid\\\/\",\"nextItem\":{\"@type\":\"ListItem\",\"@id\":\"https:\\\/\\\/droix.eu\\\/et\\\/product\\\/gpd-win-4-hardshell-case\\\/#listItem\",\"name\":\"GPD WIN 4 Hardshell Case\"},\"previousItem\":{\"@type\":\"ListItem\",\"@id\":\"https:\\\/\\\/droix.eu\\\/et\\\/product-category\\\/tarvikud\\\/#listItem\",\"name\":\"Tarvikud\"}},{\"@type\":\"ListItem\",\"@id\":\"https:\\\/\\\/droix.eu\\\/et\\\/product\\\/gpd-win-4-hardshell-case\\\/#listItem\",\"position\":4,\"name\":\"GPD WIN 4 Hardshell Case\",\"previousItem\":{\"@type\":\"ListItem\",\"@id\":\"https:\\\/\\\/droix.eu\\\/et\\\/product-category\\\/tarvikud\\\/mangude-aksessuaarid\\\/#listItem\",\"name\":\"M\\u00e4ngude aksessuaarid\"}}]},{\"@type\":\"Organization\",\"@id\":\"https:\\\/\\\/droix.eu\\\/et\\\/#organization\",\"name\":\"DroiX \\u2013 Trusted EU Tech Retailer with 12+ Years Experience\",\"description\":\"DroiX is a leading European technology retailer with over 12 years of experience, offering quality mini PCs, handheld gaming consoles, and tech accessories. We provide hassle-free EU delivery with all taxes included, ensuring a smooth and reliable shopping experience for our customers across Europe.\",\"url\":\"https:\\\/\\\/droix.eu\\\/et\\\/\",\"logo\":{\"@type\":\"ImageObject\",\"url\":\"https:\\\/\\\/droix.eu\\\/wp-content\\\/uploads\\\/2024\\\/06\\\/droix-v2-light-logo.png\",\"@id\":\"https:\\\/\\\/droix.eu\\\/et\\\/product\\\/gpd-win-4-hardshell-case\\\/#organizationLogo\",\"width\":380,\"height\":118},\"image\":{\"@id\":\"https:\\\/\\\/droix.eu\\\/et\\\/product\\\/gpd-win-4-hardshell-case\\\/#organizationLogo\"},\"sameAs\":[\"https:\\\/\\\/www.facebook.com\\\/DroiX.Store\",\"https:\\\/\\\/twitter.com\\\/DroiX_Store\",\"https:\\\/\\\/www.instagram.com\\\/droix.store\\\/\",\"https:\\\/\\\/www.tiktok.com\\\/@droix.store\",\"https:\\\/\\\/www.youtube.com\\\/c\\\/DroiX_Store\",\"https:\\\/\\\/uk.linkedin.com\\\/company\\\/droix\"]},{\"@type\":\"Product\",\"@id\":\"https:\\\/\\\/droix.eu\\\/et\\\/product\\\/gpd-win-4-hardshell-case\\\/#wooCommerceProduct\",\"name\":\"GPD WIN 4 Hardshell Case\",\"description\":\"Ametlik GPD kaitse\\u00fcmbris GPD WIN 4 jaoks\\n \\tVastupidav v\\u00e4line s\\u00fcnteetilisest pol\\u00fcmeerist kestev kestvus\\n \\tPehme riidest vooder lisakaitseks.\\n \\tEraldi sektsioon v\\u00e4lisseadmete jaoks.\\n \\tStiilne disain turvalise t\\u00f5mblukuga.\",\"url\":\"https:\\\/\\\/droix.eu\\\/et\\\/product\\\/gpd-win-4-hardshell-case\\\/\",\"sku\":\"GPD-WIN_4-CASE\",\"gtin\":\"5060763675322\",\"image\":{\"@type\":\"ImageObject\",\"url\":\"https:\\\/\\\/droix.eu\\\/wp-content\\\/uploads\\\/2023\\\/05\\\/51y5P54tgzLready-gpd-4.png\",\"@id\":\"https:\\\/\\\/droix.eu\\\/et\\\/product\\\/gpd-win-4-hardshell-case\\\/#productImage\",\"width\":1000,\"height\":1000},\"offers\":{\"@type\":\"Offer\",\"url\":\"https:\\\/\\\/droix.eu\\\/et\\\/product\\\/gpd-win-4-hardshell-case\\\/#wooCommerceOffer\",\"price\":27,\"priceCurrency\":\"EUR\",\"category\":\"M\\u00e4ngude aksessuaarid\",\"availability\":\"https:\\\/\\\/schema.org\\\/OutOfStock\",\"priceSpecification\":{\"@type\":\"PriceSpecification\",\"price\":27,\"priceCurrency\":\"EUR\",\"valueAddedTaxIncluded\":\"true\"},\"seller\":{\"@type\":\"Organization\",\"@id\":\"https:\\\/\\\/droix.eu\\\/et\\\/#organization\"}}},{\"@type\":\"WebPage\",\"@id\":\"https:\\\/\\\/droix.eu\\\/et\\\/product\\\/gpd-win-4-hardshell-case\\\/#webpage\",\"url\":\"https:\\\/\\\/droix.eu\\\/et\\\/product\\\/gpd-win-4-hardshell-case\\\/\",\"name\":\"GPD WIN 4 Hardshell Case - DROIX EU\",\"description\":\"Ametlik GPD kaitse\\u00fcmbris GPD WIN 4 jaoks Vastupidav v\\u00e4line s\\u00fcnteetilisest pol\\u00fcmeerist kestev kestvus Pehme riidest vooder lisakaitseks. Eraldi sektsioon v\\u00e4lisseadmete jaoks. Stiilne disain turvalise t\\u00f5mblukuga. Pakett sisaldab 1x GPD WIN 4 k\\u00f5vakesta \\u00fcmbris\",\"inLanguage\":\"et\",\"isPartOf\":{\"@id\":\"https:\\\/\\\/droix.eu\\\/et\\\/#website\"},\"breadcrumb\":{\"@id\":\"https:\\\/\\\/droix.eu\\\/et\\\/product\\\/gpd-win-4-hardshell-case\\\/#breadcrumblist\"},\"image\":{\"@type\":\"ImageObject\",\"url\":\"https:\\\/\\\/droix.eu\\\/wp-content\\\/uploads\\\/2023\\\/05\\\/51y5P54tgzLready-gpd-4.png\",\"@id\":\"https:\\\/\\\/droix.eu\\\/et\\\/product\\\/gpd-win-4-hardshell-case\\\/#mainImage\",\"width\":1000,\"height\":1000},\"primaryImageOfPage\":{\"@id\":\"https:\\\/\\\/droix.eu\\\/et\\\/product\\\/gpd-win-4-hardshell-case\\\/#mainImage\"},\"datePublished\":\"2023-05-25T09:22:48+01:00\",\"dateModified\":\"2026-01-20T05:49:10+00:00\"},{\"@type\":\"WebSite\",\"@id\":\"https:\\\/\\\/droix.eu\\\/et\\\/#website\",\"url\":\"https:\\\/\\\/droix.eu\\\/et\\\/\",\"name\":\"DROIX EU\",\"description\":\"Get the latest Mini PCs, Ultrabook, PC Gaming Handhelds and more!\",\"inLanguage\":\"et\",\"publisher\":{\"@id\":\"https:\\\/\\\/droix.eu\\\/et\\\/#organization\"}}]}\n\t\t<\/script>\n\t\t<!-- All in One SEO Pro -->\r\n\t\t<title>GPD WIN 4 Hardshell Case - DROIX EU<\/title>\n\n","aioseo_head_json":{"title":"GPD WIN 4 Hardshell Case - DROIX EU","description":"Ametlik GPD kaitse\u00fcmbris GPD WIN 4 jaoks Vastupidav v\u00e4line s\u00fcnteetilisest pol\u00fcmeerist kestev kestvus Pehme riidest vooder lisakaitseks. Eraldi sektsioon v\u00e4lisseadmete jaoks. Stiilne disain turvalise t\u00f5mblukuga. Pakett sisaldab 1x GPD WIN 4 k\u00f5vakesta \u00fcmbris","canonical_url":"https:\/\/droix.eu\/et\/product\/gpd-win-4-hardshell-case\/","robots":"max-image-preview:large","keywords":"","webmasterTools":{"miscellaneous":""},"schema":{"@context":"https:\/\/schema.org","@graph":[{"@type":"BreadcrumbList","@id":"https:\/\/droix.eu\/et\/product\/gpd-win-4-hardshell-case\/#breadcrumblist","itemListElement":[{"@type":"ListItem","@id":"https:\/\/droix.eu\/et\/#listItem","position":1,"name":"Home","item":"https:\/\/droix.eu\/et\/","nextItem":{"@type":"ListItem","@id":"https:\/\/droix.eu\/et\/product-category\/tarvikud\/#listItem","name":"Tarvikud"}},{"@type":"ListItem","@id":"https:\/\/droix.eu\/et\/product-category\/tarvikud\/#listItem","position":2,"name":"Tarvikud","item":"https:\/\/droix.eu\/et\/product-category\/tarvikud\/","nextItem":{"@type":"ListItem","@id":"https:\/\/droix.eu\/et\/product-category\/tarvikud\/mangude-aksessuaarid\/#listItem","name":"M\u00e4ngude aksessuaarid"},"previousItem":{"@type":"ListItem","@id":"https:\/\/droix.eu\/et\/#listItem","name":"Home"}},{"@type":"ListItem","@id":"https:\/\/droix.eu\/et\/product-category\/tarvikud\/mangude-aksessuaarid\/#listItem","position":3,"name":"M\u00e4ngude aksessuaarid","item":"https:\/\/droix.eu\/et\/product-category\/tarvikud\/mangude-aksessuaarid\/","nextItem":{"@type":"ListItem","@id":"https:\/\/droix.eu\/et\/product\/gpd-win-4-hardshell-case\/#listItem","name":"GPD WIN 4 Hardshell Case"},"previousItem":{"@type":"ListItem","@id":"https:\/\/droix.eu\/et\/product-category\/tarvikud\/#listItem","name":"Tarvikud"}},{"@type":"ListItem","@id":"https:\/\/droix.eu\/et\/product\/gpd-win-4-hardshell-case\/#listItem","position":4,"name":"GPD WIN 4 Hardshell Case","previousItem":{"@type":"ListItem","@id":"https:\/\/droix.eu\/et\/product-category\/tarvikud\/mangude-aksessuaarid\/#listItem","name":"M\u00e4ngude aksessuaarid"}}]},{"@type":"Organization","@id":"https:\/\/droix.eu\/et\/#organization","name":"DroiX \u2013 Trusted EU Tech Retailer with 12+ Years Experience","description":"DroiX is a leading European technology retailer with over 12 years of experience, offering quality mini PCs, handheld gaming consoles, and tech accessories. We provide hassle-free EU delivery with all taxes included, ensuring a smooth and reliable shopping experience for our customers across Europe.","url":"https:\/\/droix.eu\/et\/","logo":{"@type":"ImageObject","url":"https:\/\/droix.eu\/wp-content\/uploads\/2024\/06\/droix-v2-light-logo.png","@id":"https:\/\/droix.eu\/et\/product\/gpd-win-4-hardshell-case\/#organizationLogo","width":380,"height":118},"image":{"@id":"https:\/\/droix.eu\/et\/product\/gpd-win-4-hardshell-case\/#organizationLogo"},"sameAs":["https:\/\/www.facebook.com\/DroiX.Store","https:\/\/twitter.com\/DroiX_Store","https:\/\/www.instagram.com\/droix.store\/","https:\/\/www.tiktok.com\/@droix.store","https:\/\/www.youtube.com\/c\/DroiX_Store","https:\/\/uk.linkedin.com\/company\/droix"]},{"@type":"Product","@id":"https:\/\/droix.eu\/et\/product\/gpd-win-4-hardshell-case\/#wooCommerceProduct","name":"GPD WIN 4 Hardshell Case","description":"Ametlik GPD kaitse\u00fcmbris GPD WIN 4 jaoks\n \tVastupidav v\u00e4line s\u00fcnteetilisest pol\u00fcmeerist kestev kestvus\n \tPehme riidest vooder lisakaitseks.\n \tEraldi sektsioon v\u00e4lisseadmete jaoks.\n \tStiilne disain turvalise t\u00f5mblukuga.","url":"https:\/\/droix.eu\/et\/product\/gpd-win-4-hardshell-case\/","sku":"GPD-WIN_4-CASE","gtin":"5060763675322","image":{"@type":"ImageObject","url":"https:\/\/droix.eu\/wp-content\/uploads\/2023\/05\/51y5P54tgzLready-gpd-4.png","@id":"https:\/\/droix.eu\/et\/product\/gpd-win-4-hardshell-case\/#productImage","width":1000,"height":1000},"offers":{"@type":"Offer","url":"https:\/\/droix.eu\/et\/product\/gpd-win-4-hardshell-case\/#wooCommerceOffer","price":27,"priceCurrency":"EUR","category":"M\u00e4ngude aksessuaarid","availability":"https:\/\/schema.org\/OutOfStock","priceSpecification":{"@type":"PriceSpecification","price":27,"priceCurrency":"EUR","valueAddedTaxIncluded":"true"},"seller":{"@type":"Organization","@id":"https:\/\/droix.eu\/et\/#organization"}}},{"@type":"WebPage","@id":"https:\/\/droix.eu\/et\/product\/gpd-win-4-hardshell-case\/#webpage","url":"https:\/\/droix.eu\/et\/product\/gpd-win-4-hardshell-case\/","name":"GPD WIN 4 Hardshell Case - DROIX EU","description":"Ametlik GPD kaitse\u00fcmbris GPD WIN 4 jaoks Vastupidav v\u00e4line s\u00fcnteetilisest pol\u00fcmeerist kestev kestvus Pehme riidest vooder lisakaitseks. Eraldi sektsioon v\u00e4lisseadmete jaoks. Stiilne disain turvalise t\u00f5mblukuga. Pakett sisaldab 1x GPD WIN 4 k\u00f5vakesta \u00fcmbris","inLanguage":"et","isPartOf":{"@id":"https:\/\/droix.eu\/et\/#website"},"breadcrumb":{"@id":"https:\/\/droix.eu\/et\/product\/gpd-win-4-hardshell-case\/#breadcrumblist"},"image":{"@type":"ImageObject","url":"https:\/\/droix.eu\/wp-content\/uploads\/2023\/05\/51y5P54tgzLready-gpd-4.png","@id":"https:\/\/droix.eu\/et\/product\/gpd-win-4-hardshell-case\/#mainImage","width":1000,"height":1000},"primaryImageOfPage":{"@id":"https:\/\/droix.eu\/et\/product\/gpd-win-4-hardshell-case\/#mainImage"},"datePublished":"2023-05-25T09:22:48+01:00","dateModified":"2026-01-20T05:49:10+00:00"},{"@type":"WebSite","@id":"https:\/\/droix.eu\/et\/#website","url":"https:\/\/droix.eu\/et\/","name":"DROIX EU","description":"Get the latest Mini PCs, Ultrabook, PC Gaming Handhelds and more!","inLanguage":"et","publisher":{"@id":"https:\/\/droix.eu\/et\/#organization"}}]},"og:locale":"et_EE","og:site_name":"DROIX EU - Get the latest Mini PCs, Ultrabook, PC Gaming Handhelds and more!","og:type":"article","og:title":"GPD WIN 4 Hardshell Case - DROIX EU","og:description":"Ametlik GPD kaitse\u00fcmbris GPD WIN 4 jaoks Vastupidav v\u00e4line s\u00fcnteetilisest pol\u00fcmeerist kestev kestvus Pehme riidest vooder lisakaitseks. Eraldi sektsioon v\u00e4lisseadmete jaoks. Stiilne disain turvalise t\u00f5mblukuga. Pakett sisaldab 1x GPD WIN 4 k\u00f5vakesta \u00fcmbris","og:url":"https:\/\/droix.eu\/et\/product\/gpd-win-4-hardshell-case\/","og:image":"https:\/\/droix.eu\/wp-content\/uploads\/2024\/06\/droix-v2-light-logo.png","og:image:secure_url":"https:\/\/droix.eu\/wp-content\/uploads\/2024\/06\/droix-v2-light-logo.png","og:image:width":380,"og:image:height":118,"article:published_time":"2023-05-25T09:22:48+00:00","article:modified_time":"2026-01-20T05:49:10+00:00","article:publisher":"https:\/\/www.facebook.com\/DroiX.Store","twitter:card":"summary_large_image","twitter:site":"@DroiX_Store","twitter:title":"GPD WIN 4 Hardshell Case - DROIX EU","twitter:description":"Ametlik GPD kaitse\u00fcmbris GPD WIN 4 jaoks Vastupidav v\u00e4line s\u00fcnteetilisest pol\u00fcmeerist kestev kestvus Pehme riidest vooder lisakaitseks. Eraldi sektsioon v\u00e4lisseadmete jaoks. Stiilne disain turvalise t\u00f5mblukuga. Pakett sisaldab 1x GPD WIN 4 k\u00f5vakesta \u00fcmbris","twitter:image":"https:\/\/droix.eu\/wp-content\/uploads\/2024\/06\/droix-v2-light-logo.png"},"aioseo_meta_data":{"post_id":"511873","title":null,"description":null,"keywords":null,"keyphrases":null,"primary_term":null,"canonical_url":null,"og_title":null,"og_description":null,"og_object_type":"default","og_image_type":"default","og_image_url":null,"og_image_width":null,"og_image_height":null,"og_image_custom_url":null,"og_image_custom_fields":null,"og_video":null,"og_custom_url":null,"og_article_section":null,"og_article_tags":null,"twitter_use_og":true,"twitter_card":"default","twitter_image_type":"default","twitter_image_url":null,"twitter_image_custom_url":null,"twitter_image_custom_fields":null,"twitter_title":null,"twitter_description":null,"schema":{"blockGraphs":[],"customGraphs":[],"default":{"data":{"Article":[],"Course":[],"Dataset":[],"FAQPage":[],"Movie":[],"Person":[],"Product":[],"ProductReview":[],"Car":[],"Recipe":[],"Service":[],"SoftwareApplication":[],"WebPage":[]},"graphName":"","isEnabled":true},"graphs":[]},"schema_type":"default","schema_type_options":null,"pillar_content":false,"robots_default":true,"robots_noindex":false,"robots_noarchive":false,"robots_nosnippet":false,"robots_nofollow":false,"robots_noimageindex":false,"robots_noodp":false,"robots_notranslate":false,"robots_max_snippet":null,"robots_max_videopreview":null,"robots_max_imagepreview":"large","priority":null,"frequency":null,"local_seo":null,"seo_analyzer_scan_date":"2025-10-24 13:11:33","breadcrumb_settings":null,"limit_modified_date":false,"reviewed_by":null,"open_ai":null,"ai":null,"created":"2025-10-09 04:25:34","updated":"2026-01-24 08:55:29"},"aioseo_breadcrumb":"<div class=\"aioseo-breadcrumbs\"><span class=\"aioseo-breadcrumb\">\n\t<a href=\"https:\/\/droix.eu\/et\/\" title=\"Home\">Home<\/a>\n<\/span><span class=\"aioseo-breadcrumb-separator\">&raquo;<\/span><span class=\"aioseo-breadcrumb\">\n\t<a href=\"https:\/\/droix.eu\/et\/product-category\/tarvikud\/\" title=\"Tarvikud\">Tarvikud<\/a>\n<\/span><span class=\"aioseo-breadcrumb-separator\">&raquo;<\/span><span class=\"aioseo-breadcrumb\">\n\t<a href=\"https:\/\/droix.eu\/et\/product-category\/tarvikud\/mangude-aksessuaarid\/\" title=\"M\u00e4ngude aksessuaarid\">M\u00e4ngude aksessuaarid<\/a>\n<\/span><span class=\"aioseo-breadcrumb-separator\">&raquo;<\/span><span class=\"aioseo-breadcrumb\">\n\tGPD WIN 4 Hardshell Case\n<\/span><\/div>","aioseo_breadcrumb_json":[{"label":"Home","link":"https:\/\/droix.eu\/et\/"},{"label":"Tarvikud","link":"https:\/\/droix.eu\/et\/product-category\/tarvikud\/"},{"label":"M\u00e4ngude aksessuaarid","link":"https:\/\/droix.eu\/et\/product-category\/tarvikud\/mangude-aksessuaarid\/"},{"label":"GPD WIN 4 Hardshell Case","link":"https:\/\/droix.eu\/et\/product\/gpd-win-4-hardshell-case\/"}],"_links":{"self":[{"href":"https:\/\/droix.eu\/et\/wp-json\/wp\/v2\/product\/511873","targetHints":{"allow":["GET"]}}],"collection":[{"href":"https:\/\/droix.eu\/et\/wp-json\/wp\/v2\/product"}],"about":[{"href":"https:\/\/droix.eu\/et\/wp-json\/wp\/v2\/types\/product"}],"version-history":[{"count":0,"href":"https:\/\/droix.eu\/et\/wp-json\/wp\/v2\/product\/511873\/revisions"}],"wp:featuredmedia":[{"embeddable":true,"href":"https:\/\/droix.eu\/et\/wp-json\/wp\/v2\/media\/409285"}],"wp:attachment":[{"href":"https:\/\/droix.eu\/et\/wp-json\/wp\/v2\/media?parent=511873"}],"wp:term":[{"taxonomy":"product_brand","embeddable":true,"href":"https:\/\/droix.eu\/et\/wp-json\/wp\/v2\/product_brand?post=511873"},{"taxonomy":"product_cat","embeddable":true,"href":"https:\/\/droix.eu\/et\/wp-json\/wp\/v2\/product_cat?post=511873"},{"taxonomy":"product_tag","embeddable":true,"href":"https:\/\/droix.eu\/et\/wp-json\/wp\/v2\/product_tag?post=511873"},{"taxonomy":"woo-feed-brand","embeddable":true,"href":"https:\/\/droix.eu\/et\/wp-json\/wp\/v2\/woo-feed-brand?post=511873"},{"taxonomy":"key-features","embeddable":true,"href":"https:\/\/droix.eu\/et\/wp-json\/wp\/v2\/key-features?post=511873"}],"curies":[{"name":"wp","href":"https:\/\/api.w.org\/{rel}","templated":true}]}}