{"id":511303,"date":"2023-04-24T12:53:34","date_gmt":"2023-04-24T11:53:34","guid":{"rendered":"https:\/\/droix.eu\/product\/gpd-win-4-dokkimisjaam\/"},"modified":"2026-04-23T14:18:06","modified_gmt":"2026-04-23T13:18:06","slug":"gpd-win-4-dokkimisjaam","status":"publish","type":"product","link":"https:\/\/droix.eu\/et\/product\/gpd-win-4-dokkimisjaam\/","title":{"rendered":"GPD WIN 4 dokkimisjaam"},"content":{"rendered":"&#13;\n<p><span data-contrast=\"none\"><strong>GPD WIN 4<\/strong> ametlik <strong>dokkimisjaam muudab<\/strong> teie pihuarvuti lauaarvutiks, kasutades mugavat dokki, millel on palju kasutaja porte.<\/span><span data-ccp-props=\"{\"> <\/span><\/p>&#13;\n&#13;\n<h2 class=\"wp-block-heading\"><b><span data-contrast=\"none\">Kiire USB-\u00fchendus<\/span><\/b><span data-ccp-props=\"{\"> <\/span><\/h2>&#13;\n&#13;\n<p><span data-contrast=\"none\">GPD WIN 4 dokkimisjaamal on kolm funktsiooni <\/span><a href=\"https:\/\/www.kingston.com\/unitedkingdom\/en\/usb-flash-drives\/usb-30\"><span data-contrast=\"none\">USB 3.2 Gen 2<\/span><\/a><span data-contrast=\"none\"> kuni 10 Gbps t\u00fc\u00fcpi A porti, mida saab kasutada mitmesuguste v\u00e4lisseadmete, sealhulgas klaviatuuri ja hiire ning kiirete v\u00e4liste k\u00f5vaketaste v\u00f5i USB-pulkade \u00fchendamiseks.<\/span><span data-ccp-props=\"{\"> <\/span><\/p>&#13;\n&#13;\n<p><span data-contrast=\"none\">USB 3.2 Gen 2 <\/span><a href=\"https:\/\/en.wikipedia.org\/wiki\/USB-C\"><span data-contrast=\"none\">Type-C<\/span><\/a><span data-contrast=\"none\"> porti kasutatakse laadimiseks ja see toetab suure v\u00f5imsusega laadimisseadmeid kiirlaadimiseks.<\/span><span data-ccp-props=\"{\"> <\/span><\/p>&#13;\n&#13;\n<h2 class=\"wp-block-heading\"><b><span data-contrast=\"none\">K\u00f5rge resolutsiooniga monitor v\u00f5i suur teler<\/span><\/b><span data-ccp-props=\"{\"> <\/span><\/h2>&#13;\n&#13;\n<p><span data-contrast=\"none\">The <\/span><a href=\"https:\/\/en.wikipedia.org\/wiki\/HDMI\"><span data-contrast=\"none\">HDMI 2.0<\/span><\/a><span data-contrast=\"none\">  port pakub video v\u00e4ljundit monitorile v\u00f5i telerile. V\u00f5ite j\u00e4tkata GPD WIN 4 ekraani kasutamist peegel- v\u00f5i teise kuvarina.<\/span><span data-ccp-props=\"{\"> <\/span><\/p>&#13;\n&#13;\n<h2 class=\"wp-block-heading\"><b><span data-contrast=\"none\">Kiire ja turvaline traadiga andmeedastus<\/span><\/b><span data-ccp-props=\"{\"> <\/span><\/h2>&#13;\n&#13;\n<p><span data-contrast=\"none\">1Gbps <\/span><a href=\"https:\/\/community.fs.com\/blog\/introduction-of-the-rj45-interface.html\"><span data-contrast=\"none\">RJ45 Ethernet<\/span><\/a><span data-contrast=\"none\"> port tagab kiire ja turvalise andmeedastuse GPD WIN 4 dokkimisjaama ja sealt v\u00e4lja.<\/span><span data-ccp-props=\"{\"> <\/span><\/p>&#13;\n&#13;\n<h2 class=\"wp-block-heading\"><b><span data-contrast=\"none\">V\u00e4ike vormifaktor ja kaasaskantavus<\/span><\/b><span data-ccp-props=\"{\"> <\/span><\/h2>&#13;\n&#13;\n<p><span data-contrast=\"none\">GPD WIN 4 dokkimisjaama m\u00f5\u00f5tmed on umbes 8,7 x 14,2 x 8,2 cm (3,4 x 5,6 x 3,2 tolli), mis on v\u00e4ike ja teie t\u00f6\u00f6laual tagasihoidlik. <strong>GPD WIN 4<\/strong> \u00fchendatakse <strong>h\u00f5lpsasti<\/strong> dokki ja seda toetab eemaldatav tagak\u00fclg, mis teeb selle kandmise mugavaks. Ainult 224 g kaaluv dokk on v\u00e4ga kerge ja kaasaskantav, mahub kergesti v\u00e4ikesesse kotti.<\/span><span data-ccp-props=\"{\"> <\/span><\/p>&#13;\n&#13;\n<p><span data-contrast=\"none\">GPD WIN 4 doki j\u00e4tab teise USB Type-C, mis asub \u00fclevalpool <\/span><a href=\"https:\/\/droix.eu\/et\/product\/gpd-win-4\/\"><span data-contrast=\"none\">GPD WIN 4<\/span><\/a><span data-contrast=\"none\"> vabaks, seda saab j\u00e4tkuvalt kasutada suure j\u00f5udlusega v\u00e4lisseadmete, n\u00e4iteks eGPU \u00fchendamiseks. <\/span> <\/p>&#13;\n&#13;\n<p><span data-ccp-props=\"{\"> <\/span><\/p>&#13;\n&#13;\n<h2 class=\"wp-block-heading\"><b><span data-contrast=\"none\">GPD WIN 4 dokkimisjaama plussid ja miinused<\/span><\/b><span data-ccp-props=\"{\"> <\/span><\/h2>&#13;\n&#13;\n<p><span data-contrast=\"none\">Plussid:<\/span><span data-ccp-props=\"{\"> <\/span><\/p>&#13;\n\r\n<ul class=\"wp-block-list\">&#13;\n<li><span data-contrast=\"none\">Palju USB 3.2 Gen 2 Type-A porte v\u00e4lisseadmete jaoks<\/span><span data-ccp-props=\"{\"> <\/span><\/li>&#13;\n\r\n\r\n&#13;\n<li><span data-contrast=\"none\">HDMI 2.0 v\u00e4ljund telerisse\/monitorile<\/span><span data-ccp-props=\"{\"> <\/span><\/li>&#13;\n\r\n\r\n&#13;\n<li><span data-contrast=\"none\">Kiire 1Gbps ethernet<\/span><span data-ccp-props=\"{\"> <\/span><\/li>&#13;\n\r\n\r\n&#13;\n<li><span data-contrast=\"none\">USB Type-C laadimisport<\/span><span data-ccp-props=\"{\"> <\/span><\/li>&#13;\n<\/ul>\r\n&#13;\n<p><span data-contrast=\"none\">Miinused:<\/span><span data-ccp-props=\"{\"> <\/span><\/p>&#13;\n\r\n<ul class=\"wp-block-list\">&#13;\n<li><span data-contrast=\"none\">Ei ole USB Type-C v\u00e4lisseadmete \u00fchendamiseks.  <\/span><span data-ccp-props=\"{\"> <\/span><\/li>&#13;\n<\/ul>\r\n&#13;\n<p><span data-ccp-props=\"{\"> <\/span><\/p>&#13;\n&#13;\n<h2 class=\"wp-block-heading\"><b><span data-contrast=\"none\">Miks peaksite kasutama dokkimisjaama?<\/span><\/b><span data-ccp-props=\"{\"> <\/span><\/h2>&#13;\n&#13;\n<p><span data-contrast=\"none\">Dokkimisjaam on seade, mis v\u00f5imaldab teil \u00fchendada s\u00fclearvuti mitme v\u00e4lisseadmega, nagu monitor, klaviatuur, hiir ja muud seadmed, vaid \u00fche kaabli abil. See aitab teil oma t\u00f6\u00f6ruumi korrastada, v\u00e4hendades kaablite arvu, mida on vaja GPD WIN 4 k\u00fclge \u00fchendada. See v\u00f5ib aidata teil suurendada ka oma tootlikkust, v\u00f5imaldades teil kasutada korraga kahte ekraani, mis aitab teil t\u00f5husamalt mitut \u00fclesannet t\u00e4ita. Lisaks aitab see pikendada teie GPD WIN 4 kasutusiga, v\u00e4hendades selle portide kulumist, kuna teil on vaja \u00fchendada ja lahti \u00fchendada ainult \u00fcks kaabel, mitte mitu kaablit iga kord, kui te seda kasutate.<\/span><\/p>&#13;\n","protected":false},"excerpt":{"rendered":"<ul>\n<li>Hoidke ja laadige oma <strong>GPD WIN 4<\/strong><\/li>\n<li>V\u00f5imaldab muuta <strong>pihuarvuti t\u00e4ielikuks t\u00f6\u00f6lauaks<\/strong><\/li>\n<li>\u00dchendage k\u00f5ik oma v\u00e4lisseadmed.<\/li>\n<li><strong>Ametlik GPD toode<\/strong>, mis on m\u00f5eldud <strong>GPD WIN 4<\/strong> jaoks.<\/li>\n<li><strong><span class=\"TextRun SCXW166342175 BCX8\" lang=\"EN-GB\" data-contrast=\"none\"><span class=\"NormalTextRun SCXW166342175 BCX8\">V\u00e4ike, kerge ja kaasaskantav.<\/span><\/span><\/strong><\/li>\n<\/ul>\n[droix_global_accordions]\n[cg_accordion title=\"Pakett sisaldab\"]<\/p>\n<ul>\n<li>1x ametlik GPD WIN 4 dokkimisjaam<\/li>\n<\/ul>\n<p>[\/cg_accordion]\n","protected":false},"featured_media":364511,"template":"","meta":{"_acf_changed":false},"product_brand":[],"product_cat":[10583,10481],"product_tag":[],"woo-feed-brand":[],"key-features":[],"class_list":{"0":"post-511303","1":"product","2":"type-product","3":"status-publish","4":"has-post-thumbnail","6":"product_cat-mangude-aksessuaarid","7":"product_cat-tarvikud","8":"product_shipping_class-low-end","9":"pa_accessory-type-docking-station","10":"pa_brands-gpd-et","11":"pa_compatibility-gpd-win-4-et","13":"first","14":"outofstock","15":"sale","16":"purchasable","17":"product-type-simple"},"acf":[],"aioseo_notices":[],"aioseo_head":"\n\t\t<!-- All in One SEO Pro 4.9.6.2 - aioseo.com -->\n\t<meta name=\"description\" content=\"Hoidke ja laadige oma GPD WIN 4 V\u00f5imaldab muuta pihuarvuti t\u00e4ielikuks t\u00f6\u00f6lauaks \u00dchendage k\u00f5ik oma v\u00e4lisseadmed. Ametlik GPD toode, mis on m\u00f5eldud GPD WIN 4 jaoks. V\u00e4ike, kerge ja kaasaskantav. Pakett sisaldab 1x ametlik GPD WIN 4 dokkimisjaam\" \/>\n\t<meta name=\"robots\" content=\"max-image-preview:large\" \/>\n\t<link rel=\"canonical\" href=\"https:\/\/droix.eu\/et\/product\/gpd-win-4-dokkimisjaam\/\" \/>\n\t<meta name=\"generator\" content=\"All in One SEO Pro (AIOSEO) 4.9.6.2\" \/>\n\t\t<meta property=\"og:locale\" content=\"et_EE\" \/>\n\t\t<meta property=\"og:site_name\" content=\"DROIX EU - Get the latest Mini PCs, Ultrabook, PC Gaming Handhelds and more!\" \/>\n\t\t<meta property=\"og:type\" content=\"article\" \/>\n\t\t<meta property=\"og:title\" content=\"GPD WIN 4 dokkimisjaam - DROIX EU\" \/>\n\t\t<meta property=\"og:description\" content=\"Hoidke ja laadige oma GPD WIN 4 V\u00f5imaldab muuta pihuarvuti t\u00e4ielikuks t\u00f6\u00f6lauaks \u00dchendage k\u00f5ik oma v\u00e4lisseadmed. Ametlik GPD toode, mis on m\u00f5eldud GPD WIN 4 jaoks. V\u00e4ike, kerge ja kaasaskantav. Pakett sisaldab 1x ametlik GPD WIN 4 dokkimisjaam\" \/>\n\t\t<meta property=\"og:url\" content=\"https:\/\/droix.eu\/et\/product\/gpd-win-4-dokkimisjaam\/\" \/>\n\t\t<meta property=\"og:image\" content=\"https:\/\/droix.eu\/wp-content\/uploads\/2024\/06\/droix-v2-light-logo.png\" \/>\n\t\t<meta property=\"og:image:secure_url\" content=\"https:\/\/droix.eu\/wp-content\/uploads\/2024\/06\/droix-v2-light-logo.png\" \/>\n\t\t<meta property=\"og:image:width\" content=\"380\" \/>\n\t\t<meta property=\"og:image:height\" content=\"118\" \/>\n\t\t<meta property=\"article:published_time\" content=\"2023-04-24T11:53:34+00:00\" \/>\n\t\t<meta property=\"article:modified_time\" content=\"2026-04-23T13:18:06+00:00\" \/>\n\t\t<meta property=\"article:publisher\" content=\"https:\/\/www.facebook.com\/DroiX.Store\" \/>\n\t\t<meta name=\"twitter:card\" content=\"summary_large_image\" \/>\n\t\t<meta name=\"twitter:site\" content=\"@DroiX_Store\" \/>\n\t\t<meta name=\"twitter:title\" content=\"GPD WIN 4 dokkimisjaam - DROIX EU\" \/>\n\t\t<meta name=\"twitter:description\" content=\"Hoidke ja laadige oma GPD WIN 4 V\u00f5imaldab muuta pihuarvuti t\u00e4ielikuks t\u00f6\u00f6lauaks \u00dchendage k\u00f5ik oma v\u00e4lisseadmed. Ametlik GPD toode, mis on m\u00f5eldud GPD WIN 4 jaoks. V\u00e4ike, kerge ja kaasaskantav. Pakett sisaldab 1x ametlik GPD WIN 4 dokkimisjaam\" \/>\n\t\t<meta name=\"twitter:image\" content=\"https:\/\/droix.eu\/wp-content\/uploads\/2024\/06\/droix-v2-light-logo.png\" \/>\n\t\t<script type=\"application\/ld+json\" class=\"aioseo-schema\">\n\t\t\t{\"@context\":\"https:\\\/\\\/schema.org\",\"@graph\":[{\"@type\":\"BreadcrumbList\",\"@id\":\"https:\\\/\\\/droix.eu\\\/et\\\/product\\\/gpd-win-4-dokkimisjaam\\\/#breadcrumblist\",\"itemListElement\":[{\"@type\":\"ListItem\",\"@id\":\"https:\\\/\\\/droix.eu\\\/et\\\/#listItem\",\"position\":1,\"name\":\"Home\",\"item\":\"https:\\\/\\\/droix.eu\\\/et\\\/\",\"nextItem\":{\"@type\":\"ListItem\",\"@id\":\"https:\\\/\\\/droix.eu\\\/et\\\/product-category\\\/tarvikud\\\/#listItem\",\"name\":\"Tarvikud\"}},{\"@type\":\"ListItem\",\"@id\":\"https:\\\/\\\/droix.eu\\\/et\\\/product-category\\\/tarvikud\\\/#listItem\",\"position\":2,\"name\":\"Tarvikud\",\"item\":\"https:\\\/\\\/droix.eu\\\/et\\\/product-category\\\/tarvikud\\\/\",\"nextItem\":{\"@type\":\"ListItem\",\"@id\":\"https:\\\/\\\/droix.eu\\\/et\\\/product-category\\\/tarvikud\\\/mangude-aksessuaarid\\\/#listItem\",\"name\":\"M\\u00e4ngude aksessuaarid\"},\"previousItem\":{\"@type\":\"ListItem\",\"@id\":\"https:\\\/\\\/droix.eu\\\/et\\\/#listItem\",\"name\":\"Home\"}},{\"@type\":\"ListItem\",\"@id\":\"https:\\\/\\\/droix.eu\\\/et\\\/product-category\\\/tarvikud\\\/mangude-aksessuaarid\\\/#listItem\",\"position\":3,\"name\":\"M\\u00e4ngude aksessuaarid\",\"item\":\"https:\\\/\\\/droix.eu\\\/et\\\/product-category\\\/tarvikud\\\/mangude-aksessuaarid\\\/\",\"nextItem\":{\"@type\":\"ListItem\",\"@id\":\"https:\\\/\\\/droix.eu\\\/et\\\/product\\\/gpd-win-4-dokkimisjaam\\\/#listItem\",\"name\":\"GPD WIN 4 dokkimisjaam\"},\"previousItem\":{\"@type\":\"ListItem\",\"@id\":\"https:\\\/\\\/droix.eu\\\/et\\\/product-category\\\/tarvikud\\\/#listItem\",\"name\":\"Tarvikud\"}},{\"@type\":\"ListItem\",\"@id\":\"https:\\\/\\\/droix.eu\\\/et\\\/product\\\/gpd-win-4-dokkimisjaam\\\/#listItem\",\"position\":4,\"name\":\"GPD WIN 4 dokkimisjaam\",\"previousItem\":{\"@type\":\"ListItem\",\"@id\":\"https:\\\/\\\/droix.eu\\\/et\\\/product-category\\\/tarvikud\\\/mangude-aksessuaarid\\\/#listItem\",\"name\":\"M\\u00e4ngude aksessuaarid\"}}]},{\"@type\":\"Organization\",\"@id\":\"https:\\\/\\\/droix.eu\\\/et\\\/#organization\",\"name\":\"DroiX \\u2013 Trusted EU Tech Retailer with 12+ Years Experience\",\"description\":\"DroiX is a leading European technology retailer with over 12 years of experience, offering quality mini PCs, handheld gaming consoles, and tech accessories. We provide hassle-free EU delivery with all taxes included, ensuring a smooth and reliable shopping experience for our customers across Europe.\",\"url\":\"https:\\\/\\\/droix.eu\\\/et\\\/\",\"logo\":{\"@type\":\"ImageObject\",\"url\":\"https:\\\/\\\/droix.eu\\\/wp-content\\\/uploads\\\/2024\\\/06\\\/droix-v2-light-logo.png\",\"@id\":\"https:\\\/\\\/droix.eu\\\/et\\\/product\\\/gpd-win-4-dokkimisjaam\\\/#organizationLogo\",\"width\":380,\"height\":118},\"image\":{\"@id\":\"https:\\\/\\\/droix.eu\\\/et\\\/product\\\/gpd-win-4-dokkimisjaam\\\/#organizationLogo\"},\"sameAs\":[\"https:\\\/\\\/www.facebook.com\\\/DroiX.Store\",\"https:\\\/\\\/twitter.com\\\/DroiX_Store\",\"https:\\\/\\\/www.instagram.com\\\/droix.store\\\/\",\"https:\\\/\\\/www.tiktok.com\\\/@droix.store\",\"https:\\\/\\\/www.youtube.com\\\/c\\\/DroiX_Store\",\"https:\\\/\\\/uk.linkedin.com\\\/company\\\/droix\"]},{\"@type\":\"Product\",\"@id\":\"https:\\\/\\\/droix.eu\\\/et\\\/product\\\/gpd-win-4-dokkimisjaam\\\/#wooCommerceProduct\",\"name\":\"GPD WIN 4 dokkimisjaam\",\"description\":\"Hoidke ja laadige oma GPD WIN 4\\nV\\u00f5imaldab muuta pihuarvuti t\\u00e4ielikuks t\\u00f6\\u00f6lauaks\\n\\u00dchendage k\\u00f5ik oma v\\u00e4lisseadmed.\\nAmetlik GPD toode, mis on m\\u00f5eldud GPD WIN 4 jaoks.\\nV\\u00e4ike, kerge ja kaasaskantav.\",\"url\":\"https:\\\/\\\/droix.eu\\\/et\\\/product\\\/gpd-win-4-dokkimisjaam\\\/\",\"sku\":\"GPD-WIN_4-DOCKING-STATION\",\"gtin\":\"5060763674660\",\"image\":{\"@type\":\"ImageObject\",\"url\":\"https:\\\/\\\/droix.eu\\\/wp-content\\\/uploads\\\/2023\\\/04\\\/6664315main-win4-docking.png\",\"@id\":\"https:\\\/\\\/droix.eu\\\/et\\\/product\\\/gpd-win-4-dokkimisjaam\\\/#productImage\",\"width\":1000,\"height\":1000},\"offers\":{\"@type\":\"Offer\",\"url\":\"https:\\\/\\\/droix.eu\\\/et\\\/product\\\/gpd-win-4-dokkimisjaam\\\/#wooCommerceOffer\",\"price\":19118.18,\"priceCurrency\":\"HUF\",\"category\":\"M\\u00e4ngude aksessuaarid\",\"availability\":\"https:\\\/\\\/schema.org\\\/OutOfStock\",\"priceSpecification\":{\"@type\":\"PriceSpecification\",\"price\":19118.18,\"priceCurrency\":\"HUF\",\"valueAddedTaxIncluded\":\"true\"},\"seller\":{\"@type\":\"Organization\",\"@id\":\"https:\\\/\\\/droix.eu\\\/et\\\/#organization\"}}},{\"@type\":\"WebPage\",\"@id\":\"https:\\\/\\\/droix.eu\\\/et\\\/product\\\/gpd-win-4-dokkimisjaam\\\/#webpage\",\"url\":\"https:\\\/\\\/droix.eu\\\/et\\\/product\\\/gpd-win-4-dokkimisjaam\\\/\",\"name\":\"GPD WIN 4 dokkimisjaam - DROIX EU\",\"description\":\"Hoidke ja laadige oma GPD WIN 4 V\\u00f5imaldab muuta pihuarvuti t\\u00e4ielikuks t\\u00f6\\u00f6lauaks \\u00dchendage k\\u00f5ik oma v\\u00e4lisseadmed. Ametlik GPD toode, mis on m\\u00f5eldud GPD WIN 4 jaoks. V\\u00e4ike, kerge ja kaasaskantav. Pakett sisaldab 1x ametlik GPD WIN 4 dokkimisjaam\",\"inLanguage\":\"et\",\"isPartOf\":{\"@id\":\"https:\\\/\\\/droix.eu\\\/et\\\/#website\"},\"breadcrumb\":{\"@id\":\"https:\\\/\\\/droix.eu\\\/et\\\/product\\\/gpd-win-4-dokkimisjaam\\\/#breadcrumblist\"},\"image\":{\"@type\":\"ImageObject\",\"url\":\"https:\\\/\\\/droix.eu\\\/wp-content\\\/uploads\\\/2023\\\/04\\\/6664315main-win4-docking.png\",\"@id\":\"https:\\\/\\\/droix.eu\\\/et\\\/product\\\/gpd-win-4-dokkimisjaam\\\/#mainImage\",\"width\":1000,\"height\":1000},\"primaryImageOfPage\":{\"@id\":\"https:\\\/\\\/droix.eu\\\/et\\\/product\\\/gpd-win-4-dokkimisjaam\\\/#mainImage\"},\"datePublished\":\"2023-04-24T12:53:34+01:00\",\"dateModified\":\"2026-04-23T14:18:06+01:00\"},{\"@type\":\"WebSite\",\"@id\":\"https:\\\/\\\/droix.eu\\\/et\\\/#website\",\"url\":\"https:\\\/\\\/droix.eu\\\/et\\\/\",\"name\":\"DROIX EU\",\"description\":\"Get the latest Mini PCs, Ultrabook, PC Gaming Handhelds and more!\",\"inLanguage\":\"et\",\"publisher\":{\"@id\":\"https:\\\/\\\/droix.eu\\\/et\\\/#organization\"}}]}\n\t\t<\/script>\n\t\t<!-- All in One SEO Pro -->\r\n\t\t<title>GPD WIN 4 dokkimisjaam - DROIX EU<\/title>\n\n","aioseo_head_json":{"title":"GPD WIN 4 dokkimisjaam - DROIX EU","description":"Hoidke ja laadige oma GPD WIN 4 V\u00f5imaldab muuta pihuarvuti t\u00e4ielikuks t\u00f6\u00f6lauaks \u00dchendage k\u00f5ik oma v\u00e4lisseadmed. Ametlik GPD toode, mis on m\u00f5eldud GPD WIN 4 jaoks. V\u00e4ike, kerge ja kaasaskantav. Pakett sisaldab 1x ametlik GPD WIN 4 dokkimisjaam","canonical_url":"https:\/\/droix.eu\/et\/product\/gpd-win-4-dokkimisjaam\/","robots":"max-image-preview:large","keywords":"","webmasterTools":{"miscellaneous":""},"schema":{"@context":"https:\/\/schema.org","@graph":[{"@type":"BreadcrumbList","@id":"https:\/\/droix.eu\/et\/product\/gpd-win-4-dokkimisjaam\/#breadcrumblist","itemListElement":[{"@type":"ListItem","@id":"https:\/\/droix.eu\/et\/#listItem","position":1,"name":"Home","item":"https:\/\/droix.eu\/et\/","nextItem":{"@type":"ListItem","@id":"https:\/\/droix.eu\/et\/product-category\/tarvikud\/#listItem","name":"Tarvikud"}},{"@type":"ListItem","@id":"https:\/\/droix.eu\/et\/product-category\/tarvikud\/#listItem","position":2,"name":"Tarvikud","item":"https:\/\/droix.eu\/et\/product-category\/tarvikud\/","nextItem":{"@type":"ListItem","@id":"https:\/\/droix.eu\/et\/product-category\/tarvikud\/mangude-aksessuaarid\/#listItem","name":"M\u00e4ngude aksessuaarid"},"previousItem":{"@type":"ListItem","@id":"https:\/\/droix.eu\/et\/#listItem","name":"Home"}},{"@type":"ListItem","@id":"https:\/\/droix.eu\/et\/product-category\/tarvikud\/mangude-aksessuaarid\/#listItem","position":3,"name":"M\u00e4ngude aksessuaarid","item":"https:\/\/droix.eu\/et\/product-category\/tarvikud\/mangude-aksessuaarid\/","nextItem":{"@type":"ListItem","@id":"https:\/\/droix.eu\/et\/product\/gpd-win-4-dokkimisjaam\/#listItem","name":"GPD WIN 4 dokkimisjaam"},"previousItem":{"@type":"ListItem","@id":"https:\/\/droix.eu\/et\/product-category\/tarvikud\/#listItem","name":"Tarvikud"}},{"@type":"ListItem","@id":"https:\/\/droix.eu\/et\/product\/gpd-win-4-dokkimisjaam\/#listItem","position":4,"name":"GPD WIN 4 dokkimisjaam","previousItem":{"@type":"ListItem","@id":"https:\/\/droix.eu\/et\/product-category\/tarvikud\/mangude-aksessuaarid\/#listItem","name":"M\u00e4ngude aksessuaarid"}}]},{"@type":"Organization","@id":"https:\/\/droix.eu\/et\/#organization","name":"DroiX \u2013 Trusted EU Tech Retailer with 12+ Years Experience","description":"DroiX is a leading European technology retailer with over 12 years of experience, offering quality mini PCs, handheld gaming consoles, and tech accessories. We provide hassle-free EU delivery with all taxes included, ensuring a smooth and reliable shopping experience for our customers across Europe.","url":"https:\/\/droix.eu\/et\/","logo":{"@type":"ImageObject","url":"https:\/\/droix.eu\/wp-content\/uploads\/2024\/06\/droix-v2-light-logo.png","@id":"https:\/\/droix.eu\/et\/product\/gpd-win-4-dokkimisjaam\/#organizationLogo","width":380,"height":118},"image":{"@id":"https:\/\/droix.eu\/et\/product\/gpd-win-4-dokkimisjaam\/#organizationLogo"},"sameAs":["https:\/\/www.facebook.com\/DroiX.Store","https:\/\/twitter.com\/DroiX_Store","https:\/\/www.instagram.com\/droix.store\/","https:\/\/www.tiktok.com\/@droix.store","https:\/\/www.youtube.com\/c\/DroiX_Store","https:\/\/uk.linkedin.com\/company\/droix"]},{"@type":"Product","@id":"https:\/\/droix.eu\/et\/product\/gpd-win-4-dokkimisjaam\/#wooCommerceProduct","name":"GPD WIN 4 dokkimisjaam","description":"Hoidke ja laadige oma GPD WIN 4\nV\u00f5imaldab muuta pihuarvuti t\u00e4ielikuks t\u00f6\u00f6lauaks\n\u00dchendage k\u00f5ik oma v\u00e4lisseadmed.\nAmetlik GPD toode, mis on m\u00f5eldud GPD WIN 4 jaoks.\nV\u00e4ike, kerge ja kaasaskantav.","url":"https:\/\/droix.eu\/et\/product\/gpd-win-4-dokkimisjaam\/","sku":"GPD-WIN_4-DOCKING-STATION","gtin":"5060763674660","image":{"@type":"ImageObject","url":"https:\/\/droix.eu\/wp-content\/uploads\/2023\/04\/6664315main-win4-docking.png","@id":"https:\/\/droix.eu\/et\/product\/gpd-win-4-dokkimisjaam\/#productImage","width":1000,"height":1000},"offers":{"@type":"Offer","url":"https:\/\/droix.eu\/et\/product\/gpd-win-4-dokkimisjaam\/#wooCommerceOffer","price":19118.18,"priceCurrency":"HUF","category":"M\u00e4ngude aksessuaarid","availability":"https:\/\/schema.org\/OutOfStock","priceSpecification":{"@type":"PriceSpecification","price":19118.18,"priceCurrency":"HUF","valueAddedTaxIncluded":"true"},"seller":{"@type":"Organization","@id":"https:\/\/droix.eu\/et\/#organization"}}},{"@type":"WebPage","@id":"https:\/\/droix.eu\/et\/product\/gpd-win-4-dokkimisjaam\/#webpage","url":"https:\/\/droix.eu\/et\/product\/gpd-win-4-dokkimisjaam\/","name":"GPD WIN 4 dokkimisjaam - DROIX EU","description":"Hoidke ja laadige oma GPD WIN 4 V\u00f5imaldab muuta pihuarvuti t\u00e4ielikuks t\u00f6\u00f6lauaks \u00dchendage k\u00f5ik oma v\u00e4lisseadmed. Ametlik GPD toode, mis on m\u00f5eldud GPD WIN 4 jaoks. V\u00e4ike, kerge ja kaasaskantav. Pakett sisaldab 1x ametlik GPD WIN 4 dokkimisjaam","inLanguage":"et","isPartOf":{"@id":"https:\/\/droix.eu\/et\/#website"},"breadcrumb":{"@id":"https:\/\/droix.eu\/et\/product\/gpd-win-4-dokkimisjaam\/#breadcrumblist"},"image":{"@type":"ImageObject","url":"https:\/\/droix.eu\/wp-content\/uploads\/2023\/04\/6664315main-win4-docking.png","@id":"https:\/\/droix.eu\/et\/product\/gpd-win-4-dokkimisjaam\/#mainImage","width":1000,"height":1000},"primaryImageOfPage":{"@id":"https:\/\/droix.eu\/et\/product\/gpd-win-4-dokkimisjaam\/#mainImage"},"datePublished":"2023-04-24T12:53:34+01:00","dateModified":"2026-04-23T14:18:06+01:00"},{"@type":"WebSite","@id":"https:\/\/droix.eu\/et\/#website","url":"https:\/\/droix.eu\/et\/","name":"DROIX EU","description":"Get the latest Mini PCs, Ultrabook, PC Gaming Handhelds and more!","inLanguage":"et","publisher":{"@id":"https:\/\/droix.eu\/et\/#organization"}}]},"og:locale":"et_EE","og:site_name":"DROIX EU - Get the latest Mini PCs, Ultrabook, PC Gaming Handhelds and more!","og:type":"article","og:title":"GPD WIN 4 dokkimisjaam - DROIX EU","og:description":"Hoidke ja laadige oma GPD WIN 4 V\u00f5imaldab muuta pihuarvuti t\u00e4ielikuks t\u00f6\u00f6lauaks \u00dchendage k\u00f5ik oma v\u00e4lisseadmed. Ametlik GPD toode, mis on m\u00f5eldud GPD WIN 4 jaoks. V\u00e4ike, kerge ja kaasaskantav. Pakett sisaldab 1x ametlik GPD WIN 4 dokkimisjaam","og:url":"https:\/\/droix.eu\/et\/product\/gpd-win-4-dokkimisjaam\/","og:image":"https:\/\/droix.eu\/wp-content\/uploads\/2024\/06\/droix-v2-light-logo.png","og:image:secure_url":"https:\/\/droix.eu\/wp-content\/uploads\/2024\/06\/droix-v2-light-logo.png","og:image:width":380,"og:image:height":118,"article:published_time":"2023-04-24T11:53:34+00:00","article:modified_time":"2026-04-23T13:18:06+00:00","article:publisher":"https:\/\/www.facebook.com\/DroiX.Store","twitter:card":"summary_large_image","twitter:site":"@DroiX_Store","twitter:title":"GPD WIN 4 dokkimisjaam - DROIX EU","twitter:description":"Hoidke ja laadige oma GPD WIN 4 V\u00f5imaldab muuta pihuarvuti t\u00e4ielikuks t\u00f6\u00f6lauaks \u00dchendage k\u00f5ik oma v\u00e4lisseadmed. Ametlik GPD toode, mis on m\u00f5eldud GPD WIN 4 jaoks. V\u00e4ike, kerge ja kaasaskantav. Pakett sisaldab 1x ametlik GPD WIN 4 dokkimisjaam","twitter:image":"https:\/\/droix.eu\/wp-content\/uploads\/2024\/06\/droix-v2-light-logo.png"},"aioseo_meta_data":{"post_id":"511303","title":null,"description":null,"keywords":null,"keyphrases":null,"primary_term":null,"canonical_url":null,"og_title":null,"og_description":null,"og_object_type":"default","og_image_type":"default","og_image_url":null,"og_image_width":null,"og_image_height":null,"og_image_custom_url":null,"og_image_custom_fields":null,"og_video":null,"og_custom_url":null,"og_article_section":null,"og_article_tags":null,"twitter_use_og":true,"twitter_card":"default","twitter_image_type":"default","twitter_image_url":null,"twitter_image_custom_url":null,"twitter_image_custom_fields":null,"twitter_title":null,"twitter_description":null,"schema":{"blockGraphs":[],"customGraphs":[],"default":{"data":{"Article":[],"Course":[],"Dataset":[],"FAQPage":[],"Movie":[],"Person":[],"Product":[],"ProductReview":[],"Car":[],"Recipe":[],"Service":[],"SoftwareApplication":[],"WebPage":[]},"graphName":"Product","isEnabled":true},"graphs":[]},"schema_type":"default","schema_type_options":null,"pillar_content":false,"robots_default":true,"robots_noindex":false,"robots_noarchive":false,"robots_nosnippet":false,"robots_nofollow":false,"robots_noimageindex":false,"robots_noodp":false,"robots_notranslate":false,"robots_max_snippet":null,"robots_max_videopreview":null,"robots_max_imagepreview":"large","priority":null,"frequency":null,"local_seo":null,"seo_analyzer_scan_date":"2026-04-23 13:54:01","breadcrumb_settings":null,"limit_modified_date":false,"reviewed_by":null,"open_ai":null,"ai":null,"created":"2025-10-09 04:09:56","updated":"2026-04-23 15:30:45"},"aioseo_breadcrumb":"<div class=\"aioseo-breadcrumbs\"><span class=\"aioseo-breadcrumb\">\n\t<a href=\"https:\/\/droix.eu\/et\/\" title=\"Home\">Home<\/a>\n<\/span><span class=\"aioseo-breadcrumb-separator\">&raquo;<\/span><span class=\"aioseo-breadcrumb\">\n\t<a href=\"https:\/\/droix.eu\/et\/product-category\/tarvikud\/\" title=\"Tarvikud\">Tarvikud<\/a>\n<\/span><span class=\"aioseo-breadcrumb-separator\">&raquo;<\/span><span class=\"aioseo-breadcrumb\">\n\t<a href=\"https:\/\/droix.eu\/et\/product-category\/tarvikud\/mangude-aksessuaarid\/\" title=\"M\u00e4ngude aksessuaarid\">M\u00e4ngude aksessuaarid<\/a>\n<\/span><span class=\"aioseo-breadcrumb-separator\">&raquo;<\/span><span class=\"aioseo-breadcrumb\">\n\tGPD WIN 4 dokkimisjaam\n<\/span><\/div>","aioseo_breadcrumb_json":[{"label":"Home","link":"https:\/\/droix.eu\/et\/"},{"label":"Tarvikud","link":"https:\/\/droix.eu\/et\/product-category\/tarvikud\/"},{"label":"M\u00e4ngude aksessuaarid","link":"https:\/\/droix.eu\/et\/product-category\/tarvikud\/mangude-aksessuaarid\/"},{"label":"GPD WIN 4 dokkimisjaam","link":"https:\/\/droix.eu\/et\/product\/gpd-win-4-dokkimisjaam\/"}],"_links":{"self":[{"href":"https:\/\/droix.eu\/et\/wp-json\/wp\/v2\/product\/511303","targetHints":{"allow":["GET"]}}],"collection":[{"href":"https:\/\/droix.eu\/et\/wp-json\/wp\/v2\/product"}],"about":[{"href":"https:\/\/droix.eu\/et\/wp-json\/wp\/v2\/types\/product"}],"version-history":[{"count":0,"href":"https:\/\/droix.eu\/et\/wp-json\/wp\/v2\/product\/511303\/revisions"}],"wp:featuredmedia":[{"embeddable":true,"href":"https:\/\/droix.eu\/et\/wp-json\/wp\/v2\/media\/364511"}],"wp:attachment":[{"href":"https:\/\/droix.eu\/et\/wp-json\/wp\/v2\/media?parent=511303"}],"wp:term":[{"taxonomy":"product_brand","embeddable":true,"href":"https:\/\/droix.eu\/et\/wp-json\/wp\/v2\/product_brand?post=511303"},{"taxonomy":"product_cat","embeddable":true,"href":"https:\/\/droix.eu\/et\/wp-json\/wp\/v2\/product_cat?post=511303"},{"taxonomy":"product_tag","embeddable":true,"href":"https:\/\/droix.eu\/et\/wp-json\/wp\/v2\/product_tag?post=511303"},{"taxonomy":"woo-feed-brand","embeddable":true,"href":"https:\/\/droix.eu\/et\/wp-json\/wp\/v2\/woo-feed-brand?post=511303"},{"taxonomy":"key-features","embeddable":true,"href":"https:\/\/droix.eu\/et\/wp-json\/wp\/v2\/key-features?post=511303"}],"curies":[{"name":"wp","href":"https:\/\/api.w.org\/{rel}","templated":true}]}}