{"id":508846,"date":"2024-07-16T11:40:59","date_gmt":"2024-07-16T10:40:59","guid":{"rendered":"https:\/\/droix.eu\/product\/anbernic-rg-cube-kott\/"},"modified":"2026-03-27T12:33:35","modified_gmt":"2026-03-27T12:33:35","slug":"anbernic-rg-cube-kott","status":"publish","type":"product","link":"https:\/\/droix.eu\/et\/product\/anbernic-rg-cube-kott\/","title":{"rendered":"ANBERNIC RG Cube kott"},"content":{"rendered":"\n<p>Toote nimetus: M\u00e4ngukonsooli hoiukott<br\/><br\/>Toote v\u00e4rv: must<br\/><br\/>Toote materjal: kvaliteetne veekindel riie<br\/><br\/>Kasutatav mudel: ANBERNIC RG Cube&#8217;ile<\/p>\n\n<h3 class=\"wp-block-heading\">Toote omadused:<\/h3>\n\n<p><br\/>1. Multifunktsionaalne: See ei saa mitte ainult kanda oma m\u00e4ngukonsooli, vaid selles saab hoida ka tarvikuid, nagu laadijad, k\u00f5rvaklapid, andmekaablid jne. Sellel k\u00e4ekotil on mitu funktsiooni, et paremini kaitsta oma m\u00e4ngukonsooli ja tarvikuid.<br\/><br\/>2. Kerge ja kaasaskantav: See v\u00f5tab vastu kerge konstruktsiooni ja seda on v\u00e4ga mugav kaasas kanda. Kas te l\u00e4hete v\u00e4lja v\u00f5i kasutate seda kodus, saate m\u00e4ngukonsooli ja tarvikud alati k\u00e4ekotti panna, mis pakub igak\u00fclgset kaitset ja mugavat kandmist.<br\/><br\/>3. Kvaliteedi tagamine: Kvaliteetsetest materjalidest valmistatud, see on vastupidavam ja seda saab kasutada pikka aega ilma kulumise ja kahjustusteta. See k\u00e4ekott on parim kaitsepartner teie m\u00e4ngukonsoolile, pakkudes teile mugavat ja turvalist m\u00e4ngukogemust.<br\/><br\/>4. Moe v\u00e4limus: See ei kaitse mitte ainult m\u00e4ngukonsooli ja aksessuaare, vaid suurendab ka teie moetunnetust, mist\u00f5ttu tunnete end igal juhul enesekindlalt ja v\u00f5luvalt.<br\/><br\/>5. Kaasaskantav disain: See v\u00f5imaldab teil kanda m\u00e4ngukonsooli ilma, et see v\u00f5taks liiga palju ruumi k\u00e4es.<br\/><br\/>Toote brutokaal: 130g<br\/><br\/>Pakett sisaldab: M\u00e4ngukonsooli hoiukott * 1<\/p>\n\n<figure class=\"wp-block-image\"><img decoding=\"async\" src=\"https:\/\/ae01.alicdn.com\/kf\/S47af09c6805345fab0667f4210505b64g.jpg\" alt=\"Anbernic RG Cube Case - kaasaskantav must korpus Anbernici k&#xE4;sipuldi konsoolidele, millel on elegantne disain, sisemine v&#xF5;rktasku tarvikute jaoks ja tugev ehituskvaliteet, mis v&#xF5;imaldab m&#xE4;ngimist teel olles.\"\/><\/figure>\n\n<figure class=\"wp-block-image\"><img decoding=\"async\" src=\"https:\/\/ae01.alicdn.com\/kf\/S2785b70135a540c583158fcc5a78dc5b7.jpg\" alt=\"Anbernic RG Cube Case - Anbernic m&#xE4;ngukonsoolide must kaitsev kandekott, sisaldab pehmet polsterdatud sisemust, vastupidavat v&#xE4;liskesta ja kompaktset disaini lihtsaks transportimiseks.\"\/><\/figure>\n\n<figure class=\"wp-block-image\"><img decoding=\"async\" src=\"https:\/\/ae01.alicdn.com\/kf\/S091362331cd549caa28e2cf13f83d019s.jpg\" alt=\"Anbernic RG Cube Case - Must turvalise t&#xF5;mblukuga kaitse&#xFC;mbris, mis on kohandatud Anbernici m&#xE4;nguseadmetele, pakkudes suurep&#xE4;rast kaitset kriimustuste ja l&#xF6;&#xF6;kide eest.\"\/><\/figure>\n\n<figure class=\"wp-block-image\"><img decoding=\"async\" src=\"https:\/\/ae01.alicdn.com\/kf\/Sc0cb06fe4efa49a985b944aa17d27d29S.jpg\" alt=\"Anbernic RG Cube Case - Must turvalise t&#xF5;mblukuga kaitse&#xFC;mbris, mis on kohandatud Anbernici m&#xE4;nguseadmetele, pakkudes suurep&#xE4;rast kaitset kriimustuste ja l&#xF6;&#xF6;kide eest.\"\/><\/figure>\n\n<figure class=\"wp-block-image\"><img decoding=\"async\" src=\"https:\/\/ae01.alicdn.com\/kf\/Sca5337fc1adf4aa094209058e7fc98b9j.jpg\" alt=\"Musta v&#xE4;rvi Anbernic Cube &#xFC;mbris, millel on kompaktne ja elegantne disain ning vastupidav tekstuurne v&#xE4;lispind, mis tagab parema haardumise. Kohver sisaldab kohandatud vahtplastist sisendeid, mis hoiavad Anbernici m&#xE4;ngukonsooli ja lisaseadmeid kindlalt, tagades kaitse reisi ajal.\"\/><\/figure>\n\n<figure class=\"wp-block-image\"><img decoding=\"async\" src=\"https:\/\/ae01.alicdn.com\/kf\/S3b16c1675638498f9fd6dbc53a777f85c.jpg\" alt=\"Anbernic RG Cube Case - kaasaskantav must korpus Anbernici k&#xE4;sipuldi konsoolidele, millel on elegantne disain, sisemine v&#xF5;rktasku tarvikute jaoks ja tugev ehituskvaliteet, mis v&#xF5;imaldab m&#xE4;ngimist teel olles.\"\/><\/figure>\n","protected":false},"excerpt":{"rendered":"<ul>\n<li><strong>Ametlik<\/strong> ANBERNIC tarvik<\/li>\n<li><strong>Suurep\u00e4rane kaitse<\/strong> Valmistatud esmaklassilisest nahast<\/li>\n<li>Pehme riidest vooder <strong>lisakaitseks<\/strong>.<\/li>\n<\/ul>\n[droix_global_accordions]\n[cg_accordion title=\"Pakett sisaldab\"]<\/p>\n<ul>\n<li>1x kohver<\/li>\n<\/ul>\n<p>[\/cg_accordion]\n","protected":false},"featured_media":486289,"template":"","meta":{"_acf_changed":false},"product_brand":[],"product_cat":[10583,10481],"product_tag":[],"woo-feed-brand":[],"key-features":[],"class_list":{"0":"post-508846","1":"product","2":"type-product","3":"status-publish","4":"has-post-thumbnail","6":"product_cat-mangude-aksessuaarid","7":"product_cat-tarvikud","8":"product_shipping_class-low-end","9":"pa_accessory-type-protective-case","10":"pa_brands-anbernic-et","11":"pa_compatibility-anbernic-rg-kuubik","13":"first","14":"outofstock","15":"sale","16":"taxable","17":"shipping-taxable","18":"purchasable","19":"product-type-simple"},"acf":[],"aioseo_notices":[],"aioseo_head":"\n\t\t<!-- All in One SEO Pro 4.9.5.2 - aioseo.com -->\n\t<meta name=\"description\" content=\"Ametlik ANBERNIC tarvik Suurep\u00e4rane kaitse Valmistatud esmaklassilisest nahast Pehme riidest vooder lisakaitseks. Pakett sisaldab 1x kohver\" \/>\n\t<meta name=\"robots\" content=\"max-image-preview:large\" \/>\n\t<link rel=\"canonical\" href=\"https:\/\/droix.eu\/et\/product\/anbernic-rg-cube-kott\/\" \/>\n\t<meta name=\"generator\" content=\"All in One SEO Pro (AIOSEO) 4.9.5.2\" \/>\n\t\t<meta property=\"og:locale\" content=\"et_EE\" \/>\n\t\t<meta property=\"og:site_name\" content=\"DROIX EU - Get the latest Mini PCs, Ultrabook, PC Gaming Handhelds and more!\" \/>\n\t\t<meta property=\"og:type\" content=\"article\" \/>\n\t\t<meta property=\"og:title\" content=\"ANBERNIC RG Cube kott - DROIX EU\" \/>\n\t\t<meta property=\"og:description\" content=\"Ametlik ANBERNIC tarvik Suurep\u00e4rane kaitse Valmistatud esmaklassilisest nahast Pehme riidest vooder lisakaitseks. Pakett sisaldab 1x kohver\" \/>\n\t\t<meta property=\"og:url\" content=\"https:\/\/droix.eu\/et\/product\/anbernic-rg-cube-kott\/\" \/>\n\t\t<meta property=\"og:image\" content=\"https:\/\/droix.eu\/wp-content\/uploads\/2024\/06\/droix-v2-light-logo.png\" \/>\n\t\t<meta property=\"og:image:secure_url\" content=\"https:\/\/droix.eu\/wp-content\/uploads\/2024\/06\/droix-v2-light-logo.png\" \/>\n\t\t<meta property=\"og:image:width\" content=\"380\" \/>\n\t\t<meta property=\"og:image:height\" content=\"118\" \/>\n\t\t<meta property=\"article:published_time\" content=\"2024-07-16T10:40:59+00:00\" \/>\n\t\t<meta property=\"article:modified_time\" content=\"2026-03-27T12:33:35+00:00\" \/>\n\t\t<meta property=\"article:publisher\" content=\"https:\/\/www.facebook.com\/DroiX.Store\" \/>\n\t\t<meta name=\"twitter:card\" content=\"summary_large_image\" \/>\n\t\t<meta name=\"twitter:site\" content=\"@DroiX_Store\" \/>\n\t\t<meta name=\"twitter:title\" content=\"ANBERNIC RG Cube kott - DROIX EU\" \/>\n\t\t<meta name=\"twitter:description\" content=\"Ametlik ANBERNIC tarvik Suurep\u00e4rane kaitse Valmistatud esmaklassilisest nahast Pehme riidest vooder lisakaitseks. Pakett sisaldab 1x kohver\" \/>\n\t\t<meta name=\"twitter:image\" content=\"https:\/\/droix.eu\/wp-content\/uploads\/2024\/06\/droix-v2-light-logo.png\" \/>\n\t\t<script type=\"application\/ld+json\" class=\"aioseo-schema\">\n\t\t\t{\"@context\":\"https:\\\/\\\/schema.org\",\"@graph\":[{\"@type\":\"BreadcrumbList\",\"@id\":\"https:\\\/\\\/droix.eu\\\/et\\\/product\\\/anbernic-rg-cube-kott\\\/#breadcrumblist\",\"itemListElement\":[{\"@type\":\"ListItem\",\"@id\":\"https:\\\/\\\/droix.eu\\\/et\\\/#listItem\",\"position\":1,\"name\":\"Home\",\"item\":\"https:\\\/\\\/droix.eu\\\/et\\\/\",\"nextItem\":{\"@type\":\"ListItem\",\"@id\":\"https:\\\/\\\/droix.eu\\\/et\\\/product-category\\\/tarvikud\\\/#listItem\",\"name\":\"Tarvikud\"}},{\"@type\":\"ListItem\",\"@id\":\"https:\\\/\\\/droix.eu\\\/et\\\/product-category\\\/tarvikud\\\/#listItem\",\"position\":2,\"name\":\"Tarvikud\",\"item\":\"https:\\\/\\\/droix.eu\\\/et\\\/product-category\\\/tarvikud\\\/\",\"nextItem\":{\"@type\":\"ListItem\",\"@id\":\"https:\\\/\\\/droix.eu\\\/et\\\/product-category\\\/tarvikud\\\/mangude-aksessuaarid\\\/#listItem\",\"name\":\"M\\u00e4ngude aksessuaarid\"},\"previousItem\":{\"@type\":\"ListItem\",\"@id\":\"https:\\\/\\\/droix.eu\\\/et\\\/#listItem\",\"name\":\"Home\"}},{\"@type\":\"ListItem\",\"@id\":\"https:\\\/\\\/droix.eu\\\/et\\\/product-category\\\/tarvikud\\\/mangude-aksessuaarid\\\/#listItem\",\"position\":3,\"name\":\"M\\u00e4ngude aksessuaarid\",\"item\":\"https:\\\/\\\/droix.eu\\\/et\\\/product-category\\\/tarvikud\\\/mangude-aksessuaarid\\\/\",\"nextItem\":{\"@type\":\"ListItem\",\"@id\":\"https:\\\/\\\/droix.eu\\\/et\\\/product\\\/anbernic-rg-cube-kott\\\/#listItem\",\"name\":\"ANBERNIC RG Cube kott\"},\"previousItem\":{\"@type\":\"ListItem\",\"@id\":\"https:\\\/\\\/droix.eu\\\/et\\\/product-category\\\/tarvikud\\\/#listItem\",\"name\":\"Tarvikud\"}},{\"@type\":\"ListItem\",\"@id\":\"https:\\\/\\\/droix.eu\\\/et\\\/product\\\/anbernic-rg-cube-kott\\\/#listItem\",\"position\":4,\"name\":\"ANBERNIC RG Cube kott\",\"previousItem\":{\"@type\":\"ListItem\",\"@id\":\"https:\\\/\\\/droix.eu\\\/et\\\/product-category\\\/tarvikud\\\/mangude-aksessuaarid\\\/#listItem\",\"name\":\"M\\u00e4ngude aksessuaarid\"}}]},{\"@type\":\"Organization\",\"@id\":\"https:\\\/\\\/droix.eu\\\/et\\\/#organization\",\"name\":\"DroiX \\u2013 Trusted EU Tech Retailer with 12+ Years Experience\",\"description\":\"DroiX is a leading European technology retailer with over 12 years of experience, offering quality mini PCs, handheld gaming consoles, and tech accessories. We provide hassle-free EU delivery with all taxes included, ensuring a smooth and reliable shopping experience for our customers across Europe.\",\"url\":\"https:\\\/\\\/droix.eu\\\/et\\\/\",\"logo\":{\"@type\":\"ImageObject\",\"url\":\"https:\\\/\\\/droix.eu\\\/wp-content\\\/uploads\\\/2024\\\/06\\\/droix-v2-light-logo.png\",\"@id\":\"https:\\\/\\\/droix.eu\\\/et\\\/product\\\/anbernic-rg-cube-kott\\\/#organizationLogo\",\"width\":380,\"height\":118},\"image\":{\"@id\":\"https:\\\/\\\/droix.eu\\\/et\\\/product\\\/anbernic-rg-cube-kott\\\/#organizationLogo\"},\"sameAs\":[\"https:\\\/\\\/www.facebook.com\\\/DroiX.Store\",\"https:\\\/\\\/twitter.com\\\/DroiX_Store\",\"https:\\\/\\\/www.instagram.com\\\/droix.store\\\/\",\"https:\\\/\\\/www.tiktok.com\\\/@droix.store\",\"https:\\\/\\\/www.youtube.com\\\/c\\\/DroiX_Store\",\"https:\\\/\\\/uk.linkedin.com\\\/company\\\/droix\"]},{\"@type\":\"Product\",\"@id\":\"https:\\\/\\\/droix.eu\\\/et\\\/product\\\/anbernic-rg-cube-kott\\\/#wooCommerceProduct\",\"name\":\"ANBERNIC RG Cube kott\",\"description\":\"Ametlik ANBERNIC tarvik\\nSuurep\\u00e4rane kaitse Valmistatud esmaklassilisest nahast\\nPehme riidest vooder lisakaitseks.\",\"url\":\"https:\\\/\\\/droix.eu\\\/et\\\/product\\\/anbernic-rg-cube-kott\\\/\",\"sku\":\"RG-CUBE-BAG\",\"gtin\":\"5060763679351\",\"image\":{\"@type\":\"ImageObject\",\"url\":\"https:\\\/\\\/droix.eu\\\/wp-content\\\/uploads\\\/2024\\\/07\\\/CUBE-CASE.png\",\"@id\":\"https:\\\/\\\/droix.eu\\\/et\\\/product\\\/anbernic-rg-cube-kott\\\/#productImage\",\"width\":1001,\"height\":1001,\"caption\":\"Musta v\\u00e4rvi Anbernic Cube \\u00fcmbris, millel on kompaktne ja elegantne disain ning vastupidav tekstuurne v\\u00e4lispind, mis tagab parema haardumise. Kohver sisaldab kohandatud vahtplastist sisendeid, mis hoiavad Anbernici m\\u00e4ngukonsooli ja lisaseadmeid kindlalt, tagades kaitse reisi ajal.\"},\"offers\":{\"@type\":\"Offer\",\"url\":\"https:\\\/\\\/droix.eu\\\/et\\\/product\\\/anbernic-rg-cube-kott\\\/#wooCommerceOffer\",\"price\":6.09,\"priceCurrency\":\"EUR\",\"category\":\"M\\u00e4ngude aksessuaarid\",\"availability\":\"https:\\\/\\\/schema.org\\\/OutOfStock\",\"priceSpecification\":{\"@type\":\"PriceSpecification\",\"price\":6.09,\"priceCurrency\":\"EUR\",\"valueAddedTaxIncluded\":\"true\"},\"seller\":{\"@type\":\"Organization\",\"@id\":\"https:\\\/\\\/droix.eu\\\/et\\\/#organization\"}}},{\"@type\":\"WebPage\",\"@id\":\"https:\\\/\\\/droix.eu\\\/et\\\/product\\\/anbernic-rg-cube-kott\\\/#webpage\",\"url\":\"https:\\\/\\\/droix.eu\\\/et\\\/product\\\/anbernic-rg-cube-kott\\\/\",\"name\":\"ANBERNIC RG Cube kott - DROIX EU\",\"description\":\"Ametlik ANBERNIC tarvik Suurep\\u00e4rane kaitse Valmistatud esmaklassilisest nahast Pehme riidest vooder lisakaitseks. Pakett sisaldab 1x kohver\",\"inLanguage\":\"et\",\"isPartOf\":{\"@id\":\"https:\\\/\\\/droix.eu\\\/et\\\/#website\"},\"breadcrumb\":{\"@id\":\"https:\\\/\\\/droix.eu\\\/et\\\/product\\\/anbernic-rg-cube-kott\\\/#breadcrumblist\"},\"image\":{\"@type\":\"ImageObject\",\"url\":\"https:\\\/\\\/droix.eu\\\/wp-content\\\/uploads\\\/2024\\\/07\\\/CUBE-CASE.png\",\"@id\":\"https:\\\/\\\/droix.eu\\\/et\\\/product\\\/anbernic-rg-cube-kott\\\/#mainImage\",\"width\":1001,\"height\":1001,\"caption\":\"Musta v\\u00e4rvi Anbernic Cube \\u00fcmbris, millel on kompaktne ja elegantne disain ning vastupidav tekstuurne v\\u00e4lispind, mis tagab parema haardumise. Kohver sisaldab kohandatud vahtplastist sisendeid, mis hoiavad Anbernici m\\u00e4ngukonsooli ja lisaseadmeid kindlalt, tagades kaitse reisi ajal.\"},\"primaryImageOfPage\":{\"@id\":\"https:\\\/\\\/droix.eu\\\/et\\\/product\\\/anbernic-rg-cube-kott\\\/#mainImage\"},\"datePublished\":\"2024-07-16T11:40:59+01:00\",\"dateModified\":\"2026-03-27T12:33:35+00:00\"},{\"@type\":\"WebSite\",\"@id\":\"https:\\\/\\\/droix.eu\\\/et\\\/#website\",\"url\":\"https:\\\/\\\/droix.eu\\\/et\\\/\",\"name\":\"DROIX EU\",\"description\":\"Get the latest Mini PCs, Ultrabook, PC Gaming Handhelds and more!\",\"inLanguage\":\"et\",\"publisher\":{\"@id\":\"https:\\\/\\\/droix.eu\\\/et\\\/#organization\"}}]}\n\t\t<\/script>\n\t\t<!-- All in One SEO Pro -->\r\n\t\t<title>ANBERNIC RG Cube kott - DROIX EU<\/title>\n\n","aioseo_head_json":{"title":"ANBERNIC RG Cube kott - DROIX EU","description":"Ametlik ANBERNIC tarvik Suurep\u00e4rane kaitse Valmistatud esmaklassilisest nahast Pehme riidest vooder lisakaitseks. Pakett sisaldab 1x kohver","canonical_url":"https:\/\/droix.eu\/et\/product\/anbernic-rg-cube-kott\/","robots":"max-image-preview:large","keywords":"","webmasterTools":{"miscellaneous":""},"schema":{"@context":"https:\/\/schema.org","@graph":[{"@type":"BreadcrumbList","@id":"https:\/\/droix.eu\/et\/product\/anbernic-rg-cube-kott\/#breadcrumblist","itemListElement":[{"@type":"ListItem","@id":"https:\/\/droix.eu\/et\/#listItem","position":1,"name":"Home","item":"https:\/\/droix.eu\/et\/","nextItem":{"@type":"ListItem","@id":"https:\/\/droix.eu\/et\/product-category\/tarvikud\/#listItem","name":"Tarvikud"}},{"@type":"ListItem","@id":"https:\/\/droix.eu\/et\/product-category\/tarvikud\/#listItem","position":2,"name":"Tarvikud","item":"https:\/\/droix.eu\/et\/product-category\/tarvikud\/","nextItem":{"@type":"ListItem","@id":"https:\/\/droix.eu\/et\/product-category\/tarvikud\/mangude-aksessuaarid\/#listItem","name":"M\u00e4ngude aksessuaarid"},"previousItem":{"@type":"ListItem","@id":"https:\/\/droix.eu\/et\/#listItem","name":"Home"}},{"@type":"ListItem","@id":"https:\/\/droix.eu\/et\/product-category\/tarvikud\/mangude-aksessuaarid\/#listItem","position":3,"name":"M\u00e4ngude aksessuaarid","item":"https:\/\/droix.eu\/et\/product-category\/tarvikud\/mangude-aksessuaarid\/","nextItem":{"@type":"ListItem","@id":"https:\/\/droix.eu\/et\/product\/anbernic-rg-cube-kott\/#listItem","name":"ANBERNIC RG Cube kott"},"previousItem":{"@type":"ListItem","@id":"https:\/\/droix.eu\/et\/product-category\/tarvikud\/#listItem","name":"Tarvikud"}},{"@type":"ListItem","@id":"https:\/\/droix.eu\/et\/product\/anbernic-rg-cube-kott\/#listItem","position":4,"name":"ANBERNIC RG Cube kott","previousItem":{"@type":"ListItem","@id":"https:\/\/droix.eu\/et\/product-category\/tarvikud\/mangude-aksessuaarid\/#listItem","name":"M\u00e4ngude aksessuaarid"}}]},{"@type":"Organization","@id":"https:\/\/droix.eu\/et\/#organization","name":"DroiX \u2013 Trusted EU Tech Retailer with 12+ Years Experience","description":"DroiX is a leading European technology retailer with over 12 years of experience, offering quality mini PCs, handheld gaming consoles, and tech accessories. We provide hassle-free EU delivery with all taxes included, ensuring a smooth and reliable shopping experience for our customers across Europe.","url":"https:\/\/droix.eu\/et\/","logo":{"@type":"ImageObject","url":"https:\/\/droix.eu\/wp-content\/uploads\/2024\/06\/droix-v2-light-logo.png","@id":"https:\/\/droix.eu\/et\/product\/anbernic-rg-cube-kott\/#organizationLogo","width":380,"height":118},"image":{"@id":"https:\/\/droix.eu\/et\/product\/anbernic-rg-cube-kott\/#organizationLogo"},"sameAs":["https:\/\/www.facebook.com\/DroiX.Store","https:\/\/twitter.com\/DroiX_Store","https:\/\/www.instagram.com\/droix.store\/","https:\/\/www.tiktok.com\/@droix.store","https:\/\/www.youtube.com\/c\/DroiX_Store","https:\/\/uk.linkedin.com\/company\/droix"]},{"@type":"Product","@id":"https:\/\/droix.eu\/et\/product\/anbernic-rg-cube-kott\/#wooCommerceProduct","name":"ANBERNIC RG Cube kott","description":"Ametlik ANBERNIC tarvik\nSuurep\u00e4rane kaitse Valmistatud esmaklassilisest nahast\nPehme riidest vooder lisakaitseks.","url":"https:\/\/droix.eu\/et\/product\/anbernic-rg-cube-kott\/","sku":"RG-CUBE-BAG","gtin":"5060763679351","image":{"@type":"ImageObject","url":"https:\/\/droix.eu\/wp-content\/uploads\/2024\/07\/CUBE-CASE.png","@id":"https:\/\/droix.eu\/et\/product\/anbernic-rg-cube-kott\/#productImage","width":1001,"height":1001,"caption":"Musta v\u00e4rvi Anbernic Cube \u00fcmbris, millel on kompaktne ja elegantne disain ning vastupidav tekstuurne v\u00e4lispind, mis tagab parema haardumise. Kohver sisaldab kohandatud vahtplastist sisendeid, mis hoiavad Anbernici m\u00e4ngukonsooli ja lisaseadmeid kindlalt, tagades kaitse reisi ajal."},"offers":{"@type":"Offer","url":"https:\/\/droix.eu\/et\/product\/anbernic-rg-cube-kott\/#wooCommerceOffer","price":6.09,"priceCurrency":"EUR","category":"M\u00e4ngude aksessuaarid","availability":"https:\/\/schema.org\/OutOfStock","priceSpecification":{"@type":"PriceSpecification","price":6.09,"priceCurrency":"EUR","valueAddedTaxIncluded":"true"},"seller":{"@type":"Organization","@id":"https:\/\/droix.eu\/et\/#organization"}}},{"@type":"WebPage","@id":"https:\/\/droix.eu\/et\/product\/anbernic-rg-cube-kott\/#webpage","url":"https:\/\/droix.eu\/et\/product\/anbernic-rg-cube-kott\/","name":"ANBERNIC RG Cube kott - DROIX EU","description":"Ametlik ANBERNIC tarvik Suurep\u00e4rane kaitse Valmistatud esmaklassilisest nahast Pehme riidest vooder lisakaitseks. Pakett sisaldab 1x kohver","inLanguage":"et","isPartOf":{"@id":"https:\/\/droix.eu\/et\/#website"},"breadcrumb":{"@id":"https:\/\/droix.eu\/et\/product\/anbernic-rg-cube-kott\/#breadcrumblist"},"image":{"@type":"ImageObject","url":"https:\/\/droix.eu\/wp-content\/uploads\/2024\/07\/CUBE-CASE.png","@id":"https:\/\/droix.eu\/et\/product\/anbernic-rg-cube-kott\/#mainImage","width":1001,"height":1001,"caption":"Musta v\u00e4rvi Anbernic Cube \u00fcmbris, millel on kompaktne ja elegantne disain ning vastupidav tekstuurne v\u00e4lispind, mis tagab parema haardumise. Kohver sisaldab kohandatud vahtplastist sisendeid, mis hoiavad Anbernici m\u00e4ngukonsooli ja lisaseadmeid kindlalt, tagades kaitse reisi ajal."},"primaryImageOfPage":{"@id":"https:\/\/droix.eu\/et\/product\/anbernic-rg-cube-kott\/#mainImage"},"datePublished":"2024-07-16T11:40:59+01:00","dateModified":"2026-03-27T12:33:35+00:00"},{"@type":"WebSite","@id":"https:\/\/droix.eu\/et\/#website","url":"https:\/\/droix.eu\/et\/","name":"DROIX EU","description":"Get the latest Mini PCs, Ultrabook, PC Gaming Handhelds and more!","inLanguage":"et","publisher":{"@id":"https:\/\/droix.eu\/et\/#organization"}}]},"og:locale":"et_EE","og:site_name":"DROIX EU - Get the latest Mini PCs, Ultrabook, PC Gaming Handhelds and more!","og:type":"article","og:title":"ANBERNIC RG Cube kott - DROIX EU","og:description":"Ametlik ANBERNIC tarvik Suurep\u00e4rane kaitse Valmistatud esmaklassilisest nahast Pehme riidest vooder lisakaitseks. Pakett sisaldab 1x kohver","og:url":"https:\/\/droix.eu\/et\/product\/anbernic-rg-cube-kott\/","og:image":"https:\/\/droix.eu\/wp-content\/uploads\/2024\/06\/droix-v2-light-logo.png","og:image:secure_url":"https:\/\/droix.eu\/wp-content\/uploads\/2024\/06\/droix-v2-light-logo.png","og:image:width":380,"og:image:height":118,"article:published_time":"2024-07-16T10:40:59+00:00","article:modified_time":"2026-03-27T12:33:35+00:00","article:publisher":"https:\/\/www.facebook.com\/DroiX.Store","twitter:card":"summary_large_image","twitter:site":"@DroiX_Store","twitter:title":"ANBERNIC RG Cube kott - DROIX EU","twitter:description":"Ametlik ANBERNIC tarvik Suurep\u00e4rane kaitse Valmistatud esmaklassilisest nahast Pehme riidest vooder lisakaitseks. Pakett sisaldab 1x kohver","twitter:image":"https:\/\/droix.eu\/wp-content\/uploads\/2024\/06\/droix-v2-light-logo.png"},"aioseo_meta_data":{"post_id":"508846","title":null,"description":null,"keywords":null,"keyphrases":null,"primary_term":null,"canonical_url":null,"og_title":null,"og_description":null,"og_object_type":"default","og_image_type":"default","og_image_url":null,"og_image_width":null,"og_image_height":null,"og_image_custom_url":null,"og_image_custom_fields":null,"og_video":null,"og_custom_url":null,"og_article_section":null,"og_article_tags":null,"twitter_use_og":true,"twitter_card":"default","twitter_image_type":"default","twitter_image_url":null,"twitter_image_custom_url":null,"twitter_image_custom_fields":null,"twitter_title":null,"twitter_description":null,"schema":{"blockGraphs":[],"customGraphs":[],"default":{"data":{"Article":[],"Course":[],"Dataset":[],"FAQPage":[],"Movie":[],"Person":[],"Product":[],"ProductReview":[],"Car":[],"Recipe":[],"Service":[],"SoftwareApplication":[],"WebPage":[]},"graphName":"Product","isEnabled":true},"graphs":[]},"schema_type":"default","schema_type_options":null,"pillar_content":false,"robots_default":true,"robots_noindex":false,"robots_noarchive":false,"robots_nosnippet":false,"robots_nofollow":false,"robots_noimageindex":false,"robots_noodp":false,"robots_notranslate":false,"robots_max_snippet":null,"robots_max_videopreview":null,"robots_max_imagepreview":"large","priority":null,"frequency":null,"local_seo":null,"seo_analyzer_scan_date":"2026-03-27 12:51:38","breadcrumb_settings":null,"limit_modified_date":false,"reviewed_by":null,"open_ai":null,"ai":null,"created":"2025-10-09 05:49:46","updated":"2026-03-27 14:08:23"},"aioseo_breadcrumb":"<div class=\"aioseo-breadcrumbs\"><span class=\"aioseo-breadcrumb\">\n\t<a href=\"https:\/\/droix.eu\/et\/\" title=\"Home\">Home<\/a>\n<\/span><span class=\"aioseo-breadcrumb-separator\">&raquo;<\/span><span class=\"aioseo-breadcrumb\">\n\t<a href=\"https:\/\/droix.eu\/et\/product-category\/tarvikud\/\" title=\"Tarvikud\">Tarvikud<\/a>\n<\/span><span class=\"aioseo-breadcrumb-separator\">&raquo;<\/span><span class=\"aioseo-breadcrumb\">\n\t<a href=\"https:\/\/droix.eu\/et\/product-category\/tarvikud\/mangude-aksessuaarid\/\" title=\"M\u00e4ngude aksessuaarid\">M\u00e4ngude aksessuaarid<\/a>\n<\/span><span class=\"aioseo-breadcrumb-separator\">&raquo;<\/span><span class=\"aioseo-breadcrumb\">\n\tANBERNIC RG Cube kott\n<\/span><\/div>","aioseo_breadcrumb_json":[{"label":"Home","link":"https:\/\/droix.eu\/et\/"},{"label":"Tarvikud","link":"https:\/\/droix.eu\/et\/product-category\/tarvikud\/"},{"label":"M\u00e4ngude aksessuaarid","link":"https:\/\/droix.eu\/et\/product-category\/tarvikud\/mangude-aksessuaarid\/"},{"label":"ANBERNIC RG Cube kott","link":"https:\/\/droix.eu\/et\/product\/anbernic-rg-cube-kott\/"}],"_links":{"self":[{"href":"https:\/\/droix.eu\/et\/wp-json\/wp\/v2\/product\/508846","targetHints":{"allow":["GET"]}}],"collection":[{"href":"https:\/\/droix.eu\/et\/wp-json\/wp\/v2\/product"}],"about":[{"href":"https:\/\/droix.eu\/et\/wp-json\/wp\/v2\/types\/product"}],"version-history":[{"count":0,"href":"https:\/\/droix.eu\/et\/wp-json\/wp\/v2\/product\/508846\/revisions"}],"wp:featuredmedia":[{"embeddable":true,"href":"https:\/\/droix.eu\/et\/wp-json\/wp\/v2\/media\/486289"}],"wp:attachment":[{"href":"https:\/\/droix.eu\/et\/wp-json\/wp\/v2\/media?parent=508846"}],"wp:term":[{"taxonomy":"product_brand","embeddable":true,"href":"https:\/\/droix.eu\/et\/wp-json\/wp\/v2\/product_brand?post=508846"},{"taxonomy":"product_cat","embeddable":true,"href":"https:\/\/droix.eu\/et\/wp-json\/wp\/v2\/product_cat?post=508846"},{"taxonomy":"product_tag","embeddable":true,"href":"https:\/\/droix.eu\/et\/wp-json\/wp\/v2\/product_tag?post=508846"},{"taxonomy":"woo-feed-brand","embeddable":true,"href":"https:\/\/droix.eu\/et\/wp-json\/wp\/v2\/woo-feed-brand?post=508846"},{"taxonomy":"key-features","embeddable":true,"href":"https:\/\/droix.eu\/et\/wp-json\/wp\/v2\/key-features?post=508846"}],"curies":[{"name":"wp","href":"https:\/\/api.w.org\/{rel}","templated":true}]}}