{"id":507751,"date":"2024-09-19T12:02:29","date_gmt":"2024-09-19T11:02:29","guid":{"rendered":"https:\/\/droix.eu\/product\/ayaneo-pocket-s-tarvikud\/"},"modified":"2026-04-08T10:13:44","modified_gmt":"2026-04-08T09:13:44","slug":"ayaneo-pocket-s-tarvikud","status":"publish","type":"product","link":"https:\/\/droix.eu\/et\/product\/ayaneo-pocket-s-tarvikud\/","title":{"rendered":"AYANEO Pocket S tarvikud"},"content":{"rendered":"\n<p>Parandage oma AYANEO Pocket S m\u00e4ngukogemust selle kohustusliku lisavarustuse komplektiga, mis on loodud kaitsmiseks, mugavuseks ja paremaks m\u00e4ngimiseks.<\/p>\n\n<ul class=\"wp-block-list\">\n<li><strong><strong>Ergonoomiline Comfort Grip kaitsev kest<\/strong><\/strong>: See uuendusliku ergonoomilise disainiga valmistatud kaitsekest suurendab oluliselt teie AYANEO Pocket S-i mugavust ja funktsionaalsust. Libisemiskindel tekstuur tagab kindla ja turvalise haarde ning suur, kontuurne k\u00e4epide pakub t\u00e4ielikku ja mugavat haaret, mis v\u00f5imaldab pikemaid, v\u00e4simusvabasid m\u00e4ngusessioone. See vastupidav kate \u00fcmbritsevad teie seadet kindlalt, pakkudes igak\u00fclgset kaitset, et kaitsta teie AYANEO Pocket S-i igap\u00e4evaste p\u00f5rutuste, kriimustuste ja kulumise eest. <\/li>\n\n\n\n<li><strong>Ekraanikaitse<\/strong>: Kaitske oma ekraani kvaliteetse, \u00fclikiire ekraanikaitsekilega. See on loodud vastu pidama kriimustustele, mustustele ja s\u00f5rmej\u00e4lgedele ning tagab, et ekraan j\u00e4\u00e4b sama elavaks ja tundlikuks kui kunagi varem. Selle h\u00f5lpsasti paigaldatav disain tagab mullivaba paigalduse, hoides ekraani puutumatuna, s\u00e4ilitades samal ajal puutetundlikkuse, et m\u00e4ngimine oleks sujuv ja katkematu.  <\/li>\n\n\n\n<li><strong>P\u00f6idlak\u00e4epidemed<\/strong>: Parandage oma kontrolli k\u00f5rgekvaliteediliste p\u00f6idlahoidjate abil. Need analoogpulkade silikoonist katted pakuvad suurep\u00e4rast haardumist ja t\u00e4psust, aidates teil s\u00e4ilitada kontrolli ka k\u00f5ige intensiivsemates m\u00e4nguhetkedes. Need p\u00f6idlahoidjad on loodud v\u00e4simuse v\u00e4hendamiseks ja mugavuse parandamiseks ning v\u00f5imaldavad t\u00e4psemaid liigutusi, andes sulle vajaliku konkurentsieelise.  <\/li>\n<\/ul>\n\n<p>See lisatarvikute komplekt tagab, et teie AYANEO Pocket S j\u00e4\u00e4b kaitstud ja valmis tegutsemiseks, parandades samal ajal m\u00e4ngukogemust ergonoomiliste t\u00e4iustustega.<\/p>\n","protected":false},"excerpt":{"rendered":"<ul>\n<li><strong>Ametlik AYANEO<\/strong> Pocket S kohver<\/li>\n<li>Pehme riidest vooder <strong>lisakaitseks<\/strong>.<\/li>\n<li>Libisemisvastane tekstuur ja suure suurusega k\u00e4epide turvaliseks hoidmiseks.<\/li>\n<li>Kvaliteetne, \u00fclikiire kaitse kriimustuste ja mustuste v\u00e4ltimiseks.<\/li>\n<li>S\u00e4ilitab puutetundlikkuse sujuvaks m\u00e4ngimiseks.<\/li>\n<\/ul>\n[cg_accordion title=\"1-aastane garantii, mida toetab kogemus\"]<\/p>\n<p>Teie ostu kaitseb meie 1-aastane garantii ja \u00fcle 13 aasta kestnud usaldusv\u00e4\u00e4rne teenindus. \u00dcle 500 000 rahuloleva kliendiga olete kindlates k\u00e4tes. [\/cg_accordion]\n[cg_accordion title=\"Kvaliteedi tagamine ja l\u00e4hetuseelne testimine\"]<\/p>\n<p>Klientide rahulolu tagamine k\u00f5rgeimal tasemel: Iga seade l\u00e4bib enne saatmist ranged testid ja mitmepunktilise kvaliteedikontrolli. Meie p\u00fchendunud meeskond kontrollib j\u00f5udlust, funktsionaalsust ja komponentide terviklikkust, et tagada, et teie AYANEO seade on saabumisel t\u00e4iuslikus t\u00f6\u00f6korras, pakkudes teile kindlustunnet ja meelerahu. [\/cg_accordion]\n[cg_accordion title=\"Paindlikud ja turvalised maksev\u00f5imalused\"]<\/p>\n<p>Nautige meelerahu meie turvalise kassas\u00fcsteemi abil. Toetame k\u00f5iki peamisi makseviise, sealhulgas deebet-\/krediitkaarte, PayPal, Apple Pay, Google Pay, Klarna, Afterpay ja Affirm, mis annab teile vabaduse maksta nii ettemaksuna kui ka lihtsate osamaksetena. [\/cg_accordion]\n[cg_accordion title=\"Maksud\"]<\/p>\n<p>Hinnad sisaldavad kehtivat k\u00e4ibemaksu, mis v\u00f5ib s\u00f5ltuvalt riigist olla kuni 25%. T\u00e4ieliku l\u00e4bipaistvuse tagamiseks on t\u00e4pne summa n\u00e4idatud ostu sooritamise ajal. [\/cg_accordion]\n[cg_accordion title=\"Kohaletoimetamine ja tagastamine\"]<\/p>\n<p>Teeme koost\u00f6\u00f6d enam kui 10 usaldusv\u00e4\u00e4rse tarnepartneriga, et tagada teie tellimuse kiire, turvaline ja usaldusv\u00e4\u00e4rne kohalej\u00f5udmine.<\/p>\n<p>Me kasutame Express DDP (Delivered Duty Paid) laevandus. See t\u00e4hendab: <\/p>\n<li>K\u00f5ik tollimaksud ja maksud on juba n\u00e4idatud toote hinnas sisalduvad.<\/li>\n<li>Te ei pea kohaletoimetamisel ootamatuid tasusid maksma.<\/li>\n<li>Harvaesinevate tolliviivituste korral haldab meie meeskond teie eest tollivormistust, et tagada sujuv tarne.<\/li>\n<p>Oluline teave tagastuste kohta:<\/p>\n<li>Kui te tagastate oma tellimuse v\u00f5i taotlete tagasimakset, siis arvestage palun, et k\u00f5ik teie eest DDP tingimuste alusel makstud maksud ja tollimaksud ei kuulu tagasimaksmisele.<\/li>\n<p>\u00dcksikasjalik teave on esitatud meie <a href=\"https:\/\/droix.eu\/et\/tingimused\/\" target=\"_blank\" rel=\"nofollow noopener\">Tingimustes<\/a>.\n<\/ul>\n<p>[\/cg_accordion]\n[cg_accordion title=\"Klienditugi\"]<\/p>\n<p>Kas teil on k\u00fcsimus? Oleme l\u00fchikese teksti kaugusel sellest, et teie k\u00fcsimus oleks lahendatud! [\/cg_accordion]\n[cg_accordion title=\"Pakett sisaldab\"]<\/p>\n<ul>\n<li>1x AYANEO Pocket S kohver<\/li>\n<li>1x AYANEO Pocket S ekraanikaitsekile<\/li>\n<li>1x AYANEO Pocket S k\u00e4epidemed<\/li>\n<\/ul>\n<p>[\/cg_accordion]\n","protected":false},"featured_media":491253,"template":"","meta":{"_acf_changed":false},"product_brand":[],"product_cat":[10587],"product_tag":[],"woo-feed-brand":[],"key-features":[],"class_list":{"0":"post-507751","1":"product","2":"type-product","3":"status-publish","4":"has-post-thumbnail","6":"product_cat-mittekategoriseeritud","7":"product_shipping_class-low-end","8":"pa_accessory-type-grip","9":"pa_accessory-type-protective-case","10":"pa_accessory-type-screen-protector","11":"pa_brands-ayaneo-et","13":"first","14":"instock","15":"sale","16":"taxable","17":"shipping-taxable","18":"purchasable","19":"product-type-simple"},"acf":[],"aioseo_notices":[],"aioseo_head":"\n\t\t<!-- All in One SEO Pro 4.9.6.2 - aioseo.com -->\n\t<meta name=\"description\" content=\"Ametlik AYANEO Pocket S kohver Pehme riidest vooder lisakaitseks. Libisemisvastane tekstuur ja suure suurusega k\u00e4epide turvaliseks hoidmiseks. Kvaliteetne, \u00fclikiire kaitse kriimustuste ja mustuste v\u00e4ltimiseks. S\u00e4ilitab puutetundlikkuse sujuvaks m\u00e4ngimiseks.\" \/>\n\t<meta name=\"robots\" content=\"max-image-preview:large\" \/>\n\t<link rel=\"canonical\" href=\"https:\/\/droix.eu\/et\/product\/ayaneo-pocket-s-tarvikud\/\" \/>\n\t<meta name=\"generator\" content=\"All in One SEO Pro (AIOSEO) 4.9.6.2\" \/>\n\t\t<meta property=\"og:locale\" content=\"et_EE\" \/>\n\t\t<meta property=\"og:site_name\" content=\"DROIX EU - Get the latest Mini PCs, Ultrabook, PC Gaming Handhelds and more!\" \/>\n\t\t<meta property=\"og:type\" content=\"article\" \/>\n\t\t<meta property=\"og:title\" content=\"AYANEO Pocket S tarvikud - DROIX EU\" \/>\n\t\t<meta property=\"og:description\" content=\"Ametlik AYANEO Pocket S kohver Pehme riidest vooder lisakaitseks. Libisemisvastane tekstuur ja suure suurusega k\u00e4epide turvaliseks hoidmiseks. Kvaliteetne, \u00fclikiire kaitse kriimustuste ja mustuste v\u00e4ltimiseks. S\u00e4ilitab puutetundlikkuse sujuvaks m\u00e4ngimiseks.\" \/>\n\t\t<meta property=\"og:url\" content=\"https:\/\/droix.eu\/et\/product\/ayaneo-pocket-s-tarvikud\/\" \/>\n\t\t<meta property=\"og:image\" content=\"https:\/\/droix.eu\/wp-content\/uploads\/2024\/06\/droix-v2-light-logo.png\" \/>\n\t\t<meta property=\"og:image:secure_url\" content=\"https:\/\/droix.eu\/wp-content\/uploads\/2024\/06\/droix-v2-light-logo.png\" \/>\n\t\t<meta property=\"og:image:width\" content=\"380\" \/>\n\t\t<meta property=\"og:image:height\" content=\"118\" \/>\n\t\t<meta property=\"article:published_time\" content=\"2024-09-19T11:02:29+00:00\" \/>\n\t\t<meta property=\"article:modified_time\" content=\"2026-04-08T09:13:44+00:00\" \/>\n\t\t<meta property=\"article:publisher\" content=\"https:\/\/www.facebook.com\/DroiX.Store\" \/>\n\t\t<meta name=\"twitter:card\" content=\"summary_large_image\" \/>\n\t\t<meta name=\"twitter:site\" content=\"@DroiX_Store\" \/>\n\t\t<meta name=\"twitter:title\" content=\"AYANEO Pocket S tarvikud - DROIX EU\" \/>\n\t\t<meta name=\"twitter:description\" content=\"Ametlik AYANEO Pocket S kohver Pehme riidest vooder lisakaitseks. Libisemisvastane tekstuur ja suure suurusega k\u00e4epide turvaliseks hoidmiseks. Kvaliteetne, \u00fclikiire kaitse kriimustuste ja mustuste v\u00e4ltimiseks. S\u00e4ilitab puutetundlikkuse sujuvaks m\u00e4ngimiseks.\" \/>\n\t\t<meta name=\"twitter:image\" content=\"https:\/\/droix.eu\/wp-content\/uploads\/2024\/06\/droix-v2-light-logo.png\" \/>\n\t\t<script type=\"application\/ld+json\" class=\"aioseo-schema\">\n\t\t\t{\"@context\":\"https:\\\/\\\/schema.org\",\"@graph\":[{\"@type\":\"BreadcrumbList\",\"@id\":\"https:\\\/\\\/droix.eu\\\/et\\\/product\\\/ayaneo-pocket-s-tarvikud\\\/#breadcrumblist\",\"itemListElement\":[{\"@type\":\"ListItem\",\"@id\":\"https:\\\/\\\/droix.eu\\\/et\\\/#listItem\",\"position\":1,\"name\":\"Home\",\"item\":\"https:\\\/\\\/droix.eu\\\/et\\\/\",\"nextItem\":{\"@type\":\"ListItem\",\"@id\":\"https:\\\/\\\/droix.eu\\\/et\\\/product-category\\\/mittekategoriseeritud\\\/#listItem\",\"name\":\"Mittekategoriseeritud\"}},{\"@type\":\"ListItem\",\"@id\":\"https:\\\/\\\/droix.eu\\\/et\\\/product-category\\\/mittekategoriseeritud\\\/#listItem\",\"position\":2,\"name\":\"Mittekategoriseeritud\",\"item\":\"https:\\\/\\\/droix.eu\\\/et\\\/product-category\\\/mittekategoriseeritud\\\/\",\"nextItem\":{\"@type\":\"ListItem\",\"@id\":\"https:\\\/\\\/droix.eu\\\/et\\\/product\\\/ayaneo-pocket-s-tarvikud\\\/#listItem\",\"name\":\"AYANEO Pocket S tarvikud\"},\"previousItem\":{\"@type\":\"ListItem\",\"@id\":\"https:\\\/\\\/droix.eu\\\/et\\\/#listItem\",\"name\":\"Home\"}},{\"@type\":\"ListItem\",\"@id\":\"https:\\\/\\\/droix.eu\\\/et\\\/product\\\/ayaneo-pocket-s-tarvikud\\\/#listItem\",\"position\":3,\"name\":\"AYANEO Pocket S tarvikud\",\"previousItem\":{\"@type\":\"ListItem\",\"@id\":\"https:\\\/\\\/droix.eu\\\/et\\\/product-category\\\/mittekategoriseeritud\\\/#listItem\",\"name\":\"Mittekategoriseeritud\"}}]},{\"@type\":\"Organization\",\"@id\":\"https:\\\/\\\/droix.eu\\\/et\\\/#organization\",\"name\":\"DroiX \\u2013 Trusted EU Tech Retailer with 12+ Years Experience\",\"description\":\"DroiX is a leading European technology retailer with over 12 years of experience, offering quality mini PCs, handheld gaming consoles, and tech accessories. We provide hassle-free EU delivery with all taxes included, ensuring a smooth and reliable shopping experience for our customers across Europe.\",\"url\":\"https:\\\/\\\/droix.eu\\\/et\\\/\",\"logo\":{\"@type\":\"ImageObject\",\"url\":\"https:\\\/\\\/droix.eu\\\/wp-content\\\/uploads\\\/2024\\\/06\\\/droix-v2-light-logo.png\",\"@id\":\"https:\\\/\\\/droix.eu\\\/et\\\/product\\\/ayaneo-pocket-s-tarvikud\\\/#organizationLogo\",\"width\":380,\"height\":118},\"image\":{\"@id\":\"https:\\\/\\\/droix.eu\\\/et\\\/product\\\/ayaneo-pocket-s-tarvikud\\\/#organizationLogo\"},\"sameAs\":[\"https:\\\/\\\/www.facebook.com\\\/DroiX.Store\",\"https:\\\/\\\/twitter.com\\\/DroiX_Store\",\"https:\\\/\\\/www.instagram.com\\\/droix.store\\\/\",\"https:\\\/\\\/www.tiktok.com\\\/@droix.store\",\"https:\\\/\\\/www.youtube.com\\\/c\\\/DroiX_Store\",\"https:\\\/\\\/uk.linkedin.com\\\/company\\\/droix\"]},{\"@type\":\"Product\",\"@id\":\"https:\\\/\\\/droix.eu\\\/et\\\/product\\\/ayaneo-pocket-s-tarvikud\\\/#wooCommerceProduct\",\"name\":\"AYANEO Pocket S tarvikud\",\"description\":\"Ametlik AYANEO Pocket S kohver\\n \\tPehme riidest vooder lisakaitseks.\\n \\tLibisemisvastane tekstuur ja suure suurusega k\\u00e4epide turvaliseks hoidmiseks.\\n \\tKvaliteetne, \\u00fclikiire kaitse kriimustuste ja mustuste v\\u00e4ltimiseks.\\n \\tS\\u00e4ilitab puutetundlikkuse sujuvaks m\\u00e4ngimiseks.\",\"url\":\"https:\\\/\\\/droix.eu\\\/et\\\/product\\\/ayaneo-pocket-s-tarvikud\\\/\",\"sku\":\"AYANEO-POCKET-S-FREEBIES\",\"image\":{\"@type\":\"ImageObject\",\"url\":\"https:\\\/\\\/droix.eu\\\/wp-content\\\/uploads\\\/2024\\\/09\\\/AYANEO-POCKET-S-ACCESSORIES-LISTING-DONE-01.png\",\"@id\":\"https:\\\/\\\/droix.eu\\\/et\\\/product\\\/ayaneo-pocket-s-tarvikud\\\/#productImage\",\"width\":1500,\"height\":1500,\"caption\":\"Tasuta AYANEO Pocket S tarvikud (kaitsekott + k\\u00e4epidemed + ekraanikaitse)\"},\"offers\":{\"@type\":\"Offer\",\"url\":\"https:\\\/\\\/droix.eu\\\/et\\\/product\\\/ayaneo-pocket-s-tarvikud\\\/#wooCommerceOffer\",\"price\":11.01,\"priceCurrency\":\"EUR\",\"category\":\"Mittekategoriseeritud\",\"availability\":\"https:\\\/\\\/schema.org\\\/InStock\",\"priceSpecification\":{\"@type\":\"PriceSpecification\",\"price\":11.01,\"priceCurrency\":\"EUR\",\"valueAddedTaxIncluded\":\"true\"},\"seller\":{\"@type\":\"Organization\",\"@id\":\"https:\\\/\\\/droix.eu\\\/et\\\/#organization\"}}},{\"@type\":\"WebPage\",\"@id\":\"https:\\\/\\\/droix.eu\\\/et\\\/product\\\/ayaneo-pocket-s-tarvikud\\\/#webpage\",\"url\":\"https:\\\/\\\/droix.eu\\\/et\\\/product\\\/ayaneo-pocket-s-tarvikud\\\/\",\"name\":\"AYANEO Pocket S tarvikud - DROIX EU\",\"description\":\"Ametlik AYANEO Pocket S kohver Pehme riidest vooder lisakaitseks. Libisemisvastane tekstuur ja suure suurusega k\\u00e4epide turvaliseks hoidmiseks. Kvaliteetne, \\u00fclikiire kaitse kriimustuste ja mustuste v\\u00e4ltimiseks. S\\u00e4ilitab puutetundlikkuse sujuvaks m\\u00e4ngimiseks.\",\"inLanguage\":\"et\",\"isPartOf\":{\"@id\":\"https:\\\/\\\/droix.eu\\\/et\\\/#website\"},\"breadcrumb\":{\"@id\":\"https:\\\/\\\/droix.eu\\\/et\\\/product\\\/ayaneo-pocket-s-tarvikud\\\/#breadcrumblist\"},\"image\":{\"@type\":\"ImageObject\",\"url\":\"https:\\\/\\\/droix.eu\\\/wp-content\\\/uploads\\\/2024\\\/09\\\/AYANEO-POCKET-S-ACCESSORIES-LISTING-DONE-01.png\",\"@id\":\"https:\\\/\\\/droix.eu\\\/et\\\/product\\\/ayaneo-pocket-s-tarvikud\\\/#mainImage\",\"width\":1500,\"height\":1500,\"caption\":\"Tasuta AYANEO Pocket S tarvikud (kaitsekott + k\\u00e4epidemed + ekraanikaitse)\"},\"primaryImageOfPage\":{\"@id\":\"https:\\\/\\\/droix.eu\\\/et\\\/product\\\/ayaneo-pocket-s-tarvikud\\\/#mainImage\"},\"datePublished\":\"2024-09-19T12:02:29+01:00\",\"dateModified\":\"2026-04-08T10:13:44+01:00\"},{\"@type\":\"WebSite\",\"@id\":\"https:\\\/\\\/droix.eu\\\/et\\\/#website\",\"url\":\"https:\\\/\\\/droix.eu\\\/et\\\/\",\"name\":\"DROIX EU\",\"description\":\"Get the latest Mini PCs, Ultrabook, PC Gaming Handhelds and more!\",\"inLanguage\":\"et\",\"publisher\":{\"@id\":\"https:\\\/\\\/droix.eu\\\/et\\\/#organization\"}}]}\n\t\t<\/script>\n\t\t<!-- All in One SEO Pro -->\r\n\t\t<title>AYANEO Pocket S tarvikud - DROIX EU<\/title>\n\n","aioseo_head_json":{"title":"AYANEO Pocket S tarvikud - DROIX EU","description":"Ametlik AYANEO Pocket S kohver Pehme riidest vooder lisakaitseks. Libisemisvastane tekstuur ja suure suurusega k\u00e4epide turvaliseks hoidmiseks. Kvaliteetne, \u00fclikiire kaitse kriimustuste ja mustuste v\u00e4ltimiseks. S\u00e4ilitab puutetundlikkuse sujuvaks m\u00e4ngimiseks.","canonical_url":"https:\/\/droix.eu\/et\/product\/ayaneo-pocket-s-tarvikud\/","robots":"max-image-preview:large","keywords":"","webmasterTools":{"miscellaneous":""},"schema":{"@context":"https:\/\/schema.org","@graph":[{"@type":"BreadcrumbList","@id":"https:\/\/droix.eu\/et\/product\/ayaneo-pocket-s-tarvikud\/#breadcrumblist","itemListElement":[{"@type":"ListItem","@id":"https:\/\/droix.eu\/et\/#listItem","position":1,"name":"Home","item":"https:\/\/droix.eu\/et\/","nextItem":{"@type":"ListItem","@id":"https:\/\/droix.eu\/et\/product-category\/mittekategoriseeritud\/#listItem","name":"Mittekategoriseeritud"}},{"@type":"ListItem","@id":"https:\/\/droix.eu\/et\/product-category\/mittekategoriseeritud\/#listItem","position":2,"name":"Mittekategoriseeritud","item":"https:\/\/droix.eu\/et\/product-category\/mittekategoriseeritud\/","nextItem":{"@type":"ListItem","@id":"https:\/\/droix.eu\/et\/product\/ayaneo-pocket-s-tarvikud\/#listItem","name":"AYANEO Pocket S tarvikud"},"previousItem":{"@type":"ListItem","@id":"https:\/\/droix.eu\/et\/#listItem","name":"Home"}},{"@type":"ListItem","@id":"https:\/\/droix.eu\/et\/product\/ayaneo-pocket-s-tarvikud\/#listItem","position":3,"name":"AYANEO Pocket S tarvikud","previousItem":{"@type":"ListItem","@id":"https:\/\/droix.eu\/et\/product-category\/mittekategoriseeritud\/#listItem","name":"Mittekategoriseeritud"}}]},{"@type":"Organization","@id":"https:\/\/droix.eu\/et\/#organization","name":"DroiX \u2013 Trusted EU Tech Retailer with 12+ Years Experience","description":"DroiX is a leading European technology retailer with over 12 years of experience, offering quality mini PCs, handheld gaming consoles, and tech accessories. We provide hassle-free EU delivery with all taxes included, ensuring a smooth and reliable shopping experience for our customers across Europe.","url":"https:\/\/droix.eu\/et\/","logo":{"@type":"ImageObject","url":"https:\/\/droix.eu\/wp-content\/uploads\/2024\/06\/droix-v2-light-logo.png","@id":"https:\/\/droix.eu\/et\/product\/ayaneo-pocket-s-tarvikud\/#organizationLogo","width":380,"height":118},"image":{"@id":"https:\/\/droix.eu\/et\/product\/ayaneo-pocket-s-tarvikud\/#organizationLogo"},"sameAs":["https:\/\/www.facebook.com\/DroiX.Store","https:\/\/twitter.com\/DroiX_Store","https:\/\/www.instagram.com\/droix.store\/","https:\/\/www.tiktok.com\/@droix.store","https:\/\/www.youtube.com\/c\/DroiX_Store","https:\/\/uk.linkedin.com\/company\/droix"]},{"@type":"Product","@id":"https:\/\/droix.eu\/et\/product\/ayaneo-pocket-s-tarvikud\/#wooCommerceProduct","name":"AYANEO Pocket S tarvikud","description":"Ametlik AYANEO Pocket S kohver\n \tPehme riidest vooder lisakaitseks.\n \tLibisemisvastane tekstuur ja suure suurusega k\u00e4epide turvaliseks hoidmiseks.\n \tKvaliteetne, \u00fclikiire kaitse kriimustuste ja mustuste v\u00e4ltimiseks.\n \tS\u00e4ilitab puutetundlikkuse sujuvaks m\u00e4ngimiseks.","url":"https:\/\/droix.eu\/et\/product\/ayaneo-pocket-s-tarvikud\/","sku":"AYANEO-POCKET-S-FREEBIES","image":{"@type":"ImageObject","url":"https:\/\/droix.eu\/wp-content\/uploads\/2024\/09\/AYANEO-POCKET-S-ACCESSORIES-LISTING-DONE-01.png","@id":"https:\/\/droix.eu\/et\/product\/ayaneo-pocket-s-tarvikud\/#productImage","width":1500,"height":1500,"caption":"Tasuta AYANEO Pocket S tarvikud (kaitsekott + k\u00e4epidemed + ekraanikaitse)"},"offers":{"@type":"Offer","url":"https:\/\/droix.eu\/et\/product\/ayaneo-pocket-s-tarvikud\/#wooCommerceOffer","price":11.01,"priceCurrency":"EUR","category":"Mittekategoriseeritud","availability":"https:\/\/schema.org\/InStock","priceSpecification":{"@type":"PriceSpecification","price":11.01,"priceCurrency":"EUR","valueAddedTaxIncluded":"true"},"seller":{"@type":"Organization","@id":"https:\/\/droix.eu\/et\/#organization"}}},{"@type":"WebPage","@id":"https:\/\/droix.eu\/et\/product\/ayaneo-pocket-s-tarvikud\/#webpage","url":"https:\/\/droix.eu\/et\/product\/ayaneo-pocket-s-tarvikud\/","name":"AYANEO Pocket S tarvikud - DROIX EU","description":"Ametlik AYANEO Pocket S kohver Pehme riidest vooder lisakaitseks. Libisemisvastane tekstuur ja suure suurusega k\u00e4epide turvaliseks hoidmiseks. Kvaliteetne, \u00fclikiire kaitse kriimustuste ja mustuste v\u00e4ltimiseks. S\u00e4ilitab puutetundlikkuse sujuvaks m\u00e4ngimiseks.","inLanguage":"et","isPartOf":{"@id":"https:\/\/droix.eu\/et\/#website"},"breadcrumb":{"@id":"https:\/\/droix.eu\/et\/product\/ayaneo-pocket-s-tarvikud\/#breadcrumblist"},"image":{"@type":"ImageObject","url":"https:\/\/droix.eu\/wp-content\/uploads\/2024\/09\/AYANEO-POCKET-S-ACCESSORIES-LISTING-DONE-01.png","@id":"https:\/\/droix.eu\/et\/product\/ayaneo-pocket-s-tarvikud\/#mainImage","width":1500,"height":1500,"caption":"Tasuta AYANEO Pocket S tarvikud (kaitsekott + k\u00e4epidemed + ekraanikaitse)"},"primaryImageOfPage":{"@id":"https:\/\/droix.eu\/et\/product\/ayaneo-pocket-s-tarvikud\/#mainImage"},"datePublished":"2024-09-19T12:02:29+01:00","dateModified":"2026-04-08T10:13:44+01:00"},{"@type":"WebSite","@id":"https:\/\/droix.eu\/et\/#website","url":"https:\/\/droix.eu\/et\/","name":"DROIX EU","description":"Get the latest Mini PCs, Ultrabook, PC Gaming Handhelds and more!","inLanguage":"et","publisher":{"@id":"https:\/\/droix.eu\/et\/#organization"}}]},"og:locale":"et_EE","og:site_name":"DROIX EU - Get the latest Mini PCs, Ultrabook, PC Gaming Handhelds and more!","og:type":"article","og:title":"AYANEO Pocket S tarvikud - DROIX EU","og:description":"Ametlik AYANEO Pocket S kohver Pehme riidest vooder lisakaitseks. Libisemisvastane tekstuur ja suure suurusega k\u00e4epide turvaliseks hoidmiseks. Kvaliteetne, \u00fclikiire kaitse kriimustuste ja mustuste v\u00e4ltimiseks. S\u00e4ilitab puutetundlikkuse sujuvaks m\u00e4ngimiseks.","og:url":"https:\/\/droix.eu\/et\/product\/ayaneo-pocket-s-tarvikud\/","og:image":"https:\/\/droix.eu\/wp-content\/uploads\/2024\/06\/droix-v2-light-logo.png","og:image:secure_url":"https:\/\/droix.eu\/wp-content\/uploads\/2024\/06\/droix-v2-light-logo.png","og:image:width":380,"og:image:height":118,"article:published_time":"2024-09-19T11:02:29+00:00","article:modified_time":"2026-04-08T09:13:44+00:00","article:publisher":"https:\/\/www.facebook.com\/DroiX.Store","twitter:card":"summary_large_image","twitter:site":"@DroiX_Store","twitter:title":"AYANEO Pocket S tarvikud - DROIX EU","twitter:description":"Ametlik AYANEO Pocket S kohver Pehme riidest vooder lisakaitseks. Libisemisvastane tekstuur ja suure suurusega k\u00e4epide turvaliseks hoidmiseks. Kvaliteetne, \u00fclikiire kaitse kriimustuste ja mustuste v\u00e4ltimiseks. S\u00e4ilitab puutetundlikkuse sujuvaks m\u00e4ngimiseks.","twitter:image":"https:\/\/droix.eu\/wp-content\/uploads\/2024\/06\/droix-v2-light-logo.png"},"aioseo_meta_data":{"post_id":"507751","title":null,"description":null,"keywords":null,"keyphrases":{"focus":{"keyphrase":"","score":0,"analysis":{"keyphraseInTitle":{"score":0,"maxScore":9,"error":1}}},"additional":[]},"primary_term":null,"canonical_url":null,"og_title":null,"og_description":null,"og_object_type":"default","og_image_type":"default","og_image_url":null,"og_image_width":null,"og_image_height":null,"og_image_custom_url":null,"og_image_custom_fields":null,"og_video":"","og_custom_url":null,"og_article_section":null,"og_article_tags":null,"twitter_use_og":true,"twitter_card":"default","twitter_image_type":"default","twitter_image_url":null,"twitter_image_custom_url":null,"twitter_image_custom_fields":null,"twitter_title":null,"twitter_description":null,"schema":{"blockGraphs":[],"customGraphs":[],"default":{"data":{"Article":[],"Course":[],"Dataset":[],"FAQPage":[],"Movie":[],"Person":[],"Product":[],"ProductReview":[],"Car":[],"Recipe":[],"Service":[],"SoftwareApplication":[],"WebPage":[]},"graphName":"Product","isEnabled":true},"graphs":[]},"schema_type":"default","schema_type_options":null,"pillar_content":false,"robots_default":true,"robots_noindex":false,"robots_noarchive":false,"robots_nosnippet":false,"robots_nofollow":false,"robots_noimageindex":false,"robots_noodp":false,"robots_notranslate":false,"robots_max_snippet":"-1","robots_max_videopreview":"-1","robots_max_imagepreview":"large","priority":null,"frequency":"default","local_seo":null,"seo_analyzer_scan_date":"2026-04-08 13:05:34","breadcrumb_settings":null,"limit_modified_date":false,"reviewed_by":null,"open_ai":null,"ai":{"faqs":[],"keyPoints":[],"titles":[],"descriptions":[],"socialPosts":{"email":[],"linkedin":[],"twitter":[],"facebook":[],"instagram":[]}},"created":"2025-09-30 12:10:15","updated":"2026-04-08 13:05:34"},"aioseo_breadcrumb":"<div class=\"aioseo-breadcrumbs\"><span class=\"aioseo-breadcrumb\">\n\t<a href=\"https:\/\/droix.eu\/et\/\" title=\"Home\">Home<\/a>\n<\/span><span class=\"aioseo-breadcrumb-separator\">&raquo;<\/span><span class=\"aioseo-breadcrumb\">\n\t<a href=\"https:\/\/droix.eu\/et\/product-category\/mittekategoriseeritud\/\" title=\"Mittekategoriseeritud\">Mittekategoriseeritud<\/a>\n<\/span><span class=\"aioseo-breadcrumb-separator\">&raquo;<\/span><span class=\"aioseo-breadcrumb\">\n\tAYANEO Pocket S tarvikud\n<\/span><\/div>","aioseo_breadcrumb_json":[{"label":"Home","link":"https:\/\/droix.eu\/et\/"},{"label":"Mittekategoriseeritud","link":"https:\/\/droix.eu\/et\/product-category\/mittekategoriseeritud\/"},{"label":"AYANEO Pocket S tarvikud","link":"https:\/\/droix.eu\/et\/product\/ayaneo-pocket-s-tarvikud\/"}],"_links":{"self":[{"href":"https:\/\/droix.eu\/et\/wp-json\/wp\/v2\/product\/507751","targetHints":{"allow":["GET"]}}],"collection":[{"href":"https:\/\/droix.eu\/et\/wp-json\/wp\/v2\/product"}],"about":[{"href":"https:\/\/droix.eu\/et\/wp-json\/wp\/v2\/types\/product"}],"version-history":[{"count":0,"href":"https:\/\/droix.eu\/et\/wp-json\/wp\/v2\/product\/507751\/revisions"}],"wp:featuredmedia":[{"embeddable":true,"href":"https:\/\/droix.eu\/et\/wp-json\/wp\/v2\/media\/491253"}],"wp:attachment":[{"href":"https:\/\/droix.eu\/et\/wp-json\/wp\/v2\/media?parent=507751"}],"wp:term":[{"taxonomy":"product_brand","embeddable":true,"href":"https:\/\/droix.eu\/et\/wp-json\/wp\/v2\/product_brand?post=507751"},{"taxonomy":"product_cat","embeddable":true,"href":"https:\/\/droix.eu\/et\/wp-json\/wp\/v2\/product_cat?post=507751"},{"taxonomy":"product_tag","embeddable":true,"href":"https:\/\/droix.eu\/et\/wp-json\/wp\/v2\/product_tag?post=507751"},{"taxonomy":"woo-feed-brand","embeddable":true,"href":"https:\/\/droix.eu\/et\/wp-json\/wp\/v2\/woo-feed-brand?post=507751"},{"taxonomy":"key-features","embeddable":true,"href":"https:\/\/droix.eu\/et\/wp-json\/wp\/v2\/key-features?post=507751"}],"curies":[{"name":"wp","href":"https:\/\/api.w.org\/{rel}","templated":true}]}}