{"id":506470,"date":"2024-11-21T09:20:21","date_gmt":"2024-11-21T09:20:21","guid":{"rendered":"https:\/\/droix.eu\/product\/gpd-duo-kaitsekott\/"},"modified":"2026-04-08T10:38:28","modified_gmt":"2026-04-08T09:38:28","slug":"gpd-duo-kaitsekott","status":"publish","type":"product","link":"https:\/\/droix.eu\/et\/product\/gpd-duo-kaitsekott\/","title":{"rendered":"GPD DUO kaitsekott"},"content":{"rendered":"\n<p>Kaitske oma GPD DUO-d stiilselt <strong>ametliku GPD DUO kaitsekotiga.<\/strong> Eksklusiivselt GPD DUO jaoks loodud elegantse ja vastupidava korpusega \u00fcmbris pakub t\u00e4iuslikku kombinatsiooni funktsionaalsusest ja kaitsest. See \u00fcmbris tagab, et teie GPD DUO on turvaline ja kaitstud, olenemata sellest, kas te olete teel, reisil v\u00f5i lihtsalt hoiustate oma seadet.  <\/p>\n\n<p>Tootel on <strong>tugevast kangast v\u00e4lispind, mis<\/strong> kaitseb teie seadet v\u00e4liskahjustuste eest, ning <strong>pehme, polsterdatud sisemus, mis kaitseb<\/strong> kriimustuste ja l\u00f6\u00f6kide eest. T\u00e4nu kompaktsele disainile mahutab see h\u00f5lpsasti teie GPD DUO, j\u00e4ttes samas ruumi olulistele tarvikutele. <\/p>\n\n<p>Kohver on varustatud <strong>kahekordsete k\u00e4epidemetega<\/strong>, mis h\u00f5lbustavad kandmist, ja <strong>reguleeritava \u00f5larihmaga<\/strong>, mis v\u00f5imaldab seda kanda nii, nagu teile k\u00f5ige paremini sobib. T\u00e4nu kergele konstruktsioonile sobib see ideaalselt liikuvatele kasutajatele, kes soovivad usaldusv\u00e4\u00e4rset kaitset ilma liigse mahuta. <\/p>\n\n<h3 class=\"wp-block-heading\"><strong>Peamised omadused:<\/strong><\/h3>\n\n<ul class=\"wp-block-list\">\n<li>Ametlik GPD toode, mis on m\u00f5eldud spetsiaalselt GPD DUO jaoks.<\/li>\n\n\n\n<li>Vastupidav kanga v\u00e4lisk\u00fclg t\u00e4iustatud kaitse tagamiseks<\/li>\n\n\n\n<li>Pehme, polsterdatud sisemus kaitseb seadet kriimustuste ja l\u00f6\u00f6kide eest<\/li>\n\n\n\n<li>Topeltk\u00e4epidemed ja reguleeritav \u00f5larihm mitmek\u00fclgseks kandmiseks<\/li>\n\n\n\n<li>Kompaktne ja kerge disain maksimaalse kaasaskantavuse tagamiseks<\/li>\n<\/ul>\n\n<p>V\u00f5ta oma GPD DUO \u00fcksk\u00f5ik kuhu julgelt kaasa, teades, et see on kaitstud \u00fcmbrisega, milles on \u00fchendatud praktilisus, vastupidavus ja stiil.<\/p>\n\n<p><\/p>\n","protected":false},"excerpt":{"rendered":"<ul>\n<li>Ametlik <strong>GPD toode<\/strong> <\/li>\n<li>M\u00f5eldud spetsiaalselt <strong>GPD DUO<\/strong> jaoks<\/li>\n<li>Vastupidav kanga v\u00e4lisk\u00fclg t\u00e4iustatud kaitse tagamiseks<\/li>\n<li>Pehme, polsterdatud sisemus kriimustuste ja l\u00f6\u00f6kide v\u00e4ltimiseks<\/li>\n<li>Sisaldab nii topeltk\u00e4epidemeid kui ka reguleeritavat \u00f5larihma mitmek\u00fclgsete kandev\u00f5imaluste jaoks.<\/li>\n<\/ul>\n[cg_accordion title=\"2-aastane garantii k\u00f5ikidele GPD toodetele\"]<\/p>\n<p>K\u00f5ik GPD tooted on varustatud 2-aastase garantiiga ja neid on toetanud \u00fcle 13 aasta kestnud usaldusv\u00e4\u00e4rne teenindus. Liituge meie \u00fcle 500 000 \u00f5nneliku kliendiga kogukonnaga ja tundke end oma ostus kindlalt. [\/cg_accordion]\n[cg_accordion title=\"Kvaliteedi tagamine ja l\u00e4hetuseelne testimine\"]<\/p>\n<p>Klientide rahulolu tagamine k\u00f5rgeimal tasemel: Iga seade l\u00e4bib enne saatmist ranged testid ja mitmepunktilise kvaliteedikontrolli. Meie p\u00fchendunud meeskond kontrollib j\u00f5udlust, funktsionaalsust ja komponentide terviklikkust, et tagada, et teie GPD-seade on saabumisel t\u00e4iuslikus t\u00f6\u00f6korras, tagades teile kindlustunde ja meelerahu. [\/cg_accordion]\n[cg_accordion title=\"Paindlikud ja turvalised maksev\u00f5imalused\"]<\/p>\n<p>Nautige meelerahu meie turvalise kassas\u00fcsteemi abil. Toetame k\u00f5iki peamisi makseviise, sealhulgas deebet-\/krediitkaarte, PayPal, Apple Pay, Google Pay, Klarna, Afterpay ja Affirm, mis annab teile vabaduse maksta nii ettemaksuna kui ka lihtsate osamaksetena. [\/cg_accordion]\n[cg_accordion title=\"Maksud\"]<\/p>\n<p>Hinnad sisaldavad kehtivat k\u00e4ibemaksu, mis v\u00f5ib s\u00f5ltuvalt riigist olla kuni 25%. T\u00e4ieliku l\u00e4bipaistvuse tagamiseks on t\u00e4pne summa n\u00e4idatud ostu sooritamise ajal. [\/cg_accordion]\n[cg_accordion title=\"Kohaletoimetamine ja tagastamine\"]<\/p>\n<p>Teeme koost\u00f6\u00f6d enam kui 10 usaldusv\u00e4\u00e4rse tarnepartneriga, et tagada teie tellimuse kiire, turvaline ja usaldusv\u00e4\u00e4rne kohalej\u00f5udmine.<\/p>\n<p>Me kasutame Express DDP (Delivered Duty Paid) laevandus. See t\u00e4hendab: <\/p>\n<li>K\u00f5ik tollimaksud ja maksud on juba n\u00e4idatud toote hinnas sisalduvad.<\/li>\n<li>Te ei pea kohaletoimetamisel ootamatuid tasusid maksma.<\/li>\n<li>Harvaesinevate tolliviivituste korral haldab meie meeskond teie eest tollivormistust, et tagada sujuv tarne.<\/li>\n<p>Oluline teave tagastuste kohta:<\/p>\n<li>Kui te tagastate oma tellimuse v\u00f5i taotlete tagasimakset, siis arvestage palun, et k\u00f5ik teie eest DDP tingimuste alusel makstud maksud ja tollimaksud ei kuulu tagasimaksmisele.<\/li>\n<p>\u00dcksikasjalik teave on esitatud meie <a href=\"https:\/\/droix.eu\/et\/tingimused\/\" target=\"_blank\" rel=\"nofollow noopener\">Tingimustes<\/a>.\n<\/ul>\n<p>[\/cg_accordion]\n[cg_accordion title=\"Klienditugi\"]<\/p>\n<p>Kas teil on k\u00fcsimus? Oleme l\u00fchikese teksti kaugusel sellest, et teie k\u00fcsimus oleks lahendatud! [\/cg_accordion]\n[cg_accordion title=\"Pakett sisaldab\"]<\/p>\n<ul>\n<li>1x GPD DUO Case<\/li>\n<\/ul>\n<p>[\/cg_accordion]\n","protected":false},"featured_media":495333,"template":"","meta":{"_acf_changed":false},"product_brand":[],"product_cat":[10583,10482,10481],"product_tag":[],"woo-feed-brand":[],"key-features":[],"class_list":{"0":"post-506470","1":"product","2":"type-product","3":"status-publish","4":"has-post-thumbnail","6":"product_cat-mangude-aksessuaarid","7":"product_cat-sulearvuti-tarvikud","8":"product_cat-tarvikud","9":"product_shipping_class-low-end","10":"pa_accessory-type-protective-case","11":"pa_brands-gpd-et","12":"pa_compatibility-gpd-duo-et","14":"first","15":"instock","16":"sale","17":"taxable","18":"shipping-taxable","19":"purchasable","20":"product-type-simple"},"acf":[],"aioseo_notices":[],"aioseo_head":"\n\t\t<!-- All in One SEO Pro 4.9.5.2 - aioseo.com -->\n\t<meta name=\"description\" content=\"Ametlik GPD toode M\u00f5eldud spetsiaalselt GPD DUO jaoks Vastupidav kanga v\u00e4lisk\u00fclg t\u00e4iustatud kaitse tagamiseks Pehme, polsterdatud sisemus kriimustuste ja l\u00f6\u00f6kide v\u00e4ltimiseks Sisaldab nii topeltk\u00e4epidemeid kui ka reguleeritavat \u00f5larihma mitmek\u00fclgsete kandev\u00f5imaluste jaoks.\" \/>\n\t<meta name=\"robots\" content=\"max-image-preview:large\" \/>\n\t<link rel=\"canonical\" href=\"https:\/\/droix.eu\/et\/product\/gpd-duo-kaitsekott\/\" \/>\n\t<meta name=\"generator\" content=\"All in One SEO Pro (AIOSEO) 4.9.5.2\" \/>\n\t\t<meta property=\"og:locale\" content=\"et_EE\" \/>\n\t\t<meta property=\"og:site_name\" content=\"DROIX EU - Get the latest Mini PCs, Ultrabook, PC Gaming Handhelds and more!\" \/>\n\t\t<meta property=\"og:type\" content=\"article\" \/>\n\t\t<meta property=\"og:title\" content=\"GPD DUO kaitsekott - DROIX EU\" \/>\n\t\t<meta property=\"og:description\" content=\"Ametlik GPD toode M\u00f5eldud spetsiaalselt GPD DUO jaoks Vastupidav kanga v\u00e4lisk\u00fclg t\u00e4iustatud kaitse tagamiseks Pehme, polsterdatud sisemus kriimustuste ja l\u00f6\u00f6kide v\u00e4ltimiseks Sisaldab nii topeltk\u00e4epidemeid kui ka reguleeritavat \u00f5larihma mitmek\u00fclgsete kandev\u00f5imaluste jaoks.\" \/>\n\t\t<meta property=\"og:url\" content=\"https:\/\/droix.eu\/et\/product\/gpd-duo-kaitsekott\/\" \/>\n\t\t<meta property=\"og:image\" content=\"https:\/\/droix.eu\/wp-content\/uploads\/2024\/06\/droix-v2-light-logo.png\" \/>\n\t\t<meta property=\"og:image:secure_url\" content=\"https:\/\/droix.eu\/wp-content\/uploads\/2024\/06\/droix-v2-light-logo.png\" \/>\n\t\t<meta property=\"og:image:width\" content=\"380\" \/>\n\t\t<meta property=\"og:image:height\" content=\"118\" \/>\n\t\t<meta property=\"article:published_time\" content=\"2024-11-21T09:20:21+00:00\" \/>\n\t\t<meta property=\"article:modified_time\" content=\"2026-04-08T09:38:28+00:00\" \/>\n\t\t<meta property=\"article:publisher\" content=\"https:\/\/www.facebook.com\/DroiX.Store\" \/>\n\t\t<meta name=\"twitter:card\" content=\"summary_large_image\" \/>\n\t\t<meta name=\"twitter:site\" content=\"@DroiX_Store\" \/>\n\t\t<meta name=\"twitter:title\" content=\"GPD DUO kaitsekott - DROIX EU\" \/>\n\t\t<meta name=\"twitter:description\" content=\"Ametlik GPD toode M\u00f5eldud spetsiaalselt GPD DUO jaoks Vastupidav kanga v\u00e4lisk\u00fclg t\u00e4iustatud kaitse tagamiseks Pehme, polsterdatud sisemus kriimustuste ja l\u00f6\u00f6kide v\u00e4ltimiseks Sisaldab nii topeltk\u00e4epidemeid kui ka reguleeritavat \u00f5larihma mitmek\u00fclgsete kandev\u00f5imaluste jaoks.\" \/>\n\t\t<meta name=\"twitter:image\" content=\"https:\/\/droix.eu\/wp-content\/uploads\/2024\/06\/droix-v2-light-logo.png\" \/>\n\t\t<script type=\"application\/ld+json\" class=\"aioseo-schema\">\n\t\t\t{\"@context\":\"https:\\\/\\\/schema.org\",\"@graph\":[{\"@type\":\"BreadcrumbList\",\"@id\":\"https:\\\/\\\/droix.eu\\\/et\\\/product\\\/gpd-duo-kaitsekott\\\/#breadcrumblist\",\"itemListElement\":[{\"@type\":\"ListItem\",\"@id\":\"https:\\\/\\\/droix.eu\\\/et\\\/#listItem\",\"position\":1,\"name\":\"Home\",\"item\":\"https:\\\/\\\/droix.eu\\\/et\\\/\",\"nextItem\":{\"@type\":\"ListItem\",\"@id\":\"https:\\\/\\\/droix.eu\\\/et\\\/product-category\\\/tarvikud\\\/#listItem\",\"name\":\"Tarvikud\"}},{\"@type\":\"ListItem\",\"@id\":\"https:\\\/\\\/droix.eu\\\/et\\\/product-category\\\/tarvikud\\\/#listItem\",\"position\":2,\"name\":\"Tarvikud\",\"item\":\"https:\\\/\\\/droix.eu\\\/et\\\/product-category\\\/tarvikud\\\/\",\"nextItem\":{\"@type\":\"ListItem\",\"@id\":\"https:\\\/\\\/droix.eu\\\/et\\\/product-category\\\/tarvikud\\\/sulearvuti-tarvikud\\\/#listItem\",\"name\":\"S\\u00fclearvuti tarvikud\"},\"previousItem\":{\"@type\":\"ListItem\",\"@id\":\"https:\\\/\\\/droix.eu\\\/et\\\/#listItem\",\"name\":\"Home\"}},{\"@type\":\"ListItem\",\"@id\":\"https:\\\/\\\/droix.eu\\\/et\\\/product-category\\\/tarvikud\\\/sulearvuti-tarvikud\\\/#listItem\",\"position\":3,\"name\":\"S\\u00fclearvuti tarvikud\",\"item\":\"https:\\\/\\\/droix.eu\\\/et\\\/product-category\\\/tarvikud\\\/sulearvuti-tarvikud\\\/\",\"nextItem\":{\"@type\":\"ListItem\",\"@id\":\"https:\\\/\\\/droix.eu\\\/et\\\/product\\\/gpd-duo-kaitsekott\\\/#listItem\",\"name\":\"GPD DUO kaitsekott\"},\"previousItem\":{\"@type\":\"ListItem\",\"@id\":\"https:\\\/\\\/droix.eu\\\/et\\\/product-category\\\/tarvikud\\\/#listItem\",\"name\":\"Tarvikud\"}},{\"@type\":\"ListItem\",\"@id\":\"https:\\\/\\\/droix.eu\\\/et\\\/product\\\/gpd-duo-kaitsekott\\\/#listItem\",\"position\":4,\"name\":\"GPD DUO kaitsekott\",\"previousItem\":{\"@type\":\"ListItem\",\"@id\":\"https:\\\/\\\/droix.eu\\\/et\\\/product-category\\\/tarvikud\\\/sulearvuti-tarvikud\\\/#listItem\",\"name\":\"S\\u00fclearvuti tarvikud\"}}]},{\"@type\":\"Organization\",\"@id\":\"https:\\\/\\\/droix.eu\\\/et\\\/#organization\",\"name\":\"DroiX \\u2013 Trusted EU Tech Retailer with 12+ Years Experience\",\"description\":\"DroiX is a leading European technology retailer with over 12 years of experience, offering quality mini PCs, handheld gaming consoles, and tech accessories. We provide hassle-free EU delivery with all taxes included, ensuring a smooth and reliable shopping experience for our customers across Europe.\",\"url\":\"https:\\\/\\\/droix.eu\\\/et\\\/\",\"logo\":{\"@type\":\"ImageObject\",\"url\":\"https:\\\/\\\/droix.eu\\\/wp-content\\\/uploads\\\/2024\\\/06\\\/droix-v2-light-logo.png\",\"@id\":\"https:\\\/\\\/droix.eu\\\/et\\\/product\\\/gpd-duo-kaitsekott\\\/#organizationLogo\",\"width\":380,\"height\":118},\"image\":{\"@id\":\"https:\\\/\\\/droix.eu\\\/et\\\/product\\\/gpd-duo-kaitsekott\\\/#organizationLogo\"},\"sameAs\":[\"https:\\\/\\\/www.facebook.com\\\/DroiX.Store\",\"https:\\\/\\\/twitter.com\\\/DroiX_Store\",\"https:\\\/\\\/www.instagram.com\\\/droix.store\\\/\",\"https:\\\/\\\/www.tiktok.com\\\/@droix.store\",\"https:\\\/\\\/www.youtube.com\\\/c\\\/DroiX_Store\",\"https:\\\/\\\/uk.linkedin.com\\\/company\\\/droix\"]},{\"@type\":\"Product\",\"@id\":\"https:\\\/\\\/droix.eu\\\/et\\\/product\\\/gpd-duo-kaitsekott\\\/#wooCommerceProduct\",\"name\":\"GPD DUO kaitsekott\",\"description\":\"Ametlik GPD toode \\nM\\u00f5eldud spetsiaalselt GPD DUO jaoks\\nVastupidav kanga v\\u00e4lisk\\u00fclg t\\u00e4iustatud kaitse tagamiseks\\nPehme, polsterdatud sisemus kriimustuste ja l\\u00f6\\u00f6kide v\\u00e4ltimiseks\\nSisaldab nii topeltk\\u00e4epidemeid kui ka reguleeritavat \\u00f5larihma mitmek\\u00fclgsete kandev\\u00f5imaluste jaoks.\",\"url\":\"https:\\\/\\\/droix.eu\\\/et\\\/product\\\/gpd-duo-kaitsekott\\\/\",\"sku\":\"GPD-DUO-CASE\",\"gtin\":\"5061077630397\",\"image\":{\"@type\":\"ImageObject\",\"url\":\"https:\\\/\\\/droix.eu\\\/wp-content\\\/uploads\\\/2024\\\/11\\\/GPD_DUO-PROTECTIVE_CASE-LISTING-DONE-IMAGE-1-NEW.png\",\"@id\":\"https:\\\/\\\/droix.eu\\\/et\\\/product\\\/gpd-duo-kaitsekott\\\/#productImage\",\"width\":1500,\"height\":1500,\"caption\":\"GPD DUO jaoks m\\u00f5eldud must k\\u00e4epidemetega kaitsekott, millel on elegantne disain ja eemaldatav \\u00f5larihm. GPD logo on n\\u00e4htav alumises nurgas.\"},\"offers\":{\"@type\":\"Offer\",\"url\":\"https:\\\/\\\/droix.eu\\\/et\\\/product\\\/gpd-duo-kaitsekott\\\/#wooCommerceOffer\",\"price\":41.76,\"priceCurrency\":\"EUR\",\"category\":\"M\\u00e4ngude aksessuaarid\",\"availability\":\"https:\\\/\\\/schema.org\\\/InStock\",\"priceSpecification\":{\"@type\":\"PriceSpecification\",\"price\":41.76,\"priceCurrency\":\"EUR\",\"valueAddedTaxIncluded\":\"true\"},\"seller\":{\"@type\":\"Organization\",\"@id\":\"https:\\\/\\\/droix.eu\\\/et\\\/#organization\"}}},{\"@type\":\"WebPage\",\"@id\":\"https:\\\/\\\/droix.eu\\\/et\\\/product\\\/gpd-duo-kaitsekott\\\/#webpage\",\"url\":\"https:\\\/\\\/droix.eu\\\/et\\\/product\\\/gpd-duo-kaitsekott\\\/\",\"name\":\"GPD DUO kaitsekott - DROIX EU\",\"description\":\"Ametlik GPD toode M\\u00f5eldud spetsiaalselt GPD DUO jaoks Vastupidav kanga v\\u00e4lisk\\u00fclg t\\u00e4iustatud kaitse tagamiseks Pehme, polsterdatud sisemus kriimustuste ja l\\u00f6\\u00f6kide v\\u00e4ltimiseks Sisaldab nii topeltk\\u00e4epidemeid kui ka reguleeritavat \\u00f5larihma mitmek\\u00fclgsete kandev\\u00f5imaluste jaoks.\",\"inLanguage\":\"et\",\"isPartOf\":{\"@id\":\"https:\\\/\\\/droix.eu\\\/et\\\/#website\"},\"breadcrumb\":{\"@id\":\"https:\\\/\\\/droix.eu\\\/et\\\/product\\\/gpd-duo-kaitsekott\\\/#breadcrumblist\"},\"image\":{\"@type\":\"ImageObject\",\"url\":\"https:\\\/\\\/droix.eu\\\/wp-content\\\/uploads\\\/2024\\\/11\\\/GPD_DUO-PROTECTIVE_CASE-LISTING-DONE-IMAGE-1-NEW.png\",\"@id\":\"https:\\\/\\\/droix.eu\\\/et\\\/product\\\/gpd-duo-kaitsekott\\\/#mainImage\",\"width\":1500,\"height\":1500,\"caption\":\"GPD DUO jaoks m\\u00f5eldud must k\\u00e4epidemetega kaitsekott, millel on elegantne disain ja eemaldatav \\u00f5larihm. GPD logo on n\\u00e4htav alumises nurgas.\"},\"primaryImageOfPage\":{\"@id\":\"https:\\\/\\\/droix.eu\\\/et\\\/product\\\/gpd-duo-kaitsekott\\\/#mainImage\"},\"datePublished\":\"2024-11-21T09:20:21+00:00\",\"dateModified\":\"2026-04-08T10:38:28+01:00\"},{\"@type\":\"WebSite\",\"@id\":\"https:\\\/\\\/droix.eu\\\/et\\\/#website\",\"url\":\"https:\\\/\\\/droix.eu\\\/et\\\/\",\"name\":\"DROIX EU\",\"description\":\"Get the latest Mini PCs, Ultrabook, PC Gaming Handhelds and more!\",\"inLanguage\":\"et\",\"publisher\":{\"@id\":\"https:\\\/\\\/droix.eu\\\/et\\\/#organization\"}}]}\n\t\t<\/script>\n\t\t<!-- All in One SEO Pro -->\r\n\t\t<title>GPD DUO kaitsekott - DROIX EU<\/title>\n\n","aioseo_head_json":{"title":"GPD DUO kaitsekott - DROIX EU","description":"Ametlik GPD toode M\u00f5eldud spetsiaalselt GPD DUO jaoks Vastupidav kanga v\u00e4lisk\u00fclg t\u00e4iustatud kaitse tagamiseks Pehme, polsterdatud sisemus kriimustuste ja l\u00f6\u00f6kide v\u00e4ltimiseks Sisaldab nii topeltk\u00e4epidemeid kui ka reguleeritavat \u00f5larihma mitmek\u00fclgsete kandev\u00f5imaluste jaoks.","canonical_url":"https:\/\/droix.eu\/et\/product\/gpd-duo-kaitsekott\/","robots":"max-image-preview:large","keywords":"","webmasterTools":{"miscellaneous":""},"schema":{"@context":"https:\/\/schema.org","@graph":[{"@type":"BreadcrumbList","@id":"https:\/\/droix.eu\/et\/product\/gpd-duo-kaitsekott\/#breadcrumblist","itemListElement":[{"@type":"ListItem","@id":"https:\/\/droix.eu\/et\/#listItem","position":1,"name":"Home","item":"https:\/\/droix.eu\/et\/","nextItem":{"@type":"ListItem","@id":"https:\/\/droix.eu\/et\/product-category\/tarvikud\/#listItem","name":"Tarvikud"}},{"@type":"ListItem","@id":"https:\/\/droix.eu\/et\/product-category\/tarvikud\/#listItem","position":2,"name":"Tarvikud","item":"https:\/\/droix.eu\/et\/product-category\/tarvikud\/","nextItem":{"@type":"ListItem","@id":"https:\/\/droix.eu\/et\/product-category\/tarvikud\/sulearvuti-tarvikud\/#listItem","name":"S\u00fclearvuti tarvikud"},"previousItem":{"@type":"ListItem","@id":"https:\/\/droix.eu\/et\/#listItem","name":"Home"}},{"@type":"ListItem","@id":"https:\/\/droix.eu\/et\/product-category\/tarvikud\/sulearvuti-tarvikud\/#listItem","position":3,"name":"S\u00fclearvuti tarvikud","item":"https:\/\/droix.eu\/et\/product-category\/tarvikud\/sulearvuti-tarvikud\/","nextItem":{"@type":"ListItem","@id":"https:\/\/droix.eu\/et\/product\/gpd-duo-kaitsekott\/#listItem","name":"GPD DUO kaitsekott"},"previousItem":{"@type":"ListItem","@id":"https:\/\/droix.eu\/et\/product-category\/tarvikud\/#listItem","name":"Tarvikud"}},{"@type":"ListItem","@id":"https:\/\/droix.eu\/et\/product\/gpd-duo-kaitsekott\/#listItem","position":4,"name":"GPD DUO kaitsekott","previousItem":{"@type":"ListItem","@id":"https:\/\/droix.eu\/et\/product-category\/tarvikud\/sulearvuti-tarvikud\/#listItem","name":"S\u00fclearvuti tarvikud"}}]},{"@type":"Organization","@id":"https:\/\/droix.eu\/et\/#organization","name":"DroiX \u2013 Trusted EU Tech Retailer with 12+ Years Experience","description":"DroiX is a leading European technology retailer with over 12 years of experience, offering quality mini PCs, handheld gaming consoles, and tech accessories. We provide hassle-free EU delivery with all taxes included, ensuring a smooth and reliable shopping experience for our customers across Europe.","url":"https:\/\/droix.eu\/et\/","logo":{"@type":"ImageObject","url":"https:\/\/droix.eu\/wp-content\/uploads\/2024\/06\/droix-v2-light-logo.png","@id":"https:\/\/droix.eu\/et\/product\/gpd-duo-kaitsekott\/#organizationLogo","width":380,"height":118},"image":{"@id":"https:\/\/droix.eu\/et\/product\/gpd-duo-kaitsekott\/#organizationLogo"},"sameAs":["https:\/\/www.facebook.com\/DroiX.Store","https:\/\/twitter.com\/DroiX_Store","https:\/\/www.instagram.com\/droix.store\/","https:\/\/www.tiktok.com\/@droix.store","https:\/\/www.youtube.com\/c\/DroiX_Store","https:\/\/uk.linkedin.com\/company\/droix"]},{"@type":"Product","@id":"https:\/\/droix.eu\/et\/product\/gpd-duo-kaitsekott\/#wooCommerceProduct","name":"GPD DUO kaitsekott","description":"Ametlik GPD toode \nM\u00f5eldud spetsiaalselt GPD DUO jaoks\nVastupidav kanga v\u00e4lisk\u00fclg t\u00e4iustatud kaitse tagamiseks\nPehme, polsterdatud sisemus kriimustuste ja l\u00f6\u00f6kide v\u00e4ltimiseks\nSisaldab nii topeltk\u00e4epidemeid kui ka reguleeritavat \u00f5larihma mitmek\u00fclgsete kandev\u00f5imaluste jaoks.","url":"https:\/\/droix.eu\/et\/product\/gpd-duo-kaitsekott\/","sku":"GPD-DUO-CASE","gtin":"5061077630397","image":{"@type":"ImageObject","url":"https:\/\/droix.eu\/wp-content\/uploads\/2024\/11\/GPD_DUO-PROTECTIVE_CASE-LISTING-DONE-IMAGE-1-NEW.png","@id":"https:\/\/droix.eu\/et\/product\/gpd-duo-kaitsekott\/#productImage","width":1500,"height":1500,"caption":"GPD DUO jaoks m\u00f5eldud must k\u00e4epidemetega kaitsekott, millel on elegantne disain ja eemaldatav \u00f5larihm. GPD logo on n\u00e4htav alumises nurgas."},"offers":{"@type":"Offer","url":"https:\/\/droix.eu\/et\/product\/gpd-duo-kaitsekott\/#wooCommerceOffer","price":41.76,"priceCurrency":"EUR","category":"M\u00e4ngude aksessuaarid","availability":"https:\/\/schema.org\/InStock","priceSpecification":{"@type":"PriceSpecification","price":41.76,"priceCurrency":"EUR","valueAddedTaxIncluded":"true"},"seller":{"@type":"Organization","@id":"https:\/\/droix.eu\/et\/#organization"}}},{"@type":"WebPage","@id":"https:\/\/droix.eu\/et\/product\/gpd-duo-kaitsekott\/#webpage","url":"https:\/\/droix.eu\/et\/product\/gpd-duo-kaitsekott\/","name":"GPD DUO kaitsekott - DROIX EU","description":"Ametlik GPD toode M\u00f5eldud spetsiaalselt GPD DUO jaoks Vastupidav kanga v\u00e4lisk\u00fclg t\u00e4iustatud kaitse tagamiseks Pehme, polsterdatud sisemus kriimustuste ja l\u00f6\u00f6kide v\u00e4ltimiseks Sisaldab nii topeltk\u00e4epidemeid kui ka reguleeritavat \u00f5larihma mitmek\u00fclgsete kandev\u00f5imaluste jaoks.","inLanguage":"et","isPartOf":{"@id":"https:\/\/droix.eu\/et\/#website"},"breadcrumb":{"@id":"https:\/\/droix.eu\/et\/product\/gpd-duo-kaitsekott\/#breadcrumblist"},"image":{"@type":"ImageObject","url":"https:\/\/droix.eu\/wp-content\/uploads\/2024\/11\/GPD_DUO-PROTECTIVE_CASE-LISTING-DONE-IMAGE-1-NEW.png","@id":"https:\/\/droix.eu\/et\/product\/gpd-duo-kaitsekott\/#mainImage","width":1500,"height":1500,"caption":"GPD DUO jaoks m\u00f5eldud must k\u00e4epidemetega kaitsekott, millel on elegantne disain ja eemaldatav \u00f5larihm. GPD logo on n\u00e4htav alumises nurgas."},"primaryImageOfPage":{"@id":"https:\/\/droix.eu\/et\/product\/gpd-duo-kaitsekott\/#mainImage"},"datePublished":"2024-11-21T09:20:21+00:00","dateModified":"2026-04-08T10:38:28+01:00"},{"@type":"WebSite","@id":"https:\/\/droix.eu\/et\/#website","url":"https:\/\/droix.eu\/et\/","name":"DROIX EU","description":"Get the latest Mini PCs, Ultrabook, PC Gaming Handhelds and more!","inLanguage":"et","publisher":{"@id":"https:\/\/droix.eu\/et\/#organization"}}]},"og:locale":"et_EE","og:site_name":"DROIX EU - Get the latest Mini PCs, Ultrabook, PC Gaming Handhelds and more!","og:type":"article","og:title":"GPD DUO kaitsekott - DROIX EU","og:description":"Ametlik GPD toode M\u00f5eldud spetsiaalselt GPD DUO jaoks Vastupidav kanga v\u00e4lisk\u00fclg t\u00e4iustatud kaitse tagamiseks Pehme, polsterdatud sisemus kriimustuste ja l\u00f6\u00f6kide v\u00e4ltimiseks Sisaldab nii topeltk\u00e4epidemeid kui ka reguleeritavat \u00f5larihma mitmek\u00fclgsete kandev\u00f5imaluste jaoks.","og:url":"https:\/\/droix.eu\/et\/product\/gpd-duo-kaitsekott\/","og:image":"https:\/\/droix.eu\/wp-content\/uploads\/2024\/06\/droix-v2-light-logo.png","og:image:secure_url":"https:\/\/droix.eu\/wp-content\/uploads\/2024\/06\/droix-v2-light-logo.png","og:image:width":380,"og:image:height":118,"article:published_time":"2024-11-21T09:20:21+00:00","article:modified_time":"2026-04-08T09:38:28+00:00","article:publisher":"https:\/\/www.facebook.com\/DroiX.Store","twitter:card":"summary_large_image","twitter:site":"@DroiX_Store","twitter:title":"GPD DUO kaitsekott - DROIX EU","twitter:description":"Ametlik GPD toode M\u00f5eldud spetsiaalselt GPD DUO jaoks Vastupidav kanga v\u00e4lisk\u00fclg t\u00e4iustatud kaitse tagamiseks Pehme, polsterdatud sisemus kriimustuste ja l\u00f6\u00f6kide v\u00e4ltimiseks Sisaldab nii topeltk\u00e4epidemeid kui ka reguleeritavat \u00f5larihma mitmek\u00fclgsete kandev\u00f5imaluste jaoks.","twitter:image":"https:\/\/droix.eu\/wp-content\/uploads\/2024\/06\/droix-v2-light-logo.png"},"aioseo_meta_data":{"post_id":"506470","title":null,"description":null,"keywords":null,"keyphrases":{"focus":{"keyphrase":"","score":0,"analysis":{"keyphraseInTitle":{"score":0,"maxScore":9,"error":1}}},"additional":[]},"primary_term":null,"canonical_url":null,"og_title":null,"og_description":null,"og_object_type":"default","og_image_type":"default","og_image_url":null,"og_image_width":null,"og_image_height":null,"og_image_custom_url":null,"og_image_custom_fields":null,"og_video":"","og_custom_url":null,"og_article_section":null,"og_article_tags":null,"twitter_use_og":true,"twitter_card":"default","twitter_image_type":"default","twitter_image_url":null,"twitter_image_custom_url":null,"twitter_image_custom_fields":null,"twitter_title":null,"twitter_description":null,"schema":{"blockGraphs":[],"customGraphs":[],"default":{"data":{"Article":[],"Course":[],"Dataset":[],"FAQPage":[],"Movie":[],"Person":[],"Product":[],"ProductReview":[],"Car":[],"Recipe":[],"Service":[],"SoftwareApplication":[],"WebPage":[]},"graphName":"Product","isEnabled":true},"graphs":[]},"schema_type":"default","schema_type_options":null,"pillar_content":false,"robots_default":true,"robots_noindex":false,"robots_noarchive":false,"robots_nosnippet":false,"robots_nofollow":false,"robots_noimageindex":false,"robots_noodp":false,"robots_notranslate":false,"robots_max_snippet":"-1","robots_max_videopreview":"-1","robots_max_imagepreview":"large","priority":null,"frequency":"default","local_seo":null,"seo_analyzer_scan_date":"2026-04-08 11:53:18","breadcrumb_settings":null,"limit_modified_date":false,"reviewed_by":null,"open_ai":null,"ai":{"faqs":[],"keyPoints":[],"titles":[],"descriptions":[],"socialPosts":{"email":[],"linkedin":[],"twitter":[],"facebook":[],"instagram":[]}},"created":"2025-10-09 06:33:46","updated":"2026-04-08 11:53:18"},"aioseo_breadcrumb":"<div class=\"aioseo-breadcrumbs\"><span class=\"aioseo-breadcrumb\">\n\t<a href=\"https:\/\/droix.eu\/et\/\" title=\"Home\">Home<\/a>\n<\/span><span class=\"aioseo-breadcrumb-separator\">&raquo;<\/span><span class=\"aioseo-breadcrumb\">\n\t<a href=\"https:\/\/droix.eu\/et\/product-category\/tarvikud\/\" title=\"Tarvikud\">Tarvikud<\/a>\n<\/span><span class=\"aioseo-breadcrumb-separator\">&raquo;<\/span><span class=\"aioseo-breadcrumb\">\n\t<a href=\"https:\/\/droix.eu\/et\/product-category\/tarvikud\/sulearvuti-tarvikud\/\" title=\"S\u00fclearvuti tarvikud\">S\u00fclearvuti tarvikud<\/a>\n<\/span><span class=\"aioseo-breadcrumb-separator\">&raquo;<\/span><span class=\"aioseo-breadcrumb\">\n\tGPD DUO kaitsekott\n<\/span><\/div>","aioseo_breadcrumb_json":[{"label":"Home","link":"https:\/\/droix.eu\/et\/"},{"label":"Tarvikud","link":"https:\/\/droix.eu\/et\/product-category\/tarvikud\/"},{"label":"S\u00fclearvuti tarvikud","link":"https:\/\/droix.eu\/et\/product-category\/tarvikud\/sulearvuti-tarvikud\/"},{"label":"GPD DUO kaitsekott","link":"https:\/\/droix.eu\/et\/product\/gpd-duo-kaitsekott\/"}],"_links":{"self":[{"href":"https:\/\/droix.eu\/et\/wp-json\/wp\/v2\/product\/506470","targetHints":{"allow":["GET"]}}],"collection":[{"href":"https:\/\/droix.eu\/et\/wp-json\/wp\/v2\/product"}],"about":[{"href":"https:\/\/droix.eu\/et\/wp-json\/wp\/v2\/types\/product"}],"version-history":[{"count":0,"href":"https:\/\/droix.eu\/et\/wp-json\/wp\/v2\/product\/506470\/revisions"}],"wp:featuredmedia":[{"embeddable":true,"href":"https:\/\/droix.eu\/et\/wp-json\/wp\/v2\/media\/495333"}],"wp:attachment":[{"href":"https:\/\/droix.eu\/et\/wp-json\/wp\/v2\/media?parent=506470"}],"wp:term":[{"taxonomy":"product_brand","embeddable":true,"href":"https:\/\/droix.eu\/et\/wp-json\/wp\/v2\/product_brand?post=506470"},{"taxonomy":"product_cat","embeddable":true,"href":"https:\/\/droix.eu\/et\/wp-json\/wp\/v2\/product_cat?post=506470"},{"taxonomy":"product_tag","embeddable":true,"href":"https:\/\/droix.eu\/et\/wp-json\/wp\/v2\/product_tag?post=506470"},{"taxonomy":"woo-feed-brand","embeddable":true,"href":"https:\/\/droix.eu\/et\/wp-json\/wp\/v2\/woo-feed-brand?post=506470"},{"taxonomy":"key-features","embeddable":true,"href":"https:\/\/droix.eu\/et\/wp-json\/wp\/v2\/key-features?post=506470"}],"curies":[{"name":"wp","href":"https:\/\/api.w.org\/{rel}","templated":true}]}}