{"id":505553,"date":"2024-12-11T14:47:11","date_gmt":"2024-12-11T14:47:11","guid":{"rendered":"https:\/\/droix.eu\/product\/onexplayer-onexfly-f1-pro-umbris\/"},"modified":"2026-04-08T10:59:05","modified_gmt":"2026-04-08T09:59:05","slug":"onexplayer-onexfly-f1-pro-umbris","status":"publish","type":"product","link":"https:\/\/droix.eu\/et\/product\/onexplayer-onexfly-f1-pro-umbris\/","title":{"rendered":"ONEXPLAYER ONEXFLY F1 Pro \u00fcmbris"},"content":{"rendered":"\n<h3 class=\"wp-block-heading\"><strong>ONEXPLAYER ONEXFLY kaitsekott &#8211; vastupidav ja stiilne hoiulahendus<\/strong><\/h3>\n\n<p>ONEXPLAYER ONEXFLY kaitsekott on parim lisatarvik, mis kaitseb teie k\u00e4eshoitavat m\u00e4nguseadet, kui te olete teel. Kvaliteetsetest materjalidest valmistatud elegantsel mustal \u00fcmbrisel on minimalistlik disain koos reljeefse ONEXPLAYERi logoga, mis v\u00e4ljendab nii stiili kui ka funktsionaalsust.<\/p>\n\n<h3 class=\"wp-block-heading\">Peamised omadused:<\/h3>\n\n<ul class=\"wp-block-list\">\n<li><strong>Premium kaitse<\/strong>: ONEXFLY kaitseks kriimustuste, tolmu ja v\u00e4iksemate l\u00f6\u00f6kide eest, tagades, et teie seade j\u00e4\u00e4b laitmatusse seisukorda.<\/li>\n\n\n\n<li><strong>Sobib ideaalselt<\/strong>: ONEXFLY on t\u00e4pselt projekteeritud, et see sobiks t\u00e4pselt teie ONEXFLY&#8217;le, hoides seda transpordi ajal kindlalt paigal.<\/li>\n\n\n\n<li><strong>Kompaktne ja kerge<\/strong>: See kott on kandmiseks ideaalne, kuna see on kerge ja seda on lihtne kotis v\u00f5i seljakotis kaasas kanda.<\/li>\n\n\n\n<li><strong>Lukuga sulgemine<\/strong>: Lukk tagab seadme turvalise sulgemise, v\u00f5imaldades samas kiire ja h\u00f5lpsa juurdep\u00e4\u00e4su.<\/li>\n\n\n\n<li><strong>Pehme sisevooder<\/strong>: Sisemine kiht on valmistatud pehmest kangast, mis pakub ekraanile ja nuppudele t\u00e4iendavat kaitset.<\/li>\n<\/ul>\n\n<p>Olenemata sellest, kas sa l\u00e4hed s\u00f5pradega m\u00e4ngusessioonile v\u00f5i hoiad oma ONEXFLY&#8217;t kodus, on see kaitsekott t\u00e4iuslik segu vastupidavusest, stiilist ja praktilisusest. Hoidke oma seade turvaliselt ja reisimiseks valmis ONEXPLAYER ONEXFLY kaitsekotiga.<\/p>\n\n<p><\/p>\n","protected":false},"excerpt":{"rendered":"<ul>\n<li><strong>Ametlik lisatarvik<\/strong>, mis on m\u00f5eldud spetsiaalselt ONEXFLY pihuarvuti jaoks.<\/li>\n<li><strong>Vastupidav kaitse<\/strong>, mille tugev v\u00e4lispind hoiab \u00e4ra kriimustused ja l\u00f6\u00f6gid<\/li>\n<li><strong>Pehme vooder<\/strong> tagab teie seadme kriimustusvaba ja turvalise kinnituse.<\/li>\n<li><strong>Kaasaskantav disain<\/strong> kerge ja kompaktne lihtsaks reisimiseks ja hoiustamiseks<\/li>\n<li><strong>Turvaline t\u00f5mblukk<\/strong> usaldusv\u00e4\u00e4rseks sulgemiseks ja kiireks juurdep\u00e4\u00e4suks<\/li>\n<\/ul>\n[droix_global_accordions]\n[cg_accordion title=\"Pakett sisaldab\"]<\/p>\n<ul>\n<li>1x ONEXPLAYER ONEXFLY kohver<\/li>\n<\/ul>\n<p>[\/cg_accordion]\n","protected":false},"featured_media":495809,"template":"","meta":{"_acf_changed":false},"product_brand":[],"product_cat":[10583,10481],"product_tag":[],"woo-feed-brand":[],"key-features":[],"class_list":{"0":"post-505553","1":"product","2":"type-product","3":"status-publish","4":"has-post-thumbnail","6":"product_cat-mangude-aksessuaarid","7":"product_cat-tarvikud","8":"product_shipping_class-low-end","9":"pa_accessory-type-protective-case","10":"pa_brands-onexplayer-et","11":"pa_compatibility-onexplayer-onexfly-et","13":"first","14":"outofstock","15":"sale","16":"taxable","17":"shipping-taxable","18":"purchasable","19":"product-type-simple"},"acf":[],"aioseo_notices":[],"aioseo_head":"\n\t\t<!-- All in One SEO Pro 4.9.5.2 - aioseo.com -->\n\t<meta name=\"description\" content=\"Ametlik lisatarvik, mis on m\u00f5eldud spetsiaalselt ONEXFLY pihuarvuti jaoks. Vastupidav kaitse, mille tugev v\u00e4lispind hoiab \u00e4ra kriimustused ja l\u00f6\u00f6gid Pehme vooder tagab teie seadme kriimustusvaba ja turvalise kinnituse. Kaasaskantav disain kerge ja kompaktne lihtsaks reisimiseks ja hoiustamiseks Turvaline t\u00f5mblukk usaldusv\u00e4\u00e4rseks sulgemiseks ja kiireks juurdep\u00e4\u00e4suks Pakett sisaldab 1x ONEXPLAYER ONEXFLY kohver\" \/>\n\t<meta name=\"robots\" content=\"max-image-preview:large\" \/>\n\t<link rel=\"canonical\" href=\"https:\/\/droix.eu\/et\/product\/onexplayer-onexfly-f1-pro-umbris\/\" \/>\n\t<meta name=\"generator\" content=\"All in One SEO Pro (AIOSEO) 4.9.5.2\" \/>\n\t\t<meta property=\"og:locale\" content=\"et_EE\" \/>\n\t\t<meta property=\"og:site_name\" content=\"DROIX EU - Get the latest Mini PCs, Ultrabook, PC Gaming Handhelds and more!\" \/>\n\t\t<meta property=\"og:type\" content=\"article\" \/>\n\t\t<meta property=\"og:title\" content=\"ONEXPLAYER ONEXFLY F1 Pro \u00fcmbris - DROIX EU\" \/>\n\t\t<meta property=\"og:description\" content=\"Ametlik lisatarvik, mis on m\u00f5eldud spetsiaalselt ONEXFLY pihuarvuti jaoks. Vastupidav kaitse, mille tugev v\u00e4lispind hoiab \u00e4ra kriimustused ja l\u00f6\u00f6gid Pehme vooder tagab teie seadme kriimustusvaba ja turvalise kinnituse. Kaasaskantav disain kerge ja kompaktne lihtsaks reisimiseks ja hoiustamiseks Turvaline t\u00f5mblukk usaldusv\u00e4\u00e4rseks sulgemiseks ja kiireks juurdep\u00e4\u00e4suks Pakett sisaldab 1x ONEXPLAYER ONEXFLY kohver\" \/>\n\t\t<meta property=\"og:url\" content=\"https:\/\/droix.eu\/et\/product\/onexplayer-onexfly-f1-pro-umbris\/\" \/>\n\t\t<meta property=\"og:image\" content=\"https:\/\/droix.eu\/wp-content\/uploads\/2024\/06\/droix-v2-light-logo.png\" \/>\n\t\t<meta property=\"og:image:secure_url\" content=\"https:\/\/droix.eu\/wp-content\/uploads\/2024\/06\/droix-v2-light-logo.png\" \/>\n\t\t<meta property=\"og:image:width\" content=\"380\" \/>\n\t\t<meta property=\"og:image:height\" content=\"118\" \/>\n\t\t<meta property=\"article:published_time\" content=\"2024-12-11T14:47:11+00:00\" \/>\n\t\t<meta property=\"article:modified_time\" content=\"2026-04-08T09:59:05+00:00\" \/>\n\t\t<meta property=\"article:publisher\" content=\"https:\/\/www.facebook.com\/DroiX.Store\" \/>\n\t\t<meta name=\"twitter:card\" content=\"summary_large_image\" \/>\n\t\t<meta name=\"twitter:site\" content=\"@DroiX_Store\" \/>\n\t\t<meta name=\"twitter:title\" content=\"ONEXPLAYER ONEXFLY F1 Pro \u00fcmbris - DROIX EU\" \/>\n\t\t<meta name=\"twitter:description\" content=\"Ametlik lisatarvik, mis on m\u00f5eldud spetsiaalselt ONEXFLY pihuarvuti jaoks. Vastupidav kaitse, mille tugev v\u00e4lispind hoiab \u00e4ra kriimustused ja l\u00f6\u00f6gid Pehme vooder tagab teie seadme kriimustusvaba ja turvalise kinnituse. Kaasaskantav disain kerge ja kompaktne lihtsaks reisimiseks ja hoiustamiseks Turvaline t\u00f5mblukk usaldusv\u00e4\u00e4rseks sulgemiseks ja kiireks juurdep\u00e4\u00e4suks Pakett sisaldab 1x ONEXPLAYER ONEXFLY kohver\" \/>\n\t\t<meta name=\"twitter:image\" content=\"https:\/\/droix.eu\/wp-content\/uploads\/2024\/06\/droix-v2-light-logo.png\" \/>\n\t\t<script type=\"application\/ld+json\" class=\"aioseo-schema\">\n\t\t\t{\"@context\":\"https:\\\/\\\/schema.org\",\"@graph\":[{\"@type\":\"BreadcrumbList\",\"@id\":\"https:\\\/\\\/droix.eu\\\/et\\\/product\\\/onexplayer-onexfly-f1-pro-umbris\\\/#breadcrumblist\",\"itemListElement\":[{\"@type\":\"ListItem\",\"@id\":\"https:\\\/\\\/droix.eu\\\/et\\\/#listItem\",\"position\":1,\"name\":\"Home\",\"item\":\"https:\\\/\\\/droix.eu\\\/et\\\/\",\"nextItem\":{\"@type\":\"ListItem\",\"@id\":\"https:\\\/\\\/droix.eu\\\/et\\\/product-category\\\/tarvikud\\\/#listItem\",\"name\":\"Tarvikud\"}},{\"@type\":\"ListItem\",\"@id\":\"https:\\\/\\\/droix.eu\\\/et\\\/product-category\\\/tarvikud\\\/#listItem\",\"position\":2,\"name\":\"Tarvikud\",\"item\":\"https:\\\/\\\/droix.eu\\\/et\\\/product-category\\\/tarvikud\\\/\",\"nextItem\":{\"@type\":\"ListItem\",\"@id\":\"https:\\\/\\\/droix.eu\\\/et\\\/product-category\\\/tarvikud\\\/mangude-aksessuaarid\\\/#listItem\",\"name\":\"M\\u00e4ngude aksessuaarid\"},\"previousItem\":{\"@type\":\"ListItem\",\"@id\":\"https:\\\/\\\/droix.eu\\\/et\\\/#listItem\",\"name\":\"Home\"}},{\"@type\":\"ListItem\",\"@id\":\"https:\\\/\\\/droix.eu\\\/et\\\/product-category\\\/tarvikud\\\/mangude-aksessuaarid\\\/#listItem\",\"position\":3,\"name\":\"M\\u00e4ngude aksessuaarid\",\"item\":\"https:\\\/\\\/droix.eu\\\/et\\\/product-category\\\/tarvikud\\\/mangude-aksessuaarid\\\/\",\"nextItem\":{\"@type\":\"ListItem\",\"@id\":\"https:\\\/\\\/droix.eu\\\/et\\\/product\\\/onexplayer-onexfly-f1-pro-umbris\\\/#listItem\",\"name\":\"ONEXPLAYER ONEXFLY F1 Pro \\u00fcmbris\"},\"previousItem\":{\"@type\":\"ListItem\",\"@id\":\"https:\\\/\\\/droix.eu\\\/et\\\/product-category\\\/tarvikud\\\/#listItem\",\"name\":\"Tarvikud\"}},{\"@type\":\"ListItem\",\"@id\":\"https:\\\/\\\/droix.eu\\\/et\\\/product\\\/onexplayer-onexfly-f1-pro-umbris\\\/#listItem\",\"position\":4,\"name\":\"ONEXPLAYER ONEXFLY F1 Pro \\u00fcmbris\",\"previousItem\":{\"@type\":\"ListItem\",\"@id\":\"https:\\\/\\\/droix.eu\\\/et\\\/product-category\\\/tarvikud\\\/mangude-aksessuaarid\\\/#listItem\",\"name\":\"M\\u00e4ngude aksessuaarid\"}}]},{\"@type\":\"Organization\",\"@id\":\"https:\\\/\\\/droix.eu\\\/et\\\/#organization\",\"name\":\"DroiX \\u2013 Trusted EU Tech Retailer with 12+ Years Experience\",\"description\":\"DroiX is a leading European technology retailer with over 12 years of experience, offering quality mini PCs, handheld gaming consoles, and tech accessories. We provide hassle-free EU delivery with all taxes included, ensuring a smooth and reliable shopping experience for our customers across Europe.\",\"url\":\"https:\\\/\\\/droix.eu\\\/et\\\/\",\"logo\":{\"@type\":\"ImageObject\",\"url\":\"https:\\\/\\\/droix.eu\\\/wp-content\\\/uploads\\\/2024\\\/06\\\/droix-v2-light-logo.png\",\"@id\":\"https:\\\/\\\/droix.eu\\\/et\\\/product\\\/onexplayer-onexfly-f1-pro-umbris\\\/#organizationLogo\",\"width\":380,\"height\":118},\"image\":{\"@id\":\"https:\\\/\\\/droix.eu\\\/et\\\/product\\\/onexplayer-onexfly-f1-pro-umbris\\\/#organizationLogo\"},\"sameAs\":[\"https:\\\/\\\/www.facebook.com\\\/DroiX.Store\",\"https:\\\/\\\/twitter.com\\\/DroiX_Store\",\"https:\\\/\\\/www.instagram.com\\\/droix.store\\\/\",\"https:\\\/\\\/www.tiktok.com\\\/@droix.store\",\"https:\\\/\\\/www.youtube.com\\\/c\\\/DroiX_Store\",\"https:\\\/\\\/uk.linkedin.com\\\/company\\\/droix\"]},{\"@type\":\"Product\",\"@id\":\"https:\\\/\\\/droix.eu\\\/et\\\/product\\\/onexplayer-onexfly-f1-pro-umbris\\\/#wooCommerceProduct\",\"name\":\"ONEXPLAYER ONEXFLY F1 Pro \\u00fcmbris\",\"description\":\"Ametlik lisatarvik, mis on m\\u00f5eldud spetsiaalselt ONEXFLY pihuarvuti jaoks.\\n    Vastupidav kaitse, mille tugev v\\u00e4lispind hoiab \\u00e4ra kriimustused ja l\\u00f6\\u00f6gid\\n    Pehme vooder tagab teie seadme kriimustusvaba ja turvalise kinnituse.\\n    Kaasaskantav disain kerge ja kompaktne lihtsaks reisimiseks ja hoiustamiseks\\n    Turvaline t\\u00f5mblukk usaldusv\\u00e4\\u00e4rseks sulgemiseks ja kiireks juurdep\\u00e4\\u00e4suks\",\"url\":\"https:\\\/\\\/droix.eu\\\/et\\\/product\\\/onexplayer-onexfly-f1-pro-umbris\\\/\",\"sku\":\"ONEXPLAYER-ONEXFLY-CASE\",\"gtin\":\"5061077630618\",\"image\":{\"@type\":\"ImageObject\",\"url\":\"https:\\\/\\\/droix.eu\\\/wp-content\\\/uploads\\\/2024\\\/12\\\/ONEXFLY-CASE-LISTING-DONE-01.png\",\"@id\":\"https:\\\/\\\/droix.eu\\\/et\\\/product\\\/onexplayer-onexfly-f1-pro-umbris\\\/#productImage\",\"width\":1500,\"height\":1500,\"caption\":\"Elegantne must kaitsekott ONEXPLAYER ONEXFLY jaoks, millel on minimalistlik disain ja mille esik\\u00fcljel on peenelt reljeefne \\\"ONEXPLAYER\\\" logo.\"},\"offers\":{\"@type\":\"Offer\",\"url\":\"https:\\\/\\\/droix.eu\\\/et\\\/product\\\/onexplayer-onexfly-f1-pro-umbris\\\/#wooCommerceOffer\",\"price\":38.07,\"priceCurrency\":\"EUR\",\"category\":\"M\\u00e4ngude aksessuaarid\",\"availability\":\"https:\\\/\\\/schema.org\\\/OutOfStock\",\"priceSpecification\":{\"@type\":\"PriceSpecification\",\"price\":38.07,\"priceCurrency\":\"EUR\",\"valueAddedTaxIncluded\":\"true\"},\"seller\":{\"@type\":\"Organization\",\"@id\":\"https:\\\/\\\/droix.eu\\\/et\\\/#organization\"}}},{\"@type\":\"WebPage\",\"@id\":\"https:\\\/\\\/droix.eu\\\/et\\\/product\\\/onexplayer-onexfly-f1-pro-umbris\\\/#webpage\",\"url\":\"https:\\\/\\\/droix.eu\\\/et\\\/product\\\/onexplayer-onexfly-f1-pro-umbris\\\/\",\"name\":\"ONEXPLAYER ONEXFLY F1 Pro \\u00fcmbris - DROIX EU\",\"description\":\"Ametlik lisatarvik, mis on m\\u00f5eldud spetsiaalselt ONEXFLY pihuarvuti jaoks. Vastupidav kaitse, mille tugev v\\u00e4lispind hoiab \\u00e4ra kriimustused ja l\\u00f6\\u00f6gid Pehme vooder tagab teie seadme kriimustusvaba ja turvalise kinnituse. Kaasaskantav disain kerge ja kompaktne lihtsaks reisimiseks ja hoiustamiseks Turvaline t\\u00f5mblukk usaldusv\\u00e4\\u00e4rseks sulgemiseks ja kiireks juurdep\\u00e4\\u00e4suks Pakett sisaldab 1x ONEXPLAYER ONEXFLY kohver\",\"inLanguage\":\"et\",\"isPartOf\":{\"@id\":\"https:\\\/\\\/droix.eu\\\/et\\\/#website\"},\"breadcrumb\":{\"@id\":\"https:\\\/\\\/droix.eu\\\/et\\\/product\\\/onexplayer-onexfly-f1-pro-umbris\\\/#breadcrumblist\"},\"image\":{\"@type\":\"ImageObject\",\"url\":\"https:\\\/\\\/droix.eu\\\/wp-content\\\/uploads\\\/2024\\\/12\\\/ONEXFLY-CASE-LISTING-DONE-01.png\",\"@id\":\"https:\\\/\\\/droix.eu\\\/et\\\/product\\\/onexplayer-onexfly-f1-pro-umbris\\\/#mainImage\",\"width\":1500,\"height\":1500,\"caption\":\"Elegantne must kaitsekott ONEXPLAYER ONEXFLY jaoks, millel on minimalistlik disain ja mille esik\\u00fcljel on peenelt reljeefne \\\"ONEXPLAYER\\\" logo.\"},\"primaryImageOfPage\":{\"@id\":\"https:\\\/\\\/droix.eu\\\/et\\\/product\\\/onexplayer-onexfly-f1-pro-umbris\\\/#mainImage\"},\"datePublished\":\"2024-12-11T14:47:11+00:00\",\"dateModified\":\"2026-04-08T10:59:05+01:00\"},{\"@type\":\"WebSite\",\"@id\":\"https:\\\/\\\/droix.eu\\\/et\\\/#website\",\"url\":\"https:\\\/\\\/droix.eu\\\/et\\\/\",\"name\":\"DROIX EU\",\"description\":\"Get the latest Mini PCs, Ultrabook, PC Gaming Handhelds and more!\",\"inLanguage\":\"et\",\"publisher\":{\"@id\":\"https:\\\/\\\/droix.eu\\\/et\\\/#organization\"}}]}\n\t\t<\/script>\n\t\t<!-- All in One SEO Pro -->\r\n\t\t<title>ONEXPLAYER ONEXFLY F1 Pro \u00fcmbris - DROIX EU<\/title>\n\n","aioseo_head_json":{"title":"ONEXPLAYER ONEXFLY F1 Pro \u00fcmbris - DROIX EU","description":"Ametlik lisatarvik, mis on m\u00f5eldud spetsiaalselt ONEXFLY pihuarvuti jaoks. Vastupidav kaitse, mille tugev v\u00e4lispind hoiab \u00e4ra kriimustused ja l\u00f6\u00f6gid Pehme vooder tagab teie seadme kriimustusvaba ja turvalise kinnituse. Kaasaskantav disain kerge ja kompaktne lihtsaks reisimiseks ja hoiustamiseks Turvaline t\u00f5mblukk usaldusv\u00e4\u00e4rseks sulgemiseks ja kiireks juurdep\u00e4\u00e4suks Pakett sisaldab 1x ONEXPLAYER ONEXFLY kohver","canonical_url":"https:\/\/droix.eu\/et\/product\/onexplayer-onexfly-f1-pro-umbris\/","robots":"max-image-preview:large","keywords":"","webmasterTools":{"miscellaneous":""},"schema":{"@context":"https:\/\/schema.org","@graph":[{"@type":"BreadcrumbList","@id":"https:\/\/droix.eu\/et\/product\/onexplayer-onexfly-f1-pro-umbris\/#breadcrumblist","itemListElement":[{"@type":"ListItem","@id":"https:\/\/droix.eu\/et\/#listItem","position":1,"name":"Home","item":"https:\/\/droix.eu\/et\/","nextItem":{"@type":"ListItem","@id":"https:\/\/droix.eu\/et\/product-category\/tarvikud\/#listItem","name":"Tarvikud"}},{"@type":"ListItem","@id":"https:\/\/droix.eu\/et\/product-category\/tarvikud\/#listItem","position":2,"name":"Tarvikud","item":"https:\/\/droix.eu\/et\/product-category\/tarvikud\/","nextItem":{"@type":"ListItem","@id":"https:\/\/droix.eu\/et\/product-category\/tarvikud\/mangude-aksessuaarid\/#listItem","name":"M\u00e4ngude aksessuaarid"},"previousItem":{"@type":"ListItem","@id":"https:\/\/droix.eu\/et\/#listItem","name":"Home"}},{"@type":"ListItem","@id":"https:\/\/droix.eu\/et\/product-category\/tarvikud\/mangude-aksessuaarid\/#listItem","position":3,"name":"M\u00e4ngude aksessuaarid","item":"https:\/\/droix.eu\/et\/product-category\/tarvikud\/mangude-aksessuaarid\/","nextItem":{"@type":"ListItem","@id":"https:\/\/droix.eu\/et\/product\/onexplayer-onexfly-f1-pro-umbris\/#listItem","name":"ONEXPLAYER ONEXFLY F1 Pro \u00fcmbris"},"previousItem":{"@type":"ListItem","@id":"https:\/\/droix.eu\/et\/product-category\/tarvikud\/#listItem","name":"Tarvikud"}},{"@type":"ListItem","@id":"https:\/\/droix.eu\/et\/product\/onexplayer-onexfly-f1-pro-umbris\/#listItem","position":4,"name":"ONEXPLAYER ONEXFLY F1 Pro \u00fcmbris","previousItem":{"@type":"ListItem","@id":"https:\/\/droix.eu\/et\/product-category\/tarvikud\/mangude-aksessuaarid\/#listItem","name":"M\u00e4ngude aksessuaarid"}}]},{"@type":"Organization","@id":"https:\/\/droix.eu\/et\/#organization","name":"DroiX \u2013 Trusted EU Tech Retailer with 12+ Years Experience","description":"DroiX is a leading European technology retailer with over 12 years of experience, offering quality mini PCs, handheld gaming consoles, and tech accessories. We provide hassle-free EU delivery with all taxes included, ensuring a smooth and reliable shopping experience for our customers across Europe.","url":"https:\/\/droix.eu\/et\/","logo":{"@type":"ImageObject","url":"https:\/\/droix.eu\/wp-content\/uploads\/2024\/06\/droix-v2-light-logo.png","@id":"https:\/\/droix.eu\/et\/product\/onexplayer-onexfly-f1-pro-umbris\/#organizationLogo","width":380,"height":118},"image":{"@id":"https:\/\/droix.eu\/et\/product\/onexplayer-onexfly-f1-pro-umbris\/#organizationLogo"},"sameAs":["https:\/\/www.facebook.com\/DroiX.Store","https:\/\/twitter.com\/DroiX_Store","https:\/\/www.instagram.com\/droix.store\/","https:\/\/www.tiktok.com\/@droix.store","https:\/\/www.youtube.com\/c\/DroiX_Store","https:\/\/uk.linkedin.com\/company\/droix"]},{"@type":"Product","@id":"https:\/\/droix.eu\/et\/product\/onexplayer-onexfly-f1-pro-umbris\/#wooCommerceProduct","name":"ONEXPLAYER ONEXFLY F1 Pro \u00fcmbris","description":"Ametlik lisatarvik, mis on m\u00f5eldud spetsiaalselt ONEXFLY pihuarvuti jaoks.\n    Vastupidav kaitse, mille tugev v\u00e4lispind hoiab \u00e4ra kriimustused ja l\u00f6\u00f6gid\n    Pehme vooder tagab teie seadme kriimustusvaba ja turvalise kinnituse.\n    Kaasaskantav disain kerge ja kompaktne lihtsaks reisimiseks ja hoiustamiseks\n    Turvaline t\u00f5mblukk usaldusv\u00e4\u00e4rseks sulgemiseks ja kiireks juurdep\u00e4\u00e4suks","url":"https:\/\/droix.eu\/et\/product\/onexplayer-onexfly-f1-pro-umbris\/","sku":"ONEXPLAYER-ONEXFLY-CASE","gtin":"5061077630618","image":{"@type":"ImageObject","url":"https:\/\/droix.eu\/wp-content\/uploads\/2024\/12\/ONEXFLY-CASE-LISTING-DONE-01.png","@id":"https:\/\/droix.eu\/et\/product\/onexplayer-onexfly-f1-pro-umbris\/#productImage","width":1500,"height":1500,"caption":"Elegantne must kaitsekott ONEXPLAYER ONEXFLY jaoks, millel on minimalistlik disain ja mille esik\u00fcljel on peenelt reljeefne \"ONEXPLAYER\" logo."},"offers":{"@type":"Offer","url":"https:\/\/droix.eu\/et\/product\/onexplayer-onexfly-f1-pro-umbris\/#wooCommerceOffer","price":38.07,"priceCurrency":"EUR","category":"M\u00e4ngude aksessuaarid","availability":"https:\/\/schema.org\/OutOfStock","priceSpecification":{"@type":"PriceSpecification","price":38.07,"priceCurrency":"EUR","valueAddedTaxIncluded":"true"},"seller":{"@type":"Organization","@id":"https:\/\/droix.eu\/et\/#organization"}}},{"@type":"WebPage","@id":"https:\/\/droix.eu\/et\/product\/onexplayer-onexfly-f1-pro-umbris\/#webpage","url":"https:\/\/droix.eu\/et\/product\/onexplayer-onexfly-f1-pro-umbris\/","name":"ONEXPLAYER ONEXFLY F1 Pro \u00fcmbris - DROIX EU","description":"Ametlik lisatarvik, mis on m\u00f5eldud spetsiaalselt ONEXFLY pihuarvuti jaoks. Vastupidav kaitse, mille tugev v\u00e4lispind hoiab \u00e4ra kriimustused ja l\u00f6\u00f6gid Pehme vooder tagab teie seadme kriimustusvaba ja turvalise kinnituse. Kaasaskantav disain kerge ja kompaktne lihtsaks reisimiseks ja hoiustamiseks Turvaline t\u00f5mblukk usaldusv\u00e4\u00e4rseks sulgemiseks ja kiireks juurdep\u00e4\u00e4suks Pakett sisaldab 1x ONEXPLAYER ONEXFLY kohver","inLanguage":"et","isPartOf":{"@id":"https:\/\/droix.eu\/et\/#website"},"breadcrumb":{"@id":"https:\/\/droix.eu\/et\/product\/onexplayer-onexfly-f1-pro-umbris\/#breadcrumblist"},"image":{"@type":"ImageObject","url":"https:\/\/droix.eu\/wp-content\/uploads\/2024\/12\/ONEXFLY-CASE-LISTING-DONE-01.png","@id":"https:\/\/droix.eu\/et\/product\/onexplayer-onexfly-f1-pro-umbris\/#mainImage","width":1500,"height":1500,"caption":"Elegantne must kaitsekott ONEXPLAYER ONEXFLY jaoks, millel on minimalistlik disain ja mille esik\u00fcljel on peenelt reljeefne \"ONEXPLAYER\" logo."},"primaryImageOfPage":{"@id":"https:\/\/droix.eu\/et\/product\/onexplayer-onexfly-f1-pro-umbris\/#mainImage"},"datePublished":"2024-12-11T14:47:11+00:00","dateModified":"2026-04-08T10:59:05+01:00"},{"@type":"WebSite","@id":"https:\/\/droix.eu\/et\/#website","url":"https:\/\/droix.eu\/et\/","name":"DROIX EU","description":"Get the latest Mini PCs, Ultrabook, PC Gaming Handhelds and more!","inLanguage":"et","publisher":{"@id":"https:\/\/droix.eu\/et\/#organization"}}]},"og:locale":"et_EE","og:site_name":"DROIX EU - Get the latest Mini PCs, Ultrabook, PC Gaming Handhelds and more!","og:type":"article","og:title":"ONEXPLAYER ONEXFLY F1 Pro \u00fcmbris - DROIX EU","og:description":"Ametlik lisatarvik, mis on m\u00f5eldud spetsiaalselt ONEXFLY pihuarvuti jaoks. Vastupidav kaitse, mille tugev v\u00e4lispind hoiab \u00e4ra kriimustused ja l\u00f6\u00f6gid Pehme vooder tagab teie seadme kriimustusvaba ja turvalise kinnituse. Kaasaskantav disain kerge ja kompaktne lihtsaks reisimiseks ja hoiustamiseks Turvaline t\u00f5mblukk usaldusv\u00e4\u00e4rseks sulgemiseks ja kiireks juurdep\u00e4\u00e4suks Pakett sisaldab 1x ONEXPLAYER ONEXFLY kohver","og:url":"https:\/\/droix.eu\/et\/product\/onexplayer-onexfly-f1-pro-umbris\/","og:image":"https:\/\/droix.eu\/wp-content\/uploads\/2024\/06\/droix-v2-light-logo.png","og:image:secure_url":"https:\/\/droix.eu\/wp-content\/uploads\/2024\/06\/droix-v2-light-logo.png","og:image:width":380,"og:image:height":118,"article:published_time":"2024-12-11T14:47:11+00:00","article:modified_time":"2026-04-08T09:59:05+00:00","article:publisher":"https:\/\/www.facebook.com\/DroiX.Store","twitter:card":"summary_large_image","twitter:site":"@DroiX_Store","twitter:title":"ONEXPLAYER ONEXFLY F1 Pro \u00fcmbris - DROIX EU","twitter:description":"Ametlik lisatarvik, mis on m\u00f5eldud spetsiaalselt ONEXFLY pihuarvuti jaoks. Vastupidav kaitse, mille tugev v\u00e4lispind hoiab \u00e4ra kriimustused ja l\u00f6\u00f6gid Pehme vooder tagab teie seadme kriimustusvaba ja turvalise kinnituse. Kaasaskantav disain kerge ja kompaktne lihtsaks reisimiseks ja hoiustamiseks Turvaline t\u00f5mblukk usaldusv\u00e4\u00e4rseks sulgemiseks ja kiireks juurdep\u00e4\u00e4suks Pakett sisaldab 1x ONEXPLAYER ONEXFLY kohver","twitter:image":"https:\/\/droix.eu\/wp-content\/uploads\/2024\/06\/droix-v2-light-logo.png"},"aioseo_meta_data":{"post_id":"505553","title":null,"description":null,"keywords":null,"keyphrases":null,"primary_term":null,"canonical_url":null,"og_title":null,"og_description":null,"og_object_type":"default","og_image_type":"default","og_image_url":null,"og_image_width":null,"og_image_height":null,"og_image_custom_url":null,"og_image_custom_fields":null,"og_video":null,"og_custom_url":null,"og_article_section":null,"og_article_tags":null,"twitter_use_og":true,"twitter_card":"default","twitter_image_type":"default","twitter_image_url":null,"twitter_image_custom_url":null,"twitter_image_custom_fields":null,"twitter_title":null,"twitter_description":null,"schema":{"blockGraphs":[],"customGraphs":[],"default":{"data":{"Article":[],"Course":[],"Dataset":[],"FAQPage":[],"Movie":[],"Person":[],"Product":[],"ProductReview":[],"Car":[],"Recipe":[],"Service":[],"SoftwareApplication":[],"WebPage":[]},"graphName":"Product","isEnabled":true},"graphs":[]},"schema_type":"default","schema_type_options":null,"pillar_content":false,"robots_default":true,"robots_noindex":false,"robots_noarchive":false,"robots_nosnippet":false,"robots_nofollow":false,"robots_noimageindex":false,"robots_noodp":false,"robots_notranslate":false,"robots_max_snippet":null,"robots_max_videopreview":null,"robots_max_imagepreview":"large","priority":null,"frequency":null,"local_seo":null,"seo_analyzer_scan_date":"2026-04-08 11:02:41","breadcrumb_settings":null,"limit_modified_date":false,"reviewed_by":null,"open_ai":null,"ai":null,"created":"2025-10-09 06:50:22","updated":"2026-04-08 11:04:41"},"aioseo_breadcrumb":"<div class=\"aioseo-breadcrumbs\"><span class=\"aioseo-breadcrumb\">\n\t<a href=\"https:\/\/droix.eu\/et\/\" title=\"Home\">Home<\/a>\n<\/span><span class=\"aioseo-breadcrumb-separator\">&raquo;<\/span><span class=\"aioseo-breadcrumb\">\n\t<a href=\"https:\/\/droix.eu\/et\/product-category\/tarvikud\/\" title=\"Tarvikud\">Tarvikud<\/a>\n<\/span><span class=\"aioseo-breadcrumb-separator\">&raquo;<\/span><span class=\"aioseo-breadcrumb\">\n\t<a href=\"https:\/\/droix.eu\/et\/product-category\/tarvikud\/mangude-aksessuaarid\/\" title=\"M\u00e4ngude aksessuaarid\">M\u00e4ngude aksessuaarid<\/a>\n<\/span><span class=\"aioseo-breadcrumb-separator\">&raquo;<\/span><span class=\"aioseo-breadcrumb\">\n\tONEXPLAYER ONEXFLY F1 Pro \u00fcmbris\n<\/span><\/div>","aioseo_breadcrumb_json":[{"label":"Home","link":"https:\/\/droix.eu\/et\/"},{"label":"Tarvikud","link":"https:\/\/droix.eu\/et\/product-category\/tarvikud\/"},{"label":"M\u00e4ngude aksessuaarid","link":"https:\/\/droix.eu\/et\/product-category\/tarvikud\/mangude-aksessuaarid\/"},{"label":"ONEXPLAYER ONEXFLY F1 Pro \u00fcmbris","link":"https:\/\/droix.eu\/et\/product\/onexplayer-onexfly-f1-pro-umbris\/"}],"_links":{"self":[{"href":"https:\/\/droix.eu\/et\/wp-json\/wp\/v2\/product\/505553","targetHints":{"allow":["GET"]}}],"collection":[{"href":"https:\/\/droix.eu\/et\/wp-json\/wp\/v2\/product"}],"about":[{"href":"https:\/\/droix.eu\/et\/wp-json\/wp\/v2\/types\/product"}],"version-history":[{"count":0,"href":"https:\/\/droix.eu\/et\/wp-json\/wp\/v2\/product\/505553\/revisions"}],"wp:featuredmedia":[{"embeddable":true,"href":"https:\/\/droix.eu\/et\/wp-json\/wp\/v2\/media\/495809"}],"wp:attachment":[{"href":"https:\/\/droix.eu\/et\/wp-json\/wp\/v2\/media?parent=505553"}],"wp:term":[{"taxonomy":"product_brand","embeddable":true,"href":"https:\/\/droix.eu\/et\/wp-json\/wp\/v2\/product_brand?post=505553"},{"taxonomy":"product_cat","embeddable":true,"href":"https:\/\/droix.eu\/et\/wp-json\/wp\/v2\/product_cat?post=505553"},{"taxonomy":"product_tag","embeddable":true,"href":"https:\/\/droix.eu\/et\/wp-json\/wp\/v2\/product_tag?post=505553"},{"taxonomy":"woo-feed-brand","embeddable":true,"href":"https:\/\/droix.eu\/et\/wp-json\/wp\/v2\/woo-feed-brand?post=505553"},{"taxonomy":"key-features","embeddable":true,"href":"https:\/\/droix.eu\/et\/wp-json\/wp\/v2\/key-features?post=505553"}],"curies":[{"name":"wp","href":"https:\/\/api.w.org\/{rel}","templated":true}]}}