{"id":503880,"date":"2023-05-02T16:38:01","date_gmt":"2023-05-02T15:38:01","guid":{"rendered":"https:\/\/droix.eu\/varud-maksmine-ja-tarne\/"},"modified":"2025-05-27T14:09:20","modified_gmt":"2025-05-27T13:09:20","slug":"varud-maksmine-ja-tarne","status":"publish","type":"page","link":"https:\/\/droix.eu\/et\/varud-maksmine-ja-tarne\/","title":{"rendered":"Varud, maksmine ja tarne"},"content":{"rendered":"\n<p>Meil on hea meel teatada, et <strong>DROIX <\/strong>pakub n\u00fc\u00fcd veelgi kiiremaid ja soodsamaid tarnev\u00f5imalusi k\u00f5igi teie elektrooniliste vajaduste jaoks. Meie kohustus pakkuda teile erakordset klienditeenindust laieneb ka sellele, et tagada teie tellimuste v\u00f5imalikult kiire ja t\u00f5hus k\u00e4ttesaamine, ilma et see l\u00e4heks pankrotti. <\/p>\n\n<p>Me <strong>DROIXis<\/strong> m\u00f5istame, kui oluline on paindlikkus maksmisel. Seep\u00e4rast oleme uhked, et aktsepteerime makseid k\u00f5igis peamistes valuutades ja meetodites, sealhulgas krediitkaartide, deebetkaartide, PayPali, BNPL-skeemide ja muude makseviisidega, et muuta teie ostukogemus sujuvaks ja mugavaks. <\/p>\n\n<p>Et veelgi parandada meie teenust, saadame tellimusi oma strateegiliselt paiknevatest ladudest \u00dchendkuningriigis, Euroopas ja USAs. See v\u00f5imaldab meil toimetada teie ostud kohale v\u00f5imalikult l\u00fchikese aja jooksul, v\u00e4hendades samal ajal transpordikulusid. <\/p>\n\n<p>Lisaks sellele t\u00f6\u00f6tame pidevalt selle nimel, et laiendada meie tarnev\u00f5imalusi ja pidada l\u00e4bir\u00e4\u00e4kimisi paremate pakkumiste \u00fcle meie tarnepartneritega, et v\u00e4hendada kulusid. Meie eesm\u00e4rk on anda need kokkuhoiud teile edasi ja muuta meie tooted veelgi k\u00e4ttesaadavamaks klientidele \u00fcle kogu maailma. <\/p>\n\n<h2 class=\"wp-block-heading\">Varude teave<\/h2>\n\n<p>Me <strong>DROIXis<\/strong> p\u00fc\u00fcame hoida teid kursis oma toodete k\u00e4ttesaadavusega. Et aidata teil paremini m\u00f5ista erinevaid laoseise meie veebisaidil, oleme esitanud iga\u00fche kohta l\u00fchikese selgituse: <\/p>\n\n<ul class=\"wp-block-list\">\n<li><strong>Laos:<\/strong> Kui toode on m\u00e4rgitud &#8220;Laos&#8221;, t\u00e4hendab see, et toode on hetkel meie laos ja valmis saatmiseks. Laos olevate toodete tellimused t\u00f6\u00f6deldakse ja saadetakse tavaliselt l\u00fchikese aja jooksul, tagades, et saate oma tooted v\u00f5imalikult kiiresti k\u00e4tte. <\/li>\n\n\n\n<li><strong>Tagatellimusel:<\/strong> See n\u00e4itab, et toode on ametlikult turule toodud, kuid hetkel ei ole seda enam laos. V\u00f5ite olla kindel, et me saadame teie tellimuse kohe, kui saame tootjatelt uued laovarud. Taaslaadimise kuup\u00e4ev on tavaliselt m\u00e4rgitud toote lehel, mis annab teile hinnangu, millal saate oma tellimuse saatmist oodata.  <\/li>\n\n\n\n<li><strong>Ettetellimine:<\/strong> See t\u00e4hendab, et toode ei ole veel ametlikult turule toodud. Ettetellimuse tegemisega reserveerite toote ja tagate, et saate selle esimeste hulgas k\u00e4tte, kui see on m\u00fc\u00fcgile tulnud ja meie ladudes on varud olemas.  Eeltellitud tooted saadame klientidele niipea, kui toode on saadaval.<\/li>\n<\/ul>\n\n<p>Kui teil on k\u00fcsimusi selle kohta, kas toode on laos, h\u00fcpake lihtsalt meie <strong>Live Chat&#8217;i<\/strong> v\u00f5i saatke meile e-kirja aadressil <strong><a>support@droix.co.uk<\/a><\/strong>ja me aitame teid hea meelega.<\/p>\n\n<h2 class=\"wp-block-heading\">Maksmine<\/h2>\n\n<p>Me <strong>DROIXis<\/strong> m\u00f5istame, kui oluline on pakkuda paindlikke ja turvalisi maksev\u00f5imalusi, et tagada sujuv ostukogemus. Seep\u00e4rast oleme uhked, et aktsepteerime mitmesuguseid makseviise, mis vastavad teie individuaalsetele eelistustele ja tagavad probleemideta kassaprotsessi. <\/p>\n\n<p>V\u00f5tame r\u00f5\u00f5muga vastu k\u00f5ik peamised deebet- ja krediitkaardid, sealhulgas:<\/p>\n\n<ul class=\"wp-block-list\">\n<li><strong>Apple Pay:<\/strong> Tehke turvalisi ja kontaktivabu makseid oma Apple&#8217;i seadmetega.<\/li>\n\n\n\n<li><strong>Mastercard:<\/strong> Makske julgelt oma usaldusv\u00e4\u00e4rse Mastercard deebet- v\u00f5i krediitkaardiga.<\/li>\n\n\n\n<li><strong>Viisa:<\/strong> Usaldage oma Visa deebet- v\u00f5i krediitkaardi \u00fclemaailmset ulatust ja turvalisust.<\/li>\n<\/ul>\n\n<p>Lisaks deebet- ja krediitkaartidele aktsepteerime ka <strong>PayPali<\/strong>, mis on laialdaselt tunnustatud ja turvaline online-maksete platvorm. PayPal v\u00f5imaldab teil sooritada oste kindlalt, teades, et teie finantsteave on kaitstud t\u00e4iustatud kr\u00fcpteerimistehnoloogia abil. <\/p>\n\n<p>Pakkudes mitmeid maksev\u00f5imalusi, p\u00fc\u00fcame pakkuda teile <strong>DROIXis<\/strong> ostude tegemisel v\u00e4\u00e4rilist paindlikkust ja mugavust. Kui teil on k\u00fcsimusi v\u00f5i vajate abi ostu sooritamisel, v\u00f5tke julgelt \u00fchendust meie klienditoe meeskonnaga. <\/p>\n\n<h2 class=\"wp-block-heading\">Kohaletoimetamine ja maksud<\/h2>\n\n<p>Meil on hea meel teatada teile, et k\u00f5ik <strong>DROIXi <\/strong>tellimused saadetakse ainult meie \u00dchendkuningriigi laost, mis asub aadressil 54C Expressway, N Woolwich Rd, London, E16 2AA, \u00dchendkuningriik. Kuigi tootelehek\u00fclgedel v\u00f5idakse viidata rahvusvahelise tarne k\u00e4ttesaadavusele, palume arvestada, et <strong>k\u00f5ik tooted saadetakse \u00dchendkuningriigist<\/strong>, olenemata sihtkohast. Meil ei ole \u00fchtegi t\u00e4itmiskeskust ELis v\u00f5i USAs. K\u00f5ik rahvusvahelised tellimused saadetakse \u00dchendkuningriigist ja nende suhtes v\u00f5ivad kehtida imporditollimaksud ja -maksud, mis arvutatakse (vajaduse korral) kassas. Meie logistikameeskond on p\u00fchendunud sellele, et tagada t\u00f5hus ja \u00f5igeaegne saatmine kogu maailma meie \u00dchendkuningriigist.    <\/p>\n\n<ul class=\"wp-block-list\">\n<li><strong>Maksud sisalduvad:<\/strong> K\u00f5ik meie kodulehel loetletud hinnad sisaldavad kehtivaid makse, mis muudab teie kassas\u00f5idu kogemuse l\u00e4bipaistvaks ja muretuteks.<\/li>\n\n\n\n<li><strong>Impordimaksud:<\/strong> \u00dchendkuningriigist ja Ameerika \u00dchendriikidest p\u00e4rit kliendid ei pea maksma t\u00e4iendavaid impordimakse. V\u00e4ljaspool neid piirkondi asuvatele klientidele saadetakse enamik kaupu ka koos maksudega. Seda mainitakse igal tootelehek\u00fcljel, tagades, et tarne ajal ei tule varjatud \u00fcllatusi.  \n<ul class=\"wp-block-list\">\n<li>Ostu sooritamisega volitate DROIX-i maksma teie eest neid impordimakse ja tollimakse sisenemiskohas. Need summad makstakse otse teie riigi tolliasutusele ja seet\u00f5ttu ei saa neid mingil juhul tagasi maksta, kaasa arvatud keeldutud v\u00f5i tagastatud tellimused. <\/li>\n\n\n\n<li>Palun veenduge, et olete enne tellimuse esitamist kursis oma riigi impordieeskirjadega, sest me ei saa p\u00e4rast tollile esitamist imporditasusid tagasi n\u00f5uda ega h\u00fcvitada.<\/li>\n<\/ul>\n<\/li>\n<\/ul>\n\n<p><strong>DROIX <\/strong>tarnib uhkusega j\u00e4rgmistesse riikidesse:<\/p>\n\n<ul class=\"wp-block-list\">\n<li>\u00dchendkuningriik<\/li>\n\n\n\n<li>Albaania<\/li>\n\n\n\n<li>Andorra<\/li>\n\n\n\n<li>Austria<\/li>\n\n\n\n<li>Belgia<\/li>\n\n\n\n<li>Bosnia ja Hertsegoviina<\/li>\n\n\n\n<li>Bulgaaria<\/li>\n\n\n\n<li>Kanada<\/li>\n\n\n\n<li>Horvaatia<\/li>\n\n\n\n<li>T\u0161ehhi Vabariik<\/li>\n\n\n\n<li>Taani<\/li>\n\n\n\n<li>Eesti<\/li>\n\n\n\n<li>Soome<\/li>\n\n\n\n<li>Prantsusmaa<\/li>\n\n\n\n<li>Saksamaa<\/li>\n\n\n\n<li>Kreeka<\/li>\n\n\n\n<li>Ungari<\/li>\n\n\n\n<li>Island<\/li>\n\n\n\n<li>Iirimaa<\/li>\n\n\n\n<li>Itaalia<\/li>\n\n\n\n<li>L\u00e4ti<\/li>\n\n\n\n<li>Leedu<\/li>\n\n\n\n<li>Luksemburg<\/li>\n\n\n\n<li>Malta<\/li>\n\n\n\n<li>Moldova<\/li>\n\n\n\n<li>Montenegro<\/li>\n\n\n\n<li>Madalmaad<\/li>\n\n\n\n<li>Norra<\/li>\n\n\n\n<li>Poola<\/li>\n\n\n\n<li>Portugal<\/li>\n\n\n\n<li>Rumeenia<\/li>\n\n\n\n<li>Serbia<\/li>\n\n\n\n<li>Slovakkia<\/li>\n\n\n\n<li>Sloveenia<\/li>\n\n\n\n<li>Hispaania<\/li>\n\n\n\n<li>Rootsi<\/li>\n\n\n\n<li>\u0160veits<\/li>\n\n\n\n<li>USA<\/li>\n<\/ul>\n\n<p>Pakume erinevaid tarneviise vastavalt eseme klassile. K\u00f5rgklassi tooteid saab saata ainult <strong>DHL Expressi<\/strong> kaudu, et tagada turvaline ja kiire kohaletoimetamine. Meie pakutavate saatmisv\u00f5imaluste hulka kuuluvad <strong>DHL Express<\/strong>, <strong>DPD<\/strong>, <strong>GlobalMail<\/strong> ja <strong>Royal Mail<\/strong>.  <\/p>\n\n<p>Loodame, et see teave selgitab meie saatmisp\u00f5him\u00f5tteid ja -menetlusi. Kui teil on veel k\u00fcsimusi v\u00f5i muresid, v\u00f5tke abi saamiseks \u00fchendust meie klienditoe meeskonnaga. <\/p>\n\n<h4 class=\"wp-block-heading\"><strong>Saatmiskulud ja j\u00e4lgimine<\/strong><\/h4>\n\n<p><strong>Tellimuse j\u00e4lgimine:<\/strong> Me saadame k\u00f5ik oma tellimused j\u00e4lgitavate meetodite kaudu ja p\u00e4rast tellimuse saatmist saadetakse teile e-kiri koos teie j\u00e4lgimisnumbriga.<\/p>\n\n<p><strong>Veokulud:<\/strong> Postikulud arvutatakse l\u00e4htuvalt eseme kaalust, v\u00e4\u00e4rtusest ja sihtkohast, minimaalne postikulu on \u00a310,11. T\u00e4pse arvutuse saamiseks lisage ostetav toode ostukorvi ja sisestage oma aadress kassas. <\/p>\n\n<p>Kui teil on k\u00fcsimusi seoses teie tellimuse v\u00f5i j\u00e4lgimisega, <a href=\"https:\/\/droix.eu\/et\/votke-meiega-uhendust\/\" target=\"_blank\" rel=\"noreferrer noopener\" data-type=\"page\" data-id=\"10257\">v\u00f5tke meiega \u00fchendust<\/a>.<\/p>\n","protected":false},"excerpt":{"rendered":"<p>Meil on hea meel teatada, et DROIX pakub n\u00fc\u00fcd veelgi kiiremaid ja soodsamaid tarnev\u00f5imalusi k\u00f5igi teie elektrooniliste vajaduste jaoks. Meie kohustus pakkuda teile erakordset klienditeenindust laieneb ka sellele, et tagada teie tellimuste v\u00f5imalikult kiire ja t\u00f5hus k\u00e4ttesaamine, ilma et see l\u00e4heks pankrotti. Me DROIXis m\u00f5istame, kui oluline on paindlikkus maksmisel. Seep\u00e4rast oleme uhked, et aktsepteerime [&hellip;]<\/p>\n","protected":false},"author":2,"featured_media":0,"parent":0,"menu_order":0,"comment_status":"closed","ping_status":"closed","template":"","meta":{"_acf_changed":false,"footnotes":""},"class_list":["post-503880","page","type-page","status-publish","hentry"],"acf":[],"aioseo_notices":[],"aioseo_head":"\n\t\t<!-- All in One SEO Pro 4.9.6.2 - aioseo.com -->\n\t<meta name=\"description\" content=\"Meil on hea meel teatada, et DROIX pakub n\u00fc\u00fcd veelgi kiiremaid ja soodsamaid tarnev\u00f5imalusi k\u00f5igi teie elektrooniliste vajaduste jaoks. Meie kohustus pakkuda teile erakordset klienditeenindust laieneb ka sellele, et tagada teie tellimuste v\u00f5imalikult kiire ja t\u00f5hus k\u00e4ttesaamine, ilma et see l\u00e4heks pankrotti. Me DROIXis m\u00f5istame, kui oluline on paindlikkus maksmisel. Seep\u00e4rast oleme uhked, et aktsepteerime\" \/>\n\t<meta name=\"robots\" content=\"max-image-preview:large\" \/>\n\t<link rel=\"canonical\" href=\"https:\/\/droix.eu\/et\/varud-maksmine-ja-tarne\/\" \/>\n\t<meta name=\"generator\" content=\"All in One SEO Pro (AIOSEO) 4.9.6.2\" \/>\n\t\t<meta property=\"og:locale\" content=\"et_EE\" \/>\n\t\t<meta property=\"og:site_name\" content=\"DROIX EU - Get the latest Mini PCs, Ultrabook, PC Gaming Handhelds and more!\" \/>\n\t\t<meta property=\"og:type\" content=\"article\" \/>\n\t\t<meta property=\"og:title\" content=\"Varud, maksmine ja tarne - DROIX EU\" \/>\n\t\t<meta property=\"og:description\" content=\"Meil on hea meel teatada, et DROIX pakub n\u00fc\u00fcd veelgi kiiremaid ja soodsamaid tarnev\u00f5imalusi k\u00f5igi teie elektrooniliste vajaduste jaoks. Meie kohustus pakkuda teile erakordset klienditeenindust laieneb ka sellele, et tagada teie tellimuste v\u00f5imalikult kiire ja t\u00f5hus k\u00e4ttesaamine, ilma et see l\u00e4heks pankrotti. Me DROIXis m\u00f5istame, kui oluline on paindlikkus maksmisel. Seep\u00e4rast oleme uhked, et aktsepteerime\" \/>\n\t\t<meta property=\"og:url\" content=\"https:\/\/droix.eu\/et\/varud-maksmine-ja-tarne\/\" \/>\n\t\t<meta property=\"og:image\" content=\"https:\/\/droix.eu\/wp-content\/uploads\/2024\/06\/droix-v2-light-logo.png\" \/>\n\t\t<meta property=\"og:image:secure_url\" content=\"https:\/\/droix.eu\/wp-content\/uploads\/2024\/06\/droix-v2-light-logo.png\" \/>\n\t\t<meta property=\"og:image:width\" content=\"380\" \/>\n\t\t<meta property=\"og:image:height\" content=\"118\" \/>\n\t\t<meta property=\"article:published_time\" content=\"2023-05-02T15:38:01+00:00\" \/>\n\t\t<meta property=\"article:modified_time\" content=\"2025-05-27T13:09:20+00:00\" \/>\n\t\t<meta property=\"article:publisher\" content=\"https:\/\/www.facebook.com\/DroiX.Store\" \/>\n\t\t<meta name=\"twitter:card\" content=\"summary_large_image\" \/>\n\t\t<meta name=\"twitter:site\" content=\"@DroiX_Store\" \/>\n\t\t<meta name=\"twitter:title\" content=\"Varud, maksmine ja tarne - DROIX EU\" \/>\n\t\t<meta name=\"twitter:description\" content=\"Meil on hea meel teatada, et DROIX pakub n\u00fc\u00fcd veelgi kiiremaid ja soodsamaid tarnev\u00f5imalusi k\u00f5igi teie elektrooniliste vajaduste jaoks. Meie kohustus pakkuda teile erakordset klienditeenindust laieneb ka sellele, et tagada teie tellimuste v\u00f5imalikult kiire ja t\u00f5hus k\u00e4ttesaamine, ilma et see l\u00e4heks pankrotti. Me DROIXis m\u00f5istame, kui oluline on paindlikkus maksmisel. Seep\u00e4rast oleme uhked, et aktsepteerime\" \/>\n\t\t<meta name=\"twitter:creator\" content=\"@DroiX_Store\" \/>\n\t\t<meta name=\"twitter:image\" content=\"https:\/\/droix.eu\/wp-content\/uploads\/2024\/06\/droix-v2-light-logo.png\" \/>\n\t\t<script type=\"application\/ld+json\" class=\"aioseo-schema\">\n\t\t\t{\"@context\":\"https:\\\/\\\/schema.org\",\"@graph\":[{\"@type\":\"BreadcrumbList\",\"@id\":\"https:\\\/\\\/droix.eu\\\/et\\\/varud-maksmine-ja-tarne\\\/#breadcrumblist\",\"itemListElement\":[{\"@type\":\"ListItem\",\"@id\":\"https:\\\/\\\/droix.eu\\\/et\\\/#listItem\",\"position\":1,\"name\":\"Home\",\"item\":\"https:\\\/\\\/droix.eu\\\/et\\\/\",\"nextItem\":{\"@type\":\"ListItem\",\"@id\":\"https:\\\/\\\/droix.eu\\\/et\\\/varud-maksmine-ja-tarne\\\/#listItem\",\"name\":\"Varud, maksmine ja tarne\"}},{\"@type\":\"ListItem\",\"@id\":\"https:\\\/\\\/droix.eu\\\/et\\\/varud-maksmine-ja-tarne\\\/#listItem\",\"position\":2,\"name\":\"Varud, maksmine ja tarne\",\"previousItem\":{\"@type\":\"ListItem\",\"@id\":\"https:\\\/\\\/droix.eu\\\/et\\\/#listItem\",\"name\":\"Home\"}}]},{\"@type\":\"Organization\",\"@id\":\"https:\\\/\\\/droix.eu\\\/et\\\/#organization\",\"name\":\"DroiX \\u2013 Trusted EU Tech Retailer with 12+ Years Experience\",\"description\":\"DroiX is a leading European technology retailer with over 12 years of experience, offering quality mini PCs, handheld gaming consoles, and tech accessories. We provide hassle-free EU delivery with all taxes included, ensuring a smooth and reliable shopping experience for our customers across Europe.\",\"url\":\"https:\\\/\\\/droix.eu\\\/et\\\/\",\"logo\":{\"@type\":\"ImageObject\",\"url\":\"https:\\\/\\\/droix.eu\\\/wp-content\\\/uploads\\\/2024\\\/06\\\/droix-v2-light-logo.png\",\"@id\":\"https:\\\/\\\/droix.eu\\\/et\\\/varud-maksmine-ja-tarne\\\/#organizationLogo\",\"width\":380,\"height\":118},\"image\":{\"@id\":\"https:\\\/\\\/droix.eu\\\/et\\\/varud-maksmine-ja-tarne\\\/#organizationLogo\"},\"sameAs\":[\"https:\\\/\\\/www.facebook.com\\\/DroiX.Store\",\"https:\\\/\\\/twitter.com\\\/DroiX_Store\",\"https:\\\/\\\/www.instagram.com\\\/droix.store\\\/\",\"https:\\\/\\\/www.tiktok.com\\\/@droix.store\",\"https:\\\/\\\/www.youtube.com\\\/c\\\/DroiX_Store\",\"https:\\\/\\\/uk.linkedin.com\\\/company\\\/droix\"]},{\"@type\":\"WebPage\",\"@id\":\"https:\\\/\\\/droix.eu\\\/et\\\/varud-maksmine-ja-tarne\\\/#webpage\",\"url\":\"https:\\\/\\\/droix.eu\\\/et\\\/varud-maksmine-ja-tarne\\\/\",\"name\":\"Varud, maksmine ja tarne - DROIX EU\",\"description\":\"Meil on hea meel teatada, et DROIX pakub n\\u00fc\\u00fcd veelgi kiiremaid ja soodsamaid tarnev\\u00f5imalusi k\\u00f5igi teie elektrooniliste vajaduste jaoks. Meie kohustus pakkuda teile erakordset klienditeenindust laieneb ka sellele, et tagada teie tellimuste v\\u00f5imalikult kiire ja t\\u00f5hus k\\u00e4ttesaamine, ilma et see l\\u00e4heks pankrotti. Me DROIXis m\\u00f5istame, kui oluline on paindlikkus maksmisel. Seep\\u00e4rast oleme uhked, et aktsepteerime\",\"inLanguage\":\"et\",\"isPartOf\":{\"@id\":\"https:\\\/\\\/droix.eu\\\/et\\\/#website\"},\"breadcrumb\":{\"@id\":\"https:\\\/\\\/droix.eu\\\/et\\\/varud-maksmine-ja-tarne\\\/#breadcrumblist\"},\"datePublished\":\"2023-05-02T16:38:01+01:00\",\"dateModified\":\"2025-05-27T14:09:20+01:00\"},{\"@type\":\"WebSite\",\"@id\":\"https:\\\/\\\/droix.eu\\\/et\\\/#website\",\"url\":\"https:\\\/\\\/droix.eu\\\/et\\\/\",\"name\":\"DROIX EU\",\"description\":\"Get the latest Mini PCs, Ultrabook, PC Gaming Handhelds and more!\",\"inLanguage\":\"et\",\"publisher\":{\"@id\":\"https:\\\/\\\/droix.eu\\\/et\\\/#organization\"}}]}\n\t\t<\/script>\n\t\t<!-- All in One SEO Pro -->\r\n\t\t<title>Varud, maksmine ja tarne - DROIX EU<\/title>\n\n","aioseo_head_json":{"title":"Varud, maksmine ja tarne - DROIX EU","description":"Meil on hea meel teatada, et DROIX pakub n\u00fc\u00fcd veelgi kiiremaid ja soodsamaid tarnev\u00f5imalusi k\u00f5igi teie elektrooniliste vajaduste jaoks. Meie kohustus pakkuda teile erakordset klienditeenindust laieneb ka sellele, et tagada teie tellimuste v\u00f5imalikult kiire ja t\u00f5hus k\u00e4ttesaamine, ilma et see l\u00e4heks pankrotti. Me DROIXis m\u00f5istame, kui oluline on paindlikkus maksmisel. Seep\u00e4rast oleme uhked, et aktsepteerime","canonical_url":"https:\/\/droix.eu\/et\/varud-maksmine-ja-tarne\/","robots":"max-image-preview:large","keywords":"","webmasterTools":{"miscellaneous":""},"schema":{"@context":"https:\/\/schema.org","@graph":[{"@type":"BreadcrumbList","@id":"https:\/\/droix.eu\/et\/varud-maksmine-ja-tarne\/#breadcrumblist","itemListElement":[{"@type":"ListItem","@id":"https:\/\/droix.eu\/et\/#listItem","position":1,"name":"Home","item":"https:\/\/droix.eu\/et\/","nextItem":{"@type":"ListItem","@id":"https:\/\/droix.eu\/et\/varud-maksmine-ja-tarne\/#listItem","name":"Varud, maksmine ja tarne"}},{"@type":"ListItem","@id":"https:\/\/droix.eu\/et\/varud-maksmine-ja-tarne\/#listItem","position":2,"name":"Varud, maksmine ja tarne","previousItem":{"@type":"ListItem","@id":"https:\/\/droix.eu\/et\/#listItem","name":"Home"}}]},{"@type":"Organization","@id":"https:\/\/droix.eu\/et\/#organization","name":"DroiX \u2013 Trusted EU Tech Retailer with 12+ Years Experience","description":"DroiX is a leading European technology retailer with over 12 years of experience, offering quality mini PCs, handheld gaming consoles, and tech accessories. We provide hassle-free EU delivery with all taxes included, ensuring a smooth and reliable shopping experience for our customers across Europe.","url":"https:\/\/droix.eu\/et\/","logo":{"@type":"ImageObject","url":"https:\/\/droix.eu\/wp-content\/uploads\/2024\/06\/droix-v2-light-logo.png","@id":"https:\/\/droix.eu\/et\/varud-maksmine-ja-tarne\/#organizationLogo","width":380,"height":118},"image":{"@id":"https:\/\/droix.eu\/et\/varud-maksmine-ja-tarne\/#organizationLogo"},"sameAs":["https:\/\/www.facebook.com\/DroiX.Store","https:\/\/twitter.com\/DroiX_Store","https:\/\/www.instagram.com\/droix.store\/","https:\/\/www.tiktok.com\/@droix.store","https:\/\/www.youtube.com\/c\/DroiX_Store","https:\/\/uk.linkedin.com\/company\/droix"]},{"@type":"WebPage","@id":"https:\/\/droix.eu\/et\/varud-maksmine-ja-tarne\/#webpage","url":"https:\/\/droix.eu\/et\/varud-maksmine-ja-tarne\/","name":"Varud, maksmine ja tarne - DROIX EU","description":"Meil on hea meel teatada, et DROIX pakub n\u00fc\u00fcd veelgi kiiremaid ja soodsamaid tarnev\u00f5imalusi k\u00f5igi teie elektrooniliste vajaduste jaoks. Meie kohustus pakkuda teile erakordset klienditeenindust laieneb ka sellele, et tagada teie tellimuste v\u00f5imalikult kiire ja t\u00f5hus k\u00e4ttesaamine, ilma et see l\u00e4heks pankrotti. Me DROIXis m\u00f5istame, kui oluline on paindlikkus maksmisel. Seep\u00e4rast oleme uhked, et aktsepteerime","inLanguage":"et","isPartOf":{"@id":"https:\/\/droix.eu\/et\/#website"},"breadcrumb":{"@id":"https:\/\/droix.eu\/et\/varud-maksmine-ja-tarne\/#breadcrumblist"},"datePublished":"2023-05-02T16:38:01+01:00","dateModified":"2025-05-27T14:09:20+01:00"},{"@type":"WebSite","@id":"https:\/\/droix.eu\/et\/#website","url":"https:\/\/droix.eu\/et\/","name":"DROIX EU","description":"Get the latest Mini PCs, Ultrabook, PC Gaming Handhelds and more!","inLanguage":"et","publisher":{"@id":"https:\/\/droix.eu\/et\/#organization"}}]},"og:locale":"et_EE","og:site_name":"DROIX EU - Get the latest Mini PCs, Ultrabook, PC Gaming Handhelds and more!","og:type":"article","og:title":"Varud, maksmine ja tarne - DROIX EU","og:description":"Meil on hea meel teatada, et DROIX pakub n\u00fc\u00fcd veelgi kiiremaid ja soodsamaid tarnev\u00f5imalusi k\u00f5igi teie elektrooniliste vajaduste jaoks. Meie kohustus pakkuda teile erakordset klienditeenindust laieneb ka sellele, et tagada teie tellimuste v\u00f5imalikult kiire ja t\u00f5hus k\u00e4ttesaamine, ilma et see l\u00e4heks pankrotti. Me DROIXis m\u00f5istame, kui oluline on paindlikkus maksmisel. Seep\u00e4rast oleme uhked, et aktsepteerime","og:url":"https:\/\/droix.eu\/et\/varud-maksmine-ja-tarne\/","og:image":"https:\/\/droix.eu\/wp-content\/uploads\/2024\/06\/droix-v2-light-logo.png","og:image:secure_url":"https:\/\/droix.eu\/wp-content\/uploads\/2024\/06\/droix-v2-light-logo.png","og:image:width":380,"og:image:height":118,"article:published_time":"2023-05-02T15:38:01+00:00","article:modified_time":"2025-05-27T13:09:20+00:00","article:publisher":"https:\/\/www.facebook.com\/DroiX.Store","twitter:card":"summary_large_image","twitter:site":"@DroiX_Store","twitter:title":"Varud, maksmine ja tarne - DROIX EU","twitter:description":"Meil on hea meel teatada, et DROIX pakub n\u00fc\u00fcd veelgi kiiremaid ja soodsamaid tarnev\u00f5imalusi k\u00f5igi teie elektrooniliste vajaduste jaoks. Meie kohustus pakkuda teile erakordset klienditeenindust laieneb ka sellele, et tagada teie tellimuste v\u00f5imalikult kiire ja t\u00f5hus k\u00e4ttesaamine, ilma et see l\u00e4heks pankrotti. Me DROIXis m\u00f5istame, kui oluline on paindlikkus maksmisel. Seep\u00e4rast oleme uhked, et aktsepteerime","twitter:creator":"@DroiX_Store","twitter:image":"https:\/\/droix.eu\/wp-content\/uploads\/2024\/06\/droix-v2-light-logo.png"},"aioseo_meta_data":{"post_id":"503880","title":null,"description":null,"keywords":null,"keyphrases":null,"primary_term":null,"canonical_url":null,"og_title":null,"og_description":null,"og_object_type":"default","og_image_type":"default","og_image_url":null,"og_image_width":null,"og_image_height":null,"og_image_custom_url":null,"og_image_custom_fields":null,"og_video":null,"og_custom_url":null,"og_article_section":null,"og_article_tags":null,"twitter_use_og":true,"twitter_card":"default","twitter_image_type":"default","twitter_image_url":null,"twitter_image_custom_url":null,"twitter_image_custom_fields":null,"twitter_title":null,"twitter_description":null,"schema":{"blockGraphs":[],"customGraphs":[],"default":{"data":{"Article":[],"Course":[],"Dataset":[],"FAQPage":[],"Movie":[],"Person":[],"Product":[],"ProductReview":[],"Car":[],"Recipe":[],"Service":[],"SoftwareApplication":[],"WebPage":[]},"graphName":"","isEnabled":true},"graphs":[]},"schema_type":"default","schema_type_options":null,"pillar_content":false,"robots_default":true,"robots_noindex":false,"robots_noarchive":false,"robots_nosnippet":false,"robots_nofollow":false,"robots_noimageindex":false,"robots_noodp":false,"robots_notranslate":false,"robots_max_snippet":null,"robots_max_videopreview":null,"robots_max_imagepreview":"large","priority":null,"frequency":null,"local_seo":null,"seo_analyzer_scan_date":"2025-09-17 00:10:05","breadcrumb_settings":null,"limit_modified_date":false,"reviewed_by":null,"open_ai":null,"ai":null,"created":"2025-09-17 00:10:05","updated":"2025-11-27 01:24:47"},"aioseo_breadcrumb":"<div class=\"aioseo-breadcrumbs\"><span class=\"aioseo-breadcrumb\">\n\t<a href=\"https:\/\/droix.eu\/et\/\" title=\"Home\">Home<\/a>\n<\/span><span class=\"aioseo-breadcrumb-separator\">&raquo;<\/span><span class=\"aioseo-breadcrumb\">\n\tVarud, maksmine ja tarne\n<\/span><\/div>","aioseo_breadcrumb_json":[{"label":"Home","link":"https:\/\/droix.eu\/et\/"},{"label":"Varud, maksmine ja tarne","link":"https:\/\/droix.eu\/et\/varud-maksmine-ja-tarne\/"}],"_links":{"self":[{"href":"https:\/\/droix.eu\/et\/wp-json\/wp\/v2\/pages\/503880","targetHints":{"allow":["GET"]}}],"collection":[{"href":"https:\/\/droix.eu\/et\/wp-json\/wp\/v2\/pages"}],"about":[{"href":"https:\/\/droix.eu\/et\/wp-json\/wp\/v2\/types\/page"}],"author":[{"embeddable":true,"href":"https:\/\/droix.eu\/et\/wp-json\/wp\/v2\/users\/2"}],"replies":[{"embeddable":true,"href":"https:\/\/droix.eu\/et\/wp-json\/wp\/v2\/comments?post=503880"}],"version-history":[{"count":0,"href":"https:\/\/droix.eu\/et\/wp-json\/wp\/v2\/pages\/503880\/revisions"}],"wp:attachment":[{"href":"https:\/\/droix.eu\/et\/wp-json\/wp\/v2\/media?parent=503880"}],"curies":[{"name":"wp","href":"https:\/\/api.w.org\/{rel}","templated":true}]}}