{"id":503690,"date":"2021-12-23T11:49:46","date_gmt":"2021-12-23T11:49:46","guid":{"rendered":"https:\/\/droix.eu\/kupsiste-poliitika\/"},"modified":"2025-05-27T14:10:02","modified_gmt":"2025-05-27T13:10:02","slug":"kupsiste-poliitika","status":"publish","type":"page","link":"https:\/\/droix.eu\/et\/kupsiste-poliitika\/","title":{"rendered":"K\u00fcpsiste poliitika"},"content":{"rendered":"\n<p>J\u00e4rgnevat k\u00fcpsiste poliitikat tuleb v\u00f5tta koosk\u00f5las (koos), &#8220;\u00fche tervikuna&#8221; <a href=\"https:\/\/droix.eu\/et\/tingimused\/\" target=\"_blank\" rel=\"noreferrer noopener\">Tingimuste ja<\/a> <a href=\"https:\/\/droix.eu\/et\/privaatsuspoliitika\/\" target=\"_blank\" rel=\"noreferrer noopener\">Privaatsuspoliitikaga<\/a>.<\/p>\n\n<ol class=\"wp-block-list\">\n<li>K\u00e4esolevad m\u00fc\u00fcgitingimused kehtivad k\u00f5igi DROIXi (registrij\u00e4rgne asukoht 54C Expressway, N Woolwich Rd, London, E16 2AA, \u00dchendkuningriik) poolt tarnitavate kaupade suhtes.\n<ol class=\"wp-block-list\">\n<li>K\u00e4esolevas lepingus viidatakse j\u00e4rgmistele dokumentidele: Meie (DROIX) oleme tarnija ja teie (klient).<\/li>\n<\/ol>\n<\/li>\n<\/ol>\n\n<ol class=\"wp-block-list\">\n<li>Tarnija veebisait kasutab k\u00fcpsiseid, et eristada klienti, st teid, teistest veebisaidi kasutajatest. See aitab tarnijal pakkuda teile head kogemust tarnija veebisaidi sirvimisel ja v\u00f5imaldab tarnijal ka meie veebisaiti t\u00e4iustada. Veebisaidi sirvimist j\u00e4tkates n\u00f5ustute sellega, et Teenusepakkuja kasutab k\u00fcpsiseid.  <\/li>\n\n\n\n<li>K\u00fcpsis on v\u00e4ike t\u00e4htedest ja numbritest koosnev fail, mille tarnija salvestab teie brauserisse v\u00f5i teie arvuti v\u00f5i mobiiltelefoni k\u00f5vakettale, kui olete sellega n\u00f5us. K\u00fcpsised sisaldavad teavet, mis edastatakse teie arvuti k\u00f5vakettale. <\/li>\n\n\n\n<li>Tarnija kasutab j\u00e4rgmisi k\u00fcpsiseid:\n<ol class=\"wp-block-list\">\n<li>Rangelt vajalikud k\u00fcpsised. Need on k\u00fcpsised, mis on vajalikud tarnija veebisaidi toimimiseks. Nende hulka kuuluvad n\u00e4iteks k\u00fcpsised, mis v\u00f5imaldavad teil sisse logida tarnija veebisaidi turvalistesse valdkondadesse ja sooritada tehinguid.  <\/li>\n\n\n\n<li>Anal\u00fc\u00fctilised\/tehnilised k\u00fcpsised. Need v\u00f5imaldavad tarnijal tuvastada ja loendada k\u00fclastajate arvu ning n\u00e4ha, kuidas k\u00fclastajad tarnija veebisaidi kasutamise ajal seal liiguvad. See aitab tarnijal parandada veebisaidi toimimist, n\u00e4iteks tagada, et kasutajad leiavad otsitava h\u00f5lpsasti ja probleemideta.  <\/li>\n\n\n\n<li>Tarnija kasutab Google Analyticsi k\u00fcpsiseid. Google Analytics kogub teavet anon\u00fc\u00fcmselt. See annab aru veebisaidi suundumustest ilma \u00fcksikute k\u00fclastajate tuvastamiseta. Te saate Google Analyticsist loobuda, ilma et see m\u00f5jutaks teie veebisaidi k\u00fclastamist. Lisateavet Google Analyticsi kohta leiate siit.    <\/li>\n\n\n\n<li>Sihtotstarbelised k\u00fcpsised. Need k\u00fcpsised salvestavad teie k\u00fclastuse tarnija veebisaidil, k\u00fclastatud lehek\u00fcljed ja lingid, mida olete j\u00e4rginud. Tarnija kasutab seda teavet, et muuta veebisait ja seal kuvatav reklaam teie huvidele asjakohasemaks. Teenusepakkuja v\u00f5ib seda teavet sel eesm\u00e4rgil jagada ka kolmandate isikutega.   <\/li>\n<\/ol>\n<\/li>\n\n\n\n<li>Pange t\u00e4hele, et kolmandad isikud (sealhulgas n\u00e4iteks reklaamiv\u00f5rgustikud ja v\u00e4liste teenuste, n\u00e4iteks veebiliikluse anal\u00fc\u00fcsi teenuste pakkujad) v\u00f5ivad samuti kasutada k\u00fcpsiseid, mille \u00fcle Tarnijal puudub kontroll. Need k\u00fcpsised on t\u00f5en\u00e4oliselt anal\u00fc\u00fctilised\/v\u00f5imsusk\u00fcpsised v\u00f5i sihtotstarbelised k\u00fcpsised. <\/li>\n\n\n\n<li>Te saate k\u00fcpsised blokeerida, aktiveerides oma brauseris seadistuse, mis v\u00f5imaldab teil keelduda k\u00f5igi v\u00f5i m\u00f5nede k\u00fcpsiste seadistamisest. Kui te kasutate oma brauseri seadeid k\u00f5ikide k\u00fcpsiste (sealhulgas oluliste k\u00fcpsiste) blokeerimiseks, ei pruugi teil siiski olla v\u00f5imalik p\u00e4\u00e4seda ligi k\u00f5ikidele v\u00f5i osadele tarnija veebisaidile. <\/li>\n<\/ol>\n\n<h2 class=\"wp-block-heading\" id=\"h-cookie-description\">K\u00dcPSISTE KIRJELDUS<\/h2>\n<p><script type=\"text\/javascript\" charset=\"UTF-8\" data-cookiescriptreport=\"report\" src=\"\/\/report.cookie-script.com\/r\/21c7c108a50ee55d6c4ed24051df0334.js\"><\/script><\/p>\n\n<p class=\"has-text-align-center\">Viimati uuendatud k\u00fcpsiste poliitika: 12 oktoober, 2022 &#8211; 02:29AM.<\/p>\n","protected":false},"excerpt":{"rendered":"<p>J\u00e4rgnevat k\u00fcpsiste poliitikat tuleb v\u00f5tta koosk\u00f5las (koos), &#8220;\u00fche tervikuna&#8221; Tingimuste ja Privaatsuspoliitikaga. K\u00dcPSISTE KIRJELDUS Viimati uuendatud k\u00fcpsiste poliitika: 12 oktoober, 2022 &#8211; 02:29AM.<\/p>\n","protected":false},"author":1,"featured_media":0,"parent":0,"menu_order":0,"comment_status":"closed","ping_status":"closed","template":"","meta":{"_acf_changed":false,"footnotes":""},"class_list":["post-503690","page","type-page","status-publish","hentry"],"acf":[],"aioseo_notices":[],"aioseo_head":"\n\t\t<!-- All in One SEO Pro 4.9.6.2 - aioseo.com -->\n\t<meta name=\"description\" content=\"J\u00e4rgnevat k\u00fcpsiste poliitikat tuleb v\u00f5tta koosk\u00f5las (koos), &quot;\u00fche tervikuna&quot; Tingimuste ja Privaatsuspoliitikaga. K\u00e4esolevad m\u00fc\u00fcgitingimused kehtivad k\u00f5igi DROIXi (registrij\u00e4rgne asukoht 54C Expressway, N Woolwich Rd, London, E16 2AA, \u00dchendkuningriik) poolt tarnitavate kaupade suhtes. K\u00e4esolevas lepingus viidatakse j\u00e4rgmistele dokumentidele: Meie (DROIX) oleme tarnija ja teie (klient). Tarnija veebisait kasutab k\u00fcpsiseid, et eristada klienti, st teid, teistest veebisaidi\" \/>\n\t<meta name=\"robots\" content=\"max-image-preview:large\" \/>\n\t<link rel=\"canonical\" href=\"https:\/\/droix.eu\/et\/kupsiste-poliitika\/\" \/>\n\t<meta name=\"generator\" content=\"All in One SEO Pro (AIOSEO) 4.9.6.2\" \/>\n\t\t<meta property=\"og:locale\" content=\"et_EE\" \/>\n\t\t<meta property=\"og:site_name\" content=\"DROIX EU - Get the latest Mini PCs, Ultrabook, PC Gaming Handhelds and more!\" \/>\n\t\t<meta property=\"og:type\" content=\"article\" \/>\n\t\t<meta property=\"og:title\" content=\"K\u00fcpsiste poliitika - DROIX EU\" \/>\n\t\t<meta property=\"og:description\" content=\"J\u00e4rgnevat k\u00fcpsiste poliitikat tuleb v\u00f5tta koosk\u00f5las (koos), &quot;\u00fche tervikuna&quot; Tingimuste ja Privaatsuspoliitikaga. K\u00e4esolevad m\u00fc\u00fcgitingimused kehtivad k\u00f5igi DROIXi (registrij\u00e4rgne asukoht 54C Expressway, N Woolwich Rd, London, E16 2AA, \u00dchendkuningriik) poolt tarnitavate kaupade suhtes. K\u00e4esolevas lepingus viidatakse j\u00e4rgmistele dokumentidele: Meie (DROIX) oleme tarnija ja teie (klient). Tarnija veebisait kasutab k\u00fcpsiseid, et eristada klienti, st teid, teistest veebisaidi\" \/>\n\t\t<meta property=\"og:url\" content=\"https:\/\/droix.eu\/et\/kupsiste-poliitika\/\" \/>\n\t\t<meta property=\"og:image\" content=\"https:\/\/droix.eu\/wp-content\/uploads\/2024\/06\/droix-v2-light-logo.png\" \/>\n\t\t<meta property=\"og:image:secure_url\" content=\"https:\/\/droix.eu\/wp-content\/uploads\/2024\/06\/droix-v2-light-logo.png\" \/>\n\t\t<meta property=\"og:image:width\" content=\"380\" \/>\n\t\t<meta property=\"og:image:height\" content=\"118\" \/>\n\t\t<meta property=\"article:published_time\" content=\"2021-12-23T11:49:46+00:00\" \/>\n\t\t<meta property=\"article:modified_time\" content=\"2025-05-27T13:10:02+00:00\" \/>\n\t\t<meta property=\"article:publisher\" content=\"https:\/\/www.facebook.com\/DroiX.Store\" \/>\n\t\t<meta name=\"twitter:card\" content=\"summary_large_image\" \/>\n\t\t<meta name=\"twitter:site\" content=\"@DroiX_Store\" \/>\n\t\t<meta name=\"twitter:title\" content=\"K\u00fcpsiste poliitika - DROIX EU\" \/>\n\t\t<meta name=\"twitter:description\" content=\"J\u00e4rgnevat k\u00fcpsiste poliitikat tuleb v\u00f5tta koosk\u00f5las (koos), &quot;\u00fche tervikuna&quot; Tingimuste ja Privaatsuspoliitikaga. K\u00e4esolevad m\u00fc\u00fcgitingimused kehtivad k\u00f5igi DROIXi (registrij\u00e4rgne asukoht 54C Expressway, N Woolwich Rd, London, E16 2AA, \u00dchendkuningriik) poolt tarnitavate kaupade suhtes. K\u00e4esolevas lepingus viidatakse j\u00e4rgmistele dokumentidele: Meie (DROIX) oleme tarnija ja teie (klient). Tarnija veebisait kasutab k\u00fcpsiseid, et eristada klienti, st teid, teistest veebisaidi\" \/>\n\t\t<meta name=\"twitter:creator\" content=\"@DroiX_Store\" \/>\n\t\t<meta name=\"twitter:image\" content=\"https:\/\/droix.eu\/wp-content\/uploads\/2024\/06\/droix-v2-light-logo.png\" \/>\n\t\t<script type=\"application\/ld+json\" class=\"aioseo-schema\">\n\t\t\t{\"@context\":\"https:\\\/\\\/schema.org\",\"@graph\":[{\"@type\":\"BreadcrumbList\",\"@id\":\"https:\\\/\\\/droix.eu\\\/et\\\/kupsiste-poliitika\\\/#breadcrumblist\",\"itemListElement\":[{\"@type\":\"ListItem\",\"@id\":\"https:\\\/\\\/droix.eu\\\/et\\\/#listItem\",\"position\":1,\"name\":\"Home\",\"item\":\"https:\\\/\\\/droix.eu\\\/et\\\/\",\"nextItem\":{\"@type\":\"ListItem\",\"@id\":\"https:\\\/\\\/droix.eu\\\/et\\\/kupsiste-poliitika\\\/#listItem\",\"name\":\"K\\u00fcpsiste poliitika\"}},{\"@type\":\"ListItem\",\"@id\":\"https:\\\/\\\/droix.eu\\\/et\\\/kupsiste-poliitika\\\/#listItem\",\"position\":2,\"name\":\"K\\u00fcpsiste poliitika\",\"previousItem\":{\"@type\":\"ListItem\",\"@id\":\"https:\\\/\\\/droix.eu\\\/et\\\/#listItem\",\"name\":\"Home\"}}]},{\"@type\":\"Organization\",\"@id\":\"https:\\\/\\\/droix.eu\\\/et\\\/#organization\",\"name\":\"DroiX \\u2013 Trusted EU Tech Retailer with 12+ Years Experience\",\"description\":\"DroiX is a leading European technology retailer with over 12 years of experience, offering quality mini PCs, handheld gaming consoles, and tech accessories. We provide hassle-free EU delivery with all taxes included, ensuring a smooth and reliable shopping experience for our customers across Europe.\",\"url\":\"https:\\\/\\\/droix.eu\\\/et\\\/\",\"logo\":{\"@type\":\"ImageObject\",\"url\":\"https:\\\/\\\/droix.eu\\\/wp-content\\\/uploads\\\/2024\\\/06\\\/droix-v2-light-logo.png\",\"@id\":\"https:\\\/\\\/droix.eu\\\/et\\\/kupsiste-poliitika\\\/#organizationLogo\",\"width\":380,\"height\":118},\"image\":{\"@id\":\"https:\\\/\\\/droix.eu\\\/et\\\/kupsiste-poliitika\\\/#organizationLogo\"},\"sameAs\":[\"https:\\\/\\\/www.facebook.com\\\/DroiX.Store\",\"https:\\\/\\\/twitter.com\\\/DroiX_Store\",\"https:\\\/\\\/www.instagram.com\\\/droix.store\\\/\",\"https:\\\/\\\/www.tiktok.com\\\/@droix.store\",\"https:\\\/\\\/www.youtube.com\\\/c\\\/DroiX_Store\",\"https:\\\/\\\/uk.linkedin.com\\\/company\\\/droix\"]},{\"@type\":\"WebPage\",\"@id\":\"https:\\\/\\\/droix.eu\\\/et\\\/kupsiste-poliitika\\\/#webpage\",\"url\":\"https:\\\/\\\/droix.eu\\\/et\\\/kupsiste-poliitika\\\/\",\"name\":\"K\\u00fcpsiste poliitika - DROIX EU\",\"description\":\"J\\u00e4rgnevat k\\u00fcpsiste poliitikat tuleb v\\u00f5tta koosk\\u00f5las (koos), \\\"\\u00fche tervikuna\\\" Tingimuste ja Privaatsuspoliitikaga. K\\u00e4esolevad m\\u00fc\\u00fcgitingimused kehtivad k\\u00f5igi DROIXi (registrij\\u00e4rgne asukoht 54C Expressway, N Woolwich Rd, London, E16 2AA, \\u00dchendkuningriik) poolt tarnitavate kaupade suhtes. K\\u00e4esolevas lepingus viidatakse j\\u00e4rgmistele dokumentidele: Meie (DROIX) oleme tarnija ja teie (klient). Tarnija veebisait kasutab k\\u00fcpsiseid, et eristada klienti, st teid, teistest veebisaidi\",\"inLanguage\":\"et\",\"isPartOf\":{\"@id\":\"https:\\\/\\\/droix.eu\\\/et\\\/#website\"},\"breadcrumb\":{\"@id\":\"https:\\\/\\\/droix.eu\\\/et\\\/kupsiste-poliitika\\\/#breadcrumblist\"},\"datePublished\":\"2021-12-23T11:49:46+00:00\",\"dateModified\":\"2025-05-27T14:10:02+01:00\"},{\"@type\":\"WebSite\",\"@id\":\"https:\\\/\\\/droix.eu\\\/et\\\/#website\",\"url\":\"https:\\\/\\\/droix.eu\\\/et\\\/\",\"name\":\"DROIX EU\",\"description\":\"Get the latest Mini PCs, Ultrabook, PC Gaming Handhelds and more!\",\"inLanguage\":\"et\",\"publisher\":{\"@id\":\"https:\\\/\\\/droix.eu\\\/et\\\/#organization\"}}]}\n\t\t<\/script>\n\t\t<!-- All in One SEO Pro -->\r\n\t\t<title>K\u00fcpsiste poliitika - DROIX EU<\/title>\n\n","aioseo_head_json":{"title":"K\u00fcpsiste poliitika - DROIX EU","description":"J\u00e4rgnevat k\u00fcpsiste poliitikat tuleb v\u00f5tta koosk\u00f5las (koos), \"\u00fche tervikuna\" Tingimuste ja Privaatsuspoliitikaga. K\u00e4esolevad m\u00fc\u00fcgitingimused kehtivad k\u00f5igi DROIXi (registrij\u00e4rgne asukoht 54C Expressway, N Woolwich Rd, London, E16 2AA, \u00dchendkuningriik) poolt tarnitavate kaupade suhtes. K\u00e4esolevas lepingus viidatakse j\u00e4rgmistele dokumentidele: Meie (DROIX) oleme tarnija ja teie (klient). Tarnija veebisait kasutab k\u00fcpsiseid, et eristada klienti, st teid, teistest veebisaidi","canonical_url":"https:\/\/droix.eu\/et\/kupsiste-poliitika\/","robots":"max-image-preview:large","keywords":"","webmasterTools":{"miscellaneous":""},"schema":{"@context":"https:\/\/schema.org","@graph":[{"@type":"BreadcrumbList","@id":"https:\/\/droix.eu\/et\/kupsiste-poliitika\/#breadcrumblist","itemListElement":[{"@type":"ListItem","@id":"https:\/\/droix.eu\/et\/#listItem","position":1,"name":"Home","item":"https:\/\/droix.eu\/et\/","nextItem":{"@type":"ListItem","@id":"https:\/\/droix.eu\/et\/kupsiste-poliitika\/#listItem","name":"K\u00fcpsiste poliitika"}},{"@type":"ListItem","@id":"https:\/\/droix.eu\/et\/kupsiste-poliitika\/#listItem","position":2,"name":"K\u00fcpsiste poliitika","previousItem":{"@type":"ListItem","@id":"https:\/\/droix.eu\/et\/#listItem","name":"Home"}}]},{"@type":"Organization","@id":"https:\/\/droix.eu\/et\/#organization","name":"DroiX \u2013 Trusted EU Tech Retailer with 12+ Years Experience","description":"DroiX is a leading European technology retailer with over 12 years of experience, offering quality mini PCs, handheld gaming consoles, and tech accessories. We provide hassle-free EU delivery with all taxes included, ensuring a smooth and reliable shopping experience for our customers across Europe.","url":"https:\/\/droix.eu\/et\/","logo":{"@type":"ImageObject","url":"https:\/\/droix.eu\/wp-content\/uploads\/2024\/06\/droix-v2-light-logo.png","@id":"https:\/\/droix.eu\/et\/kupsiste-poliitika\/#organizationLogo","width":380,"height":118},"image":{"@id":"https:\/\/droix.eu\/et\/kupsiste-poliitika\/#organizationLogo"},"sameAs":["https:\/\/www.facebook.com\/DroiX.Store","https:\/\/twitter.com\/DroiX_Store","https:\/\/www.instagram.com\/droix.store\/","https:\/\/www.tiktok.com\/@droix.store","https:\/\/www.youtube.com\/c\/DroiX_Store","https:\/\/uk.linkedin.com\/company\/droix"]},{"@type":"WebPage","@id":"https:\/\/droix.eu\/et\/kupsiste-poliitika\/#webpage","url":"https:\/\/droix.eu\/et\/kupsiste-poliitika\/","name":"K\u00fcpsiste poliitika - DROIX EU","description":"J\u00e4rgnevat k\u00fcpsiste poliitikat tuleb v\u00f5tta koosk\u00f5las (koos), \"\u00fche tervikuna\" Tingimuste ja Privaatsuspoliitikaga. K\u00e4esolevad m\u00fc\u00fcgitingimused kehtivad k\u00f5igi DROIXi (registrij\u00e4rgne asukoht 54C Expressway, N Woolwich Rd, London, E16 2AA, \u00dchendkuningriik) poolt tarnitavate kaupade suhtes. K\u00e4esolevas lepingus viidatakse j\u00e4rgmistele dokumentidele: Meie (DROIX) oleme tarnija ja teie (klient). Tarnija veebisait kasutab k\u00fcpsiseid, et eristada klienti, st teid, teistest veebisaidi","inLanguage":"et","isPartOf":{"@id":"https:\/\/droix.eu\/et\/#website"},"breadcrumb":{"@id":"https:\/\/droix.eu\/et\/kupsiste-poliitika\/#breadcrumblist"},"datePublished":"2021-12-23T11:49:46+00:00","dateModified":"2025-05-27T14:10:02+01:00"},{"@type":"WebSite","@id":"https:\/\/droix.eu\/et\/#website","url":"https:\/\/droix.eu\/et\/","name":"DROIX EU","description":"Get the latest Mini PCs, Ultrabook, PC Gaming Handhelds and more!","inLanguage":"et","publisher":{"@id":"https:\/\/droix.eu\/et\/#organization"}}]},"og:locale":"et_EE","og:site_name":"DROIX EU - Get the latest Mini PCs, Ultrabook, PC Gaming Handhelds and more!","og:type":"article","og:title":"K\u00fcpsiste poliitika - DROIX EU","og:description":"J\u00e4rgnevat k\u00fcpsiste poliitikat tuleb v\u00f5tta koosk\u00f5las (koos), &quot;\u00fche tervikuna&quot; Tingimuste ja Privaatsuspoliitikaga. K\u00e4esolevad m\u00fc\u00fcgitingimused kehtivad k\u00f5igi DROIXi (registrij\u00e4rgne asukoht 54C Expressway, N Woolwich Rd, London, E16 2AA, \u00dchendkuningriik) poolt tarnitavate kaupade suhtes. K\u00e4esolevas lepingus viidatakse j\u00e4rgmistele dokumentidele: Meie (DROIX) oleme tarnija ja teie (klient). Tarnija veebisait kasutab k\u00fcpsiseid, et eristada klienti, st teid, teistest veebisaidi","og:url":"https:\/\/droix.eu\/et\/kupsiste-poliitika\/","og:image":"https:\/\/droix.eu\/wp-content\/uploads\/2024\/06\/droix-v2-light-logo.png","og:image:secure_url":"https:\/\/droix.eu\/wp-content\/uploads\/2024\/06\/droix-v2-light-logo.png","og:image:width":380,"og:image:height":118,"article:published_time":"2021-12-23T11:49:46+00:00","article:modified_time":"2025-05-27T13:10:02+00:00","article:publisher":"https:\/\/www.facebook.com\/DroiX.Store","twitter:card":"summary_large_image","twitter:site":"@DroiX_Store","twitter:title":"K\u00fcpsiste poliitika - DROIX EU","twitter:description":"J\u00e4rgnevat k\u00fcpsiste poliitikat tuleb v\u00f5tta koosk\u00f5las (koos), &quot;\u00fche tervikuna&quot; Tingimuste ja Privaatsuspoliitikaga. K\u00e4esolevad m\u00fc\u00fcgitingimused kehtivad k\u00f5igi DROIXi (registrij\u00e4rgne asukoht 54C Expressway, N Woolwich Rd, London, E16 2AA, \u00dchendkuningriik) poolt tarnitavate kaupade suhtes. K\u00e4esolevas lepingus viidatakse j\u00e4rgmistele dokumentidele: Meie (DROIX) oleme tarnija ja teie (klient). Tarnija veebisait kasutab k\u00fcpsiseid, et eristada klienti, st teid, teistest veebisaidi","twitter:creator":"@DroiX_Store","twitter:image":"https:\/\/droix.eu\/wp-content\/uploads\/2024\/06\/droix-v2-light-logo.png"},"aioseo_meta_data":{"post_id":"503690","title":null,"description":null,"keywords":null,"keyphrases":null,"primary_term":null,"canonical_url":null,"og_title":null,"og_description":null,"og_object_type":"default","og_image_type":"default","og_image_url":null,"og_image_width":null,"og_image_height":null,"og_image_custom_url":null,"og_image_custom_fields":null,"og_video":null,"og_custom_url":null,"og_article_section":null,"og_article_tags":null,"twitter_use_og":true,"twitter_card":"default","twitter_image_type":"default","twitter_image_url":null,"twitter_image_custom_url":null,"twitter_image_custom_fields":null,"twitter_title":null,"twitter_description":null,"schema":{"blockGraphs":[],"customGraphs":[],"default":{"data":{"Article":[],"Course":[],"Dataset":[],"FAQPage":[],"Movie":[],"Person":[],"Product":[],"ProductReview":[],"Car":[],"Recipe":[],"Service":[],"SoftwareApplication":[],"WebPage":[]},"graphName":"","isEnabled":true},"graphs":[]},"schema_type":"default","schema_type_options":null,"pillar_content":false,"robots_default":true,"robots_noindex":false,"robots_noarchive":false,"robots_nosnippet":false,"robots_nofollow":false,"robots_noimageindex":false,"robots_noodp":false,"robots_notranslate":false,"robots_max_snippet":null,"robots_max_videopreview":null,"robots_max_imagepreview":"large","priority":null,"frequency":null,"local_seo":null,"seo_analyzer_scan_date":"2025-09-16 22:47:53","breadcrumb_settings":null,"limit_modified_date":false,"reviewed_by":null,"open_ai":null,"ai":null,"created":"2025-09-16 22:47:53","updated":"2025-11-27 00:05:19"},"aioseo_breadcrumb":"<div class=\"aioseo-breadcrumbs\"><span class=\"aioseo-breadcrumb\">\n\t<a href=\"https:\/\/droix.eu\/et\/\" title=\"Home\">Home<\/a>\n<\/span><span class=\"aioseo-breadcrumb-separator\">&raquo;<\/span><span class=\"aioseo-breadcrumb\">\n\tK\u00fcpsiste poliitika\n<\/span><\/div>","aioseo_breadcrumb_json":[{"label":"Home","link":"https:\/\/droix.eu\/et\/"},{"label":"K\u00fcpsiste poliitika","link":"https:\/\/droix.eu\/et\/kupsiste-poliitika\/"}],"_links":{"self":[{"href":"https:\/\/droix.eu\/et\/wp-json\/wp\/v2\/pages\/503690","targetHints":{"allow":["GET"]}}],"collection":[{"href":"https:\/\/droix.eu\/et\/wp-json\/wp\/v2\/pages"}],"about":[{"href":"https:\/\/droix.eu\/et\/wp-json\/wp\/v2\/types\/page"}],"author":[{"embeddable":true,"href":"https:\/\/droix.eu\/et\/wp-json\/wp\/v2\/users\/1"}],"replies":[{"embeddable":true,"href":"https:\/\/droix.eu\/et\/wp-json\/wp\/v2\/comments?post=503690"}],"version-history":[{"count":0,"href":"https:\/\/droix.eu\/et\/wp-json\/wp\/v2\/pages\/503690\/revisions"}],"wp:attachment":[{"href":"https:\/\/droix.eu\/et\/wp-json\/wp\/v2\/media?parent=503690"}],"curies":[{"name":"wp","href":"https:\/\/api.w.org\/{rel}","templated":true}]}}