{"id":706309,"date":"2026-01-22T10:05:02","date_gmt":"2026-01-22T10:05:02","guid":{"rendered":"https:\/\/droix.eu\/product\/biwin-rd510-mini-lector-ssd\/"},"modified":"2026-04-09T23:30:18","modified_gmt":"2026-04-09T22:30:18","slug":"biwin-rd510-mini-lector-ssd","status":"publish","type":"product","link":"https:\/\/droix.eu\/es\/product\/biwin-rd510-mini-lector-ssd\/","title":{"rendered":"Biwin RD510 Mini Lector SSD"},"content":{"rendered":"\n<h2 class=\"wp-block-heading\">Mini Lector SSD Biwin: La \u00faltima soluci\u00f3n de almacenamiento USB 4.0 para profesionales<\/h2>\n\n<p>El <strong>Biwin RD510 Mini SSD Reader<\/strong> representa un gran avance en la tecnolog\u00eda de almacenamiento port\u00e1til. Este lector de alto rendimiento es el primero de su clase, dise\u00f1ado espec\u00edficamente para el formato ultracompacto &#8220;Mini SSD&#8221;. Estas min\u00fasculas unidades, que s\u00f3lo miden 15,0 mm \u00d7 17,0 mm \u00d7 1,4 mm, requieren un alojamiento preciso para funcionar a pleno rendimiento<sup>.2<\/sup> Dado que esta soluci\u00f3n <strong>biwin ssd<\/strong> est\u00e1 adaptada a unas dimensiones tan reducidas, ofrece un nivel de portabilidad nunca visto en el mercado de hardware profesional.  <\/p>\n\n<h2 class=\"wp-block-heading\">Velocidades de v\u00e9rtigo con el minilector de SSD Biwin RD510<\/h2>\n\n<p>El rendimiento es donde realmente brilla este <strong>mini lector SSD de Bi<\/strong> winn. Utiliza el avanzado protocolo USB 4.0 para ofrecer asombrosas velocidades de transferencia de datos de hasta 40 Gbps<sup>.3<\/sup> En consecuencia, el <strong>Biwin RD510 Mini SSD<\/strong> Reader alcanza velocidades de lectura secuencial de 3300 MB\/s y velocidades de escritura de 3000 MB\/s<sup>.4<\/sup> Estas cifras representan una combinaci\u00f3n perfecta para los usuarios que manejan con frecuencia archivos de v\u00eddeo 8K o repositorios masivos de software. <\/p>\n\n<p>Adem\u00e1s, la arquitectura <strong>del controlador biwin ssd<\/strong> est\u00e1 optimizada para los sistemas operativos modernos con el fin de garantizar la simplicidad plug-and-play. Comprobar\u00e1 que las copias de seguridad de datos a gran escala se completan en segundos en lugar de minutos. Como la interfaz es tan eficiente, la latencia se mantiene en un m\u00ednimo absoluto durante las aplicaciones profesionales intensivas.  <\/p>\n\n<h2 class=\"wp-block-heading\">Refrigeraci\u00f3n activa para un rendimiento sostenido de las SSD Biwin<\/h2>\n\n<p>Mantener altas velocidades a menudo conlleva desaf\u00edos t\u00e9rmicos. Por ello, el <strong>Mini Lector SSD Biwin RD510<\/strong> est\u00e1 equipado con un ventilador de refrigeraci\u00f3n integrado para la gesti\u00f3n activa del calor. Esta soluci\u00f3n t\u00e9rmica evita las ca\u00eddas de rendimiento asociadas al sobrecalentamiento. En consecuencia, su <strong>biwin ssd<\/strong> mantendr\u00e1 su velocidad m\u00e1xima incluso durante migraciones de datos de una hora de duraci\u00f3n.   <\/p>\n\n<p>La robusta construcci\u00f3n del <strong>Biwin RD510 Mini SSD<\/strong> Reader garantiza que pueda sobrevivir a los desplazamientos diarios. Mientras que el exterior tiene un aspecto elegante y profesional, los componentes internos est\u00e1n protegidos contra golpes f\u00edsicos. Se prioriza el funcionamiento estable e ininterrumpido, lo que en \u00faltima instancia ayuda a prolongar la vida \u00fatil de sus medios de almacenamiento.  <\/p>\n\n<h2 class=\"wp-block-heading\">Conectividad multiplataforma para el Biwinn Mini SSD Reader<\/h2>\n\n<p>La versatilidad es uno de los puntos fuertes de este <strong>lector biwinn mini ssd<\/strong>. Viene con un cable USB 4.0 Type-C a Type-C de alta calidad para liberar todo el potencial de su hardware<sup>.5<\/sup> Esto garantiza que el <strong>Biwin RD510 Mini SSD Reader<\/strong> sea compatible con una amplia gama de ecosistemas modernos. <\/p>\n\n<figure class=\"wp-block-table\"><table class=\"has-fixed-layout\"><thead><tr><td><strong>Categor\u00eda del sistema<\/strong><\/td><td><strong>Plataformas compatibles<\/strong><\/td><\/tr><\/thead><tbody><tr><td><strong>Ordenadores<\/strong><\/td><td>Windows 10\/11, macOS 11.0+<\/td><\/tr><tr><td><strong>M\u00f3vil<\/strong><\/td><td>iOS 17.0+, Android 11.0+<\/td><\/tr><tr><td><strong>Juegos<\/strong><\/td><td>PlayStation 5 (Sistema 08+)<\/td><\/tr><tr><td><strong>Sistemas operativos<\/strong><\/td><td>HyperOS 1.0+, HarmonyOS 3.0+<\/td><\/tr><\/tbody><\/table><\/figure>\n","protected":false},"excerpt":{"rendered":"<ul>\n<li><strong>Biwin RD510<\/strong> Lector USB 4.0 Mini SSD<\/li>\n<li><strong>Interfaz USB 4.0<\/strong>: transferencia de datos a alta velocidad de hasta 40 Gbps<\/li>\n<li><strong>3300 MB\/s de lectura y 3000 MB\/s de escritura<\/strong> &#8211; Optimizado para v\u00eddeo 8K y archivos de gran tama\u00f1o<\/li>\n<li><strong>Sistema de refrigeraci\u00f3n activa<\/strong>: ventilador incorporado para un rendimiento m\u00e1ximo sostenido.<\/li>\n<li><strong>Dise\u00f1o ultraport\u00e1til<\/strong>: dise\u00f1ado espec\u00edficamente para el formato Mini SSD<\/li>\n<\/ul>\n[droix_global_accordions]\n[cg_accordion title=\"El paquete incluye\"]<\/p>\n<ul>\n<li>1x Biwin RD510 Mini Lector SSD<\/li>\n<\/ul>\n<p>[\/cg_accordion]\n","protected":false},"featured_media":706323,"template":"","meta":{"_acf_changed":false},"product_brand":[],"product_cat":[13329,16866,13330,13373],"product_tag":[],"woo-feed-brand":[],"key-features":[],"class_list":{"0":"post-706309","1":"product","2":"type-product","3":"status-publish","4":"has-post-thumbnail","6":"product_cat-accesorios","7":"product_cat-accesorios-de-computador","8":"product_cat-accesorios-para-juegos","9":"product_cat-accesorios-para-portatiles","10":"product_shipping_class-low-end","11":"pa_brands-biwin","12":"pa_i-o-usb-1x-usb-4-0-tipo-c-40gb-s","13":"pa_operating-system-macos","14":"pa_operating-system-windows-10-hogar","15":"pa_operating-system-windows-11-es","16":"pa_storage-expansion-1-ranura-para-tarjetas-mini-ssd-vacia","18":"first","19":"outofstock","20":"sale","21":"taxable","22":"shipping-taxable","23":"purchasable","24":"product-type-simple"},"acf":[],"aioseo_notices":[],"aioseo_head":"\n\t\t<!-- All in One SEO Pro 4.9.6.2 - aioseo.com -->\n\t<meta name=\"description\" content=\"\u00a1Impulse su flujo de trabajo con el Biwin RD510! Disfruta de velocidades de 3300 MB\/s y potencia USB 4.0. Incorpora un ventilador de refrigeraci\u00f3n para mayor estabilidad. \u00a1Comprar ahora! \ud83d\udcbb\" \/>\n\t<meta name=\"robots\" content=\"max-image-preview:large\" \/>\n\t<link rel=\"canonical\" href=\"https:\/\/droix.eu\/es\/product\/biwin-rd510-mini-lector-ssd\/\" \/>\n\t<meta name=\"generator\" content=\"All in One SEO Pro (AIOSEO) 4.9.6.2\" \/>\n\t\t<meta property=\"og:locale\" content=\"es_ES\" \/>\n\t\t<meta property=\"og:site_name\" content=\"DROIX EU - Get the latest Mini PCs, Ultrabook, PC Gaming Handhelds and more!\" \/>\n\t\t<meta property=\"og:type\" content=\"article\" \/>\n\t\t<meta property=\"og:title\" content=\"Biwin RD510 Mini Lector SSD | 40Gbps USB 4.0 \u26a1\" \/>\n\t\t<meta property=\"og:description\" content=\"\u00a1Impulse su flujo de trabajo con el Biwin RD510! Disfruta de velocidades de 3300 MB\/s y potencia USB 4.0. Incorpora un ventilador de refrigeraci\u00f3n para mayor estabilidad. \u00a1Comprar ahora! \ud83d\udcbb\" \/>\n\t\t<meta property=\"og:url\" content=\"https:\/\/droix.eu\/es\/product\/biwin-rd510-mini-lector-ssd\/\" \/>\n\t\t<meta property=\"og:image\" content=\"https:\/\/droix.eu\/wp-content\/uploads\/2024\/06\/droix-v2-light-logo.png\" \/>\n\t\t<meta property=\"og:image:secure_url\" content=\"https:\/\/droix.eu\/wp-content\/uploads\/2024\/06\/droix-v2-light-logo.png\" \/>\n\t\t<meta property=\"og:image:width\" content=\"380\" \/>\n\t\t<meta property=\"og:image:height\" content=\"118\" \/>\n\t\t<meta property=\"article:published_time\" content=\"2026-01-22T10:05:02+00:00\" \/>\n\t\t<meta property=\"article:modified_time\" content=\"2026-04-09T22:30:18+00:00\" \/>\n\t\t<meta property=\"article:publisher\" content=\"https:\/\/www.facebook.com\/DroiX.Store\" \/>\n\t\t<meta name=\"twitter:card\" content=\"summary_large_image\" \/>\n\t\t<meta name=\"twitter:site\" content=\"@DroiX_Store\" \/>\n\t\t<meta name=\"twitter:title\" content=\"Biwin RD510 Mini Lector SSD | 40Gbps USB 4.0 \u26a1\" \/>\n\t\t<meta name=\"twitter:description\" content=\"\u00a1Impulse su flujo de trabajo con el Biwin RD510! Disfruta de velocidades de 3300 MB\/s y potencia USB 4.0. Incorpora un ventilador de refrigeraci\u00f3n para mayor estabilidad. \u00a1Comprar ahora! \ud83d\udcbb\" \/>\n\t\t<meta name=\"twitter:image\" content=\"https:\/\/droix.eu\/wp-content\/uploads\/2024\/06\/droix-v2-light-logo.png\" \/>\n\t\t<script type=\"application\/ld+json\" class=\"aioseo-schema\">\n\t\t\t{\"@context\":\"https:\\\/\\\/schema.org\",\"@graph\":[{\"@type\":\"BreadcrumbList\",\"@id\":\"https:\\\/\\\/droix.eu\\\/es\\\/product\\\/biwin-rd510-mini-lector-ssd\\\/#breadcrumblist\",\"itemListElement\":[{\"@type\":\"ListItem\",\"@id\":\"https:\\\/\\\/droix.eu\\\/es\\\/#listItem\",\"position\":1,\"name\":\"Home\",\"item\":\"https:\\\/\\\/droix.eu\\\/es\\\/\",\"nextItem\":{\"@type\":\"ListItem\",\"@id\":\"https:\\\/\\\/droix.eu\\\/es\\\/product-category\\\/accesorios\\\/#listItem\",\"name\":\"Accesorios\"}},{\"@type\":\"ListItem\",\"@id\":\"https:\\\/\\\/droix.eu\\\/es\\\/product-category\\\/accesorios\\\/#listItem\",\"position\":2,\"name\":\"Accesorios\",\"item\":\"https:\\\/\\\/droix.eu\\\/es\\\/product-category\\\/accesorios\\\/\",\"nextItem\":{\"@type\":\"ListItem\",\"@id\":\"https:\\\/\\\/droix.eu\\\/es\\\/product-category\\\/accesorios\\\/accesorios-para-juegos\\\/#listItem\",\"name\":\"Accesorios para juegos\"},\"previousItem\":{\"@type\":\"ListItem\",\"@id\":\"https:\\\/\\\/droix.eu\\\/es\\\/#listItem\",\"name\":\"Home\"}},{\"@type\":\"ListItem\",\"@id\":\"https:\\\/\\\/droix.eu\\\/es\\\/product-category\\\/accesorios\\\/accesorios-para-juegos\\\/#listItem\",\"position\":3,\"name\":\"Accesorios para juegos\",\"item\":\"https:\\\/\\\/droix.eu\\\/es\\\/product-category\\\/accesorios\\\/accesorios-para-juegos\\\/\",\"nextItem\":{\"@type\":\"ListItem\",\"@id\":\"https:\\\/\\\/droix.eu\\\/es\\\/product\\\/biwin-rd510-mini-lector-ssd\\\/#listItem\",\"name\":\"Biwin RD510 Mini Lector SSD\"},\"previousItem\":{\"@type\":\"ListItem\",\"@id\":\"https:\\\/\\\/droix.eu\\\/es\\\/product-category\\\/accesorios\\\/#listItem\",\"name\":\"Accesorios\"}},{\"@type\":\"ListItem\",\"@id\":\"https:\\\/\\\/droix.eu\\\/es\\\/product\\\/biwin-rd510-mini-lector-ssd\\\/#listItem\",\"position\":4,\"name\":\"Biwin RD510 Mini Lector SSD\",\"previousItem\":{\"@type\":\"ListItem\",\"@id\":\"https:\\\/\\\/droix.eu\\\/es\\\/product-category\\\/accesorios\\\/accesorios-para-juegos\\\/#listItem\",\"name\":\"Accesorios para juegos\"}}]},{\"@type\":\"Organization\",\"@id\":\"https:\\\/\\\/droix.eu\\\/es\\\/#organization\",\"name\":\"DroiX \\u2013 Trusted EU Tech Retailer with 12+ Years Experience\",\"description\":\"DroiX is a leading European technology retailer with over 12 years of experience, offering quality mini PCs, handheld gaming consoles, and tech accessories. We provide hassle-free EU delivery with all taxes included, ensuring a smooth and reliable shopping experience for our customers across Europe.\",\"url\":\"https:\\\/\\\/droix.eu\\\/es\\\/\",\"logo\":{\"@type\":\"ImageObject\",\"url\":\"https:\\\/\\\/droix.eu\\\/wp-content\\\/uploads\\\/2024\\\/06\\\/droix-v2-light-logo.png\",\"@id\":\"https:\\\/\\\/droix.eu\\\/es\\\/product\\\/biwin-rd510-mini-lector-ssd\\\/#organizationLogo\",\"width\":380,\"height\":118},\"image\":{\"@id\":\"https:\\\/\\\/droix.eu\\\/es\\\/product\\\/biwin-rd510-mini-lector-ssd\\\/#organizationLogo\"},\"sameAs\":[\"https:\\\/\\\/www.facebook.com\\\/DroiX.Store\",\"https:\\\/\\\/twitter.com\\\/DroiX_Store\",\"https:\\\/\\\/www.instagram.com\\\/droix.store\\\/\",\"https:\\\/\\\/www.tiktok.com\\\/@droix.store\",\"https:\\\/\\\/www.youtube.com\\\/c\\\/DroiX_Store\",\"https:\\\/\\\/uk.linkedin.com\\\/company\\\/droix\"]},{\"@type\":\"Product\",\"@id\":\"https:\\\/\\\/droix.eu\\\/es\\\/product\\\/biwin-rd510-mini-lector-ssd\\\/#wooCommerceProduct\",\"name\":\"Biwin RD510 Mini Lector SSD\",\"description\":\"Biwin RD510 Lector USB 4.0 Mini SSD\\n\\tInterfaz USB 4.0: transferencia de datos a alta velocidad de hasta 40 Gbps\\n\\t3300 MB\\\/s de lectura y 3000 MB\\\/s de escritura - Optimizado para v\\u00eddeo 8K y archivos de gran tama\\u00f1o\\n\\tSistema de refrigeraci\\u00f3n activa: ventilador incorporado para un rendimiento m\\u00e1ximo sostenido.\\n\\tDise\\u00f1o ultraport\\u00e1til: dise\\u00f1ado espec\\u00edficamente para el formato Mini SSD\",\"url\":\"https:\\\/\\\/droix.eu\\\/es\\\/product\\\/biwin-rd510-mini-lector-ssd\\\/\",\"sku\":\"BIWIN-MINI-SSD-READER\",\"gtin\":\"5061077633268\",\"image\":{\"@type\":\"ImageObject\",\"url\":\"https:\\\/\\\/droix.eu\\\/wp-content\\\/uploads\\\/2026\\\/01\\\/BIWIN-MINI-SSD-LISTING-DONE-01.png\",\"@id\":\"https:\\\/\\\/droix.eu\\\/es\\\/product\\\/biwin-rd510-mini-lector-ssd\\\/#productImage\",\"width\":1500,\"height\":1500},\"offers\":{\"@type\":\"Offer\",\"url\":\"https:\\\/\\\/droix.eu\\\/es\\\/product\\\/biwin-rd510-mini-lector-ssd\\\/#wooCommerceOffer\",\"price\":58.98,\"priceCurrency\":\"EUR\",\"category\":\"Accesorios\",\"availability\":\"https:\\\/\\\/schema.org\\\/OutOfStock\",\"priceSpecification\":{\"@type\":\"PriceSpecification\",\"price\":58.98,\"priceCurrency\":\"EUR\",\"valueAddedTaxIncluded\":\"true\"},\"seller\":{\"@type\":\"Organization\",\"@id\":\"https:\\\/\\\/droix.eu\\\/es\\\/#organization\"}}},{\"@type\":\"WebPage\",\"@id\":\"https:\\\/\\\/droix.eu\\\/es\\\/product\\\/biwin-rd510-mini-lector-ssd\\\/#webpage\",\"url\":\"https:\\\/\\\/droix.eu\\\/es\\\/product\\\/biwin-rd510-mini-lector-ssd\\\/\",\"name\":\"Biwin RD510 Mini Lector SSD | 40Gbps USB 4.0 \\u26a1\",\"description\":\"\\u00a1Impulse su flujo de trabajo con el Biwin RD510! Disfruta de velocidades de 3300 MB\\\/s y potencia USB 4.0. Incorpora un ventilador de refrigeraci\\u00f3n para mayor estabilidad. \\u00a1Comprar ahora! \\ud83d\\udcbb\",\"inLanguage\":\"es-ES\",\"isPartOf\":{\"@id\":\"https:\\\/\\\/droix.eu\\\/es\\\/#website\"},\"breadcrumb\":{\"@id\":\"https:\\\/\\\/droix.eu\\\/es\\\/product\\\/biwin-rd510-mini-lector-ssd\\\/#breadcrumblist\"},\"image\":{\"@type\":\"ImageObject\",\"url\":\"https:\\\/\\\/droix.eu\\\/wp-content\\\/uploads\\\/2026\\\/01\\\/BIWIN-MINI-SSD-LISTING-DONE-01.png\",\"@id\":\"https:\\\/\\\/droix.eu\\\/es\\\/product\\\/biwin-rd510-mini-lector-ssd\\\/#mainImage\",\"width\":1500,\"height\":1500},\"primaryImageOfPage\":{\"@id\":\"https:\\\/\\\/droix.eu\\\/es\\\/product\\\/biwin-rd510-mini-lector-ssd\\\/#mainImage\"},\"datePublished\":\"2026-01-22T10:05:02+00:00\",\"dateModified\":\"2026-04-09T23:30:18+01:00\"},{\"@type\":\"WebSite\",\"@id\":\"https:\\\/\\\/droix.eu\\\/es\\\/#website\",\"url\":\"https:\\\/\\\/droix.eu\\\/es\\\/\",\"name\":\"DROIX EU\",\"description\":\"Get the latest Mini PCs, Ultrabook, PC Gaming Handhelds and more!\",\"inLanguage\":\"es-ES\",\"publisher\":{\"@id\":\"https:\\\/\\\/droix.eu\\\/es\\\/#organization\"}}]}\n\t\t<\/script>\n\t\t<!-- All in One SEO Pro -->\r\n\t\t<title>Biwin RD510 Mini Lector SSD | 40Gbps USB 4.0 \u26a1<\/title>\n\n","aioseo_head_json":{"title":"Biwin RD510 Mini Lector SSD | 40Gbps USB 4.0 \u26a1","description":"\u00a1Impulse su flujo de trabajo con el Biwin RD510! Disfruta de velocidades de 3300 MB\/s y potencia USB 4.0. Incorpora un ventilador de refrigeraci\u00f3n para mayor estabilidad. \u00a1Comprar ahora! \ud83d\udcbb","canonical_url":"https:\/\/droix.eu\/es\/product\/biwin-rd510-mini-lector-ssd\/","robots":"max-image-preview:large","keywords":"","webmasterTools":{"miscellaneous":""},"schema":{"@context":"https:\/\/schema.org","@graph":[{"@type":"BreadcrumbList","@id":"https:\/\/droix.eu\/es\/product\/biwin-rd510-mini-lector-ssd\/#breadcrumblist","itemListElement":[{"@type":"ListItem","@id":"https:\/\/droix.eu\/es\/#listItem","position":1,"name":"Home","item":"https:\/\/droix.eu\/es\/","nextItem":{"@type":"ListItem","@id":"https:\/\/droix.eu\/es\/product-category\/accesorios\/#listItem","name":"Accesorios"}},{"@type":"ListItem","@id":"https:\/\/droix.eu\/es\/product-category\/accesorios\/#listItem","position":2,"name":"Accesorios","item":"https:\/\/droix.eu\/es\/product-category\/accesorios\/","nextItem":{"@type":"ListItem","@id":"https:\/\/droix.eu\/es\/product-category\/accesorios\/accesorios-para-juegos\/#listItem","name":"Accesorios para juegos"},"previousItem":{"@type":"ListItem","@id":"https:\/\/droix.eu\/es\/#listItem","name":"Home"}},{"@type":"ListItem","@id":"https:\/\/droix.eu\/es\/product-category\/accesorios\/accesorios-para-juegos\/#listItem","position":3,"name":"Accesorios para juegos","item":"https:\/\/droix.eu\/es\/product-category\/accesorios\/accesorios-para-juegos\/","nextItem":{"@type":"ListItem","@id":"https:\/\/droix.eu\/es\/product\/biwin-rd510-mini-lector-ssd\/#listItem","name":"Biwin RD510 Mini Lector SSD"},"previousItem":{"@type":"ListItem","@id":"https:\/\/droix.eu\/es\/product-category\/accesorios\/#listItem","name":"Accesorios"}},{"@type":"ListItem","@id":"https:\/\/droix.eu\/es\/product\/biwin-rd510-mini-lector-ssd\/#listItem","position":4,"name":"Biwin RD510 Mini Lector SSD","previousItem":{"@type":"ListItem","@id":"https:\/\/droix.eu\/es\/product-category\/accesorios\/accesorios-para-juegos\/#listItem","name":"Accesorios para juegos"}}]},{"@type":"Organization","@id":"https:\/\/droix.eu\/es\/#organization","name":"DroiX \u2013 Trusted EU Tech Retailer with 12+ Years Experience","description":"DroiX is a leading European technology retailer with over 12 years of experience, offering quality mini PCs, handheld gaming consoles, and tech accessories. We provide hassle-free EU delivery with all taxes included, ensuring a smooth and reliable shopping experience for our customers across Europe.","url":"https:\/\/droix.eu\/es\/","logo":{"@type":"ImageObject","url":"https:\/\/droix.eu\/wp-content\/uploads\/2024\/06\/droix-v2-light-logo.png","@id":"https:\/\/droix.eu\/es\/product\/biwin-rd510-mini-lector-ssd\/#organizationLogo","width":380,"height":118},"image":{"@id":"https:\/\/droix.eu\/es\/product\/biwin-rd510-mini-lector-ssd\/#organizationLogo"},"sameAs":["https:\/\/www.facebook.com\/DroiX.Store","https:\/\/twitter.com\/DroiX_Store","https:\/\/www.instagram.com\/droix.store\/","https:\/\/www.tiktok.com\/@droix.store","https:\/\/www.youtube.com\/c\/DroiX_Store","https:\/\/uk.linkedin.com\/company\/droix"]},{"@type":"Product","@id":"https:\/\/droix.eu\/es\/product\/biwin-rd510-mini-lector-ssd\/#wooCommerceProduct","name":"Biwin RD510 Mini Lector SSD","description":"Biwin RD510 Lector USB 4.0 Mini SSD\n\tInterfaz USB 4.0: transferencia de datos a alta velocidad de hasta 40 Gbps\n\t3300 MB\/s de lectura y 3000 MB\/s de escritura - Optimizado para v\u00eddeo 8K y archivos de gran tama\u00f1o\n\tSistema de refrigeraci\u00f3n activa: ventilador incorporado para un rendimiento m\u00e1ximo sostenido.\n\tDise\u00f1o ultraport\u00e1til: dise\u00f1ado espec\u00edficamente para el formato Mini SSD","url":"https:\/\/droix.eu\/es\/product\/biwin-rd510-mini-lector-ssd\/","sku":"BIWIN-MINI-SSD-READER","gtin":"5061077633268","image":{"@type":"ImageObject","url":"https:\/\/droix.eu\/wp-content\/uploads\/2026\/01\/BIWIN-MINI-SSD-LISTING-DONE-01.png","@id":"https:\/\/droix.eu\/es\/product\/biwin-rd510-mini-lector-ssd\/#productImage","width":1500,"height":1500},"offers":{"@type":"Offer","url":"https:\/\/droix.eu\/es\/product\/biwin-rd510-mini-lector-ssd\/#wooCommerceOffer","price":58.98,"priceCurrency":"EUR","category":"Accesorios","availability":"https:\/\/schema.org\/OutOfStock","priceSpecification":{"@type":"PriceSpecification","price":58.98,"priceCurrency":"EUR","valueAddedTaxIncluded":"true"},"seller":{"@type":"Organization","@id":"https:\/\/droix.eu\/es\/#organization"}}},{"@type":"WebPage","@id":"https:\/\/droix.eu\/es\/product\/biwin-rd510-mini-lector-ssd\/#webpage","url":"https:\/\/droix.eu\/es\/product\/biwin-rd510-mini-lector-ssd\/","name":"Biwin RD510 Mini Lector SSD | 40Gbps USB 4.0 \u26a1","description":"\u00a1Impulse su flujo de trabajo con el Biwin RD510! Disfruta de velocidades de 3300 MB\/s y potencia USB 4.0. Incorpora un ventilador de refrigeraci\u00f3n para mayor estabilidad. \u00a1Comprar ahora! \ud83d\udcbb","inLanguage":"es-ES","isPartOf":{"@id":"https:\/\/droix.eu\/es\/#website"},"breadcrumb":{"@id":"https:\/\/droix.eu\/es\/product\/biwin-rd510-mini-lector-ssd\/#breadcrumblist"},"image":{"@type":"ImageObject","url":"https:\/\/droix.eu\/wp-content\/uploads\/2026\/01\/BIWIN-MINI-SSD-LISTING-DONE-01.png","@id":"https:\/\/droix.eu\/es\/product\/biwin-rd510-mini-lector-ssd\/#mainImage","width":1500,"height":1500},"primaryImageOfPage":{"@id":"https:\/\/droix.eu\/es\/product\/biwin-rd510-mini-lector-ssd\/#mainImage"},"datePublished":"2026-01-22T10:05:02+00:00","dateModified":"2026-04-09T23:30:18+01:00"},{"@type":"WebSite","@id":"https:\/\/droix.eu\/es\/#website","url":"https:\/\/droix.eu\/es\/","name":"DROIX EU","description":"Get the latest Mini PCs, Ultrabook, PC Gaming Handhelds and more!","inLanguage":"es-ES","publisher":{"@id":"https:\/\/droix.eu\/es\/#organization"}}]},"og:locale":"es_ES","og:site_name":"DROIX EU - Get the latest Mini PCs, Ultrabook, PC Gaming Handhelds and more!","og:type":"article","og:title":"Biwin RD510 Mini Lector SSD | 40Gbps USB 4.0 \u26a1","og:description":"\u00a1Impulse su flujo de trabajo con el Biwin RD510! Disfruta de velocidades de 3300 MB\/s y potencia USB 4.0. Incorpora un ventilador de refrigeraci\u00f3n para mayor estabilidad. \u00a1Comprar ahora! \ud83d\udcbb","og:url":"https:\/\/droix.eu\/es\/product\/biwin-rd510-mini-lector-ssd\/","og:image":"https:\/\/droix.eu\/wp-content\/uploads\/2024\/06\/droix-v2-light-logo.png","og:image:secure_url":"https:\/\/droix.eu\/wp-content\/uploads\/2024\/06\/droix-v2-light-logo.png","og:image:width":380,"og:image:height":118,"article:published_time":"2026-01-22T10:05:02+00:00","article:modified_time":"2026-04-09T22:30:18+00:00","article:publisher":"https:\/\/www.facebook.com\/DroiX.Store","twitter:card":"summary_large_image","twitter:site":"@DroiX_Store","twitter:title":"Biwin RD510 Mini Lector SSD | 40Gbps USB 4.0 \u26a1","twitter:description":"\u00a1Impulse su flujo de trabajo con el Biwin RD510! Disfruta de velocidades de 3300 MB\/s y potencia USB 4.0. Incorpora un ventilador de refrigeraci\u00f3n para mayor estabilidad. \u00a1Comprar ahora! \ud83d\udcbb","twitter:image":"https:\/\/droix.eu\/wp-content\/uploads\/2024\/06\/droix-v2-light-logo.png"},"aioseo_meta_data":{"post_id":"706309","title":"Biwin RD510 Mini Lector SSD | 40Gbps USB 4.0 \u26a1","description":"\u00a1Impulse su flujo de trabajo con el Biwin RD510! Disfruta de velocidades de 3300 MB\/s y potencia USB 4.0. Incorpora un ventilador de refrigeraci\u00f3n para mayor estabilidad. \u00a1Comprar ahora! \ud83d\udcbb","keywords":null,"keyphrases":{"focus":{"keyphrase":"Biwin RD510 Mini SSD Reader","score":75,"analysis":{"keyphraseInTitle":{"score":9,"maxScore":9,"error":0},"keyphraseInDescription":{"score":3,"maxScore":9,"error":1},"keyphraseLength":{"score":6,"maxScore":9,"error":1,"length":5},"keyphraseInURL":{"score":5,"maxScore":5,"error":0},"keyphraseInIntroduction":{"score":9,"maxScore":9,"error":0},"keyphraseInSubHeadings":{"score":3,"maxScore":9,"error":1},"keyphraseInImageAlt":[],"keywordDensity":{"type":"best","score":9,"maxScore":9,"error":0}}},"additional":[]},"primary_term":{"product_cat":32},"canonical_url":null,"og_title":null,"og_description":null,"og_object_type":"default","og_image_type":"default","og_image_url":null,"og_image_width":null,"og_image_height":null,"og_image_custom_url":null,"og_image_custom_fields":null,"og_video":"","og_custom_url":null,"og_article_section":null,"og_article_tags":null,"twitter_use_og":true,"twitter_card":"default","twitter_image_type":"default","twitter_image_url":null,"twitter_image_custom_url":null,"twitter_image_custom_fields":null,"twitter_title":null,"twitter_description":null,"schema":{"blockGraphs":[],"customGraphs":[],"default":{"data":{"Article":[],"Course":[],"Dataset":[],"FAQPage":[],"Movie":[],"Person":[],"Product":[],"ProductReview":[],"Car":[],"Recipe":[],"Service":[],"SoftwareApplication":[],"WebPage":[]},"graphName":"Product","isEnabled":true},"graphs":[]},"schema_type":"default","schema_type_options":null,"pillar_content":false,"robots_default":true,"robots_noindex":false,"robots_noarchive":false,"robots_nosnippet":false,"robots_nofollow":false,"robots_noimageindex":false,"robots_noodp":false,"robots_notranslate":false,"robots_max_snippet":"-1","robots_max_videopreview":"-1","robots_max_imagepreview":"large","priority":null,"frequency":"default","local_seo":null,"seo_analyzer_scan_date":"2026-04-09 23:02:30","breadcrumb_settings":null,"limit_modified_date":false,"reviewed_by":null,"open_ai":null,"ai":{"faqs":[],"keyPoints":[],"titles":[],"descriptions":[],"socialPosts":{"email":[],"linkedin":[],"twitter":[],"facebook":[],"instagram":[]}},"created":"2026-02-12 10:02:25","updated":"2026-04-10 01:25:56"},"aioseo_breadcrumb":"<div class=\"aioseo-breadcrumbs\"><span class=\"aioseo-breadcrumb\">\n\t<a href=\"https:\/\/droix.eu\/es\/\" title=\"Home\">Home<\/a>\n<\/span><span class=\"aioseo-breadcrumb-separator\">&raquo;<\/span><span class=\"aioseo-breadcrumb\">\n\t<a href=\"https:\/\/droix.eu\/es\/product-category\/accesorios\/\" title=\"Accesorios\">Accesorios<\/a>\n<\/span><span class=\"aioseo-breadcrumb-separator\">&raquo;<\/span><span class=\"aioseo-breadcrumb\">\n\t<a href=\"https:\/\/droix.eu\/es\/product-category\/accesorios\/accesorios-para-juegos\/\" title=\"Accesorios para juegos\">Accesorios para juegos<\/a>\n<\/span><span class=\"aioseo-breadcrumb-separator\">&raquo;<\/span><span class=\"aioseo-breadcrumb\">\n\tBiwin RD510 Mini Lector SSD\n<\/span><\/div>","aioseo_breadcrumb_json":[{"label":"Home","link":"https:\/\/droix.eu\/es\/"},{"label":"Accesorios","link":"https:\/\/droix.eu\/es\/product-category\/accesorios\/"},{"label":"Accesorios para juegos","link":"https:\/\/droix.eu\/es\/product-category\/accesorios\/accesorios-para-juegos\/"},{"label":"Biwin RD510 Mini Lector SSD","link":"https:\/\/droix.eu\/es\/product\/biwin-rd510-mini-lector-ssd\/"}],"_links":{"self":[{"href":"https:\/\/droix.eu\/es\/wp-json\/wp\/v2\/product\/706309","targetHints":{"allow":["GET"]}}],"collection":[{"href":"https:\/\/droix.eu\/es\/wp-json\/wp\/v2\/product"}],"about":[{"href":"https:\/\/droix.eu\/es\/wp-json\/wp\/v2\/types\/product"}],"version-history":[{"count":0,"href":"https:\/\/droix.eu\/es\/wp-json\/wp\/v2\/product\/706309\/revisions"}],"wp:featuredmedia":[{"embeddable":true,"href":"https:\/\/droix.eu\/es\/wp-json\/wp\/v2\/media\/706323"}],"wp:attachment":[{"href":"https:\/\/droix.eu\/es\/wp-json\/wp\/v2\/media?parent=706309"}],"wp:term":[{"taxonomy":"product_brand","embeddable":true,"href":"https:\/\/droix.eu\/es\/wp-json\/wp\/v2\/product_brand?post=706309"},{"taxonomy":"product_cat","embeddable":true,"href":"https:\/\/droix.eu\/es\/wp-json\/wp\/v2\/product_cat?post=706309"},{"taxonomy":"product_tag","embeddable":true,"href":"https:\/\/droix.eu\/es\/wp-json\/wp\/v2\/product_tag?post=706309"},{"taxonomy":"woo-feed-brand","embeddable":true,"href":"https:\/\/droix.eu\/es\/wp-json\/wp\/v2\/woo-feed-brand?post=706309"},{"taxonomy":"key-features","embeddable":true,"href":"https:\/\/droix.eu\/es\/wp-json\/wp\/v2\/key-features?post=706309"}],"curies":[{"name":"wp","href":"https:\/\/api.w.org\/{rel}","templated":true}]}}