{"id":551507,"date":"2014-11-18T04:15:05","date_gmt":"2014-11-18T04:15:05","guid":{"rendered":"https:\/\/droix.eu\/product\/adaptador-de-corriente-55x21mm\/"},"modified":"2025-09-05T15:20:04","modified_gmt":"2025-09-05T14:20:04","slug":"adaptador-de-corriente-55x21mm","status":"publish","type":"product","link":"https:\/\/droix.eu\/es\/product\/adaptador-de-corriente-55x21mm\/","title":{"rendered":"Adaptador de corriente (5,5&#215;2,1mm)"},"content":{"rendered":"<p>Este adaptador est\u00e1 dise\u00f1ado para su uso con DroiX iMXQpro Mini, iMXQpro modelo 2017, iMXQpro, X96 Max, H96 MAX X2, A95X Plus, T95Z Plus, T95Q, T95X2.<\/p>\n<p>Espec\u00edficamente dise\u00f1ado para la gama de dispositivos DroiX y otros que requieren un conector de 5,5\/2,1mm y 5V 2A para funcionar.<\/p>\n<p>Certificado CE, FCC y RoHS.<\/p>\n","protected":false},"excerpt":{"rendered":"<p>Este adaptador est\u00e1 dise\u00f1ado para su uso con DroiX iMXQpro Mini, iMXQpro modelo 2017, iMXQpro, X96 Max, H96 MAX X2, A95X Plus, T95Z Plus, T95Q, T95X2.<br \/>\nEspec\u00edficamente dise\u00f1ado para la gama de dispositivos DroiX y otros que requieren un conector de 5,5\/2,1mm y 5V 2A para funcionar.<br \/>\nCertificado CE, FCC y RoHS.<br \/>\n[droix_global_accordions]<br \/>\n[cg_accordion title=\"El paquete incluye\"]<\/p>\n<ul>\n<li>1x Adaptador de corriente (5,5&#215;2,1mm)<\/li>\n<\/ul>\n<p>[\/cg_accordion]<\/p>\n","protected":false},"featured_media":196906,"template":"","meta":{"_acf_changed":false},"product_brand":[],"product_cat":[32,58],"product_tag":[],"woo-feed-brand":[],"key-features":[],"class_list":{"0":"post-551507","1":"product","2":"type-product","3":"status-publish","4":"has-post-thumbnail","6":"product_cat-accessories","7":"product_cat-accessories-android-tv-boxes","8":"product_shipping_class-low-end","9":"pa_brands-droix","11":"first","12":"outofstock","13":"taxable","14":"shipping-taxable","15":"purchasable","16":"product-type-simple"},"acf":[],"aioseo_notices":[],"aioseo_head":"\n\t\t<!-- All in One SEO Pro 4.9.5.2 - aioseo.com -->\n\t<meta name=\"description\" content=\"Este adaptador est\u00e1 dise\u00f1ado para su uso con DroiX iMXQpro Mini, iMXQpro modelo 2017, iMXQpro, X96 Max, H96 MAX X2, A95X Plus, T95Z Plus, T95Q, T95X2. Espec\u00edficamente dise\u00f1ado para la gama de dispositivos DroiX y otros que requieren un conector de 5,5\/2,1mm y 5V 2A para funcionar. Certificado CE, FCC y RoHS. El paquete incluye 1x Adaptador de corriente (5,5x2,1mm)\" \/>\n\t<meta name=\"robots\" content=\"max-image-preview:large\" \/>\n\t<link rel=\"canonical\" href=\"https:\/\/droix.eu\/es\/product\/adaptador-de-corriente-55x21mm\/\" \/>\n\t<meta name=\"generator\" content=\"All in One SEO Pro (AIOSEO) 4.9.5.2\" \/>\n\t\t<meta property=\"og:locale\" content=\"es_ES\" \/>\n\t\t<meta property=\"og:site_name\" content=\"DROIX EU - Get the latest Mini PCs, Ultrabook, PC Gaming Handhelds and more!\" \/>\n\t\t<meta property=\"og:type\" content=\"article\" \/>\n\t\t<meta property=\"og:title\" content=\"Adaptador de corriente (5,5\u00d72,1mm) - DROIX EU\" \/>\n\t\t<meta property=\"og:description\" content=\"Este adaptador est\u00e1 dise\u00f1ado para su uso con DroiX iMXQpro Mini, iMXQpro modelo 2017, iMXQpro, X96 Max, H96 MAX X2, A95X Plus, T95Z Plus, T95Q, T95X2. Espec\u00edficamente dise\u00f1ado para la gama de dispositivos DroiX y otros que requieren un conector de 5,5\/2,1mm y 5V 2A para funcionar. Certificado CE, FCC y RoHS. El paquete incluye 1x Adaptador de corriente (5,5x2,1mm)\" \/>\n\t\t<meta property=\"og:url\" content=\"https:\/\/droix.eu\/es\/product\/adaptador-de-corriente-55x21mm\/\" \/>\n\t\t<meta property=\"og:image\" content=\"https:\/\/droix.eu\/wp-content\/uploads\/2024\/06\/droix-v2-light-logo.png\" \/>\n\t\t<meta property=\"og:image:secure_url\" content=\"https:\/\/droix.eu\/wp-content\/uploads\/2024\/06\/droix-v2-light-logo.png\" \/>\n\t\t<meta property=\"og:image:width\" content=\"380\" \/>\n\t\t<meta property=\"og:image:height\" content=\"118\" \/>\n\t\t<meta property=\"article:published_time\" content=\"2014-11-18T04:15:05+00:00\" \/>\n\t\t<meta property=\"article:modified_time\" content=\"2025-09-05T14:20:04+00:00\" \/>\n\t\t<meta property=\"article:publisher\" content=\"https:\/\/www.facebook.com\/DroiX.Store\" \/>\n\t\t<meta name=\"twitter:card\" content=\"summary_large_image\" \/>\n\t\t<meta name=\"twitter:site\" content=\"@DroiX_Store\" \/>\n\t\t<meta name=\"twitter:title\" content=\"Adaptador de corriente (5,5\u00d72,1mm) - DROIX EU\" \/>\n\t\t<meta name=\"twitter:description\" content=\"Este adaptador est\u00e1 dise\u00f1ado para su uso con DroiX iMXQpro Mini, iMXQpro modelo 2017, iMXQpro, X96 Max, H96 MAX X2, A95X Plus, T95Z Plus, T95Q, T95X2. Espec\u00edficamente dise\u00f1ado para la gama de dispositivos DroiX y otros que requieren un conector de 5,5\/2,1mm y 5V 2A para funcionar. Certificado CE, FCC y RoHS. El paquete incluye 1x Adaptador de corriente (5,5x2,1mm)\" \/>\n\t\t<meta name=\"twitter:image\" content=\"https:\/\/droix.eu\/wp-content\/uploads\/2024\/06\/droix-v2-light-logo.png\" \/>\n\t\t<script type=\"application\/ld+json\" class=\"aioseo-schema\">\n\t\t\t{\"@context\":\"https:\\\/\\\/schema.org\",\"@graph\":[{\"@type\":\"BreadcrumbList\",\"@id\":\"https:\\\/\\\/droix.eu\\\/es\\\/product\\\/adaptador-de-corriente-55x21mm\\\/#breadcrumblist\",\"itemListElement\":[{\"@type\":\"ListItem\",\"@id\":\"https:\\\/\\\/droix.eu\\\/es\\\/#listItem\",\"position\":1,\"name\":\"Home\",\"item\":\"https:\\\/\\\/droix.eu\\\/es\\\/\",\"nextItem\":{\"@type\":\"ListItem\",\"@id\":\"https:\\\/\\\/droix.eu\\\/es\\\/product-category\\\/accesorios\\\/#listItem\",\"name\":\"Accesorios\"}},{\"@type\":\"ListItem\",\"@id\":\"https:\\\/\\\/droix.eu\\\/es\\\/product-category\\\/accesorios\\\/#listItem\",\"position\":2,\"name\":\"Accesorios\",\"item\":\"https:\\\/\\\/droix.eu\\\/es\\\/product-category\\\/accesorios\\\/\",\"nextItem\":{\"@type\":\"ListItem\",\"@id\":\"https:\\\/\\\/droix.eu\\\/es\\\/product-category\\\/accesorios\\\/accesorios-para-decodificadores-android\\\/#listItem\",\"name\":\"Accesorios para decodificadores Android\"},\"previousItem\":{\"@type\":\"ListItem\",\"@id\":\"https:\\\/\\\/droix.eu\\\/es\\\/#listItem\",\"name\":\"Home\"}},{\"@type\":\"ListItem\",\"@id\":\"https:\\\/\\\/droix.eu\\\/es\\\/product-category\\\/accesorios\\\/accesorios-para-decodificadores-android\\\/#listItem\",\"position\":3,\"name\":\"Accesorios para decodificadores Android\",\"item\":\"https:\\\/\\\/droix.eu\\\/es\\\/product-category\\\/accesorios\\\/accesorios-para-decodificadores-android\\\/\",\"nextItem\":{\"@type\":\"ListItem\",\"@id\":\"https:\\\/\\\/droix.eu\\\/es\\\/product\\\/adaptador-de-corriente-55x21mm\\\/#listItem\",\"name\":\"Adaptador de corriente (5,5&#215;2,1mm)\"},\"previousItem\":{\"@type\":\"ListItem\",\"@id\":\"https:\\\/\\\/droix.eu\\\/es\\\/product-category\\\/accesorios\\\/#listItem\",\"name\":\"Accesorios\"}},{\"@type\":\"ListItem\",\"@id\":\"https:\\\/\\\/droix.eu\\\/es\\\/product\\\/adaptador-de-corriente-55x21mm\\\/#listItem\",\"position\":4,\"name\":\"Adaptador de corriente (5,5&#215;2,1mm)\",\"previousItem\":{\"@type\":\"ListItem\",\"@id\":\"https:\\\/\\\/droix.eu\\\/es\\\/product-category\\\/accesorios\\\/accesorios-para-decodificadores-android\\\/#listItem\",\"name\":\"Accesorios para decodificadores Android\"}}]},{\"@type\":\"Organization\",\"@id\":\"https:\\\/\\\/droix.eu\\\/es\\\/#organization\",\"name\":\"DroiX \\u2013 Trusted EU Tech Retailer with 12+ Years Experience\",\"description\":\"DroiX is a leading European technology retailer with over 12 years of experience, offering quality mini PCs, handheld gaming consoles, and tech accessories. We provide hassle-free EU delivery with all taxes included, ensuring a smooth and reliable shopping experience for our customers across Europe.\",\"url\":\"https:\\\/\\\/droix.eu\\\/es\\\/\",\"logo\":{\"@type\":\"ImageObject\",\"url\":\"https:\\\/\\\/droix.eu\\\/wp-content\\\/uploads\\\/2024\\\/06\\\/droix-v2-light-logo.png\",\"@id\":\"https:\\\/\\\/droix.eu\\\/es\\\/product\\\/adaptador-de-corriente-55x21mm\\\/#organizationLogo\",\"width\":380,\"height\":118},\"image\":{\"@id\":\"https:\\\/\\\/droix.eu\\\/es\\\/product\\\/adaptador-de-corriente-55x21mm\\\/#organizationLogo\"},\"sameAs\":[\"https:\\\/\\\/www.facebook.com\\\/DroiX.Store\",\"https:\\\/\\\/twitter.com\\\/DroiX_Store\",\"https:\\\/\\\/www.instagram.com\\\/droix.store\\\/\",\"https:\\\/\\\/www.tiktok.com\\\/@droix.store\",\"https:\\\/\\\/www.youtube.com\\\/c\\\/DroiX_Store\",\"https:\\\/\\\/uk.linkedin.com\\\/company\\\/droix\"]},{\"@type\":\"Product\",\"@id\":\"https:\\\/\\\/droix.eu\\\/es\\\/product\\\/adaptador-de-corriente-55x21mm\\\/#wooCommerceProduct\",\"name\":\"Adaptador de corriente (5,5x2,1mm)\",\"description\":\"Este adaptador est\\u00e1 dise\\u00f1ado para su uso con DroiX iMXQpro Mini, iMXQpro modelo 2017, iMXQpro, X96 Max, H96 MAX X2, A95X Plus, T95Z Plus, T95Q, T95X2.\\nEspec\\u00edficamente dise\\u00f1ado para la gama de dispositivos DroiX y otros que requieren un conector de 5,5\\\/2,1mm y 5V 2A para funcionar.\\nCertificado CE, FCC y RoHS.\",\"url\":\"https:\\\/\\\/droix.eu\\\/es\\\/product\\\/adaptador-de-corriente-55x21mm\\\/\",\"sku\":\"5V2A-5.5\\\/2.1-PSU\",\"image\":{\"@type\":\"ImageObject\",\"url\":\"https:\\\/\\\/droix.eu\\\/wp-content\\\/uploads\\\/2021\\\/12\\\/sl1600.jpg\",\"@id\":\"https:\\\/\\\/droix.eu\\\/es\\\/product\\\/adaptador-de-corriente-55x21mm\\\/#productImage\",\"width\":900,\"height\":900,\"caption\":\"Fuente de alimentaci\\u00f3n 5V-2A\"},\"offers\":{\"@type\":\"Offer\",\"url\":\"https:\\\/\\\/droix.eu\\\/es\\\/product\\\/adaptador-de-corriente-55x21mm\\\/#wooCommerceOffer\",\"price\":10.6,\"priceCurrency\":\"EUR\",\"category\":\"Accesorios\",\"priceValidUntil\":\"2024-09-22\",\"availability\":\"https:\\\/\\\/schema.org\\\/OutOfStock\",\"priceSpecification\":{\"@type\":\"PriceSpecification\",\"price\":10.6,\"priceCurrency\":\"EUR\",\"valueAddedTaxIncluded\":\"true\"},\"seller\":{\"@type\":\"Organization\",\"@id\":\"https:\\\/\\\/droix.eu\\\/es\\\/#organization\"}}},{\"@type\":\"WebPage\",\"@id\":\"https:\\\/\\\/droix.eu\\\/es\\\/product\\\/adaptador-de-corriente-55x21mm\\\/#webpage\",\"url\":\"https:\\\/\\\/droix.eu\\\/es\\\/product\\\/adaptador-de-corriente-55x21mm\\\/\",\"name\":\"Adaptador de corriente (5,5\\u00d72,1mm) - DROIX EU\",\"description\":\"Este adaptador est\\u00e1 dise\\u00f1ado para su uso con DroiX iMXQpro Mini, iMXQpro modelo 2017, iMXQpro, X96 Max, H96 MAX X2, A95X Plus, T95Z Plus, T95Q, T95X2. Espec\\u00edficamente dise\\u00f1ado para la gama de dispositivos DroiX y otros que requieren un conector de 5,5\\\/2,1mm y 5V 2A para funcionar. Certificado CE, FCC y RoHS. El paquete incluye 1x Adaptador de corriente (5,5x2,1mm)\",\"inLanguage\":\"es-ES\",\"isPartOf\":{\"@id\":\"https:\\\/\\\/droix.eu\\\/es\\\/#website\"},\"breadcrumb\":{\"@id\":\"https:\\\/\\\/droix.eu\\\/es\\\/product\\\/adaptador-de-corriente-55x21mm\\\/#breadcrumblist\"},\"image\":{\"@type\":\"ImageObject\",\"url\":\"https:\\\/\\\/droix.eu\\\/wp-content\\\/uploads\\\/2021\\\/12\\\/sl1600.jpg\",\"@id\":\"https:\\\/\\\/droix.eu\\\/es\\\/product\\\/adaptador-de-corriente-55x21mm\\\/#mainImage\",\"width\":900,\"height\":900,\"caption\":\"Fuente de alimentaci\\u00f3n 5V-2A\"},\"primaryImageOfPage\":{\"@id\":\"https:\\\/\\\/droix.eu\\\/es\\\/product\\\/adaptador-de-corriente-55x21mm\\\/#mainImage\"},\"datePublished\":\"2014-11-18T04:15:05+00:00\",\"dateModified\":\"2025-09-05T15:20:04+01:00\"},{\"@type\":\"WebSite\",\"@id\":\"https:\\\/\\\/droix.eu\\\/es\\\/#website\",\"url\":\"https:\\\/\\\/droix.eu\\\/es\\\/\",\"name\":\"DROIX EU\",\"description\":\"Get the latest Mini PCs, Ultrabook, PC Gaming Handhelds and more!\",\"inLanguage\":\"es-ES\",\"publisher\":{\"@id\":\"https:\\\/\\\/droix.eu\\\/es\\\/#organization\"}}]}\n\t\t<\/script>\n\t\t<!-- All in One SEO Pro -->\r\n\t\t<title>Adaptador de corriente (5,5\u00d72,1mm) - DROIX EU<\/title>\n\n","aioseo_head_json":{"title":"Adaptador de corriente (5,5\u00d72,1mm) - DROIX EU","description":"Este adaptador est\u00e1 dise\u00f1ado para su uso con DroiX iMXQpro Mini, iMXQpro modelo 2017, iMXQpro, X96 Max, H96 MAX X2, A95X Plus, T95Z Plus, T95Q, T95X2. Espec\u00edficamente dise\u00f1ado para la gama de dispositivos DroiX y otros que requieren un conector de 5,5\/2,1mm y 5V 2A para funcionar. Certificado CE, FCC y RoHS. El paquete incluye 1x Adaptador de corriente (5,5x2,1mm)","canonical_url":"https:\/\/droix.eu\/es\/product\/adaptador-de-corriente-55x21mm\/","robots":"max-image-preview:large","keywords":"","webmasterTools":{"miscellaneous":""},"schema":{"@context":"https:\/\/schema.org","@graph":[{"@type":"BreadcrumbList","@id":"https:\/\/droix.eu\/es\/product\/adaptador-de-corriente-55x21mm\/#breadcrumblist","itemListElement":[{"@type":"ListItem","@id":"https:\/\/droix.eu\/es\/#listItem","position":1,"name":"Home","item":"https:\/\/droix.eu\/es\/","nextItem":{"@type":"ListItem","@id":"https:\/\/droix.eu\/es\/product-category\/accesorios\/#listItem","name":"Accesorios"}},{"@type":"ListItem","@id":"https:\/\/droix.eu\/es\/product-category\/accesorios\/#listItem","position":2,"name":"Accesorios","item":"https:\/\/droix.eu\/es\/product-category\/accesorios\/","nextItem":{"@type":"ListItem","@id":"https:\/\/droix.eu\/es\/product-category\/accesorios\/accesorios-para-decodificadores-android\/#listItem","name":"Accesorios para decodificadores Android"},"previousItem":{"@type":"ListItem","@id":"https:\/\/droix.eu\/es\/#listItem","name":"Home"}},{"@type":"ListItem","@id":"https:\/\/droix.eu\/es\/product-category\/accesorios\/accesorios-para-decodificadores-android\/#listItem","position":3,"name":"Accesorios para decodificadores Android","item":"https:\/\/droix.eu\/es\/product-category\/accesorios\/accesorios-para-decodificadores-android\/","nextItem":{"@type":"ListItem","@id":"https:\/\/droix.eu\/es\/product\/adaptador-de-corriente-55x21mm\/#listItem","name":"Adaptador de corriente (5,5&#215;2,1mm)"},"previousItem":{"@type":"ListItem","@id":"https:\/\/droix.eu\/es\/product-category\/accesorios\/#listItem","name":"Accesorios"}},{"@type":"ListItem","@id":"https:\/\/droix.eu\/es\/product\/adaptador-de-corriente-55x21mm\/#listItem","position":4,"name":"Adaptador de corriente (5,5&#215;2,1mm)","previousItem":{"@type":"ListItem","@id":"https:\/\/droix.eu\/es\/product-category\/accesorios\/accesorios-para-decodificadores-android\/#listItem","name":"Accesorios para decodificadores Android"}}]},{"@type":"Organization","@id":"https:\/\/droix.eu\/es\/#organization","name":"DroiX \u2013 Trusted EU Tech Retailer with 12+ Years Experience","description":"DroiX is a leading European technology retailer with over 12 years of experience, offering quality mini PCs, handheld gaming consoles, and tech accessories. We provide hassle-free EU delivery with all taxes included, ensuring a smooth and reliable shopping experience for our customers across Europe.","url":"https:\/\/droix.eu\/es\/","logo":{"@type":"ImageObject","url":"https:\/\/droix.eu\/wp-content\/uploads\/2024\/06\/droix-v2-light-logo.png","@id":"https:\/\/droix.eu\/es\/product\/adaptador-de-corriente-55x21mm\/#organizationLogo","width":380,"height":118},"image":{"@id":"https:\/\/droix.eu\/es\/product\/adaptador-de-corriente-55x21mm\/#organizationLogo"},"sameAs":["https:\/\/www.facebook.com\/DroiX.Store","https:\/\/twitter.com\/DroiX_Store","https:\/\/www.instagram.com\/droix.store\/","https:\/\/www.tiktok.com\/@droix.store","https:\/\/www.youtube.com\/c\/DroiX_Store","https:\/\/uk.linkedin.com\/company\/droix"]},{"@type":"Product","@id":"https:\/\/droix.eu\/es\/product\/adaptador-de-corriente-55x21mm\/#wooCommerceProduct","name":"Adaptador de corriente (5,5x2,1mm)","description":"Este adaptador est\u00e1 dise\u00f1ado para su uso con DroiX iMXQpro Mini, iMXQpro modelo 2017, iMXQpro, X96 Max, H96 MAX X2, A95X Plus, T95Z Plus, T95Q, T95X2.\nEspec\u00edficamente dise\u00f1ado para la gama de dispositivos DroiX y otros que requieren un conector de 5,5\/2,1mm y 5V 2A para funcionar.\nCertificado CE, FCC y RoHS.","url":"https:\/\/droix.eu\/es\/product\/adaptador-de-corriente-55x21mm\/","sku":"5V2A-5.5\/2.1-PSU","image":{"@type":"ImageObject","url":"https:\/\/droix.eu\/wp-content\/uploads\/2021\/12\/sl1600.jpg","@id":"https:\/\/droix.eu\/es\/product\/adaptador-de-corriente-55x21mm\/#productImage","width":900,"height":900,"caption":"Fuente de alimentaci\u00f3n 5V-2A"},"offers":{"@type":"Offer","url":"https:\/\/droix.eu\/es\/product\/adaptador-de-corriente-55x21mm\/#wooCommerceOffer","price":10.6,"priceCurrency":"EUR","category":"Accesorios","priceValidUntil":"2024-09-22","availability":"https:\/\/schema.org\/OutOfStock","priceSpecification":{"@type":"PriceSpecification","price":10.6,"priceCurrency":"EUR","valueAddedTaxIncluded":"true"},"seller":{"@type":"Organization","@id":"https:\/\/droix.eu\/es\/#organization"}}},{"@type":"WebPage","@id":"https:\/\/droix.eu\/es\/product\/adaptador-de-corriente-55x21mm\/#webpage","url":"https:\/\/droix.eu\/es\/product\/adaptador-de-corriente-55x21mm\/","name":"Adaptador de corriente (5,5\u00d72,1mm) - DROIX EU","description":"Este adaptador est\u00e1 dise\u00f1ado para su uso con DroiX iMXQpro Mini, iMXQpro modelo 2017, iMXQpro, X96 Max, H96 MAX X2, A95X Plus, T95Z Plus, T95Q, T95X2. Espec\u00edficamente dise\u00f1ado para la gama de dispositivos DroiX y otros que requieren un conector de 5,5\/2,1mm y 5V 2A para funcionar. Certificado CE, FCC y RoHS. El paquete incluye 1x Adaptador de corriente (5,5x2,1mm)","inLanguage":"es-ES","isPartOf":{"@id":"https:\/\/droix.eu\/es\/#website"},"breadcrumb":{"@id":"https:\/\/droix.eu\/es\/product\/adaptador-de-corriente-55x21mm\/#breadcrumblist"},"image":{"@type":"ImageObject","url":"https:\/\/droix.eu\/wp-content\/uploads\/2021\/12\/sl1600.jpg","@id":"https:\/\/droix.eu\/es\/product\/adaptador-de-corriente-55x21mm\/#mainImage","width":900,"height":900,"caption":"Fuente de alimentaci\u00f3n 5V-2A"},"primaryImageOfPage":{"@id":"https:\/\/droix.eu\/es\/product\/adaptador-de-corriente-55x21mm\/#mainImage"},"datePublished":"2014-11-18T04:15:05+00:00","dateModified":"2025-09-05T15:20:04+01:00"},{"@type":"WebSite","@id":"https:\/\/droix.eu\/es\/#website","url":"https:\/\/droix.eu\/es\/","name":"DROIX EU","description":"Get the latest Mini PCs, Ultrabook, PC Gaming Handhelds and more!","inLanguage":"es-ES","publisher":{"@id":"https:\/\/droix.eu\/es\/#organization"}}]},"og:locale":"es_ES","og:site_name":"DROIX EU - Get the latest Mini PCs, Ultrabook, PC Gaming Handhelds and more!","og:type":"article","og:title":"Adaptador de corriente (5,5\u00d72,1mm) - DROIX EU","og:description":"Este adaptador est\u00e1 dise\u00f1ado para su uso con DroiX iMXQpro Mini, iMXQpro modelo 2017, iMXQpro, X96 Max, H96 MAX X2, A95X Plus, T95Z Plus, T95Q, T95X2. Espec\u00edficamente dise\u00f1ado para la gama de dispositivos DroiX y otros que requieren un conector de 5,5\/2,1mm y 5V 2A para funcionar. Certificado CE, FCC y RoHS. El paquete incluye 1x Adaptador de corriente (5,5x2,1mm)","og:url":"https:\/\/droix.eu\/es\/product\/adaptador-de-corriente-55x21mm\/","og:image":"https:\/\/droix.eu\/wp-content\/uploads\/2024\/06\/droix-v2-light-logo.png","og:image:secure_url":"https:\/\/droix.eu\/wp-content\/uploads\/2024\/06\/droix-v2-light-logo.png","og:image:width":380,"og:image:height":118,"article:published_time":"2014-11-18T04:15:05+00:00","article:modified_time":"2025-09-05T14:20:04+00:00","article:publisher":"https:\/\/www.facebook.com\/DroiX.Store","twitter:card":"summary_large_image","twitter:site":"@DroiX_Store","twitter:title":"Adaptador de corriente (5,5\u00d72,1mm) - DROIX EU","twitter:description":"Este adaptador est\u00e1 dise\u00f1ado para su uso con DroiX iMXQpro Mini, iMXQpro modelo 2017, iMXQpro, X96 Max, H96 MAX X2, A95X Plus, T95Z Plus, T95Q, T95X2. Espec\u00edficamente dise\u00f1ado para la gama de dispositivos DroiX y otros que requieren un conector de 5,5\/2,1mm y 5V 2A para funcionar. Certificado CE, FCC y RoHS. El paquete incluye 1x Adaptador de corriente (5,5x2,1mm)","twitter:image":"https:\/\/droix.eu\/wp-content\/uploads\/2024\/06\/droix-v2-light-logo.png"},"aioseo_meta_data":{"post_id":"551507","title":null,"description":null,"keywords":null,"keyphrases":null,"primary_term":null,"canonical_url":null,"og_title":null,"og_description":null,"og_object_type":"default","og_image_type":"default","og_image_url":null,"og_image_width":null,"og_image_height":null,"og_image_custom_url":null,"og_image_custom_fields":null,"og_video":null,"og_custom_url":null,"og_article_section":null,"og_article_tags":null,"twitter_use_og":true,"twitter_card":"default","twitter_image_type":"default","twitter_image_url":null,"twitter_image_custom_url":null,"twitter_image_custom_fields":null,"twitter_title":null,"twitter_description":null,"schema":{"blockGraphs":[],"customGraphs":[],"default":{"data":{"Article":[],"Course":[],"Dataset":[],"FAQPage":[],"Movie":[],"Person":[],"Product":[],"ProductReview":[],"Car":[],"Recipe":[],"Service":[],"SoftwareApplication":[],"WebPage":[]},"graphName":"","isEnabled":true},"graphs":[]},"schema_type":"default","schema_type_options":null,"pillar_content":false,"robots_default":true,"robots_noindex":false,"robots_noarchive":false,"robots_nosnippet":false,"robots_nofollow":false,"robots_noimageindex":false,"robots_noodp":false,"robots_notranslate":false,"robots_max_snippet":null,"robots_max_videopreview":null,"robots_max_imagepreview":"large","priority":null,"frequency":null,"local_seo":null,"seo_analyzer_scan_date":"2025-10-24 07:01:06","breadcrumb_settings":null,"limit_modified_date":false,"reviewed_by":null,"open_ai":null,"ai":null,"created":"2025-10-09 03:16:28","updated":"2025-11-27 01:33:58"},"aioseo_breadcrumb":"<div class=\"aioseo-breadcrumbs\"><span class=\"aioseo-breadcrumb\">\n\t<a href=\"https:\/\/droix.eu\/es\/\" title=\"Home\">Home<\/a>\n<\/span><span class=\"aioseo-breadcrumb-separator\">&raquo;<\/span><span class=\"aioseo-breadcrumb\">\n\t<a href=\"https:\/\/droix.eu\/es\/product-category\/accesorios\/\" title=\"Accesorios\">Accesorios<\/a>\n<\/span><span class=\"aioseo-breadcrumb-separator\">&raquo;<\/span><span class=\"aioseo-breadcrumb\">\n\t<a href=\"https:\/\/droix.eu\/es\/product-category\/accesorios\/accesorios-para-decodificadores-android\/\" title=\"Accesorios para decodificadores Android\">Accesorios para decodificadores Android<\/a>\n<\/span><span class=\"aioseo-breadcrumb-separator\">&raquo;<\/span><span class=\"aioseo-breadcrumb\">\n\tAdaptador de corriente (5,5\u00d72,1mm)\n<\/span><\/div>","aioseo_breadcrumb_json":[{"label":"Home","link":"https:\/\/droix.eu\/es\/"},{"label":"Accesorios","link":"https:\/\/droix.eu\/es\/product-category\/accesorios\/"},{"label":"Accesorios para decodificadores Android","link":"https:\/\/droix.eu\/es\/product-category\/accesorios\/accesorios-para-decodificadores-android\/"},{"label":"Adaptador de corriente (5,5&#215;2,1mm)","link":"https:\/\/droix.eu\/es\/product\/adaptador-de-corriente-55x21mm\/"}],"_links":{"self":[{"href":"https:\/\/droix.eu\/es\/wp-json\/wp\/v2\/product\/551507","targetHints":{"allow":["GET"]}}],"collection":[{"href":"https:\/\/droix.eu\/es\/wp-json\/wp\/v2\/product"}],"about":[{"href":"https:\/\/droix.eu\/es\/wp-json\/wp\/v2\/types\/product"}],"version-history":[{"count":0,"href":"https:\/\/droix.eu\/es\/wp-json\/wp\/v2\/product\/551507\/revisions"}],"wp:featuredmedia":[{"embeddable":true,"href":"https:\/\/droix.eu\/es\/wp-json\/wp\/v2\/media\/196906"}],"wp:attachment":[{"href":"https:\/\/droix.eu\/es\/wp-json\/wp\/v2\/media?parent=551507"}],"wp:term":[{"taxonomy":"product_brand","embeddable":true,"href":"https:\/\/droix.eu\/es\/wp-json\/wp\/v2\/product_brand?post=551507"},{"taxonomy":"product_cat","embeddable":true,"href":"https:\/\/droix.eu\/es\/wp-json\/wp\/v2\/product_cat?post=551507"},{"taxonomy":"product_tag","embeddable":true,"href":"https:\/\/droix.eu\/es\/wp-json\/wp\/v2\/product_tag?post=551507"},{"taxonomy":"woo-feed-brand","embeddable":true,"href":"https:\/\/droix.eu\/es\/wp-json\/wp\/v2\/woo-feed-brand?post=551507"},{"taxonomy":"key-features","embeddable":true,"href":"https:\/\/droix.eu\/es\/wp-json\/wp\/v2\/key-features?post=551507"}],"curies":[{"name":"wp","href":"https:\/\/api.w.org\/{rel}","templated":true}]}}