{"id":551471,"date":"2020-11-20T10:02:39","date_gmt":"2020-11-20T10:02:39","guid":{"rendered":"https:\/\/droix.eu\/product\/concentrador-usb-tipo-c-fx8s\/"},"modified":"2025-09-05T15:17:51","modified_gmt":"2025-09-05T14:17:51","slug":"concentrador-usb-tipo-c-fx8s","status":"publish","type":"product","link":"https:\/\/droix.eu\/es\/product\/concentrador-usb-tipo-c-fx8s\/","title":{"rendered":"Concentrador USB Tipo C FX8S"},"content":{"rendered":"<p>El <strong>adaptador concentrador USB-C 8 en 1 FX8s<\/strong> re\u00fane los puertos com\u00fanmente requeridos en un <strong>concentrador USB-C<\/strong> compacto y de alto rendimiento.<\/p>\n<p>El <strong>hub USB-C<\/strong> FX8s se conecta a su puerto USB Type-C y tambi\u00e9n es compatible con <a href=\"https:\/\/www.pocket-lint.com\/laptops\/news\/139323-thunderbolt-3-explained-the-one-port-to-rule-them-all\">Thunderbolt 3<\/a>. Proporciona una pasarela de alta velocidad desde su dispositivo, como un PC o un port\u00e1til, al concentrador, y tambi\u00e9n permite la carga mientras se utiliza.<\/p>\n<p>El puerto <strong>HDMI del concentrador USB-C<\/strong> admite hasta <strong>4K*2K UHD<\/strong> (3840&#215;2160) a 60Hz para conectarse a dispositivos de visualizaci\u00f3n como televisores, monitores o proyectores. Simplemente conecte un cable HDMI al concentrador y a su pantalla, y estar\u00e1 listo para usar. <\/p>\n<p>Dos <strong>puertos USB 3.0<\/strong> de alta velocidad est\u00e1n ubicados en el lateral y permiten conectar dispositivos como un rat\u00f3n o teclado, o perif\u00e9ricos de alta velocidad como memorias USB y discos duros externos. Suministran hasta 4,5W de potencia m\u00e1xima. <\/p>\n<p>El <strong>puerto USB Tipo C<\/strong> hembra admite adaptadores de corriente de hasta 87W y tambi\u00e9n puede proporcionar 20V a 3A. La funcionalidad dual le permite cargar su dispositivo a trav\u00e9s del concentrador mientras lo utiliza, lo cual es una soluci\u00f3n perfecta si su dispositivo solo tiene un puerto Tipo C. Tambi\u00e9n puede conectar <a href=\"https:\/\/www.computerworld.com\/article\/2488194\/usb-c-explained-how-to-get-the-most-from-it-and-why-its-great.html\">perif\u00e9ricos Tipo C<\/a> compatibles al concentrador a trav\u00e9s de este puerto.  <\/p>\n<p>Actualmente, muchos dispositivos port\u00e1tiles s\u00f3lo tienen conectividad inal\u00e1mbrica y, a menudo, \u00e9sta puede no ser lo suficientemente r\u00e1pida o fiable. El puerto <strong>Ethernet<\/strong> RJ45 <strong>del concentrador USB-C<\/strong> admite hasta 100 Mbps para una transferencia de datos por cable r\u00e1pida y estable.<\/p>\n<p>El concentrador FX8s tambi\u00e9n tiene un <strong>lector de tarjetas USB-C<\/strong> SD y Micro SD que proporciona una escritura y lectura fiable y de alta velocidad desde y hacia las tarjetas a su dispositivo.<\/p>\n","protected":false},"excerpt":{"rendered":"<ul>\n<li>Adaptador USB Tipo C de <strong>Alta Velocidad<\/strong><\/li>\n<li>Salida HDMI <strong>4K<\/strong><\/li>\n<li>Puerto Ethernet RJ45 <strong>100M\/s<\/strong><\/li>\n<li>Ranura para Tarjetas SD\/MicroSD<\/li>\n<li>Compatible con <strong>Windows<\/strong>, <strong>Mac<\/strong> y <strong>Android<\/strong><\/li>\n<\/ul>\n[droix_global_accordions]\n[cg_accordion title=\"Package Includes\"]<\/p>\n<ul>\n<li>1x Concentrador USB Tipo C FX8S<\/li>\n<\/ul>\n<p>[\/cg_accordion]\n","protected":false},"featured_media":221135,"template":"","meta":{"_acf_changed":false},"product_brand":[],"product_cat":[13329,16866,13330,13373],"product_tag":[],"woo-feed-brand":[],"key-features":[],"class_list":{"0":"post-551471","1":"product","2":"type-product","3":"status-publish","4":"has-post-thumbnail","6":"product_cat-accesorios","7":"product_cat-accesorios-de-computador","8":"product_cat-accesorios-para-juegos","9":"product_cat-accesorios-para-portatiles","10":"product_shipping_class-low-end","11":"pa_accessory-type-docking-station","12":"pa_brands-droix-es","14":"first","15":"outofstock","16":"taxable","17":"shipping-taxable","18":"purchasable","19":"product-type-simple"},"acf":[],"aioseo_notices":[],"aioseo_head":"\n\t\t<!-- All in One SEO Pro 4.9.6.2 - aioseo.com -->\n\t<meta name=\"description\" content=\"Adaptador USB Tipo C de Alta Velocidad Salida HDMI 4K Puerto Ethernet RJ45 100M\/s Ranura para Tarjetas SD\/MicroSD Compatible con Windows, Mac y Android Package Includes 1x Concentrador USB Tipo C FX8S\" \/>\n\t<meta name=\"robots\" content=\"max-image-preview:large\" \/>\n\t<link rel=\"canonical\" href=\"https:\/\/droix.eu\/es\/product\/concentrador-usb-tipo-c-fx8s\/\" \/>\n\t<meta name=\"generator\" content=\"All in One SEO Pro (AIOSEO) 4.9.6.2\" \/>\n\t\t<meta property=\"og:locale\" content=\"es_ES\" \/>\n\t\t<meta property=\"og:site_name\" content=\"DROIX EU - Get the latest Mini PCs, Ultrabook, PC Gaming Handhelds and more!\" \/>\n\t\t<meta property=\"og:type\" content=\"article\" \/>\n\t\t<meta property=\"og:title\" content=\"Concentrador USB Tipo C FX8S - DROIX EU\" \/>\n\t\t<meta property=\"og:description\" content=\"Adaptador USB Tipo C de Alta Velocidad Salida HDMI 4K Puerto Ethernet RJ45 100M\/s Ranura para Tarjetas SD\/MicroSD Compatible con Windows, Mac y Android Package Includes 1x Concentrador USB Tipo C FX8S\" \/>\n\t\t<meta property=\"og:url\" content=\"https:\/\/droix.eu\/es\/product\/concentrador-usb-tipo-c-fx8s\/\" \/>\n\t\t<meta property=\"og:image\" content=\"https:\/\/droix.eu\/wp-content\/uploads\/2024\/06\/droix-v2-light-logo.png\" \/>\n\t\t<meta property=\"og:image:secure_url\" content=\"https:\/\/droix.eu\/wp-content\/uploads\/2024\/06\/droix-v2-light-logo.png\" \/>\n\t\t<meta property=\"og:image:width\" content=\"380\" \/>\n\t\t<meta property=\"og:image:height\" content=\"118\" \/>\n\t\t<meta property=\"article:published_time\" content=\"2020-11-20T10:02:39+00:00\" \/>\n\t\t<meta property=\"article:modified_time\" content=\"2025-09-05T14:17:51+00:00\" \/>\n\t\t<meta property=\"article:publisher\" content=\"https:\/\/www.facebook.com\/DroiX.Store\" \/>\n\t\t<meta name=\"twitter:card\" content=\"summary_large_image\" \/>\n\t\t<meta name=\"twitter:site\" content=\"@DroiX_Store\" \/>\n\t\t<meta name=\"twitter:title\" content=\"Concentrador USB Tipo C FX8S - DROIX EU\" \/>\n\t\t<meta name=\"twitter:description\" content=\"Adaptador USB Tipo C de Alta Velocidad Salida HDMI 4K Puerto Ethernet RJ45 100M\/s Ranura para Tarjetas SD\/MicroSD Compatible con Windows, Mac y Android Package Includes 1x Concentrador USB Tipo C FX8S\" \/>\n\t\t<meta name=\"twitter:image\" content=\"https:\/\/droix.eu\/wp-content\/uploads\/2024\/06\/droix-v2-light-logo.png\" \/>\n\t\t<script type=\"application\/ld+json\" class=\"aioseo-schema\">\n\t\t\t{\"@context\":\"https:\\\/\\\/schema.org\",\"@graph\":[{\"@type\":\"BreadcrumbList\",\"@id\":\"https:\\\/\\\/droix.eu\\\/es\\\/product\\\/concentrador-usb-tipo-c-fx8s\\\/#breadcrumblist\",\"itemListElement\":[{\"@type\":\"ListItem\",\"@id\":\"https:\\\/\\\/droix.eu\\\/es\\\/#listItem\",\"position\":1,\"name\":\"Home\",\"item\":\"https:\\\/\\\/droix.eu\\\/es\\\/\",\"nextItem\":{\"@type\":\"ListItem\",\"@id\":\"https:\\\/\\\/droix.eu\\\/es\\\/product-category\\\/accesorios\\\/#listItem\",\"name\":\"Accesorios\"}},{\"@type\":\"ListItem\",\"@id\":\"https:\\\/\\\/droix.eu\\\/es\\\/product-category\\\/accesorios\\\/#listItem\",\"position\":2,\"name\":\"Accesorios\",\"item\":\"https:\\\/\\\/droix.eu\\\/es\\\/product-category\\\/accesorios\\\/\",\"nextItem\":{\"@type\":\"ListItem\",\"@id\":\"https:\\\/\\\/droix.eu\\\/es\\\/product-category\\\/accesorios\\\/accesorios-para-juegos\\\/#listItem\",\"name\":\"Accesorios para juegos\"},\"previousItem\":{\"@type\":\"ListItem\",\"@id\":\"https:\\\/\\\/droix.eu\\\/es\\\/#listItem\",\"name\":\"Home\"}},{\"@type\":\"ListItem\",\"@id\":\"https:\\\/\\\/droix.eu\\\/es\\\/product-category\\\/accesorios\\\/accesorios-para-juegos\\\/#listItem\",\"position\":3,\"name\":\"Accesorios para juegos\",\"item\":\"https:\\\/\\\/droix.eu\\\/es\\\/product-category\\\/accesorios\\\/accesorios-para-juegos\\\/\",\"nextItem\":{\"@type\":\"ListItem\",\"@id\":\"https:\\\/\\\/droix.eu\\\/es\\\/product\\\/concentrador-usb-tipo-c-fx8s\\\/#listItem\",\"name\":\"Concentrador USB Tipo C FX8S\"},\"previousItem\":{\"@type\":\"ListItem\",\"@id\":\"https:\\\/\\\/droix.eu\\\/es\\\/product-category\\\/accesorios\\\/#listItem\",\"name\":\"Accesorios\"}},{\"@type\":\"ListItem\",\"@id\":\"https:\\\/\\\/droix.eu\\\/es\\\/product\\\/concentrador-usb-tipo-c-fx8s\\\/#listItem\",\"position\":4,\"name\":\"Concentrador USB Tipo C FX8S\",\"previousItem\":{\"@type\":\"ListItem\",\"@id\":\"https:\\\/\\\/droix.eu\\\/es\\\/product-category\\\/accesorios\\\/accesorios-para-juegos\\\/#listItem\",\"name\":\"Accesorios para juegos\"}}]},{\"@type\":\"Organization\",\"@id\":\"https:\\\/\\\/droix.eu\\\/es\\\/#organization\",\"name\":\"DroiX \\u2013 Trusted EU Tech Retailer with 12+ Years Experience\",\"description\":\"DroiX is a leading European technology retailer with over 12 years of experience, offering quality mini PCs, handheld gaming consoles, and tech accessories. We provide hassle-free EU delivery with all taxes included, ensuring a smooth and reliable shopping experience for our customers across Europe.\",\"url\":\"https:\\\/\\\/droix.eu\\\/es\\\/\",\"logo\":{\"@type\":\"ImageObject\",\"url\":\"https:\\\/\\\/droix.eu\\\/wp-content\\\/uploads\\\/2024\\\/06\\\/droix-v2-light-logo.png\",\"@id\":\"https:\\\/\\\/droix.eu\\\/es\\\/product\\\/concentrador-usb-tipo-c-fx8s\\\/#organizationLogo\",\"width\":380,\"height\":118},\"image\":{\"@id\":\"https:\\\/\\\/droix.eu\\\/es\\\/product\\\/concentrador-usb-tipo-c-fx8s\\\/#organizationLogo\"},\"sameAs\":[\"https:\\\/\\\/www.facebook.com\\\/DroiX.Store\",\"https:\\\/\\\/twitter.com\\\/DroiX_Store\",\"https:\\\/\\\/www.instagram.com\\\/droix.store\\\/\",\"https:\\\/\\\/www.tiktok.com\\\/@droix.store\",\"https:\\\/\\\/www.youtube.com\\\/c\\\/DroiX_Store\",\"https:\\\/\\\/uk.linkedin.com\\\/company\\\/droix\"]},{\"@type\":\"Product\",\"@id\":\"https:\\\/\\\/droix.eu\\\/es\\\/product\\\/concentrador-usb-tipo-c-fx8s\\\/#wooCommerceProduct\",\"name\":\"Concentrador USB Tipo C FX8S\",\"description\":\"Adaptador USB Tipo C de Alta Velocidad\\n \\tSalida HDMI 4K\\n \\tPuerto Ethernet RJ45 100M\\\/s\\n \\tRanura para Tarjetas SD\\\/MicroSD\\n \\tCompatible con Windows, Mac y Android\",\"url\":\"https:\\\/\\\/droix.eu\\\/es\\\/product\\\/concentrador-usb-tipo-c-fx8s\\\/\",\"sku\":\"DX-FX8-S-USB-TYPE-C-ADAPTER\",\"image\":{\"@type\":\"ImageObject\",\"url\":\"https:\\\/\\\/droix.eu\\\/wp-content\\\/uploads\\\/2021\\\/12\\\/1-2.png\",\"@id\":\"https:\\\/\\\/droix.eu\\\/es\\\/product\\\/concentrador-usb-tipo-c-fx8s\\\/#productImage\",\"width\":670,\"height\":840,\"caption\":\"DroiX FX8s - Mostrando 2 puertos USB Tipo C, 1 HDMI, 2 USB Tipo A, 1 ranura para tarjeta SD y 1 para MicroSD\"},\"offers\":{\"@type\":\"Offer\",\"url\":\"https:\\\/\\\/droix.eu\\\/es\\\/product\\\/concentrador-usb-tipo-c-fx8s\\\/#wooCommerceOffer\",\"price\":33.2,\"priceCurrency\":\"EUR\",\"category\":\"Accesorios\",\"priceValidUntil\":\"2024-05-26\",\"availability\":\"https:\\\/\\\/schema.org\\\/OutOfStock\",\"priceSpecification\":{\"@type\":\"PriceSpecification\",\"price\":33.2,\"priceCurrency\":\"EUR\",\"valueAddedTaxIncluded\":\"true\"},\"seller\":{\"@type\":\"Organization\",\"@id\":\"https:\\\/\\\/droix.eu\\\/es\\\/#organization\"}}},{\"@type\":\"WebPage\",\"@id\":\"https:\\\/\\\/droix.eu\\\/es\\\/product\\\/concentrador-usb-tipo-c-fx8s\\\/#webpage\",\"url\":\"https:\\\/\\\/droix.eu\\\/es\\\/product\\\/concentrador-usb-tipo-c-fx8s\\\/\",\"name\":\"Concentrador USB Tipo C FX8S - DROIX EU\",\"description\":\"Adaptador USB Tipo C de Alta Velocidad Salida HDMI 4K Puerto Ethernet RJ45 100M\\\/s Ranura para Tarjetas SD\\\/MicroSD Compatible con Windows, Mac y Android Package Includes 1x Concentrador USB Tipo C FX8S\",\"inLanguage\":\"es-ES\",\"isPartOf\":{\"@id\":\"https:\\\/\\\/droix.eu\\\/es\\\/#website\"},\"breadcrumb\":{\"@id\":\"https:\\\/\\\/droix.eu\\\/es\\\/product\\\/concentrador-usb-tipo-c-fx8s\\\/#breadcrumblist\"},\"image\":{\"@type\":\"ImageObject\",\"url\":\"https:\\\/\\\/droix.eu\\\/wp-content\\\/uploads\\\/2021\\\/12\\\/1-2.png\",\"@id\":\"https:\\\/\\\/droix.eu\\\/es\\\/product\\\/concentrador-usb-tipo-c-fx8s\\\/#mainImage\",\"width\":670,\"height\":840,\"caption\":\"DroiX FX8s - Mostrando 2 puertos USB Tipo C, 1 HDMI, 2 USB Tipo A, 1 ranura para tarjeta SD y 1 para MicroSD\"},\"primaryImageOfPage\":{\"@id\":\"https:\\\/\\\/droix.eu\\\/es\\\/product\\\/concentrador-usb-tipo-c-fx8s\\\/#mainImage\"},\"datePublished\":\"2020-11-20T10:02:39+00:00\",\"dateModified\":\"2025-09-05T15:17:51+01:00\"},{\"@type\":\"WebSite\",\"@id\":\"https:\\\/\\\/droix.eu\\\/es\\\/#website\",\"url\":\"https:\\\/\\\/droix.eu\\\/es\\\/\",\"name\":\"DROIX EU\",\"description\":\"Get the latest Mini PCs, Ultrabook, PC Gaming Handhelds and more!\",\"inLanguage\":\"es-ES\",\"publisher\":{\"@id\":\"https:\\\/\\\/droix.eu\\\/es\\\/#organization\"}}]}\n\t\t<\/script>\n\t\t<!-- All in One SEO Pro -->\r\n\t\t<title>Concentrador USB Tipo C FX8S - DROIX EU<\/title>\n\n","aioseo_head_json":{"title":"Concentrador USB Tipo C FX8S - DROIX EU","description":"Adaptador USB Tipo C de Alta Velocidad Salida HDMI 4K Puerto Ethernet RJ45 100M\/s Ranura para Tarjetas SD\/MicroSD Compatible con Windows, Mac y Android Package Includes 1x Concentrador USB Tipo C FX8S","canonical_url":"https:\/\/droix.eu\/es\/product\/concentrador-usb-tipo-c-fx8s\/","robots":"max-image-preview:large","keywords":"","webmasterTools":{"miscellaneous":""},"schema":{"@context":"https:\/\/schema.org","@graph":[{"@type":"BreadcrumbList","@id":"https:\/\/droix.eu\/es\/product\/concentrador-usb-tipo-c-fx8s\/#breadcrumblist","itemListElement":[{"@type":"ListItem","@id":"https:\/\/droix.eu\/es\/#listItem","position":1,"name":"Home","item":"https:\/\/droix.eu\/es\/","nextItem":{"@type":"ListItem","@id":"https:\/\/droix.eu\/es\/product-category\/accesorios\/#listItem","name":"Accesorios"}},{"@type":"ListItem","@id":"https:\/\/droix.eu\/es\/product-category\/accesorios\/#listItem","position":2,"name":"Accesorios","item":"https:\/\/droix.eu\/es\/product-category\/accesorios\/","nextItem":{"@type":"ListItem","@id":"https:\/\/droix.eu\/es\/product-category\/accesorios\/accesorios-para-juegos\/#listItem","name":"Accesorios para juegos"},"previousItem":{"@type":"ListItem","@id":"https:\/\/droix.eu\/es\/#listItem","name":"Home"}},{"@type":"ListItem","@id":"https:\/\/droix.eu\/es\/product-category\/accesorios\/accesorios-para-juegos\/#listItem","position":3,"name":"Accesorios para juegos","item":"https:\/\/droix.eu\/es\/product-category\/accesorios\/accesorios-para-juegos\/","nextItem":{"@type":"ListItem","@id":"https:\/\/droix.eu\/es\/product\/concentrador-usb-tipo-c-fx8s\/#listItem","name":"Concentrador USB Tipo C FX8S"},"previousItem":{"@type":"ListItem","@id":"https:\/\/droix.eu\/es\/product-category\/accesorios\/#listItem","name":"Accesorios"}},{"@type":"ListItem","@id":"https:\/\/droix.eu\/es\/product\/concentrador-usb-tipo-c-fx8s\/#listItem","position":4,"name":"Concentrador USB Tipo C FX8S","previousItem":{"@type":"ListItem","@id":"https:\/\/droix.eu\/es\/product-category\/accesorios\/accesorios-para-juegos\/#listItem","name":"Accesorios para juegos"}}]},{"@type":"Organization","@id":"https:\/\/droix.eu\/es\/#organization","name":"DroiX \u2013 Trusted EU Tech Retailer with 12+ Years Experience","description":"DroiX is a leading European technology retailer with over 12 years of experience, offering quality mini PCs, handheld gaming consoles, and tech accessories. We provide hassle-free EU delivery with all taxes included, ensuring a smooth and reliable shopping experience for our customers across Europe.","url":"https:\/\/droix.eu\/es\/","logo":{"@type":"ImageObject","url":"https:\/\/droix.eu\/wp-content\/uploads\/2024\/06\/droix-v2-light-logo.png","@id":"https:\/\/droix.eu\/es\/product\/concentrador-usb-tipo-c-fx8s\/#organizationLogo","width":380,"height":118},"image":{"@id":"https:\/\/droix.eu\/es\/product\/concentrador-usb-tipo-c-fx8s\/#organizationLogo"},"sameAs":["https:\/\/www.facebook.com\/DroiX.Store","https:\/\/twitter.com\/DroiX_Store","https:\/\/www.instagram.com\/droix.store\/","https:\/\/www.tiktok.com\/@droix.store","https:\/\/www.youtube.com\/c\/DroiX_Store","https:\/\/uk.linkedin.com\/company\/droix"]},{"@type":"Product","@id":"https:\/\/droix.eu\/es\/product\/concentrador-usb-tipo-c-fx8s\/#wooCommerceProduct","name":"Concentrador USB Tipo C FX8S","description":"Adaptador USB Tipo C de Alta Velocidad\n \tSalida HDMI 4K\n \tPuerto Ethernet RJ45 100M\/s\n \tRanura para Tarjetas SD\/MicroSD\n \tCompatible con Windows, Mac y Android","url":"https:\/\/droix.eu\/es\/product\/concentrador-usb-tipo-c-fx8s\/","sku":"DX-FX8-S-USB-TYPE-C-ADAPTER","image":{"@type":"ImageObject","url":"https:\/\/droix.eu\/wp-content\/uploads\/2021\/12\/1-2.png","@id":"https:\/\/droix.eu\/es\/product\/concentrador-usb-tipo-c-fx8s\/#productImage","width":670,"height":840,"caption":"DroiX FX8s - Mostrando 2 puertos USB Tipo C, 1 HDMI, 2 USB Tipo A, 1 ranura para tarjeta SD y 1 para MicroSD"},"offers":{"@type":"Offer","url":"https:\/\/droix.eu\/es\/product\/concentrador-usb-tipo-c-fx8s\/#wooCommerceOffer","price":33.2,"priceCurrency":"EUR","category":"Accesorios","priceValidUntil":"2024-05-26","availability":"https:\/\/schema.org\/OutOfStock","priceSpecification":{"@type":"PriceSpecification","price":33.2,"priceCurrency":"EUR","valueAddedTaxIncluded":"true"},"seller":{"@type":"Organization","@id":"https:\/\/droix.eu\/es\/#organization"}}},{"@type":"WebPage","@id":"https:\/\/droix.eu\/es\/product\/concentrador-usb-tipo-c-fx8s\/#webpage","url":"https:\/\/droix.eu\/es\/product\/concentrador-usb-tipo-c-fx8s\/","name":"Concentrador USB Tipo C FX8S - DROIX EU","description":"Adaptador USB Tipo C de Alta Velocidad Salida HDMI 4K Puerto Ethernet RJ45 100M\/s Ranura para Tarjetas SD\/MicroSD Compatible con Windows, Mac y Android Package Includes 1x Concentrador USB Tipo C FX8S","inLanguage":"es-ES","isPartOf":{"@id":"https:\/\/droix.eu\/es\/#website"},"breadcrumb":{"@id":"https:\/\/droix.eu\/es\/product\/concentrador-usb-tipo-c-fx8s\/#breadcrumblist"},"image":{"@type":"ImageObject","url":"https:\/\/droix.eu\/wp-content\/uploads\/2021\/12\/1-2.png","@id":"https:\/\/droix.eu\/es\/product\/concentrador-usb-tipo-c-fx8s\/#mainImage","width":670,"height":840,"caption":"DroiX FX8s - Mostrando 2 puertos USB Tipo C, 1 HDMI, 2 USB Tipo A, 1 ranura para tarjeta SD y 1 para MicroSD"},"primaryImageOfPage":{"@id":"https:\/\/droix.eu\/es\/product\/concentrador-usb-tipo-c-fx8s\/#mainImage"},"datePublished":"2020-11-20T10:02:39+00:00","dateModified":"2025-09-05T15:17:51+01:00"},{"@type":"WebSite","@id":"https:\/\/droix.eu\/es\/#website","url":"https:\/\/droix.eu\/es\/","name":"DROIX EU","description":"Get the latest Mini PCs, Ultrabook, PC Gaming Handhelds and more!","inLanguage":"es-ES","publisher":{"@id":"https:\/\/droix.eu\/es\/#organization"}}]},"og:locale":"es_ES","og:site_name":"DROIX EU - Get the latest Mini PCs, Ultrabook, PC Gaming Handhelds and more!","og:type":"article","og:title":"Concentrador USB Tipo C FX8S - DROIX EU","og:description":"Adaptador USB Tipo C de Alta Velocidad Salida HDMI 4K Puerto Ethernet RJ45 100M\/s Ranura para Tarjetas SD\/MicroSD Compatible con Windows, Mac y Android Package Includes 1x Concentrador USB Tipo C FX8S","og:url":"https:\/\/droix.eu\/es\/product\/concentrador-usb-tipo-c-fx8s\/","og:image":"https:\/\/droix.eu\/wp-content\/uploads\/2024\/06\/droix-v2-light-logo.png","og:image:secure_url":"https:\/\/droix.eu\/wp-content\/uploads\/2024\/06\/droix-v2-light-logo.png","og:image:width":380,"og:image:height":118,"article:published_time":"2020-11-20T10:02:39+00:00","article:modified_time":"2025-09-05T14:17:51+00:00","article:publisher":"https:\/\/www.facebook.com\/DroiX.Store","twitter:card":"summary_large_image","twitter:site":"@DroiX_Store","twitter:title":"Concentrador USB Tipo C FX8S - DROIX EU","twitter:description":"Adaptador USB Tipo C de Alta Velocidad Salida HDMI 4K Puerto Ethernet RJ45 100M\/s Ranura para Tarjetas SD\/MicroSD Compatible con Windows, Mac y Android Package Includes 1x Concentrador USB Tipo C FX8S","twitter:image":"https:\/\/droix.eu\/wp-content\/uploads\/2024\/06\/droix-v2-light-logo.png"},"aioseo_meta_data":{"post_id":"551471","title":null,"description":null,"keywords":null,"keyphrases":null,"primary_term":null,"canonical_url":null,"og_title":null,"og_description":null,"og_object_type":"default","og_image_type":"default","og_image_url":null,"og_image_width":null,"og_image_height":null,"og_image_custom_url":null,"og_image_custom_fields":null,"og_video":null,"og_custom_url":null,"og_article_section":null,"og_article_tags":null,"twitter_use_og":true,"twitter_card":"default","twitter_image_type":"default","twitter_image_url":null,"twitter_image_custom_url":null,"twitter_image_custom_fields":null,"twitter_title":null,"twitter_description":null,"schema":{"blockGraphs":[],"customGraphs":[],"default":{"data":{"Article":[],"Course":[],"Dataset":[],"FAQPage":[],"Movie":[],"Person":[],"Product":[],"ProductReview":[],"Car":[],"Recipe":[],"Service":[],"SoftwareApplication":[],"WebPage":[]},"graphName":"","isEnabled":true},"graphs":[]},"schema_type":"default","schema_type_options":null,"pillar_content":false,"robots_default":true,"robots_noindex":false,"robots_noarchive":false,"robots_nosnippet":false,"robots_nofollow":false,"robots_noimageindex":false,"robots_noodp":false,"robots_notranslate":false,"robots_max_snippet":null,"robots_max_videopreview":null,"robots_max_imagepreview":"large","priority":null,"frequency":null,"local_seo":null,"seo_analyzer_scan_date":"2025-10-24 07:59:50","breadcrumb_settings":null,"limit_modified_date":false,"reviewed_by":null,"open_ai":null,"ai":null,"created":"2025-10-09 03:29:38","updated":"2025-11-27 01:40:54"},"aioseo_breadcrumb":"<div class=\"aioseo-breadcrumbs\"><span class=\"aioseo-breadcrumb\">\n\t<a href=\"https:\/\/droix.eu\/es\/\" title=\"Home\">Home<\/a>\n<\/span><span class=\"aioseo-breadcrumb-separator\">&raquo;<\/span><span class=\"aioseo-breadcrumb\">\n\t<a href=\"https:\/\/droix.eu\/es\/product-category\/accesorios\/\" title=\"Accesorios\">Accesorios<\/a>\n<\/span><span class=\"aioseo-breadcrumb-separator\">&raquo;<\/span><span class=\"aioseo-breadcrumb\">\n\t<a href=\"https:\/\/droix.eu\/es\/product-category\/accesorios\/accesorios-para-juegos\/\" title=\"Accesorios para juegos\">Accesorios para juegos<\/a>\n<\/span><span class=\"aioseo-breadcrumb-separator\">&raquo;<\/span><span class=\"aioseo-breadcrumb\">\n\tConcentrador USB Tipo C FX8S\n<\/span><\/div>","aioseo_breadcrumb_json":[{"label":"Home","link":"https:\/\/droix.eu\/es\/"},{"label":"Accesorios","link":"https:\/\/droix.eu\/es\/product-category\/accesorios\/"},{"label":"Accesorios para juegos","link":"https:\/\/droix.eu\/es\/product-category\/accesorios\/accesorios-para-juegos\/"},{"label":"Concentrador USB Tipo C FX8S","link":"https:\/\/droix.eu\/es\/product\/concentrador-usb-tipo-c-fx8s\/"}],"_links":{"self":[{"href":"https:\/\/droix.eu\/es\/wp-json\/wp\/v2\/product\/551471","targetHints":{"allow":["GET"]}}],"collection":[{"href":"https:\/\/droix.eu\/es\/wp-json\/wp\/v2\/product"}],"about":[{"href":"https:\/\/droix.eu\/es\/wp-json\/wp\/v2\/types\/product"}],"version-history":[{"count":0,"href":"https:\/\/droix.eu\/es\/wp-json\/wp\/v2\/product\/551471\/revisions"}],"wp:featuredmedia":[{"embeddable":true,"href":"https:\/\/droix.eu\/es\/wp-json\/wp\/v2\/media\/221135"}],"wp:attachment":[{"href":"https:\/\/droix.eu\/es\/wp-json\/wp\/v2\/media?parent=551471"}],"wp:term":[{"taxonomy":"product_brand","embeddable":true,"href":"https:\/\/droix.eu\/es\/wp-json\/wp\/v2\/product_brand?post=551471"},{"taxonomy":"product_cat","embeddable":true,"href":"https:\/\/droix.eu\/es\/wp-json\/wp\/v2\/product_cat?post=551471"},{"taxonomy":"product_tag","embeddable":true,"href":"https:\/\/droix.eu\/es\/wp-json\/wp\/v2\/product_tag?post=551471"},{"taxonomy":"woo-feed-brand","embeddable":true,"href":"https:\/\/droix.eu\/es\/wp-json\/wp\/v2\/woo-feed-brand?post=551471"},{"taxonomy":"key-features","embeddable":true,"href":"https:\/\/droix.eu\/es\/wp-json\/wp\/v2\/key-features?post=551471"}],"curies":[{"name":"wp","href":"https:\/\/api.w.org\/{rel}","templated":true}]}}