{"id":551448,"date":"2020-11-17T11:23:03","date_gmt":"2020-11-17T11:23:03","guid":{"rendered":"https:\/\/droix.eu\/product\/droix-g10s-raton-aereo-retroiluminado-con-control-de-voz\/"},"modified":"2026-01-22T14:41:14","modified_gmt":"2026-01-22T14:41:14","slug":"droix-g10s-raton-aereo-retroiluminado-con-control-de-voz","status":"publish","type":"product","link":"https:\/\/droix.eu\/es\/product\/droix-g10s-raton-aereo-retroiluminado-con-control-de-voz\/","title":{"rendered":"DroiX G10S Rat\u00f3n A\u00e9reo Retroiluminado con Control de Voz"},"content":{"rendered":"<p><span data-contrast=\"none\">El popular rat\u00f3n a\u00e9reo DroiX G10 regresa en su m\u00e1s reciente iteraci\u00f3n, el <strong>G10S<\/strong>!<\/span><span data-ccp-props=\"{\">&nbsp;<\/span><\/p>\n<p><span data-contrast=\"none\">Utilizando el sensor <strong>girosc\u00f3pico<\/strong> integrado de alta calidad, \u00a1controle con precisi\u00f3n y facilidad el rat\u00f3n de su dispositivo desde metros de distancia!<\/span><span data-ccp-props=\"{\">&nbsp;<\/span><\/p>\n<p><span data-contrast=\"none\">\u00bfNo te apetece agitar la mano? No hay problema. Con el&nbsp;<\/span><strong>micr\u00f3fono<\/strong><span data-contrast=\"none\"><strong> incorporado<\/strong>, \u00a1dicte sus palabras en lugar de escribirlas a trav\u00e9s de diversas aplicaciones habilitadas para voz!<\/span><span data-ccp-props=\"{\">&nbsp;<\/span><\/p>\n<p><span data-contrast=\"none\">Presentando el mismo factor de forma que su predecesor, con solo 143*45*29mm, \u00a1el G10S literalmente cabe en la palma de su mano!<\/span><span data-ccp-props=\"{\">&nbsp;<\/span><\/p>\n<p><span data-contrast=\"none\">La caracter\u00edstica destacada del G10S es la inclusi\u00f3n de una <strong>retroiluminaci\u00f3n<\/strong> debajo de los botones, \u00a1lo que facilita significativamente su uso en entornos de baja luminosidad!<\/span><span data-ccp-props=\"{\">&nbsp;<\/span><\/p>\n","protected":false},"excerpt":{"rendered":"<ul>\n<li>Conectividad <strong>Inal\u00e1mbrica<\/strong> de 2.4GHz<\/li>\n<li>Funciona con pilas AAA.<\/li>\n<li>Botones <strong>retroiluminados<\/strong><\/li>\n<li><strong>Micr\u00f3fono incorporado<\/strong><\/li>\n<li>Dise\u00f1o ergon\u00f3mico y ligero.<\/li>\n<\/ul>\n[droix_global_accordions]\n[cg_accordion title=\"El paquete incluye\"]<\/p>\n<ul>\n<li>1x Rat\u00f3n A\u00e9reo DroiX G10S\n<li>1x Dongle USB RF de 2.4Ghz<\/li>\n<li>1x Manual del usuario<\/li>\n<\/ul>\n<p>[\/cg_accordion]\n","protected":false},"featured_media":220353,"template":"","meta":{"_acf_changed":false},"product_brand":[],"product_cat":[13329,39251],"product_tag":[],"woo-feed-brand":[],"key-features":[],"class_list":{"0":"post-551448","1":"product","2":"type-product","3":"status-publish","4":"has-post-thumbnail","6":"product_cat-accesorios","7":"product_cat-accesorios-para-decodificadores-android","8":"product_shipping_class-low-end","9":"pa_brands-droix-es","10":"pa_compatibility-android-es","11":"pa_compatibility-windows-es","13":"first","14":"outofstock","15":"sale","16":"taxable","17":"shipping-taxable","18":"purchasable","19":"product-type-simple"},"acf":[],"aioseo_notices":[],"aioseo_head":"\n\t\t<!-- All in One SEO Pro 4.9.5.2 - aioseo.com -->\n\t<meta name=\"description\" content=\"Conectividad Inal\u00e1mbrica de 2.4GHz Funciona con pilas AAA. Botones retroiluminados Micr\u00f3fono incorporado Dise\u00f1o ergon\u00f3mico y ligero. El paquete incluye 1x Rat\u00f3n A\u00e9reo DroiX G10S 1x Dongle USB RF de 2.4Ghz 1x Manual del usuario\" \/>\n\t<meta name=\"robots\" content=\"max-image-preview:large\" \/>\n\t<link rel=\"canonical\" href=\"https:\/\/droix.eu\/es\/product\/droix-g10s-raton-aereo-retroiluminado-con-control-de-voz\/\" \/>\n\t<meta name=\"generator\" content=\"All in One SEO Pro (AIOSEO) 4.9.5.2\" \/>\n\t\t<meta property=\"og:locale\" content=\"es_ES\" \/>\n\t\t<meta property=\"og:site_name\" content=\"DROIX EU - Get the latest Mini PCs, Ultrabook, PC Gaming Handhelds and more!\" \/>\n\t\t<meta property=\"og:type\" content=\"article\" \/>\n\t\t<meta property=\"og:title\" content=\"DroiX G10S Rat\u00f3n A\u00e9reo Retroiluminado con Control de Voz - DROIX EU\" \/>\n\t\t<meta property=\"og:description\" content=\"Conectividad Inal\u00e1mbrica de 2.4GHz Funciona con pilas AAA. Botones retroiluminados Micr\u00f3fono incorporado Dise\u00f1o ergon\u00f3mico y ligero. El paquete incluye 1x Rat\u00f3n A\u00e9reo DroiX G10S 1x Dongle USB RF de 2.4Ghz 1x Manual del usuario\" \/>\n\t\t<meta property=\"og:url\" content=\"https:\/\/droix.eu\/es\/product\/droix-g10s-raton-aereo-retroiluminado-con-control-de-voz\/\" \/>\n\t\t<meta property=\"og:image\" content=\"https:\/\/droix.eu\/wp-content\/uploads\/2024\/06\/droix-v2-light-logo.png\" \/>\n\t\t<meta property=\"og:image:secure_url\" content=\"https:\/\/droix.eu\/wp-content\/uploads\/2024\/06\/droix-v2-light-logo.png\" \/>\n\t\t<meta property=\"og:image:width\" content=\"380\" \/>\n\t\t<meta property=\"og:image:height\" content=\"118\" \/>\n\t\t<meta property=\"article:published_time\" content=\"2020-11-17T11:23:03+00:00\" \/>\n\t\t<meta property=\"article:modified_time\" content=\"2026-01-22T14:41:14+00:00\" \/>\n\t\t<meta property=\"article:publisher\" content=\"https:\/\/www.facebook.com\/DroiX.Store\" \/>\n\t\t<meta name=\"twitter:card\" content=\"summary_large_image\" \/>\n\t\t<meta name=\"twitter:site\" content=\"@DroiX_Store\" \/>\n\t\t<meta name=\"twitter:title\" content=\"DroiX G10S Rat\u00f3n A\u00e9reo Retroiluminado con Control de Voz - DROIX EU\" \/>\n\t\t<meta name=\"twitter:description\" content=\"Conectividad Inal\u00e1mbrica de 2.4GHz Funciona con pilas AAA. Botones retroiluminados Micr\u00f3fono incorporado Dise\u00f1o ergon\u00f3mico y ligero. El paquete incluye 1x Rat\u00f3n A\u00e9reo DroiX G10S 1x Dongle USB RF de 2.4Ghz 1x Manual del usuario\" \/>\n\t\t<meta name=\"twitter:image\" content=\"https:\/\/droix.eu\/wp-content\/uploads\/2024\/06\/droix-v2-light-logo.png\" \/>\n\t\t<script type=\"application\/ld+json\" class=\"aioseo-schema\">\n\t\t\t{\"@context\":\"https:\\\/\\\/schema.org\",\"@graph\":[{\"@type\":\"BreadcrumbList\",\"@id\":\"https:\\\/\\\/droix.eu\\\/es\\\/product\\\/droix-g10s-raton-aereo-retroiluminado-con-control-de-voz\\\/#breadcrumblist\",\"itemListElement\":[{\"@type\":\"ListItem\",\"@id\":\"https:\\\/\\\/droix.eu\\\/es\\\/#listItem\",\"position\":1,\"name\":\"Home\",\"item\":\"https:\\\/\\\/droix.eu\\\/es\\\/\",\"nextItem\":{\"@type\":\"ListItem\",\"@id\":\"https:\\\/\\\/droix.eu\\\/es\\\/product-category\\\/accesorios\\\/#listItem\",\"name\":\"Accesorios\"}},{\"@type\":\"ListItem\",\"@id\":\"https:\\\/\\\/droix.eu\\\/es\\\/product-category\\\/accesorios\\\/#listItem\",\"position\":2,\"name\":\"Accesorios\",\"item\":\"https:\\\/\\\/droix.eu\\\/es\\\/product-category\\\/accesorios\\\/\",\"nextItem\":{\"@type\":\"ListItem\",\"@id\":\"https:\\\/\\\/droix.eu\\\/es\\\/product-category\\\/accesorios\\\/accesorios-para-decodificadores-android\\\/#listItem\",\"name\":\"Accesorios para decodificadores Android\"},\"previousItem\":{\"@type\":\"ListItem\",\"@id\":\"https:\\\/\\\/droix.eu\\\/es\\\/#listItem\",\"name\":\"Home\"}},{\"@type\":\"ListItem\",\"@id\":\"https:\\\/\\\/droix.eu\\\/es\\\/product-category\\\/accesorios\\\/accesorios-para-decodificadores-android\\\/#listItem\",\"position\":3,\"name\":\"Accesorios para decodificadores Android\",\"item\":\"https:\\\/\\\/droix.eu\\\/es\\\/product-category\\\/accesorios\\\/accesorios-para-decodificadores-android\\\/\",\"nextItem\":{\"@type\":\"ListItem\",\"@id\":\"https:\\\/\\\/droix.eu\\\/es\\\/product\\\/droix-g10s-raton-aereo-retroiluminado-con-control-de-voz\\\/#listItem\",\"name\":\"DroiX G10S Rat\\u00f3n A\\u00e9reo Retroiluminado con Control de Voz\"},\"previousItem\":{\"@type\":\"ListItem\",\"@id\":\"https:\\\/\\\/droix.eu\\\/es\\\/product-category\\\/accesorios\\\/#listItem\",\"name\":\"Accesorios\"}},{\"@type\":\"ListItem\",\"@id\":\"https:\\\/\\\/droix.eu\\\/es\\\/product\\\/droix-g10s-raton-aereo-retroiluminado-con-control-de-voz\\\/#listItem\",\"position\":4,\"name\":\"DroiX G10S Rat\\u00f3n A\\u00e9reo Retroiluminado con Control de Voz\",\"previousItem\":{\"@type\":\"ListItem\",\"@id\":\"https:\\\/\\\/droix.eu\\\/es\\\/product-category\\\/accesorios\\\/accesorios-para-decodificadores-android\\\/#listItem\",\"name\":\"Accesorios para decodificadores Android\"}}]},{\"@type\":\"Organization\",\"@id\":\"https:\\\/\\\/droix.eu\\\/es\\\/#organization\",\"name\":\"DroiX \\u2013 Trusted EU Tech Retailer with 12+ Years Experience\",\"description\":\"DroiX is a leading European technology retailer with over 12 years of experience, offering quality mini PCs, handheld gaming consoles, and tech accessories. We provide hassle-free EU delivery with all taxes included, ensuring a smooth and reliable shopping experience for our customers across Europe.\",\"url\":\"https:\\\/\\\/droix.eu\\\/es\\\/\",\"logo\":{\"@type\":\"ImageObject\",\"url\":\"https:\\\/\\\/droix.eu\\\/wp-content\\\/uploads\\\/2024\\\/06\\\/droix-v2-light-logo.png\",\"@id\":\"https:\\\/\\\/droix.eu\\\/es\\\/product\\\/droix-g10s-raton-aereo-retroiluminado-con-control-de-voz\\\/#organizationLogo\",\"width\":380,\"height\":118},\"image\":{\"@id\":\"https:\\\/\\\/droix.eu\\\/es\\\/product\\\/droix-g10s-raton-aereo-retroiluminado-con-control-de-voz\\\/#organizationLogo\"},\"sameAs\":[\"https:\\\/\\\/www.facebook.com\\\/DroiX.Store\",\"https:\\\/\\\/twitter.com\\\/DroiX_Store\",\"https:\\\/\\\/www.instagram.com\\\/droix.store\\\/\",\"https:\\\/\\\/www.tiktok.com\\\/@droix.store\",\"https:\\\/\\\/www.youtube.com\\\/c\\\/DroiX_Store\",\"https:\\\/\\\/uk.linkedin.com\\\/company\\\/droix\"]},{\"@type\":\"Product\",\"@id\":\"https:\\\/\\\/droix.eu\\\/es\\\/product\\\/droix-g10s-raton-aereo-retroiluminado-con-control-de-voz\\\/#wooCommerceProduct\",\"name\":\"DroiX G10S Rat\\u00f3n A\\u00e9reo Retroiluminado con Control de Voz\",\"description\":\"Conectividad Inal\\u00e1mbrica de 2.4GHz\\n \\tFunciona con pilas AAA.\\n \\tBotones retroiluminados\\n \\tMicr\\u00f3fono incorporado\\n \\tDise\\u00f1o ergon\\u00f3mico y ligero.\",\"url\":\"https:\\\/\\\/droix.eu\\\/es\\\/product\\\/droix-g10s-raton-aereo-retroiluminado-con-control-de-voz\\\/\",\"sku\":\"DROIX-G10S\",\"gtin\":\"5060763670440\",\"image\":{\"@type\":\"ImageObject\",\"url\":\"https:\\\/\\\/droix.eu\\\/wp-content\\\/uploads\\\/2021\\\/12\\\/G10S-LISTING-PICTURE-1.png\",\"@id\":\"https:\\\/\\\/droix.eu\\\/es\\\/product\\\/droix-g10s-raton-aereo-retroiluminado-con-control-de-voz\\\/#productImage\",\"width\":1000,\"height\":1000,\"caption\":\"DroiX G10S Backlit Air-Mouse - Mostrado de frente\"},\"offers\":{\"@type\":\"Offer\",\"url\":\"https:\\\/\\\/droix.eu\\\/es\\\/product\\\/droix-g10s-raton-aereo-retroiluminado-con-control-de-voz\\\/#wooCommerceOffer\",\"price\":11.01,\"priceCurrency\":\"EUR\",\"category\":\"Accesorios\",\"availability\":\"https:\\\/\\\/schema.org\\\/OutOfStock\",\"priceSpecification\":{\"@type\":\"PriceSpecification\",\"price\":11.01,\"priceCurrency\":\"EUR\",\"valueAddedTaxIncluded\":\"true\"},\"seller\":{\"@type\":\"Organization\",\"@id\":\"https:\\\/\\\/droix.eu\\\/es\\\/#organization\"}}},{\"@type\":\"WebPage\",\"@id\":\"https:\\\/\\\/droix.eu\\\/es\\\/product\\\/droix-g10s-raton-aereo-retroiluminado-con-control-de-voz\\\/#webpage\",\"url\":\"https:\\\/\\\/droix.eu\\\/es\\\/product\\\/droix-g10s-raton-aereo-retroiluminado-con-control-de-voz\\\/\",\"name\":\"DroiX G10S Rat\\u00f3n A\\u00e9reo Retroiluminado con Control de Voz - DROIX EU\",\"description\":\"Conectividad Inal\\u00e1mbrica de 2.4GHz Funciona con pilas AAA. Botones retroiluminados Micr\\u00f3fono incorporado Dise\\u00f1o ergon\\u00f3mico y ligero. El paquete incluye 1x Rat\\u00f3n A\\u00e9reo DroiX G10S 1x Dongle USB RF de 2.4Ghz 1x Manual del usuario\",\"inLanguage\":\"es-ES\",\"isPartOf\":{\"@id\":\"https:\\\/\\\/droix.eu\\\/es\\\/#website\"},\"breadcrumb\":{\"@id\":\"https:\\\/\\\/droix.eu\\\/es\\\/product\\\/droix-g10s-raton-aereo-retroiluminado-con-control-de-voz\\\/#breadcrumblist\"},\"image\":{\"@type\":\"ImageObject\",\"url\":\"https:\\\/\\\/droix.eu\\\/wp-content\\\/uploads\\\/2021\\\/12\\\/G10S-LISTING-PICTURE-1.png\",\"@id\":\"https:\\\/\\\/droix.eu\\\/es\\\/product\\\/droix-g10s-raton-aereo-retroiluminado-con-control-de-voz\\\/#mainImage\",\"width\":1000,\"height\":1000,\"caption\":\"DroiX G10S Backlit Air-Mouse - Mostrado de frente\"},\"primaryImageOfPage\":{\"@id\":\"https:\\\/\\\/droix.eu\\\/es\\\/product\\\/droix-g10s-raton-aereo-retroiluminado-con-control-de-voz\\\/#mainImage\"},\"datePublished\":\"2020-11-17T11:23:03+00:00\",\"dateModified\":\"2026-01-22T14:41:14+00:00\"},{\"@type\":\"WebSite\",\"@id\":\"https:\\\/\\\/droix.eu\\\/es\\\/#website\",\"url\":\"https:\\\/\\\/droix.eu\\\/es\\\/\",\"name\":\"DROIX EU\",\"description\":\"Get the latest Mini PCs, Ultrabook, PC Gaming Handhelds and more!\",\"inLanguage\":\"es-ES\",\"publisher\":{\"@id\":\"https:\\\/\\\/droix.eu\\\/es\\\/#organization\"}}]}\n\t\t<\/script>\n\t\t<!-- All in One SEO Pro -->\r\n\t\t<title>DroiX G10S Rat\u00f3n A\u00e9reo Retroiluminado con Control de Voz - DROIX EU<\/title>\n\n","aioseo_head_json":{"title":"DroiX G10S Rat\u00f3n A\u00e9reo Retroiluminado con Control de Voz - DROIX EU","description":"Conectividad Inal\u00e1mbrica de 2.4GHz Funciona con pilas AAA. Botones retroiluminados Micr\u00f3fono incorporado Dise\u00f1o ergon\u00f3mico y ligero. El paquete incluye 1x Rat\u00f3n A\u00e9reo DroiX G10S 1x Dongle USB RF de 2.4Ghz 1x Manual del usuario","canonical_url":"https:\/\/droix.eu\/es\/product\/droix-g10s-raton-aereo-retroiluminado-con-control-de-voz\/","robots":"max-image-preview:large","keywords":"","webmasterTools":{"miscellaneous":""},"schema":{"@context":"https:\/\/schema.org","@graph":[{"@type":"BreadcrumbList","@id":"https:\/\/droix.eu\/es\/product\/droix-g10s-raton-aereo-retroiluminado-con-control-de-voz\/#breadcrumblist","itemListElement":[{"@type":"ListItem","@id":"https:\/\/droix.eu\/es\/#listItem","position":1,"name":"Home","item":"https:\/\/droix.eu\/es\/","nextItem":{"@type":"ListItem","@id":"https:\/\/droix.eu\/es\/product-category\/accesorios\/#listItem","name":"Accesorios"}},{"@type":"ListItem","@id":"https:\/\/droix.eu\/es\/product-category\/accesorios\/#listItem","position":2,"name":"Accesorios","item":"https:\/\/droix.eu\/es\/product-category\/accesorios\/","nextItem":{"@type":"ListItem","@id":"https:\/\/droix.eu\/es\/product-category\/accesorios\/accesorios-para-decodificadores-android\/#listItem","name":"Accesorios para decodificadores Android"},"previousItem":{"@type":"ListItem","@id":"https:\/\/droix.eu\/es\/#listItem","name":"Home"}},{"@type":"ListItem","@id":"https:\/\/droix.eu\/es\/product-category\/accesorios\/accesorios-para-decodificadores-android\/#listItem","position":3,"name":"Accesorios para decodificadores Android","item":"https:\/\/droix.eu\/es\/product-category\/accesorios\/accesorios-para-decodificadores-android\/","nextItem":{"@type":"ListItem","@id":"https:\/\/droix.eu\/es\/product\/droix-g10s-raton-aereo-retroiluminado-con-control-de-voz\/#listItem","name":"DroiX G10S Rat\u00f3n A\u00e9reo Retroiluminado con Control de Voz"},"previousItem":{"@type":"ListItem","@id":"https:\/\/droix.eu\/es\/product-category\/accesorios\/#listItem","name":"Accesorios"}},{"@type":"ListItem","@id":"https:\/\/droix.eu\/es\/product\/droix-g10s-raton-aereo-retroiluminado-con-control-de-voz\/#listItem","position":4,"name":"DroiX G10S Rat\u00f3n A\u00e9reo Retroiluminado con Control de Voz","previousItem":{"@type":"ListItem","@id":"https:\/\/droix.eu\/es\/product-category\/accesorios\/accesorios-para-decodificadores-android\/#listItem","name":"Accesorios para decodificadores Android"}}]},{"@type":"Organization","@id":"https:\/\/droix.eu\/es\/#organization","name":"DroiX \u2013 Trusted EU Tech Retailer with 12+ Years Experience","description":"DroiX is a leading European technology retailer with over 12 years of experience, offering quality mini PCs, handheld gaming consoles, and tech accessories. We provide hassle-free EU delivery with all taxes included, ensuring a smooth and reliable shopping experience for our customers across Europe.","url":"https:\/\/droix.eu\/es\/","logo":{"@type":"ImageObject","url":"https:\/\/droix.eu\/wp-content\/uploads\/2024\/06\/droix-v2-light-logo.png","@id":"https:\/\/droix.eu\/es\/product\/droix-g10s-raton-aereo-retroiluminado-con-control-de-voz\/#organizationLogo","width":380,"height":118},"image":{"@id":"https:\/\/droix.eu\/es\/product\/droix-g10s-raton-aereo-retroiluminado-con-control-de-voz\/#organizationLogo"},"sameAs":["https:\/\/www.facebook.com\/DroiX.Store","https:\/\/twitter.com\/DroiX_Store","https:\/\/www.instagram.com\/droix.store\/","https:\/\/www.tiktok.com\/@droix.store","https:\/\/www.youtube.com\/c\/DroiX_Store","https:\/\/uk.linkedin.com\/company\/droix"]},{"@type":"Product","@id":"https:\/\/droix.eu\/es\/product\/droix-g10s-raton-aereo-retroiluminado-con-control-de-voz\/#wooCommerceProduct","name":"DroiX G10S Rat\u00f3n A\u00e9reo Retroiluminado con Control de Voz","description":"Conectividad Inal\u00e1mbrica de 2.4GHz\n \tFunciona con pilas AAA.\n \tBotones retroiluminados\n \tMicr\u00f3fono incorporado\n \tDise\u00f1o ergon\u00f3mico y ligero.","url":"https:\/\/droix.eu\/es\/product\/droix-g10s-raton-aereo-retroiluminado-con-control-de-voz\/","sku":"DROIX-G10S","gtin":"5060763670440","image":{"@type":"ImageObject","url":"https:\/\/droix.eu\/wp-content\/uploads\/2021\/12\/G10S-LISTING-PICTURE-1.png","@id":"https:\/\/droix.eu\/es\/product\/droix-g10s-raton-aereo-retroiluminado-con-control-de-voz\/#productImage","width":1000,"height":1000,"caption":"DroiX G10S Backlit Air-Mouse - Mostrado de frente"},"offers":{"@type":"Offer","url":"https:\/\/droix.eu\/es\/product\/droix-g10s-raton-aereo-retroiluminado-con-control-de-voz\/#wooCommerceOffer","price":11.01,"priceCurrency":"EUR","category":"Accesorios","availability":"https:\/\/schema.org\/OutOfStock","priceSpecification":{"@type":"PriceSpecification","price":11.01,"priceCurrency":"EUR","valueAddedTaxIncluded":"true"},"seller":{"@type":"Organization","@id":"https:\/\/droix.eu\/es\/#organization"}}},{"@type":"WebPage","@id":"https:\/\/droix.eu\/es\/product\/droix-g10s-raton-aereo-retroiluminado-con-control-de-voz\/#webpage","url":"https:\/\/droix.eu\/es\/product\/droix-g10s-raton-aereo-retroiluminado-con-control-de-voz\/","name":"DroiX G10S Rat\u00f3n A\u00e9reo Retroiluminado con Control de Voz - DROIX EU","description":"Conectividad Inal\u00e1mbrica de 2.4GHz Funciona con pilas AAA. Botones retroiluminados Micr\u00f3fono incorporado Dise\u00f1o ergon\u00f3mico y ligero. El paquete incluye 1x Rat\u00f3n A\u00e9reo DroiX G10S 1x Dongle USB RF de 2.4Ghz 1x Manual del usuario","inLanguage":"es-ES","isPartOf":{"@id":"https:\/\/droix.eu\/es\/#website"},"breadcrumb":{"@id":"https:\/\/droix.eu\/es\/product\/droix-g10s-raton-aereo-retroiluminado-con-control-de-voz\/#breadcrumblist"},"image":{"@type":"ImageObject","url":"https:\/\/droix.eu\/wp-content\/uploads\/2021\/12\/G10S-LISTING-PICTURE-1.png","@id":"https:\/\/droix.eu\/es\/product\/droix-g10s-raton-aereo-retroiluminado-con-control-de-voz\/#mainImage","width":1000,"height":1000,"caption":"DroiX G10S Backlit Air-Mouse - Mostrado de frente"},"primaryImageOfPage":{"@id":"https:\/\/droix.eu\/es\/product\/droix-g10s-raton-aereo-retroiluminado-con-control-de-voz\/#mainImage"},"datePublished":"2020-11-17T11:23:03+00:00","dateModified":"2026-01-22T14:41:14+00:00"},{"@type":"WebSite","@id":"https:\/\/droix.eu\/es\/#website","url":"https:\/\/droix.eu\/es\/","name":"DROIX EU","description":"Get the latest Mini PCs, Ultrabook, PC Gaming Handhelds and more!","inLanguage":"es-ES","publisher":{"@id":"https:\/\/droix.eu\/es\/#organization"}}]},"og:locale":"es_ES","og:site_name":"DROIX EU - Get the latest Mini PCs, Ultrabook, PC Gaming Handhelds and more!","og:type":"article","og:title":"DroiX G10S Rat\u00f3n A\u00e9reo Retroiluminado con Control de Voz - DROIX EU","og:description":"Conectividad Inal\u00e1mbrica de 2.4GHz Funciona con pilas AAA. Botones retroiluminados Micr\u00f3fono incorporado Dise\u00f1o ergon\u00f3mico y ligero. El paquete incluye 1x Rat\u00f3n A\u00e9reo DroiX G10S 1x Dongle USB RF de 2.4Ghz 1x Manual del usuario","og:url":"https:\/\/droix.eu\/es\/product\/droix-g10s-raton-aereo-retroiluminado-con-control-de-voz\/","og:image":"https:\/\/droix.eu\/wp-content\/uploads\/2024\/06\/droix-v2-light-logo.png","og:image:secure_url":"https:\/\/droix.eu\/wp-content\/uploads\/2024\/06\/droix-v2-light-logo.png","og:image:width":380,"og:image:height":118,"article:published_time":"2020-11-17T11:23:03+00:00","article:modified_time":"2026-01-22T14:41:14+00:00","article:publisher":"https:\/\/www.facebook.com\/DroiX.Store","twitter:card":"summary_large_image","twitter:site":"@DroiX_Store","twitter:title":"DroiX G10S Rat\u00f3n A\u00e9reo Retroiluminado con Control de Voz - DROIX EU","twitter:description":"Conectividad Inal\u00e1mbrica de 2.4GHz Funciona con pilas AAA. Botones retroiluminados Micr\u00f3fono incorporado Dise\u00f1o ergon\u00f3mico y ligero. El paquete incluye 1x Rat\u00f3n A\u00e9reo DroiX G10S 1x Dongle USB RF de 2.4Ghz 1x Manual del usuario","twitter:image":"https:\/\/droix.eu\/wp-content\/uploads\/2024\/06\/droix-v2-light-logo.png"},"aioseo_meta_data":{"post_id":"551448","title":null,"description":null,"keywords":null,"keyphrases":null,"primary_term":null,"canonical_url":null,"og_title":null,"og_description":null,"og_object_type":"default","og_image_type":"default","og_image_url":null,"og_image_width":null,"og_image_height":null,"og_image_custom_url":null,"og_image_custom_fields":null,"og_video":null,"og_custom_url":null,"og_article_section":null,"og_article_tags":null,"twitter_use_og":true,"twitter_card":"default","twitter_image_type":"default","twitter_image_url":null,"twitter_image_custom_url":null,"twitter_image_custom_fields":null,"twitter_title":null,"twitter_description":null,"schema":{"blockGraphs":[],"customGraphs":[],"default":{"data":{"Article":[],"Course":[],"Dataset":[],"FAQPage":[],"Movie":[],"Person":[],"Product":[],"ProductReview":[],"Car":[],"Recipe":[],"Service":[],"SoftwareApplication":[],"WebPage":[]},"graphName":"","isEnabled":true},"graphs":[]},"schema_type":"default","schema_type_options":null,"pillar_content":false,"robots_default":true,"robots_noindex":false,"robots_noarchive":false,"robots_nosnippet":false,"robots_nofollow":false,"robots_noimageindex":false,"robots_noodp":false,"robots_notranslate":false,"robots_max_snippet":null,"robots_max_videopreview":null,"robots_max_imagepreview":"large","priority":null,"frequency":null,"local_seo":null,"seo_analyzer_scan_date":"2025-10-24 07:50:03","breadcrumb_settings":null,"limit_modified_date":false,"reviewed_by":null,"open_ai":null,"ai":null,"created":"2025-10-09 03:25:39","updated":"2026-01-24 09:15:57"},"aioseo_breadcrumb":"<div class=\"aioseo-breadcrumbs\"><span class=\"aioseo-breadcrumb\">\n\t<a href=\"https:\/\/droix.eu\/es\/\" title=\"Home\">Home<\/a>\n<\/span><span class=\"aioseo-breadcrumb-separator\">&raquo;<\/span><span class=\"aioseo-breadcrumb\">\n\t<a href=\"https:\/\/droix.eu\/es\/product-category\/accesorios\/\" title=\"Accesorios\">Accesorios<\/a>\n<\/span><span class=\"aioseo-breadcrumb-separator\">&raquo;<\/span><span class=\"aioseo-breadcrumb\">\n\t<a href=\"https:\/\/droix.eu\/es\/product-category\/accesorios\/accesorios-para-decodificadores-android\/\" title=\"Accesorios para decodificadores Android\">Accesorios para decodificadores Android<\/a>\n<\/span><span class=\"aioseo-breadcrumb-separator\">&raquo;<\/span><span class=\"aioseo-breadcrumb\">\n\tDroiX G10S Rat\u00f3n A\u00e9reo Retroiluminado con Control de Voz\n<\/span><\/div>","aioseo_breadcrumb_json":[{"label":"Home","link":"https:\/\/droix.eu\/es\/"},{"label":"Accesorios","link":"https:\/\/droix.eu\/es\/product-category\/accesorios\/"},{"label":"Accesorios para decodificadores Android","link":"https:\/\/droix.eu\/es\/product-category\/accesorios\/accesorios-para-decodificadores-android\/"},{"label":"DroiX G10S Rat\u00f3n A\u00e9reo Retroiluminado con Control de Voz","link":"https:\/\/droix.eu\/es\/product\/droix-g10s-raton-aereo-retroiluminado-con-control-de-voz\/"}],"_links":{"self":[{"href":"https:\/\/droix.eu\/es\/wp-json\/wp\/v2\/product\/551448","targetHints":{"allow":["GET"]}}],"collection":[{"href":"https:\/\/droix.eu\/es\/wp-json\/wp\/v2\/product"}],"about":[{"href":"https:\/\/droix.eu\/es\/wp-json\/wp\/v2\/types\/product"}],"version-history":[{"count":0,"href":"https:\/\/droix.eu\/es\/wp-json\/wp\/v2\/product\/551448\/revisions"}],"wp:featuredmedia":[{"embeddable":true,"href":"https:\/\/droix.eu\/es\/wp-json\/wp\/v2\/media\/220353"}],"wp:attachment":[{"href":"https:\/\/droix.eu\/es\/wp-json\/wp\/v2\/media?parent=551448"}],"wp:term":[{"taxonomy":"product_brand","embeddable":true,"href":"https:\/\/droix.eu\/es\/wp-json\/wp\/v2\/product_brand?post=551448"},{"taxonomy":"product_cat","embeddable":true,"href":"https:\/\/droix.eu\/es\/wp-json\/wp\/v2\/product_cat?post=551448"},{"taxonomy":"product_tag","embeddable":true,"href":"https:\/\/droix.eu\/es\/wp-json\/wp\/v2\/product_tag?post=551448"},{"taxonomy":"woo-feed-brand","embeddable":true,"href":"https:\/\/droix.eu\/es\/wp-json\/wp\/v2\/woo-feed-brand?post=551448"},{"taxonomy":"key-features","embeddable":true,"href":"https:\/\/droix.eu\/es\/wp-json\/wp\/v2\/key-features?post=551448"}],"curies":[{"name":"wp","href":"https:\/\/api.w.org\/{rel}","templated":true}]}}