{"id":551172,"date":"2020-11-27T15:34:12","date_gmt":"2020-11-27T15:34:12","guid":{"rendered":"https:\/\/droix.eu\/product\/estuche-de-transporte-oficial-para-gpd-micro-pc\/"},"modified":"2025-08-18T13:54:44","modified_gmt":"2025-08-18T12:54:44","slug":"estuche-de-transporte-oficial-para-gpd-micro-pc","status":"publish","type":"product","link":"https:\/\/droix.eu\/es\/product\/estuche-de-transporte-oficial-para-gpd-micro-pc\/","title":{"rendered":"Malet\u00edn oficial para GPD Micro PC"},"content":{"rendered":"<p>La nueva maleta de transporte de GPD ha salido al mercado y es m\u00e1s pr\u00e1ctica que nunca. Se adapta a la <strong>GPD XD Plus<\/strong>, a la <strong>GPD WIN 2<\/strong> o especialmente a <strong>la GPD Micro PC<\/strong> con mucho espacio para todos sus accesorios. <\/p>\n<p>Viene con una correa incluida y presenta un aspecto elegante y casual para su uso cotidiano<\/p>\n","protected":false},"excerpt":{"rendered":"<ul>\n<li>Producto oficial GPD<\/li>\n<li>Perfecto para GPD XD Plus, GPD WIN 2 y GPD Micro PC<\/li>\n<li>Dise\u00f1ado con un enfoque en la portabilidad<\/li>\n<li>Apariencia elegante<\/li>\n<\/ul>\n[cg_accordion title=\"Garant\u00eda de 2 a\u00f1os para todos los productos GPD\"]<\/p>\n<p>Todos los productos GPD tienen 2 a\u00f1os de garant\u00eda y est\u00e1n respaldados por m\u00e1s de 13 a\u00f1os de servicio de confianza. \u00danase a nuestra comunidad de m\u00e1s de 500.000 clientes satisfechos y conf\u00ede en su compra. [\/cg_accordion]\n[cg_accordion title=\"Opciones de pago flexibles y seguras\"]<\/p>\n<p>Disfruta de la tranquilidad de nuestro sistema de pago seguro. Admitimos los principales m\u00e9todos de pago, como tarjetas de d\u00e9bito\/cr\u00e9dito, PayPal, Apple Pay, Google Pay, Klarna, Afterpay y Affirm, lo que te da la libertad de pagar a tu manera, ya sea por adelantado o en c\u00f3modos plazos. [\/cg_accordion]\n[cg_accordion title=\"Impuestos\"]<\/p>\n<p>Los precios incluyen el IVA aplicable, que puede llegar al 25% seg\u00fan el pa\u00eds. El importe exacto se muestra durante el proceso de pago para garantizar una total transparencia. [\/cg_accordion]\n[cg_accordion title=\"Env\u00edos y devoluciones\"]<\/p>\n<p>Trabajamos con m\u00e1s de 10 socios de env\u00edo de confianza para garantizar que su pedido llegue de forma r\u00e1pida, segura y fiable.<\/p>\n<p>Utilizamos el env\u00edo Express DDP (Delivered Duty Paid). Esto significa: <\/p>\n<li>Todos los derechos de aduana e impuestos est\u00e1n incluidos en el precio del producto.<\/li>\n<li>No tendr\u00e1 que hacer frente a ning\u00fan gasto sorpresa en el momento de la entrega.<\/li>\n<li>En el raro caso de que se produzcan retrasos en las aduanas, nuestro equipo gestionar\u00e1 el proceso de despacho por usted para garantizar una entrega sin contratiempos.<\/li>\n<p>Informaci\u00f3n importante sobre las devoluciones:<\/p>\n<li>Si devuelve su pedido o solicita un reembolso, tenga en cuenta que los impuestos y aranceles pagados en su nombre con arreglo a las condiciones del DDP no son reembolsables.<\/li>\n<p>Por favor, consulte nuestros <a href=\"https:\/\/droix.eu\/es\/terminos-y-condiciones\/\" target=\"_blank\" rel=\"nofollow noopener\">Terminos y condiciones<\/a> para obtener informaci\u00f3n detallada.\n<\/ul>\n<p>[\/cg_accordion]\n[cg_accordion title=\"Atenci\u00f3n al cliente\"]<\/p>\n<p>\u00bfTiene alguna pregunta? Estamos a un paso de solucionar tu problema.[\/cg_accordion]\n[cg_accordion title=\"El paquete incluye\"]<\/p>\n<ul>\n<li>1x Malet\u00edn oficial para GPD Micro PC<\/li>\n<\/ul>\n<p>[\/cg_accordion]\n","protected":false},"featured_media":222733,"template":"","meta":{"_acf_changed":false},"product_brand":[],"product_cat":[13329,13373],"product_tag":[],"woo-feed-brand":[2198],"key-features":[],"class_list":{"0":"post-551172","1":"product","2":"type-product","3":"status-publish","4":"has-post-thumbnail","6":"product_cat-accesorios","7":"product_cat-accesorios-para-portatiles","8":"product_shipping_class-low-end","9":"pa_accessory-type-protective-case","10":"pa_brands-gpd-es","11":"woo-feed-brand-gpd","13":"first","14":"outofstock","15":"sale","16":"taxable","17":"shipping-taxable","18":"purchasable","19":"product-type-simple"},"acf":[],"aioseo_notices":[],"aioseo_head":"\n\t\t<!-- All in One SEO Pro 4.9.6.2 - aioseo.com -->\n\t<meta name=\"description\" content=\"Producto oficial GPD Perfecto para GPD XD Plus, GPD WIN 2 y GPD Micro PC Dise\u00f1ado con un enfoque en la portabilidad Apariencia elegante\" \/>\n\t<meta name=\"robots\" content=\"max-image-preview:large\" \/>\n\t<link rel=\"canonical\" href=\"https:\/\/droix.eu\/es\/product\/estuche-de-transporte-oficial-para-gpd-micro-pc\/\" \/>\n\t<meta name=\"generator\" content=\"All in One SEO Pro (AIOSEO) 4.9.6.2\" \/>\n\t\t<meta property=\"og:locale\" content=\"es_ES\" \/>\n\t\t<meta property=\"og:site_name\" content=\"DROIX EU - Get the latest Mini PCs, Ultrabook, PC Gaming Handhelds and more!\" \/>\n\t\t<meta property=\"og:type\" content=\"article\" \/>\n\t\t<meta property=\"og:title\" content=\"Malet\u00edn oficial para GPD Micro PC - DROIX EU\" \/>\n\t\t<meta property=\"og:description\" content=\"Producto oficial GPD Perfecto para GPD XD Plus, GPD WIN 2 y GPD Micro PC Dise\u00f1ado con un enfoque en la portabilidad Apariencia elegante\" \/>\n\t\t<meta property=\"og:url\" content=\"https:\/\/droix.eu\/es\/product\/estuche-de-transporte-oficial-para-gpd-micro-pc\/\" \/>\n\t\t<meta property=\"og:image\" content=\"https:\/\/droix.eu\/wp-content\/uploads\/2024\/06\/droix-v2-light-logo.png\" \/>\n\t\t<meta property=\"og:image:secure_url\" content=\"https:\/\/droix.eu\/wp-content\/uploads\/2024\/06\/droix-v2-light-logo.png\" \/>\n\t\t<meta property=\"og:image:width\" content=\"380\" \/>\n\t\t<meta property=\"og:image:height\" content=\"118\" \/>\n\t\t<meta property=\"article:published_time\" content=\"2020-11-27T15:34:12+00:00\" \/>\n\t\t<meta property=\"article:modified_time\" content=\"2025-08-18T12:54:44+00:00\" \/>\n\t\t<meta property=\"article:publisher\" content=\"https:\/\/www.facebook.com\/DroiX.Store\" \/>\n\t\t<meta name=\"twitter:card\" content=\"summary_large_image\" \/>\n\t\t<meta name=\"twitter:site\" content=\"@DroiX_Store\" \/>\n\t\t<meta name=\"twitter:title\" content=\"Malet\u00edn oficial para GPD Micro PC - DROIX EU\" \/>\n\t\t<meta name=\"twitter:description\" content=\"Producto oficial GPD Perfecto para GPD XD Plus, GPD WIN 2 y GPD Micro PC Dise\u00f1ado con un enfoque en la portabilidad Apariencia elegante\" \/>\n\t\t<meta name=\"twitter:image\" content=\"https:\/\/droix.eu\/wp-content\/uploads\/2024\/06\/droix-v2-light-logo.png\" \/>\n\t\t<script type=\"application\/ld+json\" class=\"aioseo-schema\">\n\t\t\t{\"@context\":\"https:\\\/\\\/schema.org\",\"@graph\":[{\"@type\":\"BreadcrumbList\",\"@id\":\"https:\\\/\\\/droix.eu\\\/es\\\/product\\\/estuche-de-transporte-oficial-para-gpd-micro-pc\\\/#breadcrumblist\",\"itemListElement\":[{\"@type\":\"ListItem\",\"@id\":\"https:\\\/\\\/droix.eu\\\/es\\\/#listItem\",\"position\":1,\"name\":\"Home\",\"item\":\"https:\\\/\\\/droix.eu\\\/es\\\/\",\"nextItem\":{\"@type\":\"ListItem\",\"@id\":\"https:\\\/\\\/droix.eu\\\/es\\\/product-category\\\/accesorios\\\/#listItem\",\"name\":\"Accesorios\"}},{\"@type\":\"ListItem\",\"@id\":\"https:\\\/\\\/droix.eu\\\/es\\\/product-category\\\/accesorios\\\/#listItem\",\"position\":2,\"name\":\"Accesorios\",\"item\":\"https:\\\/\\\/droix.eu\\\/es\\\/product-category\\\/accesorios\\\/\",\"nextItem\":{\"@type\":\"ListItem\",\"@id\":\"https:\\\/\\\/droix.eu\\\/es\\\/product-category\\\/accesorios\\\/accesorios-para-portatiles\\\/#listItem\",\"name\":\"Accesorios para port\\u00e1tiles\"},\"previousItem\":{\"@type\":\"ListItem\",\"@id\":\"https:\\\/\\\/droix.eu\\\/es\\\/#listItem\",\"name\":\"Home\"}},{\"@type\":\"ListItem\",\"@id\":\"https:\\\/\\\/droix.eu\\\/es\\\/product-category\\\/accesorios\\\/accesorios-para-portatiles\\\/#listItem\",\"position\":3,\"name\":\"Accesorios para port\\u00e1tiles\",\"item\":\"https:\\\/\\\/droix.eu\\\/es\\\/product-category\\\/accesorios\\\/accesorios-para-portatiles\\\/\",\"nextItem\":{\"@type\":\"ListItem\",\"@id\":\"https:\\\/\\\/droix.eu\\\/es\\\/product\\\/estuche-de-transporte-oficial-para-gpd-micro-pc\\\/#listItem\",\"name\":\"Malet\\u00edn oficial para GPD Micro PC\"},\"previousItem\":{\"@type\":\"ListItem\",\"@id\":\"https:\\\/\\\/droix.eu\\\/es\\\/product-category\\\/accesorios\\\/#listItem\",\"name\":\"Accesorios\"}},{\"@type\":\"ListItem\",\"@id\":\"https:\\\/\\\/droix.eu\\\/es\\\/product\\\/estuche-de-transporte-oficial-para-gpd-micro-pc\\\/#listItem\",\"position\":4,\"name\":\"Malet\\u00edn oficial para GPD Micro PC\",\"previousItem\":{\"@type\":\"ListItem\",\"@id\":\"https:\\\/\\\/droix.eu\\\/es\\\/product-category\\\/accesorios\\\/accesorios-para-portatiles\\\/#listItem\",\"name\":\"Accesorios para port\\u00e1tiles\"}}]},{\"@type\":\"Organization\",\"@id\":\"https:\\\/\\\/droix.eu\\\/es\\\/#organization\",\"name\":\"DroiX \\u2013 Trusted EU Tech Retailer with 12+ Years Experience\",\"description\":\"DroiX is a leading European technology retailer with over 12 years of experience, offering quality mini PCs, handheld gaming consoles, and tech accessories. We provide hassle-free EU delivery with all taxes included, ensuring a smooth and reliable shopping experience for our customers across Europe.\",\"url\":\"https:\\\/\\\/droix.eu\\\/es\\\/\",\"logo\":{\"@type\":\"ImageObject\",\"url\":\"https:\\\/\\\/droix.eu\\\/wp-content\\\/uploads\\\/2024\\\/06\\\/droix-v2-light-logo.png\",\"@id\":\"https:\\\/\\\/droix.eu\\\/es\\\/product\\\/estuche-de-transporte-oficial-para-gpd-micro-pc\\\/#organizationLogo\",\"width\":380,\"height\":118},\"image\":{\"@id\":\"https:\\\/\\\/droix.eu\\\/es\\\/product\\\/estuche-de-transporte-oficial-para-gpd-micro-pc\\\/#organizationLogo\"},\"sameAs\":[\"https:\\\/\\\/www.facebook.com\\\/DroiX.Store\",\"https:\\\/\\\/twitter.com\\\/DroiX_Store\",\"https:\\\/\\\/www.instagram.com\\\/droix.store\\\/\",\"https:\\\/\\\/www.tiktok.com\\\/@droix.store\",\"https:\\\/\\\/www.youtube.com\\\/c\\\/DroiX_Store\",\"https:\\\/\\\/uk.linkedin.com\\\/company\\\/droix\"]},{\"@type\":\"Product\",\"@id\":\"https:\\\/\\\/droix.eu\\\/es\\\/product\\\/estuche-de-transporte-oficial-para-gpd-micro-pc\\\/#wooCommerceProduct\",\"name\":\"Malet\\u00edn oficial para GPD Micro PC\",\"description\":\"Producto oficial GPD\\n \\tPerfecto para GPD XD Plus, GPD WIN 2 y GPD Micro PC\\n \\tDise\\u00f1ado con un enfoque en la portabilidad\\n \\tApariencia elegante\",\"url\":\"https:\\\/\\\/droix.eu\\\/es\\\/product\\\/estuche-de-transporte-oficial-para-gpd-micro-pc\\\/\",\"sku\":\"GPD-TRAVEL-CASE\",\"image\":{\"@type\":\"ImageObject\",\"url\":\"https:\\\/\\\/droix.eu\\\/wp-content\\\/uploads\\\/2021\\\/12\\\/GPD-MICRO-PC-TRAVEL-CASE-LISTING-PICTURE-1.png\",\"@id\":\"https:\\\/\\\/droix.eu\\\/es\\\/product\\\/estuche-de-transporte-oficial-para-gpd-micro-pc\\\/#productImage\",\"width\":700,\"height\":700,\"caption\":\"Estuche de transporte oficial de GPD para el GPD Micro PC\"},\"offers\":{\"@type\":\"Offer\",\"url\":\"https:\\\/\\\/droix.eu\\\/es\\\/product\\\/estuche-de-transporte-oficial-para-gpd-micro-pc\\\/#wooCommerceOffer\",\"price\":23.31,\"priceCurrency\":\"EUR\",\"category\":\"Accesorios\",\"availability\":\"https:\\\/\\\/schema.org\\\/OutOfStock\",\"priceSpecification\":{\"@type\":\"PriceSpecification\",\"price\":23.31,\"priceCurrency\":\"EUR\",\"valueAddedTaxIncluded\":\"true\"},\"seller\":{\"@type\":\"Organization\",\"@id\":\"https:\\\/\\\/droix.eu\\\/es\\\/#organization\"}}},{\"@type\":\"WebPage\",\"@id\":\"https:\\\/\\\/droix.eu\\\/es\\\/product\\\/estuche-de-transporte-oficial-para-gpd-micro-pc\\\/#webpage\",\"url\":\"https:\\\/\\\/droix.eu\\\/es\\\/product\\\/estuche-de-transporte-oficial-para-gpd-micro-pc\\\/\",\"name\":\"Malet\\u00edn oficial para GPD Micro PC - DROIX EU\",\"description\":\"Producto oficial GPD Perfecto para GPD XD Plus, GPD WIN 2 y GPD Micro PC Dise\\u00f1ado con un enfoque en la portabilidad Apariencia elegante\",\"inLanguage\":\"es-ES\",\"isPartOf\":{\"@id\":\"https:\\\/\\\/droix.eu\\\/es\\\/#website\"},\"breadcrumb\":{\"@id\":\"https:\\\/\\\/droix.eu\\\/es\\\/product\\\/estuche-de-transporte-oficial-para-gpd-micro-pc\\\/#breadcrumblist\"},\"image\":{\"@type\":\"ImageObject\",\"url\":\"https:\\\/\\\/droix.eu\\\/wp-content\\\/uploads\\\/2021\\\/12\\\/GPD-MICRO-PC-TRAVEL-CASE-LISTING-PICTURE-1.png\",\"@id\":\"https:\\\/\\\/droix.eu\\\/es\\\/product\\\/estuche-de-transporte-oficial-para-gpd-micro-pc\\\/#mainImage\",\"width\":700,\"height\":700,\"caption\":\"Estuche de transporte oficial de GPD para el GPD Micro PC\"},\"primaryImageOfPage\":{\"@id\":\"https:\\\/\\\/droix.eu\\\/es\\\/product\\\/estuche-de-transporte-oficial-para-gpd-micro-pc\\\/#mainImage\"},\"datePublished\":\"2020-11-27T15:34:12+00:00\",\"dateModified\":\"2025-08-18T13:54:44+01:00\"},{\"@type\":\"WebSite\",\"@id\":\"https:\\\/\\\/droix.eu\\\/es\\\/#website\",\"url\":\"https:\\\/\\\/droix.eu\\\/es\\\/\",\"name\":\"DROIX EU\",\"description\":\"Get the latest Mini PCs, Ultrabook, PC Gaming Handhelds and more!\",\"inLanguage\":\"es-ES\",\"publisher\":{\"@id\":\"https:\\\/\\\/droix.eu\\\/es\\\/#organization\"}}]}\n\t\t<\/script>\n\t\t<!-- All in One SEO Pro -->\r\n\t\t<title>Malet\u00edn oficial para GPD Micro PC - DROIX EU<\/title>\n\n","aioseo_head_json":{"title":"Malet\u00edn oficial para GPD Micro PC - DROIX EU","description":"Producto oficial GPD Perfecto para GPD XD Plus, GPD WIN 2 y GPD Micro PC Dise\u00f1ado con un enfoque en la portabilidad Apariencia elegante","canonical_url":"https:\/\/droix.eu\/es\/product\/estuche-de-transporte-oficial-para-gpd-micro-pc\/","robots":"max-image-preview:large","keywords":"","webmasterTools":{"miscellaneous":""},"schema":{"@context":"https:\/\/schema.org","@graph":[{"@type":"BreadcrumbList","@id":"https:\/\/droix.eu\/es\/product\/estuche-de-transporte-oficial-para-gpd-micro-pc\/#breadcrumblist","itemListElement":[{"@type":"ListItem","@id":"https:\/\/droix.eu\/es\/#listItem","position":1,"name":"Home","item":"https:\/\/droix.eu\/es\/","nextItem":{"@type":"ListItem","@id":"https:\/\/droix.eu\/es\/product-category\/accesorios\/#listItem","name":"Accesorios"}},{"@type":"ListItem","@id":"https:\/\/droix.eu\/es\/product-category\/accesorios\/#listItem","position":2,"name":"Accesorios","item":"https:\/\/droix.eu\/es\/product-category\/accesorios\/","nextItem":{"@type":"ListItem","@id":"https:\/\/droix.eu\/es\/product-category\/accesorios\/accesorios-para-portatiles\/#listItem","name":"Accesorios para port\u00e1tiles"},"previousItem":{"@type":"ListItem","@id":"https:\/\/droix.eu\/es\/#listItem","name":"Home"}},{"@type":"ListItem","@id":"https:\/\/droix.eu\/es\/product-category\/accesorios\/accesorios-para-portatiles\/#listItem","position":3,"name":"Accesorios para port\u00e1tiles","item":"https:\/\/droix.eu\/es\/product-category\/accesorios\/accesorios-para-portatiles\/","nextItem":{"@type":"ListItem","@id":"https:\/\/droix.eu\/es\/product\/estuche-de-transporte-oficial-para-gpd-micro-pc\/#listItem","name":"Malet\u00edn oficial para GPD Micro PC"},"previousItem":{"@type":"ListItem","@id":"https:\/\/droix.eu\/es\/product-category\/accesorios\/#listItem","name":"Accesorios"}},{"@type":"ListItem","@id":"https:\/\/droix.eu\/es\/product\/estuche-de-transporte-oficial-para-gpd-micro-pc\/#listItem","position":4,"name":"Malet\u00edn oficial para GPD Micro PC","previousItem":{"@type":"ListItem","@id":"https:\/\/droix.eu\/es\/product-category\/accesorios\/accesorios-para-portatiles\/#listItem","name":"Accesorios para port\u00e1tiles"}}]},{"@type":"Organization","@id":"https:\/\/droix.eu\/es\/#organization","name":"DroiX \u2013 Trusted EU Tech Retailer with 12+ Years Experience","description":"DroiX is a leading European technology retailer with over 12 years of experience, offering quality mini PCs, handheld gaming consoles, and tech accessories. We provide hassle-free EU delivery with all taxes included, ensuring a smooth and reliable shopping experience for our customers across Europe.","url":"https:\/\/droix.eu\/es\/","logo":{"@type":"ImageObject","url":"https:\/\/droix.eu\/wp-content\/uploads\/2024\/06\/droix-v2-light-logo.png","@id":"https:\/\/droix.eu\/es\/product\/estuche-de-transporte-oficial-para-gpd-micro-pc\/#organizationLogo","width":380,"height":118},"image":{"@id":"https:\/\/droix.eu\/es\/product\/estuche-de-transporte-oficial-para-gpd-micro-pc\/#organizationLogo"},"sameAs":["https:\/\/www.facebook.com\/DroiX.Store","https:\/\/twitter.com\/DroiX_Store","https:\/\/www.instagram.com\/droix.store\/","https:\/\/www.tiktok.com\/@droix.store","https:\/\/www.youtube.com\/c\/DroiX_Store","https:\/\/uk.linkedin.com\/company\/droix"]},{"@type":"Product","@id":"https:\/\/droix.eu\/es\/product\/estuche-de-transporte-oficial-para-gpd-micro-pc\/#wooCommerceProduct","name":"Malet\u00edn oficial para GPD Micro PC","description":"Producto oficial GPD\n \tPerfecto para GPD XD Plus, GPD WIN 2 y GPD Micro PC\n \tDise\u00f1ado con un enfoque en la portabilidad\n \tApariencia elegante","url":"https:\/\/droix.eu\/es\/product\/estuche-de-transporte-oficial-para-gpd-micro-pc\/","sku":"GPD-TRAVEL-CASE","image":{"@type":"ImageObject","url":"https:\/\/droix.eu\/wp-content\/uploads\/2021\/12\/GPD-MICRO-PC-TRAVEL-CASE-LISTING-PICTURE-1.png","@id":"https:\/\/droix.eu\/es\/product\/estuche-de-transporte-oficial-para-gpd-micro-pc\/#productImage","width":700,"height":700,"caption":"Estuche de transporte oficial de GPD para el GPD Micro PC"},"offers":{"@type":"Offer","url":"https:\/\/droix.eu\/es\/product\/estuche-de-transporte-oficial-para-gpd-micro-pc\/#wooCommerceOffer","price":23.31,"priceCurrency":"EUR","category":"Accesorios","availability":"https:\/\/schema.org\/OutOfStock","priceSpecification":{"@type":"PriceSpecification","price":23.31,"priceCurrency":"EUR","valueAddedTaxIncluded":"true"},"seller":{"@type":"Organization","@id":"https:\/\/droix.eu\/es\/#organization"}}},{"@type":"WebPage","@id":"https:\/\/droix.eu\/es\/product\/estuche-de-transporte-oficial-para-gpd-micro-pc\/#webpage","url":"https:\/\/droix.eu\/es\/product\/estuche-de-transporte-oficial-para-gpd-micro-pc\/","name":"Malet\u00edn oficial para GPD Micro PC - DROIX EU","description":"Producto oficial GPD Perfecto para GPD XD Plus, GPD WIN 2 y GPD Micro PC Dise\u00f1ado con un enfoque en la portabilidad Apariencia elegante","inLanguage":"es-ES","isPartOf":{"@id":"https:\/\/droix.eu\/es\/#website"},"breadcrumb":{"@id":"https:\/\/droix.eu\/es\/product\/estuche-de-transporte-oficial-para-gpd-micro-pc\/#breadcrumblist"},"image":{"@type":"ImageObject","url":"https:\/\/droix.eu\/wp-content\/uploads\/2021\/12\/GPD-MICRO-PC-TRAVEL-CASE-LISTING-PICTURE-1.png","@id":"https:\/\/droix.eu\/es\/product\/estuche-de-transporte-oficial-para-gpd-micro-pc\/#mainImage","width":700,"height":700,"caption":"Estuche de transporte oficial de GPD para el GPD Micro PC"},"primaryImageOfPage":{"@id":"https:\/\/droix.eu\/es\/product\/estuche-de-transporte-oficial-para-gpd-micro-pc\/#mainImage"},"datePublished":"2020-11-27T15:34:12+00:00","dateModified":"2025-08-18T13:54:44+01:00"},{"@type":"WebSite","@id":"https:\/\/droix.eu\/es\/#website","url":"https:\/\/droix.eu\/es\/","name":"DROIX EU","description":"Get the latest Mini PCs, Ultrabook, PC Gaming Handhelds and more!","inLanguage":"es-ES","publisher":{"@id":"https:\/\/droix.eu\/es\/#organization"}}]},"og:locale":"es_ES","og:site_name":"DROIX EU - Get the latest Mini PCs, Ultrabook, PC Gaming Handhelds and more!","og:type":"article","og:title":"Malet\u00edn oficial para GPD Micro PC - DROIX EU","og:description":"Producto oficial GPD Perfecto para GPD XD Plus, GPD WIN 2 y GPD Micro PC Dise\u00f1ado con un enfoque en la portabilidad Apariencia elegante","og:url":"https:\/\/droix.eu\/es\/product\/estuche-de-transporte-oficial-para-gpd-micro-pc\/","og:image":"https:\/\/droix.eu\/wp-content\/uploads\/2024\/06\/droix-v2-light-logo.png","og:image:secure_url":"https:\/\/droix.eu\/wp-content\/uploads\/2024\/06\/droix-v2-light-logo.png","og:image:width":380,"og:image:height":118,"article:published_time":"2020-11-27T15:34:12+00:00","article:modified_time":"2025-08-18T12:54:44+00:00","article:publisher":"https:\/\/www.facebook.com\/DroiX.Store","twitter:card":"summary_large_image","twitter:site":"@DroiX_Store","twitter:title":"Malet\u00edn oficial para GPD Micro PC - DROIX EU","twitter:description":"Producto oficial GPD Perfecto para GPD XD Plus, GPD WIN 2 y GPD Micro PC Dise\u00f1ado con un enfoque en la portabilidad Apariencia elegante","twitter:image":"https:\/\/droix.eu\/wp-content\/uploads\/2024\/06\/droix-v2-light-logo.png"},"aioseo_meta_data":{"post_id":"551172","title":null,"description":null,"keywords":null,"keyphrases":null,"primary_term":null,"canonical_url":null,"og_title":null,"og_description":null,"og_object_type":"default","og_image_type":"default","og_image_url":null,"og_image_width":null,"og_image_height":null,"og_image_custom_url":null,"og_image_custom_fields":null,"og_video":null,"og_custom_url":null,"og_article_section":null,"og_article_tags":null,"twitter_use_og":true,"twitter_card":"default","twitter_image_type":"default","twitter_image_url":null,"twitter_image_custom_url":null,"twitter_image_custom_fields":null,"twitter_title":null,"twitter_description":null,"schema":{"blockGraphs":[],"customGraphs":[],"default":{"data":{"Article":[],"Course":[],"Dataset":[],"FAQPage":[],"Movie":[],"Person":[],"Product":[],"ProductReview":[],"Car":[],"Recipe":[],"Service":[],"SoftwareApplication":[],"WebPage":[]},"graphName":"","isEnabled":true},"graphs":[]},"schema_type":"default","schema_type_options":null,"pillar_content":false,"robots_default":true,"robots_noindex":false,"robots_noarchive":false,"robots_nosnippet":false,"robots_nofollow":false,"robots_noimageindex":false,"robots_noodp":false,"robots_notranslate":false,"robots_max_snippet":null,"robots_max_videopreview":null,"robots_max_imagepreview":"large","priority":null,"frequency":null,"local_seo":null,"seo_analyzer_scan_date":"2025-10-24 08:10:51","breadcrumb_settings":null,"limit_modified_date":false,"reviewed_by":null,"open_ai":null,"ai":null,"created":"2025-10-09 03:32:57","updated":"2025-11-27 01:43:04"},"aioseo_breadcrumb":"<div class=\"aioseo-breadcrumbs\"><span class=\"aioseo-breadcrumb\">\n\t<a href=\"https:\/\/droix.eu\/es\/\" title=\"Home\">Home<\/a>\n<\/span><span class=\"aioseo-breadcrumb-separator\">&raquo;<\/span><span class=\"aioseo-breadcrumb\">\n\t<a href=\"https:\/\/droix.eu\/es\/product-category\/accesorios\/\" title=\"Accesorios\">Accesorios<\/a>\n<\/span><span class=\"aioseo-breadcrumb-separator\">&raquo;<\/span><span class=\"aioseo-breadcrumb\">\n\t<a href=\"https:\/\/droix.eu\/es\/product-category\/accesorios\/accesorios-para-portatiles\/\" title=\"Accesorios para port\u00e1tiles\">Accesorios para port\u00e1tiles<\/a>\n<\/span><span class=\"aioseo-breadcrumb-separator\">&raquo;<\/span><span class=\"aioseo-breadcrumb\">\n\tMalet\u00edn oficial para GPD Micro PC\n<\/span><\/div>","aioseo_breadcrumb_json":[{"label":"Home","link":"https:\/\/droix.eu\/es\/"},{"label":"Accesorios","link":"https:\/\/droix.eu\/es\/product-category\/accesorios\/"},{"label":"Accesorios para port\u00e1tiles","link":"https:\/\/droix.eu\/es\/product-category\/accesorios\/accesorios-para-portatiles\/"},{"label":"Malet\u00edn oficial para GPD Micro PC","link":"https:\/\/droix.eu\/es\/product\/estuche-de-transporte-oficial-para-gpd-micro-pc\/"}],"_links":{"self":[{"href":"https:\/\/droix.eu\/es\/wp-json\/wp\/v2\/product\/551172","targetHints":{"allow":["GET"]}}],"collection":[{"href":"https:\/\/droix.eu\/es\/wp-json\/wp\/v2\/product"}],"about":[{"href":"https:\/\/droix.eu\/es\/wp-json\/wp\/v2\/types\/product"}],"version-history":[{"count":0,"href":"https:\/\/droix.eu\/es\/wp-json\/wp\/v2\/product\/551172\/revisions"}],"wp:featuredmedia":[{"embeddable":true,"href":"https:\/\/droix.eu\/es\/wp-json\/wp\/v2\/media\/222733"}],"wp:attachment":[{"href":"https:\/\/droix.eu\/es\/wp-json\/wp\/v2\/media?parent=551172"}],"wp:term":[{"taxonomy":"product_brand","embeddable":true,"href":"https:\/\/droix.eu\/es\/wp-json\/wp\/v2\/product_brand?post=551172"},{"taxonomy":"product_cat","embeddable":true,"href":"https:\/\/droix.eu\/es\/wp-json\/wp\/v2\/product_cat?post=551172"},{"taxonomy":"product_tag","embeddable":true,"href":"https:\/\/droix.eu\/es\/wp-json\/wp\/v2\/product_tag?post=551172"},{"taxonomy":"woo-feed-brand","embeddable":true,"href":"https:\/\/droix.eu\/es\/wp-json\/wp\/v2\/woo-feed-brand?post=551172"},{"taxonomy":"key-features","embeddable":true,"href":"https:\/\/droix.eu\/es\/wp-json\/wp\/v2\/key-features?post=551172"}],"curies":[{"name":"wp","href":"https:\/\/api.w.org\/{rel}","templated":true}]}}