{"id":532607,"date":"2022-12-20T15:00:27","date_gmt":"2022-12-20T15:00:27","guid":{"rendered":"https:\/\/droix.eu\/product\/almacenamiento-nvme-steam-deck-2230-de-kingspec\/"},"modified":"2025-09-05T15:19:45","modified_gmt":"2025-09-05T14:19:45","slug":"almacenamiento-nvme-steam-deck-2230-de-kingspec","status":"publish","type":"product","link":"https:\/\/droix.eu\/es\/product\/almacenamiento-nvme-steam-deck-2230-de-kingspec\/","title":{"rendered":"Almacenamiento NVMe Steam Deck 2230 de KingSpec"},"content":{"rendered":"&#13;\n<p>La unidad de estado s\u00f3lido <strong>KingSpec NVMe 22*30<\/strong>es capaz de alcanzar velocidades de lectura de hasta 3621,35 MB\/s y velocidades de escritura de hasta 2314,32 MB\/s. Estas velocidades son notablemente superiores a las de un disco duro tradicional, que suele alcanzar velocidades de unos 100 MB\/s. Esto significa que la unidad NVMe KingSpec es capaz de acceder y transferir datos mucho m\u00e1s r\u00e1pidamente, lo que se traduce en tiempos de arranque m\u00e1s r\u00e1pidos y un lanzamiento m\u00e1s r\u00e1pido del software.  <\/p>&#13;\n&#13;\n<p>Por ejemplo, supongamos que tiene que instalar una aplicaci\u00f3n inform\u00e1tica de gran tama\u00f1o. Con un disco duro tradicional, el proceso de instalaci\u00f3n puede tardar varios minutos en completarse. Con la unidad NVMe KingSpec, sin embargo, el proceso de instalaci\u00f3n ser\u00eda mucho m\u00e1s r\u00e1pido, ya que la unidad es capaz de acceder y transferir los datos necesarios a velocidades mucho mayores.  <\/p>&#13;\n&#13;\n<p>En general, las mayores velocidades de lectura y escritura de la unidad <strong>NVMe KingSpec<\/strong> la convierten en una excelente opci\u00f3n para quienes desean mejorar el rendimiento general de su ordenador. Tanto si eres un jugador que busca cargar niveles m\u00e1s r\u00e1pido, como un profesional creativo que trabaja con archivos de gran tama\u00f1o, o simplemente alguien que desea una experiencia inform\u00e1tica m\u00e1s fluida y con mayor capacidad de respuesta, esta unidad seguro que lo conseguir\u00e1. <\/p>&#13;\n&#13;\n<p>Compruebe a continuaci\u00f3n los resultados para <strong>Steam Deck<\/strong> utilizando el almacenamiento <strong>KingSpec 2230 NVMe 1TB<\/strong>:<\/p>&#13;\n&#13;\n<p>Velocidad de lectura: <strong>3621,35 MB\/s<\/strong><br\/>Velocidad de escritura: <strong>2314,32 MB\/s<\/strong><\/p>&#13;\n&#13;\n<p>El software de evaluaci\u00f3n comparativa <strong>CrystalDiskMark<\/strong> ejecuta una serie de pruebas en el almacenamiento para comprobar su rendimiento en diferentes patrones de lectura\/escritura. Los resultados muestran las velocidades m\u00e1ximas \u00f3ptimas de lectura y escritura en la primera fila. <\/p>&#13;\n&#13;\n<figure class=\"wp-block-image aligncenter\"><img fetchpriority=\"high\" decoding=\"async\" width=\"601\" height=\"438\" src=\"https:\/\/droix.eu\/wp-content\/uploads\/2022\/12\/r-w-speed-kigspec2230-steam-deck.png\" alt=\"Velocidad de lectura y escritura SD KingSpec 2230\" class=\"wp-image-94989\" srcset=\"https:\/\/droix.eu\/wp-content\/uploads\/2022\/12\/r-w-speed-kigspec2230-steam-deck.png 601w, https:\/\/droix.eu\/wp-content\/uploads\/2022\/12\/r-w-speed-kigspec2230-steam-deck-300x219.png 300w, https:\/\/droix.eu\/wp-content\/uploads\/2022\/12\/r-w-speed-kigspec2230-steam-deck-441x321.png 441w\" sizes=\"(max-width: 601px) 100vw, 601px\" \/><\/figure>&#13;\n&#13;\n<figure class=\"wp-block-image aligncenter\"><img decoding=\"async\" width=\"1500\" height=\"1500\" src=\"https:\/\/droix.eu\/wp-content\/uploads\/2022\/12\/SSD-EXPLINATION.png\" alt=\"ssd-explanation-tool\" class=\"wp-image-105048\" srcset=\"https:\/\/droix.eu\/wp-content\/uploads\/2022\/12\/SSD-EXPLINATION.png 1500w, https:\/\/droix.eu\/wp-content\/uploads\/2022\/12\/SSD-EXPLINATION-300x300.png 300w, https:\/\/droix.eu\/wp-content\/uploads\/2022\/12\/SSD-EXPLINATION-100x100.png 100w, https:\/\/droix.eu\/wp-content\/uploads\/2022\/12\/SSD-EXPLINATION-1000x1000.png 1000w, https:\/\/droix.eu\/wp-content\/uploads\/2022\/12\/SSD-EXPLINATION-1024x1024.png 1024w, https:\/\/droix.eu\/wp-content\/uploads\/2022\/12\/SSD-EXPLINATION-768x768.png 768w, https:\/\/droix.eu\/wp-content\/uploads\/2022\/12\/SSD-EXPLINATION-990x990.png 990w, https:\/\/droix.eu\/wp-content\/uploads\/2022\/12\/SSD-EXPLINATION-441x441.png 441w\" sizes=\"(max-width: 1500px) 100vw, 1500px\" \/><\/figure>&#13;\n","protected":false},"excerpt":{"rendered":"<ul>\n<li>Velocidades NVMe r\u00e1pidas<\/li>\n<li>Compatible con SteamDeck y GPD WIN Max 2  <\/li>\n<li>3 a\u00f1os de garant\u00eda<\/li>\n<\/ul>\n[droix_global_accordions]\n[cg_accordion title=\"El paquete incluye\"]<\/p>\n<ul>\n<li>1x SSD NVMe 22*30<\/li>\n<\/ul>\n<p>[\/cg_accordion]\n","protected":false},"featured_media":342447,"template":"","meta":{"_acf_changed":false},"product_brand":[],"product_cat":[31654,34890,34893],"product_tag":[],"woo-feed-brand":[],"key-features":[],"class_list":{"0":"post-532607","1":"product","2":"type-product","3":"status-publish","4":"has-post-thumbnail","6":"product_cat-hardware-es","7":"product_cat-hardware-informatico","8":"product_cat-hardware-para-portatiles","9":"product_shipping_class-low-end","10":"pa_brands-kingspec-es","12":"first","13":"instock","14":"taxable","15":"shipping-taxable","16":"purchasable","17":"product-type-variable","18":"has-default-attributes"},"acf":[],"aioseo_notices":[],"aioseo_head":"\n\t\t<!-- All in One SEO Pro 4.9.6.2 - aioseo.com -->\n\t<meta name=\"description\" content=\"Velocidades NVMe r\u00e1pidas Compatible con SteamDeck y GPD WIN Max 2 3 a\u00f1os de garant\u00eda El paquete incluye 1x SSD NVMe 22*30\" \/>\n\t<meta name=\"robots\" content=\"max-image-preview:large\" \/>\n\t<link rel=\"canonical\" href=\"https:\/\/droix.eu\/es\/product\/almacenamiento-nvme-steam-deck-2230-de-kingspec\/\" \/>\n\t<meta name=\"generator\" content=\"All in One SEO Pro (AIOSEO) 4.9.6.2\" \/>\n\t\t<meta property=\"og:locale\" content=\"es_ES\" \/>\n\t\t<meta property=\"og:site_name\" content=\"DROIX EU - Get the latest Mini PCs, Ultrabook, PC Gaming Handhelds and more!\" \/>\n\t\t<meta property=\"og:type\" content=\"article\" \/>\n\t\t<meta property=\"og:title\" content=\"Almacenamiento NVMe Steam Deck 2230 de KingSpec - DROIX EU\" \/>\n\t\t<meta property=\"og:description\" content=\"Velocidades NVMe r\u00e1pidas Compatible con SteamDeck y GPD WIN Max 2 3 a\u00f1os de garant\u00eda El paquete incluye 1x SSD NVMe 22*30\" \/>\n\t\t<meta property=\"og:url\" content=\"https:\/\/droix.eu\/es\/product\/almacenamiento-nvme-steam-deck-2230-de-kingspec\/\" \/>\n\t\t<meta property=\"og:image\" content=\"https:\/\/droix.eu\/wp-content\/uploads\/2024\/06\/droix-v2-light-logo.png\" \/>\n\t\t<meta property=\"og:image:secure_url\" content=\"https:\/\/droix.eu\/wp-content\/uploads\/2024\/06\/droix-v2-light-logo.png\" \/>\n\t\t<meta property=\"og:image:width\" content=\"380\" \/>\n\t\t<meta property=\"og:image:height\" content=\"118\" \/>\n\t\t<meta property=\"article:published_time\" content=\"2022-12-20T15:00:27+00:00\" \/>\n\t\t<meta property=\"article:modified_time\" content=\"2025-09-05T14:19:45+00:00\" \/>\n\t\t<meta property=\"article:publisher\" content=\"https:\/\/www.facebook.com\/DroiX.Store\" \/>\n\t\t<meta name=\"twitter:card\" content=\"summary_large_image\" \/>\n\t\t<meta name=\"twitter:site\" content=\"@DroiX_Store\" \/>\n\t\t<meta name=\"twitter:title\" content=\"Almacenamiento NVMe Steam Deck 2230 de KingSpec - DROIX EU\" \/>\n\t\t<meta name=\"twitter:description\" content=\"Velocidades NVMe r\u00e1pidas Compatible con SteamDeck y GPD WIN Max 2 3 a\u00f1os de garant\u00eda El paquete incluye 1x SSD NVMe 22*30\" \/>\n\t\t<meta name=\"twitter:image\" content=\"https:\/\/droix.eu\/wp-content\/uploads\/2024\/06\/droix-v2-light-logo.png\" \/>\n\t\t<script type=\"application\/ld+json\" class=\"aioseo-schema\">\n\t\t\t{\"@context\":\"https:\\\/\\\/schema.org\",\"@graph\":[{\"@type\":\"BreadcrumbList\",\"@id\":\"https:\\\/\\\/droix.eu\\\/es\\\/product\\\/almacenamiento-nvme-steam-deck-2230-de-kingspec\\\/#breadcrumblist\",\"itemListElement\":[{\"@type\":\"ListItem\",\"@id\":\"https:\\\/\\\/droix.eu\\\/es\\\/#listItem\",\"position\":1,\"name\":\"Home\",\"item\":\"https:\\\/\\\/droix.eu\\\/es\\\/\",\"nextItem\":{\"@type\":\"ListItem\",\"@id\":\"https:\\\/\\\/droix.eu\\\/es\\\/product-category\\\/hardware-es\\\/#listItem\",\"name\":\"Hardware\"}},{\"@type\":\"ListItem\",\"@id\":\"https:\\\/\\\/droix.eu\\\/es\\\/product-category\\\/hardware-es\\\/#listItem\",\"position\":2,\"name\":\"Hardware\",\"item\":\"https:\\\/\\\/droix.eu\\\/es\\\/product-category\\\/hardware-es\\\/\",\"nextItem\":{\"@type\":\"ListItem\",\"@id\":\"https:\\\/\\\/droix.eu\\\/es\\\/product-category\\\/hardware-es\\\/hardware-informatico\\\/#listItem\",\"name\":\"Hardware inform\\u00e1tico\"},\"previousItem\":{\"@type\":\"ListItem\",\"@id\":\"https:\\\/\\\/droix.eu\\\/es\\\/#listItem\",\"name\":\"Home\"}},{\"@type\":\"ListItem\",\"@id\":\"https:\\\/\\\/droix.eu\\\/es\\\/product-category\\\/hardware-es\\\/hardware-informatico\\\/#listItem\",\"position\":3,\"name\":\"Hardware inform\\u00e1tico\",\"item\":\"https:\\\/\\\/droix.eu\\\/es\\\/product-category\\\/hardware-es\\\/hardware-informatico\\\/\",\"nextItem\":{\"@type\":\"ListItem\",\"@id\":\"https:\\\/\\\/droix.eu\\\/es\\\/product\\\/almacenamiento-nvme-steam-deck-2230-de-kingspec\\\/#listItem\",\"name\":\"Almacenamiento NVMe Steam Deck 2230 de KingSpec\"},\"previousItem\":{\"@type\":\"ListItem\",\"@id\":\"https:\\\/\\\/droix.eu\\\/es\\\/product-category\\\/hardware-es\\\/#listItem\",\"name\":\"Hardware\"}},{\"@type\":\"ListItem\",\"@id\":\"https:\\\/\\\/droix.eu\\\/es\\\/product\\\/almacenamiento-nvme-steam-deck-2230-de-kingspec\\\/#listItem\",\"position\":4,\"name\":\"Almacenamiento NVMe Steam Deck 2230 de KingSpec\",\"previousItem\":{\"@type\":\"ListItem\",\"@id\":\"https:\\\/\\\/droix.eu\\\/es\\\/product-category\\\/hardware-es\\\/hardware-informatico\\\/#listItem\",\"name\":\"Hardware inform\\u00e1tico\"}}]},{\"@type\":\"Organization\",\"@id\":\"https:\\\/\\\/droix.eu\\\/es\\\/#organization\",\"name\":\"DroiX \\u2013 Trusted EU Tech Retailer with 12+ Years Experience\",\"description\":\"DroiX is a leading European technology retailer with over 12 years of experience, offering quality mini PCs, handheld gaming consoles, and tech accessories. We provide hassle-free EU delivery with all taxes included, ensuring a smooth and reliable shopping experience for our customers across Europe.\",\"url\":\"https:\\\/\\\/droix.eu\\\/es\\\/\",\"logo\":{\"@type\":\"ImageObject\",\"url\":\"https:\\\/\\\/droix.eu\\\/wp-content\\\/uploads\\\/2024\\\/06\\\/droix-v2-light-logo.png\",\"@id\":\"https:\\\/\\\/droix.eu\\\/es\\\/product\\\/almacenamiento-nvme-steam-deck-2230-de-kingspec\\\/#organizationLogo\",\"width\":380,\"height\":118},\"image\":{\"@id\":\"https:\\\/\\\/droix.eu\\\/es\\\/product\\\/almacenamiento-nvme-steam-deck-2230-de-kingspec\\\/#organizationLogo\"},\"sameAs\":[\"https:\\\/\\\/www.facebook.com\\\/DroiX.Store\",\"https:\\\/\\\/twitter.com\\\/DroiX_Store\",\"https:\\\/\\\/www.instagram.com\\\/droix.store\\\/\",\"https:\\\/\\\/www.tiktok.com\\\/@droix.store\",\"https:\\\/\\\/www.youtube.com\\\/c\\\/DroiX_Store\",\"https:\\\/\\\/uk.linkedin.com\\\/company\\\/droix\"]},{\"@type\":\"ProductGroup\",\"@id\":\"https:\\\/\\\/droix.eu\\\/es\\\/product\\\/almacenamiento-nvme-steam-deck-2230-de-kingspec\\\/#wooCommerceProduct\",\"name\":\"Almacenamiento NVMe Steam Deck 2230 de KingSpec\",\"description\":\"Velocidades NVMe r\\u00e1pidas\\n \\tCompatible con SteamDeck y GPD WIN Max 2  \\n \\t3 a\\u00f1os de garant\\u00eda\",\"url\":\"https:\\\/\\\/droix.eu\\\/es\\\/product\\\/almacenamiento-nvme-steam-deck-2230-de-kingspec\\\/\",\"image\":{\"@type\":\"ImageObject\",\"url\":\"https:\\\/\\\/droix.eu\\\/wp-content\\\/uploads\\\/2022\\\/12\\\/22_30NVME-LISTING-PICTURE-1TB-1.png\",\"@id\":\"https:\\\/\\\/droix.eu\\\/es\\\/product\\\/almacenamiento-nvme-steam-deck-2230-de-kingspec\\\/#productImage\",\"width\":1500,\"height\":1500,\"caption\":\"Almacenamiento KingSpec 1TB NVME 2230\"},\"productGroupID\":532607,\"hasVariant\":[{\"@type\":\"Product\",\"@id\":\"https:\\\/\\\/droix.eu\\\/es\\\/product\\\/almacenamiento-nvme-steam-deck-2230-de-kingspec\\\/#wooCommerceProduct\",\"name\":\"Almacenamiento NVMe Steam Deck 2230 de KingSpec - 512gb\",\"description\":\"Velocidades NVMe r\\u00e1pidas\\n \\tCompatible con SteamDeck y GPD WIN Max 2  \\n \\t3 a\\u00f1os de garant\\u00eda\",\"url\":\"https:\\\/\\\/droix.eu\\\/es\\\/product\\\/almacenamiento-nvme-steam-deck-2230-de-kingspec\\\/\",\"sku\":\"KINGSPEC-NVME-2230-512GB\",\"image\":{\"@type\":\"ImageObject\",\"url\":\"https:\\\/\\\/droix.eu\\\/wp-content\\\/uploads\\\/2022\\\/12\\\/22_30NVME-LISTING-PICTURE-512GB-1.png\",\"@id\":\"https:\\\/\\\/droix.eu\\\/es\\\/product\\\/almacenamiento-nvme-steam-deck-2230-de-kingspec\\\/#productImage\",\"width\":1500,\"height\":1500,\"caption\":\"Almacenamiento KingSpec 512GB NVME 2230\"},\"offers\":{\"@type\":\"Offer\",\"url\":\"https:\\\/\\\/droix.eu\\\/es\\\/product\\\/almacenamiento-nvme-steam-deck-2230-de-kingspec\\\/#wooCommerceOffer\",\"price\":\"59.95\",\"priceCurrency\":\"EUR\",\"category\":\"Hardware\",\"availability\":\"https:\\\/\\\/schema.org\\\/OutOfStock\",\"priceSpecification\":{\"@type\":\"PriceSpecification\",\"price\":59.95,\"priceCurrency\":\"EUR\",\"valueAddedTaxIncluded\":\"true\"}}}]},{\"@type\":\"WebPage\",\"@id\":\"https:\\\/\\\/droix.eu\\\/es\\\/product\\\/almacenamiento-nvme-steam-deck-2230-de-kingspec\\\/#webpage\",\"url\":\"https:\\\/\\\/droix.eu\\\/es\\\/product\\\/almacenamiento-nvme-steam-deck-2230-de-kingspec\\\/\",\"name\":\"Almacenamiento NVMe Steam Deck 2230 de KingSpec - DROIX EU\",\"description\":\"Velocidades NVMe r\\u00e1pidas Compatible con SteamDeck y GPD WIN Max 2 3 a\\u00f1os de garant\\u00eda El paquete incluye 1x SSD NVMe 22*30\",\"inLanguage\":\"es-ES\",\"isPartOf\":{\"@id\":\"https:\\\/\\\/droix.eu\\\/es\\\/#website\"},\"breadcrumb\":{\"@id\":\"https:\\\/\\\/droix.eu\\\/es\\\/product\\\/almacenamiento-nvme-steam-deck-2230-de-kingspec\\\/#breadcrumblist\"},\"image\":{\"@type\":\"ImageObject\",\"url\":\"https:\\\/\\\/droix.eu\\\/wp-content\\\/uploads\\\/2022\\\/12\\\/22_30NVME-LISTING-PICTURE-1TB-1.png\",\"@id\":\"https:\\\/\\\/droix.eu\\\/es\\\/product\\\/almacenamiento-nvme-steam-deck-2230-de-kingspec\\\/#mainImage\",\"width\":1500,\"height\":1500,\"caption\":\"Almacenamiento KingSpec 1TB NVME 2230\"},\"primaryImageOfPage\":{\"@id\":\"https:\\\/\\\/droix.eu\\\/es\\\/product\\\/almacenamiento-nvme-steam-deck-2230-de-kingspec\\\/#mainImage\"},\"datePublished\":\"2022-12-20T15:00:27+00:00\",\"dateModified\":\"2025-09-05T15:19:45+01:00\"},{\"@type\":\"WebSite\",\"@id\":\"https:\\\/\\\/droix.eu\\\/es\\\/#website\",\"url\":\"https:\\\/\\\/droix.eu\\\/es\\\/\",\"name\":\"DROIX EU\",\"description\":\"Get the latest Mini PCs, Ultrabook, PC Gaming Handhelds and more!\",\"inLanguage\":\"es-ES\",\"publisher\":{\"@id\":\"https:\\\/\\\/droix.eu\\\/es\\\/#organization\"}}]}\n\t\t<\/script>\n\t\t<!-- All in One SEO Pro -->\r\n\t\t<title>Almacenamiento NVMe Steam Deck 2230 de KingSpec - DROIX EU<\/title>\n\n","aioseo_head_json":{"title":"Almacenamiento NVMe Steam Deck 2230 de KingSpec - DROIX EU","description":"Velocidades NVMe r\u00e1pidas Compatible con SteamDeck y GPD WIN Max 2 3 a\u00f1os de garant\u00eda El paquete incluye 1x SSD NVMe 22*30","canonical_url":"https:\/\/droix.eu\/es\/product\/almacenamiento-nvme-steam-deck-2230-de-kingspec\/","robots":"max-image-preview:large","keywords":"","webmasterTools":{"miscellaneous":""},"schema":{"@context":"https:\/\/schema.org","@graph":[{"@type":"BreadcrumbList","@id":"https:\/\/droix.eu\/es\/product\/almacenamiento-nvme-steam-deck-2230-de-kingspec\/#breadcrumblist","itemListElement":[{"@type":"ListItem","@id":"https:\/\/droix.eu\/es\/#listItem","position":1,"name":"Home","item":"https:\/\/droix.eu\/es\/","nextItem":{"@type":"ListItem","@id":"https:\/\/droix.eu\/es\/product-category\/hardware-es\/#listItem","name":"Hardware"}},{"@type":"ListItem","@id":"https:\/\/droix.eu\/es\/product-category\/hardware-es\/#listItem","position":2,"name":"Hardware","item":"https:\/\/droix.eu\/es\/product-category\/hardware-es\/","nextItem":{"@type":"ListItem","@id":"https:\/\/droix.eu\/es\/product-category\/hardware-es\/hardware-informatico\/#listItem","name":"Hardware inform\u00e1tico"},"previousItem":{"@type":"ListItem","@id":"https:\/\/droix.eu\/es\/#listItem","name":"Home"}},{"@type":"ListItem","@id":"https:\/\/droix.eu\/es\/product-category\/hardware-es\/hardware-informatico\/#listItem","position":3,"name":"Hardware inform\u00e1tico","item":"https:\/\/droix.eu\/es\/product-category\/hardware-es\/hardware-informatico\/","nextItem":{"@type":"ListItem","@id":"https:\/\/droix.eu\/es\/product\/almacenamiento-nvme-steam-deck-2230-de-kingspec\/#listItem","name":"Almacenamiento NVMe Steam Deck 2230 de KingSpec"},"previousItem":{"@type":"ListItem","@id":"https:\/\/droix.eu\/es\/product-category\/hardware-es\/#listItem","name":"Hardware"}},{"@type":"ListItem","@id":"https:\/\/droix.eu\/es\/product\/almacenamiento-nvme-steam-deck-2230-de-kingspec\/#listItem","position":4,"name":"Almacenamiento NVMe Steam Deck 2230 de KingSpec","previousItem":{"@type":"ListItem","@id":"https:\/\/droix.eu\/es\/product-category\/hardware-es\/hardware-informatico\/#listItem","name":"Hardware inform\u00e1tico"}}]},{"@type":"Organization","@id":"https:\/\/droix.eu\/es\/#organization","name":"DroiX \u2013 Trusted EU Tech Retailer with 12+ Years Experience","description":"DroiX is a leading European technology retailer with over 12 years of experience, offering quality mini PCs, handheld gaming consoles, and tech accessories. We provide hassle-free EU delivery with all taxes included, ensuring a smooth and reliable shopping experience for our customers across Europe.","url":"https:\/\/droix.eu\/es\/","logo":{"@type":"ImageObject","url":"https:\/\/droix.eu\/wp-content\/uploads\/2024\/06\/droix-v2-light-logo.png","@id":"https:\/\/droix.eu\/es\/product\/almacenamiento-nvme-steam-deck-2230-de-kingspec\/#organizationLogo","width":380,"height":118},"image":{"@id":"https:\/\/droix.eu\/es\/product\/almacenamiento-nvme-steam-deck-2230-de-kingspec\/#organizationLogo"},"sameAs":["https:\/\/www.facebook.com\/DroiX.Store","https:\/\/twitter.com\/DroiX_Store","https:\/\/www.instagram.com\/droix.store\/","https:\/\/www.tiktok.com\/@droix.store","https:\/\/www.youtube.com\/c\/DroiX_Store","https:\/\/uk.linkedin.com\/company\/droix"]},{"@type":"ProductGroup","@id":"https:\/\/droix.eu\/es\/product\/almacenamiento-nvme-steam-deck-2230-de-kingspec\/#wooCommerceProduct","name":"Almacenamiento NVMe Steam Deck 2230 de KingSpec","description":"Velocidades NVMe r\u00e1pidas\n \tCompatible con SteamDeck y GPD WIN Max 2  \n \t3 a\u00f1os de garant\u00eda","url":"https:\/\/droix.eu\/es\/product\/almacenamiento-nvme-steam-deck-2230-de-kingspec\/","image":{"@type":"ImageObject","url":"https:\/\/droix.eu\/wp-content\/uploads\/2022\/12\/22_30NVME-LISTING-PICTURE-1TB-1.png","@id":"https:\/\/droix.eu\/es\/product\/almacenamiento-nvme-steam-deck-2230-de-kingspec\/#productImage","width":1500,"height":1500,"caption":"Almacenamiento KingSpec 1TB NVME 2230"},"productGroupID":532607,"hasVariant":[{"@type":"Product","@id":"https:\/\/droix.eu\/es\/product\/almacenamiento-nvme-steam-deck-2230-de-kingspec\/#wooCommerceProduct","name":"Almacenamiento NVMe Steam Deck 2230 de KingSpec - 512gb","description":"Velocidades NVMe r\u00e1pidas\n \tCompatible con SteamDeck y GPD WIN Max 2  \n \t3 a\u00f1os de garant\u00eda","url":"https:\/\/droix.eu\/es\/product\/almacenamiento-nvme-steam-deck-2230-de-kingspec\/","sku":"KINGSPEC-NVME-2230-512GB","image":{"@type":"ImageObject","url":"https:\/\/droix.eu\/wp-content\/uploads\/2022\/12\/22_30NVME-LISTING-PICTURE-512GB-1.png","@id":"https:\/\/droix.eu\/es\/product\/almacenamiento-nvme-steam-deck-2230-de-kingspec\/#productImage","width":1500,"height":1500,"caption":"Almacenamiento KingSpec 512GB NVME 2230"},"offers":{"@type":"Offer","url":"https:\/\/droix.eu\/es\/product\/almacenamiento-nvme-steam-deck-2230-de-kingspec\/#wooCommerceOffer","price":"59.95","priceCurrency":"EUR","category":"Hardware","availability":"https:\/\/schema.org\/OutOfStock","priceSpecification":{"@type":"PriceSpecification","price":59.95,"priceCurrency":"EUR","valueAddedTaxIncluded":"true"}}}]},{"@type":"WebPage","@id":"https:\/\/droix.eu\/es\/product\/almacenamiento-nvme-steam-deck-2230-de-kingspec\/#webpage","url":"https:\/\/droix.eu\/es\/product\/almacenamiento-nvme-steam-deck-2230-de-kingspec\/","name":"Almacenamiento NVMe Steam Deck 2230 de KingSpec - DROIX EU","description":"Velocidades NVMe r\u00e1pidas Compatible con SteamDeck y GPD WIN Max 2 3 a\u00f1os de garant\u00eda El paquete incluye 1x SSD NVMe 22*30","inLanguage":"es-ES","isPartOf":{"@id":"https:\/\/droix.eu\/es\/#website"},"breadcrumb":{"@id":"https:\/\/droix.eu\/es\/product\/almacenamiento-nvme-steam-deck-2230-de-kingspec\/#breadcrumblist"},"image":{"@type":"ImageObject","url":"https:\/\/droix.eu\/wp-content\/uploads\/2022\/12\/22_30NVME-LISTING-PICTURE-1TB-1.png","@id":"https:\/\/droix.eu\/es\/product\/almacenamiento-nvme-steam-deck-2230-de-kingspec\/#mainImage","width":1500,"height":1500,"caption":"Almacenamiento KingSpec 1TB NVME 2230"},"primaryImageOfPage":{"@id":"https:\/\/droix.eu\/es\/product\/almacenamiento-nvme-steam-deck-2230-de-kingspec\/#mainImage"},"datePublished":"2022-12-20T15:00:27+00:00","dateModified":"2025-09-05T15:19:45+01:00"},{"@type":"WebSite","@id":"https:\/\/droix.eu\/es\/#website","url":"https:\/\/droix.eu\/es\/","name":"DROIX EU","description":"Get the latest Mini PCs, Ultrabook, PC Gaming Handhelds and more!","inLanguage":"es-ES","publisher":{"@id":"https:\/\/droix.eu\/es\/#organization"}}]},"og:locale":"es_ES","og:site_name":"DROIX EU - Get the latest Mini PCs, Ultrabook, PC Gaming Handhelds and more!","og:type":"article","og:title":"Almacenamiento NVMe Steam Deck 2230 de KingSpec - DROIX EU","og:description":"Velocidades NVMe r\u00e1pidas Compatible con SteamDeck y GPD WIN Max 2 3 a\u00f1os de garant\u00eda El paquete incluye 1x SSD NVMe 22*30","og:url":"https:\/\/droix.eu\/es\/product\/almacenamiento-nvme-steam-deck-2230-de-kingspec\/","og:image":"https:\/\/droix.eu\/wp-content\/uploads\/2024\/06\/droix-v2-light-logo.png","og:image:secure_url":"https:\/\/droix.eu\/wp-content\/uploads\/2024\/06\/droix-v2-light-logo.png","og:image:width":380,"og:image:height":118,"article:published_time":"2022-12-20T15:00:27+00:00","article:modified_time":"2025-09-05T14:19:45+00:00","article:publisher":"https:\/\/www.facebook.com\/DroiX.Store","twitter:card":"summary_large_image","twitter:site":"@DroiX_Store","twitter:title":"Almacenamiento NVMe Steam Deck 2230 de KingSpec - DROIX EU","twitter:description":"Velocidades NVMe r\u00e1pidas Compatible con SteamDeck y GPD WIN Max 2 3 a\u00f1os de garant\u00eda El paquete incluye 1x SSD NVMe 22*30","twitter:image":"https:\/\/droix.eu\/wp-content\/uploads\/2024\/06\/droix-v2-light-logo.png"},"aioseo_meta_data":{"post_id":"532607","title":null,"description":null,"keywords":null,"keyphrases":null,"primary_term":null,"canonical_url":null,"og_title":null,"og_description":null,"og_object_type":"default","og_image_type":"default","og_image_url":null,"og_image_width":null,"og_image_height":null,"og_image_custom_url":null,"og_image_custom_fields":null,"og_video":null,"og_custom_url":null,"og_article_section":null,"og_article_tags":null,"twitter_use_og":true,"twitter_card":"default","twitter_image_type":"default","twitter_image_url":null,"twitter_image_custom_url":null,"twitter_image_custom_fields":null,"twitter_title":null,"twitter_description":null,"schema":{"blockGraphs":[],"customGraphs":[],"default":{"data":{"Article":[],"Course":[],"Dataset":[],"FAQPage":[],"Movie":[],"Person":[],"Product":[],"ProductReview":[],"Car":[],"Recipe":[],"Service":[],"SoftwareApplication":[],"WebPage":[]},"graphName":"","isEnabled":true},"graphs":[]},"schema_type":"default","schema_type_options":null,"pillar_content":false,"robots_default":true,"robots_noindex":false,"robots_noarchive":false,"robots_nosnippet":false,"robots_nofollow":false,"robots_noimageindex":false,"robots_noodp":false,"robots_notranslate":false,"robots_max_snippet":null,"robots_max_videopreview":null,"robots_max_imagepreview":"large","priority":null,"frequency":null,"local_seo":null,"seo_analyzer_scan_date":"2025-10-24 12:03:20","breadcrumb_settings":null,"limit_modified_date":false,"reviewed_by":null,"open_ai":null,"ai":null,"created":"2025-10-09 04:05:25","updated":"2025-11-27 02:11:29"},"aioseo_breadcrumb":"<div class=\"aioseo-breadcrumbs\"><span class=\"aioseo-breadcrumb\">\n\t<a href=\"https:\/\/droix.eu\/es\/\" title=\"Home\">Home<\/a>\n<\/span><span class=\"aioseo-breadcrumb-separator\">&raquo;<\/span><span class=\"aioseo-breadcrumb\">\n\t<a href=\"https:\/\/droix.eu\/es\/product-category\/hardware-es\/\" title=\"Hardware\">Hardware<\/a>\n<\/span><span class=\"aioseo-breadcrumb-separator\">&raquo;<\/span><span class=\"aioseo-breadcrumb\">\n\t<a href=\"https:\/\/droix.eu\/es\/product-category\/hardware-es\/hardware-informatico\/\" title=\"Hardware inform\u00e1tico\">Hardware inform\u00e1tico<\/a>\n<\/span><span class=\"aioseo-breadcrumb-separator\">&raquo;<\/span><span class=\"aioseo-breadcrumb\">\n\tAlmacenamiento NVMe Steam Deck 2230 de KingSpec\n<\/span><\/div>","aioseo_breadcrumb_json":[{"label":"Home","link":"https:\/\/droix.eu\/es\/"},{"label":"Hardware","link":"https:\/\/droix.eu\/es\/product-category\/hardware-es\/"},{"label":"Hardware inform\u00e1tico","link":"https:\/\/droix.eu\/es\/product-category\/hardware-es\/hardware-informatico\/"},{"label":"Almacenamiento NVMe Steam Deck 2230 de KingSpec","link":"https:\/\/droix.eu\/es\/product\/almacenamiento-nvme-steam-deck-2230-de-kingspec\/"}],"_links":{"self":[{"href":"https:\/\/droix.eu\/es\/wp-json\/wp\/v2\/product\/532607","targetHints":{"allow":["GET"]}}],"collection":[{"href":"https:\/\/droix.eu\/es\/wp-json\/wp\/v2\/product"}],"about":[{"href":"https:\/\/droix.eu\/es\/wp-json\/wp\/v2\/types\/product"}],"version-history":[{"count":0,"href":"https:\/\/droix.eu\/es\/wp-json\/wp\/v2\/product\/532607\/revisions"}],"wp:featuredmedia":[{"embeddable":true,"href":"https:\/\/droix.eu\/es\/wp-json\/wp\/v2\/media\/342447"}],"wp:attachment":[{"href":"https:\/\/droix.eu\/es\/wp-json\/wp\/v2\/media?parent=532607"}],"wp:term":[{"taxonomy":"product_brand","embeddable":true,"href":"https:\/\/droix.eu\/es\/wp-json\/wp\/v2\/product_brand?post=532607"},{"taxonomy":"product_cat","embeddable":true,"href":"https:\/\/droix.eu\/es\/wp-json\/wp\/v2\/product_cat?post=532607"},{"taxonomy":"product_tag","embeddable":true,"href":"https:\/\/droix.eu\/es\/wp-json\/wp\/v2\/product_tag?post=532607"},{"taxonomy":"woo-feed-brand","embeddable":true,"href":"https:\/\/droix.eu\/es\/wp-json\/wp\/v2\/woo-feed-brand?post=532607"},{"taxonomy":"key-features","embeddable":true,"href":"https:\/\/droix.eu\/es\/wp-json\/wp\/v2\/key-features?post=532607"}],"curies":[{"name":"wp","href":"https:\/\/api.w.org\/{rel}","templated":true}]}}