{"id":526072,"date":"2022-01-07T15:00:20","date_gmt":"2022-01-07T15:00:20","guid":{"rendered":"https:\/\/droix.eu\/product\/modulo-kvm-y-rs-232-para-gpd-pocket-3\/"},"modified":"2025-12-15T00:02:31","modified_gmt":"2025-12-15T00:02:31","slug":"modulo-kvm-y-rs-232-para-gpd-pocket-3","status":"publish","type":"product","link":"https:\/\/droix.eu\/es\/product\/modulo-kvm-y-rs-232-para-gpd-pocket-3\/","title":{"rendered":"GPD Pocket 3 M\u00f3dulo KVM y RS-232"},"content":{"rendered":"<p>El GPD Pocket 3 est\u00e1 equipado con un m\u00f3dulo KVM que permite controlar c\u00f3modamente los servidores. Del mismo modo, el m\u00f3dulo RS232 permite integrar un aut\u00e9ntico puerto RS232, lo que lo convierte en una excelente opci\u00f3n para depurar sistemas o manejar fresadoras CNC profesionales.<\/p>\n<p>Ambos m\u00f3dulos est\u00e1n incluidos en el paquete.<\/p>\n<p>Adem\u00e1s, el GPD Pocket 3 viene con un m\u00f3dulo USB-A por defecto. En caso necesario, este m\u00f3dulo puede sustituirse por cualquiera de los dos m\u00f3dulos suministrados.<\/p>\n","protected":false},"excerpt":{"rendered":"<ul>\n<li><strong>Accesorio oficial GPD<\/strong><\/li>\n<li>Paquete combinado con <strong>dos<\/strong> m\u00f3dulos de expansi\u00f3n<\/li>\n<li>Con\u00e9ctese y controle servidores a trav\u00e9s del m\u00f3dulo <strong>KVM<\/strong><\/li>\n<li>Interact\u00fae con m\u00e1quinas industriales mediante <strong>RS232<\/strong><\/li>\n<\/ul>\n[cg_accordion title=\"Garant\u00eda de 2 a\u00f1os para todos los productos GPD\"]<\/p>\n<p>Todos los productos GPD tienen una garant\u00eda de 2 a\u00f1os y est\u00e1n respaldados por m\u00e1s de 13 a\u00f1os de servicio de confianza. \u00danase a nuestra comunidad de m\u00e1s de 500.000 clientes satisfechos y conf\u00ede en su compra. [\/cg_accordion]\n[cg_accordion title=\"Garant\u00eda de calidad y pruebas previas a la expedici\u00f3n\"]<\/p>\n<p>Garantizamos la satisfacci\u00f3n del cliente al m\u00e1s alto nivel: Cada dispositivo se somete a rigurosas pruebas y a un control de calidad de m\u00faltiples puntos antes de ser enviado. Nuestro equipo especializado verifica el rendimiento, la funcionalidad y la integridad de los componentes para garantizar que su dispositivo GPD est\u00e9 en perfecto estado de funcionamiento a su llegada, proporcion\u00e1ndole confianza y tranquilidad. [\/cg_accordion]\n[cg_accordion title=\"Opciones de pago flexibles y seguras\"]<\/p>\n<p>Disfruta de la tranquilidad de nuestro sistema de pago seguro. Admitimos los principales m\u00e9todos de pago, como tarjetas de d\u00e9bito\/cr\u00e9dito, PayPal, Apple Pay, Google Pay, Klarna, Afterpay y Affirm, lo que te da la libertad de pagar a tu manera, ya sea por adelantado o en c\u00f3modos plazos. [\/cg_accordion]\n[cg_accordion title=\"Impuestos\"]<\/p>\n<p>Los precios incluyen el IVA aplicable, que puede llegar al 25% seg\u00fan el pa\u00eds. El importe exacto se muestra durante el proceso de pago para garantizar una total transparencia. [\/cg_accordion]\n[cg_accordion title=\"Env\u00edos y devoluciones\"]<\/p>\n<p>Trabajamos con m\u00e1s de 10 socios de env\u00edo de confianza para garantizar que su pedido llegue de forma r\u00e1pida, segura y fiable.<\/p>\n<p>Utilizamos el env\u00edo Express DDP (Delivered Duty Paid). Esto significa: <\/p>\n<li>Todos los derechos de aduana e impuestos est\u00e1n incluidos en el precio del producto.<\/li>\n<li>No tendr\u00e1 que hacer frente a ning\u00fan gasto sorpresa en el momento de la entrega.<\/li>\n<li>En el raro caso de que se produzcan retrasos en las aduanas, nuestro equipo gestionar\u00e1 el proceso de despacho por usted para garantizar una entrega sin contratiempos.<\/li>\n<p>Informaci\u00f3n importante sobre devoluciones:<\/p>\n<li>Si devuelve su pedido o solicita un reembolso, tenga en cuenta que los impuestos y aranceles pagados en su nombre con arreglo a las condiciones del DDP no son reembolsables.<\/li>\n<p>Consulte nuestras <a href=\"https:\/\/droix.eu\/es\/terminos-y-condiciones\/\" target=\"_blank\" rel=\"nofollow noopener\">Condiciones generales<\/a> para obtener informaci\u00f3n detallada.\n<\/ul>\n<p>[\/cg_accordion]\n[cg_accordion title=\"Atenci\u00f3n al cliente\"]<\/p>\n<p>\u00bfTiene alguna pregunta? Estamos a un paso de resolver su problema. [\/cg_accordion]\n[cg_accordion title=\"El paquete incluye\"]<\/p>\n<ul>\n<li>1x M\u00f3dulo KVM y RS-232<\/li>\n<\/ul>\n<p>[\/cg_accordion]\n","protected":false},"featured_media":293632,"template":"","meta":{"_acf_changed":false},"product_brand":[],"product_cat":[13329,13373],"product_tag":[],"woo-feed-brand":[2198],"key-features":[],"class_list":{"0":"post-526072","1":"product","2":"type-product","3":"status-publish","4":"has-post-thumbnail","6":"product_cat-accesorios","7":"product_cat-accesorios-para-portatiles","8":"product_shipping_class-low-end","9":"pa_brands-gpd-es","10":"pa_compatibility-gpd-bolsillo-3","11":"woo-feed-brand-gpd","13":"first","14":"instock","15":"sale","16":"taxable","17":"shipping-taxable","18":"purchasable","19":"product-type-simple"},"acf":[],"aioseo_notices":[],"aioseo_head":"\n\t\t<!-- All in One SEO Pro 4.9.6.2 - aioseo.com -->\n\t<meta name=\"description\" content=\"Accesorio oficial GPD Paquete combinado con dos m\u00f3dulos de expansi\u00f3n Con\u00e9ctese y controle servidores a trav\u00e9s del m\u00f3dulo KVM Interact\u00fae con m\u00e1quinas industriales mediante RS232\" \/>\n\t<meta name=\"robots\" content=\"max-image-preview:large\" \/>\n\t<link rel=\"canonical\" href=\"https:\/\/droix.eu\/es\/product\/modulo-kvm-y-rs-232-para-gpd-pocket-3\/\" \/>\n\t<meta name=\"generator\" content=\"All in One SEO Pro (AIOSEO) 4.9.6.2\" \/>\n\t\t<meta property=\"og:locale\" content=\"es_ES\" \/>\n\t\t<meta property=\"og:site_name\" content=\"DROIX EU - Get the latest Mini PCs, Ultrabook, PC Gaming Handhelds and more!\" \/>\n\t\t<meta property=\"og:type\" content=\"article\" \/>\n\t\t<meta property=\"og:title\" content=\"GPD Pocket 3 M\u00f3dulo KVM y RS-232 - DROIX EU\" \/>\n\t\t<meta property=\"og:description\" content=\"Accesorio oficial GPD Paquete combinado con dos m\u00f3dulos de expansi\u00f3n Con\u00e9ctese y controle servidores a trav\u00e9s del m\u00f3dulo KVM Interact\u00fae con m\u00e1quinas industriales mediante RS232\" \/>\n\t\t<meta property=\"og:url\" content=\"https:\/\/droix.eu\/es\/product\/modulo-kvm-y-rs-232-para-gpd-pocket-3\/\" \/>\n\t\t<meta property=\"og:image\" content=\"https:\/\/droix.eu\/wp-content\/uploads\/2024\/06\/droix-v2-light-logo.png\" \/>\n\t\t<meta property=\"og:image:secure_url\" content=\"https:\/\/droix.eu\/wp-content\/uploads\/2024\/06\/droix-v2-light-logo.png\" \/>\n\t\t<meta property=\"og:image:width\" content=\"380\" \/>\n\t\t<meta property=\"og:image:height\" content=\"118\" \/>\n\t\t<meta property=\"article:published_time\" content=\"2022-01-07T15:00:20+00:00\" \/>\n\t\t<meta property=\"article:modified_time\" content=\"2025-12-15T00:02:31+00:00\" \/>\n\t\t<meta property=\"article:publisher\" content=\"https:\/\/www.facebook.com\/DroiX.Store\" \/>\n\t\t<meta name=\"twitter:card\" content=\"summary_large_image\" \/>\n\t\t<meta name=\"twitter:site\" content=\"@DroiX_Store\" \/>\n\t\t<meta name=\"twitter:title\" content=\"GPD Pocket 3 M\u00f3dulo KVM y RS-232 - DROIX EU\" \/>\n\t\t<meta name=\"twitter:description\" content=\"Accesorio oficial GPD Paquete combinado con dos m\u00f3dulos de expansi\u00f3n Con\u00e9ctese y controle servidores a trav\u00e9s del m\u00f3dulo KVM Interact\u00fae con m\u00e1quinas industriales mediante RS232\" \/>\n\t\t<meta name=\"twitter:image\" content=\"https:\/\/droix.eu\/wp-content\/uploads\/2024\/06\/droix-v2-light-logo.png\" \/>\n\t\t<script type=\"application\/ld+json\" class=\"aioseo-schema\">\n\t\t\t{\"@context\":\"https:\\\/\\\/schema.org\",\"@graph\":[{\"@type\":\"BreadcrumbList\",\"@id\":\"https:\\\/\\\/droix.eu\\\/es\\\/product\\\/modulo-kvm-y-rs-232-para-gpd-pocket-3\\\/#breadcrumblist\",\"itemListElement\":[{\"@type\":\"ListItem\",\"@id\":\"https:\\\/\\\/droix.eu\\\/es\\\/#listItem\",\"position\":1,\"name\":\"Home\",\"item\":\"https:\\\/\\\/droix.eu\\\/es\\\/\",\"nextItem\":{\"@type\":\"ListItem\",\"@id\":\"https:\\\/\\\/droix.eu\\\/es\\\/product-category\\\/accesorios\\\/#listItem\",\"name\":\"Accesorios\"}},{\"@type\":\"ListItem\",\"@id\":\"https:\\\/\\\/droix.eu\\\/es\\\/product-category\\\/accesorios\\\/#listItem\",\"position\":2,\"name\":\"Accesorios\",\"item\":\"https:\\\/\\\/droix.eu\\\/es\\\/product-category\\\/accesorios\\\/\",\"nextItem\":{\"@type\":\"ListItem\",\"@id\":\"https:\\\/\\\/droix.eu\\\/es\\\/product-category\\\/accesorios\\\/accesorios-para-portatiles\\\/#listItem\",\"name\":\"Accesorios para port\\u00e1tiles\"},\"previousItem\":{\"@type\":\"ListItem\",\"@id\":\"https:\\\/\\\/droix.eu\\\/es\\\/#listItem\",\"name\":\"Home\"}},{\"@type\":\"ListItem\",\"@id\":\"https:\\\/\\\/droix.eu\\\/es\\\/product-category\\\/accesorios\\\/accesorios-para-portatiles\\\/#listItem\",\"position\":3,\"name\":\"Accesorios para port\\u00e1tiles\",\"item\":\"https:\\\/\\\/droix.eu\\\/es\\\/product-category\\\/accesorios\\\/accesorios-para-portatiles\\\/\",\"nextItem\":{\"@type\":\"ListItem\",\"@id\":\"https:\\\/\\\/droix.eu\\\/es\\\/product\\\/modulo-kvm-y-rs-232-para-gpd-pocket-3\\\/#listItem\",\"name\":\"GPD Pocket 3 M\\u00f3dulo KVM y RS-232\"},\"previousItem\":{\"@type\":\"ListItem\",\"@id\":\"https:\\\/\\\/droix.eu\\\/es\\\/product-category\\\/accesorios\\\/#listItem\",\"name\":\"Accesorios\"}},{\"@type\":\"ListItem\",\"@id\":\"https:\\\/\\\/droix.eu\\\/es\\\/product\\\/modulo-kvm-y-rs-232-para-gpd-pocket-3\\\/#listItem\",\"position\":4,\"name\":\"GPD Pocket 3 M\\u00f3dulo KVM y RS-232\",\"previousItem\":{\"@type\":\"ListItem\",\"@id\":\"https:\\\/\\\/droix.eu\\\/es\\\/product-category\\\/accesorios\\\/accesorios-para-portatiles\\\/#listItem\",\"name\":\"Accesorios para port\\u00e1tiles\"}}]},{\"@type\":\"Organization\",\"@id\":\"https:\\\/\\\/droix.eu\\\/es\\\/#organization\",\"name\":\"DroiX \\u2013 Trusted EU Tech Retailer with 12+ Years Experience\",\"description\":\"DroiX is a leading European technology retailer with over 12 years of experience, offering quality mini PCs, handheld gaming consoles, and tech accessories. We provide hassle-free EU delivery with all taxes included, ensuring a smooth and reliable shopping experience for our customers across Europe.\",\"url\":\"https:\\\/\\\/droix.eu\\\/es\\\/\",\"logo\":{\"@type\":\"ImageObject\",\"url\":\"https:\\\/\\\/droix.eu\\\/wp-content\\\/uploads\\\/2024\\\/06\\\/droix-v2-light-logo.png\",\"@id\":\"https:\\\/\\\/droix.eu\\\/es\\\/product\\\/modulo-kvm-y-rs-232-para-gpd-pocket-3\\\/#organizationLogo\",\"width\":380,\"height\":118},\"image\":{\"@id\":\"https:\\\/\\\/droix.eu\\\/es\\\/product\\\/modulo-kvm-y-rs-232-para-gpd-pocket-3\\\/#organizationLogo\"},\"sameAs\":[\"https:\\\/\\\/www.facebook.com\\\/DroiX.Store\",\"https:\\\/\\\/twitter.com\\\/DroiX_Store\",\"https:\\\/\\\/www.instagram.com\\\/droix.store\\\/\",\"https:\\\/\\\/www.tiktok.com\\\/@droix.store\",\"https:\\\/\\\/www.youtube.com\\\/c\\\/DroiX_Store\",\"https:\\\/\\\/uk.linkedin.com\\\/company\\\/droix\"]},{\"@type\":\"Product\",\"@id\":\"https:\\\/\\\/droix.eu\\\/es\\\/product\\\/modulo-kvm-y-rs-232-para-gpd-pocket-3\\\/#wooCommerceProduct\",\"name\":\"GPD Pocket 3 M\\u00f3dulo KVM y RS-232\",\"description\":\"Accesorio oficial GPD\\n \\tPaquete combinado con dos m\\u00f3dulos de expansi\\u00f3n\\n \\tCon\\u00e9ctese y controle servidores a trav\\u00e9s del m\\u00f3dulo KVM\\n \\tInteract\\u00fae con m\\u00e1quinas industriales mediante RS232\",\"url\":\"https:\\\/\\\/droix.eu\\\/es\\\/product\\\/modulo-kvm-y-rs-232-para-gpd-pocket-3\\\/\",\"sku\":\"GPD-POCKET-3-EXPANSION-MODULE-KVM-RS\",\"gtin\":\"5060763672192\",\"image\":{\"@type\":\"ImageObject\",\"url\":\"https:\\\/\\\/droix.eu\\\/wp-content\\\/uploads\\\/2022\\\/01\\\/GPD-POCKET-3-KVM-RS232-MODULE-LISTING-IMAGE-1.png\",\"@id\":\"https:\\\/\\\/droix.eu\\\/es\\\/product\\\/modulo-kvm-y-rs-232-para-gpd-pocket-3\\\/#productImage\",\"width\":1000,\"height\":1000,\"caption\":\"GPD Pocket 3 M\\u00f3dulo de expansi\\u00f3n KVM y RS232\"},\"offers\":{\"@type\":\"Offer\",\"url\":\"https:\\\/\\\/droix.eu\\\/es\\\/product\\\/modulo-kvm-y-rs-232-para-gpd-pocket-3\\\/#wooCommerceOffer\",\"price\":114.33,\"priceCurrency\":\"EUR\",\"category\":\"Accesorios\",\"availability\":\"https:\\\/\\\/schema.org\\\/InStock\",\"priceSpecification\":{\"@type\":\"PriceSpecification\",\"price\":114.33,\"priceCurrency\":\"EUR\",\"valueAddedTaxIncluded\":\"true\"},\"seller\":{\"@type\":\"Organization\",\"@id\":\"https:\\\/\\\/droix.eu\\\/es\\\/#organization\"}}},{\"@type\":\"WebPage\",\"@id\":\"https:\\\/\\\/droix.eu\\\/es\\\/product\\\/modulo-kvm-y-rs-232-para-gpd-pocket-3\\\/#webpage\",\"url\":\"https:\\\/\\\/droix.eu\\\/es\\\/product\\\/modulo-kvm-y-rs-232-para-gpd-pocket-3\\\/\",\"name\":\"GPD Pocket 3 M\\u00f3dulo KVM y RS-232 - DROIX EU\",\"description\":\"Accesorio oficial GPD Paquete combinado con dos m\\u00f3dulos de expansi\\u00f3n Con\\u00e9ctese y controle servidores a trav\\u00e9s del m\\u00f3dulo KVM Interact\\u00fae con m\\u00e1quinas industriales mediante RS232\",\"inLanguage\":\"es-ES\",\"isPartOf\":{\"@id\":\"https:\\\/\\\/droix.eu\\\/es\\\/#website\"},\"breadcrumb\":{\"@id\":\"https:\\\/\\\/droix.eu\\\/es\\\/product\\\/modulo-kvm-y-rs-232-para-gpd-pocket-3\\\/#breadcrumblist\"},\"image\":{\"@type\":\"ImageObject\",\"url\":\"https:\\\/\\\/droix.eu\\\/wp-content\\\/uploads\\\/2022\\\/01\\\/GPD-POCKET-3-KVM-RS232-MODULE-LISTING-IMAGE-1.png\",\"@id\":\"https:\\\/\\\/droix.eu\\\/es\\\/product\\\/modulo-kvm-y-rs-232-para-gpd-pocket-3\\\/#mainImage\",\"width\":1000,\"height\":1000,\"caption\":\"GPD Pocket 3 M\\u00f3dulo de expansi\\u00f3n KVM y RS232\"},\"primaryImageOfPage\":{\"@id\":\"https:\\\/\\\/droix.eu\\\/es\\\/product\\\/modulo-kvm-y-rs-232-para-gpd-pocket-3\\\/#mainImage\"},\"datePublished\":\"2022-01-07T15:00:20+00:00\",\"dateModified\":\"2025-12-15T00:02:31+00:00\"},{\"@type\":\"WebSite\",\"@id\":\"https:\\\/\\\/droix.eu\\\/es\\\/#website\",\"url\":\"https:\\\/\\\/droix.eu\\\/es\\\/\",\"name\":\"DROIX EU\",\"description\":\"Get the latest Mini PCs, Ultrabook, PC Gaming Handhelds and more!\",\"inLanguage\":\"es-ES\",\"publisher\":{\"@id\":\"https:\\\/\\\/droix.eu\\\/es\\\/#organization\"}}]}\n\t\t<\/script>\n\t\t<!-- All in One SEO Pro -->\r\n\t\t<title>GPD Pocket 3 M\u00f3dulo KVM y RS-232 - DROIX EU<\/title>\n\n","aioseo_head_json":{"title":"GPD Pocket 3 M\u00f3dulo KVM y RS-232 - DROIX EU","description":"Accesorio oficial GPD Paquete combinado con dos m\u00f3dulos de expansi\u00f3n Con\u00e9ctese y controle servidores a trav\u00e9s del m\u00f3dulo KVM Interact\u00fae con m\u00e1quinas industriales mediante RS232","canonical_url":"https:\/\/droix.eu\/es\/product\/modulo-kvm-y-rs-232-para-gpd-pocket-3\/","robots":"max-image-preview:large","keywords":"","webmasterTools":{"miscellaneous":""},"schema":{"@context":"https:\/\/schema.org","@graph":[{"@type":"BreadcrumbList","@id":"https:\/\/droix.eu\/es\/product\/modulo-kvm-y-rs-232-para-gpd-pocket-3\/#breadcrumblist","itemListElement":[{"@type":"ListItem","@id":"https:\/\/droix.eu\/es\/#listItem","position":1,"name":"Home","item":"https:\/\/droix.eu\/es\/","nextItem":{"@type":"ListItem","@id":"https:\/\/droix.eu\/es\/product-category\/accesorios\/#listItem","name":"Accesorios"}},{"@type":"ListItem","@id":"https:\/\/droix.eu\/es\/product-category\/accesorios\/#listItem","position":2,"name":"Accesorios","item":"https:\/\/droix.eu\/es\/product-category\/accesorios\/","nextItem":{"@type":"ListItem","@id":"https:\/\/droix.eu\/es\/product-category\/accesorios\/accesorios-para-portatiles\/#listItem","name":"Accesorios para port\u00e1tiles"},"previousItem":{"@type":"ListItem","@id":"https:\/\/droix.eu\/es\/#listItem","name":"Home"}},{"@type":"ListItem","@id":"https:\/\/droix.eu\/es\/product-category\/accesorios\/accesorios-para-portatiles\/#listItem","position":3,"name":"Accesorios para port\u00e1tiles","item":"https:\/\/droix.eu\/es\/product-category\/accesorios\/accesorios-para-portatiles\/","nextItem":{"@type":"ListItem","@id":"https:\/\/droix.eu\/es\/product\/modulo-kvm-y-rs-232-para-gpd-pocket-3\/#listItem","name":"GPD Pocket 3 M\u00f3dulo KVM y RS-232"},"previousItem":{"@type":"ListItem","@id":"https:\/\/droix.eu\/es\/product-category\/accesorios\/#listItem","name":"Accesorios"}},{"@type":"ListItem","@id":"https:\/\/droix.eu\/es\/product\/modulo-kvm-y-rs-232-para-gpd-pocket-3\/#listItem","position":4,"name":"GPD Pocket 3 M\u00f3dulo KVM y RS-232","previousItem":{"@type":"ListItem","@id":"https:\/\/droix.eu\/es\/product-category\/accesorios\/accesorios-para-portatiles\/#listItem","name":"Accesorios para port\u00e1tiles"}}]},{"@type":"Organization","@id":"https:\/\/droix.eu\/es\/#organization","name":"DroiX \u2013 Trusted EU Tech Retailer with 12+ Years Experience","description":"DroiX is a leading European technology retailer with over 12 years of experience, offering quality mini PCs, handheld gaming consoles, and tech accessories. We provide hassle-free EU delivery with all taxes included, ensuring a smooth and reliable shopping experience for our customers across Europe.","url":"https:\/\/droix.eu\/es\/","logo":{"@type":"ImageObject","url":"https:\/\/droix.eu\/wp-content\/uploads\/2024\/06\/droix-v2-light-logo.png","@id":"https:\/\/droix.eu\/es\/product\/modulo-kvm-y-rs-232-para-gpd-pocket-3\/#organizationLogo","width":380,"height":118},"image":{"@id":"https:\/\/droix.eu\/es\/product\/modulo-kvm-y-rs-232-para-gpd-pocket-3\/#organizationLogo"},"sameAs":["https:\/\/www.facebook.com\/DroiX.Store","https:\/\/twitter.com\/DroiX_Store","https:\/\/www.instagram.com\/droix.store\/","https:\/\/www.tiktok.com\/@droix.store","https:\/\/www.youtube.com\/c\/DroiX_Store","https:\/\/uk.linkedin.com\/company\/droix"]},{"@type":"Product","@id":"https:\/\/droix.eu\/es\/product\/modulo-kvm-y-rs-232-para-gpd-pocket-3\/#wooCommerceProduct","name":"GPD Pocket 3 M\u00f3dulo KVM y RS-232","description":"Accesorio oficial GPD\n \tPaquete combinado con dos m\u00f3dulos de expansi\u00f3n\n \tCon\u00e9ctese y controle servidores a trav\u00e9s del m\u00f3dulo KVM\n \tInteract\u00fae con m\u00e1quinas industriales mediante RS232","url":"https:\/\/droix.eu\/es\/product\/modulo-kvm-y-rs-232-para-gpd-pocket-3\/","sku":"GPD-POCKET-3-EXPANSION-MODULE-KVM-RS","gtin":"5060763672192","image":{"@type":"ImageObject","url":"https:\/\/droix.eu\/wp-content\/uploads\/2022\/01\/GPD-POCKET-3-KVM-RS232-MODULE-LISTING-IMAGE-1.png","@id":"https:\/\/droix.eu\/es\/product\/modulo-kvm-y-rs-232-para-gpd-pocket-3\/#productImage","width":1000,"height":1000,"caption":"GPD Pocket 3 M\u00f3dulo de expansi\u00f3n KVM y RS232"},"offers":{"@type":"Offer","url":"https:\/\/droix.eu\/es\/product\/modulo-kvm-y-rs-232-para-gpd-pocket-3\/#wooCommerceOffer","price":114.33,"priceCurrency":"EUR","category":"Accesorios","availability":"https:\/\/schema.org\/InStock","priceSpecification":{"@type":"PriceSpecification","price":114.33,"priceCurrency":"EUR","valueAddedTaxIncluded":"true"},"seller":{"@type":"Organization","@id":"https:\/\/droix.eu\/es\/#organization"}}},{"@type":"WebPage","@id":"https:\/\/droix.eu\/es\/product\/modulo-kvm-y-rs-232-para-gpd-pocket-3\/#webpage","url":"https:\/\/droix.eu\/es\/product\/modulo-kvm-y-rs-232-para-gpd-pocket-3\/","name":"GPD Pocket 3 M\u00f3dulo KVM y RS-232 - DROIX EU","description":"Accesorio oficial GPD Paquete combinado con dos m\u00f3dulos de expansi\u00f3n Con\u00e9ctese y controle servidores a trav\u00e9s del m\u00f3dulo KVM Interact\u00fae con m\u00e1quinas industriales mediante RS232","inLanguage":"es-ES","isPartOf":{"@id":"https:\/\/droix.eu\/es\/#website"},"breadcrumb":{"@id":"https:\/\/droix.eu\/es\/product\/modulo-kvm-y-rs-232-para-gpd-pocket-3\/#breadcrumblist"},"image":{"@type":"ImageObject","url":"https:\/\/droix.eu\/wp-content\/uploads\/2022\/01\/GPD-POCKET-3-KVM-RS232-MODULE-LISTING-IMAGE-1.png","@id":"https:\/\/droix.eu\/es\/product\/modulo-kvm-y-rs-232-para-gpd-pocket-3\/#mainImage","width":1000,"height":1000,"caption":"GPD Pocket 3 M\u00f3dulo de expansi\u00f3n KVM y RS232"},"primaryImageOfPage":{"@id":"https:\/\/droix.eu\/es\/product\/modulo-kvm-y-rs-232-para-gpd-pocket-3\/#mainImage"},"datePublished":"2022-01-07T15:00:20+00:00","dateModified":"2025-12-15T00:02:31+00:00"},{"@type":"WebSite","@id":"https:\/\/droix.eu\/es\/#website","url":"https:\/\/droix.eu\/es\/","name":"DROIX EU","description":"Get the latest Mini PCs, Ultrabook, PC Gaming Handhelds and more!","inLanguage":"es-ES","publisher":{"@id":"https:\/\/droix.eu\/es\/#organization"}}]},"og:locale":"es_ES","og:site_name":"DROIX EU - Get the latest Mini PCs, Ultrabook, PC Gaming Handhelds and more!","og:type":"article","og:title":"GPD Pocket 3 M\u00f3dulo KVM y RS-232 - DROIX EU","og:description":"Accesorio oficial GPD Paquete combinado con dos m\u00f3dulos de expansi\u00f3n Con\u00e9ctese y controle servidores a trav\u00e9s del m\u00f3dulo KVM Interact\u00fae con m\u00e1quinas industriales mediante RS232","og:url":"https:\/\/droix.eu\/es\/product\/modulo-kvm-y-rs-232-para-gpd-pocket-3\/","og:image":"https:\/\/droix.eu\/wp-content\/uploads\/2024\/06\/droix-v2-light-logo.png","og:image:secure_url":"https:\/\/droix.eu\/wp-content\/uploads\/2024\/06\/droix-v2-light-logo.png","og:image:width":380,"og:image:height":118,"article:published_time":"2022-01-07T15:00:20+00:00","article:modified_time":"2025-12-15T00:02:31+00:00","article:publisher":"https:\/\/www.facebook.com\/DroiX.Store","twitter:card":"summary_large_image","twitter:site":"@DroiX_Store","twitter:title":"GPD Pocket 3 M\u00f3dulo KVM y RS-232 - DROIX EU","twitter:description":"Accesorio oficial GPD Paquete combinado con dos m\u00f3dulos de expansi\u00f3n Con\u00e9ctese y controle servidores a trav\u00e9s del m\u00f3dulo KVM Interact\u00fae con m\u00e1quinas industriales mediante RS232","twitter:image":"https:\/\/droix.eu\/wp-content\/uploads\/2024\/06\/droix-v2-light-logo.png"},"aioseo_meta_data":{"post_id":"526072","title":null,"description":null,"keywords":null,"keyphrases":{"focus":{"keyphrase":"","score":0,"analysis":{"keyphraseInTitle":{"score":0,"maxScore":9,"error":1}}},"additional":[]},"primary_term":null,"canonical_url":null,"og_title":null,"og_description":null,"og_object_type":"default","og_image_type":"default","og_image_url":null,"og_image_width":null,"og_image_height":null,"og_image_custom_url":null,"og_image_custom_fields":null,"og_video":"","og_custom_url":null,"og_article_section":null,"og_article_tags":null,"twitter_use_og":true,"twitter_card":"default","twitter_image_type":"default","twitter_image_url":null,"twitter_image_custom_url":null,"twitter_image_custom_fields":null,"twitter_title":null,"twitter_description":null,"schema":{"blockGraphs":[],"customGraphs":[],"default":{"data":{"Article":[],"Course":[],"Dataset":[],"FAQPage":[],"Movie":[],"Person":[],"Product":[],"ProductReview":[],"Car":[],"Recipe":[],"Service":[],"SoftwareApplication":[],"WebPage":[]},"graphName":"Product","isEnabled":true},"graphs":[]},"schema_type":"default","schema_type_options":null,"pillar_content":false,"robots_default":true,"robots_noindex":false,"robots_noarchive":false,"robots_nosnippet":false,"robots_nofollow":false,"robots_noimageindex":false,"robots_noodp":false,"robots_notranslate":false,"robots_max_snippet":"-1","robots_max_videopreview":"-1","robots_max_imagepreview":"large","priority":null,"frequency":"default","local_seo":null,"seo_analyzer_scan_date":"2025-10-24 08:36:44","breadcrumb_settings":null,"limit_modified_date":false,"reviewed_by":null,"open_ai":null,"ai":{"faqs":[],"keyPoints":[],"titles":[],"descriptions":[],"socialPosts":{"email":[],"linkedin":[],"twitter":[],"facebook":[],"instagram":[]}},"created":"2025-10-09 03:39:25","updated":"2026-01-24 12:15:00"},"aioseo_breadcrumb":"<div class=\"aioseo-breadcrumbs\"><span class=\"aioseo-breadcrumb\">\n\t<a href=\"https:\/\/droix.eu\/es\/\" title=\"Home\">Home<\/a>\n<\/span><span class=\"aioseo-breadcrumb-separator\">&raquo;<\/span><span class=\"aioseo-breadcrumb\">\n\t<a href=\"https:\/\/droix.eu\/es\/product-category\/accesorios\/\" title=\"Accesorios\">Accesorios<\/a>\n<\/span><span class=\"aioseo-breadcrumb-separator\">&raquo;<\/span><span class=\"aioseo-breadcrumb\">\n\t<a href=\"https:\/\/droix.eu\/es\/product-category\/accesorios\/accesorios-para-portatiles\/\" title=\"Accesorios para port\u00e1tiles\">Accesorios para port\u00e1tiles<\/a>\n<\/span><span class=\"aioseo-breadcrumb-separator\">&raquo;<\/span><span class=\"aioseo-breadcrumb\">\n\tGPD Pocket 3 M\u00f3dulo KVM y RS-232\n<\/span><\/div>","aioseo_breadcrumb_json":[{"label":"Home","link":"https:\/\/droix.eu\/es\/"},{"label":"Accesorios","link":"https:\/\/droix.eu\/es\/product-category\/accesorios\/"},{"label":"Accesorios para port\u00e1tiles","link":"https:\/\/droix.eu\/es\/product-category\/accesorios\/accesorios-para-portatiles\/"},{"label":"GPD Pocket 3 M\u00f3dulo KVM y RS-232","link":"https:\/\/droix.eu\/es\/product\/modulo-kvm-y-rs-232-para-gpd-pocket-3\/"}],"_links":{"self":[{"href":"https:\/\/droix.eu\/es\/wp-json\/wp\/v2\/product\/526072","targetHints":{"allow":["GET"]}}],"collection":[{"href":"https:\/\/droix.eu\/es\/wp-json\/wp\/v2\/product"}],"about":[{"href":"https:\/\/droix.eu\/es\/wp-json\/wp\/v2\/types\/product"}],"version-history":[{"count":0,"href":"https:\/\/droix.eu\/es\/wp-json\/wp\/v2\/product\/526072\/revisions"}],"wp:featuredmedia":[{"embeddable":true,"href":"https:\/\/droix.eu\/es\/wp-json\/wp\/v2\/media\/293632"}],"wp:attachment":[{"href":"https:\/\/droix.eu\/es\/wp-json\/wp\/v2\/media?parent=526072"}],"wp:term":[{"taxonomy":"product_brand","embeddable":true,"href":"https:\/\/droix.eu\/es\/wp-json\/wp\/v2\/product_brand?post=526072"},{"taxonomy":"product_cat","embeddable":true,"href":"https:\/\/droix.eu\/es\/wp-json\/wp\/v2\/product_cat?post=526072"},{"taxonomy":"product_tag","embeddable":true,"href":"https:\/\/droix.eu\/es\/wp-json\/wp\/v2\/product_tag?post=526072"},{"taxonomy":"woo-feed-brand","embeddable":true,"href":"https:\/\/droix.eu\/es\/wp-json\/wp\/v2\/woo-feed-brand?post=526072"},{"taxonomy":"key-features","embeddable":true,"href":"https:\/\/droix.eu\/es\/wp-json\/wp\/v2\/key-features?post=526072"}],"curies":[{"name":"wp","href":"https:\/\/api.w.org\/{rel}","templated":true}]}}