{"id":518948,"date":"2023-05-25T09:22:48","date_gmt":"2023-05-25T09:22:48","guid":{"rendered":"https:\/\/droix.eu\/product\/gpd-win-4-estuche-rigido\/"},"modified":"2026-01-22T14:42:15","modified_gmt":"2026-01-22T14:42:15","slug":"gpd-win-4-estuche-rigido","status":"publish","type":"product","link":"https:\/\/droix.eu\/es\/product\/gpd-win-4-estuche-rigido\/","title":{"rendered":"GPD WIN 4 Estuche r\u00edgido"},"content":{"rendered":"<p>Los <strong>GPD Win 4<\/strong> son potentes ordenadores port\u00e1tiles dise\u00f1ados para ofrecer una experiencia de juego envolvente en cualquier lugar. Para proteger estos dispositivos premium contra rasgu\u00f1os, golpes y otros da\u00f1os externos, un  <strong>estuche protector r\u00edgido<\/strong>  es necesario. La funda protectora r\u00edgida GPD WIN 4 es una funda duradera, ligera y elegante dise\u00f1ada espec\u00edficamente para estos dispositivos port\u00e1tiles de juego. La funda est\u00e1 fabricada con materiales de alta calidad, como policarbonato y pl\u00e1stico ABS, que proporcionan una protecci\u00f3n superior contra impactos, ara\u00f1azos y otros da\u00f1os externos. El interior de la funda est\u00e1 forrado con un tejido suave y liso que proporciona una protecci\u00f3n adicional contra ara\u00f1azos y polvo. La funda tambi\u00e9n cuenta con un cierre de cremallera seguro que garantiza que el dispositivo port\u00e1til permanezca en su sitio durante el transporte.<\/p>\n","protected":false},"excerpt":{"rendered":"<ul>\n<li>Funda protectora <strong>oficial<\/strong> de GPD para GPD WIN 4<\/li>\n<li><strong>Duradero<\/strong> carcasa externa de pol\u00edmero sint\u00e9tico<\/li>\n<li>Forro de tela suave para <strong>mayor protecci\u00f3n<\/strong>.<\/li>\n<li><strong>Compartimento separado<\/strong> para perif\u00e9ricos.<\/li>\n<li>Dise\u00f1o elegante con cierre de cremallera seguro.<\/li>\n<\/ul>\n<p>[droix_global_accordions]<br \/>\n[cg_accordion title=\"El paquete incluye\"]<\/p>\n<ul>\n<li>1x GPD WIN 4 Estuche r\u00edgido<\/li>\n<\/ul>\n<p>[\/cg_accordion]<\/p>\n","protected":false},"featured_media":409308,"template":"","meta":{"_acf_changed":false},"product_brand":[],"product_cat":[13329,13330],"product_tag":[],"woo-feed-brand":[2198],"key-features":[],"class_list":{"0":"post-518948","1":"product","2":"type-product","3":"status-publish","4":"has-post-thumbnail","6":"product_cat-accesorios","7":"product_cat-accesorios-para-juegos","8":"product_shipping_class-low-end","9":"pa_accessory-type-protective-case","10":"pa_brands-gpd-es","11":"woo-feed-brand-gpd","13":"first","14":"outofstock","15":"sale","16":"taxable","17":"shipping-taxable","18":"purchasable","19":"product-type-simple"},"acf":[],"aioseo_notices":[],"aioseo_head":"\n\t\t<!-- All in One SEO Pro 4.9.6.2 - aioseo.com -->\n\t<meta name=\"description\" content=\"Funda protectora oficial de GPD para GPD WIN 4 Duradero carcasa externa de pol\u00edmero sint\u00e9tico Forro de tela suave para mayor protecci\u00f3n. Compartimento separado para perif\u00e9ricos. Dise\u00f1o elegante con cierre de cremallera seguro. El paquete incluye 1x GPD WIN 4 Estuche r\u00edgido\" \/>\n\t<meta name=\"robots\" content=\"max-image-preview:large\" \/>\n\t<link rel=\"canonical\" href=\"https:\/\/droix.eu\/es\/product\/gpd-win-4-estuche-rigido\/\" \/>\n\t<meta name=\"generator\" content=\"All in One SEO Pro (AIOSEO) 4.9.6.2\" \/>\n\t\t<meta property=\"og:locale\" content=\"es_ES\" \/>\n\t\t<meta property=\"og:site_name\" content=\"DROIX EU - Get the latest Mini PCs, Ultrabook, PC Gaming Handhelds and more!\" \/>\n\t\t<meta property=\"og:type\" content=\"article\" \/>\n\t\t<meta property=\"og:title\" content=\"GPD WIN 4 Estuche r\u00edgido - DROIX EU\" \/>\n\t\t<meta property=\"og:description\" content=\"Funda protectora oficial de GPD para GPD WIN 4 Duradero carcasa externa de pol\u00edmero sint\u00e9tico Forro de tela suave para mayor protecci\u00f3n. Compartimento separado para perif\u00e9ricos. Dise\u00f1o elegante con cierre de cremallera seguro. El paquete incluye 1x GPD WIN 4 Estuche r\u00edgido\" \/>\n\t\t<meta property=\"og:url\" content=\"https:\/\/droix.eu\/es\/product\/gpd-win-4-estuche-rigido\/\" \/>\n\t\t<meta property=\"og:image\" content=\"https:\/\/droix.eu\/wp-content\/uploads\/2024\/06\/droix-v2-light-logo.png\" \/>\n\t\t<meta property=\"og:image:secure_url\" content=\"https:\/\/droix.eu\/wp-content\/uploads\/2024\/06\/droix-v2-light-logo.png\" \/>\n\t\t<meta property=\"og:image:width\" content=\"380\" \/>\n\t\t<meta property=\"og:image:height\" content=\"118\" \/>\n\t\t<meta property=\"article:published_time\" content=\"2023-05-25T09:22:48+00:00\" \/>\n\t\t<meta property=\"article:modified_time\" content=\"2026-01-22T14:42:15+00:00\" \/>\n\t\t<meta property=\"article:publisher\" content=\"https:\/\/www.facebook.com\/DroiX.Store\" \/>\n\t\t<meta name=\"twitter:card\" content=\"summary_large_image\" \/>\n\t\t<meta name=\"twitter:site\" content=\"@DroiX_Store\" \/>\n\t\t<meta name=\"twitter:title\" content=\"GPD WIN 4 Estuche r\u00edgido - DROIX EU\" \/>\n\t\t<meta name=\"twitter:description\" content=\"Funda protectora oficial de GPD para GPD WIN 4 Duradero carcasa externa de pol\u00edmero sint\u00e9tico Forro de tela suave para mayor protecci\u00f3n. Compartimento separado para perif\u00e9ricos. Dise\u00f1o elegante con cierre de cremallera seguro. El paquete incluye 1x GPD WIN 4 Estuche r\u00edgido\" \/>\n\t\t<meta name=\"twitter:image\" content=\"https:\/\/droix.eu\/wp-content\/uploads\/2024\/06\/droix-v2-light-logo.png\" \/>\n\t\t<script type=\"application\/ld+json\" class=\"aioseo-schema\">\n\t\t\t{\"@context\":\"https:\\\/\\\/schema.org\",\"@graph\":[{\"@type\":\"BreadcrumbList\",\"@id\":\"https:\\\/\\\/droix.eu\\\/es\\\/product\\\/gpd-win-4-estuche-rigido\\\/#breadcrumblist\",\"itemListElement\":[{\"@type\":\"ListItem\",\"@id\":\"https:\\\/\\\/droix.eu\\\/es\\\/#listItem\",\"position\":1,\"name\":\"Home\",\"item\":\"https:\\\/\\\/droix.eu\\\/es\\\/\",\"nextItem\":{\"@type\":\"ListItem\",\"@id\":\"https:\\\/\\\/droix.eu\\\/es\\\/product-category\\\/accesorios\\\/#listItem\",\"name\":\"Accesorios\"}},{\"@type\":\"ListItem\",\"@id\":\"https:\\\/\\\/droix.eu\\\/es\\\/product-category\\\/accesorios\\\/#listItem\",\"position\":2,\"name\":\"Accesorios\",\"item\":\"https:\\\/\\\/droix.eu\\\/es\\\/product-category\\\/accesorios\\\/\",\"nextItem\":{\"@type\":\"ListItem\",\"@id\":\"https:\\\/\\\/droix.eu\\\/es\\\/product-category\\\/accesorios\\\/accesorios-para-juegos\\\/#listItem\",\"name\":\"Accesorios para juegos\"},\"previousItem\":{\"@type\":\"ListItem\",\"@id\":\"https:\\\/\\\/droix.eu\\\/es\\\/#listItem\",\"name\":\"Home\"}},{\"@type\":\"ListItem\",\"@id\":\"https:\\\/\\\/droix.eu\\\/es\\\/product-category\\\/accesorios\\\/accesorios-para-juegos\\\/#listItem\",\"position\":3,\"name\":\"Accesorios para juegos\",\"item\":\"https:\\\/\\\/droix.eu\\\/es\\\/product-category\\\/accesorios\\\/accesorios-para-juegos\\\/\",\"nextItem\":{\"@type\":\"ListItem\",\"@id\":\"https:\\\/\\\/droix.eu\\\/es\\\/product\\\/gpd-win-4-estuche-rigido\\\/#listItem\",\"name\":\"GPD WIN 4 Estuche r\\u00edgido\"},\"previousItem\":{\"@type\":\"ListItem\",\"@id\":\"https:\\\/\\\/droix.eu\\\/es\\\/product-category\\\/accesorios\\\/#listItem\",\"name\":\"Accesorios\"}},{\"@type\":\"ListItem\",\"@id\":\"https:\\\/\\\/droix.eu\\\/es\\\/product\\\/gpd-win-4-estuche-rigido\\\/#listItem\",\"position\":4,\"name\":\"GPD WIN 4 Estuche r\\u00edgido\",\"previousItem\":{\"@type\":\"ListItem\",\"@id\":\"https:\\\/\\\/droix.eu\\\/es\\\/product-category\\\/accesorios\\\/accesorios-para-juegos\\\/#listItem\",\"name\":\"Accesorios para juegos\"}}]},{\"@type\":\"Organization\",\"@id\":\"https:\\\/\\\/droix.eu\\\/es\\\/#organization\",\"name\":\"DroiX \\u2013 Trusted EU Tech Retailer with 12+ Years Experience\",\"description\":\"DroiX is a leading European technology retailer with over 12 years of experience, offering quality mini PCs, handheld gaming consoles, and tech accessories. We provide hassle-free EU delivery with all taxes included, ensuring a smooth and reliable shopping experience for our customers across Europe.\",\"url\":\"https:\\\/\\\/droix.eu\\\/es\\\/\",\"logo\":{\"@type\":\"ImageObject\",\"url\":\"https:\\\/\\\/droix.eu\\\/wp-content\\\/uploads\\\/2024\\\/06\\\/droix-v2-light-logo.png\",\"@id\":\"https:\\\/\\\/droix.eu\\\/es\\\/product\\\/gpd-win-4-estuche-rigido\\\/#organizationLogo\",\"width\":380,\"height\":118},\"image\":{\"@id\":\"https:\\\/\\\/droix.eu\\\/es\\\/product\\\/gpd-win-4-estuche-rigido\\\/#organizationLogo\"},\"sameAs\":[\"https:\\\/\\\/www.facebook.com\\\/DroiX.Store\",\"https:\\\/\\\/twitter.com\\\/DroiX_Store\",\"https:\\\/\\\/www.instagram.com\\\/droix.store\\\/\",\"https:\\\/\\\/www.tiktok.com\\\/@droix.store\",\"https:\\\/\\\/www.youtube.com\\\/c\\\/DroiX_Store\",\"https:\\\/\\\/uk.linkedin.com\\\/company\\\/droix\"]},{\"@type\":\"Product\",\"@id\":\"https:\\\/\\\/droix.eu\\\/es\\\/product\\\/gpd-win-4-estuche-rigido\\\/#wooCommerceProduct\",\"name\":\"GPD WIN 4 Estuche r\\u00edgido\",\"description\":\"Funda protectora oficial de GPD para GPD WIN 4\\n \\tDuradero carcasa externa de pol\\u00edmero sint\\u00e9tico\\n \\tForro de tela suave para mayor protecci\\u00f3n.\\n \\tCompartimento separado para perif\\u00e9ricos.\\n \\tDise\\u00f1o elegante con cierre de cremallera seguro.\",\"url\":\"https:\\\/\\\/droix.eu\\\/es\\\/product\\\/gpd-win-4-estuche-rigido\\\/\",\"sku\":\"GPD-WIN_4-CASE\",\"gtin\":\"5060763675322\",\"image\":{\"@type\":\"ImageObject\",\"url\":\"https:\\\/\\\/droix.eu\\\/wp-content\\\/uploads\\\/2023\\\/05\\\/51y5P54tgzLready-gpd-4.png\",\"@id\":\"https:\\\/\\\/droix.eu\\\/es\\\/product\\\/gpd-win-4-estuche-rigido\\\/#productImage\",\"width\":1000,\"height\":1000},\"offers\":{\"@type\":\"Offer\",\"url\":\"https:\\\/\\\/droix.eu\\\/es\\\/product\\\/gpd-win-4-estuche-rigido\\\/#wooCommerceOffer\",\"price\":27,\"priceCurrency\":\"EUR\",\"category\":\"Accesorios\",\"availability\":\"https:\\\/\\\/schema.org\\\/OutOfStock\",\"priceSpecification\":{\"@type\":\"PriceSpecification\",\"price\":27,\"priceCurrency\":\"EUR\",\"valueAddedTaxIncluded\":\"true\"},\"seller\":{\"@type\":\"Organization\",\"@id\":\"https:\\\/\\\/droix.eu\\\/es\\\/#organization\"}}},{\"@type\":\"WebPage\",\"@id\":\"https:\\\/\\\/droix.eu\\\/es\\\/product\\\/gpd-win-4-estuche-rigido\\\/#webpage\",\"url\":\"https:\\\/\\\/droix.eu\\\/es\\\/product\\\/gpd-win-4-estuche-rigido\\\/\",\"name\":\"GPD WIN 4 Estuche r\\u00edgido - DROIX EU\",\"description\":\"Funda protectora oficial de GPD para GPD WIN 4 Duradero carcasa externa de pol\\u00edmero sint\\u00e9tico Forro de tela suave para mayor protecci\\u00f3n. Compartimento separado para perif\\u00e9ricos. Dise\\u00f1o elegante con cierre de cremallera seguro. El paquete incluye 1x GPD WIN 4 Estuche r\\u00edgido\",\"inLanguage\":\"es-ES\",\"isPartOf\":{\"@id\":\"https:\\\/\\\/droix.eu\\\/es\\\/#website\"},\"breadcrumb\":{\"@id\":\"https:\\\/\\\/droix.eu\\\/es\\\/product\\\/gpd-win-4-estuche-rigido\\\/#breadcrumblist\"},\"image\":{\"@type\":\"ImageObject\",\"url\":\"https:\\\/\\\/droix.eu\\\/wp-content\\\/uploads\\\/2023\\\/05\\\/51y5P54tgzLready-gpd-4.png\",\"@id\":\"https:\\\/\\\/droix.eu\\\/es\\\/product\\\/gpd-win-4-estuche-rigido\\\/#mainImage\",\"width\":1000,\"height\":1000},\"primaryImageOfPage\":{\"@id\":\"https:\\\/\\\/droix.eu\\\/es\\\/product\\\/gpd-win-4-estuche-rigido\\\/#mainImage\"},\"datePublished\":\"2023-05-25T09:22:48+01:00\",\"dateModified\":\"2026-01-22T14:42:15+00:00\"},{\"@type\":\"WebSite\",\"@id\":\"https:\\\/\\\/droix.eu\\\/es\\\/#website\",\"url\":\"https:\\\/\\\/droix.eu\\\/es\\\/\",\"name\":\"DROIX EU\",\"description\":\"Get the latest Mini PCs, Ultrabook, PC Gaming Handhelds and more!\",\"inLanguage\":\"es-ES\",\"publisher\":{\"@id\":\"https:\\\/\\\/droix.eu\\\/es\\\/#organization\"}}]}\n\t\t<\/script>\n\t\t<!-- All in One SEO Pro -->\r\n\t\t<title>GPD WIN 4 Estuche r\u00edgido - DROIX EU<\/title>\n\n","aioseo_head_json":{"title":"GPD WIN 4 Estuche r\u00edgido - DROIX EU","description":"Funda protectora oficial de GPD para GPD WIN 4 Duradero carcasa externa de pol\u00edmero sint\u00e9tico Forro de tela suave para mayor protecci\u00f3n. Compartimento separado para perif\u00e9ricos. Dise\u00f1o elegante con cierre de cremallera seguro. El paquete incluye 1x GPD WIN 4 Estuche r\u00edgido","canonical_url":"https:\/\/droix.eu\/es\/product\/gpd-win-4-estuche-rigido\/","robots":"max-image-preview:large","keywords":"","webmasterTools":{"miscellaneous":""},"schema":{"@context":"https:\/\/schema.org","@graph":[{"@type":"BreadcrumbList","@id":"https:\/\/droix.eu\/es\/product\/gpd-win-4-estuche-rigido\/#breadcrumblist","itemListElement":[{"@type":"ListItem","@id":"https:\/\/droix.eu\/es\/#listItem","position":1,"name":"Home","item":"https:\/\/droix.eu\/es\/","nextItem":{"@type":"ListItem","@id":"https:\/\/droix.eu\/es\/product-category\/accesorios\/#listItem","name":"Accesorios"}},{"@type":"ListItem","@id":"https:\/\/droix.eu\/es\/product-category\/accesorios\/#listItem","position":2,"name":"Accesorios","item":"https:\/\/droix.eu\/es\/product-category\/accesorios\/","nextItem":{"@type":"ListItem","@id":"https:\/\/droix.eu\/es\/product-category\/accesorios\/accesorios-para-juegos\/#listItem","name":"Accesorios para juegos"},"previousItem":{"@type":"ListItem","@id":"https:\/\/droix.eu\/es\/#listItem","name":"Home"}},{"@type":"ListItem","@id":"https:\/\/droix.eu\/es\/product-category\/accesorios\/accesorios-para-juegos\/#listItem","position":3,"name":"Accesorios para juegos","item":"https:\/\/droix.eu\/es\/product-category\/accesorios\/accesorios-para-juegos\/","nextItem":{"@type":"ListItem","@id":"https:\/\/droix.eu\/es\/product\/gpd-win-4-estuche-rigido\/#listItem","name":"GPD WIN 4 Estuche r\u00edgido"},"previousItem":{"@type":"ListItem","@id":"https:\/\/droix.eu\/es\/product-category\/accesorios\/#listItem","name":"Accesorios"}},{"@type":"ListItem","@id":"https:\/\/droix.eu\/es\/product\/gpd-win-4-estuche-rigido\/#listItem","position":4,"name":"GPD WIN 4 Estuche r\u00edgido","previousItem":{"@type":"ListItem","@id":"https:\/\/droix.eu\/es\/product-category\/accesorios\/accesorios-para-juegos\/#listItem","name":"Accesorios para juegos"}}]},{"@type":"Organization","@id":"https:\/\/droix.eu\/es\/#organization","name":"DroiX \u2013 Trusted EU Tech Retailer with 12+ Years Experience","description":"DroiX is a leading European technology retailer with over 12 years of experience, offering quality mini PCs, handheld gaming consoles, and tech accessories. We provide hassle-free EU delivery with all taxes included, ensuring a smooth and reliable shopping experience for our customers across Europe.","url":"https:\/\/droix.eu\/es\/","logo":{"@type":"ImageObject","url":"https:\/\/droix.eu\/wp-content\/uploads\/2024\/06\/droix-v2-light-logo.png","@id":"https:\/\/droix.eu\/es\/product\/gpd-win-4-estuche-rigido\/#organizationLogo","width":380,"height":118},"image":{"@id":"https:\/\/droix.eu\/es\/product\/gpd-win-4-estuche-rigido\/#organizationLogo"},"sameAs":["https:\/\/www.facebook.com\/DroiX.Store","https:\/\/twitter.com\/DroiX_Store","https:\/\/www.instagram.com\/droix.store\/","https:\/\/www.tiktok.com\/@droix.store","https:\/\/www.youtube.com\/c\/DroiX_Store","https:\/\/uk.linkedin.com\/company\/droix"]},{"@type":"Product","@id":"https:\/\/droix.eu\/es\/product\/gpd-win-4-estuche-rigido\/#wooCommerceProduct","name":"GPD WIN 4 Estuche r\u00edgido","description":"Funda protectora oficial de GPD para GPD WIN 4\n \tDuradero carcasa externa de pol\u00edmero sint\u00e9tico\n \tForro de tela suave para mayor protecci\u00f3n.\n \tCompartimento separado para perif\u00e9ricos.\n \tDise\u00f1o elegante con cierre de cremallera seguro.","url":"https:\/\/droix.eu\/es\/product\/gpd-win-4-estuche-rigido\/","sku":"GPD-WIN_4-CASE","gtin":"5060763675322","image":{"@type":"ImageObject","url":"https:\/\/droix.eu\/wp-content\/uploads\/2023\/05\/51y5P54tgzLready-gpd-4.png","@id":"https:\/\/droix.eu\/es\/product\/gpd-win-4-estuche-rigido\/#productImage","width":1000,"height":1000},"offers":{"@type":"Offer","url":"https:\/\/droix.eu\/es\/product\/gpd-win-4-estuche-rigido\/#wooCommerceOffer","price":27,"priceCurrency":"EUR","category":"Accesorios","availability":"https:\/\/schema.org\/OutOfStock","priceSpecification":{"@type":"PriceSpecification","price":27,"priceCurrency":"EUR","valueAddedTaxIncluded":"true"},"seller":{"@type":"Organization","@id":"https:\/\/droix.eu\/es\/#organization"}}},{"@type":"WebPage","@id":"https:\/\/droix.eu\/es\/product\/gpd-win-4-estuche-rigido\/#webpage","url":"https:\/\/droix.eu\/es\/product\/gpd-win-4-estuche-rigido\/","name":"GPD WIN 4 Estuche r\u00edgido - DROIX EU","description":"Funda protectora oficial de GPD para GPD WIN 4 Duradero carcasa externa de pol\u00edmero sint\u00e9tico Forro de tela suave para mayor protecci\u00f3n. Compartimento separado para perif\u00e9ricos. Dise\u00f1o elegante con cierre de cremallera seguro. El paquete incluye 1x GPD WIN 4 Estuche r\u00edgido","inLanguage":"es-ES","isPartOf":{"@id":"https:\/\/droix.eu\/es\/#website"},"breadcrumb":{"@id":"https:\/\/droix.eu\/es\/product\/gpd-win-4-estuche-rigido\/#breadcrumblist"},"image":{"@type":"ImageObject","url":"https:\/\/droix.eu\/wp-content\/uploads\/2023\/05\/51y5P54tgzLready-gpd-4.png","@id":"https:\/\/droix.eu\/es\/product\/gpd-win-4-estuche-rigido\/#mainImage","width":1000,"height":1000},"primaryImageOfPage":{"@id":"https:\/\/droix.eu\/es\/product\/gpd-win-4-estuche-rigido\/#mainImage"},"datePublished":"2023-05-25T09:22:48+01:00","dateModified":"2026-01-22T14:42:15+00:00"},{"@type":"WebSite","@id":"https:\/\/droix.eu\/es\/#website","url":"https:\/\/droix.eu\/es\/","name":"DROIX EU","description":"Get the latest Mini PCs, Ultrabook, PC Gaming Handhelds and more!","inLanguage":"es-ES","publisher":{"@id":"https:\/\/droix.eu\/es\/#organization"}}]},"og:locale":"es_ES","og:site_name":"DROIX EU - Get the latest Mini PCs, Ultrabook, PC Gaming Handhelds and more!","og:type":"article","og:title":"GPD WIN 4 Estuche r\u00edgido - DROIX EU","og:description":"Funda protectora oficial de GPD para GPD WIN 4 Duradero carcasa externa de pol\u00edmero sint\u00e9tico Forro de tela suave para mayor protecci\u00f3n. Compartimento separado para perif\u00e9ricos. Dise\u00f1o elegante con cierre de cremallera seguro. El paquete incluye 1x GPD WIN 4 Estuche r\u00edgido","og:url":"https:\/\/droix.eu\/es\/product\/gpd-win-4-estuche-rigido\/","og:image":"https:\/\/droix.eu\/wp-content\/uploads\/2024\/06\/droix-v2-light-logo.png","og:image:secure_url":"https:\/\/droix.eu\/wp-content\/uploads\/2024\/06\/droix-v2-light-logo.png","og:image:width":380,"og:image:height":118,"article:published_time":"2023-05-25T09:22:48+00:00","article:modified_time":"2026-01-22T14:42:15+00:00","article:publisher":"https:\/\/www.facebook.com\/DroiX.Store","twitter:card":"summary_large_image","twitter:site":"@DroiX_Store","twitter:title":"GPD WIN 4 Estuche r\u00edgido - DROIX EU","twitter:description":"Funda protectora oficial de GPD para GPD WIN 4 Duradero carcasa externa de pol\u00edmero sint\u00e9tico Forro de tela suave para mayor protecci\u00f3n. Compartimento separado para perif\u00e9ricos. Dise\u00f1o elegante con cierre de cremallera seguro. El paquete incluye 1x GPD WIN 4 Estuche r\u00edgido","twitter:image":"https:\/\/droix.eu\/wp-content\/uploads\/2024\/06\/droix-v2-light-logo.png"},"aioseo_meta_data":{"post_id":"518948","title":null,"description":null,"keywords":null,"keyphrases":null,"primary_term":null,"canonical_url":null,"og_title":null,"og_description":null,"og_object_type":"default","og_image_type":"default","og_image_url":null,"og_image_width":null,"og_image_height":null,"og_image_custom_url":null,"og_image_custom_fields":null,"og_video":null,"og_custom_url":null,"og_article_section":null,"og_article_tags":null,"twitter_use_og":true,"twitter_card":"default","twitter_image_type":"default","twitter_image_url":null,"twitter_image_custom_url":null,"twitter_image_custom_fields":null,"twitter_title":null,"twitter_description":null,"schema":{"blockGraphs":[],"customGraphs":[],"default":{"data":{"Article":[],"Course":[],"Dataset":[],"FAQPage":[],"Movie":[],"Person":[],"Product":[],"ProductReview":[],"Car":[],"Recipe":[],"Service":[],"SoftwareApplication":[],"WebPage":[]},"graphName":"","isEnabled":true},"graphs":[]},"schema_type":"default","schema_type_options":null,"pillar_content":false,"robots_default":true,"robots_noindex":false,"robots_noarchive":false,"robots_nosnippet":false,"robots_nofollow":false,"robots_noimageindex":false,"robots_noodp":false,"robots_notranslate":false,"robots_max_snippet":null,"robots_max_videopreview":null,"robots_max_imagepreview":"large","priority":null,"frequency":null,"local_seo":null,"seo_analyzer_scan_date":"2025-10-24 13:11:33","breadcrumb_settings":null,"limit_modified_date":false,"reviewed_by":null,"open_ai":null,"ai":null,"created":"2025-10-09 04:26:06","updated":"2026-01-24 08:58:53"},"aioseo_breadcrumb":"<div class=\"aioseo-breadcrumbs\"><span class=\"aioseo-breadcrumb\">\n\t<a href=\"https:\/\/droix.eu\/es\/\" title=\"Home\">Home<\/a>\n<\/span><span class=\"aioseo-breadcrumb-separator\">&raquo;<\/span><span class=\"aioseo-breadcrumb\">\n\t<a href=\"https:\/\/droix.eu\/es\/product-category\/accesorios\/\" title=\"Accesorios\">Accesorios<\/a>\n<\/span><span class=\"aioseo-breadcrumb-separator\">&raquo;<\/span><span class=\"aioseo-breadcrumb\">\n\t<a href=\"https:\/\/droix.eu\/es\/product-category\/accesorios\/accesorios-para-juegos\/\" title=\"Accesorios para juegos\">Accesorios para juegos<\/a>\n<\/span><span class=\"aioseo-breadcrumb-separator\">&raquo;<\/span><span class=\"aioseo-breadcrumb\">\n\tGPD WIN 4 Estuche r\u00edgido\n<\/span><\/div>","aioseo_breadcrumb_json":[{"label":"Home","link":"https:\/\/droix.eu\/es\/"},{"label":"Accesorios","link":"https:\/\/droix.eu\/es\/product-category\/accesorios\/"},{"label":"Accesorios para juegos","link":"https:\/\/droix.eu\/es\/product-category\/accesorios\/accesorios-para-juegos\/"},{"label":"GPD WIN 4 Estuche r\u00edgido","link":"https:\/\/droix.eu\/es\/product\/gpd-win-4-estuche-rigido\/"}],"_links":{"self":[{"href":"https:\/\/droix.eu\/es\/wp-json\/wp\/v2\/product\/518948","targetHints":{"allow":["GET"]}}],"collection":[{"href":"https:\/\/droix.eu\/es\/wp-json\/wp\/v2\/product"}],"about":[{"href":"https:\/\/droix.eu\/es\/wp-json\/wp\/v2\/types\/product"}],"version-history":[{"count":0,"href":"https:\/\/droix.eu\/es\/wp-json\/wp\/v2\/product\/518948\/revisions"}],"wp:featuredmedia":[{"embeddable":true,"href":"https:\/\/droix.eu\/es\/wp-json\/wp\/v2\/media\/409308"}],"wp:attachment":[{"href":"https:\/\/droix.eu\/es\/wp-json\/wp\/v2\/media?parent=518948"}],"wp:term":[{"taxonomy":"product_brand","embeddable":true,"href":"https:\/\/droix.eu\/es\/wp-json\/wp\/v2\/product_brand?post=518948"},{"taxonomy":"product_cat","embeddable":true,"href":"https:\/\/droix.eu\/es\/wp-json\/wp\/v2\/product_cat?post=518948"},{"taxonomy":"product_tag","embeddable":true,"href":"https:\/\/droix.eu\/es\/wp-json\/wp\/v2\/product_tag?post=518948"},{"taxonomy":"woo-feed-brand","embeddable":true,"href":"https:\/\/droix.eu\/es\/wp-json\/wp\/v2\/woo-feed-brand?post=518948"},{"taxonomy":"key-features","embeddable":true,"href":"https:\/\/droix.eu\/es\/wp-json\/wp\/v2\/key-features?post=518948"}],"curies":[{"name":"wp","href":"https:\/\/api.w.org\/{rel}","templated":true}]}}