{"id":518235,"date":"2023-03-15T09:42:16","date_gmt":"2023-03-15T09:42:16","guid":{"rendered":"https:\/\/droix.eu\/product\/protector-de-pantalla-gpd-win-4\/"},"modified":"2026-04-23T15:07:07","modified_gmt":"2026-04-23T14:07:07","slug":"protector-de-pantalla-gpd-win-4","status":"publish","type":"product","link":"https:\/\/droix.eu\/es\/product\/protector-de-pantalla-gpd-win-4\/","title":{"rendered":"Protector de pantalla GPD WIN 4"},"content":{"rendered":"&#13;\n<p>Presentamos el <strong>protector de pantalla GPD WIN 4<\/strong>, el complemento perfecto para tu dispositivo port\u00e1til de juegos. Fabricado con materiales de alta calidad, este protector de pantalla ofrece una protecci\u00f3n superior contra ara\u00f1azos, polvo y otros peligros comunes que pueden da\u00f1ar su dispositivo. <strong>Dise\u00f1ado espec\u00edficamente para el GPD WIN 4<\/strong>, este protector de pantalla ofrece recortes precisos y un ajuste perfecto que no interferir\u00e1 con la sensibilidad t\u00e1ctil o la claridad de su dispositivo. Su dise\u00f1o ultrafino no afecta al aspecto original de tu dispositivo. Este protector de pantalla es f\u00e1cil de instalar y quitar sin dejar residuos ni marcas, lo que garantiza que su GPD Win 4 se mantenga en perfectas condiciones.<\/p>&#13;\n","protected":false},"excerpt":{"rendered":"<ul>\n<li>Dise\u00f1ado por <strong>GPD<\/strong><\/li>\n<li><strong>Compatible<\/strong> con el <strong>GPD WIN 4<\/strong><\/li>\n<li>Protege contra ara\u00f1azos y polvo<\/li>\n<li>F\u00e1cil de instalar y desmontar<\/li>\n<li>Material de <strong>alta<\/strong> calidad<\/li>\n<\/ul>\n[cg_accordion title=\"Garant\u00eda de 2 a\u00f1os para todos los productos GPD\"]<\/p>\n<p>Todos los productos GPD tienen una garant\u00eda de 2 a\u00f1os y est\u00e1n respaldados por m\u00e1s de 13 a\u00f1os de servicio de confianza. \u00danase a nuestra comunidad de m\u00e1s de 500.000 clientes satisfechos y conf\u00ede en su compra. [\/cg_accordion]\n[cg_accordion title=\"Opciones de pago flexibles y seguras\"]<\/p>\n<p>Disfruta de la tranquilidad de nuestro sistema de pago seguro. Admitimos los principales m\u00e9todos de pago, como tarjetas de d\u00e9bito\/cr\u00e9dito, PayPal, Apple Pay, Google Pay, Klarna, Afterpay y Affirm, lo que te da la libertad de pagar a tu manera, ya sea por adelantado o en c\u00f3modos plazos. [\/cg_accordion]\n[cg_accordion title=\"Impuestos\"]<\/p>\n<p>Los precios incluyen el IVA aplicable, que puede llegar al 25% seg\u00fan el pa\u00eds. El importe exacto se muestra durante el proceso de pago para garantizar una total transparencia. [\/cg_accordion]\n[cg_accordion title=\"Env\u00edos y devoluciones\"]<\/p>\n<p>Trabajamos con m\u00e1s de 10 socios de env\u00edo de confianza para garantizar que su pedido llegue de forma r\u00e1pida, segura y fiable.<\/p>\n<p>Utilizamos el env\u00edo Express DDP (Delivered Duty Paid). Esto significa: <\/p>\n<li>Todos los derechos de aduana e impuestos est\u00e1n incluidos en el precio del producto.<\/li>\n<li>No tendr\u00e1 que hacer frente a ning\u00fan gasto sorpresa en el momento de la entrega.<\/li>\n<li>En el raro caso de que se produzcan retrasos en las aduanas, nuestro equipo gestionar\u00e1 el proceso de despacho por usted para garantizar una entrega sin contratiempos.<\/li>\n<p>Informaci\u00f3n importante sobre devoluciones:<\/p>\n<li>Si devuelve su pedido o solicita un reembolso, tenga en cuenta que los impuestos y aranceles pagados en su nombre con arreglo a las condiciones del DDP no son reembolsables.<\/li>\n<p>Consulte nuestras <a href=\"https:\/\/droix.eu\/es\/terminos-y-condiciones\/\" target=\"_blank\" rel=\"nofollow noopener\">Condiciones generales<\/a> para obtener informaci\u00f3n detallada.\n<\/ul>\n<p>[\/cg_accordion]\n[cg_accordion title=\"Atenci\u00f3n al cliente\"]<\/p>\n<p>\u00bfTiene alguna pregunta? Estamos a un paso de resolver su problema. [\/cg_accordion]\n[cg_accordion title=\"El paquete incluye\"]<\/p>\n<ul>\n<li>1x Protector de Pantalla<\/li>\n<\/ul>\n<p>[\/cg_accordion]\n","protected":false},"featured_media":352564,"template":"","meta":{"_acf_changed":false},"product_brand":[],"product_cat":[13329,13330],"product_tag":[],"woo-feed-brand":[2198],"key-features":[],"class_list":{"0":"post-518235","1":"product","2":"type-product","3":"status-publish","4":"has-post-thumbnail","6":"product_cat-accesorios","7":"product_cat-accesorios-para-juegos","8":"product_shipping_class-low-end","9":"pa_accessory-type-screen-protector","10":"pa_brands-gpd-es","11":"pa_compatibility-gpd-win-4-es","12":"woo-feed-brand-gpd","14":"first","15":"outofstock","16":"taxable","17":"shipping-taxable","18":"purchasable","19":"product-type-simple"},"acf":[],"aioseo_notices":[],"aioseo_head":"\n\t\t<!-- All in One SEO Pro 4.9.6.2 - aioseo.com -->\n\t<meta name=\"description\" content=\"Dise\u00f1ado por GPD Compatible con el GPD WIN 4 Protege contra ara\u00f1azos y polvo F\u00e1cil de instalar y desmontar Material de alta calidad\" \/>\n\t<meta name=\"robots\" content=\"max-image-preview:large\" \/>\n\t<link rel=\"canonical\" href=\"https:\/\/droix.eu\/es\/product\/protector-de-pantalla-gpd-win-4\/\" \/>\n\t<meta name=\"generator\" content=\"All in One SEO Pro (AIOSEO) 4.9.6.2\" \/>\n\t\t<meta property=\"og:locale\" content=\"es_ES\" \/>\n\t\t<meta property=\"og:site_name\" content=\"DROIX EU - Get the latest Mini PCs, Ultrabook, PC Gaming Handhelds and more!\" \/>\n\t\t<meta property=\"og:type\" content=\"article\" \/>\n\t\t<meta property=\"og:title\" content=\"Protector de pantalla GPD WIN 4 - DROIX EU\" \/>\n\t\t<meta property=\"og:description\" content=\"Dise\u00f1ado por GPD Compatible con el GPD WIN 4 Protege contra ara\u00f1azos y polvo F\u00e1cil de instalar y desmontar Material de alta calidad\" \/>\n\t\t<meta property=\"og:url\" content=\"https:\/\/droix.eu\/es\/product\/protector-de-pantalla-gpd-win-4\/\" \/>\n\t\t<meta property=\"og:image\" content=\"https:\/\/droix.eu\/wp-content\/uploads\/2024\/06\/droix-v2-light-logo.png\" \/>\n\t\t<meta property=\"og:image:secure_url\" content=\"https:\/\/droix.eu\/wp-content\/uploads\/2024\/06\/droix-v2-light-logo.png\" \/>\n\t\t<meta property=\"og:image:width\" content=\"380\" \/>\n\t\t<meta property=\"og:image:height\" content=\"118\" \/>\n\t\t<meta property=\"article:published_time\" content=\"2023-03-15T09:42:16+00:00\" \/>\n\t\t<meta property=\"article:modified_time\" content=\"2026-04-23T14:07:07+00:00\" \/>\n\t\t<meta property=\"article:publisher\" content=\"https:\/\/www.facebook.com\/DroiX.Store\" \/>\n\t\t<meta name=\"twitter:card\" content=\"summary_large_image\" \/>\n\t\t<meta name=\"twitter:site\" content=\"@DroiX_Store\" \/>\n\t\t<meta name=\"twitter:title\" content=\"Protector de pantalla GPD WIN 4 - DROIX EU\" \/>\n\t\t<meta name=\"twitter:description\" content=\"Dise\u00f1ado por GPD Compatible con el GPD WIN 4 Protege contra ara\u00f1azos y polvo F\u00e1cil de instalar y desmontar Material de alta calidad\" \/>\n\t\t<meta name=\"twitter:image\" content=\"https:\/\/droix.eu\/wp-content\/uploads\/2024\/06\/droix-v2-light-logo.png\" \/>\n\t\t<script type=\"application\/ld+json\" class=\"aioseo-schema\">\n\t\t\t{\"@context\":\"https:\\\/\\\/schema.org\",\"@graph\":[{\"@type\":\"BreadcrumbList\",\"@id\":\"https:\\\/\\\/droix.eu\\\/es\\\/product\\\/protector-de-pantalla-gpd-win-4\\\/#breadcrumblist\",\"itemListElement\":[{\"@type\":\"ListItem\",\"@id\":\"https:\\\/\\\/droix.eu\\\/es\\\/#listItem\",\"position\":1,\"name\":\"Home\",\"item\":\"https:\\\/\\\/droix.eu\\\/es\\\/\",\"nextItem\":{\"@type\":\"ListItem\",\"@id\":\"https:\\\/\\\/droix.eu\\\/es\\\/product-category\\\/accesorios\\\/#listItem\",\"name\":\"Accesorios\"}},{\"@type\":\"ListItem\",\"@id\":\"https:\\\/\\\/droix.eu\\\/es\\\/product-category\\\/accesorios\\\/#listItem\",\"position\":2,\"name\":\"Accesorios\",\"item\":\"https:\\\/\\\/droix.eu\\\/es\\\/product-category\\\/accesorios\\\/\",\"nextItem\":{\"@type\":\"ListItem\",\"@id\":\"https:\\\/\\\/droix.eu\\\/es\\\/product-category\\\/accesorios\\\/accesorios-para-juegos\\\/#listItem\",\"name\":\"Accesorios para juegos\"},\"previousItem\":{\"@type\":\"ListItem\",\"@id\":\"https:\\\/\\\/droix.eu\\\/es\\\/#listItem\",\"name\":\"Home\"}},{\"@type\":\"ListItem\",\"@id\":\"https:\\\/\\\/droix.eu\\\/es\\\/product-category\\\/accesorios\\\/accesorios-para-juegos\\\/#listItem\",\"position\":3,\"name\":\"Accesorios para juegos\",\"item\":\"https:\\\/\\\/droix.eu\\\/es\\\/product-category\\\/accesorios\\\/accesorios-para-juegos\\\/\",\"nextItem\":{\"@type\":\"ListItem\",\"@id\":\"https:\\\/\\\/droix.eu\\\/es\\\/product\\\/protector-de-pantalla-gpd-win-4\\\/#listItem\",\"name\":\"Protector de pantalla GPD WIN 4\"},\"previousItem\":{\"@type\":\"ListItem\",\"@id\":\"https:\\\/\\\/droix.eu\\\/es\\\/product-category\\\/accesorios\\\/#listItem\",\"name\":\"Accesorios\"}},{\"@type\":\"ListItem\",\"@id\":\"https:\\\/\\\/droix.eu\\\/es\\\/product\\\/protector-de-pantalla-gpd-win-4\\\/#listItem\",\"position\":4,\"name\":\"Protector de pantalla GPD WIN 4\",\"previousItem\":{\"@type\":\"ListItem\",\"@id\":\"https:\\\/\\\/droix.eu\\\/es\\\/product-category\\\/accesorios\\\/accesorios-para-juegos\\\/#listItem\",\"name\":\"Accesorios para juegos\"}}]},{\"@type\":\"Organization\",\"@id\":\"https:\\\/\\\/droix.eu\\\/es\\\/#organization\",\"name\":\"DroiX \\u2013 Trusted EU Tech Retailer with 12+ Years Experience\",\"description\":\"DroiX is a leading European technology retailer with over 12 years of experience, offering quality mini PCs, handheld gaming consoles, and tech accessories. We provide hassle-free EU delivery with all taxes included, ensuring a smooth and reliable shopping experience for our customers across Europe.\",\"url\":\"https:\\\/\\\/droix.eu\\\/es\\\/\",\"logo\":{\"@type\":\"ImageObject\",\"url\":\"https:\\\/\\\/droix.eu\\\/wp-content\\\/uploads\\\/2024\\\/06\\\/droix-v2-light-logo.png\",\"@id\":\"https:\\\/\\\/droix.eu\\\/es\\\/product\\\/protector-de-pantalla-gpd-win-4\\\/#organizationLogo\",\"width\":380,\"height\":118},\"image\":{\"@id\":\"https:\\\/\\\/droix.eu\\\/es\\\/product\\\/protector-de-pantalla-gpd-win-4\\\/#organizationLogo\"},\"sameAs\":[\"https:\\\/\\\/www.facebook.com\\\/DroiX.Store\",\"https:\\\/\\\/twitter.com\\\/DroiX_Store\",\"https:\\\/\\\/www.instagram.com\\\/droix.store\\\/\",\"https:\\\/\\\/www.tiktok.com\\\/@droix.store\",\"https:\\\/\\\/www.youtube.com\\\/c\\\/DroiX_Store\",\"https:\\\/\\\/uk.linkedin.com\\\/company\\\/droix\"]},{\"@type\":\"Product\",\"@id\":\"https:\\\/\\\/droix.eu\\\/es\\\/product\\\/protector-de-pantalla-gpd-win-4\\\/#wooCommerceProduct\",\"name\":\"Protector de pantalla GPD WIN 4\",\"description\":\"Dise\\u00f1ado por GPD\\nCompatible con el GPD WIN 4\\nProtege contra ara\\u00f1azos y polvo\\nF\\u00e1cil de instalar y desmontar\\nMaterial de alta calidad\",\"url\":\"https:\\\/\\\/droix.eu\\\/es\\\/product\\\/protector-de-pantalla-gpd-win-4\\\/\",\"sku\":\"GPD-WIN-4-SCREEN-PROTECTOR\",\"gtin\":\"5060763672529\",\"image\":{\"@type\":\"ImageObject\",\"url\":\"https:\\\/\\\/droix.eu\\\/wp-content\\\/uploads\\\/2023\\\/03\\\/GPD-WIN-4_SCREEN_PROTECTOR-DONE-WEBSITE-LISTING-IMAGE-1.png\",\"@id\":\"https:\\\/\\\/droix.eu\\\/es\\\/product\\\/protector-de-pantalla-gpd-win-4\\\/#productImage\",\"width\":1000,\"height\":1000},\"offers\":{\"@type\":\"Offer\",\"url\":\"https:\\\/\\\/droix.eu\\\/es\\\/product\\\/protector-de-pantalla-gpd-win-4\\\/#wooCommerceOffer\",\"price\":2.4,\"priceCurrency\":\"EUR\",\"category\":\"Accesorios\",\"availability\":\"https:\\\/\\\/schema.org\\\/OutOfStock\",\"priceSpecification\":{\"@type\":\"PriceSpecification\",\"price\":2.4,\"priceCurrency\":\"EUR\",\"valueAddedTaxIncluded\":\"true\"},\"seller\":{\"@type\":\"Organization\",\"@id\":\"https:\\\/\\\/droix.eu\\\/es\\\/#organization\"}}},{\"@type\":\"WebPage\",\"@id\":\"https:\\\/\\\/droix.eu\\\/es\\\/product\\\/protector-de-pantalla-gpd-win-4\\\/#webpage\",\"url\":\"https:\\\/\\\/droix.eu\\\/es\\\/product\\\/protector-de-pantalla-gpd-win-4\\\/\",\"name\":\"Protector de pantalla GPD WIN 4 - DROIX EU\",\"description\":\"Dise\\u00f1ado por GPD Compatible con el GPD WIN 4 Protege contra ara\\u00f1azos y polvo F\\u00e1cil de instalar y desmontar Material de alta calidad\",\"inLanguage\":\"es-ES\",\"isPartOf\":{\"@id\":\"https:\\\/\\\/droix.eu\\\/es\\\/#website\"},\"breadcrumb\":{\"@id\":\"https:\\\/\\\/droix.eu\\\/es\\\/product\\\/protector-de-pantalla-gpd-win-4\\\/#breadcrumblist\"},\"image\":{\"@type\":\"ImageObject\",\"url\":\"https:\\\/\\\/droix.eu\\\/wp-content\\\/uploads\\\/2023\\\/03\\\/GPD-WIN-4_SCREEN_PROTECTOR-DONE-WEBSITE-LISTING-IMAGE-1.png\",\"@id\":\"https:\\\/\\\/droix.eu\\\/es\\\/product\\\/protector-de-pantalla-gpd-win-4\\\/#mainImage\",\"width\":1000,\"height\":1000},\"primaryImageOfPage\":{\"@id\":\"https:\\\/\\\/droix.eu\\\/es\\\/product\\\/protector-de-pantalla-gpd-win-4\\\/#mainImage\"},\"datePublished\":\"2023-03-15T09:42:16+00:00\",\"dateModified\":\"2026-04-23T15:07:07+01:00\"},{\"@type\":\"WebSite\",\"@id\":\"https:\\\/\\\/droix.eu\\\/es\\\/#website\",\"url\":\"https:\\\/\\\/droix.eu\\\/es\\\/\",\"name\":\"DROIX EU\",\"description\":\"Get the latest Mini PCs, Ultrabook, PC Gaming Handhelds and more!\",\"inLanguage\":\"es-ES\",\"publisher\":{\"@id\":\"https:\\\/\\\/droix.eu\\\/es\\\/#organization\"}}]}\n\t\t<\/script>\n\t\t<!-- All in One SEO Pro -->\r\n\t\t<title>Protector de pantalla GPD WIN 4 - DROIX EU<\/title>\n\n","aioseo_head_json":{"title":"Protector de pantalla GPD WIN 4 - DROIX EU","description":"Dise\u00f1ado por GPD Compatible con el GPD WIN 4 Protege contra ara\u00f1azos y polvo F\u00e1cil de instalar y desmontar Material de alta calidad","canonical_url":"https:\/\/droix.eu\/es\/product\/protector-de-pantalla-gpd-win-4\/","robots":"max-image-preview:large","keywords":"","webmasterTools":{"miscellaneous":""},"schema":{"@context":"https:\/\/schema.org","@graph":[{"@type":"BreadcrumbList","@id":"https:\/\/droix.eu\/es\/product\/protector-de-pantalla-gpd-win-4\/#breadcrumblist","itemListElement":[{"@type":"ListItem","@id":"https:\/\/droix.eu\/es\/#listItem","position":1,"name":"Home","item":"https:\/\/droix.eu\/es\/","nextItem":{"@type":"ListItem","@id":"https:\/\/droix.eu\/es\/product-category\/accesorios\/#listItem","name":"Accesorios"}},{"@type":"ListItem","@id":"https:\/\/droix.eu\/es\/product-category\/accesorios\/#listItem","position":2,"name":"Accesorios","item":"https:\/\/droix.eu\/es\/product-category\/accesorios\/","nextItem":{"@type":"ListItem","@id":"https:\/\/droix.eu\/es\/product-category\/accesorios\/accesorios-para-juegos\/#listItem","name":"Accesorios para juegos"},"previousItem":{"@type":"ListItem","@id":"https:\/\/droix.eu\/es\/#listItem","name":"Home"}},{"@type":"ListItem","@id":"https:\/\/droix.eu\/es\/product-category\/accesorios\/accesorios-para-juegos\/#listItem","position":3,"name":"Accesorios para juegos","item":"https:\/\/droix.eu\/es\/product-category\/accesorios\/accesorios-para-juegos\/","nextItem":{"@type":"ListItem","@id":"https:\/\/droix.eu\/es\/product\/protector-de-pantalla-gpd-win-4\/#listItem","name":"Protector de pantalla GPD WIN 4"},"previousItem":{"@type":"ListItem","@id":"https:\/\/droix.eu\/es\/product-category\/accesorios\/#listItem","name":"Accesorios"}},{"@type":"ListItem","@id":"https:\/\/droix.eu\/es\/product\/protector-de-pantalla-gpd-win-4\/#listItem","position":4,"name":"Protector de pantalla GPD WIN 4","previousItem":{"@type":"ListItem","@id":"https:\/\/droix.eu\/es\/product-category\/accesorios\/accesorios-para-juegos\/#listItem","name":"Accesorios para juegos"}}]},{"@type":"Organization","@id":"https:\/\/droix.eu\/es\/#organization","name":"DroiX \u2013 Trusted EU Tech Retailer with 12+ Years Experience","description":"DroiX is a leading European technology retailer with over 12 years of experience, offering quality mini PCs, handheld gaming consoles, and tech accessories. We provide hassle-free EU delivery with all taxes included, ensuring a smooth and reliable shopping experience for our customers across Europe.","url":"https:\/\/droix.eu\/es\/","logo":{"@type":"ImageObject","url":"https:\/\/droix.eu\/wp-content\/uploads\/2024\/06\/droix-v2-light-logo.png","@id":"https:\/\/droix.eu\/es\/product\/protector-de-pantalla-gpd-win-4\/#organizationLogo","width":380,"height":118},"image":{"@id":"https:\/\/droix.eu\/es\/product\/protector-de-pantalla-gpd-win-4\/#organizationLogo"},"sameAs":["https:\/\/www.facebook.com\/DroiX.Store","https:\/\/twitter.com\/DroiX_Store","https:\/\/www.instagram.com\/droix.store\/","https:\/\/www.tiktok.com\/@droix.store","https:\/\/www.youtube.com\/c\/DroiX_Store","https:\/\/uk.linkedin.com\/company\/droix"]},{"@type":"Product","@id":"https:\/\/droix.eu\/es\/product\/protector-de-pantalla-gpd-win-4\/#wooCommerceProduct","name":"Protector de pantalla GPD WIN 4","description":"Dise\u00f1ado por GPD\nCompatible con el GPD WIN 4\nProtege contra ara\u00f1azos y polvo\nF\u00e1cil de instalar y desmontar\nMaterial de alta calidad","url":"https:\/\/droix.eu\/es\/product\/protector-de-pantalla-gpd-win-4\/","sku":"GPD-WIN-4-SCREEN-PROTECTOR","gtin":"5060763672529","image":{"@type":"ImageObject","url":"https:\/\/droix.eu\/wp-content\/uploads\/2023\/03\/GPD-WIN-4_SCREEN_PROTECTOR-DONE-WEBSITE-LISTING-IMAGE-1.png","@id":"https:\/\/droix.eu\/es\/product\/protector-de-pantalla-gpd-win-4\/#productImage","width":1000,"height":1000},"offers":{"@type":"Offer","url":"https:\/\/droix.eu\/es\/product\/protector-de-pantalla-gpd-win-4\/#wooCommerceOffer","price":2.4,"priceCurrency":"EUR","category":"Accesorios","availability":"https:\/\/schema.org\/OutOfStock","priceSpecification":{"@type":"PriceSpecification","price":2.4,"priceCurrency":"EUR","valueAddedTaxIncluded":"true"},"seller":{"@type":"Organization","@id":"https:\/\/droix.eu\/es\/#organization"}}},{"@type":"WebPage","@id":"https:\/\/droix.eu\/es\/product\/protector-de-pantalla-gpd-win-4\/#webpage","url":"https:\/\/droix.eu\/es\/product\/protector-de-pantalla-gpd-win-4\/","name":"Protector de pantalla GPD WIN 4 - DROIX EU","description":"Dise\u00f1ado por GPD Compatible con el GPD WIN 4 Protege contra ara\u00f1azos y polvo F\u00e1cil de instalar y desmontar Material de alta calidad","inLanguage":"es-ES","isPartOf":{"@id":"https:\/\/droix.eu\/es\/#website"},"breadcrumb":{"@id":"https:\/\/droix.eu\/es\/product\/protector-de-pantalla-gpd-win-4\/#breadcrumblist"},"image":{"@type":"ImageObject","url":"https:\/\/droix.eu\/wp-content\/uploads\/2023\/03\/GPD-WIN-4_SCREEN_PROTECTOR-DONE-WEBSITE-LISTING-IMAGE-1.png","@id":"https:\/\/droix.eu\/es\/product\/protector-de-pantalla-gpd-win-4\/#mainImage","width":1000,"height":1000},"primaryImageOfPage":{"@id":"https:\/\/droix.eu\/es\/product\/protector-de-pantalla-gpd-win-4\/#mainImage"},"datePublished":"2023-03-15T09:42:16+00:00","dateModified":"2026-04-23T15:07:07+01:00"},{"@type":"WebSite","@id":"https:\/\/droix.eu\/es\/#website","url":"https:\/\/droix.eu\/es\/","name":"DROIX EU","description":"Get the latest Mini PCs, Ultrabook, PC Gaming Handhelds and more!","inLanguage":"es-ES","publisher":{"@id":"https:\/\/droix.eu\/es\/#organization"}}]},"og:locale":"es_ES","og:site_name":"DROIX EU - Get the latest Mini PCs, Ultrabook, PC Gaming Handhelds and more!","og:type":"article","og:title":"Protector de pantalla GPD WIN 4 - DROIX EU","og:description":"Dise\u00f1ado por GPD Compatible con el GPD WIN 4 Protege contra ara\u00f1azos y polvo F\u00e1cil de instalar y desmontar Material de alta calidad","og:url":"https:\/\/droix.eu\/es\/product\/protector-de-pantalla-gpd-win-4\/","og:image":"https:\/\/droix.eu\/wp-content\/uploads\/2024\/06\/droix-v2-light-logo.png","og:image:secure_url":"https:\/\/droix.eu\/wp-content\/uploads\/2024\/06\/droix-v2-light-logo.png","og:image:width":380,"og:image:height":118,"article:published_time":"2023-03-15T09:42:16+00:00","article:modified_time":"2026-04-23T14:07:07+00:00","article:publisher":"https:\/\/www.facebook.com\/DroiX.Store","twitter:card":"summary_large_image","twitter:site":"@DroiX_Store","twitter:title":"Protector de pantalla GPD WIN 4 - DROIX EU","twitter:description":"Dise\u00f1ado por GPD Compatible con el GPD WIN 4 Protege contra ara\u00f1azos y polvo F\u00e1cil de instalar y desmontar Material de alta calidad","twitter:image":"https:\/\/droix.eu\/wp-content\/uploads\/2024\/06\/droix-v2-light-logo.png"},"aioseo_meta_data":{"post_id":"518235","title":null,"description":null,"keywords":null,"keyphrases":null,"primary_term":null,"canonical_url":null,"og_title":null,"og_description":null,"og_object_type":"default","og_image_type":"default","og_image_url":null,"og_image_width":null,"og_image_height":null,"og_image_custom_url":null,"og_image_custom_fields":null,"og_video":null,"og_custom_url":null,"og_article_section":null,"og_article_tags":null,"twitter_use_og":true,"twitter_card":"default","twitter_image_type":"default","twitter_image_url":null,"twitter_image_custom_url":null,"twitter_image_custom_fields":null,"twitter_title":null,"twitter_description":null,"schema":{"blockGraphs":[],"customGraphs":[],"default":{"data":{"Article":[],"Course":[],"Dataset":[],"FAQPage":[],"Movie":[],"Person":[],"Product":[],"ProductReview":[],"Car":[],"Recipe":[],"Service":[],"SoftwareApplication":[],"WebPage":[]},"graphName":"Product","isEnabled":true},"graphs":[]},"schema_type":"default","schema_type_options":null,"pillar_content":false,"robots_default":true,"robots_noindex":false,"robots_noarchive":false,"robots_nosnippet":false,"robots_nofollow":false,"robots_noimageindex":false,"robots_noodp":false,"robots_notranslate":false,"robots_max_snippet":null,"robots_max_videopreview":null,"robots_max_imagepreview":"large","priority":null,"frequency":null,"local_seo":null,"seo_analyzer_scan_date":null,"breadcrumb_settings":null,"limit_modified_date":false,"reviewed_by":null,"open_ai":null,"ai":null,"created":"2025-10-09 04:08:12","updated":"2026-04-23 14:07:07"},"aioseo_breadcrumb":"<div class=\"aioseo-breadcrumbs\"><span class=\"aioseo-breadcrumb\">\n\t<a href=\"https:\/\/droix.eu\/es\/\" title=\"Home\">Home<\/a>\n<\/span><span class=\"aioseo-breadcrumb-separator\">&raquo;<\/span><span class=\"aioseo-breadcrumb\">\n\t<a href=\"https:\/\/droix.eu\/es\/product-category\/accesorios\/\" title=\"Accesorios\">Accesorios<\/a>\n<\/span><span class=\"aioseo-breadcrumb-separator\">&raquo;<\/span><span class=\"aioseo-breadcrumb\">\n\t<a href=\"https:\/\/droix.eu\/es\/product-category\/accesorios\/accesorios-para-juegos\/\" title=\"Accesorios para juegos\">Accesorios para juegos<\/a>\n<\/span><span class=\"aioseo-breadcrumb-separator\">&raquo;<\/span><span class=\"aioseo-breadcrumb\">\n\tProtector de pantalla GPD WIN 4\n<\/span><\/div>","aioseo_breadcrumb_json":[{"label":"Home","link":"https:\/\/droix.eu\/es\/"},{"label":"Accesorios","link":"https:\/\/droix.eu\/es\/product-category\/accesorios\/"},{"label":"Accesorios para juegos","link":"https:\/\/droix.eu\/es\/product-category\/accesorios\/accesorios-para-juegos\/"},{"label":"Protector de pantalla GPD WIN 4","link":"https:\/\/droix.eu\/es\/product\/protector-de-pantalla-gpd-win-4\/"}],"_links":{"self":[{"href":"https:\/\/droix.eu\/es\/wp-json\/wp\/v2\/product\/518235","targetHints":{"allow":["GET"]}}],"collection":[{"href":"https:\/\/droix.eu\/es\/wp-json\/wp\/v2\/product"}],"about":[{"href":"https:\/\/droix.eu\/es\/wp-json\/wp\/v2\/types\/product"}],"version-history":[{"count":1,"href":"https:\/\/droix.eu\/es\/wp-json\/wp\/v2\/product\/518235\/revisions"}],"predecessor-version":[{"id":716062,"href":"https:\/\/droix.eu\/es\/wp-json\/wp\/v2\/product\/518235\/revisions\/716062"}],"wp:featuredmedia":[{"embeddable":true,"href":"https:\/\/droix.eu\/es\/wp-json\/wp\/v2\/media\/352564"}],"wp:attachment":[{"href":"https:\/\/droix.eu\/es\/wp-json\/wp\/v2\/media?parent=518235"}],"wp:term":[{"taxonomy":"product_brand","embeddable":true,"href":"https:\/\/droix.eu\/es\/wp-json\/wp\/v2\/product_brand?post=518235"},{"taxonomy":"product_cat","embeddable":true,"href":"https:\/\/droix.eu\/es\/wp-json\/wp\/v2\/product_cat?post=518235"},{"taxonomy":"product_tag","embeddable":true,"href":"https:\/\/droix.eu\/es\/wp-json\/wp\/v2\/product_tag?post=518235"},{"taxonomy":"woo-feed-brand","embeddable":true,"href":"https:\/\/droix.eu\/es\/wp-json\/wp\/v2\/woo-feed-brand?post=518235"},{"taxonomy":"key-features","embeddable":true,"href":"https:\/\/droix.eu\/es\/wp-json\/wp\/v2\/key-features?post=518235"}],"curies":[{"name":"wp","href":"https:\/\/api.w.org\/{rel}","templated":true}]}}