{"id":508628,"date":"2024-09-19T12:02:29","date_gmt":"2024-09-19T11:02:29","guid":{"rendered":"https:\/\/droix.eu\/product\/accesorios-para-ayaneo-pocket-s\/"},"modified":"2026-04-08T10:13:42","modified_gmt":"2026-04-08T09:13:42","slug":"accesorios-para-ayaneo-pocket-s","status":"publish","type":"product","link":"https:\/\/droix.eu\/es\/product\/accesorios-para-ayaneo-pocket-s\/","title":{"rendered":"Accesorios AYANEO Pocket S"},"content":{"rendered":"\n<p>Mejora tu experiencia de juego con AYANEO Pocket S con este paquete de accesorios imprescindible, dise\u00f1ado para ofrecer protecci\u00f3n, comodidad y una mejor experiencia de juego.<\/p>\n\n<ul class=\"wp-block-list\">\n<li><strong><strong>C\u00e1scara protectora ergon\u00f3mica Comfort Grip<\/strong><\/strong>: Fabricada con un innovador dise\u00f1o ergon\u00f3mico, esta carcasa protectora mejora dr\u00e1sticamente la comodidad y la funcionalidad de su AYANEO Pocket S. La textura antideslizante garantiza un agarre firme y seguro, y el asa grande y contorneada ofrece una sujeci\u00f3n completa y c\u00f3moda, lo que permite sesiones de juego prolongadas y sin fatiga. Esta duradera carcasa envuelve de forma segura su dispositivo, proporcionando una protecci\u00f3n completa para proteger su AYANEO Pocket S de los golpes diarios, ara\u00f1azos y desgaste. <\/li>\n\n\n\n<li><strong>Protector de pantalla<\/strong>: Salvaguarde su pantalla con un protector de alta calidad y ultra transparente. Dise\u00f1ado para resistir ara\u00f1azos, manchas y huellas dactilares, garantiza que su pantalla permanezca tan vibrante y receptiva como siempre. Su dise\u00f1o de f\u00e1cil aplicaci\u00f3n garantiza una instalaci\u00f3n sin burbujas, manteniendo su pantalla impecable al tiempo que conserva la sensibilidad t\u00e1ctil para una jugabilidad fluida e ininterrumpida.  <\/li>\n\n\n\n<li><strong>Agarres para pulgares<\/strong>: Mejore su control con agarres premium para pulgares. Estas cubiertas de silicona para los joysticks anal\u00f3gicos ofrecen un agarre y precisi\u00f3n superiores, ayud\u00e1ndole a mantener el control incluso en los momentos de juego m\u00e1s intensos. Dise\u00f1ados para reducir la fatiga y mejorar la comodidad, estos agarres para pulgares permiten movimientos m\u00e1s precisos, proporcion\u00e1ndole la ventaja competitiva que necesita.  <\/li>\n<\/ul>\n\n<p>Este kit de accesorios garantiza que su AYANEO Pocket S permanezca protegido y listo para la acci\u00f3n, a la vez que mejora la experiencia de juego con mejoras ergon\u00f3micas.<\/p>\n","protected":false},"excerpt":{"rendered":"<ul>\n<li>Funda <strong>oficial<\/strong> AYANEO Pocket S<\/li>\n<li>Forro de tela suave para <strong>mayor protecci\u00f3n<\/strong>.<\/li>\n<li>Textura antideslizante y asa de gran tama\u00f1o para un agarre seguro.<\/li>\n<li>Protecci\u00f3n de alta calidad y ultra transparente para prevenir ara\u00f1azos y manchas.<\/li>\n<li>Mantiene la sensibilidad t\u00e1ctil para una jugabilidad fluida.<\/li>\n<\/ul>\n[cg_accordion title=\"Garant\u00eda de 1 a\u00f1o, avalada por la experiencia\"]<\/p>\n<p>Su compra est\u00e1 protegida por nuestra garant\u00eda de 1 a\u00f1o y m\u00e1s de 13 a\u00f1os de servicio de confianza. Con m\u00e1s de 500.000 clientes satisfechos, est\u00e1s en buenas manos. [\/cg_accordion]\n[cg_accordion title=\"Garant\u00eda de calidad y pruebas previas a la expedici\u00f3n\"]<\/p>\n<p>Garantizamos la satisfacci\u00f3n del cliente al m\u00e1s alto nivel: Cada dispositivo se somete a rigurosas pruebas y a un control de calidad multipunto antes de ser enviado. Nuestro equipo especializado verifica el rendimiento, la funcionalidad y la integridad de los componentes para garantizar que su dispositivo AYANEO est\u00e9 en perfecto estado de funcionamiento a su llegada, proporcion\u00e1ndole confianza y tranquilidad. [\/cg_accordion]\n[cg_accordion title=\"Opciones de pago flexibles y seguras\"]<\/p>\n<p>Disfruta de la tranquilidad de nuestro sistema de pago seguro. Admitimos los principales m\u00e9todos de pago, como tarjetas de d\u00e9bito\/cr\u00e9dito, PayPal, Apple Pay, Google Pay, Klarna, Afterpay y Affirm, lo que te da la libertad de pagar a tu manera, ya sea por adelantado o en c\u00f3modos plazos. [\/cg_accordion]\n[cg_accordion title=\"Impuestos\"]<\/p>\n<p>Los precios incluyen el IVA aplicable, que puede llegar al 25% seg\u00fan el pa\u00eds. El importe exacto se muestra durante el proceso de pago para garantizar una total transparencia. [\/cg_accordion]\n[cg_accordion title=\"Env\u00edos y devoluciones\"]<\/p>\n<p>Trabajamos con m\u00e1s de 10 socios de env\u00edo de confianza para garantizar que su pedido llegue de forma r\u00e1pida, segura y fiable.<\/p>\n<p>Utilizamos el env\u00edo Express DDP (Delivered Duty Paid). Esto significa: <\/p>\n<li>Todos los derechos de aduana e impuestos est\u00e1n incluidos en el precio del producto.<\/li>\n<li>No tendr\u00e1 que hacer frente a ning\u00fan gasto sorpresa en el momento de la entrega.<\/li>\n<li>En el raro caso de que se produzcan retrasos en las aduanas, nuestro equipo gestionar\u00e1 el proceso de despacho por usted para garantizar una entrega sin contratiempos.<\/li>\n<p>Informaci\u00f3n importante sobre devoluciones:<\/p>\n<li>Si devuelve su pedido o solicita un reembolso, tenga en cuenta que los impuestos y aranceles pagados en su nombre con arreglo a las condiciones del DDP no son reembolsables.<\/li>\n<p>Consulte nuestras <a href=\"https:\/\/droix.eu\/es\/terminos-y-condiciones\/\" target=\"_blank\" rel=\"nofollow noopener\">Condiciones generales<\/a> para obtener informaci\u00f3n detallada.\n<\/ul>\n<p>[\/cg_accordion]\n[cg_accordion title=\"Atenci\u00f3n al cliente\"]<\/p>\n<p>\u00bfTiene alguna pregunta? Estamos a un paso de resolver su problema. [\/cg_accordion]\n[cg_accordion title=\"El paquete incluye\"]<\/p>\n<ul>\n<li>1x Funda AYANEO Pocket S<\/li>\n<li>1x Protector de pantalla AYANEO Pocket S<\/li>\n<li>1x Pu\u00f1os AYANEO Pocket S<\/li>\n<\/ul>\n<p>[\/cg_accordion]\n","protected":false},"featured_media":491264,"template":"","meta":{"_acf_changed":false},"product_brand":[],"product_cat":[14668],"product_tag":[],"woo-feed-brand":[],"key-features":[],"class_list":{"0":"post-508628","1":"product","2":"type-product","3":"status-publish","4":"has-post-thumbnail","6":"product_cat-sin-categoria","7":"product_shipping_class-low-end","8":"pa_accessory-type-grip","9":"pa_accessory-type-protective-case","10":"pa_accessory-type-screen-protector","11":"pa_brands-ayaneo-es","13":"first","14":"instock","15":"sale","16":"taxable","17":"shipping-taxable","18":"purchasable","19":"product-type-simple"},"acf":[],"aioseo_notices":[],"aioseo_head":"\n\t\t<!-- All in One SEO Pro 4.9.6.2 - aioseo.com -->\n\t<meta name=\"description\" content=\"Funda oficial AYANEO Pocket S Forro de tela suave para mayor protecci\u00f3n. Textura antideslizante y asa de gran tama\u00f1o para un agarre seguro. Protecci\u00f3n de alta calidad y ultra transparente para prevenir ara\u00f1azos y manchas. Mantiene la sensibilidad t\u00e1ctil para una jugabilidad fluida.\" \/>\n\t<meta name=\"robots\" content=\"max-image-preview:large\" \/>\n\t<link rel=\"canonical\" href=\"https:\/\/droix.eu\/es\/product\/accesorios-para-ayaneo-pocket-s\/\" \/>\n\t<meta name=\"generator\" content=\"All in One SEO Pro (AIOSEO) 4.9.6.2\" \/>\n\t\t<meta property=\"og:locale\" content=\"es_ES\" \/>\n\t\t<meta property=\"og:site_name\" content=\"DROIX EU - Get the latest Mini PCs, Ultrabook, PC Gaming Handhelds and more!\" \/>\n\t\t<meta property=\"og:type\" content=\"article\" \/>\n\t\t<meta property=\"og:title\" content=\"Accesorios AYANEO Pocket S - DROIX EU\" \/>\n\t\t<meta property=\"og:description\" content=\"Funda oficial AYANEO Pocket S Forro de tela suave para mayor protecci\u00f3n. Textura antideslizante y asa de gran tama\u00f1o para un agarre seguro. Protecci\u00f3n de alta calidad y ultra transparente para prevenir ara\u00f1azos y manchas. Mantiene la sensibilidad t\u00e1ctil para una jugabilidad fluida.\" \/>\n\t\t<meta property=\"og:url\" content=\"https:\/\/droix.eu\/es\/product\/accesorios-para-ayaneo-pocket-s\/\" \/>\n\t\t<meta property=\"og:image\" content=\"https:\/\/droix.eu\/wp-content\/uploads\/2024\/06\/droix-v2-light-logo.png\" \/>\n\t\t<meta property=\"og:image:secure_url\" content=\"https:\/\/droix.eu\/wp-content\/uploads\/2024\/06\/droix-v2-light-logo.png\" \/>\n\t\t<meta property=\"og:image:width\" content=\"380\" \/>\n\t\t<meta property=\"og:image:height\" content=\"118\" \/>\n\t\t<meta property=\"article:published_time\" content=\"2024-09-19T11:02:29+00:00\" \/>\n\t\t<meta property=\"article:modified_time\" content=\"2026-04-08T09:13:42+00:00\" \/>\n\t\t<meta property=\"article:publisher\" content=\"https:\/\/www.facebook.com\/DroiX.Store\" \/>\n\t\t<meta name=\"twitter:card\" content=\"summary_large_image\" \/>\n\t\t<meta name=\"twitter:site\" content=\"@DroiX_Store\" \/>\n\t\t<meta name=\"twitter:title\" content=\"Accesorios AYANEO Pocket S - DROIX EU\" \/>\n\t\t<meta name=\"twitter:description\" content=\"Funda oficial AYANEO Pocket S Forro de tela suave para mayor protecci\u00f3n. Textura antideslizante y asa de gran tama\u00f1o para un agarre seguro. Protecci\u00f3n de alta calidad y ultra transparente para prevenir ara\u00f1azos y manchas. Mantiene la sensibilidad t\u00e1ctil para una jugabilidad fluida.\" \/>\n\t\t<meta name=\"twitter:image\" content=\"https:\/\/droix.eu\/wp-content\/uploads\/2024\/06\/droix-v2-light-logo.png\" \/>\n\t\t<script type=\"application\/ld+json\" class=\"aioseo-schema\">\n\t\t\t{\"@context\":\"https:\\\/\\\/schema.org\",\"@graph\":[{\"@type\":\"BreadcrumbList\",\"@id\":\"https:\\\/\\\/droix.eu\\\/es\\\/product\\\/accesorios-para-ayaneo-pocket-s\\\/#breadcrumblist\",\"itemListElement\":[{\"@type\":\"ListItem\",\"@id\":\"https:\\\/\\\/droix.eu\\\/es\\\/#listItem\",\"position\":1,\"name\":\"Home\",\"item\":\"https:\\\/\\\/droix.eu\\\/es\\\/\",\"nextItem\":{\"@type\":\"ListItem\",\"@id\":\"https:\\\/\\\/droix.eu\\\/es\\\/product-category\\\/sin-categoria\\\/#listItem\",\"name\":\"Sin categor\\u00eda\"}},{\"@type\":\"ListItem\",\"@id\":\"https:\\\/\\\/droix.eu\\\/es\\\/product-category\\\/sin-categoria\\\/#listItem\",\"position\":2,\"name\":\"Sin categor\\u00eda\",\"item\":\"https:\\\/\\\/droix.eu\\\/es\\\/product-category\\\/sin-categoria\\\/\",\"nextItem\":{\"@type\":\"ListItem\",\"@id\":\"https:\\\/\\\/droix.eu\\\/es\\\/product\\\/accesorios-para-ayaneo-pocket-s\\\/#listItem\",\"name\":\"Accesorios AYANEO Pocket S\"},\"previousItem\":{\"@type\":\"ListItem\",\"@id\":\"https:\\\/\\\/droix.eu\\\/es\\\/#listItem\",\"name\":\"Home\"}},{\"@type\":\"ListItem\",\"@id\":\"https:\\\/\\\/droix.eu\\\/es\\\/product\\\/accesorios-para-ayaneo-pocket-s\\\/#listItem\",\"position\":3,\"name\":\"Accesorios AYANEO Pocket S\",\"previousItem\":{\"@type\":\"ListItem\",\"@id\":\"https:\\\/\\\/droix.eu\\\/es\\\/product-category\\\/sin-categoria\\\/#listItem\",\"name\":\"Sin categor\\u00eda\"}}]},{\"@type\":\"Organization\",\"@id\":\"https:\\\/\\\/droix.eu\\\/es\\\/#organization\",\"name\":\"DroiX \\u2013 Trusted EU Tech Retailer with 12+ Years Experience\",\"description\":\"DroiX is a leading European technology retailer with over 12 years of experience, offering quality mini PCs, handheld gaming consoles, and tech accessories. We provide hassle-free EU delivery with all taxes included, ensuring a smooth and reliable shopping experience for our customers across Europe.\",\"url\":\"https:\\\/\\\/droix.eu\\\/es\\\/\",\"logo\":{\"@type\":\"ImageObject\",\"url\":\"https:\\\/\\\/droix.eu\\\/wp-content\\\/uploads\\\/2024\\\/06\\\/droix-v2-light-logo.png\",\"@id\":\"https:\\\/\\\/droix.eu\\\/es\\\/product\\\/accesorios-para-ayaneo-pocket-s\\\/#organizationLogo\",\"width\":380,\"height\":118},\"image\":{\"@id\":\"https:\\\/\\\/droix.eu\\\/es\\\/product\\\/accesorios-para-ayaneo-pocket-s\\\/#organizationLogo\"},\"sameAs\":[\"https:\\\/\\\/www.facebook.com\\\/DroiX.Store\",\"https:\\\/\\\/twitter.com\\\/DroiX_Store\",\"https:\\\/\\\/www.instagram.com\\\/droix.store\\\/\",\"https:\\\/\\\/www.tiktok.com\\\/@droix.store\",\"https:\\\/\\\/www.youtube.com\\\/c\\\/DroiX_Store\",\"https:\\\/\\\/uk.linkedin.com\\\/company\\\/droix\"]},{\"@type\":\"Product\",\"@id\":\"https:\\\/\\\/droix.eu\\\/es\\\/product\\\/accesorios-para-ayaneo-pocket-s\\\/#wooCommerceProduct\",\"name\":\"Accesorios AYANEO Pocket S\",\"description\":\"Funda oficial AYANEO Pocket S\\n \\tForro de tela suave para mayor protecci\\u00f3n.\\n \\tTextura antideslizante y asa de gran tama\\u00f1o para un agarre seguro.\\n \\tProtecci\\u00f3n de alta calidad y ultra transparente para prevenir ara\\u00f1azos y manchas.\\n \\tMantiene la sensibilidad t\\u00e1ctil para una jugabilidad fluida.\",\"url\":\"https:\\\/\\\/droix.eu\\\/es\\\/product\\\/accesorios-para-ayaneo-pocket-s\\\/\",\"sku\":\"AYANEO-POCKET-S-FREEBIES\",\"image\":{\"@type\":\"ImageObject\",\"url\":\"https:\\\/\\\/droix.eu\\\/wp-content\\\/uploads\\\/2024\\\/09\\\/AYANEO-POCKET-S-ACCESSORIES-LISTING-DONE-01.png\",\"@id\":\"https:\\\/\\\/droix.eu\\\/es\\\/product\\\/accesorios-para-ayaneo-pocket-s\\\/#productImage\",\"width\":1500,\"height\":1500,\"caption\":\"Accesorios gratuitos AYANEO Pocket S (Funda protectora + Grips + Protector de pantalla)\"},\"offers\":{\"@type\":\"Offer\",\"url\":\"https:\\\/\\\/droix.eu\\\/es\\\/product\\\/accesorios-para-ayaneo-pocket-s\\\/#wooCommerceOffer\",\"price\":11.01,\"priceCurrency\":\"EUR\",\"availability\":\"https:\\\/\\\/schema.org\\\/InStock\",\"priceSpecification\":{\"@type\":\"PriceSpecification\",\"price\":11.01,\"priceCurrency\":\"EUR\",\"valueAddedTaxIncluded\":\"true\"},\"seller\":{\"@type\":\"Organization\",\"@id\":\"https:\\\/\\\/droix.eu\\\/es\\\/#organization\"}}},{\"@type\":\"WebPage\",\"@id\":\"https:\\\/\\\/droix.eu\\\/es\\\/product\\\/accesorios-para-ayaneo-pocket-s\\\/#webpage\",\"url\":\"https:\\\/\\\/droix.eu\\\/es\\\/product\\\/accesorios-para-ayaneo-pocket-s\\\/\",\"name\":\"Accesorios AYANEO Pocket S - DROIX EU\",\"description\":\"Funda oficial AYANEO Pocket S Forro de tela suave para mayor protecci\\u00f3n. Textura antideslizante y asa de gran tama\\u00f1o para un agarre seguro. Protecci\\u00f3n de alta calidad y ultra transparente para prevenir ara\\u00f1azos y manchas. Mantiene la sensibilidad t\\u00e1ctil para una jugabilidad fluida.\",\"inLanguage\":\"es-ES\",\"isPartOf\":{\"@id\":\"https:\\\/\\\/droix.eu\\\/es\\\/#website\"},\"breadcrumb\":{\"@id\":\"https:\\\/\\\/droix.eu\\\/es\\\/product\\\/accesorios-para-ayaneo-pocket-s\\\/#breadcrumblist\"},\"image\":{\"@type\":\"ImageObject\",\"url\":\"https:\\\/\\\/droix.eu\\\/wp-content\\\/uploads\\\/2024\\\/09\\\/AYANEO-POCKET-S-ACCESSORIES-LISTING-DONE-01.png\",\"@id\":\"https:\\\/\\\/droix.eu\\\/es\\\/product\\\/accesorios-para-ayaneo-pocket-s\\\/#mainImage\",\"width\":1500,\"height\":1500,\"caption\":\"Accesorios gratuitos AYANEO Pocket S (Funda protectora + Grips + Protector de pantalla)\"},\"primaryImageOfPage\":{\"@id\":\"https:\\\/\\\/droix.eu\\\/es\\\/product\\\/accesorios-para-ayaneo-pocket-s\\\/#mainImage\"},\"datePublished\":\"2024-09-19T12:02:29+01:00\",\"dateModified\":\"2026-04-08T10:13:42+01:00\"},{\"@type\":\"WebSite\",\"@id\":\"https:\\\/\\\/droix.eu\\\/es\\\/#website\",\"url\":\"https:\\\/\\\/droix.eu\\\/es\\\/\",\"name\":\"DROIX EU\",\"description\":\"Get the latest Mini PCs, Ultrabook, PC Gaming Handhelds and more!\",\"inLanguage\":\"es-ES\",\"publisher\":{\"@id\":\"https:\\\/\\\/droix.eu\\\/es\\\/#organization\"}}]}\n\t\t<\/script>\n\t\t<!-- All in One SEO Pro -->\r\n\t\t<title>Accesorios AYANEO Pocket S - DROIX EU<\/title>\n\n","aioseo_head_json":{"title":"Accesorios AYANEO Pocket S - DROIX EU","description":"Funda oficial AYANEO Pocket S Forro de tela suave para mayor protecci\u00f3n. Textura antideslizante y asa de gran tama\u00f1o para un agarre seguro. Protecci\u00f3n de alta calidad y ultra transparente para prevenir ara\u00f1azos y manchas. Mantiene la sensibilidad t\u00e1ctil para una jugabilidad fluida.","canonical_url":"https:\/\/droix.eu\/es\/product\/accesorios-para-ayaneo-pocket-s\/","robots":"max-image-preview:large","keywords":"","webmasterTools":{"miscellaneous":""},"schema":{"@context":"https:\/\/schema.org","@graph":[{"@type":"BreadcrumbList","@id":"https:\/\/droix.eu\/es\/product\/accesorios-para-ayaneo-pocket-s\/#breadcrumblist","itemListElement":[{"@type":"ListItem","@id":"https:\/\/droix.eu\/es\/#listItem","position":1,"name":"Home","item":"https:\/\/droix.eu\/es\/","nextItem":{"@type":"ListItem","@id":"https:\/\/droix.eu\/es\/product-category\/sin-categoria\/#listItem","name":"Sin categor\u00eda"}},{"@type":"ListItem","@id":"https:\/\/droix.eu\/es\/product-category\/sin-categoria\/#listItem","position":2,"name":"Sin categor\u00eda","item":"https:\/\/droix.eu\/es\/product-category\/sin-categoria\/","nextItem":{"@type":"ListItem","@id":"https:\/\/droix.eu\/es\/product\/accesorios-para-ayaneo-pocket-s\/#listItem","name":"Accesorios AYANEO Pocket S"},"previousItem":{"@type":"ListItem","@id":"https:\/\/droix.eu\/es\/#listItem","name":"Home"}},{"@type":"ListItem","@id":"https:\/\/droix.eu\/es\/product\/accesorios-para-ayaneo-pocket-s\/#listItem","position":3,"name":"Accesorios AYANEO Pocket S","previousItem":{"@type":"ListItem","@id":"https:\/\/droix.eu\/es\/product-category\/sin-categoria\/#listItem","name":"Sin categor\u00eda"}}]},{"@type":"Organization","@id":"https:\/\/droix.eu\/es\/#organization","name":"DroiX \u2013 Trusted EU Tech Retailer with 12+ Years Experience","description":"DroiX is a leading European technology retailer with over 12 years of experience, offering quality mini PCs, handheld gaming consoles, and tech accessories. We provide hassle-free EU delivery with all taxes included, ensuring a smooth and reliable shopping experience for our customers across Europe.","url":"https:\/\/droix.eu\/es\/","logo":{"@type":"ImageObject","url":"https:\/\/droix.eu\/wp-content\/uploads\/2024\/06\/droix-v2-light-logo.png","@id":"https:\/\/droix.eu\/es\/product\/accesorios-para-ayaneo-pocket-s\/#organizationLogo","width":380,"height":118},"image":{"@id":"https:\/\/droix.eu\/es\/product\/accesorios-para-ayaneo-pocket-s\/#organizationLogo"},"sameAs":["https:\/\/www.facebook.com\/DroiX.Store","https:\/\/twitter.com\/DroiX_Store","https:\/\/www.instagram.com\/droix.store\/","https:\/\/www.tiktok.com\/@droix.store","https:\/\/www.youtube.com\/c\/DroiX_Store","https:\/\/uk.linkedin.com\/company\/droix"]},{"@type":"Product","@id":"https:\/\/droix.eu\/es\/product\/accesorios-para-ayaneo-pocket-s\/#wooCommerceProduct","name":"Accesorios AYANEO Pocket S","description":"Funda oficial AYANEO Pocket S\n \tForro de tela suave para mayor protecci\u00f3n.\n \tTextura antideslizante y asa de gran tama\u00f1o para un agarre seguro.\n \tProtecci\u00f3n de alta calidad y ultra transparente para prevenir ara\u00f1azos y manchas.\n \tMantiene la sensibilidad t\u00e1ctil para una jugabilidad fluida.","url":"https:\/\/droix.eu\/es\/product\/accesorios-para-ayaneo-pocket-s\/","sku":"AYANEO-POCKET-S-FREEBIES","image":{"@type":"ImageObject","url":"https:\/\/droix.eu\/wp-content\/uploads\/2024\/09\/AYANEO-POCKET-S-ACCESSORIES-LISTING-DONE-01.png","@id":"https:\/\/droix.eu\/es\/product\/accesorios-para-ayaneo-pocket-s\/#productImage","width":1500,"height":1500,"caption":"Accesorios gratuitos AYANEO Pocket S (Funda protectora + Grips + Protector de pantalla)"},"offers":{"@type":"Offer","url":"https:\/\/droix.eu\/es\/product\/accesorios-para-ayaneo-pocket-s\/#wooCommerceOffer","price":11.01,"priceCurrency":"EUR","availability":"https:\/\/schema.org\/InStock","priceSpecification":{"@type":"PriceSpecification","price":11.01,"priceCurrency":"EUR","valueAddedTaxIncluded":"true"},"seller":{"@type":"Organization","@id":"https:\/\/droix.eu\/es\/#organization"}}},{"@type":"WebPage","@id":"https:\/\/droix.eu\/es\/product\/accesorios-para-ayaneo-pocket-s\/#webpage","url":"https:\/\/droix.eu\/es\/product\/accesorios-para-ayaneo-pocket-s\/","name":"Accesorios AYANEO Pocket S - DROIX EU","description":"Funda oficial AYANEO Pocket S Forro de tela suave para mayor protecci\u00f3n. Textura antideslizante y asa de gran tama\u00f1o para un agarre seguro. Protecci\u00f3n de alta calidad y ultra transparente para prevenir ara\u00f1azos y manchas. Mantiene la sensibilidad t\u00e1ctil para una jugabilidad fluida.","inLanguage":"es-ES","isPartOf":{"@id":"https:\/\/droix.eu\/es\/#website"},"breadcrumb":{"@id":"https:\/\/droix.eu\/es\/product\/accesorios-para-ayaneo-pocket-s\/#breadcrumblist"},"image":{"@type":"ImageObject","url":"https:\/\/droix.eu\/wp-content\/uploads\/2024\/09\/AYANEO-POCKET-S-ACCESSORIES-LISTING-DONE-01.png","@id":"https:\/\/droix.eu\/es\/product\/accesorios-para-ayaneo-pocket-s\/#mainImage","width":1500,"height":1500,"caption":"Accesorios gratuitos AYANEO Pocket S (Funda protectora + Grips + Protector de pantalla)"},"primaryImageOfPage":{"@id":"https:\/\/droix.eu\/es\/product\/accesorios-para-ayaneo-pocket-s\/#mainImage"},"datePublished":"2024-09-19T12:02:29+01:00","dateModified":"2026-04-08T10:13:42+01:00"},{"@type":"WebSite","@id":"https:\/\/droix.eu\/es\/#website","url":"https:\/\/droix.eu\/es\/","name":"DROIX EU","description":"Get the latest Mini PCs, Ultrabook, PC Gaming Handhelds and more!","inLanguage":"es-ES","publisher":{"@id":"https:\/\/droix.eu\/es\/#organization"}}]},"og:locale":"es_ES","og:site_name":"DROIX EU - Get the latest Mini PCs, Ultrabook, PC Gaming Handhelds and more!","og:type":"article","og:title":"Accesorios AYANEO Pocket S - DROIX EU","og:description":"Funda oficial AYANEO Pocket S Forro de tela suave para mayor protecci\u00f3n. Textura antideslizante y asa de gran tama\u00f1o para un agarre seguro. Protecci\u00f3n de alta calidad y ultra transparente para prevenir ara\u00f1azos y manchas. Mantiene la sensibilidad t\u00e1ctil para una jugabilidad fluida.","og:url":"https:\/\/droix.eu\/es\/product\/accesorios-para-ayaneo-pocket-s\/","og:image":"https:\/\/droix.eu\/wp-content\/uploads\/2024\/06\/droix-v2-light-logo.png","og:image:secure_url":"https:\/\/droix.eu\/wp-content\/uploads\/2024\/06\/droix-v2-light-logo.png","og:image:width":380,"og:image:height":118,"article:published_time":"2024-09-19T11:02:29+00:00","article:modified_time":"2026-04-08T09:13:42+00:00","article:publisher":"https:\/\/www.facebook.com\/DroiX.Store","twitter:card":"summary_large_image","twitter:site":"@DroiX_Store","twitter:title":"Accesorios AYANEO Pocket S - DROIX EU","twitter:description":"Funda oficial AYANEO Pocket S Forro de tela suave para mayor protecci\u00f3n. Textura antideslizante y asa de gran tama\u00f1o para un agarre seguro. Protecci\u00f3n de alta calidad y ultra transparente para prevenir ara\u00f1azos y manchas. Mantiene la sensibilidad t\u00e1ctil para una jugabilidad fluida.","twitter:image":"https:\/\/droix.eu\/wp-content\/uploads\/2024\/06\/droix-v2-light-logo.png"},"aioseo_meta_data":{"post_id":"508628","title":null,"description":null,"keywords":null,"keyphrases":{"focus":{"keyphrase":"","score":0,"analysis":{"keyphraseInTitle":{"score":0,"maxScore":9,"error":1}}},"additional":[]},"primary_term":null,"canonical_url":null,"og_title":null,"og_description":null,"og_object_type":"default","og_image_type":"default","og_image_url":null,"og_image_width":null,"og_image_height":null,"og_image_custom_url":null,"og_image_custom_fields":null,"og_video":"","og_custom_url":null,"og_article_section":null,"og_article_tags":null,"twitter_use_og":true,"twitter_card":"default","twitter_image_type":"default","twitter_image_url":null,"twitter_image_custom_url":null,"twitter_image_custom_fields":null,"twitter_title":null,"twitter_description":null,"schema":{"blockGraphs":[],"customGraphs":[],"default":{"data":{"Article":[],"Course":[],"Dataset":[],"FAQPage":[],"Movie":[],"Person":[],"Product":[],"ProductReview":[],"Car":[],"Recipe":[],"Service":[],"SoftwareApplication":[],"WebPage":[]},"graphName":"Product","isEnabled":true},"graphs":[]},"schema_type":"default","schema_type_options":null,"pillar_content":false,"robots_default":true,"robots_noindex":false,"robots_noarchive":false,"robots_nosnippet":false,"robots_nofollow":false,"robots_noimageindex":false,"robots_noodp":false,"robots_notranslate":false,"robots_max_snippet":"-1","robots_max_videopreview":"-1","robots_max_imagepreview":"large","priority":null,"frequency":"default","local_seo":null,"seo_analyzer_scan_date":"2026-04-24 12:55:14","breadcrumb_settings":null,"limit_modified_date":false,"reviewed_by":null,"open_ai":null,"ai":{"faqs":[],"keyPoints":[],"titles":[],"descriptions":[],"socialPosts":{"email":[],"linkedin":[],"twitter":[],"facebook":[],"instagram":[]}},"created":"2025-10-09 06:25:32","updated":"2026-04-24 12:55:14"},"aioseo_breadcrumb":"<div class=\"aioseo-breadcrumbs\"><span class=\"aioseo-breadcrumb\">\n\t<a href=\"https:\/\/droix.eu\/es\/\" title=\"Home\">Home<\/a>\n<\/span><span class=\"aioseo-breadcrumb-separator\">&raquo;<\/span><span class=\"aioseo-breadcrumb\">\n\t<a href=\"https:\/\/droix.eu\/es\/product-category\/sin-categoria\/\" title=\"Sin categor\u00eda\">Sin categor\u00eda<\/a>\n<\/span><span class=\"aioseo-breadcrumb-separator\">&raquo;<\/span><span class=\"aioseo-breadcrumb\">\n\tAccesorios AYANEO Pocket S\n<\/span><\/div>","aioseo_breadcrumb_json":[{"label":"Home","link":"https:\/\/droix.eu\/es\/"},{"label":"Sin categor\u00eda","link":"https:\/\/droix.eu\/es\/product-category\/sin-categoria\/"},{"label":"Accesorios AYANEO Pocket S","link":"https:\/\/droix.eu\/es\/product\/accesorios-para-ayaneo-pocket-s\/"}],"_links":{"self":[{"href":"https:\/\/droix.eu\/es\/wp-json\/wp\/v2\/product\/508628","targetHints":{"allow":["GET"]}}],"collection":[{"href":"https:\/\/droix.eu\/es\/wp-json\/wp\/v2\/product"}],"about":[{"href":"https:\/\/droix.eu\/es\/wp-json\/wp\/v2\/types\/product"}],"version-history":[{"count":0,"href":"https:\/\/droix.eu\/es\/wp-json\/wp\/v2\/product\/508628\/revisions"}],"wp:featuredmedia":[{"embeddable":true,"href":"https:\/\/droix.eu\/es\/wp-json\/wp\/v2\/media\/491264"}],"wp:attachment":[{"href":"https:\/\/droix.eu\/es\/wp-json\/wp\/v2\/media?parent=508628"}],"wp:term":[{"taxonomy":"product_brand","embeddable":true,"href":"https:\/\/droix.eu\/es\/wp-json\/wp\/v2\/product_brand?post=508628"},{"taxonomy":"product_cat","embeddable":true,"href":"https:\/\/droix.eu\/es\/wp-json\/wp\/v2\/product_cat?post=508628"},{"taxonomy":"product_tag","embeddable":true,"href":"https:\/\/droix.eu\/es\/wp-json\/wp\/v2\/product_tag?post=508628"},{"taxonomy":"woo-feed-brand","embeddable":true,"href":"https:\/\/droix.eu\/es\/wp-json\/wp\/v2\/woo-feed-brand?post=508628"},{"taxonomy":"key-features","embeddable":true,"href":"https:\/\/droix.eu\/es\/wp-json\/wp\/v2\/key-features?post=508628"}],"curies":[{"name":"wp","href":"https:\/\/api.w.org\/{rel}","templated":true}]}}