{"id":508281,"date":"2024-11-27T16:44:13","date_gmt":"2024-11-27T16:44:13","guid":{"rendered":"https:\/\/droix.eu\/product\/modulo-gpd-pocket-4-4g-lte\/"},"modified":"2026-04-23T14:11:04","modified_gmt":"2026-04-23T13:11:04","slug":"modulo-gpd-pocket-4-4g-lte","status":"publish","type":"product","link":"https:\/\/droix.eu\/es\/product\/modulo-gpd-pocket-4-4g-lte\/","title":{"rendered":"M\u00f3dulo GPD Pocket 4 4G LTE"},"content":{"rendered":"\n<p>El GPD Pocket 4 ofrece un exclusivo m\u00f3dulo 4G LTE como caracter\u00edstica opcional, que permite a los usuarios conectarse a todas las redes m\u00f3viles para jugar en cualquier lugar.  <\/p>\n","protected":false},"excerpt":{"rendered":"<ul>\n<li><strong>Accesorio oficial GPD<\/strong><\/li>\n<li><strong>M\u00f3dulo de expansi\u00f3n 4G LTE<\/strong> para jugar en movimiento<\/li>\n<li>Ranura para <strong>tarjeta SIM<\/strong><\/li>\n<li>Se instala f\u00e1cilmente en el<strong> GPD Pocket 4<\/strong><\/li>\n<\/ul>\n[cg_accordion title=\"Garant\u00eda de 2 a\u00f1os para todos los productos GPD\"]<\/p>\n<p>Todos los productos GPD tienen una garant\u00eda de 2 a\u00f1os y est\u00e1n respaldados por m\u00e1s de 13 a\u00f1os de servicio de confianza. \u00danase a nuestra comunidad de m\u00e1s de 500.000 clientes satisfechos y conf\u00ede en su compra. [\/cg_accordion]\n[cg_accordion title=\"Garant\u00eda de calidad y pruebas previas a la expedici\u00f3n\"]<\/p>\n<p>Garantizamos la satisfacci\u00f3n del cliente al m\u00e1s alto nivel: Cada dispositivo se somete a rigurosas pruebas y a un control de calidad de m\u00faltiples puntos antes de ser enviado. Nuestro equipo especializado verifica el rendimiento, la funcionalidad y la integridad de los componentes para garantizar que su dispositivo GPD est\u00e9 en perfecto estado de funcionamiento a su llegada, proporcion\u00e1ndole confianza y tranquilidad. [\/cg_accordion]\n[cg_accordion title=\"Opciones de pago flexibles y seguras\"]<\/p>\n<p>Disfruta de la tranquilidad de nuestro sistema de pago seguro. Admitimos los principales m\u00e9todos de pago, como tarjetas de d\u00e9bito\/cr\u00e9dito, PayPal, Apple Pay, Google Pay, Klarna, Afterpay y Affirm, lo que te da la libertad de pagar a tu manera, ya sea por adelantado o en c\u00f3modos plazos. [\/cg_accordion]\n[cg_accordion title=\"Impuestos\"]<\/p>\n<p>Los precios incluyen el IVA aplicable, que puede llegar al 25% seg\u00fan el pa\u00eds. El importe exacto se muestra durante el proceso de pago para garantizar una total transparencia. [\/cg_accordion]\n[cg_accordion title=\"Env\u00edos y devoluciones\"]<\/p>\n<p>Trabajamos con m\u00e1s de 10 socios de env\u00edo de confianza para garantizar que su pedido llegue de forma r\u00e1pida, segura y fiable.<\/p>\n<p>Utilizamos el env\u00edo Express DDP (Delivered Duty Paid). Esto significa: <\/p>\n<li>Todos los derechos de aduana e impuestos est\u00e1n incluidos en el precio del producto.<\/li>\n<li>No tendr\u00e1 que hacer frente a ning\u00fan gasto sorpresa en el momento de la entrega.<\/li>\n<li>En el raro caso de que se produzcan retrasos en las aduanas, nuestro equipo gestionar\u00e1 el proceso de despacho por usted para garantizar una entrega sin contratiempos.<\/li>\n<p>Informaci\u00f3n importante sobre devoluciones:<\/p>\n<li>Si devuelve su pedido o solicita un reembolso, tenga en cuenta que los impuestos y aranceles pagados en su nombre con arreglo a las condiciones del DDP no son reembolsables.<\/li>\n<p>Consulte nuestras <a href=\"https:\/\/droix.eu\/es\/terminos-y-condiciones\/\" target=\"_blank\" rel=\"nofollow noopener\">Condiciones generales<\/a> para obtener informaci\u00f3n detallada.\n<\/ul>\n<p>[\/cg_accordion]\n[cg_accordion title=\"Atenci\u00f3n al cliente\"]<\/p>\n<p>\u00bfTiene alguna pregunta? Estamos a un paso de resolver su problema. [\/cg_accordion]\n[cg_accordion title=\"El paquete incluye\"]<\/p>\n<ul>\n<li>1x M\u00f3dulo 4G LTE<\/li>\n<\/ul>\n<p>[\/cg_accordion]\n","protected":false},"featured_media":495480,"template":"","meta":{"_acf_changed":false},"product_brand":[],"product_cat":[13329,13373],"product_tag":[],"woo-feed-brand":[],"key-features":[],"class_list":{"0":"post-508281","1":"product","2":"type-product","3":"status-publish","4":"has-post-thumbnail","6":"product_cat-accesorios","7":"product_cat-accesorios-para-portatiles","8":"product_shipping_class-low-end","9":"pa_accessory-type-add-ons","10":"pa_brands-gpd-es","11":"pa_compatibility-gpd-bolsillo-4","13":"first","14":"instock","15":"sale","16":"taxable","17":"shipping-taxable","18":"purchasable","19":"product-type-simple"},"acf":[],"aioseo_notices":[],"aioseo_head":"\n\t\t<!-- All in One SEO Pro 4.9.6.2 - aioseo.com -->\n\t<meta name=\"description\" content=\"Accesorio oficial GPD M\u00f3dulo de expansi\u00f3n 4G LTE para jugar en movimiento Ranura para tarjeta SIM Se instala f\u00e1cilmente en el GPD Pocket 4\" \/>\n\t<meta name=\"robots\" content=\"max-image-preview:large\" \/>\n\t<link rel=\"canonical\" href=\"https:\/\/droix.eu\/es\/product\/modulo-gpd-pocket-4-4g-lte\/\" \/>\n\t<meta name=\"generator\" content=\"All in One SEO Pro (AIOSEO) 4.9.6.2\" \/>\n\t\t<meta property=\"og:locale\" content=\"es_ES\" \/>\n\t\t<meta property=\"og:site_name\" content=\"DROIX EU - Get the latest Mini PCs, Ultrabook, PC Gaming Handhelds and more!\" \/>\n\t\t<meta property=\"og:type\" content=\"article\" \/>\n\t\t<meta property=\"og:title\" content=\"M\u00f3dulo GPD Pocket 4 4G LTE - DROIX EU\" \/>\n\t\t<meta property=\"og:description\" content=\"Accesorio oficial GPD M\u00f3dulo de expansi\u00f3n 4G LTE para jugar en movimiento Ranura para tarjeta SIM Se instala f\u00e1cilmente en el GPD Pocket 4\" \/>\n\t\t<meta property=\"og:url\" content=\"https:\/\/droix.eu\/es\/product\/modulo-gpd-pocket-4-4g-lte\/\" \/>\n\t\t<meta property=\"og:image\" content=\"https:\/\/droix.eu\/wp-content\/uploads\/2024\/06\/droix-v2-light-logo.png\" \/>\n\t\t<meta property=\"og:image:secure_url\" content=\"https:\/\/droix.eu\/wp-content\/uploads\/2024\/06\/droix-v2-light-logo.png\" \/>\n\t\t<meta property=\"og:image:width\" content=\"380\" \/>\n\t\t<meta property=\"og:image:height\" content=\"118\" \/>\n\t\t<meta property=\"article:published_time\" content=\"2024-11-27T16:44:13+00:00\" \/>\n\t\t<meta property=\"article:modified_time\" content=\"2026-04-23T13:11:04+00:00\" \/>\n\t\t<meta property=\"article:publisher\" content=\"https:\/\/www.facebook.com\/DroiX.Store\" \/>\n\t\t<meta name=\"twitter:card\" content=\"summary_large_image\" \/>\n\t\t<meta name=\"twitter:site\" content=\"@DroiX_Store\" \/>\n\t\t<meta name=\"twitter:title\" content=\"M\u00f3dulo GPD Pocket 4 4G LTE - DROIX EU\" \/>\n\t\t<meta name=\"twitter:description\" content=\"Accesorio oficial GPD M\u00f3dulo de expansi\u00f3n 4G LTE para jugar en movimiento Ranura para tarjeta SIM Se instala f\u00e1cilmente en el GPD Pocket 4\" \/>\n\t\t<meta name=\"twitter:image\" content=\"https:\/\/droix.eu\/wp-content\/uploads\/2024\/06\/droix-v2-light-logo.png\" \/>\n\t\t<script type=\"application\/ld+json\" class=\"aioseo-schema\">\n\t\t\t{\"@context\":\"https:\\\/\\\/schema.org\",\"@graph\":[{\"@type\":\"BreadcrumbList\",\"@id\":\"https:\\\/\\\/droix.eu\\\/es\\\/product\\\/modulo-gpd-pocket-4-4g-lte\\\/#breadcrumblist\",\"itemListElement\":[{\"@type\":\"ListItem\",\"@id\":\"https:\\\/\\\/droix.eu\\\/es\\\/#listItem\",\"position\":1,\"name\":\"Home\",\"item\":\"https:\\\/\\\/droix.eu\\\/es\\\/\",\"nextItem\":{\"@type\":\"ListItem\",\"@id\":\"https:\\\/\\\/droix.eu\\\/es\\\/product-category\\\/accesorios\\\/#listItem\",\"name\":\"Accesorios\"}},{\"@type\":\"ListItem\",\"@id\":\"https:\\\/\\\/droix.eu\\\/es\\\/product-category\\\/accesorios\\\/#listItem\",\"position\":2,\"name\":\"Accesorios\",\"item\":\"https:\\\/\\\/droix.eu\\\/es\\\/product-category\\\/accesorios\\\/\",\"nextItem\":{\"@type\":\"ListItem\",\"@id\":\"https:\\\/\\\/droix.eu\\\/es\\\/product-category\\\/accesorios\\\/accesorios-para-portatiles\\\/#listItem\",\"name\":\"Accesorios para port\\u00e1tiles\"},\"previousItem\":{\"@type\":\"ListItem\",\"@id\":\"https:\\\/\\\/droix.eu\\\/es\\\/#listItem\",\"name\":\"Home\"}},{\"@type\":\"ListItem\",\"@id\":\"https:\\\/\\\/droix.eu\\\/es\\\/product-category\\\/accesorios\\\/accesorios-para-portatiles\\\/#listItem\",\"position\":3,\"name\":\"Accesorios para port\\u00e1tiles\",\"item\":\"https:\\\/\\\/droix.eu\\\/es\\\/product-category\\\/accesorios\\\/accesorios-para-portatiles\\\/\",\"nextItem\":{\"@type\":\"ListItem\",\"@id\":\"https:\\\/\\\/droix.eu\\\/es\\\/product\\\/modulo-gpd-pocket-4-4g-lte\\\/#listItem\",\"name\":\"M\\u00f3dulo GPD Pocket 4 4G LTE\"},\"previousItem\":{\"@type\":\"ListItem\",\"@id\":\"https:\\\/\\\/droix.eu\\\/es\\\/product-category\\\/accesorios\\\/#listItem\",\"name\":\"Accesorios\"}},{\"@type\":\"ListItem\",\"@id\":\"https:\\\/\\\/droix.eu\\\/es\\\/product\\\/modulo-gpd-pocket-4-4g-lte\\\/#listItem\",\"position\":4,\"name\":\"M\\u00f3dulo GPD Pocket 4 4G LTE\",\"previousItem\":{\"@type\":\"ListItem\",\"@id\":\"https:\\\/\\\/droix.eu\\\/es\\\/product-category\\\/accesorios\\\/accesorios-para-portatiles\\\/#listItem\",\"name\":\"Accesorios para port\\u00e1tiles\"}}]},{\"@type\":\"Organization\",\"@id\":\"https:\\\/\\\/droix.eu\\\/es\\\/#organization\",\"name\":\"DroiX \\u2013 Trusted EU Tech Retailer with 12+ Years Experience\",\"description\":\"DroiX is a leading European technology retailer with over 12 years of experience, offering quality mini PCs, handheld gaming consoles, and tech accessories. We provide hassle-free EU delivery with all taxes included, ensuring a smooth and reliable shopping experience for our customers across Europe.\",\"url\":\"https:\\\/\\\/droix.eu\\\/es\\\/\",\"logo\":{\"@type\":\"ImageObject\",\"url\":\"https:\\\/\\\/droix.eu\\\/wp-content\\\/uploads\\\/2024\\\/06\\\/droix-v2-light-logo.png\",\"@id\":\"https:\\\/\\\/droix.eu\\\/es\\\/product\\\/modulo-gpd-pocket-4-4g-lte\\\/#organizationLogo\",\"width\":380,\"height\":118},\"image\":{\"@id\":\"https:\\\/\\\/droix.eu\\\/es\\\/product\\\/modulo-gpd-pocket-4-4g-lte\\\/#organizationLogo\"},\"sameAs\":[\"https:\\\/\\\/www.facebook.com\\\/DroiX.Store\",\"https:\\\/\\\/twitter.com\\\/DroiX_Store\",\"https:\\\/\\\/www.instagram.com\\\/droix.store\\\/\",\"https:\\\/\\\/www.tiktok.com\\\/@droix.store\",\"https:\\\/\\\/www.youtube.com\\\/c\\\/DroiX_Store\",\"https:\\\/\\\/uk.linkedin.com\\\/company\\\/droix\"]},{\"@type\":\"Product\",\"@id\":\"https:\\\/\\\/droix.eu\\\/es\\\/product\\\/modulo-gpd-pocket-4-4g-lte\\\/#wooCommerceProduct\",\"name\":\"M\\u00f3dulo GPD Pocket 4 4G LTE\",\"description\":\"Accesorio oficial GPD\\n \\tM\\u00f3dulo de expansi\\u00f3n 4G LTE para jugar en movimiento\\n \\tRanura para tarjeta SIM\\n \\tSe instala f\\u00e1cilmente en el GPD Pocket 4\",\"url\":\"https:\\\/\\\/droix.eu\\\/es\\\/product\\\/modulo-gpd-pocket-4-4g-lte\\\/\",\"sku\":\"GPD-POCKET-4-4G-MODULE\",\"gtin\":\"5061077630434\",\"image\":{\"@type\":\"ImageObject\",\"url\":\"https:\\\/\\\/droix.eu\\\/wp-content\\\/uploads\\\/2024\\\/11\\\/GPD-POCKET-4-MODULE-4G-DONE-01.png\",\"@id\":\"https:\\\/\\\/droix.eu\\\/es\\\/product\\\/modulo-gpd-pocket-4-4g-lte\\\/#productImage\",\"width\":1500,\"height\":1500,\"caption\":\"M\\u00f3dulo GPD Pocket 4 4G LTE, que permite que el GPD Pocket 4 Mini Laptop &amp; Tablet 2 en 1 se conecte a Internet.\"},\"offers\":{\"@type\":\"Offer\",\"url\":\"https:\\\/\\\/droix.eu\\\/es\\\/product\\\/modulo-gpd-pocket-4-4g-lte\\\/#wooCommerceOffer\",\"price\":88.5,\"priceCurrency\":\"EUR\",\"category\":\"Accesorios\",\"availability\":\"https:\\\/\\\/schema.org\\\/InStock\",\"priceSpecification\":{\"@type\":\"PriceSpecification\",\"price\":88.5,\"priceCurrency\":\"EUR\",\"valueAddedTaxIncluded\":\"true\"},\"seller\":{\"@type\":\"Organization\",\"@id\":\"https:\\\/\\\/droix.eu\\\/es\\\/#organization\"}}},{\"@type\":\"WebPage\",\"@id\":\"https:\\\/\\\/droix.eu\\\/es\\\/product\\\/modulo-gpd-pocket-4-4g-lte\\\/#webpage\",\"url\":\"https:\\\/\\\/droix.eu\\\/es\\\/product\\\/modulo-gpd-pocket-4-4g-lte\\\/\",\"name\":\"M\\u00f3dulo GPD Pocket 4 4G LTE - DROIX EU\",\"description\":\"Accesorio oficial GPD M\\u00f3dulo de expansi\\u00f3n 4G LTE para jugar en movimiento Ranura para tarjeta SIM Se instala f\\u00e1cilmente en el GPD Pocket 4\",\"inLanguage\":\"es-ES\",\"isPartOf\":{\"@id\":\"https:\\\/\\\/droix.eu\\\/es\\\/#website\"},\"breadcrumb\":{\"@id\":\"https:\\\/\\\/droix.eu\\\/es\\\/product\\\/modulo-gpd-pocket-4-4g-lte\\\/#breadcrumblist\"},\"image\":{\"@type\":\"ImageObject\",\"url\":\"https:\\\/\\\/droix.eu\\\/wp-content\\\/uploads\\\/2024\\\/11\\\/GPD-POCKET-4-MODULE-4G-DONE-01.png\",\"@id\":\"https:\\\/\\\/droix.eu\\\/es\\\/product\\\/modulo-gpd-pocket-4-4g-lte\\\/#mainImage\",\"width\":1500,\"height\":1500,\"caption\":\"M\\u00f3dulo GPD Pocket 4 4G LTE, que permite que el GPD Pocket 4 Mini Laptop &amp; Tablet 2 en 1 se conecte a Internet.\"},\"primaryImageOfPage\":{\"@id\":\"https:\\\/\\\/droix.eu\\\/es\\\/product\\\/modulo-gpd-pocket-4-4g-lte\\\/#mainImage\"},\"datePublished\":\"2024-11-27T16:44:13+00:00\",\"dateModified\":\"2026-04-23T14:11:04+01:00\"},{\"@type\":\"WebSite\",\"@id\":\"https:\\\/\\\/droix.eu\\\/es\\\/#website\",\"url\":\"https:\\\/\\\/droix.eu\\\/es\\\/\",\"name\":\"DROIX EU\",\"description\":\"Get the latest Mini PCs, Ultrabook, PC Gaming Handhelds and more!\",\"inLanguage\":\"es-ES\",\"publisher\":{\"@id\":\"https:\\\/\\\/droix.eu\\\/es\\\/#organization\"}}]}\n\t\t<\/script>\n\t\t<!-- All in One SEO Pro -->\r\n\t\t<title>M\u00f3dulo GPD Pocket 4 4G LTE - DROIX EU<\/title>\n\n","aioseo_head_json":{"title":"M\u00f3dulo GPD Pocket 4 4G LTE - DROIX EU","description":"Accesorio oficial GPD M\u00f3dulo de expansi\u00f3n 4G LTE para jugar en movimiento Ranura para tarjeta SIM Se instala f\u00e1cilmente en el GPD Pocket 4","canonical_url":"https:\/\/droix.eu\/es\/product\/modulo-gpd-pocket-4-4g-lte\/","robots":"max-image-preview:large","keywords":"","webmasterTools":{"miscellaneous":""},"schema":{"@context":"https:\/\/schema.org","@graph":[{"@type":"BreadcrumbList","@id":"https:\/\/droix.eu\/es\/product\/modulo-gpd-pocket-4-4g-lte\/#breadcrumblist","itemListElement":[{"@type":"ListItem","@id":"https:\/\/droix.eu\/es\/#listItem","position":1,"name":"Home","item":"https:\/\/droix.eu\/es\/","nextItem":{"@type":"ListItem","@id":"https:\/\/droix.eu\/es\/product-category\/accesorios\/#listItem","name":"Accesorios"}},{"@type":"ListItem","@id":"https:\/\/droix.eu\/es\/product-category\/accesorios\/#listItem","position":2,"name":"Accesorios","item":"https:\/\/droix.eu\/es\/product-category\/accesorios\/","nextItem":{"@type":"ListItem","@id":"https:\/\/droix.eu\/es\/product-category\/accesorios\/accesorios-para-portatiles\/#listItem","name":"Accesorios para port\u00e1tiles"},"previousItem":{"@type":"ListItem","@id":"https:\/\/droix.eu\/es\/#listItem","name":"Home"}},{"@type":"ListItem","@id":"https:\/\/droix.eu\/es\/product-category\/accesorios\/accesorios-para-portatiles\/#listItem","position":3,"name":"Accesorios para port\u00e1tiles","item":"https:\/\/droix.eu\/es\/product-category\/accesorios\/accesorios-para-portatiles\/","nextItem":{"@type":"ListItem","@id":"https:\/\/droix.eu\/es\/product\/modulo-gpd-pocket-4-4g-lte\/#listItem","name":"M\u00f3dulo GPD Pocket 4 4G LTE"},"previousItem":{"@type":"ListItem","@id":"https:\/\/droix.eu\/es\/product-category\/accesorios\/#listItem","name":"Accesorios"}},{"@type":"ListItem","@id":"https:\/\/droix.eu\/es\/product\/modulo-gpd-pocket-4-4g-lte\/#listItem","position":4,"name":"M\u00f3dulo GPD Pocket 4 4G LTE","previousItem":{"@type":"ListItem","@id":"https:\/\/droix.eu\/es\/product-category\/accesorios\/accesorios-para-portatiles\/#listItem","name":"Accesorios para port\u00e1tiles"}}]},{"@type":"Organization","@id":"https:\/\/droix.eu\/es\/#organization","name":"DroiX \u2013 Trusted EU Tech Retailer with 12+ Years Experience","description":"DroiX is a leading European technology retailer with over 12 years of experience, offering quality mini PCs, handheld gaming consoles, and tech accessories. We provide hassle-free EU delivery with all taxes included, ensuring a smooth and reliable shopping experience for our customers across Europe.","url":"https:\/\/droix.eu\/es\/","logo":{"@type":"ImageObject","url":"https:\/\/droix.eu\/wp-content\/uploads\/2024\/06\/droix-v2-light-logo.png","@id":"https:\/\/droix.eu\/es\/product\/modulo-gpd-pocket-4-4g-lte\/#organizationLogo","width":380,"height":118},"image":{"@id":"https:\/\/droix.eu\/es\/product\/modulo-gpd-pocket-4-4g-lte\/#organizationLogo"},"sameAs":["https:\/\/www.facebook.com\/DroiX.Store","https:\/\/twitter.com\/DroiX_Store","https:\/\/www.instagram.com\/droix.store\/","https:\/\/www.tiktok.com\/@droix.store","https:\/\/www.youtube.com\/c\/DroiX_Store","https:\/\/uk.linkedin.com\/company\/droix"]},{"@type":"Product","@id":"https:\/\/droix.eu\/es\/product\/modulo-gpd-pocket-4-4g-lte\/#wooCommerceProduct","name":"M\u00f3dulo GPD Pocket 4 4G LTE","description":"Accesorio oficial GPD\n \tM\u00f3dulo de expansi\u00f3n 4G LTE para jugar en movimiento\n \tRanura para tarjeta SIM\n \tSe instala f\u00e1cilmente en el GPD Pocket 4","url":"https:\/\/droix.eu\/es\/product\/modulo-gpd-pocket-4-4g-lte\/","sku":"GPD-POCKET-4-4G-MODULE","gtin":"5061077630434","image":{"@type":"ImageObject","url":"https:\/\/droix.eu\/wp-content\/uploads\/2024\/11\/GPD-POCKET-4-MODULE-4G-DONE-01.png","@id":"https:\/\/droix.eu\/es\/product\/modulo-gpd-pocket-4-4g-lte\/#productImage","width":1500,"height":1500,"caption":"M\u00f3dulo GPD Pocket 4 4G LTE, que permite que el GPD Pocket 4 Mini Laptop &amp; Tablet 2 en 1 se conecte a Internet."},"offers":{"@type":"Offer","url":"https:\/\/droix.eu\/es\/product\/modulo-gpd-pocket-4-4g-lte\/#wooCommerceOffer","price":88.5,"priceCurrency":"EUR","category":"Accesorios","availability":"https:\/\/schema.org\/InStock","priceSpecification":{"@type":"PriceSpecification","price":88.5,"priceCurrency":"EUR","valueAddedTaxIncluded":"true"},"seller":{"@type":"Organization","@id":"https:\/\/droix.eu\/es\/#organization"}}},{"@type":"WebPage","@id":"https:\/\/droix.eu\/es\/product\/modulo-gpd-pocket-4-4g-lte\/#webpage","url":"https:\/\/droix.eu\/es\/product\/modulo-gpd-pocket-4-4g-lte\/","name":"M\u00f3dulo GPD Pocket 4 4G LTE - DROIX EU","description":"Accesorio oficial GPD M\u00f3dulo de expansi\u00f3n 4G LTE para jugar en movimiento Ranura para tarjeta SIM Se instala f\u00e1cilmente en el GPD Pocket 4","inLanguage":"es-ES","isPartOf":{"@id":"https:\/\/droix.eu\/es\/#website"},"breadcrumb":{"@id":"https:\/\/droix.eu\/es\/product\/modulo-gpd-pocket-4-4g-lte\/#breadcrumblist"},"image":{"@type":"ImageObject","url":"https:\/\/droix.eu\/wp-content\/uploads\/2024\/11\/GPD-POCKET-4-MODULE-4G-DONE-01.png","@id":"https:\/\/droix.eu\/es\/product\/modulo-gpd-pocket-4-4g-lte\/#mainImage","width":1500,"height":1500,"caption":"M\u00f3dulo GPD Pocket 4 4G LTE, que permite que el GPD Pocket 4 Mini Laptop &amp; Tablet 2 en 1 se conecte a Internet."},"primaryImageOfPage":{"@id":"https:\/\/droix.eu\/es\/product\/modulo-gpd-pocket-4-4g-lte\/#mainImage"},"datePublished":"2024-11-27T16:44:13+00:00","dateModified":"2026-04-23T14:11:04+01:00"},{"@type":"WebSite","@id":"https:\/\/droix.eu\/es\/#website","url":"https:\/\/droix.eu\/es\/","name":"DROIX EU","description":"Get the latest Mini PCs, Ultrabook, PC Gaming Handhelds and more!","inLanguage":"es-ES","publisher":{"@id":"https:\/\/droix.eu\/es\/#organization"}}]},"og:locale":"es_ES","og:site_name":"DROIX EU - Get the latest Mini PCs, Ultrabook, PC Gaming Handhelds and more!","og:type":"article","og:title":"M\u00f3dulo GPD Pocket 4 4G LTE - DROIX EU","og:description":"Accesorio oficial GPD M\u00f3dulo de expansi\u00f3n 4G LTE para jugar en movimiento Ranura para tarjeta SIM Se instala f\u00e1cilmente en el GPD Pocket 4","og:url":"https:\/\/droix.eu\/es\/product\/modulo-gpd-pocket-4-4g-lte\/","og:image":"https:\/\/droix.eu\/wp-content\/uploads\/2024\/06\/droix-v2-light-logo.png","og:image:secure_url":"https:\/\/droix.eu\/wp-content\/uploads\/2024\/06\/droix-v2-light-logo.png","og:image:width":380,"og:image:height":118,"article:published_time":"2024-11-27T16:44:13+00:00","article:modified_time":"2026-04-23T13:11:04+00:00","article:publisher":"https:\/\/www.facebook.com\/DroiX.Store","twitter:card":"summary_large_image","twitter:site":"@DroiX_Store","twitter:title":"M\u00f3dulo GPD Pocket 4 4G LTE - DROIX EU","twitter:description":"Accesorio oficial GPD M\u00f3dulo de expansi\u00f3n 4G LTE para jugar en movimiento Ranura para tarjeta SIM Se instala f\u00e1cilmente en el GPD Pocket 4","twitter:image":"https:\/\/droix.eu\/wp-content\/uploads\/2024\/06\/droix-v2-light-logo.png"},"aioseo_meta_data":{"post_id":"508281","title":null,"description":null,"keywords":null,"keyphrases":{"focus":{"keyphrase":"","score":0,"analysis":{"keyphraseInTitle":{"score":0,"maxScore":9,"error":1}}},"additional":[]},"primary_term":null,"canonical_url":null,"og_title":null,"og_description":null,"og_object_type":"default","og_image_type":"default","og_image_url":null,"og_image_width":null,"og_image_height":null,"og_image_custom_url":null,"og_image_custom_fields":null,"og_video":"","og_custom_url":null,"og_article_section":null,"og_article_tags":null,"twitter_use_og":true,"twitter_card":"default","twitter_image_type":"default","twitter_image_url":null,"twitter_image_custom_url":null,"twitter_image_custom_fields":null,"twitter_title":null,"twitter_description":null,"schema":{"blockGraphs":[],"customGraphs":[],"default":{"data":{"Article":[],"Course":[],"Dataset":[],"FAQPage":[],"Movie":[],"Person":[],"Product":[],"ProductReview":[],"Car":[],"Recipe":[],"Service":[],"SoftwareApplication":[],"WebPage":[]},"graphName":"Product","isEnabled":true},"graphs":[]},"schema_type":"default","schema_type_options":null,"pillar_content":false,"robots_default":true,"robots_noindex":false,"robots_noarchive":false,"robots_nosnippet":false,"robots_nofollow":false,"robots_noimageindex":false,"robots_noodp":false,"robots_notranslate":false,"robots_max_snippet":"-1","robots_max_videopreview":"-1","robots_max_imagepreview":"large","priority":null,"frequency":"default","local_seo":null,"seo_analyzer_scan_date":"2026-04-23 16:32:21","breadcrumb_settings":null,"limit_modified_date":false,"reviewed_by":null,"open_ai":null,"ai":{"faqs":[],"keyPoints":[],"titles":[],"descriptions":[],"socialPosts":{"email":[],"linkedin":[],"twitter":[],"facebook":[],"instagram":[]}},"created":"2025-10-09 06:39:35","updated":"2026-04-23 16:32:21"},"aioseo_breadcrumb":"<div class=\"aioseo-breadcrumbs\"><span class=\"aioseo-breadcrumb\">\n\t<a href=\"https:\/\/droix.eu\/es\/\" title=\"Home\">Home<\/a>\n<\/span><span class=\"aioseo-breadcrumb-separator\">&raquo;<\/span><span class=\"aioseo-breadcrumb\">\n\t<a href=\"https:\/\/droix.eu\/es\/product-category\/accesorios\/\" title=\"Accesorios\">Accesorios<\/a>\n<\/span><span class=\"aioseo-breadcrumb-separator\">&raquo;<\/span><span class=\"aioseo-breadcrumb\">\n\t<a href=\"https:\/\/droix.eu\/es\/product-category\/accesorios\/accesorios-para-portatiles\/\" title=\"Accesorios para port\u00e1tiles\">Accesorios para port\u00e1tiles<\/a>\n<\/span><span class=\"aioseo-breadcrumb-separator\">&raquo;<\/span><span class=\"aioseo-breadcrumb\">\n\tM\u00f3dulo GPD Pocket 4 4G LTE\n<\/span><\/div>","aioseo_breadcrumb_json":[{"label":"Home","link":"https:\/\/droix.eu\/es\/"},{"label":"Accesorios","link":"https:\/\/droix.eu\/es\/product-category\/accesorios\/"},{"label":"Accesorios para port\u00e1tiles","link":"https:\/\/droix.eu\/es\/product-category\/accesorios\/accesorios-para-portatiles\/"},{"label":"M\u00f3dulo GPD Pocket 4 4G LTE","link":"https:\/\/droix.eu\/es\/product\/modulo-gpd-pocket-4-4g-lte\/"}],"_links":{"self":[{"href":"https:\/\/droix.eu\/es\/wp-json\/wp\/v2\/product\/508281","targetHints":{"allow":["GET"]}}],"collection":[{"href":"https:\/\/droix.eu\/es\/wp-json\/wp\/v2\/product"}],"about":[{"href":"https:\/\/droix.eu\/es\/wp-json\/wp\/v2\/types\/product"}],"version-history":[{"count":0,"href":"https:\/\/droix.eu\/es\/wp-json\/wp\/v2\/product\/508281\/revisions"}],"wp:featuredmedia":[{"embeddable":true,"href":"https:\/\/droix.eu\/es\/wp-json\/wp\/v2\/media\/495480"}],"wp:attachment":[{"href":"https:\/\/droix.eu\/es\/wp-json\/wp\/v2\/media?parent=508281"}],"wp:term":[{"taxonomy":"product_brand","embeddable":true,"href":"https:\/\/droix.eu\/es\/wp-json\/wp\/v2\/product_brand?post=508281"},{"taxonomy":"product_cat","embeddable":true,"href":"https:\/\/droix.eu\/es\/wp-json\/wp\/v2\/product_cat?post=508281"},{"taxonomy":"product_tag","embeddable":true,"href":"https:\/\/droix.eu\/es\/wp-json\/wp\/v2\/product_tag?post=508281"},{"taxonomy":"woo-feed-brand","embeddable":true,"href":"https:\/\/droix.eu\/es\/wp-json\/wp\/v2\/woo-feed-brand?post=508281"},{"taxonomy":"key-features","embeddable":true,"href":"https:\/\/droix.eu\/es\/wp-json\/wp\/v2\/key-features?post=508281"}],"curies":[{"name":"wp","href":"https:\/\/api.w.org\/{rel}","templated":true}]}}