{"id":505085,"date":"2023-05-02T16:38:01","date_gmt":"2023-05-02T15:38:01","guid":{"rendered":"https:\/\/droix.eu\/stock-pago-y-entrega\/"},"modified":"2025-04-23T01:12:05","modified_gmt":"2025-04-23T00:12:05","slug":"stock-pago-y-entrega","status":"publish","type":"page","link":"https:\/\/droix.eu\/es\/stock-pago-y-entrega\/","title":{"rendered":"Stock, pago y entrega"},"content":{"rendered":"\n<p>Nos complace anunciar que <strong>DROIX <\/strong>ahora ofrece opciones de env\u00edo a\u00fan m\u00e1s r\u00e1pidas y asequibles para todas sus necesidades electr\u00f3nicas. Nuestro compromiso de ofrecerle un servicio al cliente excepcional se extiende a garantizar que reciba sus pedidos de la forma m\u00e1s r\u00e1pida y eficaz posible, sin arruinarse.<\/p>\n\n<p>En <strong>DROIX<\/strong>, comprendemos la importancia de la flexibilidad en lo que respecta al pago. Por ello, nos enorgullece aceptar pagos en todas las principales divisas y m\u00e9todos, incluyendo tarjetas de cr\u00e9dito, tarjetas de d\u00e9bito, PayPal, esquemas de pago a plazos sin intereses, y m\u00e1s, para hacer que su experiencia de compra sea fluida y conveniente. <\/p>\n\n<p>Para mejorar a\u00fan m\u00e1s nuestro servicio, despachamos los pedidos desde nuestros almacenes estrat\u00e9gicamente situados en el Reino Unido, Europa y Estados Unidos. Esto nos permite entregar sus compras en el menor tiempo posible mientras minimizamos los costos de env\u00edo. <\/p>\n\n<p>Adem\u00e1s, trabajamos constantemente para ampliar nuestras opciones de env\u00edo y negociar mejores acuerdos con nuestros socios transportistas para reducir costes. Nuestro objetivo es trasladarle estos ahorros y hacer que nuestros productos sean a\u00fan m\u00e1s accesibles para clientes de todo el mundo. <\/p>\n\n<h2 class=\"wp-block-heading\">Informaci\u00f3n de existencias<\/h2>\n\n<p>En <strong>DROIX<\/strong>, nos esforzamos por mantenerle informado sobre la disponibilidad de nuestros productos. Para ayudarle a comprender mejor los diferentes estados de existencias en nuestro sitio web, hemos proporcionado una breve explicaci\u00f3n para cada uno: <\/p>\n\n<ul class=\"wp-block-list\">\n<li><strong>En Stock:<\/strong> Cuando un producto est\u00e1 marcado como &#8220;En Stock&#8221;, significa que actualmente tenemos el art\u00edculo en nuestro inventario y est\u00e1 listo para ser enviado. Los pedidos de art\u00edculos en stock suelen tramitarse y enviarse en un breve plazo de tiempo, para garantizar que reciba sus productos lo antes posible. <\/li>\n\n\n\n<li><strong>En Espera:<\/strong> Si un producto aparece como &#8220;En Espera&#8221;, indica que el art\u00edculo ha sido oficialmente lanzado, pero actualmente estamos sin existencias. Tenga la seguridad de que le enviaremos su pedido en cuanto recibamos nuevas existencias de los fabricantes. La fecha de reposici\u00f3n de existencias suele aparecer en la p\u00e1gina del producto, lo que le da una estimaci\u00f3n de cu\u00e1ndo puede esperar que se env\u00ede su pedido.  <\/li>\n\n\n\n<li><strong>Pre-Orden:<\/strong> Cuando ve un producto marcado como &#8220;Pre-Orden&#8221;, significa que el art\u00edculo a\u00fan no ha sido lanzado oficialmente. Al realizar una pre-orden, usted reserva el producto y se asegura de estar entre los primeros en recibirlo una vez que sea lanzado y tengamos existencias en nuestros almacenes.  Enviaremos los art\u00edculos pedidos a los clientes tan pronto como el producto est\u00e9 disponible.<\/li>\n<\/ul>\n\n<p>Si tiene alguna pregunta sobre si el art\u00edculo est\u00e1 en stock, simplemente \u00fanase a nuestro <strong>Chat en Vivo<\/strong> o env\u00edenos un correo electr\u00f3nico a <strong><a>support@droix.co.uk<\/a><\/strong>, y estaremos encantados de ayudarle.<\/p>\n\n<h2 class=\"wp-block-heading\">Pago<\/h2>\n\n<p>En <strong>DROIX<\/strong>, comprendemos la importancia de ofrecer opciones de pago flexibles y seguras para una experiencia de compra sin complicaciones. Por eso, nos enorgullece aceptar una amplia gama de m\u00e9todos de pago, atendiendo a sus preferencias individuales y garantizando un proceso de pago sin contratiempos. <\/p>\n\n<p>Aceptamos las principales tarjetas de d\u00e9bito y cr\u00e9dito:<\/p>\n\n<ul class=\"wp-block-list\">\n<li><strong>Apple Pay:<\/strong> Realice pagos seguros y sin contacto utilizando sus dispositivos Apple.<\/li>\n\n\n\n<li><strong>Mastercard:<\/strong> Pague con confianza utilizando su tarjeta de d\u00e9bito o cr\u00e9dito Mastercard de confianza.<\/li>\n\n\n\n<li><strong>Visa:<\/strong> Conf\u00ede en el alcance global y la seguridad de su tarjeta de d\u00e9bito o cr\u00e9dito Visa.<\/li>\n<\/ul>\n\n<p>Adem\u00e1s de las tarjetas de d\u00e9bito y cr\u00e9dito, tambi\u00e9n aceptamos <strong>PayPal<\/strong>, una plataforma de pago en l\u00ednea ampliamente reconocida y segura. PayPal le permite comprar con confianza, sabiendo que su informaci\u00f3n financiera est\u00e1 protegida con tecnolog\u00eda de encriptaci\u00f3n avanzada. <\/p>\n\n<p>Al ofrecer m\u00faltiples opciones de pago, nuestro objetivo es proporcionarle la flexibilidad y comodidad que merece al comprar en <strong>DROIX<\/strong>. Si tiene alguna pregunta o necesita asistencia con el proceso de pago, no dude en ponerse en contacto con nuestro dedicado equipo de atenci\u00f3n al cliente. <\/p>\n\n<h2 class=\"wp-block-heading\">Env\u00edo e Impuestos<\/h2>\n\n<p>Nos complace informarle que todos los pedidos de <strong>DROIX <\/strong>se env\u00edan exclusivamente desde nuestro almac\u00e9n en el Reino Unido, ubicado en 54C Expressway, N Woolwich Rd, Londres, E16 2AA, Reino Unido. Aunque las p\u00e1ginas de productos pueden hacer referencia a la disponibilidad de env\u00edo internacional, tenga en cuenta que <strong>todos los art\u00edculos se despachan desde el Reino Unido<\/strong>, independientemente del destino. No operamos ning\u00fan centro de distribuci\u00f3n en la UE o EE.UU. Todos los pedidos internacionales se env\u00edan desde el Reino Unido y pueden estar sujetos a aranceles e impuestos de importaci\u00f3n, que se calculan en el momento del pago (cuando corresponda). Nuestro equipo de log\u00edstica est\u00e1 comprometido a garantizar un env\u00edo eficiente y oportuno en todo el mundo desde nuestra base en el Reino Unido.    <\/p>\n\n<ul class=\"wp-block-list\">\n<li><strong>Impuestos Incluidos:<\/strong> Todos los precios listados en nuestro sitio web incluyen los impuestos aplicables, haciendo que su experiencia de pago sea transparente y libre de preocupaciones.<\/li>\n\n\n\n<li><strong>Impuestos de Importaci\u00f3n:<\/strong> Los clientes del Reino Unido y Estados Unidos no incurrir\u00e1n en impuestos de importaci\u00f3n adicionales. Para clientes fuera de estas regiones, la mayor\u00eda de los art\u00edculos tambi\u00e9n se enviar\u00e1n con los impuestos pagados. Esto se mencionar\u00e1 en cada p\u00e1gina de producto, asegurando que no haya sorpresas ocultas durante la entrega.  \n<ul class=\"wp-block-list\">\n<li>Al completar su compra, usted autoriza a DROIX a pagar estos impuestos y aranceles de importaci\u00f3n en su nombre en el punto de entrada. Estas cantidades se pagan directamente a la autoridad aduanera de su pa\u00eds y, por lo tanto, no son reembolsables bajo ninguna circunstancia, incluidos los pedidos rechazados o devueltos. <\/li>\n\n\n\n<li>Por favor, aseg\u00farese de estar familiarizado con las normas de importaci\u00f3n de su pa\u00eds antes de realizar un pedido, ya que no podemos recuperar ni reembolsar las tasas de importaci\u00f3n una vez presentadas a la aduana.<\/li>\n<\/ul>\n<\/li>\n<\/ul>\n\n<p><strong>DROIX <\/strong>env\u00eda con orgullo a los siguientes pa\u00edses:<\/p>\n\n<ul class=\"wp-block-list\">\n<li>Reino Unido<\/li>\n\n\n\n<li>Albania<\/li>\n\n\n\n<li>Andorra<\/li>\n\n\n\n<li>Austria<\/li>\n\n\n\n<li>B\u00e9lgica<\/li>\n\n\n\n<li>Bosnia y Herzegovina<\/li>\n\n\n\n<li>Bulgaria<\/li>\n\n\n\n<li>Canad\u00e1<\/li>\n\n\n\n<li>Croacia<\/li>\n\n\n\n<li>Rep\u00fablica Checa<\/li>\n\n\n\n<li>Dinamarca<\/li>\n\n\n\n<li>Estonia<\/li>\n\n\n\n<li>Finlandia<\/li>\n\n\n\n<li>Francia<\/li>\n\n\n\n<li>Alemania<\/li>\n\n\n\n<li>Grecia<\/li>\n\n\n\n<li>Hungr\u00eda<\/li>\n\n\n\n<li>Islandia<\/li>\n\n\n\n<li>Irlanda<\/li>\n\n\n\n<li>Italia<\/li>\n\n\n\n<li>Letonia<\/li>\n\n\n\n<li>Lituania<\/li>\n\n\n\n<li>Luxemburgo<\/li>\n\n\n\n<li>Malta<\/li>\n\n\n\n<li>Moldavia<\/li>\n\n\n\n<li>Montenegro<\/li>\n\n\n\n<li>Pa\u00edses Bajos<\/li>\n\n\n\n<li>Noruega<\/li>\n\n\n\n<li>Polonia<\/li>\n\n\n\n<li>Portugal<\/li>\n\n\n\n<li>Ruman\u00eda<\/li>\n\n\n\n<li>Serbia<\/li>\n\n\n\n<li>Eslovaquia<\/li>\n\n\n\n<li>Eslovenia<\/li>\n\n\n\n<li>Espa\u00f1a<\/li>\n\n\n\n<li>Suecia<\/li>\n\n\n\n<li>Suiza<\/li>\n\n\n\n<li>Estados Unidos<\/li>\n<\/ul>\n\n<p>Ofrecemos varios m\u00e9todos de env\u00edo basados en la clase del art\u00edculo. Los productos de alta gama solo pueden enviarse a trav\u00e9s de <strong>DHL Express<\/strong> para garantizar una entrega segura y r\u00e1pida. Nuestras opciones de env\u00edo disponibles incluyen <strong>DHL Express<\/strong>, <strong>DPD<\/strong>, <strong>GlobalMail<\/strong> y <strong>Royal Mail<\/strong>.  <\/p>\n\n<p>Esperamos que esta informaci\u00f3n aclare nuestras pol\u00edticas y procedimientos de env\u00edo. Si tiene alguna pregunta o inquietud adicional, por favor p\u00f3ngase en contacto con nuestro equipo de atenci\u00f3n al cliente para recibir asistencia. <\/p>\n\n<h4 class=\"wp-block-heading\"><strong>Costo de Env\u00edo y Seguimiento<\/strong><\/h4>\n\n<p><strong>Seguimiento de Pedidos:<\/strong> Enviamos todos nuestros pedidos mediante m\u00e9todos de seguimiento, y se le enviar\u00e1 un correo electr\u00f3nico con su n\u00famero de seguimiento despu\u00e9s de que despachemos su pedido.<\/p>\n\n<p><strong>Costes de env\u00edo:<\/strong> Los costes de env\u00edo se calculan en funci\u00f3n del peso, el valor y el destino del art\u00edculo, con un coste m\u00ednimo de env\u00edo de 10,11 \u00a3. Para obtener un c\u00e1lculo preciso, le rogamos que a\u00f1ada el art\u00edculo que desea adquirir a su cesta y proporcione su direcci\u00f3n durante el proceso de pago. <\/p>\n\n<p>Si tiene alguna pregunta sobre su pedido o su seguimiento, no dude en <a href=\"https:\/\/droix.eu\/es\/contacto\/\" target=\"_blank\" rel=\"noreferrer noopener\" data-type=\"page\" data-id=\"10257\">ponerse en contacto con nosotros<\/a>.<\/p>\n","protected":false},"excerpt":{"rendered":"<p>Nos complace anunciar que DROIX ahora ofrece opciones de env\u00edo a\u00fan m\u00e1s r\u00e1pidas y asequibles para todas sus necesidades electr\u00f3nicas. Nuestro compromiso de ofrecerle un servicio al cliente excepcional se extiende a garantizar que reciba sus pedidos de la forma m\u00e1s r\u00e1pida y eficaz posible, sin arruinarse. En DROIX, comprendemos la importancia de la flexibilidad [&hellip;]<\/p>\n","protected":false},"author":2,"featured_media":0,"parent":0,"menu_order":0,"comment_status":"closed","ping_status":"closed","template":"","meta":{"_acf_changed":false,"footnotes":""},"class_list":["post-505085","page","type-page","status-publish","hentry"],"acf":[],"aioseo_notices":[],"aioseo_head":"\n\t\t<!-- All in One SEO Pro 4.9.6.2 - aioseo.com -->\n\t<meta name=\"description\" content=\"Nos complace anunciar que DROIX ahora ofrece opciones de env\u00edo a\u00fan m\u00e1s r\u00e1pidas y asequibles para todas sus necesidades electr\u00f3nicas. Nuestro compromiso de ofrecerle un servicio al cliente excepcional se extiende a garantizar que reciba sus pedidos de la forma m\u00e1s r\u00e1pida y eficaz posible, sin arruinarse. En DROIX, comprendemos la importancia de la flexibilidad\" \/>\n\t<meta name=\"robots\" content=\"max-image-preview:large\" \/>\n\t<link rel=\"canonical\" href=\"https:\/\/droix.eu\/es\/stock-pago-y-entrega\/\" \/>\n\t<meta name=\"generator\" content=\"All in One SEO Pro (AIOSEO) 4.9.6.2\" \/>\n\t\t<meta property=\"og:locale\" content=\"es_ES\" \/>\n\t\t<meta property=\"og:site_name\" content=\"DROIX EU - Get the latest Mini PCs, Ultrabook, PC Gaming Handhelds and more!\" \/>\n\t\t<meta property=\"og:type\" content=\"article\" \/>\n\t\t<meta property=\"og:title\" content=\"Stock, pago y entrega - DROIX EU\" \/>\n\t\t<meta property=\"og:description\" content=\"Nos complace anunciar que DROIX ahora ofrece opciones de env\u00edo a\u00fan m\u00e1s r\u00e1pidas y asequibles para todas sus necesidades electr\u00f3nicas. Nuestro compromiso de ofrecerle un servicio al cliente excepcional se extiende a garantizar que reciba sus pedidos de la forma m\u00e1s r\u00e1pida y eficaz posible, sin arruinarse. En DROIX, comprendemos la importancia de la flexibilidad\" \/>\n\t\t<meta property=\"og:url\" content=\"https:\/\/droix.eu\/es\/stock-pago-y-entrega\/\" \/>\n\t\t<meta property=\"og:image\" content=\"https:\/\/droix.eu\/wp-content\/uploads\/2024\/06\/droix-v2-light-logo.png\" \/>\n\t\t<meta property=\"og:image:secure_url\" content=\"https:\/\/droix.eu\/wp-content\/uploads\/2024\/06\/droix-v2-light-logo.png\" \/>\n\t\t<meta property=\"og:image:width\" content=\"380\" \/>\n\t\t<meta property=\"og:image:height\" content=\"118\" \/>\n\t\t<meta property=\"article:published_time\" content=\"2023-05-02T15:38:01+00:00\" \/>\n\t\t<meta property=\"article:modified_time\" content=\"2025-04-23T00:12:05+00:00\" \/>\n\t\t<meta property=\"article:publisher\" content=\"https:\/\/www.facebook.com\/DroiX.Store\" \/>\n\t\t<meta name=\"twitter:card\" content=\"summary_large_image\" \/>\n\t\t<meta name=\"twitter:site\" content=\"@DroiX_Store\" \/>\n\t\t<meta name=\"twitter:title\" content=\"Stock, pago y entrega - DROIX EU\" \/>\n\t\t<meta name=\"twitter:description\" content=\"Nos complace anunciar que DROIX ahora ofrece opciones de env\u00edo a\u00fan m\u00e1s r\u00e1pidas y asequibles para todas sus necesidades electr\u00f3nicas. Nuestro compromiso de ofrecerle un servicio al cliente excepcional se extiende a garantizar que reciba sus pedidos de la forma m\u00e1s r\u00e1pida y eficaz posible, sin arruinarse. En DROIX, comprendemos la importancia de la flexibilidad\" \/>\n\t\t<meta name=\"twitter:creator\" content=\"@DroiX_Store\" \/>\n\t\t<meta name=\"twitter:image\" content=\"https:\/\/droix.eu\/wp-content\/uploads\/2024\/06\/droix-v2-light-logo.png\" \/>\n\t\t<script type=\"application\/ld+json\" class=\"aioseo-schema\">\n\t\t\t{\"@context\":\"https:\\\/\\\/schema.org\",\"@graph\":[{\"@type\":\"BreadcrumbList\",\"@id\":\"https:\\\/\\\/droix.eu\\\/es\\\/stock-pago-y-entrega\\\/#breadcrumblist\",\"itemListElement\":[{\"@type\":\"ListItem\",\"@id\":\"https:\\\/\\\/droix.eu\\\/es\\\/#listItem\",\"position\":1,\"name\":\"Home\",\"item\":\"https:\\\/\\\/droix.eu\\\/es\\\/\",\"nextItem\":{\"@type\":\"ListItem\",\"@id\":\"https:\\\/\\\/droix.eu\\\/es\\\/stock-pago-y-entrega\\\/#listItem\",\"name\":\"Stock, pago y entrega\"}},{\"@type\":\"ListItem\",\"@id\":\"https:\\\/\\\/droix.eu\\\/es\\\/stock-pago-y-entrega\\\/#listItem\",\"position\":2,\"name\":\"Stock, pago y entrega\",\"previousItem\":{\"@type\":\"ListItem\",\"@id\":\"https:\\\/\\\/droix.eu\\\/es\\\/#listItem\",\"name\":\"Home\"}}]},{\"@type\":\"Organization\",\"@id\":\"https:\\\/\\\/droix.eu\\\/es\\\/#organization\",\"name\":\"DroiX \\u2013 Trusted EU Tech Retailer with 12+ Years Experience\",\"description\":\"DroiX is a leading European technology retailer with over 12 years of experience, offering quality mini PCs, handheld gaming consoles, and tech accessories. We provide hassle-free EU delivery with all taxes included, ensuring a smooth and reliable shopping experience for our customers across Europe.\",\"url\":\"https:\\\/\\\/droix.eu\\\/es\\\/\",\"logo\":{\"@type\":\"ImageObject\",\"url\":\"https:\\\/\\\/droix.eu\\\/wp-content\\\/uploads\\\/2024\\\/06\\\/droix-v2-light-logo.png\",\"@id\":\"https:\\\/\\\/droix.eu\\\/es\\\/stock-pago-y-entrega\\\/#organizationLogo\",\"width\":380,\"height\":118},\"image\":{\"@id\":\"https:\\\/\\\/droix.eu\\\/es\\\/stock-pago-y-entrega\\\/#organizationLogo\"},\"sameAs\":[\"https:\\\/\\\/www.facebook.com\\\/DroiX.Store\",\"https:\\\/\\\/twitter.com\\\/DroiX_Store\",\"https:\\\/\\\/www.instagram.com\\\/droix.store\\\/\",\"https:\\\/\\\/www.tiktok.com\\\/@droix.store\",\"https:\\\/\\\/www.youtube.com\\\/c\\\/DroiX_Store\",\"https:\\\/\\\/uk.linkedin.com\\\/company\\\/droix\"]},{\"@type\":\"WebPage\",\"@id\":\"https:\\\/\\\/droix.eu\\\/es\\\/stock-pago-y-entrega\\\/#webpage\",\"url\":\"https:\\\/\\\/droix.eu\\\/es\\\/stock-pago-y-entrega\\\/\",\"name\":\"Stock, pago y entrega - DROIX EU\",\"description\":\"Nos complace anunciar que DROIX ahora ofrece opciones de env\\u00edo a\\u00fan m\\u00e1s r\\u00e1pidas y asequibles para todas sus necesidades electr\\u00f3nicas. Nuestro compromiso de ofrecerle un servicio al cliente excepcional se extiende a garantizar que reciba sus pedidos de la forma m\\u00e1s r\\u00e1pida y eficaz posible, sin arruinarse. En DROIX, comprendemos la importancia de la flexibilidad\",\"inLanguage\":\"es-ES\",\"isPartOf\":{\"@id\":\"https:\\\/\\\/droix.eu\\\/es\\\/#website\"},\"breadcrumb\":{\"@id\":\"https:\\\/\\\/droix.eu\\\/es\\\/stock-pago-y-entrega\\\/#breadcrumblist\"},\"datePublished\":\"2023-05-02T16:38:01+01:00\",\"dateModified\":\"2025-04-23T01:12:05+01:00\"},{\"@type\":\"WebSite\",\"@id\":\"https:\\\/\\\/droix.eu\\\/es\\\/#website\",\"url\":\"https:\\\/\\\/droix.eu\\\/es\\\/\",\"name\":\"DROIX EU\",\"description\":\"Get the latest Mini PCs, Ultrabook, PC Gaming Handhelds and more!\",\"inLanguage\":\"es-ES\",\"publisher\":{\"@id\":\"https:\\\/\\\/droix.eu\\\/es\\\/#organization\"}}]}\n\t\t<\/script>\n\t\t<!-- All in One SEO Pro -->\r\n\t\t<title>Stock, pago y entrega - DROIX EU<\/title>\n\n","aioseo_head_json":{"title":"Stock, pago y entrega - DROIX EU","description":"Nos complace anunciar que DROIX ahora ofrece opciones de env\u00edo a\u00fan m\u00e1s r\u00e1pidas y asequibles para todas sus necesidades electr\u00f3nicas. Nuestro compromiso de ofrecerle un servicio al cliente excepcional se extiende a garantizar que reciba sus pedidos de la forma m\u00e1s r\u00e1pida y eficaz posible, sin arruinarse. En DROIX, comprendemos la importancia de la flexibilidad","canonical_url":"https:\/\/droix.eu\/es\/stock-pago-y-entrega\/","robots":"max-image-preview:large","keywords":"","webmasterTools":{"miscellaneous":""},"schema":{"@context":"https:\/\/schema.org","@graph":[{"@type":"BreadcrumbList","@id":"https:\/\/droix.eu\/es\/stock-pago-y-entrega\/#breadcrumblist","itemListElement":[{"@type":"ListItem","@id":"https:\/\/droix.eu\/es\/#listItem","position":1,"name":"Home","item":"https:\/\/droix.eu\/es\/","nextItem":{"@type":"ListItem","@id":"https:\/\/droix.eu\/es\/stock-pago-y-entrega\/#listItem","name":"Stock, pago y entrega"}},{"@type":"ListItem","@id":"https:\/\/droix.eu\/es\/stock-pago-y-entrega\/#listItem","position":2,"name":"Stock, pago y entrega","previousItem":{"@type":"ListItem","@id":"https:\/\/droix.eu\/es\/#listItem","name":"Home"}}]},{"@type":"Organization","@id":"https:\/\/droix.eu\/es\/#organization","name":"DroiX \u2013 Trusted EU Tech Retailer with 12+ Years Experience","description":"DroiX is a leading European technology retailer with over 12 years of experience, offering quality mini PCs, handheld gaming consoles, and tech accessories. We provide hassle-free EU delivery with all taxes included, ensuring a smooth and reliable shopping experience for our customers across Europe.","url":"https:\/\/droix.eu\/es\/","logo":{"@type":"ImageObject","url":"https:\/\/droix.eu\/wp-content\/uploads\/2024\/06\/droix-v2-light-logo.png","@id":"https:\/\/droix.eu\/es\/stock-pago-y-entrega\/#organizationLogo","width":380,"height":118},"image":{"@id":"https:\/\/droix.eu\/es\/stock-pago-y-entrega\/#organizationLogo"},"sameAs":["https:\/\/www.facebook.com\/DroiX.Store","https:\/\/twitter.com\/DroiX_Store","https:\/\/www.instagram.com\/droix.store\/","https:\/\/www.tiktok.com\/@droix.store","https:\/\/www.youtube.com\/c\/DroiX_Store","https:\/\/uk.linkedin.com\/company\/droix"]},{"@type":"WebPage","@id":"https:\/\/droix.eu\/es\/stock-pago-y-entrega\/#webpage","url":"https:\/\/droix.eu\/es\/stock-pago-y-entrega\/","name":"Stock, pago y entrega - DROIX EU","description":"Nos complace anunciar que DROIX ahora ofrece opciones de env\u00edo a\u00fan m\u00e1s r\u00e1pidas y asequibles para todas sus necesidades electr\u00f3nicas. Nuestro compromiso de ofrecerle un servicio al cliente excepcional se extiende a garantizar que reciba sus pedidos de la forma m\u00e1s r\u00e1pida y eficaz posible, sin arruinarse. En DROIX, comprendemos la importancia de la flexibilidad","inLanguage":"es-ES","isPartOf":{"@id":"https:\/\/droix.eu\/es\/#website"},"breadcrumb":{"@id":"https:\/\/droix.eu\/es\/stock-pago-y-entrega\/#breadcrumblist"},"datePublished":"2023-05-02T16:38:01+01:00","dateModified":"2025-04-23T01:12:05+01:00"},{"@type":"WebSite","@id":"https:\/\/droix.eu\/es\/#website","url":"https:\/\/droix.eu\/es\/","name":"DROIX EU","description":"Get the latest Mini PCs, Ultrabook, PC Gaming Handhelds and more!","inLanguage":"es-ES","publisher":{"@id":"https:\/\/droix.eu\/es\/#organization"}}]},"og:locale":"es_ES","og:site_name":"DROIX EU - Get the latest Mini PCs, Ultrabook, PC Gaming Handhelds and more!","og:type":"article","og:title":"Stock, pago y entrega - DROIX EU","og:description":"Nos complace anunciar que DROIX ahora ofrece opciones de env\u00edo a\u00fan m\u00e1s r\u00e1pidas y asequibles para todas sus necesidades electr\u00f3nicas. Nuestro compromiso de ofrecerle un servicio al cliente excepcional se extiende a garantizar que reciba sus pedidos de la forma m\u00e1s r\u00e1pida y eficaz posible, sin arruinarse. En DROIX, comprendemos la importancia de la flexibilidad","og:url":"https:\/\/droix.eu\/es\/stock-pago-y-entrega\/","og:image":"https:\/\/droix.eu\/wp-content\/uploads\/2024\/06\/droix-v2-light-logo.png","og:image:secure_url":"https:\/\/droix.eu\/wp-content\/uploads\/2024\/06\/droix-v2-light-logo.png","og:image:width":380,"og:image:height":118,"article:published_time":"2023-05-02T15:38:01+00:00","article:modified_time":"2025-04-23T00:12:05+00:00","article:publisher":"https:\/\/www.facebook.com\/DroiX.Store","twitter:card":"summary_large_image","twitter:site":"@DroiX_Store","twitter:title":"Stock, pago y entrega - DROIX EU","twitter:description":"Nos complace anunciar que DROIX ahora ofrece opciones de env\u00edo a\u00fan m\u00e1s r\u00e1pidas y asequibles para todas sus necesidades electr\u00f3nicas. Nuestro compromiso de ofrecerle un servicio al cliente excepcional se extiende a garantizar que reciba sus pedidos de la forma m\u00e1s r\u00e1pida y eficaz posible, sin arruinarse. En DROIX, comprendemos la importancia de la flexibilidad","twitter:creator":"@DroiX_Store","twitter:image":"https:\/\/droix.eu\/wp-content\/uploads\/2024\/06\/droix-v2-light-logo.png"},"aioseo_meta_data":{"post_id":"505085","title":null,"description":null,"keywords":null,"keyphrases":null,"primary_term":null,"canonical_url":null,"og_title":null,"og_description":null,"og_object_type":"default","og_image_type":"default","og_image_url":null,"og_image_width":null,"og_image_height":null,"og_image_custom_url":null,"og_image_custom_fields":null,"og_video":null,"og_custom_url":null,"og_article_section":null,"og_article_tags":null,"twitter_use_og":true,"twitter_card":"default","twitter_image_type":"default","twitter_image_url":null,"twitter_image_custom_url":null,"twitter_image_custom_fields":null,"twitter_title":null,"twitter_description":null,"schema":{"blockGraphs":[],"customGraphs":[],"default":{"data":{"Article":[],"Course":[],"Dataset":[],"FAQPage":[],"Movie":[],"Person":[],"Product":[],"ProductReview":[],"Car":[],"Recipe":[],"Service":[],"SoftwareApplication":[],"WebPage":[]},"graphName":"","isEnabled":true},"graphs":[]},"schema_type":"default","schema_type_options":null,"pillar_content":false,"robots_default":true,"robots_noindex":false,"robots_noarchive":false,"robots_nosnippet":false,"robots_nofollow":false,"robots_noimageindex":false,"robots_noodp":false,"robots_notranslate":false,"robots_max_snippet":null,"robots_max_videopreview":null,"robots_max_imagepreview":"large","priority":null,"frequency":null,"local_seo":null,"seo_analyzer_scan_date":"2025-09-17 00:16:43","breadcrumb_settings":null,"limit_modified_date":false,"reviewed_by":null,"open_ai":null,"ai":null,"created":"2025-09-17 00:16:43","updated":"2025-11-27 01:25:08"},"aioseo_breadcrumb":"<div class=\"aioseo-breadcrumbs\"><span class=\"aioseo-breadcrumb\">\n\t<a href=\"https:\/\/droix.eu\/es\/\" title=\"Home\">Home<\/a>\n<\/span><span class=\"aioseo-breadcrumb-separator\">&raquo;<\/span><span class=\"aioseo-breadcrumb\">\n\tStock, pago y entrega\n<\/span><\/div>","aioseo_breadcrumb_json":[{"label":"Home","link":"https:\/\/droix.eu\/es\/"},{"label":"Stock, pago y entrega","link":"https:\/\/droix.eu\/es\/stock-pago-y-entrega\/"}],"_links":{"self":[{"href":"https:\/\/droix.eu\/es\/wp-json\/wp\/v2\/pages\/505085","targetHints":{"allow":["GET"]}}],"collection":[{"href":"https:\/\/droix.eu\/es\/wp-json\/wp\/v2\/pages"}],"about":[{"href":"https:\/\/droix.eu\/es\/wp-json\/wp\/v2\/types\/page"}],"author":[{"embeddable":true,"href":"https:\/\/droix.eu\/es\/wp-json\/wp\/v2\/users\/2"}],"replies":[{"embeddable":true,"href":"https:\/\/droix.eu\/es\/wp-json\/wp\/v2\/comments?post=505085"}],"version-history":[{"count":0,"href":"https:\/\/droix.eu\/es\/wp-json\/wp\/v2\/pages\/505085\/revisions"}],"wp:attachment":[{"href":"https:\/\/droix.eu\/es\/wp-json\/wp\/v2\/media?parent=505085"}],"curies":[{"name":"wp","href":"https:\/\/api.w.org\/{rel}","templated":true}]}}