{"id":504954,"date":"2021-12-23T11:49:46","date_gmt":"2021-12-23T11:49:46","guid":{"rendered":"https:\/\/droix.eu\/politica-de-cookies\/"},"modified":"2025-05-06T15:56:50","modified_gmt":"2025-05-06T14:56:50","slug":"politica-de-cookies","status":"publish","type":"page","link":"https:\/\/droix.eu\/es\/politica-de-cookies\/","title":{"rendered":"Pol\u00edtica de cookies"},"content":{"rendered":"\n<p>La siguiente Pol\u00edtica de Cookies debe ser tomada en concordancia con (Emparejada con), &#8220;como una&#8221; con los <a href=\"https:\/\/droix.eu\/es\/terminos-y-condiciones\/\" target=\"_blank\" rel=\"noreferrer noopener\">T\u00e9rminos y Condiciones<\/a>, y la <a href=\"https:\/\/droix.eu\/es\/politica-de-privacidad\/\" target=\"_blank\" rel=\"noreferrer noopener\">Pol\u00edtica de<\/a> Privacidad<\/p>\n\n<ol class=\"wp-block-list\">\n<li>Estos t\u00e9rminos de venta se aplican a todos los bienes suministrados por DROIX, con domicilio social en 54C Expressway, N Woolwich Rd, Londres, E16 2AA, Reino Unido).\n<ol class=\"wp-block-list\">\n<li>En el contrato establecido, las referencias son: Nosotros (DROIX) somos el Proveedor, y usted (el Cliente)<\/li>\n<\/ol>\n<\/li>\n<\/ol>\n\n<ol class=\"wp-block-list\">\n<li>El sitio web del Proveedor utiliza cookies para distinguir al cliente, es decir, a Usted, de otros usuarios del sitio web. Esto ayuda al Proveedor a proporcionarle una buena experiencia cuando navega por el sitio web del Proveedor y tambi\u00e9n permite al Proveedor mejorar nuestro sitio. Al continuar navegando por el sitio, usted acepta el uso de cookies por parte del Proveedor.  <\/li>\n\n\n\n<li>Una cookie es un peque\u00f1o archivo de letras y n\u00fameros que el Proveedor almacena en su navegador o en el disco duro de su ordenador o tel\u00e9fono m\u00f3vil si usted est\u00e1 de acuerdo. Las cookies contienen informaci\u00f3n que se transfiere al disco duro de su ordenador. <\/li>\n\n\n\n<li>El Proveedor utiliza las siguientes cookies:\n<ol class=\"wp-block-list\">\n<li>Cookies estrictamente necesarias. Son cookies necesarias para el funcionamiento del sitio web del proveedor. Incluyen, por ejemplo, las cookies que le permiten iniciar sesi\u00f3n en \u00e1reas seguras del sitio web del proveedor y realizar transacciones.  <\/li>\n\n\n\n<li>Cookies anal\u00edticas\/de rendimiento. Permiten al Proveedor reconocer y contar el n\u00famero de visitantes y ver c\u00f3mo se mueven los visitantes por el sitio web del Proveedor cuando lo utilizan. Esto ayuda al proveedor a mejorar el funcionamiento del sitio web, por ejemplo, garantizando que los usuarios encuentren lo que buscan f\u00e1cilmente y sin complicaciones.  <\/li>\n\n\n\n<li>El proveedor utiliza cookies de Google Analytics. Google Analytics recopila informaci\u00f3n de forma an\u00f3nima. Informa de las tendencias del sitio web sin identificar a los visitantes individuales. Puede excluirse de Google Analytics sin que ello afecte a su forma de visitar este sitio. Para obtener m\u00e1s informaci\u00f3n sobre Google Analytics, haga clic aqu\u00ed.    <\/li>\n\n\n\n<li>Cookies de orientaci\u00f3n. Estas cookies registran su visita al sitio web del Proveedor, las p\u00e1ginas que ha visitado y los enlaces que ha seguido. El Proveedor utiliza esta informaci\u00f3n para que el sitio web y la publicidad que se muestra en \u00e9l sean m\u00e1s relevantes para sus intereses. El Proveedor tambi\u00e9n puede compartir esta informaci\u00f3n con terceros para este fin.   <\/li>\n<\/ol>\n<\/li>\n\n\n\n<li>Tenga en cuenta que los terceros (incluyendo, por ejemplo, las redes de publicidad y los proveedores de servicios externos como los servicios de an\u00e1lisis de tr\u00e1fico web) tambi\u00e9n pueden utilizar cookies, sobre las que el Proveedor no tiene ning\u00fan control. Es probable que estas cookies sean cookies anal\u00edticas\/de rendimiento o cookies de orientaci\u00f3n. <\/li>\n\n\n\n<li>Puede bloquear las cookies activando la configuraci\u00f3n de su navegador que le permite rechazar la instalaci\u00f3n de todas o algunas cookies. No obstante, si utiliza la configuraci\u00f3n de su navegador para bloquear todas las cookies (incluidas las esenciales), es posible que no pueda acceder a la totalidad o a partes del sitio web del Proveedor. <\/li>\n<\/ol>\n\n<h2 class=\"wp-block-heading\" id=\"h-cookie-description\">DESCRIPCI\u00d3N DE LAS COOKIES<\/h2>\n<p><script type=\"text\/javascript\" charset=\"UTF-8\" data-cookiescriptreport=\"report\" src=\"\/\/report.cookie-script.com\/r\/21c7c108a50ee55d6c4ed24051df0334.js\"><\/script><\/p>\n\n<p class=\"has-text-align-center\">Pol\u00edtica de cookies actualizada por \u00faltima vez: 12 de octubre de 2022 &#8211; 02:29 AM.<\/p>\n","protected":false},"excerpt":{"rendered":"<p>La siguiente Pol\u00edtica de Cookies debe ser tomada en concordancia con (Emparejada con), &#8220;como una&#8221; con los T\u00e9rminos y Condiciones, y la Pol\u00edtica de Privacidad DESCRIPCI\u00d3N DE LAS COOKIES Pol\u00edtica de cookies actualizada por \u00faltima vez: 12 de octubre de 2022 &#8211; 02:29 AM.<\/p>\n","protected":false},"author":1,"featured_media":0,"parent":0,"menu_order":0,"comment_status":"closed","ping_status":"closed","template":"","meta":{"_acf_changed":false,"footnotes":""},"class_list":["post-504954","page","type-page","status-publish","hentry"],"acf":[],"aioseo_notices":[],"aioseo_head":"\n\t\t<!-- All in One SEO Pro 4.9.5.2 - aioseo.com -->\n\t<meta name=\"description\" content=\"La siguiente Pol\u00edtica de Cookies debe ser tomada en concordancia con (Emparejada con), &quot;como una&quot; con los T\u00e9rminos y Condiciones, y la Pol\u00edtica de Privacidad Estos t\u00e9rminos de venta se aplican a todos los bienes suministrados por DROIX, con domicilio social en 54C Expressway, N Woolwich Rd, Londres, E16 2AA, Reino Unido). En el contrato\" \/>\n\t<meta name=\"robots\" content=\"max-image-preview:large\" \/>\n\t<link rel=\"canonical\" href=\"https:\/\/droix.eu\/es\/politica-de-cookies\/\" \/>\n\t<meta name=\"generator\" content=\"All in One SEO Pro (AIOSEO) 4.9.5.2\" \/>\n\t\t<meta property=\"og:locale\" content=\"es_ES\" \/>\n\t\t<meta property=\"og:site_name\" content=\"DROIX EU - Get the latest Mini PCs, Ultrabook, PC Gaming Handhelds and more!\" \/>\n\t\t<meta property=\"og:type\" content=\"article\" \/>\n\t\t<meta property=\"og:title\" content=\"Pol\u00edtica de cookies - DROIX EU\" \/>\n\t\t<meta property=\"og:description\" content=\"La siguiente Pol\u00edtica de Cookies debe ser tomada en concordancia con (Emparejada con), &quot;como una&quot; con los T\u00e9rminos y Condiciones, y la Pol\u00edtica de Privacidad Estos t\u00e9rminos de venta se aplican a todos los bienes suministrados por DROIX, con domicilio social en 54C Expressway, N Woolwich Rd, Londres, E16 2AA, Reino Unido). En el contrato\" \/>\n\t\t<meta property=\"og:url\" content=\"https:\/\/droix.eu\/es\/politica-de-cookies\/\" \/>\n\t\t<meta property=\"og:image\" content=\"https:\/\/droix.eu\/wp-content\/uploads\/2024\/06\/droix-v2-light-logo.png\" \/>\n\t\t<meta property=\"og:image:secure_url\" content=\"https:\/\/droix.eu\/wp-content\/uploads\/2024\/06\/droix-v2-light-logo.png\" \/>\n\t\t<meta property=\"og:image:width\" content=\"380\" \/>\n\t\t<meta property=\"og:image:height\" content=\"118\" \/>\n\t\t<meta property=\"article:published_time\" content=\"2021-12-23T11:49:46+00:00\" \/>\n\t\t<meta property=\"article:modified_time\" content=\"2025-05-06T14:56:50+00:00\" \/>\n\t\t<meta property=\"article:publisher\" content=\"https:\/\/www.facebook.com\/DroiX.Store\" \/>\n\t\t<meta name=\"twitter:card\" content=\"summary_large_image\" \/>\n\t\t<meta name=\"twitter:site\" content=\"@DroiX_Store\" \/>\n\t\t<meta name=\"twitter:title\" content=\"Pol\u00edtica de cookies - DROIX EU\" \/>\n\t\t<meta name=\"twitter:description\" content=\"La siguiente Pol\u00edtica de Cookies debe ser tomada en concordancia con (Emparejada con), &quot;como una&quot; con los T\u00e9rminos y Condiciones, y la Pol\u00edtica de Privacidad Estos t\u00e9rminos de venta se aplican a todos los bienes suministrados por DROIX, con domicilio social en 54C Expressway, N Woolwich Rd, Londres, E16 2AA, Reino Unido). En el contrato\" \/>\n\t\t<meta name=\"twitter:creator\" content=\"@DroiX_Store\" \/>\n\t\t<meta name=\"twitter:image\" content=\"https:\/\/droix.eu\/wp-content\/uploads\/2024\/06\/droix-v2-light-logo.png\" \/>\n\t\t<script type=\"application\/ld+json\" class=\"aioseo-schema\">\n\t\t\t{\"@context\":\"https:\\\/\\\/schema.org\",\"@graph\":[{\"@type\":\"BreadcrumbList\",\"@id\":\"https:\\\/\\\/droix.eu\\\/es\\\/politica-de-cookies\\\/#breadcrumblist\",\"itemListElement\":[{\"@type\":\"ListItem\",\"@id\":\"https:\\\/\\\/droix.eu\\\/es\\\/#listItem\",\"position\":1,\"name\":\"Home\",\"item\":\"https:\\\/\\\/droix.eu\\\/es\\\/\",\"nextItem\":{\"@type\":\"ListItem\",\"@id\":\"https:\\\/\\\/droix.eu\\\/es\\\/politica-de-cookies\\\/#listItem\",\"name\":\"Pol\\u00edtica de cookies\"}},{\"@type\":\"ListItem\",\"@id\":\"https:\\\/\\\/droix.eu\\\/es\\\/politica-de-cookies\\\/#listItem\",\"position\":2,\"name\":\"Pol\\u00edtica de cookies\",\"previousItem\":{\"@type\":\"ListItem\",\"@id\":\"https:\\\/\\\/droix.eu\\\/es\\\/#listItem\",\"name\":\"Home\"}}]},{\"@type\":\"Organization\",\"@id\":\"https:\\\/\\\/droix.eu\\\/es\\\/#organization\",\"name\":\"DroiX \\u2013 Trusted EU Tech Retailer with 12+ Years Experience\",\"description\":\"DroiX is a leading European technology retailer with over 12 years of experience, offering quality mini PCs, handheld gaming consoles, and tech accessories. We provide hassle-free EU delivery with all taxes included, ensuring a smooth and reliable shopping experience for our customers across Europe.\",\"url\":\"https:\\\/\\\/droix.eu\\\/es\\\/\",\"logo\":{\"@type\":\"ImageObject\",\"url\":\"https:\\\/\\\/droix.eu\\\/wp-content\\\/uploads\\\/2024\\\/06\\\/droix-v2-light-logo.png\",\"@id\":\"https:\\\/\\\/droix.eu\\\/es\\\/politica-de-cookies\\\/#organizationLogo\",\"width\":380,\"height\":118},\"image\":{\"@id\":\"https:\\\/\\\/droix.eu\\\/es\\\/politica-de-cookies\\\/#organizationLogo\"},\"sameAs\":[\"https:\\\/\\\/www.facebook.com\\\/DroiX.Store\",\"https:\\\/\\\/twitter.com\\\/DroiX_Store\",\"https:\\\/\\\/www.instagram.com\\\/droix.store\\\/\",\"https:\\\/\\\/www.tiktok.com\\\/@droix.store\",\"https:\\\/\\\/www.youtube.com\\\/c\\\/DroiX_Store\",\"https:\\\/\\\/uk.linkedin.com\\\/company\\\/droix\"]},{\"@type\":\"WebPage\",\"@id\":\"https:\\\/\\\/droix.eu\\\/es\\\/politica-de-cookies\\\/#webpage\",\"url\":\"https:\\\/\\\/droix.eu\\\/es\\\/politica-de-cookies\\\/\",\"name\":\"Pol\\u00edtica de cookies - DROIX EU\",\"description\":\"La siguiente Pol\\u00edtica de Cookies debe ser tomada en concordancia con (Emparejada con), \\\"como una\\\" con los T\\u00e9rminos y Condiciones, y la Pol\\u00edtica de Privacidad Estos t\\u00e9rminos de venta se aplican a todos los bienes suministrados por DROIX, con domicilio social en 54C Expressway, N Woolwich Rd, Londres, E16 2AA, Reino Unido). En el contrato\",\"inLanguage\":\"es-ES\",\"isPartOf\":{\"@id\":\"https:\\\/\\\/droix.eu\\\/es\\\/#website\"},\"breadcrumb\":{\"@id\":\"https:\\\/\\\/droix.eu\\\/es\\\/politica-de-cookies\\\/#breadcrumblist\"},\"datePublished\":\"2021-12-23T11:49:46+00:00\",\"dateModified\":\"2025-05-06T15:56:50+01:00\"},{\"@type\":\"WebSite\",\"@id\":\"https:\\\/\\\/droix.eu\\\/es\\\/#website\",\"url\":\"https:\\\/\\\/droix.eu\\\/es\\\/\",\"name\":\"DROIX EU\",\"description\":\"Get the latest Mini PCs, Ultrabook, PC Gaming Handhelds and more!\",\"inLanguage\":\"es-ES\",\"publisher\":{\"@id\":\"https:\\\/\\\/droix.eu\\\/es\\\/#organization\"}}]}\n\t\t<\/script>\n\t\t<!-- All in One SEO Pro -->\r\n\t\t<title>Pol\u00edtica de cookies - DROIX EU<\/title>\n\n","aioseo_head_json":{"title":"Pol\u00edtica de cookies - DROIX EU","description":"La siguiente Pol\u00edtica de Cookies debe ser tomada en concordancia con (Emparejada con), \"como una\" con los T\u00e9rminos y Condiciones, y la Pol\u00edtica de Privacidad Estos t\u00e9rminos de venta se aplican a todos los bienes suministrados por DROIX, con domicilio social en 54C Expressway, N Woolwich Rd, Londres, E16 2AA, Reino Unido). En el contrato","canonical_url":"https:\/\/droix.eu\/es\/politica-de-cookies\/","robots":"max-image-preview:large","keywords":"","webmasterTools":{"miscellaneous":""},"schema":{"@context":"https:\/\/schema.org","@graph":[{"@type":"BreadcrumbList","@id":"https:\/\/droix.eu\/es\/politica-de-cookies\/#breadcrumblist","itemListElement":[{"@type":"ListItem","@id":"https:\/\/droix.eu\/es\/#listItem","position":1,"name":"Home","item":"https:\/\/droix.eu\/es\/","nextItem":{"@type":"ListItem","@id":"https:\/\/droix.eu\/es\/politica-de-cookies\/#listItem","name":"Pol\u00edtica de cookies"}},{"@type":"ListItem","@id":"https:\/\/droix.eu\/es\/politica-de-cookies\/#listItem","position":2,"name":"Pol\u00edtica de cookies","previousItem":{"@type":"ListItem","@id":"https:\/\/droix.eu\/es\/#listItem","name":"Home"}}]},{"@type":"Organization","@id":"https:\/\/droix.eu\/es\/#organization","name":"DroiX \u2013 Trusted EU Tech Retailer with 12+ Years Experience","description":"DroiX is a leading European technology retailer with over 12 years of experience, offering quality mini PCs, handheld gaming consoles, and tech accessories. We provide hassle-free EU delivery with all taxes included, ensuring a smooth and reliable shopping experience for our customers across Europe.","url":"https:\/\/droix.eu\/es\/","logo":{"@type":"ImageObject","url":"https:\/\/droix.eu\/wp-content\/uploads\/2024\/06\/droix-v2-light-logo.png","@id":"https:\/\/droix.eu\/es\/politica-de-cookies\/#organizationLogo","width":380,"height":118},"image":{"@id":"https:\/\/droix.eu\/es\/politica-de-cookies\/#organizationLogo"},"sameAs":["https:\/\/www.facebook.com\/DroiX.Store","https:\/\/twitter.com\/DroiX_Store","https:\/\/www.instagram.com\/droix.store\/","https:\/\/www.tiktok.com\/@droix.store","https:\/\/www.youtube.com\/c\/DroiX_Store","https:\/\/uk.linkedin.com\/company\/droix"]},{"@type":"WebPage","@id":"https:\/\/droix.eu\/es\/politica-de-cookies\/#webpage","url":"https:\/\/droix.eu\/es\/politica-de-cookies\/","name":"Pol\u00edtica de cookies - DROIX EU","description":"La siguiente Pol\u00edtica de Cookies debe ser tomada en concordancia con (Emparejada con), \"como una\" con los T\u00e9rminos y Condiciones, y la Pol\u00edtica de Privacidad Estos t\u00e9rminos de venta se aplican a todos los bienes suministrados por DROIX, con domicilio social en 54C Expressway, N Woolwich Rd, Londres, E16 2AA, Reino Unido). En el contrato","inLanguage":"es-ES","isPartOf":{"@id":"https:\/\/droix.eu\/es\/#website"},"breadcrumb":{"@id":"https:\/\/droix.eu\/es\/politica-de-cookies\/#breadcrumblist"},"datePublished":"2021-12-23T11:49:46+00:00","dateModified":"2025-05-06T15:56:50+01:00"},{"@type":"WebSite","@id":"https:\/\/droix.eu\/es\/#website","url":"https:\/\/droix.eu\/es\/","name":"DROIX EU","description":"Get the latest Mini PCs, Ultrabook, PC Gaming Handhelds and more!","inLanguage":"es-ES","publisher":{"@id":"https:\/\/droix.eu\/es\/#organization"}}]},"og:locale":"es_ES","og:site_name":"DROIX EU - Get the latest Mini PCs, Ultrabook, PC Gaming Handhelds and more!","og:type":"article","og:title":"Pol\u00edtica de cookies - DROIX EU","og:description":"La siguiente Pol\u00edtica de Cookies debe ser tomada en concordancia con (Emparejada con), &quot;como una&quot; con los T\u00e9rminos y Condiciones, y la Pol\u00edtica de Privacidad Estos t\u00e9rminos de venta se aplican a todos los bienes suministrados por DROIX, con domicilio social en 54C Expressway, N Woolwich Rd, Londres, E16 2AA, Reino Unido). En el contrato","og:url":"https:\/\/droix.eu\/es\/politica-de-cookies\/","og:image":"https:\/\/droix.eu\/wp-content\/uploads\/2024\/06\/droix-v2-light-logo.png","og:image:secure_url":"https:\/\/droix.eu\/wp-content\/uploads\/2024\/06\/droix-v2-light-logo.png","og:image:width":380,"og:image:height":118,"article:published_time":"2021-12-23T11:49:46+00:00","article:modified_time":"2025-05-06T14:56:50+00:00","article:publisher":"https:\/\/www.facebook.com\/DroiX.Store","twitter:card":"summary_large_image","twitter:site":"@DroiX_Store","twitter:title":"Pol\u00edtica de cookies - DROIX EU","twitter:description":"La siguiente Pol\u00edtica de Cookies debe ser tomada en concordancia con (Emparejada con), &quot;como una&quot; con los T\u00e9rminos y Condiciones, y la Pol\u00edtica de Privacidad Estos t\u00e9rminos de venta se aplican a todos los bienes suministrados por DROIX, con domicilio social en 54C Expressway, N Woolwich Rd, Londres, E16 2AA, Reino Unido). En el contrato","twitter:creator":"@DroiX_Store","twitter:image":"https:\/\/droix.eu\/wp-content\/uploads\/2024\/06\/droix-v2-light-logo.png"},"aioseo_meta_data":{"post_id":"504954","title":null,"description":null,"keywords":null,"keyphrases":null,"primary_term":null,"canonical_url":null,"og_title":null,"og_description":null,"og_object_type":"default","og_image_type":"default","og_image_url":null,"og_image_width":null,"og_image_height":null,"og_image_custom_url":null,"og_image_custom_fields":null,"og_video":null,"og_custom_url":null,"og_article_section":null,"og_article_tags":null,"twitter_use_og":true,"twitter_card":"default","twitter_image_type":"default","twitter_image_url":null,"twitter_image_custom_url":null,"twitter_image_custom_fields":null,"twitter_title":null,"twitter_description":null,"schema":{"blockGraphs":[],"customGraphs":[],"default":{"data":{"Article":[],"Course":[],"Dataset":[],"FAQPage":[],"Movie":[],"Person":[],"Product":[],"ProductReview":[],"Car":[],"Recipe":[],"Service":[],"SoftwareApplication":[],"WebPage":[]},"graphName":"","isEnabled":true},"graphs":[]},"schema_type":"default","schema_type_options":null,"pillar_content":false,"robots_default":true,"robots_noindex":false,"robots_noarchive":false,"robots_nosnippet":false,"robots_nofollow":false,"robots_noimageindex":false,"robots_noodp":false,"robots_notranslate":false,"robots_max_snippet":null,"robots_max_videopreview":null,"robots_max_imagepreview":"large","priority":null,"frequency":null,"local_seo":null,"seo_analyzer_scan_date":"2025-09-16 22:50:08","breadcrumb_settings":null,"limit_modified_date":false,"reviewed_by":null,"open_ai":null,"ai":null,"created":"2025-09-16 22:50:08","updated":"2025-11-27 00:05:23"},"aioseo_breadcrumb":"<div class=\"aioseo-breadcrumbs\"><span class=\"aioseo-breadcrumb\">\n\t<a href=\"https:\/\/droix.eu\/es\/\" title=\"Home\">Home<\/a>\n<\/span><span class=\"aioseo-breadcrumb-separator\">&raquo;<\/span><span class=\"aioseo-breadcrumb\">\n\tPol\u00edtica de cookies\n<\/span><\/div>","aioseo_breadcrumb_json":[{"label":"Home","link":"https:\/\/droix.eu\/es\/"},{"label":"Pol\u00edtica de cookies","link":"https:\/\/droix.eu\/es\/politica-de-cookies\/"}],"_links":{"self":[{"href":"https:\/\/droix.eu\/es\/wp-json\/wp\/v2\/pages\/504954","targetHints":{"allow":["GET"]}}],"collection":[{"href":"https:\/\/droix.eu\/es\/wp-json\/wp\/v2\/pages"}],"about":[{"href":"https:\/\/droix.eu\/es\/wp-json\/wp\/v2\/types\/page"}],"author":[{"embeddable":true,"href":"https:\/\/droix.eu\/es\/wp-json\/wp\/v2\/users\/1"}],"replies":[{"embeddable":true,"href":"https:\/\/droix.eu\/es\/wp-json\/wp\/v2\/comments?post=504954"}],"version-history":[{"count":0,"href":"https:\/\/droix.eu\/es\/wp-json\/wp\/v2\/pages\/504954\/revisions"}],"wp:attachment":[{"href":"https:\/\/droix.eu\/es\/wp-json\/wp\/v2\/media?parent=504954"}],"curies":[{"name":"wp","href":"https:\/\/api.w.org\/{rel}","templated":true}]}}