{"id":719786,"date":"2026-05-08T11:39:44","date_gmt":"2026-05-08T10:39:44","guid":{"rendered":"https:\/\/droix.eu\/product\/droix-140w-usb-c-wandladegeraet\/"},"modified":"2026-05-13T12:27:57","modified_gmt":"2026-05-13T11:27:57","slug":"droix-140w-usb-c-wandladegeraet","status":"publish","type":"product","link":"https:\/\/droix.eu\/de\/product\/droix-140w-usb-c-wandladegeraet\/","title":{"rendered":"DROIX 140W USB-C Wandladeger\u00e4t"},"content":{"rendered":"\n<div class=\"wp-block-columns is-layout-flex wp-container-core-columns-is-layout-28f84493 wp-block-columns-is-layout-flex\">\n<div class=\"wp-block-column is-layout-flow wp-block-column-is-layout-flow\" style=\"flex-basis:33.33%\">\n<figure class=\"wp-block-image size-large\"><a href=\"https:\/\/droix.eu\/wp-content\/uploads\/2026\/05\/DROIX-140W-BLACK-DONE-01.png\"><img fetchpriority=\"high\" decoding=\"async\" width=\"1024\" height=\"1024\" src=\"https:\/\/droix.eu\/wp-content\/uploads\/2026\/05\/DROIX-140W-BLACK-DONE-01-1024x1024.png\" alt=\"Ein detailliertes Produktrendering von zwei DROIX 140W GaN Wall Chargern aus verschiedenen Perspektiven, dargestellt auf einem schwarzen Hintergrund. Das vordere Ladeger&#xE4;t ist in einer Front-Dreiviertel-Ansicht zu sehen. Es ist ein mattschwarzer Block mit einem klappbaren US-Stecker, der auf der linken Seite teilweise ausgefahren ist. An der Seite steht in auff&#xE4;lliger wei&#xDF;er Schrift CHARGER 140W&quot; mit einem gro&#xDF;en O&quot; und einer kleinen 140&quot; &#xFC;ber dem O&quot; sowie dem DROIX-Logo darunter. Auf der gl&#xE4;nzend schwarzen Vorderseite befindet sich ein zentrales rundes Display mit einem dynamischen regenbogenfarbenen Ring um den wei&#xDF;en Text &quot;140 W&quot; und ein kleines gr&#xFC;nes Ladesymbol. Unterhalb des Displays befindet sich eine Taste oder eine LED-Anzeige. Die R&#xFC;ckseite des Ladeger&#xE4;ts ist in einer Dreiviertelansicht dargestellt und zeigt die Anschl&#xFC;sse und Textdetails. In kleiner wei&#xDF;er Schrift sind umfangreiche mehrzeilige technische Daten und Sicherheitszertifizierungen aufgef&#xFC;hrt (z. B. Modellnummern, Spannungs-\/Stromwerte und CE-, FCC- und UKCA-Zeichen). Bei diesem Ger&#xE4;t werden die vier Ausgangsanschl&#xFC;sse angezeigt: von oben nach unten ein orangefarbener USB-A-Anschluss mit der Aufschrift &quot;22,5 W Max&quot;, gefolgt von drei USB-C-Anschl&#xFC;ssen mit den Aufschriften &quot;40 W&quot;, &quot;100 W&quot; und &quot;140 W&quot;. Beide Ger&#xE4;te weisen obere L&#xFC;ftungsgitter auf. Diese Zusammenstellung bietet einen umfassenden Blick auf das Branding, die Anzeige und die Anschlussm&#xF6;glichkeiten des Ladeger&#xE4;ts.          \" class=\"wp-image-719285\" srcset=\"https:\/\/droix.eu\/wp-content\/uploads\/2026\/05\/DROIX-140W-BLACK-DONE-01-1024x1024.png 1024w, https:\/\/droix.eu\/wp-content\/uploads\/2026\/05\/DROIX-140W-BLACK-DONE-01-300x300.png 300w, https:\/\/droix.eu\/wp-content\/uploads\/2026\/05\/DROIX-140W-BLACK-DONE-01-768x768.png 768w, https:\/\/droix.eu\/wp-content\/uploads\/2026\/05\/DROIX-140W-BLACK-DONE-01-990x990.png 990w, https:\/\/droix.eu\/wp-content\/uploads\/2026\/05\/DROIX-140W-BLACK-DONE-01-441x441.png 441w, https:\/\/droix.eu\/wp-content\/uploads\/2026\/05\/DROIX-140W-BLACK-DONE-01-100x100.png 100w, https:\/\/droix.eu\/wp-content\/uploads\/2026\/05\/DROIX-140W-BLACK-DONE-01-1000x1000.png 1000w, https:\/\/droix.eu\/wp-content\/uploads\/2026\/05\/DROIX-140W-BLACK-DONE-01-150x150.png 150w, https:\/\/droix.eu\/wp-content\/uploads\/2026\/05\/DROIX-140W-BLACK-DONE-01.png 1500w\" sizes=\"(max-width: 1024px) 100vw, 1024px\" \/><\/a><\/figure>\n<\/div>\n\n\n\n<div class=\"wp-block-column is-layout-flow wp-block-column-is-layout-flow\" style=\"flex-basis:66.66%\">\n<h2 class=\"wp-block-heading\"><strong><strong><strong>DROIX 140W USB-C GaN Wandladeger\u00e4t: Der ultimative Hochleistungs-Reise-Hub<\/strong><\/strong><\/strong><\/h2>\n\n\n\n<p>Das DROIX 140W USB-C Wall Charger repr\u00e4sentiert die n\u00e4chste Generation der tragbaren Stromversorgung, die speziell f\u00fcr Benutzer entwickelt wurde, die Effizienz ohne Masse verlangen. Durch die Integration modernster GaN (Galliumnitrid)-Technologie haben wir ein Ladeger\u00e4t geschaffen, das die f\u00fcr Spitzenleistungen erforderliche enorme Leistungsreserve bietet &#8211; vom neuesten iPhone 17 bis hin zu High-End-Gaming-Handhelds. Folglich entf\u00e4llt der Bedarf an mehreren sperrigen Adaptern, da Ihre Ladeanforderungen in einem schlanken, hocheffizienten Netzteil zusammengefasst sind.  <\/p>\n<\/div>\n<\/div>\n\n<h2 class=\"wp-block-heading has-text-align-center\"><strong><strong><strong>Warum das DROIX 140W USB-C GaN Ladeger\u00e4t Ihr neues Reiseutensil ist<\/strong><\/strong><\/strong><\/h2>\n\n<div class=\"wp-block-columns is-layout-flex wp-container-core-columns-is-layout-28f84493 wp-block-columns-is-layout-flex\">\n<div class=\"wp-block-column is-layout-flow wp-block-column-is-layout-flow\">\n<figure class=\"wp-block-image size-large\"><a href=\"https:\/\/droix.eu\/wp-content\/uploads\/2026\/05\/DROIX-140W-MARKETING-DONE-05.jpg\"><img decoding=\"async\" width=\"1024\" height=\"1024\" src=\"https:\/\/droix.eu\/wp-content\/uploads\/2026\/05\/DROIX-140W-MARKETING-DONE-05-1024x1024.jpg\" alt=\"Droix 140W Ladeger&#xE4;t mit klappbarem EU\/US Stecker und Abmessungen auf wei&#xDF;em Hintergrund\" class=\"wp-image-719286\" srcset=\"https:\/\/droix.eu\/wp-content\/uploads\/2026\/05\/DROIX-140W-MARKETING-DONE-05-1024x1024.jpg 1024w, https:\/\/droix.eu\/wp-content\/uploads\/2026\/05\/DROIX-140W-MARKETING-DONE-05-300x300.jpg 300w, https:\/\/droix.eu\/wp-content\/uploads\/2026\/05\/DROIX-140W-MARKETING-DONE-05-768x768.jpg 768w, https:\/\/droix.eu\/wp-content\/uploads\/2026\/05\/DROIX-140W-MARKETING-DONE-05-990x990.jpg 990w, https:\/\/droix.eu\/wp-content\/uploads\/2026\/05\/DROIX-140W-MARKETING-DONE-05-441x441.jpg 441w, https:\/\/droix.eu\/wp-content\/uploads\/2026\/05\/DROIX-140W-MARKETING-DONE-05-100x100.jpg 100w, https:\/\/droix.eu\/wp-content\/uploads\/2026\/05\/DROIX-140W-MARKETING-DONE-05-1000x1000.jpg 1000w, https:\/\/droix.eu\/wp-content\/uploads\/2026\/05\/DROIX-140W-MARKETING-DONE-05-150x150.jpg 150w, https:\/\/droix.eu\/wp-content\/uploads\/2026\/05\/DROIX-140W-MARKETING-DONE-05.jpg 1500w\" sizes=\"(max-width: 1024px) 100vw, 1024px\" \/><\/a><\/figure>\n<\/div>\n\n\n\n<div class=\"wp-block-column is-layout-flow wp-block-column-is-layout-flow\">\n<figure class=\"wp-block-image size-large\"><a href=\"https:\/\/droix.eu\/wp-content\/uploads\/2026\/05\/DROIX-140W-MARKETING-DONE-012.jpg\"><img decoding=\"async\" width=\"1024\" height=\"1024\" src=\"https:\/\/droix.eu\/wp-content\/uploads\/2026\/05\/DROIX-140W-MARKETING-DONE-012-1024x1024.jpg\" alt=\"Ein DROIX 140W USB-C-Wandladeger&#xE4;t, das in eine Steckdose eingesteckt ist und vier Ger&#xE4;te gleichzeitig aufl&#xE4;dt, darunter einen Laptop, ein Tablet, ein Smartphone und eine Smartwatch. Das Bild zeigt die &quot;4 Devices Simultaneous Charging&quot;-Funktion mit vier an der Unterseite des Ger&#xE4;ts angeschlossenen Kabeln. \" class=\"wp-image-719287\" srcset=\"https:\/\/droix.eu\/wp-content\/uploads\/2026\/05\/DROIX-140W-MARKETING-DONE-012-1024x1024.jpg 1024w, https:\/\/droix.eu\/wp-content\/uploads\/2026\/05\/DROIX-140W-MARKETING-DONE-012-300x300.jpg 300w, https:\/\/droix.eu\/wp-content\/uploads\/2026\/05\/DROIX-140W-MARKETING-DONE-012-768x768.jpg 768w, https:\/\/droix.eu\/wp-content\/uploads\/2026\/05\/DROIX-140W-MARKETING-DONE-012-990x990.jpg 990w, https:\/\/droix.eu\/wp-content\/uploads\/2026\/05\/DROIX-140W-MARKETING-DONE-012-441x441.jpg 441w, https:\/\/droix.eu\/wp-content\/uploads\/2026\/05\/DROIX-140W-MARKETING-DONE-012-100x100.jpg 100w, https:\/\/droix.eu\/wp-content\/uploads\/2026\/05\/DROIX-140W-MARKETING-DONE-012-1000x1000.jpg 1000w, https:\/\/droix.eu\/wp-content\/uploads\/2026\/05\/DROIX-140W-MARKETING-DONE-012-150x150.jpg 150w, https:\/\/droix.eu\/wp-content\/uploads\/2026\/05\/DROIX-140W-MARKETING-DONE-012.jpg 1500w\" sizes=\"(max-width: 1024px) 100vw, 1024px\" \/><\/a><\/figure>\n<\/div>\n<\/div>\n\n<p class=\"has-text-align-left\">Die Tragbarkeit steht im Mittelpunkt dieses Designs. Mit einer L\u00e4nge von nur 71 mm ist das DROIX 140W-Ladeger\u00e4t deutlich kleiner als ein Standard-Laptop-Brick. Trotz seiner kompakten Gr\u00f6\u00dfe ist es leistungsstark genug, um ein MacBook Pro 16&#8243; oder ein <a href=\"https:\/\/droix.eu\/de\/product\/gpd-win-max-2-2025\/\" target=\"_blank\" rel=\"noopener\" title=\"\">GPD WIN MAX 2<\/a> mit voller Geschwindigkeit zu laden.  <\/p>\n\n<p class=\"has-text-align-left\">Dar\u00fcber hinaus k\u00f6nnen Sie dank des nahtlosen Einrastsystems problemlos zwischen UK-, EU-, US- und AUS-Steckern wechseln. Das macht ihn zu einem wirklich globalen Begleiter f\u00fcr den modernen digitalen Nomaden. Da es sich an verschiedene internationale Steckdosen anpassen l\u00e4sst, k\u00f6nnen Sie mit der Gewissheit reisen, dass Ihre Ger\u00e4te &#8211; vom iPhone 16 bis zur Nintendo Switch 2 &#8211; mit Strom versorgt werden.  <\/p>\n\n<h2 class=\"wp-block-heading has-text-align-center\"><strong><strong><strong>Fortschrittliche GaN Power Delivery &amp; PD 3.1 Standards<\/strong><\/strong><\/strong><\/h2>\n\n<div class=\"wp-block-columns is-layout-flex wp-container-core-columns-is-layout-28f84493 wp-block-columns-is-layout-flex\">\n<div class=\"wp-block-column is-layout-flow wp-block-column-is-layout-flow\">\n<figure class=\"wp-block-image size-large\"><a href=\"https:\/\/droix.eu\/wp-content\/uploads\/2026\/05\/DROIX-140W-MARKETING-DONE-011.jpg\"><img loading=\"lazy\" decoding=\"async\" width=\"1024\" height=\"1024\" src=\"https:\/\/droix.eu\/wp-content\/uploads\/2026\/05\/DROIX-140W-MARKETING-DONE-011-1024x1024.jpg\" alt=\"Eine Nahaufnahme des silbernen DROIX 140W-Ladeger&#xE4;ts mit seinen vier Anschl&#xFC;ssen und dem integrierten Display. Der Text hebt die &quot;140W PD 3.1&quot;-Technologie hervor und unterstreicht damit die F&#xE4;higkeit, sich automatisch anzupassen und Hochleistungs-Laptops schnell aufzuladen. \" class=\"wp-image-719288\" srcset=\"https:\/\/droix.eu\/wp-content\/uploads\/2026\/05\/DROIX-140W-MARKETING-DONE-011-1024x1024.jpg 1024w, https:\/\/droix.eu\/wp-content\/uploads\/2026\/05\/DROIX-140W-MARKETING-DONE-011-300x300.jpg 300w, https:\/\/droix.eu\/wp-content\/uploads\/2026\/05\/DROIX-140W-MARKETING-DONE-011-768x768.jpg 768w, https:\/\/droix.eu\/wp-content\/uploads\/2026\/05\/DROIX-140W-MARKETING-DONE-011-990x990.jpg 990w, https:\/\/droix.eu\/wp-content\/uploads\/2026\/05\/DROIX-140W-MARKETING-DONE-011-441x441.jpg 441w, https:\/\/droix.eu\/wp-content\/uploads\/2026\/05\/DROIX-140W-MARKETING-DONE-011-100x100.jpg 100w, https:\/\/droix.eu\/wp-content\/uploads\/2026\/05\/DROIX-140W-MARKETING-DONE-011-1000x1000.jpg 1000w, https:\/\/droix.eu\/wp-content\/uploads\/2026\/05\/DROIX-140W-MARKETING-DONE-011-150x150.jpg 150w, https:\/\/droix.eu\/wp-content\/uploads\/2026\/05\/DROIX-140W-MARKETING-DONE-011.jpg 1500w\" sizes=\"(max-width: 1024px) 100vw, 1024px\" \/><\/a><\/figure>\n<\/div>\n\n\n\n<div class=\"wp-block-column is-layout-flow wp-block-column-is-layout-flow\">\n<figure class=\"wp-block-image size-large\"><a href=\"https:\/\/droix.eu\/wp-content\/uploads\/2026\/05\/DROIX-140W-MARKETING-DONE-09.jpg\"><img loading=\"lazy\" decoding=\"async\" width=\"1024\" height=\"1024\" src=\"https:\/\/droix.eu\/wp-content\/uploads\/2026\/05\/DROIX-140W-MARKETING-DONE-09-1024x1024.jpg\" alt=\"Eine Infografik mit dem Titel &quot;Smart Visual Charger&quot;, die die verschiedenen Echtzeit-Anzeigemodi des DROIX 140W-Ladeger&#xE4;ts vorstellt. Sie zeigt die Schnittstellenbildschirme f&#xFC;r die Leistungsabgabe pro Anschluss, die Gesamtnutzungszeit (88H), den thermischen Status und die dynamischen Ladesymbole. \" class=\"wp-image-719289\" srcset=\"https:\/\/droix.eu\/wp-content\/uploads\/2026\/05\/DROIX-140W-MARKETING-DONE-09-1024x1024.jpg 1024w, https:\/\/droix.eu\/wp-content\/uploads\/2026\/05\/DROIX-140W-MARKETING-DONE-09-300x300.jpg 300w, https:\/\/droix.eu\/wp-content\/uploads\/2026\/05\/DROIX-140W-MARKETING-DONE-09-768x768.jpg 768w, https:\/\/droix.eu\/wp-content\/uploads\/2026\/05\/DROIX-140W-MARKETING-DONE-09-990x990.jpg 990w, https:\/\/droix.eu\/wp-content\/uploads\/2026\/05\/DROIX-140W-MARKETING-DONE-09-441x441.jpg 441w, https:\/\/droix.eu\/wp-content\/uploads\/2026\/05\/DROIX-140W-MARKETING-DONE-09-100x100.jpg 100w, https:\/\/droix.eu\/wp-content\/uploads\/2026\/05\/DROIX-140W-MARKETING-DONE-09-1000x1000.jpg 1000w, https:\/\/droix.eu\/wp-content\/uploads\/2026\/05\/DROIX-140W-MARKETING-DONE-09-150x150.jpg 150w, https:\/\/droix.eu\/wp-content\/uploads\/2026\/05\/DROIX-140W-MARKETING-DONE-09.jpg 1500w\" sizes=\"(max-width: 1024px) 100vw, 1024px\" \/><\/a><\/figure>\n<\/div>\n<\/div>\n\n<p>Durch die Verwendung der fortschrittlichen GaN-Halbleitertechnologie erreicht dieses beste 140-W-USB-C-Ladeger\u00e4t im Vergleich zu herk\u00f6mmlichen Silizium-Ladeger\u00e4ten eine h\u00f6here Effizienz und eine geringere W\u00e4rmeentwicklung. Es unterst\u00fctzt insbesondere den PD 3.1-Standard und ist somit mit den stromhungrigsten Ger\u00e4ten auf dem Markt kompatibel, darunter das <a href=\"https:\/\/droix.eu\/de\/product\/gpd-win-5\/\" target=\"_blank\" rel=\"noopener\" title=\"\">GPD WIN 5<\/a> und das <a href=\"https:\/\/droix.eu\/de\/product\/gpd-g2\/\" target=\"_blank\" rel=\"noopener\" title=\"\">GPD G2<\/a>. <\/p>\n\n<p>Smart Trickle Charging: Sch\u00fctzt die Langlebigkeit Ihres Akkus, indem es automatisch den Modus wechselt, wenn Ihr Ger\u00e4t 80 % der Kapazit\u00e4t erreicht.<\/p>\n\n<p>W\u00e4rmemanagement: Die reduzierte W\u00e4rmeentwicklung verhindert eine thermische Belastung Ihrer teuren Hardware und sorgt daf\u00fcr, dass Ihre MacBooks und mobilen Ger\u00e4te l\u00e4nger in Topform bleiben.<\/p>\n\n<h2 class=\"wp-block-heading has-text-align-center\"><strong><strong><strong>Technische Spezifikationen und universelle Kompatibilit\u00e4t<\/strong><\/strong><\/strong><\/h2>\n\n<div class=\"wp-block-columns is-layout-flex wp-container-core-columns-is-layout-28f84493 wp-block-columns-is-layout-flex\">\n<div class=\"wp-block-column is-layout-flow wp-block-column-is-layout-flow\">\n<figure class=\"wp-block-image size-large\"><a href=\"https:\/\/droix.eu\/wp-content\/uploads\/2026\/05\/DROIX-140W-MARKETING-DONE-07.jpg\"><img loading=\"lazy\" decoding=\"async\" width=\"1024\" height=\"1024\" src=\"https:\/\/droix.eu\/wp-content\/uploads\/2026\/05\/DROIX-140W-MARKETING-DONE-07-1024x1024.jpg\" alt=\"Eine umfassende technische Infografik, die die Leistungsabgabe und -verteilung des DROIX 140W-Ladeger&#xE4;ts detailliert darstellt. Im oberen Teil werden die maximale individuelle Wattleistung und Spannung\/Spannungsst&#xE4;rke f&#xFC;r die Anschl&#xFC;sse C1 (140W), C2 (100W), C3 (40W) und USB-A (22,5W) aufgef&#xFC;hrt. Die unteren Abschnitte enthalten zehn Diagramme, die genau zeigen, wie die Wattleistung auf die verschiedenen Konfigurationen mit zwei, drei und vier Anschl&#xFC;ssen aufgeteilt wird.  \" class=\"wp-image-719290\" srcset=\"https:\/\/droix.eu\/wp-content\/uploads\/2026\/05\/DROIX-140W-MARKETING-DONE-07-1024x1024.jpg 1024w, https:\/\/droix.eu\/wp-content\/uploads\/2026\/05\/DROIX-140W-MARKETING-DONE-07-300x300.jpg 300w, https:\/\/droix.eu\/wp-content\/uploads\/2026\/05\/DROIX-140W-MARKETING-DONE-07-768x768.jpg 768w, https:\/\/droix.eu\/wp-content\/uploads\/2026\/05\/DROIX-140W-MARKETING-DONE-07-990x990.jpg 990w, https:\/\/droix.eu\/wp-content\/uploads\/2026\/05\/DROIX-140W-MARKETING-DONE-07-441x441.jpg 441w, https:\/\/droix.eu\/wp-content\/uploads\/2026\/05\/DROIX-140W-MARKETING-DONE-07-100x100.jpg 100w, https:\/\/droix.eu\/wp-content\/uploads\/2026\/05\/DROIX-140W-MARKETING-DONE-07-1000x1000.jpg 1000w, https:\/\/droix.eu\/wp-content\/uploads\/2026\/05\/DROIX-140W-MARKETING-DONE-07-150x150.jpg 150w, https:\/\/droix.eu\/wp-content\/uploads\/2026\/05\/DROIX-140W-MARKETING-DONE-07.jpg 1500w\" sizes=\"(max-width: 1024px) 100vw, 1024px\" \/><\/a><\/figure>\n<\/div>\n\n\n\n<div class=\"wp-block-column is-layout-flow wp-block-column-is-layout-flow\">\n<figure class=\"wp-block-image size-large\"><a href=\"https:\/\/droix.eu\/wp-content\/uploads\/2026\/05\/DROIX-140W-MARKETING-DONE-010.jpg\"><img loading=\"lazy\" decoding=\"async\" width=\"1024\" height=\"1024\" src=\"https:\/\/droix.eu\/wp-content\/uploads\/2026\/05\/DROIX-140W-MARKETING-DONE-010-1024x1024.jpg\" alt=\"Marketinggrafik mit dem Titel &quot;Versteht Ihre Ladeanforderungen&quot;, die die 4 Ausgangsanschl&#xFC;sse des Ger&#xE4;ts (3 USB-C und 1 USB-A) hervorhebt. Das Bild zeigt eine vielf&#xE4;ltige Sammlung kompatibler Elektronikger&#xE4;te, darunter ein Laptop, Tablets, eine Nintendo Switch, Smartphones, kabellose Ohrh&#xF6;rer, eine Drohne und eine Gimbal-Kamera, um die Vielseitigkeit des Ladeger&#xE4;ts zu demonstrieren. \" class=\"wp-image-719291\" srcset=\"https:\/\/droix.eu\/wp-content\/uploads\/2026\/05\/DROIX-140W-MARKETING-DONE-010-1024x1024.jpg 1024w, https:\/\/droix.eu\/wp-content\/uploads\/2026\/05\/DROIX-140W-MARKETING-DONE-010-300x300.jpg 300w, https:\/\/droix.eu\/wp-content\/uploads\/2026\/05\/DROIX-140W-MARKETING-DONE-010-768x768.jpg 768w, https:\/\/droix.eu\/wp-content\/uploads\/2026\/05\/DROIX-140W-MARKETING-DONE-010-990x990.jpg 990w, https:\/\/droix.eu\/wp-content\/uploads\/2026\/05\/DROIX-140W-MARKETING-DONE-010-441x441.jpg 441w, https:\/\/droix.eu\/wp-content\/uploads\/2026\/05\/DROIX-140W-MARKETING-DONE-010-100x100.jpg 100w, https:\/\/droix.eu\/wp-content\/uploads\/2026\/05\/DROIX-140W-MARKETING-DONE-010-1000x1000.jpg 1000w, https:\/\/droix.eu\/wp-content\/uploads\/2026\/05\/DROIX-140W-MARKETING-DONE-010-150x150.jpg 150w, https:\/\/droix.eu\/wp-content\/uploads\/2026\/05\/DROIX-140W-MARKETING-DONE-010.jpg 1500w\" sizes=\"(max-width: 1024px) 100vw, 1024px\" \/><\/a><\/figure>\n<\/div>\n<\/div>\n\n<p>Das DROIX 140W USB-C Wall Charger verf\u00fcgt \u00fcber eine \u00e4u\u00dferst vielseitige Anschlusskonfiguration, die daf\u00fcr ausgelegt ist, mehrere Leistungsanforderungen gleichzeitig zu erf\u00fcllen. Erstens ist der prim\u00e4re USB-C1-Anschluss in der Lage, enorme 140 W zu liefern. Diese Spitzenleistung wird von den neuesten PD 3.1- und PPS-Protokollen voll unterst\u00fctzt. Dar\u00fcber hinaus bietet der zweite USB-C2-Anschluss eine beachtliche Ausgangsleistung von 100 W f\u00fcr leistungsstarke Laptops.   <\/p>\n\n<p>Im Gegensatz dazu bietet der USB-C3-Anschluss 40 W f\u00fcr Tablets oder Handheld-Konsolen. Zus\u00e4tzlich sorgt der USB-A-Anschluss daf\u00fcr, dass \u00e4lteres Zubeh\u00f6r mit bis zu 22,5 W geladen wird. Dieser Anschluss nutzt die Standards QC 3.0 und SCP f\u00fcr maximale Kompatibilit\u00e4t. Schlie\u00dflich werden diese vier Anschl\u00fcsse von intelligenten Schaltkreisen verwaltet, um eine sichere Stromversorgung Ihrer Hardware zu gew\u00e4hrleisten. Somit bleibt dieses Ger\u00e4t die effizienteste Wahl f\u00fcr Benutzer mehrerer Ger\u00e4te.    <\/p>\n\n<h2 class=\"wp-block-heading has-text-align-center\"><strong><strong><strong>Pr\u00e4zise \u00dcberwachung: Integrierte visuelle Anzeige<\/strong><\/strong><\/strong><\/h2>\n\n<p>Information ist Macht, und das DROIX 140W-Ladeger\u00e4t liefert sie in Echtzeit. Dank der integrierten intelligenten visuellen Anzeige k\u00f6nnen Sie die Leistung pro Anschluss, die Gesamtwattzahl und den thermischen Status auf einen Blick \u00fcberwachen. Dar\u00fcber hinaus bietet der &#8220;Time of Use&#8221;-Tracker Einblicke in Ihre Ladegewohnheiten. Da Sicherheit an erster Stelle steht, zeigt das Display auch an, wenn sich das Ger\u00e4t in einer &#8220;exzellenten&#8221; thermischen Zone befindet, damit Sie immer mit absoluter Sicherheit laden k\u00f6nnen.   <\/p>\n\n<h2 class=\"wp-block-heading has-text-align-center\"><strong>Eingebaute Sicherheit und mehrschichtiger Schutz<\/strong><\/h2>\n\n<p>Bei der Entwicklung dieser Hardware wurde an die Sicherheit nicht gespart. Das Geh\u00e4use ist aus feuerfestem PC-Material gefertigt und verf\u00fcgt \u00fcber eine Fallschutzkonstruktion. Intern ist das Ger\u00e4t ausgestattet mit:  <\/p>\n\n<ul class=\"wp-block-list\">\n<li>\u00dcberstrom- und \u00dcberspannungsschutz<\/li>\n\n\n\n<li>Schutz vor Kurzschluss und \u00dcberhitzung<\/li>\n\n\n\n<li>Schutz vor elektromagnetischen Feldern<\/li>\n<\/ul>\n\n<p>Somit sind Ihr teures iPhone 17 und Ihre GPD-Gaming-Handhelds vor elektrischen Unregelm\u00e4\u00dfigkeiten gesch\u00fctzt. Die leichte GaN-Bauweise und der geringe Ripple-Ausgang garantieren au\u00dferdem, dass Ihre Elektronik jederzeit sauberen, stabilen Strom erh\u00e4lt. <\/p>\n\n<h2 class=\"wp-block-heading has-text-align-center\"><strong>Sichern Sie sich noch heute Ihr DROIX 140W USB-C Wandladeger\u00e4t<\/strong><\/h2>\n\n<p>H\u00f6ren Sie auf, eine Tasche voller unpassender Kabel und schwerer Adapter zu tragen. Das DROIX 140W USB-C Wall Charger ist das einzige Ger\u00e4t, das Sie brauchen, um Ihr mobiles B\u00fcro oder Ihr Gaming-Rig mit maximaler Kapazit\u00e4t zu betreiben. Aufgrund der hohen Nachfrage nach dieser &#8220;All-in-One&#8221;-L\u00f6sung von GaN ist das Produkt schnell vergriffen.  <\/p>\n\n<p>Entdecken Sie, wie das DROIX 140W USB-C GaN Wandladeger\u00e4t das Spiel ver\u00e4ndert.<strong><a href=\"https:\/\/droix.net\/blogs\/pre-order-the-droix-140w-usb-c-wall-charger\/\" target=\"_blank\" rel=\"noopener\" title=\"\">Erfahren Sie mehr in unserem Blog!<\/a><\/strong><\/p>\n\n<p><\/p>\n","protected":false},"excerpt":{"rendered":"<ul>\n<li><strong>140 W PD 3.1 Power<\/strong> &#8211; Schnelles Aufladen von Hochleistungs-Laptops und Gaming-Handhelds mit H\u00f6chstgeschwindigkeit.<\/li>\n<li><strong>Vielseitigkeit mit vier Anschl\u00fcssen<\/strong> &#8211; Versorgen Sie vier Ger\u00e4te gleichzeitig \u00fcber drei USB-C-Anschl\u00fcsse und einen USB-A-Anschluss.<\/li>\n<li><strong>Visuelle Live-Anzeige<\/strong> &#8211; \u00dcberwachen Sie Wattleistung, W\u00e4rmestatus und Lademodi in Echtzeit auf einen Blick.<\/li>\n<li><strong>Global Travel System<\/strong> &#8211; Umfasst austauschbare Steckadapter f\u00fcr Gro\u00dfbritannien, die EU, die USA und das AUS.<\/li>\n<li><strong>Hochentwickeltes Sicherheits-IC<\/strong> &#8211; Der mehrschichtige Schutz gew\u00e4hrleistet eine stabile, hitzeregulierte Leistung f\u00fcr Ihre Hardware.<\/li>\n<\/ul>\n[droix_global_accordions]\n[cg_accordion title=\"Das Paket enth\u00e4lt\"]<\/p>\n<ul>\n<li>1x DROIX 140W USB-C Wandladeger\u00e4t<\/li>\n<li>1x UK-Stecker-Adapter<\/li>\n<li>1x EU-Stecker-Adapter<\/li>\n<li>1x Benutzerhandbuch<\/li>\n<\/ul>\n<p>[\/cg_accordion]\n","protected":false},"featured_media":719787,"template":"","meta":{"_acf_changed":false},"product_brand":[],"product_cat":[12807,10616,10573,10572],"product_tag":[],"woo-feed-brand":[],"key-features":[],"class_list":{"0":"post-719786","1":"product","2":"type-product","3":"status-publish","4":"has-post-thumbnail","6":"product_cat-computerzubehor","7":"product_cat-gaming-zubehor","8":"product_cat-laptop-zubehor","9":"product_cat-zubehor","10":"product_shipping_class-standard","12":"first","13":"onbackorder","14":"sale","15":"taxable","16":"shipping-taxable","17":"product-type-variable","18":"has-default-attributes"},"acf":[],"aioseo_notices":[],"_links":{"self":[{"href":"https:\/\/droix.eu\/de\/wp-json\/wp\/v2\/product\/719786","targetHints":{"allow":["GET"]}}],"collection":[{"href":"https:\/\/droix.eu\/de\/wp-json\/wp\/v2\/product"}],"about":[{"href":"https:\/\/droix.eu\/de\/wp-json\/wp\/v2\/types\/product"}],"version-history":[{"count":0,"href":"https:\/\/droix.eu\/de\/wp-json\/wp\/v2\/product\/719786\/revisions"}],"wp:featuredmedia":[{"embeddable":true,"href":"https:\/\/droix.eu\/de\/wp-json\/wp\/v2\/media\/719787"}],"wp:attachment":[{"href":"https:\/\/droix.eu\/de\/wp-json\/wp\/v2\/media?parent=719786"}],"wp:term":[{"taxonomy":"product_brand","embeddable":true,"href":"https:\/\/droix.eu\/de\/wp-json\/wp\/v2\/product_brand?post=719786"},{"taxonomy":"product_cat","embeddable":true,"href":"https:\/\/droix.eu\/de\/wp-json\/wp\/v2\/product_cat?post=719786"},{"taxonomy":"product_tag","embeddable":true,"href":"https:\/\/droix.eu\/de\/wp-json\/wp\/v2\/product_tag?post=719786"},{"taxonomy":"woo-feed-brand","embeddable":true,"href":"https:\/\/droix.eu\/de\/wp-json\/wp\/v2\/woo-feed-brand?post=719786"},{"taxonomy":"key-features","embeddable":true,"href":"https:\/\/droix.eu\/de\/wp-json\/wp\/v2\/key-features?post=719786"}],"curies":[{"name":"wp","href":"https:\/\/api.w.org\/{rel}","templated":true}]}}