{"id":709228,"date":"2026-02-20T12:20:07","date_gmt":"2026-02-20T12:20:07","guid":{"rendered":"https:\/\/droix.eu\/product\/thor-tragetasche\/"},"modified":"2026-04-08T10:25:24","modified_gmt":"2026-04-08T09:25:24","slug":"thor-tragetasche","status":"publish","type":"product","link":"https:\/\/droix.eu\/de\/product\/thor-tragetasche\/","title":{"rendered":"Thor Tragetasche"},"content":{"rendered":"\n<h2 class=\"wp-block-heading\"><strong>Thor Tragetasche: Der ultimative Schutz f\u00fcr Ihr Handheld-Kraftpaket<\/strong><\/h2>\n\n<p>Wenn Sie einen leistungsstarken Handheld besitzen, ist die Thor Tragetasche der unverzichtbare Begleiter, um Ihre Investition zu sch\u00fctzen. Dieses Premium-Zubeh\u00f6r wurde speziell entwickelt, um einen sicheren Sitz zu gew\u00e4hrleisten und sicherzustellen, dass Ihre Spielkonsole unversehrt bleibt, egal ob Sie pendeln oder im Ausland unterwegs sind. Da die Thor Tragetasche \u00fcber eine ma\u00dfgeschneiderte Innenausstattung verf\u00fcgt, verhindert sie unn\u00f6tige Bewegungen w\u00e4hrend des Transports. Benutzer sollten jedoch beachten, dass die Thor-Transporttasche nur f\u00fcr das Ger\u00e4t selbst gedacht ist; sie ist daher nicht mit dem AYN Thor kompatibel, wenn die ergonomischen Griffe angebracht sind.   <\/p>\n\n<hr class=\"wp-block-separator has-alpha-channel-opacity\"\/>\n\n<h2 class=\"wp-block-heading\"><strong>Au\u00dfergew\u00f6hnliches Design f\u00fcr die Thor Tragetasche<\/strong><\/h2>\n\n<p>Die Thor Tragetasche zeichnet sich durch ihr schlankes, pr\u00e4zisionsgefertigtes Innenlayout aus. W\u00e4hrend viele Universaltaschen sperrig und schlecht angepasst sind, ist diese beste Thor Tragetasche darauf zugeschnitten, das Ger\u00e4t sicher zu halten, sobald die Griffe entfernt wurden. So k\u00f6nnen Sie sicherstellen, dass Ihre Hardware in einer schlanken, sch\u00fctzenden H\u00fclle untergebracht ist, die maximalen Schutz gegen Druck von au\u00dfen bietet. Dar\u00fcber hinaus l\u00e4sst sich die Thor Tragetasche dank dieses schlanken Konzepts viel einfacher in kompakten Taschen verstauen.   <\/p>\n\n<p>Langlebigkeit bleibt ein Schwerpunkt der Konstruktion. Die Au\u00dfenseite ist aus einem geh\u00e4rteten Material gefertigt, das St\u00f6\u00dfen und Kratzern wirksam widersteht. Das Innere ist mit einem weichen Stoff ausgekleidet, um sicherzustellen, dass der Bildschirm und das Geh\u00e4use vor Abrieb gesch\u00fctzt sind. Da das Design so auf einen festen, sicheren Sitz ausgerichtet ist, passt die Thor Tragetasche problemlos in Rucks\u00e4cke oder Gep\u00e4ckst\u00fccke, ohne \u00fcberm\u00e4\u00dfig viel Platz einzunehmen.   <\/p>\n\n<h2 class=\"wp-block-heading\"><strong>Technische Daten und Leistung<\/strong><\/h2>\n\n<p>Die Thor Tragetasche besteht aus hochdichten, sto\u00dffesten Materialien und verf\u00fcgt \u00fcber einen pr\u00e4zisionsgeformten Innenraum, der sich eng an Ihr Ger\u00e4t anschmiegt. Mit einem Gewicht von ca. 300 g ist die Tasche sehr leicht und bietet gleichzeitig robusten Schutz durch eine zweischichtige H\u00fclle und ein weiches Mikrofaserfutter, das Kratzer auf der Oberfl\u00e4che verhindert. Ein strapazierf\u00e4higer, knickfreier Rei\u00dfverschluss und eine verst\u00e4rkte Handschlaufe f\u00fcr den Transport des Ger\u00e4ts in der Hand sorgen f\u00fcr Sicherheit. Dar\u00fcber hinaus ist der Innenraum speziell so geformt, dass der Handheld auch ohne seine Griffe gut gesch\u00fctzt ist, so dass Ihre Hardware auf Reisen vor kinetischer Energie gesch\u00fctzt ist.   <\/p>\n\n<h2 class=\"wp-block-heading\"><strong>Maximale Tragbarkeit mit der besten Thor Tragetasche<\/strong><\/h2>\n\n<p>Die Sicherheit wird durch eine robuste Handschlaufe weiter erh\u00f6ht. Auf diese Weise kann die Thor Tragetasche unabh\u00e4ngig und sicher getragen werden. Dar\u00fcber hinaus bietet das elegante schwarze Finish eine professionelle \u00c4sthetik, die zu jeder Spielumgebung passt. Da die Rei\u00dfverschl\u00fcsse witterungsbest\u00e4ndig sind, ist Ihre Hardware vor leichter Feuchtigkeit und Staub gesch\u00fctzt. Da dies die beste Thor Tragetasche f\u00fcr diejenigen ist, die eine schlanke Reisel\u00f6sung suchen, bleibt sie die erste Wahl f\u00fcr Gamer, die Wert auf eine kompakte Bauweise legen.    <\/p>\n","protected":false},"excerpt":{"rendered":"<ul>\n<li><strong>Offizielle Passform<\/strong> &#8211; Speziell f\u00fcr das AYN Thor Handheld geformt, um einen sicheren, bewegungsfreien Sitz zu gew\u00e4hrleisten.<\/li>\n<li><strong>Sichere Aufbewahrung<\/strong> &#8211; H\u00e4lt das AYN Thor in seiner Standardkonfiguration f\u00fcr ein schlankes, sicheres Profil fest in Position (nicht kompatibel mit angebrachten Griffen).<\/li>\n<li><strong>Weiches Innenfutter<\/strong> &#8211; Das hochwertige Mikrofaser-Innenfutter verhindert Kratzer und sch\u00fctzt das empfindliche Display und das Geh\u00e4use.<\/li>\n<li><strong>Handschlaufe<\/strong> &#8211; Ausgestattet mit einer verst\u00e4rkten, strapazierf\u00e4higen Handschlaufe, die ein einfaches und sicheres Tragen unterwegs erm\u00f6glicht.<\/li>\n<li><strong>Hartschale<\/strong> &#8211; Bietet eine robuste, steife Au\u00dfenschale, die Ihre Hochleistungs-Gaming-Hardware sto\u00dffest sch\u00fctzt.<\/li>\n<\/ul>\n[droix_global_accordions]\n[cg_accordion title=\"Das Paket enth\u00e4lt\"]<\/p>\n<ul>\n<li>1x AYN Thor Koffer<\/li>\n<\/ul>\n<p>[\/cg_accordion]\n","protected":false},"featured_media":709229,"template":"","meta":{"_acf_changed":false},"product_brand":[],"product_cat":[10616,10572],"product_tag":[],"woo-feed-brand":[],"key-features":[],"class_list":{"0":"post-709228","1":"product","2":"type-product","3":"status-publish","4":"has-post-thumbnail","6":"product_cat-gaming-zubehor","7":"product_cat-zubehor","8":"product_shipping_class-low-end","10":"first","11":"instock","12":"sale","13":"taxable","14":"shipping-taxable","15":"purchasable","16":"product-type-simple"},"acf":[],"aioseo_notices":[],"aioseo_head":"\n\t\t<!-- All in One SEO Pro 4.9.6.2 - aioseo.com -->\n\t<meta name=\"description\" content=\"Sch\u00fctzen Sie Ihre Hardware mit der Thor Tragetasche! \ud83d\udee1\ufe0f Ma\u00dfgeschneidert f\u00fcr Ihr Ger\u00e4t. Holen Sie sich die beste Thor Tragetasche f\u00fcr ultimative mobile Sicherheit. Jetzt einkaufen! \ud83d\ude80\" \/>\n\t<meta name=\"robots\" content=\"max-image-preview:large\" \/>\n\t<link rel=\"canonical\" href=\"https:\/\/droix.eu\/de\/product\/thor-tragetasche\/\" \/>\n\t<meta name=\"generator\" content=\"All in One SEO Pro (AIOSEO) 4.9.6.2\" \/>\n\t\t<meta property=\"og:locale\" content=\"de_DE\" \/>\n\t\t<meta property=\"og:site_name\" content=\"DROIX EU - Get the latest Mini PCs, Ultrabook, PC Gaming Handhelds and more!\" \/>\n\t\t<meta property=\"og:type\" content=\"article\" \/>\n\t\t<meta property=\"og:title\" content=\"Thor Tragetasche: Premium-Handheld-Schutz \ud83c\udfae\" \/>\n\t\t<meta property=\"og:description\" content=\"Sch\u00fctzen Sie Ihre Hardware mit der Thor Tragetasche! \ud83d\udee1\ufe0f Ma\u00dfgeschneidert f\u00fcr Ihr Ger\u00e4t. Holen Sie sich die beste Thor Tragetasche f\u00fcr ultimative mobile Sicherheit. Jetzt einkaufen! \ud83d\ude80\" \/>\n\t\t<meta property=\"og:url\" content=\"https:\/\/droix.eu\/de\/product\/thor-tragetasche\/\" \/>\n\t\t<meta property=\"og:image\" content=\"https:\/\/droix.eu\/wp-content\/uploads\/2024\/06\/droix-v2-light-logo.png\" \/>\n\t\t<meta property=\"og:image:secure_url\" content=\"https:\/\/droix.eu\/wp-content\/uploads\/2024\/06\/droix-v2-light-logo.png\" \/>\n\t\t<meta property=\"og:image:width\" content=\"380\" \/>\n\t\t<meta property=\"og:image:height\" content=\"118\" \/>\n\t\t<meta property=\"article:published_time\" content=\"2026-02-20T12:20:07+00:00\" \/>\n\t\t<meta property=\"article:modified_time\" content=\"2026-04-08T09:25:24+00:00\" \/>\n\t\t<meta property=\"article:publisher\" content=\"https:\/\/www.facebook.com\/DroiX.Store\" \/>\n\t\t<meta name=\"twitter:card\" content=\"summary_large_image\" \/>\n\t\t<meta name=\"twitter:site\" content=\"@DroiX_Store\" \/>\n\t\t<meta name=\"twitter:title\" content=\"Thor Tragetasche: Premium-Handheld-Schutz \ud83c\udfae\" \/>\n\t\t<meta name=\"twitter:description\" content=\"Sch\u00fctzen Sie Ihre Hardware mit der Thor Tragetasche! \ud83d\udee1\ufe0f Ma\u00dfgeschneidert f\u00fcr Ihr Ger\u00e4t. Holen Sie sich die beste Thor Tragetasche f\u00fcr ultimative mobile Sicherheit. Jetzt einkaufen! \ud83d\ude80\" \/>\n\t\t<meta name=\"twitter:image\" content=\"https:\/\/droix.eu\/wp-content\/uploads\/2024\/06\/droix-v2-light-logo.png\" \/>\n\t\t<script type=\"application\/ld+json\" class=\"aioseo-schema\">\n\t\t\t{\"@context\":\"https:\\\/\\\/schema.org\",\"@graph\":[{\"@type\":\"BreadcrumbList\",\"@id\":\"https:\\\/\\\/droix.eu\\\/de\\\/product\\\/thor-tragetasche\\\/#breadcrumblist\",\"itemListElement\":[{\"@type\":\"ListItem\",\"@id\":\"https:\\\/\\\/droix.eu\\\/de\\\/#listItem\",\"position\":1,\"name\":\"Home\",\"item\":\"https:\\\/\\\/droix.eu\\\/de\\\/\",\"nextItem\":{\"@type\":\"ListItem\",\"@id\":\"https:\\\/\\\/droix.eu\\\/de\\\/product-category\\\/zubehor\\\/#listItem\",\"name\":\"Zubeh\\u00f6r\"}},{\"@type\":\"ListItem\",\"@id\":\"https:\\\/\\\/droix.eu\\\/de\\\/product-category\\\/zubehor\\\/#listItem\",\"position\":2,\"name\":\"Zubeh\\u00f6r\",\"item\":\"https:\\\/\\\/droix.eu\\\/de\\\/product-category\\\/zubehor\\\/\",\"nextItem\":{\"@type\":\"ListItem\",\"@id\":\"https:\\\/\\\/droix.eu\\\/de\\\/product-category\\\/zubehor\\\/gaming-zubehor\\\/#listItem\",\"name\":\"Gaming-Zubeh\\u00f6r\"},\"previousItem\":{\"@type\":\"ListItem\",\"@id\":\"https:\\\/\\\/droix.eu\\\/de\\\/#listItem\",\"name\":\"Home\"}},{\"@type\":\"ListItem\",\"@id\":\"https:\\\/\\\/droix.eu\\\/de\\\/product-category\\\/zubehor\\\/gaming-zubehor\\\/#listItem\",\"position\":3,\"name\":\"Gaming-Zubeh\\u00f6r\",\"item\":\"https:\\\/\\\/droix.eu\\\/de\\\/product-category\\\/zubehor\\\/gaming-zubehor\\\/\",\"nextItem\":{\"@type\":\"ListItem\",\"@id\":\"https:\\\/\\\/droix.eu\\\/de\\\/product\\\/thor-tragetasche\\\/#listItem\",\"name\":\"Thor Tragetasche\"},\"previousItem\":{\"@type\":\"ListItem\",\"@id\":\"https:\\\/\\\/droix.eu\\\/de\\\/product-category\\\/zubehor\\\/#listItem\",\"name\":\"Zubeh\\u00f6r\"}},{\"@type\":\"ListItem\",\"@id\":\"https:\\\/\\\/droix.eu\\\/de\\\/product\\\/thor-tragetasche\\\/#listItem\",\"position\":4,\"name\":\"Thor Tragetasche\",\"previousItem\":{\"@type\":\"ListItem\",\"@id\":\"https:\\\/\\\/droix.eu\\\/de\\\/product-category\\\/zubehor\\\/gaming-zubehor\\\/#listItem\",\"name\":\"Gaming-Zubeh\\u00f6r\"}}]},{\"@type\":\"Organization\",\"@id\":\"https:\\\/\\\/droix.eu\\\/de\\\/#organization\",\"name\":\"DroiX \\u2013 Trusted EU Tech Retailer with 12+ Years Experience\",\"description\":\"DroiX is a leading European technology retailer with over 12 years of experience, offering quality mini PCs, handheld gaming consoles, and tech accessories. We provide hassle-free EU delivery with all taxes included, ensuring a smooth and reliable shopping experience for our customers across Europe.\",\"url\":\"https:\\\/\\\/droix.eu\\\/de\\\/\",\"logo\":{\"@type\":\"ImageObject\",\"url\":\"https:\\\/\\\/droix.eu\\\/wp-content\\\/uploads\\\/2024\\\/06\\\/droix-v2-light-logo.png\",\"@id\":\"https:\\\/\\\/droix.eu\\\/de\\\/product\\\/thor-tragetasche\\\/#organizationLogo\",\"width\":380,\"height\":118},\"image\":{\"@id\":\"https:\\\/\\\/droix.eu\\\/de\\\/product\\\/thor-tragetasche\\\/#organizationLogo\"},\"sameAs\":[\"https:\\\/\\\/www.facebook.com\\\/DroiX.Store\",\"https:\\\/\\\/twitter.com\\\/DroiX_Store\",\"https:\\\/\\\/www.instagram.com\\\/droix.store\\\/\",\"https:\\\/\\\/www.tiktok.com\\\/@droix.store\",\"https:\\\/\\\/www.youtube.com\\\/c\\\/DroiX_Store\",\"https:\\\/\\\/uk.linkedin.com\\\/company\\\/droix\"]},{\"@type\":\"Product\",\"@id\":\"https:\\\/\\\/droix.eu\\\/de\\\/product\\\/thor-tragetasche\\\/#wooCommerceProduct\",\"name\":\"Thor Tragetasche\",\"description\":\"Offizielle Passform - Speziell f\\u00fcr das AYN Thor Handheld geformt, um einen sicheren, bewegungsfreien Sitz zu gew\\u00e4hrleisten.\\n    Sichere Aufbewahrung - H\\u00e4lt das AYN Thor in seiner Standardkonfiguration f\\u00fcr ein schlankes, sicheres Profil fest in Position (nicht kompatibel mit angebrachten Griffen).\\n    Weiches Innenfutter - Das hochwertige Mikrofaser-Innenfutter verhindert Kratzer und sch\\u00fctzt das empfindliche Display und das Geh\\u00e4use.\\n    Handschlaufe - Ausgestattet mit einer verst\\u00e4rkten, strapazierf\\u00e4higen Handschlaufe, die ein einfaches und sicheres Tragen unterwegs erm\\u00f6glicht.\\n    Hartschale - Bietet eine robuste, steife Au\\u00dfenschale, die Ihre Hochleistungs-Gaming-Hardware sto\\u00dffest sch\\u00fctzt.\",\"url\":\"https:\\\/\\\/droix.eu\\\/de\\\/product\\\/thor-tragetasche\\\/\",\"sku\":\"AYN-THOR-CASE\",\"gtin\":\"5061077633169\",\"image\":{\"@type\":\"ImageObject\",\"url\":\"https:\\\/\\\/droix.eu\\\/wp-content\\\/uploads\\\/2026\\\/02\\\/AYN-THOR-CASE-LISTING-DONE-01.png\",\"@id\":\"https:\\\/\\\/droix.eu\\\/de\\\/product\\\/thor-tragetasche\\\/#productImage\",\"width\":1500,\"height\":1500},\"offers\":{\"@type\":\"Offer\",\"url\":\"https:\\\/\\\/droix.eu\\\/de\\\/product\\\/thor-tragetasche\\\/#wooCommerceOffer\",\"price\":17.16,\"priceCurrency\":\"EUR\",\"category\":\"Gaming-Zubeh\\u00f6r\",\"availability\":\"https:\\\/\\\/schema.org\\\/InStock\",\"priceSpecification\":{\"@type\":\"PriceSpecification\",\"price\":17.16,\"priceCurrency\":\"EUR\",\"valueAddedTaxIncluded\":\"true\"},\"seller\":{\"@type\":\"Organization\",\"@id\":\"https:\\\/\\\/droix.eu\\\/de\\\/#organization\"}}},{\"@type\":\"WebPage\",\"@id\":\"https:\\\/\\\/droix.eu\\\/de\\\/product\\\/thor-tragetasche\\\/#webpage\",\"url\":\"https:\\\/\\\/droix.eu\\\/de\\\/product\\\/thor-tragetasche\\\/\",\"name\":\"Thor Tragetasche: Premium-Handheld-Schutz \\ud83c\\udfae\",\"description\":\"Sch\\u00fctzen Sie Ihre Hardware mit der Thor Tragetasche! \\ud83d\\udee1\\ufe0f Ma\\u00dfgeschneidert f\\u00fcr Ihr Ger\\u00e4t. Holen Sie sich die beste Thor Tragetasche f\\u00fcr ultimative mobile Sicherheit. Jetzt einkaufen! \\ud83d\\ude80\",\"inLanguage\":\"de-DE\",\"isPartOf\":{\"@id\":\"https:\\\/\\\/droix.eu\\\/de\\\/#website\"},\"breadcrumb\":{\"@id\":\"https:\\\/\\\/droix.eu\\\/de\\\/product\\\/thor-tragetasche\\\/#breadcrumblist\"},\"image\":{\"@type\":\"ImageObject\",\"url\":\"https:\\\/\\\/droix.eu\\\/wp-content\\\/uploads\\\/2026\\\/02\\\/AYN-THOR-CASE-LISTING-DONE-01.png\",\"@id\":\"https:\\\/\\\/droix.eu\\\/de\\\/product\\\/thor-tragetasche\\\/#mainImage\",\"width\":1500,\"height\":1500},\"primaryImageOfPage\":{\"@id\":\"https:\\\/\\\/droix.eu\\\/de\\\/product\\\/thor-tragetasche\\\/#mainImage\"},\"datePublished\":\"2026-02-20T12:20:07+00:00\",\"dateModified\":\"2026-04-08T10:25:24+01:00\"},{\"@type\":\"WebSite\",\"@id\":\"https:\\\/\\\/droix.eu\\\/de\\\/#website\",\"url\":\"https:\\\/\\\/droix.eu\\\/de\\\/\",\"name\":\"DROIX EU\",\"description\":\"Get the latest Mini PCs, Ultrabook, PC Gaming Handhelds and more!\",\"inLanguage\":\"de-DE\",\"publisher\":{\"@id\":\"https:\\\/\\\/droix.eu\\\/de\\\/#organization\"}}]}\n\t\t<\/script>\n\t\t<!-- All in One SEO Pro -->\r\n\t\t<title>Thor Tragetasche: Premium-Handheld-Schutz \ud83c\udfae<\/title>\n\n","aioseo_head_json":{"title":"Thor Tragetasche: Premium-Handheld-Schutz \ud83c\udfae","description":"Sch\u00fctzen Sie Ihre Hardware mit der Thor Tragetasche! \ud83d\udee1\ufe0f Ma\u00dfgeschneidert f\u00fcr Ihr Ger\u00e4t. Holen Sie sich die beste Thor Tragetasche f\u00fcr ultimative mobile Sicherheit. Jetzt einkaufen! \ud83d\ude80","canonical_url":"https:\/\/droix.eu\/de\/product\/thor-tragetasche\/","robots":"max-image-preview:large","keywords":"","webmasterTools":{"miscellaneous":""},"schema":{"@context":"https:\/\/schema.org","@graph":[{"@type":"BreadcrumbList","@id":"https:\/\/droix.eu\/de\/product\/thor-tragetasche\/#breadcrumblist","itemListElement":[{"@type":"ListItem","@id":"https:\/\/droix.eu\/de\/#listItem","position":1,"name":"Home","item":"https:\/\/droix.eu\/de\/","nextItem":{"@type":"ListItem","@id":"https:\/\/droix.eu\/de\/product-category\/zubehor\/#listItem","name":"Zubeh\u00f6r"}},{"@type":"ListItem","@id":"https:\/\/droix.eu\/de\/product-category\/zubehor\/#listItem","position":2,"name":"Zubeh\u00f6r","item":"https:\/\/droix.eu\/de\/product-category\/zubehor\/","nextItem":{"@type":"ListItem","@id":"https:\/\/droix.eu\/de\/product-category\/zubehor\/gaming-zubehor\/#listItem","name":"Gaming-Zubeh\u00f6r"},"previousItem":{"@type":"ListItem","@id":"https:\/\/droix.eu\/de\/#listItem","name":"Home"}},{"@type":"ListItem","@id":"https:\/\/droix.eu\/de\/product-category\/zubehor\/gaming-zubehor\/#listItem","position":3,"name":"Gaming-Zubeh\u00f6r","item":"https:\/\/droix.eu\/de\/product-category\/zubehor\/gaming-zubehor\/","nextItem":{"@type":"ListItem","@id":"https:\/\/droix.eu\/de\/product\/thor-tragetasche\/#listItem","name":"Thor Tragetasche"},"previousItem":{"@type":"ListItem","@id":"https:\/\/droix.eu\/de\/product-category\/zubehor\/#listItem","name":"Zubeh\u00f6r"}},{"@type":"ListItem","@id":"https:\/\/droix.eu\/de\/product\/thor-tragetasche\/#listItem","position":4,"name":"Thor Tragetasche","previousItem":{"@type":"ListItem","@id":"https:\/\/droix.eu\/de\/product-category\/zubehor\/gaming-zubehor\/#listItem","name":"Gaming-Zubeh\u00f6r"}}]},{"@type":"Organization","@id":"https:\/\/droix.eu\/de\/#organization","name":"DroiX \u2013 Trusted EU Tech Retailer with 12+ Years Experience","description":"DroiX is a leading European technology retailer with over 12 years of experience, offering quality mini PCs, handheld gaming consoles, and tech accessories. We provide hassle-free EU delivery with all taxes included, ensuring a smooth and reliable shopping experience for our customers across Europe.","url":"https:\/\/droix.eu\/de\/","logo":{"@type":"ImageObject","url":"https:\/\/droix.eu\/wp-content\/uploads\/2024\/06\/droix-v2-light-logo.png","@id":"https:\/\/droix.eu\/de\/product\/thor-tragetasche\/#organizationLogo","width":380,"height":118},"image":{"@id":"https:\/\/droix.eu\/de\/product\/thor-tragetasche\/#organizationLogo"},"sameAs":["https:\/\/www.facebook.com\/DroiX.Store","https:\/\/twitter.com\/DroiX_Store","https:\/\/www.instagram.com\/droix.store\/","https:\/\/www.tiktok.com\/@droix.store","https:\/\/www.youtube.com\/c\/DroiX_Store","https:\/\/uk.linkedin.com\/company\/droix"]},{"@type":"Product","@id":"https:\/\/droix.eu\/de\/product\/thor-tragetasche\/#wooCommerceProduct","name":"Thor Tragetasche","description":"Offizielle Passform - Speziell f\u00fcr das AYN Thor Handheld geformt, um einen sicheren, bewegungsfreien Sitz zu gew\u00e4hrleisten.\n    Sichere Aufbewahrung - H\u00e4lt das AYN Thor in seiner Standardkonfiguration f\u00fcr ein schlankes, sicheres Profil fest in Position (nicht kompatibel mit angebrachten Griffen).\n    Weiches Innenfutter - Das hochwertige Mikrofaser-Innenfutter verhindert Kratzer und sch\u00fctzt das empfindliche Display und das Geh\u00e4use.\n    Handschlaufe - Ausgestattet mit einer verst\u00e4rkten, strapazierf\u00e4higen Handschlaufe, die ein einfaches und sicheres Tragen unterwegs erm\u00f6glicht.\n    Hartschale - Bietet eine robuste, steife Au\u00dfenschale, die Ihre Hochleistungs-Gaming-Hardware sto\u00dffest sch\u00fctzt.","url":"https:\/\/droix.eu\/de\/product\/thor-tragetasche\/","sku":"AYN-THOR-CASE","gtin":"5061077633169","image":{"@type":"ImageObject","url":"https:\/\/droix.eu\/wp-content\/uploads\/2026\/02\/AYN-THOR-CASE-LISTING-DONE-01.png","@id":"https:\/\/droix.eu\/de\/product\/thor-tragetasche\/#productImage","width":1500,"height":1500},"offers":{"@type":"Offer","url":"https:\/\/droix.eu\/de\/product\/thor-tragetasche\/#wooCommerceOffer","price":17.16,"priceCurrency":"EUR","category":"Gaming-Zubeh\u00f6r","availability":"https:\/\/schema.org\/InStock","priceSpecification":{"@type":"PriceSpecification","price":17.16,"priceCurrency":"EUR","valueAddedTaxIncluded":"true"},"seller":{"@type":"Organization","@id":"https:\/\/droix.eu\/de\/#organization"}}},{"@type":"WebPage","@id":"https:\/\/droix.eu\/de\/product\/thor-tragetasche\/#webpage","url":"https:\/\/droix.eu\/de\/product\/thor-tragetasche\/","name":"Thor Tragetasche: Premium-Handheld-Schutz \ud83c\udfae","description":"Sch\u00fctzen Sie Ihre Hardware mit der Thor Tragetasche! \ud83d\udee1\ufe0f Ma\u00dfgeschneidert f\u00fcr Ihr Ger\u00e4t. Holen Sie sich die beste Thor Tragetasche f\u00fcr ultimative mobile Sicherheit. Jetzt einkaufen! \ud83d\ude80","inLanguage":"de-DE","isPartOf":{"@id":"https:\/\/droix.eu\/de\/#website"},"breadcrumb":{"@id":"https:\/\/droix.eu\/de\/product\/thor-tragetasche\/#breadcrumblist"},"image":{"@type":"ImageObject","url":"https:\/\/droix.eu\/wp-content\/uploads\/2026\/02\/AYN-THOR-CASE-LISTING-DONE-01.png","@id":"https:\/\/droix.eu\/de\/product\/thor-tragetasche\/#mainImage","width":1500,"height":1500},"primaryImageOfPage":{"@id":"https:\/\/droix.eu\/de\/product\/thor-tragetasche\/#mainImage"},"datePublished":"2026-02-20T12:20:07+00:00","dateModified":"2026-04-08T10:25:24+01:00"},{"@type":"WebSite","@id":"https:\/\/droix.eu\/de\/#website","url":"https:\/\/droix.eu\/de\/","name":"DROIX EU","description":"Get the latest Mini PCs, Ultrabook, PC Gaming Handhelds and more!","inLanguage":"de-DE","publisher":{"@id":"https:\/\/droix.eu\/de\/#organization"}}]},"og:locale":"de_DE","og:site_name":"DROIX EU - Get the latest Mini PCs, Ultrabook, PC Gaming Handhelds and more!","og:type":"article","og:title":"Thor Tragetasche: Premium-Handheld-Schutz \ud83c\udfae","og:description":"Sch\u00fctzen Sie Ihre Hardware mit der Thor Tragetasche! \ud83d\udee1\ufe0f Ma\u00dfgeschneidert f\u00fcr Ihr Ger\u00e4t. Holen Sie sich die beste Thor Tragetasche f\u00fcr ultimative mobile Sicherheit. Jetzt einkaufen! \ud83d\ude80","og:url":"https:\/\/droix.eu\/de\/product\/thor-tragetasche\/","og:image":"https:\/\/droix.eu\/wp-content\/uploads\/2024\/06\/droix-v2-light-logo.png","og:image:secure_url":"https:\/\/droix.eu\/wp-content\/uploads\/2024\/06\/droix-v2-light-logo.png","og:image:width":380,"og:image:height":118,"article:published_time":"2026-02-20T12:20:07+00:00","article:modified_time":"2026-04-08T09:25:24+00:00","article:publisher":"https:\/\/www.facebook.com\/DroiX.Store","twitter:card":"summary_large_image","twitter:site":"@DroiX_Store","twitter:title":"Thor Tragetasche: Premium-Handheld-Schutz \ud83c\udfae","twitter:description":"Sch\u00fctzen Sie Ihre Hardware mit der Thor Tragetasche! \ud83d\udee1\ufe0f Ma\u00dfgeschneidert f\u00fcr Ihr Ger\u00e4t. Holen Sie sich die beste Thor Tragetasche f\u00fcr ultimative mobile Sicherheit. Jetzt einkaufen! \ud83d\ude80","twitter:image":"https:\/\/droix.eu\/wp-content\/uploads\/2024\/06\/droix-v2-light-logo.png"},"aioseo_meta_data":{"post_id":"709228","title":"Thor Tragetasche: Premium-Handheld-Schutz \ud83c\udfae","description":"Sch\u00fctzen Sie Ihre Hardware mit der Thor Tragetasche! \ud83d\udee1\ufe0f Ma\u00dfgeschneidert f\u00fcr Ihr Ger\u00e4t. Holen Sie sich die beste Thor Tragetasche f\u00fcr ultimative mobile Sicherheit. Jetzt einkaufen! \ud83d\ude80","keywords":null,"keyphrases":{"focus":{"keyphrase":"Thor Carrying Case","score":85,"analysis":{"keyphraseInTitle":{"score":9,"maxScore":9,"error":0},"keyphraseInDescription":{"score":9,"maxScore":9,"error":0},"keyphraseLength":{"score":9,"maxScore":9,"error":0,"length":3},"keyphraseInURL":{"score":5,"maxScore":5,"error":0},"keyphraseInIntroduction":{"score":9,"maxScore":9,"error":0},"keyphraseInSubHeadings":{"score":9,"maxScore":9,"error":0},"keyphraseInImageAlt":[],"keywordDensity":{"type":"high","score":0,"maxScore":9,"error":1}}},"additional":[]},"primary_term":null,"canonical_url":null,"og_title":null,"og_description":null,"og_object_type":"default","og_image_type":"default","og_image_url":null,"og_image_width":null,"og_image_height":null,"og_image_custom_url":null,"og_image_custom_fields":null,"og_video":"","og_custom_url":null,"og_article_section":null,"og_article_tags":null,"twitter_use_og":true,"twitter_card":"default","twitter_image_type":"default","twitter_image_url":null,"twitter_image_custom_url":null,"twitter_image_custom_fields":null,"twitter_title":null,"twitter_description":null,"schema":{"blockGraphs":[],"customGraphs":[],"default":{"data":{"Article":[],"Course":[],"Dataset":[],"FAQPage":[],"Movie":[],"Person":[],"Product":[],"ProductReview":[],"Car":[],"Recipe":[],"Service":[],"SoftwareApplication":[],"WebPage":[]},"graphName":"Product","isEnabled":true},"graphs":[]},"schema_type":"default","schema_type_options":null,"pillar_content":false,"robots_default":true,"robots_noindex":false,"robots_noarchive":false,"robots_nosnippet":false,"robots_nofollow":false,"robots_noimageindex":false,"robots_noodp":false,"robots_notranslate":false,"robots_max_snippet":"-1","robots_max_videopreview":"-1","robots_max_imagepreview":"large","priority":null,"frequency":"default","local_seo":null,"seo_analyzer_scan_date":null,"breadcrumb_settings":null,"limit_modified_date":false,"reviewed_by":null,"open_ai":null,"ai":{"faqs":[],"keyPoints":[],"titles":[],"descriptions":[],"socialPosts":{"email":[],"linkedin":[],"twitter":[],"facebook":[],"instagram":[]}},"created":"2026-03-10 10:34:14","updated":"2026-04-08 19:24:59"},"aioseo_breadcrumb":"<div class=\"aioseo-breadcrumbs\"><span class=\"aioseo-breadcrumb\">\n\t<a href=\"https:\/\/droix.eu\/de\/\" title=\"Home\">Home<\/a>\n<\/span><span class=\"aioseo-breadcrumb-separator\">&raquo;<\/span><span class=\"aioseo-breadcrumb\">\n\t<a href=\"https:\/\/droix.eu\/de\/product-category\/zubehor\/\" title=\"Zubeh\u00f6r\">Zubeh\u00f6r<\/a>\n<\/span><span class=\"aioseo-breadcrumb-separator\">&raquo;<\/span><span class=\"aioseo-breadcrumb\">\n\t<a href=\"https:\/\/droix.eu\/de\/product-category\/zubehor\/gaming-zubehor\/\" title=\"Gaming-Zubeh\u00f6r\">Gaming-Zubeh\u00f6r<\/a>\n<\/span><span class=\"aioseo-breadcrumb-separator\">&raquo;<\/span><span class=\"aioseo-breadcrumb\">\n\tThor Tragetasche\n<\/span><\/div>","aioseo_breadcrumb_json":[{"label":"Home","link":"https:\/\/droix.eu\/de\/"},{"label":"Zubeh\u00f6r","link":"https:\/\/droix.eu\/de\/product-category\/zubehor\/"},{"label":"Gaming-Zubeh\u00f6r","link":"https:\/\/droix.eu\/de\/product-category\/zubehor\/gaming-zubehor\/"},{"label":"Thor Tragetasche","link":"https:\/\/droix.eu\/de\/product\/thor-tragetasche\/"}],"_links":{"self":[{"href":"https:\/\/droix.eu\/de\/wp-json\/wp\/v2\/product\/709228","targetHints":{"allow":["GET"]}}],"collection":[{"href":"https:\/\/droix.eu\/de\/wp-json\/wp\/v2\/product"}],"about":[{"href":"https:\/\/droix.eu\/de\/wp-json\/wp\/v2\/types\/product"}],"version-history":[{"count":0,"href":"https:\/\/droix.eu\/de\/wp-json\/wp\/v2\/product\/709228\/revisions"}],"wp:featuredmedia":[{"embeddable":true,"href":"https:\/\/droix.eu\/de\/wp-json\/wp\/v2\/media\/709229"}],"wp:attachment":[{"href":"https:\/\/droix.eu\/de\/wp-json\/wp\/v2\/media?parent=709228"}],"wp:term":[{"taxonomy":"product_brand","embeddable":true,"href":"https:\/\/droix.eu\/de\/wp-json\/wp\/v2\/product_brand?post=709228"},{"taxonomy":"product_cat","embeddable":true,"href":"https:\/\/droix.eu\/de\/wp-json\/wp\/v2\/product_cat?post=709228"},{"taxonomy":"product_tag","embeddable":true,"href":"https:\/\/droix.eu\/de\/wp-json\/wp\/v2\/product_tag?post=709228"},{"taxonomy":"woo-feed-brand","embeddable":true,"href":"https:\/\/droix.eu\/de\/wp-json\/wp\/v2\/woo-feed-brand?post=709228"},{"taxonomy":"key-features","embeddable":true,"href":"https:\/\/droix.eu\/de\/wp-json\/wp\/v2\/key-features?post=709228"}],"curies":[{"name":"wp","href":"https:\/\/api.w.org\/{rel}","templated":true}]}}