{"id":658633,"date":"2025-06-17T15:49:05","date_gmt":"2025-06-17T14:49:05","guid":{"rendered":"https:\/\/droix.eu\/product\/onexplayer-oculink-kabel\/"},"modified":"2026-04-08T10:56:32","modified_gmt":"2026-04-08T09:56:32","slug":"onexplayer-oculink-kabel","status":"publish","type":"product","link":"https:\/\/droix.eu\/de\/product\/onexplayer-oculink-kabel\/","title":{"rendered":"ONEXPLAYER OCuLink Kabel"},"content":{"rendered":"\n<h3 class=\"wp-block-heading\"><strong>Wir stellen den ONEXPLAYER OCuLink vor: Erweitern Sie Ihr Setup<\/strong><\/h3>\n\n<p>Passend zur ONEXPLAYER ONEXGPU. Das ONEXPLAYER OCuLink-Kabel wurde sorgf\u00e4ltig aus hochwertigen Materialien entwickelt, um der t\u00e4glichen Beanspruchung standzuhalten und Ihnen einen Vorteil zu verschaffen.<\/p>\n\n<p><\/p>\n","protected":false},"excerpt":{"rendered":"<ul>\n<li><strong>Offizielles<\/strong> ONEXPLAYER OCuLink Kabel<\/li>\n<li>Kompatibel mit <strong>ONEXPLAYER ONEXGPU \/ X1<\/strong><\/li>\n<li>Schneller als <strong>USB 4.0 Typ-C<\/strong><\/li>\n<li>Hochwertiges umflochtenes Kabel<\/li>\n<li>1 Meter langes Kabel<\/li>\n<\/ul>\n[droix_global_accordions]\n[cg_accordion title=\"Das Paket enth\u00e4lt\"]<\/p>\n<ul>\n<li>1x ONEXPLAYER OCuLink Kabel<\/li>\n<\/ul>\n<p>[\/cg_accordion]\n","protected":false},"featured_media":647929,"template":"","meta":{"_acf_changed":false},"product_brand":[],"product_cat":[10616,10572],"product_tag":[],"woo-feed-brand":[2199],"key-features":[],"class_list":{"0":"post-658633","1":"product","2":"type-product","3":"status-publish","4":"has-post-thumbnail","6":"product_cat-gaming-zubehor","7":"product_cat-zubehor","8":"product_shipping_class-low-end","9":"pa_accessory-type-cable","10":"pa_brands-onexplayer-de","11":"woo-feed-brand-onexplayer","13":"first","14":"instock","15":"sale","16":"taxable","17":"shipping-taxable","18":"purchasable","19":"product-type-simple"},"acf":[],"aioseo_notices":[],"aioseo_head":"\n\t\t<!-- All in One SEO Pro 4.9.5.2 - aioseo.com -->\n\t<meta name=\"description\" content=\"Offizielles ONEXPLAYER OCuLink Kabel Kompatibel mit ONEXPLAYER ONEXGPU \/ X1 Schneller als USB 4.0 Typ-C Hochwertiges umflochtenes Kabel 1 Meter langes Kabel Das Paket enth\u00e4lt 1x ONEXPLAYER OCuLink Kabel\" \/>\n\t<meta name=\"robots\" content=\"max-image-preview:large\" \/>\n\t<link rel=\"canonical\" href=\"https:\/\/droix.eu\/de\/product\/onexplayer-oculink-kabel\/\" \/>\n\t<meta name=\"generator\" content=\"All in One SEO Pro (AIOSEO) 4.9.5.2\" \/>\n\t\t<meta property=\"og:locale\" content=\"de_DE\" \/>\n\t\t<meta property=\"og:site_name\" content=\"DROIX EU - Get the latest Mini PCs, Ultrabook, PC Gaming Handhelds and more!\" \/>\n\t\t<meta property=\"og:type\" content=\"article\" \/>\n\t\t<meta property=\"og:title\" content=\"ONEXPLAYER OCuLink Kabel - DROIX EU\" \/>\n\t\t<meta property=\"og:description\" content=\"Offizielles ONEXPLAYER OCuLink Kabel Kompatibel mit ONEXPLAYER ONEXGPU \/ X1 Schneller als USB 4.0 Typ-C Hochwertiges umflochtenes Kabel 1 Meter langes Kabel Das Paket enth\u00e4lt 1x ONEXPLAYER OCuLink Kabel\" \/>\n\t\t<meta property=\"og:url\" content=\"https:\/\/droix.eu\/de\/product\/onexplayer-oculink-kabel\/\" \/>\n\t\t<meta property=\"og:image\" content=\"https:\/\/droix.eu\/wp-content\/uploads\/2024\/06\/droix-v2-light-logo.png\" \/>\n\t\t<meta property=\"og:image:secure_url\" content=\"https:\/\/droix.eu\/wp-content\/uploads\/2024\/06\/droix-v2-light-logo.png\" \/>\n\t\t<meta property=\"og:image:width\" content=\"380\" \/>\n\t\t<meta property=\"og:image:height\" content=\"118\" \/>\n\t\t<meta property=\"article:published_time\" content=\"2025-06-17T14:49:05+00:00\" \/>\n\t\t<meta property=\"article:modified_time\" content=\"2026-04-08T09:56:32+00:00\" \/>\n\t\t<meta property=\"article:publisher\" content=\"https:\/\/www.facebook.com\/DroiX.Store\" \/>\n\t\t<meta name=\"twitter:card\" content=\"summary_large_image\" \/>\n\t\t<meta name=\"twitter:site\" content=\"@DroiX_Store\" \/>\n\t\t<meta name=\"twitter:title\" content=\"ONEXPLAYER OCuLink Kabel - DROIX EU\" \/>\n\t\t<meta name=\"twitter:description\" content=\"Offizielles ONEXPLAYER OCuLink Kabel Kompatibel mit ONEXPLAYER ONEXGPU \/ X1 Schneller als USB 4.0 Typ-C Hochwertiges umflochtenes Kabel 1 Meter langes Kabel Das Paket enth\u00e4lt 1x ONEXPLAYER OCuLink Kabel\" \/>\n\t\t<meta name=\"twitter:image\" content=\"https:\/\/droix.eu\/wp-content\/uploads\/2024\/06\/droix-v2-light-logo.png\" \/>\n\t\t<script type=\"application\/ld+json\" class=\"aioseo-schema\">\n\t\t\t{\"@context\":\"https:\\\/\\\/schema.org\",\"@graph\":[{\"@type\":\"BreadcrumbList\",\"@id\":\"https:\\\/\\\/droix.eu\\\/de\\\/product\\\/onexplayer-oculink-kabel\\\/#breadcrumblist\",\"itemListElement\":[{\"@type\":\"ListItem\",\"@id\":\"https:\\\/\\\/droix.eu\\\/de\\\/#listItem\",\"position\":1,\"name\":\"Home\",\"item\":\"https:\\\/\\\/droix.eu\\\/de\\\/\",\"nextItem\":{\"@type\":\"ListItem\",\"@id\":\"https:\\\/\\\/droix.eu\\\/de\\\/product-category\\\/zubehor\\\/#listItem\",\"name\":\"Zubeh\\u00f6r\"}},{\"@type\":\"ListItem\",\"@id\":\"https:\\\/\\\/droix.eu\\\/de\\\/product-category\\\/zubehor\\\/#listItem\",\"position\":2,\"name\":\"Zubeh\\u00f6r\",\"item\":\"https:\\\/\\\/droix.eu\\\/de\\\/product-category\\\/zubehor\\\/\",\"nextItem\":{\"@type\":\"ListItem\",\"@id\":\"https:\\\/\\\/droix.eu\\\/de\\\/product-category\\\/zubehor\\\/gaming-zubehor\\\/#listItem\",\"name\":\"Gaming-Zubeh\\u00f6r\"},\"previousItem\":{\"@type\":\"ListItem\",\"@id\":\"https:\\\/\\\/droix.eu\\\/de\\\/#listItem\",\"name\":\"Home\"}},{\"@type\":\"ListItem\",\"@id\":\"https:\\\/\\\/droix.eu\\\/de\\\/product-category\\\/zubehor\\\/gaming-zubehor\\\/#listItem\",\"position\":3,\"name\":\"Gaming-Zubeh\\u00f6r\",\"item\":\"https:\\\/\\\/droix.eu\\\/de\\\/product-category\\\/zubehor\\\/gaming-zubehor\\\/\",\"nextItem\":{\"@type\":\"ListItem\",\"@id\":\"https:\\\/\\\/droix.eu\\\/de\\\/product\\\/onexplayer-oculink-kabel\\\/#listItem\",\"name\":\"ONEXPLAYER OCuLink Kabel\"},\"previousItem\":{\"@type\":\"ListItem\",\"@id\":\"https:\\\/\\\/droix.eu\\\/de\\\/product-category\\\/zubehor\\\/#listItem\",\"name\":\"Zubeh\\u00f6r\"}},{\"@type\":\"ListItem\",\"@id\":\"https:\\\/\\\/droix.eu\\\/de\\\/product\\\/onexplayer-oculink-kabel\\\/#listItem\",\"position\":4,\"name\":\"ONEXPLAYER OCuLink Kabel\",\"previousItem\":{\"@type\":\"ListItem\",\"@id\":\"https:\\\/\\\/droix.eu\\\/de\\\/product-category\\\/zubehor\\\/gaming-zubehor\\\/#listItem\",\"name\":\"Gaming-Zubeh\\u00f6r\"}}]},{\"@type\":\"Organization\",\"@id\":\"https:\\\/\\\/droix.eu\\\/de\\\/#organization\",\"name\":\"DroiX \\u2013 Trusted EU Tech Retailer with 12+ Years Experience\",\"description\":\"DroiX is a leading European technology retailer with over 12 years of experience, offering quality mini PCs, handheld gaming consoles, and tech accessories. We provide hassle-free EU delivery with all taxes included, ensuring a smooth and reliable shopping experience for our customers across Europe.\",\"url\":\"https:\\\/\\\/droix.eu\\\/de\\\/\",\"logo\":{\"@type\":\"ImageObject\",\"url\":\"https:\\\/\\\/droix.eu\\\/wp-content\\\/uploads\\\/2024\\\/06\\\/droix-v2-light-logo.png\",\"@id\":\"https:\\\/\\\/droix.eu\\\/de\\\/product\\\/onexplayer-oculink-kabel\\\/#organizationLogo\",\"width\":380,\"height\":118},\"image\":{\"@id\":\"https:\\\/\\\/droix.eu\\\/de\\\/product\\\/onexplayer-oculink-kabel\\\/#organizationLogo\"},\"sameAs\":[\"https:\\\/\\\/www.facebook.com\\\/DroiX.Store\",\"https:\\\/\\\/twitter.com\\\/DroiX_Store\",\"https:\\\/\\\/www.instagram.com\\\/droix.store\\\/\",\"https:\\\/\\\/www.tiktok.com\\\/@droix.store\",\"https:\\\/\\\/www.youtube.com\\\/c\\\/DroiX_Store\",\"https:\\\/\\\/uk.linkedin.com\\\/company\\\/droix\"]},{\"@type\":\"Product\",\"@id\":\"https:\\\/\\\/droix.eu\\\/de\\\/product\\\/onexplayer-oculink-kabel\\\/#wooCommerceProduct\",\"name\":\"ONEXPLAYER OCuLink Kabel\",\"description\":\"Offizielles ONEXPLAYER OCuLink Kabel\\n  Kompatibel mit ONEXPLAYER ONEXGPU \\\/ X1\\n  Schneller als USB 4.0 Typ-C\\n  Hochwertiges umflochtenes Kabel\\n  1 Meter langes Kabel\",\"url\":\"https:\\\/\\\/droix.eu\\\/de\\\/product\\\/onexplayer-oculink-kabel\\\/\",\"sku\":\"ONEXPLAYER-OCULINK-CABLE\",\"gtin\":\"5060763678439\",\"image\":{\"@type\":\"ImageObject\",\"url\":\"https:\\\/\\\/droix.eu\\\/wp-content\\\/uploads\\\/2025\\\/06\\\/ONEXPLAYER-OCULINK-CABLE-DONE-01.png\",\"@id\":\"https:\\\/\\\/droix.eu\\\/de\\\/product\\\/onexplayer-oculink-kabel\\\/#productImage\",\"width\":1500,\"height\":1500,\"caption\":\"Das Bild zeigt das ONEXPLAYER OCuLink-Kabel mit einem robusten geflochtenen Design und Anschl\\u00fcssen an beiden Enden. Darunter befindet sich ein Abschnitt zur Kompatibilit\\u00e4t mit unterst\\u00fctzten Ger\\u00e4ten, einschlie\\u00dflich GPD WIN 4 (2024 &amp; 2025), GPD WIN MAX 2 (2024 &amp; 2025), GPD DUO, ONEXPLAYER X1\\\/X1 Mini und MINISFORUM UM780XTX, zusammen mit einem Hinweis auf die Kompatibilit\\u00e4t mit weiteren Ger\\u00e4ten mit OCuLink\\\/M.2 NVMe-Anschl\\u00fcssen\"},\"offers\":{\"@type\":\"Offer\",\"url\":\"https:\\\/\\\/droix.eu\\\/de\\\/product\\\/onexplayer-oculink-kabel\\\/#wooCommerceOffer\",\"price\":24.54,\"priceCurrency\":\"EUR\",\"category\":\"Gaming-Zubeh\\u00f6r\",\"availability\":\"https:\\\/\\\/schema.org\\\/InStock\",\"priceSpecification\":{\"@type\":\"PriceSpecification\",\"price\":24.54,\"priceCurrency\":\"EUR\",\"valueAddedTaxIncluded\":\"true\"},\"seller\":{\"@type\":\"Organization\",\"@id\":\"https:\\\/\\\/droix.eu\\\/de\\\/#organization\"}}},{\"@type\":\"WebPage\",\"@id\":\"https:\\\/\\\/droix.eu\\\/de\\\/product\\\/onexplayer-oculink-kabel\\\/#webpage\",\"url\":\"https:\\\/\\\/droix.eu\\\/de\\\/product\\\/onexplayer-oculink-kabel\\\/\",\"name\":\"ONEXPLAYER OCuLink Kabel - DROIX EU\",\"description\":\"Offizielles ONEXPLAYER OCuLink Kabel Kompatibel mit ONEXPLAYER ONEXGPU \\\/ X1 Schneller als USB 4.0 Typ-C Hochwertiges umflochtenes Kabel 1 Meter langes Kabel Das Paket enth\\u00e4lt 1x ONEXPLAYER OCuLink Kabel\",\"inLanguage\":\"de-DE\",\"isPartOf\":{\"@id\":\"https:\\\/\\\/droix.eu\\\/de\\\/#website\"},\"breadcrumb\":{\"@id\":\"https:\\\/\\\/droix.eu\\\/de\\\/product\\\/onexplayer-oculink-kabel\\\/#breadcrumblist\"},\"image\":{\"@type\":\"ImageObject\",\"url\":\"https:\\\/\\\/droix.eu\\\/wp-content\\\/uploads\\\/2025\\\/06\\\/ONEXPLAYER-OCULINK-CABLE-DONE-01.png\",\"@id\":\"https:\\\/\\\/droix.eu\\\/de\\\/product\\\/onexplayer-oculink-kabel\\\/#mainImage\",\"width\":1500,\"height\":1500,\"caption\":\"Das Bild zeigt das ONEXPLAYER OCuLink-Kabel mit einem robusten geflochtenen Design und Anschl\\u00fcssen an beiden Enden. Darunter befindet sich ein Abschnitt zur Kompatibilit\\u00e4t mit unterst\\u00fctzten Ger\\u00e4ten, einschlie\\u00dflich GPD WIN 4 (2024 &amp; 2025), GPD WIN MAX 2 (2024 &amp; 2025), GPD DUO, ONEXPLAYER X1\\\/X1 Mini und MINISFORUM UM780XTX, zusammen mit einem Hinweis auf die Kompatibilit\\u00e4t mit weiteren Ger\\u00e4ten mit OCuLink\\\/M.2 NVMe-Anschl\\u00fcssen\"},\"primaryImageOfPage\":{\"@id\":\"https:\\\/\\\/droix.eu\\\/de\\\/product\\\/onexplayer-oculink-kabel\\\/#mainImage\"},\"datePublished\":\"2025-06-17T15:49:05+01:00\",\"dateModified\":\"2026-04-08T10:56:32+01:00\"},{\"@type\":\"WebSite\",\"@id\":\"https:\\\/\\\/droix.eu\\\/de\\\/#website\",\"url\":\"https:\\\/\\\/droix.eu\\\/de\\\/\",\"name\":\"DROIX EU\",\"description\":\"Get the latest Mini PCs, Ultrabook, PC Gaming Handhelds and more!\",\"inLanguage\":\"de-DE\",\"publisher\":{\"@id\":\"https:\\\/\\\/droix.eu\\\/de\\\/#organization\"}}]}\n\t\t<\/script>\n\t\t<!-- All in One SEO Pro -->\r\n\t\t<title>ONEXPLAYER OCuLink Kabel - DROIX EU<\/title>\n\n","aioseo_head_json":{"title":"ONEXPLAYER OCuLink Kabel - DROIX EU","description":"Offizielles ONEXPLAYER OCuLink Kabel Kompatibel mit ONEXPLAYER ONEXGPU \/ X1 Schneller als USB 4.0 Typ-C Hochwertiges umflochtenes Kabel 1 Meter langes Kabel Das Paket enth\u00e4lt 1x ONEXPLAYER OCuLink Kabel","canonical_url":"https:\/\/droix.eu\/de\/product\/onexplayer-oculink-kabel\/","robots":"max-image-preview:large","keywords":"","webmasterTools":{"miscellaneous":""},"schema":{"@context":"https:\/\/schema.org","@graph":[{"@type":"BreadcrumbList","@id":"https:\/\/droix.eu\/de\/product\/onexplayer-oculink-kabel\/#breadcrumblist","itemListElement":[{"@type":"ListItem","@id":"https:\/\/droix.eu\/de\/#listItem","position":1,"name":"Home","item":"https:\/\/droix.eu\/de\/","nextItem":{"@type":"ListItem","@id":"https:\/\/droix.eu\/de\/product-category\/zubehor\/#listItem","name":"Zubeh\u00f6r"}},{"@type":"ListItem","@id":"https:\/\/droix.eu\/de\/product-category\/zubehor\/#listItem","position":2,"name":"Zubeh\u00f6r","item":"https:\/\/droix.eu\/de\/product-category\/zubehor\/","nextItem":{"@type":"ListItem","@id":"https:\/\/droix.eu\/de\/product-category\/zubehor\/gaming-zubehor\/#listItem","name":"Gaming-Zubeh\u00f6r"},"previousItem":{"@type":"ListItem","@id":"https:\/\/droix.eu\/de\/#listItem","name":"Home"}},{"@type":"ListItem","@id":"https:\/\/droix.eu\/de\/product-category\/zubehor\/gaming-zubehor\/#listItem","position":3,"name":"Gaming-Zubeh\u00f6r","item":"https:\/\/droix.eu\/de\/product-category\/zubehor\/gaming-zubehor\/","nextItem":{"@type":"ListItem","@id":"https:\/\/droix.eu\/de\/product\/onexplayer-oculink-kabel\/#listItem","name":"ONEXPLAYER OCuLink Kabel"},"previousItem":{"@type":"ListItem","@id":"https:\/\/droix.eu\/de\/product-category\/zubehor\/#listItem","name":"Zubeh\u00f6r"}},{"@type":"ListItem","@id":"https:\/\/droix.eu\/de\/product\/onexplayer-oculink-kabel\/#listItem","position":4,"name":"ONEXPLAYER OCuLink Kabel","previousItem":{"@type":"ListItem","@id":"https:\/\/droix.eu\/de\/product-category\/zubehor\/gaming-zubehor\/#listItem","name":"Gaming-Zubeh\u00f6r"}}]},{"@type":"Organization","@id":"https:\/\/droix.eu\/de\/#organization","name":"DroiX \u2013 Trusted EU Tech Retailer with 12+ Years Experience","description":"DroiX is a leading European technology retailer with over 12 years of experience, offering quality mini PCs, handheld gaming consoles, and tech accessories. We provide hassle-free EU delivery with all taxes included, ensuring a smooth and reliable shopping experience for our customers across Europe.","url":"https:\/\/droix.eu\/de\/","logo":{"@type":"ImageObject","url":"https:\/\/droix.eu\/wp-content\/uploads\/2024\/06\/droix-v2-light-logo.png","@id":"https:\/\/droix.eu\/de\/product\/onexplayer-oculink-kabel\/#organizationLogo","width":380,"height":118},"image":{"@id":"https:\/\/droix.eu\/de\/product\/onexplayer-oculink-kabel\/#organizationLogo"},"sameAs":["https:\/\/www.facebook.com\/DroiX.Store","https:\/\/twitter.com\/DroiX_Store","https:\/\/www.instagram.com\/droix.store\/","https:\/\/www.tiktok.com\/@droix.store","https:\/\/www.youtube.com\/c\/DroiX_Store","https:\/\/uk.linkedin.com\/company\/droix"]},{"@type":"Product","@id":"https:\/\/droix.eu\/de\/product\/onexplayer-oculink-kabel\/#wooCommerceProduct","name":"ONEXPLAYER OCuLink Kabel","description":"Offizielles ONEXPLAYER OCuLink Kabel\n  Kompatibel mit ONEXPLAYER ONEXGPU \/ X1\n  Schneller als USB 4.0 Typ-C\n  Hochwertiges umflochtenes Kabel\n  1 Meter langes Kabel","url":"https:\/\/droix.eu\/de\/product\/onexplayer-oculink-kabel\/","sku":"ONEXPLAYER-OCULINK-CABLE","gtin":"5060763678439","image":{"@type":"ImageObject","url":"https:\/\/droix.eu\/wp-content\/uploads\/2025\/06\/ONEXPLAYER-OCULINK-CABLE-DONE-01.png","@id":"https:\/\/droix.eu\/de\/product\/onexplayer-oculink-kabel\/#productImage","width":1500,"height":1500,"caption":"Das Bild zeigt das ONEXPLAYER OCuLink-Kabel mit einem robusten geflochtenen Design und Anschl\u00fcssen an beiden Enden. Darunter befindet sich ein Abschnitt zur Kompatibilit\u00e4t mit unterst\u00fctzten Ger\u00e4ten, einschlie\u00dflich GPD WIN 4 (2024 &amp; 2025), GPD WIN MAX 2 (2024 &amp; 2025), GPD DUO, ONEXPLAYER X1\/X1 Mini und MINISFORUM UM780XTX, zusammen mit einem Hinweis auf die Kompatibilit\u00e4t mit weiteren Ger\u00e4ten mit OCuLink\/M.2 NVMe-Anschl\u00fcssen"},"offers":{"@type":"Offer","url":"https:\/\/droix.eu\/de\/product\/onexplayer-oculink-kabel\/#wooCommerceOffer","price":24.54,"priceCurrency":"EUR","category":"Gaming-Zubeh\u00f6r","availability":"https:\/\/schema.org\/InStock","priceSpecification":{"@type":"PriceSpecification","price":24.54,"priceCurrency":"EUR","valueAddedTaxIncluded":"true"},"seller":{"@type":"Organization","@id":"https:\/\/droix.eu\/de\/#organization"}}},{"@type":"WebPage","@id":"https:\/\/droix.eu\/de\/product\/onexplayer-oculink-kabel\/#webpage","url":"https:\/\/droix.eu\/de\/product\/onexplayer-oculink-kabel\/","name":"ONEXPLAYER OCuLink Kabel - DROIX EU","description":"Offizielles ONEXPLAYER OCuLink Kabel Kompatibel mit ONEXPLAYER ONEXGPU \/ X1 Schneller als USB 4.0 Typ-C Hochwertiges umflochtenes Kabel 1 Meter langes Kabel Das Paket enth\u00e4lt 1x ONEXPLAYER OCuLink Kabel","inLanguage":"de-DE","isPartOf":{"@id":"https:\/\/droix.eu\/de\/#website"},"breadcrumb":{"@id":"https:\/\/droix.eu\/de\/product\/onexplayer-oculink-kabel\/#breadcrumblist"},"image":{"@type":"ImageObject","url":"https:\/\/droix.eu\/wp-content\/uploads\/2025\/06\/ONEXPLAYER-OCULINK-CABLE-DONE-01.png","@id":"https:\/\/droix.eu\/de\/product\/onexplayer-oculink-kabel\/#mainImage","width":1500,"height":1500,"caption":"Das Bild zeigt das ONEXPLAYER OCuLink-Kabel mit einem robusten geflochtenen Design und Anschl\u00fcssen an beiden Enden. Darunter befindet sich ein Abschnitt zur Kompatibilit\u00e4t mit unterst\u00fctzten Ger\u00e4ten, einschlie\u00dflich GPD WIN 4 (2024 &amp; 2025), GPD WIN MAX 2 (2024 &amp; 2025), GPD DUO, ONEXPLAYER X1\/X1 Mini und MINISFORUM UM780XTX, zusammen mit einem Hinweis auf die Kompatibilit\u00e4t mit weiteren Ger\u00e4ten mit OCuLink\/M.2 NVMe-Anschl\u00fcssen"},"primaryImageOfPage":{"@id":"https:\/\/droix.eu\/de\/product\/onexplayer-oculink-kabel\/#mainImage"},"datePublished":"2025-06-17T15:49:05+01:00","dateModified":"2026-04-08T10:56:32+01:00"},{"@type":"WebSite","@id":"https:\/\/droix.eu\/de\/#website","url":"https:\/\/droix.eu\/de\/","name":"DROIX EU","description":"Get the latest Mini PCs, Ultrabook, PC Gaming Handhelds and more!","inLanguage":"de-DE","publisher":{"@id":"https:\/\/droix.eu\/de\/#organization"}}]},"og:locale":"de_DE","og:site_name":"DROIX EU - Get the latest Mini PCs, Ultrabook, PC Gaming Handhelds and more!","og:type":"article","og:title":"ONEXPLAYER OCuLink Kabel - DROIX EU","og:description":"Offizielles ONEXPLAYER OCuLink Kabel Kompatibel mit ONEXPLAYER ONEXGPU \/ X1 Schneller als USB 4.0 Typ-C Hochwertiges umflochtenes Kabel 1 Meter langes Kabel Das Paket enth\u00e4lt 1x ONEXPLAYER OCuLink Kabel","og:url":"https:\/\/droix.eu\/de\/product\/onexplayer-oculink-kabel\/","og:image":"https:\/\/droix.eu\/wp-content\/uploads\/2024\/06\/droix-v2-light-logo.png","og:image:secure_url":"https:\/\/droix.eu\/wp-content\/uploads\/2024\/06\/droix-v2-light-logo.png","og:image:width":380,"og:image:height":118,"article:published_time":"2025-06-17T14:49:05+00:00","article:modified_time":"2026-04-08T09:56:32+00:00","article:publisher":"https:\/\/www.facebook.com\/DroiX.Store","twitter:card":"summary_large_image","twitter:site":"@DroiX_Store","twitter:title":"ONEXPLAYER OCuLink Kabel - DROIX EU","twitter:description":"Offizielles ONEXPLAYER OCuLink Kabel Kompatibel mit ONEXPLAYER ONEXGPU \/ X1 Schneller als USB 4.0 Typ-C Hochwertiges umflochtenes Kabel 1 Meter langes Kabel Das Paket enth\u00e4lt 1x ONEXPLAYER OCuLink Kabel","twitter:image":"https:\/\/droix.eu\/wp-content\/uploads\/2024\/06\/droix-v2-light-logo.png"},"aioseo_meta_data":{"post_id":"658633","title":null,"description":null,"keywords":null,"keyphrases":null,"primary_term":null,"canonical_url":null,"og_title":null,"og_description":null,"og_object_type":"default","og_image_type":"default","og_image_url":null,"og_image_width":null,"og_image_height":null,"og_image_custom_url":null,"og_image_custom_fields":null,"og_video":null,"og_custom_url":null,"og_article_section":null,"og_article_tags":null,"twitter_use_og":true,"twitter_card":"default","twitter_image_type":"default","twitter_image_url":null,"twitter_image_custom_url":null,"twitter_image_custom_fields":null,"twitter_title":null,"twitter_description":null,"schema":{"blockGraphs":[],"customGraphs":[],"default":{"data":{"Article":[],"Course":[],"Dataset":[],"FAQPage":[],"Movie":[],"Person":[],"Product":[],"ProductReview":[],"Car":[],"Recipe":[],"Service":[],"SoftwareApplication":[],"WebPage":[]},"graphName":"Product","isEnabled":true},"graphs":[]},"schema_type":"default","schema_type_options":null,"pillar_content":false,"robots_default":true,"robots_noindex":false,"robots_noarchive":false,"robots_nosnippet":false,"robots_nofollow":false,"robots_noimageindex":false,"robots_noodp":false,"robots_notranslate":false,"robots_max_snippet":null,"robots_max_videopreview":null,"robots_max_imagepreview":"large","priority":null,"frequency":null,"local_seo":null,"seo_analyzer_scan_date":null,"breadcrumb_settings":null,"limit_modified_date":false,"reviewed_by":null,"open_ai":null,"ai":null,"created":"2025-10-09 11:47:03","updated":"2026-04-08 16:13:24"},"aioseo_breadcrumb":"<div class=\"aioseo-breadcrumbs\"><span class=\"aioseo-breadcrumb\">\n\t<a href=\"https:\/\/droix.eu\/de\/\" title=\"Home\">Home<\/a>\n<\/span><span class=\"aioseo-breadcrumb-separator\">&raquo;<\/span><span class=\"aioseo-breadcrumb\">\n\t<a href=\"https:\/\/droix.eu\/de\/product-category\/zubehor\/\" title=\"Zubeh\u00f6r\">Zubeh\u00f6r<\/a>\n<\/span><span class=\"aioseo-breadcrumb-separator\">&raquo;<\/span><span class=\"aioseo-breadcrumb\">\n\t<a href=\"https:\/\/droix.eu\/de\/product-category\/zubehor\/gaming-zubehor\/\" title=\"Gaming-Zubeh\u00f6r\">Gaming-Zubeh\u00f6r<\/a>\n<\/span><span class=\"aioseo-breadcrumb-separator\">&raquo;<\/span><span class=\"aioseo-breadcrumb\">\n\tONEXPLAYER OCuLink Kabel\n<\/span><\/div>","aioseo_breadcrumb_json":[{"label":"Home","link":"https:\/\/droix.eu\/de\/"},{"label":"Zubeh\u00f6r","link":"https:\/\/droix.eu\/de\/product-category\/zubehor\/"},{"label":"Gaming-Zubeh\u00f6r","link":"https:\/\/droix.eu\/de\/product-category\/zubehor\/gaming-zubehor\/"},{"label":"ONEXPLAYER OCuLink Kabel","link":"https:\/\/droix.eu\/de\/product\/onexplayer-oculink-kabel\/"}],"_links":{"self":[{"href":"https:\/\/droix.eu\/de\/wp-json\/wp\/v2\/product\/658633","targetHints":{"allow":["GET"]}}],"collection":[{"href":"https:\/\/droix.eu\/de\/wp-json\/wp\/v2\/product"}],"about":[{"href":"https:\/\/droix.eu\/de\/wp-json\/wp\/v2\/types\/product"}],"version-history":[{"count":0,"href":"https:\/\/droix.eu\/de\/wp-json\/wp\/v2\/product\/658633\/revisions"}],"wp:featuredmedia":[{"embeddable":true,"href":"https:\/\/droix.eu\/de\/wp-json\/wp\/v2\/media\/647929"}],"wp:attachment":[{"href":"https:\/\/droix.eu\/de\/wp-json\/wp\/v2\/media?parent=658633"}],"wp:term":[{"taxonomy":"product_brand","embeddable":true,"href":"https:\/\/droix.eu\/de\/wp-json\/wp\/v2\/product_brand?post=658633"},{"taxonomy":"product_cat","embeddable":true,"href":"https:\/\/droix.eu\/de\/wp-json\/wp\/v2\/product_cat?post=658633"},{"taxonomy":"product_tag","embeddable":true,"href":"https:\/\/droix.eu\/de\/wp-json\/wp\/v2\/product_tag?post=658633"},{"taxonomy":"woo-feed-brand","embeddable":true,"href":"https:\/\/droix.eu\/de\/wp-json\/wp\/v2\/woo-feed-brand?post=658633"},{"taxonomy":"key-features","embeddable":true,"href":"https:\/\/droix.eu\/de\/wp-json\/wp\/v2\/key-features?post=658633"}],"curies":[{"name":"wp","href":"https:\/\/api.w.org\/{rel}","templated":true}]}}