{"id":551470,"date":"2020-11-17T11:23:03","date_gmt":"2020-11-17T11:23:03","guid":{"rendered":"https:\/\/droix.eu\/product\/droix-g10s-hintergrundbeleuchtete-air-mouse-mit-sprachsteuerung\/"},"modified":"2026-01-22T12:53:27","modified_gmt":"2026-01-22T12:53:27","slug":"droix-g10s-hintergrundbeleuchtete-air-mouse-mit-sprachsteuerung","status":"publish","type":"product","link":"https:\/\/droix.eu\/de\/product\/droix-g10s-hintergrundbeleuchtete-air-mouse-mit-sprachsteuerung\/","title":{"rendered":"DroiX G10S Hintergrundbeleuchtete Air-Mouse mit Sprachsteuerung"},"content":{"rendered":"<p><span data-contrast=\"none\">Die beliebte DroiX G10 Air-Mouse kehrt in ihrer neuesten Iteration, der <strong>G10S<\/strong>, zur\u00fcck!<\/span><span data-ccp-props=\"{\">&nbsp;<\/span><\/p>\n<p><span data-contrast=\"none\">Mithilfe des integrierten hochwertigen <strong>Gyroskop<\/strong>-Sensors k\u00f6nnen Sie die Maus auf Ihrem Ger\u00e4t pr\u00e4zise und m\u00fchelos aus mehreren Metern Entfernung steuern!<\/span><span data-ccp-props=\"{\">&nbsp;<\/span><\/p>\n<p><span data-contrast=\"none\">Sie haben keine Lust, mit der Hand herumzufuchteln? Kein Problem! Mit dem&nbsp;<\/span><strong>eingebauten<\/strong><span data-contrast=\"none\"><strong> Mikrofon<\/strong> k\u00f6nnen Sie Ihre Worte diktieren, anstatt sie durch verschiedene sprachgesteuerte Anwendungen einzugeben!<\/span><span data-ccp-props=\"{\">&nbsp;<\/span><\/p>\n<p><span data-contrast=\"none\">Mit demselben Formfaktor wie ihr Vorg\u00e4nger und einer Gr\u00f6\u00dfe von nur 143*45*29mm passt die G10S buchst\u00e4blich in Ihre Handfl\u00e4che!<\/span><span data-ccp-props=\"{\">&nbsp;<\/span><\/p>\n<p><span data-contrast=\"none\">Das herausragende Merkmal der G10S ist die Einbeziehung einer <strong>Hintergrundbeleuchtung<\/strong> unter den Tasten, was die Nutzung in dunkleren Umgebungen erheblich erleichtert!<\/span><span data-ccp-props=\"{\">&nbsp;<\/span><\/p>\n","protected":false},"excerpt":{"rendered":"<ul>\n<li>2,4 GHz <strong>kabellose<\/strong> Konnektivit\u00e4t<\/li>\n<li>Betrieben mit AAA-Batterien.<\/li>\n<li><strong>Hintergrundbeleuchtete<\/strong> Tasten<\/li>\n<li><strong>Integriertes Mikrofon<\/strong><\/li>\n<li>Leichtes, ergonomisches Design.<\/li>\n<\/ul>\n[droix_global_accordions]\n[cg_accordion title=\"Das Paket enth\u00e4lt\"]<\/p>\n<ul>\n<li>1x DroiX G10S Air-Mouse\/li&gt;\n<li>1x 2,4 GHz RF USB-Dongle<\/li>\n<li>1x Benutzerhandbuch<\/li>\n<\/ul>\n<p>[\/cg_accordion]\n","protected":false},"featured_media":220344,"template":"","meta":{"_acf_changed":false},"product_brand":[],"product_cat":[10572,33708],"product_tag":[],"woo-feed-brand":[],"key-features":[],"class_list":{"0":"post-551470","1":"product","2":"type-product","3":"status-publish","4":"has-post-thumbnail","6":"product_cat-zubehor","7":"product_cat-zubehor-fur-android-tv-boxen","8":"product_shipping_class-low-end","9":"pa_brands-droix-de","10":"pa_compatibility-android-de","11":"pa_compatibility-windows-de","13":"first","14":"outofstock","15":"sale","16":"taxable","17":"shipping-taxable","18":"purchasable","19":"product-type-simple"},"acf":[],"aioseo_notices":[],"aioseo_head":"\n\t\t<!-- All in One SEO Pro 4.9.5.2 - aioseo.com -->\n\t<meta name=\"description\" content=\"2,4 GHz kabellose Konnektivit\u00e4t Betrieben mit AAA-Batterien. Hintergrundbeleuchtete Tasten Integriertes Mikrofon Leichtes, ergonomisches Design. Das Paket enth\u00e4lt 1x DroiX G10S Air-Mouse\/li&gt; 1x 2,4 GHz RF USB-Dongle 1x Benutzerhandbuch\" \/>\n\t<meta name=\"robots\" content=\"max-image-preview:large\" \/>\n\t<link rel=\"canonical\" href=\"https:\/\/droix.eu\/de\/product\/droix-g10s-hintergrundbeleuchtete-air-mouse-mit-sprachsteuerung\/\" \/>\n\t<meta name=\"generator\" content=\"All in One SEO Pro (AIOSEO) 4.9.5.2\" \/>\n\t\t<meta property=\"og:locale\" content=\"de_DE\" \/>\n\t\t<meta property=\"og:site_name\" content=\"DROIX EU - Get the latest Mini PCs, Ultrabook, PC Gaming Handhelds and more!\" \/>\n\t\t<meta property=\"og:type\" content=\"article\" \/>\n\t\t<meta property=\"og:title\" content=\"DroiX G10S Hintergrundbeleuchtete Air-Mouse mit Sprachsteuerung - DROIX EU\" \/>\n\t\t<meta property=\"og:description\" content=\"2,4 GHz kabellose Konnektivit\u00e4t Betrieben mit AAA-Batterien. Hintergrundbeleuchtete Tasten Integriertes Mikrofon Leichtes, ergonomisches Design. Das Paket enth\u00e4lt 1x DroiX G10S Air-Mouse\/li&gt; 1x 2,4 GHz RF USB-Dongle 1x Benutzerhandbuch\" \/>\n\t\t<meta property=\"og:url\" content=\"https:\/\/droix.eu\/de\/product\/droix-g10s-hintergrundbeleuchtete-air-mouse-mit-sprachsteuerung\/\" \/>\n\t\t<meta property=\"og:image\" content=\"https:\/\/droix.eu\/wp-content\/uploads\/2024\/06\/droix-v2-light-logo.png\" \/>\n\t\t<meta property=\"og:image:secure_url\" content=\"https:\/\/droix.eu\/wp-content\/uploads\/2024\/06\/droix-v2-light-logo.png\" \/>\n\t\t<meta property=\"og:image:width\" content=\"380\" \/>\n\t\t<meta property=\"og:image:height\" content=\"118\" \/>\n\t\t<meta property=\"article:published_time\" content=\"2020-11-17T11:23:03+00:00\" \/>\n\t\t<meta property=\"article:modified_time\" content=\"2026-01-22T12:53:27+00:00\" \/>\n\t\t<meta property=\"article:publisher\" content=\"https:\/\/www.facebook.com\/DroiX.Store\" \/>\n\t\t<meta name=\"twitter:card\" content=\"summary_large_image\" \/>\n\t\t<meta name=\"twitter:site\" content=\"@DroiX_Store\" \/>\n\t\t<meta name=\"twitter:title\" content=\"DroiX G10S Hintergrundbeleuchtete Air-Mouse mit Sprachsteuerung - DROIX EU\" \/>\n\t\t<meta name=\"twitter:description\" content=\"2,4 GHz kabellose Konnektivit\u00e4t Betrieben mit AAA-Batterien. Hintergrundbeleuchtete Tasten Integriertes Mikrofon Leichtes, ergonomisches Design. Das Paket enth\u00e4lt 1x DroiX G10S Air-Mouse\/li&gt; 1x 2,4 GHz RF USB-Dongle 1x Benutzerhandbuch\" \/>\n\t\t<meta name=\"twitter:image\" content=\"https:\/\/droix.eu\/wp-content\/uploads\/2024\/06\/droix-v2-light-logo.png\" \/>\n\t\t<script type=\"application\/ld+json\" class=\"aioseo-schema\">\n\t\t\t{\"@context\":\"https:\\\/\\\/schema.org\",\"@graph\":[{\"@type\":\"BreadcrumbList\",\"@id\":\"https:\\\/\\\/droix.eu\\\/de\\\/product\\\/droix-g10s-hintergrundbeleuchtete-air-mouse-mit-sprachsteuerung\\\/#breadcrumblist\",\"itemListElement\":[{\"@type\":\"ListItem\",\"@id\":\"https:\\\/\\\/droix.eu\\\/de\\\/#listItem\",\"position\":1,\"name\":\"Home\",\"item\":\"https:\\\/\\\/droix.eu\\\/de\\\/\",\"nextItem\":{\"@type\":\"ListItem\",\"@id\":\"https:\\\/\\\/droix.eu\\\/de\\\/product-category\\\/zubehor\\\/#listItem\",\"name\":\"Zubeh\\u00f6r\"}},{\"@type\":\"ListItem\",\"@id\":\"https:\\\/\\\/droix.eu\\\/de\\\/product-category\\\/zubehor\\\/#listItem\",\"position\":2,\"name\":\"Zubeh\\u00f6r\",\"item\":\"https:\\\/\\\/droix.eu\\\/de\\\/product-category\\\/zubehor\\\/\",\"nextItem\":{\"@type\":\"ListItem\",\"@id\":\"https:\\\/\\\/droix.eu\\\/de\\\/product-category\\\/zubehor\\\/zubehor-fur-android-tv-boxen\\\/#listItem\",\"name\":\"Zubeh\\u00f6r f\\u00fcr Android TV-Boxen\"},\"previousItem\":{\"@type\":\"ListItem\",\"@id\":\"https:\\\/\\\/droix.eu\\\/de\\\/#listItem\",\"name\":\"Home\"}},{\"@type\":\"ListItem\",\"@id\":\"https:\\\/\\\/droix.eu\\\/de\\\/product-category\\\/zubehor\\\/zubehor-fur-android-tv-boxen\\\/#listItem\",\"position\":3,\"name\":\"Zubeh\\u00f6r f\\u00fcr Android TV-Boxen\",\"item\":\"https:\\\/\\\/droix.eu\\\/de\\\/product-category\\\/zubehor\\\/zubehor-fur-android-tv-boxen\\\/\",\"nextItem\":{\"@type\":\"ListItem\",\"@id\":\"https:\\\/\\\/droix.eu\\\/de\\\/product\\\/droix-g10s-hintergrundbeleuchtete-air-mouse-mit-sprachsteuerung\\\/#listItem\",\"name\":\"DroiX G10S Hintergrundbeleuchtete Air-Mouse mit Sprachsteuerung\"},\"previousItem\":{\"@type\":\"ListItem\",\"@id\":\"https:\\\/\\\/droix.eu\\\/de\\\/product-category\\\/zubehor\\\/#listItem\",\"name\":\"Zubeh\\u00f6r\"}},{\"@type\":\"ListItem\",\"@id\":\"https:\\\/\\\/droix.eu\\\/de\\\/product\\\/droix-g10s-hintergrundbeleuchtete-air-mouse-mit-sprachsteuerung\\\/#listItem\",\"position\":4,\"name\":\"DroiX G10S Hintergrundbeleuchtete Air-Mouse mit Sprachsteuerung\",\"previousItem\":{\"@type\":\"ListItem\",\"@id\":\"https:\\\/\\\/droix.eu\\\/de\\\/product-category\\\/zubehor\\\/zubehor-fur-android-tv-boxen\\\/#listItem\",\"name\":\"Zubeh\\u00f6r f\\u00fcr Android TV-Boxen\"}}]},{\"@type\":\"Organization\",\"@id\":\"https:\\\/\\\/droix.eu\\\/de\\\/#organization\",\"name\":\"DroiX \\u2013 Trusted EU Tech Retailer with 12+ Years Experience\",\"description\":\"DroiX is a leading European technology retailer with over 12 years of experience, offering quality mini PCs, handheld gaming consoles, and tech accessories. We provide hassle-free EU delivery with all taxes included, ensuring a smooth and reliable shopping experience for our customers across Europe.\",\"url\":\"https:\\\/\\\/droix.eu\\\/de\\\/\",\"logo\":{\"@type\":\"ImageObject\",\"url\":\"https:\\\/\\\/droix.eu\\\/wp-content\\\/uploads\\\/2024\\\/06\\\/droix-v2-light-logo.png\",\"@id\":\"https:\\\/\\\/droix.eu\\\/de\\\/product\\\/droix-g10s-hintergrundbeleuchtete-air-mouse-mit-sprachsteuerung\\\/#organizationLogo\",\"width\":380,\"height\":118},\"image\":{\"@id\":\"https:\\\/\\\/droix.eu\\\/de\\\/product\\\/droix-g10s-hintergrundbeleuchtete-air-mouse-mit-sprachsteuerung\\\/#organizationLogo\"},\"sameAs\":[\"https:\\\/\\\/www.facebook.com\\\/DroiX.Store\",\"https:\\\/\\\/twitter.com\\\/DroiX_Store\",\"https:\\\/\\\/www.instagram.com\\\/droix.store\\\/\",\"https:\\\/\\\/www.tiktok.com\\\/@droix.store\",\"https:\\\/\\\/www.youtube.com\\\/c\\\/DroiX_Store\",\"https:\\\/\\\/uk.linkedin.com\\\/company\\\/droix\"]},{\"@type\":\"Product\",\"@id\":\"https:\\\/\\\/droix.eu\\\/de\\\/product\\\/droix-g10s-hintergrundbeleuchtete-air-mouse-mit-sprachsteuerung\\\/#wooCommerceProduct\",\"name\":\"DroiX G10S Hintergrundbeleuchtete Air-Mouse mit Sprachsteuerung\",\"description\":\"2,4 GHz kabellose Konnektivit\\u00e4t\\n \\tBetrieben mit AAA-Batterien.\\n \\tHintergrundbeleuchtete Tasten\\n \\tIntegriertes Mikrofon\\n \\tLeichtes, ergonomisches Design.\",\"url\":\"https:\\\/\\\/droix.eu\\\/de\\\/product\\\/droix-g10s-hintergrundbeleuchtete-air-mouse-mit-sprachsteuerung\\\/\",\"sku\":\"DROIX-G10S\",\"gtin\":\"5060763670440\",\"image\":{\"@type\":\"ImageObject\",\"url\":\"https:\\\/\\\/droix.eu\\\/wp-content\\\/uploads\\\/2021\\\/12\\\/G10S-LISTING-PICTURE-1.png\",\"@id\":\"https:\\\/\\\/droix.eu\\\/de\\\/product\\\/droix-g10s-hintergrundbeleuchtete-air-mouse-mit-sprachsteuerung\\\/#productImage\",\"width\":1000,\"height\":1000,\"caption\":\"DroiX G10S Air-Mouse mit Hintergrundbeleuchtung - von vorne gesehen\"},\"offers\":{\"@type\":\"Offer\",\"url\":\"https:\\\/\\\/droix.eu\\\/de\\\/product\\\/droix-g10s-hintergrundbeleuchtete-air-mouse-mit-sprachsteuerung\\\/#wooCommerceOffer\",\"price\":11.01,\"priceCurrency\":\"EUR\",\"category\":\"Zubeh\\u00f6r\",\"availability\":\"https:\\\/\\\/schema.org\\\/OutOfStock\",\"priceSpecification\":{\"@type\":\"PriceSpecification\",\"price\":11.01,\"priceCurrency\":\"EUR\",\"valueAddedTaxIncluded\":\"true\"},\"seller\":{\"@type\":\"Organization\",\"@id\":\"https:\\\/\\\/droix.eu\\\/de\\\/#organization\"}}},{\"@type\":\"WebPage\",\"@id\":\"https:\\\/\\\/droix.eu\\\/de\\\/product\\\/droix-g10s-hintergrundbeleuchtete-air-mouse-mit-sprachsteuerung\\\/#webpage\",\"url\":\"https:\\\/\\\/droix.eu\\\/de\\\/product\\\/droix-g10s-hintergrundbeleuchtete-air-mouse-mit-sprachsteuerung\\\/\",\"name\":\"DroiX G10S Hintergrundbeleuchtete Air-Mouse mit Sprachsteuerung - DROIX EU\",\"description\":\"2,4 GHz kabellose Konnektivit\\u00e4t Betrieben mit AAA-Batterien. Hintergrundbeleuchtete Tasten Integriertes Mikrofon Leichtes, ergonomisches Design. Das Paket enth\\u00e4lt 1x DroiX G10S Air-Mouse\\\/li> 1x 2,4 GHz RF USB-Dongle 1x Benutzerhandbuch\",\"inLanguage\":\"de-DE\",\"isPartOf\":{\"@id\":\"https:\\\/\\\/droix.eu\\\/de\\\/#website\"},\"breadcrumb\":{\"@id\":\"https:\\\/\\\/droix.eu\\\/de\\\/product\\\/droix-g10s-hintergrundbeleuchtete-air-mouse-mit-sprachsteuerung\\\/#breadcrumblist\"},\"image\":{\"@type\":\"ImageObject\",\"url\":\"https:\\\/\\\/droix.eu\\\/wp-content\\\/uploads\\\/2021\\\/12\\\/G10S-LISTING-PICTURE-1.png\",\"@id\":\"https:\\\/\\\/droix.eu\\\/de\\\/product\\\/droix-g10s-hintergrundbeleuchtete-air-mouse-mit-sprachsteuerung\\\/#mainImage\",\"width\":1000,\"height\":1000,\"caption\":\"DroiX G10S Air-Mouse mit Hintergrundbeleuchtung - von vorne gesehen\"},\"primaryImageOfPage\":{\"@id\":\"https:\\\/\\\/droix.eu\\\/de\\\/product\\\/droix-g10s-hintergrundbeleuchtete-air-mouse-mit-sprachsteuerung\\\/#mainImage\"},\"datePublished\":\"2020-11-17T11:23:03+00:00\",\"dateModified\":\"2026-01-22T12:53:27+00:00\"},{\"@type\":\"WebSite\",\"@id\":\"https:\\\/\\\/droix.eu\\\/de\\\/#website\",\"url\":\"https:\\\/\\\/droix.eu\\\/de\\\/\",\"name\":\"DROIX EU\",\"description\":\"Get the latest Mini PCs, Ultrabook, PC Gaming Handhelds and more!\",\"inLanguage\":\"de-DE\",\"publisher\":{\"@id\":\"https:\\\/\\\/droix.eu\\\/de\\\/#organization\"}}]}\n\t\t<\/script>\n\t\t<!-- All in One SEO Pro -->\r\n\t\t<title>DroiX G10S Hintergrundbeleuchtete Air-Mouse mit Sprachsteuerung - DROIX EU<\/title>\n\n","aioseo_head_json":{"title":"DroiX G10S Hintergrundbeleuchtete Air-Mouse mit Sprachsteuerung - DROIX EU","description":"2,4 GHz kabellose Konnektivit\u00e4t Betrieben mit AAA-Batterien. Hintergrundbeleuchtete Tasten Integriertes Mikrofon Leichtes, ergonomisches Design. Das Paket enth\u00e4lt 1x DroiX G10S Air-Mouse\/li> 1x 2,4 GHz RF USB-Dongle 1x Benutzerhandbuch","canonical_url":"https:\/\/droix.eu\/de\/product\/droix-g10s-hintergrundbeleuchtete-air-mouse-mit-sprachsteuerung\/","robots":"max-image-preview:large","keywords":"","webmasterTools":{"miscellaneous":""},"schema":{"@context":"https:\/\/schema.org","@graph":[{"@type":"BreadcrumbList","@id":"https:\/\/droix.eu\/de\/product\/droix-g10s-hintergrundbeleuchtete-air-mouse-mit-sprachsteuerung\/#breadcrumblist","itemListElement":[{"@type":"ListItem","@id":"https:\/\/droix.eu\/de\/#listItem","position":1,"name":"Home","item":"https:\/\/droix.eu\/de\/","nextItem":{"@type":"ListItem","@id":"https:\/\/droix.eu\/de\/product-category\/zubehor\/#listItem","name":"Zubeh\u00f6r"}},{"@type":"ListItem","@id":"https:\/\/droix.eu\/de\/product-category\/zubehor\/#listItem","position":2,"name":"Zubeh\u00f6r","item":"https:\/\/droix.eu\/de\/product-category\/zubehor\/","nextItem":{"@type":"ListItem","@id":"https:\/\/droix.eu\/de\/product-category\/zubehor\/zubehor-fur-android-tv-boxen\/#listItem","name":"Zubeh\u00f6r f\u00fcr Android TV-Boxen"},"previousItem":{"@type":"ListItem","@id":"https:\/\/droix.eu\/de\/#listItem","name":"Home"}},{"@type":"ListItem","@id":"https:\/\/droix.eu\/de\/product-category\/zubehor\/zubehor-fur-android-tv-boxen\/#listItem","position":3,"name":"Zubeh\u00f6r f\u00fcr Android TV-Boxen","item":"https:\/\/droix.eu\/de\/product-category\/zubehor\/zubehor-fur-android-tv-boxen\/","nextItem":{"@type":"ListItem","@id":"https:\/\/droix.eu\/de\/product\/droix-g10s-hintergrundbeleuchtete-air-mouse-mit-sprachsteuerung\/#listItem","name":"DroiX G10S Hintergrundbeleuchtete Air-Mouse mit Sprachsteuerung"},"previousItem":{"@type":"ListItem","@id":"https:\/\/droix.eu\/de\/product-category\/zubehor\/#listItem","name":"Zubeh\u00f6r"}},{"@type":"ListItem","@id":"https:\/\/droix.eu\/de\/product\/droix-g10s-hintergrundbeleuchtete-air-mouse-mit-sprachsteuerung\/#listItem","position":4,"name":"DroiX G10S Hintergrundbeleuchtete Air-Mouse mit Sprachsteuerung","previousItem":{"@type":"ListItem","@id":"https:\/\/droix.eu\/de\/product-category\/zubehor\/zubehor-fur-android-tv-boxen\/#listItem","name":"Zubeh\u00f6r f\u00fcr Android TV-Boxen"}}]},{"@type":"Organization","@id":"https:\/\/droix.eu\/de\/#organization","name":"DroiX \u2013 Trusted EU Tech Retailer with 12+ Years Experience","description":"DroiX is a leading European technology retailer with over 12 years of experience, offering quality mini PCs, handheld gaming consoles, and tech accessories. We provide hassle-free EU delivery with all taxes included, ensuring a smooth and reliable shopping experience for our customers across Europe.","url":"https:\/\/droix.eu\/de\/","logo":{"@type":"ImageObject","url":"https:\/\/droix.eu\/wp-content\/uploads\/2024\/06\/droix-v2-light-logo.png","@id":"https:\/\/droix.eu\/de\/product\/droix-g10s-hintergrundbeleuchtete-air-mouse-mit-sprachsteuerung\/#organizationLogo","width":380,"height":118},"image":{"@id":"https:\/\/droix.eu\/de\/product\/droix-g10s-hintergrundbeleuchtete-air-mouse-mit-sprachsteuerung\/#organizationLogo"},"sameAs":["https:\/\/www.facebook.com\/DroiX.Store","https:\/\/twitter.com\/DroiX_Store","https:\/\/www.instagram.com\/droix.store\/","https:\/\/www.tiktok.com\/@droix.store","https:\/\/www.youtube.com\/c\/DroiX_Store","https:\/\/uk.linkedin.com\/company\/droix"]},{"@type":"Product","@id":"https:\/\/droix.eu\/de\/product\/droix-g10s-hintergrundbeleuchtete-air-mouse-mit-sprachsteuerung\/#wooCommerceProduct","name":"DroiX G10S Hintergrundbeleuchtete Air-Mouse mit Sprachsteuerung","description":"2,4 GHz kabellose Konnektivit\u00e4t\n \tBetrieben mit AAA-Batterien.\n \tHintergrundbeleuchtete Tasten\n \tIntegriertes Mikrofon\n \tLeichtes, ergonomisches Design.","url":"https:\/\/droix.eu\/de\/product\/droix-g10s-hintergrundbeleuchtete-air-mouse-mit-sprachsteuerung\/","sku":"DROIX-G10S","gtin":"5060763670440","image":{"@type":"ImageObject","url":"https:\/\/droix.eu\/wp-content\/uploads\/2021\/12\/G10S-LISTING-PICTURE-1.png","@id":"https:\/\/droix.eu\/de\/product\/droix-g10s-hintergrundbeleuchtete-air-mouse-mit-sprachsteuerung\/#productImage","width":1000,"height":1000,"caption":"DroiX G10S Air-Mouse mit Hintergrundbeleuchtung - von vorne gesehen"},"offers":{"@type":"Offer","url":"https:\/\/droix.eu\/de\/product\/droix-g10s-hintergrundbeleuchtete-air-mouse-mit-sprachsteuerung\/#wooCommerceOffer","price":11.01,"priceCurrency":"EUR","category":"Zubeh\u00f6r","availability":"https:\/\/schema.org\/OutOfStock","priceSpecification":{"@type":"PriceSpecification","price":11.01,"priceCurrency":"EUR","valueAddedTaxIncluded":"true"},"seller":{"@type":"Organization","@id":"https:\/\/droix.eu\/de\/#organization"}}},{"@type":"WebPage","@id":"https:\/\/droix.eu\/de\/product\/droix-g10s-hintergrundbeleuchtete-air-mouse-mit-sprachsteuerung\/#webpage","url":"https:\/\/droix.eu\/de\/product\/droix-g10s-hintergrundbeleuchtete-air-mouse-mit-sprachsteuerung\/","name":"DroiX G10S Hintergrundbeleuchtete Air-Mouse mit Sprachsteuerung - DROIX EU","description":"2,4 GHz kabellose Konnektivit\u00e4t Betrieben mit AAA-Batterien. Hintergrundbeleuchtete Tasten Integriertes Mikrofon Leichtes, ergonomisches Design. Das Paket enth\u00e4lt 1x DroiX G10S Air-Mouse\/li> 1x 2,4 GHz RF USB-Dongle 1x Benutzerhandbuch","inLanguage":"de-DE","isPartOf":{"@id":"https:\/\/droix.eu\/de\/#website"},"breadcrumb":{"@id":"https:\/\/droix.eu\/de\/product\/droix-g10s-hintergrundbeleuchtete-air-mouse-mit-sprachsteuerung\/#breadcrumblist"},"image":{"@type":"ImageObject","url":"https:\/\/droix.eu\/wp-content\/uploads\/2021\/12\/G10S-LISTING-PICTURE-1.png","@id":"https:\/\/droix.eu\/de\/product\/droix-g10s-hintergrundbeleuchtete-air-mouse-mit-sprachsteuerung\/#mainImage","width":1000,"height":1000,"caption":"DroiX G10S Air-Mouse mit Hintergrundbeleuchtung - von vorne gesehen"},"primaryImageOfPage":{"@id":"https:\/\/droix.eu\/de\/product\/droix-g10s-hintergrundbeleuchtete-air-mouse-mit-sprachsteuerung\/#mainImage"},"datePublished":"2020-11-17T11:23:03+00:00","dateModified":"2026-01-22T12:53:27+00:00"},{"@type":"WebSite","@id":"https:\/\/droix.eu\/de\/#website","url":"https:\/\/droix.eu\/de\/","name":"DROIX EU","description":"Get the latest Mini PCs, Ultrabook, PC Gaming Handhelds and more!","inLanguage":"de-DE","publisher":{"@id":"https:\/\/droix.eu\/de\/#organization"}}]},"og:locale":"de_DE","og:site_name":"DROIX EU - Get the latest Mini PCs, Ultrabook, PC Gaming Handhelds and more!","og:type":"article","og:title":"DroiX G10S Hintergrundbeleuchtete Air-Mouse mit Sprachsteuerung - DROIX EU","og:description":"2,4 GHz kabellose Konnektivit\u00e4t Betrieben mit AAA-Batterien. Hintergrundbeleuchtete Tasten Integriertes Mikrofon Leichtes, ergonomisches Design. Das Paket enth\u00e4lt 1x DroiX G10S Air-Mouse\/li&gt; 1x 2,4 GHz RF USB-Dongle 1x Benutzerhandbuch","og:url":"https:\/\/droix.eu\/de\/product\/droix-g10s-hintergrundbeleuchtete-air-mouse-mit-sprachsteuerung\/","og:image":"https:\/\/droix.eu\/wp-content\/uploads\/2024\/06\/droix-v2-light-logo.png","og:image:secure_url":"https:\/\/droix.eu\/wp-content\/uploads\/2024\/06\/droix-v2-light-logo.png","og:image:width":380,"og:image:height":118,"article:published_time":"2020-11-17T11:23:03+00:00","article:modified_time":"2026-01-22T12:53:27+00:00","article:publisher":"https:\/\/www.facebook.com\/DroiX.Store","twitter:card":"summary_large_image","twitter:site":"@DroiX_Store","twitter:title":"DroiX G10S Hintergrundbeleuchtete Air-Mouse mit Sprachsteuerung - DROIX EU","twitter:description":"2,4 GHz kabellose Konnektivit\u00e4t Betrieben mit AAA-Batterien. Hintergrundbeleuchtete Tasten Integriertes Mikrofon Leichtes, ergonomisches Design. Das Paket enth\u00e4lt 1x DroiX G10S Air-Mouse\/li&gt; 1x 2,4 GHz RF USB-Dongle 1x Benutzerhandbuch","twitter:image":"https:\/\/droix.eu\/wp-content\/uploads\/2024\/06\/droix-v2-light-logo.png"},"aioseo_meta_data":{"post_id":"551470","title":null,"description":null,"keywords":null,"keyphrases":null,"primary_term":null,"canonical_url":null,"og_title":null,"og_description":null,"og_object_type":"default","og_image_type":"default","og_image_url":null,"og_image_width":null,"og_image_height":null,"og_image_custom_url":null,"og_image_custom_fields":null,"og_video":null,"og_custom_url":null,"og_article_section":null,"og_article_tags":null,"twitter_use_og":true,"twitter_card":"default","twitter_image_type":"default","twitter_image_url":null,"twitter_image_custom_url":null,"twitter_image_custom_fields":null,"twitter_title":null,"twitter_description":null,"schema":{"blockGraphs":[],"customGraphs":[],"default":{"data":{"Article":[],"Course":[],"Dataset":[],"FAQPage":[],"Movie":[],"Person":[],"Product":[],"ProductReview":[],"Car":[],"Recipe":[],"Service":[],"SoftwareApplication":[],"WebPage":[]},"graphName":"","isEnabled":true},"graphs":[]},"schema_type":"default","schema_type_options":null,"pillar_content":false,"robots_default":true,"robots_noindex":false,"robots_noarchive":false,"robots_nosnippet":false,"robots_nofollow":false,"robots_noimageindex":false,"robots_noodp":false,"robots_notranslate":false,"robots_max_snippet":null,"robots_max_videopreview":null,"robots_max_imagepreview":"large","priority":null,"frequency":null,"local_seo":null,"seo_analyzer_scan_date":"2025-10-24 07:50:03","breadcrumb_settings":null,"limit_modified_date":false,"reviewed_by":null,"open_ai":null,"ai":null,"created":"2025-10-09 03:26:55","updated":"2026-01-24 09:15:58"},"aioseo_breadcrumb":"<div class=\"aioseo-breadcrumbs\"><span class=\"aioseo-breadcrumb\">\n\t<a href=\"https:\/\/droix.eu\/de\/\" title=\"Home\">Home<\/a>\n<\/span><span class=\"aioseo-breadcrumb-separator\">&raquo;<\/span><span class=\"aioseo-breadcrumb\">\n\t<a href=\"https:\/\/droix.eu\/de\/product-category\/zubehor\/\" title=\"Zubeh\u00f6r\">Zubeh\u00f6r<\/a>\n<\/span><span class=\"aioseo-breadcrumb-separator\">&raquo;<\/span><span class=\"aioseo-breadcrumb\">\n\t<a href=\"https:\/\/droix.eu\/de\/product-category\/zubehor\/zubehor-fur-android-tv-boxen\/\" title=\"Zubeh\u00f6r f\u00fcr Android TV-Boxen\">Zubeh\u00f6r f\u00fcr Android TV-Boxen<\/a>\n<\/span><span class=\"aioseo-breadcrumb-separator\">&raquo;<\/span><span class=\"aioseo-breadcrumb\">\n\tDroiX G10S Hintergrundbeleuchtete Air-Mouse mit Sprachsteuerung\n<\/span><\/div>","aioseo_breadcrumb_json":[{"label":"Home","link":"https:\/\/droix.eu\/de\/"},{"label":"Zubeh\u00f6r","link":"https:\/\/droix.eu\/de\/product-category\/zubehor\/"},{"label":"Zubeh\u00f6r f\u00fcr Android TV-Boxen","link":"https:\/\/droix.eu\/de\/product-category\/zubehor\/zubehor-fur-android-tv-boxen\/"},{"label":"DroiX G10S Hintergrundbeleuchtete Air-Mouse mit Sprachsteuerung","link":"https:\/\/droix.eu\/de\/product\/droix-g10s-hintergrundbeleuchtete-air-mouse-mit-sprachsteuerung\/"}],"_links":{"self":[{"href":"https:\/\/droix.eu\/de\/wp-json\/wp\/v2\/product\/551470","targetHints":{"allow":["GET"]}}],"collection":[{"href":"https:\/\/droix.eu\/de\/wp-json\/wp\/v2\/product"}],"about":[{"href":"https:\/\/droix.eu\/de\/wp-json\/wp\/v2\/types\/product"}],"version-history":[{"count":0,"href":"https:\/\/droix.eu\/de\/wp-json\/wp\/v2\/product\/551470\/revisions"}],"wp:featuredmedia":[{"embeddable":true,"href":"https:\/\/droix.eu\/de\/wp-json\/wp\/v2\/media\/220344"}],"wp:attachment":[{"href":"https:\/\/droix.eu\/de\/wp-json\/wp\/v2\/media?parent=551470"}],"wp:term":[{"taxonomy":"product_brand","embeddable":true,"href":"https:\/\/droix.eu\/de\/wp-json\/wp\/v2\/product_brand?post=551470"},{"taxonomy":"product_cat","embeddable":true,"href":"https:\/\/droix.eu\/de\/wp-json\/wp\/v2\/product_cat?post=551470"},{"taxonomy":"product_tag","embeddable":true,"href":"https:\/\/droix.eu\/de\/wp-json\/wp\/v2\/product_tag?post=551470"},{"taxonomy":"woo-feed-brand","embeddable":true,"href":"https:\/\/droix.eu\/de\/wp-json\/wp\/v2\/woo-feed-brand?post=551470"},{"taxonomy":"key-features","embeddable":true,"href":"https:\/\/droix.eu\/de\/wp-json\/wp\/v2\/key-features?post=551470"}],"curies":[{"name":"wp","href":"https:\/\/api.w.org\/{rel}","templated":true}]}}