{"id":551449,"date":"2018-02-21T13:07:06","date_gmt":"2018-02-21T13:07:06","guid":{"rendered":"https:\/\/droix.eu\/product\/gpd-kopfhoerer\/"},"modified":"2025-08-18T15:13:30","modified_gmt":"2025-08-18T14:13:30","slug":"gpd-kopfhoerer","status":"publish","type":"product","link":"https:\/\/droix.eu\/de\/product\/gpd-kopfhoerer\/","title":{"rendered":"GPD-Kopfh\u00f6rer"},"content":{"rendered":"<p>Offizielle GPD-Kopfh\u00f6rer, die speziell f\u00fcr Ihr GPD Handheld entwickelt wurden.<\/p>\n<p>Mit seiner tiefen Basis und der hohen Klangqualit\u00e4t ist dieser Kopfh\u00f6rer perfekt, um ihn \u00fcberall hin mitzunehmen.<\/p>\n","protected":false},"excerpt":{"rendered":"<p>Offizielle GPD-Kopfh\u00f6rer, die speziell f\u00fcr Ihr GPD Handheld entwickelt wurden.<br \/>\nMit seiner tiefen Basis und der hohen Klangqualit\u00e4t ist dieser Kopfh\u00f6rer perfekt, um ihn \u00fcberall hin mitzunehmen.<\/p>\n[droix_global_accordions]\n[cg_accordion title=\"Das Paket enth\u00e4lt\"]<\/p>\n<ul>\n<li>1x GPD Kopfh\u00f6rer<\/li>\n<\/ul>\n<p>[\/cg_accordion]\n","protected":false},"featured_media":208882,"template":"","meta":{"_acf_changed":false},"product_brand":[],"product_cat":[12807,10616,10573,10572],"product_tag":[],"woo-feed-brand":[2198],"key-features":[],"class_list":{"0":"post-551449","1":"product","2":"type-product","3":"status-publish","4":"has-post-thumbnail","6":"product_cat-computerzubehor","7":"product_cat-gaming-zubehor","8":"product_cat-laptop-zubehor","9":"product_cat-zubehor","10":"product_shipping_class-low-end","11":"pa_brands-gpd-de","12":"woo-feed-brand-gpd","14":"first","15":"instock","16":"sale","17":"taxable","18":"shipping-taxable","19":"purchasable","20":"product-type-simple"},"acf":[],"aioseo_notices":[],"aioseo_head":"\n\t\t<!-- All in One SEO Pro 4.9.6.2 - aioseo.com -->\n\t<meta name=\"description\" content=\"Offizielle GPD-Kopfh\u00f6rer, die speziell f\u00fcr Ihr GPD Handheld entwickelt wurden. Mit seiner tiefen Basis und der hohen Klangqualit\u00e4t ist dieser Kopfh\u00f6rer perfekt, um ihn \u00fcberall hin mitzunehmen. Das Paket enth\u00e4lt 1x GPD Kopfh\u00f6rer\" \/>\n\t<meta name=\"robots\" content=\"max-image-preview:large\" \/>\n\t<link rel=\"canonical\" href=\"https:\/\/droix.eu\/de\/product\/gpd-kopfhoerer\/\" \/>\n\t<meta name=\"generator\" content=\"All in One SEO Pro (AIOSEO) 4.9.6.2\" \/>\n\t\t<meta property=\"og:locale\" content=\"de_DE\" \/>\n\t\t<meta property=\"og:site_name\" content=\"DROIX EU - Get the latest Mini PCs, Ultrabook, PC Gaming Handhelds and more!\" \/>\n\t\t<meta property=\"og:type\" content=\"article\" \/>\n\t\t<meta property=\"og:title\" content=\"GPD-Kopfh\u00f6rer - DROIX EU\" \/>\n\t\t<meta property=\"og:description\" content=\"Offizielle GPD-Kopfh\u00f6rer, die speziell f\u00fcr Ihr GPD Handheld entwickelt wurden. Mit seiner tiefen Basis und der hohen Klangqualit\u00e4t ist dieser Kopfh\u00f6rer perfekt, um ihn \u00fcberall hin mitzunehmen. Das Paket enth\u00e4lt 1x GPD Kopfh\u00f6rer\" \/>\n\t\t<meta property=\"og:url\" content=\"https:\/\/droix.eu\/de\/product\/gpd-kopfhoerer\/\" \/>\n\t\t<meta property=\"og:image\" content=\"https:\/\/droix.eu\/wp-content\/uploads\/2024\/06\/droix-v2-light-logo.png\" \/>\n\t\t<meta property=\"og:image:secure_url\" content=\"https:\/\/droix.eu\/wp-content\/uploads\/2024\/06\/droix-v2-light-logo.png\" \/>\n\t\t<meta property=\"og:image:width\" content=\"380\" \/>\n\t\t<meta property=\"og:image:height\" content=\"118\" \/>\n\t\t<meta property=\"article:published_time\" content=\"2018-02-21T13:07:06+00:00\" \/>\n\t\t<meta property=\"article:modified_time\" content=\"2025-08-18T14:13:30+00:00\" \/>\n\t\t<meta property=\"article:publisher\" content=\"https:\/\/www.facebook.com\/DroiX.Store\" \/>\n\t\t<meta name=\"twitter:card\" content=\"summary_large_image\" \/>\n\t\t<meta name=\"twitter:site\" content=\"@DroiX_Store\" \/>\n\t\t<meta name=\"twitter:title\" content=\"GPD-Kopfh\u00f6rer - DROIX EU\" \/>\n\t\t<meta name=\"twitter:description\" content=\"Offizielle GPD-Kopfh\u00f6rer, die speziell f\u00fcr Ihr GPD Handheld entwickelt wurden. Mit seiner tiefen Basis und der hohen Klangqualit\u00e4t ist dieser Kopfh\u00f6rer perfekt, um ihn \u00fcberall hin mitzunehmen. Das Paket enth\u00e4lt 1x GPD Kopfh\u00f6rer\" \/>\n\t\t<meta name=\"twitter:image\" content=\"https:\/\/droix.eu\/wp-content\/uploads\/2024\/06\/droix-v2-light-logo.png\" \/>\n\t\t<script type=\"application\/ld+json\" class=\"aioseo-schema\">\n\t\t\t{\"@context\":\"https:\\\/\\\/schema.org\",\"@graph\":[{\"@type\":\"BreadcrumbList\",\"@id\":\"https:\\\/\\\/droix.eu\\\/de\\\/product\\\/gpd-kopfhoerer\\\/#breadcrumblist\",\"itemListElement\":[{\"@type\":\"ListItem\",\"@id\":\"https:\\\/\\\/droix.eu\\\/de\\\/#listItem\",\"position\":1,\"name\":\"Home\",\"item\":\"https:\\\/\\\/droix.eu\\\/de\\\/\",\"nextItem\":{\"@type\":\"ListItem\",\"@id\":\"https:\\\/\\\/droix.eu\\\/de\\\/product-category\\\/zubehor\\\/#listItem\",\"name\":\"Zubeh\\u00f6r\"}},{\"@type\":\"ListItem\",\"@id\":\"https:\\\/\\\/droix.eu\\\/de\\\/product-category\\\/zubehor\\\/#listItem\",\"position\":2,\"name\":\"Zubeh\\u00f6r\",\"item\":\"https:\\\/\\\/droix.eu\\\/de\\\/product-category\\\/zubehor\\\/\",\"nextItem\":{\"@type\":\"ListItem\",\"@id\":\"https:\\\/\\\/droix.eu\\\/de\\\/product-category\\\/zubehor\\\/laptop-zubehor\\\/#listItem\",\"name\":\"Laptop-Zubeh\\u00f6r\"},\"previousItem\":{\"@type\":\"ListItem\",\"@id\":\"https:\\\/\\\/droix.eu\\\/de\\\/#listItem\",\"name\":\"Home\"}},{\"@type\":\"ListItem\",\"@id\":\"https:\\\/\\\/droix.eu\\\/de\\\/product-category\\\/zubehor\\\/laptop-zubehor\\\/#listItem\",\"position\":3,\"name\":\"Laptop-Zubeh\\u00f6r\",\"item\":\"https:\\\/\\\/droix.eu\\\/de\\\/product-category\\\/zubehor\\\/laptop-zubehor\\\/\",\"nextItem\":{\"@type\":\"ListItem\",\"@id\":\"https:\\\/\\\/droix.eu\\\/de\\\/product\\\/gpd-kopfhoerer\\\/#listItem\",\"name\":\"GPD-Kopfh\\u00f6rer\"},\"previousItem\":{\"@type\":\"ListItem\",\"@id\":\"https:\\\/\\\/droix.eu\\\/de\\\/product-category\\\/zubehor\\\/#listItem\",\"name\":\"Zubeh\\u00f6r\"}},{\"@type\":\"ListItem\",\"@id\":\"https:\\\/\\\/droix.eu\\\/de\\\/product\\\/gpd-kopfhoerer\\\/#listItem\",\"position\":4,\"name\":\"GPD-Kopfh\\u00f6rer\",\"previousItem\":{\"@type\":\"ListItem\",\"@id\":\"https:\\\/\\\/droix.eu\\\/de\\\/product-category\\\/zubehor\\\/laptop-zubehor\\\/#listItem\",\"name\":\"Laptop-Zubeh\\u00f6r\"}}]},{\"@type\":\"Organization\",\"@id\":\"https:\\\/\\\/droix.eu\\\/de\\\/#organization\",\"name\":\"DroiX \\u2013 Trusted EU Tech Retailer with 12+ Years Experience\",\"description\":\"DroiX is a leading European technology retailer with over 12 years of experience, offering quality mini PCs, handheld gaming consoles, and tech accessories. We provide hassle-free EU delivery with all taxes included, ensuring a smooth and reliable shopping experience for our customers across Europe.\",\"url\":\"https:\\\/\\\/droix.eu\\\/de\\\/\",\"logo\":{\"@type\":\"ImageObject\",\"url\":\"https:\\\/\\\/droix.eu\\\/wp-content\\\/uploads\\\/2024\\\/06\\\/droix-v2-light-logo.png\",\"@id\":\"https:\\\/\\\/droix.eu\\\/de\\\/product\\\/gpd-kopfhoerer\\\/#organizationLogo\",\"width\":380,\"height\":118},\"image\":{\"@id\":\"https:\\\/\\\/droix.eu\\\/de\\\/product\\\/gpd-kopfhoerer\\\/#organizationLogo\"},\"sameAs\":[\"https:\\\/\\\/www.facebook.com\\\/DroiX.Store\",\"https:\\\/\\\/twitter.com\\\/DroiX_Store\",\"https:\\\/\\\/www.instagram.com\\\/droix.store\\\/\",\"https:\\\/\\\/www.tiktok.com\\\/@droix.store\",\"https:\\\/\\\/www.youtube.com\\\/c\\\/DroiX_Store\",\"https:\\\/\\\/uk.linkedin.com\\\/company\\\/droix\"]},{\"@type\":\"Product\",\"@id\":\"https:\\\/\\\/droix.eu\\\/de\\\/product\\\/gpd-kopfhoerer\\\/#wooCommerceProduct\",\"name\":\"GPD-Kopfh\\u00f6rer\",\"description\":\"Offizielle GPD-Kopfh\\u00f6rer, die speziell f\\u00fcr Ihr GPD Handheld entwickelt wurden.\\nMit seiner tiefen Basis und der hohen Klangqualit\\u00e4t ist dieser Kopfh\\u00f6rer perfekt, um ihn \\u00fcberall hin mitzunehmen.\",\"url\":\"https:\\\/\\\/droix.eu\\\/de\\\/product\\\/gpd-kopfhoerer\\\/\",\"sku\":\"GPD-HEADPHONES\",\"image\":{\"@type\":\"ImageObject\",\"url\":\"https:\\\/\\\/droix.eu\\\/wp-content\\\/uploads\\\/2021\\\/12\\\/1_6_5.jpg\",\"@id\":\"https:\\\/\\\/droix.eu\\\/de\\\/product\\\/gpd-kopfhoerer\\\/#productImage\",\"width\":800,\"height\":800},\"offers\":{\"@type\":\"Offer\",\"url\":\"https:\\\/\\\/droix.eu\\\/de\\\/product\\\/gpd-kopfhoerer\\\/#wooCommerceOffer\",\"price\":7.32,\"priceCurrency\":\"EUR\",\"category\":\"Computerzubeh\\u00f6r\",\"availability\":\"https:\\\/\\\/schema.org\\\/InStock\",\"priceSpecification\":{\"@type\":\"PriceSpecification\",\"price\":7.32,\"priceCurrency\":\"EUR\",\"valueAddedTaxIncluded\":\"true\"},\"seller\":{\"@type\":\"Organization\",\"@id\":\"https:\\\/\\\/droix.eu\\\/de\\\/#organization\"}}},{\"@type\":\"WebPage\",\"@id\":\"https:\\\/\\\/droix.eu\\\/de\\\/product\\\/gpd-kopfhoerer\\\/#webpage\",\"url\":\"https:\\\/\\\/droix.eu\\\/de\\\/product\\\/gpd-kopfhoerer\\\/\",\"name\":\"GPD-Kopfh\\u00f6rer - DROIX EU\",\"description\":\"Offizielle GPD-Kopfh\\u00f6rer, die speziell f\\u00fcr Ihr GPD Handheld entwickelt wurden. Mit seiner tiefen Basis und der hohen Klangqualit\\u00e4t ist dieser Kopfh\\u00f6rer perfekt, um ihn \\u00fcberall hin mitzunehmen. Das Paket enth\\u00e4lt 1x GPD Kopfh\\u00f6rer\",\"inLanguage\":\"de-DE\",\"isPartOf\":{\"@id\":\"https:\\\/\\\/droix.eu\\\/de\\\/#website\"},\"breadcrumb\":{\"@id\":\"https:\\\/\\\/droix.eu\\\/de\\\/product\\\/gpd-kopfhoerer\\\/#breadcrumblist\"},\"image\":{\"@type\":\"ImageObject\",\"url\":\"https:\\\/\\\/droix.eu\\\/wp-content\\\/uploads\\\/2021\\\/12\\\/1_6_5.jpg\",\"@id\":\"https:\\\/\\\/droix.eu\\\/de\\\/product\\\/gpd-kopfhoerer\\\/#mainImage\",\"width\":800,\"height\":800},\"primaryImageOfPage\":{\"@id\":\"https:\\\/\\\/droix.eu\\\/de\\\/product\\\/gpd-kopfhoerer\\\/#mainImage\"},\"datePublished\":\"2018-02-21T13:07:06+00:00\",\"dateModified\":\"2025-08-18T15:13:30+01:00\"},{\"@type\":\"WebSite\",\"@id\":\"https:\\\/\\\/droix.eu\\\/de\\\/#website\",\"url\":\"https:\\\/\\\/droix.eu\\\/de\\\/\",\"name\":\"DROIX EU\",\"description\":\"Get the latest Mini PCs, Ultrabook, PC Gaming Handhelds and more!\",\"inLanguage\":\"de-DE\",\"publisher\":{\"@id\":\"https:\\\/\\\/droix.eu\\\/de\\\/#organization\"}}]}\n\t\t<\/script>\n\t\t<!-- All in One SEO Pro -->\r\n\t\t<title>GPD-Kopfh\u00f6rer - DROIX EU<\/title>\n\n","aioseo_head_json":{"title":"GPD-Kopfh\u00f6rer - DROIX EU","description":"Offizielle GPD-Kopfh\u00f6rer, die speziell f\u00fcr Ihr GPD Handheld entwickelt wurden. Mit seiner tiefen Basis und der hohen Klangqualit\u00e4t ist dieser Kopfh\u00f6rer perfekt, um ihn \u00fcberall hin mitzunehmen. Das Paket enth\u00e4lt 1x GPD Kopfh\u00f6rer","canonical_url":"https:\/\/droix.eu\/de\/product\/gpd-kopfhoerer\/","robots":"max-image-preview:large","keywords":"","webmasterTools":{"miscellaneous":""},"schema":{"@context":"https:\/\/schema.org","@graph":[{"@type":"BreadcrumbList","@id":"https:\/\/droix.eu\/de\/product\/gpd-kopfhoerer\/#breadcrumblist","itemListElement":[{"@type":"ListItem","@id":"https:\/\/droix.eu\/de\/#listItem","position":1,"name":"Home","item":"https:\/\/droix.eu\/de\/","nextItem":{"@type":"ListItem","@id":"https:\/\/droix.eu\/de\/product-category\/zubehor\/#listItem","name":"Zubeh\u00f6r"}},{"@type":"ListItem","@id":"https:\/\/droix.eu\/de\/product-category\/zubehor\/#listItem","position":2,"name":"Zubeh\u00f6r","item":"https:\/\/droix.eu\/de\/product-category\/zubehor\/","nextItem":{"@type":"ListItem","@id":"https:\/\/droix.eu\/de\/product-category\/zubehor\/laptop-zubehor\/#listItem","name":"Laptop-Zubeh\u00f6r"},"previousItem":{"@type":"ListItem","@id":"https:\/\/droix.eu\/de\/#listItem","name":"Home"}},{"@type":"ListItem","@id":"https:\/\/droix.eu\/de\/product-category\/zubehor\/laptop-zubehor\/#listItem","position":3,"name":"Laptop-Zubeh\u00f6r","item":"https:\/\/droix.eu\/de\/product-category\/zubehor\/laptop-zubehor\/","nextItem":{"@type":"ListItem","@id":"https:\/\/droix.eu\/de\/product\/gpd-kopfhoerer\/#listItem","name":"GPD-Kopfh\u00f6rer"},"previousItem":{"@type":"ListItem","@id":"https:\/\/droix.eu\/de\/product-category\/zubehor\/#listItem","name":"Zubeh\u00f6r"}},{"@type":"ListItem","@id":"https:\/\/droix.eu\/de\/product\/gpd-kopfhoerer\/#listItem","position":4,"name":"GPD-Kopfh\u00f6rer","previousItem":{"@type":"ListItem","@id":"https:\/\/droix.eu\/de\/product-category\/zubehor\/laptop-zubehor\/#listItem","name":"Laptop-Zubeh\u00f6r"}}]},{"@type":"Organization","@id":"https:\/\/droix.eu\/de\/#organization","name":"DroiX \u2013 Trusted EU Tech Retailer with 12+ Years Experience","description":"DroiX is a leading European technology retailer with over 12 years of experience, offering quality mini PCs, handheld gaming consoles, and tech accessories. We provide hassle-free EU delivery with all taxes included, ensuring a smooth and reliable shopping experience for our customers across Europe.","url":"https:\/\/droix.eu\/de\/","logo":{"@type":"ImageObject","url":"https:\/\/droix.eu\/wp-content\/uploads\/2024\/06\/droix-v2-light-logo.png","@id":"https:\/\/droix.eu\/de\/product\/gpd-kopfhoerer\/#organizationLogo","width":380,"height":118},"image":{"@id":"https:\/\/droix.eu\/de\/product\/gpd-kopfhoerer\/#organizationLogo"},"sameAs":["https:\/\/www.facebook.com\/DroiX.Store","https:\/\/twitter.com\/DroiX_Store","https:\/\/www.instagram.com\/droix.store\/","https:\/\/www.tiktok.com\/@droix.store","https:\/\/www.youtube.com\/c\/DroiX_Store","https:\/\/uk.linkedin.com\/company\/droix"]},{"@type":"Product","@id":"https:\/\/droix.eu\/de\/product\/gpd-kopfhoerer\/#wooCommerceProduct","name":"GPD-Kopfh\u00f6rer","description":"Offizielle GPD-Kopfh\u00f6rer, die speziell f\u00fcr Ihr GPD Handheld entwickelt wurden.\nMit seiner tiefen Basis und der hohen Klangqualit\u00e4t ist dieser Kopfh\u00f6rer perfekt, um ihn \u00fcberall hin mitzunehmen.","url":"https:\/\/droix.eu\/de\/product\/gpd-kopfhoerer\/","sku":"GPD-HEADPHONES","image":{"@type":"ImageObject","url":"https:\/\/droix.eu\/wp-content\/uploads\/2021\/12\/1_6_5.jpg","@id":"https:\/\/droix.eu\/de\/product\/gpd-kopfhoerer\/#productImage","width":800,"height":800},"offers":{"@type":"Offer","url":"https:\/\/droix.eu\/de\/product\/gpd-kopfhoerer\/#wooCommerceOffer","price":7.32,"priceCurrency":"EUR","category":"Computerzubeh\u00f6r","availability":"https:\/\/schema.org\/InStock","priceSpecification":{"@type":"PriceSpecification","price":7.32,"priceCurrency":"EUR","valueAddedTaxIncluded":"true"},"seller":{"@type":"Organization","@id":"https:\/\/droix.eu\/de\/#organization"}}},{"@type":"WebPage","@id":"https:\/\/droix.eu\/de\/product\/gpd-kopfhoerer\/#webpage","url":"https:\/\/droix.eu\/de\/product\/gpd-kopfhoerer\/","name":"GPD-Kopfh\u00f6rer - DROIX EU","description":"Offizielle GPD-Kopfh\u00f6rer, die speziell f\u00fcr Ihr GPD Handheld entwickelt wurden. Mit seiner tiefen Basis und der hohen Klangqualit\u00e4t ist dieser Kopfh\u00f6rer perfekt, um ihn \u00fcberall hin mitzunehmen. Das Paket enth\u00e4lt 1x GPD Kopfh\u00f6rer","inLanguage":"de-DE","isPartOf":{"@id":"https:\/\/droix.eu\/de\/#website"},"breadcrumb":{"@id":"https:\/\/droix.eu\/de\/product\/gpd-kopfhoerer\/#breadcrumblist"},"image":{"@type":"ImageObject","url":"https:\/\/droix.eu\/wp-content\/uploads\/2021\/12\/1_6_5.jpg","@id":"https:\/\/droix.eu\/de\/product\/gpd-kopfhoerer\/#mainImage","width":800,"height":800},"primaryImageOfPage":{"@id":"https:\/\/droix.eu\/de\/product\/gpd-kopfhoerer\/#mainImage"},"datePublished":"2018-02-21T13:07:06+00:00","dateModified":"2025-08-18T15:13:30+01:00"},{"@type":"WebSite","@id":"https:\/\/droix.eu\/de\/#website","url":"https:\/\/droix.eu\/de\/","name":"DROIX EU","description":"Get the latest Mini PCs, Ultrabook, PC Gaming Handhelds and more!","inLanguage":"de-DE","publisher":{"@id":"https:\/\/droix.eu\/de\/#organization"}}]},"og:locale":"de_DE","og:site_name":"DROIX EU - Get the latest Mini PCs, Ultrabook, PC Gaming Handhelds and more!","og:type":"article","og:title":"GPD-Kopfh\u00f6rer - DROIX EU","og:description":"Offizielle GPD-Kopfh\u00f6rer, die speziell f\u00fcr Ihr GPD Handheld entwickelt wurden. Mit seiner tiefen Basis und der hohen Klangqualit\u00e4t ist dieser Kopfh\u00f6rer perfekt, um ihn \u00fcberall hin mitzunehmen. Das Paket enth\u00e4lt 1x GPD Kopfh\u00f6rer","og:url":"https:\/\/droix.eu\/de\/product\/gpd-kopfhoerer\/","og:image":"https:\/\/droix.eu\/wp-content\/uploads\/2024\/06\/droix-v2-light-logo.png","og:image:secure_url":"https:\/\/droix.eu\/wp-content\/uploads\/2024\/06\/droix-v2-light-logo.png","og:image:width":380,"og:image:height":118,"article:published_time":"2018-02-21T13:07:06+00:00","article:modified_time":"2025-08-18T14:13:30+00:00","article:publisher":"https:\/\/www.facebook.com\/DroiX.Store","twitter:card":"summary_large_image","twitter:site":"@DroiX_Store","twitter:title":"GPD-Kopfh\u00f6rer - DROIX EU","twitter:description":"Offizielle GPD-Kopfh\u00f6rer, die speziell f\u00fcr Ihr GPD Handheld entwickelt wurden. Mit seiner tiefen Basis und der hohen Klangqualit\u00e4t ist dieser Kopfh\u00f6rer perfekt, um ihn \u00fcberall hin mitzunehmen. Das Paket enth\u00e4lt 1x GPD Kopfh\u00f6rer","twitter:image":"https:\/\/droix.eu\/wp-content\/uploads\/2024\/06\/droix-v2-light-logo.png"},"aioseo_meta_data":{"post_id":"551449","title":null,"description":null,"keywords":null,"keyphrases":null,"primary_term":null,"canonical_url":null,"og_title":null,"og_description":null,"og_object_type":"default","og_image_type":"default","og_image_url":null,"og_image_width":null,"og_image_height":null,"og_image_custom_url":null,"og_image_custom_fields":null,"og_video":null,"og_custom_url":null,"og_article_section":null,"og_article_tags":null,"twitter_use_og":true,"twitter_card":"default","twitter_image_type":"default","twitter_image_url":null,"twitter_image_custom_url":null,"twitter_image_custom_fields":null,"twitter_title":null,"twitter_description":null,"schema":{"blockGraphs":[],"customGraphs":[],"default":{"data":{"Article":[],"Course":[],"Dataset":[],"FAQPage":[],"Movie":[],"Person":[],"Product":[],"ProductReview":[],"Car":[],"Recipe":[],"Service":[],"SoftwareApplication":[],"WebPage":[]},"graphName":"","isEnabled":true},"graphs":[]},"schema_type":"default","schema_type_options":null,"pillar_content":false,"robots_default":true,"robots_noindex":false,"robots_noarchive":false,"robots_nosnippet":false,"robots_nofollow":false,"robots_noimageindex":false,"robots_noodp":false,"robots_notranslate":false,"robots_max_snippet":null,"robots_max_videopreview":null,"robots_max_imagepreview":"large","priority":null,"frequency":null,"local_seo":null,"seo_analyzer_scan_date":"2025-10-24 07:35:13","breadcrumb_settings":null,"limit_modified_date":false,"reviewed_by":null,"open_ai":null,"ai":null,"created":"2025-10-09 03:22:03","updated":"2025-11-27 01:37:45"},"aioseo_breadcrumb":"<div class=\"aioseo-breadcrumbs\"><span class=\"aioseo-breadcrumb\">\n\t<a href=\"https:\/\/droix.eu\/de\/\" title=\"Home\">Home<\/a>\n<\/span><span class=\"aioseo-breadcrumb-separator\">&raquo;<\/span><span class=\"aioseo-breadcrumb\">\n\t<a href=\"https:\/\/droix.eu\/de\/product-category\/zubehor\/\" title=\"Zubeh\u00f6r\">Zubeh\u00f6r<\/a>\n<\/span><span class=\"aioseo-breadcrumb-separator\">&raquo;<\/span><span class=\"aioseo-breadcrumb\">\n\t<a href=\"https:\/\/droix.eu\/de\/product-category\/zubehor\/laptop-zubehor\/\" title=\"Laptop-Zubeh\u00f6r\">Laptop-Zubeh\u00f6r<\/a>\n<\/span><span class=\"aioseo-breadcrumb-separator\">&raquo;<\/span><span class=\"aioseo-breadcrumb\">\n\tGPD-Kopfh\u00f6rer\n<\/span><\/div>","aioseo_breadcrumb_json":[{"label":"Home","link":"https:\/\/droix.eu\/de\/"},{"label":"Zubeh\u00f6r","link":"https:\/\/droix.eu\/de\/product-category\/zubehor\/"},{"label":"Laptop-Zubeh\u00f6r","link":"https:\/\/droix.eu\/de\/product-category\/zubehor\/laptop-zubehor\/"},{"label":"GPD-Kopfh\u00f6rer","link":"https:\/\/droix.eu\/de\/product\/gpd-kopfhoerer\/"}],"_links":{"self":[{"href":"https:\/\/droix.eu\/de\/wp-json\/wp\/v2\/product\/551449","targetHints":{"allow":["GET"]}}],"collection":[{"href":"https:\/\/droix.eu\/de\/wp-json\/wp\/v2\/product"}],"about":[{"href":"https:\/\/droix.eu\/de\/wp-json\/wp\/v2\/types\/product"}],"version-history":[{"count":0,"href":"https:\/\/droix.eu\/de\/wp-json\/wp\/v2\/product\/551449\/revisions"}],"wp:featuredmedia":[{"embeddable":true,"href":"https:\/\/droix.eu\/de\/wp-json\/wp\/v2\/media\/208882"}],"wp:attachment":[{"href":"https:\/\/droix.eu\/de\/wp-json\/wp\/v2\/media?parent=551449"}],"wp:term":[{"taxonomy":"product_brand","embeddable":true,"href":"https:\/\/droix.eu\/de\/wp-json\/wp\/v2\/product_brand?post=551449"},{"taxonomy":"product_cat","embeddable":true,"href":"https:\/\/droix.eu\/de\/wp-json\/wp\/v2\/product_cat?post=551449"},{"taxonomy":"product_tag","embeddable":true,"href":"https:\/\/droix.eu\/de\/wp-json\/wp\/v2\/product_tag?post=551449"},{"taxonomy":"woo-feed-brand","embeddable":true,"href":"https:\/\/droix.eu\/de\/wp-json\/wp\/v2\/woo-feed-brand?post=551449"},{"taxonomy":"key-features","embeddable":true,"href":"https:\/\/droix.eu\/de\/wp-json\/wp\/v2\/key-features?post=551449"}],"curies":[{"name":"wp","href":"https:\/\/api.w.org\/{rel}","templated":true}]}}