{"id":522840,"date":"2022-01-07T15:00:20","date_gmt":"2022-01-07T15:00:20","guid":{"rendered":"https:\/\/droix.eu\/product\/gpd-pocket-3-kvm-rs-232-modul\/"},"modified":"2025-12-15T00:02:25","modified_gmt":"2025-12-15T00:02:25","slug":"gpd-pocket-3-kvm-rs-232-modul","status":"publish","type":"product","link":"https:\/\/droix.eu\/de\/product\/gpd-pocket-3-kvm-rs-232-modul\/","title":{"rendered":"GPD Pocket 3 KVM- und RS-232-Modul"},"content":{"rendered":"<p>Der GPD Pocket 3 ist mit einem KVM-Modul ausgestattet, das eine komfortable Steuerung von Servern erm\u00f6glicht. Ebenso erm\u00f6glicht das RS232-Modul die Integration eines echten RS232-Ports, was es zu einer hervorragenden Option f\u00fcr das System-Debugging oder den Betrieb professioneller CNC-Fr\u00e4smaschinen macht.<\/p>\n<p>Beide Module sind Bestandteil des Pakets.<\/p>\n<p>Au\u00dferdem wird das GPD Pocket 3 mit einem Standard-USB-A-Modul geliefert. Bei Bedarf kann dieses Modul durch eines der beiden mitgelieferten Module ersetzt werden.<\/p>\n","protected":false},"excerpt":{"rendered":"<ul>\n<li><strong>Offizielles GPD-Zubeh\u00f6r<\/strong><\/li>\n<li>Kombipaket mit <strong>zwei<\/strong> Erweiterungsmodulen<\/li>\n<li>Verbindung und Steuerung von Servern \u00fcber <strong>KVM<\/strong>-Modul<\/li>\n<li>Schnittstelle zu industriellen Maschinen \u00fcber <strong>RS232<\/strong><\/li>\n<\/ul>\n[cg_accordion title=\"2 Jahre Garantie auf alle GPD-Produkte\"]<\/p>\n<p>Auf alle GPD Produkte gew\u00e4hren wir 2 Jahre Garantie und bieten seit \u00fcber 13 Jahren einen zuverl\u00e4ssigen Service. Schlie\u00dfen Sie sich unserer Gemeinschaft von \u00fcber 500.000 zufriedenen Kunden an und vertrauen Sie auf Ihren Kauf. [\/cg_accordion]\n[cg_accordion title=\"Qualit\u00e4tssicherung und Tests vor der Auslieferung\"]<\/p>\n<p>Sicherstellung der Kundenzufriedenheit auf h\u00f6chstem Niveau: Jedes Ger\u00e4t wird vor der Auslieferung strengen Tests und einer mehrstufigen Qualit\u00e4tskontrolle unterzogen. Unser engagiertes Team pr\u00fcft die Leistung, Funktionalit\u00e4t und Integrit\u00e4t der Komponenten, um zu gew\u00e4hrleisten, dass Ihr GPD-Ger\u00e4t bei der Ankunft in einwandfreiem Zustand ist und Sie sich darauf verlassen k\u00f6nnen. [\/cg_accordion]\n[cg_accordion title=\"Flexible und sichere Zahlungsoptionen\"]<\/p>\n<p>Genie\u00dfen Sie den Seelenfrieden mit unserem sicheren Bezahlsystem. Wir unterst\u00fctzen alle wichtigen Zahlungsmethoden, einschlie\u00dflich Debit-\/Kreditkarten, PayPal, Apple Pay, Google Pay, Klarna, Afterpay und Affirm &#8211; und geben Ihnen die Freiheit, auf Ihre Weise zu zahlen, ob im Voraus oder in einfachen Raten. [\/cg_accordion]\n[cg_accordion title=\"Steuern\"]<\/p>\n<p>Die Preise enthalten die gesetzliche Mehrwertsteuer, die je nach Land bis zu 25 % betragen kann. Der genaue Betrag wird w\u00e4hrend des Bestellvorgangs angezeigt, um volle Transparenz zu gew\u00e4hrleisten. [\/cg_accordion]\n[cg_accordion title=\"Versand und R\u00fcckgabe\"]<\/p>\n<p>Wir arbeiten mit mehr als 10 zuverl\u00e4ssigen Versandpartnern zusammen, um sicherzustellen, dass Ihre Bestellung schnell, sicher und zuverl\u00e4ssig ankommt.<\/p>\n<p>Wir verwenden den Expressversand DDP (Delivered Duty Paid). Dies bedeutet: <\/p>\n<li>Alle Z\u00f6lle und Steuern sind bereits im angegebenen Produktpreis enthalten.<\/li>\n<li>Sie werden bei der Lieferung keine \u00fcberraschenden Kosten haben.<\/li>\n<li>In den seltenen F\u00e4llen, in denen es zu Verz\u00f6gerungen bei der Zollabfertigung kommt, wird unser Team die Abfertigung f\u00fcr Sie \u00fcbernehmen, um eine reibungslose Lieferung zu gew\u00e4hrleisten.<\/li>\n<p>Wichtige Informationen \u00fcber R\u00fccksendungen:<\/p>\n<li>Wenn Sie Ihre Bestellung zur\u00fccksenden oder eine R\u00fcckerstattung beantragen, beachten Sie bitte, dass Steuern und Z\u00f6lle, die gem\u00e4\u00df den DDP-Bedingungen in Ihrem Namen bezahlt wurden, nicht erstattet werden k\u00f6nnen.<\/li>\n<p>Ausf\u00fchrliche Informationen finden Sie in unseren <a href=\"https:\/\/droix.eu\/de\/bedingungen-und-konditionen\/\" target=\"_blank\" rel=\"nofollow noopener\">Allgemeinen Gesch\u00e4ftsbedingungen<\/a>.\n<\/ul>\n<p>[\/cg_accordion]\n[cg_accordion title=\"Kundenbetreuung\"]<\/p>\n<p>Haben Sie eine Frage? Wir sind nur einen kurzen Text davon entfernt, Ihr Problem zu l\u00f6sen! [\/cg_accordion]\n[cg_accordion title=\"Das Paket enth\u00e4lt\"]<\/p>\n<ul>\n<li>1x KVM &amp; RS-232 Modul<\/li>\n<\/ul>\n<p>[\/cg_accordion]\n","protected":false},"featured_media":293623,"template":"","meta":{"_acf_changed":false},"product_brand":[],"product_cat":[10573,10572],"product_tag":[],"woo-feed-brand":[2198],"key-features":[],"class_list":{"0":"post-522840","1":"product","2":"type-product","3":"status-publish","4":"has-post-thumbnail","6":"product_cat-laptop-zubehor","7":"product_cat-zubehor","8":"product_shipping_class-low-end","9":"pa_brands-gpd-de","10":"pa_compatibility-gpd-tasche-3","11":"woo-feed-brand-gpd","13":"first","14":"instock","15":"sale","16":"taxable","17":"shipping-taxable","18":"purchasable","19":"product-type-simple"},"acf":[],"aioseo_notices":[],"aioseo_head":"\n\t\t<!-- All in One SEO Pro 4.9.6.2 - aioseo.com -->\n\t<meta name=\"description\" content=\"Offizielles GPD-Zubeh\u00f6r Kombipaket mit zwei Erweiterungsmodulen Verbindung und Steuerung von Servern \u00fcber KVM-Modul Schnittstelle zu industriellen Maschinen \u00fcber RS232\" \/>\n\t<meta name=\"robots\" content=\"max-image-preview:large\" \/>\n\t<link rel=\"canonical\" href=\"https:\/\/droix.eu\/de\/product\/gpd-pocket-3-kvm-rs-232-modul\/\" \/>\n\t<meta name=\"generator\" content=\"All in One SEO Pro (AIOSEO) 4.9.6.2\" \/>\n\t\t<meta property=\"og:locale\" content=\"de_DE\" \/>\n\t\t<meta property=\"og:site_name\" content=\"DROIX EU - Get the latest Mini PCs, Ultrabook, PC Gaming Handhelds and more!\" \/>\n\t\t<meta property=\"og:type\" content=\"article\" \/>\n\t\t<meta property=\"og:title\" content=\"GPD Pocket 3 KVM- und RS-232-Modul - DROIX EU\" \/>\n\t\t<meta property=\"og:description\" content=\"Offizielles GPD-Zubeh\u00f6r Kombipaket mit zwei Erweiterungsmodulen Verbindung und Steuerung von Servern \u00fcber KVM-Modul Schnittstelle zu industriellen Maschinen \u00fcber RS232\" \/>\n\t\t<meta property=\"og:url\" content=\"https:\/\/droix.eu\/de\/product\/gpd-pocket-3-kvm-rs-232-modul\/\" \/>\n\t\t<meta property=\"og:image\" content=\"https:\/\/droix.eu\/wp-content\/uploads\/2024\/06\/droix-v2-light-logo.png\" \/>\n\t\t<meta property=\"og:image:secure_url\" content=\"https:\/\/droix.eu\/wp-content\/uploads\/2024\/06\/droix-v2-light-logo.png\" \/>\n\t\t<meta property=\"og:image:width\" content=\"380\" \/>\n\t\t<meta property=\"og:image:height\" content=\"118\" \/>\n\t\t<meta property=\"article:published_time\" content=\"2022-01-07T15:00:20+00:00\" \/>\n\t\t<meta property=\"article:modified_time\" content=\"2025-12-15T00:02:25+00:00\" \/>\n\t\t<meta property=\"article:publisher\" content=\"https:\/\/www.facebook.com\/DroiX.Store\" \/>\n\t\t<meta name=\"twitter:card\" content=\"summary_large_image\" \/>\n\t\t<meta name=\"twitter:site\" content=\"@DroiX_Store\" \/>\n\t\t<meta name=\"twitter:title\" content=\"GPD Pocket 3 KVM- und RS-232-Modul - DROIX EU\" \/>\n\t\t<meta name=\"twitter:description\" content=\"Offizielles GPD-Zubeh\u00f6r Kombipaket mit zwei Erweiterungsmodulen Verbindung und Steuerung von Servern \u00fcber KVM-Modul Schnittstelle zu industriellen Maschinen \u00fcber RS232\" \/>\n\t\t<meta name=\"twitter:image\" content=\"https:\/\/droix.eu\/wp-content\/uploads\/2024\/06\/droix-v2-light-logo.png\" \/>\n\t\t<script type=\"application\/ld+json\" class=\"aioseo-schema\">\n\t\t\t{\"@context\":\"https:\\\/\\\/schema.org\",\"@graph\":[{\"@type\":\"BreadcrumbList\",\"@id\":\"https:\\\/\\\/droix.eu\\\/de\\\/product\\\/gpd-pocket-3-kvm-rs-232-modul\\\/#breadcrumblist\",\"itemListElement\":[{\"@type\":\"ListItem\",\"@id\":\"https:\\\/\\\/droix.eu\\\/de\\\/#listItem\",\"position\":1,\"name\":\"Home\",\"item\":\"https:\\\/\\\/droix.eu\\\/de\\\/\",\"nextItem\":{\"@type\":\"ListItem\",\"@id\":\"https:\\\/\\\/droix.eu\\\/de\\\/product-category\\\/zubehor\\\/#listItem\",\"name\":\"Zubeh\\u00f6r\"}},{\"@type\":\"ListItem\",\"@id\":\"https:\\\/\\\/droix.eu\\\/de\\\/product-category\\\/zubehor\\\/#listItem\",\"position\":2,\"name\":\"Zubeh\\u00f6r\",\"item\":\"https:\\\/\\\/droix.eu\\\/de\\\/product-category\\\/zubehor\\\/\",\"nextItem\":{\"@type\":\"ListItem\",\"@id\":\"https:\\\/\\\/droix.eu\\\/de\\\/product-category\\\/zubehor\\\/laptop-zubehor\\\/#listItem\",\"name\":\"Laptop-Zubeh\\u00f6r\"},\"previousItem\":{\"@type\":\"ListItem\",\"@id\":\"https:\\\/\\\/droix.eu\\\/de\\\/#listItem\",\"name\":\"Home\"}},{\"@type\":\"ListItem\",\"@id\":\"https:\\\/\\\/droix.eu\\\/de\\\/product-category\\\/zubehor\\\/laptop-zubehor\\\/#listItem\",\"position\":3,\"name\":\"Laptop-Zubeh\\u00f6r\",\"item\":\"https:\\\/\\\/droix.eu\\\/de\\\/product-category\\\/zubehor\\\/laptop-zubehor\\\/\",\"nextItem\":{\"@type\":\"ListItem\",\"@id\":\"https:\\\/\\\/droix.eu\\\/de\\\/product\\\/gpd-pocket-3-kvm-rs-232-modul\\\/#listItem\",\"name\":\"GPD Pocket 3 KVM- und RS-232-Modul\"},\"previousItem\":{\"@type\":\"ListItem\",\"@id\":\"https:\\\/\\\/droix.eu\\\/de\\\/product-category\\\/zubehor\\\/#listItem\",\"name\":\"Zubeh\\u00f6r\"}},{\"@type\":\"ListItem\",\"@id\":\"https:\\\/\\\/droix.eu\\\/de\\\/product\\\/gpd-pocket-3-kvm-rs-232-modul\\\/#listItem\",\"position\":4,\"name\":\"GPD Pocket 3 KVM- und RS-232-Modul\",\"previousItem\":{\"@type\":\"ListItem\",\"@id\":\"https:\\\/\\\/droix.eu\\\/de\\\/product-category\\\/zubehor\\\/laptop-zubehor\\\/#listItem\",\"name\":\"Laptop-Zubeh\\u00f6r\"}}]},{\"@type\":\"Organization\",\"@id\":\"https:\\\/\\\/droix.eu\\\/de\\\/#organization\",\"name\":\"DroiX \\u2013 Trusted EU Tech Retailer with 12+ Years Experience\",\"description\":\"DroiX is a leading European technology retailer with over 12 years of experience, offering quality mini PCs, handheld gaming consoles, and tech accessories. We provide hassle-free EU delivery with all taxes included, ensuring a smooth and reliable shopping experience for our customers across Europe.\",\"url\":\"https:\\\/\\\/droix.eu\\\/de\\\/\",\"logo\":{\"@type\":\"ImageObject\",\"url\":\"https:\\\/\\\/droix.eu\\\/wp-content\\\/uploads\\\/2024\\\/06\\\/droix-v2-light-logo.png\",\"@id\":\"https:\\\/\\\/droix.eu\\\/de\\\/product\\\/gpd-pocket-3-kvm-rs-232-modul\\\/#organizationLogo\",\"width\":380,\"height\":118},\"image\":{\"@id\":\"https:\\\/\\\/droix.eu\\\/de\\\/product\\\/gpd-pocket-3-kvm-rs-232-modul\\\/#organizationLogo\"},\"sameAs\":[\"https:\\\/\\\/www.facebook.com\\\/DroiX.Store\",\"https:\\\/\\\/twitter.com\\\/DroiX_Store\",\"https:\\\/\\\/www.instagram.com\\\/droix.store\\\/\",\"https:\\\/\\\/www.tiktok.com\\\/@droix.store\",\"https:\\\/\\\/www.youtube.com\\\/c\\\/DroiX_Store\",\"https:\\\/\\\/uk.linkedin.com\\\/company\\\/droix\"]},{\"@type\":\"Product\",\"@id\":\"https:\\\/\\\/droix.eu\\\/de\\\/product\\\/gpd-pocket-3-kvm-rs-232-modul\\\/#wooCommerceProduct\",\"name\":\"GPD Pocket 3 KVM- und RS-232-Modul\",\"description\":\"Offizielles GPD-Zubeh\\u00f6r\\n \\tKombipaket mit zwei Erweiterungsmodulen\\n \\tVerbindung und Steuerung von Servern \\u00fcber KVM-Modul\\n \\tSchnittstelle zu industriellen Maschinen \\u00fcber RS232\",\"url\":\"https:\\\/\\\/droix.eu\\\/de\\\/product\\\/gpd-pocket-3-kvm-rs-232-modul\\\/\",\"sku\":\"GPD-POCKET-3-EXPANSION-MODULE-KVM-RS\",\"gtin\":\"5060763672192\",\"image\":{\"@type\":\"ImageObject\",\"url\":\"https:\\\/\\\/droix.eu\\\/wp-content\\\/uploads\\\/2022\\\/01\\\/GPD-POCKET-3-KVM-RS232-MODULE-LISTING-IMAGE-1.png\",\"@id\":\"https:\\\/\\\/droix.eu\\\/de\\\/product\\\/gpd-pocket-3-kvm-rs-232-modul\\\/#productImage\",\"width\":1000,\"height\":1000,\"caption\":\"GPD Pocket 3 KVM- und RS232-Erweiterungsmodul\"},\"offers\":{\"@type\":\"Offer\",\"url\":\"https:\\\/\\\/droix.eu\\\/de\\\/product\\\/gpd-pocket-3-kvm-rs-232-modul\\\/#wooCommerceOffer\",\"price\":104.49,\"priceCurrency\":\"EUR\",\"category\":\"Laptop-Zubeh\\u00f6r\",\"availability\":\"https:\\\/\\\/schema.org\\\/InStock\",\"priceSpecification\":{\"@type\":\"PriceSpecification\",\"price\":104.49,\"priceCurrency\":\"EUR\",\"valueAddedTaxIncluded\":\"true\"},\"seller\":{\"@type\":\"Organization\",\"@id\":\"https:\\\/\\\/droix.eu\\\/de\\\/#organization\"}}},{\"@type\":\"WebPage\",\"@id\":\"https:\\\/\\\/droix.eu\\\/de\\\/product\\\/gpd-pocket-3-kvm-rs-232-modul\\\/#webpage\",\"url\":\"https:\\\/\\\/droix.eu\\\/de\\\/product\\\/gpd-pocket-3-kvm-rs-232-modul\\\/\",\"name\":\"GPD Pocket 3 KVM- und RS-232-Modul - DROIX EU\",\"description\":\"Offizielles GPD-Zubeh\\u00f6r Kombipaket mit zwei Erweiterungsmodulen Verbindung und Steuerung von Servern \\u00fcber KVM-Modul Schnittstelle zu industriellen Maschinen \\u00fcber RS232\",\"inLanguage\":\"de-DE\",\"isPartOf\":{\"@id\":\"https:\\\/\\\/droix.eu\\\/de\\\/#website\"},\"breadcrumb\":{\"@id\":\"https:\\\/\\\/droix.eu\\\/de\\\/product\\\/gpd-pocket-3-kvm-rs-232-modul\\\/#breadcrumblist\"},\"image\":{\"@type\":\"ImageObject\",\"url\":\"https:\\\/\\\/droix.eu\\\/wp-content\\\/uploads\\\/2022\\\/01\\\/GPD-POCKET-3-KVM-RS232-MODULE-LISTING-IMAGE-1.png\",\"@id\":\"https:\\\/\\\/droix.eu\\\/de\\\/product\\\/gpd-pocket-3-kvm-rs-232-modul\\\/#mainImage\",\"width\":1000,\"height\":1000,\"caption\":\"GPD Pocket 3 KVM- und RS232-Erweiterungsmodul\"},\"primaryImageOfPage\":{\"@id\":\"https:\\\/\\\/droix.eu\\\/de\\\/product\\\/gpd-pocket-3-kvm-rs-232-modul\\\/#mainImage\"},\"datePublished\":\"2022-01-07T15:00:20+00:00\",\"dateModified\":\"2025-12-15T00:02:25+00:00\"},{\"@type\":\"WebSite\",\"@id\":\"https:\\\/\\\/droix.eu\\\/de\\\/#website\",\"url\":\"https:\\\/\\\/droix.eu\\\/de\\\/\",\"name\":\"DROIX EU\",\"description\":\"Get the latest Mini PCs, Ultrabook, PC Gaming Handhelds and more!\",\"inLanguage\":\"de-DE\",\"publisher\":{\"@id\":\"https:\\\/\\\/droix.eu\\\/de\\\/#organization\"}}]}\n\t\t<\/script>\n\t\t<!-- All in One SEO Pro -->\r\n\t\t<title>GPD Pocket 3 KVM- und RS-232-Modul - DROIX EU<\/title>\n\n","aioseo_head_json":{"title":"GPD Pocket 3 KVM- und RS-232-Modul - DROIX EU","description":"Offizielles GPD-Zubeh\u00f6r Kombipaket mit zwei Erweiterungsmodulen Verbindung und Steuerung von Servern \u00fcber KVM-Modul Schnittstelle zu industriellen Maschinen \u00fcber RS232","canonical_url":"https:\/\/droix.eu\/de\/product\/gpd-pocket-3-kvm-rs-232-modul\/","robots":"max-image-preview:large","keywords":"","webmasterTools":{"miscellaneous":""},"schema":{"@context":"https:\/\/schema.org","@graph":[{"@type":"BreadcrumbList","@id":"https:\/\/droix.eu\/de\/product\/gpd-pocket-3-kvm-rs-232-modul\/#breadcrumblist","itemListElement":[{"@type":"ListItem","@id":"https:\/\/droix.eu\/de\/#listItem","position":1,"name":"Home","item":"https:\/\/droix.eu\/de\/","nextItem":{"@type":"ListItem","@id":"https:\/\/droix.eu\/de\/product-category\/zubehor\/#listItem","name":"Zubeh\u00f6r"}},{"@type":"ListItem","@id":"https:\/\/droix.eu\/de\/product-category\/zubehor\/#listItem","position":2,"name":"Zubeh\u00f6r","item":"https:\/\/droix.eu\/de\/product-category\/zubehor\/","nextItem":{"@type":"ListItem","@id":"https:\/\/droix.eu\/de\/product-category\/zubehor\/laptop-zubehor\/#listItem","name":"Laptop-Zubeh\u00f6r"},"previousItem":{"@type":"ListItem","@id":"https:\/\/droix.eu\/de\/#listItem","name":"Home"}},{"@type":"ListItem","@id":"https:\/\/droix.eu\/de\/product-category\/zubehor\/laptop-zubehor\/#listItem","position":3,"name":"Laptop-Zubeh\u00f6r","item":"https:\/\/droix.eu\/de\/product-category\/zubehor\/laptop-zubehor\/","nextItem":{"@type":"ListItem","@id":"https:\/\/droix.eu\/de\/product\/gpd-pocket-3-kvm-rs-232-modul\/#listItem","name":"GPD Pocket 3 KVM- und RS-232-Modul"},"previousItem":{"@type":"ListItem","@id":"https:\/\/droix.eu\/de\/product-category\/zubehor\/#listItem","name":"Zubeh\u00f6r"}},{"@type":"ListItem","@id":"https:\/\/droix.eu\/de\/product\/gpd-pocket-3-kvm-rs-232-modul\/#listItem","position":4,"name":"GPD Pocket 3 KVM- und RS-232-Modul","previousItem":{"@type":"ListItem","@id":"https:\/\/droix.eu\/de\/product-category\/zubehor\/laptop-zubehor\/#listItem","name":"Laptop-Zubeh\u00f6r"}}]},{"@type":"Organization","@id":"https:\/\/droix.eu\/de\/#organization","name":"DroiX \u2013 Trusted EU Tech Retailer with 12+ Years Experience","description":"DroiX is a leading European technology retailer with over 12 years of experience, offering quality mini PCs, handheld gaming consoles, and tech accessories. We provide hassle-free EU delivery with all taxes included, ensuring a smooth and reliable shopping experience for our customers across Europe.","url":"https:\/\/droix.eu\/de\/","logo":{"@type":"ImageObject","url":"https:\/\/droix.eu\/wp-content\/uploads\/2024\/06\/droix-v2-light-logo.png","@id":"https:\/\/droix.eu\/de\/product\/gpd-pocket-3-kvm-rs-232-modul\/#organizationLogo","width":380,"height":118},"image":{"@id":"https:\/\/droix.eu\/de\/product\/gpd-pocket-3-kvm-rs-232-modul\/#organizationLogo"},"sameAs":["https:\/\/www.facebook.com\/DroiX.Store","https:\/\/twitter.com\/DroiX_Store","https:\/\/www.instagram.com\/droix.store\/","https:\/\/www.tiktok.com\/@droix.store","https:\/\/www.youtube.com\/c\/DroiX_Store","https:\/\/uk.linkedin.com\/company\/droix"]},{"@type":"Product","@id":"https:\/\/droix.eu\/de\/product\/gpd-pocket-3-kvm-rs-232-modul\/#wooCommerceProduct","name":"GPD Pocket 3 KVM- und RS-232-Modul","description":"Offizielles GPD-Zubeh\u00f6r\n \tKombipaket mit zwei Erweiterungsmodulen\n \tVerbindung und Steuerung von Servern \u00fcber KVM-Modul\n \tSchnittstelle zu industriellen Maschinen \u00fcber RS232","url":"https:\/\/droix.eu\/de\/product\/gpd-pocket-3-kvm-rs-232-modul\/","sku":"GPD-POCKET-3-EXPANSION-MODULE-KVM-RS","gtin":"5060763672192","image":{"@type":"ImageObject","url":"https:\/\/droix.eu\/wp-content\/uploads\/2022\/01\/GPD-POCKET-3-KVM-RS232-MODULE-LISTING-IMAGE-1.png","@id":"https:\/\/droix.eu\/de\/product\/gpd-pocket-3-kvm-rs-232-modul\/#productImage","width":1000,"height":1000,"caption":"GPD Pocket 3 KVM- und RS232-Erweiterungsmodul"},"offers":{"@type":"Offer","url":"https:\/\/droix.eu\/de\/product\/gpd-pocket-3-kvm-rs-232-modul\/#wooCommerceOffer","price":104.49,"priceCurrency":"EUR","category":"Laptop-Zubeh\u00f6r","availability":"https:\/\/schema.org\/InStock","priceSpecification":{"@type":"PriceSpecification","price":104.49,"priceCurrency":"EUR","valueAddedTaxIncluded":"true"},"seller":{"@type":"Organization","@id":"https:\/\/droix.eu\/de\/#organization"}}},{"@type":"WebPage","@id":"https:\/\/droix.eu\/de\/product\/gpd-pocket-3-kvm-rs-232-modul\/#webpage","url":"https:\/\/droix.eu\/de\/product\/gpd-pocket-3-kvm-rs-232-modul\/","name":"GPD Pocket 3 KVM- und RS-232-Modul - DROIX EU","description":"Offizielles GPD-Zubeh\u00f6r Kombipaket mit zwei Erweiterungsmodulen Verbindung und Steuerung von Servern \u00fcber KVM-Modul Schnittstelle zu industriellen Maschinen \u00fcber RS232","inLanguage":"de-DE","isPartOf":{"@id":"https:\/\/droix.eu\/de\/#website"},"breadcrumb":{"@id":"https:\/\/droix.eu\/de\/product\/gpd-pocket-3-kvm-rs-232-modul\/#breadcrumblist"},"image":{"@type":"ImageObject","url":"https:\/\/droix.eu\/wp-content\/uploads\/2022\/01\/GPD-POCKET-3-KVM-RS232-MODULE-LISTING-IMAGE-1.png","@id":"https:\/\/droix.eu\/de\/product\/gpd-pocket-3-kvm-rs-232-modul\/#mainImage","width":1000,"height":1000,"caption":"GPD Pocket 3 KVM- und RS232-Erweiterungsmodul"},"primaryImageOfPage":{"@id":"https:\/\/droix.eu\/de\/product\/gpd-pocket-3-kvm-rs-232-modul\/#mainImage"},"datePublished":"2022-01-07T15:00:20+00:00","dateModified":"2025-12-15T00:02:25+00:00"},{"@type":"WebSite","@id":"https:\/\/droix.eu\/de\/#website","url":"https:\/\/droix.eu\/de\/","name":"DROIX EU","description":"Get the latest Mini PCs, Ultrabook, PC Gaming Handhelds and more!","inLanguage":"de-DE","publisher":{"@id":"https:\/\/droix.eu\/de\/#organization"}}]},"og:locale":"de_DE","og:site_name":"DROIX EU - Get the latest Mini PCs, Ultrabook, PC Gaming Handhelds and more!","og:type":"article","og:title":"GPD Pocket 3 KVM- und RS-232-Modul - DROIX EU","og:description":"Offizielles GPD-Zubeh\u00f6r Kombipaket mit zwei Erweiterungsmodulen Verbindung und Steuerung von Servern \u00fcber KVM-Modul Schnittstelle zu industriellen Maschinen \u00fcber RS232","og:url":"https:\/\/droix.eu\/de\/product\/gpd-pocket-3-kvm-rs-232-modul\/","og:image":"https:\/\/droix.eu\/wp-content\/uploads\/2024\/06\/droix-v2-light-logo.png","og:image:secure_url":"https:\/\/droix.eu\/wp-content\/uploads\/2024\/06\/droix-v2-light-logo.png","og:image:width":380,"og:image:height":118,"article:published_time":"2022-01-07T15:00:20+00:00","article:modified_time":"2025-12-15T00:02:25+00:00","article:publisher":"https:\/\/www.facebook.com\/DroiX.Store","twitter:card":"summary_large_image","twitter:site":"@DroiX_Store","twitter:title":"GPD Pocket 3 KVM- und RS-232-Modul - DROIX EU","twitter:description":"Offizielles GPD-Zubeh\u00f6r Kombipaket mit zwei Erweiterungsmodulen Verbindung und Steuerung von Servern \u00fcber KVM-Modul Schnittstelle zu industriellen Maschinen \u00fcber RS232","twitter:image":"https:\/\/droix.eu\/wp-content\/uploads\/2024\/06\/droix-v2-light-logo.png"},"aioseo_meta_data":{"post_id":"522840","title":null,"description":null,"keywords":null,"keyphrases":{"focus":{"keyphrase":"","score":0,"analysis":{"keyphraseInTitle":{"score":0,"maxScore":9,"error":1}}},"additional":[]},"primary_term":null,"canonical_url":null,"og_title":null,"og_description":null,"og_object_type":"default","og_image_type":"default","og_image_url":null,"og_image_width":null,"og_image_height":null,"og_image_custom_url":null,"og_image_custom_fields":null,"og_video":"","og_custom_url":null,"og_article_section":null,"og_article_tags":null,"twitter_use_og":true,"twitter_card":"default","twitter_image_type":"default","twitter_image_url":null,"twitter_image_custom_url":null,"twitter_image_custom_fields":null,"twitter_title":null,"twitter_description":null,"schema":{"blockGraphs":[],"customGraphs":[],"default":{"data":{"Article":[],"Course":[],"Dataset":[],"FAQPage":[],"Movie":[],"Person":[],"Product":[],"ProductReview":[],"Car":[],"Recipe":[],"Service":[],"SoftwareApplication":[],"WebPage":[]},"graphName":"Product","isEnabled":true},"graphs":[]},"schema_type":"default","schema_type_options":null,"pillar_content":false,"robots_default":true,"robots_noindex":false,"robots_noarchive":false,"robots_nosnippet":false,"robots_nofollow":false,"robots_noimageindex":false,"robots_noodp":false,"robots_notranslate":false,"robots_max_snippet":"-1","robots_max_videopreview":"-1","robots_max_imagepreview":"large","priority":null,"frequency":"default","local_seo":null,"seo_analyzer_scan_date":"2025-10-24 08:36:44","breadcrumb_settings":null,"limit_modified_date":false,"reviewed_by":null,"open_ai":null,"ai":{"faqs":[],"keyPoints":[],"titles":[],"descriptions":[],"socialPosts":{"email":[],"linkedin":[],"twitter":[],"facebook":[],"instagram":[]}},"created":"2025-10-09 03:38:45","updated":"2026-01-24 12:01:52"},"aioseo_breadcrumb":"<div class=\"aioseo-breadcrumbs\"><span class=\"aioseo-breadcrumb\">\n\t<a href=\"https:\/\/droix.eu\/de\/\" title=\"Home\">Home<\/a>\n<\/span><span class=\"aioseo-breadcrumb-separator\">&raquo;<\/span><span class=\"aioseo-breadcrumb\">\n\t<a href=\"https:\/\/droix.eu\/de\/product-category\/zubehor\/\" title=\"Zubeh\u00f6r\">Zubeh\u00f6r<\/a>\n<\/span><span class=\"aioseo-breadcrumb-separator\">&raquo;<\/span><span class=\"aioseo-breadcrumb\">\n\t<a href=\"https:\/\/droix.eu\/de\/product-category\/zubehor\/laptop-zubehor\/\" title=\"Laptop-Zubeh\u00f6r\">Laptop-Zubeh\u00f6r<\/a>\n<\/span><span class=\"aioseo-breadcrumb-separator\">&raquo;<\/span><span class=\"aioseo-breadcrumb\">\n\tGPD Pocket 3 KVM- und RS-232-Modul\n<\/span><\/div>","aioseo_breadcrumb_json":[{"label":"Home","link":"https:\/\/droix.eu\/de\/"},{"label":"Zubeh\u00f6r","link":"https:\/\/droix.eu\/de\/product-category\/zubehor\/"},{"label":"Laptop-Zubeh\u00f6r","link":"https:\/\/droix.eu\/de\/product-category\/zubehor\/laptop-zubehor\/"},{"label":"GPD Pocket 3 KVM- und RS-232-Modul","link":"https:\/\/droix.eu\/de\/product\/gpd-pocket-3-kvm-rs-232-modul\/"}],"_links":{"self":[{"href":"https:\/\/droix.eu\/de\/wp-json\/wp\/v2\/product\/522840","targetHints":{"allow":["GET"]}}],"collection":[{"href":"https:\/\/droix.eu\/de\/wp-json\/wp\/v2\/product"}],"about":[{"href":"https:\/\/droix.eu\/de\/wp-json\/wp\/v2\/types\/product"}],"version-history":[{"count":0,"href":"https:\/\/droix.eu\/de\/wp-json\/wp\/v2\/product\/522840\/revisions"}],"wp:featuredmedia":[{"embeddable":true,"href":"https:\/\/droix.eu\/de\/wp-json\/wp\/v2\/media\/293623"}],"wp:attachment":[{"href":"https:\/\/droix.eu\/de\/wp-json\/wp\/v2\/media?parent=522840"}],"wp:term":[{"taxonomy":"product_brand","embeddable":true,"href":"https:\/\/droix.eu\/de\/wp-json\/wp\/v2\/product_brand?post=522840"},{"taxonomy":"product_cat","embeddable":true,"href":"https:\/\/droix.eu\/de\/wp-json\/wp\/v2\/product_cat?post=522840"},{"taxonomy":"product_tag","embeddable":true,"href":"https:\/\/droix.eu\/de\/wp-json\/wp\/v2\/product_tag?post=522840"},{"taxonomy":"woo-feed-brand","embeddable":true,"href":"https:\/\/droix.eu\/de\/wp-json\/wp\/v2\/woo-feed-brand?post=522840"},{"taxonomy":"key-features","embeddable":true,"href":"https:\/\/droix.eu\/de\/wp-json\/wp\/v2\/key-features?post=522840"}],"curies":[{"name":"wp","href":"https:\/\/api.w.org\/{rel}","templated":true}]}}