{"id":520820,"date":"2022-11-11T11:44:32","date_gmt":"2022-11-11T11:44:32","guid":{"rendered":"https:\/\/droix.eu\/product\/analog-stick-kappen-mit-tiermotiven\/"},"modified":"2026-04-08T10:44:15","modified_gmt":"2026-04-08T09:44:15","slug":"analog-stick-kappen-mit-tiermotiven","status":"publish","type":"product","link":"https:\/\/droix.eu\/de\/product\/analog-stick-kappen-mit-tiermotiven\/","title":{"rendered":"Analog-Stick-Kappen mit Tiermotiven"},"content":{"rendered":"&#13;\n<p>Niedliche Analog-Stick-Kappen mit Tiermotiven verleihen Ihrer Handheld-Konsole eine fr\u00f6hliche und lebendige Note und machen sie noch auff\u00e4lliger. Gefertigt aus weichem Silikonmaterial, das die Analogsticks vor Kratzern und Schmutz sch\u00fctzt und sich \u00e4u\u00dferst angenehm anf\u00fchlt!<\/p>&#13;\n&#13;\n<h5 class=\"wp-block-heading\">\u00a0<\/h5>&#13;\n&#13;\n<h5 class=\"wp-block-heading\">NICHT kompatibel mit PS4, Switch Pro oder Xbox One Controller.<\/h5>&#13;\n","protected":false},"excerpt":{"rendered":"<ul>\n<li>Hergestellt aus weichem Silikonmaterial<\/li>\n<li>Sch\u00fctzen den Analogstick<\/li>\n<li>\u00c4u\u00dferst angenehm zu ber\u00fchren<\/li>\n<li>Formbest\u00e4ndig<\/li>\n<li>Ungiftig &amp; farbbest\u00e4ndig<\/li>\n<\/ul>\n[droix_global_accordions]\n","protected":false},"featured_media":702970,"template":"","meta":{"_acf_changed":false},"product_brand":[],"product_cat":[10616,10572],"product_tag":[],"woo-feed-brand":[],"key-features":[],"class_list":{"0":"post-520820","1":"product","2":"type-product","3":"status-publish","4":"has-post-thumbnail","6":"product_cat-gaming-zubehor","7":"product_cat-zubehor","8":"product_shipping_class-low-end","9":"pa_compatibility-ayaneo-2-de","10":"pa_compatibility-ayaneo-2021-de","11":"pa_compatibility-ayaneo-air-de","12":"pa_compatibility-ayaneo-geek-de","14":"first","15":"instock","16":"sale","17":"taxable","18":"shipping-taxable","19":"purchasable","20":"product-type-simple"},"acf":[],"aioseo_notices":[],"aioseo_head":"\n\t\t<!-- All in One SEO Pro 4.9.6.2 - aioseo.com -->\n\t<meta name=\"description\" content=\"Hergestellt aus weichem Silikonmaterial Sch\u00fctzen den Analogstick \u00c4u\u00dferst angenehm zu ber\u00fchren Formbest\u00e4ndig Ungiftig &amp; farbbest\u00e4ndig\" \/>\n\t<meta name=\"robots\" content=\"max-image-preview:large\" \/>\n\t<link rel=\"canonical\" href=\"https:\/\/droix.eu\/de\/product\/analog-stick-kappen-mit-tiermotiven\/\" \/>\n\t<meta name=\"generator\" content=\"All in One SEO Pro (AIOSEO) 4.9.6.2\" \/>\n\t\t<meta property=\"og:locale\" content=\"de_DE\" \/>\n\t\t<meta property=\"og:site_name\" content=\"DROIX EU - Get the latest Mini PCs, Ultrabook, PC Gaming Handhelds and more!\" \/>\n\t\t<meta property=\"og:type\" content=\"article\" \/>\n\t\t<meta property=\"og:title\" content=\"Analog-Stick-Kappen mit Tiermotiven - DROIX EU\" \/>\n\t\t<meta property=\"og:description\" content=\"Hergestellt aus weichem Silikonmaterial Sch\u00fctzen den Analogstick \u00c4u\u00dferst angenehm zu ber\u00fchren Formbest\u00e4ndig Ungiftig &amp; farbbest\u00e4ndig\" \/>\n\t\t<meta property=\"og:url\" content=\"https:\/\/droix.eu\/de\/product\/analog-stick-kappen-mit-tiermotiven\/\" \/>\n\t\t<meta property=\"og:image\" content=\"https:\/\/droix.eu\/wp-content\/uploads\/2024\/06\/droix-v2-light-logo.png\" \/>\n\t\t<meta property=\"og:image:secure_url\" content=\"https:\/\/droix.eu\/wp-content\/uploads\/2024\/06\/droix-v2-light-logo.png\" \/>\n\t\t<meta property=\"og:image:width\" content=\"380\" \/>\n\t\t<meta property=\"og:image:height\" content=\"118\" \/>\n\t\t<meta property=\"article:published_time\" content=\"2022-11-11T11:44:32+00:00\" \/>\n\t\t<meta property=\"article:modified_time\" content=\"2026-04-08T09:44:15+00:00\" \/>\n\t\t<meta property=\"article:publisher\" content=\"https:\/\/www.facebook.com\/DroiX.Store\" \/>\n\t\t<meta name=\"twitter:card\" content=\"summary_large_image\" \/>\n\t\t<meta name=\"twitter:site\" content=\"@DroiX_Store\" \/>\n\t\t<meta name=\"twitter:title\" content=\"Analog-Stick-Kappen mit Tiermotiven - DROIX EU\" \/>\n\t\t<meta name=\"twitter:description\" content=\"Hergestellt aus weichem Silikonmaterial Sch\u00fctzen den Analogstick \u00c4u\u00dferst angenehm zu ber\u00fchren Formbest\u00e4ndig Ungiftig &amp; farbbest\u00e4ndig\" \/>\n\t\t<meta name=\"twitter:image\" content=\"https:\/\/droix.eu\/wp-content\/uploads\/2024\/06\/droix-v2-light-logo.png\" \/>\n\t\t<script type=\"application\/ld+json\" class=\"aioseo-schema\">\n\t\t\t{\"@context\":\"https:\\\/\\\/schema.org\",\"@graph\":[{\"@type\":\"BreadcrumbList\",\"@id\":\"https:\\\/\\\/droix.eu\\\/de\\\/product\\\/analog-stick-kappen-mit-tiermotiven\\\/#breadcrumblist\",\"itemListElement\":[{\"@type\":\"ListItem\",\"@id\":\"https:\\\/\\\/droix.eu\\\/de\\\/#listItem\",\"position\":1,\"name\":\"Home\",\"item\":\"https:\\\/\\\/droix.eu\\\/de\\\/\",\"nextItem\":{\"@type\":\"ListItem\",\"@id\":\"https:\\\/\\\/droix.eu\\\/de\\\/product-category\\\/zubehor\\\/#listItem\",\"name\":\"Zubeh\\u00f6r\"}},{\"@type\":\"ListItem\",\"@id\":\"https:\\\/\\\/droix.eu\\\/de\\\/product-category\\\/zubehor\\\/#listItem\",\"position\":2,\"name\":\"Zubeh\\u00f6r\",\"item\":\"https:\\\/\\\/droix.eu\\\/de\\\/product-category\\\/zubehor\\\/\",\"nextItem\":{\"@type\":\"ListItem\",\"@id\":\"https:\\\/\\\/droix.eu\\\/de\\\/product-category\\\/zubehor\\\/gaming-zubehor\\\/#listItem\",\"name\":\"Gaming-Zubeh\\u00f6r\"},\"previousItem\":{\"@type\":\"ListItem\",\"@id\":\"https:\\\/\\\/droix.eu\\\/de\\\/#listItem\",\"name\":\"Home\"}},{\"@type\":\"ListItem\",\"@id\":\"https:\\\/\\\/droix.eu\\\/de\\\/product-category\\\/zubehor\\\/gaming-zubehor\\\/#listItem\",\"position\":3,\"name\":\"Gaming-Zubeh\\u00f6r\",\"item\":\"https:\\\/\\\/droix.eu\\\/de\\\/product-category\\\/zubehor\\\/gaming-zubehor\\\/\",\"nextItem\":{\"@type\":\"ListItem\",\"@id\":\"https:\\\/\\\/droix.eu\\\/de\\\/product\\\/analog-stick-kappen-mit-tiermotiven\\\/#listItem\",\"name\":\"Analog-Stick-Kappen mit Tiermotiven\"},\"previousItem\":{\"@type\":\"ListItem\",\"@id\":\"https:\\\/\\\/droix.eu\\\/de\\\/product-category\\\/zubehor\\\/#listItem\",\"name\":\"Zubeh\\u00f6r\"}},{\"@type\":\"ListItem\",\"@id\":\"https:\\\/\\\/droix.eu\\\/de\\\/product\\\/analog-stick-kappen-mit-tiermotiven\\\/#listItem\",\"position\":4,\"name\":\"Analog-Stick-Kappen mit Tiermotiven\",\"previousItem\":{\"@type\":\"ListItem\",\"@id\":\"https:\\\/\\\/droix.eu\\\/de\\\/product-category\\\/zubehor\\\/gaming-zubehor\\\/#listItem\",\"name\":\"Gaming-Zubeh\\u00f6r\"}}]},{\"@type\":\"Organization\",\"@id\":\"https:\\\/\\\/droix.eu\\\/de\\\/#organization\",\"name\":\"DroiX \\u2013 Trusted EU Tech Retailer with 12+ Years Experience\",\"description\":\"DroiX is a leading European technology retailer with over 12 years of experience, offering quality mini PCs, handheld gaming consoles, and tech accessories. We provide hassle-free EU delivery with all taxes included, ensuring a smooth and reliable shopping experience for our customers across Europe.\",\"url\":\"https:\\\/\\\/droix.eu\\\/de\\\/\",\"logo\":{\"@type\":\"ImageObject\",\"url\":\"https:\\\/\\\/droix.eu\\\/wp-content\\\/uploads\\\/2024\\\/06\\\/droix-v2-light-logo.png\",\"@id\":\"https:\\\/\\\/droix.eu\\\/de\\\/product\\\/analog-stick-kappen-mit-tiermotiven\\\/#organizationLogo\",\"width\":380,\"height\":118},\"image\":{\"@id\":\"https:\\\/\\\/droix.eu\\\/de\\\/product\\\/analog-stick-kappen-mit-tiermotiven\\\/#organizationLogo\"},\"sameAs\":[\"https:\\\/\\\/www.facebook.com\\\/DroiX.Store\",\"https:\\\/\\\/twitter.com\\\/DroiX_Store\",\"https:\\\/\\\/www.instagram.com\\\/droix.store\\\/\",\"https:\\\/\\\/www.tiktok.com\\\/@droix.store\",\"https:\\\/\\\/www.youtube.com\\\/c\\\/DroiX_Store\",\"https:\\\/\\\/uk.linkedin.com\\\/company\\\/droix\"]},{\"@type\":\"Product\",\"@id\":\"https:\\\/\\\/droix.eu\\\/de\\\/product\\\/analog-stick-kappen-mit-tiermotiven\\\/#wooCommerceProduct\",\"name\":\"Analog-Stick-Kappen mit Tiermotiven\",\"description\":\"Hergestellt aus weichem Silikonmaterial\\n \\tSch\\u00fctzen den Analogstick\\n \\t\\u00c4u\\u00dferst angenehm zu ber\\u00fchren\\n \\tFormbest\\u00e4ndig\\n \\tUngiftig &amp; farbbest\\u00e4ndig\",\"url\":\"https:\\\/\\\/droix.eu\\\/de\\\/product\\\/analog-stick-kappen-mit-tiermotiven\\\/\",\"sku\":\"ANIMAL-THUMB-STICK-CAPS\",\"gtin\":\"5060763673601\",\"image\":{\"@type\":\"ImageObject\",\"url\":\"https:\\\/\\\/droix.eu\\\/wp-content\\\/uploads\\\/2022\\\/11\\\/ANIMAL-THUMB-STICK-CAPS-IMAGE-1.png\",\"@id\":\"https:\\\/\\\/droix.eu\\\/de\\\/product\\\/analog-stick-kappen-mit-tiermotiven\\\/#productImage\",\"width\":900,\"height\":1200},\"offers\":{\"@type\":\"Offer\",\"url\":\"https:\\\/\\\/droix.eu\\\/de\\\/product\\\/analog-stick-kappen-mit-tiermotiven\\\/#wooCommerceOffer\",\"price\":11.01,\"priceCurrency\":\"EUR\",\"category\":\"Gaming-Zubeh\\u00f6r\",\"availability\":\"https:\\\/\\\/schema.org\\\/InStock\",\"priceSpecification\":{\"@type\":\"PriceSpecification\",\"price\":11.01,\"priceCurrency\":\"EUR\",\"valueAddedTaxIncluded\":\"true\"},\"seller\":{\"@type\":\"Organization\",\"@id\":\"https:\\\/\\\/droix.eu\\\/de\\\/#organization\"}}},{\"@type\":\"WebPage\",\"@id\":\"https:\\\/\\\/droix.eu\\\/de\\\/product\\\/analog-stick-kappen-mit-tiermotiven\\\/#webpage\",\"url\":\"https:\\\/\\\/droix.eu\\\/de\\\/product\\\/analog-stick-kappen-mit-tiermotiven\\\/\",\"name\":\"Analog-Stick-Kappen mit Tiermotiven - DROIX EU\",\"description\":\"Hergestellt aus weichem Silikonmaterial Sch\\u00fctzen den Analogstick \\u00c4u\\u00dferst angenehm zu ber\\u00fchren Formbest\\u00e4ndig Ungiftig & farbbest\\u00e4ndig\",\"inLanguage\":\"de-DE\",\"isPartOf\":{\"@id\":\"https:\\\/\\\/droix.eu\\\/de\\\/#website\"},\"breadcrumb\":{\"@id\":\"https:\\\/\\\/droix.eu\\\/de\\\/product\\\/analog-stick-kappen-mit-tiermotiven\\\/#breadcrumblist\"},\"image\":{\"@type\":\"ImageObject\",\"url\":\"https:\\\/\\\/droix.eu\\\/wp-content\\\/uploads\\\/2022\\\/11\\\/ANIMAL-THUMB-STICK-CAPS-IMAGE-1.png\",\"@id\":\"https:\\\/\\\/droix.eu\\\/de\\\/product\\\/analog-stick-kappen-mit-tiermotiven\\\/#mainImage\",\"width\":900,\"height\":1200},\"primaryImageOfPage\":{\"@id\":\"https:\\\/\\\/droix.eu\\\/de\\\/product\\\/analog-stick-kappen-mit-tiermotiven\\\/#mainImage\"},\"datePublished\":\"2022-11-11T11:44:32+00:00\",\"dateModified\":\"2026-04-08T10:44:15+01:00\"},{\"@type\":\"WebSite\",\"@id\":\"https:\\\/\\\/droix.eu\\\/de\\\/#website\",\"url\":\"https:\\\/\\\/droix.eu\\\/de\\\/\",\"name\":\"DROIX EU\",\"description\":\"Get the latest Mini PCs, Ultrabook, PC Gaming Handhelds and more!\",\"inLanguage\":\"de-DE\",\"publisher\":{\"@id\":\"https:\\\/\\\/droix.eu\\\/de\\\/#organization\"}}]}\n\t\t<\/script>\n\t\t<!-- All in One SEO Pro -->\r\n\t\t<title>Analog-Stick-Kappen mit Tiermotiven - DROIX EU<\/title>\n\n","aioseo_head_json":{"title":"Analog-Stick-Kappen mit Tiermotiven - DROIX EU","description":"Hergestellt aus weichem Silikonmaterial Sch\u00fctzen den Analogstick \u00c4u\u00dferst angenehm zu ber\u00fchren Formbest\u00e4ndig Ungiftig & farbbest\u00e4ndig","canonical_url":"https:\/\/droix.eu\/de\/product\/analog-stick-kappen-mit-tiermotiven\/","robots":"max-image-preview:large","keywords":"","webmasterTools":{"miscellaneous":""},"schema":{"@context":"https:\/\/schema.org","@graph":[{"@type":"BreadcrumbList","@id":"https:\/\/droix.eu\/de\/product\/analog-stick-kappen-mit-tiermotiven\/#breadcrumblist","itemListElement":[{"@type":"ListItem","@id":"https:\/\/droix.eu\/de\/#listItem","position":1,"name":"Home","item":"https:\/\/droix.eu\/de\/","nextItem":{"@type":"ListItem","@id":"https:\/\/droix.eu\/de\/product-category\/zubehor\/#listItem","name":"Zubeh\u00f6r"}},{"@type":"ListItem","@id":"https:\/\/droix.eu\/de\/product-category\/zubehor\/#listItem","position":2,"name":"Zubeh\u00f6r","item":"https:\/\/droix.eu\/de\/product-category\/zubehor\/","nextItem":{"@type":"ListItem","@id":"https:\/\/droix.eu\/de\/product-category\/zubehor\/gaming-zubehor\/#listItem","name":"Gaming-Zubeh\u00f6r"},"previousItem":{"@type":"ListItem","@id":"https:\/\/droix.eu\/de\/#listItem","name":"Home"}},{"@type":"ListItem","@id":"https:\/\/droix.eu\/de\/product-category\/zubehor\/gaming-zubehor\/#listItem","position":3,"name":"Gaming-Zubeh\u00f6r","item":"https:\/\/droix.eu\/de\/product-category\/zubehor\/gaming-zubehor\/","nextItem":{"@type":"ListItem","@id":"https:\/\/droix.eu\/de\/product\/analog-stick-kappen-mit-tiermotiven\/#listItem","name":"Analog-Stick-Kappen mit Tiermotiven"},"previousItem":{"@type":"ListItem","@id":"https:\/\/droix.eu\/de\/product-category\/zubehor\/#listItem","name":"Zubeh\u00f6r"}},{"@type":"ListItem","@id":"https:\/\/droix.eu\/de\/product\/analog-stick-kappen-mit-tiermotiven\/#listItem","position":4,"name":"Analog-Stick-Kappen mit Tiermotiven","previousItem":{"@type":"ListItem","@id":"https:\/\/droix.eu\/de\/product-category\/zubehor\/gaming-zubehor\/#listItem","name":"Gaming-Zubeh\u00f6r"}}]},{"@type":"Organization","@id":"https:\/\/droix.eu\/de\/#organization","name":"DroiX \u2013 Trusted EU Tech Retailer with 12+ Years Experience","description":"DroiX is a leading European technology retailer with over 12 years of experience, offering quality mini PCs, handheld gaming consoles, and tech accessories. We provide hassle-free EU delivery with all taxes included, ensuring a smooth and reliable shopping experience for our customers across Europe.","url":"https:\/\/droix.eu\/de\/","logo":{"@type":"ImageObject","url":"https:\/\/droix.eu\/wp-content\/uploads\/2024\/06\/droix-v2-light-logo.png","@id":"https:\/\/droix.eu\/de\/product\/analog-stick-kappen-mit-tiermotiven\/#organizationLogo","width":380,"height":118},"image":{"@id":"https:\/\/droix.eu\/de\/product\/analog-stick-kappen-mit-tiermotiven\/#organizationLogo"},"sameAs":["https:\/\/www.facebook.com\/DroiX.Store","https:\/\/twitter.com\/DroiX_Store","https:\/\/www.instagram.com\/droix.store\/","https:\/\/www.tiktok.com\/@droix.store","https:\/\/www.youtube.com\/c\/DroiX_Store","https:\/\/uk.linkedin.com\/company\/droix"]},{"@type":"Product","@id":"https:\/\/droix.eu\/de\/product\/analog-stick-kappen-mit-tiermotiven\/#wooCommerceProduct","name":"Analog-Stick-Kappen mit Tiermotiven","description":"Hergestellt aus weichem Silikonmaterial\n \tSch\u00fctzen den Analogstick\n \t\u00c4u\u00dferst angenehm zu ber\u00fchren\n \tFormbest\u00e4ndig\n \tUngiftig &amp; farbbest\u00e4ndig","url":"https:\/\/droix.eu\/de\/product\/analog-stick-kappen-mit-tiermotiven\/","sku":"ANIMAL-THUMB-STICK-CAPS","gtin":"5060763673601","image":{"@type":"ImageObject","url":"https:\/\/droix.eu\/wp-content\/uploads\/2022\/11\/ANIMAL-THUMB-STICK-CAPS-IMAGE-1.png","@id":"https:\/\/droix.eu\/de\/product\/analog-stick-kappen-mit-tiermotiven\/#productImage","width":900,"height":1200},"offers":{"@type":"Offer","url":"https:\/\/droix.eu\/de\/product\/analog-stick-kappen-mit-tiermotiven\/#wooCommerceOffer","price":11.01,"priceCurrency":"EUR","category":"Gaming-Zubeh\u00f6r","availability":"https:\/\/schema.org\/InStock","priceSpecification":{"@type":"PriceSpecification","price":11.01,"priceCurrency":"EUR","valueAddedTaxIncluded":"true"},"seller":{"@type":"Organization","@id":"https:\/\/droix.eu\/de\/#organization"}}},{"@type":"WebPage","@id":"https:\/\/droix.eu\/de\/product\/analog-stick-kappen-mit-tiermotiven\/#webpage","url":"https:\/\/droix.eu\/de\/product\/analog-stick-kappen-mit-tiermotiven\/","name":"Analog-Stick-Kappen mit Tiermotiven - DROIX EU","description":"Hergestellt aus weichem Silikonmaterial Sch\u00fctzen den Analogstick \u00c4u\u00dferst angenehm zu ber\u00fchren Formbest\u00e4ndig Ungiftig & farbbest\u00e4ndig","inLanguage":"de-DE","isPartOf":{"@id":"https:\/\/droix.eu\/de\/#website"},"breadcrumb":{"@id":"https:\/\/droix.eu\/de\/product\/analog-stick-kappen-mit-tiermotiven\/#breadcrumblist"},"image":{"@type":"ImageObject","url":"https:\/\/droix.eu\/wp-content\/uploads\/2022\/11\/ANIMAL-THUMB-STICK-CAPS-IMAGE-1.png","@id":"https:\/\/droix.eu\/de\/product\/analog-stick-kappen-mit-tiermotiven\/#mainImage","width":900,"height":1200},"primaryImageOfPage":{"@id":"https:\/\/droix.eu\/de\/product\/analog-stick-kappen-mit-tiermotiven\/#mainImage"},"datePublished":"2022-11-11T11:44:32+00:00","dateModified":"2026-04-08T10:44:15+01:00"},{"@type":"WebSite","@id":"https:\/\/droix.eu\/de\/#website","url":"https:\/\/droix.eu\/de\/","name":"DROIX EU","description":"Get the latest Mini PCs, Ultrabook, PC Gaming Handhelds and more!","inLanguage":"de-DE","publisher":{"@id":"https:\/\/droix.eu\/de\/#organization"}}]},"og:locale":"de_DE","og:site_name":"DROIX EU - Get the latest Mini PCs, Ultrabook, PC Gaming Handhelds and more!","og:type":"article","og:title":"Analog-Stick-Kappen mit Tiermotiven - DROIX EU","og:description":"Hergestellt aus weichem Silikonmaterial Sch\u00fctzen den Analogstick \u00c4u\u00dferst angenehm zu ber\u00fchren Formbest\u00e4ndig Ungiftig &amp; farbbest\u00e4ndig","og:url":"https:\/\/droix.eu\/de\/product\/analog-stick-kappen-mit-tiermotiven\/","og:image":"https:\/\/droix.eu\/wp-content\/uploads\/2024\/06\/droix-v2-light-logo.png","og:image:secure_url":"https:\/\/droix.eu\/wp-content\/uploads\/2024\/06\/droix-v2-light-logo.png","og:image:width":380,"og:image:height":118,"article:published_time":"2022-11-11T11:44:32+00:00","article:modified_time":"2026-04-08T09:44:15+00:00","article:publisher":"https:\/\/www.facebook.com\/DroiX.Store","twitter:card":"summary_large_image","twitter:site":"@DroiX_Store","twitter:title":"Analog-Stick-Kappen mit Tiermotiven - DROIX EU","twitter:description":"Hergestellt aus weichem Silikonmaterial Sch\u00fctzen den Analogstick \u00c4u\u00dferst angenehm zu ber\u00fchren Formbest\u00e4ndig Ungiftig &amp; farbbest\u00e4ndig","twitter:image":"https:\/\/droix.eu\/wp-content\/uploads\/2024\/06\/droix-v2-light-logo.png"},"aioseo_meta_data":{"post_id":"520820","title":null,"description":null,"keywords":null,"keyphrases":{"focus":{"keyphrase":"","score":0,"analysis":{"keyphraseInTitle":{"score":0,"maxScore":9,"error":1}}},"additional":[]},"primary_term":null,"canonical_url":null,"og_title":null,"og_description":null,"og_object_type":"default","og_image_type":"default","og_image_url":null,"og_image_width":null,"og_image_height":null,"og_image_custom_url":null,"og_image_custom_fields":null,"og_video":"","og_custom_url":null,"og_article_section":null,"og_article_tags":null,"twitter_use_og":true,"twitter_card":"default","twitter_image_type":"default","twitter_image_url":null,"twitter_image_custom_url":null,"twitter_image_custom_fields":null,"twitter_title":null,"twitter_description":null,"schema":{"blockGraphs":[],"customGraphs":[],"default":{"data":{"Article":[],"Course":[],"Dataset":[],"FAQPage":[],"Movie":[],"Person":[],"Product":[],"ProductReview":[],"Car":[],"Recipe":[],"Service":[],"SoftwareApplication":[],"WebPage":[]},"graphName":"Product","isEnabled":true},"graphs":[]},"schema_type":"default","schema_type_options":null,"pillar_content":false,"robots_default":true,"robots_noindex":false,"robots_noarchive":false,"robots_nosnippet":false,"robots_nofollow":false,"robots_noimageindex":false,"robots_noodp":false,"robots_notranslate":false,"robots_max_snippet":"-1","robots_max_videopreview":"-1","robots_max_imagepreview":"large","priority":null,"frequency":"default","local_seo":null,"seo_analyzer_scan_date":"2026-04-24 10:31:36","breadcrumb_settings":null,"limit_modified_date":false,"reviewed_by":null,"open_ai":null,"ai":{"faqs":[],"keyPoints":[],"titles":[],"descriptions":[],"socialPosts":{"email":[],"linkedin":[],"twitter":[],"facebook":[],"instagram":[]}},"created":"2025-10-09 04:01:58","updated":"2026-04-24 10:31:36"},"aioseo_breadcrumb":"<div class=\"aioseo-breadcrumbs\"><span class=\"aioseo-breadcrumb\">\n\t<a href=\"https:\/\/droix.eu\/de\/\" title=\"Home\">Home<\/a>\n<\/span><span class=\"aioseo-breadcrumb-separator\">&raquo;<\/span><span class=\"aioseo-breadcrumb\">\n\t<a href=\"https:\/\/droix.eu\/de\/product-category\/zubehor\/\" title=\"Zubeh\u00f6r\">Zubeh\u00f6r<\/a>\n<\/span><span class=\"aioseo-breadcrumb-separator\">&raquo;<\/span><span class=\"aioseo-breadcrumb\">\n\t<a href=\"https:\/\/droix.eu\/de\/product-category\/zubehor\/gaming-zubehor\/\" title=\"Gaming-Zubeh\u00f6r\">Gaming-Zubeh\u00f6r<\/a>\n<\/span><span class=\"aioseo-breadcrumb-separator\">&raquo;<\/span><span class=\"aioseo-breadcrumb\">\n\tAnalog-Stick-Kappen mit Tiermotiven\n<\/span><\/div>","aioseo_breadcrumb_json":[{"label":"Home","link":"https:\/\/droix.eu\/de\/"},{"label":"Zubeh\u00f6r","link":"https:\/\/droix.eu\/de\/product-category\/zubehor\/"},{"label":"Gaming-Zubeh\u00f6r","link":"https:\/\/droix.eu\/de\/product-category\/zubehor\/gaming-zubehor\/"},{"label":"Analog-Stick-Kappen mit Tiermotiven","link":"https:\/\/droix.eu\/de\/product\/analog-stick-kappen-mit-tiermotiven\/"}],"_links":{"self":[{"href":"https:\/\/droix.eu\/de\/wp-json\/wp\/v2\/product\/520820","targetHints":{"allow":["GET"]}}],"collection":[{"href":"https:\/\/droix.eu\/de\/wp-json\/wp\/v2\/product"}],"about":[{"href":"https:\/\/droix.eu\/de\/wp-json\/wp\/v2\/types\/product"}],"version-history":[{"count":0,"href":"https:\/\/droix.eu\/de\/wp-json\/wp\/v2\/product\/520820\/revisions"}],"wp:featuredmedia":[{"embeddable":true,"href":"https:\/\/droix.eu\/de\/wp-json\/wp\/v2\/media\/702970"}],"wp:attachment":[{"href":"https:\/\/droix.eu\/de\/wp-json\/wp\/v2\/media?parent=520820"}],"wp:term":[{"taxonomy":"product_brand","embeddable":true,"href":"https:\/\/droix.eu\/de\/wp-json\/wp\/v2\/product_brand?post=520820"},{"taxonomy":"product_cat","embeddable":true,"href":"https:\/\/droix.eu\/de\/wp-json\/wp\/v2\/product_cat?post=520820"},{"taxonomy":"product_tag","embeddable":true,"href":"https:\/\/droix.eu\/de\/wp-json\/wp\/v2\/product_tag?post=520820"},{"taxonomy":"woo-feed-brand","embeddable":true,"href":"https:\/\/droix.eu\/de\/wp-json\/wp\/v2\/woo-feed-brand?post=520820"},{"taxonomy":"key-features","embeddable":true,"href":"https:\/\/droix.eu\/de\/wp-json\/wp\/v2\/key-features?post=520820"}],"curies":[{"name":"wp","href":"https:\/\/api.w.org\/{rel}","templated":true}]}}