{"id":520643,"date":"2022-11-08T16:39:00","date_gmt":"2022-11-08T16:39:00","guid":{"rendered":"https:\/\/droix.eu\/product\/gpd-win-max-2-2024-4g-lte-erweiterungsmodul\/"},"modified":"2025-12-15T00:03:34","modified_gmt":"2025-12-15T00:03:34","slug":"gpd-win-max-2-2024-4g-lte-erweiterungsmodul","status":"publish","type":"product","link":"https:\/\/droix.eu\/de\/product\/gpd-win-max-2-2024-4g-lte-erweiterungsmodul\/","title":{"rendered":"GPD WIN MAX 2 \/ 2024 4G LTE Zusatzger\u00e4t"},"content":{"rendered":"&#13;\n<p>Wir stellen das neueste 4G LTE Modul Add-On f\u00fcr das <a href=\"https:\/\/droix.eu\/de\/product\/gpd-win-max-2\/\">GPD WIN MAX 2<\/a> \/ <a href=\"https:\/\/droix.eu\/de\/product\/gpd-win-max-2-2024\/\">GPD WIN MAX 2 2024<\/a> vor. Mit diesem revolution\u00e4ren Add-On k\u00f6nnen Gaming-Enthusiasten dank der nahtlosen 4G-Konnektivit\u00e4t und der Unterst\u00fctzung durch den Netzbetreiber jederzeit und \u00fcberall ununterbrochene Gaming-Sessions genie\u00dfen. <\/p>&#13;\n&#13;\n<p>Als Reaktion auf Benutzeranforderungen entwickelt und sorgf\u00e4ltig konzipiert, um technische Einschr\u00e4nkungen zu \u00fcberwinden, unterst\u00fctzt dieses 4G LTE-Modul 4G TD-LTE-, FDD-LTE- und 3G CDMA-Netzwerke und liefert eine Leistung, die mit der von herk\u00f6mmlichen Laptops vergleichbar ist. Seine Integration in die WIN Max 2 2024-Serie er\u00f6ffnet eine Welt komplexer Spielszenarien, die zuvor auf tragbaren Ger\u00e4ten nicht zug\u00e4nglich waren. <\/p>&#13;\n","protected":false},"excerpt":{"rendered":"<ul>\n<li><strong>Nahtlose 4G-Konnektivit\u00e4t:<\/strong> Spielen Sie \u00fcberall und jederzeit.<\/li>\n<li><strong>Fortschrittliche Netzwerkunterst\u00fctzung:<\/strong> 4G TD-LTE, FDD-LTE, 3G CDMA.<\/li>\n<li><strong>Offiziell:<\/strong> Entwickelt von GPD f\u00fcr das Win Max 2 &amp; Win Max 2 2024<\/li>\n<li><strong>Modell:<\/strong> Quectel EG25-G<\/li>\n<\/ul>\n<pre>\n<b>IMPORTANT<\/b>\nINSTALATION REQUIRES OPENING DEVICE\nCOMPONENTS ARE SMALL &amp; DELICATE\nWE ARE NOT RESPONSIBLE FOR ANY CUSTOMER DAMAGE<\/pre>\n[droix_global_accordions]\n[cg_accordion title=\"Das Paket enth\u00e4lt\"]<\/p>\n<ul>\n<li>1x GPD WIN MAX 2 4G LTE Modul<\/li>\n<li>3x Schrauben<\/li>\n<li>2x Antennen<\/li>\n<li>1x Kabel<\/li>\n<\/ul>\n<p>[\/cg_accordion]\n","protected":false},"featured_media":439033,"template":"","meta":{"_acf_changed":false},"product_brand":[],"product_cat":[10616,10573,10572],"product_tag":[],"woo-feed-brand":[],"key-features":[],"class_list":{"0":"post-520643","1":"product","2":"type-product","3":"status-publish","4":"has-post-thumbnail","6":"product_cat-gaming-zubehor","7":"product_cat-laptop-zubehor","8":"product_cat-zubehor","9":"product_shipping_class-low-end","10":"pa_accessory-type-add-ons","11":"pa_brands-gpd-de","12":"pa_compatibility-gpd-win-max-2-de","14":"first","15":"outofstock","16":"sale","17":"taxable","18":"shipping-taxable","19":"purchasable","20":"product-type-simple"},"acf":[],"aioseo_notices":[],"aioseo_head":"\n\t\t<!-- All in One SEO Pro 4.9.6.2 - aioseo.com -->\n\t<meta name=\"description\" content=\"Nahtlose 4G-Konnektivit\u00e4t: Spielen Sie \u00fcberall und jederzeit. Fortschrittliche Netzwerkunterst\u00fctzung: 4G TD-LTE, FDD-LTE, 3G CDMA. Offiziell: Entwickelt von GPD f\u00fcr das Win Max 2 &amp; Win Max 2 2024 Modell: Quectel EG25-G IMPORTANT INSTALATION REQUIRES OPENING DEVICE COMPONENTS ARE SMALL &amp; DELICATE WE ARE NOT RESPONSIBLE FOR ANY CUSTOMER DAMAGE Das Paket enth\u00e4lt 1x GPD WIN MAX 2 4G LTE Modul 3x Schrauben 2x Antennen 1x Kabel\" \/>\n\t<meta name=\"robots\" content=\"max-image-preview:large\" \/>\n\t<link rel=\"canonical\" href=\"https:\/\/droix.eu\/de\/product\/gpd-win-max-2-2024-4g-lte-erweiterungsmodul\/\" \/>\n\t<meta name=\"generator\" content=\"All in One SEO Pro (AIOSEO) 4.9.6.2\" \/>\n\t\t<meta property=\"og:locale\" content=\"de_DE\" \/>\n\t\t<meta property=\"og:site_name\" content=\"DROIX EU - Get the latest Mini PCs, Ultrabook, PC Gaming Handhelds and more!\" \/>\n\t\t<meta property=\"og:type\" content=\"article\" \/>\n\t\t<meta property=\"og:title\" content=\"GPD WIN MAX 2 \/ 2024 4G LTE Zusatzger\u00e4t - DROIX EU\" \/>\n\t\t<meta property=\"og:description\" content=\"Nahtlose 4G-Konnektivit\u00e4t: Spielen Sie \u00fcberall und jederzeit. Fortschrittliche Netzwerkunterst\u00fctzung: 4G TD-LTE, FDD-LTE, 3G CDMA. Offiziell: Entwickelt von GPD f\u00fcr das Win Max 2 &amp; Win Max 2 2024 Modell: Quectel EG25-G IMPORTANT INSTALATION REQUIRES OPENING DEVICE COMPONENTS ARE SMALL &amp; DELICATE WE ARE NOT RESPONSIBLE FOR ANY CUSTOMER DAMAGE Das Paket enth\u00e4lt 1x GPD WIN MAX 2 4G LTE Modul 3x Schrauben 2x Antennen 1x Kabel\" \/>\n\t\t<meta property=\"og:url\" content=\"https:\/\/droix.eu\/de\/product\/gpd-win-max-2-2024-4g-lte-erweiterungsmodul\/\" \/>\n\t\t<meta property=\"og:image\" content=\"https:\/\/droix.eu\/wp-content\/uploads\/2024\/06\/droix-v2-light-logo.png\" \/>\n\t\t<meta property=\"og:image:secure_url\" content=\"https:\/\/droix.eu\/wp-content\/uploads\/2024\/06\/droix-v2-light-logo.png\" \/>\n\t\t<meta property=\"og:image:width\" content=\"380\" \/>\n\t\t<meta property=\"og:image:height\" content=\"118\" \/>\n\t\t<meta property=\"article:published_time\" content=\"2022-11-08T16:39:00+00:00\" \/>\n\t\t<meta property=\"article:modified_time\" content=\"2025-12-15T00:03:34+00:00\" \/>\n\t\t<meta property=\"article:publisher\" content=\"https:\/\/www.facebook.com\/DroiX.Store\" \/>\n\t\t<meta name=\"twitter:card\" content=\"summary_large_image\" \/>\n\t\t<meta name=\"twitter:site\" content=\"@DroiX_Store\" \/>\n\t\t<meta name=\"twitter:title\" content=\"GPD WIN MAX 2 \/ 2024 4G LTE Zusatzger\u00e4t - DROIX EU\" \/>\n\t\t<meta name=\"twitter:description\" content=\"Nahtlose 4G-Konnektivit\u00e4t: Spielen Sie \u00fcberall und jederzeit. Fortschrittliche Netzwerkunterst\u00fctzung: 4G TD-LTE, FDD-LTE, 3G CDMA. Offiziell: Entwickelt von GPD f\u00fcr das Win Max 2 &amp; Win Max 2 2024 Modell: Quectel EG25-G IMPORTANT INSTALATION REQUIRES OPENING DEVICE COMPONENTS ARE SMALL &amp; DELICATE WE ARE NOT RESPONSIBLE FOR ANY CUSTOMER DAMAGE Das Paket enth\u00e4lt 1x GPD WIN MAX 2 4G LTE Modul 3x Schrauben 2x Antennen 1x Kabel\" \/>\n\t\t<meta name=\"twitter:image\" content=\"https:\/\/droix.eu\/wp-content\/uploads\/2024\/06\/droix-v2-light-logo.png\" \/>\n\t\t<script type=\"application\/ld+json\" class=\"aioseo-schema\">\n\t\t\t{\"@context\":\"https:\\\/\\\/schema.org\",\"@graph\":[{\"@type\":\"BreadcrumbList\",\"@id\":\"https:\\\/\\\/droix.eu\\\/de\\\/product\\\/gpd-win-max-2-2024-4g-lte-erweiterungsmodul\\\/#breadcrumblist\",\"itemListElement\":[{\"@type\":\"ListItem\",\"@id\":\"https:\\\/\\\/droix.eu\\\/de\\\/#listItem\",\"position\":1,\"name\":\"Home\",\"item\":\"https:\\\/\\\/droix.eu\\\/de\\\/\",\"nextItem\":{\"@type\":\"ListItem\",\"@id\":\"https:\\\/\\\/droix.eu\\\/de\\\/product-category\\\/zubehor\\\/#listItem\",\"name\":\"Zubeh\\u00f6r\"}},{\"@type\":\"ListItem\",\"@id\":\"https:\\\/\\\/droix.eu\\\/de\\\/product-category\\\/zubehor\\\/#listItem\",\"position\":2,\"name\":\"Zubeh\\u00f6r\",\"item\":\"https:\\\/\\\/droix.eu\\\/de\\\/product-category\\\/zubehor\\\/\",\"nextItem\":{\"@type\":\"ListItem\",\"@id\":\"https:\\\/\\\/droix.eu\\\/de\\\/product-category\\\/zubehor\\\/laptop-zubehor\\\/#listItem\",\"name\":\"Laptop-Zubeh\\u00f6r\"},\"previousItem\":{\"@type\":\"ListItem\",\"@id\":\"https:\\\/\\\/droix.eu\\\/de\\\/#listItem\",\"name\":\"Home\"}},{\"@type\":\"ListItem\",\"@id\":\"https:\\\/\\\/droix.eu\\\/de\\\/product-category\\\/zubehor\\\/laptop-zubehor\\\/#listItem\",\"position\":3,\"name\":\"Laptop-Zubeh\\u00f6r\",\"item\":\"https:\\\/\\\/droix.eu\\\/de\\\/product-category\\\/zubehor\\\/laptop-zubehor\\\/\",\"nextItem\":{\"@type\":\"ListItem\",\"@id\":\"https:\\\/\\\/droix.eu\\\/de\\\/product\\\/gpd-win-max-2-2024-4g-lte-erweiterungsmodul\\\/#listItem\",\"name\":\"GPD WIN MAX 2 \\\/ 2024 4G LTE Zusatzger\\u00e4t\"},\"previousItem\":{\"@type\":\"ListItem\",\"@id\":\"https:\\\/\\\/droix.eu\\\/de\\\/product-category\\\/zubehor\\\/#listItem\",\"name\":\"Zubeh\\u00f6r\"}},{\"@type\":\"ListItem\",\"@id\":\"https:\\\/\\\/droix.eu\\\/de\\\/product\\\/gpd-win-max-2-2024-4g-lte-erweiterungsmodul\\\/#listItem\",\"position\":4,\"name\":\"GPD WIN MAX 2 \\\/ 2024 4G LTE Zusatzger\\u00e4t\",\"previousItem\":{\"@type\":\"ListItem\",\"@id\":\"https:\\\/\\\/droix.eu\\\/de\\\/product-category\\\/zubehor\\\/laptop-zubehor\\\/#listItem\",\"name\":\"Laptop-Zubeh\\u00f6r\"}}]},{\"@type\":\"Organization\",\"@id\":\"https:\\\/\\\/droix.eu\\\/de\\\/#organization\",\"name\":\"DroiX \\u2013 Trusted EU Tech Retailer with 12+ Years Experience\",\"description\":\"DroiX is a leading European technology retailer with over 12 years of experience, offering quality mini PCs, handheld gaming consoles, and tech accessories. We provide hassle-free EU delivery with all taxes included, ensuring a smooth and reliable shopping experience for our customers across Europe.\",\"url\":\"https:\\\/\\\/droix.eu\\\/de\\\/\",\"logo\":{\"@type\":\"ImageObject\",\"url\":\"https:\\\/\\\/droix.eu\\\/wp-content\\\/uploads\\\/2024\\\/06\\\/droix-v2-light-logo.png\",\"@id\":\"https:\\\/\\\/droix.eu\\\/de\\\/product\\\/gpd-win-max-2-2024-4g-lte-erweiterungsmodul\\\/#organizationLogo\",\"width\":380,\"height\":118},\"image\":{\"@id\":\"https:\\\/\\\/droix.eu\\\/de\\\/product\\\/gpd-win-max-2-2024-4g-lte-erweiterungsmodul\\\/#organizationLogo\"},\"sameAs\":[\"https:\\\/\\\/www.facebook.com\\\/DroiX.Store\",\"https:\\\/\\\/twitter.com\\\/DroiX_Store\",\"https:\\\/\\\/www.instagram.com\\\/droix.store\\\/\",\"https:\\\/\\\/www.tiktok.com\\\/@droix.store\",\"https:\\\/\\\/www.youtube.com\\\/c\\\/DroiX_Store\",\"https:\\\/\\\/uk.linkedin.com\\\/company\\\/droix\"]},{\"@type\":\"Product\",\"@id\":\"https:\\\/\\\/droix.eu\\\/de\\\/product\\\/gpd-win-max-2-2024-4g-lte-erweiterungsmodul\\\/#wooCommerceProduct\",\"name\":\"GPD WIN MAX 2 \\\/ 2024 4G LTE Zusatzger\\u00e4t\",\"description\":\"Nahtlose 4G-Konnektivit\\u00e4t: Spielen Sie \\u00fcberall und jederzeit.\\n \\tFortschrittliche Netzwerkunterst\\u00fctzung: 4G TD-LTE, FDD-LTE, 3G CDMA.\\n \\tOffiziell: Entwickelt von GPD f\\u00fcr das Win Max 2 &amp; Win Max 2 2024\\n \\tModell: Quectel EG25-G\\n\\n\\n\\nIMPORTANT\\nINSTALATION REQUIRES OPENING DEVICE\\nCOMPONENTS ARE SMALL &amp; DELICATE\\nWE ARE NOT RESPONSIBLE FOR ANY CUSTOMER DAMAGE\",\"url\":\"https:\\\/\\\/droix.eu\\\/de\\\/product\\\/gpd-win-max-2-2024-4g-lte-erweiterungsmodul\\\/\",\"sku\":\"GPD-WIN_MAX_2-4G_LTE_Module\",\"gtin\":\"5060763673656\",\"image\":{\"@type\":\"ImageObject\",\"url\":\"https:\\\/\\\/droix.eu\\\/wp-content\\\/uploads\\\/2022\\\/11\\\/GPD-WIN-MAX-2-LTE-1.png\",\"@id\":\"https:\\\/\\\/droix.eu\\\/de\\\/product\\\/gpd-win-max-2-2024-4g-lte-erweiterungsmodul\\\/#productImage\",\"width\":622,\"height\":622,\"caption\":\"GPD WIN MAX 2 4G LTE Add-on\"},\"offers\":{\"@type\":\"Offer\",\"url\":\"https:\\\/\\\/droix.eu\\\/de\\\/product\\\/gpd-win-max-2-2024-4g-lte-erweiterungsmodul\\\/#wooCommerceOffer\",\"price\":97.11,\"priceCurrency\":\"EUR\",\"category\":\"Gaming-Zubeh\\u00f6r\",\"availability\":\"https:\\\/\\\/schema.org\\\/OutOfStock\",\"priceSpecification\":{\"@type\":\"PriceSpecification\",\"price\":97.11,\"priceCurrency\":\"EUR\",\"valueAddedTaxIncluded\":\"true\"},\"seller\":{\"@type\":\"Organization\",\"@id\":\"https:\\\/\\\/droix.eu\\\/de\\\/#organization\"}}},{\"@type\":\"WebPage\",\"@id\":\"https:\\\/\\\/droix.eu\\\/de\\\/product\\\/gpd-win-max-2-2024-4g-lte-erweiterungsmodul\\\/#webpage\",\"url\":\"https:\\\/\\\/droix.eu\\\/de\\\/product\\\/gpd-win-max-2-2024-4g-lte-erweiterungsmodul\\\/\",\"name\":\"GPD WIN MAX 2 \\\/ 2024 4G LTE Zusatzger\\u00e4t - DROIX EU\",\"description\":\"Nahtlose 4G-Konnektivit\\u00e4t: Spielen Sie \\u00fcberall und jederzeit. Fortschrittliche Netzwerkunterst\\u00fctzung: 4G TD-LTE, FDD-LTE, 3G CDMA. Offiziell: Entwickelt von GPD f\\u00fcr das Win Max 2 & Win Max 2 2024 Modell: Quectel EG25-G IMPORTANT INSTALATION REQUIRES OPENING DEVICE COMPONENTS ARE SMALL & DELICATE WE ARE NOT RESPONSIBLE FOR ANY CUSTOMER DAMAGE Das Paket enth\\u00e4lt 1x GPD WIN MAX 2 4G LTE Modul 3x Schrauben 2x Antennen 1x Kabel\",\"inLanguage\":\"de-DE\",\"isPartOf\":{\"@id\":\"https:\\\/\\\/droix.eu\\\/de\\\/#website\"},\"breadcrumb\":{\"@id\":\"https:\\\/\\\/droix.eu\\\/de\\\/product\\\/gpd-win-max-2-2024-4g-lte-erweiterungsmodul\\\/#breadcrumblist\"},\"image\":{\"@type\":\"ImageObject\",\"url\":\"https:\\\/\\\/droix.eu\\\/wp-content\\\/uploads\\\/2022\\\/11\\\/GPD-WIN-MAX-2-LTE-1.png\",\"@id\":\"https:\\\/\\\/droix.eu\\\/de\\\/product\\\/gpd-win-max-2-2024-4g-lte-erweiterungsmodul\\\/#mainImage\",\"width\":622,\"height\":622,\"caption\":\"GPD WIN MAX 2 4G LTE Add-on\"},\"primaryImageOfPage\":{\"@id\":\"https:\\\/\\\/droix.eu\\\/de\\\/product\\\/gpd-win-max-2-2024-4g-lte-erweiterungsmodul\\\/#mainImage\"},\"datePublished\":\"2022-11-08T16:39:00+00:00\",\"dateModified\":\"2025-12-15T00:03:34+00:00\"},{\"@type\":\"WebSite\",\"@id\":\"https:\\\/\\\/droix.eu\\\/de\\\/#website\",\"url\":\"https:\\\/\\\/droix.eu\\\/de\\\/\",\"name\":\"DROIX EU\",\"description\":\"Get the latest Mini PCs, Ultrabook, PC Gaming Handhelds and more!\",\"inLanguage\":\"de-DE\",\"publisher\":{\"@id\":\"https:\\\/\\\/droix.eu\\\/de\\\/#organization\"}}]}\n\t\t<\/script>\n\t\t<!-- All in One SEO Pro -->\r\n\t\t<title>GPD WIN MAX 2 \/ 2024 4G LTE Zusatzger\u00e4t - DROIX EU<\/title>\n\n","aioseo_head_json":{"title":"GPD WIN MAX 2 \/ 2024 4G LTE Zusatzger\u00e4t - DROIX EU","description":"Nahtlose 4G-Konnektivit\u00e4t: Spielen Sie \u00fcberall und jederzeit. Fortschrittliche Netzwerkunterst\u00fctzung: 4G TD-LTE, FDD-LTE, 3G CDMA. Offiziell: Entwickelt von GPD f\u00fcr das Win Max 2 & Win Max 2 2024 Modell: Quectel EG25-G IMPORTANT INSTALATION REQUIRES OPENING DEVICE COMPONENTS ARE SMALL & DELICATE WE ARE NOT RESPONSIBLE FOR ANY CUSTOMER DAMAGE Das Paket enth\u00e4lt 1x GPD WIN MAX 2 4G LTE Modul 3x Schrauben 2x Antennen 1x Kabel","canonical_url":"https:\/\/droix.eu\/de\/product\/gpd-win-max-2-2024-4g-lte-erweiterungsmodul\/","robots":"max-image-preview:large","keywords":"","webmasterTools":{"miscellaneous":""},"schema":{"@context":"https:\/\/schema.org","@graph":[{"@type":"BreadcrumbList","@id":"https:\/\/droix.eu\/de\/product\/gpd-win-max-2-2024-4g-lte-erweiterungsmodul\/#breadcrumblist","itemListElement":[{"@type":"ListItem","@id":"https:\/\/droix.eu\/de\/#listItem","position":1,"name":"Home","item":"https:\/\/droix.eu\/de\/","nextItem":{"@type":"ListItem","@id":"https:\/\/droix.eu\/de\/product-category\/zubehor\/#listItem","name":"Zubeh\u00f6r"}},{"@type":"ListItem","@id":"https:\/\/droix.eu\/de\/product-category\/zubehor\/#listItem","position":2,"name":"Zubeh\u00f6r","item":"https:\/\/droix.eu\/de\/product-category\/zubehor\/","nextItem":{"@type":"ListItem","@id":"https:\/\/droix.eu\/de\/product-category\/zubehor\/laptop-zubehor\/#listItem","name":"Laptop-Zubeh\u00f6r"},"previousItem":{"@type":"ListItem","@id":"https:\/\/droix.eu\/de\/#listItem","name":"Home"}},{"@type":"ListItem","@id":"https:\/\/droix.eu\/de\/product-category\/zubehor\/laptop-zubehor\/#listItem","position":3,"name":"Laptop-Zubeh\u00f6r","item":"https:\/\/droix.eu\/de\/product-category\/zubehor\/laptop-zubehor\/","nextItem":{"@type":"ListItem","@id":"https:\/\/droix.eu\/de\/product\/gpd-win-max-2-2024-4g-lte-erweiterungsmodul\/#listItem","name":"GPD WIN MAX 2 \/ 2024 4G LTE Zusatzger\u00e4t"},"previousItem":{"@type":"ListItem","@id":"https:\/\/droix.eu\/de\/product-category\/zubehor\/#listItem","name":"Zubeh\u00f6r"}},{"@type":"ListItem","@id":"https:\/\/droix.eu\/de\/product\/gpd-win-max-2-2024-4g-lte-erweiterungsmodul\/#listItem","position":4,"name":"GPD WIN MAX 2 \/ 2024 4G LTE Zusatzger\u00e4t","previousItem":{"@type":"ListItem","@id":"https:\/\/droix.eu\/de\/product-category\/zubehor\/laptop-zubehor\/#listItem","name":"Laptop-Zubeh\u00f6r"}}]},{"@type":"Organization","@id":"https:\/\/droix.eu\/de\/#organization","name":"DroiX \u2013 Trusted EU Tech Retailer with 12+ Years Experience","description":"DroiX is a leading European technology retailer with over 12 years of experience, offering quality mini PCs, handheld gaming consoles, and tech accessories. We provide hassle-free EU delivery with all taxes included, ensuring a smooth and reliable shopping experience for our customers across Europe.","url":"https:\/\/droix.eu\/de\/","logo":{"@type":"ImageObject","url":"https:\/\/droix.eu\/wp-content\/uploads\/2024\/06\/droix-v2-light-logo.png","@id":"https:\/\/droix.eu\/de\/product\/gpd-win-max-2-2024-4g-lte-erweiterungsmodul\/#organizationLogo","width":380,"height":118},"image":{"@id":"https:\/\/droix.eu\/de\/product\/gpd-win-max-2-2024-4g-lte-erweiterungsmodul\/#organizationLogo"},"sameAs":["https:\/\/www.facebook.com\/DroiX.Store","https:\/\/twitter.com\/DroiX_Store","https:\/\/www.instagram.com\/droix.store\/","https:\/\/www.tiktok.com\/@droix.store","https:\/\/www.youtube.com\/c\/DroiX_Store","https:\/\/uk.linkedin.com\/company\/droix"]},{"@type":"Product","@id":"https:\/\/droix.eu\/de\/product\/gpd-win-max-2-2024-4g-lte-erweiterungsmodul\/#wooCommerceProduct","name":"GPD WIN MAX 2 \/ 2024 4G LTE Zusatzger\u00e4t","description":"Nahtlose 4G-Konnektivit\u00e4t: Spielen Sie \u00fcberall und jederzeit.\n \tFortschrittliche Netzwerkunterst\u00fctzung: 4G TD-LTE, FDD-LTE, 3G CDMA.\n \tOffiziell: Entwickelt von GPD f\u00fcr das Win Max 2 &amp; Win Max 2 2024\n \tModell: Quectel EG25-G\n\n\n\nIMPORTANT\nINSTALATION REQUIRES OPENING DEVICE\nCOMPONENTS ARE SMALL &amp; DELICATE\nWE ARE NOT RESPONSIBLE FOR ANY CUSTOMER DAMAGE","url":"https:\/\/droix.eu\/de\/product\/gpd-win-max-2-2024-4g-lte-erweiterungsmodul\/","sku":"GPD-WIN_MAX_2-4G_LTE_Module","gtin":"5060763673656","image":{"@type":"ImageObject","url":"https:\/\/droix.eu\/wp-content\/uploads\/2022\/11\/GPD-WIN-MAX-2-LTE-1.png","@id":"https:\/\/droix.eu\/de\/product\/gpd-win-max-2-2024-4g-lte-erweiterungsmodul\/#productImage","width":622,"height":622,"caption":"GPD WIN MAX 2 4G LTE Add-on"},"offers":{"@type":"Offer","url":"https:\/\/droix.eu\/de\/product\/gpd-win-max-2-2024-4g-lte-erweiterungsmodul\/#wooCommerceOffer","price":97.11,"priceCurrency":"EUR","category":"Gaming-Zubeh\u00f6r","availability":"https:\/\/schema.org\/OutOfStock","priceSpecification":{"@type":"PriceSpecification","price":97.11,"priceCurrency":"EUR","valueAddedTaxIncluded":"true"},"seller":{"@type":"Organization","@id":"https:\/\/droix.eu\/de\/#organization"}}},{"@type":"WebPage","@id":"https:\/\/droix.eu\/de\/product\/gpd-win-max-2-2024-4g-lte-erweiterungsmodul\/#webpage","url":"https:\/\/droix.eu\/de\/product\/gpd-win-max-2-2024-4g-lte-erweiterungsmodul\/","name":"GPD WIN MAX 2 \/ 2024 4G LTE Zusatzger\u00e4t - DROIX EU","description":"Nahtlose 4G-Konnektivit\u00e4t: Spielen Sie \u00fcberall und jederzeit. Fortschrittliche Netzwerkunterst\u00fctzung: 4G TD-LTE, FDD-LTE, 3G CDMA. Offiziell: Entwickelt von GPD f\u00fcr das Win Max 2 & Win Max 2 2024 Modell: Quectel EG25-G IMPORTANT INSTALATION REQUIRES OPENING DEVICE COMPONENTS ARE SMALL & DELICATE WE ARE NOT RESPONSIBLE FOR ANY CUSTOMER DAMAGE Das Paket enth\u00e4lt 1x GPD WIN MAX 2 4G LTE Modul 3x Schrauben 2x Antennen 1x Kabel","inLanguage":"de-DE","isPartOf":{"@id":"https:\/\/droix.eu\/de\/#website"},"breadcrumb":{"@id":"https:\/\/droix.eu\/de\/product\/gpd-win-max-2-2024-4g-lte-erweiterungsmodul\/#breadcrumblist"},"image":{"@type":"ImageObject","url":"https:\/\/droix.eu\/wp-content\/uploads\/2022\/11\/GPD-WIN-MAX-2-LTE-1.png","@id":"https:\/\/droix.eu\/de\/product\/gpd-win-max-2-2024-4g-lte-erweiterungsmodul\/#mainImage","width":622,"height":622,"caption":"GPD WIN MAX 2 4G LTE Add-on"},"primaryImageOfPage":{"@id":"https:\/\/droix.eu\/de\/product\/gpd-win-max-2-2024-4g-lte-erweiterungsmodul\/#mainImage"},"datePublished":"2022-11-08T16:39:00+00:00","dateModified":"2025-12-15T00:03:34+00:00"},{"@type":"WebSite","@id":"https:\/\/droix.eu\/de\/#website","url":"https:\/\/droix.eu\/de\/","name":"DROIX EU","description":"Get the latest Mini PCs, Ultrabook, PC Gaming Handhelds and more!","inLanguage":"de-DE","publisher":{"@id":"https:\/\/droix.eu\/de\/#organization"}}]},"og:locale":"de_DE","og:site_name":"DROIX EU - Get the latest Mini PCs, Ultrabook, PC Gaming Handhelds and more!","og:type":"article","og:title":"GPD WIN MAX 2 \/ 2024 4G LTE Zusatzger\u00e4t - DROIX EU","og:description":"Nahtlose 4G-Konnektivit\u00e4t: Spielen Sie \u00fcberall und jederzeit. Fortschrittliche Netzwerkunterst\u00fctzung: 4G TD-LTE, FDD-LTE, 3G CDMA. Offiziell: Entwickelt von GPD f\u00fcr das Win Max 2 &amp; Win Max 2 2024 Modell: Quectel EG25-G IMPORTANT INSTALATION REQUIRES OPENING DEVICE COMPONENTS ARE SMALL &amp; DELICATE WE ARE NOT RESPONSIBLE FOR ANY CUSTOMER DAMAGE Das Paket enth\u00e4lt 1x GPD WIN MAX 2 4G LTE Modul 3x Schrauben 2x Antennen 1x Kabel","og:url":"https:\/\/droix.eu\/de\/product\/gpd-win-max-2-2024-4g-lte-erweiterungsmodul\/","og:image":"https:\/\/droix.eu\/wp-content\/uploads\/2024\/06\/droix-v2-light-logo.png","og:image:secure_url":"https:\/\/droix.eu\/wp-content\/uploads\/2024\/06\/droix-v2-light-logo.png","og:image:width":380,"og:image:height":118,"article:published_time":"2022-11-08T16:39:00+00:00","article:modified_time":"2025-12-15T00:03:34+00:00","article:publisher":"https:\/\/www.facebook.com\/DroiX.Store","twitter:card":"summary_large_image","twitter:site":"@DroiX_Store","twitter:title":"GPD WIN MAX 2 \/ 2024 4G LTE Zusatzger\u00e4t - DROIX EU","twitter:description":"Nahtlose 4G-Konnektivit\u00e4t: Spielen Sie \u00fcberall und jederzeit. Fortschrittliche Netzwerkunterst\u00fctzung: 4G TD-LTE, FDD-LTE, 3G CDMA. Offiziell: Entwickelt von GPD f\u00fcr das Win Max 2 &amp; Win Max 2 2024 Modell: Quectel EG25-G IMPORTANT INSTALATION REQUIRES OPENING DEVICE COMPONENTS ARE SMALL &amp; DELICATE WE ARE NOT RESPONSIBLE FOR ANY CUSTOMER DAMAGE Das Paket enth\u00e4lt 1x GPD WIN MAX 2 4G LTE Modul 3x Schrauben 2x Antennen 1x Kabel","twitter:image":"https:\/\/droix.eu\/wp-content\/uploads\/2024\/06\/droix-v2-light-logo.png"},"aioseo_meta_data":{"post_id":"520643","title":null,"description":null,"keywords":null,"keyphrases":null,"primary_term":null,"canonical_url":null,"og_title":null,"og_description":null,"og_object_type":"default","og_image_type":"default","og_image_url":null,"og_image_width":null,"og_image_height":null,"og_image_custom_url":null,"og_image_custom_fields":null,"og_video":null,"og_custom_url":null,"og_article_section":null,"og_article_tags":null,"twitter_use_og":true,"twitter_card":"default","twitter_image_type":"default","twitter_image_url":null,"twitter_image_custom_url":null,"twitter_image_custom_fields":null,"twitter_title":null,"twitter_description":null,"schema":{"blockGraphs":[],"customGraphs":[],"default":{"data":{"Article":[],"Course":[],"Dataset":[],"FAQPage":[],"Movie":[],"Person":[],"Product":[],"ProductReview":[],"Car":[],"Recipe":[],"Service":[],"SoftwareApplication":[],"WebPage":[]},"graphName":"","isEnabled":true},"graphs":[]},"schema_type":"default","schema_type_options":null,"pillar_content":false,"robots_default":true,"robots_noindex":false,"robots_noarchive":false,"robots_nosnippet":false,"robots_nofollow":false,"robots_noimageindex":false,"robots_noodp":false,"robots_notranslate":false,"robots_max_snippet":null,"robots_max_videopreview":null,"robots_max_imagepreview":"large","priority":null,"frequency":null,"local_seo":null,"seo_analyzer_scan_date":"2025-10-24 11:41:15","breadcrumb_settings":null,"limit_modified_date":false,"reviewed_by":null,"open_ai":null,"ai":null,"created":"2025-10-09 03:59:47","updated":"2026-01-24 09:02:30"},"aioseo_breadcrumb":"<div class=\"aioseo-breadcrumbs\"><span class=\"aioseo-breadcrumb\">\n\t<a href=\"https:\/\/droix.eu\/de\/\" title=\"Home\">Home<\/a>\n<\/span><span class=\"aioseo-breadcrumb-separator\">&raquo;<\/span><span class=\"aioseo-breadcrumb\">\n\t<a href=\"https:\/\/droix.eu\/de\/product-category\/zubehor\/\" title=\"Zubeh\u00f6r\">Zubeh\u00f6r<\/a>\n<\/span><span class=\"aioseo-breadcrumb-separator\">&raquo;<\/span><span class=\"aioseo-breadcrumb\">\n\t<a href=\"https:\/\/droix.eu\/de\/product-category\/zubehor\/laptop-zubehor\/\" title=\"Laptop-Zubeh\u00f6r\">Laptop-Zubeh\u00f6r<\/a>\n<\/span><span class=\"aioseo-breadcrumb-separator\">&raquo;<\/span><span class=\"aioseo-breadcrumb\">\n\tGPD WIN MAX 2 \/ 2024 4G LTE Zusatzger\u00e4t\n<\/span><\/div>","aioseo_breadcrumb_json":[{"label":"Home","link":"https:\/\/droix.eu\/de\/"},{"label":"Zubeh\u00f6r","link":"https:\/\/droix.eu\/de\/product-category\/zubehor\/"},{"label":"Laptop-Zubeh\u00f6r","link":"https:\/\/droix.eu\/de\/product-category\/zubehor\/laptop-zubehor\/"},{"label":"GPD WIN MAX 2 \/ 2024 4G LTE Zusatzger\u00e4t","link":"https:\/\/droix.eu\/de\/product\/gpd-win-max-2-2024-4g-lte-erweiterungsmodul\/"}],"_links":{"self":[{"href":"https:\/\/droix.eu\/de\/wp-json\/wp\/v2\/product\/520643","targetHints":{"allow":["GET"]}}],"collection":[{"href":"https:\/\/droix.eu\/de\/wp-json\/wp\/v2\/product"}],"about":[{"href":"https:\/\/droix.eu\/de\/wp-json\/wp\/v2\/types\/product"}],"version-history":[{"count":0,"href":"https:\/\/droix.eu\/de\/wp-json\/wp\/v2\/product\/520643\/revisions"}],"wp:featuredmedia":[{"embeddable":true,"href":"https:\/\/droix.eu\/de\/wp-json\/wp\/v2\/media\/439033"}],"wp:attachment":[{"href":"https:\/\/droix.eu\/de\/wp-json\/wp\/v2\/media?parent=520643"}],"wp:term":[{"taxonomy":"product_brand","embeddable":true,"href":"https:\/\/droix.eu\/de\/wp-json\/wp\/v2\/product_brand?post=520643"},{"taxonomy":"product_cat","embeddable":true,"href":"https:\/\/droix.eu\/de\/wp-json\/wp\/v2\/product_cat?post=520643"},{"taxonomy":"product_tag","embeddable":true,"href":"https:\/\/droix.eu\/de\/wp-json\/wp\/v2\/product_tag?post=520643"},{"taxonomy":"woo-feed-brand","embeddable":true,"href":"https:\/\/droix.eu\/de\/wp-json\/wp\/v2\/woo-feed-brand?post=520643"},{"taxonomy":"key-features","embeddable":true,"href":"https:\/\/droix.eu\/de\/wp-json\/wp\/v2\/key-features?post=520643"}],"curies":[{"name":"wp","href":"https:\/\/api.w.org\/{rel}","templated":true}]}}