{"id":513529,"date":"2022-12-20T15:00:27","date_gmt":"2022-12-20T15:00:27","guid":{"rendered":"https:\/\/droix.eu\/product\/kingspec-2230-steam-deck-nvme-speicher\/"},"modified":"2025-08-01T14:51:27","modified_gmt":"2025-08-01T13:51:27","slug":"kingspec-2230-steam-deck-nvme-speicher","status":"publish","type":"product","link":"https:\/\/droix.eu\/de\/product\/kingspec-2230-steam-deck-nvme-speicher\/","title":{"rendered":"KingSpec 2230 Steam Deck NVMe-Speicher"},"content":{"rendered":"&#13;\n<p>Das <strong>KingSpec NVMe 22*30 Solid<\/strong>State Drive kann Lesegeschwindigkeiten von bis zu 3621,35 MB\/s und Schreibgeschwindigkeiten von bis zu 2314,32 MB\/s erreichen. Diese Geschwindigkeiten sind deutlich h\u00f6her als die einer herk\u00f6mmlichen Festplatte, die in der Regel Geschwindigkeiten von etwa 100 MB\/s erreichen kann. Das bedeutet, dass das KingSpec NVMe-Laufwerk viel schneller auf Daten zugreifen und diese \u00fcbertragen kann, was zu schnelleren Boot-Zeiten und schnellerem Starten von Software f\u00fchrt.  <\/p>&#13;\n&#13;\n<p>Nehmen wir an, Sie haben eine gro\u00dfe Softwareanwendung, die Sie installieren m\u00fcssen. Bei einer herk\u00f6mmlichen Festplatte kann es mehrere Minuten dauern, bis der Installationsvorgang abgeschlossen ist. Mit dem KingSpec NVMe-Laufwerk w\u00e4re der Installationsprozess jedoch viel schneller, da das Laufwerk in der Lage ist, auf die erforderlichen Daten mit viel h\u00f6herer Geschwindigkeit zuzugreifen und sie zu \u00fcbertragen.  <\/p>&#13;\n&#13;\n<p>Die schnelleren Lese- und Schreibgeschwindigkeiten des <strong>KingSpec NVMe-Laufwerks<\/strong> machen es zu einer hervorragenden Wahl f\u00fcr alle, die die Gesamtleistung ihres Computers verbessern m\u00f6chten. Ganz gleich, ob Sie ein Gamer sind, der seine Levels schneller laden m\u00f6chte, ein Kreativprofi, der mit gro\u00dfen Dateien arbeitet, oder einfach jemand, der sich ein fl\u00fcssigeres, reaktionsschnelleres Computererlebnis w\u00fcnscht &#8211; dieses Laufwerk wird Ihnen mit Sicherheit helfen. <\/p>&#13;\n&#13;\n<p>Pr\u00fcfen Sie die folgenden Ergebnisse f\u00fcr <strong>Steam Deck<\/strong><strong>KingSpec 2230 NVMe 1TB<\/strong> Speicher verwenden:<\/p>&#13;\n&#13;\n<p>Lesegeschwindigkeit: <strong>3621,35 MB\/s<\/strong><br\/>Schreibgeschwindigkeit: <strong>2314,32 MB\/s<\/strong><\/p>&#13;\n&#13;\n<p><strong>Die CrystalDiskMark-Benchmark-Software<\/strong> f\u00fchrt eine Reihe von Tests durch, um die Leistung des Speichers bei verschiedenen Lese-\/Schreibmustern zu ermitteln. Die Ergebnisse zeigen die optimalen maximalen Lese- und Schreibgeschwindigkeiten in der ersten Zeile. <\/p>&#13;\n&#13;\n<figure class=\"wp-block-image aligncenter\"><img fetchpriority=\"high\" decoding=\"async\" width=\"601\" height=\"438\" src=\"https:\/\/droix.eu\/wp-content\/uploads\/2022\/12\/r-w-speed-kigspec2230-steam-deck.png\" alt=\"SD KingSpec 2230 Lese- und Schreibgeschwindigkeit\" class=\"wp-image-94989\" srcset=\"https:\/\/droix.eu\/wp-content\/uploads\/2022\/12\/r-w-speed-kigspec2230-steam-deck.png 601w, https:\/\/droix.eu\/wp-content\/uploads\/2022\/12\/r-w-speed-kigspec2230-steam-deck-300x219.png 300w, https:\/\/droix.eu\/wp-content\/uploads\/2022\/12\/r-w-speed-kigspec2230-steam-deck-441x321.png 441w\" sizes=\"(max-width: 601px) 100vw, 601px\" \/><\/figure>&#13;\n&#13;\n<figure class=\"wp-block-image aligncenter\"><img decoding=\"async\" width=\"1500\" height=\"1500\" src=\"https:\/\/droix.eu\/wp-content\/uploads\/2022\/12\/SSD-EXPLINATION.png\" alt=\"ssd-erl&#xE4;uterung-tool\" class=\"wp-image-105048\" srcset=\"https:\/\/droix.eu\/wp-content\/uploads\/2022\/12\/SSD-EXPLINATION.png 1500w, https:\/\/droix.eu\/wp-content\/uploads\/2022\/12\/SSD-EXPLINATION-300x300.png 300w, https:\/\/droix.eu\/wp-content\/uploads\/2022\/12\/SSD-EXPLINATION-100x100.png 100w, https:\/\/droix.eu\/wp-content\/uploads\/2022\/12\/SSD-EXPLINATION-1000x1000.png 1000w, https:\/\/droix.eu\/wp-content\/uploads\/2022\/12\/SSD-EXPLINATION-1024x1024.png 1024w, https:\/\/droix.eu\/wp-content\/uploads\/2022\/12\/SSD-EXPLINATION-768x768.png 768w, https:\/\/droix.eu\/wp-content\/uploads\/2022\/12\/SSD-EXPLINATION-990x990.png 990w, https:\/\/droix.eu\/wp-content\/uploads\/2022\/12\/SSD-EXPLINATION-441x441.png 441w\" sizes=\"(max-width: 1500px) 100vw, 1500px\" \/><\/figure>&#13;\n","protected":false},"excerpt":{"rendered":"<ul>\n<li>Schnelle NVMe-Geschwindigkeiten<\/li>\n<li>Kompatibel mit dem SteamDeck &amp; GPD WIN Max 2  <\/li>\n<li>3 Jahre Garantie<\/li>\n<\/ul>\n[droix_global_accordions]\n[cg_accordion title=\"Das Paket enth\u00e4lt\"]<\/p>\n<ul>\n<li>1x 22*30 NVMe SSD<\/li>\n<\/ul>\n<p>[\/cg_accordion]\n","protected":false},"featured_media":342438,"template":"","meta":{"_acf_changed":false},"product_brand":[],"product_cat":[22469,22471,22470],"product_tag":[],"woo-feed-brand":[],"key-features":[],"class_list":{"0":"post-513529","1":"product","2":"type-product","3":"status-publish","4":"has-post-thumbnail","6":"product_cat-computer-hardware-de","7":"product_cat-hardware-de","8":"product_cat-laptop-hardware-de","9":"product_shipping_class-low-end","10":"pa_brands-kingspec-de","12":"first","13":"instock","14":"taxable","15":"shipping-taxable","16":"purchasable","17":"product-type-variable","18":"has-default-attributes"},"acf":[],"aioseo_notices":[],"aioseo_head":"\n\t\t<!-- All in One SEO Pro 4.9.6.2 - aioseo.com -->\n\t<meta name=\"description\" content=\"Schnelle NVMe-Geschwindigkeiten Kompatibel mit dem SteamDeck &amp; GPD WIN Max 2 3 Jahre Garantie Das Paket enth\u00e4lt 1x 22*30 NVMe SSD\" \/>\n\t<meta name=\"robots\" content=\"max-image-preview:large\" \/>\n\t<link rel=\"canonical\" href=\"https:\/\/droix.eu\/de\/product\/kingspec-2230-steam-deck-nvme-speicher\/\" \/>\n\t<meta name=\"generator\" content=\"All in One SEO Pro (AIOSEO) 4.9.6.2\" \/>\n\t\t<meta property=\"og:locale\" content=\"de_DE\" \/>\n\t\t<meta property=\"og:site_name\" content=\"DROIX EU - Get the latest Mini PCs, Ultrabook, PC Gaming Handhelds and more!\" \/>\n\t\t<meta property=\"og:type\" content=\"article\" \/>\n\t\t<meta property=\"og:title\" content=\"KingSpec 2230 Steam Deck NVMe-Speicher - DROIX EU\" \/>\n\t\t<meta property=\"og:description\" content=\"Schnelle NVMe-Geschwindigkeiten Kompatibel mit dem SteamDeck &amp; GPD WIN Max 2 3 Jahre Garantie Das Paket enth\u00e4lt 1x 22*30 NVMe SSD\" \/>\n\t\t<meta property=\"og:url\" content=\"https:\/\/droix.eu\/de\/product\/kingspec-2230-steam-deck-nvme-speicher\/\" \/>\n\t\t<meta property=\"og:image\" content=\"https:\/\/droix.eu\/wp-content\/uploads\/2024\/06\/droix-v2-light-logo.png\" \/>\n\t\t<meta property=\"og:image:secure_url\" content=\"https:\/\/droix.eu\/wp-content\/uploads\/2024\/06\/droix-v2-light-logo.png\" \/>\n\t\t<meta property=\"og:image:width\" content=\"380\" \/>\n\t\t<meta property=\"og:image:height\" content=\"118\" \/>\n\t\t<meta property=\"article:published_time\" content=\"2022-12-20T15:00:27+00:00\" \/>\n\t\t<meta property=\"article:modified_time\" content=\"2025-08-01T13:51:27+00:00\" \/>\n\t\t<meta property=\"article:publisher\" content=\"https:\/\/www.facebook.com\/DroiX.Store\" \/>\n\t\t<meta name=\"twitter:card\" content=\"summary_large_image\" \/>\n\t\t<meta name=\"twitter:site\" content=\"@DroiX_Store\" \/>\n\t\t<meta name=\"twitter:title\" content=\"KingSpec 2230 Steam Deck NVMe-Speicher - DROIX EU\" \/>\n\t\t<meta name=\"twitter:description\" content=\"Schnelle NVMe-Geschwindigkeiten Kompatibel mit dem SteamDeck &amp; GPD WIN Max 2 3 Jahre Garantie Das Paket enth\u00e4lt 1x 22*30 NVMe SSD\" \/>\n\t\t<meta name=\"twitter:image\" content=\"https:\/\/droix.eu\/wp-content\/uploads\/2024\/06\/droix-v2-light-logo.png\" \/>\n\t\t<script type=\"application\/ld+json\" class=\"aioseo-schema\">\n\t\t\t{\"@context\":\"https:\\\/\\\/schema.org\",\"@graph\":[{\"@type\":\"BreadcrumbList\",\"@id\":\"https:\\\/\\\/droix.eu\\\/de\\\/product\\\/kingspec-2230-steam-deck-nvme-speicher\\\/#breadcrumblist\",\"itemListElement\":[{\"@type\":\"ListItem\",\"@id\":\"https:\\\/\\\/droix.eu\\\/de\\\/#listItem\",\"position\":1,\"name\":\"Home\",\"item\":\"https:\\\/\\\/droix.eu\\\/de\\\/\",\"nextItem\":{\"@type\":\"ListItem\",\"@id\":\"https:\\\/\\\/droix.eu\\\/de\\\/product-category\\\/hardware-de\\\/#listItem\",\"name\":\"Hardware\"}},{\"@type\":\"ListItem\",\"@id\":\"https:\\\/\\\/droix.eu\\\/de\\\/product-category\\\/hardware-de\\\/#listItem\",\"position\":2,\"name\":\"Hardware\",\"item\":\"https:\\\/\\\/droix.eu\\\/de\\\/product-category\\\/hardware-de\\\/\",\"nextItem\":{\"@type\":\"ListItem\",\"@id\":\"https:\\\/\\\/droix.eu\\\/de\\\/product-category\\\/hardware-de\\\/computer-hardware-de\\\/#listItem\",\"name\":\"Computer-Hardware\"},\"previousItem\":{\"@type\":\"ListItem\",\"@id\":\"https:\\\/\\\/droix.eu\\\/de\\\/#listItem\",\"name\":\"Home\"}},{\"@type\":\"ListItem\",\"@id\":\"https:\\\/\\\/droix.eu\\\/de\\\/product-category\\\/hardware-de\\\/computer-hardware-de\\\/#listItem\",\"position\":3,\"name\":\"Computer-Hardware\",\"item\":\"https:\\\/\\\/droix.eu\\\/de\\\/product-category\\\/hardware-de\\\/computer-hardware-de\\\/\",\"nextItem\":{\"@type\":\"ListItem\",\"@id\":\"https:\\\/\\\/droix.eu\\\/de\\\/product\\\/kingspec-2230-steam-deck-nvme-speicher\\\/#listItem\",\"name\":\"KingSpec 2230 Steam Deck NVMe-Speicher\"},\"previousItem\":{\"@type\":\"ListItem\",\"@id\":\"https:\\\/\\\/droix.eu\\\/de\\\/product-category\\\/hardware-de\\\/#listItem\",\"name\":\"Hardware\"}},{\"@type\":\"ListItem\",\"@id\":\"https:\\\/\\\/droix.eu\\\/de\\\/product\\\/kingspec-2230-steam-deck-nvme-speicher\\\/#listItem\",\"position\":4,\"name\":\"KingSpec 2230 Steam Deck NVMe-Speicher\",\"previousItem\":{\"@type\":\"ListItem\",\"@id\":\"https:\\\/\\\/droix.eu\\\/de\\\/product-category\\\/hardware-de\\\/computer-hardware-de\\\/#listItem\",\"name\":\"Computer-Hardware\"}}]},{\"@type\":\"Organization\",\"@id\":\"https:\\\/\\\/droix.eu\\\/de\\\/#organization\",\"name\":\"DroiX \\u2013 Trusted EU Tech Retailer with 12+ Years Experience\",\"description\":\"DroiX is a leading European technology retailer with over 12 years of experience, offering quality mini PCs, handheld gaming consoles, and tech accessories. We provide hassle-free EU delivery with all taxes included, ensuring a smooth and reliable shopping experience for our customers across Europe.\",\"url\":\"https:\\\/\\\/droix.eu\\\/de\\\/\",\"logo\":{\"@type\":\"ImageObject\",\"url\":\"https:\\\/\\\/droix.eu\\\/wp-content\\\/uploads\\\/2024\\\/06\\\/droix-v2-light-logo.png\",\"@id\":\"https:\\\/\\\/droix.eu\\\/de\\\/product\\\/kingspec-2230-steam-deck-nvme-speicher\\\/#organizationLogo\",\"width\":380,\"height\":118},\"image\":{\"@id\":\"https:\\\/\\\/droix.eu\\\/de\\\/product\\\/kingspec-2230-steam-deck-nvme-speicher\\\/#organizationLogo\"},\"sameAs\":[\"https:\\\/\\\/www.facebook.com\\\/DroiX.Store\",\"https:\\\/\\\/twitter.com\\\/DroiX_Store\",\"https:\\\/\\\/www.instagram.com\\\/droix.store\\\/\",\"https:\\\/\\\/www.tiktok.com\\\/@droix.store\",\"https:\\\/\\\/www.youtube.com\\\/c\\\/DroiX_Store\",\"https:\\\/\\\/uk.linkedin.com\\\/company\\\/droix\"]},{\"@type\":\"ProductGroup\",\"@id\":\"https:\\\/\\\/droix.eu\\\/de\\\/product\\\/kingspec-2230-steam-deck-nvme-speicher\\\/#wooCommerceProduct\",\"name\":\"KingSpec 2230 Steam Deck NVMe-Speicher\",\"description\":\"Schnelle NVMe-Geschwindigkeiten\\n \\tKompatibel mit dem SteamDeck &amp; GPD WIN Max 2  \\n \\t3 Jahre Garantie\",\"url\":\"https:\\\/\\\/droix.eu\\\/de\\\/product\\\/kingspec-2230-steam-deck-nvme-speicher\\\/\",\"image\":{\"@type\":\"ImageObject\",\"url\":\"https:\\\/\\\/droix.eu\\\/wp-content\\\/uploads\\\/2022\\\/12\\\/22_30NVME-LISTING-PICTURE-1TB-1.png\",\"@id\":\"https:\\\/\\\/droix.eu\\\/de\\\/product\\\/kingspec-2230-steam-deck-nvme-speicher\\\/#productImage\",\"width\":1500,\"height\":1500,\"caption\":\"KingSpec 1TB NVME 2230 Speicher\"},\"productGroupID\":513529,\"hasVariant\":[{\"@type\":\"Product\",\"@id\":\"https:\\\/\\\/droix.eu\\\/de\\\/product\\\/kingspec-2230-steam-deck-nvme-speicher\\\/#wooCommerceProduct\",\"name\":\"KingSpec 2230 Steam Deck NVMe-Speicher - 512gb\",\"description\":\"Schnelle NVMe-Geschwindigkeiten\\n \\tKompatibel mit dem SteamDeck &amp; GPD WIN Max 2  \\n \\t3 Jahre Garantie\",\"url\":\"https:\\\/\\\/droix.eu\\\/de\\\/product\\\/kingspec-2230-steam-deck-nvme-speicher\\\/\",\"sku\":\"KINGSPEC-NVME-2230-512GB\",\"image\":{\"@type\":\"ImageObject\",\"url\":\"https:\\\/\\\/droix.eu\\\/wp-content\\\/uploads\\\/2022\\\/12\\\/22_30NVME-LISTING-PICTURE-512GB-1.png\",\"@id\":\"https:\\\/\\\/droix.eu\\\/de\\\/product\\\/kingspec-2230-steam-deck-nvme-speicher\\\/#productImage\",\"width\":1500,\"height\":1500,\"caption\":\"KingSpec 512GB NVME 2230 Speicher\"},\"offers\":{\"@type\":\"Offer\",\"url\":\"https:\\\/\\\/droix.eu\\\/de\\\/product\\\/kingspec-2230-steam-deck-nvme-speicher\\\/#wooCommerceOffer\",\"price\":\"59.95\",\"priceCurrency\":\"EUR\",\"category\":\"Computer-Hardware\",\"availability\":\"https:\\\/\\\/schema.org\\\/OutOfStock\",\"priceSpecification\":{\"@type\":\"PriceSpecification\",\"price\":59.95,\"priceCurrency\":\"EUR\",\"valueAddedTaxIncluded\":\"true\"}}}]},{\"@type\":\"WebPage\",\"@id\":\"https:\\\/\\\/droix.eu\\\/de\\\/product\\\/kingspec-2230-steam-deck-nvme-speicher\\\/#webpage\",\"url\":\"https:\\\/\\\/droix.eu\\\/de\\\/product\\\/kingspec-2230-steam-deck-nvme-speicher\\\/\",\"name\":\"KingSpec 2230 Steam Deck NVMe-Speicher - DROIX EU\",\"description\":\"Schnelle NVMe-Geschwindigkeiten Kompatibel mit dem SteamDeck & GPD WIN Max 2 3 Jahre Garantie Das Paket enth\\u00e4lt 1x 22*30 NVMe SSD\",\"inLanguage\":\"de-DE\",\"isPartOf\":{\"@id\":\"https:\\\/\\\/droix.eu\\\/de\\\/#website\"},\"breadcrumb\":{\"@id\":\"https:\\\/\\\/droix.eu\\\/de\\\/product\\\/kingspec-2230-steam-deck-nvme-speicher\\\/#breadcrumblist\"},\"image\":{\"@type\":\"ImageObject\",\"url\":\"https:\\\/\\\/droix.eu\\\/wp-content\\\/uploads\\\/2022\\\/12\\\/22_30NVME-LISTING-PICTURE-1TB-1.png\",\"@id\":\"https:\\\/\\\/droix.eu\\\/de\\\/product\\\/kingspec-2230-steam-deck-nvme-speicher\\\/#mainImage\",\"width\":1500,\"height\":1500,\"caption\":\"KingSpec 1TB NVME 2230 Speicher\"},\"primaryImageOfPage\":{\"@id\":\"https:\\\/\\\/droix.eu\\\/de\\\/product\\\/kingspec-2230-steam-deck-nvme-speicher\\\/#mainImage\"},\"datePublished\":\"2022-12-20T15:00:27+00:00\",\"dateModified\":\"2025-08-01T14:51:27+01:00\"},{\"@type\":\"WebSite\",\"@id\":\"https:\\\/\\\/droix.eu\\\/de\\\/#website\",\"url\":\"https:\\\/\\\/droix.eu\\\/de\\\/\",\"name\":\"DROIX EU\",\"description\":\"Get the latest Mini PCs, Ultrabook, PC Gaming Handhelds and more!\",\"inLanguage\":\"de-DE\",\"publisher\":{\"@id\":\"https:\\\/\\\/droix.eu\\\/de\\\/#organization\"}}]}\n\t\t<\/script>\n\t\t<!-- All in One SEO Pro -->\r\n\t\t<title>KingSpec 2230 Steam Deck NVMe-Speicher - DROIX EU<\/title>\n\n","aioseo_head_json":{"title":"KingSpec 2230 Steam Deck NVMe-Speicher - DROIX EU","description":"Schnelle NVMe-Geschwindigkeiten Kompatibel mit dem SteamDeck & GPD WIN Max 2 3 Jahre Garantie Das Paket enth\u00e4lt 1x 22*30 NVMe SSD","canonical_url":"https:\/\/droix.eu\/de\/product\/kingspec-2230-steam-deck-nvme-speicher\/","robots":"max-image-preview:large","keywords":"","webmasterTools":{"miscellaneous":""},"schema":{"@context":"https:\/\/schema.org","@graph":[{"@type":"BreadcrumbList","@id":"https:\/\/droix.eu\/de\/product\/kingspec-2230-steam-deck-nvme-speicher\/#breadcrumblist","itemListElement":[{"@type":"ListItem","@id":"https:\/\/droix.eu\/de\/#listItem","position":1,"name":"Home","item":"https:\/\/droix.eu\/de\/","nextItem":{"@type":"ListItem","@id":"https:\/\/droix.eu\/de\/product-category\/hardware-de\/#listItem","name":"Hardware"}},{"@type":"ListItem","@id":"https:\/\/droix.eu\/de\/product-category\/hardware-de\/#listItem","position":2,"name":"Hardware","item":"https:\/\/droix.eu\/de\/product-category\/hardware-de\/","nextItem":{"@type":"ListItem","@id":"https:\/\/droix.eu\/de\/product-category\/hardware-de\/computer-hardware-de\/#listItem","name":"Computer-Hardware"},"previousItem":{"@type":"ListItem","@id":"https:\/\/droix.eu\/de\/#listItem","name":"Home"}},{"@type":"ListItem","@id":"https:\/\/droix.eu\/de\/product-category\/hardware-de\/computer-hardware-de\/#listItem","position":3,"name":"Computer-Hardware","item":"https:\/\/droix.eu\/de\/product-category\/hardware-de\/computer-hardware-de\/","nextItem":{"@type":"ListItem","@id":"https:\/\/droix.eu\/de\/product\/kingspec-2230-steam-deck-nvme-speicher\/#listItem","name":"KingSpec 2230 Steam Deck NVMe-Speicher"},"previousItem":{"@type":"ListItem","@id":"https:\/\/droix.eu\/de\/product-category\/hardware-de\/#listItem","name":"Hardware"}},{"@type":"ListItem","@id":"https:\/\/droix.eu\/de\/product\/kingspec-2230-steam-deck-nvme-speicher\/#listItem","position":4,"name":"KingSpec 2230 Steam Deck NVMe-Speicher","previousItem":{"@type":"ListItem","@id":"https:\/\/droix.eu\/de\/product-category\/hardware-de\/computer-hardware-de\/#listItem","name":"Computer-Hardware"}}]},{"@type":"Organization","@id":"https:\/\/droix.eu\/de\/#organization","name":"DroiX \u2013 Trusted EU Tech Retailer with 12+ Years Experience","description":"DroiX is a leading European technology retailer with over 12 years of experience, offering quality mini PCs, handheld gaming consoles, and tech accessories. We provide hassle-free EU delivery with all taxes included, ensuring a smooth and reliable shopping experience for our customers across Europe.","url":"https:\/\/droix.eu\/de\/","logo":{"@type":"ImageObject","url":"https:\/\/droix.eu\/wp-content\/uploads\/2024\/06\/droix-v2-light-logo.png","@id":"https:\/\/droix.eu\/de\/product\/kingspec-2230-steam-deck-nvme-speicher\/#organizationLogo","width":380,"height":118},"image":{"@id":"https:\/\/droix.eu\/de\/product\/kingspec-2230-steam-deck-nvme-speicher\/#organizationLogo"},"sameAs":["https:\/\/www.facebook.com\/DroiX.Store","https:\/\/twitter.com\/DroiX_Store","https:\/\/www.instagram.com\/droix.store\/","https:\/\/www.tiktok.com\/@droix.store","https:\/\/www.youtube.com\/c\/DroiX_Store","https:\/\/uk.linkedin.com\/company\/droix"]},{"@type":"ProductGroup","@id":"https:\/\/droix.eu\/de\/product\/kingspec-2230-steam-deck-nvme-speicher\/#wooCommerceProduct","name":"KingSpec 2230 Steam Deck NVMe-Speicher","description":"Schnelle NVMe-Geschwindigkeiten\n \tKompatibel mit dem SteamDeck &amp; GPD WIN Max 2  \n \t3 Jahre Garantie","url":"https:\/\/droix.eu\/de\/product\/kingspec-2230-steam-deck-nvme-speicher\/","image":{"@type":"ImageObject","url":"https:\/\/droix.eu\/wp-content\/uploads\/2022\/12\/22_30NVME-LISTING-PICTURE-1TB-1.png","@id":"https:\/\/droix.eu\/de\/product\/kingspec-2230-steam-deck-nvme-speicher\/#productImage","width":1500,"height":1500,"caption":"KingSpec 1TB NVME 2230 Speicher"},"productGroupID":513529,"hasVariant":[{"@type":"Product","@id":"https:\/\/droix.eu\/de\/product\/kingspec-2230-steam-deck-nvme-speicher\/#wooCommerceProduct","name":"KingSpec 2230 Steam Deck NVMe-Speicher - 512gb","description":"Schnelle NVMe-Geschwindigkeiten\n \tKompatibel mit dem SteamDeck &amp; GPD WIN Max 2  \n \t3 Jahre Garantie","url":"https:\/\/droix.eu\/de\/product\/kingspec-2230-steam-deck-nvme-speicher\/","sku":"KINGSPEC-NVME-2230-512GB","image":{"@type":"ImageObject","url":"https:\/\/droix.eu\/wp-content\/uploads\/2022\/12\/22_30NVME-LISTING-PICTURE-512GB-1.png","@id":"https:\/\/droix.eu\/de\/product\/kingspec-2230-steam-deck-nvme-speicher\/#productImage","width":1500,"height":1500,"caption":"KingSpec 512GB NVME 2230 Speicher"},"offers":{"@type":"Offer","url":"https:\/\/droix.eu\/de\/product\/kingspec-2230-steam-deck-nvme-speicher\/#wooCommerceOffer","price":"59.95","priceCurrency":"EUR","category":"Computer-Hardware","availability":"https:\/\/schema.org\/OutOfStock","priceSpecification":{"@type":"PriceSpecification","price":59.95,"priceCurrency":"EUR","valueAddedTaxIncluded":"true"}}}]},{"@type":"WebPage","@id":"https:\/\/droix.eu\/de\/product\/kingspec-2230-steam-deck-nvme-speicher\/#webpage","url":"https:\/\/droix.eu\/de\/product\/kingspec-2230-steam-deck-nvme-speicher\/","name":"KingSpec 2230 Steam Deck NVMe-Speicher - DROIX EU","description":"Schnelle NVMe-Geschwindigkeiten Kompatibel mit dem SteamDeck & GPD WIN Max 2 3 Jahre Garantie Das Paket enth\u00e4lt 1x 22*30 NVMe SSD","inLanguage":"de-DE","isPartOf":{"@id":"https:\/\/droix.eu\/de\/#website"},"breadcrumb":{"@id":"https:\/\/droix.eu\/de\/product\/kingspec-2230-steam-deck-nvme-speicher\/#breadcrumblist"},"image":{"@type":"ImageObject","url":"https:\/\/droix.eu\/wp-content\/uploads\/2022\/12\/22_30NVME-LISTING-PICTURE-1TB-1.png","@id":"https:\/\/droix.eu\/de\/product\/kingspec-2230-steam-deck-nvme-speicher\/#mainImage","width":1500,"height":1500,"caption":"KingSpec 1TB NVME 2230 Speicher"},"primaryImageOfPage":{"@id":"https:\/\/droix.eu\/de\/product\/kingspec-2230-steam-deck-nvme-speicher\/#mainImage"},"datePublished":"2022-12-20T15:00:27+00:00","dateModified":"2025-08-01T14:51:27+01:00"},{"@type":"WebSite","@id":"https:\/\/droix.eu\/de\/#website","url":"https:\/\/droix.eu\/de\/","name":"DROIX EU","description":"Get the latest Mini PCs, Ultrabook, PC Gaming Handhelds and more!","inLanguage":"de-DE","publisher":{"@id":"https:\/\/droix.eu\/de\/#organization"}}]},"og:locale":"de_DE","og:site_name":"DROIX EU - Get the latest Mini PCs, Ultrabook, PC Gaming Handhelds and more!","og:type":"article","og:title":"KingSpec 2230 Steam Deck NVMe-Speicher - DROIX EU","og:description":"Schnelle NVMe-Geschwindigkeiten Kompatibel mit dem SteamDeck &amp; GPD WIN Max 2 3 Jahre Garantie Das Paket enth\u00e4lt 1x 22*30 NVMe SSD","og:url":"https:\/\/droix.eu\/de\/product\/kingspec-2230-steam-deck-nvme-speicher\/","og:image":"https:\/\/droix.eu\/wp-content\/uploads\/2024\/06\/droix-v2-light-logo.png","og:image:secure_url":"https:\/\/droix.eu\/wp-content\/uploads\/2024\/06\/droix-v2-light-logo.png","og:image:width":380,"og:image:height":118,"article:published_time":"2022-12-20T15:00:27+00:00","article:modified_time":"2025-08-01T13:51:27+00:00","article:publisher":"https:\/\/www.facebook.com\/DroiX.Store","twitter:card":"summary_large_image","twitter:site":"@DroiX_Store","twitter:title":"KingSpec 2230 Steam Deck NVMe-Speicher - DROIX EU","twitter:description":"Schnelle NVMe-Geschwindigkeiten Kompatibel mit dem SteamDeck &amp; GPD WIN Max 2 3 Jahre Garantie Das Paket enth\u00e4lt 1x 22*30 NVMe SSD","twitter:image":"https:\/\/droix.eu\/wp-content\/uploads\/2024\/06\/droix-v2-light-logo.png"},"aioseo_meta_data":{"post_id":"513529","title":null,"description":null,"keywords":null,"keyphrases":null,"primary_term":null,"canonical_url":null,"og_title":null,"og_description":null,"og_object_type":"default","og_image_type":"default","og_image_url":null,"og_image_width":null,"og_image_height":null,"og_image_custom_url":null,"og_image_custom_fields":null,"og_video":null,"og_custom_url":null,"og_article_section":null,"og_article_tags":null,"twitter_use_og":true,"twitter_card":"default","twitter_image_type":"default","twitter_image_url":null,"twitter_image_custom_url":null,"twitter_image_custom_fields":null,"twitter_title":null,"twitter_description":null,"schema":{"blockGraphs":[],"customGraphs":[],"default":{"data":{"Article":[],"Course":[],"Dataset":[],"FAQPage":[],"Movie":[],"Person":[],"Product":[],"ProductReview":[],"Car":[],"Recipe":[],"Service":[],"SoftwareApplication":[],"WebPage":[]},"graphName":"","isEnabled":true},"graphs":[]},"schema_type":"default","schema_type_options":null,"pillar_content":false,"robots_default":true,"robots_noindex":false,"robots_noarchive":false,"robots_nosnippet":false,"robots_nofollow":false,"robots_noimageindex":false,"robots_noodp":false,"robots_notranslate":false,"robots_max_snippet":null,"robots_max_videopreview":null,"robots_max_imagepreview":"large","priority":null,"frequency":null,"local_seo":null,"seo_analyzer_scan_date":"2025-10-24 11:57:02","breadcrumb_settings":null,"limit_modified_date":false,"reviewed_by":null,"open_ai":null,"ai":null,"created":"2025-10-09 04:04:14","updated":"2025-11-27 02:11:23"},"aioseo_breadcrumb":"<div class=\"aioseo-breadcrumbs\"><span class=\"aioseo-breadcrumb\">\n\t<a href=\"https:\/\/droix.eu\/de\/\" title=\"Home\">Home<\/a>\n<\/span><span class=\"aioseo-breadcrumb-separator\">&raquo;<\/span><span class=\"aioseo-breadcrumb\">\n\t<a href=\"https:\/\/droix.eu\/de\/product-category\/hardware-de\/\" title=\"Hardware\">Hardware<\/a>\n<\/span><span class=\"aioseo-breadcrumb-separator\">&raquo;<\/span><span class=\"aioseo-breadcrumb\">\n\t<a href=\"https:\/\/droix.eu\/de\/product-category\/hardware-de\/computer-hardware-de\/\" title=\"Computer-Hardware\">Computer-Hardware<\/a>\n<\/span><span class=\"aioseo-breadcrumb-separator\">&raquo;<\/span><span class=\"aioseo-breadcrumb\">\n\tKingSpec 2230 Steam Deck NVMe-Speicher\n<\/span><\/div>","aioseo_breadcrumb_json":[{"label":"Home","link":"https:\/\/droix.eu\/de\/"},{"label":"Hardware","link":"https:\/\/droix.eu\/de\/product-category\/hardware-de\/"},{"label":"Computer-Hardware","link":"https:\/\/droix.eu\/de\/product-category\/hardware-de\/computer-hardware-de\/"},{"label":"KingSpec 2230 Steam Deck NVMe-Speicher","link":"https:\/\/droix.eu\/de\/product\/kingspec-2230-steam-deck-nvme-speicher\/"}],"_links":{"self":[{"href":"https:\/\/droix.eu\/de\/wp-json\/wp\/v2\/product\/513529","targetHints":{"allow":["GET"]}}],"collection":[{"href":"https:\/\/droix.eu\/de\/wp-json\/wp\/v2\/product"}],"about":[{"href":"https:\/\/droix.eu\/de\/wp-json\/wp\/v2\/types\/product"}],"version-history":[{"count":0,"href":"https:\/\/droix.eu\/de\/wp-json\/wp\/v2\/product\/513529\/revisions"}],"wp:featuredmedia":[{"embeddable":true,"href":"https:\/\/droix.eu\/de\/wp-json\/wp\/v2\/media\/342438"}],"wp:attachment":[{"href":"https:\/\/droix.eu\/de\/wp-json\/wp\/v2\/media?parent=513529"}],"wp:term":[{"taxonomy":"product_brand","embeddable":true,"href":"https:\/\/droix.eu\/de\/wp-json\/wp\/v2\/product_brand?post=513529"},{"taxonomy":"product_cat","embeddable":true,"href":"https:\/\/droix.eu\/de\/wp-json\/wp\/v2\/product_cat?post=513529"},{"taxonomy":"product_tag","embeddable":true,"href":"https:\/\/droix.eu\/de\/wp-json\/wp\/v2\/product_tag?post=513529"},{"taxonomy":"woo-feed-brand","embeddable":true,"href":"https:\/\/droix.eu\/de\/wp-json\/wp\/v2\/woo-feed-brand?post=513529"},{"taxonomy":"key-features","embeddable":true,"href":"https:\/\/droix.eu\/de\/wp-json\/wp\/v2\/key-features?post=513529"}],"curies":[{"name":"wp","href":"https:\/\/api.w.org\/{rel}","templated":true}]}}