{"id":511870,"date":"2023-05-25T09:22:48","date_gmt":"2023-05-25T09:22:48","guid":{"rendered":"https:\/\/droix.eu\/product\/gpd-win-4-hartschalenkoffer\/"},"modified":"2026-01-20T05:48:53","modified_gmt":"2026-01-20T05:48:53","slug":"gpd-win-4-hartschalenkoffer","status":"publish","type":"product","link":"https:\/\/droix.eu\/de\/product\/gpd-win-4-hartschalenkoffer\/","title":{"rendered":"GPD WIN 4 Hartschalenkoffer"},"content":{"rendered":"<p><strong>GPD Win 4<\/strong> sind leistungsstarke Handheld-Gaming-PCs, die f\u00fcr ein intensives Spielerlebnis unterwegs konzipiert sind. Um diese hochwertigen Ger\u00e4te vor Kratzern, St\u00f6\u00dfen und anderen \u00e4u\u00dferen Besch\u00e4digungen zu sch\u00fctzen, ist ein  <strong>Hartschalen-Schutzkoffer<\/strong>  notwendig ist. Die GPD Win 4 Hardshell-Schutzh\u00fclle ist eine robuste, leichte und elegante H\u00fclle, die speziell f\u00fcr diese Gaming-Handhelds entwickelt wurde. Die Tasche besteht aus hochwertigen Materialien wie Polycarbonat und ABS-Kunststoff, die einen hervorragenden Schutz gegen St\u00f6\u00dfe, Kratzer und andere \u00e4u\u00dfere Besch\u00e4digungen bieten. Das Innere der Tasche ist mit einem weichen und glatten Stoff ausgekleidet, der zus\u00e4tzlichen Schutz gegen Kratzer und Staub bietet. Die Tasche verf\u00fcgt au\u00dferdem \u00fcber einen sicheren Rei\u00dfverschluss, der daf\u00fcr sorgt, dass der Handheld w\u00e4hrend des Transports an seinem Platz bleibt.<\/p>\n","protected":false},"excerpt":{"rendered":"<ul>\n<li><strong>Offizielle<\/strong> GPD-Schutztasche f\u00fcr GPD WIN 4<\/li>\n<li><strong>Langlebige<\/strong> Au\u00dfenh\u00fclle aus synthetischem Polymer<\/li>\n<li>Weiches Stofffutter f\u00fcr <strong>zus\u00e4tzlichen Schutz<\/strong>.<\/li>\n<li><strong>Separates Fach<\/strong> f\u00fcr Peripherieger\u00e4te.<\/li>\n<li>Schlankes Design mit sicherem Rei\u00dfverschluss.<\/li>\n<\/ul>\n<p>[droix_global_accordions]<br \/>\n[cg_accordion title=\"Das Paket enth\u00e4lt\"]<\/p>\n<ul>\n<li>1x GPD WIN 4 Hartschalenkoffer<\/li>\n<\/ul>\n<p>[\/cg_accordion]<\/p>\n","protected":false},"featured_media":409289,"template":"","meta":{"_acf_changed":false},"product_brand":[],"product_cat":[10616,10572],"product_tag":[],"woo-feed-brand":[2198],"key-features":[],"class_list":{"0":"post-511870","1":"product","2":"type-product","3":"status-publish","4":"has-post-thumbnail","6":"product_cat-gaming-zubehor","7":"product_cat-zubehor","8":"product_shipping_class-low-end","9":"pa_accessory-type-protective-case","10":"pa_brands-gpd-de","11":"woo-feed-brand-gpd","13":"first","14":"outofstock","15":"sale","16":"taxable","17":"shipping-taxable","18":"purchasable","19":"product-type-simple"},"acf":[],"aioseo_notices":[],"aioseo_head":"\n\t\t<!-- All in One SEO Pro 4.9.6.2 - aioseo.com -->\n\t<meta name=\"description\" content=\"Offizielle GPD-Schutztasche f\u00fcr GPD WIN 4 Langlebige Au\u00dfenh\u00fclle aus synthetischem Polymer Weiches Stofffutter f\u00fcr zus\u00e4tzlichen Schutz. Separates Fach f\u00fcr Peripherieger\u00e4te. Schlankes Design mit sicherem Rei\u00dfverschluss. Das Paket enth\u00e4lt 1x GPD WIN 4 Hartschalenkoffer\" \/>\n\t<meta name=\"robots\" content=\"max-image-preview:large\" \/>\n\t<link rel=\"canonical\" href=\"https:\/\/droix.eu\/de\/product\/gpd-win-4-hartschalenkoffer\/\" \/>\n\t<meta name=\"generator\" content=\"All in One SEO Pro (AIOSEO) 4.9.6.2\" \/>\n\t\t<meta property=\"og:locale\" content=\"de_DE\" \/>\n\t\t<meta property=\"og:site_name\" content=\"DROIX EU - Get the latest Mini PCs, Ultrabook, PC Gaming Handhelds and more!\" \/>\n\t\t<meta property=\"og:type\" content=\"article\" \/>\n\t\t<meta property=\"og:title\" content=\"GPD WIN 4 Hartschalenkoffer - DROIX EU\" \/>\n\t\t<meta property=\"og:description\" content=\"Offizielle GPD-Schutztasche f\u00fcr GPD WIN 4 Langlebige Au\u00dfenh\u00fclle aus synthetischem Polymer Weiches Stofffutter f\u00fcr zus\u00e4tzlichen Schutz. Separates Fach f\u00fcr Peripherieger\u00e4te. Schlankes Design mit sicherem Rei\u00dfverschluss. Das Paket enth\u00e4lt 1x GPD WIN 4 Hartschalenkoffer\" \/>\n\t\t<meta property=\"og:url\" content=\"https:\/\/droix.eu\/de\/product\/gpd-win-4-hartschalenkoffer\/\" \/>\n\t\t<meta property=\"og:image\" content=\"https:\/\/droix.eu\/wp-content\/uploads\/2024\/06\/droix-v2-light-logo.png\" \/>\n\t\t<meta property=\"og:image:secure_url\" content=\"https:\/\/droix.eu\/wp-content\/uploads\/2024\/06\/droix-v2-light-logo.png\" \/>\n\t\t<meta property=\"og:image:width\" content=\"380\" \/>\n\t\t<meta property=\"og:image:height\" content=\"118\" \/>\n\t\t<meta property=\"article:published_time\" content=\"2023-05-25T09:22:48+00:00\" \/>\n\t\t<meta property=\"article:modified_time\" content=\"2026-01-20T05:48:53+00:00\" \/>\n\t\t<meta property=\"article:publisher\" content=\"https:\/\/www.facebook.com\/DroiX.Store\" \/>\n\t\t<meta name=\"twitter:card\" content=\"summary_large_image\" \/>\n\t\t<meta name=\"twitter:site\" content=\"@DroiX_Store\" \/>\n\t\t<meta name=\"twitter:title\" content=\"GPD WIN 4 Hartschalenkoffer - DROIX EU\" \/>\n\t\t<meta name=\"twitter:description\" content=\"Offizielle GPD-Schutztasche f\u00fcr GPD WIN 4 Langlebige Au\u00dfenh\u00fclle aus synthetischem Polymer Weiches Stofffutter f\u00fcr zus\u00e4tzlichen Schutz. Separates Fach f\u00fcr Peripherieger\u00e4te. Schlankes Design mit sicherem Rei\u00dfverschluss. Das Paket enth\u00e4lt 1x GPD WIN 4 Hartschalenkoffer\" \/>\n\t\t<meta name=\"twitter:image\" content=\"https:\/\/droix.eu\/wp-content\/uploads\/2024\/06\/droix-v2-light-logo.png\" \/>\n\t\t<script type=\"application\/ld+json\" class=\"aioseo-schema\">\n\t\t\t{\"@context\":\"https:\\\/\\\/schema.org\",\"@graph\":[{\"@type\":\"BreadcrumbList\",\"@id\":\"https:\\\/\\\/droix.eu\\\/de\\\/product\\\/gpd-win-4-hartschalenkoffer\\\/#breadcrumblist\",\"itemListElement\":[{\"@type\":\"ListItem\",\"@id\":\"https:\\\/\\\/droix.eu\\\/de\\\/#listItem\",\"position\":1,\"name\":\"Home\",\"item\":\"https:\\\/\\\/droix.eu\\\/de\\\/\",\"nextItem\":{\"@type\":\"ListItem\",\"@id\":\"https:\\\/\\\/droix.eu\\\/de\\\/product-category\\\/zubehor\\\/#listItem\",\"name\":\"Zubeh\\u00f6r\"}},{\"@type\":\"ListItem\",\"@id\":\"https:\\\/\\\/droix.eu\\\/de\\\/product-category\\\/zubehor\\\/#listItem\",\"position\":2,\"name\":\"Zubeh\\u00f6r\",\"item\":\"https:\\\/\\\/droix.eu\\\/de\\\/product-category\\\/zubehor\\\/\",\"nextItem\":{\"@type\":\"ListItem\",\"@id\":\"https:\\\/\\\/droix.eu\\\/de\\\/product-category\\\/zubehor\\\/gaming-zubehor\\\/#listItem\",\"name\":\"Gaming-Zubeh\\u00f6r\"},\"previousItem\":{\"@type\":\"ListItem\",\"@id\":\"https:\\\/\\\/droix.eu\\\/de\\\/#listItem\",\"name\":\"Home\"}},{\"@type\":\"ListItem\",\"@id\":\"https:\\\/\\\/droix.eu\\\/de\\\/product-category\\\/zubehor\\\/gaming-zubehor\\\/#listItem\",\"position\":3,\"name\":\"Gaming-Zubeh\\u00f6r\",\"item\":\"https:\\\/\\\/droix.eu\\\/de\\\/product-category\\\/zubehor\\\/gaming-zubehor\\\/\",\"nextItem\":{\"@type\":\"ListItem\",\"@id\":\"https:\\\/\\\/droix.eu\\\/de\\\/product\\\/gpd-win-4-hartschalenkoffer\\\/#listItem\",\"name\":\"GPD WIN 4 Hartschalenkoffer\"},\"previousItem\":{\"@type\":\"ListItem\",\"@id\":\"https:\\\/\\\/droix.eu\\\/de\\\/product-category\\\/zubehor\\\/#listItem\",\"name\":\"Zubeh\\u00f6r\"}},{\"@type\":\"ListItem\",\"@id\":\"https:\\\/\\\/droix.eu\\\/de\\\/product\\\/gpd-win-4-hartschalenkoffer\\\/#listItem\",\"position\":4,\"name\":\"GPD WIN 4 Hartschalenkoffer\",\"previousItem\":{\"@type\":\"ListItem\",\"@id\":\"https:\\\/\\\/droix.eu\\\/de\\\/product-category\\\/zubehor\\\/gaming-zubehor\\\/#listItem\",\"name\":\"Gaming-Zubeh\\u00f6r\"}}]},{\"@type\":\"Organization\",\"@id\":\"https:\\\/\\\/droix.eu\\\/de\\\/#organization\",\"name\":\"DroiX \\u2013 Trusted EU Tech Retailer with 12+ Years Experience\",\"description\":\"DroiX is a leading European technology retailer with over 12 years of experience, offering quality mini PCs, handheld gaming consoles, and tech accessories. We provide hassle-free EU delivery with all taxes included, ensuring a smooth and reliable shopping experience for our customers across Europe.\",\"url\":\"https:\\\/\\\/droix.eu\\\/de\\\/\",\"logo\":{\"@type\":\"ImageObject\",\"url\":\"https:\\\/\\\/droix.eu\\\/wp-content\\\/uploads\\\/2024\\\/06\\\/droix-v2-light-logo.png\",\"@id\":\"https:\\\/\\\/droix.eu\\\/de\\\/product\\\/gpd-win-4-hartschalenkoffer\\\/#organizationLogo\",\"width\":380,\"height\":118},\"image\":{\"@id\":\"https:\\\/\\\/droix.eu\\\/de\\\/product\\\/gpd-win-4-hartschalenkoffer\\\/#organizationLogo\"},\"sameAs\":[\"https:\\\/\\\/www.facebook.com\\\/DroiX.Store\",\"https:\\\/\\\/twitter.com\\\/DroiX_Store\",\"https:\\\/\\\/www.instagram.com\\\/droix.store\\\/\",\"https:\\\/\\\/www.tiktok.com\\\/@droix.store\",\"https:\\\/\\\/www.youtube.com\\\/c\\\/DroiX_Store\",\"https:\\\/\\\/uk.linkedin.com\\\/company\\\/droix\"]},{\"@type\":\"Product\",\"@id\":\"https:\\\/\\\/droix.eu\\\/de\\\/product\\\/gpd-win-4-hartschalenkoffer\\\/#wooCommerceProduct\",\"name\":\"GPD WIN 4 Hartschalenkoffer\",\"description\":\"Offizielle GPD-Schutztasche f\\u00fcr GPD WIN 4\\n \\tLanglebige Au\\u00dfenh\\u00fclle aus synthetischem Polymer\\n \\tWeiches Stofffutter f\\u00fcr zus\\u00e4tzlichen Schutz.\\n \\tSeparates Fach f\\u00fcr Peripherieger\\u00e4te.\\n \\tSchlankes Design mit sicherem Rei\\u00dfverschluss.\",\"url\":\"https:\\\/\\\/droix.eu\\\/de\\\/product\\\/gpd-win-4-hartschalenkoffer\\\/\",\"sku\":\"GPD-WIN_4-CASE\",\"gtin\":\"5060763675322\",\"image\":{\"@type\":\"ImageObject\",\"url\":\"https:\\\/\\\/droix.eu\\\/wp-content\\\/uploads\\\/2023\\\/05\\\/51y5P54tgzLready-gpd-4.png\",\"@id\":\"https:\\\/\\\/droix.eu\\\/de\\\/product\\\/gpd-win-4-hartschalenkoffer\\\/#productImage\",\"width\":1000,\"height\":1000},\"offers\":{\"@type\":\"Offer\",\"url\":\"https:\\\/\\\/droix.eu\\\/de\\\/product\\\/gpd-win-4-hartschalenkoffer\\\/#wooCommerceOffer\",\"price\":27,\"priceCurrency\":\"EUR\",\"category\":\"Gaming-Zubeh\\u00f6r\",\"availability\":\"https:\\\/\\\/schema.org\\\/OutOfStock\",\"priceSpecification\":{\"@type\":\"PriceSpecification\",\"price\":27,\"priceCurrency\":\"EUR\",\"valueAddedTaxIncluded\":\"true\"},\"seller\":{\"@type\":\"Organization\",\"@id\":\"https:\\\/\\\/droix.eu\\\/de\\\/#organization\"}}},{\"@type\":\"WebPage\",\"@id\":\"https:\\\/\\\/droix.eu\\\/de\\\/product\\\/gpd-win-4-hartschalenkoffer\\\/#webpage\",\"url\":\"https:\\\/\\\/droix.eu\\\/de\\\/product\\\/gpd-win-4-hartschalenkoffer\\\/\",\"name\":\"GPD WIN 4 Hartschalenkoffer - DROIX EU\",\"description\":\"Offizielle GPD-Schutztasche f\\u00fcr GPD WIN 4 Langlebige Au\\u00dfenh\\u00fclle aus synthetischem Polymer Weiches Stofffutter f\\u00fcr zus\\u00e4tzlichen Schutz. Separates Fach f\\u00fcr Peripherieger\\u00e4te. Schlankes Design mit sicherem Rei\\u00dfverschluss. Das Paket enth\\u00e4lt 1x GPD WIN 4 Hartschalenkoffer\",\"inLanguage\":\"de-DE\",\"isPartOf\":{\"@id\":\"https:\\\/\\\/droix.eu\\\/de\\\/#website\"},\"breadcrumb\":{\"@id\":\"https:\\\/\\\/droix.eu\\\/de\\\/product\\\/gpd-win-4-hartschalenkoffer\\\/#breadcrumblist\"},\"image\":{\"@type\":\"ImageObject\",\"url\":\"https:\\\/\\\/droix.eu\\\/wp-content\\\/uploads\\\/2023\\\/05\\\/51y5P54tgzLready-gpd-4.png\",\"@id\":\"https:\\\/\\\/droix.eu\\\/de\\\/product\\\/gpd-win-4-hartschalenkoffer\\\/#mainImage\",\"width\":1000,\"height\":1000},\"primaryImageOfPage\":{\"@id\":\"https:\\\/\\\/droix.eu\\\/de\\\/product\\\/gpd-win-4-hartschalenkoffer\\\/#mainImage\"},\"datePublished\":\"2023-05-25T09:22:48+01:00\",\"dateModified\":\"2026-01-20T05:48:53+00:00\"},{\"@type\":\"WebSite\",\"@id\":\"https:\\\/\\\/droix.eu\\\/de\\\/#website\",\"url\":\"https:\\\/\\\/droix.eu\\\/de\\\/\",\"name\":\"DROIX EU\",\"description\":\"Get the latest Mini PCs, Ultrabook, PC Gaming Handhelds and more!\",\"inLanguage\":\"de-DE\",\"publisher\":{\"@id\":\"https:\\\/\\\/droix.eu\\\/de\\\/#organization\"}}]}\n\t\t<\/script>\n\t\t<!-- All in One SEO Pro -->\r\n\t\t<title>GPD WIN 4 Hartschalenkoffer - DROIX EU<\/title>\n\n","aioseo_head_json":{"title":"GPD WIN 4 Hartschalenkoffer - DROIX EU","description":"Offizielle GPD-Schutztasche f\u00fcr GPD WIN 4 Langlebige Au\u00dfenh\u00fclle aus synthetischem Polymer Weiches Stofffutter f\u00fcr zus\u00e4tzlichen Schutz. Separates Fach f\u00fcr Peripherieger\u00e4te. Schlankes Design mit sicherem Rei\u00dfverschluss. Das Paket enth\u00e4lt 1x GPD WIN 4 Hartschalenkoffer","canonical_url":"https:\/\/droix.eu\/de\/product\/gpd-win-4-hartschalenkoffer\/","robots":"max-image-preview:large","keywords":"","webmasterTools":{"miscellaneous":""},"schema":{"@context":"https:\/\/schema.org","@graph":[{"@type":"BreadcrumbList","@id":"https:\/\/droix.eu\/de\/product\/gpd-win-4-hartschalenkoffer\/#breadcrumblist","itemListElement":[{"@type":"ListItem","@id":"https:\/\/droix.eu\/de\/#listItem","position":1,"name":"Home","item":"https:\/\/droix.eu\/de\/","nextItem":{"@type":"ListItem","@id":"https:\/\/droix.eu\/de\/product-category\/zubehor\/#listItem","name":"Zubeh\u00f6r"}},{"@type":"ListItem","@id":"https:\/\/droix.eu\/de\/product-category\/zubehor\/#listItem","position":2,"name":"Zubeh\u00f6r","item":"https:\/\/droix.eu\/de\/product-category\/zubehor\/","nextItem":{"@type":"ListItem","@id":"https:\/\/droix.eu\/de\/product-category\/zubehor\/gaming-zubehor\/#listItem","name":"Gaming-Zubeh\u00f6r"},"previousItem":{"@type":"ListItem","@id":"https:\/\/droix.eu\/de\/#listItem","name":"Home"}},{"@type":"ListItem","@id":"https:\/\/droix.eu\/de\/product-category\/zubehor\/gaming-zubehor\/#listItem","position":3,"name":"Gaming-Zubeh\u00f6r","item":"https:\/\/droix.eu\/de\/product-category\/zubehor\/gaming-zubehor\/","nextItem":{"@type":"ListItem","@id":"https:\/\/droix.eu\/de\/product\/gpd-win-4-hartschalenkoffer\/#listItem","name":"GPD WIN 4 Hartschalenkoffer"},"previousItem":{"@type":"ListItem","@id":"https:\/\/droix.eu\/de\/product-category\/zubehor\/#listItem","name":"Zubeh\u00f6r"}},{"@type":"ListItem","@id":"https:\/\/droix.eu\/de\/product\/gpd-win-4-hartschalenkoffer\/#listItem","position":4,"name":"GPD WIN 4 Hartschalenkoffer","previousItem":{"@type":"ListItem","@id":"https:\/\/droix.eu\/de\/product-category\/zubehor\/gaming-zubehor\/#listItem","name":"Gaming-Zubeh\u00f6r"}}]},{"@type":"Organization","@id":"https:\/\/droix.eu\/de\/#organization","name":"DroiX \u2013 Trusted EU Tech Retailer with 12+ Years Experience","description":"DroiX is a leading European technology retailer with over 12 years of experience, offering quality mini PCs, handheld gaming consoles, and tech accessories. We provide hassle-free EU delivery with all taxes included, ensuring a smooth and reliable shopping experience for our customers across Europe.","url":"https:\/\/droix.eu\/de\/","logo":{"@type":"ImageObject","url":"https:\/\/droix.eu\/wp-content\/uploads\/2024\/06\/droix-v2-light-logo.png","@id":"https:\/\/droix.eu\/de\/product\/gpd-win-4-hartschalenkoffer\/#organizationLogo","width":380,"height":118},"image":{"@id":"https:\/\/droix.eu\/de\/product\/gpd-win-4-hartschalenkoffer\/#organizationLogo"},"sameAs":["https:\/\/www.facebook.com\/DroiX.Store","https:\/\/twitter.com\/DroiX_Store","https:\/\/www.instagram.com\/droix.store\/","https:\/\/www.tiktok.com\/@droix.store","https:\/\/www.youtube.com\/c\/DroiX_Store","https:\/\/uk.linkedin.com\/company\/droix"]},{"@type":"Product","@id":"https:\/\/droix.eu\/de\/product\/gpd-win-4-hartschalenkoffer\/#wooCommerceProduct","name":"GPD WIN 4 Hartschalenkoffer","description":"Offizielle GPD-Schutztasche f\u00fcr GPD WIN 4\n \tLanglebige Au\u00dfenh\u00fclle aus synthetischem Polymer\n \tWeiches Stofffutter f\u00fcr zus\u00e4tzlichen Schutz.\n \tSeparates Fach f\u00fcr Peripherieger\u00e4te.\n \tSchlankes Design mit sicherem Rei\u00dfverschluss.","url":"https:\/\/droix.eu\/de\/product\/gpd-win-4-hartschalenkoffer\/","sku":"GPD-WIN_4-CASE","gtin":"5060763675322","image":{"@type":"ImageObject","url":"https:\/\/droix.eu\/wp-content\/uploads\/2023\/05\/51y5P54tgzLready-gpd-4.png","@id":"https:\/\/droix.eu\/de\/product\/gpd-win-4-hartschalenkoffer\/#productImage","width":1000,"height":1000},"offers":{"@type":"Offer","url":"https:\/\/droix.eu\/de\/product\/gpd-win-4-hartschalenkoffer\/#wooCommerceOffer","price":27,"priceCurrency":"EUR","category":"Gaming-Zubeh\u00f6r","availability":"https:\/\/schema.org\/OutOfStock","priceSpecification":{"@type":"PriceSpecification","price":27,"priceCurrency":"EUR","valueAddedTaxIncluded":"true"},"seller":{"@type":"Organization","@id":"https:\/\/droix.eu\/de\/#organization"}}},{"@type":"WebPage","@id":"https:\/\/droix.eu\/de\/product\/gpd-win-4-hartschalenkoffer\/#webpage","url":"https:\/\/droix.eu\/de\/product\/gpd-win-4-hartschalenkoffer\/","name":"GPD WIN 4 Hartschalenkoffer - DROIX EU","description":"Offizielle GPD-Schutztasche f\u00fcr GPD WIN 4 Langlebige Au\u00dfenh\u00fclle aus synthetischem Polymer Weiches Stofffutter f\u00fcr zus\u00e4tzlichen Schutz. Separates Fach f\u00fcr Peripherieger\u00e4te. Schlankes Design mit sicherem Rei\u00dfverschluss. Das Paket enth\u00e4lt 1x GPD WIN 4 Hartschalenkoffer","inLanguage":"de-DE","isPartOf":{"@id":"https:\/\/droix.eu\/de\/#website"},"breadcrumb":{"@id":"https:\/\/droix.eu\/de\/product\/gpd-win-4-hartschalenkoffer\/#breadcrumblist"},"image":{"@type":"ImageObject","url":"https:\/\/droix.eu\/wp-content\/uploads\/2023\/05\/51y5P54tgzLready-gpd-4.png","@id":"https:\/\/droix.eu\/de\/product\/gpd-win-4-hartschalenkoffer\/#mainImage","width":1000,"height":1000},"primaryImageOfPage":{"@id":"https:\/\/droix.eu\/de\/product\/gpd-win-4-hartschalenkoffer\/#mainImage"},"datePublished":"2023-05-25T09:22:48+01:00","dateModified":"2026-01-20T05:48:53+00:00"},{"@type":"WebSite","@id":"https:\/\/droix.eu\/de\/#website","url":"https:\/\/droix.eu\/de\/","name":"DROIX EU","description":"Get the latest Mini PCs, Ultrabook, PC Gaming Handhelds and more!","inLanguage":"de-DE","publisher":{"@id":"https:\/\/droix.eu\/de\/#organization"}}]},"og:locale":"de_DE","og:site_name":"DROIX EU - Get the latest Mini PCs, Ultrabook, PC Gaming Handhelds and more!","og:type":"article","og:title":"GPD WIN 4 Hartschalenkoffer - DROIX EU","og:description":"Offizielle GPD-Schutztasche f\u00fcr GPD WIN 4 Langlebige Au\u00dfenh\u00fclle aus synthetischem Polymer Weiches Stofffutter f\u00fcr zus\u00e4tzlichen Schutz. Separates Fach f\u00fcr Peripherieger\u00e4te. Schlankes Design mit sicherem Rei\u00dfverschluss. Das Paket enth\u00e4lt 1x GPD WIN 4 Hartschalenkoffer","og:url":"https:\/\/droix.eu\/de\/product\/gpd-win-4-hartschalenkoffer\/","og:image":"https:\/\/droix.eu\/wp-content\/uploads\/2024\/06\/droix-v2-light-logo.png","og:image:secure_url":"https:\/\/droix.eu\/wp-content\/uploads\/2024\/06\/droix-v2-light-logo.png","og:image:width":380,"og:image:height":118,"article:published_time":"2023-05-25T09:22:48+00:00","article:modified_time":"2026-01-20T05:48:53+00:00","article:publisher":"https:\/\/www.facebook.com\/DroiX.Store","twitter:card":"summary_large_image","twitter:site":"@DroiX_Store","twitter:title":"GPD WIN 4 Hartschalenkoffer - DROIX EU","twitter:description":"Offizielle GPD-Schutztasche f\u00fcr GPD WIN 4 Langlebige Au\u00dfenh\u00fclle aus synthetischem Polymer Weiches Stofffutter f\u00fcr zus\u00e4tzlichen Schutz. Separates Fach f\u00fcr Peripherieger\u00e4te. Schlankes Design mit sicherem Rei\u00dfverschluss. Das Paket enth\u00e4lt 1x GPD WIN 4 Hartschalenkoffer","twitter:image":"https:\/\/droix.eu\/wp-content\/uploads\/2024\/06\/droix-v2-light-logo.png"},"aioseo_meta_data":{"post_id":"511870","title":null,"description":null,"keywords":null,"keyphrases":null,"primary_term":null,"canonical_url":null,"og_title":null,"og_description":null,"og_object_type":"default","og_image_type":"default","og_image_url":null,"og_image_width":null,"og_image_height":null,"og_image_custom_url":null,"og_image_custom_fields":null,"og_video":null,"og_custom_url":null,"og_article_section":null,"og_article_tags":null,"twitter_use_og":true,"twitter_card":"default","twitter_image_type":"default","twitter_image_url":null,"twitter_image_custom_url":null,"twitter_image_custom_fields":null,"twitter_title":null,"twitter_description":null,"schema":{"blockGraphs":[],"customGraphs":[],"default":{"data":{"Article":[],"Course":[],"Dataset":[],"FAQPage":[],"Movie":[],"Person":[],"Product":[],"ProductReview":[],"Car":[],"Recipe":[],"Service":[],"SoftwareApplication":[],"WebPage":[]},"graphName":"","isEnabled":true},"graphs":[]},"schema_type":"default","schema_type_options":null,"pillar_content":false,"robots_default":true,"robots_noindex":false,"robots_noarchive":false,"robots_nosnippet":false,"robots_nofollow":false,"robots_noimageindex":false,"robots_noodp":false,"robots_notranslate":false,"robots_max_snippet":null,"robots_max_videopreview":null,"robots_max_imagepreview":"large","priority":null,"frequency":null,"local_seo":null,"seo_analyzer_scan_date":"2025-10-24 13:11:33","breadcrumb_settings":null,"limit_modified_date":false,"reviewed_by":null,"open_ai":null,"ai":null,"created":"2025-10-09 04:25:34","updated":"2026-01-24 08:55:28"},"aioseo_breadcrumb":"<div class=\"aioseo-breadcrumbs\"><span class=\"aioseo-breadcrumb\">\n\t<a href=\"https:\/\/droix.eu\/de\/\" title=\"Home\">Home<\/a>\n<\/span><span class=\"aioseo-breadcrumb-separator\">&raquo;<\/span><span class=\"aioseo-breadcrumb\">\n\t<a href=\"https:\/\/droix.eu\/de\/product-category\/zubehor\/\" title=\"Zubeh\u00f6r\">Zubeh\u00f6r<\/a>\n<\/span><span class=\"aioseo-breadcrumb-separator\">&raquo;<\/span><span class=\"aioseo-breadcrumb\">\n\t<a href=\"https:\/\/droix.eu\/de\/product-category\/zubehor\/gaming-zubehor\/\" title=\"Gaming-Zubeh\u00f6r\">Gaming-Zubeh\u00f6r<\/a>\n<\/span><span class=\"aioseo-breadcrumb-separator\">&raquo;<\/span><span class=\"aioseo-breadcrumb\">\n\tGPD WIN 4 Hartschalenkoffer\n<\/span><\/div>","aioseo_breadcrumb_json":[{"label":"Home","link":"https:\/\/droix.eu\/de\/"},{"label":"Zubeh\u00f6r","link":"https:\/\/droix.eu\/de\/product-category\/zubehor\/"},{"label":"Gaming-Zubeh\u00f6r","link":"https:\/\/droix.eu\/de\/product-category\/zubehor\/gaming-zubehor\/"},{"label":"GPD WIN 4 Hartschalenkoffer","link":"https:\/\/droix.eu\/de\/product\/gpd-win-4-hartschalenkoffer\/"}],"_links":{"self":[{"href":"https:\/\/droix.eu\/de\/wp-json\/wp\/v2\/product\/511870","targetHints":{"allow":["GET"]}}],"collection":[{"href":"https:\/\/droix.eu\/de\/wp-json\/wp\/v2\/product"}],"about":[{"href":"https:\/\/droix.eu\/de\/wp-json\/wp\/v2\/types\/product"}],"version-history":[{"count":0,"href":"https:\/\/droix.eu\/de\/wp-json\/wp\/v2\/product\/511870\/revisions"}],"wp:featuredmedia":[{"embeddable":true,"href":"https:\/\/droix.eu\/de\/wp-json\/wp\/v2\/media\/409289"}],"wp:attachment":[{"href":"https:\/\/droix.eu\/de\/wp-json\/wp\/v2\/media?parent=511870"}],"wp:term":[{"taxonomy":"product_brand","embeddable":true,"href":"https:\/\/droix.eu\/de\/wp-json\/wp\/v2\/product_brand?post=511870"},{"taxonomy":"product_cat","embeddable":true,"href":"https:\/\/droix.eu\/de\/wp-json\/wp\/v2\/product_cat?post=511870"},{"taxonomy":"product_tag","embeddable":true,"href":"https:\/\/droix.eu\/de\/wp-json\/wp\/v2\/product_tag?post=511870"},{"taxonomy":"woo-feed-brand","embeddable":true,"href":"https:\/\/droix.eu\/de\/wp-json\/wp\/v2\/woo-feed-brand?post=511870"},{"taxonomy":"key-features","embeddable":true,"href":"https:\/\/droix.eu\/de\/wp-json\/wp\/v2\/key-features?post=511870"}],"curies":[{"name":"wp","href":"https:\/\/api.w.org\/{rel}","templated":true}]}}