{"id":511708,"date":"2023-11-21T11:50:59","date_gmt":"2023-11-21T11:50:59","guid":{"rendered":"https:\/\/droix.eu\/product\/gpd-win-mini-koffer\/"},"modified":"2025-11-14T10:21:38","modified_gmt":"2025-11-14T10:21:38","slug":"gpd-win-mini-koffer","status":"publish","type":"product","link":"https:\/\/droix.eu\/de\/product\/gpd-win-mini-koffer\/","title":{"rendered":"GPD WIN Mini-Koffer"},"content":{"rendered":"<p><b><span data-contrast=\"none\">GPD WIN Mini Case &#8211; Erh\u00f6hen Sie Ihr Spielerlebnis<\/span><\/b><span data-ccp-props=\"{\"201341983\":0,\"335559738\":120,\"335559739\":120,\"335559740\":192}\"> <\/span><\/p>\n<p><span data-contrast=\"none\">Nehmen Sie Ihren <\/span><a href=\"https:\/\/droix.eu\/de\/product\/gpd-win-mini\/\"><span data-contrast=\"none\">GPD WIN Mini<\/span><\/a><span data-contrast=\"none\">  Gaming-Sessions mit dem offiziellen GPD-Koffer auf die n\u00e4chste Stufe. Er erg\u00e4nzt das schlanke Design des GPD Win Mini.<\/span><\/p>\n","protected":false},"excerpt":{"rendered":"<ul>\n<li><strong>Offizielle GPD-Tasche:<\/strong> Ma\u00dfgeschneidert f\u00fcr das GPD WIN Mini<\/li>\n<li><strong>Hervorragender Halt:<\/strong> Innerer Riemen zur Sicherung Ihres GPD WIN Mini<\/li>\n<li><strong>Komfortables Design:<\/strong> Weiche und sichere Auskleidung<\/li>\n<li><strong>Elegantes Design:<\/strong> Inklusiver Handriemen<\/li>\n<li><strong>Robuste Schale:<\/strong> Verabschieden Sie sich von Kratzern<\/li>\n<\/ul>\n[cg_accordion title=\"2 Jahre Garantie auf alle GPD-Produkte\"]<\/p>\n<p>Auf alle GPD Produkte gew\u00e4hren wir 2 Jahre Garantie und bieten seit \u00fcber 13 Jahren einen zuverl\u00e4ssigen Service. Schlie\u00dfen Sie sich unserer Gemeinschaft von \u00fcber 500.000 zufriedenen Kunden an und vertrauen Sie auf Ihren Kauf. [\/cg_accordion]\n[cg_accordion title=\"Qualit\u00e4tssicherung und Tests vor der Auslieferung\"]<\/p>\n<p>Sicherstellung der Kundenzufriedenheit auf h\u00f6chstem Niveau: Jedes Ger\u00e4t wird vor der Auslieferung strengen Tests und einer mehrstufigen Qualit\u00e4tskontrolle unterzogen. Unser engagiertes Team pr\u00fcft die Leistung, Funktionalit\u00e4t und Integrit\u00e4t der Komponenten, um zu gew\u00e4hrleisten, dass Ihr GPD-Ger\u00e4t bei der Ankunft in einwandfreiem Zustand ist und Sie sich darauf verlassen k\u00f6nnen. [\/cg_accordion]\n[cg_accordion title=\"Flexible und sichere Zahlungsoptionen\"]<\/p>\n<p>Genie\u00dfen Sie den Seelenfrieden mit unserem sicheren Bezahlsystem. Wir unterst\u00fctzen alle wichtigen Zahlungsmethoden, einschlie\u00dflich Debit-\/Kreditkarten, PayPal, Apple Pay, Google Pay, Klarna, Afterpay und Affirm &#8211; und geben Ihnen die Freiheit, auf Ihre Weise zu zahlen, ob im Voraus oder in einfachen Raten. [\/cg_accordion]\n[cg_accordion title=\"Steuern\"]<\/p>\n<p>Die Preise enthalten die gesetzliche Mehrwertsteuer, die je nach Land bis zu 25 % betragen kann. Der genaue Betrag wird w\u00e4hrend des Bestellvorgangs angezeigt, um volle Transparenz zu gew\u00e4hrleisten. [\/cg_accordion]\n[cg_accordion title=\"Versand und R\u00fcckgabe\"]<\/p>\n<p>Wir arbeiten mit mehr als 10 zuverl\u00e4ssigen Versandpartnern zusammen, um sicherzustellen, dass Ihre Bestellung schnell, sicher und zuverl\u00e4ssig ankommt.<\/p>\n<p>Wir verwenden den Expressversand DDP (Delivered Duty Paid). Dies bedeutet: <\/p>\n<li>Alle Z\u00f6lle und Steuern sind bereits im angegebenen Produktpreis enthalten.<\/li>\n<li>Sie werden bei der Lieferung keine \u00fcberraschenden Kosten haben.<\/li>\n<li>In den seltenen F\u00e4llen, in denen es zu Verz\u00f6gerungen bei der Zollabfertigung kommt, wird unser Team die Abfertigung f\u00fcr Sie \u00fcbernehmen, um eine reibungslose Lieferung zu gew\u00e4hrleisten.<\/li>\n<p>Wichtige Informationen \u00fcber R\u00fccksendungen:<\/p>\n<li>Wenn Sie Ihre Bestellung zur\u00fccksenden oder eine R\u00fcckerstattung beantragen, beachten Sie bitte, dass Steuern und Z\u00f6lle, die gem\u00e4\u00df den DDP-Bedingungen in Ihrem Namen bezahlt wurden, nicht erstattet werden k\u00f6nnen.<\/li>\n<p>Ausf\u00fchrliche Informationen finden Sie in unseren <a href=\"https:\/\/droix.eu\/de\/bedingungen-und-konditionen\/\" target=\"_blank\" rel=\"nofollow noopener\">Allgemeinen Gesch\u00e4ftsbedingungen<\/a>.\n<\/ul>\n<p>[\/cg_accordion]\n[cg_accordion title=\"Kundenbetreuung\"]<\/p>\n<p>Haben Sie eine Frage? Wir sind nur einen kurzen Text davon entfernt, Ihr Problem zu l\u00f6sen! [\/cg_accordion]\n[cg_accordion title=\"Das Paket enth\u00e4lt\"]<\/p>\n<ul>\n<li>1x GPD WIN Mini-Koffer<\/li>\n<\/ul>\n<p>[\/cg_accordion]\n","protected":false},"featured_media":448019,"template":"","meta":{"_acf_changed":false},"product_brand":[],"product_cat":[10616,10573,10572],"product_tag":[],"woo-feed-brand":[],"key-features":[],"class_list":{"0":"post-511708","1":"product","2":"type-product","3":"status-publish","4":"has-post-thumbnail","6":"product_cat-gaming-zubehor","7":"product_cat-laptop-zubehor","8":"product_cat-zubehor","9":"product_shipping_class-low-end","10":"pa_accessory-type-protective-case","11":"pa_brands-gpd-de","12":"pa_compatibility-gpd-win-mini-de","14":"first","15":"instock","16":"sale","17":"taxable","18":"shipping-taxable","19":"purchasable","20":"product-type-variable","21":"has-default-attributes"},"acf":[],"aioseo_notices":[],"aioseo_head":"\n\t\t<!-- All in One SEO Pro 4.9.5.2 - aioseo.com -->\n\t<meta name=\"description\" content=\"Offizielle GPD-Tasche: Ma\u00dfgeschneidert f\u00fcr das GPD WIN Mini Hervorragender Halt: Innerer Riemen zur Sicherung Ihres GPD WIN Mini Komfortables Design: Weiche und sichere Auskleidung Elegantes Design: Inklusiver Handriemen Robuste Schale: Verabschieden Sie sich von Kratzern\" \/>\n\t<meta name=\"robots\" content=\"max-image-preview:large\" \/>\n\t<link rel=\"canonical\" href=\"https:\/\/droix.eu\/de\/product\/gpd-win-mini-koffer\/\" \/>\n\t<meta name=\"generator\" content=\"All in One SEO Pro (AIOSEO) 4.9.5.2\" \/>\n\t\t<meta property=\"og:locale\" content=\"de_DE\" \/>\n\t\t<meta property=\"og:site_name\" content=\"DROIX EU - Get the latest Mini PCs, Ultrabook, PC Gaming Handhelds and more!\" \/>\n\t\t<meta property=\"og:type\" content=\"article\" \/>\n\t\t<meta property=\"og:title\" content=\"GPD WIN Mini-Koffer - DROIX EU\" \/>\n\t\t<meta property=\"og:description\" content=\"Offizielle GPD-Tasche: Ma\u00dfgeschneidert f\u00fcr das GPD WIN Mini Hervorragender Halt: Innerer Riemen zur Sicherung Ihres GPD WIN Mini Komfortables Design: Weiche und sichere Auskleidung Elegantes Design: Inklusiver Handriemen Robuste Schale: Verabschieden Sie sich von Kratzern\" \/>\n\t\t<meta property=\"og:url\" content=\"https:\/\/droix.eu\/de\/product\/gpd-win-mini-koffer\/\" \/>\n\t\t<meta property=\"og:image\" content=\"https:\/\/droix.eu\/wp-content\/uploads\/2024\/06\/droix-v2-light-logo.png\" \/>\n\t\t<meta property=\"og:image:secure_url\" content=\"https:\/\/droix.eu\/wp-content\/uploads\/2024\/06\/droix-v2-light-logo.png\" \/>\n\t\t<meta property=\"og:image:width\" content=\"380\" \/>\n\t\t<meta property=\"og:image:height\" content=\"118\" \/>\n\t\t<meta property=\"article:published_time\" content=\"2023-11-21T11:50:59+00:00\" \/>\n\t\t<meta property=\"article:modified_time\" content=\"2025-11-14T10:21:38+00:00\" \/>\n\t\t<meta property=\"article:publisher\" content=\"https:\/\/www.facebook.com\/DroiX.Store\" \/>\n\t\t<meta name=\"twitter:card\" content=\"summary_large_image\" \/>\n\t\t<meta name=\"twitter:site\" content=\"@DroiX_Store\" \/>\n\t\t<meta name=\"twitter:title\" content=\"GPD WIN Mini-Koffer - DROIX EU\" \/>\n\t\t<meta name=\"twitter:description\" content=\"Offizielle GPD-Tasche: Ma\u00dfgeschneidert f\u00fcr das GPD WIN Mini Hervorragender Halt: Innerer Riemen zur Sicherung Ihres GPD WIN Mini Komfortables Design: Weiche und sichere Auskleidung Elegantes Design: Inklusiver Handriemen Robuste Schale: Verabschieden Sie sich von Kratzern\" \/>\n\t\t<meta name=\"twitter:image\" content=\"https:\/\/droix.eu\/wp-content\/uploads\/2024\/06\/droix-v2-light-logo.png\" \/>\n\t\t<script type=\"application\/ld+json\" class=\"aioseo-schema\">\n\t\t\t{\"@context\":\"https:\\\/\\\/schema.org\",\"@graph\":[{\"@type\":\"BreadcrumbList\",\"@id\":\"https:\\\/\\\/droix.eu\\\/de\\\/product\\\/gpd-win-mini-koffer\\\/#breadcrumblist\",\"itemListElement\":[{\"@type\":\"ListItem\",\"@id\":\"https:\\\/\\\/droix.eu\\\/de\\\/#listItem\",\"position\":1,\"name\":\"Home\",\"item\":\"https:\\\/\\\/droix.eu\\\/de\\\/\",\"nextItem\":{\"@type\":\"ListItem\",\"@id\":\"https:\\\/\\\/droix.eu\\\/de\\\/product-category\\\/zubehor\\\/#listItem\",\"name\":\"Zubeh\\u00f6r\"}},{\"@type\":\"ListItem\",\"@id\":\"https:\\\/\\\/droix.eu\\\/de\\\/product-category\\\/zubehor\\\/#listItem\",\"position\":2,\"name\":\"Zubeh\\u00f6r\",\"item\":\"https:\\\/\\\/droix.eu\\\/de\\\/product-category\\\/zubehor\\\/\",\"nextItem\":{\"@type\":\"ListItem\",\"@id\":\"https:\\\/\\\/droix.eu\\\/de\\\/product-category\\\/zubehor\\\/laptop-zubehor\\\/#listItem\",\"name\":\"Laptop-Zubeh\\u00f6r\"},\"previousItem\":{\"@type\":\"ListItem\",\"@id\":\"https:\\\/\\\/droix.eu\\\/de\\\/#listItem\",\"name\":\"Home\"}},{\"@type\":\"ListItem\",\"@id\":\"https:\\\/\\\/droix.eu\\\/de\\\/product-category\\\/zubehor\\\/laptop-zubehor\\\/#listItem\",\"position\":3,\"name\":\"Laptop-Zubeh\\u00f6r\",\"item\":\"https:\\\/\\\/droix.eu\\\/de\\\/product-category\\\/zubehor\\\/laptop-zubehor\\\/\",\"nextItem\":{\"@type\":\"ListItem\",\"@id\":\"https:\\\/\\\/droix.eu\\\/de\\\/product\\\/gpd-win-mini-koffer\\\/#listItem\",\"name\":\"GPD WIN Mini-Koffer\"},\"previousItem\":{\"@type\":\"ListItem\",\"@id\":\"https:\\\/\\\/droix.eu\\\/de\\\/product-category\\\/zubehor\\\/#listItem\",\"name\":\"Zubeh\\u00f6r\"}},{\"@type\":\"ListItem\",\"@id\":\"https:\\\/\\\/droix.eu\\\/de\\\/product\\\/gpd-win-mini-koffer\\\/#listItem\",\"position\":4,\"name\":\"GPD WIN Mini-Koffer\",\"previousItem\":{\"@type\":\"ListItem\",\"@id\":\"https:\\\/\\\/droix.eu\\\/de\\\/product-category\\\/zubehor\\\/laptop-zubehor\\\/#listItem\",\"name\":\"Laptop-Zubeh\\u00f6r\"}}]},{\"@type\":\"Organization\",\"@id\":\"https:\\\/\\\/droix.eu\\\/de\\\/#organization\",\"name\":\"DroiX \\u2013 Trusted EU Tech Retailer with 12+ Years Experience\",\"description\":\"DroiX is a leading European technology retailer with over 12 years of experience, offering quality mini PCs, handheld gaming consoles, and tech accessories. We provide hassle-free EU delivery with all taxes included, ensuring a smooth and reliable shopping experience for our customers across Europe.\",\"url\":\"https:\\\/\\\/droix.eu\\\/de\\\/\",\"logo\":{\"@type\":\"ImageObject\",\"url\":\"https:\\\/\\\/droix.eu\\\/wp-content\\\/uploads\\\/2024\\\/06\\\/droix-v2-light-logo.png\",\"@id\":\"https:\\\/\\\/droix.eu\\\/de\\\/product\\\/gpd-win-mini-koffer\\\/#organizationLogo\",\"width\":380,\"height\":118},\"image\":{\"@id\":\"https:\\\/\\\/droix.eu\\\/de\\\/product\\\/gpd-win-mini-koffer\\\/#organizationLogo\"},\"sameAs\":[\"https:\\\/\\\/www.facebook.com\\\/DroiX.Store\",\"https:\\\/\\\/twitter.com\\\/DroiX_Store\",\"https:\\\/\\\/www.instagram.com\\\/droix.store\\\/\",\"https:\\\/\\\/www.tiktok.com\\\/@droix.store\",\"https:\\\/\\\/www.youtube.com\\\/c\\\/DroiX_Store\",\"https:\\\/\\\/uk.linkedin.com\\\/company\\\/droix\"]},{\"@type\":\"ProductGroup\",\"@id\":\"https:\\\/\\\/droix.eu\\\/de\\\/product\\\/gpd-win-mini-koffer\\\/#wooCommerceProduct\",\"name\":\"GPD WIN Mini-Koffer\",\"description\":\"Offizielle GPD-Tasche: Ma\\u00dfgeschneidert f\\u00fcr das GPD WIN Mini\\n \\tHervorragender Halt: Innerer Riemen zur Sicherung Ihres GPD WIN Mini\\n \\tKomfortables Design: Weiche und sichere Auskleidung\\n \\tElegantes Design: Inklusiver Handriemen\\n \\tRobuste Schale: Verabschieden Sie sich von Kratzern\",\"url\":\"https:\\\/\\\/droix.eu\\\/de\\\/product\\\/gpd-win-mini-koffer\\\/\",\"image\":{\"@type\":\"ImageObject\",\"url\":\"https:\\\/\\\/droix.eu\\\/wp-content\\\/uploads\\\/2023\\\/11\\\/GPD-WIN-MINI-CASE-1.png\",\"@id\":\"https:\\\/\\\/droix.eu\\\/de\\\/product\\\/gpd-win-mini-koffer\\\/#productImage\",\"width\":960,\"height\":960,\"caption\":\"GPD WIN Mini-Koffer\"},\"productGroupID\":511708,\"hasVariant\":[{\"@type\":\"Product\",\"@id\":\"https:\\\/\\\/droix.eu\\\/de\\\/product\\\/gpd-win-mini-koffer\\\/#wooCommerceProduct\",\"name\":\"GPD WIN Mini-Koffer - new\",\"description\":\"Offizielle GPD-Tasche: Ma\\u00dfgeschneidert f\\u00fcr das GPD WIN Mini\\n \\tHervorragender Halt: Innerer Riemen zur Sicherung Ihres GPD WIN Mini\\n \\tKomfortables Design: Weiche und sichere Auskleidung\\n \\tElegantes Design: Inklusiver Handriemen\\n \\tRobuste Schale: Verabschieden Sie sich von Kratzern\",\"url\":\"https:\\\/\\\/droix.eu\\\/de\\\/product\\\/gpd-win-mini-koffer\\\/\",\"sku\":\"GPD-WIN-MINI-CASE\",\"gtin\":\"5060763677142\",\"image\":{\"@type\":\"ImageObject\",\"url\":\"https:\\\/\\\/droix.eu\\\/wp-content\\\/uploads\\\/2023\\\/11\\\/GPD-WIN-MINI-CASE-1.png\",\"@id\":\"https:\\\/\\\/droix.eu\\\/de\\\/product\\\/gpd-win-mini-koffer\\\/#productImage\",\"width\":960,\"height\":960,\"caption\":\"GPD WIN Mini-Koffer\"},\"offers\":{\"@type\":\"Offer\",\"url\":\"https:\\\/\\\/droix.eu\\\/de\\\/product\\\/gpd-win-mini-koffer\\\/#wooCommerceOffer\",\"price\":\"18.95\",\"priceCurrency\":\"EUR\",\"category\":\"Gaming-Zubeh\\u00f6r\",\"availability\":\"https:\\\/\\\/schema.org\\\/InStock\",\"priceSpecification\":{\"@type\":\"PriceSpecification\",\"price\":18.95,\"priceCurrency\":\"EUR\",\"valueAddedTaxIncluded\":\"true\"}}}]},{\"@type\":\"WebPage\",\"@id\":\"https:\\\/\\\/droix.eu\\\/de\\\/product\\\/gpd-win-mini-koffer\\\/#webpage\",\"url\":\"https:\\\/\\\/droix.eu\\\/de\\\/product\\\/gpd-win-mini-koffer\\\/\",\"name\":\"GPD WIN Mini-Koffer - DROIX EU\",\"description\":\"Offizielle GPD-Tasche: Ma\\u00dfgeschneidert f\\u00fcr das GPD WIN Mini Hervorragender Halt: Innerer Riemen zur Sicherung Ihres GPD WIN Mini Komfortables Design: Weiche und sichere Auskleidung Elegantes Design: Inklusiver Handriemen Robuste Schale: Verabschieden Sie sich von Kratzern\",\"inLanguage\":\"de-DE\",\"isPartOf\":{\"@id\":\"https:\\\/\\\/droix.eu\\\/de\\\/#website\"},\"breadcrumb\":{\"@id\":\"https:\\\/\\\/droix.eu\\\/de\\\/product\\\/gpd-win-mini-koffer\\\/#breadcrumblist\"},\"image\":{\"@type\":\"ImageObject\",\"url\":\"https:\\\/\\\/droix.eu\\\/wp-content\\\/uploads\\\/2023\\\/11\\\/GPD-WIN-MINI-CASE-1.png\",\"@id\":\"https:\\\/\\\/droix.eu\\\/de\\\/product\\\/gpd-win-mini-koffer\\\/#mainImage\",\"width\":960,\"height\":960,\"caption\":\"GPD WIN Mini-Koffer\"},\"primaryImageOfPage\":{\"@id\":\"https:\\\/\\\/droix.eu\\\/de\\\/product\\\/gpd-win-mini-koffer\\\/#mainImage\"},\"datePublished\":\"2023-11-21T11:50:59+00:00\",\"dateModified\":\"2025-11-14T10:21:38+00:00\"},{\"@type\":\"WebSite\",\"@id\":\"https:\\\/\\\/droix.eu\\\/de\\\/#website\",\"url\":\"https:\\\/\\\/droix.eu\\\/de\\\/\",\"name\":\"DROIX EU\",\"description\":\"Get the latest Mini PCs, Ultrabook, PC Gaming Handhelds and more!\",\"inLanguage\":\"de-DE\",\"publisher\":{\"@id\":\"https:\\\/\\\/droix.eu\\\/de\\\/#organization\"}}]}\n\t\t<\/script>\n\t\t<!-- All in One SEO Pro -->\r\n\t\t<title>GPD WIN Mini-Koffer - DROIX EU<\/title>\n\n","aioseo_head_json":{"title":"GPD WIN Mini-Koffer - DROIX EU","description":"Offizielle GPD-Tasche: Ma\u00dfgeschneidert f\u00fcr das GPD WIN Mini Hervorragender Halt: Innerer Riemen zur Sicherung Ihres GPD WIN Mini Komfortables Design: Weiche und sichere Auskleidung Elegantes Design: Inklusiver Handriemen Robuste Schale: Verabschieden Sie sich von Kratzern","canonical_url":"https:\/\/droix.eu\/de\/product\/gpd-win-mini-koffer\/","robots":"max-image-preview:large","keywords":"","webmasterTools":{"miscellaneous":""},"schema":{"@context":"https:\/\/schema.org","@graph":[{"@type":"BreadcrumbList","@id":"https:\/\/droix.eu\/de\/product\/gpd-win-mini-koffer\/#breadcrumblist","itemListElement":[{"@type":"ListItem","@id":"https:\/\/droix.eu\/de\/#listItem","position":1,"name":"Home","item":"https:\/\/droix.eu\/de\/","nextItem":{"@type":"ListItem","@id":"https:\/\/droix.eu\/de\/product-category\/zubehor\/#listItem","name":"Zubeh\u00f6r"}},{"@type":"ListItem","@id":"https:\/\/droix.eu\/de\/product-category\/zubehor\/#listItem","position":2,"name":"Zubeh\u00f6r","item":"https:\/\/droix.eu\/de\/product-category\/zubehor\/","nextItem":{"@type":"ListItem","@id":"https:\/\/droix.eu\/de\/product-category\/zubehor\/laptop-zubehor\/#listItem","name":"Laptop-Zubeh\u00f6r"},"previousItem":{"@type":"ListItem","@id":"https:\/\/droix.eu\/de\/#listItem","name":"Home"}},{"@type":"ListItem","@id":"https:\/\/droix.eu\/de\/product-category\/zubehor\/laptop-zubehor\/#listItem","position":3,"name":"Laptop-Zubeh\u00f6r","item":"https:\/\/droix.eu\/de\/product-category\/zubehor\/laptop-zubehor\/","nextItem":{"@type":"ListItem","@id":"https:\/\/droix.eu\/de\/product\/gpd-win-mini-koffer\/#listItem","name":"GPD WIN Mini-Koffer"},"previousItem":{"@type":"ListItem","@id":"https:\/\/droix.eu\/de\/product-category\/zubehor\/#listItem","name":"Zubeh\u00f6r"}},{"@type":"ListItem","@id":"https:\/\/droix.eu\/de\/product\/gpd-win-mini-koffer\/#listItem","position":4,"name":"GPD WIN Mini-Koffer","previousItem":{"@type":"ListItem","@id":"https:\/\/droix.eu\/de\/product-category\/zubehor\/laptop-zubehor\/#listItem","name":"Laptop-Zubeh\u00f6r"}}]},{"@type":"Organization","@id":"https:\/\/droix.eu\/de\/#organization","name":"DroiX \u2013 Trusted EU Tech Retailer with 12+ Years Experience","description":"DroiX is a leading European technology retailer with over 12 years of experience, offering quality mini PCs, handheld gaming consoles, and tech accessories. We provide hassle-free EU delivery with all taxes included, ensuring a smooth and reliable shopping experience for our customers across Europe.","url":"https:\/\/droix.eu\/de\/","logo":{"@type":"ImageObject","url":"https:\/\/droix.eu\/wp-content\/uploads\/2024\/06\/droix-v2-light-logo.png","@id":"https:\/\/droix.eu\/de\/product\/gpd-win-mini-koffer\/#organizationLogo","width":380,"height":118},"image":{"@id":"https:\/\/droix.eu\/de\/product\/gpd-win-mini-koffer\/#organizationLogo"},"sameAs":["https:\/\/www.facebook.com\/DroiX.Store","https:\/\/twitter.com\/DroiX_Store","https:\/\/www.instagram.com\/droix.store\/","https:\/\/www.tiktok.com\/@droix.store","https:\/\/www.youtube.com\/c\/DroiX_Store","https:\/\/uk.linkedin.com\/company\/droix"]},{"@type":"ProductGroup","@id":"https:\/\/droix.eu\/de\/product\/gpd-win-mini-koffer\/#wooCommerceProduct","name":"GPD WIN Mini-Koffer","description":"Offizielle GPD-Tasche: Ma\u00dfgeschneidert f\u00fcr das GPD WIN Mini\n \tHervorragender Halt: Innerer Riemen zur Sicherung Ihres GPD WIN Mini\n \tKomfortables Design: Weiche und sichere Auskleidung\n \tElegantes Design: Inklusiver Handriemen\n \tRobuste Schale: Verabschieden Sie sich von Kratzern","url":"https:\/\/droix.eu\/de\/product\/gpd-win-mini-koffer\/","image":{"@type":"ImageObject","url":"https:\/\/droix.eu\/wp-content\/uploads\/2023\/11\/GPD-WIN-MINI-CASE-1.png","@id":"https:\/\/droix.eu\/de\/product\/gpd-win-mini-koffer\/#productImage","width":960,"height":960,"caption":"GPD WIN Mini-Koffer"},"productGroupID":511708,"hasVariant":[{"@type":"Product","@id":"https:\/\/droix.eu\/de\/product\/gpd-win-mini-koffer\/#wooCommerceProduct","name":"GPD WIN Mini-Koffer - new","description":"Offizielle GPD-Tasche: Ma\u00dfgeschneidert f\u00fcr das GPD WIN Mini\n \tHervorragender Halt: Innerer Riemen zur Sicherung Ihres GPD WIN Mini\n \tKomfortables Design: Weiche und sichere Auskleidung\n \tElegantes Design: Inklusiver Handriemen\n \tRobuste Schale: Verabschieden Sie sich von Kratzern","url":"https:\/\/droix.eu\/de\/product\/gpd-win-mini-koffer\/","sku":"GPD-WIN-MINI-CASE","gtin":"5060763677142","image":{"@type":"ImageObject","url":"https:\/\/droix.eu\/wp-content\/uploads\/2023\/11\/GPD-WIN-MINI-CASE-1.png","@id":"https:\/\/droix.eu\/de\/product\/gpd-win-mini-koffer\/#productImage","width":960,"height":960,"caption":"GPD WIN Mini-Koffer"},"offers":{"@type":"Offer","url":"https:\/\/droix.eu\/de\/product\/gpd-win-mini-koffer\/#wooCommerceOffer","price":"18.95","priceCurrency":"EUR","category":"Gaming-Zubeh\u00f6r","availability":"https:\/\/schema.org\/InStock","priceSpecification":{"@type":"PriceSpecification","price":18.95,"priceCurrency":"EUR","valueAddedTaxIncluded":"true"}}}]},{"@type":"WebPage","@id":"https:\/\/droix.eu\/de\/product\/gpd-win-mini-koffer\/#webpage","url":"https:\/\/droix.eu\/de\/product\/gpd-win-mini-koffer\/","name":"GPD WIN Mini-Koffer - DROIX EU","description":"Offizielle GPD-Tasche: Ma\u00dfgeschneidert f\u00fcr das GPD WIN Mini Hervorragender Halt: Innerer Riemen zur Sicherung Ihres GPD WIN Mini Komfortables Design: Weiche und sichere Auskleidung Elegantes Design: Inklusiver Handriemen Robuste Schale: Verabschieden Sie sich von Kratzern","inLanguage":"de-DE","isPartOf":{"@id":"https:\/\/droix.eu\/de\/#website"},"breadcrumb":{"@id":"https:\/\/droix.eu\/de\/product\/gpd-win-mini-koffer\/#breadcrumblist"},"image":{"@type":"ImageObject","url":"https:\/\/droix.eu\/wp-content\/uploads\/2023\/11\/GPD-WIN-MINI-CASE-1.png","@id":"https:\/\/droix.eu\/de\/product\/gpd-win-mini-koffer\/#mainImage","width":960,"height":960,"caption":"GPD WIN Mini-Koffer"},"primaryImageOfPage":{"@id":"https:\/\/droix.eu\/de\/product\/gpd-win-mini-koffer\/#mainImage"},"datePublished":"2023-11-21T11:50:59+00:00","dateModified":"2025-11-14T10:21:38+00:00"},{"@type":"WebSite","@id":"https:\/\/droix.eu\/de\/#website","url":"https:\/\/droix.eu\/de\/","name":"DROIX EU","description":"Get the latest Mini PCs, Ultrabook, PC Gaming Handhelds and more!","inLanguage":"de-DE","publisher":{"@id":"https:\/\/droix.eu\/de\/#organization"}}]},"og:locale":"de_DE","og:site_name":"DROIX EU - Get the latest Mini PCs, Ultrabook, PC Gaming Handhelds and more!","og:type":"article","og:title":"GPD WIN Mini-Koffer - DROIX EU","og:description":"Offizielle GPD-Tasche: Ma\u00dfgeschneidert f\u00fcr das GPD WIN Mini Hervorragender Halt: Innerer Riemen zur Sicherung Ihres GPD WIN Mini Komfortables Design: Weiche und sichere Auskleidung Elegantes Design: Inklusiver Handriemen Robuste Schale: Verabschieden Sie sich von Kratzern","og:url":"https:\/\/droix.eu\/de\/product\/gpd-win-mini-koffer\/","og:image":"https:\/\/droix.eu\/wp-content\/uploads\/2024\/06\/droix-v2-light-logo.png","og:image:secure_url":"https:\/\/droix.eu\/wp-content\/uploads\/2024\/06\/droix-v2-light-logo.png","og:image:width":380,"og:image:height":118,"article:published_time":"2023-11-21T11:50:59+00:00","article:modified_time":"2025-11-14T10:21:38+00:00","article:publisher":"https:\/\/www.facebook.com\/DroiX.Store","twitter:card":"summary_large_image","twitter:site":"@DroiX_Store","twitter:title":"GPD WIN Mini-Koffer - DROIX EU","twitter:description":"Offizielle GPD-Tasche: Ma\u00dfgeschneidert f\u00fcr das GPD WIN Mini Hervorragender Halt: Innerer Riemen zur Sicherung Ihres GPD WIN Mini Komfortables Design: Weiche und sichere Auskleidung Elegantes Design: Inklusiver Handriemen Robuste Schale: Verabschieden Sie sich von Kratzern","twitter:image":"https:\/\/droix.eu\/wp-content\/uploads\/2024\/06\/droix-v2-light-logo.png"},"aioseo_meta_data":{"post_id":"511708","title":null,"description":null,"keywords":null,"keyphrases":{"focus":{"keyphrase":"","score":0,"analysis":{"keyphraseInTitle":{"score":0,"maxScore":9,"error":1}}},"additional":[]},"primary_term":null,"canonical_url":null,"og_title":null,"og_description":null,"og_object_type":"default","og_image_type":"default","og_image_url":null,"og_image_width":null,"og_image_height":null,"og_image_custom_url":null,"og_image_custom_fields":null,"og_video":"","og_custom_url":null,"og_article_section":null,"og_article_tags":null,"twitter_use_og":true,"twitter_card":"default","twitter_image_type":"default","twitter_image_url":null,"twitter_image_custom_url":null,"twitter_image_custom_fields":null,"twitter_title":null,"twitter_description":null,"schema":{"blockGraphs":[],"customGraphs":[],"default":{"data":{"Article":[],"Course":[],"Dataset":[],"FAQPage":[],"Movie":[],"Person":[],"Product":[],"ProductReview":[],"Car":[],"Recipe":[],"Service":[],"SoftwareApplication":[],"WebPage":[]},"graphName":"Product","isEnabled":true},"graphs":[]},"schema_type":"default","schema_type_options":null,"pillar_content":false,"robots_default":true,"robots_noindex":false,"robots_noarchive":false,"robots_nosnippet":false,"robots_nofollow":false,"robots_noimageindex":false,"robots_noodp":false,"robots_notranslate":false,"robots_max_snippet":"-1","robots_max_videopreview":"-1","robots_max_imagepreview":"large","priority":null,"frequency":"default","local_seo":null,"seo_analyzer_scan_date":"2025-10-24 16:05:11","breadcrumb_settings":null,"limit_modified_date":false,"reviewed_by":null,"open_ai":null,"ai":{"faqs":[],"keyPoints":[],"titles":[],"descriptions":[],"socialPosts":{"email":[],"linkedin":[],"twitter":[],"facebook":[],"instagram":[]}},"created":"2025-10-09 05:05:38","updated":"2025-11-27 03:22:07"},"aioseo_breadcrumb":"<div class=\"aioseo-breadcrumbs\"><span class=\"aioseo-breadcrumb\">\n\t<a href=\"https:\/\/droix.eu\/de\/\" title=\"Home\">Home<\/a>\n<\/span><span class=\"aioseo-breadcrumb-separator\">&raquo;<\/span><span class=\"aioseo-breadcrumb\">\n\t<a href=\"https:\/\/droix.eu\/de\/product-category\/zubehor\/\" title=\"Zubeh\u00f6r\">Zubeh\u00f6r<\/a>\n<\/span><span class=\"aioseo-breadcrumb-separator\">&raquo;<\/span><span class=\"aioseo-breadcrumb\">\n\t<a href=\"https:\/\/droix.eu\/de\/product-category\/zubehor\/laptop-zubehor\/\" title=\"Laptop-Zubeh\u00f6r\">Laptop-Zubeh\u00f6r<\/a>\n<\/span><span class=\"aioseo-breadcrumb-separator\">&raquo;<\/span><span class=\"aioseo-breadcrumb\">\n\tGPD WIN Mini-Koffer\n<\/span><\/div>","aioseo_breadcrumb_json":[{"label":"Home","link":"https:\/\/droix.eu\/de\/"},{"label":"Zubeh\u00f6r","link":"https:\/\/droix.eu\/de\/product-category\/zubehor\/"},{"label":"Laptop-Zubeh\u00f6r","link":"https:\/\/droix.eu\/de\/product-category\/zubehor\/laptop-zubehor\/"},{"label":"GPD WIN Mini-Koffer","link":"https:\/\/droix.eu\/de\/product\/gpd-win-mini-koffer\/"}],"_links":{"self":[{"href":"https:\/\/droix.eu\/de\/wp-json\/wp\/v2\/product\/511708","targetHints":{"allow":["GET"]}}],"collection":[{"href":"https:\/\/droix.eu\/de\/wp-json\/wp\/v2\/product"}],"about":[{"href":"https:\/\/droix.eu\/de\/wp-json\/wp\/v2\/types\/product"}],"version-history":[{"count":0,"href":"https:\/\/droix.eu\/de\/wp-json\/wp\/v2\/product\/511708\/revisions"}],"wp:featuredmedia":[{"embeddable":true,"href":"https:\/\/droix.eu\/de\/wp-json\/wp\/v2\/media\/448019"}],"wp:attachment":[{"href":"https:\/\/droix.eu\/de\/wp-json\/wp\/v2\/media?parent=511708"}],"wp:term":[{"taxonomy":"product_brand","embeddable":true,"href":"https:\/\/droix.eu\/de\/wp-json\/wp\/v2\/product_brand?post=511708"},{"taxonomy":"product_cat","embeddable":true,"href":"https:\/\/droix.eu\/de\/wp-json\/wp\/v2\/product_cat?post=511708"},{"taxonomy":"product_tag","embeddable":true,"href":"https:\/\/droix.eu\/de\/wp-json\/wp\/v2\/product_tag?post=511708"},{"taxonomy":"woo-feed-brand","embeddable":true,"href":"https:\/\/droix.eu\/de\/wp-json\/wp\/v2\/woo-feed-brand?post=511708"},{"taxonomy":"key-features","embeddable":true,"href":"https:\/\/droix.eu\/de\/wp-json\/wp\/v2\/key-features?post=511708"}],"curies":[{"name":"wp","href":"https:\/\/api.w.org\/{rel}","templated":true}]}}