{"id":507747,"date":"2024-09-19T12:02:29","date_gmt":"2024-09-19T11:02:29","guid":{"rendered":"https:\/\/droix.eu\/product\/ayaneo-pocket-s-zubehoer\/"},"modified":"2026-04-08T10:13:39","modified_gmt":"2026-04-08T09:13:39","slug":"ayaneo-pocket-s-zubehoer","status":"publish","type":"product","link":"https:\/\/droix.eu\/de\/product\/ayaneo-pocket-s-zubehoer\/","title":{"rendered":"AYANEO Pocket S Zubeh\u00f6r"},"content":{"rendered":"\n<p>Verbessern Sie Ihr AYANEO Pocket S Spielerlebnis mit diesem unverzichtbaren Zubeh\u00f6rpaket, das f\u00fcr Schutz, Komfort und verbessertes Gameplay entwickelt wurde.<\/p>\n\n<ul class=\"wp-block-list\">\n<li><strong><strong>Ergonomischer Komfort-Griff Schutzh\u00fclle<\/strong><\/strong>: Diese Schutzh\u00fclle mit innovativem, ergonomischem Design erh\u00f6ht den Komfort und die Funktionalit\u00e4t Ihres AYANEO Pocket S. Die rutschfeste Textur sorgt f\u00fcr einen festen, sicheren Griff, und der gro\u00dfe, konturierte Griff bietet einen vollen und bequemen Halt, der l\u00e4ngere, erm\u00fcdungsfreie Spielsessions erm\u00f6glicht. Diese robuste H\u00fclle umschlie\u00dft Ihr Ger\u00e4t sicher und bietet umfassenden Schutz, um Ihr AYANEO Pocket S vor t\u00e4glichen St\u00f6\u00dfen, Kratzern und Abnutzung zu sch\u00fctzen. <\/li>\n\n\n\n<li><strong>Displayschutzfolie<\/strong>: Sch\u00fctzen Sie Ihren Bildschirm mit einer hochwertigen, ultraklaren Displayschutzfolie. Entwickelt, um Kratzern, Flecken und Fingerabdr\u00fccken zu widerstehen, stellt sie sicher, dass Ihre Anzeige so lebhaft und reaktionsschnell wie eh und je bleibt. Ihr einfach anzubringendes Design garantiert eine blasenfreie Installation und h\u00e4lt Ihren Bildschirm makellos, w\u00e4hrend die Ber\u00fchrungsempfindlichkeit f\u00fcr reibungsloses, ununterbrochenes Gameplay erhalten bleibt.  <\/li>\n\n\n\n<li><strong>Daumengriffe<\/strong>: Verbessern Sie Ihre Kontrolle mit Premium-Daumengriffen. Diese Silikon\u00fcberz\u00fcge f\u00fcr die Analogsticks bieten \u00fcberlegenen Halt und Pr\u00e4zision und helfen Ihnen, selbst in den intensivsten Spielmomenten die Kontrolle zu behalten. Konzipiert, um Erm\u00fcdung zu reduzieren und den Komfort zu verbessern, erm\u00f6glichen diese Daumengriffe pr\u00e4zisere Bewegungen und verschaffen Ihnen den ben\u00f6tigten Wettbewerbsvorteil.  <\/li>\n<\/ul>\n\n<p>Dieses Zubeh\u00f6r-Kit sorgt daf\u00fcr, dass Ihr AYANEO Pocket S gesch\u00fctzt und einsatzbereit bleibt, und verbessert gleichzeitig das Spielerlebnis durch ergonomische Verbesserungen.<\/p>\n","protected":false},"excerpt":{"rendered":"<ul>\n<li><strong>Offizielle<\/strong> AYANEO Pocket S Tasche<\/li>\n<li>Weiches Stofffutter f\u00fcr <strong>zus\u00e4tzlichen Schutz<\/strong>.<\/li>\n<li>Rutschfeste Textur und gro\u00dfer Griff f\u00fcr sicheren Halt.<\/li>\n<li>Hochwertiger, ultraklarer Schutz zur Verhinderung von Kratzern und Flecken.<\/li>\n<li>Erh\u00e4lt die Ber\u00fchrungsempfindlichkeit f\u00fcr reibungsloses Spielen.<\/li>\n<\/ul>\n[cg_accordion title=\"1 Jahr Garantie, gest\u00fctzt durch Erfahrung\"]<\/p>\n<p>Ihr Kauf ist durch unsere 1-Jahres-Garantie und mehr als 13 Jahre zuverl\u00e4ssigen Service gesch\u00fctzt. Mit \u00fcber 500.000 zufriedenen Kunden sind Sie in sicheren H\u00e4nden. [\/cg_accordion]\n[cg_accordion title=\"Qualit\u00e4tssicherung und Tests vor der Auslieferung\"]<\/p>\n<p>Sicherstellung der Kundenzufriedenheit auf h\u00f6chstem Niveau: Jedes Ger\u00e4t wird vor der Auslieferung strengen Tests und einer mehrstufigen Qualit\u00e4tskontrolle unterzogen. Unser engagiertes Team pr\u00fcft die Leistung, Funktionalit\u00e4t und Integrit\u00e4t der Komponenten, um zu gew\u00e4hrleisten, dass Ihr AYANEO-Ger\u00e4t bei der Ankunft in einwandfreiem Zustand ist und Sie sich darauf verlassen k\u00f6nnen. [\/cg_accordion]\n[cg_accordion title=\"Flexible und sichere Zahlungsoptionen\"]<\/p>\n<p>Genie\u00dfen Sie den Seelenfrieden mit unserem sicheren Bezahlsystem. Wir unterst\u00fctzen alle wichtigen Zahlungsmethoden, einschlie\u00dflich Debit-\/Kreditkarten, PayPal, Apple Pay, Google Pay, Klarna, Afterpay und Affirm &#8211; und geben Ihnen die Freiheit, auf Ihre Weise zu zahlen, ob im Voraus oder in einfachen Raten. [\/cg_accordion]\n[cg_accordion title=\"Steuern\"]<\/p>\n<p>Die Preise enthalten die gesetzliche Mehrwertsteuer, die je nach Land bis zu 25 % betragen kann. Der genaue Betrag wird w\u00e4hrend des Bestellvorgangs angezeigt, um volle Transparenz zu gew\u00e4hrleisten. [\/cg_accordion]\n[cg_accordion title=\"Versand und R\u00fcckgabe\"]<\/p>\n<p>Wir arbeiten mit mehr als 10 zuverl\u00e4ssigen Versandpartnern zusammen, um sicherzustellen, dass Ihre Bestellung schnell, sicher und zuverl\u00e4ssig ankommt.<\/p>\n<p>Wir verwenden den Expressversand DDP (Delivered Duty Paid). Dies bedeutet: <\/p>\n<li>Alle Z\u00f6lle und Steuern sind bereits im angegebenen Produktpreis enthalten.<\/li>\n<li>Sie werden bei der Lieferung keine \u00fcberraschenden Kosten haben.<\/li>\n<li>In den seltenen F\u00e4llen, in denen es zu Verz\u00f6gerungen bei der Zollabfertigung kommt, wird unser Team die Abfertigung f\u00fcr Sie \u00fcbernehmen, um eine reibungslose Lieferung zu gew\u00e4hrleisten.<\/li>\n<p>Wichtige Informationen \u00fcber R\u00fccksendungen:<\/p>\n<li>Wenn Sie Ihre Bestellung zur\u00fccksenden oder eine R\u00fcckerstattung beantragen, beachten Sie bitte, dass Steuern und Z\u00f6lle, die gem\u00e4\u00df den DDP-Bedingungen in Ihrem Namen bezahlt wurden, nicht erstattet werden k\u00f6nnen.<\/li>\n<p>Ausf\u00fchrliche Informationen finden Sie in unseren <a href=\"https:\/\/droix.eu\/de\/bedingungen-und-konditionen\/\" target=\"_blank\" rel=\"nofollow noopener\">Allgemeinen Gesch\u00e4ftsbedingungen<\/a>.\n<\/ul>\n<p>[\/cg_accordion]\n[cg_accordion title=\"Kundenbetreuung\"]<\/p>\n<p>Haben Sie eine Frage? Wir sind nur einen kurzen Text davon entfernt, Ihr Problem zu l\u00f6sen! [\/cg_accordion]\n[cg_accordion title=\"Das Paket enth\u00e4lt\"]<\/p>\n<ul>\n<li>1x AYANEO Pocket S Tasche<\/li>\n<li>1x AYANEO Pocket S Displayschutzfolie<\/li>\n<li>1x AYANEO Pocket S Griffe<\/li>\n<\/ul>\n<p>[\/cg_accordion]\n","protected":false},"featured_media":491255,"template":"","meta":{"_acf_changed":false},"product_brand":[],"product_cat":[10610],"product_tag":[],"woo-feed-brand":[],"key-features":[],"class_list":{"0":"post-507747","1":"product","2":"type-product","3":"status-publish","4":"has-post-thumbnail","6":"product_cat-uncategorized-de","7":"product_shipping_class-low-end","8":"pa_accessory-type-grip","9":"pa_accessory-type-protective-case","10":"pa_accessory-type-screen-protector","11":"pa_brands-ayaneo-de","13":"first","14":"instock","15":"sale","16":"taxable","17":"shipping-taxable","18":"purchasable","19":"product-type-simple"},"acf":[],"aioseo_notices":[],"aioseo_head":"\n\t\t<!-- All in One SEO Pro 4.9.6.2 - aioseo.com -->\n\t<meta name=\"description\" content=\"Offizielle AYANEO Pocket S Tasche Weiches Stofffutter f\u00fcr zus\u00e4tzlichen Schutz. Rutschfeste Textur und gro\u00dfer Griff f\u00fcr sicheren Halt. Hochwertiger, ultraklarer Schutz zur Verhinderung von Kratzern und Flecken. Erh\u00e4lt die Ber\u00fchrungsempfindlichkeit f\u00fcr reibungsloses Spielen.\" \/>\n\t<meta name=\"robots\" content=\"max-image-preview:large\" \/>\n\t<link rel=\"canonical\" href=\"https:\/\/droix.eu\/de\/product\/ayaneo-pocket-s-zubehoer\/\" \/>\n\t<meta name=\"generator\" content=\"All in One SEO Pro (AIOSEO) 4.9.6.2\" \/>\n\t\t<meta property=\"og:locale\" content=\"de_DE\" \/>\n\t\t<meta property=\"og:site_name\" content=\"DROIX EU - Get the latest Mini PCs, Ultrabook, PC Gaming Handhelds and more!\" \/>\n\t\t<meta property=\"og:type\" content=\"article\" \/>\n\t\t<meta property=\"og:title\" content=\"AYANEO Pocket S Zubeh\u00f6r - DROIX EU\" \/>\n\t\t<meta property=\"og:description\" content=\"Offizielle AYANEO Pocket S Tasche Weiches Stofffutter f\u00fcr zus\u00e4tzlichen Schutz. Rutschfeste Textur und gro\u00dfer Griff f\u00fcr sicheren Halt. Hochwertiger, ultraklarer Schutz zur Verhinderung von Kratzern und Flecken. Erh\u00e4lt die Ber\u00fchrungsempfindlichkeit f\u00fcr reibungsloses Spielen.\" \/>\n\t\t<meta property=\"og:url\" content=\"https:\/\/droix.eu\/de\/product\/ayaneo-pocket-s-zubehoer\/\" \/>\n\t\t<meta property=\"og:image\" content=\"https:\/\/droix.eu\/wp-content\/uploads\/2024\/06\/droix-v2-light-logo.png\" \/>\n\t\t<meta property=\"og:image:secure_url\" content=\"https:\/\/droix.eu\/wp-content\/uploads\/2024\/06\/droix-v2-light-logo.png\" \/>\n\t\t<meta property=\"og:image:width\" content=\"380\" \/>\n\t\t<meta property=\"og:image:height\" content=\"118\" \/>\n\t\t<meta property=\"article:published_time\" content=\"2024-09-19T11:02:29+00:00\" \/>\n\t\t<meta property=\"article:modified_time\" content=\"2026-04-08T09:13:39+00:00\" \/>\n\t\t<meta property=\"article:publisher\" content=\"https:\/\/www.facebook.com\/DroiX.Store\" \/>\n\t\t<meta name=\"twitter:card\" content=\"summary_large_image\" \/>\n\t\t<meta name=\"twitter:site\" content=\"@DroiX_Store\" \/>\n\t\t<meta name=\"twitter:title\" content=\"AYANEO Pocket S Zubeh\u00f6r - DROIX EU\" \/>\n\t\t<meta name=\"twitter:description\" content=\"Offizielle AYANEO Pocket S Tasche Weiches Stofffutter f\u00fcr zus\u00e4tzlichen Schutz. Rutschfeste Textur und gro\u00dfer Griff f\u00fcr sicheren Halt. Hochwertiger, ultraklarer Schutz zur Verhinderung von Kratzern und Flecken. Erh\u00e4lt die Ber\u00fchrungsempfindlichkeit f\u00fcr reibungsloses Spielen.\" \/>\n\t\t<meta name=\"twitter:image\" content=\"https:\/\/droix.eu\/wp-content\/uploads\/2024\/06\/droix-v2-light-logo.png\" \/>\n\t\t<script type=\"application\/ld+json\" class=\"aioseo-schema\">\n\t\t\t{\"@context\":\"https:\\\/\\\/schema.org\",\"@graph\":[{\"@type\":\"BreadcrumbList\",\"@id\":\"https:\\\/\\\/droix.eu\\\/de\\\/product\\\/ayaneo-pocket-s-zubehoer\\\/#breadcrumblist\",\"itemListElement\":[{\"@type\":\"ListItem\",\"@id\":\"https:\\\/\\\/droix.eu\\\/de\\\/#listItem\",\"position\":1,\"name\":\"Home\",\"item\":\"https:\\\/\\\/droix.eu\\\/de\\\/\",\"nextItem\":{\"@type\":\"ListItem\",\"@id\":\"https:\\\/\\\/droix.eu\\\/de\\\/product-category\\\/uncategorized-de\\\/#listItem\",\"name\":\"Uncategorized\"}},{\"@type\":\"ListItem\",\"@id\":\"https:\\\/\\\/droix.eu\\\/de\\\/product-category\\\/uncategorized-de\\\/#listItem\",\"position\":2,\"name\":\"Uncategorized\",\"item\":\"https:\\\/\\\/droix.eu\\\/de\\\/product-category\\\/uncategorized-de\\\/\",\"nextItem\":{\"@type\":\"ListItem\",\"@id\":\"https:\\\/\\\/droix.eu\\\/de\\\/product\\\/ayaneo-pocket-s-zubehoer\\\/#listItem\",\"name\":\"AYANEO Pocket S Zubeh\\u00f6r\"},\"previousItem\":{\"@type\":\"ListItem\",\"@id\":\"https:\\\/\\\/droix.eu\\\/de\\\/#listItem\",\"name\":\"Home\"}},{\"@type\":\"ListItem\",\"@id\":\"https:\\\/\\\/droix.eu\\\/de\\\/product\\\/ayaneo-pocket-s-zubehoer\\\/#listItem\",\"position\":3,\"name\":\"AYANEO Pocket S Zubeh\\u00f6r\",\"previousItem\":{\"@type\":\"ListItem\",\"@id\":\"https:\\\/\\\/droix.eu\\\/de\\\/product-category\\\/uncategorized-de\\\/#listItem\",\"name\":\"Uncategorized\"}}]},{\"@type\":\"Organization\",\"@id\":\"https:\\\/\\\/droix.eu\\\/de\\\/#organization\",\"name\":\"DroiX \\u2013 Trusted EU Tech Retailer with 12+ Years Experience\",\"description\":\"DroiX is a leading European technology retailer with over 12 years of experience, offering quality mini PCs, handheld gaming consoles, and tech accessories. We provide hassle-free EU delivery with all taxes included, ensuring a smooth and reliable shopping experience for our customers across Europe.\",\"url\":\"https:\\\/\\\/droix.eu\\\/de\\\/\",\"logo\":{\"@type\":\"ImageObject\",\"url\":\"https:\\\/\\\/droix.eu\\\/wp-content\\\/uploads\\\/2024\\\/06\\\/droix-v2-light-logo.png\",\"@id\":\"https:\\\/\\\/droix.eu\\\/de\\\/product\\\/ayaneo-pocket-s-zubehoer\\\/#organizationLogo\",\"width\":380,\"height\":118},\"image\":{\"@id\":\"https:\\\/\\\/droix.eu\\\/de\\\/product\\\/ayaneo-pocket-s-zubehoer\\\/#organizationLogo\"},\"sameAs\":[\"https:\\\/\\\/www.facebook.com\\\/DroiX.Store\",\"https:\\\/\\\/twitter.com\\\/DroiX_Store\",\"https:\\\/\\\/www.instagram.com\\\/droix.store\\\/\",\"https:\\\/\\\/www.tiktok.com\\\/@droix.store\",\"https:\\\/\\\/www.youtube.com\\\/c\\\/DroiX_Store\",\"https:\\\/\\\/uk.linkedin.com\\\/company\\\/droix\"]},{\"@type\":\"Product\",\"@id\":\"https:\\\/\\\/droix.eu\\\/de\\\/product\\\/ayaneo-pocket-s-zubehoer\\\/#wooCommerceProduct\",\"name\":\"AYANEO Pocket S Zubeh\\u00f6r\",\"description\":\"Offizielle AYANEO Pocket S Tasche\\n \\tWeiches Stofffutter f\\u00fcr zus\\u00e4tzlichen Schutz.\\n \\tRutschfeste Textur und gro\\u00dfer Griff f\\u00fcr sicheren Halt.\\n \\tHochwertiger, ultraklarer Schutz zur Verhinderung von Kratzern und Flecken.\\n \\tErh\\u00e4lt die Ber\\u00fchrungsempfindlichkeit f\\u00fcr reibungsloses Spielen.\",\"url\":\"https:\\\/\\\/droix.eu\\\/de\\\/product\\\/ayaneo-pocket-s-zubehoer\\\/\",\"sku\":\"AYANEO-POCKET-S-FREEBIES\",\"image\":{\"@type\":\"ImageObject\",\"url\":\"https:\\\/\\\/droix.eu\\\/wp-content\\\/uploads\\\/2024\\\/09\\\/AYANEO-POCKET-S-ACCESSORIES-LISTING-DONE-01.png\",\"@id\":\"https:\\\/\\\/droix.eu\\\/de\\\/product\\\/ayaneo-pocket-s-zubehoer\\\/#productImage\",\"width\":1500,\"height\":1500,\"caption\":\"Kostenloses AYANEO Pocket S Zubeh\\u00f6r (Schutztasche + Griffe + Displayschutzfolie)\"},\"offers\":{\"@type\":\"Offer\",\"url\":\"https:\\\/\\\/droix.eu\\\/de\\\/product\\\/ayaneo-pocket-s-zubehoer\\\/#wooCommerceOffer\",\"price\":11.01,\"priceCurrency\":\"EUR\",\"category\":\"Uncategorized\",\"availability\":\"https:\\\/\\\/schema.org\\\/InStock\",\"priceSpecification\":{\"@type\":\"PriceSpecification\",\"price\":11.01,\"priceCurrency\":\"EUR\",\"valueAddedTaxIncluded\":\"true\"},\"seller\":{\"@type\":\"Organization\",\"@id\":\"https:\\\/\\\/droix.eu\\\/de\\\/#organization\"}}},{\"@type\":\"WebPage\",\"@id\":\"https:\\\/\\\/droix.eu\\\/de\\\/product\\\/ayaneo-pocket-s-zubehoer\\\/#webpage\",\"url\":\"https:\\\/\\\/droix.eu\\\/de\\\/product\\\/ayaneo-pocket-s-zubehoer\\\/\",\"name\":\"AYANEO Pocket S Zubeh\\u00f6r - DROIX EU\",\"description\":\"Offizielle AYANEO Pocket S Tasche Weiches Stofffutter f\\u00fcr zus\\u00e4tzlichen Schutz. Rutschfeste Textur und gro\\u00dfer Griff f\\u00fcr sicheren Halt. Hochwertiger, ultraklarer Schutz zur Verhinderung von Kratzern und Flecken. Erh\\u00e4lt die Ber\\u00fchrungsempfindlichkeit f\\u00fcr reibungsloses Spielen.\",\"inLanguage\":\"de-DE\",\"isPartOf\":{\"@id\":\"https:\\\/\\\/droix.eu\\\/de\\\/#website\"},\"breadcrumb\":{\"@id\":\"https:\\\/\\\/droix.eu\\\/de\\\/product\\\/ayaneo-pocket-s-zubehoer\\\/#breadcrumblist\"},\"image\":{\"@type\":\"ImageObject\",\"url\":\"https:\\\/\\\/droix.eu\\\/wp-content\\\/uploads\\\/2024\\\/09\\\/AYANEO-POCKET-S-ACCESSORIES-LISTING-DONE-01.png\",\"@id\":\"https:\\\/\\\/droix.eu\\\/de\\\/product\\\/ayaneo-pocket-s-zubehoer\\\/#mainImage\",\"width\":1500,\"height\":1500,\"caption\":\"Kostenloses AYANEO Pocket S Zubeh\\u00f6r (Schutztasche + Griffe + Displayschutzfolie)\"},\"primaryImageOfPage\":{\"@id\":\"https:\\\/\\\/droix.eu\\\/de\\\/product\\\/ayaneo-pocket-s-zubehoer\\\/#mainImage\"},\"datePublished\":\"2024-09-19T12:02:29+01:00\",\"dateModified\":\"2026-04-08T10:13:39+01:00\"},{\"@type\":\"WebSite\",\"@id\":\"https:\\\/\\\/droix.eu\\\/de\\\/#website\",\"url\":\"https:\\\/\\\/droix.eu\\\/de\\\/\",\"name\":\"DROIX EU\",\"description\":\"Get the latest Mini PCs, Ultrabook, PC Gaming Handhelds and more!\",\"inLanguage\":\"de-DE\",\"publisher\":{\"@id\":\"https:\\\/\\\/droix.eu\\\/de\\\/#organization\"}}]}\n\t\t<\/script>\n\t\t<!-- All in One SEO Pro -->\r\n\t\t<title>AYANEO Pocket S Zubeh\u00f6r - DROIX EU<\/title>\n\n","aioseo_head_json":{"title":"AYANEO Pocket S Zubeh\u00f6r - DROIX EU","description":"Offizielle AYANEO Pocket S Tasche Weiches Stofffutter f\u00fcr zus\u00e4tzlichen Schutz. Rutschfeste Textur und gro\u00dfer Griff f\u00fcr sicheren Halt. Hochwertiger, ultraklarer Schutz zur Verhinderung von Kratzern und Flecken. Erh\u00e4lt die Ber\u00fchrungsempfindlichkeit f\u00fcr reibungsloses Spielen.","canonical_url":"https:\/\/droix.eu\/de\/product\/ayaneo-pocket-s-zubehoer\/","robots":"max-image-preview:large","keywords":"","webmasterTools":{"miscellaneous":""},"schema":{"@context":"https:\/\/schema.org","@graph":[{"@type":"BreadcrumbList","@id":"https:\/\/droix.eu\/de\/product\/ayaneo-pocket-s-zubehoer\/#breadcrumblist","itemListElement":[{"@type":"ListItem","@id":"https:\/\/droix.eu\/de\/#listItem","position":1,"name":"Home","item":"https:\/\/droix.eu\/de\/","nextItem":{"@type":"ListItem","@id":"https:\/\/droix.eu\/de\/product-category\/uncategorized-de\/#listItem","name":"Uncategorized"}},{"@type":"ListItem","@id":"https:\/\/droix.eu\/de\/product-category\/uncategorized-de\/#listItem","position":2,"name":"Uncategorized","item":"https:\/\/droix.eu\/de\/product-category\/uncategorized-de\/","nextItem":{"@type":"ListItem","@id":"https:\/\/droix.eu\/de\/product\/ayaneo-pocket-s-zubehoer\/#listItem","name":"AYANEO Pocket S Zubeh\u00f6r"},"previousItem":{"@type":"ListItem","@id":"https:\/\/droix.eu\/de\/#listItem","name":"Home"}},{"@type":"ListItem","@id":"https:\/\/droix.eu\/de\/product\/ayaneo-pocket-s-zubehoer\/#listItem","position":3,"name":"AYANEO Pocket S Zubeh\u00f6r","previousItem":{"@type":"ListItem","@id":"https:\/\/droix.eu\/de\/product-category\/uncategorized-de\/#listItem","name":"Uncategorized"}}]},{"@type":"Organization","@id":"https:\/\/droix.eu\/de\/#organization","name":"DroiX \u2013 Trusted EU Tech Retailer with 12+ Years Experience","description":"DroiX is a leading European technology retailer with over 12 years of experience, offering quality mini PCs, handheld gaming consoles, and tech accessories. We provide hassle-free EU delivery with all taxes included, ensuring a smooth and reliable shopping experience for our customers across Europe.","url":"https:\/\/droix.eu\/de\/","logo":{"@type":"ImageObject","url":"https:\/\/droix.eu\/wp-content\/uploads\/2024\/06\/droix-v2-light-logo.png","@id":"https:\/\/droix.eu\/de\/product\/ayaneo-pocket-s-zubehoer\/#organizationLogo","width":380,"height":118},"image":{"@id":"https:\/\/droix.eu\/de\/product\/ayaneo-pocket-s-zubehoer\/#organizationLogo"},"sameAs":["https:\/\/www.facebook.com\/DroiX.Store","https:\/\/twitter.com\/DroiX_Store","https:\/\/www.instagram.com\/droix.store\/","https:\/\/www.tiktok.com\/@droix.store","https:\/\/www.youtube.com\/c\/DroiX_Store","https:\/\/uk.linkedin.com\/company\/droix"]},{"@type":"Product","@id":"https:\/\/droix.eu\/de\/product\/ayaneo-pocket-s-zubehoer\/#wooCommerceProduct","name":"AYANEO Pocket S Zubeh\u00f6r","description":"Offizielle AYANEO Pocket S Tasche\n \tWeiches Stofffutter f\u00fcr zus\u00e4tzlichen Schutz.\n \tRutschfeste Textur und gro\u00dfer Griff f\u00fcr sicheren Halt.\n \tHochwertiger, ultraklarer Schutz zur Verhinderung von Kratzern und Flecken.\n \tErh\u00e4lt die Ber\u00fchrungsempfindlichkeit f\u00fcr reibungsloses Spielen.","url":"https:\/\/droix.eu\/de\/product\/ayaneo-pocket-s-zubehoer\/","sku":"AYANEO-POCKET-S-FREEBIES","image":{"@type":"ImageObject","url":"https:\/\/droix.eu\/wp-content\/uploads\/2024\/09\/AYANEO-POCKET-S-ACCESSORIES-LISTING-DONE-01.png","@id":"https:\/\/droix.eu\/de\/product\/ayaneo-pocket-s-zubehoer\/#productImage","width":1500,"height":1500,"caption":"Kostenloses AYANEO Pocket S Zubeh\u00f6r (Schutztasche + Griffe + Displayschutzfolie)"},"offers":{"@type":"Offer","url":"https:\/\/droix.eu\/de\/product\/ayaneo-pocket-s-zubehoer\/#wooCommerceOffer","price":11.01,"priceCurrency":"EUR","category":"Uncategorized","availability":"https:\/\/schema.org\/InStock","priceSpecification":{"@type":"PriceSpecification","price":11.01,"priceCurrency":"EUR","valueAddedTaxIncluded":"true"},"seller":{"@type":"Organization","@id":"https:\/\/droix.eu\/de\/#organization"}}},{"@type":"WebPage","@id":"https:\/\/droix.eu\/de\/product\/ayaneo-pocket-s-zubehoer\/#webpage","url":"https:\/\/droix.eu\/de\/product\/ayaneo-pocket-s-zubehoer\/","name":"AYANEO Pocket S Zubeh\u00f6r - DROIX EU","description":"Offizielle AYANEO Pocket S Tasche Weiches Stofffutter f\u00fcr zus\u00e4tzlichen Schutz. Rutschfeste Textur und gro\u00dfer Griff f\u00fcr sicheren Halt. Hochwertiger, ultraklarer Schutz zur Verhinderung von Kratzern und Flecken. Erh\u00e4lt die Ber\u00fchrungsempfindlichkeit f\u00fcr reibungsloses Spielen.","inLanguage":"de-DE","isPartOf":{"@id":"https:\/\/droix.eu\/de\/#website"},"breadcrumb":{"@id":"https:\/\/droix.eu\/de\/product\/ayaneo-pocket-s-zubehoer\/#breadcrumblist"},"image":{"@type":"ImageObject","url":"https:\/\/droix.eu\/wp-content\/uploads\/2024\/09\/AYANEO-POCKET-S-ACCESSORIES-LISTING-DONE-01.png","@id":"https:\/\/droix.eu\/de\/product\/ayaneo-pocket-s-zubehoer\/#mainImage","width":1500,"height":1500,"caption":"Kostenloses AYANEO Pocket S Zubeh\u00f6r (Schutztasche + Griffe + Displayschutzfolie)"},"primaryImageOfPage":{"@id":"https:\/\/droix.eu\/de\/product\/ayaneo-pocket-s-zubehoer\/#mainImage"},"datePublished":"2024-09-19T12:02:29+01:00","dateModified":"2026-04-08T10:13:39+01:00"},{"@type":"WebSite","@id":"https:\/\/droix.eu\/de\/#website","url":"https:\/\/droix.eu\/de\/","name":"DROIX EU","description":"Get the latest Mini PCs, Ultrabook, PC Gaming Handhelds and more!","inLanguage":"de-DE","publisher":{"@id":"https:\/\/droix.eu\/de\/#organization"}}]},"og:locale":"de_DE","og:site_name":"DROIX EU - Get the latest Mini PCs, Ultrabook, PC Gaming Handhelds and more!","og:type":"article","og:title":"AYANEO Pocket S Zubeh\u00f6r - DROIX EU","og:description":"Offizielle AYANEO Pocket S Tasche Weiches Stofffutter f\u00fcr zus\u00e4tzlichen Schutz. Rutschfeste Textur und gro\u00dfer Griff f\u00fcr sicheren Halt. Hochwertiger, ultraklarer Schutz zur Verhinderung von Kratzern und Flecken. Erh\u00e4lt die Ber\u00fchrungsempfindlichkeit f\u00fcr reibungsloses Spielen.","og:url":"https:\/\/droix.eu\/de\/product\/ayaneo-pocket-s-zubehoer\/","og:image":"https:\/\/droix.eu\/wp-content\/uploads\/2024\/06\/droix-v2-light-logo.png","og:image:secure_url":"https:\/\/droix.eu\/wp-content\/uploads\/2024\/06\/droix-v2-light-logo.png","og:image:width":380,"og:image:height":118,"article:published_time":"2024-09-19T11:02:29+00:00","article:modified_time":"2026-04-08T09:13:39+00:00","article:publisher":"https:\/\/www.facebook.com\/DroiX.Store","twitter:card":"summary_large_image","twitter:site":"@DroiX_Store","twitter:title":"AYANEO Pocket S Zubeh\u00f6r - DROIX EU","twitter:description":"Offizielle AYANEO Pocket S Tasche Weiches Stofffutter f\u00fcr zus\u00e4tzlichen Schutz. Rutschfeste Textur und gro\u00dfer Griff f\u00fcr sicheren Halt. Hochwertiger, ultraklarer Schutz zur Verhinderung von Kratzern und Flecken. Erh\u00e4lt die Ber\u00fchrungsempfindlichkeit f\u00fcr reibungsloses Spielen.","twitter:image":"https:\/\/droix.eu\/wp-content\/uploads\/2024\/06\/droix-v2-light-logo.png"},"aioseo_meta_data":{"post_id":"507747","title":null,"description":null,"keywords":null,"keyphrases":{"focus":{"keyphrase":"","score":0,"analysis":{"keyphraseInTitle":{"score":0,"maxScore":9,"error":1}}},"additional":[]},"primary_term":null,"canonical_url":null,"og_title":null,"og_description":null,"og_object_type":"default","og_image_type":"default","og_image_url":null,"og_image_width":null,"og_image_height":null,"og_image_custom_url":null,"og_image_custom_fields":null,"og_video":"","og_custom_url":null,"og_article_section":null,"og_article_tags":null,"twitter_use_og":true,"twitter_card":"default","twitter_image_type":"default","twitter_image_url":null,"twitter_image_custom_url":null,"twitter_image_custom_fields":null,"twitter_title":null,"twitter_description":null,"schema":{"blockGraphs":[],"customGraphs":[],"default":{"data":{"Article":[],"Course":[],"Dataset":[],"FAQPage":[],"Movie":[],"Person":[],"Product":[],"ProductReview":[],"Car":[],"Recipe":[],"Service":[],"SoftwareApplication":[],"WebPage":[]},"graphName":"Product","isEnabled":true},"graphs":[]},"schema_type":"default","schema_type_options":null,"pillar_content":false,"robots_default":true,"robots_noindex":false,"robots_noarchive":false,"robots_nosnippet":false,"robots_nofollow":false,"robots_noimageindex":false,"robots_noodp":false,"robots_notranslate":false,"robots_max_snippet":"-1","robots_max_videopreview":"-1","robots_max_imagepreview":"large","priority":null,"frequency":"default","local_seo":null,"seo_analyzer_scan_date":"2026-04-08 13:01:40","breadcrumb_settings":null,"limit_modified_date":false,"reviewed_by":null,"open_ai":null,"ai":{"faqs":[],"keyPoints":[],"titles":[],"descriptions":[],"socialPosts":{"email":[],"linkedin":[],"twitter":[],"facebook":[],"instagram":[]}},"created":"2025-09-30 12:11:47","updated":"2026-04-08 13:01:40"},"aioseo_breadcrumb":"<div class=\"aioseo-breadcrumbs\"><span class=\"aioseo-breadcrumb\">\n\t<a href=\"https:\/\/droix.eu\/de\/\" title=\"Home\">Home<\/a>\n<\/span><span class=\"aioseo-breadcrumb-separator\">&raquo;<\/span><span class=\"aioseo-breadcrumb\">\n\t<a href=\"https:\/\/droix.eu\/de\/product-category\/uncategorized-de\/\" title=\"Uncategorized\">Uncategorized<\/a>\n<\/span><span class=\"aioseo-breadcrumb-separator\">&raquo;<\/span><span class=\"aioseo-breadcrumb\">\n\tAYANEO Pocket S Zubeh\u00f6r\n<\/span><\/div>","aioseo_breadcrumb_json":[{"label":"Home","link":"https:\/\/droix.eu\/de\/"},{"label":"Uncategorized","link":"https:\/\/droix.eu\/de\/product-category\/uncategorized-de\/"},{"label":"AYANEO Pocket S Zubeh\u00f6r","link":"https:\/\/droix.eu\/de\/product\/ayaneo-pocket-s-zubehoer\/"}],"_links":{"self":[{"href":"https:\/\/droix.eu\/de\/wp-json\/wp\/v2\/product\/507747","targetHints":{"allow":["GET"]}}],"collection":[{"href":"https:\/\/droix.eu\/de\/wp-json\/wp\/v2\/product"}],"about":[{"href":"https:\/\/droix.eu\/de\/wp-json\/wp\/v2\/types\/product"}],"version-history":[{"count":0,"href":"https:\/\/droix.eu\/de\/wp-json\/wp\/v2\/product\/507747\/revisions"}],"wp:featuredmedia":[{"embeddable":true,"href":"https:\/\/droix.eu\/de\/wp-json\/wp\/v2\/media\/491255"}],"wp:attachment":[{"href":"https:\/\/droix.eu\/de\/wp-json\/wp\/v2\/media?parent=507747"}],"wp:term":[{"taxonomy":"product_brand","embeddable":true,"href":"https:\/\/droix.eu\/de\/wp-json\/wp\/v2\/product_brand?post=507747"},{"taxonomy":"product_cat","embeddable":true,"href":"https:\/\/droix.eu\/de\/wp-json\/wp\/v2\/product_cat?post=507747"},{"taxonomy":"product_tag","embeddable":true,"href":"https:\/\/droix.eu\/de\/wp-json\/wp\/v2\/product_tag?post=507747"},{"taxonomy":"woo-feed-brand","embeddable":true,"href":"https:\/\/droix.eu\/de\/wp-json\/wp\/v2\/woo-feed-brand?post=507747"},{"taxonomy":"key-features","embeddable":true,"href":"https:\/\/droix.eu\/de\/wp-json\/wp\/v2\/key-features?post=507747"}],"curies":[{"name":"wp","href":"https:\/\/api.w.org\/{rel}","templated":true}]}}