{"id":669466,"date":"2025-06-25T10:47:29","date_gmt":"2025-06-25T09:47:29","guid":{"rendered":"https:\/\/droix.eu\/unsere-laeden\/"},"modified":"2025-07-16T15:11:31","modified_gmt":"2025-07-16T14:11:31","slug":"unsere-laeden","status":"publish","type":"page","link":"https:\/\/droix.eu\/de\/unsere-laeden\/","title":{"rendered":"Unsere L\u00e4den"},"content":{"rendered":"\t\t<div data-elementor-type=\"wp-page\" data-elementor-id=\"669466\" class=\"elementor elementor-669466 elementor-653358\" data-elementor-post-type=\"page\">\n\t\t\t\t<div class=\"elementor-element elementor-element-9745b77 e-flex e-con-boxed e-con e-parent\" data-id=\"9745b77\" data-element_type=\"container\">\n\t\t\t\t\t<div class=\"e-con-inner\">\n\t\t\t\t<div class=\"elementor-element elementor-element-260fde6 elementor-widget elementor-widget-image\" data-id=\"260fde6\" data-element_type=\"widget\" data-widget_type=\"image.default\">\n\t\t\t\t<div class=\"elementor-widget-container\">\n\t\t\t\t\t\t\t\t\t\t\t\t\t\t\t<img fetchpriority=\"high\" decoding=\"async\" width=\"1600\" height=\"300\" src=\"https:\/\/droix.eu\/wp-content\/uploads\/2024\/08\/Hero-Website.gif\" class=\"attachment-full size-full wp-image-489674\" alt=\"\" sizes=\"(max-width: 360px) 147px, \" \/>\t\t\t\t\t\t\t\t\t\t\t\t\t\t\t<\/div>\n\t\t\t\t<\/div>\n\t\t\t\t<div class=\"elementor-element elementor-element-230fd87 elementor-widget elementor-widget-heading\" data-id=\"230fd87\" data-element_type=\"widget\" data-widget_type=\"heading.default\">\n\t\t\t\t<div class=\"elementor-widget-container\">\n\t\t\t\t\t<h2 class=\"elementor-heading-title elementor-size-default\">Willkommen bei der DROIX-Familie<\/h2>\t\t\t\t<\/div>\n\t\t\t\t<\/div>\n\t\t\t\t<div class=\"elementor-element elementor-element-fe397d0 elementor-widget elementor-widget-text-editor\" data-id=\"fe397d0\" data-element_type=\"widget\" data-widget_type=\"text-editor.default\">\n\t\t\t\t<div class=\"elementor-widget-container\">\n\t\t\t\t\t\t\t\t\t<p>Entdecken Sie unser Netzwerk von offiziellen DROIX-Online-Shops. Egal, ob Sie in Gro\u00dfbritannien, Europa oder irgendwo auf der Welt sind, wir haben einen speziellen Shop, der Sie am besten bedienen kann &#8211; einschlie\u00dflich produktspezifischer Shops f\u00fcr AYANEO und GPD Handheld-Gaming-PCs <\/p>\t\t\t\t\t\t\t\t<\/div>\n\t\t\t\t<\/div>\n\t\t\t\t\t<\/div>\n\t\t\t\t<\/div>\n\t\t<div class=\"elementor-element elementor-element-ca757a4 e-flex e-con-boxed e-con e-parent\" data-id=\"ca757a4\" data-element_type=\"container\">\n\t\t\t\t\t<div class=\"e-con-inner\">\n\t\t<div class=\"elementor-element elementor-element-9d22773 e-con-full e-flex e-con e-child\" data-id=\"9d22773\" data-element_type=\"container\">\n\t\t\t\t<div class=\"elementor-element elementor-element-b59e484 elementor-widget elementor-widget-image\" data-id=\"b59e484\" data-element_type=\"widget\" data-widget_type=\"image.default\">\n\t\t\t\t<div class=\"elementor-widget-container\">\n\t\t\t\t\t\t\t\t\t\t\t\t\t\t\t\t<a href=\"https:\/\/droix.co.uk\/\">\n\t\t\t\t\t\t\t<img decoding=\"async\" width=\"320\" height=\"120\" src=\"https:\/\/droix.eu\/wp-content\/uploads\/2025\/06\/COUK-1.jpg\" class=\"attachment-full size-full wp-image-653234\" alt=\"\" srcset=\"https:\/\/droix.eu\/wp-content\/uploads\/2025\/06\/COUK-1.jpg 320w, https:\/\/droix.eu\/wp-content\/uploads\/2025\/06\/COUK-1-300x113.jpg 300w, https:\/\/droix.eu\/wp-content\/uploads\/2025\/06\/COUK-1-150x56.jpg 150w\" sizes=\"(max-width: 360px) 147px, (max-width: 320px) 100vw, 320px\" \/>\t\t\t\t\t\t\t\t<\/a>\n\t\t\t\t\t\t\t\t\t\t\t\t\t\t\t<\/div>\n\t\t\t\t<\/div>\n\t\t\t\t<div class=\"elementor-element elementor-element-f997e91 elementor-widget elementor-widget-text-editor\" data-id=\"f997e91\" data-element_type=\"widget\" data-widget_type=\"text-editor.default\">\n\t\t\t\t<div class=\"elementor-widget-container\">\n\t\t\t\t\t\t\t\t\t<p>Unser spezielles britisches Schaufenster, das einen reibungslosen Bestellvorgang unter Einhaltung der britischen Mehrwertsteuer und des lokalen Inkassos gew\u00e4hrleistet.<\/p>\t\t\t\t\t\t\t\t<\/div>\n\t\t\t\t<\/div>\n\t\t\t\t<div class=\"elementor-element elementor-element-6fe9b0e elementor-widget elementor-widget-image\" data-id=\"6fe9b0e\" data-element_type=\"widget\" data-widget_type=\"image.default\">\n\t\t\t\t<div class=\"elementor-widget-container\">\n\t\t\t\t\t\t\t\t\t\t\t\t\t\t\t\t<a href=\"https:\/\/gpdstore.net\/\">\n\t\t\t\t\t\t\t<img decoding=\"async\" width=\"320\" height=\"120\" src=\"https:\/\/droix.eu\/wp-content\/uploads\/2025\/06\/GPDSTORE-1.jpg\" class=\"attachment-full size-full wp-image-653280\" alt=\"\" srcset=\"https:\/\/droix.eu\/wp-content\/uploads\/2025\/06\/GPDSTORE-1.jpg 320w, https:\/\/droix.eu\/wp-content\/uploads\/2025\/06\/GPDSTORE-1-300x113.jpg 300w, https:\/\/droix.eu\/wp-content\/uploads\/2025\/06\/GPDSTORE-1-150x56.jpg 150w\" sizes=\"(max-width: 360px) 147px, (max-width: 320px) 100vw, 320px\" \/>\t\t\t\t\t\t\t\t<\/a>\n\t\t\t\t\t\t\t\t\t\t\t\t\t\t\t<\/div>\n\t\t\t\t<\/div>\n\t\t\t\t<div class=\"elementor-element elementor-element-24b619c elementor-widget elementor-widget-text-editor\" data-id=\"24b619c\" data-element_type=\"widget\" data-widget_type=\"text-editor.default\">\n\t\t\t\t<div class=\"elementor-widget-container\">\n\t\t\t\t\t\t\t\t\t<p data-pm-slice=\"0 0 []\">Ihre erste Anlaufstelle f\u00fcr GPD Produkte &#8211; einschlie\u00dflich der GPD WIN und GPD Pocket Sortimente. Offizieller Lagerbestand mit Unterst\u00fctzung von DROIX. <\/p>\t\t\t\t\t\t\t\t<\/div>\n\t\t\t\t<\/div>\n\t\t\t\t<\/div>\n\t\t<div class=\"elementor-element elementor-element-54c8f80 e-con-full e-flex e-con e-child\" data-id=\"54c8f80\" data-element_type=\"container\">\n\t\t\t\t<div class=\"elementor-element elementor-element-ce35975 elementor-widget elementor-widget-image\" data-id=\"ce35975\" data-element_type=\"widget\" data-widget_type=\"image.default\">\n\t\t\t\t<div class=\"elementor-widget-container\">\n\t\t\t\t\t\t\t\t\t\t\t\t\t\t\t\t<a href=\"https:\/\/droix.net\/\">\n\t\t\t\t\t\t\t<img loading=\"lazy\" decoding=\"async\" width=\"320\" height=\"120\" src=\"https:\/\/droix.eu\/wp-content\/uploads\/2025\/06\/NET.jpg\" class=\"attachment-full size-full wp-image-653257\" alt=\"\" srcset=\"https:\/\/droix.eu\/wp-content\/uploads\/2025\/06\/NET.jpg 320w, https:\/\/droix.eu\/wp-content\/uploads\/2025\/06\/NET-300x113.jpg 300w, https:\/\/droix.eu\/wp-content\/uploads\/2025\/06\/NET-150x56.jpg 150w\" sizes=\"(max-width: 360px) 147px, (max-width: 320px) 100vw, 320px\" \/>\t\t\t\t\t\t\t\t<\/a>\n\t\t\t\t\t\t\t\t\t\t\t\t\t\t\t<\/div>\n\t\t\t\t<\/div>\n\t\t\t\t<div class=\"elementor-element elementor-element-0e64437 elementor-widget elementor-widget-text-editor\" data-id=\"0e64437\" data-element_type=\"widget\" data-widget_type=\"text-editor.default\">\n\t\t\t\t<div class=\"elementor-widget-container\">\n\t\t\t\t\t\t\t\t\t<p data-pm-slice=\"0 0 []\">Wir bedienen Kunden au\u00dferhalb des Vereinigten K\u00f6nigreichs und der EU.  <span style=\"background-color: transparent;\">Die beste Wahl f\u00fcr globalen Versand, steuerfreien Checkout (wo zutreffend) und weltweiten Support.<\/span><\/p>\t\t\t\t\t\t\t\t<\/div>\n\t\t\t\t<\/div>\n\t\t\t\t<div class=\"elementor-element elementor-element-34fac51 elementor-widget elementor-widget-image\" data-id=\"34fac51\" data-element_type=\"widget\" data-widget_type=\"image.default\">\n\t\t\t\t<div class=\"elementor-widget-container\">\n\t\t\t\t\t\t\t\t\t\t\t\t\t\t\t\t<a href=\"https:\/\/ayaneo.co\/\">\n\t\t\t\t\t\t\t<img loading=\"lazy\" decoding=\"async\" width=\"320\" height=\"120\" src=\"https:\/\/droix.eu\/wp-content\/uploads\/2025\/06\/AYANEO.jpg\" class=\"attachment-full size-full wp-image-653211\" alt=\"\" srcset=\"https:\/\/droix.eu\/wp-content\/uploads\/2025\/06\/AYANEO.jpg 320w, https:\/\/droix.eu\/wp-content\/uploads\/2025\/06\/AYANEO-300x113.jpg 300w, https:\/\/droix.eu\/wp-content\/uploads\/2025\/06\/AYANEO-150x56.jpg 150w\" sizes=\"(max-width: 360px) 147px, (max-width: 320px) 100vw, 320px\" \/>\t\t\t\t\t\t\t\t<\/a>\n\t\t\t\t\t\t\t\t\t\t\t\t\t\t\t<\/div>\n\t\t\t\t<\/div>\n\t\t\t\t<div class=\"elementor-element elementor-element-f66769b elementor-widget elementor-widget-text-editor\" data-id=\"f66769b\" data-element_type=\"widget\" data-widget_type=\"text-editor.default\">\n\t\t\t\t<div class=\"elementor-widget-container\">\n\t\t\t\t\t\t\t\t\t<p data-pm-slice=\"0 0 []\">Offizieller AYANEO Shop von DROIX, mit den neuesten Premium Handheld Gaming PCs, Zubeh\u00f6r und Vorbestellungen.<\/p>\t\t\t\t\t\t\t\t<\/div>\n\t\t\t\t<\/div>\n\t\t\t\t<\/div>\n\t\t\t\t\t<\/div>\n\t\t\t\t<\/div>\n\t\t<div class=\"elementor-element elementor-element-0fbb9b9 e-flex e-con-boxed e-con e-parent\" data-id=\"0fbb9b9\" data-element_type=\"container\">\n\t\t\t\t\t<div class=\"e-con-inner\">\n\t\t\t\t<div class=\"elementor-element elementor-element-0c63f3c elementor-widget elementor-widget-heading\" data-id=\"0c63f3c\" data-element_type=\"widget\" data-widget_type=\"heading.default\">\n\t\t\t\t<div class=\"elementor-widget-container\">\n\t\t\t\t\t<h2 class=\"elementor-heading-title elementor-size-default\">Warum bei DROIX einkaufen?<\/h2>\t\t\t\t<\/div>\n\t\t\t\t<\/div>\n\t\t\t\t<div class=\"elementor-element elementor-element-c63cdbd elementor-widget elementor-widget-text-editor\" data-id=\"c63cdbd\" data-element_type=\"widget\" data-widget_type=\"text-editor.default\">\n\t\t\t\t<div class=\"elementor-widget-container\">\n\t\t\t\t\t\t\t\t\t<p>Wir bei DROIX sind nicht einfach nur ein weiterer Online-Shop &#8211; wir sind ein vertrauensw\u00fcrdiger Name f\u00fcr leistungsstarke Technik, hinter dem Hunderte zufriedener Kunden und jahrelange Erfahrung mit Handheld-Gaming-PCs, Mini-PCs, Ultrabooks, Android Ger\u00e4ten und mehr stehen. Hunderte von positiven, verifizierten Bewertungen sprechen f\u00fcr unseren Service. Wir sind stolz darauf, dass wir unseren Kunden vom ersten Klick bis zum After-Sales-Support die beste Erfahrung bieten k\u00f6nnen.  <\/p>\t\t\t\t\t\t\t\t<\/div>\n\t\t\t\t<\/div>\n\t\t\t\t<div class=\"elementor-element elementor-element-5545ff4 elementor-widget elementor-widget-image\" data-id=\"5545ff4\" data-element_type=\"widget\" data-widget_type=\"image.default\">\n\t\t\t\t<div class=\"elementor-widget-container\">\n\t\t\t\t\t\t\t\t\t\t\t\t\t\t\t<img loading=\"lazy\" decoding=\"async\" width=\"768\" height=\"768\" src=\"https:\/\/droix.eu\/wp-content\/uploads\/2025\/06\/DROIX-REVIEWS-768x768.png\" class=\"attachment-medium_large size-medium_large wp-image-653375\" alt=\"\" srcset=\"https:\/\/droix.eu\/wp-content\/uploads\/2025\/06\/DROIX-REVIEWS-768x768.png 768w, https:\/\/droix.eu\/wp-content\/uploads\/2025\/06\/DROIX-REVIEWS-300x300.png 300w, https:\/\/droix.eu\/wp-content\/uploads\/2025\/06\/DROIX-REVIEWS-1024x1024.png 1024w, https:\/\/droix.eu\/wp-content\/uploads\/2025\/06\/DROIX-REVIEWS-990x990.png 990w, https:\/\/droix.eu\/wp-content\/uploads\/2025\/06\/DROIX-REVIEWS-441x441.png 441w, https:\/\/droix.eu\/wp-content\/uploads\/2025\/06\/DROIX-REVIEWS-100x100.png 100w, https:\/\/droix.eu\/wp-content\/uploads\/2025\/06\/DROIX-REVIEWS-1000x1000.png 1000w, https:\/\/droix.eu\/wp-content\/uploads\/2025\/06\/DROIX-REVIEWS-150x150.png 150w, https:\/\/droix.eu\/wp-content\/uploads\/2025\/06\/DROIX-REVIEWS.png 1200w\" sizes=\"(max-width: 360px) 147px, (max-width: 768px) 100vw, 768px\" \/>\t\t\t\t\t\t\t\t\t\t\t\t\t\t\t<\/div>\n\t\t\t\t<\/div>\n\t\t\t\t\t<\/div>\n\t\t\t\t<\/div>\n\t\t\t\t<\/div>\n\t\t","protected":false},"excerpt":{"rendered":"<p>Willkommen bei der DROIX-Familie Entdecken Sie unser Netzwerk von offiziellen DROIX-Online-Shops. Egal, ob Sie in Gro\u00dfbritannien, Europa oder irgendwo auf der Welt sind, wir haben einen speziellen Shop, der Sie am besten bedienen kann &#8211; einschlie\u00dflich produktspezifischer Shops f\u00fcr AYANEO und GPD Handheld-Gaming-PCs Unser spezielles britisches Schaufenster, das einen reibungslosen Bestellvorgang unter Einhaltung der britischen [&hellip;]<\/p>\n","protected":false},"author":5622,"featured_media":0,"parent":0,"menu_order":0,"comment_status":"closed","ping_status":"closed","template":"elementor_header_footer","meta":{"_acf_changed":false,"footnotes":""},"class_list":["post-669466","page","type-page","status-publish","hentry"],"acf":[],"aioseo_notices":[],"aioseo_head":"\n\t\t<!-- All in One SEO Pro 4.9.5.2 - aioseo.com -->\n\t<meta name=\"description\" content=\"Willkommen bei der DROIX-Familie Entdecken Sie unser Netzwerk von offiziellen DROIX-Online-Shops. Egal, ob Sie in Gro\u00dfbritannien, Europa oder irgendwo auf der Welt sind, wir haben einen speziellen Shop, der Sie am besten bedienen kann \u2013 einschlie\u00dflich produktspezifischer Shops f\u00fcr AYANEO und GPD Handheld-Gaming-PCs Unser spezielles britisches Schaufenster, das einen reibungslosen Bestellvorgang unter Einhaltung der britischen\" \/>\n\t<meta name=\"robots\" content=\"max-image-preview:large\" \/>\n\t<link rel=\"canonical\" href=\"https:\/\/droix.eu\/de\/unsere-laeden\/\" \/>\n\t<meta name=\"generator\" content=\"All in One SEO Pro (AIOSEO) 4.9.5.2\" \/>\n\t\t<meta property=\"og:locale\" content=\"de_DE\" \/>\n\t\t<meta property=\"og:site_name\" content=\"DROIX EU - Get the latest Mini PCs, Ultrabook, PC Gaming Handhelds and more!\" \/>\n\t\t<meta property=\"og:type\" content=\"article\" \/>\n\t\t<meta property=\"og:title\" content=\"Unsere L\u00e4den - DROIX EU\" \/>\n\t\t<meta property=\"og:description\" content=\"Willkommen bei der DROIX-Familie Entdecken Sie unser Netzwerk von offiziellen DROIX-Online-Shops. Egal, ob Sie in Gro\u00dfbritannien, Europa oder irgendwo auf der Welt sind, wir haben einen speziellen Shop, der Sie am besten bedienen kann \u2013 einschlie\u00dflich produktspezifischer Shops f\u00fcr AYANEO und GPD Handheld-Gaming-PCs Unser spezielles britisches Schaufenster, das einen reibungslosen Bestellvorgang unter Einhaltung der britischen\" \/>\n\t\t<meta property=\"og:url\" content=\"https:\/\/droix.eu\/de\/unsere-laeden\/\" \/>\n\t\t<meta property=\"og:image\" content=\"https:\/\/droix.eu\/wp-content\/uploads\/2024\/06\/droix-v2-light-logo.png\" \/>\n\t\t<meta property=\"og:image:secure_url\" content=\"https:\/\/droix.eu\/wp-content\/uploads\/2024\/06\/droix-v2-light-logo.png\" \/>\n\t\t<meta property=\"og:image:width\" content=\"380\" \/>\n\t\t<meta property=\"og:image:height\" content=\"118\" \/>\n\t\t<meta property=\"article:published_time\" content=\"2025-06-25T09:47:29+00:00\" \/>\n\t\t<meta property=\"article:modified_time\" content=\"2025-07-16T14:11:31+00:00\" \/>\n\t\t<meta property=\"article:publisher\" content=\"https:\/\/www.facebook.com\/DroiX.Store\" \/>\n\t\t<meta name=\"twitter:card\" content=\"summary_large_image\" \/>\n\t\t<meta name=\"twitter:site\" content=\"@DroiX_Store\" \/>\n\t\t<meta name=\"twitter:title\" content=\"Unsere L\u00e4den - DROIX EU\" \/>\n\t\t<meta name=\"twitter:description\" content=\"Willkommen bei der DROIX-Familie Entdecken Sie unser Netzwerk von offiziellen DROIX-Online-Shops. Egal, ob Sie in Gro\u00dfbritannien, Europa oder irgendwo auf der Welt sind, wir haben einen speziellen Shop, der Sie am besten bedienen kann \u2013 einschlie\u00dflich produktspezifischer Shops f\u00fcr AYANEO und GPD Handheld-Gaming-PCs Unser spezielles britisches Schaufenster, das einen reibungslosen Bestellvorgang unter Einhaltung der britischen\" \/>\n\t\t<meta name=\"twitter:creator\" content=\"@DroiX_Store\" \/>\n\t\t<meta name=\"twitter:image\" content=\"https:\/\/droix.eu\/wp-content\/uploads\/2024\/06\/droix-v2-light-logo.png\" \/>\n\t\t<script type=\"application\/ld+json\" class=\"aioseo-schema\">\n\t\t\t{\"@context\":\"https:\\\/\\\/schema.org\",\"@graph\":[{\"@type\":\"BreadcrumbList\",\"@id\":\"https:\\\/\\\/droix.eu\\\/de\\\/unsere-laeden\\\/#breadcrumblist\",\"itemListElement\":[{\"@type\":\"ListItem\",\"@id\":\"https:\\\/\\\/droix.eu\\\/de\\\/#listItem\",\"position\":1,\"name\":\"Home\",\"item\":\"https:\\\/\\\/droix.eu\\\/de\\\/\",\"nextItem\":{\"@type\":\"ListItem\",\"@id\":\"https:\\\/\\\/droix.eu\\\/de\\\/unsere-laeden\\\/#listItem\",\"name\":\"Unsere L\\u00e4den\"}},{\"@type\":\"ListItem\",\"@id\":\"https:\\\/\\\/droix.eu\\\/de\\\/unsere-laeden\\\/#listItem\",\"position\":2,\"name\":\"Unsere L\\u00e4den\",\"previousItem\":{\"@type\":\"ListItem\",\"@id\":\"https:\\\/\\\/droix.eu\\\/de\\\/#listItem\",\"name\":\"Home\"}}]},{\"@type\":\"Organization\",\"@id\":\"https:\\\/\\\/droix.eu\\\/de\\\/#organization\",\"name\":\"DroiX \\u2013 Trusted EU Tech Retailer with 12+ Years Experience\",\"description\":\"DroiX is a leading European technology retailer with over 12 years of experience, offering quality mini PCs, handheld gaming consoles, and tech accessories. We provide hassle-free EU delivery with all taxes included, ensuring a smooth and reliable shopping experience for our customers across Europe.\",\"url\":\"https:\\\/\\\/droix.eu\\\/de\\\/\",\"logo\":{\"@type\":\"ImageObject\",\"url\":\"https:\\\/\\\/droix.eu\\\/wp-content\\\/uploads\\\/2024\\\/06\\\/droix-v2-light-logo.png\",\"@id\":\"https:\\\/\\\/droix.eu\\\/de\\\/unsere-laeden\\\/#organizationLogo\",\"width\":380,\"height\":118},\"image\":{\"@id\":\"https:\\\/\\\/droix.eu\\\/de\\\/unsere-laeden\\\/#organizationLogo\"},\"sameAs\":[\"https:\\\/\\\/www.facebook.com\\\/DroiX.Store\",\"https:\\\/\\\/twitter.com\\\/DroiX_Store\",\"https:\\\/\\\/www.instagram.com\\\/droix.store\\\/\",\"https:\\\/\\\/www.tiktok.com\\\/@droix.store\",\"https:\\\/\\\/www.youtube.com\\\/c\\\/DroiX_Store\",\"https:\\\/\\\/uk.linkedin.com\\\/company\\\/droix\"]},{\"@type\":\"WebPage\",\"@id\":\"https:\\\/\\\/droix.eu\\\/de\\\/unsere-laeden\\\/#webpage\",\"url\":\"https:\\\/\\\/droix.eu\\\/de\\\/unsere-laeden\\\/\",\"name\":\"Unsere L\\u00e4den - DROIX EU\",\"description\":\"Willkommen bei der DROIX-Familie Entdecken Sie unser Netzwerk von offiziellen DROIX-Online-Shops. Egal, ob Sie in Gro\\u00dfbritannien, Europa oder irgendwo auf der Welt sind, wir haben einen speziellen Shop, der Sie am besten bedienen kann \\u2013 einschlie\\u00dflich produktspezifischer Shops f\\u00fcr AYANEO und GPD Handheld-Gaming-PCs Unser spezielles britisches Schaufenster, das einen reibungslosen Bestellvorgang unter Einhaltung der britischen\",\"inLanguage\":\"de-DE\",\"isPartOf\":{\"@id\":\"https:\\\/\\\/droix.eu\\\/de\\\/#website\"},\"breadcrumb\":{\"@id\":\"https:\\\/\\\/droix.eu\\\/de\\\/unsere-laeden\\\/#breadcrumblist\"},\"datePublished\":\"2025-06-25T10:47:29+01:00\",\"dateModified\":\"2025-07-16T15:11:31+01:00\"},{\"@type\":\"WebSite\",\"@id\":\"https:\\\/\\\/droix.eu\\\/de\\\/#website\",\"url\":\"https:\\\/\\\/droix.eu\\\/de\\\/\",\"name\":\"DROIX EU\",\"description\":\"Get the latest Mini PCs, Ultrabook, PC Gaming Handhelds and more!\",\"inLanguage\":\"de-DE\",\"publisher\":{\"@id\":\"https:\\\/\\\/droix.eu\\\/de\\\/#organization\"}}]}\n\t\t<\/script>\n\t\t<!-- All in One SEO Pro -->\r\n\t\t<title>Unsere L\u00e4den - DROIX EU<\/title>\n\n","aioseo_head_json":{"title":"Unsere L\u00e4den - DROIX EU","description":"Willkommen bei der DROIX-Familie Entdecken Sie unser Netzwerk von offiziellen DROIX-Online-Shops. Egal, ob Sie in Gro\u00dfbritannien, Europa oder irgendwo auf der Welt sind, wir haben einen speziellen Shop, der Sie am besten bedienen kann \u2013 einschlie\u00dflich produktspezifischer Shops f\u00fcr AYANEO und GPD Handheld-Gaming-PCs Unser spezielles britisches Schaufenster, das einen reibungslosen Bestellvorgang unter Einhaltung der britischen","canonical_url":"https:\/\/droix.eu\/de\/unsere-laeden\/","robots":"max-image-preview:large","keywords":"","webmasterTools":{"miscellaneous":""},"schema":{"@context":"https:\/\/schema.org","@graph":[{"@type":"BreadcrumbList","@id":"https:\/\/droix.eu\/de\/unsere-laeden\/#breadcrumblist","itemListElement":[{"@type":"ListItem","@id":"https:\/\/droix.eu\/de\/#listItem","position":1,"name":"Home","item":"https:\/\/droix.eu\/de\/","nextItem":{"@type":"ListItem","@id":"https:\/\/droix.eu\/de\/unsere-laeden\/#listItem","name":"Unsere L\u00e4den"}},{"@type":"ListItem","@id":"https:\/\/droix.eu\/de\/unsere-laeden\/#listItem","position":2,"name":"Unsere L\u00e4den","previousItem":{"@type":"ListItem","@id":"https:\/\/droix.eu\/de\/#listItem","name":"Home"}}]},{"@type":"Organization","@id":"https:\/\/droix.eu\/de\/#organization","name":"DroiX \u2013 Trusted EU Tech Retailer with 12+ Years Experience","description":"DroiX is a leading European technology retailer with over 12 years of experience, offering quality mini PCs, handheld gaming consoles, and tech accessories. We provide hassle-free EU delivery with all taxes included, ensuring a smooth and reliable shopping experience for our customers across Europe.","url":"https:\/\/droix.eu\/de\/","logo":{"@type":"ImageObject","url":"https:\/\/droix.eu\/wp-content\/uploads\/2024\/06\/droix-v2-light-logo.png","@id":"https:\/\/droix.eu\/de\/unsere-laeden\/#organizationLogo","width":380,"height":118},"image":{"@id":"https:\/\/droix.eu\/de\/unsere-laeden\/#organizationLogo"},"sameAs":["https:\/\/www.facebook.com\/DroiX.Store","https:\/\/twitter.com\/DroiX_Store","https:\/\/www.instagram.com\/droix.store\/","https:\/\/www.tiktok.com\/@droix.store","https:\/\/www.youtube.com\/c\/DroiX_Store","https:\/\/uk.linkedin.com\/company\/droix"]},{"@type":"WebPage","@id":"https:\/\/droix.eu\/de\/unsere-laeden\/#webpage","url":"https:\/\/droix.eu\/de\/unsere-laeden\/","name":"Unsere L\u00e4den - DROIX EU","description":"Willkommen bei der DROIX-Familie Entdecken Sie unser Netzwerk von offiziellen DROIX-Online-Shops. Egal, ob Sie in Gro\u00dfbritannien, Europa oder irgendwo auf der Welt sind, wir haben einen speziellen Shop, der Sie am besten bedienen kann \u2013 einschlie\u00dflich produktspezifischer Shops f\u00fcr AYANEO und GPD Handheld-Gaming-PCs Unser spezielles britisches Schaufenster, das einen reibungslosen Bestellvorgang unter Einhaltung der britischen","inLanguage":"de-DE","isPartOf":{"@id":"https:\/\/droix.eu\/de\/#website"},"breadcrumb":{"@id":"https:\/\/droix.eu\/de\/unsere-laeden\/#breadcrumblist"},"datePublished":"2025-06-25T10:47:29+01:00","dateModified":"2025-07-16T15:11:31+01:00"},{"@type":"WebSite","@id":"https:\/\/droix.eu\/de\/#website","url":"https:\/\/droix.eu\/de\/","name":"DROIX EU","description":"Get the latest Mini PCs, Ultrabook, PC Gaming Handhelds and more!","inLanguage":"de-DE","publisher":{"@id":"https:\/\/droix.eu\/de\/#organization"}}]},"og:locale":"de_DE","og:site_name":"DROIX EU - Get the latest Mini PCs, Ultrabook, PC Gaming Handhelds and more!","og:type":"article","og:title":"Unsere L\u00e4den - DROIX EU","og:description":"Willkommen bei der DROIX-Familie Entdecken Sie unser Netzwerk von offiziellen DROIX-Online-Shops. Egal, ob Sie in Gro\u00dfbritannien, Europa oder irgendwo auf der Welt sind, wir haben einen speziellen Shop, der Sie am besten bedienen kann \u2013 einschlie\u00dflich produktspezifischer Shops f\u00fcr AYANEO und GPD Handheld-Gaming-PCs Unser spezielles britisches Schaufenster, das einen reibungslosen Bestellvorgang unter Einhaltung der britischen","og:url":"https:\/\/droix.eu\/de\/unsere-laeden\/","og:image":"https:\/\/droix.eu\/wp-content\/uploads\/2024\/06\/droix-v2-light-logo.png","og:image:secure_url":"https:\/\/droix.eu\/wp-content\/uploads\/2024\/06\/droix-v2-light-logo.png","og:image:width":380,"og:image:height":118,"article:published_time":"2025-06-25T09:47:29+00:00","article:modified_time":"2025-07-16T14:11:31+00:00","article:publisher":"https:\/\/www.facebook.com\/DroiX.Store","twitter:card":"summary_large_image","twitter:site":"@DroiX_Store","twitter:title":"Unsere L\u00e4den - DROIX EU","twitter:description":"Willkommen bei der DROIX-Familie Entdecken Sie unser Netzwerk von offiziellen DROIX-Online-Shops. Egal, ob Sie in Gro\u00dfbritannien, Europa oder irgendwo auf der Welt sind, wir haben einen speziellen Shop, der Sie am besten bedienen kann \u2013 einschlie\u00dflich produktspezifischer Shops f\u00fcr AYANEO und GPD Handheld-Gaming-PCs Unser spezielles britisches Schaufenster, das einen reibungslosen Bestellvorgang unter Einhaltung der britischen","twitter:creator":"@DroiX_Store","twitter:image":"https:\/\/droix.eu\/wp-content\/uploads\/2024\/06\/droix-v2-light-logo.png"},"aioseo_meta_data":{"post_id":"669466","title":null,"description":null,"keywords":null,"keyphrases":null,"primary_term":null,"canonical_url":null,"og_title":null,"og_description":null,"og_object_type":"default","og_image_type":"default","og_image_url":null,"og_image_width":null,"og_image_height":null,"og_image_custom_url":null,"og_image_custom_fields":null,"og_video":null,"og_custom_url":null,"og_article_section":null,"og_article_tags":null,"twitter_use_og":true,"twitter_card":"default","twitter_image_type":"default","twitter_image_url":null,"twitter_image_custom_url":null,"twitter_image_custom_fields":null,"twitter_title":null,"twitter_description":null,"schema":{"blockGraphs":[],"customGraphs":[],"default":{"data":{"Article":[],"Course":[],"Dataset":[],"FAQPage":[],"Movie":[],"Person":[],"Product":[],"ProductReview":[],"Car":[],"Recipe":[],"Service":[],"SoftwareApplication":[],"WebPage":[]},"graphName":"","isEnabled":true},"graphs":[]},"schema_type":"default","schema_type_options":null,"pillar_content":false,"robots_default":true,"robots_noindex":false,"robots_noarchive":false,"robots_nosnippet":false,"robots_nofollow":false,"robots_noimageindex":false,"robots_noodp":false,"robots_notranslate":false,"robots_max_snippet":null,"robots_max_videopreview":null,"robots_max_imagepreview":"large","priority":null,"frequency":null,"local_seo":null,"seo_analyzer_scan_date":"2025-09-17 01:08:09","breadcrumb_settings":null,"limit_modified_date":false,"reviewed_by":null,"open_ai":null,"ai":null,"created":"2025-09-17 01:08:09","updated":"2025-11-27 01:31:24"},"aioseo_breadcrumb":"<div class=\"aioseo-breadcrumbs\"><span class=\"aioseo-breadcrumb\">\n\t<a href=\"https:\/\/droix.eu\/de\/\" title=\"Home\">Home<\/a>\n<\/span><span class=\"aioseo-breadcrumb-separator\">&raquo;<\/span><span class=\"aioseo-breadcrumb\">\n\tUnsere L\u00e4den\n<\/span><\/div>","aioseo_breadcrumb_json":[{"label":"Home","link":"https:\/\/droix.eu\/de\/"},{"label":"Unsere L\u00e4den","link":"https:\/\/droix.eu\/de\/unsere-laeden\/"}],"_links":{"self":[{"href":"https:\/\/droix.eu\/de\/wp-json\/wp\/v2\/pages\/669466","targetHints":{"allow":["GET"]}}],"collection":[{"href":"https:\/\/droix.eu\/de\/wp-json\/wp\/v2\/pages"}],"about":[{"href":"https:\/\/droix.eu\/de\/wp-json\/wp\/v2\/types\/page"}],"author":[{"embeddable":true,"href":"https:\/\/droix.eu\/de\/wp-json\/wp\/v2\/users\/5622"}],"replies":[{"embeddable":true,"href":"https:\/\/droix.eu\/de\/wp-json\/wp\/v2\/comments?post=669466"}],"version-history":[{"count":0,"href":"https:\/\/droix.eu\/de\/wp-json\/wp\/v2\/pages\/669466\/revisions"}],"wp:attachment":[{"href":"https:\/\/droix.eu\/de\/wp-json\/wp\/v2\/media?parent=669466"}],"curies":[{"name":"wp","href":"https:\/\/api.w.org\/{rel}","templated":true}]}}