{"id":503876,"date":"2023-05-02T16:38:01","date_gmt":"2023-05-02T15:38:01","guid":{"rendered":"https:\/\/droix.eu\/lagerbestand-zahlung-und-lieferung\/"},"modified":"2025-04-23T01:12:05","modified_gmt":"2025-04-23T00:12:05","slug":"lagerbestand-zahlung-und-lieferung","status":"publish","type":"page","link":"https:\/\/droix.eu\/de\/lagerbestand-zahlung-und-lieferung\/","title":{"rendered":"Lagerbestand, Zahlung und Lieferung"},"content":{"rendered":"\n<p>Wir freuen uns, Ihnen mitteilen zu k\u00f6nnen, dass <strong>DROIX <\/strong>nun noch schnellere und kosteng\u00fcnstigere Versandoptionen f\u00fcr all Ihre elektronischen Bed\u00fcrfnisse anbietet. Unser Engagement, Ihnen einen au\u00dfergew\u00f6hnlichen Kundenservice zu bieten, erstreckt sich auch darauf, dass Sie Ihre Bestellungen so schnell und effizient wie m\u00f6glich erhalten, ohne dass Sie dabei Ihr Budget sprengen.<\/p>\n\n<p>Bei <strong>DROIX<\/strong> verstehen wir die Bedeutung von Flexibilit\u00e4t in Bezug auf Zahlungsm\u00f6glichkeiten. Aus diesem Grund akzeptieren wir mit Stolz Zahlungen in allen g\u00e4ngigen W\u00e4hrungen und Methoden, einschlie\u00dflich Kreditkarten, Debitkarten, PayPal, BNPL-Systeme und weitere, um Ihr Einkaufserlebnis nahtlos und bequem zu gestalten. <\/p>\n\n<p>Um unseren Service weiter zu verbessern, versenden wir Bestellungen von unseren strategisch g\u00fcnstig gelegenen Lagern in Gro\u00dfbritannien, Europa und den USA. Dies erm\u00f6glicht es uns, Ihre Eink\u00e4ufe in k\u00fcrzester Zeit auszuliefern und gleichzeitig die Versandkosten zu minimieren. <\/p>\n\n<p>Au\u00dferdem arbeiten wir st\u00e4ndig daran, unsere Versandoptionen zu erweitern und mit unseren Versandpartnern bessere Konditionen auszuhandeln, um die Kosten zu senken. Unser Ziel ist es, diese Einsparungen an Sie weiterzugeben und unsere Produkte f\u00fcr Kunden auf der ganzen Welt noch besser zug\u00e4nglich zu machen. <\/p>\n\n<h2 class=\"wp-block-heading\">Informationen zum Bestand<\/h2>\n\n<p>Bei <strong>DROIX<\/strong> bem\u00fchen wir uns, Sie stets \u00fcber die Verf\u00fcgbarkeit unserer Produkte zu informieren. Um Ihnen ein besseres Verst\u00e4ndnis der verschiedenen Lagerbest\u00e4nde auf unserer Website zu erm\u00f6glichen, haben wir eine kurze Erl\u00e4uterung f\u00fcr jeden Status bereitgestellt: <\/p>\n\n<ul class=\"wp-block-list\">\n<li><strong>Auf Lager:<\/strong> Wenn ein Produkt als &#8220;Auf Lager&#8221; gekennzeichnet ist, bedeutet dies, dass wir den Artikel derzeit in unserem Bestand haben und er versandbereit ist. Bestellungen f\u00fcr vorr\u00e4tige Artikel werden in der Regel innerhalb kurzer Zeit bearbeitet und versandt, damit Sie Ihre Produkte so schnell wie m\u00f6glich erhalten. <\/li>\n\n\n\n<li><strong>Nicht vorr\u00e4tig:<\/strong> Wenn ein Produkt als &#8220;Nicht vorr\u00e4tig&#8221; aufgef\u00fchrt ist, zeigt dies an, dass der Artikel offiziell eingef\u00fchrt wurde, wir jedoch momentan keinen Bestand haben. Sie k\u00f6nnen sicher sein, dass wir Ihre Bestellung ausliefern, sobald wir neue Ware von den Herstellern erhalten. Das Wiedereinlagerungsdatum wird in der Regel auf der Produktseite angegeben und gibt Ihnen einen Anhaltspunkt daf\u00fcr, wann Sie mit dem Versand Ihrer Bestellung rechnen k\u00f6nnen.  <\/li>\n\n\n\n<li><strong>Vorbestellung:<\/strong> Wenn Sie ein Produkt als &#8220;Vorbestellung&#8221; gekennzeichnet sehen, bedeutet dies, dass der Artikel noch nicht offiziell eingef\u00fchrt wurde. Durch eine Vorbestellung reservieren Sie das Produkt und stellen sicher, dass Sie zu den Ersten geh\u00f6ren, die es erhalten, sobald es eingef\u00fchrt wird und wir Bestand in unseren Lagern haben.  Vorbestellte Artikel werden an Kunden versandt, sobald das Produkt verf\u00fcgbar ist.<\/li>\n<\/ul>\n\n<p>Sollten Sie Fragen zur Verf\u00fcgbarkeit eines Artikels haben, nutzen Sie bitte unseren <strong>Live-Chat<\/strong> oder senden Sie uns eine E-Mail an <strong><a>support@droix.co.uk<\/a><\/strong>. Wir helfen Ihnen gerne weiter.<\/p>\n\n<h2 class=\"wp-block-heading\">Zahlung<\/h2>\n\n<p>Bei <strong>DROIX<\/strong> verstehen wir die Wichtigkeit, flexible und sichere Zahlungsoptionen f\u00fcr ein reibungsloses Einkaufserlebnis anzubieten. Deshalb akzeptieren wir mit Stolz eine breite Palette an Zahlungsmethoden, die Ihren individuellen Pr\u00e4ferenzen entgegenkommen und einen problemlosen Checkout-Prozess gew\u00e4hrleisten. <\/p>\n\n<p>Wir akzeptieren alle g\u00e4ngigen Kredit- und Debitkarten, einschlie\u00dflich:<\/p>\n\n<ul class=\"wp-block-list\">\n<li><strong>Apple Pay:<\/strong> T\u00e4tigen Sie sichere und kontaktlose Zahlungen mit Ihren Apple-Ger\u00e4ten.<\/li>\n\n\n\n<li><strong>Mastercard:<\/strong> Bezahlen Sie vertrauensvoll mit Ihrer bew\u00e4hrten Mastercard Debit- oder Kreditkarte.<\/li>\n\n\n\n<li><strong>Visa:<\/strong> Verlassen Sie sich auf die globale Reichweite und Sicherheit Ihrer Visa Debit- oder Kreditkarte.<\/li>\n<\/ul>\n\n<p>Zus\u00e4tzlich zu Debit- und Kreditkarten akzeptieren wir auch <strong>PayPal<\/strong>, eine weithin anerkannte und sichere Online-Zahlungsplattform. Mit PayPal k\u00f6nnen Sie vertrauensvoll einkaufen, denn Sie wissen, dass Ihre Finanzdaten durch fortschrittliche Verschl\u00fcsselungstechnologie gesch\u00fctzt sind. <\/p>\n\n<p>Durch das Angebot mehrerer Zahlungsoptionen zielen wir darauf ab, Ihnen die Flexibilit\u00e4t und Bequemlichkeit zu bieten, die Sie beim Einkaufen bei <strong>DROIX<\/strong> verdienen. Sollten Sie Fragen haben oder Unterst\u00fctzung beim Checkout-Prozess ben\u00f6tigen, z\u00f6gern Sie bitte nicht, sich an unser engagiertes Kundenservice-Team zu wenden. <\/p>\n\n<h2 class=\"wp-block-heading\">Versand und Steuern<\/h2>\n\n<p>Wir freuen uns, Ihnen mitteilen zu k\u00f6nnen, dass alle <strong>DROIX <\/strong>Bestellungen ausschlie\u00dflich aus unserem Lager in Gro\u00dfbritannien, gelegen in 54C Expressway, N Woolwich Rd, London, E16 2AA, Vereinigtes K\u00f6nigreich, versandt werden. Auch wenn Produktseiten m\u00f6glicherweise auf internationale Lieferverf\u00fcgbarkeit hinweisen, beachten Sie bitte, dass <strong>alle Artikel aus dem Vereinigten K\u00f6nigreich versandt werden<\/strong>, unabh\u00e4ngig vom Bestimmungsort. Wir betreiben keine Fulfillment-Center in der EU oder den USA. Alle internationalen Bestellungen werden aus Gro\u00dfbritannien verschickt und k\u00f6nnen Einfuhrz\u00f6llen und -steuern unterliegen, die beim Checkout berechnet werden (sofern zutreffend). Unser Logistikteam ist bestrebt, einen effizienten und zeitnahen weltweiten Versand von unserem Standort in Gro\u00dfbritannien aus zu gew\u00e4hrleisten.    <\/p>\n\n<ul class=\"wp-block-list\">\n<li><strong>Steuern inklusive:<\/strong> Alle auf unserer Website aufgef\u00fchrten Preise beinhalten die anfallenden Steuern, was Ihr Checkout-Erlebnis transparent und sorgenfrei gestaltet.<\/li>\n\n\n\n<li><strong>Einfuhrsteuern:<\/strong> Kunden aus dem Vereinigten K\u00f6nigreich und den Vereinigten Staaten werden keine zus\u00e4tzlichen Einfuhrsteuern berechnet. F\u00fcr Kunden au\u00dferhalb dieser Regionen werden die meisten Artikel ebenfalls mit bezahlten Steuern versandt. Dies wird auf jeder Produktseite erw\u00e4hnt, um sicherzustellen, dass es keine versteckten \u00dcberraschungen bei der Lieferung gibt.  \n<ul class=\"wp-block-list\">\n<li>Mit Abschluss Ihres Kaufs erm\u00e4chtigen Sie DROIX, diese Einfuhrsteuern und -z\u00f6lle in Ihrem Namen am Eintrittspunkt zu entrichten. Diese Betr\u00e4ge werden direkt an die Zollbeh\u00f6rde Ihres Landes gezahlt und sind daher unter keinen Umst\u00e4nden erstattungsf\u00e4hig, einschlie\u00dflich bei abgelehnten oder zur\u00fcckgesandten Bestellungen. <\/li>\n\n\n\n<li>Bitte stellen Sie sicher, dass Sie mit den Einfuhrbestimmungen Ihres Landes vertraut sind, bevor Sie eine Bestellung aufgeben, da wir Einfuhrgeb\u00fchren nicht zur\u00fcckholen oder erstatten k\u00f6nnen, sobald diese beim Zoll eingereicht wurden.<\/li>\n<\/ul>\n<\/li>\n<\/ul>\n\n<p><strong>DROIX <\/strong>versendet mit Stolz in die folgenden L\u00e4nder:<\/p>\n\n<ul class=\"wp-block-list\">\n<li>Vereinigtes K\u00f6nigreich<\/li>\n\n\n\n<li>Albanien<\/li>\n\n\n\n<li>Andorra<\/li>\n\n\n\n<li>\u00d6sterreich<\/li>\n\n\n\n<li>Belgien<\/li>\n\n\n\n<li>Bosnien  Herzegowina<\/li>\n\n\n\n<li>Bulgarien<\/li>\n\n\n\n<li>Kanada<\/li>\n\n\n\n<li>Kroatien<\/li>\n\n\n\n<li>Tschechische Republik<\/li>\n\n\n\n<li>D\u00e4nemark<\/li>\n\n\n\n<li>Estland<\/li>\n\n\n\n<li>Finnland<\/li>\n\n\n\n<li>Frankreich<\/li>\n\n\n\n<li>Deutschland<\/li>\n\n\n\n<li>Griechenland<\/li>\n\n\n\n<li>Ungarn<\/li>\n\n\n\n<li>Island<\/li>\n\n\n\n<li>Irland<\/li>\n\n\n\n<li>Italien<\/li>\n\n\n\n<li>Lettland<\/li>\n\n\n\n<li>Litauen<\/li>\n\n\n\n<li>Luxemburg<\/li>\n\n\n\n<li>Malta<\/li>\n\n\n\n<li>Moldawien<\/li>\n\n\n\n<li>Montenegro<\/li>\n\n\n\n<li>Niederlande<\/li>\n\n\n\n<li>Norwegen<\/li>\n\n\n\n<li>Polen<\/li>\n\n\n\n<li>Portugal<\/li>\n\n\n\n<li>Rum\u00e4nien<\/li>\n\n\n\n<li>Serbien<\/li>\n\n\n\n<li>Slowakei<\/li>\n\n\n\n<li>Slowenien<\/li>\n\n\n\n<li>Spanien<\/li>\n\n\n\n<li>Schweden<\/li>\n\n\n\n<li>Schweiz<\/li>\n\n\n\n<li>USA<\/li>\n<\/ul>\n\n<p>Wir bieten verschiedene Versandmethoden basierend auf der Produktklasse an. Hochwertige Produkte k\u00f6nnen ausschlie\u00dflich per <strong>DHL Express<\/strong> versandt werden, um eine sichere und prompte Lieferung zu gew\u00e4hrleisten. Unsere verf\u00fcgbaren Versandoptionen umfassen <strong>DHL Express<\/strong>, <strong>DPD<\/strong>, <strong>GlobalMail<\/strong> und <strong>Royal Mail<\/strong>.  <\/p>\n\n<p>Wir hoffen, dass diese Informationen unsere Versandpolitik und -verfahren verdeutlichen. Sollten Sie weitere Fragen oder Anliegen haben, kontaktieren Sie bitte unser Kundendienstteam f\u00fcr Unterst\u00fctzung. <\/p>\n\n<h4 class=\"wp-block-heading\"><strong>Versandkosten und Sendungsverfolgung<\/strong><\/h4>\n\n<p><strong>Sendungsverfolgung:<\/strong> Wir versenden alle unsere Bestellungen mit Tracking-Methoden, und eine E-Mail mit Ihrer Sendungsverfolgungsnummer wird nach dem Versand Ihrer Bestellung verschickt.<\/p>\n\n<p><strong>Versandkosten:<\/strong> Die Versandkosten werden basierend auf dem Gewicht, Wert und Zielort des Artikels berechnet, wobei die minimalen Versandkosten 10,11 \u00a3 betragen. F\u00fcr eine genaue Berechnung f\u00fcgen Sie bitte den gew\u00fcnschten Artikel Ihrem Warenkorb hinzu und geben Sie Ihre Adresse w\u00e4hrend des Checkouts ein. <\/p>\n\n<p>Wenn Sie Fragen zu Ihrer Bestellung oder der Sendungsverfolgung haben, z\u00f6gern Sie bitte nicht, <a href=\"https:\/\/droix.eu\/de\/kontakt\/\" target=\"_blank\" rel=\"noreferrer noopener\" data-type=\"page\" data-id=\"10257\">uns zu kontaktieren<\/a>.<\/p>\n","protected":false},"excerpt":{"rendered":"<p>Wir freuen uns, Ihnen mitteilen zu k\u00f6nnen, dass DROIX nun noch schnellere und kosteng\u00fcnstigere Versandoptionen f\u00fcr all Ihre elektronischen Bed\u00fcrfnisse anbietet. Unser Engagement, Ihnen einen au\u00dfergew\u00f6hnlichen Kundenservice zu bieten, erstreckt sich auch darauf, dass Sie Ihre Bestellungen so schnell und effizient wie m\u00f6glich erhalten, ohne dass Sie dabei Ihr Budget sprengen. Bei DROIX verstehen wir [&hellip;]<\/p>\n","protected":false},"author":2,"featured_media":0,"parent":0,"menu_order":0,"comment_status":"closed","ping_status":"closed","template":"","meta":{"_acf_changed":false,"footnotes":""},"class_list":["post-503876","page","type-page","status-publish","hentry"],"acf":[],"aioseo_notices":[],"aioseo_head":"\n\t\t<!-- All in One SEO Pro 4.9.6.2 - aioseo.com -->\n\t<meta name=\"description\" content=\"Wir freuen uns, Ihnen mitteilen zu k\u00f6nnen, dass DROIX nun noch schnellere und kosteng\u00fcnstigere Versandoptionen f\u00fcr all Ihre elektronischen Bed\u00fcrfnisse anbietet. Unser Engagement, Ihnen einen au\u00dfergew\u00f6hnlichen Kundenservice zu bieten, erstreckt sich auch darauf, dass Sie Ihre Bestellungen so schnell und effizient wie m\u00f6glich erhalten, ohne dass Sie dabei Ihr Budget sprengen. Bei DROIX verstehen wir\" \/>\n\t<meta name=\"robots\" content=\"max-image-preview:large\" \/>\n\t<link rel=\"canonical\" href=\"https:\/\/droix.eu\/de\/lagerbestand-zahlung-und-lieferung\/\" \/>\n\t<meta name=\"generator\" content=\"All in One SEO Pro (AIOSEO) 4.9.6.2\" \/>\n\t\t<meta property=\"og:locale\" content=\"de_DE\" \/>\n\t\t<meta property=\"og:site_name\" content=\"DROIX EU - Get the latest Mini PCs, Ultrabook, PC Gaming Handhelds and more!\" \/>\n\t\t<meta property=\"og:type\" content=\"article\" \/>\n\t\t<meta property=\"og:title\" content=\"Lagerbestand, Zahlung und Lieferung - DROIX EU\" \/>\n\t\t<meta property=\"og:description\" content=\"Wir freuen uns, Ihnen mitteilen zu k\u00f6nnen, dass DROIX nun noch schnellere und kosteng\u00fcnstigere Versandoptionen f\u00fcr all Ihre elektronischen Bed\u00fcrfnisse anbietet. Unser Engagement, Ihnen einen au\u00dfergew\u00f6hnlichen Kundenservice zu bieten, erstreckt sich auch darauf, dass Sie Ihre Bestellungen so schnell und effizient wie m\u00f6glich erhalten, ohne dass Sie dabei Ihr Budget sprengen. Bei DROIX verstehen wir\" \/>\n\t\t<meta property=\"og:url\" content=\"https:\/\/droix.eu\/de\/lagerbestand-zahlung-und-lieferung\/\" \/>\n\t\t<meta property=\"og:image\" content=\"https:\/\/droix.eu\/wp-content\/uploads\/2024\/06\/droix-v2-light-logo.png\" \/>\n\t\t<meta property=\"og:image:secure_url\" content=\"https:\/\/droix.eu\/wp-content\/uploads\/2024\/06\/droix-v2-light-logo.png\" \/>\n\t\t<meta property=\"og:image:width\" content=\"380\" \/>\n\t\t<meta property=\"og:image:height\" content=\"118\" \/>\n\t\t<meta property=\"article:published_time\" content=\"2023-05-02T15:38:01+00:00\" \/>\n\t\t<meta property=\"article:modified_time\" content=\"2025-04-23T00:12:05+00:00\" \/>\n\t\t<meta property=\"article:publisher\" content=\"https:\/\/www.facebook.com\/DroiX.Store\" \/>\n\t\t<meta name=\"twitter:card\" content=\"summary_large_image\" \/>\n\t\t<meta name=\"twitter:site\" content=\"@DroiX_Store\" \/>\n\t\t<meta name=\"twitter:title\" content=\"Lagerbestand, Zahlung und Lieferung - DROIX EU\" \/>\n\t\t<meta name=\"twitter:description\" content=\"Wir freuen uns, Ihnen mitteilen zu k\u00f6nnen, dass DROIX nun noch schnellere und kosteng\u00fcnstigere Versandoptionen f\u00fcr all Ihre elektronischen Bed\u00fcrfnisse anbietet. Unser Engagement, Ihnen einen au\u00dfergew\u00f6hnlichen Kundenservice zu bieten, erstreckt sich auch darauf, dass Sie Ihre Bestellungen so schnell und effizient wie m\u00f6glich erhalten, ohne dass Sie dabei Ihr Budget sprengen. Bei DROIX verstehen wir\" \/>\n\t\t<meta name=\"twitter:creator\" content=\"@DroiX_Store\" \/>\n\t\t<meta name=\"twitter:image\" content=\"https:\/\/droix.eu\/wp-content\/uploads\/2024\/06\/droix-v2-light-logo.png\" \/>\n\t\t<script type=\"application\/ld+json\" class=\"aioseo-schema\">\n\t\t\t{\"@context\":\"https:\\\/\\\/schema.org\",\"@graph\":[{\"@type\":\"BreadcrumbList\",\"@id\":\"https:\\\/\\\/droix.eu\\\/de\\\/lagerbestand-zahlung-und-lieferung\\\/#breadcrumblist\",\"itemListElement\":[{\"@type\":\"ListItem\",\"@id\":\"https:\\\/\\\/droix.eu\\\/de\\\/#listItem\",\"position\":1,\"name\":\"Home\",\"item\":\"https:\\\/\\\/droix.eu\\\/de\\\/\",\"nextItem\":{\"@type\":\"ListItem\",\"@id\":\"https:\\\/\\\/droix.eu\\\/de\\\/lagerbestand-zahlung-und-lieferung\\\/#listItem\",\"name\":\"Lagerbestand, Zahlung und Lieferung\"}},{\"@type\":\"ListItem\",\"@id\":\"https:\\\/\\\/droix.eu\\\/de\\\/lagerbestand-zahlung-und-lieferung\\\/#listItem\",\"position\":2,\"name\":\"Lagerbestand, Zahlung und Lieferung\",\"previousItem\":{\"@type\":\"ListItem\",\"@id\":\"https:\\\/\\\/droix.eu\\\/de\\\/#listItem\",\"name\":\"Home\"}}]},{\"@type\":\"Organization\",\"@id\":\"https:\\\/\\\/droix.eu\\\/de\\\/#organization\",\"name\":\"DroiX \\u2013 Trusted EU Tech Retailer with 12+ Years Experience\",\"description\":\"DroiX is a leading European technology retailer with over 12 years of experience, offering quality mini PCs, handheld gaming consoles, and tech accessories. We provide hassle-free EU delivery with all taxes included, ensuring a smooth and reliable shopping experience for our customers across Europe.\",\"url\":\"https:\\\/\\\/droix.eu\\\/de\\\/\",\"logo\":{\"@type\":\"ImageObject\",\"url\":\"https:\\\/\\\/droix.eu\\\/wp-content\\\/uploads\\\/2024\\\/06\\\/droix-v2-light-logo.png\",\"@id\":\"https:\\\/\\\/droix.eu\\\/de\\\/lagerbestand-zahlung-und-lieferung\\\/#organizationLogo\",\"width\":380,\"height\":118},\"image\":{\"@id\":\"https:\\\/\\\/droix.eu\\\/de\\\/lagerbestand-zahlung-und-lieferung\\\/#organizationLogo\"},\"sameAs\":[\"https:\\\/\\\/www.facebook.com\\\/DroiX.Store\",\"https:\\\/\\\/twitter.com\\\/DroiX_Store\",\"https:\\\/\\\/www.instagram.com\\\/droix.store\\\/\",\"https:\\\/\\\/www.tiktok.com\\\/@droix.store\",\"https:\\\/\\\/www.youtube.com\\\/c\\\/DroiX_Store\",\"https:\\\/\\\/uk.linkedin.com\\\/company\\\/droix\"]},{\"@type\":\"WebPage\",\"@id\":\"https:\\\/\\\/droix.eu\\\/de\\\/lagerbestand-zahlung-und-lieferung\\\/#webpage\",\"url\":\"https:\\\/\\\/droix.eu\\\/de\\\/lagerbestand-zahlung-und-lieferung\\\/\",\"name\":\"Lagerbestand, Zahlung und Lieferung - DROIX EU\",\"description\":\"Wir freuen uns, Ihnen mitteilen zu k\\u00f6nnen, dass DROIX nun noch schnellere und kosteng\\u00fcnstigere Versandoptionen f\\u00fcr all Ihre elektronischen Bed\\u00fcrfnisse anbietet. Unser Engagement, Ihnen einen au\\u00dfergew\\u00f6hnlichen Kundenservice zu bieten, erstreckt sich auch darauf, dass Sie Ihre Bestellungen so schnell und effizient wie m\\u00f6glich erhalten, ohne dass Sie dabei Ihr Budget sprengen. Bei DROIX verstehen wir\",\"inLanguage\":\"de-DE\",\"isPartOf\":{\"@id\":\"https:\\\/\\\/droix.eu\\\/de\\\/#website\"},\"breadcrumb\":{\"@id\":\"https:\\\/\\\/droix.eu\\\/de\\\/lagerbestand-zahlung-und-lieferung\\\/#breadcrumblist\"},\"datePublished\":\"2023-05-02T16:38:01+01:00\",\"dateModified\":\"2025-04-23T01:12:05+01:00\"},{\"@type\":\"WebSite\",\"@id\":\"https:\\\/\\\/droix.eu\\\/de\\\/#website\",\"url\":\"https:\\\/\\\/droix.eu\\\/de\\\/\",\"name\":\"DROIX EU\",\"description\":\"Get the latest Mini PCs, Ultrabook, PC Gaming Handhelds and more!\",\"inLanguage\":\"de-DE\",\"publisher\":{\"@id\":\"https:\\\/\\\/droix.eu\\\/de\\\/#organization\"}}]}\n\t\t<\/script>\n\t\t<!-- All in One SEO Pro -->\r\n\t\t<title>Lagerbestand, Zahlung und Lieferung - DROIX EU<\/title>\n\n","aioseo_head_json":{"title":"Lagerbestand, Zahlung und Lieferung - DROIX EU","description":"Wir freuen uns, Ihnen mitteilen zu k\u00f6nnen, dass DROIX nun noch schnellere und kosteng\u00fcnstigere Versandoptionen f\u00fcr all Ihre elektronischen Bed\u00fcrfnisse anbietet. Unser Engagement, Ihnen einen au\u00dfergew\u00f6hnlichen Kundenservice zu bieten, erstreckt sich auch darauf, dass Sie Ihre Bestellungen so schnell und effizient wie m\u00f6glich erhalten, ohne dass Sie dabei Ihr Budget sprengen. Bei DROIX verstehen wir","canonical_url":"https:\/\/droix.eu\/de\/lagerbestand-zahlung-und-lieferung\/","robots":"max-image-preview:large","keywords":"","webmasterTools":{"miscellaneous":""},"schema":{"@context":"https:\/\/schema.org","@graph":[{"@type":"BreadcrumbList","@id":"https:\/\/droix.eu\/de\/lagerbestand-zahlung-und-lieferung\/#breadcrumblist","itemListElement":[{"@type":"ListItem","@id":"https:\/\/droix.eu\/de\/#listItem","position":1,"name":"Home","item":"https:\/\/droix.eu\/de\/","nextItem":{"@type":"ListItem","@id":"https:\/\/droix.eu\/de\/lagerbestand-zahlung-und-lieferung\/#listItem","name":"Lagerbestand, Zahlung und Lieferung"}},{"@type":"ListItem","@id":"https:\/\/droix.eu\/de\/lagerbestand-zahlung-und-lieferung\/#listItem","position":2,"name":"Lagerbestand, Zahlung und Lieferung","previousItem":{"@type":"ListItem","@id":"https:\/\/droix.eu\/de\/#listItem","name":"Home"}}]},{"@type":"Organization","@id":"https:\/\/droix.eu\/de\/#organization","name":"DroiX \u2013 Trusted EU Tech Retailer with 12+ Years Experience","description":"DroiX is a leading European technology retailer with over 12 years of experience, offering quality mini PCs, handheld gaming consoles, and tech accessories. We provide hassle-free EU delivery with all taxes included, ensuring a smooth and reliable shopping experience for our customers across Europe.","url":"https:\/\/droix.eu\/de\/","logo":{"@type":"ImageObject","url":"https:\/\/droix.eu\/wp-content\/uploads\/2024\/06\/droix-v2-light-logo.png","@id":"https:\/\/droix.eu\/de\/lagerbestand-zahlung-und-lieferung\/#organizationLogo","width":380,"height":118},"image":{"@id":"https:\/\/droix.eu\/de\/lagerbestand-zahlung-und-lieferung\/#organizationLogo"},"sameAs":["https:\/\/www.facebook.com\/DroiX.Store","https:\/\/twitter.com\/DroiX_Store","https:\/\/www.instagram.com\/droix.store\/","https:\/\/www.tiktok.com\/@droix.store","https:\/\/www.youtube.com\/c\/DroiX_Store","https:\/\/uk.linkedin.com\/company\/droix"]},{"@type":"WebPage","@id":"https:\/\/droix.eu\/de\/lagerbestand-zahlung-und-lieferung\/#webpage","url":"https:\/\/droix.eu\/de\/lagerbestand-zahlung-und-lieferung\/","name":"Lagerbestand, Zahlung und Lieferung - DROIX EU","description":"Wir freuen uns, Ihnen mitteilen zu k\u00f6nnen, dass DROIX nun noch schnellere und kosteng\u00fcnstigere Versandoptionen f\u00fcr all Ihre elektronischen Bed\u00fcrfnisse anbietet. Unser Engagement, Ihnen einen au\u00dfergew\u00f6hnlichen Kundenservice zu bieten, erstreckt sich auch darauf, dass Sie Ihre Bestellungen so schnell und effizient wie m\u00f6glich erhalten, ohne dass Sie dabei Ihr Budget sprengen. Bei DROIX verstehen wir","inLanguage":"de-DE","isPartOf":{"@id":"https:\/\/droix.eu\/de\/#website"},"breadcrumb":{"@id":"https:\/\/droix.eu\/de\/lagerbestand-zahlung-und-lieferung\/#breadcrumblist"},"datePublished":"2023-05-02T16:38:01+01:00","dateModified":"2025-04-23T01:12:05+01:00"},{"@type":"WebSite","@id":"https:\/\/droix.eu\/de\/#website","url":"https:\/\/droix.eu\/de\/","name":"DROIX EU","description":"Get the latest Mini PCs, Ultrabook, PC Gaming Handhelds and more!","inLanguage":"de-DE","publisher":{"@id":"https:\/\/droix.eu\/de\/#organization"}}]},"og:locale":"de_DE","og:site_name":"DROIX EU - Get the latest Mini PCs, Ultrabook, PC Gaming Handhelds and more!","og:type":"article","og:title":"Lagerbestand, Zahlung und Lieferung - DROIX EU","og:description":"Wir freuen uns, Ihnen mitteilen zu k\u00f6nnen, dass DROIX nun noch schnellere und kosteng\u00fcnstigere Versandoptionen f\u00fcr all Ihre elektronischen Bed\u00fcrfnisse anbietet. Unser Engagement, Ihnen einen au\u00dfergew\u00f6hnlichen Kundenservice zu bieten, erstreckt sich auch darauf, dass Sie Ihre Bestellungen so schnell und effizient wie m\u00f6glich erhalten, ohne dass Sie dabei Ihr Budget sprengen. Bei DROIX verstehen wir","og:url":"https:\/\/droix.eu\/de\/lagerbestand-zahlung-und-lieferung\/","og:image":"https:\/\/droix.eu\/wp-content\/uploads\/2024\/06\/droix-v2-light-logo.png","og:image:secure_url":"https:\/\/droix.eu\/wp-content\/uploads\/2024\/06\/droix-v2-light-logo.png","og:image:width":380,"og:image:height":118,"article:published_time":"2023-05-02T15:38:01+00:00","article:modified_time":"2025-04-23T00:12:05+00:00","article:publisher":"https:\/\/www.facebook.com\/DroiX.Store","twitter:card":"summary_large_image","twitter:site":"@DroiX_Store","twitter:title":"Lagerbestand, Zahlung und Lieferung - DROIX EU","twitter:description":"Wir freuen uns, Ihnen mitteilen zu k\u00f6nnen, dass DROIX nun noch schnellere und kosteng\u00fcnstigere Versandoptionen f\u00fcr all Ihre elektronischen Bed\u00fcrfnisse anbietet. Unser Engagement, Ihnen einen au\u00dfergew\u00f6hnlichen Kundenservice zu bieten, erstreckt sich auch darauf, dass Sie Ihre Bestellungen so schnell und effizient wie m\u00f6glich erhalten, ohne dass Sie dabei Ihr Budget sprengen. Bei DROIX verstehen wir","twitter:creator":"@DroiX_Store","twitter:image":"https:\/\/droix.eu\/wp-content\/uploads\/2024\/06\/droix-v2-light-logo.png"},"aioseo_meta_data":{"post_id":"503876","title":null,"description":null,"keywords":null,"keyphrases":null,"primary_term":null,"canonical_url":null,"og_title":null,"og_description":null,"og_object_type":"default","og_image_type":"default","og_image_url":null,"og_image_width":null,"og_image_height":null,"og_image_custom_url":null,"og_image_custom_fields":null,"og_video":null,"og_custom_url":null,"og_article_section":null,"og_article_tags":null,"twitter_use_og":true,"twitter_card":"default","twitter_image_type":"default","twitter_image_url":null,"twitter_image_custom_url":null,"twitter_image_custom_fields":null,"twitter_title":null,"twitter_description":null,"schema":{"blockGraphs":[],"customGraphs":[],"default":{"data":{"Article":[],"Course":[],"Dataset":[],"FAQPage":[],"Movie":[],"Person":[],"Product":[],"ProductReview":[],"Car":[],"Recipe":[],"Service":[],"SoftwareApplication":[],"WebPage":[]},"graphName":"","isEnabled":true},"graphs":[]},"schema_type":"default","schema_type_options":null,"pillar_content":false,"robots_default":true,"robots_noindex":false,"robots_noarchive":false,"robots_nosnippet":false,"robots_nofollow":false,"robots_noimageindex":false,"robots_noodp":false,"robots_notranslate":false,"robots_max_snippet":null,"robots_max_videopreview":null,"robots_max_imagepreview":"large","priority":null,"frequency":null,"local_seo":null,"seo_analyzer_scan_date":"2025-09-17 00:10:05","breadcrumb_settings":null,"limit_modified_date":false,"reviewed_by":null,"open_ai":null,"ai":null,"created":"2025-09-17 00:10:05","updated":"2025-11-27 01:24:44"},"aioseo_breadcrumb":"<div class=\"aioseo-breadcrumbs\"><span class=\"aioseo-breadcrumb\">\n\t<a href=\"https:\/\/droix.eu\/de\/\" title=\"Home\">Home<\/a>\n<\/span><span class=\"aioseo-breadcrumb-separator\">&raquo;<\/span><span class=\"aioseo-breadcrumb\">\n\tLagerbestand, Zahlung und Lieferung\n<\/span><\/div>","aioseo_breadcrumb_json":[{"label":"Home","link":"https:\/\/droix.eu\/de\/"},{"label":"Lagerbestand, Zahlung und Lieferung","link":"https:\/\/droix.eu\/de\/lagerbestand-zahlung-und-lieferung\/"}],"_links":{"self":[{"href":"https:\/\/droix.eu\/de\/wp-json\/wp\/v2\/pages\/503876","targetHints":{"allow":["GET"]}}],"collection":[{"href":"https:\/\/droix.eu\/de\/wp-json\/wp\/v2\/pages"}],"about":[{"href":"https:\/\/droix.eu\/de\/wp-json\/wp\/v2\/types\/page"}],"author":[{"embeddable":true,"href":"https:\/\/droix.eu\/de\/wp-json\/wp\/v2\/users\/2"}],"replies":[{"embeddable":true,"href":"https:\/\/droix.eu\/de\/wp-json\/wp\/v2\/comments?post=503876"}],"version-history":[{"count":0,"href":"https:\/\/droix.eu\/de\/wp-json\/wp\/v2\/pages\/503876\/revisions"}],"wp:attachment":[{"href":"https:\/\/droix.eu\/de\/wp-json\/wp\/v2\/media?parent=503876"}],"curies":[{"name":"wp","href":"https:\/\/api.w.org\/{rel}","templated":true}]}}