{"id":503705,"date":"2021-12-23T11:49:46","date_gmt":"2021-12-23T11:49:46","guid":{"rendered":"https:\/\/droix.eu\/cookie-richtlinie\/"},"modified":"2025-05-06T15:56:49","modified_gmt":"2025-05-06T14:56:49","slug":"cookie-richtlinie","status":"publish","type":"page","link":"https:\/\/droix.eu\/de\/cookie-richtlinie\/","title":{"rendered":"Cookie-Richtlinie"},"content":{"rendered":"\n<p>Die folgende Cookie-Richtlinie ist in \u00dcbereinstimmung mit den <a href=\"https:\/\/droix.eu\/de\/bedingungen-und-konditionen\/\" target=\"_blank\" rel=\"noreferrer noopener\">Allgemeinen<\/a> Gesch\u00e4ftsbedingungen und der <a href=\"https:\/\/droix.eu\/de\/datenschutzbestimmungen\/\" target=\"_blank\" rel=\"noreferrer noopener\">Datenschutzrichtlinie<\/a> zu verstehen (gepaart mit).<\/p>\n\n<ol class=\"wp-block-list\">\n<li>Diese Verkaufsbedingungen gelten f\u00fcr alle von DROIX gelieferten Waren, mit dem eingetragenen Firmensitz in 54C Expressway, N Woolwich Rd, London, E16 2AA, Vereinigtes K\u00f6nigreich.\n<ol class=\"wp-block-list\">\n<li>Im vorliegenden Vertrag beziehen sich die Verweise auf: Wir (DROIX) sind der Lieferant, und Sie (der Kunde)<\/li>\n<\/ol>\n<\/li>\n<\/ol>\n\n<ol class=\"wp-block-list\">\n<li>Die Website des Anbieters verwendet Cookies, um den Kunden, d.h. Sie, von anderen Benutzern der Website zu unterscheiden. Dies hilft dem Anbieter, Ihnen ein gutes Erlebnis zu bieten, wenn Sie auf der Website des Anbieters surfen, und erm\u00f6glicht es dem Anbieter auch, unsere Website zu verbessern. Wenn Sie auf der Website weitersurfen, erkl\u00e4ren Sie sich mit der Verwendung von Cookies durch den Anbieter einverstanden.  <\/li>\n\n\n\n<li>Ein Cookie ist eine kleine Datei aus Buchstaben und Zahlen, die der Anbieter in Ihrem Browser oder auf der Festplatte Ihres Computers oder Mobiltelefons speichert, wenn Sie damit einverstanden sind. Cookies enthalten Informationen, die auf die Festplatte Ihres Computers \u00fcbertragen werden. <\/li>\n\n\n\n<li>Der Anbieter verwendet die folgenden Cookies:\n<ol class=\"wp-block-list\">\n<li>Streng notwendige Cookies. Es handelt sich um Cookies, die f\u00fcr den Betrieb der Website des Anbieters erforderlich sind. Dazu geh\u00f6ren z. B. Cookies, die es Ihnen erm\u00f6glichen, sich in sichere Bereiche der Website des Anbieters einzuloggen und Transaktionen durchzuf\u00fchren.  <\/li>\n\n\n\n<li>Analytische\/Leistungs-Cookies. Sie erm\u00f6glichen es dem Anbieter, die Anzahl der Besucher zu erkennen und zu z\u00e4hlen und zu sehen, wie sich die Besucher auf der Website des Anbieters bewegen, wenn sie diese nutzen. Dies hilft dem Anbieter, die Funktionsweise der Website zu verbessern, indem er z. B. sicherstellt, dass die Nutzer das Gesuchte leicht und ohne Probleme finden.  <\/li>\n\n\n\n<li>Der Anbieter verwendet Cookies von Google Analytics. Google Analytics sammelt Informationen anonym. Sie berichtet \u00fcber Website-Trends, ohne einzelne Besucher zu identifizieren. Sie k\u00f6nnen sich von Google Analytics abmelden, ohne dass dies Auswirkungen auf Ihren Besuch dieser Website hat. F\u00fcr weitere Informationen zu Google Analytics klicken Sie bitte hier.    <\/li>\n\n\n\n<li>Zielgerichtete Cookies. Diese Cookies speichern Ihren Besuch auf der Website des Anbieters, die Seiten, die Sie besucht haben und die Links, denen Sie gefolgt sind. Der Anbieter verwendet diese Informationen, um die Website und die darauf angezeigte Werbung besser auf Ihre Interessen abzustimmen. Der Anbieter kann diese Informationen zu diesem Zweck auch an Dritte weitergeben.   <\/li>\n<\/ol>\n<\/li>\n\n\n\n<li>Bitte beachten Sie, dass auch Dritte (z. B. Werbenetzwerke und Anbieter von externen Diensten wie Web-Traffic-Analysedienste) Cookies verwenden k\u00f6nnen, auf die der Anbieter keinen Einfluss hat. Bei diesen Cookies handelt es sich wahrscheinlich um Analyse-\/Leistungs-Cookies oder zielgerichtete Cookies. <\/li>\n\n\n\n<li>Sie k\u00f6nnen Cookies blockieren, indem Sie die Einstellung Ihres Browsers aktivieren, die es Ihnen erlaubt, das Setzen aller oder einiger Cookies abzulehnen. Wenn Sie jedoch Ihren Browser so einstellen, dass er alle Cookies (einschlie\u00dflich wesentlicher Cookies) blockiert, k\u00f6nnen Sie m\u00f6glicherweise nicht auf die gesamte Website des Anbieters oder Teile davon zugreifen. <\/li>\n<\/ol>\n\n<h2 class=\"wp-block-heading\" id=\"h-cookie-description\">COOKIE-BESCHREIBUNG<\/h2>\n<p><script type=\"text\/javascript\" charset=\"UTF-8\" data-cookiescriptreport=\"report\" src=\"\/\/report.cookie-script.com\/r\/21c7c108a50ee55d6c4ed24051df0334.js\"><\/script><\/p>\n\n<p class=\"has-text-align-center\">Cookie-Richtlinie zuletzt aktualisiert: 12. Oktober 2022 &#8211; 02:29 Uhr.<\/p>\n","protected":false},"excerpt":{"rendered":"<p>Die folgende Cookie-Richtlinie ist in \u00dcbereinstimmung mit den Allgemeinen Gesch\u00e4ftsbedingungen und der Datenschutzrichtlinie zu verstehen (gepaart mit). COOKIE-BESCHREIBUNG Cookie-Richtlinie zuletzt aktualisiert: 12. Oktober 2022 &#8211; 02:29 Uhr.<\/p>\n","protected":false},"author":1,"featured_media":0,"parent":0,"menu_order":0,"comment_status":"closed","ping_status":"closed","template":"","meta":{"_acf_changed":false,"footnotes":""},"class_list":["post-503705","page","type-page","status-publish","hentry"],"acf":[],"aioseo_notices":[],"aioseo_head":"\n\t\t<!-- All in One SEO Pro 4.9.6.2 - aioseo.com -->\n\t<meta name=\"description\" content=\"Die folgende Cookie-Richtlinie ist in \u00dcbereinstimmung mit den Allgemeinen Gesch\u00e4ftsbedingungen und der Datenschutzrichtlinie zu verstehen (gepaart mit). Diese Verkaufsbedingungen gelten f\u00fcr alle von DROIX gelieferten Waren, mit dem eingetragenen Firmensitz in 54C Expressway, N Woolwich Rd, London, E16 2AA, Vereinigtes K\u00f6nigreich. Im vorliegenden Vertrag beziehen sich die Verweise auf: Wir (DROIX) sind der Lieferant, und\" \/>\n\t<meta name=\"robots\" content=\"max-image-preview:large\" \/>\n\t<link rel=\"canonical\" href=\"https:\/\/droix.eu\/de\/cookie-richtlinie\/\" \/>\n\t<meta name=\"generator\" content=\"All in One SEO Pro (AIOSEO) 4.9.6.2\" \/>\n\t\t<meta property=\"og:locale\" content=\"de_DE\" \/>\n\t\t<meta property=\"og:site_name\" content=\"DROIX EU - Get the latest Mini PCs, Ultrabook, PC Gaming Handhelds and more!\" \/>\n\t\t<meta property=\"og:type\" content=\"article\" \/>\n\t\t<meta property=\"og:title\" content=\"Cookie-Richtlinie - DROIX EU\" \/>\n\t\t<meta property=\"og:description\" content=\"Die folgende Cookie-Richtlinie ist in \u00dcbereinstimmung mit den Allgemeinen Gesch\u00e4ftsbedingungen und der Datenschutzrichtlinie zu verstehen (gepaart mit). Diese Verkaufsbedingungen gelten f\u00fcr alle von DROIX gelieferten Waren, mit dem eingetragenen Firmensitz in 54C Expressway, N Woolwich Rd, London, E16 2AA, Vereinigtes K\u00f6nigreich. Im vorliegenden Vertrag beziehen sich die Verweise auf: Wir (DROIX) sind der Lieferant, und\" \/>\n\t\t<meta property=\"og:url\" content=\"https:\/\/droix.eu\/de\/cookie-richtlinie\/\" \/>\n\t\t<meta property=\"og:image\" content=\"https:\/\/droix.eu\/wp-content\/uploads\/2024\/06\/droix-v2-light-logo.png\" \/>\n\t\t<meta property=\"og:image:secure_url\" content=\"https:\/\/droix.eu\/wp-content\/uploads\/2024\/06\/droix-v2-light-logo.png\" \/>\n\t\t<meta property=\"og:image:width\" content=\"380\" \/>\n\t\t<meta property=\"og:image:height\" content=\"118\" \/>\n\t\t<meta property=\"article:published_time\" content=\"2021-12-23T11:49:46+00:00\" \/>\n\t\t<meta property=\"article:modified_time\" content=\"2025-05-06T14:56:49+00:00\" \/>\n\t\t<meta property=\"article:publisher\" content=\"https:\/\/www.facebook.com\/DroiX.Store\" \/>\n\t\t<meta name=\"twitter:card\" content=\"summary_large_image\" \/>\n\t\t<meta name=\"twitter:site\" content=\"@DroiX_Store\" \/>\n\t\t<meta name=\"twitter:title\" content=\"Cookie-Richtlinie - DROIX EU\" \/>\n\t\t<meta name=\"twitter:description\" content=\"Die folgende Cookie-Richtlinie ist in \u00dcbereinstimmung mit den Allgemeinen Gesch\u00e4ftsbedingungen und der Datenschutzrichtlinie zu verstehen (gepaart mit). Diese Verkaufsbedingungen gelten f\u00fcr alle von DROIX gelieferten Waren, mit dem eingetragenen Firmensitz in 54C Expressway, N Woolwich Rd, London, E16 2AA, Vereinigtes K\u00f6nigreich. Im vorliegenden Vertrag beziehen sich die Verweise auf: Wir (DROIX) sind der Lieferant, und\" \/>\n\t\t<meta name=\"twitter:creator\" content=\"@DroiX_Store\" \/>\n\t\t<meta name=\"twitter:image\" content=\"https:\/\/droix.eu\/wp-content\/uploads\/2024\/06\/droix-v2-light-logo.png\" \/>\n\t\t<script type=\"application\/ld+json\" class=\"aioseo-schema\">\n\t\t\t{\"@context\":\"https:\\\/\\\/schema.org\",\"@graph\":[{\"@type\":\"BreadcrumbList\",\"@id\":\"https:\\\/\\\/droix.eu\\\/de\\\/cookie-richtlinie\\\/#breadcrumblist\",\"itemListElement\":[{\"@type\":\"ListItem\",\"@id\":\"https:\\\/\\\/droix.eu\\\/de\\\/#listItem\",\"position\":1,\"name\":\"Home\",\"item\":\"https:\\\/\\\/droix.eu\\\/de\\\/\",\"nextItem\":{\"@type\":\"ListItem\",\"@id\":\"https:\\\/\\\/droix.eu\\\/de\\\/cookie-richtlinie\\\/#listItem\",\"name\":\"Cookie-Richtlinie\"}},{\"@type\":\"ListItem\",\"@id\":\"https:\\\/\\\/droix.eu\\\/de\\\/cookie-richtlinie\\\/#listItem\",\"position\":2,\"name\":\"Cookie-Richtlinie\",\"previousItem\":{\"@type\":\"ListItem\",\"@id\":\"https:\\\/\\\/droix.eu\\\/de\\\/#listItem\",\"name\":\"Home\"}}]},{\"@type\":\"Organization\",\"@id\":\"https:\\\/\\\/droix.eu\\\/de\\\/#organization\",\"name\":\"DroiX \\u2013 Trusted EU Tech Retailer with 12+ Years Experience\",\"description\":\"DroiX is a leading European technology retailer with over 12 years of experience, offering quality mini PCs, handheld gaming consoles, and tech accessories. We provide hassle-free EU delivery with all taxes included, ensuring a smooth and reliable shopping experience for our customers across Europe.\",\"url\":\"https:\\\/\\\/droix.eu\\\/de\\\/\",\"logo\":{\"@type\":\"ImageObject\",\"url\":\"https:\\\/\\\/droix.eu\\\/wp-content\\\/uploads\\\/2024\\\/06\\\/droix-v2-light-logo.png\",\"@id\":\"https:\\\/\\\/droix.eu\\\/de\\\/cookie-richtlinie\\\/#organizationLogo\",\"width\":380,\"height\":118},\"image\":{\"@id\":\"https:\\\/\\\/droix.eu\\\/de\\\/cookie-richtlinie\\\/#organizationLogo\"},\"sameAs\":[\"https:\\\/\\\/www.facebook.com\\\/DroiX.Store\",\"https:\\\/\\\/twitter.com\\\/DroiX_Store\",\"https:\\\/\\\/www.instagram.com\\\/droix.store\\\/\",\"https:\\\/\\\/www.tiktok.com\\\/@droix.store\",\"https:\\\/\\\/www.youtube.com\\\/c\\\/DroiX_Store\",\"https:\\\/\\\/uk.linkedin.com\\\/company\\\/droix\"]},{\"@type\":\"WebPage\",\"@id\":\"https:\\\/\\\/droix.eu\\\/de\\\/cookie-richtlinie\\\/#webpage\",\"url\":\"https:\\\/\\\/droix.eu\\\/de\\\/cookie-richtlinie\\\/\",\"name\":\"Cookie-Richtlinie - DROIX EU\",\"description\":\"Die folgende Cookie-Richtlinie ist in \\u00dcbereinstimmung mit den Allgemeinen Gesch\\u00e4ftsbedingungen und der Datenschutzrichtlinie zu verstehen (gepaart mit). Diese Verkaufsbedingungen gelten f\\u00fcr alle von DROIX gelieferten Waren, mit dem eingetragenen Firmensitz in 54C Expressway, N Woolwich Rd, London, E16 2AA, Vereinigtes K\\u00f6nigreich. Im vorliegenden Vertrag beziehen sich die Verweise auf: Wir (DROIX) sind der Lieferant, und\",\"inLanguage\":\"de-DE\",\"isPartOf\":{\"@id\":\"https:\\\/\\\/droix.eu\\\/de\\\/#website\"},\"breadcrumb\":{\"@id\":\"https:\\\/\\\/droix.eu\\\/de\\\/cookie-richtlinie\\\/#breadcrumblist\"},\"datePublished\":\"2021-12-23T11:49:46+00:00\",\"dateModified\":\"2025-05-06T15:56:49+01:00\"},{\"@type\":\"WebSite\",\"@id\":\"https:\\\/\\\/droix.eu\\\/de\\\/#website\",\"url\":\"https:\\\/\\\/droix.eu\\\/de\\\/\",\"name\":\"DROIX EU\",\"description\":\"Get the latest Mini PCs, Ultrabook, PC Gaming Handhelds and more!\",\"inLanguage\":\"de-DE\",\"publisher\":{\"@id\":\"https:\\\/\\\/droix.eu\\\/de\\\/#organization\"}}]}\n\t\t<\/script>\n\t\t<!-- All in One SEO Pro -->\r\n\t\t<title>Cookie-Richtlinie - DROIX EU<\/title>\n\n","aioseo_head_json":{"title":"Cookie-Richtlinie - DROIX EU","description":"Die folgende Cookie-Richtlinie ist in \u00dcbereinstimmung mit den Allgemeinen Gesch\u00e4ftsbedingungen und der Datenschutzrichtlinie zu verstehen (gepaart mit). Diese Verkaufsbedingungen gelten f\u00fcr alle von DROIX gelieferten Waren, mit dem eingetragenen Firmensitz in 54C Expressway, N Woolwich Rd, London, E16 2AA, Vereinigtes K\u00f6nigreich. Im vorliegenden Vertrag beziehen sich die Verweise auf: Wir (DROIX) sind der Lieferant, und","canonical_url":"https:\/\/droix.eu\/de\/cookie-richtlinie\/","robots":"max-image-preview:large","keywords":"","webmasterTools":{"miscellaneous":""},"schema":{"@context":"https:\/\/schema.org","@graph":[{"@type":"BreadcrumbList","@id":"https:\/\/droix.eu\/de\/cookie-richtlinie\/#breadcrumblist","itemListElement":[{"@type":"ListItem","@id":"https:\/\/droix.eu\/de\/#listItem","position":1,"name":"Home","item":"https:\/\/droix.eu\/de\/","nextItem":{"@type":"ListItem","@id":"https:\/\/droix.eu\/de\/cookie-richtlinie\/#listItem","name":"Cookie-Richtlinie"}},{"@type":"ListItem","@id":"https:\/\/droix.eu\/de\/cookie-richtlinie\/#listItem","position":2,"name":"Cookie-Richtlinie","previousItem":{"@type":"ListItem","@id":"https:\/\/droix.eu\/de\/#listItem","name":"Home"}}]},{"@type":"Organization","@id":"https:\/\/droix.eu\/de\/#organization","name":"DroiX \u2013 Trusted EU Tech Retailer with 12+ Years Experience","description":"DroiX is a leading European technology retailer with over 12 years of experience, offering quality mini PCs, handheld gaming consoles, and tech accessories. We provide hassle-free EU delivery with all taxes included, ensuring a smooth and reliable shopping experience for our customers across Europe.","url":"https:\/\/droix.eu\/de\/","logo":{"@type":"ImageObject","url":"https:\/\/droix.eu\/wp-content\/uploads\/2024\/06\/droix-v2-light-logo.png","@id":"https:\/\/droix.eu\/de\/cookie-richtlinie\/#organizationLogo","width":380,"height":118},"image":{"@id":"https:\/\/droix.eu\/de\/cookie-richtlinie\/#organizationLogo"},"sameAs":["https:\/\/www.facebook.com\/DroiX.Store","https:\/\/twitter.com\/DroiX_Store","https:\/\/www.instagram.com\/droix.store\/","https:\/\/www.tiktok.com\/@droix.store","https:\/\/www.youtube.com\/c\/DroiX_Store","https:\/\/uk.linkedin.com\/company\/droix"]},{"@type":"WebPage","@id":"https:\/\/droix.eu\/de\/cookie-richtlinie\/#webpage","url":"https:\/\/droix.eu\/de\/cookie-richtlinie\/","name":"Cookie-Richtlinie - DROIX EU","description":"Die folgende Cookie-Richtlinie ist in \u00dcbereinstimmung mit den Allgemeinen Gesch\u00e4ftsbedingungen und der Datenschutzrichtlinie zu verstehen (gepaart mit). Diese Verkaufsbedingungen gelten f\u00fcr alle von DROIX gelieferten Waren, mit dem eingetragenen Firmensitz in 54C Expressway, N Woolwich Rd, London, E16 2AA, Vereinigtes K\u00f6nigreich. Im vorliegenden Vertrag beziehen sich die Verweise auf: Wir (DROIX) sind der Lieferant, und","inLanguage":"de-DE","isPartOf":{"@id":"https:\/\/droix.eu\/de\/#website"},"breadcrumb":{"@id":"https:\/\/droix.eu\/de\/cookie-richtlinie\/#breadcrumblist"},"datePublished":"2021-12-23T11:49:46+00:00","dateModified":"2025-05-06T15:56:49+01:00"},{"@type":"WebSite","@id":"https:\/\/droix.eu\/de\/#website","url":"https:\/\/droix.eu\/de\/","name":"DROIX EU","description":"Get the latest Mini PCs, Ultrabook, PC Gaming Handhelds and more!","inLanguage":"de-DE","publisher":{"@id":"https:\/\/droix.eu\/de\/#organization"}}]},"og:locale":"de_DE","og:site_name":"DROIX EU - Get the latest Mini PCs, Ultrabook, PC Gaming Handhelds and more!","og:type":"article","og:title":"Cookie-Richtlinie - DROIX EU","og:description":"Die folgende Cookie-Richtlinie ist in \u00dcbereinstimmung mit den Allgemeinen Gesch\u00e4ftsbedingungen und der Datenschutzrichtlinie zu verstehen (gepaart mit). Diese Verkaufsbedingungen gelten f\u00fcr alle von DROIX gelieferten Waren, mit dem eingetragenen Firmensitz in 54C Expressway, N Woolwich Rd, London, E16 2AA, Vereinigtes K\u00f6nigreich. Im vorliegenden Vertrag beziehen sich die Verweise auf: Wir (DROIX) sind der Lieferant, und","og:url":"https:\/\/droix.eu\/de\/cookie-richtlinie\/","og:image":"https:\/\/droix.eu\/wp-content\/uploads\/2024\/06\/droix-v2-light-logo.png","og:image:secure_url":"https:\/\/droix.eu\/wp-content\/uploads\/2024\/06\/droix-v2-light-logo.png","og:image:width":380,"og:image:height":118,"article:published_time":"2021-12-23T11:49:46+00:00","article:modified_time":"2025-05-06T14:56:49+00:00","article:publisher":"https:\/\/www.facebook.com\/DroiX.Store","twitter:card":"summary_large_image","twitter:site":"@DroiX_Store","twitter:title":"Cookie-Richtlinie - DROIX EU","twitter:description":"Die folgende Cookie-Richtlinie ist in \u00dcbereinstimmung mit den Allgemeinen Gesch\u00e4ftsbedingungen und der Datenschutzrichtlinie zu verstehen (gepaart mit). Diese Verkaufsbedingungen gelten f\u00fcr alle von DROIX gelieferten Waren, mit dem eingetragenen Firmensitz in 54C Expressway, N Woolwich Rd, London, E16 2AA, Vereinigtes K\u00f6nigreich. Im vorliegenden Vertrag beziehen sich die Verweise auf: Wir (DROIX) sind der Lieferant, und","twitter:creator":"@DroiX_Store","twitter:image":"https:\/\/droix.eu\/wp-content\/uploads\/2024\/06\/droix-v2-light-logo.png"},"aioseo_meta_data":{"post_id":"503705","title":null,"description":null,"keywords":null,"keyphrases":null,"primary_term":null,"canonical_url":null,"og_title":null,"og_description":null,"og_object_type":"default","og_image_type":"default","og_image_url":null,"og_image_width":null,"og_image_height":null,"og_image_custom_url":null,"og_image_custom_fields":null,"og_video":null,"og_custom_url":null,"og_article_section":null,"og_article_tags":null,"twitter_use_og":true,"twitter_card":"default","twitter_image_type":"default","twitter_image_url":null,"twitter_image_custom_url":null,"twitter_image_custom_fields":null,"twitter_title":null,"twitter_description":null,"schema":{"blockGraphs":[],"customGraphs":[],"default":{"data":{"Article":[],"Course":[],"Dataset":[],"FAQPage":[],"Movie":[],"Person":[],"Product":[],"ProductReview":[],"Car":[],"Recipe":[],"Service":[],"SoftwareApplication":[],"WebPage":[]},"graphName":"","isEnabled":true},"graphs":[]},"schema_type":"default","schema_type_options":null,"pillar_content":false,"robots_default":true,"robots_noindex":false,"robots_noarchive":false,"robots_nosnippet":false,"robots_nofollow":false,"robots_noimageindex":false,"robots_noodp":false,"robots_notranslate":false,"robots_max_snippet":null,"robots_max_videopreview":null,"robots_max_imagepreview":"large","priority":null,"frequency":null,"local_seo":null,"seo_analyzer_scan_date":"2025-09-16 22:49:01","breadcrumb_settings":null,"limit_modified_date":false,"reviewed_by":null,"open_ai":null,"ai":null,"created":"2025-09-16 22:49:01","updated":"2025-11-27 00:05:22"},"aioseo_breadcrumb":"<div class=\"aioseo-breadcrumbs\"><span class=\"aioseo-breadcrumb\">\n\t<a href=\"https:\/\/droix.eu\/de\/\" title=\"Home\">Home<\/a>\n<\/span><span class=\"aioseo-breadcrumb-separator\">&raquo;<\/span><span class=\"aioseo-breadcrumb\">\n\tCookie-Richtlinie\n<\/span><\/div>","aioseo_breadcrumb_json":[{"label":"Home","link":"https:\/\/droix.eu\/de\/"},{"label":"Cookie-Richtlinie","link":"https:\/\/droix.eu\/de\/cookie-richtlinie\/"}],"_links":{"self":[{"href":"https:\/\/droix.eu\/de\/wp-json\/wp\/v2\/pages\/503705","targetHints":{"allow":["GET"]}}],"collection":[{"href":"https:\/\/droix.eu\/de\/wp-json\/wp\/v2\/pages"}],"about":[{"href":"https:\/\/droix.eu\/de\/wp-json\/wp\/v2\/types\/page"}],"author":[{"embeddable":true,"href":"https:\/\/droix.eu\/de\/wp-json\/wp\/v2\/users\/1"}],"replies":[{"embeddable":true,"href":"https:\/\/droix.eu\/de\/wp-json\/wp\/v2\/comments?post=503705"}],"version-history":[{"count":0,"href":"https:\/\/droix.eu\/de\/wp-json\/wp\/v2\/pages\/503705\/revisions"}],"wp:attachment":[{"href":"https:\/\/droix.eu\/de\/wp-json\/wp\/v2\/media?parent=503705"}],"curies":[{"name":"wp","href":"https:\/\/api.w.org\/{rel}","templated":true}]}}