{"id":719506,"date":"2026-05-08T11:39:44","date_gmt":"2026-05-08T10:39:44","guid":{"rendered":"https:\/\/droix.eu\/product\/droix-140w-usb-c-vaegoplader\/"},"modified":"2026-05-13T12:25:50","modified_gmt":"2026-05-13T11:25:50","slug":"droix-140w-usb-c-vaegoplader","status":"publish","type":"product","link":"https:\/\/droix.eu\/da\/product\/droix-140w-usb-c-vaegoplader\/","title":{"rendered":"DROIX 140W USB-C v\u00e6goplader"},"content":{"rendered":"\n<div class=\"wp-block-columns is-layout-flex wp-container-core-columns-is-layout-28f84493 wp-block-columns-is-layout-flex\">\n<div class=\"wp-block-column is-layout-flow wp-block-column-is-layout-flow\" style=\"flex-basis:33.33%\">\n<figure class=\"wp-block-image size-large\"><a href=\"https:\/\/droix.eu\/wp-content\/uploads\/2026\/05\/DROIX-140W-BLACK-DONE-01.png\"><img fetchpriority=\"high\" decoding=\"async\" width=\"1024\" height=\"1024\" src=\"https:\/\/droix.eu\/wp-content\/uploads\/2026\/05\/DROIX-140W-BLACK-DONE-01-1024x1024.png\" alt=\"En detaljeret produktgengivelse af to DROIX 140W GaN-v&#xE6;gopladere fra forskellige perspektiver, vist p&#xE5; en sort baggrund. Opladeren i forgrunden er set forfra i tre fjerdedele. Det er en mat sort blok med det amerikanske foldbare stik delvist udstrakt p&#xE5; venstre side. P&#xE5; siden st&#xE5;r der &quot;CHARGER 140W&quot; med et stort &quot;O&quot; og et lille &quot;140&quot; over &quot;O'et&quot; og DROIX-logoet under det. Den blanke, sorte forside har et centralt, cirkul&#xE6;rt display med en dynamisk, regnbuefarvet ring omkring den hvide tekst &quot;140 W&quot; og et lille, gr&#xF8;nt opladningsikon. Under displayet er der en knap eller en LED-indikator. Baggrundsopladeren er set bagfra i tre fjerdedele og viser portene og tekstdetaljer. Den viser omfattende tekniske specifikationer p&#xE5; flere linjer og sikkerhedscertificeringer i lille hvid tekst (f.eks. modelnumre, sp&#xE6;ndings-\/str&#xF8;mv&#xE6;rdier og CE-, FCC- og UKCA-m&#xE6;rker). Denne enhed viser sine fire udgangsporte: fra top til bund en orangefarvet USB-A-port m&#xE6;rket med lille tekst &quot;22.5W Max&quot;, efterfulgt af tre USB-C-porte m&#xE6;rket i r&#xE6;kkef&#xF8;lge &quot;40W&quot;, &quot;100W&quot; og &quot;140W&quot;. Begge enheder har ventilationsgitre p&#xE5; toppen. Denne sammens&#xE6;tning giver et omfattende overblik over opladerens branding, display og portfunktioner.          \" class=\"wp-image-719285\" srcset=\"https:\/\/droix.eu\/wp-content\/uploads\/2026\/05\/DROIX-140W-BLACK-DONE-01-1024x1024.png 1024w, https:\/\/droix.eu\/wp-content\/uploads\/2026\/05\/DROIX-140W-BLACK-DONE-01-300x300.png 300w, https:\/\/droix.eu\/wp-content\/uploads\/2026\/05\/DROIX-140W-BLACK-DONE-01-768x768.png 768w, https:\/\/droix.eu\/wp-content\/uploads\/2026\/05\/DROIX-140W-BLACK-DONE-01-990x990.png 990w, https:\/\/droix.eu\/wp-content\/uploads\/2026\/05\/DROIX-140W-BLACK-DONE-01-441x441.png 441w, https:\/\/droix.eu\/wp-content\/uploads\/2026\/05\/DROIX-140W-BLACK-DONE-01-100x100.png 100w, https:\/\/droix.eu\/wp-content\/uploads\/2026\/05\/DROIX-140W-BLACK-DONE-01-1000x1000.png 1000w, https:\/\/droix.eu\/wp-content\/uploads\/2026\/05\/DROIX-140W-BLACK-DONE-01-150x150.png 150w, https:\/\/droix.eu\/wp-content\/uploads\/2026\/05\/DROIX-140W-BLACK-DONE-01.png 1500w\" sizes=\"(max-width: 1024px) 100vw, 1024px\" \/><\/a><\/figure>\n<\/div>\n\n\n\n<div class=\"wp-block-column is-layout-flow wp-block-column-is-layout-flow\" style=\"flex-basis:66.66%\">\n<h2 class=\"wp-block-heading\"><strong><strong><strong>DROIX 140W USB-C GaN-v\u00e6goplader: Den ultimative h\u00f8jtydende rejsehub<\/strong><\/strong><\/strong><\/h2>\n\n\n\n<p>DROIX 140W USB-C Wall Charger repr\u00e6senterer den n\u00e6ste generation af b\u00e6rbar str\u00f8m, designet specielt til brugere, der kr\u00e6ver effektivitet uden at fylde for meget. Ved at integrere banebrydende GaN-teknologi (Gallium Nitride) har vi skabt en oplader, der giver det massive headroom, der kr\u00e6ves for at opn\u00e5 maksimal ydeevne p\u00e5 alt fra den nyeste iPhone 17 til avancerede gaming-h\u00e5ndholdte enheder. Derfor eliminerer den behovet for flere store adaptere ved at samle dine opladningsbehov i \u00e9n slank, h\u00f8jeffektiv str\u00f8mforsyningsenhed.  <\/p>\n<\/div>\n<\/div>\n\n<h2 class=\"wp-block-heading has-text-align-center\"><strong><strong><strong>Hvorfor DROIX 140W USB-C GaN-opladeren er din nye uundv\u00e6rlige rejsepartner<\/strong><\/strong><\/strong><\/h2>\n\n<div class=\"wp-block-columns is-layout-flex wp-container-core-columns-is-layout-28f84493 wp-block-columns-is-layout-flex\">\n<div class=\"wp-block-column is-layout-flow wp-block-column-is-layout-flow\">\n<figure class=\"wp-block-image size-large\"><a href=\"https:\/\/droix.eu\/wp-content\/uploads\/2026\/05\/DROIX-140W-MARKETING-DONE-05.jpg\"><img decoding=\"async\" width=\"1024\" height=\"1024\" src=\"https:\/\/droix.eu\/wp-content\/uploads\/2026\/05\/DROIX-140W-MARKETING-DONE-05-1024x1024.jpg\" alt=\"Droix 140W-oplader med foldbare EU\/US-stik og dimensioner vist p&#xE5; en hvid baggrund\" class=\"wp-image-719286\" srcset=\"https:\/\/droix.eu\/wp-content\/uploads\/2026\/05\/DROIX-140W-MARKETING-DONE-05-1024x1024.jpg 1024w, https:\/\/droix.eu\/wp-content\/uploads\/2026\/05\/DROIX-140W-MARKETING-DONE-05-300x300.jpg 300w, https:\/\/droix.eu\/wp-content\/uploads\/2026\/05\/DROIX-140W-MARKETING-DONE-05-768x768.jpg 768w, https:\/\/droix.eu\/wp-content\/uploads\/2026\/05\/DROIX-140W-MARKETING-DONE-05-990x990.jpg 990w, https:\/\/droix.eu\/wp-content\/uploads\/2026\/05\/DROIX-140W-MARKETING-DONE-05-441x441.jpg 441w, https:\/\/droix.eu\/wp-content\/uploads\/2026\/05\/DROIX-140W-MARKETING-DONE-05-100x100.jpg 100w, https:\/\/droix.eu\/wp-content\/uploads\/2026\/05\/DROIX-140W-MARKETING-DONE-05-1000x1000.jpg 1000w, https:\/\/droix.eu\/wp-content\/uploads\/2026\/05\/DROIX-140W-MARKETING-DONE-05-150x150.jpg 150w, https:\/\/droix.eu\/wp-content\/uploads\/2026\/05\/DROIX-140W-MARKETING-DONE-05.jpg 1500w\" sizes=\"(max-width: 1024px) 100vw, 1024px\" \/><\/a><\/figure>\n<\/div>\n\n\n\n<div class=\"wp-block-column is-layout-flow wp-block-column-is-layout-flow\">\n<figure class=\"wp-block-image size-large\"><a href=\"https:\/\/droix.eu\/wp-content\/uploads\/2026\/05\/DROIX-140W-MARKETING-DONE-012.jpg\"><img decoding=\"async\" width=\"1024\" height=\"1024\" src=\"https:\/\/droix.eu\/wp-content\/uploads\/2026\/05\/DROIX-140W-MARKETING-DONE-012-1024x1024.jpg\" alt=\"En DROIX 140W USB-C-v&#xE6;goplader tilsluttet en stikkontakt og oplader samtidig fire enheder, herunder en b&#xE6;rbar computer, en tablet, en smartphone og et smartwatch. Billedet fremh&#xE6;ver muligheden for &quot;4 Devices Simultaneous Charging&quot; med fire kabler tilsluttet i bunden af enheden. \" class=\"wp-image-719287\" srcset=\"https:\/\/droix.eu\/wp-content\/uploads\/2026\/05\/DROIX-140W-MARKETING-DONE-012-1024x1024.jpg 1024w, https:\/\/droix.eu\/wp-content\/uploads\/2026\/05\/DROIX-140W-MARKETING-DONE-012-300x300.jpg 300w, https:\/\/droix.eu\/wp-content\/uploads\/2026\/05\/DROIX-140W-MARKETING-DONE-012-768x768.jpg 768w, https:\/\/droix.eu\/wp-content\/uploads\/2026\/05\/DROIX-140W-MARKETING-DONE-012-990x990.jpg 990w, https:\/\/droix.eu\/wp-content\/uploads\/2026\/05\/DROIX-140W-MARKETING-DONE-012-441x441.jpg 441w, https:\/\/droix.eu\/wp-content\/uploads\/2026\/05\/DROIX-140W-MARKETING-DONE-012-100x100.jpg 100w, https:\/\/droix.eu\/wp-content\/uploads\/2026\/05\/DROIX-140W-MARKETING-DONE-012-1000x1000.jpg 1000w, https:\/\/droix.eu\/wp-content\/uploads\/2026\/05\/DROIX-140W-MARKETING-DONE-012-150x150.jpg 150w, https:\/\/droix.eu\/wp-content\/uploads\/2026\/05\/DROIX-140W-MARKETING-DONE-012.jpg 1500w\" sizes=\"(max-width: 1024px) 100vw, 1024px\" \/><\/a><\/figure>\n<\/div>\n<\/div>\n\n<p class=\"has-text-align-left\">B\u00e6rbarhed er kernen i dette design. DROIX 140W-opladeren m\u00e5ler kun 71 mm og er dermed betydeligt mindre end en standardoplader til b\u00e6rbare computere. P\u00e5 trods af den kompakte st\u00f8rrelse er den stadig kraftig nok til at oplade en MacBook Pro 16&#8243; eller en <a href=\"https:\/\/droix.eu\/da\/product\/gpd-win-max-2-2025\/\" target=\"_blank\" rel=\"noopener\" title=\"\">GPD WIN MAX 2<\/a> ved fuld hastighed.  <\/p>\n\n<p class=\"has-text-align-left\">Desuden giver det s\u00f8ml\u00f8se snap-on-system dig mulighed for nemt at skifte mellem UK-, EU-, US- og AUS-stik. Det g\u00f8r den til en virkelig global f\u00f8lgesvend for den moderne digitale nomade. Fordi den tilpasser sig forskellige internationale stik, kan du rejse i sikker forvisning om, at dit udstyr &#8211; fra din iPhone 16 til din Nintendo Switch 2 &#8211; forbliver str\u00f8mf\u00f8rende.  <\/p>\n\n<h2 class=\"wp-block-heading has-text-align-center\"><strong><strong><strong>Avanceret GaN-str\u00f8mforsyning og PD 3.1-standarder<\/strong><\/strong><\/strong><\/h2>\n\n<div class=\"wp-block-columns is-layout-flex wp-container-core-columns-is-layout-28f84493 wp-block-columns-is-layout-flex\">\n<div class=\"wp-block-column is-layout-flow wp-block-column-is-layout-flow\">\n<figure class=\"wp-block-image size-large\"><a href=\"https:\/\/droix.eu\/wp-content\/uploads\/2026\/05\/DROIX-140W-MARKETING-DONE-011.jpg\"><img loading=\"lazy\" decoding=\"async\" width=\"1024\" height=\"1024\" src=\"https:\/\/droix.eu\/wp-content\/uploads\/2026\/05\/DROIX-140W-MARKETING-DONE-011-1024x1024.jpg\" alt=\"Et n&#xE6;rbillede af den s&#xF8;lvfarvede DROIX 140W-oplader, der viser de fire porte og det integrerede visuelle display. Teksten understreger &quot;140W PD 3.1&quot;-teknologien og fremh&#xE6;ver dens evne til automatisk tilpasning og hurtig opladning af h&#xF8;jtydende b&#xE6;rbare computere. \" class=\"wp-image-719288\" srcset=\"https:\/\/droix.eu\/wp-content\/uploads\/2026\/05\/DROIX-140W-MARKETING-DONE-011-1024x1024.jpg 1024w, https:\/\/droix.eu\/wp-content\/uploads\/2026\/05\/DROIX-140W-MARKETING-DONE-011-300x300.jpg 300w, https:\/\/droix.eu\/wp-content\/uploads\/2026\/05\/DROIX-140W-MARKETING-DONE-011-768x768.jpg 768w, https:\/\/droix.eu\/wp-content\/uploads\/2026\/05\/DROIX-140W-MARKETING-DONE-011-990x990.jpg 990w, https:\/\/droix.eu\/wp-content\/uploads\/2026\/05\/DROIX-140W-MARKETING-DONE-011-441x441.jpg 441w, https:\/\/droix.eu\/wp-content\/uploads\/2026\/05\/DROIX-140W-MARKETING-DONE-011-100x100.jpg 100w, https:\/\/droix.eu\/wp-content\/uploads\/2026\/05\/DROIX-140W-MARKETING-DONE-011-1000x1000.jpg 1000w, https:\/\/droix.eu\/wp-content\/uploads\/2026\/05\/DROIX-140W-MARKETING-DONE-011-150x150.jpg 150w, https:\/\/droix.eu\/wp-content\/uploads\/2026\/05\/DROIX-140W-MARKETING-DONE-011.jpg 1500w\" sizes=\"(max-width: 1024px) 100vw, 1024px\" \/><\/a><\/figure>\n<\/div>\n\n\n\n<div class=\"wp-block-column is-layout-flow wp-block-column-is-layout-flow\">\n<figure class=\"wp-block-image size-large\"><a href=\"https:\/\/droix.eu\/wp-content\/uploads\/2026\/05\/DROIX-140W-MARKETING-DONE-09.jpg\"><img loading=\"lazy\" decoding=\"async\" width=\"1024\" height=\"1024\" src=\"https:\/\/droix.eu\/wp-content\/uploads\/2026\/05\/DROIX-140W-MARKETING-DONE-09-1024x1024.jpg\" alt=\"En infografik med titlen &quot;Smart Visual Charger&quot; viser de forskellige realtidsvisningstilstande for DROIX 140W-opladeren. Den beskriver gr&#xE6;nsefladesk&#xE6;rmene for str&#xF8;moutput pr. port, samlet brugstid (88H), termisk sundhedsstatus og dynamiske opladningsikoner. \" class=\"wp-image-719289\" srcset=\"https:\/\/droix.eu\/wp-content\/uploads\/2026\/05\/DROIX-140W-MARKETING-DONE-09-1024x1024.jpg 1024w, https:\/\/droix.eu\/wp-content\/uploads\/2026\/05\/DROIX-140W-MARKETING-DONE-09-300x300.jpg 300w, https:\/\/droix.eu\/wp-content\/uploads\/2026\/05\/DROIX-140W-MARKETING-DONE-09-768x768.jpg 768w, https:\/\/droix.eu\/wp-content\/uploads\/2026\/05\/DROIX-140W-MARKETING-DONE-09-990x990.jpg 990w, https:\/\/droix.eu\/wp-content\/uploads\/2026\/05\/DROIX-140W-MARKETING-DONE-09-441x441.jpg 441w, https:\/\/droix.eu\/wp-content\/uploads\/2026\/05\/DROIX-140W-MARKETING-DONE-09-100x100.jpg 100w, https:\/\/droix.eu\/wp-content\/uploads\/2026\/05\/DROIX-140W-MARKETING-DONE-09-1000x1000.jpg 1000w, https:\/\/droix.eu\/wp-content\/uploads\/2026\/05\/DROIX-140W-MARKETING-DONE-09-150x150.jpg 150w, https:\/\/droix.eu\/wp-content\/uploads\/2026\/05\/DROIX-140W-MARKETING-DONE-09.jpg 1500w\" sizes=\"(max-width: 1024px) 100vw, 1024px\" \/><\/a><\/figure>\n<\/div>\n<\/div>\n\n<p>Ved at bruge avanceret GaN-halvlederteknologi opn\u00e5r denne bedste 140w usb c-oplader h\u00f8jere effektivitet og lavere varmeudvikling sammenlignet med traditionelle siliciumopladere. Specifikt underst\u00f8tter den PD 3.1-standarden, hvilket sikrer fuld kompatibilitet med de mest str\u00f8mkr\u00e6vende enheder p\u00e5 markedet, herunder <a href=\"https:\/\/droix.eu\/da\/product\/gpd-win-5\/\" target=\"_blank\" rel=\"noopener\" title=\"\">GPD WIN 5<\/a> og <a href=\"https:\/\/droix.eu\/da\/product\/gpd-g2\/\" target=\"_blank\" rel=\"noopener\" title=\"\">GPD G2.<\/a> <\/p>\n\n<p>Smart drypvis opladning: Beskytter batteriets levetid ved automatisk at skifte tilstand, n\u00e5r din enhed n\u00e5r 80 % kapacitet.<\/p>\n\n<p>Termisk styring: Reduceret varmesignatur forhindrer termisk stress p\u00e5 din dyre hardware og sikrer, at dine MacBooks og mobile enheder forbliver i topform i l\u00e6ngere tid.<\/p>\n\n<h2 class=\"wp-block-heading has-text-align-center\"><strong><strong><strong>Tekniske specifikationer og universel kompatibilitet<\/strong><\/strong><\/strong><\/h2>\n\n<div class=\"wp-block-columns is-layout-flex wp-container-core-columns-is-layout-28f84493 wp-block-columns-is-layout-flex\">\n<div class=\"wp-block-column is-layout-flow wp-block-column-is-layout-flow\">\n<figure class=\"wp-block-image size-large\"><a href=\"https:\/\/droix.eu\/wp-content\/uploads\/2026\/05\/DROIX-140W-MARKETING-DONE-07.jpg\"><img loading=\"lazy\" decoding=\"async\" width=\"1024\" height=\"1024\" src=\"https:\/\/droix.eu\/wp-content\/uploads\/2026\/05\/DROIX-140W-MARKETING-DONE-07-1024x1024.jpg\" alt=\"En omfattende teknisk infografik, der beskriver effekten og fordelingen af DROIX 140W-opladeren. Den &#xF8;verste sektion viser den maksimale individuelle effekt og sp&#xE6;nding\/str&#xF8;mspecifikationer for port C1 (140W), C2 (100W), C3 (40W) og USB-A (22,5W). De nederste sektioner indeholder ti diagrammer, der viser n&#xF8;jagtigt, hvordan effekten deles og opdeles p&#xE5; tv&#xE6;rs af forskellige dobbelt-, tredobbelt- og fireportskonfigurationer.  \" class=\"wp-image-719290\" srcset=\"https:\/\/droix.eu\/wp-content\/uploads\/2026\/05\/DROIX-140W-MARKETING-DONE-07-1024x1024.jpg 1024w, https:\/\/droix.eu\/wp-content\/uploads\/2026\/05\/DROIX-140W-MARKETING-DONE-07-300x300.jpg 300w, https:\/\/droix.eu\/wp-content\/uploads\/2026\/05\/DROIX-140W-MARKETING-DONE-07-768x768.jpg 768w, https:\/\/droix.eu\/wp-content\/uploads\/2026\/05\/DROIX-140W-MARKETING-DONE-07-990x990.jpg 990w, https:\/\/droix.eu\/wp-content\/uploads\/2026\/05\/DROIX-140W-MARKETING-DONE-07-441x441.jpg 441w, https:\/\/droix.eu\/wp-content\/uploads\/2026\/05\/DROIX-140W-MARKETING-DONE-07-100x100.jpg 100w, https:\/\/droix.eu\/wp-content\/uploads\/2026\/05\/DROIX-140W-MARKETING-DONE-07-1000x1000.jpg 1000w, https:\/\/droix.eu\/wp-content\/uploads\/2026\/05\/DROIX-140W-MARKETING-DONE-07-150x150.jpg 150w, https:\/\/droix.eu\/wp-content\/uploads\/2026\/05\/DROIX-140W-MARKETING-DONE-07.jpg 1500w\" sizes=\"(max-width: 1024px) 100vw, 1024px\" \/><\/a><\/figure>\n<\/div>\n\n\n\n<div class=\"wp-block-column is-layout-flow wp-block-column-is-layout-flow\">\n<figure class=\"wp-block-image size-large\"><a href=\"https:\/\/droix.eu\/wp-content\/uploads\/2026\/05\/DROIX-140W-MARKETING-DONE-010.jpg\"><img loading=\"lazy\" decoding=\"async\" width=\"1024\" height=\"1024\" src=\"https:\/\/droix.eu\/wp-content\/uploads\/2026\/05\/DROIX-140W-MARKETING-DONE-010-1024x1024.jpg\" alt=\"Marketinggrafik med titlen &quot;Forst&#xE5;r dine opladningsbehov&quot;, der fremh&#xE6;ver enhedens 4 udgangsporte (3 USB-C og 1 USB-A). Billedet viser en mangfoldig samling af kompatibel elektronik, herunder en b&#xE6;rbar computer, tablets, en Nintendo Switch, smartphones, tr&#xE5;dl&#xF8;se &#xF8;retelefoner, en drone og et gimbal-kamera, hvilket demonstrerer opladerens alsidighed. \" class=\"wp-image-719291\" srcset=\"https:\/\/droix.eu\/wp-content\/uploads\/2026\/05\/DROIX-140W-MARKETING-DONE-010-1024x1024.jpg 1024w, https:\/\/droix.eu\/wp-content\/uploads\/2026\/05\/DROIX-140W-MARKETING-DONE-010-300x300.jpg 300w, https:\/\/droix.eu\/wp-content\/uploads\/2026\/05\/DROIX-140W-MARKETING-DONE-010-768x768.jpg 768w, https:\/\/droix.eu\/wp-content\/uploads\/2026\/05\/DROIX-140W-MARKETING-DONE-010-990x990.jpg 990w, https:\/\/droix.eu\/wp-content\/uploads\/2026\/05\/DROIX-140W-MARKETING-DONE-010-441x441.jpg 441w, https:\/\/droix.eu\/wp-content\/uploads\/2026\/05\/DROIX-140W-MARKETING-DONE-010-100x100.jpg 100w, https:\/\/droix.eu\/wp-content\/uploads\/2026\/05\/DROIX-140W-MARKETING-DONE-010-1000x1000.jpg 1000w, https:\/\/droix.eu\/wp-content\/uploads\/2026\/05\/DROIX-140W-MARKETING-DONE-010-150x150.jpg 150w, https:\/\/droix.eu\/wp-content\/uploads\/2026\/05\/DROIX-140W-MARKETING-DONE-010.jpg 1500w\" sizes=\"(max-width: 1024px) 100vw, 1024px\" \/><\/a><\/figure>\n<\/div>\n<\/div>\n\n<p>DROIX 140W USB-C Wall Charger har en meget alsidig portkonfiguration, der er designet til at h\u00e5ndtere flere str\u00f8mkrav p\u00e5 samme tid. For det f\u00f8rste er den prim\u00e6re USB-C1-port i stand til at levere hele 140W. Denne topydelse underst\u00f8ttes fuldt ud af de nyeste PD 3.1- og PPS-protokoller. Desuden leverer den anden USB-C2-port et betydeligt output p\u00e5 100 W til h\u00f8jtydende b\u00e6rbare computere.   <\/p>\n\n<p>I mods\u00e6tning hertil tilbyder USB-C3-porten en dedikeret 40W til tablets eller h\u00e5ndholdte konsoller. Derudover sikrer USB-A-porten, at \u00e6ldre tilbeh\u00f8r kan oplades med op til 22,5 W. Specifikt bruger denne port QC 3.0- og SCP-standarder for maksimal kompatibilitet. Endelig styres disse fire porte af intelligente kredsl\u00f8b, der sikrer, at din hardware f\u00e5r str\u00f8m p\u00e5 en sikker m\u00e5de. Derfor er denne enhed det mest effektive valg for brugere af flere enheder.    <\/p>\n\n<h2 class=\"wp-block-heading has-text-align-center\"><strong><strong><strong>Pr\u00e6cisionsoverv\u00e5gning: Integreret visuelt display<\/strong><\/strong><\/strong><\/h2>\n\n<p>Information er magt, og DROIX 140W-opladeren giver den i realtid. Det integrerede, smarte visuelle display giver dig mulighed for at overv\u00e5ge output pr. port, samlet wattforbrug og termisk status p\u00e5 et \u00f8jeblik. Derudover giver &#8220;Time of Use&#8221;-trackeren indsigt i dine opladningsvaner. Da sikkerhed er altafg\u00f8rende, fremh\u00e6ver displayet ogs\u00e5, n\u00e5r enheden befinder sig i &#8220;fremragende&#8221; termiske zoner, s\u00e5 du altid kan oplade med absolut ro i sindet.   <\/p>\n\n<h2 class=\"wp-block-heading has-text-align-center\"><strong>Indbygget sikkerhed og beskyttelse i flere lag<\/strong><\/h2>\n\n<p>Sikkerheden var ikke en eftertanke under udviklingen af denne hardware. Kabinettet er konstrueret af brandh\u00e6mmende pc-materiale og har et faldbeskyttende design. Indvendigt er enheden udstyret med:  <\/p>\n\n<ul class=\"wp-block-list\">\n<li>Beskyttelse mod overstr\u00f8m og oversp\u00e6nding<\/li>\n\n\n\n<li>Beskyttelse mod kortslutning og overophedning<\/li>\n\n\n\n<li>Beskyttelse mod elektromagnetiske felter<\/li>\n<\/ul>\n\n<p>Derfor er dine dyre iPhone 17 og GPD gaming-h\u00e5ndholdte beskyttet mod elektriske uregelm\u00e6ssigheder. Den lette GaN-konstruktion og det lave ripple-output garanterer yderligere, at din elektronik altid f\u00e5r ren, stabil str\u00f8m. <\/p>\n\n<h2 class=\"wp-block-heading has-text-align-center\"><strong>Sikr din DROIX 140W USB-C-v\u00e6goplader i dag<\/strong><\/h2>\n\n<p>Hold op med at sl\u00e6be rundt p\u00e5 en taske fuld af uensartede kabler og tunge adaptere. DROIX 140W USB-C v\u00e6goplader er det eneste v\u00e6rkt\u00f8j, du beh\u00f8ver for at holde dit mobile kontor eller din gaming-rig k\u00f8rende med maksimal kapacitet. P\u00e5 grund af den store eftersp\u00f8rgsel efter denne &#8220;alt-i-en&#8221;-l\u00f8sning fra GaN er lageret hurtigt fyldt op.  <\/p>\n\n<p>Opdag, hvordan DROIX 140W USB-C GaN-v\u00e6gopladeren \u00e6ndrer spillet.<strong><a href=\"https:\/\/droix.net\/blogs\/pre-order-the-droix-140w-usb-c-wall-charger\/\" target=\"_blank\" rel=\"noopener\" title=\"\">L\u00e6s mere p\u00e5 vores blog!<\/a><\/strong><\/p>\n\n<p><\/p>\n","protected":false},"excerpt":{"rendered":"<ul>\n<li><strong>140W PD 3.1 Power<\/strong> &#8211; Oplad hurtigt h\u00f8jtydende b\u00e6rbare computere og gaming-h\u00e5ndholdte med maksimal hastighed.<\/li>\n<li><strong>Alsidighed<\/strong> med fire porte &#8211; Giv str\u00f8m til fire enheder samtidig via tre USB-C-porte og en USB-A-port.<\/li>\n<li><strong>Live Visual Display<\/strong> &#8211; Overv\u00e5g wattforbrug i realtid, termisk status og opladningstilstande p\u00e5 et \u00f8jeblik.<\/li>\n<li><strong>Global Travel System<\/strong> &#8211; Indeholder udskiftelige snap-on-stikadaptere til UK, EU, USA og AUS.<\/li>\n<li><strong>Avanceret sikkerheds-IC<\/strong> &#8211; Flerlagsbeskyttelse sikrer stabil, varmereguleret str\u00f8m til din hardware.<\/li>\n<\/ul>\n[droix_global_accordions]\n[cg_accordion title=\"Pakken indeholder\"]<\/p>\n<ul>\n<li>1x DROIX 140W USB-C v\u00e6goplader<\/li>\n<li>1x UK-stikadapter<\/li>\n<li>1x EU-stikadapter<\/li>\n<li>1x brugervejledning<\/li>\n<\/ul>\n<p>[\/cg_accordion]\n","protected":false},"featured_media":719507,"template":"","meta":{"_acf_changed":false},"product_brand":[],"product_cat":[12700,10178,10179,10402],"product_tag":[],"woo-feed-brand":[],"key-features":[],"class_list":{"0":"post-719506","1":"product","2":"type-product","3":"status-publish","4":"has-post-thumbnail","6":"product_cat-computertilbehor","7":"product_cat-tilbehor","8":"product_cat-tilbehor-til-baerbare-computere","9":"product_cat-tilbehor-til-gaming","10":"product_shipping_class-standard","12":"first","13":"onbackorder","14":"sale","15":"taxable","16":"shipping-taxable","17":"product-type-variable","18":"has-default-attributes"},"acf":[],"aioseo_notices":[],"_links":{"self":[{"href":"https:\/\/droix.eu\/da\/wp-json\/wp\/v2\/product\/719506","targetHints":{"allow":["GET"]}}],"collection":[{"href":"https:\/\/droix.eu\/da\/wp-json\/wp\/v2\/product"}],"about":[{"href":"https:\/\/droix.eu\/da\/wp-json\/wp\/v2\/types\/product"}],"version-history":[{"count":0,"href":"https:\/\/droix.eu\/da\/wp-json\/wp\/v2\/product\/719506\/revisions"}],"wp:featuredmedia":[{"embeddable":true,"href":"https:\/\/droix.eu\/da\/wp-json\/wp\/v2\/media\/719507"}],"wp:attachment":[{"href":"https:\/\/droix.eu\/da\/wp-json\/wp\/v2\/media?parent=719506"}],"wp:term":[{"taxonomy":"product_brand","embeddable":true,"href":"https:\/\/droix.eu\/da\/wp-json\/wp\/v2\/product_brand?post=719506"},{"taxonomy":"product_cat","embeddable":true,"href":"https:\/\/droix.eu\/da\/wp-json\/wp\/v2\/product_cat?post=719506"},{"taxonomy":"product_tag","embeddable":true,"href":"https:\/\/droix.eu\/da\/wp-json\/wp\/v2\/product_tag?post=719506"},{"taxonomy":"woo-feed-brand","embeddable":true,"href":"https:\/\/droix.eu\/da\/wp-json\/wp\/v2\/woo-feed-brand?post=719506"},{"taxonomy":"key-features","embeddable":true,"href":"https:\/\/droix.eu\/da\/wp-json\/wp\/v2\/key-features?post=719506"}],"curies":[{"name":"wp","href":"https:\/\/api.w.org\/{rel}","templated":true}]}}