{"id":571828,"date":"2025-06-03T09:42:31","date_gmt":"2025-06-03T08:42:31","guid":{"rendered":"https:\/\/droix.eu\/product\/onexplayer-onexgpu-2-egpu-dockingstation-beskyttelsesetui\/"},"modified":"2025-08-01T13:23:40","modified_gmt":"2025-08-01T12:23:40","slug":"onexplayer-onexgpu-2-egpu-dockingstation-beskyttelsesetui","status":"publish","type":"product","link":"https:\/\/droix.eu\/da\/product\/onexplayer-onexgpu-2-egpu-dockingstation-beskyttelsesetui\/","title":{"rendered":"ONEXPLAYER ONEXGPU 2 eGPU-dockingstation &#8211; beskyttelsesetui"},"content":{"rendered":"\n<h2 class=\"wp-block-heading\"><strong>Vi pr\u00e6senterer ONEXPLAYER ONEXGPU 2 Protective Case: Stil og sikkerhed til din eGPU-dockingstation<\/strong><\/h2>\n\n<h2 class=\"wp-block-heading\"><strong>G\u00f8r din ONEXPLAYER ONEXGPU 2 eGPU-dockingstation mere beskyttende og elegant med ONEXPLAYER ONEXGPU 2 Protective Case.<\/strong><\/h2>\n\n<p>Denne taske er udformet til at opfylde kravene til en moderne livsstil og kombinerer problemfrit holdbarhed, funktionalitet og \u00e6stetik.<\/p>\n\n<h2 class=\"wp-block-heading\"><strong>Vigtige funktioner:<\/strong><\/h2>\n\n<h2 class=\"wp-block-heading\"><strong>F\u00f8rsteklasses design:<\/strong><\/h2>\n\n<p>ONEXPLAYER ONEXGPU 2 Protective Case er omhyggeligt designet med f\u00f8rsteklasses materialer og er konstrueret til at modst\u00e5 daglig slitage, samtidig med at den udstr\u00e5ler en sofistikeret og stilfuld sort l\u00e6derfinish.<\/p>\n\n<h2 class=\"wp-block-heading\"><strong>Omfattende afsk\u00e6rmning:<\/strong><\/h2>\n\n<p>ONEXPLAYER ONEXGPU 2 Protective Case giver komplet d\u00e6kning af din eGPU-dockingstation. Det omslutter alle kanter og hj\u00f8rner og giver robust beskyttelse mod fald, st\u00f8d og ridser. <\/p>\n\n<h2 class=\"wp-block-heading\"><strong>Slank og let:<\/strong><\/h2>\n\n<p>P\u00e5 trods af de robuste beskyttelsesegenskaber forbliver dette etui slankt og let og bevarer den slanke form p\u00e5 din ONEXPLAYER ONEXGPU 2 uden un\u00f8dig v\u00e6gt.<\/p>\n\n<h2 class=\"wp-block-heading\"><strong>Skr\u00e6ddersyet pasform:<\/strong><\/h2>\n\n<p>ONEXPLAYER ONEXGPU 2 Protective Case er skr\u00e6ddersyet specielt til ONEXPLAYER ONEXGPU 2 Docking Station og garanterer en t\u00e6t og sikker pasform, s\u00e5 din v\u00e6rdifulde enhed er beskyttet.<\/p>\n","protected":false},"excerpt":{"rendered":"<ul>\n<li><strong>Officiel<\/strong> ONEXPLAYER ONEXGPU 2-etui<\/li>\n<li>Bl\u00f8dt for for <strong>ekstra beskyttelse<\/strong>.<\/li>\n<li>Indbygget h\u00e5ndtag for <strong> sikkert greb<\/strong>.<\/li>\n<li>Elegant design med ONEXGPU-branding<\/li>\n<\/ul>\n[droix_global_accordions]\n[cg_accordion title=\"Pakken indeholder\"]<\/p>\n<ul>\n<li>1x ONEXPLAYER ONEXGPU 2-etui<\/li>\n<\/ul>\n<p>[\/cg_accordion]\n","protected":false},"featured_media":570458,"template":"","meta":{"_acf_changed":false},"product_brand":[],"product_cat":[10178,10402],"product_tag":[],"woo-feed-brand":[],"key-features":[],"class_list":{"0":"post-571828","1":"product","2":"type-product","3":"status-publish","4":"has-post-thumbnail","6":"product_cat-tilbehor","7":"product_cat-tilbehor-til-gaming","8":"product_shipping_class-low-end","9":"pa_accessory-type-protective-case","10":"pa_brands-onexplayer-da","12":"first","13":"outofstock","14":"sale","15":"taxable","16":"shipping-taxable","17":"purchasable","18":"product-type-variable","19":"has-default-attributes"},"acf":[],"aioseo_notices":[],"aioseo_head":"\n\t\t<!-- All in One SEO Pro 4.9.6.2 - aioseo.com -->\n\t<meta name=\"description\" content=\"Officiel ONEXPLAYER ONEXGPU 2-etui Bl\u00f8dt for for ekstra beskyttelse. Indbygget h\u00e5ndtag for sikkert greb. Elegant design med ONEXGPU-branding Pakken indeholder 1x ONEXPLAYER ONEXGPU 2-etui\" \/>\n\t<meta name=\"robots\" content=\"max-image-preview:large\" \/>\n\t<link rel=\"canonical\" href=\"https:\/\/droix.eu\/da\/product\/onexplayer-onexgpu-2-egpu-dockingstation-beskyttelsesetui\/\" \/>\n\t<meta name=\"generator\" content=\"All in One SEO Pro (AIOSEO) 4.9.6.2\" \/>\n\t\t<meta property=\"og:locale\" content=\"da_DK\" \/>\n\t\t<meta property=\"og:site_name\" content=\"DROIX EU - Get the latest Mini PCs, Ultrabook, PC Gaming Handhelds and more!\" \/>\n\t\t<meta property=\"og:type\" content=\"article\" \/>\n\t\t<meta property=\"og:title\" content=\"ONEXPLAYER ONEXGPU 2 eGPU-dockingstation \u2013 beskyttelsesetui - DROIX EU\" \/>\n\t\t<meta property=\"og:description\" content=\"Officiel ONEXPLAYER ONEXGPU 2-etui Bl\u00f8dt for for ekstra beskyttelse. Indbygget h\u00e5ndtag for sikkert greb. Elegant design med ONEXGPU-branding Pakken indeholder 1x ONEXPLAYER ONEXGPU 2-etui\" \/>\n\t\t<meta property=\"og:url\" content=\"https:\/\/droix.eu\/da\/product\/onexplayer-onexgpu-2-egpu-dockingstation-beskyttelsesetui\/\" \/>\n\t\t<meta property=\"og:image\" content=\"https:\/\/droix.eu\/wp-content\/uploads\/2024\/06\/droix-v2-light-logo.png\" \/>\n\t\t<meta property=\"og:image:secure_url\" content=\"https:\/\/droix.eu\/wp-content\/uploads\/2024\/06\/droix-v2-light-logo.png\" \/>\n\t\t<meta property=\"og:image:width\" content=\"380\" \/>\n\t\t<meta property=\"og:image:height\" content=\"118\" \/>\n\t\t<meta property=\"article:published_time\" content=\"2025-06-03T08:42:31+00:00\" \/>\n\t\t<meta property=\"article:modified_time\" content=\"2025-08-01T12:23:40+00:00\" \/>\n\t\t<meta property=\"article:publisher\" content=\"https:\/\/www.facebook.com\/DroiX.Store\" \/>\n\t\t<meta name=\"twitter:card\" content=\"summary_large_image\" \/>\n\t\t<meta name=\"twitter:site\" content=\"@DroiX_Store\" \/>\n\t\t<meta name=\"twitter:title\" content=\"ONEXPLAYER ONEXGPU 2 eGPU-dockingstation \u2013 beskyttelsesetui - DROIX EU\" \/>\n\t\t<meta name=\"twitter:description\" content=\"Officiel ONEXPLAYER ONEXGPU 2-etui Bl\u00f8dt for for ekstra beskyttelse. Indbygget h\u00e5ndtag for sikkert greb. Elegant design med ONEXGPU-branding Pakken indeholder 1x ONEXPLAYER ONEXGPU 2-etui\" \/>\n\t\t<meta name=\"twitter:image\" content=\"https:\/\/droix.eu\/wp-content\/uploads\/2024\/06\/droix-v2-light-logo.png\" \/>\n\t\t<script type=\"application\/ld+json\" class=\"aioseo-schema\">\n\t\t\t{\"@context\":\"https:\\\/\\\/schema.org\",\"@graph\":[{\"@type\":\"BreadcrumbList\",\"@id\":\"https:\\\/\\\/droix.eu\\\/da\\\/product\\\/onexplayer-onexgpu-2-egpu-dockingstation-beskyttelsesetui\\\/#breadcrumblist\",\"itemListElement\":[{\"@type\":\"ListItem\",\"@id\":\"https:\\\/\\\/droix.eu\\\/da\\\/#listItem\",\"position\":1,\"name\":\"Home\",\"item\":\"https:\\\/\\\/droix.eu\\\/da\\\/\",\"nextItem\":{\"@type\":\"ListItem\",\"@id\":\"https:\\\/\\\/droix.eu\\\/da\\\/product-category\\\/tilbehor\\\/#listItem\",\"name\":\"Tilbeh\\u00f8r\"}},{\"@type\":\"ListItem\",\"@id\":\"https:\\\/\\\/droix.eu\\\/da\\\/product-category\\\/tilbehor\\\/#listItem\",\"position\":2,\"name\":\"Tilbeh\\u00f8r\",\"item\":\"https:\\\/\\\/droix.eu\\\/da\\\/product-category\\\/tilbehor\\\/\",\"nextItem\":{\"@type\":\"ListItem\",\"@id\":\"https:\\\/\\\/droix.eu\\\/da\\\/product-category\\\/tilbehor\\\/tilbehor-til-gaming\\\/#listItem\",\"name\":\"Tilbeh\\u00f8r til gaming\"},\"previousItem\":{\"@type\":\"ListItem\",\"@id\":\"https:\\\/\\\/droix.eu\\\/da\\\/#listItem\",\"name\":\"Home\"}},{\"@type\":\"ListItem\",\"@id\":\"https:\\\/\\\/droix.eu\\\/da\\\/product-category\\\/tilbehor\\\/tilbehor-til-gaming\\\/#listItem\",\"position\":3,\"name\":\"Tilbeh\\u00f8r til gaming\",\"item\":\"https:\\\/\\\/droix.eu\\\/da\\\/product-category\\\/tilbehor\\\/tilbehor-til-gaming\\\/\",\"nextItem\":{\"@type\":\"ListItem\",\"@id\":\"https:\\\/\\\/droix.eu\\\/da\\\/product\\\/onexplayer-onexgpu-2-egpu-dockingstation-beskyttelsesetui\\\/#listItem\",\"name\":\"ONEXPLAYER ONEXGPU 2 eGPU-dockingstation &#8211; beskyttelsesetui\"},\"previousItem\":{\"@type\":\"ListItem\",\"@id\":\"https:\\\/\\\/droix.eu\\\/da\\\/product-category\\\/tilbehor\\\/#listItem\",\"name\":\"Tilbeh\\u00f8r\"}},{\"@type\":\"ListItem\",\"@id\":\"https:\\\/\\\/droix.eu\\\/da\\\/product\\\/onexplayer-onexgpu-2-egpu-dockingstation-beskyttelsesetui\\\/#listItem\",\"position\":4,\"name\":\"ONEXPLAYER ONEXGPU 2 eGPU-dockingstation &#8211; beskyttelsesetui\",\"previousItem\":{\"@type\":\"ListItem\",\"@id\":\"https:\\\/\\\/droix.eu\\\/da\\\/product-category\\\/tilbehor\\\/tilbehor-til-gaming\\\/#listItem\",\"name\":\"Tilbeh\\u00f8r til gaming\"}}]},{\"@type\":\"Organization\",\"@id\":\"https:\\\/\\\/droix.eu\\\/da\\\/#organization\",\"name\":\"DroiX \\u2013 Trusted EU Tech Retailer with 12+ Years Experience\",\"description\":\"DroiX is a leading European technology retailer with over 12 years of experience, offering quality mini PCs, handheld gaming consoles, and tech accessories. We provide hassle-free EU delivery with all taxes included, ensuring a smooth and reliable shopping experience for our customers across Europe.\",\"url\":\"https:\\\/\\\/droix.eu\\\/da\\\/\",\"logo\":{\"@type\":\"ImageObject\",\"url\":\"https:\\\/\\\/droix.eu\\\/wp-content\\\/uploads\\\/2024\\\/06\\\/droix-v2-light-logo.png\",\"@id\":\"https:\\\/\\\/droix.eu\\\/da\\\/product\\\/onexplayer-onexgpu-2-egpu-dockingstation-beskyttelsesetui\\\/#organizationLogo\",\"width\":380,\"height\":118},\"image\":{\"@id\":\"https:\\\/\\\/droix.eu\\\/da\\\/product\\\/onexplayer-onexgpu-2-egpu-dockingstation-beskyttelsesetui\\\/#organizationLogo\"},\"sameAs\":[\"https:\\\/\\\/www.facebook.com\\\/DroiX.Store\",\"https:\\\/\\\/twitter.com\\\/DroiX_Store\",\"https:\\\/\\\/www.instagram.com\\\/droix.store\\\/\",\"https:\\\/\\\/www.tiktok.com\\\/@droix.store\",\"https:\\\/\\\/www.youtube.com\\\/c\\\/DroiX_Store\",\"https:\\\/\\\/uk.linkedin.com\\\/company\\\/droix\"]},{\"@type\":\"ProductGroup\",\"@id\":\"https:\\\/\\\/droix.eu\\\/da\\\/product\\\/onexplayer-onexgpu-2-egpu-dockingstation-beskyttelsesetui\\\/#wooCommerceProduct\",\"name\":\"ONEXPLAYER ONEXGPU 2 eGPU-dockingstation - beskyttelsesetui\",\"description\":\"Officiel ONEXPLAYER ONEXGPU 2-etui\\n \\tBl\\u00f8dt for for ekstra beskyttelse.\\n \\tIndbygget h\\u00e5ndtag for  sikkert greb.\\n \\tElegant design med ONEXGPU-branding\",\"url\":\"https:\\\/\\\/droix.eu\\\/da\\\/product\\\/onexplayer-onexgpu-2-egpu-dockingstation-beskyttelsesetui\\\/\",\"image\":{\"@type\":\"ImageObject\",\"url\":\"https:\\\/\\\/droix.eu\\\/wp-content\\\/uploads\\\/2025\\\/06\\\/ONEXPLAYER-ONEXGPU-CASE-DONE-01.png\",\"@id\":\"https:\\\/\\\/droix.eu\\\/da\\\/product\\\/onexplayer-onexgpu-2-egpu-dockingstation-beskyttelsesetui\\\/#productImage\",\"width\":1500,\"height\":1500,\"caption\":\"ONEXGPU 2 Carrying Case \\u2013 A durable, black protective case with a textured exterior, sturdy handle, and embossed ONEXGPU branding, designed for safely storing and transporting the ONEXGPU 2 eGPU\"},\"productGroupID\":571828,\"hasVariant\":[{\"@type\":\"Product\",\"@id\":\"https:\\\/\\\/droix.eu\\\/da\\\/product\\\/onexplayer-onexgpu-2-egpu-dockingstation-beskyttelsesetui\\\/#wooCommerceProduct\",\"name\":\"ONEXPLAYER ONEXGPU 2 eGPU-dockingstation - beskyttelsesetui - new\",\"description\":\"Officiel ONEXPLAYER ONEXGPU 2-etui\\n \\tBl\\u00f8dt for for ekstra beskyttelse.\\n \\tIndbygget h\\u00e5ndtag for  sikkert greb.\\n \\tElegant design med ONEXGPU-branding\",\"url\":\"https:\\\/\\\/droix.eu\\\/da\\\/product\\\/onexplayer-onexgpu-2-egpu-dockingstation-beskyttelsesetui\\\/\",\"sku\":\"ONEXPLAYER-ONEXGPU-2-CASE\",\"gtin\":\"5061077631516\",\"image\":{\"@type\":\"ImageObject\",\"url\":\"https:\\\/\\\/droix.eu\\\/wp-content\\\/uploads\\\/2025\\\/06\\\/ONEXPLAYER-ONEXGPU-CASE-DONE-01.png\",\"@id\":\"https:\\\/\\\/droix.eu\\\/da\\\/product\\\/onexplayer-onexgpu-2-egpu-dockingstation-beskyttelsesetui\\\/#productImage\",\"width\":1500,\"height\":1500,\"caption\":\"ONEXGPU 2 Carrying Case \\u2013 A durable, black protective case with a textured exterior, sturdy handle, and embossed ONEXGPU branding, designed for safely storing and transporting the ONEXGPU 2 eGPU\"},\"offers\":{\"@type\":\"Offer\",\"url\":\"https:\\\/\\\/droix.eu\\\/da\\\/product\\\/onexplayer-onexgpu-2-egpu-dockingstation-beskyttelsesetui\\\/#wooCommerceOffer\",\"price\":\"14.95\",\"priceCurrency\":\"EUR\",\"category\":\"Tilbeh\\u00f8r\",\"availability\":\"https:\\\/\\\/schema.org\\\/OutOfStock\",\"priceSpecification\":{\"@type\":\"PriceSpecification\",\"price\":14.95,\"priceCurrency\":\"EUR\",\"valueAddedTaxIncluded\":\"true\"}}}]},{\"@type\":\"WebPage\",\"@id\":\"https:\\\/\\\/droix.eu\\\/da\\\/product\\\/onexplayer-onexgpu-2-egpu-dockingstation-beskyttelsesetui\\\/#webpage\",\"url\":\"https:\\\/\\\/droix.eu\\\/da\\\/product\\\/onexplayer-onexgpu-2-egpu-dockingstation-beskyttelsesetui\\\/\",\"name\":\"ONEXPLAYER ONEXGPU 2 eGPU-dockingstation \\u2013 beskyttelsesetui - DROIX EU\",\"description\":\"Officiel ONEXPLAYER ONEXGPU 2-etui Bl\\u00f8dt for for ekstra beskyttelse. Indbygget h\\u00e5ndtag for sikkert greb. Elegant design med ONEXGPU-branding Pakken indeholder 1x ONEXPLAYER ONEXGPU 2-etui\",\"inLanguage\":\"da-DK\",\"isPartOf\":{\"@id\":\"https:\\\/\\\/droix.eu\\\/da\\\/#website\"},\"breadcrumb\":{\"@id\":\"https:\\\/\\\/droix.eu\\\/da\\\/product\\\/onexplayer-onexgpu-2-egpu-dockingstation-beskyttelsesetui\\\/#breadcrumblist\"},\"image\":{\"@type\":\"ImageObject\",\"url\":\"https:\\\/\\\/droix.eu\\\/wp-content\\\/uploads\\\/2025\\\/06\\\/ONEXPLAYER-ONEXGPU-CASE-DONE-01.png\",\"@id\":\"https:\\\/\\\/droix.eu\\\/da\\\/product\\\/onexplayer-onexgpu-2-egpu-dockingstation-beskyttelsesetui\\\/#mainImage\",\"width\":1500,\"height\":1500,\"caption\":\"ONEXGPU 2 Carrying Case \\u2013 A durable, black protective case with a textured exterior, sturdy handle, and embossed ONEXGPU branding, designed for safely storing and transporting the ONEXGPU 2 eGPU\"},\"primaryImageOfPage\":{\"@id\":\"https:\\\/\\\/droix.eu\\\/da\\\/product\\\/onexplayer-onexgpu-2-egpu-dockingstation-beskyttelsesetui\\\/#mainImage\"},\"datePublished\":\"2025-06-03T09:42:31+01:00\",\"dateModified\":\"2025-08-01T13:23:40+01:00\"},{\"@type\":\"WebSite\",\"@id\":\"https:\\\/\\\/droix.eu\\\/da\\\/#website\",\"url\":\"https:\\\/\\\/droix.eu\\\/da\\\/\",\"name\":\"DROIX EU\",\"description\":\"Get the latest Mini PCs, Ultrabook, PC Gaming Handhelds and more!\",\"inLanguage\":\"da-DK\",\"publisher\":{\"@id\":\"https:\\\/\\\/droix.eu\\\/da\\\/#organization\"}}]}\n\t\t<\/script>\n\t\t<!-- All in One SEO Pro -->\r\n\t\t<title>ONEXPLAYER ONEXGPU 2 eGPU-dockingstation \u2013 beskyttelsesetui - DROIX EU<\/title>\n\n","aioseo_head_json":{"title":"ONEXPLAYER ONEXGPU 2 eGPU-dockingstation \u2013 beskyttelsesetui - DROIX EU","description":"Officiel ONEXPLAYER ONEXGPU 2-etui Bl\u00f8dt for for ekstra beskyttelse. Indbygget h\u00e5ndtag for sikkert greb. Elegant design med ONEXGPU-branding Pakken indeholder 1x ONEXPLAYER ONEXGPU 2-etui","canonical_url":"https:\/\/droix.eu\/da\/product\/onexplayer-onexgpu-2-egpu-dockingstation-beskyttelsesetui\/","robots":"max-image-preview:large","keywords":"","webmasterTools":{"miscellaneous":""},"schema":{"@context":"https:\/\/schema.org","@graph":[{"@type":"BreadcrumbList","@id":"https:\/\/droix.eu\/da\/product\/onexplayer-onexgpu-2-egpu-dockingstation-beskyttelsesetui\/#breadcrumblist","itemListElement":[{"@type":"ListItem","@id":"https:\/\/droix.eu\/da\/#listItem","position":1,"name":"Home","item":"https:\/\/droix.eu\/da\/","nextItem":{"@type":"ListItem","@id":"https:\/\/droix.eu\/da\/product-category\/tilbehor\/#listItem","name":"Tilbeh\u00f8r"}},{"@type":"ListItem","@id":"https:\/\/droix.eu\/da\/product-category\/tilbehor\/#listItem","position":2,"name":"Tilbeh\u00f8r","item":"https:\/\/droix.eu\/da\/product-category\/tilbehor\/","nextItem":{"@type":"ListItem","@id":"https:\/\/droix.eu\/da\/product-category\/tilbehor\/tilbehor-til-gaming\/#listItem","name":"Tilbeh\u00f8r til gaming"},"previousItem":{"@type":"ListItem","@id":"https:\/\/droix.eu\/da\/#listItem","name":"Home"}},{"@type":"ListItem","@id":"https:\/\/droix.eu\/da\/product-category\/tilbehor\/tilbehor-til-gaming\/#listItem","position":3,"name":"Tilbeh\u00f8r til gaming","item":"https:\/\/droix.eu\/da\/product-category\/tilbehor\/tilbehor-til-gaming\/","nextItem":{"@type":"ListItem","@id":"https:\/\/droix.eu\/da\/product\/onexplayer-onexgpu-2-egpu-dockingstation-beskyttelsesetui\/#listItem","name":"ONEXPLAYER ONEXGPU 2 eGPU-dockingstation &#8211; beskyttelsesetui"},"previousItem":{"@type":"ListItem","@id":"https:\/\/droix.eu\/da\/product-category\/tilbehor\/#listItem","name":"Tilbeh\u00f8r"}},{"@type":"ListItem","@id":"https:\/\/droix.eu\/da\/product\/onexplayer-onexgpu-2-egpu-dockingstation-beskyttelsesetui\/#listItem","position":4,"name":"ONEXPLAYER ONEXGPU 2 eGPU-dockingstation &#8211; beskyttelsesetui","previousItem":{"@type":"ListItem","@id":"https:\/\/droix.eu\/da\/product-category\/tilbehor\/tilbehor-til-gaming\/#listItem","name":"Tilbeh\u00f8r til gaming"}}]},{"@type":"Organization","@id":"https:\/\/droix.eu\/da\/#organization","name":"DroiX \u2013 Trusted EU Tech Retailer with 12+ Years Experience","description":"DroiX is a leading European technology retailer with over 12 years of experience, offering quality mini PCs, handheld gaming consoles, and tech accessories. We provide hassle-free EU delivery with all taxes included, ensuring a smooth and reliable shopping experience for our customers across Europe.","url":"https:\/\/droix.eu\/da\/","logo":{"@type":"ImageObject","url":"https:\/\/droix.eu\/wp-content\/uploads\/2024\/06\/droix-v2-light-logo.png","@id":"https:\/\/droix.eu\/da\/product\/onexplayer-onexgpu-2-egpu-dockingstation-beskyttelsesetui\/#organizationLogo","width":380,"height":118},"image":{"@id":"https:\/\/droix.eu\/da\/product\/onexplayer-onexgpu-2-egpu-dockingstation-beskyttelsesetui\/#organizationLogo"},"sameAs":["https:\/\/www.facebook.com\/DroiX.Store","https:\/\/twitter.com\/DroiX_Store","https:\/\/www.instagram.com\/droix.store\/","https:\/\/www.tiktok.com\/@droix.store","https:\/\/www.youtube.com\/c\/DroiX_Store","https:\/\/uk.linkedin.com\/company\/droix"]},{"@type":"ProductGroup","@id":"https:\/\/droix.eu\/da\/product\/onexplayer-onexgpu-2-egpu-dockingstation-beskyttelsesetui\/#wooCommerceProduct","name":"ONEXPLAYER ONEXGPU 2 eGPU-dockingstation - beskyttelsesetui","description":"Officiel ONEXPLAYER ONEXGPU 2-etui\n \tBl\u00f8dt for for ekstra beskyttelse.\n \tIndbygget h\u00e5ndtag for  sikkert greb.\n \tElegant design med ONEXGPU-branding","url":"https:\/\/droix.eu\/da\/product\/onexplayer-onexgpu-2-egpu-dockingstation-beskyttelsesetui\/","image":{"@type":"ImageObject","url":"https:\/\/droix.eu\/wp-content\/uploads\/2025\/06\/ONEXPLAYER-ONEXGPU-CASE-DONE-01.png","@id":"https:\/\/droix.eu\/da\/product\/onexplayer-onexgpu-2-egpu-dockingstation-beskyttelsesetui\/#productImage","width":1500,"height":1500,"caption":"ONEXGPU 2 Carrying Case \u2013 A durable, black protective case with a textured exterior, sturdy handle, and embossed ONEXGPU branding, designed for safely storing and transporting the ONEXGPU 2 eGPU"},"productGroupID":571828,"hasVariant":[{"@type":"Product","@id":"https:\/\/droix.eu\/da\/product\/onexplayer-onexgpu-2-egpu-dockingstation-beskyttelsesetui\/#wooCommerceProduct","name":"ONEXPLAYER ONEXGPU 2 eGPU-dockingstation - beskyttelsesetui - new","description":"Officiel ONEXPLAYER ONEXGPU 2-etui\n \tBl\u00f8dt for for ekstra beskyttelse.\n \tIndbygget h\u00e5ndtag for  sikkert greb.\n \tElegant design med ONEXGPU-branding","url":"https:\/\/droix.eu\/da\/product\/onexplayer-onexgpu-2-egpu-dockingstation-beskyttelsesetui\/","sku":"ONEXPLAYER-ONEXGPU-2-CASE","gtin":"5061077631516","image":{"@type":"ImageObject","url":"https:\/\/droix.eu\/wp-content\/uploads\/2025\/06\/ONEXPLAYER-ONEXGPU-CASE-DONE-01.png","@id":"https:\/\/droix.eu\/da\/product\/onexplayer-onexgpu-2-egpu-dockingstation-beskyttelsesetui\/#productImage","width":1500,"height":1500,"caption":"ONEXGPU 2 Carrying Case \u2013 A durable, black protective case with a textured exterior, sturdy handle, and embossed ONEXGPU branding, designed for safely storing and transporting the ONEXGPU 2 eGPU"},"offers":{"@type":"Offer","url":"https:\/\/droix.eu\/da\/product\/onexplayer-onexgpu-2-egpu-dockingstation-beskyttelsesetui\/#wooCommerceOffer","price":"14.95","priceCurrency":"EUR","category":"Tilbeh\u00f8r","availability":"https:\/\/schema.org\/OutOfStock","priceSpecification":{"@type":"PriceSpecification","price":14.95,"priceCurrency":"EUR","valueAddedTaxIncluded":"true"}}}]},{"@type":"WebPage","@id":"https:\/\/droix.eu\/da\/product\/onexplayer-onexgpu-2-egpu-dockingstation-beskyttelsesetui\/#webpage","url":"https:\/\/droix.eu\/da\/product\/onexplayer-onexgpu-2-egpu-dockingstation-beskyttelsesetui\/","name":"ONEXPLAYER ONEXGPU 2 eGPU-dockingstation \u2013 beskyttelsesetui - DROIX EU","description":"Officiel ONEXPLAYER ONEXGPU 2-etui Bl\u00f8dt for for ekstra beskyttelse. Indbygget h\u00e5ndtag for sikkert greb. Elegant design med ONEXGPU-branding Pakken indeholder 1x ONEXPLAYER ONEXGPU 2-etui","inLanguage":"da-DK","isPartOf":{"@id":"https:\/\/droix.eu\/da\/#website"},"breadcrumb":{"@id":"https:\/\/droix.eu\/da\/product\/onexplayer-onexgpu-2-egpu-dockingstation-beskyttelsesetui\/#breadcrumblist"},"image":{"@type":"ImageObject","url":"https:\/\/droix.eu\/wp-content\/uploads\/2025\/06\/ONEXPLAYER-ONEXGPU-CASE-DONE-01.png","@id":"https:\/\/droix.eu\/da\/product\/onexplayer-onexgpu-2-egpu-dockingstation-beskyttelsesetui\/#mainImage","width":1500,"height":1500,"caption":"ONEXGPU 2 Carrying Case \u2013 A durable, black protective case with a textured exterior, sturdy handle, and embossed ONEXGPU branding, designed for safely storing and transporting the ONEXGPU 2 eGPU"},"primaryImageOfPage":{"@id":"https:\/\/droix.eu\/da\/product\/onexplayer-onexgpu-2-egpu-dockingstation-beskyttelsesetui\/#mainImage"},"datePublished":"2025-06-03T09:42:31+01:00","dateModified":"2025-08-01T13:23:40+01:00"},{"@type":"WebSite","@id":"https:\/\/droix.eu\/da\/#website","url":"https:\/\/droix.eu\/da\/","name":"DROIX EU","description":"Get the latest Mini PCs, Ultrabook, PC Gaming Handhelds and more!","inLanguage":"da-DK","publisher":{"@id":"https:\/\/droix.eu\/da\/#organization"}}]},"og:locale":"da_DK","og:site_name":"DROIX EU - Get the latest Mini PCs, Ultrabook, PC Gaming Handhelds and more!","og:type":"article","og:title":"ONEXPLAYER ONEXGPU 2 eGPU-dockingstation \u2013 beskyttelsesetui - DROIX EU","og:description":"Officiel ONEXPLAYER ONEXGPU 2-etui Bl\u00f8dt for for ekstra beskyttelse. Indbygget h\u00e5ndtag for sikkert greb. Elegant design med ONEXGPU-branding Pakken indeholder 1x ONEXPLAYER ONEXGPU 2-etui","og:url":"https:\/\/droix.eu\/da\/product\/onexplayer-onexgpu-2-egpu-dockingstation-beskyttelsesetui\/","og:image":"https:\/\/droix.eu\/wp-content\/uploads\/2024\/06\/droix-v2-light-logo.png","og:image:secure_url":"https:\/\/droix.eu\/wp-content\/uploads\/2024\/06\/droix-v2-light-logo.png","og:image:width":380,"og:image:height":118,"article:published_time":"2025-06-03T08:42:31+00:00","article:modified_time":"2025-08-01T12:23:40+00:00","article:publisher":"https:\/\/www.facebook.com\/DroiX.Store","twitter:card":"summary_large_image","twitter:site":"@DroiX_Store","twitter:title":"ONEXPLAYER ONEXGPU 2 eGPU-dockingstation \u2013 beskyttelsesetui - DROIX EU","twitter:description":"Officiel ONEXPLAYER ONEXGPU 2-etui Bl\u00f8dt for for ekstra beskyttelse. Indbygget h\u00e5ndtag for sikkert greb. Elegant design med ONEXGPU-branding Pakken indeholder 1x ONEXPLAYER ONEXGPU 2-etui","twitter:image":"https:\/\/droix.eu\/wp-content\/uploads\/2024\/06\/droix-v2-light-logo.png"},"aioseo_meta_data":{"post_id":"571828","title":null,"description":null,"keywords":null,"keyphrases":null,"primary_term":null,"canonical_url":null,"og_title":null,"og_description":null,"og_object_type":"default","og_image_type":"default","og_image_url":null,"og_image_width":null,"og_image_height":null,"og_image_custom_url":null,"og_image_custom_fields":null,"og_video":null,"og_custom_url":null,"og_article_section":null,"og_article_tags":null,"twitter_use_og":true,"twitter_card":"default","twitter_image_type":"default","twitter_image_url":null,"twitter_image_custom_url":null,"twitter_image_custom_fields":null,"twitter_title":null,"twitter_description":null,"schema":{"blockGraphs":[],"customGraphs":[],"default":{"data":{"Article":[],"Course":[],"Dataset":[],"FAQPage":[],"Movie":[],"Person":[],"Product":[],"ProductReview":[],"Car":[],"Recipe":[],"Service":[],"SoftwareApplication":[],"WebPage":[]},"graphName":"","isEnabled":true},"graphs":[]},"schema_type":"default","schema_type_options":null,"pillar_content":false,"robots_default":true,"robots_noindex":false,"robots_noarchive":false,"robots_nosnippet":false,"robots_nofollow":false,"robots_noimageindex":false,"robots_noodp":false,"robots_notranslate":false,"robots_max_snippet":null,"robots_max_videopreview":null,"robots_max_imagepreview":"large","priority":null,"frequency":null,"local_seo":null,"seo_analyzer_scan_date":"2025-12-20 16:25:18","breadcrumb_settings":null,"limit_modified_date":false,"reviewed_by":null,"open_ai":null,"ai":null,"created":"2025-10-09 09:38:13","updated":"2025-12-20 16:25:18"},"aioseo_breadcrumb":"<div class=\"aioseo-breadcrumbs\"><span class=\"aioseo-breadcrumb\">\n\t<a href=\"https:\/\/droix.eu\/da\/\" title=\"Home\">Home<\/a>\n<\/span><span class=\"aioseo-breadcrumb-separator\">&raquo;<\/span><span class=\"aioseo-breadcrumb\">\n\t<a href=\"https:\/\/droix.eu\/da\/product-category\/tilbehor\/\" title=\"Tilbeh\u00f8r\">Tilbeh\u00f8r<\/a>\n<\/span><span class=\"aioseo-breadcrumb-separator\">&raquo;<\/span><span class=\"aioseo-breadcrumb\">\n\t<a href=\"https:\/\/droix.eu\/da\/product-category\/tilbehor\/tilbehor-til-gaming\/\" title=\"Tilbeh\u00f8r til gaming\">Tilbeh\u00f8r til gaming<\/a>\n<\/span><span class=\"aioseo-breadcrumb-separator\">&raquo;<\/span><span class=\"aioseo-breadcrumb\">\n\tONEXPLAYER ONEXGPU 2 eGPU-dockingstation \u2013 beskyttelsesetui\n<\/span><\/div>","aioseo_breadcrumb_json":[{"label":"Home","link":"https:\/\/droix.eu\/da\/"},{"label":"Tilbeh\u00f8r","link":"https:\/\/droix.eu\/da\/product-category\/tilbehor\/"},{"label":"Tilbeh\u00f8r til gaming","link":"https:\/\/droix.eu\/da\/product-category\/tilbehor\/tilbehor-til-gaming\/"},{"label":"ONEXPLAYER ONEXGPU 2 eGPU-dockingstation &#8211; beskyttelsesetui","link":"https:\/\/droix.eu\/da\/product\/onexplayer-onexgpu-2-egpu-dockingstation-beskyttelsesetui\/"}],"_links":{"self":[{"href":"https:\/\/droix.eu\/da\/wp-json\/wp\/v2\/product\/571828","targetHints":{"allow":["GET"]}}],"collection":[{"href":"https:\/\/droix.eu\/da\/wp-json\/wp\/v2\/product"}],"about":[{"href":"https:\/\/droix.eu\/da\/wp-json\/wp\/v2\/types\/product"}],"version-history":[{"count":0,"href":"https:\/\/droix.eu\/da\/wp-json\/wp\/v2\/product\/571828\/revisions"}],"wp:featuredmedia":[{"embeddable":true,"href":"https:\/\/droix.eu\/da\/wp-json\/wp\/v2\/media\/570458"}],"wp:attachment":[{"href":"https:\/\/droix.eu\/da\/wp-json\/wp\/v2\/media?parent=571828"}],"wp:term":[{"taxonomy":"product_brand","embeddable":true,"href":"https:\/\/droix.eu\/da\/wp-json\/wp\/v2\/product_brand?post=571828"},{"taxonomy":"product_cat","embeddable":true,"href":"https:\/\/droix.eu\/da\/wp-json\/wp\/v2\/product_cat?post=571828"},{"taxonomy":"product_tag","embeddable":true,"href":"https:\/\/droix.eu\/da\/wp-json\/wp\/v2\/product_tag?post=571828"},{"taxonomy":"woo-feed-brand","embeddable":true,"href":"https:\/\/droix.eu\/da\/wp-json\/wp\/v2\/woo-feed-brand?post=571828"},{"taxonomy":"key-features","embeddable":true,"href":"https:\/\/droix.eu\/da\/wp-json\/wp\/v2\/key-features?post=571828"}],"curies":[{"name":"wp","href":"https:\/\/api.w.org\/{rel}","templated":true}]}}