{"id":551474,"date":"2020-11-20T10:02:39","date_gmt":"2020-11-20T10:02:39","guid":{"rendered":"https:\/\/droix.eu\/product\/fx8s-usb-type-c-hub\/"},"modified":"2025-08-01T15:44:38","modified_gmt":"2025-08-01T14:44:38","slug":"fx8s-usb-type-c-hub","status":"publish","type":"product","link":"https:\/\/droix.eu\/da\/product\/fx8s-usb-type-c-hub\/","title":{"rendered":"FX8S USB Type-C-hub"},"content":{"rendered":"<p>FX8s <strong>USB-C Hub 8-i-1-adapteren<\/strong> samler de mest n\u00f8dvendige porte i \u00e9n kompakt og h\u00f8jtydende <strong>USB-C-hub<\/strong>.<\/p>\n<p>FX8s <strong>USB-C-hub<\/strong> forbindes til din USB Type-C-port og er ogs\u00e5 <a href=\"https:\/\/www.pocket-lint.com\/laptops\/news\/139323-thunderbolt-3-explained-the-one-port-to-rule-them-all\">Thunderbolt 3-kompatibel<\/a>. Den giver en h\u00f8jhastighedsgateway fra din enhed, f.eks. en pc eller b\u00e6rbar computer, til hubben og giver ogs\u00e5 mulighed for opladning, mens den er i brug. <\/p>\n<p><strong>USB-C-hubbens HDMI<\/strong> -port underst\u00f8tter op til <strong>4K*2K UHD<\/strong> (3840&#215;2160) ved 60 Hz til tilslutning af sk\u00e6rmenheder som f.eks. tv&#8217;er, sk\u00e6rme eller projektorer. Du skal blot tilslutte et HDMI-kabel til hubben og din sk\u00e6rm, s\u00e5 er du klar til at g\u00e5 i gang. <\/p>\n<p>To superhurtige <strong>USB 3.0-porte<\/strong> er placeret p\u00e5 siden og giver mulighed for at tilslutte enheder som mus eller tastatur eller h\u00f8jhastighedsudstyr som USB-hukommelsesn\u00f8gler og eksterne harddiske. De leverer op til 4,5 W maksimal effekt. <\/p>\n<p>Den kvindelige <strong>USB Type-C-port<\/strong> underst\u00f8tter op til 87 W str\u00f8madaptere, og den kan ogs\u00e5 udsende 20 V ved 3 A. Den dobbelte funktionalitet giver dig mulighed for at oplade din enhed via hubben, mens du bruger den, og det er en perfekt l\u00f8sning, hvis din enhed kun har \u00e9n Type-C-port. Du kan ogs\u00e5 tilslutte kompatibelt <a href=\"https:\/\/www.computerworld.com\/article\/2488194\/usb-c-explained-how-to-get-the-most-from-it-and-why-its-great.html\">Type-C-periferiudstyr<\/a> til hubben via denne port.  <\/p>\n<p>Mange b\u00e6rbare enheder har nu kun tr\u00e5dl\u00f8s forbindelse, og ofte er den ikke hurtig eller p\u00e5lidelig nok. <strong>USB-C-hubbens Ethernet<\/strong> RJ45-port underst\u00f8tter op til 100 Mbps for en hurtig og stabil dataoverf\u00f8rsel via kabel. <\/p>\n<p>FX8s-hubben har ogs\u00e5 en SD- og Micro SD <strong>USB-C-kortl\u00e6ser<\/strong>, som giver p\u00e5lidelig h\u00f8jhastighedsskrivning og -l\u00e6sning til og fra kortene til din enhed.<\/p>\n","protected":false},"excerpt":{"rendered":"<ul>\n<li><strong>H\u00f8jhastigheds<\/strong> USB Type-C-adapter<\/li>\n<li><strong>4K<\/strong> HDMI-udgang<\/li>\n<li>RJ45 <strong>100M\/s<\/strong> Ethernet-port<\/li>\n<li>Slot til SD\/MicroSD-kort<\/li>\n<li>Kompatibel med <strong>Windows<\/strong><strong>, Mac<\/strong> og <strong>Android<\/strong><\/li>\n<\/ul>\n[droix_global_accordions]\n[cg_accordion title=\"Package Includes\"]<\/p>\n<ul>\n<li>1x FX8S USB Type-C-hub<\/li>\n<\/ul>\n<p>[\/cg_accordion]\n","protected":false},"featured_media":221123,"template":"","meta":{"_acf_changed":false},"product_brand":[],"product_cat":[12700,10178,10179,10402],"product_tag":[],"woo-feed-brand":[],"key-features":[],"class_list":{"0":"post-551474","1":"product","2":"type-product","3":"status-publish","4":"has-post-thumbnail","6":"product_cat-computertilbehor","7":"product_cat-tilbehor","8":"product_cat-tilbehor-til-baerbare-computere","9":"product_cat-tilbehor-til-gaming","10":"product_shipping_class-low-end","11":"pa_accessory-type-docking-station","12":"pa_brands-droix-da","14":"first","15":"outofstock","16":"taxable","17":"shipping-taxable","18":"purchasable","19":"product-type-simple"},"acf":[],"aioseo_notices":[],"aioseo_head":"\n\t\t<!-- All in One SEO Pro 4.9.6.2 - aioseo.com -->\n\t<meta name=\"description\" content=\"H\u00f8jhastigheds USB Type-C-adapter 4K HDMI-udgang RJ45 100M\/s Ethernet-port Slot til SD\/MicroSD-kort Kompatibel med Windows, Mac og Android Package Includes 1x FX8S USB Type-C-hub\" \/>\n\t<meta name=\"robots\" content=\"max-image-preview:large\" \/>\n\t<link rel=\"canonical\" href=\"https:\/\/droix.eu\/da\/product\/fx8s-usb-type-c-hub\/\" \/>\n\t<meta name=\"generator\" content=\"All in One SEO Pro (AIOSEO) 4.9.6.2\" \/>\n\t\t<meta property=\"og:locale\" content=\"da_DK\" \/>\n\t\t<meta property=\"og:site_name\" content=\"DROIX EU - Get the latest Mini PCs, Ultrabook, PC Gaming Handhelds and more!\" \/>\n\t\t<meta property=\"og:type\" content=\"article\" \/>\n\t\t<meta property=\"og:title\" content=\"FX8S USB Type-C-hub - DROIX EU\" \/>\n\t\t<meta property=\"og:description\" content=\"H\u00f8jhastigheds USB Type-C-adapter 4K HDMI-udgang RJ45 100M\/s Ethernet-port Slot til SD\/MicroSD-kort Kompatibel med Windows, Mac og Android Package Includes 1x FX8S USB Type-C-hub\" \/>\n\t\t<meta property=\"og:url\" content=\"https:\/\/droix.eu\/da\/product\/fx8s-usb-type-c-hub\/\" \/>\n\t\t<meta property=\"og:image\" content=\"https:\/\/droix.eu\/wp-content\/uploads\/2024\/06\/droix-v2-light-logo.png\" \/>\n\t\t<meta property=\"og:image:secure_url\" content=\"https:\/\/droix.eu\/wp-content\/uploads\/2024\/06\/droix-v2-light-logo.png\" \/>\n\t\t<meta property=\"og:image:width\" content=\"380\" \/>\n\t\t<meta property=\"og:image:height\" content=\"118\" \/>\n\t\t<meta property=\"article:published_time\" content=\"2020-11-20T10:02:39+00:00\" \/>\n\t\t<meta property=\"article:modified_time\" content=\"2025-08-01T14:44:38+00:00\" \/>\n\t\t<meta property=\"article:publisher\" content=\"https:\/\/www.facebook.com\/DroiX.Store\" \/>\n\t\t<meta name=\"twitter:card\" content=\"summary_large_image\" \/>\n\t\t<meta name=\"twitter:site\" content=\"@DroiX_Store\" \/>\n\t\t<meta name=\"twitter:title\" content=\"FX8S USB Type-C-hub - DROIX EU\" \/>\n\t\t<meta name=\"twitter:description\" content=\"H\u00f8jhastigheds USB Type-C-adapter 4K HDMI-udgang RJ45 100M\/s Ethernet-port Slot til SD\/MicroSD-kort Kompatibel med Windows, Mac og Android Package Includes 1x FX8S USB Type-C-hub\" \/>\n\t\t<meta name=\"twitter:image\" content=\"https:\/\/droix.eu\/wp-content\/uploads\/2024\/06\/droix-v2-light-logo.png\" \/>\n\t\t<script type=\"application\/ld+json\" class=\"aioseo-schema\">\n\t\t\t{\"@context\":\"https:\\\/\\\/schema.org\",\"@graph\":[{\"@type\":\"BreadcrumbList\",\"@id\":\"https:\\\/\\\/droix.eu\\\/da\\\/product\\\/fx8s-usb-type-c-hub\\\/#breadcrumblist\",\"itemListElement\":[{\"@type\":\"ListItem\",\"@id\":\"https:\\\/\\\/droix.eu\\\/da\\\/#listItem\",\"position\":1,\"name\":\"Home\",\"item\":\"https:\\\/\\\/droix.eu\\\/da\\\/\",\"nextItem\":{\"@type\":\"ListItem\",\"@id\":\"https:\\\/\\\/droix.eu\\\/da\\\/product-category\\\/tilbehor\\\/#listItem\",\"name\":\"Tilbeh\\u00f8r\"}},{\"@type\":\"ListItem\",\"@id\":\"https:\\\/\\\/droix.eu\\\/da\\\/product-category\\\/tilbehor\\\/#listItem\",\"position\":2,\"name\":\"Tilbeh\\u00f8r\",\"item\":\"https:\\\/\\\/droix.eu\\\/da\\\/product-category\\\/tilbehor\\\/\",\"nextItem\":{\"@type\":\"ListItem\",\"@id\":\"https:\\\/\\\/droix.eu\\\/da\\\/product-category\\\/tilbehor\\\/tilbehor-til-baerbare-computere\\\/#listItem\",\"name\":\"Tilbeh\\u00f8r til b\\u00e6rbare computere\"},\"previousItem\":{\"@type\":\"ListItem\",\"@id\":\"https:\\\/\\\/droix.eu\\\/da\\\/#listItem\",\"name\":\"Home\"}},{\"@type\":\"ListItem\",\"@id\":\"https:\\\/\\\/droix.eu\\\/da\\\/product-category\\\/tilbehor\\\/tilbehor-til-baerbare-computere\\\/#listItem\",\"position\":3,\"name\":\"Tilbeh\\u00f8r til b\\u00e6rbare computere\",\"item\":\"https:\\\/\\\/droix.eu\\\/da\\\/product-category\\\/tilbehor\\\/tilbehor-til-baerbare-computere\\\/\",\"nextItem\":{\"@type\":\"ListItem\",\"@id\":\"https:\\\/\\\/droix.eu\\\/da\\\/product\\\/fx8s-usb-type-c-hub\\\/#listItem\",\"name\":\"FX8S USB Type-C-hub\"},\"previousItem\":{\"@type\":\"ListItem\",\"@id\":\"https:\\\/\\\/droix.eu\\\/da\\\/product-category\\\/tilbehor\\\/#listItem\",\"name\":\"Tilbeh\\u00f8r\"}},{\"@type\":\"ListItem\",\"@id\":\"https:\\\/\\\/droix.eu\\\/da\\\/product\\\/fx8s-usb-type-c-hub\\\/#listItem\",\"position\":4,\"name\":\"FX8S USB Type-C-hub\",\"previousItem\":{\"@type\":\"ListItem\",\"@id\":\"https:\\\/\\\/droix.eu\\\/da\\\/product-category\\\/tilbehor\\\/tilbehor-til-baerbare-computere\\\/#listItem\",\"name\":\"Tilbeh\\u00f8r til b\\u00e6rbare computere\"}}]},{\"@type\":\"Organization\",\"@id\":\"https:\\\/\\\/droix.eu\\\/da\\\/#organization\",\"name\":\"DroiX \\u2013 Trusted EU Tech Retailer with 12+ Years Experience\",\"description\":\"DroiX is a leading European technology retailer with over 12 years of experience, offering quality mini PCs, handheld gaming consoles, and tech accessories. We provide hassle-free EU delivery with all taxes included, ensuring a smooth and reliable shopping experience for our customers across Europe.\",\"url\":\"https:\\\/\\\/droix.eu\\\/da\\\/\",\"logo\":{\"@type\":\"ImageObject\",\"url\":\"https:\\\/\\\/droix.eu\\\/wp-content\\\/uploads\\\/2024\\\/06\\\/droix-v2-light-logo.png\",\"@id\":\"https:\\\/\\\/droix.eu\\\/da\\\/product\\\/fx8s-usb-type-c-hub\\\/#organizationLogo\",\"width\":380,\"height\":118},\"image\":{\"@id\":\"https:\\\/\\\/droix.eu\\\/da\\\/product\\\/fx8s-usb-type-c-hub\\\/#organizationLogo\"},\"sameAs\":[\"https:\\\/\\\/www.facebook.com\\\/DroiX.Store\",\"https:\\\/\\\/twitter.com\\\/DroiX_Store\",\"https:\\\/\\\/www.instagram.com\\\/droix.store\\\/\",\"https:\\\/\\\/www.tiktok.com\\\/@droix.store\",\"https:\\\/\\\/www.youtube.com\\\/c\\\/DroiX_Store\",\"https:\\\/\\\/uk.linkedin.com\\\/company\\\/droix\"]},{\"@type\":\"Product\",\"@id\":\"https:\\\/\\\/droix.eu\\\/da\\\/product\\\/fx8s-usb-type-c-hub\\\/#wooCommerceProduct\",\"name\":\"FX8S USB Type-C-hub\",\"description\":\"H\\u00f8jhastigheds USB Type-C-adapter\\n \\t4K HDMI-udgang\\n \\tRJ45 100M\\\/s Ethernet-port\\n \\tSlot til SD\\\/MicroSD-kort\\n \\tKompatibel med Windows, Mac og Android\",\"url\":\"https:\\\/\\\/droix.eu\\\/da\\\/product\\\/fx8s-usb-type-c-hub\\\/\",\"sku\":\"DX-FX8-S-USB-TYPE-C-ADAPTER\",\"image\":{\"@type\":\"ImageObject\",\"url\":\"https:\\\/\\\/droix.eu\\\/wp-content\\\/uploads\\\/2021\\\/12\\\/1-2.png\",\"@id\":\"https:\\\/\\\/droix.eu\\\/da\\\/product\\\/fx8s-usb-type-c-hub\\\/#productImage\",\"width\":670,\"height\":840,\"caption\":\"DroiX FX8s - Viser 2 USB Type-C-porte, 1 HDMI, 2 USB Type-A, 1 SD-kort og 1 MicroSD-port\"},\"offers\":{\"@type\":\"Offer\",\"url\":\"https:\\\/\\\/droix.eu\\\/da\\\/product\\\/fx8s-usb-type-c-hub\\\/#wooCommerceOffer\",\"price\":33.2,\"priceCurrency\":\"EUR\",\"category\":\"Computertilbeh\\u00f8r\",\"priceValidUntil\":\"2024-05-26\",\"availability\":\"https:\\\/\\\/schema.org\\\/OutOfStock\",\"priceSpecification\":{\"@type\":\"PriceSpecification\",\"price\":33.2,\"priceCurrency\":\"EUR\",\"valueAddedTaxIncluded\":\"true\"},\"seller\":{\"@type\":\"Organization\",\"@id\":\"https:\\\/\\\/droix.eu\\\/da\\\/#organization\"}}},{\"@type\":\"WebPage\",\"@id\":\"https:\\\/\\\/droix.eu\\\/da\\\/product\\\/fx8s-usb-type-c-hub\\\/#webpage\",\"url\":\"https:\\\/\\\/droix.eu\\\/da\\\/product\\\/fx8s-usb-type-c-hub\\\/\",\"name\":\"FX8S USB Type-C-hub - DROIX EU\",\"description\":\"H\\u00f8jhastigheds USB Type-C-adapter 4K HDMI-udgang RJ45 100M\\\/s Ethernet-port Slot til SD\\\/MicroSD-kort Kompatibel med Windows, Mac og Android Package Includes 1x FX8S USB Type-C-hub\",\"inLanguage\":\"da-DK\",\"isPartOf\":{\"@id\":\"https:\\\/\\\/droix.eu\\\/da\\\/#website\"},\"breadcrumb\":{\"@id\":\"https:\\\/\\\/droix.eu\\\/da\\\/product\\\/fx8s-usb-type-c-hub\\\/#breadcrumblist\"},\"image\":{\"@type\":\"ImageObject\",\"url\":\"https:\\\/\\\/droix.eu\\\/wp-content\\\/uploads\\\/2021\\\/12\\\/1-2.png\",\"@id\":\"https:\\\/\\\/droix.eu\\\/da\\\/product\\\/fx8s-usb-type-c-hub\\\/#mainImage\",\"width\":670,\"height\":840,\"caption\":\"DroiX FX8s - Viser 2 USB Type-C-porte, 1 HDMI, 2 USB Type-A, 1 SD-kort og 1 MicroSD-port\"},\"primaryImageOfPage\":{\"@id\":\"https:\\\/\\\/droix.eu\\\/da\\\/product\\\/fx8s-usb-type-c-hub\\\/#mainImage\"},\"datePublished\":\"2020-11-20T10:02:39+00:00\",\"dateModified\":\"2025-08-01T15:44:38+01:00\"},{\"@type\":\"WebSite\",\"@id\":\"https:\\\/\\\/droix.eu\\\/da\\\/#website\",\"url\":\"https:\\\/\\\/droix.eu\\\/da\\\/\",\"name\":\"DROIX EU\",\"description\":\"Get the latest Mini PCs, Ultrabook, PC Gaming Handhelds and more!\",\"inLanguage\":\"da-DK\",\"publisher\":{\"@id\":\"https:\\\/\\\/droix.eu\\\/da\\\/#organization\"}}]}\n\t\t<\/script>\n\t\t<!-- All in One SEO Pro -->\r\n\t\t<title>FX8S USB Type-C-hub - DROIX EU<\/title>\n\n","aioseo_head_json":{"title":"FX8S USB Type-C-hub - DROIX EU","description":"H\u00f8jhastigheds USB Type-C-adapter 4K HDMI-udgang RJ45 100M\/s Ethernet-port Slot til SD\/MicroSD-kort Kompatibel med Windows, Mac og Android Package Includes 1x FX8S USB Type-C-hub","canonical_url":"https:\/\/droix.eu\/da\/product\/fx8s-usb-type-c-hub\/","robots":"max-image-preview:large","keywords":"","webmasterTools":{"miscellaneous":""},"schema":{"@context":"https:\/\/schema.org","@graph":[{"@type":"BreadcrumbList","@id":"https:\/\/droix.eu\/da\/product\/fx8s-usb-type-c-hub\/#breadcrumblist","itemListElement":[{"@type":"ListItem","@id":"https:\/\/droix.eu\/da\/#listItem","position":1,"name":"Home","item":"https:\/\/droix.eu\/da\/","nextItem":{"@type":"ListItem","@id":"https:\/\/droix.eu\/da\/product-category\/tilbehor\/#listItem","name":"Tilbeh\u00f8r"}},{"@type":"ListItem","@id":"https:\/\/droix.eu\/da\/product-category\/tilbehor\/#listItem","position":2,"name":"Tilbeh\u00f8r","item":"https:\/\/droix.eu\/da\/product-category\/tilbehor\/","nextItem":{"@type":"ListItem","@id":"https:\/\/droix.eu\/da\/product-category\/tilbehor\/tilbehor-til-baerbare-computere\/#listItem","name":"Tilbeh\u00f8r til b\u00e6rbare computere"},"previousItem":{"@type":"ListItem","@id":"https:\/\/droix.eu\/da\/#listItem","name":"Home"}},{"@type":"ListItem","@id":"https:\/\/droix.eu\/da\/product-category\/tilbehor\/tilbehor-til-baerbare-computere\/#listItem","position":3,"name":"Tilbeh\u00f8r til b\u00e6rbare computere","item":"https:\/\/droix.eu\/da\/product-category\/tilbehor\/tilbehor-til-baerbare-computere\/","nextItem":{"@type":"ListItem","@id":"https:\/\/droix.eu\/da\/product\/fx8s-usb-type-c-hub\/#listItem","name":"FX8S USB Type-C-hub"},"previousItem":{"@type":"ListItem","@id":"https:\/\/droix.eu\/da\/product-category\/tilbehor\/#listItem","name":"Tilbeh\u00f8r"}},{"@type":"ListItem","@id":"https:\/\/droix.eu\/da\/product\/fx8s-usb-type-c-hub\/#listItem","position":4,"name":"FX8S USB Type-C-hub","previousItem":{"@type":"ListItem","@id":"https:\/\/droix.eu\/da\/product-category\/tilbehor\/tilbehor-til-baerbare-computere\/#listItem","name":"Tilbeh\u00f8r til b\u00e6rbare computere"}}]},{"@type":"Organization","@id":"https:\/\/droix.eu\/da\/#organization","name":"DroiX \u2013 Trusted EU Tech Retailer with 12+ Years Experience","description":"DroiX is a leading European technology retailer with over 12 years of experience, offering quality mini PCs, handheld gaming consoles, and tech accessories. We provide hassle-free EU delivery with all taxes included, ensuring a smooth and reliable shopping experience for our customers across Europe.","url":"https:\/\/droix.eu\/da\/","logo":{"@type":"ImageObject","url":"https:\/\/droix.eu\/wp-content\/uploads\/2024\/06\/droix-v2-light-logo.png","@id":"https:\/\/droix.eu\/da\/product\/fx8s-usb-type-c-hub\/#organizationLogo","width":380,"height":118},"image":{"@id":"https:\/\/droix.eu\/da\/product\/fx8s-usb-type-c-hub\/#organizationLogo"},"sameAs":["https:\/\/www.facebook.com\/DroiX.Store","https:\/\/twitter.com\/DroiX_Store","https:\/\/www.instagram.com\/droix.store\/","https:\/\/www.tiktok.com\/@droix.store","https:\/\/www.youtube.com\/c\/DroiX_Store","https:\/\/uk.linkedin.com\/company\/droix"]},{"@type":"Product","@id":"https:\/\/droix.eu\/da\/product\/fx8s-usb-type-c-hub\/#wooCommerceProduct","name":"FX8S USB Type-C-hub","description":"H\u00f8jhastigheds USB Type-C-adapter\n \t4K HDMI-udgang\n \tRJ45 100M\/s Ethernet-port\n \tSlot til SD\/MicroSD-kort\n \tKompatibel med Windows, Mac og Android","url":"https:\/\/droix.eu\/da\/product\/fx8s-usb-type-c-hub\/","sku":"DX-FX8-S-USB-TYPE-C-ADAPTER","image":{"@type":"ImageObject","url":"https:\/\/droix.eu\/wp-content\/uploads\/2021\/12\/1-2.png","@id":"https:\/\/droix.eu\/da\/product\/fx8s-usb-type-c-hub\/#productImage","width":670,"height":840,"caption":"DroiX FX8s - Viser 2 USB Type-C-porte, 1 HDMI, 2 USB Type-A, 1 SD-kort og 1 MicroSD-port"},"offers":{"@type":"Offer","url":"https:\/\/droix.eu\/da\/product\/fx8s-usb-type-c-hub\/#wooCommerceOffer","price":33.2,"priceCurrency":"EUR","category":"Computertilbeh\u00f8r","priceValidUntil":"2024-05-26","availability":"https:\/\/schema.org\/OutOfStock","priceSpecification":{"@type":"PriceSpecification","price":33.2,"priceCurrency":"EUR","valueAddedTaxIncluded":"true"},"seller":{"@type":"Organization","@id":"https:\/\/droix.eu\/da\/#organization"}}},{"@type":"WebPage","@id":"https:\/\/droix.eu\/da\/product\/fx8s-usb-type-c-hub\/#webpage","url":"https:\/\/droix.eu\/da\/product\/fx8s-usb-type-c-hub\/","name":"FX8S USB Type-C-hub - DROIX EU","description":"H\u00f8jhastigheds USB Type-C-adapter 4K HDMI-udgang RJ45 100M\/s Ethernet-port Slot til SD\/MicroSD-kort Kompatibel med Windows, Mac og Android Package Includes 1x FX8S USB Type-C-hub","inLanguage":"da-DK","isPartOf":{"@id":"https:\/\/droix.eu\/da\/#website"},"breadcrumb":{"@id":"https:\/\/droix.eu\/da\/product\/fx8s-usb-type-c-hub\/#breadcrumblist"},"image":{"@type":"ImageObject","url":"https:\/\/droix.eu\/wp-content\/uploads\/2021\/12\/1-2.png","@id":"https:\/\/droix.eu\/da\/product\/fx8s-usb-type-c-hub\/#mainImage","width":670,"height":840,"caption":"DroiX FX8s - Viser 2 USB Type-C-porte, 1 HDMI, 2 USB Type-A, 1 SD-kort og 1 MicroSD-port"},"primaryImageOfPage":{"@id":"https:\/\/droix.eu\/da\/product\/fx8s-usb-type-c-hub\/#mainImage"},"datePublished":"2020-11-20T10:02:39+00:00","dateModified":"2025-08-01T15:44:38+01:00"},{"@type":"WebSite","@id":"https:\/\/droix.eu\/da\/#website","url":"https:\/\/droix.eu\/da\/","name":"DROIX EU","description":"Get the latest Mini PCs, Ultrabook, PC Gaming Handhelds and more!","inLanguage":"da-DK","publisher":{"@id":"https:\/\/droix.eu\/da\/#organization"}}]},"og:locale":"da_DK","og:site_name":"DROIX EU - Get the latest Mini PCs, Ultrabook, PC Gaming Handhelds and more!","og:type":"article","og:title":"FX8S USB Type-C-hub - DROIX EU","og:description":"H\u00f8jhastigheds USB Type-C-adapter 4K HDMI-udgang RJ45 100M\/s Ethernet-port Slot til SD\/MicroSD-kort Kompatibel med Windows, Mac og Android Package Includes 1x FX8S USB Type-C-hub","og:url":"https:\/\/droix.eu\/da\/product\/fx8s-usb-type-c-hub\/","og:image":"https:\/\/droix.eu\/wp-content\/uploads\/2024\/06\/droix-v2-light-logo.png","og:image:secure_url":"https:\/\/droix.eu\/wp-content\/uploads\/2024\/06\/droix-v2-light-logo.png","og:image:width":380,"og:image:height":118,"article:published_time":"2020-11-20T10:02:39+00:00","article:modified_time":"2025-08-01T14:44:38+00:00","article:publisher":"https:\/\/www.facebook.com\/DroiX.Store","twitter:card":"summary_large_image","twitter:site":"@DroiX_Store","twitter:title":"FX8S USB Type-C-hub - DROIX EU","twitter:description":"H\u00f8jhastigheds USB Type-C-adapter 4K HDMI-udgang RJ45 100M\/s Ethernet-port Slot til SD\/MicroSD-kort Kompatibel med Windows, Mac og Android Package Includes 1x FX8S USB Type-C-hub","twitter:image":"https:\/\/droix.eu\/wp-content\/uploads\/2024\/06\/droix-v2-light-logo.png"},"aioseo_meta_data":{"post_id":"551474","title":null,"description":null,"keywords":null,"keyphrases":null,"primary_term":null,"canonical_url":null,"og_title":null,"og_description":null,"og_object_type":"default","og_image_type":"default","og_image_url":null,"og_image_width":null,"og_image_height":null,"og_image_custom_url":null,"og_image_custom_fields":null,"og_video":null,"og_custom_url":null,"og_article_section":null,"og_article_tags":null,"twitter_use_og":true,"twitter_card":"default","twitter_image_type":"default","twitter_image_url":null,"twitter_image_custom_url":null,"twitter_image_custom_fields":null,"twitter_title":null,"twitter_description":null,"schema":{"blockGraphs":[],"customGraphs":[],"default":{"data":{"Article":[],"Course":[],"Dataset":[],"FAQPage":[],"Movie":[],"Person":[],"Product":[],"ProductReview":[],"Car":[],"Recipe":[],"Service":[],"SoftwareApplication":[],"WebPage":[]},"graphName":"","isEnabled":true},"graphs":[]},"schema_type":"default","schema_type_options":null,"pillar_content":false,"robots_default":true,"robots_noindex":false,"robots_noarchive":false,"robots_nosnippet":false,"robots_nofollow":false,"robots_noimageindex":false,"robots_noodp":false,"robots_notranslate":false,"robots_max_snippet":null,"robots_max_videopreview":null,"robots_max_imagepreview":"large","priority":null,"frequency":null,"local_seo":null,"seo_analyzer_scan_date":"2025-10-24 07:59:50","breadcrumb_settings":null,"limit_modified_date":false,"reviewed_by":null,"open_ai":null,"ai":null,"created":"2025-10-09 03:29:38","updated":"2025-11-27 01:41:39"},"aioseo_breadcrumb":"<div class=\"aioseo-breadcrumbs\"><span class=\"aioseo-breadcrumb\">\n\t<a href=\"https:\/\/droix.eu\/da\/\" title=\"Home\">Home<\/a>\n<\/span><span class=\"aioseo-breadcrumb-separator\">&raquo;<\/span><span class=\"aioseo-breadcrumb\">\n\t<a href=\"https:\/\/droix.eu\/da\/product-category\/tilbehor\/\" title=\"Tilbeh\u00f8r\">Tilbeh\u00f8r<\/a>\n<\/span><span class=\"aioseo-breadcrumb-separator\">&raquo;<\/span><span class=\"aioseo-breadcrumb\">\n\t<a href=\"https:\/\/droix.eu\/da\/product-category\/tilbehor\/tilbehor-til-baerbare-computere\/\" title=\"Tilbeh\u00f8r til b\u00e6rbare computere\">Tilbeh\u00f8r til b\u00e6rbare computere<\/a>\n<\/span><span class=\"aioseo-breadcrumb-separator\">&raquo;<\/span><span class=\"aioseo-breadcrumb\">\n\tFX8S USB Type-C-hub\n<\/span><\/div>","aioseo_breadcrumb_json":[{"label":"Home","link":"https:\/\/droix.eu\/da\/"},{"label":"Tilbeh\u00f8r","link":"https:\/\/droix.eu\/da\/product-category\/tilbehor\/"},{"label":"Tilbeh\u00f8r til b\u00e6rbare computere","link":"https:\/\/droix.eu\/da\/product-category\/tilbehor\/tilbehor-til-baerbare-computere\/"},{"label":"FX8S USB Type-C-hub","link":"https:\/\/droix.eu\/da\/product\/fx8s-usb-type-c-hub\/"}],"_links":{"self":[{"href":"https:\/\/droix.eu\/da\/wp-json\/wp\/v2\/product\/551474","targetHints":{"allow":["GET"]}}],"collection":[{"href":"https:\/\/droix.eu\/da\/wp-json\/wp\/v2\/product"}],"about":[{"href":"https:\/\/droix.eu\/da\/wp-json\/wp\/v2\/types\/product"}],"version-history":[{"count":0,"href":"https:\/\/droix.eu\/da\/wp-json\/wp\/v2\/product\/551474\/revisions"}],"wp:featuredmedia":[{"embeddable":true,"href":"https:\/\/droix.eu\/da\/wp-json\/wp\/v2\/media\/221123"}],"wp:attachment":[{"href":"https:\/\/droix.eu\/da\/wp-json\/wp\/v2\/media?parent=551474"}],"wp:term":[{"taxonomy":"product_brand","embeddable":true,"href":"https:\/\/droix.eu\/da\/wp-json\/wp\/v2\/product_brand?post=551474"},{"taxonomy":"product_cat","embeddable":true,"href":"https:\/\/droix.eu\/da\/wp-json\/wp\/v2\/product_cat?post=551474"},{"taxonomy":"product_tag","embeddable":true,"href":"https:\/\/droix.eu\/da\/wp-json\/wp\/v2\/product_tag?post=551474"},{"taxonomy":"woo-feed-brand","embeddable":true,"href":"https:\/\/droix.eu\/da\/wp-json\/wp\/v2\/woo-feed-brand?post=551474"},{"taxonomy":"key-features","embeddable":true,"href":"https:\/\/droix.eu\/da\/wp-json\/wp\/v2\/key-features?post=551474"}],"curies":[{"name":"wp","href":"https:\/\/api.w.org\/{rel}","templated":true}]}}