{"id":531767,"date":"2020-11-17T10:08:50","date_gmt":"2020-11-17T10:08:50","guid":{"rendered":"https:\/\/droix.eu\/product\/micro-sd-kort-sdxc-uhs-3-tf-flash-hukommelseskort\/"},"modified":"2026-01-11T00:03:00","modified_gmt":"2026-01-11T00:03:00","slug":"micro-sd-kort-sdxc-uhs-3-tf-flash-hukommelseskort","status":"publish","type":"product","link":"https:\/\/droix.eu\/da\/product\/micro-sd-kort-sdxc-uhs-3-tf-flash-hukommelseskort\/","title":{"rendered":"Micro SD-kort SDXC UHS-3 TF Flash-hukommelseskort"},"content":{"rendered":"\r\n<ul class=\"wp-block-list\">&#13;\n<li>Opgrader din lagerplads med dette h\u00f8jhastigheds Micro SD\/TF-kort.<\/li>&#13;\n\r\n\r\n&#13;\n<li>P\u00e5lidelig og af h\u00f8j kvalitet til l\u00e6ngere tids brug.<\/li>&#13;\n\r\n\r\n&#13;\n<li>Vandt\u00e6t og holdbar &#8211; Fremstillet af komponenter af h\u00f8j kvalitet.<\/li>&#13;\n\r\n\r\n&#13;\n<li>Perfekt til smartphones, tablets, gaming-h\u00e5ndholdte, GPD og One Netbook-enheder og meget mere!<\/li>&#13;\n<\/ul>\r\n&#13;\n<p><em>Bem\u00e6rk: Dette MicroSD-kort er tomt<\/em><\/p>&#13;\n","protected":false},"excerpt":{"rendered":"<ul>\n<li>DroiX-certificeret produkt<\/li>\n<li>UHS klasse 3<\/li>\n<li>H\u00f8j kvalitet<\/li>\n<li>Bredt kompatibel<\/li>\n<li>Let at bruge<\/li>\n<\/ul>\n[droix_global_accordions]\n[cg_accordion title=\"Pakken indeholder\"]<\/p>\n<ul>\n<li>1x MicroSD-kort<\/li>\n<\/ul>\n<p>[\/cg_accordion]\n","protected":false},"featured_media":460103,"template":"","meta":{"_acf_changed":false},"product_brand":[],"product_cat":[12700,10178,33727,10179,10402],"product_tag":[],"woo-feed-brand":[],"key-features":[],"class_list":{"0":"post-531767","1":"product","2":"type-product","3":"status-publish","4":"has-post-thumbnail","6":"product_cat-computertilbehor","7":"product_cat-tilbehor","8":"product_cat-tilbehor-til-android-tv-bokse","9":"product_cat-tilbehor-til-baerbare-computere","10":"product_cat-tilbehor-til-gaming","11":"product_shipping_class-low-end","12":"pa_brands-droix-da","14":"first","15":"instock","16":"taxable","17":"shipping-taxable","18":"purchasable","19":"product-type-variable","20":"has-default-attributes"},"acf":[],"aioseo_notices":[],"_links":{"self":[{"href":"https:\/\/droix.eu\/da\/wp-json\/wp\/v2\/product\/531767","targetHints":{"allow":["GET"]}}],"collection":[{"href":"https:\/\/droix.eu\/da\/wp-json\/wp\/v2\/product"}],"about":[{"href":"https:\/\/droix.eu\/da\/wp-json\/wp\/v2\/types\/product"}],"version-history":[{"count":0,"href":"https:\/\/droix.eu\/da\/wp-json\/wp\/v2\/product\/531767\/revisions"}],"wp:featuredmedia":[{"embeddable":true,"href":"https:\/\/droix.eu\/da\/wp-json\/wp\/v2\/media\/460103"}],"wp:attachment":[{"href":"https:\/\/droix.eu\/da\/wp-json\/wp\/v2\/media?parent=531767"}],"wp:term":[{"taxonomy":"product_brand","embeddable":true,"href":"https:\/\/droix.eu\/da\/wp-json\/wp\/v2\/product_brand?post=531767"},{"taxonomy":"product_cat","embeddable":true,"href":"https:\/\/droix.eu\/da\/wp-json\/wp\/v2\/product_cat?post=531767"},{"taxonomy":"product_tag","embeddable":true,"href":"https:\/\/droix.eu\/da\/wp-json\/wp\/v2\/product_tag?post=531767"},{"taxonomy":"woo-feed-brand","embeddable":true,"href":"https:\/\/droix.eu\/da\/wp-json\/wp\/v2\/woo-feed-brand?post=531767"},{"taxonomy":"key-features","embeddable":true,"href":"https:\/\/droix.eu\/da\/wp-json\/wp\/v2\/key-features?post=531767"}],"curies":[{"name":"wp","href":"https:\/\/api.w.org\/{rel}","templated":true}]}}