{"id":520836,"date":"2022-11-11T11:44:32","date_gmt":"2022-11-11T11:44:32","guid":{"rendered":"https:\/\/droix.eu\/product\/tommelfingerhaetter-med-dyretema\/"},"modified":"2026-03-28T08:30:38","modified_gmt":"2026-03-28T08:30:38","slug":"tommelfingerhaetter-med-dyretema","status":"publish","type":"product","link":"https:\/\/droix.eu\/da\/product\/tommelfingerhaetter-med-dyretema\/","title":{"rendered":"Tommelfingerh\u00e6tter med dyretema"},"content":{"rendered":"&#13;\n<p>S\u00f8de tommelfingerh\u00e6tter med dyretema tilf\u00f8jer sjov og vitalitet til din h\u00e5ndholdte konsol og g\u00f8r den mere i\u00f8jnefaldende.lavet af bl\u00f8dt silikonemateriale, som kan beskytte de analoge pinde mod ridser og snavs, og det er meget behageligt at r\u00f8re ved!<\/p>&#13;\n&#13;\n<h5 class=\"wp-block-heading\">\u00a0<\/h5>&#13;\n&#13;\n<h5 class=\"wp-block-heading\">IKKE kompatibel med PS4, Switch Pro eller Xbox One Controller.<\/h5>&#13;\n","protected":false},"excerpt":{"rendered":"<ul>\n<li>Fremstillet af bl\u00f8dt silikonemateriale<\/li>\n<li>Beskyt den analoge pind<\/li>\n<li>Meget behagelig at r\u00f8re ved<\/li>\n<li>Ikke let at deformere<\/li>\n<li>Ikke-giftig og ikke let at falme<\/li>\n<\/ul>\n[droix_global_accordions]\n","protected":false},"featured_media":702969,"template":"","meta":{"_acf_changed":false},"product_brand":[],"product_cat":[32,77],"product_tag":[],"woo-feed-brand":[],"key-features":[],"class_list":{"0":"post-520836","1":"product","2":"type-product","3":"status-publish","4":"has-post-thumbnail","6":"product_cat-accessories","7":"product_cat-gaming-accessories","8":"product_shipping_class-low-end","9":"pa_compatibility-ayaneo-2","10":"pa_compatibility-ayaneo-2021","11":"pa_compatibility-ayaneo-air","12":"pa_compatibility-ayaneo-geek","14":"first","15":"instock","16":"sale","17":"taxable","18":"shipping-taxable","19":"purchasable","20":"product-type-simple"},"acf":[],"aioseo_notices":[],"aioseo_head":"\n\t\t<!-- All in One SEO Pro 4.9.5.2 - aioseo.com -->\n\t<meta name=\"description\" content=\"Fremstillet af bl\u00f8dt silikonemateriale Beskyt den analoge pind Meget behagelig at r\u00f8re ved Ikke let at deformere Ikke-giftig og ikke let at falme\" \/>\n\t<meta name=\"robots\" content=\"max-image-preview:large\" \/>\n\t<link rel=\"canonical\" href=\"https:\/\/droix.eu\/da\/product\/tommelfingerhaetter-med-dyretema\/\" \/>\n\t<meta name=\"generator\" content=\"All in One SEO Pro (AIOSEO) 4.9.5.2\" \/>\n\t\t<meta property=\"og:locale\" content=\"da_DK\" \/>\n\t\t<meta property=\"og:site_name\" content=\"DROIX EU - Get the latest Mini PCs, Ultrabook, PC Gaming Handhelds and more!\" \/>\n\t\t<meta property=\"og:type\" content=\"article\" \/>\n\t\t<meta property=\"og:title\" content=\"Tommelfingerh\u00e6tter med dyretema - DROIX EU\" \/>\n\t\t<meta property=\"og:description\" content=\"Fremstillet af bl\u00f8dt silikonemateriale Beskyt den analoge pind Meget behagelig at r\u00f8re ved Ikke let at deformere Ikke-giftig og ikke let at falme\" \/>\n\t\t<meta property=\"og:url\" content=\"https:\/\/droix.eu\/da\/product\/tommelfingerhaetter-med-dyretema\/\" \/>\n\t\t<meta property=\"og:image\" content=\"https:\/\/droix.eu\/wp-content\/uploads\/2024\/06\/droix-v2-light-logo.png\" \/>\n\t\t<meta property=\"og:image:secure_url\" content=\"https:\/\/droix.eu\/wp-content\/uploads\/2024\/06\/droix-v2-light-logo.png\" \/>\n\t\t<meta property=\"og:image:width\" content=\"380\" \/>\n\t\t<meta property=\"og:image:height\" content=\"118\" \/>\n\t\t<meta property=\"article:published_time\" content=\"2022-11-11T11:44:32+00:00\" \/>\n\t\t<meta property=\"article:modified_time\" content=\"2026-03-28T08:30:38+00:00\" \/>\n\t\t<meta property=\"article:publisher\" content=\"https:\/\/www.facebook.com\/DroiX.Store\" \/>\n\t\t<meta name=\"twitter:card\" content=\"summary_large_image\" \/>\n\t\t<meta name=\"twitter:site\" content=\"@DroiX_Store\" \/>\n\t\t<meta name=\"twitter:title\" content=\"Tommelfingerh\u00e6tter med dyretema - DROIX EU\" \/>\n\t\t<meta name=\"twitter:description\" content=\"Fremstillet af bl\u00f8dt silikonemateriale Beskyt den analoge pind Meget behagelig at r\u00f8re ved Ikke let at deformere Ikke-giftig og ikke let at falme\" \/>\n\t\t<meta name=\"twitter:image\" content=\"https:\/\/droix.eu\/wp-content\/uploads\/2024\/06\/droix-v2-light-logo.png\" \/>\n\t\t<script type=\"application\/ld+json\" class=\"aioseo-schema\">\n\t\t\t{\"@context\":\"https:\\\/\\\/schema.org\",\"@graph\":[{\"@type\":\"BreadcrumbList\",\"@id\":\"https:\\\/\\\/droix.eu\\\/da\\\/product\\\/tommelfingerhaetter-med-dyretema\\\/#breadcrumblist\",\"itemListElement\":[{\"@type\":\"ListItem\",\"@id\":\"https:\\\/\\\/droix.eu\\\/da\\\/#listItem\",\"position\":1,\"name\":\"Home\",\"item\":\"https:\\\/\\\/droix.eu\\\/da\\\/\",\"nextItem\":{\"@type\":\"ListItem\",\"@id\":\"https:\\\/\\\/droix.eu\\\/da\\\/product-category\\\/tilbehor\\\/#listItem\",\"name\":\"Tilbeh\\u00f8r\"}},{\"@type\":\"ListItem\",\"@id\":\"https:\\\/\\\/droix.eu\\\/da\\\/product-category\\\/tilbehor\\\/#listItem\",\"position\":2,\"name\":\"Tilbeh\\u00f8r\",\"item\":\"https:\\\/\\\/droix.eu\\\/da\\\/product-category\\\/tilbehor\\\/\",\"nextItem\":{\"@type\":\"ListItem\",\"@id\":\"https:\\\/\\\/droix.eu\\\/da\\\/product-category\\\/tilbehor\\\/tilbehor-til-gaming\\\/#listItem\",\"name\":\"Tilbeh\\u00f8r til gaming\"},\"previousItem\":{\"@type\":\"ListItem\",\"@id\":\"https:\\\/\\\/droix.eu\\\/da\\\/#listItem\",\"name\":\"Home\"}},{\"@type\":\"ListItem\",\"@id\":\"https:\\\/\\\/droix.eu\\\/da\\\/product-category\\\/tilbehor\\\/tilbehor-til-gaming\\\/#listItem\",\"position\":3,\"name\":\"Tilbeh\\u00f8r til gaming\",\"item\":\"https:\\\/\\\/droix.eu\\\/da\\\/product-category\\\/tilbehor\\\/tilbehor-til-gaming\\\/\",\"nextItem\":{\"@type\":\"ListItem\",\"@id\":\"https:\\\/\\\/droix.eu\\\/da\\\/product\\\/tommelfingerhaetter-med-dyretema\\\/#listItem\",\"name\":\"Tommelfingerh\\u00e6tter med dyretema\"},\"previousItem\":{\"@type\":\"ListItem\",\"@id\":\"https:\\\/\\\/droix.eu\\\/da\\\/product-category\\\/tilbehor\\\/#listItem\",\"name\":\"Tilbeh\\u00f8r\"}},{\"@type\":\"ListItem\",\"@id\":\"https:\\\/\\\/droix.eu\\\/da\\\/product\\\/tommelfingerhaetter-med-dyretema\\\/#listItem\",\"position\":4,\"name\":\"Tommelfingerh\\u00e6tter med dyretema\",\"previousItem\":{\"@type\":\"ListItem\",\"@id\":\"https:\\\/\\\/droix.eu\\\/da\\\/product-category\\\/tilbehor\\\/tilbehor-til-gaming\\\/#listItem\",\"name\":\"Tilbeh\\u00f8r til gaming\"}}]},{\"@type\":\"Organization\",\"@id\":\"https:\\\/\\\/droix.eu\\\/da\\\/#organization\",\"name\":\"DroiX \\u2013 Trusted EU Tech Retailer with 12+ Years Experience\",\"description\":\"DroiX is a leading European technology retailer with over 12 years of experience, offering quality mini PCs, handheld gaming consoles, and tech accessories. We provide hassle-free EU delivery with all taxes included, ensuring a smooth and reliable shopping experience for our customers across Europe.\",\"url\":\"https:\\\/\\\/droix.eu\\\/da\\\/\",\"logo\":{\"@type\":\"ImageObject\",\"url\":\"https:\\\/\\\/droix.eu\\\/wp-content\\\/uploads\\\/2024\\\/06\\\/droix-v2-light-logo.png\",\"@id\":\"https:\\\/\\\/droix.eu\\\/da\\\/product\\\/tommelfingerhaetter-med-dyretema\\\/#organizationLogo\",\"width\":380,\"height\":118},\"image\":{\"@id\":\"https:\\\/\\\/droix.eu\\\/da\\\/product\\\/tommelfingerhaetter-med-dyretema\\\/#organizationLogo\"},\"sameAs\":[\"https:\\\/\\\/www.facebook.com\\\/DroiX.Store\",\"https:\\\/\\\/twitter.com\\\/DroiX_Store\",\"https:\\\/\\\/www.instagram.com\\\/droix.store\\\/\",\"https:\\\/\\\/www.tiktok.com\\\/@droix.store\",\"https:\\\/\\\/www.youtube.com\\\/c\\\/DroiX_Store\",\"https:\\\/\\\/uk.linkedin.com\\\/company\\\/droix\"]},{\"@type\":\"Product\",\"@id\":\"https:\\\/\\\/droix.eu\\\/da\\\/product\\\/tommelfingerhaetter-med-dyretema\\\/#wooCommerceProduct\",\"name\":\"Tommelfingerh\\u00e6tter med dyretema\",\"description\":\"Fremstillet af bl\\u00f8dt silikonemateriale\\n \\tBeskyt den analoge pind\\n \\tMeget behagelig at r\\u00f8re ved\\n \\tIkke let at deformere\\n \\tIkke-giftig og ikke let at falme\",\"url\":\"https:\\\/\\\/droix.eu\\\/da\\\/product\\\/tommelfingerhaetter-med-dyretema\\\/\",\"sku\":\"ANIMAL-THUMB-STICK-CAPS\",\"gtin\":\"5060763673601\",\"image\":{\"@type\":\"ImageObject\",\"url\":\"https:\\\/\\\/droix.eu\\\/wp-content\\\/uploads\\\/2022\\\/11\\\/ANIMAL-THUMB-STICK-CAPS-IMAGE-1.png\",\"@id\":\"https:\\\/\\\/droix.eu\\\/da\\\/product\\\/tommelfingerhaetter-med-dyretema\\\/#productImage\",\"width\":900,\"height\":1200},\"offers\":{\"@type\":\"Offer\",\"url\":\"https:\\\/\\\/droix.eu\\\/da\\\/product\\\/tommelfingerhaetter-med-dyretema\\\/#wooCommerceOffer\",\"price\":12.24,\"priceCurrency\":\"EUR\",\"category\":\"Tilbeh\\u00f8r\",\"availability\":\"https:\\\/\\\/schema.org\\\/InStock\",\"priceSpecification\":{\"@type\":\"PriceSpecification\",\"price\":12.24,\"priceCurrency\":\"EUR\",\"valueAddedTaxIncluded\":\"true\"},\"seller\":{\"@type\":\"Organization\",\"@id\":\"https:\\\/\\\/droix.eu\\\/da\\\/#organization\"}}},{\"@type\":\"WebPage\",\"@id\":\"https:\\\/\\\/droix.eu\\\/da\\\/product\\\/tommelfingerhaetter-med-dyretema\\\/#webpage\",\"url\":\"https:\\\/\\\/droix.eu\\\/da\\\/product\\\/tommelfingerhaetter-med-dyretema\\\/\",\"name\":\"Tommelfingerh\\u00e6tter med dyretema - DROIX EU\",\"description\":\"Fremstillet af bl\\u00f8dt silikonemateriale Beskyt den analoge pind Meget behagelig at r\\u00f8re ved Ikke let at deformere Ikke-giftig og ikke let at falme\",\"inLanguage\":\"da-DK\",\"isPartOf\":{\"@id\":\"https:\\\/\\\/droix.eu\\\/da\\\/#website\"},\"breadcrumb\":{\"@id\":\"https:\\\/\\\/droix.eu\\\/da\\\/product\\\/tommelfingerhaetter-med-dyretema\\\/#breadcrumblist\"},\"image\":{\"@type\":\"ImageObject\",\"url\":\"https:\\\/\\\/droix.eu\\\/wp-content\\\/uploads\\\/2022\\\/11\\\/ANIMAL-THUMB-STICK-CAPS-IMAGE-1.png\",\"@id\":\"https:\\\/\\\/droix.eu\\\/da\\\/product\\\/tommelfingerhaetter-med-dyretema\\\/#mainImage\",\"width\":900,\"height\":1200},\"primaryImageOfPage\":{\"@id\":\"https:\\\/\\\/droix.eu\\\/da\\\/product\\\/tommelfingerhaetter-med-dyretema\\\/#mainImage\"},\"datePublished\":\"2022-11-11T11:44:32+00:00\",\"dateModified\":\"2026-03-28T08:30:38+00:00\"},{\"@type\":\"WebSite\",\"@id\":\"https:\\\/\\\/droix.eu\\\/da\\\/#website\",\"url\":\"https:\\\/\\\/droix.eu\\\/da\\\/\",\"name\":\"DROIX EU\",\"description\":\"Get the latest Mini PCs, Ultrabook, PC Gaming Handhelds and more!\",\"inLanguage\":\"da-DK\",\"publisher\":{\"@id\":\"https:\\\/\\\/droix.eu\\\/da\\\/#organization\"}}]}\n\t\t<\/script>\n\t\t<!-- All in One SEO Pro -->\r\n\t\t<title>Tommelfingerh\u00e6tter med dyretema - DROIX EU<\/title>\n\n","aioseo_head_json":{"title":"Tommelfingerh\u00e6tter med dyretema - DROIX EU","description":"Fremstillet af bl\u00f8dt silikonemateriale Beskyt den analoge pind Meget behagelig at r\u00f8re ved Ikke let at deformere Ikke-giftig og ikke let at falme","canonical_url":"https:\/\/droix.eu\/da\/product\/tommelfingerhaetter-med-dyretema\/","robots":"max-image-preview:large","keywords":"","webmasterTools":{"miscellaneous":""},"schema":{"@context":"https:\/\/schema.org","@graph":[{"@type":"BreadcrumbList","@id":"https:\/\/droix.eu\/da\/product\/tommelfingerhaetter-med-dyretema\/#breadcrumblist","itemListElement":[{"@type":"ListItem","@id":"https:\/\/droix.eu\/da\/#listItem","position":1,"name":"Home","item":"https:\/\/droix.eu\/da\/","nextItem":{"@type":"ListItem","@id":"https:\/\/droix.eu\/da\/product-category\/tilbehor\/#listItem","name":"Tilbeh\u00f8r"}},{"@type":"ListItem","@id":"https:\/\/droix.eu\/da\/product-category\/tilbehor\/#listItem","position":2,"name":"Tilbeh\u00f8r","item":"https:\/\/droix.eu\/da\/product-category\/tilbehor\/","nextItem":{"@type":"ListItem","@id":"https:\/\/droix.eu\/da\/product-category\/tilbehor\/tilbehor-til-gaming\/#listItem","name":"Tilbeh\u00f8r til gaming"},"previousItem":{"@type":"ListItem","@id":"https:\/\/droix.eu\/da\/#listItem","name":"Home"}},{"@type":"ListItem","@id":"https:\/\/droix.eu\/da\/product-category\/tilbehor\/tilbehor-til-gaming\/#listItem","position":3,"name":"Tilbeh\u00f8r til gaming","item":"https:\/\/droix.eu\/da\/product-category\/tilbehor\/tilbehor-til-gaming\/","nextItem":{"@type":"ListItem","@id":"https:\/\/droix.eu\/da\/product\/tommelfingerhaetter-med-dyretema\/#listItem","name":"Tommelfingerh\u00e6tter med dyretema"},"previousItem":{"@type":"ListItem","@id":"https:\/\/droix.eu\/da\/product-category\/tilbehor\/#listItem","name":"Tilbeh\u00f8r"}},{"@type":"ListItem","@id":"https:\/\/droix.eu\/da\/product\/tommelfingerhaetter-med-dyretema\/#listItem","position":4,"name":"Tommelfingerh\u00e6tter med dyretema","previousItem":{"@type":"ListItem","@id":"https:\/\/droix.eu\/da\/product-category\/tilbehor\/tilbehor-til-gaming\/#listItem","name":"Tilbeh\u00f8r til gaming"}}]},{"@type":"Organization","@id":"https:\/\/droix.eu\/da\/#organization","name":"DroiX \u2013 Trusted EU Tech Retailer with 12+ Years Experience","description":"DroiX is a leading European technology retailer with over 12 years of experience, offering quality mini PCs, handheld gaming consoles, and tech accessories. We provide hassle-free EU delivery with all taxes included, ensuring a smooth and reliable shopping experience for our customers across Europe.","url":"https:\/\/droix.eu\/da\/","logo":{"@type":"ImageObject","url":"https:\/\/droix.eu\/wp-content\/uploads\/2024\/06\/droix-v2-light-logo.png","@id":"https:\/\/droix.eu\/da\/product\/tommelfingerhaetter-med-dyretema\/#organizationLogo","width":380,"height":118},"image":{"@id":"https:\/\/droix.eu\/da\/product\/tommelfingerhaetter-med-dyretema\/#organizationLogo"},"sameAs":["https:\/\/www.facebook.com\/DroiX.Store","https:\/\/twitter.com\/DroiX_Store","https:\/\/www.instagram.com\/droix.store\/","https:\/\/www.tiktok.com\/@droix.store","https:\/\/www.youtube.com\/c\/DroiX_Store","https:\/\/uk.linkedin.com\/company\/droix"]},{"@type":"Product","@id":"https:\/\/droix.eu\/da\/product\/tommelfingerhaetter-med-dyretema\/#wooCommerceProduct","name":"Tommelfingerh\u00e6tter med dyretema","description":"Fremstillet af bl\u00f8dt silikonemateriale\n \tBeskyt den analoge pind\n \tMeget behagelig at r\u00f8re ved\n \tIkke let at deformere\n \tIkke-giftig og ikke let at falme","url":"https:\/\/droix.eu\/da\/product\/tommelfingerhaetter-med-dyretema\/","sku":"ANIMAL-THUMB-STICK-CAPS","gtin":"5060763673601","image":{"@type":"ImageObject","url":"https:\/\/droix.eu\/wp-content\/uploads\/2022\/11\/ANIMAL-THUMB-STICK-CAPS-IMAGE-1.png","@id":"https:\/\/droix.eu\/da\/product\/tommelfingerhaetter-med-dyretema\/#productImage","width":900,"height":1200},"offers":{"@type":"Offer","url":"https:\/\/droix.eu\/da\/product\/tommelfingerhaetter-med-dyretema\/#wooCommerceOffer","price":12.24,"priceCurrency":"EUR","category":"Tilbeh\u00f8r","availability":"https:\/\/schema.org\/InStock","priceSpecification":{"@type":"PriceSpecification","price":12.24,"priceCurrency":"EUR","valueAddedTaxIncluded":"true"},"seller":{"@type":"Organization","@id":"https:\/\/droix.eu\/da\/#organization"}}},{"@type":"WebPage","@id":"https:\/\/droix.eu\/da\/product\/tommelfingerhaetter-med-dyretema\/#webpage","url":"https:\/\/droix.eu\/da\/product\/tommelfingerhaetter-med-dyretema\/","name":"Tommelfingerh\u00e6tter med dyretema - DROIX EU","description":"Fremstillet af bl\u00f8dt silikonemateriale Beskyt den analoge pind Meget behagelig at r\u00f8re ved Ikke let at deformere Ikke-giftig og ikke let at falme","inLanguage":"da-DK","isPartOf":{"@id":"https:\/\/droix.eu\/da\/#website"},"breadcrumb":{"@id":"https:\/\/droix.eu\/da\/product\/tommelfingerhaetter-med-dyretema\/#breadcrumblist"},"image":{"@type":"ImageObject","url":"https:\/\/droix.eu\/wp-content\/uploads\/2022\/11\/ANIMAL-THUMB-STICK-CAPS-IMAGE-1.png","@id":"https:\/\/droix.eu\/da\/product\/tommelfingerhaetter-med-dyretema\/#mainImage","width":900,"height":1200},"primaryImageOfPage":{"@id":"https:\/\/droix.eu\/da\/product\/tommelfingerhaetter-med-dyretema\/#mainImage"},"datePublished":"2022-11-11T11:44:32+00:00","dateModified":"2026-03-28T08:30:38+00:00"},{"@type":"WebSite","@id":"https:\/\/droix.eu\/da\/#website","url":"https:\/\/droix.eu\/da\/","name":"DROIX EU","description":"Get the latest Mini PCs, Ultrabook, PC Gaming Handhelds and more!","inLanguage":"da-DK","publisher":{"@id":"https:\/\/droix.eu\/da\/#organization"}}]},"og:locale":"da_DK","og:site_name":"DROIX EU - Get the latest Mini PCs, Ultrabook, PC Gaming Handhelds and more!","og:type":"article","og:title":"Tommelfingerh\u00e6tter med dyretema - DROIX EU","og:description":"Fremstillet af bl\u00f8dt silikonemateriale Beskyt den analoge pind Meget behagelig at r\u00f8re ved Ikke let at deformere Ikke-giftig og ikke let at falme","og:url":"https:\/\/droix.eu\/da\/product\/tommelfingerhaetter-med-dyretema\/","og:image":"https:\/\/droix.eu\/wp-content\/uploads\/2024\/06\/droix-v2-light-logo.png","og:image:secure_url":"https:\/\/droix.eu\/wp-content\/uploads\/2024\/06\/droix-v2-light-logo.png","og:image:width":380,"og:image:height":118,"article:published_time":"2022-11-11T11:44:32+00:00","article:modified_time":"2026-03-28T08:30:38+00:00","article:publisher":"https:\/\/www.facebook.com\/DroiX.Store","twitter:card":"summary_large_image","twitter:site":"@DroiX_Store","twitter:title":"Tommelfingerh\u00e6tter med dyretema - DROIX EU","twitter:description":"Fremstillet af bl\u00f8dt silikonemateriale Beskyt den analoge pind Meget behagelig at r\u00f8re ved Ikke let at deformere Ikke-giftig og ikke let at falme","twitter:image":"https:\/\/droix.eu\/wp-content\/uploads\/2024\/06\/droix-v2-light-logo.png"},"aioseo_meta_data":{"post_id":"520836","title":null,"description":null,"keywords":null,"keyphrases":{"focus":{"keyphrase":"","score":0,"analysis":{"keyphraseInTitle":{"score":0,"maxScore":9,"error":1}}},"additional":[]},"primary_term":null,"canonical_url":null,"og_title":null,"og_description":null,"og_object_type":"default","og_image_type":"default","og_image_url":null,"og_image_width":null,"og_image_height":null,"og_image_custom_url":null,"og_image_custom_fields":null,"og_video":"","og_custom_url":null,"og_article_section":null,"og_article_tags":null,"twitter_use_og":true,"twitter_card":"default","twitter_image_type":"default","twitter_image_url":null,"twitter_image_custom_url":null,"twitter_image_custom_fields":null,"twitter_title":null,"twitter_description":null,"schema":{"blockGraphs":[],"customGraphs":[],"default":{"data":{"Article":[],"Course":[],"Dataset":[],"FAQPage":[],"Movie":[],"Person":[],"Product":[],"ProductReview":[],"Car":[],"Recipe":[],"Service":[],"SoftwareApplication":[],"WebPage":[]},"graphName":"Product","isEnabled":true},"graphs":[]},"schema_type":"default","schema_type_options":null,"pillar_content":false,"robots_default":true,"robots_noindex":false,"robots_noarchive":false,"robots_nosnippet":false,"robots_nofollow":false,"robots_noimageindex":false,"robots_noodp":false,"robots_notranslate":false,"robots_max_snippet":"-1","robots_max_videopreview":"-1","robots_max_imagepreview":"large","priority":null,"frequency":"default","local_seo":null,"seo_analyzer_scan_date":null,"breadcrumb_settings":null,"limit_modified_date":false,"reviewed_by":null,"open_ai":null,"ai":{"faqs":[],"keyPoints":[],"titles":[],"descriptions":[],"socialPosts":{"email":[],"linkedin":[],"twitter":[],"facebook":[],"instagram":[]}},"created":"2025-10-09 04:01:58","updated":"2026-03-28 11:21:28"},"aioseo_breadcrumb":"<div class=\"aioseo-breadcrumbs\"><span class=\"aioseo-breadcrumb\">\n\t<a href=\"https:\/\/droix.eu\/da\/\" title=\"Home\">Home<\/a>\n<\/span><span class=\"aioseo-breadcrumb-separator\">&raquo;<\/span><span class=\"aioseo-breadcrumb\">\n\t<a href=\"https:\/\/droix.eu\/da\/product-category\/tilbehor\/\" title=\"Tilbeh\u00f8r\">Tilbeh\u00f8r<\/a>\n<\/span><span class=\"aioseo-breadcrumb-separator\">&raquo;<\/span><span class=\"aioseo-breadcrumb\">\n\t<a href=\"https:\/\/droix.eu\/da\/product-category\/tilbehor\/tilbehor-til-gaming\/\" title=\"Tilbeh\u00f8r til gaming\">Tilbeh\u00f8r til gaming<\/a>\n<\/span><span class=\"aioseo-breadcrumb-separator\">&raquo;<\/span><span class=\"aioseo-breadcrumb\">\n\tTommelfingerh\u00e6tter med dyretema\n<\/span><\/div>","aioseo_breadcrumb_json":[{"label":"Home","link":"https:\/\/droix.eu\/da\/"},{"label":"Tilbeh\u00f8r","link":"https:\/\/droix.eu\/da\/product-category\/tilbehor\/"},{"label":"Tilbeh\u00f8r til gaming","link":"https:\/\/droix.eu\/da\/product-category\/tilbehor\/tilbehor-til-gaming\/"},{"label":"Tommelfingerh\u00e6tter med dyretema","link":"https:\/\/droix.eu\/da\/product\/tommelfingerhaetter-med-dyretema\/"}],"_links":{"self":[{"href":"https:\/\/droix.eu\/da\/wp-json\/wp\/v2\/product\/520836","targetHints":{"allow":["GET"]}}],"collection":[{"href":"https:\/\/droix.eu\/da\/wp-json\/wp\/v2\/product"}],"about":[{"href":"https:\/\/droix.eu\/da\/wp-json\/wp\/v2\/types\/product"}],"version-history":[{"count":0,"href":"https:\/\/droix.eu\/da\/wp-json\/wp\/v2\/product\/520836\/revisions"}],"wp:featuredmedia":[{"embeddable":true,"href":"https:\/\/droix.eu\/da\/wp-json\/wp\/v2\/media\/702969"}],"wp:attachment":[{"href":"https:\/\/droix.eu\/da\/wp-json\/wp\/v2\/media?parent=520836"}],"wp:term":[{"taxonomy":"product_brand","embeddable":true,"href":"https:\/\/droix.eu\/da\/wp-json\/wp\/v2\/product_brand?post=520836"},{"taxonomy":"product_cat","embeddable":true,"href":"https:\/\/droix.eu\/da\/wp-json\/wp\/v2\/product_cat?post=520836"},{"taxonomy":"product_tag","embeddable":true,"href":"https:\/\/droix.eu\/da\/wp-json\/wp\/v2\/product_tag?post=520836"},{"taxonomy":"woo-feed-brand","embeddable":true,"href":"https:\/\/droix.eu\/da\/wp-json\/wp\/v2\/woo-feed-brand?post=520836"},{"taxonomy":"key-features","embeddable":true,"href":"https:\/\/droix.eu\/da\/wp-json\/wp\/v2\/key-features?post=520836"}],"curies":[{"name":"wp","href":"https:\/\/api.w.org\/{rel}","templated":true}]}}