{"id":520448,"date":"2022-11-08T16:39:00","date_gmt":"2022-11-08T16:39:00","guid":{"rendered":"https:\/\/droix.eu\/product\/gpd-win-max-2-2024-4g-lte-tilfoejelse\/"},"modified":"2025-12-15T00:03:31","modified_gmt":"2025-12-15T00:03:31","slug":"gpd-win-max-2-2024-4g-lte-tilfoejelse","status":"publish","type":"product","link":"https:\/\/droix.eu\/da\/product\/gpd-win-max-2-2024-4g-lte-tilfoejelse\/","title":{"rendered":"GPD WIN MAX 2 \/ 2024 4G LTE-tilf\u00f8jelse"},"content":{"rendered":"&#13;\n<p>Vi pr\u00e6senterer det nyeste 4G LTE-modul add-on til <a href=\"https:\/\/droix.eu\/da\/product\/gpd-win-max-2\/\">GPD WIN MAX 2<\/a> \/ <a href=\"https:\/\/droix.eu\/da\/product\/gpd-win-max-2-2024\/\">GPD WIN MAX 2 2024<\/a>. Denne revolutionerende tilf\u00f8jelse giver spilentusiaster mulighed for at nyde uafbrudte spilsessioner hvor som helst, n\u00e5r som helst, takket v\u00e6re dens problemfri 4G-forbindelse og operat\u00f8rsupport. <\/p>&#13;\n&#13;\n<p>Dette 4G LTE-modul, der er udviklet som svar p\u00e5 brugernes krav og omhyggeligt designet til at overvinde tekniske begr\u00e6nsninger, underst\u00f8tter 4G TD-LTE, FDD-LTE og 3G CDMA-netv\u00e6rk og leverer en ydelse, der kan sammenlignes med almindelige b\u00e6rbare computere. Integrationen i WIN Max 2 2024-serien \u00e5bner op for en verden af komplekse spilscenarier, der tidligere var utilg\u00e6ngelige p\u00e5 b\u00e6rbare enheder. <\/p>&#13;\n","protected":false},"excerpt":{"rendered":"<ul>\n<li><strong>Problemfri 4G-forbindelse:<\/strong> Spil hvor som helst, n\u00e5r som helst.<\/li>\n<li><strong>Avanceret netv\u00e6rksunderst\u00f8ttelse:<\/strong> 4G TD-LTE, FDD-LTE, 3G CDMA.<\/li>\n<li><strong>Officielt:<\/strong> Designet af GPD til Win Max 2 og Win Max 2 2024<\/li>\n<li><strong>Model:<\/strong> Quectel EG25-G<\/li>\n<\/ul>\n<pre>\n<b>IMPORTANT<\/b>\nINSTALATION REQUIRES OPENING DEVICE\nCOMPONENTS ARE SMALL &amp; DELICATE\nWE ARE NOT RESPONSIBLE FOR ANY CUSTOMER DAMAGE<\/pre>\n[droix_global_accordions]\n[cg_accordion title=\"Pakken indeholder\"]<\/p>\n<ul>\n<li>1x GPD WIN MAX 2 4G LTE-modul<\/li>\n<li>3x skruer<\/li>\n<li>2x antenner<\/li>\n<li>1x kabel<\/li>\n<\/ul>\n<p>[\/cg_accordion]\n","protected":false},"featured_media":439022,"template":"","meta":{"_acf_changed":false},"product_brand":[],"product_cat":[10178,10179,10402],"product_tag":[],"woo-feed-brand":[],"key-features":[],"class_list":{"0":"post-520448","1":"product","2":"type-product","3":"status-publish","4":"has-post-thumbnail","6":"product_cat-tilbehor","7":"product_cat-tilbehor-til-baerbare-computere","8":"product_cat-tilbehor-til-gaming","9":"product_shipping_class-low-end","10":"pa_accessory-type-add-ons","11":"pa_brands-gpd-da","12":"pa_compatibility-gpd-win-max-2-da","14":"first","15":"outofstock","16":"sale","17":"taxable","18":"shipping-taxable","19":"purchasable","20":"product-type-simple"},"acf":[],"aioseo_notices":[],"aioseo_head":"\n\t\t<!-- All in One SEO Pro 4.9.6.2 - aioseo.com -->\n\t<meta name=\"description\" content=\"Problemfri 4G-forbindelse: Spil hvor som helst, n\u00e5r som helst. Avanceret netv\u00e6rksunderst\u00f8ttelse: 4G TD-LTE, FDD-LTE, 3G CDMA. Officielt: Designet af GPD til Win Max 2 og Win Max 2 2024 Model: Quectel EG25-G IMPORTANT INSTALATION REQUIRES OPENING DEVICE COMPONENTS ARE SMALL &amp; DELICATE WE ARE NOT RESPONSIBLE FOR ANY CUSTOMER DAMAGE Pakken indeholder 1x GPD WIN MAX 2 4G LTE-modul 3x skruer 2x antenner 1x kabel\" \/>\n\t<meta name=\"robots\" content=\"max-image-preview:large\" \/>\n\t<link rel=\"canonical\" href=\"https:\/\/droix.eu\/da\/product\/gpd-win-max-2-2024-4g-lte-tilfoejelse\/\" \/>\n\t<meta name=\"generator\" content=\"All in One SEO Pro (AIOSEO) 4.9.6.2\" \/>\n\t\t<meta property=\"og:locale\" content=\"da_DK\" \/>\n\t\t<meta property=\"og:site_name\" content=\"DROIX EU - Get the latest Mini PCs, Ultrabook, PC Gaming Handhelds and more!\" \/>\n\t\t<meta property=\"og:type\" content=\"article\" \/>\n\t\t<meta property=\"og:title\" content=\"GPD WIN MAX 2 \/ 2024 4G LTE-tilf\u00f8jelse - DROIX EU\" \/>\n\t\t<meta property=\"og:description\" content=\"Problemfri 4G-forbindelse: Spil hvor som helst, n\u00e5r som helst. Avanceret netv\u00e6rksunderst\u00f8ttelse: 4G TD-LTE, FDD-LTE, 3G CDMA. Officielt: Designet af GPD til Win Max 2 og Win Max 2 2024 Model: Quectel EG25-G IMPORTANT INSTALATION REQUIRES OPENING DEVICE COMPONENTS ARE SMALL &amp; DELICATE WE ARE NOT RESPONSIBLE FOR ANY CUSTOMER DAMAGE Pakken indeholder 1x GPD WIN MAX 2 4G LTE-modul 3x skruer 2x antenner 1x kabel\" \/>\n\t\t<meta property=\"og:url\" content=\"https:\/\/droix.eu\/da\/product\/gpd-win-max-2-2024-4g-lte-tilfoejelse\/\" \/>\n\t\t<meta property=\"og:image\" content=\"https:\/\/droix.eu\/wp-content\/uploads\/2024\/06\/droix-v2-light-logo.png\" \/>\n\t\t<meta property=\"og:image:secure_url\" content=\"https:\/\/droix.eu\/wp-content\/uploads\/2024\/06\/droix-v2-light-logo.png\" \/>\n\t\t<meta property=\"og:image:width\" content=\"380\" \/>\n\t\t<meta property=\"og:image:height\" content=\"118\" \/>\n\t\t<meta property=\"article:published_time\" content=\"2022-11-08T16:39:00+00:00\" \/>\n\t\t<meta property=\"article:modified_time\" content=\"2025-12-15T00:03:31+00:00\" \/>\n\t\t<meta property=\"article:publisher\" content=\"https:\/\/www.facebook.com\/DroiX.Store\" \/>\n\t\t<meta name=\"twitter:card\" content=\"summary_large_image\" \/>\n\t\t<meta name=\"twitter:site\" content=\"@DroiX_Store\" \/>\n\t\t<meta name=\"twitter:title\" content=\"GPD WIN MAX 2 \/ 2024 4G LTE-tilf\u00f8jelse - DROIX EU\" \/>\n\t\t<meta name=\"twitter:description\" content=\"Problemfri 4G-forbindelse: Spil hvor som helst, n\u00e5r som helst. Avanceret netv\u00e6rksunderst\u00f8ttelse: 4G TD-LTE, FDD-LTE, 3G CDMA. Officielt: Designet af GPD til Win Max 2 og Win Max 2 2024 Model: Quectel EG25-G IMPORTANT INSTALATION REQUIRES OPENING DEVICE COMPONENTS ARE SMALL &amp; DELICATE WE ARE NOT RESPONSIBLE FOR ANY CUSTOMER DAMAGE Pakken indeholder 1x GPD WIN MAX 2 4G LTE-modul 3x skruer 2x antenner 1x kabel\" \/>\n\t\t<meta name=\"twitter:image\" content=\"https:\/\/droix.eu\/wp-content\/uploads\/2024\/06\/droix-v2-light-logo.png\" \/>\n\t\t<script type=\"application\/ld+json\" class=\"aioseo-schema\">\n\t\t\t{\"@context\":\"https:\\\/\\\/schema.org\",\"@graph\":[{\"@type\":\"BreadcrumbList\",\"@id\":\"https:\\\/\\\/droix.eu\\\/da\\\/product\\\/gpd-win-max-2-2024-4g-lte-tilfoejelse\\\/#breadcrumblist\",\"itemListElement\":[{\"@type\":\"ListItem\",\"@id\":\"https:\\\/\\\/droix.eu\\\/da\\\/#listItem\",\"position\":1,\"name\":\"Home\",\"item\":\"https:\\\/\\\/droix.eu\\\/da\\\/\",\"nextItem\":{\"@type\":\"ListItem\",\"@id\":\"https:\\\/\\\/droix.eu\\\/da\\\/product-category\\\/tilbehor\\\/#listItem\",\"name\":\"Tilbeh\\u00f8r\"}},{\"@type\":\"ListItem\",\"@id\":\"https:\\\/\\\/droix.eu\\\/da\\\/product-category\\\/tilbehor\\\/#listItem\",\"position\":2,\"name\":\"Tilbeh\\u00f8r\",\"item\":\"https:\\\/\\\/droix.eu\\\/da\\\/product-category\\\/tilbehor\\\/\",\"nextItem\":{\"@type\":\"ListItem\",\"@id\":\"https:\\\/\\\/droix.eu\\\/da\\\/product-category\\\/tilbehor\\\/tilbehor-til-baerbare-computere\\\/#listItem\",\"name\":\"Tilbeh\\u00f8r til b\\u00e6rbare computere\"},\"previousItem\":{\"@type\":\"ListItem\",\"@id\":\"https:\\\/\\\/droix.eu\\\/da\\\/#listItem\",\"name\":\"Home\"}},{\"@type\":\"ListItem\",\"@id\":\"https:\\\/\\\/droix.eu\\\/da\\\/product-category\\\/tilbehor\\\/tilbehor-til-baerbare-computere\\\/#listItem\",\"position\":3,\"name\":\"Tilbeh\\u00f8r til b\\u00e6rbare computere\",\"item\":\"https:\\\/\\\/droix.eu\\\/da\\\/product-category\\\/tilbehor\\\/tilbehor-til-baerbare-computere\\\/\",\"nextItem\":{\"@type\":\"ListItem\",\"@id\":\"https:\\\/\\\/droix.eu\\\/da\\\/product\\\/gpd-win-max-2-2024-4g-lte-tilfoejelse\\\/#listItem\",\"name\":\"GPD WIN MAX 2 \\\/ 2024 4G LTE-tilf\\u00f8jelse\"},\"previousItem\":{\"@type\":\"ListItem\",\"@id\":\"https:\\\/\\\/droix.eu\\\/da\\\/product-category\\\/tilbehor\\\/#listItem\",\"name\":\"Tilbeh\\u00f8r\"}},{\"@type\":\"ListItem\",\"@id\":\"https:\\\/\\\/droix.eu\\\/da\\\/product\\\/gpd-win-max-2-2024-4g-lte-tilfoejelse\\\/#listItem\",\"position\":4,\"name\":\"GPD WIN MAX 2 \\\/ 2024 4G LTE-tilf\\u00f8jelse\",\"previousItem\":{\"@type\":\"ListItem\",\"@id\":\"https:\\\/\\\/droix.eu\\\/da\\\/product-category\\\/tilbehor\\\/tilbehor-til-baerbare-computere\\\/#listItem\",\"name\":\"Tilbeh\\u00f8r til b\\u00e6rbare computere\"}}]},{\"@type\":\"Organization\",\"@id\":\"https:\\\/\\\/droix.eu\\\/da\\\/#organization\",\"name\":\"DroiX \\u2013 Trusted EU Tech Retailer with 12+ Years Experience\",\"description\":\"DroiX is a leading European technology retailer with over 12 years of experience, offering quality mini PCs, handheld gaming consoles, and tech accessories. We provide hassle-free EU delivery with all taxes included, ensuring a smooth and reliable shopping experience for our customers across Europe.\",\"url\":\"https:\\\/\\\/droix.eu\\\/da\\\/\",\"logo\":{\"@type\":\"ImageObject\",\"url\":\"https:\\\/\\\/droix.eu\\\/wp-content\\\/uploads\\\/2024\\\/06\\\/droix-v2-light-logo.png\",\"@id\":\"https:\\\/\\\/droix.eu\\\/da\\\/product\\\/gpd-win-max-2-2024-4g-lte-tilfoejelse\\\/#organizationLogo\",\"width\":380,\"height\":118},\"image\":{\"@id\":\"https:\\\/\\\/droix.eu\\\/da\\\/product\\\/gpd-win-max-2-2024-4g-lte-tilfoejelse\\\/#organizationLogo\"},\"sameAs\":[\"https:\\\/\\\/www.facebook.com\\\/DroiX.Store\",\"https:\\\/\\\/twitter.com\\\/DroiX_Store\",\"https:\\\/\\\/www.instagram.com\\\/droix.store\\\/\",\"https:\\\/\\\/www.tiktok.com\\\/@droix.store\",\"https:\\\/\\\/www.youtube.com\\\/c\\\/DroiX_Store\",\"https:\\\/\\\/uk.linkedin.com\\\/company\\\/droix\"]},{\"@type\":\"Product\",\"@id\":\"https:\\\/\\\/droix.eu\\\/da\\\/product\\\/gpd-win-max-2-2024-4g-lte-tilfoejelse\\\/#wooCommerceProduct\",\"name\":\"GPD WIN MAX 2 \\\/ 2024 4G LTE-tilf\\u00f8jelse\",\"description\":\"Problemfri 4G-forbindelse: Spil hvor som helst, n\\u00e5r som helst.\\n \\tAvanceret netv\\u00e6rksunderst\\u00f8ttelse: 4G TD-LTE, FDD-LTE, 3G CDMA.\\n \\tOfficielt: Designet af GPD til Win Max 2 og Win Max 2 2024\\n \\tModel: Quectel EG25-G\\n\\n\\n\\nIMPORTANT\\nINSTALATION REQUIRES OPENING DEVICE\\nCOMPONENTS ARE SMALL &amp; DELICATE\\nWE ARE NOT RESPONSIBLE FOR ANY CUSTOMER DAMAGE\",\"url\":\"https:\\\/\\\/droix.eu\\\/da\\\/product\\\/gpd-win-max-2-2024-4g-lte-tilfoejelse\\\/\",\"sku\":\"GPD-WIN_MAX_2-4G_LTE_Module\",\"gtin\":\"5060763673656\",\"image\":{\"@type\":\"ImageObject\",\"url\":\"https:\\\/\\\/droix.eu\\\/wp-content\\\/uploads\\\/2022\\\/11\\\/GPD-WIN-MAX-2-LTE-1.png\",\"@id\":\"https:\\\/\\\/droix.eu\\\/da\\\/product\\\/gpd-win-max-2-2024-4g-lte-tilfoejelse\\\/#productImage\",\"width\":622,\"height\":622,\"caption\":\"GPD WIN MAX 2 4G LTE-tilf\\u00f8jelse\"},\"offers\":{\"@type\":\"Offer\",\"url\":\"https:\\\/\\\/droix.eu\\\/da\\\/product\\\/gpd-win-max-2-2024-4g-lte-tilfoejelse\\\/#wooCommerceOffer\",\"price\":97.11,\"priceCurrency\":\"EUR\",\"category\":\"Tilbeh\\u00f8r\",\"availability\":\"https:\\\/\\\/schema.org\\\/OutOfStock\",\"priceSpecification\":{\"@type\":\"PriceSpecification\",\"price\":97.11,\"priceCurrency\":\"EUR\",\"valueAddedTaxIncluded\":\"true\"},\"seller\":{\"@type\":\"Organization\",\"@id\":\"https:\\\/\\\/droix.eu\\\/da\\\/#organization\"}}},{\"@type\":\"WebPage\",\"@id\":\"https:\\\/\\\/droix.eu\\\/da\\\/product\\\/gpd-win-max-2-2024-4g-lte-tilfoejelse\\\/#webpage\",\"url\":\"https:\\\/\\\/droix.eu\\\/da\\\/product\\\/gpd-win-max-2-2024-4g-lte-tilfoejelse\\\/\",\"name\":\"GPD WIN MAX 2 \\\/ 2024 4G LTE-tilf\\u00f8jelse - DROIX EU\",\"description\":\"Problemfri 4G-forbindelse: Spil hvor som helst, n\\u00e5r som helst. Avanceret netv\\u00e6rksunderst\\u00f8ttelse: 4G TD-LTE, FDD-LTE, 3G CDMA. Officielt: Designet af GPD til Win Max 2 og Win Max 2 2024 Model: Quectel EG25-G IMPORTANT INSTALATION REQUIRES OPENING DEVICE COMPONENTS ARE SMALL & DELICATE WE ARE NOT RESPONSIBLE FOR ANY CUSTOMER DAMAGE Pakken indeholder 1x GPD WIN MAX 2 4G LTE-modul 3x skruer 2x antenner 1x kabel\",\"inLanguage\":\"da-DK\",\"isPartOf\":{\"@id\":\"https:\\\/\\\/droix.eu\\\/da\\\/#website\"},\"breadcrumb\":{\"@id\":\"https:\\\/\\\/droix.eu\\\/da\\\/product\\\/gpd-win-max-2-2024-4g-lte-tilfoejelse\\\/#breadcrumblist\"},\"image\":{\"@type\":\"ImageObject\",\"url\":\"https:\\\/\\\/droix.eu\\\/wp-content\\\/uploads\\\/2022\\\/11\\\/GPD-WIN-MAX-2-LTE-1.png\",\"@id\":\"https:\\\/\\\/droix.eu\\\/da\\\/product\\\/gpd-win-max-2-2024-4g-lte-tilfoejelse\\\/#mainImage\",\"width\":622,\"height\":622,\"caption\":\"GPD WIN MAX 2 4G LTE-tilf\\u00f8jelse\"},\"primaryImageOfPage\":{\"@id\":\"https:\\\/\\\/droix.eu\\\/da\\\/product\\\/gpd-win-max-2-2024-4g-lte-tilfoejelse\\\/#mainImage\"},\"datePublished\":\"2022-11-08T16:39:00+00:00\",\"dateModified\":\"2025-12-15T00:03:31+00:00\"},{\"@type\":\"WebSite\",\"@id\":\"https:\\\/\\\/droix.eu\\\/da\\\/#website\",\"url\":\"https:\\\/\\\/droix.eu\\\/da\\\/\",\"name\":\"DROIX EU\",\"description\":\"Get the latest Mini PCs, Ultrabook, PC Gaming Handhelds and more!\",\"inLanguage\":\"da-DK\",\"publisher\":{\"@id\":\"https:\\\/\\\/droix.eu\\\/da\\\/#organization\"}}]}\n\t\t<\/script>\n\t\t<!-- All in One SEO Pro -->\r\n\t\t<title>GPD WIN MAX 2 \/ 2024 4G LTE-tilf\u00f8jelse - DROIX EU<\/title>\n\n","aioseo_head_json":{"title":"GPD WIN MAX 2 \/ 2024 4G LTE-tilf\u00f8jelse - DROIX EU","description":"Problemfri 4G-forbindelse: Spil hvor som helst, n\u00e5r som helst. Avanceret netv\u00e6rksunderst\u00f8ttelse: 4G TD-LTE, FDD-LTE, 3G CDMA. Officielt: Designet af GPD til Win Max 2 og Win Max 2 2024 Model: Quectel EG25-G IMPORTANT INSTALATION REQUIRES OPENING DEVICE COMPONENTS ARE SMALL & DELICATE WE ARE NOT RESPONSIBLE FOR ANY CUSTOMER DAMAGE Pakken indeholder 1x GPD WIN MAX 2 4G LTE-modul 3x skruer 2x antenner 1x kabel","canonical_url":"https:\/\/droix.eu\/da\/product\/gpd-win-max-2-2024-4g-lte-tilfoejelse\/","robots":"max-image-preview:large","keywords":"","webmasterTools":{"miscellaneous":""},"schema":{"@context":"https:\/\/schema.org","@graph":[{"@type":"BreadcrumbList","@id":"https:\/\/droix.eu\/da\/product\/gpd-win-max-2-2024-4g-lte-tilfoejelse\/#breadcrumblist","itemListElement":[{"@type":"ListItem","@id":"https:\/\/droix.eu\/da\/#listItem","position":1,"name":"Home","item":"https:\/\/droix.eu\/da\/","nextItem":{"@type":"ListItem","@id":"https:\/\/droix.eu\/da\/product-category\/tilbehor\/#listItem","name":"Tilbeh\u00f8r"}},{"@type":"ListItem","@id":"https:\/\/droix.eu\/da\/product-category\/tilbehor\/#listItem","position":2,"name":"Tilbeh\u00f8r","item":"https:\/\/droix.eu\/da\/product-category\/tilbehor\/","nextItem":{"@type":"ListItem","@id":"https:\/\/droix.eu\/da\/product-category\/tilbehor\/tilbehor-til-baerbare-computere\/#listItem","name":"Tilbeh\u00f8r til b\u00e6rbare computere"},"previousItem":{"@type":"ListItem","@id":"https:\/\/droix.eu\/da\/#listItem","name":"Home"}},{"@type":"ListItem","@id":"https:\/\/droix.eu\/da\/product-category\/tilbehor\/tilbehor-til-baerbare-computere\/#listItem","position":3,"name":"Tilbeh\u00f8r til b\u00e6rbare computere","item":"https:\/\/droix.eu\/da\/product-category\/tilbehor\/tilbehor-til-baerbare-computere\/","nextItem":{"@type":"ListItem","@id":"https:\/\/droix.eu\/da\/product\/gpd-win-max-2-2024-4g-lte-tilfoejelse\/#listItem","name":"GPD WIN MAX 2 \/ 2024 4G LTE-tilf\u00f8jelse"},"previousItem":{"@type":"ListItem","@id":"https:\/\/droix.eu\/da\/product-category\/tilbehor\/#listItem","name":"Tilbeh\u00f8r"}},{"@type":"ListItem","@id":"https:\/\/droix.eu\/da\/product\/gpd-win-max-2-2024-4g-lte-tilfoejelse\/#listItem","position":4,"name":"GPD WIN MAX 2 \/ 2024 4G LTE-tilf\u00f8jelse","previousItem":{"@type":"ListItem","@id":"https:\/\/droix.eu\/da\/product-category\/tilbehor\/tilbehor-til-baerbare-computere\/#listItem","name":"Tilbeh\u00f8r til b\u00e6rbare computere"}}]},{"@type":"Organization","@id":"https:\/\/droix.eu\/da\/#organization","name":"DroiX \u2013 Trusted EU Tech Retailer with 12+ Years Experience","description":"DroiX is a leading European technology retailer with over 12 years of experience, offering quality mini PCs, handheld gaming consoles, and tech accessories. We provide hassle-free EU delivery with all taxes included, ensuring a smooth and reliable shopping experience for our customers across Europe.","url":"https:\/\/droix.eu\/da\/","logo":{"@type":"ImageObject","url":"https:\/\/droix.eu\/wp-content\/uploads\/2024\/06\/droix-v2-light-logo.png","@id":"https:\/\/droix.eu\/da\/product\/gpd-win-max-2-2024-4g-lte-tilfoejelse\/#organizationLogo","width":380,"height":118},"image":{"@id":"https:\/\/droix.eu\/da\/product\/gpd-win-max-2-2024-4g-lte-tilfoejelse\/#organizationLogo"},"sameAs":["https:\/\/www.facebook.com\/DroiX.Store","https:\/\/twitter.com\/DroiX_Store","https:\/\/www.instagram.com\/droix.store\/","https:\/\/www.tiktok.com\/@droix.store","https:\/\/www.youtube.com\/c\/DroiX_Store","https:\/\/uk.linkedin.com\/company\/droix"]},{"@type":"Product","@id":"https:\/\/droix.eu\/da\/product\/gpd-win-max-2-2024-4g-lte-tilfoejelse\/#wooCommerceProduct","name":"GPD WIN MAX 2 \/ 2024 4G LTE-tilf\u00f8jelse","description":"Problemfri 4G-forbindelse: Spil hvor som helst, n\u00e5r som helst.\n \tAvanceret netv\u00e6rksunderst\u00f8ttelse: 4G TD-LTE, FDD-LTE, 3G CDMA.\n \tOfficielt: Designet af GPD til Win Max 2 og Win Max 2 2024\n \tModel: Quectel EG25-G\n\n\n\nIMPORTANT\nINSTALATION REQUIRES OPENING DEVICE\nCOMPONENTS ARE SMALL &amp; DELICATE\nWE ARE NOT RESPONSIBLE FOR ANY CUSTOMER DAMAGE","url":"https:\/\/droix.eu\/da\/product\/gpd-win-max-2-2024-4g-lte-tilfoejelse\/","sku":"GPD-WIN_MAX_2-4G_LTE_Module","gtin":"5060763673656","image":{"@type":"ImageObject","url":"https:\/\/droix.eu\/wp-content\/uploads\/2022\/11\/GPD-WIN-MAX-2-LTE-1.png","@id":"https:\/\/droix.eu\/da\/product\/gpd-win-max-2-2024-4g-lte-tilfoejelse\/#productImage","width":622,"height":622,"caption":"GPD WIN MAX 2 4G LTE-tilf\u00f8jelse"},"offers":{"@type":"Offer","url":"https:\/\/droix.eu\/da\/product\/gpd-win-max-2-2024-4g-lte-tilfoejelse\/#wooCommerceOffer","price":97.11,"priceCurrency":"EUR","category":"Tilbeh\u00f8r","availability":"https:\/\/schema.org\/OutOfStock","priceSpecification":{"@type":"PriceSpecification","price":97.11,"priceCurrency":"EUR","valueAddedTaxIncluded":"true"},"seller":{"@type":"Organization","@id":"https:\/\/droix.eu\/da\/#organization"}}},{"@type":"WebPage","@id":"https:\/\/droix.eu\/da\/product\/gpd-win-max-2-2024-4g-lte-tilfoejelse\/#webpage","url":"https:\/\/droix.eu\/da\/product\/gpd-win-max-2-2024-4g-lte-tilfoejelse\/","name":"GPD WIN MAX 2 \/ 2024 4G LTE-tilf\u00f8jelse - DROIX EU","description":"Problemfri 4G-forbindelse: Spil hvor som helst, n\u00e5r som helst. Avanceret netv\u00e6rksunderst\u00f8ttelse: 4G TD-LTE, FDD-LTE, 3G CDMA. Officielt: Designet af GPD til Win Max 2 og Win Max 2 2024 Model: Quectel EG25-G IMPORTANT INSTALATION REQUIRES OPENING DEVICE COMPONENTS ARE SMALL & DELICATE WE ARE NOT RESPONSIBLE FOR ANY CUSTOMER DAMAGE Pakken indeholder 1x GPD WIN MAX 2 4G LTE-modul 3x skruer 2x antenner 1x kabel","inLanguage":"da-DK","isPartOf":{"@id":"https:\/\/droix.eu\/da\/#website"},"breadcrumb":{"@id":"https:\/\/droix.eu\/da\/product\/gpd-win-max-2-2024-4g-lte-tilfoejelse\/#breadcrumblist"},"image":{"@type":"ImageObject","url":"https:\/\/droix.eu\/wp-content\/uploads\/2022\/11\/GPD-WIN-MAX-2-LTE-1.png","@id":"https:\/\/droix.eu\/da\/product\/gpd-win-max-2-2024-4g-lte-tilfoejelse\/#mainImage","width":622,"height":622,"caption":"GPD WIN MAX 2 4G LTE-tilf\u00f8jelse"},"primaryImageOfPage":{"@id":"https:\/\/droix.eu\/da\/product\/gpd-win-max-2-2024-4g-lte-tilfoejelse\/#mainImage"},"datePublished":"2022-11-08T16:39:00+00:00","dateModified":"2025-12-15T00:03:31+00:00"},{"@type":"WebSite","@id":"https:\/\/droix.eu\/da\/#website","url":"https:\/\/droix.eu\/da\/","name":"DROIX EU","description":"Get the latest Mini PCs, Ultrabook, PC Gaming Handhelds and more!","inLanguage":"da-DK","publisher":{"@id":"https:\/\/droix.eu\/da\/#organization"}}]},"og:locale":"da_DK","og:site_name":"DROIX EU - Get the latest Mini PCs, Ultrabook, PC Gaming Handhelds and more!","og:type":"article","og:title":"GPD WIN MAX 2 \/ 2024 4G LTE-tilf\u00f8jelse - DROIX EU","og:description":"Problemfri 4G-forbindelse: Spil hvor som helst, n\u00e5r som helst. Avanceret netv\u00e6rksunderst\u00f8ttelse: 4G TD-LTE, FDD-LTE, 3G CDMA. Officielt: Designet af GPD til Win Max 2 og Win Max 2 2024 Model: Quectel EG25-G IMPORTANT INSTALATION REQUIRES OPENING DEVICE COMPONENTS ARE SMALL &amp; DELICATE WE ARE NOT RESPONSIBLE FOR ANY CUSTOMER DAMAGE Pakken indeholder 1x GPD WIN MAX 2 4G LTE-modul 3x skruer 2x antenner 1x kabel","og:url":"https:\/\/droix.eu\/da\/product\/gpd-win-max-2-2024-4g-lte-tilfoejelse\/","og:image":"https:\/\/droix.eu\/wp-content\/uploads\/2024\/06\/droix-v2-light-logo.png","og:image:secure_url":"https:\/\/droix.eu\/wp-content\/uploads\/2024\/06\/droix-v2-light-logo.png","og:image:width":380,"og:image:height":118,"article:published_time":"2022-11-08T16:39:00+00:00","article:modified_time":"2025-12-15T00:03:31+00:00","article:publisher":"https:\/\/www.facebook.com\/DroiX.Store","twitter:card":"summary_large_image","twitter:site":"@DroiX_Store","twitter:title":"GPD WIN MAX 2 \/ 2024 4G LTE-tilf\u00f8jelse - DROIX EU","twitter:description":"Problemfri 4G-forbindelse: Spil hvor som helst, n\u00e5r som helst. Avanceret netv\u00e6rksunderst\u00f8ttelse: 4G TD-LTE, FDD-LTE, 3G CDMA. Officielt: Designet af GPD til Win Max 2 og Win Max 2 2024 Model: Quectel EG25-G IMPORTANT INSTALATION REQUIRES OPENING DEVICE COMPONENTS ARE SMALL &amp; DELICATE WE ARE NOT RESPONSIBLE FOR ANY CUSTOMER DAMAGE Pakken indeholder 1x GPD WIN MAX 2 4G LTE-modul 3x skruer 2x antenner 1x kabel","twitter:image":"https:\/\/droix.eu\/wp-content\/uploads\/2024\/06\/droix-v2-light-logo.png"},"aioseo_meta_data":{"post_id":"520448","title":null,"description":null,"keywords":null,"keyphrases":null,"primary_term":null,"canonical_url":null,"og_title":null,"og_description":null,"og_object_type":"default","og_image_type":"default","og_image_url":null,"og_image_width":null,"og_image_height":null,"og_image_custom_url":null,"og_image_custom_fields":null,"og_video":null,"og_custom_url":null,"og_article_section":null,"og_article_tags":null,"twitter_use_og":true,"twitter_card":"default","twitter_image_type":"default","twitter_image_url":null,"twitter_image_custom_url":null,"twitter_image_custom_fields":null,"twitter_title":null,"twitter_description":null,"schema":{"blockGraphs":[],"customGraphs":[],"default":{"data":{"Article":[],"Course":[],"Dataset":[],"FAQPage":[],"Movie":[],"Person":[],"Product":[],"ProductReview":[],"Car":[],"Recipe":[],"Service":[],"SoftwareApplication":[],"WebPage":[]},"graphName":"","isEnabled":true},"graphs":[]},"schema_type":"default","schema_type_options":null,"pillar_content":false,"robots_default":true,"robots_noindex":false,"robots_noarchive":false,"robots_nosnippet":false,"robots_nofollow":false,"robots_noimageindex":false,"robots_noodp":false,"robots_notranslate":false,"robots_max_snippet":null,"robots_max_videopreview":null,"robots_max_imagepreview":"large","priority":null,"frequency":null,"local_seo":null,"seo_analyzer_scan_date":"2025-10-24 11:39:59","breadcrumb_settings":null,"limit_modified_date":false,"reviewed_by":null,"open_ai":null,"ai":null,"created":"2025-10-09 03:59:47","updated":"2026-01-24 09:02:30"},"aioseo_breadcrumb":"<div class=\"aioseo-breadcrumbs\"><span class=\"aioseo-breadcrumb\">\n\t<a href=\"https:\/\/droix.eu\/da\/\" title=\"Home\">Home<\/a>\n<\/span><span class=\"aioseo-breadcrumb-separator\">&raquo;<\/span><span class=\"aioseo-breadcrumb\">\n\t<a href=\"https:\/\/droix.eu\/da\/product-category\/tilbehor\/\" title=\"Tilbeh\u00f8r\">Tilbeh\u00f8r<\/a>\n<\/span><span class=\"aioseo-breadcrumb-separator\">&raquo;<\/span><span class=\"aioseo-breadcrumb\">\n\t<a href=\"https:\/\/droix.eu\/da\/product-category\/tilbehor\/tilbehor-til-baerbare-computere\/\" title=\"Tilbeh\u00f8r til b\u00e6rbare computere\">Tilbeh\u00f8r til b\u00e6rbare computere<\/a>\n<\/span><span class=\"aioseo-breadcrumb-separator\">&raquo;<\/span><span class=\"aioseo-breadcrumb\">\n\tGPD WIN MAX 2 \/ 2024 4G LTE-tilf\u00f8jelse\n<\/span><\/div>","aioseo_breadcrumb_json":[{"label":"Home","link":"https:\/\/droix.eu\/da\/"},{"label":"Tilbeh\u00f8r","link":"https:\/\/droix.eu\/da\/product-category\/tilbehor\/"},{"label":"Tilbeh\u00f8r til b\u00e6rbare computere","link":"https:\/\/droix.eu\/da\/product-category\/tilbehor\/tilbehor-til-baerbare-computere\/"},{"label":"GPD WIN MAX 2 \/ 2024 4G LTE-tilf\u00f8jelse","link":"https:\/\/droix.eu\/da\/product\/gpd-win-max-2-2024-4g-lte-tilfoejelse\/"}],"_links":{"self":[{"href":"https:\/\/droix.eu\/da\/wp-json\/wp\/v2\/product\/520448","targetHints":{"allow":["GET"]}}],"collection":[{"href":"https:\/\/droix.eu\/da\/wp-json\/wp\/v2\/product"}],"about":[{"href":"https:\/\/droix.eu\/da\/wp-json\/wp\/v2\/types\/product"}],"version-history":[{"count":0,"href":"https:\/\/droix.eu\/da\/wp-json\/wp\/v2\/product\/520448\/revisions"}],"wp:featuredmedia":[{"embeddable":true,"href":"https:\/\/droix.eu\/da\/wp-json\/wp\/v2\/media\/439022"}],"wp:attachment":[{"href":"https:\/\/droix.eu\/da\/wp-json\/wp\/v2\/media?parent=520448"}],"wp:term":[{"taxonomy":"product_brand","embeddable":true,"href":"https:\/\/droix.eu\/da\/wp-json\/wp\/v2\/product_brand?post=520448"},{"taxonomy":"product_cat","embeddable":true,"href":"https:\/\/droix.eu\/da\/wp-json\/wp\/v2\/product_cat?post=520448"},{"taxonomy":"product_tag","embeddable":true,"href":"https:\/\/droix.eu\/da\/wp-json\/wp\/v2\/product_tag?post=520448"},{"taxonomy":"woo-feed-brand","embeddable":true,"href":"https:\/\/droix.eu\/da\/wp-json\/wp\/v2\/woo-feed-brand?post=520448"},{"taxonomy":"key-features","embeddable":true,"href":"https:\/\/droix.eu\/da\/wp-json\/wp\/v2\/key-features?post=520448"}],"curies":[{"name":"wp","href":"https:\/\/api.w.org\/{rel}","templated":true}]}}