{"id":513981,"date":"2023-03-15T09:42:16","date_gmt":"2023-03-15T09:42:16","guid":{"rendered":"https:\/\/droix.eu\/product\/gpd-win-4-skaermbeskytter\/"},"modified":"2026-04-29T10:21:12","modified_gmt":"2026-04-29T09:21:12","slug":"gpd-win-4-skaermbeskytter","status":"publish","type":"product","link":"https:\/\/droix.eu\/da\/product\/gpd-win-4-skaermbeskytter\/","title":{"rendered":"GPD Win 4 sk\u00e6rmbeskytter"},"content":{"rendered":"&#13;\n<p>Vi pr\u00e6senterer <strong>GPD WIN 4-sk\u00e6rmbeskytteren<\/strong>, den perfekte tilf\u00f8jelse til din h\u00e5ndholdte spilenhed. Denne sk\u00e6rmbeskytter er fremstillet af materialer af h\u00f8j kvalitet og giver overlegen beskyttelse mod ridser, st\u00f8v og andre almindelige farer, der kan beskadige din enhed. Denne sk\u00e6rmbeskytter er <strong>designet specielt til GPD WIN 4<\/strong> og har pr\u00e6cise udsk\u00e6ringer og en perfekt pasform, der ikke forstyrrer enhedens ber\u00f8ringsf\u00f8lsomhed eller klarhed. Det ultratynde design p\u00e5virker ikke din enheds oprindelige udseende og fornemmelse. Denne sk\u00e6rmbeskytter er nem at installere og fjerne uden at efterlade rester eller m\u00e6rker, hvilket sikrer, at din GPD WIN 4 forbliver i uber\u00f8rt stand.<\/p>&#13;\n","protected":false},"excerpt":{"rendered":"<ul>\n<li>Designet af <strong>GPD<\/strong><\/li>\n<li><strong>Kompatibel<\/strong> med <strong>GPD WIN 4<\/strong><\/li>\n<li>Beskytter mod ridser og st\u00f8v<\/li>\n<li>Let at installere og fjerne<\/li>\n<li>Materiale af <strong>h\u00f8j kvalitet<\/strong> <\/li>\n<\/ul>\n[cg_accordion title=\"2 \u00e5rs garanti p\u00e5 alle GPD-produkter\"]<\/p>\n<p>Alle GPD-produkter leveres med 2 \u00e5rs garanti og underst\u00f8ttes af over 13 \u00e5rs p\u00e5lidelig service. Bliv en del af vores f\u00e6llesskab med over 500.000 glade kunder, og f\u00f8l dig sikker p\u00e5 dit k\u00f8b. [\/cg_accordion]\n[cg_accordion title=\"Fleksible og sikre betalingsmuligheder\"]<\/p>\n<p>F\u00e5 ro i sindet med vores sikre betalingssystem. Vi underst\u00f8tter alle st\u00f8rre betalingsmetoder, herunder betalingskort, PayPal, Apple Pay, Google Pay, Klarna, Afterpay og Affirm &#8211; hvilket giver dig frihed til at betale p\u00e5 din m\u00e5de, uanset om det er p\u00e5 forh\u00e5nd eller i nemme rater. [\/cg_accordion]\n[cg_accordion title=\"Skatter og afgifter\"]<\/p>\n<p>Priserne er inklusive g\u00e6ldende moms, som kan v\u00e6re op til 25 % afh\u00e6ngigt af dit land. Det n\u00f8jagtige bel\u00f8b vises i kassen for at sikre fuld gennemsigtighed. [\/cg_accordion]\n[cg_accordion title=\"Forsendelse og returnering\"]<\/p>\n<p>Vi samarbejder med over 10 p\u00e5lidelige fragtpartnere for at sikre, at din ordre kommer hurtigt, sikkert og p\u00e5lideligt frem.<\/p>\n<p>Vi bruger ekspres DDP-forsendelse (Delivered Duty Paid). Dette betyder: <\/p>\n<li>Alle toldafgifter og skatter er allerede inkluderet i den viste produktpris.<\/li>\n<li>Du f\u00e5r ikke nogen overraskelsesgebyrer ved levering.<\/li>\n<li>I det sj\u00e6ldne tilf\u00e6lde, at der opst\u00e5r forsinkelser i toldbehandlingen, vil vores team h\u00e5ndtere klareringsprocessen for dig for at sikre en problemfri levering.<\/li>\n<p>Vigtig information om returnering:<\/p>\n<li>Hvis du returnerer din ordre eller anmoder om refusion, skal du v\u00e6re opm\u00e6rksom p\u00e5, at eventuelle skatter og afgifter, der er betalt p\u00e5 dine vegne i henhold til DDP-vilk\u00e5r, ikke refunderes.<\/li>\n<p>Se vores <a href=\"https:\/\/droix.eu\/da\/vilkaar-og-betingelser\/\" target=\"_blank\" rel=\"nofollow noopener\">vilk\u00e5r og betingelser<\/a> for detaljerede oplysninger.\n<\/ul>\n<p>[\/cg_accordion]\n[cg_accordion title=\"Kundesupport\"]<\/p>\n<p>Har du et sp\u00f8rgsm\u00e5l? Vi er kun en kort sms v\u00e6k fra at have l\u00f8st dit problem! [\/cg_accordion]\n[cg_accordion title=\"Pakken indeholder\"]<\/p>\n<ul>\n<li>1x sk\u00e6rmbeskytter<\/li>\n<\/ul>\n<p>[\/cg_accordion]\n","protected":false},"featured_media":352552,"template":"","meta":{"_acf_changed":false},"product_brand":[],"product_cat":[10178,10402],"product_tag":[],"woo-feed-brand":[2198],"key-features":[],"class_list":{"0":"post-513981","1":"product","2":"type-product","3":"status-publish","4":"has-post-thumbnail","6":"product_cat-tilbehor","7":"product_cat-tilbehor-til-gaming","8":"product_shipping_class-low-end","9":"pa_accessory-type-screen-protector","10":"pa_brands-gpd-da","11":"pa_compatibility-gpd-win-4-da","12":"woo-feed-brand-gpd","14":"first","15":"outofstock","16":"taxable","17":"shipping-taxable","18":"purchasable","19":"product-type-simple"},"acf":[],"aioseo_notices":[],"aioseo_head":"\n\t\t<!-- All in One SEO Pro 4.9.6.2 - aioseo.com -->\n\t<meta name=\"description\" content=\"Designet af GPD Kompatibel med GPD WIN 4 Beskytter mod ridser og st\u00f8v Let at installere og fjerne Materiale af h\u00f8j kvalitet\" \/>\n\t<meta name=\"robots\" content=\"max-image-preview:large\" \/>\n\t<link rel=\"canonical\" href=\"https:\/\/droix.eu\/da\/product\/gpd-win-4-skaermbeskytter\/\" \/>\n\t<meta name=\"generator\" content=\"All in One SEO Pro (AIOSEO) 4.9.6.2\" \/>\n\t\t<meta property=\"og:locale\" content=\"da_DK\" \/>\n\t\t<meta property=\"og:site_name\" content=\"DROIX EU - Get the latest Mini PCs, Ultrabook, PC Gaming Handhelds and more!\" \/>\n\t\t<meta property=\"og:type\" content=\"article\" \/>\n\t\t<meta property=\"og:title\" content=\"GPD Win 4 sk\u00e6rmbeskytter - DROIX EU\" \/>\n\t\t<meta property=\"og:description\" content=\"Designet af GPD Kompatibel med GPD WIN 4 Beskytter mod ridser og st\u00f8v Let at installere og fjerne Materiale af h\u00f8j kvalitet\" \/>\n\t\t<meta property=\"og:url\" content=\"https:\/\/droix.eu\/da\/product\/gpd-win-4-skaermbeskytter\/\" \/>\n\t\t<meta property=\"og:image\" content=\"https:\/\/droix.eu\/wp-content\/uploads\/2024\/06\/droix-v2-light-logo.png\" \/>\n\t\t<meta property=\"og:image:secure_url\" content=\"https:\/\/droix.eu\/wp-content\/uploads\/2024\/06\/droix-v2-light-logo.png\" \/>\n\t\t<meta property=\"og:image:width\" content=\"380\" \/>\n\t\t<meta property=\"og:image:height\" content=\"118\" \/>\n\t\t<meta property=\"article:published_time\" content=\"2023-03-15T09:42:16+00:00\" \/>\n\t\t<meta property=\"article:modified_time\" content=\"2026-04-29T09:21:12+00:00\" \/>\n\t\t<meta property=\"article:publisher\" content=\"https:\/\/www.facebook.com\/DroiX.Store\" \/>\n\t\t<meta name=\"twitter:card\" content=\"summary_large_image\" \/>\n\t\t<meta name=\"twitter:site\" content=\"@DroiX_Store\" \/>\n\t\t<meta name=\"twitter:title\" content=\"GPD Win 4 sk\u00e6rmbeskytter - DROIX EU\" \/>\n\t\t<meta name=\"twitter:description\" content=\"Designet af GPD Kompatibel med GPD WIN 4 Beskytter mod ridser og st\u00f8v Let at installere og fjerne Materiale af h\u00f8j kvalitet\" \/>\n\t\t<meta name=\"twitter:image\" content=\"https:\/\/droix.eu\/wp-content\/uploads\/2024\/06\/droix-v2-light-logo.png\" \/>\n\t\t<script type=\"application\/ld+json\" class=\"aioseo-schema\">\n\t\t\t{\"@context\":\"https:\\\/\\\/schema.org\",\"@graph\":[{\"@type\":\"BreadcrumbList\",\"@id\":\"https:\\\/\\\/droix.eu\\\/da\\\/product\\\/gpd-win-4-skaermbeskytter\\\/#breadcrumblist\",\"itemListElement\":[{\"@type\":\"ListItem\",\"@id\":\"https:\\\/\\\/droix.eu\\\/da\\\/#listItem\",\"position\":1,\"name\":\"Home\",\"item\":\"https:\\\/\\\/droix.eu\\\/da\\\/\",\"nextItem\":{\"@type\":\"ListItem\",\"@id\":\"https:\\\/\\\/droix.eu\\\/da\\\/product-category\\\/tilbehor\\\/#listItem\",\"name\":\"Tilbeh\\u00f8r\"}},{\"@type\":\"ListItem\",\"@id\":\"https:\\\/\\\/droix.eu\\\/da\\\/product-category\\\/tilbehor\\\/#listItem\",\"position\":2,\"name\":\"Tilbeh\\u00f8r\",\"item\":\"https:\\\/\\\/droix.eu\\\/da\\\/product-category\\\/tilbehor\\\/\",\"nextItem\":{\"@type\":\"ListItem\",\"@id\":\"https:\\\/\\\/droix.eu\\\/da\\\/product-category\\\/tilbehor\\\/tilbehor-til-gaming\\\/#listItem\",\"name\":\"Tilbeh\\u00f8r til gaming\"},\"previousItem\":{\"@type\":\"ListItem\",\"@id\":\"https:\\\/\\\/droix.eu\\\/da\\\/#listItem\",\"name\":\"Home\"}},{\"@type\":\"ListItem\",\"@id\":\"https:\\\/\\\/droix.eu\\\/da\\\/product-category\\\/tilbehor\\\/tilbehor-til-gaming\\\/#listItem\",\"position\":3,\"name\":\"Tilbeh\\u00f8r til gaming\",\"item\":\"https:\\\/\\\/droix.eu\\\/da\\\/product-category\\\/tilbehor\\\/tilbehor-til-gaming\\\/\",\"nextItem\":{\"@type\":\"ListItem\",\"@id\":\"https:\\\/\\\/droix.eu\\\/da\\\/product\\\/gpd-win-4-skaermbeskytter\\\/#listItem\",\"name\":\"GPD Win 4 sk\\u00e6rmbeskytter\"},\"previousItem\":{\"@type\":\"ListItem\",\"@id\":\"https:\\\/\\\/droix.eu\\\/da\\\/product-category\\\/tilbehor\\\/#listItem\",\"name\":\"Tilbeh\\u00f8r\"}},{\"@type\":\"ListItem\",\"@id\":\"https:\\\/\\\/droix.eu\\\/da\\\/product\\\/gpd-win-4-skaermbeskytter\\\/#listItem\",\"position\":4,\"name\":\"GPD Win 4 sk\\u00e6rmbeskytter\",\"previousItem\":{\"@type\":\"ListItem\",\"@id\":\"https:\\\/\\\/droix.eu\\\/da\\\/product-category\\\/tilbehor\\\/tilbehor-til-gaming\\\/#listItem\",\"name\":\"Tilbeh\\u00f8r til gaming\"}}]},{\"@type\":\"Organization\",\"@id\":\"https:\\\/\\\/droix.eu\\\/da\\\/#organization\",\"name\":\"DroiX \\u2013 Trusted EU Tech Retailer with 12+ Years Experience\",\"description\":\"DroiX is a leading European technology retailer with over 12 years of experience, offering quality mini PCs, handheld gaming consoles, and tech accessories. We provide hassle-free EU delivery with all taxes included, ensuring a smooth and reliable shopping experience for our customers across Europe.\",\"url\":\"https:\\\/\\\/droix.eu\\\/da\\\/\",\"logo\":{\"@type\":\"ImageObject\",\"url\":\"https:\\\/\\\/droix.eu\\\/wp-content\\\/uploads\\\/2024\\\/06\\\/droix-v2-light-logo.png\",\"@id\":\"https:\\\/\\\/droix.eu\\\/da\\\/product\\\/gpd-win-4-skaermbeskytter\\\/#organizationLogo\",\"width\":380,\"height\":118},\"image\":{\"@id\":\"https:\\\/\\\/droix.eu\\\/da\\\/product\\\/gpd-win-4-skaermbeskytter\\\/#organizationLogo\"},\"sameAs\":[\"https:\\\/\\\/www.facebook.com\\\/DroiX.Store\",\"https:\\\/\\\/twitter.com\\\/DroiX_Store\",\"https:\\\/\\\/www.instagram.com\\\/droix.store\\\/\",\"https:\\\/\\\/www.tiktok.com\\\/@droix.store\",\"https:\\\/\\\/www.youtube.com\\\/c\\\/DroiX_Store\",\"https:\\\/\\\/uk.linkedin.com\\\/company\\\/droix\"]},{\"@type\":\"Product\",\"@id\":\"https:\\\/\\\/droix.eu\\\/da\\\/product\\\/gpd-win-4-skaermbeskytter\\\/#wooCommerceProduct\",\"name\":\"GPD Win 4 sk\\u00e6rmbeskytter\",\"description\":\"Designet af GPD\\nKompatibel med GPD WIN 4\\nBeskytter mod ridser og st\\u00f8v\\nLet at installere og fjerne\\nMateriale af h\\u00f8j kvalitet\",\"url\":\"https:\\\/\\\/droix.eu\\\/da\\\/product\\\/gpd-win-4-skaermbeskytter\\\/\",\"sku\":\"GPD-WIN-4-SCREEN-PROTECTOR\",\"gtin\":\"5060763672529\",\"image\":{\"@type\":\"ImageObject\",\"url\":\"https:\\\/\\\/droix.eu\\\/wp-content\\\/uploads\\\/2023\\\/03\\\/GPD-WIN-4_SCREEN_PROTECTOR-DONE-WEBSITE-LISTING-IMAGE-1.png\",\"@id\":\"https:\\\/\\\/droix.eu\\\/da\\\/product\\\/gpd-win-4-skaermbeskytter\\\/#productImage\",\"width\":1000,\"height\":1000},\"offers\":{\"@type\":\"Offer\",\"url\":\"https:\\\/\\\/droix.eu\\\/da\\\/product\\\/gpd-win-4-skaermbeskytter\\\/#wooCommerceOffer\",\"price\":2.4,\"priceCurrency\":\"EUR\",\"category\":\"Tilbeh\\u00f8r\",\"availability\":\"https:\\\/\\\/schema.org\\\/OutOfStock\",\"priceSpecification\":{\"@type\":\"PriceSpecification\",\"price\":2.4,\"priceCurrency\":\"EUR\",\"valueAddedTaxIncluded\":\"true\"},\"seller\":{\"@type\":\"Organization\",\"@id\":\"https:\\\/\\\/droix.eu\\\/da\\\/#organization\"}}},{\"@type\":\"WebPage\",\"@id\":\"https:\\\/\\\/droix.eu\\\/da\\\/product\\\/gpd-win-4-skaermbeskytter\\\/#webpage\",\"url\":\"https:\\\/\\\/droix.eu\\\/da\\\/product\\\/gpd-win-4-skaermbeskytter\\\/\",\"name\":\"GPD Win 4 sk\\u00e6rmbeskytter - DROIX EU\",\"description\":\"Designet af GPD Kompatibel med GPD WIN 4 Beskytter mod ridser og st\\u00f8v Let at installere og fjerne Materiale af h\\u00f8j kvalitet\",\"inLanguage\":\"da-DK\",\"isPartOf\":{\"@id\":\"https:\\\/\\\/droix.eu\\\/da\\\/#website\"},\"breadcrumb\":{\"@id\":\"https:\\\/\\\/droix.eu\\\/da\\\/product\\\/gpd-win-4-skaermbeskytter\\\/#breadcrumblist\"},\"image\":{\"@type\":\"ImageObject\",\"url\":\"https:\\\/\\\/droix.eu\\\/wp-content\\\/uploads\\\/2023\\\/03\\\/GPD-WIN-4_SCREEN_PROTECTOR-DONE-WEBSITE-LISTING-IMAGE-1.png\",\"@id\":\"https:\\\/\\\/droix.eu\\\/da\\\/product\\\/gpd-win-4-skaermbeskytter\\\/#mainImage\",\"width\":1000,\"height\":1000},\"primaryImageOfPage\":{\"@id\":\"https:\\\/\\\/droix.eu\\\/da\\\/product\\\/gpd-win-4-skaermbeskytter\\\/#mainImage\"},\"datePublished\":\"2023-03-15T09:42:16+00:00\",\"dateModified\":\"2026-04-29T10:21:12+01:00\"},{\"@type\":\"WebSite\",\"@id\":\"https:\\\/\\\/droix.eu\\\/da\\\/#website\",\"url\":\"https:\\\/\\\/droix.eu\\\/da\\\/\",\"name\":\"DROIX EU\",\"description\":\"Get the latest Mini PCs, Ultrabook, PC Gaming Handhelds and more!\",\"inLanguage\":\"da-DK\",\"publisher\":{\"@id\":\"https:\\\/\\\/droix.eu\\\/da\\\/#organization\"}}]}\n\t\t<\/script>\n\t\t<!-- All in One SEO Pro -->\r\n\t\t<title>GPD Win 4 sk\u00e6rmbeskytter - DROIX EU<\/title>\n\n","aioseo_head_json":{"title":"GPD Win 4 sk\u00e6rmbeskytter - DROIX EU","description":"Designet af GPD Kompatibel med GPD WIN 4 Beskytter mod ridser og st\u00f8v Let at installere og fjerne Materiale af h\u00f8j kvalitet","canonical_url":"https:\/\/droix.eu\/da\/product\/gpd-win-4-skaermbeskytter\/","robots":"max-image-preview:large","keywords":"","webmasterTools":{"miscellaneous":""},"schema":{"@context":"https:\/\/schema.org","@graph":[{"@type":"BreadcrumbList","@id":"https:\/\/droix.eu\/da\/product\/gpd-win-4-skaermbeskytter\/#breadcrumblist","itemListElement":[{"@type":"ListItem","@id":"https:\/\/droix.eu\/da\/#listItem","position":1,"name":"Home","item":"https:\/\/droix.eu\/da\/","nextItem":{"@type":"ListItem","@id":"https:\/\/droix.eu\/da\/product-category\/tilbehor\/#listItem","name":"Tilbeh\u00f8r"}},{"@type":"ListItem","@id":"https:\/\/droix.eu\/da\/product-category\/tilbehor\/#listItem","position":2,"name":"Tilbeh\u00f8r","item":"https:\/\/droix.eu\/da\/product-category\/tilbehor\/","nextItem":{"@type":"ListItem","@id":"https:\/\/droix.eu\/da\/product-category\/tilbehor\/tilbehor-til-gaming\/#listItem","name":"Tilbeh\u00f8r til gaming"},"previousItem":{"@type":"ListItem","@id":"https:\/\/droix.eu\/da\/#listItem","name":"Home"}},{"@type":"ListItem","@id":"https:\/\/droix.eu\/da\/product-category\/tilbehor\/tilbehor-til-gaming\/#listItem","position":3,"name":"Tilbeh\u00f8r til gaming","item":"https:\/\/droix.eu\/da\/product-category\/tilbehor\/tilbehor-til-gaming\/","nextItem":{"@type":"ListItem","@id":"https:\/\/droix.eu\/da\/product\/gpd-win-4-skaermbeskytter\/#listItem","name":"GPD Win 4 sk\u00e6rmbeskytter"},"previousItem":{"@type":"ListItem","@id":"https:\/\/droix.eu\/da\/product-category\/tilbehor\/#listItem","name":"Tilbeh\u00f8r"}},{"@type":"ListItem","@id":"https:\/\/droix.eu\/da\/product\/gpd-win-4-skaermbeskytter\/#listItem","position":4,"name":"GPD Win 4 sk\u00e6rmbeskytter","previousItem":{"@type":"ListItem","@id":"https:\/\/droix.eu\/da\/product-category\/tilbehor\/tilbehor-til-gaming\/#listItem","name":"Tilbeh\u00f8r til gaming"}}]},{"@type":"Organization","@id":"https:\/\/droix.eu\/da\/#organization","name":"DroiX \u2013 Trusted EU Tech Retailer with 12+ Years Experience","description":"DroiX is a leading European technology retailer with over 12 years of experience, offering quality mini PCs, handheld gaming consoles, and tech accessories. We provide hassle-free EU delivery with all taxes included, ensuring a smooth and reliable shopping experience for our customers across Europe.","url":"https:\/\/droix.eu\/da\/","logo":{"@type":"ImageObject","url":"https:\/\/droix.eu\/wp-content\/uploads\/2024\/06\/droix-v2-light-logo.png","@id":"https:\/\/droix.eu\/da\/product\/gpd-win-4-skaermbeskytter\/#organizationLogo","width":380,"height":118},"image":{"@id":"https:\/\/droix.eu\/da\/product\/gpd-win-4-skaermbeskytter\/#organizationLogo"},"sameAs":["https:\/\/www.facebook.com\/DroiX.Store","https:\/\/twitter.com\/DroiX_Store","https:\/\/www.instagram.com\/droix.store\/","https:\/\/www.tiktok.com\/@droix.store","https:\/\/www.youtube.com\/c\/DroiX_Store","https:\/\/uk.linkedin.com\/company\/droix"]},{"@type":"Product","@id":"https:\/\/droix.eu\/da\/product\/gpd-win-4-skaermbeskytter\/#wooCommerceProduct","name":"GPD Win 4 sk\u00e6rmbeskytter","description":"Designet af GPD\nKompatibel med GPD WIN 4\nBeskytter mod ridser og st\u00f8v\nLet at installere og fjerne\nMateriale af h\u00f8j kvalitet","url":"https:\/\/droix.eu\/da\/product\/gpd-win-4-skaermbeskytter\/","sku":"GPD-WIN-4-SCREEN-PROTECTOR","gtin":"5060763672529","image":{"@type":"ImageObject","url":"https:\/\/droix.eu\/wp-content\/uploads\/2023\/03\/GPD-WIN-4_SCREEN_PROTECTOR-DONE-WEBSITE-LISTING-IMAGE-1.png","@id":"https:\/\/droix.eu\/da\/product\/gpd-win-4-skaermbeskytter\/#productImage","width":1000,"height":1000},"offers":{"@type":"Offer","url":"https:\/\/droix.eu\/da\/product\/gpd-win-4-skaermbeskytter\/#wooCommerceOffer","price":2.4,"priceCurrency":"EUR","category":"Tilbeh\u00f8r","availability":"https:\/\/schema.org\/OutOfStock","priceSpecification":{"@type":"PriceSpecification","price":2.4,"priceCurrency":"EUR","valueAddedTaxIncluded":"true"},"seller":{"@type":"Organization","@id":"https:\/\/droix.eu\/da\/#organization"}}},{"@type":"WebPage","@id":"https:\/\/droix.eu\/da\/product\/gpd-win-4-skaermbeskytter\/#webpage","url":"https:\/\/droix.eu\/da\/product\/gpd-win-4-skaermbeskytter\/","name":"GPD Win 4 sk\u00e6rmbeskytter - DROIX EU","description":"Designet af GPD Kompatibel med GPD WIN 4 Beskytter mod ridser og st\u00f8v Let at installere og fjerne Materiale af h\u00f8j kvalitet","inLanguage":"da-DK","isPartOf":{"@id":"https:\/\/droix.eu\/da\/#website"},"breadcrumb":{"@id":"https:\/\/droix.eu\/da\/product\/gpd-win-4-skaermbeskytter\/#breadcrumblist"},"image":{"@type":"ImageObject","url":"https:\/\/droix.eu\/wp-content\/uploads\/2023\/03\/GPD-WIN-4_SCREEN_PROTECTOR-DONE-WEBSITE-LISTING-IMAGE-1.png","@id":"https:\/\/droix.eu\/da\/product\/gpd-win-4-skaermbeskytter\/#mainImage","width":1000,"height":1000},"primaryImageOfPage":{"@id":"https:\/\/droix.eu\/da\/product\/gpd-win-4-skaermbeskytter\/#mainImage"},"datePublished":"2023-03-15T09:42:16+00:00","dateModified":"2026-04-29T10:21:12+01:00"},{"@type":"WebSite","@id":"https:\/\/droix.eu\/da\/#website","url":"https:\/\/droix.eu\/da\/","name":"DROIX EU","description":"Get the latest Mini PCs, Ultrabook, PC Gaming Handhelds and more!","inLanguage":"da-DK","publisher":{"@id":"https:\/\/droix.eu\/da\/#organization"}}]},"og:locale":"da_DK","og:site_name":"DROIX EU - Get the latest Mini PCs, Ultrabook, PC Gaming Handhelds and more!","og:type":"article","og:title":"GPD Win 4 sk\u00e6rmbeskytter - DROIX EU","og:description":"Designet af GPD Kompatibel med GPD WIN 4 Beskytter mod ridser og st\u00f8v Let at installere og fjerne Materiale af h\u00f8j kvalitet","og:url":"https:\/\/droix.eu\/da\/product\/gpd-win-4-skaermbeskytter\/","og:image":"https:\/\/droix.eu\/wp-content\/uploads\/2024\/06\/droix-v2-light-logo.png","og:image:secure_url":"https:\/\/droix.eu\/wp-content\/uploads\/2024\/06\/droix-v2-light-logo.png","og:image:width":380,"og:image:height":118,"article:published_time":"2023-03-15T09:42:16+00:00","article:modified_time":"2026-04-29T09:21:12+00:00","article:publisher":"https:\/\/www.facebook.com\/DroiX.Store","twitter:card":"summary_large_image","twitter:site":"@DroiX_Store","twitter:title":"GPD Win 4 sk\u00e6rmbeskytter - DROIX EU","twitter:description":"Designet af GPD Kompatibel med GPD WIN 4 Beskytter mod ridser og st\u00f8v Let at installere og fjerne Materiale af h\u00f8j kvalitet","twitter:image":"https:\/\/droix.eu\/wp-content\/uploads\/2024\/06\/droix-v2-light-logo.png"},"aioseo_meta_data":{"post_id":"513981","title":null,"description":null,"keywords":null,"keyphrases":null,"primary_term":null,"canonical_url":null,"og_title":null,"og_description":null,"og_object_type":"default","og_image_type":"default","og_image_url":null,"og_image_width":null,"og_image_height":null,"og_image_custom_url":null,"og_image_custom_fields":null,"og_video":null,"og_custom_url":null,"og_article_section":null,"og_article_tags":null,"twitter_use_og":true,"twitter_card":"default","twitter_image_type":"default","twitter_image_url":null,"twitter_image_custom_url":null,"twitter_image_custom_fields":null,"twitter_title":null,"twitter_description":null,"schema":{"blockGraphs":[],"customGraphs":[],"default":{"data":{"Article":[],"Course":[],"Dataset":[],"FAQPage":[],"Movie":[],"Person":[],"Product":[],"ProductReview":[],"Car":[],"Recipe":[],"Service":[],"SoftwareApplication":[],"WebPage":[]},"graphName":"Product","isEnabled":true},"graphs":[]},"schema_type":"default","schema_type_options":null,"pillar_content":false,"robots_default":true,"robots_noindex":false,"robots_noarchive":false,"robots_nosnippet":false,"robots_nofollow":false,"robots_noimageindex":false,"robots_noodp":false,"robots_notranslate":false,"robots_max_snippet":null,"robots_max_videopreview":null,"robots_max_imagepreview":"large","priority":null,"frequency":null,"local_seo":null,"seo_analyzer_scan_date":null,"breadcrumb_settings":null,"limit_modified_date":false,"reviewed_by":null,"open_ai":null,"ai":null,"created":"2025-10-09 04:07:38","updated":"2026-04-29 09:32:31"},"aioseo_breadcrumb":"<div class=\"aioseo-breadcrumbs\"><span class=\"aioseo-breadcrumb\">\n\t<a href=\"https:\/\/droix.eu\/da\/\" title=\"Home\">Home<\/a>\n<\/span><span class=\"aioseo-breadcrumb-separator\">&raquo;<\/span><span class=\"aioseo-breadcrumb\">\n\t<a href=\"https:\/\/droix.eu\/da\/product-category\/tilbehor\/\" title=\"Tilbeh\u00f8r\">Tilbeh\u00f8r<\/a>\n<\/span><span class=\"aioseo-breadcrumb-separator\">&raquo;<\/span><span class=\"aioseo-breadcrumb\">\n\t<a href=\"https:\/\/droix.eu\/da\/product-category\/tilbehor\/tilbehor-til-gaming\/\" title=\"Tilbeh\u00f8r til gaming\">Tilbeh\u00f8r til gaming<\/a>\n<\/span><span class=\"aioseo-breadcrumb-separator\">&raquo;<\/span><span class=\"aioseo-breadcrumb\">\n\tGPD Win 4 sk\u00e6rmbeskytter\n<\/span><\/div>","aioseo_breadcrumb_json":[{"label":"Home","link":"https:\/\/droix.eu\/da\/"},{"label":"Tilbeh\u00f8r","link":"https:\/\/droix.eu\/da\/product-category\/tilbehor\/"},{"label":"Tilbeh\u00f8r til gaming","link":"https:\/\/droix.eu\/da\/product-category\/tilbehor\/tilbehor-til-gaming\/"},{"label":"GPD Win 4 sk\u00e6rmbeskytter","link":"https:\/\/droix.eu\/da\/product\/gpd-win-4-skaermbeskytter\/"}],"_links":{"self":[{"href":"https:\/\/droix.eu\/da\/wp-json\/wp\/v2\/product\/513981","targetHints":{"allow":["GET"]}}],"collection":[{"href":"https:\/\/droix.eu\/da\/wp-json\/wp\/v2\/product"}],"about":[{"href":"https:\/\/droix.eu\/da\/wp-json\/wp\/v2\/types\/product"}],"version-history":[{"count":0,"href":"https:\/\/droix.eu\/da\/wp-json\/wp\/v2\/product\/513981\/revisions"}],"wp:featuredmedia":[{"embeddable":true,"href":"https:\/\/droix.eu\/da\/wp-json\/wp\/v2\/media\/352552"}],"wp:attachment":[{"href":"https:\/\/droix.eu\/da\/wp-json\/wp\/v2\/media?parent=513981"}],"wp:term":[{"taxonomy":"product_brand","embeddable":true,"href":"https:\/\/droix.eu\/da\/wp-json\/wp\/v2\/product_brand?post=513981"},{"taxonomy":"product_cat","embeddable":true,"href":"https:\/\/droix.eu\/da\/wp-json\/wp\/v2\/product_cat?post=513981"},{"taxonomy":"product_tag","embeddable":true,"href":"https:\/\/droix.eu\/da\/wp-json\/wp\/v2\/product_tag?post=513981"},{"taxonomy":"woo-feed-brand","embeddable":true,"href":"https:\/\/droix.eu\/da\/wp-json\/wp\/v2\/woo-feed-brand?post=513981"},{"taxonomy":"key-features","embeddable":true,"href":"https:\/\/droix.eu\/da\/wp-json\/wp\/v2\/key-features?post=513981"}],"curies":[{"name":"wp","href":"https:\/\/api.w.org\/{rel}","templated":true}]}}