{"id":513548,"date":"2022-12-20T15:00:27","date_gmt":"2022-12-20T15:00:27","guid":{"rendered":"https:\/\/droix.eu\/product\/kingspec-2230-steam-deck-nvme-lager\/"},"modified":"2025-08-01T14:53:44","modified_gmt":"2025-08-01T13:53:44","slug":"kingspec-2230-steam-deck-nvme-lager","status":"publish","type":"product","link":"https:\/\/droix.eu\/da\/product\/kingspec-2230-steam-deck-nvme-lager\/","title":{"rendered":"KingSpec 2230 Steam Deck NVMe Storage"},"content":{"rendered":"&#13;\n<p><strong>KingSpec NVMe 22*30 Solid<\/strong>State Drive er i stand til at opn\u00e5 l\u00e6sehastigheder p\u00e5 op til 3621,35 MB\/s og skrivehastigheder p\u00e5 op til 2314,32 MB\/s. Disse hastigheder er betydeligt hurtigere end en traditionel harddisk, som typisk kan n\u00e5 hastigheder p\u00e5 omkring 100 MB\/s. Det betyder, at KingSpec NVMe-drevet er i stand til at f\u00e5 adgang til og overf\u00f8re data meget hurtigere, hvilket resulterer i hurtigere opstartstider og hurtigere lancering af software.  <\/p>&#13;\n&#13;\n<p>Lad os for eksempel sige, at du har et stort softwareprogram, som du skal installere. Med en traditionel harddisk kan det tage flere minutter at gennemf\u00f8re installationsprocessen. Men med KingSpec NVMe-drevet vil installationsprocessen g\u00e5 meget hurtigere, fordi drevet kan f\u00e5 adgang til og overf\u00f8re de n\u00f8dvendige data ved meget h\u00f8jere hastigheder.  <\/p>&#13;\n&#13;\n<p>Generelt g\u00f8r de hurtigere l\u00e6se- og skrivehastigheder p\u00e5 <strong>KingSpec NVMe-drevet<\/strong> det til et fremragende valg for dem, der \u00f8nsker at forbedre deres computers samlede ydeevne. Uanset om du er en gamer, der \u00f8nsker at indl\u00e6se niveauer hurtigere, en kreativ professionel, der arbejder med store filer, eller bare en person, der \u00f8nsker en j\u00e6vnere, mere responsiv computeroplevelse, vil dette drev helt sikkert levere varen. <\/p>&#13;\n&#13;\n<p>Tjek nedenst\u00e5ende resultater for <strong>Steam Deck<\/strong> brug af <strong>KingSpec 2230 NVMe 1TB<\/strong> Storage :<\/p>&#13;\n&#13;\n<p>L\u00e6sehastighed: <strong>3621,35 MB\/s<\/strong><br\/>Skrivehastighed:<strong> 2314,32 MB\/s<\/strong><\/p>&#13;\n&#13;\n<p><strong>CrystalDiskMark-benchmark-softwaren<\/strong> k\u00f8rer en r\u00e6kke tests p\u00e5 lageret for at se dets ydeevne p\u00e5 tv\u00e6rs af forskellige l\u00e6se-\/skrivem\u00f8nstre. Resultaterne viser de optimale maksimale l\u00e6se- og skrivehastigheder i f\u00f8rste r\u00e6kke. <\/p>&#13;\n&#13;\n<figure class=\"wp-block-image aligncenter\"><img fetchpriority=\"high\" decoding=\"async\" width=\"601\" height=\"438\" src=\"https:\/\/droix.eu\/wp-content\/uploads\/2022\/12\/r-w-speed-kigspec2230-steam-deck.png\" alt=\"SD KingSpec 2230 l&#xE6;se- og skrivehastighed\" class=\"wp-image-94989\" srcset=\"https:\/\/droix.eu\/wp-content\/uploads\/2022\/12\/r-w-speed-kigspec2230-steam-deck.png 601w, https:\/\/droix.eu\/wp-content\/uploads\/2022\/12\/r-w-speed-kigspec2230-steam-deck-300x219.png 300w, https:\/\/droix.eu\/wp-content\/uploads\/2022\/12\/r-w-speed-kigspec2230-steam-deck-441x321.png 441w\" sizes=\"(max-width: 601px) 100vw, 601px\" \/><\/figure>&#13;\n&#13;\n<figure class=\"wp-block-image aligncenter\"><img decoding=\"async\" width=\"1500\" height=\"1500\" src=\"https:\/\/droix.eu\/wp-content\/uploads\/2022\/12\/SSD-EXPLINATION.png\" alt=\"ssd-forklaringsv&#xE6;rkt&#xF8;j\" class=\"wp-image-105048\" srcset=\"https:\/\/droix.eu\/wp-content\/uploads\/2022\/12\/SSD-EXPLINATION.png 1500w, https:\/\/droix.eu\/wp-content\/uploads\/2022\/12\/SSD-EXPLINATION-300x300.png 300w, https:\/\/droix.eu\/wp-content\/uploads\/2022\/12\/SSD-EXPLINATION-100x100.png 100w, https:\/\/droix.eu\/wp-content\/uploads\/2022\/12\/SSD-EXPLINATION-1000x1000.png 1000w, https:\/\/droix.eu\/wp-content\/uploads\/2022\/12\/SSD-EXPLINATION-1024x1024.png 1024w, https:\/\/droix.eu\/wp-content\/uploads\/2022\/12\/SSD-EXPLINATION-768x768.png 768w, https:\/\/droix.eu\/wp-content\/uploads\/2022\/12\/SSD-EXPLINATION-990x990.png 990w, https:\/\/droix.eu\/wp-content\/uploads\/2022\/12\/SSD-EXPLINATION-441x441.png 441w\" sizes=\"(max-width: 1500px) 100vw, 1500px\" \/><\/figure>&#13;\n","protected":false},"excerpt":{"rendered":"<ul>\n<li>Hurtige NVMe-hastigheder<\/li>\n<li>Kompatibel med SteamDeck og GPD WIN Max 2  <\/li>\n<li>3 \u00e5rs garanti<\/li>\n<\/ul>\n[droix_global_accordions]\n[cg_accordion title=\"Pakken indeholder\"]<\/p>\n<ul>\n<li>1x 22*30 NVMe SSD<\/li>\n<\/ul>\n<p>[\/cg_accordion]\n","protected":false},"featured_media":342435,"template":"","meta":{"_acf_changed":false},"product_brand":[],"product_cat":[22460,22462,22461],"product_tag":[],"woo-feed-brand":[],"key-features":[],"class_list":{"0":"post-513548","1":"product","2":"type-product","3":"status-publish","4":"has-post-thumbnail","6":"product_cat-computer-hardware-da","7":"product_cat-hardware-da","8":"product_cat-hardware-til-baerbare-computere","9":"product_shipping_class-low-end","10":"pa_brands-kingspec-da","12":"first","13":"instock","14":"taxable","15":"shipping-taxable","16":"purchasable","17":"product-type-variable","18":"has-default-attributes"},"acf":[],"aioseo_notices":[],"aioseo_head":"\n\t\t<!-- All in One SEO Pro 4.9.6.2 - aioseo.com -->\n\t<meta name=\"description\" content=\"Hurtige NVMe-hastigheder Kompatibel med SteamDeck og GPD WIN Max 2 3 \u00e5rs garanti Pakken indeholder 1x 22*30 NVMe SSD\" \/>\n\t<meta name=\"robots\" content=\"max-image-preview:large\" \/>\n\t<link rel=\"canonical\" href=\"https:\/\/droix.eu\/da\/product\/kingspec-2230-steam-deck-nvme-lager\/\" \/>\n\t<meta name=\"generator\" content=\"All in One SEO Pro (AIOSEO) 4.9.6.2\" \/>\n\t\t<meta property=\"og:locale\" content=\"da_DK\" \/>\n\t\t<meta property=\"og:site_name\" content=\"DROIX EU - Get the latest Mini PCs, Ultrabook, PC Gaming Handhelds and more!\" \/>\n\t\t<meta property=\"og:type\" content=\"article\" \/>\n\t\t<meta property=\"og:title\" content=\"KingSpec 2230 Steam Deck NVMe Storage - DROIX EU\" \/>\n\t\t<meta property=\"og:description\" content=\"Hurtige NVMe-hastigheder Kompatibel med SteamDeck og GPD WIN Max 2 3 \u00e5rs garanti Pakken indeholder 1x 22*30 NVMe SSD\" \/>\n\t\t<meta property=\"og:url\" content=\"https:\/\/droix.eu\/da\/product\/kingspec-2230-steam-deck-nvme-lager\/\" \/>\n\t\t<meta property=\"og:image\" content=\"https:\/\/droix.eu\/wp-content\/uploads\/2024\/06\/droix-v2-light-logo.png\" \/>\n\t\t<meta property=\"og:image:secure_url\" content=\"https:\/\/droix.eu\/wp-content\/uploads\/2024\/06\/droix-v2-light-logo.png\" \/>\n\t\t<meta property=\"og:image:width\" content=\"380\" \/>\n\t\t<meta property=\"og:image:height\" content=\"118\" \/>\n\t\t<meta property=\"article:published_time\" content=\"2022-12-20T15:00:27+00:00\" \/>\n\t\t<meta property=\"article:modified_time\" content=\"2025-08-01T13:53:44+00:00\" \/>\n\t\t<meta property=\"article:publisher\" content=\"https:\/\/www.facebook.com\/DroiX.Store\" \/>\n\t\t<meta name=\"twitter:card\" content=\"summary_large_image\" \/>\n\t\t<meta name=\"twitter:site\" content=\"@DroiX_Store\" \/>\n\t\t<meta name=\"twitter:title\" content=\"KingSpec 2230 Steam Deck NVMe Storage - DROIX EU\" \/>\n\t\t<meta name=\"twitter:description\" content=\"Hurtige NVMe-hastigheder Kompatibel med SteamDeck og GPD WIN Max 2 3 \u00e5rs garanti Pakken indeholder 1x 22*30 NVMe SSD\" \/>\n\t\t<meta name=\"twitter:image\" content=\"https:\/\/droix.eu\/wp-content\/uploads\/2024\/06\/droix-v2-light-logo.png\" \/>\n\t\t<script type=\"application\/ld+json\" class=\"aioseo-schema\">\n\t\t\t{\"@context\":\"https:\\\/\\\/schema.org\",\"@graph\":[{\"@type\":\"BreadcrumbList\",\"@id\":\"https:\\\/\\\/droix.eu\\\/da\\\/product\\\/kingspec-2230-steam-deck-nvme-lager\\\/#breadcrumblist\",\"itemListElement\":[{\"@type\":\"ListItem\",\"@id\":\"https:\\\/\\\/droix.eu\\\/da\\\/#listItem\",\"position\":1,\"name\":\"Home\",\"item\":\"https:\\\/\\\/droix.eu\\\/da\\\/\",\"nextItem\":{\"@type\":\"ListItem\",\"@id\":\"https:\\\/\\\/droix.eu\\\/da\\\/product-category\\\/hardware-da\\\/#listItem\",\"name\":\"Hardware\"}},{\"@type\":\"ListItem\",\"@id\":\"https:\\\/\\\/droix.eu\\\/da\\\/product-category\\\/hardware-da\\\/#listItem\",\"position\":2,\"name\":\"Hardware\",\"item\":\"https:\\\/\\\/droix.eu\\\/da\\\/product-category\\\/hardware-da\\\/\",\"nextItem\":{\"@type\":\"ListItem\",\"@id\":\"https:\\\/\\\/droix.eu\\\/da\\\/product-category\\\/hardware-da\\\/computer-hardware-da\\\/#listItem\",\"name\":\"Computer hardware\"},\"previousItem\":{\"@type\":\"ListItem\",\"@id\":\"https:\\\/\\\/droix.eu\\\/da\\\/#listItem\",\"name\":\"Home\"}},{\"@type\":\"ListItem\",\"@id\":\"https:\\\/\\\/droix.eu\\\/da\\\/product-category\\\/hardware-da\\\/computer-hardware-da\\\/#listItem\",\"position\":3,\"name\":\"Computer hardware\",\"item\":\"https:\\\/\\\/droix.eu\\\/da\\\/product-category\\\/hardware-da\\\/computer-hardware-da\\\/\",\"nextItem\":{\"@type\":\"ListItem\",\"@id\":\"https:\\\/\\\/droix.eu\\\/da\\\/product\\\/kingspec-2230-steam-deck-nvme-lager\\\/#listItem\",\"name\":\"KingSpec 2230 Steam Deck NVMe Storage\"},\"previousItem\":{\"@type\":\"ListItem\",\"@id\":\"https:\\\/\\\/droix.eu\\\/da\\\/product-category\\\/hardware-da\\\/#listItem\",\"name\":\"Hardware\"}},{\"@type\":\"ListItem\",\"@id\":\"https:\\\/\\\/droix.eu\\\/da\\\/product\\\/kingspec-2230-steam-deck-nvme-lager\\\/#listItem\",\"position\":4,\"name\":\"KingSpec 2230 Steam Deck NVMe Storage\",\"previousItem\":{\"@type\":\"ListItem\",\"@id\":\"https:\\\/\\\/droix.eu\\\/da\\\/product-category\\\/hardware-da\\\/computer-hardware-da\\\/#listItem\",\"name\":\"Computer hardware\"}}]},{\"@type\":\"Organization\",\"@id\":\"https:\\\/\\\/droix.eu\\\/da\\\/#organization\",\"name\":\"DroiX \\u2013 Trusted EU Tech Retailer with 12+ Years Experience\",\"description\":\"DroiX is a leading European technology retailer with over 12 years of experience, offering quality mini PCs, handheld gaming consoles, and tech accessories. We provide hassle-free EU delivery with all taxes included, ensuring a smooth and reliable shopping experience for our customers across Europe.\",\"url\":\"https:\\\/\\\/droix.eu\\\/da\\\/\",\"logo\":{\"@type\":\"ImageObject\",\"url\":\"https:\\\/\\\/droix.eu\\\/wp-content\\\/uploads\\\/2024\\\/06\\\/droix-v2-light-logo.png\",\"@id\":\"https:\\\/\\\/droix.eu\\\/da\\\/product\\\/kingspec-2230-steam-deck-nvme-lager\\\/#organizationLogo\",\"width\":380,\"height\":118},\"image\":{\"@id\":\"https:\\\/\\\/droix.eu\\\/da\\\/product\\\/kingspec-2230-steam-deck-nvme-lager\\\/#organizationLogo\"},\"sameAs\":[\"https:\\\/\\\/www.facebook.com\\\/DroiX.Store\",\"https:\\\/\\\/twitter.com\\\/DroiX_Store\",\"https:\\\/\\\/www.instagram.com\\\/droix.store\\\/\",\"https:\\\/\\\/www.tiktok.com\\\/@droix.store\",\"https:\\\/\\\/www.youtube.com\\\/c\\\/DroiX_Store\",\"https:\\\/\\\/uk.linkedin.com\\\/company\\\/droix\"]},{\"@type\":\"ProductGroup\",\"@id\":\"https:\\\/\\\/droix.eu\\\/da\\\/product\\\/kingspec-2230-steam-deck-nvme-lager\\\/#wooCommerceProduct\",\"name\":\"KingSpec 2230 Steam Deck NVMe Storage\",\"description\":\"Hurtige NVMe-hastigheder\\n \\tKompatibel med SteamDeck og GPD WIN Max 2  \\n \\t3 \\u00e5rs garanti\",\"url\":\"https:\\\/\\\/droix.eu\\\/da\\\/product\\\/kingspec-2230-steam-deck-nvme-lager\\\/\",\"image\":{\"@type\":\"ImageObject\",\"url\":\"https:\\\/\\\/droix.eu\\\/wp-content\\\/uploads\\\/2022\\\/12\\\/22_30NVME-LISTING-PICTURE-1TB-1.png\",\"@id\":\"https:\\\/\\\/droix.eu\\\/da\\\/product\\\/kingspec-2230-steam-deck-nvme-lager\\\/#productImage\",\"width\":1500,\"height\":1500,\"caption\":\"KingSpec 1TB NVME 2230 lagerplads\"},\"productGroupID\":513548,\"hasVariant\":[{\"@type\":\"Product\",\"@id\":\"https:\\\/\\\/droix.eu\\\/da\\\/product\\\/kingspec-2230-steam-deck-nvme-lager\\\/#wooCommerceProduct\",\"name\":\"KingSpec 2230 Steam Deck NVMe Storage - 512gb\",\"description\":\"Hurtige NVMe-hastigheder\\n \\tKompatibel med SteamDeck og GPD WIN Max 2  \\n \\t3 \\u00e5rs garanti\",\"url\":\"https:\\\/\\\/droix.eu\\\/da\\\/product\\\/kingspec-2230-steam-deck-nvme-lager\\\/\",\"sku\":\"KINGSPEC-NVME-2230-512GB\",\"image\":{\"@type\":\"ImageObject\",\"url\":\"https:\\\/\\\/droix.eu\\\/wp-content\\\/uploads\\\/2022\\\/12\\\/22_30NVME-LISTING-PICTURE-512GB-1.png\",\"@id\":\"https:\\\/\\\/droix.eu\\\/da\\\/product\\\/kingspec-2230-steam-deck-nvme-lager\\\/#productImage\",\"width\":1500,\"height\":1500,\"caption\":\"KingSpec 512 GB NVME 2230 lagerplads\"},\"offers\":{\"@type\":\"Offer\",\"url\":\"https:\\\/\\\/droix.eu\\\/da\\\/product\\\/kingspec-2230-steam-deck-nvme-lager\\\/#wooCommerceOffer\",\"price\":\"59.95\",\"priceCurrency\":\"EUR\",\"category\":\"Computer hardware\",\"availability\":\"https:\\\/\\\/schema.org\\\/OutOfStock\",\"priceSpecification\":{\"@type\":\"PriceSpecification\",\"price\":59.95,\"priceCurrency\":\"EUR\",\"valueAddedTaxIncluded\":\"true\"}}}]},{\"@type\":\"WebPage\",\"@id\":\"https:\\\/\\\/droix.eu\\\/da\\\/product\\\/kingspec-2230-steam-deck-nvme-lager\\\/#webpage\",\"url\":\"https:\\\/\\\/droix.eu\\\/da\\\/product\\\/kingspec-2230-steam-deck-nvme-lager\\\/\",\"name\":\"KingSpec 2230 Steam Deck NVMe Storage - DROIX EU\",\"description\":\"Hurtige NVMe-hastigheder Kompatibel med SteamDeck og GPD WIN Max 2 3 \\u00e5rs garanti Pakken indeholder 1x 22*30 NVMe SSD\",\"inLanguage\":\"da-DK\",\"isPartOf\":{\"@id\":\"https:\\\/\\\/droix.eu\\\/da\\\/#website\"},\"breadcrumb\":{\"@id\":\"https:\\\/\\\/droix.eu\\\/da\\\/product\\\/kingspec-2230-steam-deck-nvme-lager\\\/#breadcrumblist\"},\"image\":{\"@type\":\"ImageObject\",\"url\":\"https:\\\/\\\/droix.eu\\\/wp-content\\\/uploads\\\/2022\\\/12\\\/22_30NVME-LISTING-PICTURE-1TB-1.png\",\"@id\":\"https:\\\/\\\/droix.eu\\\/da\\\/product\\\/kingspec-2230-steam-deck-nvme-lager\\\/#mainImage\",\"width\":1500,\"height\":1500,\"caption\":\"KingSpec 1TB NVME 2230 lagerplads\"},\"primaryImageOfPage\":{\"@id\":\"https:\\\/\\\/droix.eu\\\/da\\\/product\\\/kingspec-2230-steam-deck-nvme-lager\\\/#mainImage\"},\"datePublished\":\"2022-12-20T15:00:27+00:00\",\"dateModified\":\"2025-08-01T14:53:44+01:00\"},{\"@type\":\"WebSite\",\"@id\":\"https:\\\/\\\/droix.eu\\\/da\\\/#website\",\"url\":\"https:\\\/\\\/droix.eu\\\/da\\\/\",\"name\":\"DROIX EU\",\"description\":\"Get the latest Mini PCs, Ultrabook, PC Gaming Handhelds and more!\",\"inLanguage\":\"da-DK\",\"publisher\":{\"@id\":\"https:\\\/\\\/droix.eu\\\/da\\\/#organization\"}}]}\n\t\t<\/script>\n\t\t<!-- All in One SEO Pro -->\r\n\t\t<title>KingSpec 2230 Steam Deck NVMe Storage - DROIX EU<\/title>\n\n","aioseo_head_json":{"title":"KingSpec 2230 Steam Deck NVMe Storage - DROIX EU","description":"Hurtige NVMe-hastigheder Kompatibel med SteamDeck og GPD WIN Max 2 3 \u00e5rs garanti Pakken indeholder 1x 22*30 NVMe SSD","canonical_url":"https:\/\/droix.eu\/da\/product\/kingspec-2230-steam-deck-nvme-lager\/","robots":"max-image-preview:large","keywords":"","webmasterTools":{"miscellaneous":""},"schema":{"@context":"https:\/\/schema.org","@graph":[{"@type":"BreadcrumbList","@id":"https:\/\/droix.eu\/da\/product\/kingspec-2230-steam-deck-nvme-lager\/#breadcrumblist","itemListElement":[{"@type":"ListItem","@id":"https:\/\/droix.eu\/da\/#listItem","position":1,"name":"Home","item":"https:\/\/droix.eu\/da\/","nextItem":{"@type":"ListItem","@id":"https:\/\/droix.eu\/da\/product-category\/hardware-da\/#listItem","name":"Hardware"}},{"@type":"ListItem","@id":"https:\/\/droix.eu\/da\/product-category\/hardware-da\/#listItem","position":2,"name":"Hardware","item":"https:\/\/droix.eu\/da\/product-category\/hardware-da\/","nextItem":{"@type":"ListItem","@id":"https:\/\/droix.eu\/da\/product-category\/hardware-da\/computer-hardware-da\/#listItem","name":"Computer hardware"},"previousItem":{"@type":"ListItem","@id":"https:\/\/droix.eu\/da\/#listItem","name":"Home"}},{"@type":"ListItem","@id":"https:\/\/droix.eu\/da\/product-category\/hardware-da\/computer-hardware-da\/#listItem","position":3,"name":"Computer hardware","item":"https:\/\/droix.eu\/da\/product-category\/hardware-da\/computer-hardware-da\/","nextItem":{"@type":"ListItem","@id":"https:\/\/droix.eu\/da\/product\/kingspec-2230-steam-deck-nvme-lager\/#listItem","name":"KingSpec 2230 Steam Deck NVMe Storage"},"previousItem":{"@type":"ListItem","@id":"https:\/\/droix.eu\/da\/product-category\/hardware-da\/#listItem","name":"Hardware"}},{"@type":"ListItem","@id":"https:\/\/droix.eu\/da\/product\/kingspec-2230-steam-deck-nvme-lager\/#listItem","position":4,"name":"KingSpec 2230 Steam Deck NVMe Storage","previousItem":{"@type":"ListItem","@id":"https:\/\/droix.eu\/da\/product-category\/hardware-da\/computer-hardware-da\/#listItem","name":"Computer hardware"}}]},{"@type":"Organization","@id":"https:\/\/droix.eu\/da\/#organization","name":"DroiX \u2013 Trusted EU Tech Retailer with 12+ Years Experience","description":"DroiX is a leading European technology retailer with over 12 years of experience, offering quality mini PCs, handheld gaming consoles, and tech accessories. We provide hassle-free EU delivery with all taxes included, ensuring a smooth and reliable shopping experience for our customers across Europe.","url":"https:\/\/droix.eu\/da\/","logo":{"@type":"ImageObject","url":"https:\/\/droix.eu\/wp-content\/uploads\/2024\/06\/droix-v2-light-logo.png","@id":"https:\/\/droix.eu\/da\/product\/kingspec-2230-steam-deck-nvme-lager\/#organizationLogo","width":380,"height":118},"image":{"@id":"https:\/\/droix.eu\/da\/product\/kingspec-2230-steam-deck-nvme-lager\/#organizationLogo"},"sameAs":["https:\/\/www.facebook.com\/DroiX.Store","https:\/\/twitter.com\/DroiX_Store","https:\/\/www.instagram.com\/droix.store\/","https:\/\/www.tiktok.com\/@droix.store","https:\/\/www.youtube.com\/c\/DroiX_Store","https:\/\/uk.linkedin.com\/company\/droix"]},{"@type":"ProductGroup","@id":"https:\/\/droix.eu\/da\/product\/kingspec-2230-steam-deck-nvme-lager\/#wooCommerceProduct","name":"KingSpec 2230 Steam Deck NVMe Storage","description":"Hurtige NVMe-hastigheder\n \tKompatibel med SteamDeck og GPD WIN Max 2  \n \t3 \u00e5rs garanti","url":"https:\/\/droix.eu\/da\/product\/kingspec-2230-steam-deck-nvme-lager\/","image":{"@type":"ImageObject","url":"https:\/\/droix.eu\/wp-content\/uploads\/2022\/12\/22_30NVME-LISTING-PICTURE-1TB-1.png","@id":"https:\/\/droix.eu\/da\/product\/kingspec-2230-steam-deck-nvme-lager\/#productImage","width":1500,"height":1500,"caption":"KingSpec 1TB NVME 2230 lagerplads"},"productGroupID":513548,"hasVariant":[{"@type":"Product","@id":"https:\/\/droix.eu\/da\/product\/kingspec-2230-steam-deck-nvme-lager\/#wooCommerceProduct","name":"KingSpec 2230 Steam Deck NVMe Storage - 512gb","description":"Hurtige NVMe-hastigheder\n \tKompatibel med SteamDeck og GPD WIN Max 2  \n \t3 \u00e5rs garanti","url":"https:\/\/droix.eu\/da\/product\/kingspec-2230-steam-deck-nvme-lager\/","sku":"KINGSPEC-NVME-2230-512GB","image":{"@type":"ImageObject","url":"https:\/\/droix.eu\/wp-content\/uploads\/2022\/12\/22_30NVME-LISTING-PICTURE-512GB-1.png","@id":"https:\/\/droix.eu\/da\/product\/kingspec-2230-steam-deck-nvme-lager\/#productImage","width":1500,"height":1500,"caption":"KingSpec 512 GB NVME 2230 lagerplads"},"offers":{"@type":"Offer","url":"https:\/\/droix.eu\/da\/product\/kingspec-2230-steam-deck-nvme-lager\/#wooCommerceOffer","price":"59.95","priceCurrency":"EUR","category":"Computer hardware","availability":"https:\/\/schema.org\/OutOfStock","priceSpecification":{"@type":"PriceSpecification","price":59.95,"priceCurrency":"EUR","valueAddedTaxIncluded":"true"}}}]},{"@type":"WebPage","@id":"https:\/\/droix.eu\/da\/product\/kingspec-2230-steam-deck-nvme-lager\/#webpage","url":"https:\/\/droix.eu\/da\/product\/kingspec-2230-steam-deck-nvme-lager\/","name":"KingSpec 2230 Steam Deck NVMe Storage - DROIX EU","description":"Hurtige NVMe-hastigheder Kompatibel med SteamDeck og GPD WIN Max 2 3 \u00e5rs garanti Pakken indeholder 1x 22*30 NVMe SSD","inLanguage":"da-DK","isPartOf":{"@id":"https:\/\/droix.eu\/da\/#website"},"breadcrumb":{"@id":"https:\/\/droix.eu\/da\/product\/kingspec-2230-steam-deck-nvme-lager\/#breadcrumblist"},"image":{"@type":"ImageObject","url":"https:\/\/droix.eu\/wp-content\/uploads\/2022\/12\/22_30NVME-LISTING-PICTURE-1TB-1.png","@id":"https:\/\/droix.eu\/da\/product\/kingspec-2230-steam-deck-nvme-lager\/#mainImage","width":1500,"height":1500,"caption":"KingSpec 1TB NVME 2230 lagerplads"},"primaryImageOfPage":{"@id":"https:\/\/droix.eu\/da\/product\/kingspec-2230-steam-deck-nvme-lager\/#mainImage"},"datePublished":"2022-12-20T15:00:27+00:00","dateModified":"2025-08-01T14:53:44+01:00"},{"@type":"WebSite","@id":"https:\/\/droix.eu\/da\/#website","url":"https:\/\/droix.eu\/da\/","name":"DROIX EU","description":"Get the latest Mini PCs, Ultrabook, PC Gaming Handhelds and more!","inLanguage":"da-DK","publisher":{"@id":"https:\/\/droix.eu\/da\/#organization"}}]},"og:locale":"da_DK","og:site_name":"DROIX EU - Get the latest Mini PCs, Ultrabook, PC Gaming Handhelds and more!","og:type":"article","og:title":"KingSpec 2230 Steam Deck NVMe Storage - DROIX EU","og:description":"Hurtige NVMe-hastigheder Kompatibel med SteamDeck og GPD WIN Max 2 3 \u00e5rs garanti Pakken indeholder 1x 22*30 NVMe SSD","og:url":"https:\/\/droix.eu\/da\/product\/kingspec-2230-steam-deck-nvme-lager\/","og:image":"https:\/\/droix.eu\/wp-content\/uploads\/2024\/06\/droix-v2-light-logo.png","og:image:secure_url":"https:\/\/droix.eu\/wp-content\/uploads\/2024\/06\/droix-v2-light-logo.png","og:image:width":380,"og:image:height":118,"article:published_time":"2022-12-20T15:00:27+00:00","article:modified_time":"2025-08-01T13:53:44+00:00","article:publisher":"https:\/\/www.facebook.com\/DroiX.Store","twitter:card":"summary_large_image","twitter:site":"@DroiX_Store","twitter:title":"KingSpec 2230 Steam Deck NVMe Storage - DROIX EU","twitter:description":"Hurtige NVMe-hastigheder Kompatibel med SteamDeck og GPD WIN Max 2 3 \u00e5rs garanti Pakken indeholder 1x 22*30 NVMe SSD","twitter:image":"https:\/\/droix.eu\/wp-content\/uploads\/2024\/06\/droix-v2-light-logo.png"},"aioseo_meta_data":{"post_id":"513548","title":null,"description":null,"keywords":null,"keyphrases":null,"primary_term":null,"canonical_url":null,"og_title":null,"og_description":null,"og_object_type":"default","og_image_type":"default","og_image_url":null,"og_image_width":null,"og_image_height":null,"og_image_custom_url":null,"og_image_custom_fields":null,"og_video":null,"og_custom_url":null,"og_article_section":null,"og_article_tags":null,"twitter_use_og":true,"twitter_card":"default","twitter_image_type":"default","twitter_image_url":null,"twitter_image_custom_url":null,"twitter_image_custom_fields":null,"twitter_title":null,"twitter_description":null,"schema":{"blockGraphs":[],"customGraphs":[],"default":{"data":{"Article":[],"Course":[],"Dataset":[],"FAQPage":[],"Movie":[],"Person":[],"Product":[],"ProductReview":[],"Car":[],"Recipe":[],"Service":[],"SoftwareApplication":[],"WebPage":[]},"graphName":"","isEnabled":true},"graphs":[]},"schema_type":"default","schema_type_options":null,"pillar_content":false,"robots_default":true,"robots_noindex":false,"robots_noarchive":false,"robots_nosnippet":false,"robots_nofollow":false,"robots_noimageindex":false,"robots_noodp":false,"robots_notranslate":false,"robots_max_snippet":null,"robots_max_videopreview":null,"robots_max_imagepreview":"large","priority":null,"frequency":null,"local_seo":null,"seo_analyzer_scan_date":"2025-10-24 11:59:06","breadcrumb_settings":null,"limit_modified_date":false,"reviewed_by":null,"open_ai":null,"ai":null,"created":"2025-10-09 04:04:14","updated":"2025-11-27 02:11:25"},"aioseo_breadcrumb":"<div class=\"aioseo-breadcrumbs\"><span class=\"aioseo-breadcrumb\">\n\t<a href=\"https:\/\/droix.eu\/da\/\" title=\"Home\">Home<\/a>\n<\/span><span class=\"aioseo-breadcrumb-separator\">&raquo;<\/span><span class=\"aioseo-breadcrumb\">\n\t<a href=\"https:\/\/droix.eu\/da\/product-category\/hardware-da\/\" title=\"Hardware\">Hardware<\/a>\n<\/span><span class=\"aioseo-breadcrumb-separator\">&raquo;<\/span><span class=\"aioseo-breadcrumb\">\n\t<a href=\"https:\/\/droix.eu\/da\/product-category\/hardware-da\/computer-hardware-da\/\" title=\"Computer hardware\">Computer hardware<\/a>\n<\/span><span class=\"aioseo-breadcrumb-separator\">&raquo;<\/span><span class=\"aioseo-breadcrumb\">\n\tKingSpec 2230 Steam Deck NVMe Storage\n<\/span><\/div>","aioseo_breadcrumb_json":[{"label":"Home","link":"https:\/\/droix.eu\/da\/"},{"label":"Hardware","link":"https:\/\/droix.eu\/da\/product-category\/hardware-da\/"},{"label":"Computer hardware","link":"https:\/\/droix.eu\/da\/product-category\/hardware-da\/computer-hardware-da\/"},{"label":"KingSpec 2230 Steam Deck NVMe Storage","link":"https:\/\/droix.eu\/da\/product\/kingspec-2230-steam-deck-nvme-lager\/"}],"_links":{"self":[{"href":"https:\/\/droix.eu\/da\/wp-json\/wp\/v2\/product\/513548","targetHints":{"allow":["GET"]}}],"collection":[{"href":"https:\/\/droix.eu\/da\/wp-json\/wp\/v2\/product"}],"about":[{"href":"https:\/\/droix.eu\/da\/wp-json\/wp\/v2\/types\/product"}],"version-history":[{"count":0,"href":"https:\/\/droix.eu\/da\/wp-json\/wp\/v2\/product\/513548\/revisions"}],"wp:featuredmedia":[{"embeddable":true,"href":"https:\/\/droix.eu\/da\/wp-json\/wp\/v2\/media\/342435"}],"wp:attachment":[{"href":"https:\/\/droix.eu\/da\/wp-json\/wp\/v2\/media?parent=513548"}],"wp:term":[{"taxonomy":"product_brand","embeddable":true,"href":"https:\/\/droix.eu\/da\/wp-json\/wp\/v2\/product_brand?post=513548"},{"taxonomy":"product_cat","embeddable":true,"href":"https:\/\/droix.eu\/da\/wp-json\/wp\/v2\/product_cat?post=513548"},{"taxonomy":"product_tag","embeddable":true,"href":"https:\/\/droix.eu\/da\/wp-json\/wp\/v2\/product_tag?post=513548"},{"taxonomy":"woo-feed-brand","embeddable":true,"href":"https:\/\/droix.eu\/da\/wp-json\/wp\/v2\/woo-feed-brand?post=513548"},{"taxonomy":"key-features","embeddable":true,"href":"https:\/\/droix.eu\/da\/wp-json\/wp\/v2\/key-features?post=513548"}],"curies":[{"name":"wp","href":"https:\/\/api.w.org\/{rel}","templated":true}]}}