{"id":511889,"date":"2023-05-25T09:22:48","date_gmt":"2023-05-25T09:22:48","guid":{"rendered":"https:\/\/droix.eu\/product\/gpd-win-4-hardshell-kuffert\/"},"modified":"2026-01-20T04:27:45","modified_gmt":"2026-01-20T04:27:45","slug":"gpd-win-4-hardshell-kuffert","status":"publish","type":"product","link":"https:\/\/droix.eu\/da\/product\/gpd-win-4-hardshell-kuffert\/","title":{"rendered":"GPD WIN 4 Hardshell-etui"},"content":{"rendered":"<p><strong>GPD WIN 4<\/strong> er kraftfulde h\u00e5ndholdte gaming-pc&#8217;er, der er designet til at give en medrivende spiloplevelse p\u00e5 farten. For at beskytte disse f\u00f8rsteklasses enheder mod ridser, st\u00f8d og andre ydre skader, er en  <strong>beskyttende etui med h\u00e5rd skal<\/strong>  er n\u00f8dvendig. GPD WIN 4 hardshell-beskyttelsesetuiet er et holdbart, let og stilfuldt etui, der er specielt designet til at passe til disse gaming-h\u00e5ndholdte. Etuiet er lavet af materialer af h\u00f8j kvalitet som polykarbonat og ABS-plast, der giver overlegen beskyttelse mod st\u00f8d, ridser og andre ydre skader. Etuiets indre er foret med et bl\u00f8dt og glat stof, der giver ekstra beskyttelse mod ridser og st\u00f8v. Etuiet har ogs\u00e5 en sikker lynl\u00e5slukning, der sikrer, at den h\u00e5ndholdte forbliver p\u00e5 plads under transport.<\/p>\n","protected":false},"excerpt":{"rendered":"<ul>\n<li><strong>Officielt<\/strong> GPD-beskyttelsesetui til GPD WIN 4<\/li>\n<li><strong>Slidst\u00e6rk<\/strong> ydre skal af syntetisk polymer<\/li>\n<li>Bl\u00f8dt stoffor giver <strong>ekstra beskyttelse<\/strong>.<\/li>\n<li><strong>Separat rum<\/strong> til eksterne enheder.<\/li>\n<li>Elegant design med sikker lynl\u00e5slukning.<\/li>\n<\/ul>\n<p>[droix_global_accordions]<br \/>\n[cg_accordion title=\"Pakken indeholder\"]<\/p>\n<ul>\n<li>1x GPD WIN 4 taske med h\u00e5rd skal<\/li>\n<\/ul>\n<p>[\/cg_accordion]<\/p>\n","protected":false},"featured_media":409283,"template":"","meta":{"_acf_changed":false},"product_brand":[],"product_cat":[10178,10402],"product_tag":[],"woo-feed-brand":[2198],"key-features":[],"class_list":{"0":"post-511889","1":"product","2":"type-product","3":"status-publish","4":"has-post-thumbnail","6":"product_cat-tilbehor","7":"product_cat-tilbehor-til-gaming","8":"product_shipping_class-low-end","9":"pa_accessory-type-protective-case","10":"pa_brands-gpd-da","11":"woo-feed-brand-gpd","13":"first","14":"outofstock","15":"sale","16":"taxable","17":"shipping-taxable","18":"purchasable","19":"product-type-simple"},"acf":[],"aioseo_notices":[],"aioseo_head":"\n\t\t<!-- All in One SEO Pro 4.9.6.2 - aioseo.com -->\n\t<meta name=\"description\" content=\"Officielt GPD-beskyttelsesetui til GPD WIN 4 Slidst\u00e6rk ydre skal af syntetisk polymer Bl\u00f8dt stoffor giver ekstra beskyttelse. Separat rum til eksterne enheder. Elegant design med sikker lynl\u00e5slukning. Pakken indeholder 1x GPD WIN 4 taske med h\u00e5rd skal\" \/>\n\t<meta name=\"robots\" content=\"max-image-preview:large\" \/>\n\t<link rel=\"canonical\" href=\"https:\/\/droix.eu\/da\/product\/gpd-win-4-hardshell-kuffert\/\" \/>\n\t<meta name=\"generator\" content=\"All in One SEO Pro (AIOSEO) 4.9.6.2\" \/>\n\t\t<meta property=\"og:locale\" content=\"da_DK\" \/>\n\t\t<meta property=\"og:site_name\" content=\"DROIX EU - Get the latest Mini PCs, Ultrabook, PC Gaming Handhelds and more!\" \/>\n\t\t<meta property=\"og:type\" content=\"article\" \/>\n\t\t<meta property=\"og:title\" content=\"GPD WIN 4 Hardshell-etui - DROIX EU\" \/>\n\t\t<meta property=\"og:description\" content=\"Officielt GPD-beskyttelsesetui til GPD WIN 4 Slidst\u00e6rk ydre skal af syntetisk polymer Bl\u00f8dt stoffor giver ekstra beskyttelse. Separat rum til eksterne enheder. Elegant design med sikker lynl\u00e5slukning. Pakken indeholder 1x GPD WIN 4 taske med h\u00e5rd skal\" \/>\n\t\t<meta property=\"og:url\" content=\"https:\/\/droix.eu\/da\/product\/gpd-win-4-hardshell-kuffert\/\" \/>\n\t\t<meta property=\"og:image\" content=\"https:\/\/droix.eu\/wp-content\/uploads\/2024\/06\/droix-v2-light-logo.png\" \/>\n\t\t<meta property=\"og:image:secure_url\" content=\"https:\/\/droix.eu\/wp-content\/uploads\/2024\/06\/droix-v2-light-logo.png\" \/>\n\t\t<meta property=\"og:image:width\" content=\"380\" \/>\n\t\t<meta property=\"og:image:height\" content=\"118\" \/>\n\t\t<meta property=\"article:published_time\" content=\"2023-05-25T09:22:48+00:00\" \/>\n\t\t<meta property=\"article:modified_time\" content=\"2026-01-20T04:27:45+00:00\" \/>\n\t\t<meta property=\"article:publisher\" content=\"https:\/\/www.facebook.com\/DroiX.Store\" \/>\n\t\t<meta name=\"twitter:card\" content=\"summary_large_image\" \/>\n\t\t<meta name=\"twitter:site\" content=\"@DroiX_Store\" \/>\n\t\t<meta name=\"twitter:title\" content=\"GPD WIN 4 Hardshell-etui - DROIX EU\" \/>\n\t\t<meta name=\"twitter:description\" content=\"Officielt GPD-beskyttelsesetui til GPD WIN 4 Slidst\u00e6rk ydre skal af syntetisk polymer Bl\u00f8dt stoffor giver ekstra beskyttelse. Separat rum til eksterne enheder. Elegant design med sikker lynl\u00e5slukning. Pakken indeholder 1x GPD WIN 4 taske med h\u00e5rd skal\" \/>\n\t\t<meta name=\"twitter:image\" content=\"https:\/\/droix.eu\/wp-content\/uploads\/2024\/06\/droix-v2-light-logo.png\" \/>\n\t\t<script type=\"application\/ld+json\" class=\"aioseo-schema\">\n\t\t\t{\"@context\":\"https:\\\/\\\/schema.org\",\"@graph\":[{\"@type\":\"BreadcrumbList\",\"@id\":\"https:\\\/\\\/droix.eu\\\/da\\\/product\\\/gpd-win-4-hardshell-kuffert\\\/#breadcrumblist\",\"itemListElement\":[{\"@type\":\"ListItem\",\"@id\":\"https:\\\/\\\/droix.eu\\\/da\\\/#listItem\",\"position\":1,\"name\":\"Home\",\"item\":\"https:\\\/\\\/droix.eu\\\/da\\\/\",\"nextItem\":{\"@type\":\"ListItem\",\"@id\":\"https:\\\/\\\/droix.eu\\\/da\\\/product-category\\\/tilbehor\\\/#listItem\",\"name\":\"Tilbeh\\u00f8r\"}},{\"@type\":\"ListItem\",\"@id\":\"https:\\\/\\\/droix.eu\\\/da\\\/product-category\\\/tilbehor\\\/#listItem\",\"position\":2,\"name\":\"Tilbeh\\u00f8r\",\"item\":\"https:\\\/\\\/droix.eu\\\/da\\\/product-category\\\/tilbehor\\\/\",\"nextItem\":{\"@type\":\"ListItem\",\"@id\":\"https:\\\/\\\/droix.eu\\\/da\\\/product-category\\\/tilbehor\\\/tilbehor-til-gaming\\\/#listItem\",\"name\":\"Tilbeh\\u00f8r til gaming\"},\"previousItem\":{\"@type\":\"ListItem\",\"@id\":\"https:\\\/\\\/droix.eu\\\/da\\\/#listItem\",\"name\":\"Home\"}},{\"@type\":\"ListItem\",\"@id\":\"https:\\\/\\\/droix.eu\\\/da\\\/product-category\\\/tilbehor\\\/tilbehor-til-gaming\\\/#listItem\",\"position\":3,\"name\":\"Tilbeh\\u00f8r til gaming\",\"item\":\"https:\\\/\\\/droix.eu\\\/da\\\/product-category\\\/tilbehor\\\/tilbehor-til-gaming\\\/\",\"nextItem\":{\"@type\":\"ListItem\",\"@id\":\"https:\\\/\\\/droix.eu\\\/da\\\/product\\\/gpd-win-4-hardshell-kuffert\\\/#listItem\",\"name\":\"GPD WIN 4 Hardshell-etui\"},\"previousItem\":{\"@type\":\"ListItem\",\"@id\":\"https:\\\/\\\/droix.eu\\\/da\\\/product-category\\\/tilbehor\\\/#listItem\",\"name\":\"Tilbeh\\u00f8r\"}},{\"@type\":\"ListItem\",\"@id\":\"https:\\\/\\\/droix.eu\\\/da\\\/product\\\/gpd-win-4-hardshell-kuffert\\\/#listItem\",\"position\":4,\"name\":\"GPD WIN 4 Hardshell-etui\",\"previousItem\":{\"@type\":\"ListItem\",\"@id\":\"https:\\\/\\\/droix.eu\\\/da\\\/product-category\\\/tilbehor\\\/tilbehor-til-gaming\\\/#listItem\",\"name\":\"Tilbeh\\u00f8r til gaming\"}}]},{\"@type\":\"Organization\",\"@id\":\"https:\\\/\\\/droix.eu\\\/da\\\/#organization\",\"name\":\"DroiX \\u2013 Trusted EU Tech Retailer with 12+ Years Experience\",\"description\":\"DroiX is a leading European technology retailer with over 12 years of experience, offering quality mini PCs, handheld gaming consoles, and tech accessories. We provide hassle-free EU delivery with all taxes included, ensuring a smooth and reliable shopping experience for our customers across Europe.\",\"url\":\"https:\\\/\\\/droix.eu\\\/da\\\/\",\"logo\":{\"@type\":\"ImageObject\",\"url\":\"https:\\\/\\\/droix.eu\\\/wp-content\\\/uploads\\\/2024\\\/06\\\/droix-v2-light-logo.png\",\"@id\":\"https:\\\/\\\/droix.eu\\\/da\\\/product\\\/gpd-win-4-hardshell-kuffert\\\/#organizationLogo\",\"width\":380,\"height\":118},\"image\":{\"@id\":\"https:\\\/\\\/droix.eu\\\/da\\\/product\\\/gpd-win-4-hardshell-kuffert\\\/#organizationLogo\"},\"sameAs\":[\"https:\\\/\\\/www.facebook.com\\\/DroiX.Store\",\"https:\\\/\\\/twitter.com\\\/DroiX_Store\",\"https:\\\/\\\/www.instagram.com\\\/droix.store\\\/\",\"https:\\\/\\\/www.tiktok.com\\\/@droix.store\",\"https:\\\/\\\/www.youtube.com\\\/c\\\/DroiX_Store\",\"https:\\\/\\\/uk.linkedin.com\\\/company\\\/droix\"]},{\"@type\":\"Product\",\"@id\":\"https:\\\/\\\/droix.eu\\\/da\\\/product\\\/gpd-win-4-hardshell-kuffert\\\/#wooCommerceProduct\",\"name\":\"GPD WIN 4 Hardshell-etui\",\"description\":\"Officielt GPD-beskyttelsesetui til GPD WIN 4\\n \\tSlidst\\u00e6rk ydre skal af syntetisk polymer\\n \\tBl\\u00f8dt stoffor giver ekstra beskyttelse.\\n \\tSeparat rum til eksterne enheder.\\n \\tElegant design med sikker lynl\\u00e5slukning.\",\"url\":\"https:\\\/\\\/droix.eu\\\/da\\\/product\\\/gpd-win-4-hardshell-kuffert\\\/\",\"sku\":\"GPD-WIN_4-CASE\",\"gtin\":\"5060763675322\",\"image\":{\"@type\":\"ImageObject\",\"url\":\"https:\\\/\\\/droix.eu\\\/wp-content\\\/uploads\\\/2023\\\/05\\\/51y5P54tgzLready-gpd-4.png\",\"@id\":\"https:\\\/\\\/droix.eu\\\/da\\\/product\\\/gpd-win-4-hardshell-kuffert\\\/#productImage\",\"width\":1000,\"height\":1000},\"offers\":{\"@type\":\"Offer\",\"url\":\"https:\\\/\\\/droix.eu\\\/da\\\/product\\\/gpd-win-4-hardshell-kuffert\\\/#wooCommerceOffer\",\"price\":27,\"priceCurrency\":\"EUR\",\"category\":\"Tilbeh\\u00f8r\",\"availability\":\"https:\\\/\\\/schema.org\\\/OutOfStock\",\"priceSpecification\":{\"@type\":\"PriceSpecification\",\"price\":27,\"priceCurrency\":\"EUR\",\"valueAddedTaxIncluded\":\"true\"},\"seller\":{\"@type\":\"Organization\",\"@id\":\"https:\\\/\\\/droix.eu\\\/da\\\/#organization\"}}},{\"@type\":\"WebPage\",\"@id\":\"https:\\\/\\\/droix.eu\\\/da\\\/product\\\/gpd-win-4-hardshell-kuffert\\\/#webpage\",\"url\":\"https:\\\/\\\/droix.eu\\\/da\\\/product\\\/gpd-win-4-hardshell-kuffert\\\/\",\"name\":\"GPD WIN 4 Hardshell-etui - DROIX EU\",\"description\":\"Officielt GPD-beskyttelsesetui til GPD WIN 4 Slidst\\u00e6rk ydre skal af syntetisk polymer Bl\\u00f8dt stoffor giver ekstra beskyttelse. Separat rum til eksterne enheder. Elegant design med sikker lynl\\u00e5slukning. Pakken indeholder 1x GPD WIN 4 taske med h\\u00e5rd skal\",\"inLanguage\":\"da-DK\",\"isPartOf\":{\"@id\":\"https:\\\/\\\/droix.eu\\\/da\\\/#website\"},\"breadcrumb\":{\"@id\":\"https:\\\/\\\/droix.eu\\\/da\\\/product\\\/gpd-win-4-hardshell-kuffert\\\/#breadcrumblist\"},\"image\":{\"@type\":\"ImageObject\",\"url\":\"https:\\\/\\\/droix.eu\\\/wp-content\\\/uploads\\\/2023\\\/05\\\/51y5P54tgzLready-gpd-4.png\",\"@id\":\"https:\\\/\\\/droix.eu\\\/da\\\/product\\\/gpd-win-4-hardshell-kuffert\\\/#mainImage\",\"width\":1000,\"height\":1000},\"primaryImageOfPage\":{\"@id\":\"https:\\\/\\\/droix.eu\\\/da\\\/product\\\/gpd-win-4-hardshell-kuffert\\\/#mainImage\"},\"datePublished\":\"2023-05-25T09:22:48+01:00\",\"dateModified\":\"2026-01-20T04:27:45+00:00\"},{\"@type\":\"WebSite\",\"@id\":\"https:\\\/\\\/droix.eu\\\/da\\\/#website\",\"url\":\"https:\\\/\\\/droix.eu\\\/da\\\/\",\"name\":\"DROIX EU\",\"description\":\"Get the latest Mini PCs, Ultrabook, PC Gaming Handhelds and more!\",\"inLanguage\":\"da-DK\",\"publisher\":{\"@id\":\"https:\\\/\\\/droix.eu\\\/da\\\/#organization\"}}]}\n\t\t<\/script>\n\t\t<!-- All in One SEO Pro -->\r\n\t\t<title>GPD WIN 4 Hardshell-etui - DROIX EU<\/title>\n\n","aioseo_head_json":{"title":"GPD WIN 4 Hardshell-etui - DROIX EU","description":"Officielt GPD-beskyttelsesetui til GPD WIN 4 Slidst\u00e6rk ydre skal af syntetisk polymer Bl\u00f8dt stoffor giver ekstra beskyttelse. Separat rum til eksterne enheder. Elegant design med sikker lynl\u00e5slukning. Pakken indeholder 1x GPD WIN 4 taske med h\u00e5rd skal","canonical_url":"https:\/\/droix.eu\/da\/product\/gpd-win-4-hardshell-kuffert\/","robots":"max-image-preview:large","keywords":"","webmasterTools":{"miscellaneous":""},"schema":{"@context":"https:\/\/schema.org","@graph":[{"@type":"BreadcrumbList","@id":"https:\/\/droix.eu\/da\/product\/gpd-win-4-hardshell-kuffert\/#breadcrumblist","itemListElement":[{"@type":"ListItem","@id":"https:\/\/droix.eu\/da\/#listItem","position":1,"name":"Home","item":"https:\/\/droix.eu\/da\/","nextItem":{"@type":"ListItem","@id":"https:\/\/droix.eu\/da\/product-category\/tilbehor\/#listItem","name":"Tilbeh\u00f8r"}},{"@type":"ListItem","@id":"https:\/\/droix.eu\/da\/product-category\/tilbehor\/#listItem","position":2,"name":"Tilbeh\u00f8r","item":"https:\/\/droix.eu\/da\/product-category\/tilbehor\/","nextItem":{"@type":"ListItem","@id":"https:\/\/droix.eu\/da\/product-category\/tilbehor\/tilbehor-til-gaming\/#listItem","name":"Tilbeh\u00f8r til gaming"},"previousItem":{"@type":"ListItem","@id":"https:\/\/droix.eu\/da\/#listItem","name":"Home"}},{"@type":"ListItem","@id":"https:\/\/droix.eu\/da\/product-category\/tilbehor\/tilbehor-til-gaming\/#listItem","position":3,"name":"Tilbeh\u00f8r til gaming","item":"https:\/\/droix.eu\/da\/product-category\/tilbehor\/tilbehor-til-gaming\/","nextItem":{"@type":"ListItem","@id":"https:\/\/droix.eu\/da\/product\/gpd-win-4-hardshell-kuffert\/#listItem","name":"GPD WIN 4 Hardshell-etui"},"previousItem":{"@type":"ListItem","@id":"https:\/\/droix.eu\/da\/product-category\/tilbehor\/#listItem","name":"Tilbeh\u00f8r"}},{"@type":"ListItem","@id":"https:\/\/droix.eu\/da\/product\/gpd-win-4-hardshell-kuffert\/#listItem","position":4,"name":"GPD WIN 4 Hardshell-etui","previousItem":{"@type":"ListItem","@id":"https:\/\/droix.eu\/da\/product-category\/tilbehor\/tilbehor-til-gaming\/#listItem","name":"Tilbeh\u00f8r til gaming"}}]},{"@type":"Organization","@id":"https:\/\/droix.eu\/da\/#organization","name":"DroiX \u2013 Trusted EU Tech Retailer with 12+ Years Experience","description":"DroiX is a leading European technology retailer with over 12 years of experience, offering quality mini PCs, handheld gaming consoles, and tech accessories. We provide hassle-free EU delivery with all taxes included, ensuring a smooth and reliable shopping experience for our customers across Europe.","url":"https:\/\/droix.eu\/da\/","logo":{"@type":"ImageObject","url":"https:\/\/droix.eu\/wp-content\/uploads\/2024\/06\/droix-v2-light-logo.png","@id":"https:\/\/droix.eu\/da\/product\/gpd-win-4-hardshell-kuffert\/#organizationLogo","width":380,"height":118},"image":{"@id":"https:\/\/droix.eu\/da\/product\/gpd-win-4-hardshell-kuffert\/#organizationLogo"},"sameAs":["https:\/\/www.facebook.com\/DroiX.Store","https:\/\/twitter.com\/DroiX_Store","https:\/\/www.instagram.com\/droix.store\/","https:\/\/www.tiktok.com\/@droix.store","https:\/\/www.youtube.com\/c\/DroiX_Store","https:\/\/uk.linkedin.com\/company\/droix"]},{"@type":"Product","@id":"https:\/\/droix.eu\/da\/product\/gpd-win-4-hardshell-kuffert\/#wooCommerceProduct","name":"GPD WIN 4 Hardshell-etui","description":"Officielt GPD-beskyttelsesetui til GPD WIN 4\n \tSlidst\u00e6rk ydre skal af syntetisk polymer\n \tBl\u00f8dt stoffor giver ekstra beskyttelse.\n \tSeparat rum til eksterne enheder.\n \tElegant design med sikker lynl\u00e5slukning.","url":"https:\/\/droix.eu\/da\/product\/gpd-win-4-hardshell-kuffert\/","sku":"GPD-WIN_4-CASE","gtin":"5060763675322","image":{"@type":"ImageObject","url":"https:\/\/droix.eu\/wp-content\/uploads\/2023\/05\/51y5P54tgzLready-gpd-4.png","@id":"https:\/\/droix.eu\/da\/product\/gpd-win-4-hardshell-kuffert\/#productImage","width":1000,"height":1000},"offers":{"@type":"Offer","url":"https:\/\/droix.eu\/da\/product\/gpd-win-4-hardshell-kuffert\/#wooCommerceOffer","price":27,"priceCurrency":"EUR","category":"Tilbeh\u00f8r","availability":"https:\/\/schema.org\/OutOfStock","priceSpecification":{"@type":"PriceSpecification","price":27,"priceCurrency":"EUR","valueAddedTaxIncluded":"true"},"seller":{"@type":"Organization","@id":"https:\/\/droix.eu\/da\/#organization"}}},{"@type":"WebPage","@id":"https:\/\/droix.eu\/da\/product\/gpd-win-4-hardshell-kuffert\/#webpage","url":"https:\/\/droix.eu\/da\/product\/gpd-win-4-hardshell-kuffert\/","name":"GPD WIN 4 Hardshell-etui - DROIX EU","description":"Officielt GPD-beskyttelsesetui til GPD WIN 4 Slidst\u00e6rk ydre skal af syntetisk polymer Bl\u00f8dt stoffor giver ekstra beskyttelse. Separat rum til eksterne enheder. Elegant design med sikker lynl\u00e5slukning. Pakken indeholder 1x GPD WIN 4 taske med h\u00e5rd skal","inLanguage":"da-DK","isPartOf":{"@id":"https:\/\/droix.eu\/da\/#website"},"breadcrumb":{"@id":"https:\/\/droix.eu\/da\/product\/gpd-win-4-hardshell-kuffert\/#breadcrumblist"},"image":{"@type":"ImageObject","url":"https:\/\/droix.eu\/wp-content\/uploads\/2023\/05\/51y5P54tgzLready-gpd-4.png","@id":"https:\/\/droix.eu\/da\/product\/gpd-win-4-hardshell-kuffert\/#mainImage","width":1000,"height":1000},"primaryImageOfPage":{"@id":"https:\/\/droix.eu\/da\/product\/gpd-win-4-hardshell-kuffert\/#mainImage"},"datePublished":"2023-05-25T09:22:48+01:00","dateModified":"2026-01-20T04:27:45+00:00"},{"@type":"WebSite","@id":"https:\/\/droix.eu\/da\/#website","url":"https:\/\/droix.eu\/da\/","name":"DROIX EU","description":"Get the latest Mini PCs, Ultrabook, PC Gaming Handhelds and more!","inLanguage":"da-DK","publisher":{"@id":"https:\/\/droix.eu\/da\/#organization"}}]},"og:locale":"da_DK","og:site_name":"DROIX EU - Get the latest Mini PCs, Ultrabook, PC Gaming Handhelds and more!","og:type":"article","og:title":"GPD WIN 4 Hardshell-etui - DROIX EU","og:description":"Officielt GPD-beskyttelsesetui til GPD WIN 4 Slidst\u00e6rk ydre skal af syntetisk polymer Bl\u00f8dt stoffor giver ekstra beskyttelse. Separat rum til eksterne enheder. Elegant design med sikker lynl\u00e5slukning. Pakken indeholder 1x GPD WIN 4 taske med h\u00e5rd skal","og:url":"https:\/\/droix.eu\/da\/product\/gpd-win-4-hardshell-kuffert\/","og:image":"https:\/\/droix.eu\/wp-content\/uploads\/2024\/06\/droix-v2-light-logo.png","og:image:secure_url":"https:\/\/droix.eu\/wp-content\/uploads\/2024\/06\/droix-v2-light-logo.png","og:image:width":380,"og:image:height":118,"article:published_time":"2023-05-25T09:22:48+00:00","article:modified_time":"2026-01-20T04:27:45+00:00","article:publisher":"https:\/\/www.facebook.com\/DroiX.Store","twitter:card":"summary_large_image","twitter:site":"@DroiX_Store","twitter:title":"GPD WIN 4 Hardshell-etui - DROIX EU","twitter:description":"Officielt GPD-beskyttelsesetui til GPD WIN 4 Slidst\u00e6rk ydre skal af syntetisk polymer Bl\u00f8dt stoffor giver ekstra beskyttelse. Separat rum til eksterne enheder. Elegant design med sikker lynl\u00e5slukning. Pakken indeholder 1x GPD WIN 4 taske med h\u00e5rd skal","twitter:image":"https:\/\/droix.eu\/wp-content\/uploads\/2024\/06\/droix-v2-light-logo.png"},"aioseo_meta_data":{"post_id":"511889","title":null,"description":null,"keywords":null,"keyphrases":null,"primary_term":null,"canonical_url":null,"og_title":null,"og_description":null,"og_object_type":"default","og_image_type":"default","og_image_url":null,"og_image_width":null,"og_image_height":null,"og_image_custom_url":null,"og_image_custom_fields":null,"og_video":null,"og_custom_url":null,"og_article_section":null,"og_article_tags":null,"twitter_use_og":true,"twitter_card":"default","twitter_image_type":"default","twitter_image_url":null,"twitter_image_custom_url":null,"twitter_image_custom_fields":null,"twitter_title":null,"twitter_description":null,"schema":{"blockGraphs":[],"customGraphs":[],"default":{"data":{"Article":[],"Course":[],"Dataset":[],"FAQPage":[],"Movie":[],"Person":[],"Product":[],"ProductReview":[],"Car":[],"Recipe":[],"Service":[],"SoftwareApplication":[],"WebPage":[]},"graphName":"","isEnabled":true},"graphs":[]},"schema_type":"default","schema_type_options":null,"pillar_content":false,"robots_default":true,"robots_noindex":false,"robots_noarchive":false,"robots_nosnippet":false,"robots_nofollow":false,"robots_noimageindex":false,"robots_noodp":false,"robots_notranslate":false,"robots_max_snippet":null,"robots_max_videopreview":null,"robots_max_imagepreview":"large","priority":null,"frequency":null,"local_seo":null,"seo_analyzer_scan_date":"2025-10-24 13:11:33","breadcrumb_settings":null,"limit_modified_date":false,"reviewed_by":null,"open_ai":null,"ai":null,"created":"2025-10-09 04:25:34","updated":"2026-01-24 08:55:29"},"aioseo_breadcrumb":"<div class=\"aioseo-breadcrumbs\"><span class=\"aioseo-breadcrumb\">\n\t<a href=\"https:\/\/droix.eu\/da\/\" title=\"Home\">Home<\/a>\n<\/span><span class=\"aioseo-breadcrumb-separator\">&raquo;<\/span><span class=\"aioseo-breadcrumb\">\n\t<a href=\"https:\/\/droix.eu\/da\/product-category\/tilbehor\/\" title=\"Tilbeh\u00f8r\">Tilbeh\u00f8r<\/a>\n<\/span><span class=\"aioseo-breadcrumb-separator\">&raquo;<\/span><span class=\"aioseo-breadcrumb\">\n\t<a href=\"https:\/\/droix.eu\/da\/product-category\/tilbehor\/tilbehor-til-gaming\/\" title=\"Tilbeh\u00f8r til gaming\">Tilbeh\u00f8r til gaming<\/a>\n<\/span><span class=\"aioseo-breadcrumb-separator\">&raquo;<\/span><span class=\"aioseo-breadcrumb\">\n\tGPD WIN 4 Hardshell-etui\n<\/span><\/div>","aioseo_breadcrumb_json":[{"label":"Home","link":"https:\/\/droix.eu\/da\/"},{"label":"Tilbeh\u00f8r","link":"https:\/\/droix.eu\/da\/product-category\/tilbehor\/"},{"label":"Tilbeh\u00f8r til gaming","link":"https:\/\/droix.eu\/da\/product-category\/tilbehor\/tilbehor-til-gaming\/"},{"label":"GPD WIN 4 Hardshell-etui","link":"https:\/\/droix.eu\/da\/product\/gpd-win-4-hardshell-kuffert\/"}],"_links":{"self":[{"href":"https:\/\/droix.eu\/da\/wp-json\/wp\/v2\/product\/511889","targetHints":{"allow":["GET"]}}],"collection":[{"href":"https:\/\/droix.eu\/da\/wp-json\/wp\/v2\/product"}],"about":[{"href":"https:\/\/droix.eu\/da\/wp-json\/wp\/v2\/types\/product"}],"version-history":[{"count":0,"href":"https:\/\/droix.eu\/da\/wp-json\/wp\/v2\/product\/511889\/revisions"}],"wp:featuredmedia":[{"embeddable":true,"href":"https:\/\/droix.eu\/da\/wp-json\/wp\/v2\/media\/409283"}],"wp:attachment":[{"href":"https:\/\/droix.eu\/da\/wp-json\/wp\/v2\/media?parent=511889"}],"wp:term":[{"taxonomy":"product_brand","embeddable":true,"href":"https:\/\/droix.eu\/da\/wp-json\/wp\/v2\/product_brand?post=511889"},{"taxonomy":"product_cat","embeddable":true,"href":"https:\/\/droix.eu\/da\/wp-json\/wp\/v2\/product_cat?post=511889"},{"taxonomy":"product_tag","embeddable":true,"href":"https:\/\/droix.eu\/da\/wp-json\/wp\/v2\/product_tag?post=511889"},{"taxonomy":"woo-feed-brand","embeddable":true,"href":"https:\/\/droix.eu\/da\/wp-json\/wp\/v2\/woo-feed-brand?post=511889"},{"taxonomy":"key-features","embeddable":true,"href":"https:\/\/droix.eu\/da\/wp-json\/wp\/v2\/key-features?post=511889"}],"curies":[{"name":"wp","href":"https:\/\/api.w.org\/{rel}","templated":true}]}}