{"id":511309,"date":"2023-04-24T12:53:34","date_gmt":"2023-04-24T11:53:34","guid":{"rendered":"https:\/\/droix.eu\/product\/gpd-win-4-dockingstation\/"},"modified":"2026-04-23T14:18:02","modified_gmt":"2026-04-23T13:18:02","slug":"gpd-win-4-dockingstation","status":"publish","type":"product","link":"https:\/\/droix.eu\/da\/product\/gpd-win-4-dockingstation\/","title":{"rendered":"GPD WIN 4-dockingstation"},"content":{"rendered":"&#13;\n<p><span data-contrast=\"none\">Den officielle <strong>GPD WIN 4-dockingstation<\/strong> forvandler din h\u00e5ndholdte gaming-pc til en station\u00e6r pc med en praktisk dock med masser af brugerporte.<\/span><span data-ccp-props=\"{\"> <\/span><\/p>&#13;\n&#13;\n<h2 class=\"wp-block-heading\"><b><span data-contrast=\"none\">USB-forbindelse med h\u00f8j hastighed<\/span><\/b><span data-ccp-props=\"{\"> <\/span><\/h2>&#13;\n&#13;\n<p><span data-contrast=\"none\">GPD WIN 4-dockingstationen er udstyret med tre <\/span><a href=\"https:\/\/www.kingston.com\/unitedkingdom\/en\/usb-flash-drives\/usb-30\"><span data-contrast=\"none\">USB 3.2 Gen 2<\/span><\/a><span data-contrast=\"none\"> Type-A-porte p\u00e5 op til 10 Gbps, som kan bruges til at tilslutte en r\u00e6kke perifere enheder, herunder tastatur og mus, og eksterne h\u00f8jhastigheds-harddiske eller USB-sticks.<\/span><span data-ccp-props=\"{\"> <\/span><\/p>&#13;\n&#13;\n<p><span data-contrast=\"none\">USB 3.2 Gen 2 <\/span><a href=\"https:\/\/en.wikipedia.org\/wiki\/USB-C\"><span data-contrast=\"none\">Type-C<\/span><\/a><span data-contrast=\"none\"> porten bruges til opladning og underst\u00f8tter kraftige opladere til hurtig opladning.<\/span><span data-ccp-props=\"{\"> <\/span><\/p>&#13;\n&#13;\n<h2 class=\"wp-block-heading\"><b><span data-contrast=\"none\">H\u00f8j opl\u00f8sning p\u00e5 sk\u00e6rmen eller det store tv<\/span><\/b><span data-ccp-props=\"{\"> <\/span><\/h2>&#13;\n&#13;\n<p><span data-contrast=\"none\">Det er <\/span><a href=\"https:\/\/en.wikipedia.org\/wiki\/HDMI\"><span data-contrast=\"none\">HDMI 2.0<\/span><\/a><span data-contrast=\"none\">  porten giver videoudgang til en sk\u00e6rm eller et tv. Du kan forts\u00e6tte med at bruge GPD WIN 4-sk\u00e6rmen som en spejlet eller anden sk\u00e6rm.<\/span><span data-ccp-props=\"{\"> <\/span><\/p>&#13;\n&#13;\n<h2 class=\"wp-block-heading\"><b><span data-contrast=\"none\">Hurtig og sikker dataoverf\u00f8rsel via kabel<\/span><\/b><span data-ccp-props=\"{\"> <\/span><\/h2>&#13;\n&#13;\n<p><span data-contrast=\"none\">Den 1Gbps <\/span><a href=\"https:\/\/community.fs.com\/blog\/introduction-of-the-rj45-interface.html\"><span data-contrast=\"none\">RJ45 Ethernet<\/span><\/a><span data-contrast=\"none\"> port giver h\u00f8j hastighed og sikker dataoverf\u00f8rsel til og fra GPD WIN 4 dockingstationen.<\/span><span data-ccp-props=\"{\"> <\/span><\/p>&#13;\n&#13;\n<h2 class=\"wp-block-heading\"><b><span data-contrast=\"none\">Lille formfaktor og b\u00e6rbarhed<\/span><\/b><span data-ccp-props=\"{\"> <\/span><\/h2>&#13;\n&#13;\n<p><span data-contrast=\"none\">Med en st\u00f8rrelse p\u00e5 ca. 8,7 x 14,2 x 8,2 cm (3,4 x 5,6 x 3,2 tommer) er GPD WIN 4 dockingstationen lille og diskret p\u00e5 skrivebordet. <strong>GPD WIN 4<\/strong> tilsluttes nemt til docken og underst\u00f8ttes af en aftagelig ryg, som g\u00f8r det praktisk at b\u00e6re den. Med en v\u00e6gt p\u00e5 kun 224 g er docken meget let og b\u00e6rbar og passer nemt ned i en lille taske.<\/span><span data-ccp-props=\"{\"> <\/span><\/p>&#13;\n&#13;\n<p><span data-contrast=\"none\">GPD WIN 4-docken lader den anden USB Type-C v\u00e6re placeret \u00f8verst p\u00e5 <\/span><a href=\"https:\/\/droix.eu\/da\/product\/gpd-win-4\/\"><span data-contrast=\"none\">GPD WIN 4<\/span><\/a><span data-contrast=\"none\"> fri, s\u00e5 den fortsat kan bruges til at tilslutte h\u00f8jtydende periferiudstyr som f.eks. en eGPU. <\/span> <\/p>&#13;\n&#13;\n<p><span data-ccp-props=\"{\"> <\/span><\/p>&#13;\n&#13;\n<h2 class=\"wp-block-heading\"><b><span data-contrast=\"none\">Fordele og ulemper ved GPD WIN 4-dockingstationen<\/span><\/b><span data-ccp-props=\"{\"> <\/span><\/h2>&#13;\n&#13;\n<p><span data-contrast=\"none\">Fordele:<\/span><span data-ccp-props=\"{\"> <\/span><\/p>&#13;\n\r\n<ul class=\"wp-block-list\">&#13;\n<li><span data-contrast=\"none\">Masser af USB 3.2 Gen 2 Type-A-porte til eksterne enheder<\/span><span data-ccp-props=\"{\"> <\/span><\/li>&#13;\n\r\n\r\n&#13;\n<li><span data-contrast=\"none\">HDMI 2.0-udgang til tv\/monitor<\/span><span data-ccp-props=\"{\"> <\/span><\/li>&#13;\n\r\n\r\n&#13;\n<li><span data-contrast=\"none\">H\u00f8j hastighed 1Gbps ethernet<\/span><span data-ccp-props=\"{\"> <\/span><\/li>&#13;\n\r\n\r\n&#13;\n<li><span data-contrast=\"none\">USB Type-C opladningsport<\/span><span data-ccp-props=\"{\"> <\/span><\/li>&#13;\n<\/ul>\r\n&#13;\n<p><span data-contrast=\"none\">Ulemper:<\/span><span data-ccp-props=\"{\"> <\/span><\/p>&#13;\n\r\n<ul class=\"wp-block-list\">&#13;\n<li><span data-contrast=\"none\">Ingen USB Type-C til tilslutning af periferiudstyr.  <\/span><span data-ccp-props=\"{\"> <\/span><\/li>&#13;\n<\/ul>\r\n&#13;\n<p><span data-ccp-props=\"{\"> <\/span><\/p>&#13;\n&#13;\n<h2 class=\"wp-block-heading\"><b><span data-contrast=\"none\">Hvorfor skal du bruge en dockingstation?<\/span><\/b><span data-ccp-props=\"{\"> <\/span><\/h2>&#13;\n&#13;\n<p><span data-contrast=\"none\">En dockingstation er en enhed, der giver dig mulighed for at tilslutte din b\u00e6rbare computer til flere eksterne enheder som f.eks. en sk\u00e6rm, et tastatur, en mus og andre enheder med kun \u00e9t kabel. Det kan hj\u00e6lpe dig med at rydde op i dit arbejdsomr\u00e5de ved at reducere antallet af kabler, du skal tilslutte til din GPD WIN 4. Det kan ogs\u00e5 hj\u00e6lpe dig med at \u00f8ge din produktivitet ved at give dig mulighed for at bruge to sk\u00e6rme p\u00e5 \u00e9n gang, hvilket kan hj\u00e6lpe dig med at multitaske mere effektivt. Derudover kan det hj\u00e6lpe dig med at forl\u00e6nge levetiden p\u00e5 din GPD WIN 4 ved at reducere slitage p\u00e5 dens porte, da du kun beh\u00f8ver at tilslutte og frakoble \u00e9t kabel i stedet for flere kabler, hver gang du bruger den.<\/span><\/p>&#13;\n","protected":false},"excerpt":{"rendered":"<ul>\n<li>Opbevar og oplad din <strong>GPD WIN 4<\/strong><\/li>\n<li>Giver dig mulighed for at forvandle <strong>h\u00e5ndholdt til fuldt skrivebord<\/strong><\/li>\n<li>Tilslut alle dine eksterne enheder.<\/li>\n<li><strong>Officielt GPD-produkt<\/strong> designet til <strong>GPD WIN 4<\/strong><\/li>\n<li><strong><span class=\"TextRun SCXW166342175 BCX8\" lang=\"EN-GB\" data-contrast=\"none\"><span class=\"NormalTextRun SCXW166342175 BCX8\">Lille, let og b\u00e6rbar.<\/span><\/span><\/strong><\/li>\n<\/ul>\n[droix_global_accordions]\n[cg_accordion title=\"Pakken indeholder\"]<\/p>\n<ul>\n<li>1x officiel GPD WIN 4-dockingstation<\/li>\n<\/ul>\n<p>[\/cg_accordion]\n","protected":false},"featured_media":364510,"template":"","meta":{"_acf_changed":false},"product_brand":[],"product_cat":[10178,10402],"product_tag":[],"woo-feed-brand":[],"key-features":[],"class_list":{"0":"post-511309","1":"product","2":"type-product","3":"status-publish","4":"has-post-thumbnail","6":"product_cat-tilbehor","7":"product_cat-tilbehor-til-gaming","8":"product_shipping_class-low-end","9":"pa_accessory-type-docking-station","10":"pa_brands-gpd-da","11":"pa_compatibility-gpd-win-4-da","13":"first","14":"outofstock","15":"sale","16":"purchasable","17":"product-type-simple"},"acf":[],"aioseo_notices":[],"aioseo_head":"\n\t\t<!-- All in One SEO Pro 4.9.6.2 - aioseo.com -->\n\t<meta name=\"description\" content=\"Opbevar og oplad din GPD WIN 4 Giver dig mulighed for at forvandle h\u00e5ndholdt til fuldt skrivebord Tilslut alle dine eksterne enheder. Officielt GPD-produkt designet til GPD WIN 4 Lille, let og b\u00e6rbar. Pakken indeholder 1x officiel GPD WIN 4-dockingstation\" \/>\n\t<meta name=\"robots\" content=\"max-image-preview:large\" \/>\n\t<link rel=\"canonical\" href=\"https:\/\/droix.eu\/da\/product\/gpd-win-4-dockingstation\/\" \/>\n\t<meta name=\"generator\" content=\"All in One SEO Pro (AIOSEO) 4.9.6.2\" \/>\n\t\t<meta property=\"og:locale\" content=\"da_DK\" \/>\n\t\t<meta property=\"og:site_name\" content=\"DROIX EU - Get the latest Mini PCs, Ultrabook, PC Gaming Handhelds and more!\" \/>\n\t\t<meta property=\"og:type\" content=\"article\" \/>\n\t\t<meta property=\"og:title\" content=\"GPD WIN 4-dockingstation - DROIX EU\" \/>\n\t\t<meta property=\"og:description\" content=\"Opbevar og oplad din GPD WIN 4 Giver dig mulighed for at forvandle h\u00e5ndholdt til fuldt skrivebord Tilslut alle dine eksterne enheder. Officielt GPD-produkt designet til GPD WIN 4 Lille, let og b\u00e6rbar. Pakken indeholder 1x officiel GPD WIN 4-dockingstation\" \/>\n\t\t<meta property=\"og:url\" content=\"https:\/\/droix.eu\/da\/product\/gpd-win-4-dockingstation\/\" \/>\n\t\t<meta property=\"og:image\" content=\"https:\/\/droix.eu\/wp-content\/uploads\/2024\/06\/droix-v2-light-logo.png\" \/>\n\t\t<meta property=\"og:image:secure_url\" content=\"https:\/\/droix.eu\/wp-content\/uploads\/2024\/06\/droix-v2-light-logo.png\" \/>\n\t\t<meta property=\"og:image:width\" content=\"380\" \/>\n\t\t<meta property=\"og:image:height\" content=\"118\" \/>\n\t\t<meta property=\"article:published_time\" content=\"2023-04-24T11:53:34+00:00\" \/>\n\t\t<meta property=\"article:modified_time\" content=\"2026-04-23T13:18:02+00:00\" \/>\n\t\t<meta property=\"article:publisher\" content=\"https:\/\/www.facebook.com\/DroiX.Store\" \/>\n\t\t<meta name=\"twitter:card\" content=\"summary_large_image\" \/>\n\t\t<meta name=\"twitter:site\" content=\"@DroiX_Store\" \/>\n\t\t<meta name=\"twitter:title\" content=\"GPD WIN 4-dockingstation - DROIX EU\" \/>\n\t\t<meta name=\"twitter:description\" content=\"Opbevar og oplad din GPD WIN 4 Giver dig mulighed for at forvandle h\u00e5ndholdt til fuldt skrivebord Tilslut alle dine eksterne enheder. Officielt GPD-produkt designet til GPD WIN 4 Lille, let og b\u00e6rbar. Pakken indeholder 1x officiel GPD WIN 4-dockingstation\" \/>\n\t\t<meta name=\"twitter:image\" content=\"https:\/\/droix.eu\/wp-content\/uploads\/2024\/06\/droix-v2-light-logo.png\" \/>\n\t\t<script type=\"application\/ld+json\" class=\"aioseo-schema\">\n\t\t\t{\"@context\":\"https:\\\/\\\/schema.org\",\"@graph\":[{\"@type\":\"BreadcrumbList\",\"@id\":\"https:\\\/\\\/droix.eu\\\/da\\\/product\\\/gpd-win-4-dockingstation\\\/#breadcrumblist\",\"itemListElement\":[{\"@type\":\"ListItem\",\"@id\":\"https:\\\/\\\/droix.eu\\\/da\\\/#listItem\",\"position\":1,\"name\":\"Home\",\"item\":\"https:\\\/\\\/droix.eu\\\/da\\\/\",\"nextItem\":{\"@type\":\"ListItem\",\"@id\":\"https:\\\/\\\/droix.eu\\\/da\\\/product-category\\\/tilbehor\\\/#listItem\",\"name\":\"Tilbeh\\u00f8r\"}},{\"@type\":\"ListItem\",\"@id\":\"https:\\\/\\\/droix.eu\\\/da\\\/product-category\\\/tilbehor\\\/#listItem\",\"position\":2,\"name\":\"Tilbeh\\u00f8r\",\"item\":\"https:\\\/\\\/droix.eu\\\/da\\\/product-category\\\/tilbehor\\\/\",\"nextItem\":{\"@type\":\"ListItem\",\"@id\":\"https:\\\/\\\/droix.eu\\\/da\\\/product-category\\\/tilbehor\\\/tilbehor-til-gaming\\\/#listItem\",\"name\":\"Tilbeh\\u00f8r til gaming\"},\"previousItem\":{\"@type\":\"ListItem\",\"@id\":\"https:\\\/\\\/droix.eu\\\/da\\\/#listItem\",\"name\":\"Home\"}},{\"@type\":\"ListItem\",\"@id\":\"https:\\\/\\\/droix.eu\\\/da\\\/product-category\\\/tilbehor\\\/tilbehor-til-gaming\\\/#listItem\",\"position\":3,\"name\":\"Tilbeh\\u00f8r til gaming\",\"item\":\"https:\\\/\\\/droix.eu\\\/da\\\/product-category\\\/tilbehor\\\/tilbehor-til-gaming\\\/\",\"nextItem\":{\"@type\":\"ListItem\",\"@id\":\"https:\\\/\\\/droix.eu\\\/da\\\/product\\\/gpd-win-4-dockingstation\\\/#listItem\",\"name\":\"GPD WIN 4-dockingstation\"},\"previousItem\":{\"@type\":\"ListItem\",\"@id\":\"https:\\\/\\\/droix.eu\\\/da\\\/product-category\\\/tilbehor\\\/#listItem\",\"name\":\"Tilbeh\\u00f8r\"}},{\"@type\":\"ListItem\",\"@id\":\"https:\\\/\\\/droix.eu\\\/da\\\/product\\\/gpd-win-4-dockingstation\\\/#listItem\",\"position\":4,\"name\":\"GPD WIN 4-dockingstation\",\"previousItem\":{\"@type\":\"ListItem\",\"@id\":\"https:\\\/\\\/droix.eu\\\/da\\\/product-category\\\/tilbehor\\\/tilbehor-til-gaming\\\/#listItem\",\"name\":\"Tilbeh\\u00f8r til gaming\"}}]},{\"@type\":\"Organization\",\"@id\":\"https:\\\/\\\/droix.eu\\\/da\\\/#organization\",\"name\":\"DroiX \\u2013 Trusted EU Tech Retailer with 12+ Years Experience\",\"description\":\"DroiX is a leading European technology retailer with over 12 years of experience, offering quality mini PCs, handheld gaming consoles, and tech accessories. We provide hassle-free EU delivery with all taxes included, ensuring a smooth and reliable shopping experience for our customers across Europe.\",\"url\":\"https:\\\/\\\/droix.eu\\\/da\\\/\",\"logo\":{\"@type\":\"ImageObject\",\"url\":\"https:\\\/\\\/droix.eu\\\/wp-content\\\/uploads\\\/2024\\\/06\\\/droix-v2-light-logo.png\",\"@id\":\"https:\\\/\\\/droix.eu\\\/da\\\/product\\\/gpd-win-4-dockingstation\\\/#organizationLogo\",\"width\":380,\"height\":118},\"image\":{\"@id\":\"https:\\\/\\\/droix.eu\\\/da\\\/product\\\/gpd-win-4-dockingstation\\\/#organizationLogo\"},\"sameAs\":[\"https:\\\/\\\/www.facebook.com\\\/DroiX.Store\",\"https:\\\/\\\/twitter.com\\\/DroiX_Store\",\"https:\\\/\\\/www.instagram.com\\\/droix.store\\\/\",\"https:\\\/\\\/www.tiktok.com\\\/@droix.store\",\"https:\\\/\\\/www.youtube.com\\\/c\\\/DroiX_Store\",\"https:\\\/\\\/uk.linkedin.com\\\/company\\\/droix\"]},{\"@type\":\"Product\",\"@id\":\"https:\\\/\\\/droix.eu\\\/da\\\/product\\\/gpd-win-4-dockingstation\\\/#wooCommerceProduct\",\"name\":\"GPD WIN 4-dockingstation\",\"description\":\"Opbevar og oplad din GPD WIN 4\\nGiver dig mulighed for at forvandle h\\u00e5ndholdt til fuldt skrivebord\\nTilslut alle dine eksterne enheder.\\nOfficielt GPD-produkt designet til GPD WIN 4\\nLille, let og b\\u00e6rbar.\",\"url\":\"https:\\\/\\\/droix.eu\\\/da\\\/product\\\/gpd-win-4-dockingstation\\\/\",\"sku\":\"GPD-WIN_4-DOCKING-STATION\",\"gtin\":\"5060763674660\",\"image\":{\"@type\":\"ImageObject\",\"url\":\"https:\\\/\\\/droix.eu\\\/wp-content\\\/uploads\\\/2023\\\/04\\\/6664315main-win4-docking.png\",\"@id\":\"https:\\\/\\\/droix.eu\\\/da\\\/product\\\/gpd-win-4-dockingstation\\\/#productImage\",\"width\":1000,\"height\":1000},\"offers\":{\"@type\":\"Offer\",\"url\":\"https:\\\/\\\/droix.eu\\\/da\\\/product\\\/gpd-win-4-dockingstation\\\/#wooCommerceOffer\",\"price\":52.95,\"priceCurrency\":\"EUR\",\"category\":\"Tilbeh\\u00f8r\",\"availability\":\"https:\\\/\\\/schema.org\\\/OutOfStock\",\"priceSpecification\":{\"@type\":\"PriceSpecification\",\"price\":52.95,\"priceCurrency\":\"EUR\",\"valueAddedTaxIncluded\":\"true\"},\"seller\":{\"@type\":\"Organization\",\"@id\":\"https:\\\/\\\/droix.eu\\\/da\\\/#organization\"}}},{\"@type\":\"WebPage\",\"@id\":\"https:\\\/\\\/droix.eu\\\/da\\\/product\\\/gpd-win-4-dockingstation\\\/#webpage\",\"url\":\"https:\\\/\\\/droix.eu\\\/da\\\/product\\\/gpd-win-4-dockingstation\\\/\",\"name\":\"GPD WIN 4-dockingstation - DROIX EU\",\"description\":\"Opbevar og oplad din GPD WIN 4 Giver dig mulighed for at forvandle h\\u00e5ndholdt til fuldt skrivebord Tilslut alle dine eksterne enheder. Officielt GPD-produkt designet til GPD WIN 4 Lille, let og b\\u00e6rbar. Pakken indeholder 1x officiel GPD WIN 4-dockingstation\",\"inLanguage\":\"da-DK\",\"isPartOf\":{\"@id\":\"https:\\\/\\\/droix.eu\\\/da\\\/#website\"},\"breadcrumb\":{\"@id\":\"https:\\\/\\\/droix.eu\\\/da\\\/product\\\/gpd-win-4-dockingstation\\\/#breadcrumblist\"},\"image\":{\"@type\":\"ImageObject\",\"url\":\"https:\\\/\\\/droix.eu\\\/wp-content\\\/uploads\\\/2023\\\/04\\\/6664315main-win4-docking.png\",\"@id\":\"https:\\\/\\\/droix.eu\\\/da\\\/product\\\/gpd-win-4-dockingstation\\\/#mainImage\",\"width\":1000,\"height\":1000},\"primaryImageOfPage\":{\"@id\":\"https:\\\/\\\/droix.eu\\\/da\\\/product\\\/gpd-win-4-dockingstation\\\/#mainImage\"},\"datePublished\":\"2023-04-24T12:53:34+01:00\",\"dateModified\":\"2026-04-23T14:18:02+01:00\"},{\"@type\":\"WebSite\",\"@id\":\"https:\\\/\\\/droix.eu\\\/da\\\/#website\",\"url\":\"https:\\\/\\\/droix.eu\\\/da\\\/\",\"name\":\"DROIX EU\",\"description\":\"Get the latest Mini PCs, Ultrabook, PC Gaming Handhelds and more!\",\"inLanguage\":\"da-DK\",\"publisher\":{\"@id\":\"https:\\\/\\\/droix.eu\\\/da\\\/#organization\"}}]}\n\t\t<\/script>\n\t\t<!-- All in One SEO Pro -->\r\n\t\t<title>GPD WIN 4-dockingstation - DROIX EU<\/title>\n\n","aioseo_head_json":{"title":"GPD WIN 4-dockingstation - DROIX EU","description":"Opbevar og oplad din GPD WIN 4 Giver dig mulighed for at forvandle h\u00e5ndholdt til fuldt skrivebord Tilslut alle dine eksterne enheder. Officielt GPD-produkt designet til GPD WIN 4 Lille, let og b\u00e6rbar. Pakken indeholder 1x officiel GPD WIN 4-dockingstation","canonical_url":"https:\/\/droix.eu\/da\/product\/gpd-win-4-dockingstation\/","robots":"max-image-preview:large","keywords":"","webmasterTools":{"miscellaneous":""},"schema":{"@context":"https:\/\/schema.org","@graph":[{"@type":"BreadcrumbList","@id":"https:\/\/droix.eu\/da\/product\/gpd-win-4-dockingstation\/#breadcrumblist","itemListElement":[{"@type":"ListItem","@id":"https:\/\/droix.eu\/da\/#listItem","position":1,"name":"Home","item":"https:\/\/droix.eu\/da\/","nextItem":{"@type":"ListItem","@id":"https:\/\/droix.eu\/da\/product-category\/tilbehor\/#listItem","name":"Tilbeh\u00f8r"}},{"@type":"ListItem","@id":"https:\/\/droix.eu\/da\/product-category\/tilbehor\/#listItem","position":2,"name":"Tilbeh\u00f8r","item":"https:\/\/droix.eu\/da\/product-category\/tilbehor\/","nextItem":{"@type":"ListItem","@id":"https:\/\/droix.eu\/da\/product-category\/tilbehor\/tilbehor-til-gaming\/#listItem","name":"Tilbeh\u00f8r til gaming"},"previousItem":{"@type":"ListItem","@id":"https:\/\/droix.eu\/da\/#listItem","name":"Home"}},{"@type":"ListItem","@id":"https:\/\/droix.eu\/da\/product-category\/tilbehor\/tilbehor-til-gaming\/#listItem","position":3,"name":"Tilbeh\u00f8r til gaming","item":"https:\/\/droix.eu\/da\/product-category\/tilbehor\/tilbehor-til-gaming\/","nextItem":{"@type":"ListItem","@id":"https:\/\/droix.eu\/da\/product\/gpd-win-4-dockingstation\/#listItem","name":"GPD WIN 4-dockingstation"},"previousItem":{"@type":"ListItem","@id":"https:\/\/droix.eu\/da\/product-category\/tilbehor\/#listItem","name":"Tilbeh\u00f8r"}},{"@type":"ListItem","@id":"https:\/\/droix.eu\/da\/product\/gpd-win-4-dockingstation\/#listItem","position":4,"name":"GPD WIN 4-dockingstation","previousItem":{"@type":"ListItem","@id":"https:\/\/droix.eu\/da\/product-category\/tilbehor\/tilbehor-til-gaming\/#listItem","name":"Tilbeh\u00f8r til gaming"}}]},{"@type":"Organization","@id":"https:\/\/droix.eu\/da\/#organization","name":"DroiX \u2013 Trusted EU Tech Retailer with 12+ Years Experience","description":"DroiX is a leading European technology retailer with over 12 years of experience, offering quality mini PCs, handheld gaming consoles, and tech accessories. We provide hassle-free EU delivery with all taxes included, ensuring a smooth and reliable shopping experience for our customers across Europe.","url":"https:\/\/droix.eu\/da\/","logo":{"@type":"ImageObject","url":"https:\/\/droix.eu\/wp-content\/uploads\/2024\/06\/droix-v2-light-logo.png","@id":"https:\/\/droix.eu\/da\/product\/gpd-win-4-dockingstation\/#organizationLogo","width":380,"height":118},"image":{"@id":"https:\/\/droix.eu\/da\/product\/gpd-win-4-dockingstation\/#organizationLogo"},"sameAs":["https:\/\/www.facebook.com\/DroiX.Store","https:\/\/twitter.com\/DroiX_Store","https:\/\/www.instagram.com\/droix.store\/","https:\/\/www.tiktok.com\/@droix.store","https:\/\/www.youtube.com\/c\/DroiX_Store","https:\/\/uk.linkedin.com\/company\/droix"]},{"@type":"Product","@id":"https:\/\/droix.eu\/da\/product\/gpd-win-4-dockingstation\/#wooCommerceProduct","name":"GPD WIN 4-dockingstation","description":"Opbevar og oplad din GPD WIN 4\nGiver dig mulighed for at forvandle h\u00e5ndholdt til fuldt skrivebord\nTilslut alle dine eksterne enheder.\nOfficielt GPD-produkt designet til GPD WIN 4\nLille, let og b\u00e6rbar.","url":"https:\/\/droix.eu\/da\/product\/gpd-win-4-dockingstation\/","sku":"GPD-WIN_4-DOCKING-STATION","gtin":"5060763674660","image":{"@type":"ImageObject","url":"https:\/\/droix.eu\/wp-content\/uploads\/2023\/04\/6664315main-win4-docking.png","@id":"https:\/\/droix.eu\/da\/product\/gpd-win-4-dockingstation\/#productImage","width":1000,"height":1000},"offers":{"@type":"Offer","url":"https:\/\/droix.eu\/da\/product\/gpd-win-4-dockingstation\/#wooCommerceOffer","price":52.95,"priceCurrency":"EUR","category":"Tilbeh\u00f8r","availability":"https:\/\/schema.org\/OutOfStock","priceSpecification":{"@type":"PriceSpecification","price":52.95,"priceCurrency":"EUR","valueAddedTaxIncluded":"true"},"seller":{"@type":"Organization","@id":"https:\/\/droix.eu\/da\/#organization"}}},{"@type":"WebPage","@id":"https:\/\/droix.eu\/da\/product\/gpd-win-4-dockingstation\/#webpage","url":"https:\/\/droix.eu\/da\/product\/gpd-win-4-dockingstation\/","name":"GPD WIN 4-dockingstation - DROIX EU","description":"Opbevar og oplad din GPD WIN 4 Giver dig mulighed for at forvandle h\u00e5ndholdt til fuldt skrivebord Tilslut alle dine eksterne enheder. Officielt GPD-produkt designet til GPD WIN 4 Lille, let og b\u00e6rbar. Pakken indeholder 1x officiel GPD WIN 4-dockingstation","inLanguage":"da-DK","isPartOf":{"@id":"https:\/\/droix.eu\/da\/#website"},"breadcrumb":{"@id":"https:\/\/droix.eu\/da\/product\/gpd-win-4-dockingstation\/#breadcrumblist"},"image":{"@type":"ImageObject","url":"https:\/\/droix.eu\/wp-content\/uploads\/2023\/04\/6664315main-win4-docking.png","@id":"https:\/\/droix.eu\/da\/product\/gpd-win-4-dockingstation\/#mainImage","width":1000,"height":1000},"primaryImageOfPage":{"@id":"https:\/\/droix.eu\/da\/product\/gpd-win-4-dockingstation\/#mainImage"},"datePublished":"2023-04-24T12:53:34+01:00","dateModified":"2026-04-23T14:18:02+01:00"},{"@type":"WebSite","@id":"https:\/\/droix.eu\/da\/#website","url":"https:\/\/droix.eu\/da\/","name":"DROIX EU","description":"Get the latest Mini PCs, Ultrabook, PC Gaming Handhelds and more!","inLanguage":"da-DK","publisher":{"@id":"https:\/\/droix.eu\/da\/#organization"}}]},"og:locale":"da_DK","og:site_name":"DROIX EU - Get the latest Mini PCs, Ultrabook, PC Gaming Handhelds and more!","og:type":"article","og:title":"GPD WIN 4-dockingstation - DROIX EU","og:description":"Opbevar og oplad din GPD WIN 4 Giver dig mulighed for at forvandle h\u00e5ndholdt til fuldt skrivebord Tilslut alle dine eksterne enheder. Officielt GPD-produkt designet til GPD WIN 4 Lille, let og b\u00e6rbar. Pakken indeholder 1x officiel GPD WIN 4-dockingstation","og:url":"https:\/\/droix.eu\/da\/product\/gpd-win-4-dockingstation\/","og:image":"https:\/\/droix.eu\/wp-content\/uploads\/2024\/06\/droix-v2-light-logo.png","og:image:secure_url":"https:\/\/droix.eu\/wp-content\/uploads\/2024\/06\/droix-v2-light-logo.png","og:image:width":380,"og:image:height":118,"article:published_time":"2023-04-24T11:53:34+00:00","article:modified_time":"2026-04-23T13:18:02+00:00","article:publisher":"https:\/\/www.facebook.com\/DroiX.Store","twitter:card":"summary_large_image","twitter:site":"@DroiX_Store","twitter:title":"GPD WIN 4-dockingstation - DROIX EU","twitter:description":"Opbevar og oplad din GPD WIN 4 Giver dig mulighed for at forvandle h\u00e5ndholdt til fuldt skrivebord Tilslut alle dine eksterne enheder. Officielt GPD-produkt designet til GPD WIN 4 Lille, let og b\u00e6rbar. Pakken indeholder 1x officiel GPD WIN 4-dockingstation","twitter:image":"https:\/\/droix.eu\/wp-content\/uploads\/2024\/06\/droix-v2-light-logo.png"},"aioseo_meta_data":{"post_id":"511309","title":null,"description":null,"keywords":null,"keyphrases":null,"primary_term":null,"canonical_url":null,"og_title":null,"og_description":null,"og_object_type":"default","og_image_type":"default","og_image_url":null,"og_image_width":null,"og_image_height":null,"og_image_custom_url":null,"og_image_custom_fields":null,"og_video":null,"og_custom_url":null,"og_article_section":null,"og_article_tags":null,"twitter_use_og":true,"twitter_card":"default","twitter_image_type":"default","twitter_image_url":null,"twitter_image_custom_url":null,"twitter_image_custom_fields":null,"twitter_title":null,"twitter_description":null,"schema":{"blockGraphs":[],"customGraphs":[],"default":{"data":{"Article":[],"Course":[],"Dataset":[],"FAQPage":[],"Movie":[],"Person":[],"Product":[],"ProductReview":[],"Car":[],"Recipe":[],"Service":[],"SoftwareApplication":[],"WebPage":[]},"graphName":"Product","isEnabled":true},"graphs":[]},"schema_type":"default","schema_type_options":null,"pillar_content":false,"robots_default":true,"robots_noindex":false,"robots_noarchive":false,"robots_nosnippet":false,"robots_nofollow":false,"robots_noimageindex":false,"robots_noodp":false,"robots_notranslate":false,"robots_max_snippet":null,"robots_max_videopreview":null,"robots_max_imagepreview":"large","priority":null,"frequency":null,"local_seo":null,"seo_analyzer_scan_date":"2026-04-23 14:05:54","breadcrumb_settings":null,"limit_modified_date":false,"reviewed_by":null,"open_ai":null,"ai":null,"created":"2025-10-09 04:09:56","updated":"2026-04-23 15:30:45"},"aioseo_breadcrumb":"<div class=\"aioseo-breadcrumbs\"><span class=\"aioseo-breadcrumb\">\n\t<a href=\"https:\/\/droix.eu\/da\/\" title=\"Home\">Home<\/a>\n<\/span><span class=\"aioseo-breadcrumb-separator\">&raquo;<\/span><span class=\"aioseo-breadcrumb\">\n\t<a href=\"https:\/\/droix.eu\/da\/product-category\/tilbehor\/\" title=\"Tilbeh\u00f8r\">Tilbeh\u00f8r<\/a>\n<\/span><span class=\"aioseo-breadcrumb-separator\">&raquo;<\/span><span class=\"aioseo-breadcrumb\">\n\t<a href=\"https:\/\/droix.eu\/da\/product-category\/tilbehor\/tilbehor-til-gaming\/\" title=\"Tilbeh\u00f8r til gaming\">Tilbeh\u00f8r til gaming<\/a>\n<\/span><span class=\"aioseo-breadcrumb-separator\">&raquo;<\/span><span class=\"aioseo-breadcrumb\">\n\tGPD WIN 4-dockingstation\n<\/span><\/div>","aioseo_breadcrumb_json":[{"label":"Home","link":"https:\/\/droix.eu\/da\/"},{"label":"Tilbeh\u00f8r","link":"https:\/\/droix.eu\/da\/product-category\/tilbehor\/"},{"label":"Tilbeh\u00f8r til gaming","link":"https:\/\/droix.eu\/da\/product-category\/tilbehor\/tilbehor-til-gaming\/"},{"label":"GPD WIN 4-dockingstation","link":"https:\/\/droix.eu\/da\/product\/gpd-win-4-dockingstation\/"}],"_links":{"self":[{"href":"https:\/\/droix.eu\/da\/wp-json\/wp\/v2\/product\/511309","targetHints":{"allow":["GET"]}}],"collection":[{"href":"https:\/\/droix.eu\/da\/wp-json\/wp\/v2\/product"}],"about":[{"href":"https:\/\/droix.eu\/da\/wp-json\/wp\/v2\/types\/product"}],"version-history":[{"count":0,"href":"https:\/\/droix.eu\/da\/wp-json\/wp\/v2\/product\/511309\/revisions"}],"wp:featuredmedia":[{"embeddable":true,"href":"https:\/\/droix.eu\/da\/wp-json\/wp\/v2\/media\/364510"}],"wp:attachment":[{"href":"https:\/\/droix.eu\/da\/wp-json\/wp\/v2\/media?parent=511309"}],"wp:term":[{"taxonomy":"product_brand","embeddable":true,"href":"https:\/\/droix.eu\/da\/wp-json\/wp\/v2\/product_brand?post=511309"},{"taxonomy":"product_cat","embeddable":true,"href":"https:\/\/droix.eu\/da\/wp-json\/wp\/v2\/product_cat?post=511309"},{"taxonomy":"product_tag","embeddable":true,"href":"https:\/\/droix.eu\/da\/wp-json\/wp\/v2\/product_tag?post=511309"},{"taxonomy":"woo-feed-brand","embeddable":true,"href":"https:\/\/droix.eu\/da\/wp-json\/wp\/v2\/woo-feed-brand?post=511309"},{"taxonomy":"key-features","embeddable":true,"href":"https:\/\/droix.eu\/da\/wp-json\/wp\/v2\/key-features?post=511309"}],"curies":[{"name":"wp","href":"https:\/\/api.w.org\/{rel}","templated":true}]}}