{"id":509351,"date":"2023-11-21T11:50:59","date_gmt":"2023-11-21T11:50:59","guid":{"rendered":"https:\/\/droix.eu\/product\/gpd-win-mini-taske\/"},"modified":"2025-11-14T12:11:24","modified_gmt":"2025-11-14T12:11:24","slug":"gpd-win-mini-taske","status":"publish","type":"product","link":"https:\/\/droix.eu\/da\/product\/gpd-win-mini-taske\/","title":{"rendered":"GPD WIN Mini Case"},"content":{"rendered":"<p><b><span data-contrast=\"none\">GPD WIN Mini Case &#8211; l\u00f8ft din spiloplevelse<\/span><\/b><span data-ccp-props=\"{\"201341983\":0,\"335559738\":120,\"335559739\":120,\"335559740\":192}\"> <\/span><\/p>\n<p><span data-contrast=\"none\">Tag din <\/span><a href=\"https:\/\/droix.eu\/da\/product\/gpd-win-mini\/\"><span data-contrast=\"none\">GPD WIN Mini.<\/span><\/a><span data-contrast=\"none\">  gaming-sessioner til det n\u00e6ste niveau med den officielle GPD Case. Bygget til at supplere GPD Win Minis slanke design.<\/span><\/p>\n","protected":false},"excerpt":{"rendered":"<ul>\n<li><strong>Officiel GPD-taske: Skr<\/strong> \u00e6ddersyet til GPD WIN Mini<\/li>\n<li><strong>Overlegent greb:<\/strong> Indvendig strop til at sikre din GPD WIN Mini<\/li>\n<li><strong>Komfortabelt design:<\/strong> Bl\u00f8d og sikker foring<\/li>\n<li><strong>Elegant design:<\/strong> Inkluderet h\u00e5ndrem<\/li>\n<li><strong>Holdbar skal:<\/strong> Sig farvel til ridser og skrammer<\/li>\n<\/ul>\n[cg_accordion title=\"2 \u00e5rs garanti p\u00e5 alle GPD-produkter\"]<\/p>\n<p>Alle GPD-produkter leveres med 2 \u00e5rs garanti og underst\u00f8ttes af over 13 \u00e5rs p\u00e5lidelig service. Bliv en del af vores f\u00e6llesskab med over 500.000 glade kunder, og f\u00f8l dig sikker p\u00e5 dit k\u00f8b. [\/cg_accordion]\n[cg_accordion title=\"Kvalitetssikring og test f\u00f8r afsendelse\"]<\/p>\n<p>Sikrer kundetilfredshed p\u00e5 h\u00f8jeste niveau: Hver enhed gennemg\u00e5r strenge tests og et kvalitetssikringstjek p\u00e5 flere punkter, f\u00f8r den sendes af sted. Vores dedikerede team verificerer ydeevne, funktionalitet og komponentintegritet for at garantere, at din GPD-enhed er i perfekt stand ved ankomsten, hvilket giver dig tillid og ro i sindet. [\/cg_accordion]\n[cg_accordion title=\"Fleksible og sikre betalingsmuligheder\"]<\/p>\n<p>F\u00e5 ro i sindet med vores sikre betalingssystem. Vi underst\u00f8tter alle st\u00f8rre betalingsmetoder, herunder betalingskort, PayPal, Apple Pay, Google Pay, Klarna, Afterpay og Affirm &#8211; hvilket giver dig frihed til at betale p\u00e5 din m\u00e5de, uanset om det er p\u00e5 forh\u00e5nd eller i nemme rater. [\/cg_accordion]\n[cg_accordion title=\"Skatter og afgifter\"]<\/p>\n<p>Priserne er inklusive g\u00e6ldende moms, som kan v\u00e6re op til 25 % afh\u00e6ngigt af dit land. Det n\u00f8jagtige bel\u00f8b vises i kassen for at sikre fuld gennemsigtighed. [\/cg_accordion]\n[cg_accordion title=\"Forsendelse og returnering\"]<\/p>\n<p>Vi samarbejder med over 10 p\u00e5lidelige fragtpartnere for at sikre, at din ordre kommer hurtigt, sikkert og p\u00e5lideligt frem.<\/p>\n<p>Vi bruger ekspres DDP-forsendelse (Delivered Duty Paid). Dette betyder: <\/p>\n<li>Alle toldafgifter og skatter er allerede inkluderet i den viste produktpris.<\/li>\n<li>Du f\u00e5r ikke nogen overraskelsesgebyrer ved levering.<\/li>\n<li>I det sj\u00e6ldne tilf\u00e6lde, at der opst\u00e5r forsinkelser i toldbehandlingen, vil vores team h\u00e5ndtere klareringsprocessen for dig for at sikre en problemfri levering.<\/li>\n<p>Vigtig information om returnering:<\/p>\n<li>Hvis du returnerer din ordre eller anmoder om refusion, skal du v\u00e6re opm\u00e6rksom p\u00e5, at eventuelle skatter og afgifter, der er betalt p\u00e5 dine vegne i henhold til DDP-vilk\u00e5r, ikke refunderes.<\/li>\n<p>Se vores <a href=\"https:\/\/droix.eu\/da\/vilkaar-og-betingelser\/\" target=\"_blank\" rel=\"nofollow noopener\">vilk\u00e5r og betingelser<\/a> for detaljerede oplysninger.\n<\/ul>\n<p>[\/cg_accordion]\n[cg_accordion title=\"Kundesupport\"]<\/p>\n<p>Har du et sp\u00f8rgsm\u00e5l? Vi er kun en kort sms v\u00e6k fra at have l\u00f8st dit problem! [\/cg_accordion]\n[cg_accordion title=\"Pakken indeholder\"]<\/p>\n<ul>\n<li>1x GPD WIN Mini Case<\/li>\n<\/ul>\n<p>[\/cg_accordion]\n","protected":false},"featured_media":448016,"template":"","meta":{"_acf_changed":false},"product_brand":[],"product_cat":[10178,10179,10402],"product_tag":[],"woo-feed-brand":[],"key-features":[],"class_list":{"0":"post-509351","1":"product","2":"type-product","3":"status-publish","4":"has-post-thumbnail","6":"product_cat-tilbehor","7":"product_cat-tilbehor-til-baerbare-computere","8":"product_cat-tilbehor-til-gaming","9":"product_shipping_class-low-end","10":"pa_accessory-type-protective-case","11":"pa_brands-gpd-da","12":"pa_compatibility-gpd-win-mini-da","14":"first","15":"instock","16":"sale","17":"taxable","18":"shipping-taxable","19":"purchasable","20":"product-type-variable","21":"has-default-attributes"},"acf":[],"aioseo_notices":[],"aioseo_head":"\n\t\t<!-- All in One SEO Pro 4.9.6.2 - aioseo.com -->\n\t<meta name=\"description\" content=\"Officiel GPD-taske: Skr \u00e6ddersyet til GPD WIN Mini Overlegent greb: Indvendig strop til at sikre din GPD WIN Mini Komfortabelt design: Bl\u00f8d og sikker foring Elegant design: Inkluderet h\u00e5ndrem Holdbar skal: Sig farvel til ridser og skrammer\" \/>\n\t<meta name=\"robots\" content=\"max-image-preview:large\" \/>\n\t<link rel=\"canonical\" href=\"https:\/\/droix.eu\/da\/product\/gpd-win-mini-taske\/\" \/>\n\t<meta name=\"generator\" content=\"All in One SEO Pro (AIOSEO) 4.9.6.2\" \/>\n\t\t<meta property=\"og:locale\" content=\"da_DK\" \/>\n\t\t<meta property=\"og:site_name\" content=\"DROIX EU - Get the latest Mini PCs, Ultrabook, PC Gaming Handhelds and more!\" \/>\n\t\t<meta property=\"og:type\" content=\"article\" \/>\n\t\t<meta property=\"og:title\" content=\"GPD WIN Mini Case - DROIX EU\" \/>\n\t\t<meta property=\"og:description\" content=\"Officiel GPD-taske: Skr \u00e6ddersyet til GPD WIN Mini Overlegent greb: Indvendig strop til at sikre din GPD WIN Mini Komfortabelt design: Bl\u00f8d og sikker foring Elegant design: Inkluderet h\u00e5ndrem Holdbar skal: Sig farvel til ridser og skrammer\" \/>\n\t\t<meta property=\"og:url\" content=\"https:\/\/droix.eu\/da\/product\/gpd-win-mini-taske\/\" \/>\n\t\t<meta property=\"og:image\" content=\"https:\/\/droix.eu\/wp-content\/uploads\/2024\/06\/droix-v2-light-logo.png\" \/>\n\t\t<meta property=\"og:image:secure_url\" content=\"https:\/\/droix.eu\/wp-content\/uploads\/2024\/06\/droix-v2-light-logo.png\" \/>\n\t\t<meta property=\"og:image:width\" content=\"380\" \/>\n\t\t<meta property=\"og:image:height\" content=\"118\" \/>\n\t\t<meta property=\"article:published_time\" content=\"2023-11-21T11:50:59+00:00\" \/>\n\t\t<meta property=\"article:modified_time\" content=\"2025-11-14T12:11:24+00:00\" \/>\n\t\t<meta property=\"article:publisher\" content=\"https:\/\/www.facebook.com\/DroiX.Store\" \/>\n\t\t<meta name=\"twitter:card\" content=\"summary_large_image\" \/>\n\t\t<meta name=\"twitter:site\" content=\"@DroiX_Store\" \/>\n\t\t<meta name=\"twitter:title\" content=\"GPD WIN Mini Case - DROIX EU\" \/>\n\t\t<meta name=\"twitter:description\" content=\"Officiel GPD-taske: Skr \u00e6ddersyet til GPD WIN Mini Overlegent greb: Indvendig strop til at sikre din GPD WIN Mini Komfortabelt design: Bl\u00f8d og sikker foring Elegant design: Inkluderet h\u00e5ndrem Holdbar skal: Sig farvel til ridser og skrammer\" \/>\n\t\t<meta name=\"twitter:image\" content=\"https:\/\/droix.eu\/wp-content\/uploads\/2024\/06\/droix-v2-light-logo.png\" \/>\n\t\t<script type=\"application\/ld+json\" class=\"aioseo-schema\">\n\t\t\t{\"@context\":\"https:\\\/\\\/schema.org\",\"@graph\":[{\"@type\":\"BreadcrumbList\",\"@id\":\"https:\\\/\\\/droix.eu\\\/da\\\/product\\\/gpd-win-mini-taske\\\/#breadcrumblist\",\"itemListElement\":[{\"@type\":\"ListItem\",\"@id\":\"https:\\\/\\\/droix.eu\\\/da\\\/#listItem\",\"position\":1,\"name\":\"Home\",\"item\":\"https:\\\/\\\/droix.eu\\\/da\\\/\",\"nextItem\":{\"@type\":\"ListItem\",\"@id\":\"https:\\\/\\\/droix.eu\\\/da\\\/product-category\\\/tilbehor\\\/#listItem\",\"name\":\"Tilbeh\\u00f8r\"}},{\"@type\":\"ListItem\",\"@id\":\"https:\\\/\\\/droix.eu\\\/da\\\/product-category\\\/tilbehor\\\/#listItem\",\"position\":2,\"name\":\"Tilbeh\\u00f8r\",\"item\":\"https:\\\/\\\/droix.eu\\\/da\\\/product-category\\\/tilbehor\\\/\",\"nextItem\":{\"@type\":\"ListItem\",\"@id\":\"https:\\\/\\\/droix.eu\\\/da\\\/product-category\\\/tilbehor\\\/tilbehor-til-baerbare-computere\\\/#listItem\",\"name\":\"Tilbeh\\u00f8r til b\\u00e6rbare computere\"},\"previousItem\":{\"@type\":\"ListItem\",\"@id\":\"https:\\\/\\\/droix.eu\\\/da\\\/#listItem\",\"name\":\"Home\"}},{\"@type\":\"ListItem\",\"@id\":\"https:\\\/\\\/droix.eu\\\/da\\\/product-category\\\/tilbehor\\\/tilbehor-til-baerbare-computere\\\/#listItem\",\"position\":3,\"name\":\"Tilbeh\\u00f8r til b\\u00e6rbare computere\",\"item\":\"https:\\\/\\\/droix.eu\\\/da\\\/product-category\\\/tilbehor\\\/tilbehor-til-baerbare-computere\\\/\",\"nextItem\":{\"@type\":\"ListItem\",\"@id\":\"https:\\\/\\\/droix.eu\\\/da\\\/product\\\/gpd-win-mini-taske\\\/#listItem\",\"name\":\"GPD WIN Mini Case\"},\"previousItem\":{\"@type\":\"ListItem\",\"@id\":\"https:\\\/\\\/droix.eu\\\/da\\\/product-category\\\/tilbehor\\\/#listItem\",\"name\":\"Tilbeh\\u00f8r\"}},{\"@type\":\"ListItem\",\"@id\":\"https:\\\/\\\/droix.eu\\\/da\\\/product\\\/gpd-win-mini-taske\\\/#listItem\",\"position\":4,\"name\":\"GPD WIN Mini Case\",\"previousItem\":{\"@type\":\"ListItem\",\"@id\":\"https:\\\/\\\/droix.eu\\\/da\\\/product-category\\\/tilbehor\\\/tilbehor-til-baerbare-computere\\\/#listItem\",\"name\":\"Tilbeh\\u00f8r til b\\u00e6rbare computere\"}}]},{\"@type\":\"Organization\",\"@id\":\"https:\\\/\\\/droix.eu\\\/da\\\/#organization\",\"name\":\"DroiX \\u2013 Trusted EU Tech Retailer with 12+ Years Experience\",\"description\":\"DroiX is a leading European technology retailer with over 12 years of experience, offering quality mini PCs, handheld gaming consoles, and tech accessories. We provide hassle-free EU delivery with all taxes included, ensuring a smooth and reliable shopping experience for our customers across Europe.\",\"url\":\"https:\\\/\\\/droix.eu\\\/da\\\/\",\"logo\":{\"@type\":\"ImageObject\",\"url\":\"https:\\\/\\\/droix.eu\\\/wp-content\\\/uploads\\\/2024\\\/06\\\/droix-v2-light-logo.png\",\"@id\":\"https:\\\/\\\/droix.eu\\\/da\\\/product\\\/gpd-win-mini-taske\\\/#organizationLogo\",\"width\":380,\"height\":118},\"image\":{\"@id\":\"https:\\\/\\\/droix.eu\\\/da\\\/product\\\/gpd-win-mini-taske\\\/#organizationLogo\"},\"sameAs\":[\"https:\\\/\\\/www.facebook.com\\\/DroiX.Store\",\"https:\\\/\\\/twitter.com\\\/DroiX_Store\",\"https:\\\/\\\/www.instagram.com\\\/droix.store\\\/\",\"https:\\\/\\\/www.tiktok.com\\\/@droix.store\",\"https:\\\/\\\/www.youtube.com\\\/c\\\/DroiX_Store\",\"https:\\\/\\\/uk.linkedin.com\\\/company\\\/droix\"]},{\"@type\":\"ProductGroup\",\"@id\":\"https:\\\/\\\/droix.eu\\\/da\\\/product\\\/gpd-win-mini-taske\\\/#wooCommerceProduct\",\"name\":\"GPD WIN Mini Case\",\"description\":\"Officiel GPD-taske: Skr \\u00e6ddersyet til GPD WIN Mini\\n \\tOverlegent greb: Indvendig strop til at sikre din GPD WIN Mini\\n \\tKomfortabelt design: Bl\\u00f8d og sikker foring\\n \\tElegant design: Inkluderet h\\u00e5ndrem\\n \\tHoldbar skal: Sig farvel til ridser og skrammer\",\"url\":\"https:\\\/\\\/droix.eu\\\/da\\\/product\\\/gpd-win-mini-taske\\\/\",\"image\":{\"@type\":\"ImageObject\",\"url\":\"https:\\\/\\\/droix.eu\\\/wp-content\\\/uploads\\\/2023\\\/11\\\/GPD-WIN-MINI-CASE-1.png\",\"@id\":\"https:\\\/\\\/droix.eu\\\/da\\\/product\\\/gpd-win-mini-taske\\\/#productImage\",\"width\":960,\"height\":960,\"caption\":\"GPD WIN Mini Case\"},\"productGroupID\":509351,\"hasVariant\":[{\"@type\":\"Product\",\"@id\":\"https:\\\/\\\/droix.eu\\\/da\\\/product\\\/gpd-win-mini-taske\\\/#wooCommerceProduct\",\"name\":\"GPD WIN Mini Case - new\",\"description\":\"Officiel GPD-taske: Skr \\u00e6ddersyet til GPD WIN Mini\\n \\tOverlegent greb: Indvendig strop til at sikre din GPD WIN Mini\\n \\tKomfortabelt design: Bl\\u00f8d og sikker foring\\n \\tElegant design: Inkluderet h\\u00e5ndrem\\n \\tHoldbar skal: Sig farvel til ridser og skrammer\",\"url\":\"https:\\\/\\\/droix.eu\\\/da\\\/product\\\/gpd-win-mini-taske\\\/\",\"sku\":\"GPD-WIN-MINI-CASE\",\"gtin\":\"5060763677142\",\"image\":{\"@type\":\"ImageObject\",\"url\":\"https:\\\/\\\/droix.eu\\\/wp-content\\\/uploads\\\/2023\\\/11\\\/GPD-WIN-MINI-CASE-1.png\",\"@id\":\"https:\\\/\\\/droix.eu\\\/da\\\/product\\\/gpd-win-mini-taske\\\/#productImage\",\"width\":960,\"height\":960,\"caption\":\"GPD WIN Mini Case\"},\"offers\":{\"@type\":\"Offer\",\"url\":\"https:\\\/\\\/droix.eu\\\/da\\\/product\\\/gpd-win-mini-taske\\\/#wooCommerceOffer\",\"price\":\"6696.66\",\"priceCurrency\":\"HUF\",\"category\":\"Tilbeh\\u00f8r\",\"availability\":\"https:\\\/\\\/schema.org\\\/InStock\",\"priceSpecification\":{\"@type\":\"PriceSpecification\",\"price\":6696.66,\"priceCurrency\":\"HUF\",\"valueAddedTaxIncluded\":\"true\"}}}]},{\"@type\":\"WebPage\",\"@id\":\"https:\\\/\\\/droix.eu\\\/da\\\/product\\\/gpd-win-mini-taske\\\/#webpage\",\"url\":\"https:\\\/\\\/droix.eu\\\/da\\\/product\\\/gpd-win-mini-taske\\\/\",\"name\":\"GPD WIN Mini Case - DROIX EU\",\"description\":\"Officiel GPD-taske: Skr \\u00e6ddersyet til GPD WIN Mini Overlegent greb: Indvendig strop til at sikre din GPD WIN Mini Komfortabelt design: Bl\\u00f8d og sikker foring Elegant design: Inkluderet h\\u00e5ndrem Holdbar skal: Sig farvel til ridser og skrammer\",\"inLanguage\":\"da-DK\",\"isPartOf\":{\"@id\":\"https:\\\/\\\/droix.eu\\\/da\\\/#website\"},\"breadcrumb\":{\"@id\":\"https:\\\/\\\/droix.eu\\\/da\\\/product\\\/gpd-win-mini-taske\\\/#breadcrumblist\"},\"image\":{\"@type\":\"ImageObject\",\"url\":\"https:\\\/\\\/droix.eu\\\/wp-content\\\/uploads\\\/2023\\\/11\\\/GPD-WIN-MINI-CASE-1.png\",\"@id\":\"https:\\\/\\\/droix.eu\\\/da\\\/product\\\/gpd-win-mini-taske\\\/#mainImage\",\"width\":960,\"height\":960,\"caption\":\"GPD WIN Mini Case\"},\"primaryImageOfPage\":{\"@id\":\"https:\\\/\\\/droix.eu\\\/da\\\/product\\\/gpd-win-mini-taske\\\/#mainImage\"},\"datePublished\":\"2023-11-21T11:50:59+00:00\",\"dateModified\":\"2025-11-14T12:11:24+00:00\"},{\"@type\":\"WebSite\",\"@id\":\"https:\\\/\\\/droix.eu\\\/da\\\/#website\",\"url\":\"https:\\\/\\\/droix.eu\\\/da\\\/\",\"name\":\"DROIX EU\",\"description\":\"Get the latest Mini PCs, Ultrabook, PC Gaming Handhelds and more!\",\"inLanguage\":\"da-DK\",\"publisher\":{\"@id\":\"https:\\\/\\\/droix.eu\\\/da\\\/#organization\"}}]}\n\t\t<\/script>\n\t\t<!-- All in One SEO Pro -->\r\n\t\t<title>GPD WIN Mini Case - DROIX EU<\/title>\n\n","aioseo_head_json":{"title":"GPD WIN Mini Case - DROIX EU","description":"Officiel GPD-taske: Skr \u00e6ddersyet til GPD WIN Mini Overlegent greb: Indvendig strop til at sikre din GPD WIN Mini Komfortabelt design: Bl\u00f8d og sikker foring Elegant design: Inkluderet h\u00e5ndrem Holdbar skal: Sig farvel til ridser og skrammer","canonical_url":"https:\/\/droix.eu\/da\/product\/gpd-win-mini-taske\/","robots":"max-image-preview:large","keywords":"","webmasterTools":{"miscellaneous":""},"schema":{"@context":"https:\/\/schema.org","@graph":[{"@type":"BreadcrumbList","@id":"https:\/\/droix.eu\/da\/product\/gpd-win-mini-taske\/#breadcrumblist","itemListElement":[{"@type":"ListItem","@id":"https:\/\/droix.eu\/da\/#listItem","position":1,"name":"Home","item":"https:\/\/droix.eu\/da\/","nextItem":{"@type":"ListItem","@id":"https:\/\/droix.eu\/da\/product-category\/tilbehor\/#listItem","name":"Tilbeh\u00f8r"}},{"@type":"ListItem","@id":"https:\/\/droix.eu\/da\/product-category\/tilbehor\/#listItem","position":2,"name":"Tilbeh\u00f8r","item":"https:\/\/droix.eu\/da\/product-category\/tilbehor\/","nextItem":{"@type":"ListItem","@id":"https:\/\/droix.eu\/da\/product-category\/tilbehor\/tilbehor-til-baerbare-computere\/#listItem","name":"Tilbeh\u00f8r til b\u00e6rbare computere"},"previousItem":{"@type":"ListItem","@id":"https:\/\/droix.eu\/da\/#listItem","name":"Home"}},{"@type":"ListItem","@id":"https:\/\/droix.eu\/da\/product-category\/tilbehor\/tilbehor-til-baerbare-computere\/#listItem","position":3,"name":"Tilbeh\u00f8r til b\u00e6rbare computere","item":"https:\/\/droix.eu\/da\/product-category\/tilbehor\/tilbehor-til-baerbare-computere\/","nextItem":{"@type":"ListItem","@id":"https:\/\/droix.eu\/da\/product\/gpd-win-mini-taske\/#listItem","name":"GPD WIN Mini Case"},"previousItem":{"@type":"ListItem","@id":"https:\/\/droix.eu\/da\/product-category\/tilbehor\/#listItem","name":"Tilbeh\u00f8r"}},{"@type":"ListItem","@id":"https:\/\/droix.eu\/da\/product\/gpd-win-mini-taske\/#listItem","position":4,"name":"GPD WIN Mini Case","previousItem":{"@type":"ListItem","@id":"https:\/\/droix.eu\/da\/product-category\/tilbehor\/tilbehor-til-baerbare-computere\/#listItem","name":"Tilbeh\u00f8r til b\u00e6rbare computere"}}]},{"@type":"Organization","@id":"https:\/\/droix.eu\/da\/#organization","name":"DroiX \u2013 Trusted EU Tech Retailer with 12+ Years Experience","description":"DroiX is a leading European technology retailer with over 12 years of experience, offering quality mini PCs, handheld gaming consoles, and tech accessories. We provide hassle-free EU delivery with all taxes included, ensuring a smooth and reliable shopping experience for our customers across Europe.","url":"https:\/\/droix.eu\/da\/","logo":{"@type":"ImageObject","url":"https:\/\/droix.eu\/wp-content\/uploads\/2024\/06\/droix-v2-light-logo.png","@id":"https:\/\/droix.eu\/da\/product\/gpd-win-mini-taske\/#organizationLogo","width":380,"height":118},"image":{"@id":"https:\/\/droix.eu\/da\/product\/gpd-win-mini-taske\/#organizationLogo"},"sameAs":["https:\/\/www.facebook.com\/DroiX.Store","https:\/\/twitter.com\/DroiX_Store","https:\/\/www.instagram.com\/droix.store\/","https:\/\/www.tiktok.com\/@droix.store","https:\/\/www.youtube.com\/c\/DroiX_Store","https:\/\/uk.linkedin.com\/company\/droix"]},{"@type":"ProductGroup","@id":"https:\/\/droix.eu\/da\/product\/gpd-win-mini-taske\/#wooCommerceProduct","name":"GPD WIN Mini Case","description":"Officiel GPD-taske: Skr \u00e6ddersyet til GPD WIN Mini\n \tOverlegent greb: Indvendig strop til at sikre din GPD WIN Mini\n \tKomfortabelt design: Bl\u00f8d og sikker foring\n \tElegant design: Inkluderet h\u00e5ndrem\n \tHoldbar skal: Sig farvel til ridser og skrammer","url":"https:\/\/droix.eu\/da\/product\/gpd-win-mini-taske\/","image":{"@type":"ImageObject","url":"https:\/\/droix.eu\/wp-content\/uploads\/2023\/11\/GPD-WIN-MINI-CASE-1.png","@id":"https:\/\/droix.eu\/da\/product\/gpd-win-mini-taske\/#productImage","width":960,"height":960,"caption":"GPD WIN Mini Case"},"productGroupID":509351,"hasVariant":[{"@type":"Product","@id":"https:\/\/droix.eu\/da\/product\/gpd-win-mini-taske\/#wooCommerceProduct","name":"GPD WIN Mini Case - new","description":"Officiel GPD-taske: Skr \u00e6ddersyet til GPD WIN Mini\n \tOverlegent greb: Indvendig strop til at sikre din GPD WIN Mini\n \tKomfortabelt design: Bl\u00f8d og sikker foring\n \tElegant design: Inkluderet h\u00e5ndrem\n \tHoldbar skal: Sig farvel til ridser og skrammer","url":"https:\/\/droix.eu\/da\/product\/gpd-win-mini-taske\/","sku":"GPD-WIN-MINI-CASE","gtin":"5060763677142","image":{"@type":"ImageObject","url":"https:\/\/droix.eu\/wp-content\/uploads\/2023\/11\/GPD-WIN-MINI-CASE-1.png","@id":"https:\/\/droix.eu\/da\/product\/gpd-win-mini-taske\/#productImage","width":960,"height":960,"caption":"GPD WIN Mini Case"},"offers":{"@type":"Offer","url":"https:\/\/droix.eu\/da\/product\/gpd-win-mini-taske\/#wooCommerceOffer","price":"6696.66","priceCurrency":"HUF","category":"Tilbeh\u00f8r","availability":"https:\/\/schema.org\/InStock","priceSpecification":{"@type":"PriceSpecification","price":6696.66,"priceCurrency":"HUF","valueAddedTaxIncluded":"true"}}}]},{"@type":"WebPage","@id":"https:\/\/droix.eu\/da\/product\/gpd-win-mini-taske\/#webpage","url":"https:\/\/droix.eu\/da\/product\/gpd-win-mini-taske\/","name":"GPD WIN Mini Case - DROIX EU","description":"Officiel GPD-taske: Skr \u00e6ddersyet til GPD WIN Mini Overlegent greb: Indvendig strop til at sikre din GPD WIN Mini Komfortabelt design: Bl\u00f8d og sikker foring Elegant design: Inkluderet h\u00e5ndrem Holdbar skal: Sig farvel til ridser og skrammer","inLanguage":"da-DK","isPartOf":{"@id":"https:\/\/droix.eu\/da\/#website"},"breadcrumb":{"@id":"https:\/\/droix.eu\/da\/product\/gpd-win-mini-taske\/#breadcrumblist"},"image":{"@type":"ImageObject","url":"https:\/\/droix.eu\/wp-content\/uploads\/2023\/11\/GPD-WIN-MINI-CASE-1.png","@id":"https:\/\/droix.eu\/da\/product\/gpd-win-mini-taske\/#mainImage","width":960,"height":960,"caption":"GPD WIN Mini Case"},"primaryImageOfPage":{"@id":"https:\/\/droix.eu\/da\/product\/gpd-win-mini-taske\/#mainImage"},"datePublished":"2023-11-21T11:50:59+00:00","dateModified":"2025-11-14T12:11:24+00:00"},{"@type":"WebSite","@id":"https:\/\/droix.eu\/da\/#website","url":"https:\/\/droix.eu\/da\/","name":"DROIX EU","description":"Get the latest Mini PCs, Ultrabook, PC Gaming Handhelds and more!","inLanguage":"da-DK","publisher":{"@id":"https:\/\/droix.eu\/da\/#organization"}}]},"og:locale":"da_DK","og:site_name":"DROIX EU - Get the latest Mini PCs, Ultrabook, PC Gaming Handhelds and more!","og:type":"article","og:title":"GPD WIN Mini Case - DROIX EU","og:description":"Officiel GPD-taske: Skr \u00e6ddersyet til GPD WIN Mini Overlegent greb: Indvendig strop til at sikre din GPD WIN Mini Komfortabelt design: Bl\u00f8d og sikker foring Elegant design: Inkluderet h\u00e5ndrem Holdbar skal: Sig farvel til ridser og skrammer","og:url":"https:\/\/droix.eu\/da\/product\/gpd-win-mini-taske\/","og:image":"https:\/\/droix.eu\/wp-content\/uploads\/2024\/06\/droix-v2-light-logo.png","og:image:secure_url":"https:\/\/droix.eu\/wp-content\/uploads\/2024\/06\/droix-v2-light-logo.png","og:image:width":380,"og:image:height":118,"article:published_time":"2023-11-21T11:50:59+00:00","article:modified_time":"2025-11-14T12:11:24+00:00","article:publisher":"https:\/\/www.facebook.com\/DroiX.Store","twitter:card":"summary_large_image","twitter:site":"@DroiX_Store","twitter:title":"GPD WIN Mini Case - DROIX EU","twitter:description":"Officiel GPD-taske: Skr \u00e6ddersyet til GPD WIN Mini Overlegent greb: Indvendig strop til at sikre din GPD WIN Mini Komfortabelt design: Bl\u00f8d og sikker foring Elegant design: Inkluderet h\u00e5ndrem Holdbar skal: Sig farvel til ridser og skrammer","twitter:image":"https:\/\/droix.eu\/wp-content\/uploads\/2024\/06\/droix-v2-light-logo.png"},"aioseo_meta_data":{"post_id":"509351","title":null,"description":null,"keywords":null,"keyphrases":{"focus":{"keyphrase":"","score":0,"analysis":{"keyphraseInTitle":{"score":0,"maxScore":9,"error":1}}},"additional":[]},"primary_term":null,"canonical_url":null,"og_title":null,"og_description":null,"og_object_type":"default","og_image_type":"default","og_image_url":null,"og_image_width":null,"og_image_height":null,"og_image_custom_url":null,"og_image_custom_fields":null,"og_video":"","og_custom_url":null,"og_article_section":null,"og_article_tags":null,"twitter_use_og":true,"twitter_card":"default","twitter_image_type":"default","twitter_image_url":null,"twitter_image_custom_url":null,"twitter_image_custom_fields":null,"twitter_title":null,"twitter_description":null,"schema":{"blockGraphs":[],"customGraphs":[],"default":{"data":{"Article":[],"Course":[],"Dataset":[],"FAQPage":[],"Movie":[],"Person":[],"Product":[],"ProductReview":[],"Car":[],"Recipe":[],"Service":[],"SoftwareApplication":[],"WebPage":[]},"graphName":"Product","isEnabled":true},"graphs":[]},"schema_type":"default","schema_type_options":null,"pillar_content":false,"robots_default":true,"robots_noindex":false,"robots_noarchive":false,"robots_nosnippet":false,"robots_nofollow":false,"robots_noimageindex":false,"robots_noodp":false,"robots_notranslate":false,"robots_max_snippet":"-1","robots_max_videopreview":"-1","robots_max_imagepreview":"large","priority":null,"frequency":"default","local_seo":null,"seo_analyzer_scan_date":"2025-10-24 16:05:11","breadcrumb_settings":null,"limit_modified_date":false,"reviewed_by":null,"open_ai":null,"ai":{"faqs":[],"keyPoints":[],"titles":[],"descriptions":[],"socialPosts":{"email":[],"linkedin":[],"twitter":[],"facebook":[],"instagram":[]}},"created":"2025-10-09 05:05:05","updated":"2025-11-27 03:19:57"},"aioseo_breadcrumb":"<div class=\"aioseo-breadcrumbs\"><span class=\"aioseo-breadcrumb\">\n\t<a href=\"https:\/\/droix.eu\/da\/\" title=\"Home\">Home<\/a>\n<\/span><span class=\"aioseo-breadcrumb-separator\">&raquo;<\/span><span class=\"aioseo-breadcrumb\">\n\t<a href=\"https:\/\/droix.eu\/da\/product-category\/tilbehor\/\" title=\"Tilbeh\u00f8r\">Tilbeh\u00f8r<\/a>\n<\/span><span class=\"aioseo-breadcrumb-separator\">&raquo;<\/span><span class=\"aioseo-breadcrumb\">\n\t<a href=\"https:\/\/droix.eu\/da\/product-category\/tilbehor\/tilbehor-til-baerbare-computere\/\" title=\"Tilbeh\u00f8r til b\u00e6rbare computere\">Tilbeh\u00f8r til b\u00e6rbare computere<\/a>\n<\/span><span class=\"aioseo-breadcrumb-separator\">&raquo;<\/span><span class=\"aioseo-breadcrumb\">\n\tGPD WIN Mini Case\n<\/span><\/div>","aioseo_breadcrumb_json":[{"label":"Home","link":"https:\/\/droix.eu\/da\/"},{"label":"Tilbeh\u00f8r","link":"https:\/\/droix.eu\/da\/product-category\/tilbehor\/"},{"label":"Tilbeh\u00f8r til b\u00e6rbare computere","link":"https:\/\/droix.eu\/da\/product-category\/tilbehor\/tilbehor-til-baerbare-computere\/"},{"label":"GPD WIN Mini Case","link":"https:\/\/droix.eu\/da\/product\/gpd-win-mini-taske\/"}],"_links":{"self":[{"href":"https:\/\/droix.eu\/da\/wp-json\/wp\/v2\/product\/509351","targetHints":{"allow":["GET"]}}],"collection":[{"href":"https:\/\/droix.eu\/da\/wp-json\/wp\/v2\/product"}],"about":[{"href":"https:\/\/droix.eu\/da\/wp-json\/wp\/v2\/types\/product"}],"version-history":[{"count":0,"href":"https:\/\/droix.eu\/da\/wp-json\/wp\/v2\/product\/509351\/revisions"}],"wp:featuredmedia":[{"embeddable":true,"href":"https:\/\/droix.eu\/da\/wp-json\/wp\/v2\/media\/448016"}],"wp:attachment":[{"href":"https:\/\/droix.eu\/da\/wp-json\/wp\/v2\/media?parent=509351"}],"wp:term":[{"taxonomy":"product_brand","embeddable":true,"href":"https:\/\/droix.eu\/da\/wp-json\/wp\/v2\/product_brand?post=509351"},{"taxonomy":"product_cat","embeddable":true,"href":"https:\/\/droix.eu\/da\/wp-json\/wp\/v2\/product_cat?post=509351"},{"taxonomy":"product_tag","embeddable":true,"href":"https:\/\/droix.eu\/da\/wp-json\/wp\/v2\/product_tag?post=509351"},{"taxonomy":"woo-feed-brand","embeddable":true,"href":"https:\/\/droix.eu\/da\/wp-json\/wp\/v2\/woo-feed-brand?post=509351"},{"taxonomy":"key-features","embeddable":true,"href":"https:\/\/droix.eu\/da\/wp-json\/wp\/v2\/key-features?post=509351"}],"curies":[{"name":"wp","href":"https:\/\/api.w.org\/{rel}","templated":true}]}}