{"id":508848,"date":"2024-07-16T11:40:59","date_gmt":"2024-07-16T10:40:59","guid":{"rendered":"https:\/\/droix.eu\/product\/anbernic-rg-cube-taske\/"},"modified":"2026-03-27T12:33:29","modified_gmt":"2026-03-27T12:33:29","slug":"anbernic-rg-cube-taske","status":"publish","type":"product","link":"https:\/\/droix.eu\/da\/product\/anbernic-rg-cube-taske\/","title":{"rendered":"ANBERNIC RG Cube taske"},"content":{"rendered":"\n<p>Produktnavn: Opbevaringstaske til spillekonsol<br\/><br\/>Produktfarve: sort<br\/><br\/>Produktmateriale: vandt\u00e6t stof af h\u00f8j kvalitet<br\/><br\/>Anvendelig model: til ANBERNIC RG Cube<\/p>\n\n<h3 class=\"wp-block-heading\">Produktets egenskaber:<\/h3>\n\n<p><br\/>1. Multifunktionel: Den kan ikke kun b\u00e6re din spillekonsol, men kan ogs\u00e5 opbevare tilbeh\u00f8r som opladere, hovedtelefoner, datakabler osv. Denne h\u00e5ndtaske har flere funktioner, s\u00e5 den beskytter din spillekonsol og dit tilbeh\u00f8r bedre.<br\/><br\/>2. Let og b\u00e6rbar: Den har et letv\u00e6gtsdesign og er meget praktisk at b\u00e6re. Uanset om du skal ud eller bruge den derhjemme, kan du altid l\u00e6gge spillekonsollen og tilbeh\u00f8ret i h\u00e5ndtasken, hvilket giver omfattende beskyttelse og praktisk transport.<br\/><br\/>3. Kvalitetssikring: Lavet af materialer af h\u00f8j kvalitet, det er mere holdbart og kan bruges i lang tid uden slid og skader. Denne h\u00e5ndtaske er den bedste beskyttelse af din spillekonsol og giver dig en behagelig og sikker spiloplevelse.<br\/><br\/>4. Moderigtigt udseende: Udseendet er stilfuldt og enkelt, hvilket ikke kun beskytter spilkonsollen og tilbeh\u00f8ret, men ogs\u00e5 forbedrer din modesans og f\u00e5r dig til at f\u00f8le dig selvsikker og charmerende ved enhver lejlighed.<br\/><br\/>5. B\u00e6rbart design: Det h\u00e5ndtaskeagtige design er velegnet til at b\u00e6re i mange forskellige situationer, s\u00e5 du kan b\u00e6re spillekonsollen uden at den fylder for meget i h\u00e5nden.<br\/><br\/>Produktets bruttov\u00e6gt: 130 g<br\/><br\/>Pakken indeholder: Opbevaringstaske til spillekonsol * 1<\/p>\n\n<figure class=\"wp-block-image\"><img decoding=\"async\" src=\"https:\/\/ae01.alicdn.com\/kf\/S47af09c6805345fab0667f4210505b64g.jpg\" alt=\"Anbernic RG Cube Case - B&#xE6;rbart sort etui til Anbernic h&#xE5;ndholdte konsoller med et slankt design, indvendig netlomme til tilbeh&#xF8;r og robust byggekvalitet til spil p&#xE5; farten.\"\/><\/figure>\n\n<figure class=\"wp-block-image\"><img decoding=\"async\" src=\"https:\/\/ae01.alicdn.com\/kf\/S2785b70135a540c583158fcc5a78dc5b7.jpg\" alt=\"Anbernic RG Cube Case - Beskyttende sort b&#xE6;retaske til Anbernic-spilkonsoller, inkluderer et bl&#xF8;dt polstret indre, holdbar udvendig skal og kompakt design til nem transport\"\/><\/figure>\n\n<figure class=\"wp-block-image\"><img decoding=\"async\" src=\"https:\/\/ae01.alicdn.com\/kf\/S091362331cd549caa28e2cf13f83d019s.jpg\" alt=\"Anbernic RG Cube Case - Sort beskyttelsesetui med sikker lynl&#xE5;slukning, skr&#xE6;ddersyet til Anbernic gaming-enheder, der giver overlegen beskyttelse mod ridser og st&#xF8;d.\"\/><\/figure>\n\n<figure class=\"wp-block-image\"><img decoding=\"async\" src=\"https:\/\/ae01.alicdn.com\/kf\/Sc0cb06fe4efa49a985b944aa17d27d29S.jpg\" alt=\"Anbernic RG Cube Case - Sort beskyttelsesetui med sikker lynl&#xE5;slukning, skr&#xE6;ddersyet til Anbernic gaming-enheder, der giver overlegen beskyttelse mod ridser og st&#xF8;d.\"\/><\/figure>\n\n<figure class=\"wp-block-image\"><img decoding=\"async\" src=\"https:\/\/ae01.alicdn.com\/kf\/Sca5337fc1adf4aa094209058e7fc98b9j.jpg\" alt=\"Anbernic Cube-etui i sort med et kompakt og slankt design med et holdbart, struktureret ydre, der giver et bedre greb. Kufferten indeholder specialtilpassede skumindsatser, der holder Anbernic-spillekonsollen og tilbeh&#xF8;ret sikkert p&#xE5; plads og sikrer beskyttelse under rejsen.\"\/><\/figure>\n\n<figure class=\"wp-block-image\"><img decoding=\"async\" src=\"https:\/\/ae01.alicdn.com\/kf\/S3b16c1675638498f9fd6dbc53a777f85c.jpg\" alt=\"Anbernic RG Cube Case - B&#xE6;rbart sort etui til Anbernic h&#xE5;ndholdte konsoller med et slankt design, indvendig netlomme til tilbeh&#xF8;r og robust byggekvalitet til spil p&#xE5; farten.\"\/><\/figure>\n","protected":false},"excerpt":{"rendered":"<ul>\n<li><strong>Officielt<\/strong> ANBERNIC-tilbeh\u00f8r<\/li>\n<li><strong>Overlegen beskyttelse<\/strong> Fremstillet af f\u00f8rsteklasses l\u00e6der<\/li>\n<li>Bl\u00f8dt stoffor giver <strong>ekstra beskyttelse<\/strong>.<\/li>\n<\/ul>\n[droix_global_accordions]\n[cg_accordion title=\"Pakken indeholder\"]<\/p>\n<ul>\n<li>1x taske<\/li>\n<\/ul>\n<p>[\/cg_accordion]\n","protected":false},"featured_media":486288,"template":"","meta":{"_acf_changed":false},"product_brand":[],"product_cat":[10178,10402],"product_tag":[],"woo-feed-brand":[],"key-features":[],"class_list":{"0":"post-508848","1":"product","2":"type-product","3":"status-publish","4":"has-post-thumbnail","6":"product_cat-tilbehor","7":"product_cat-tilbehor-til-gaming","8":"product_shipping_class-low-end","9":"pa_accessory-type-protective-case","10":"pa_brands-anbernic-da","11":"pa_compatibility-anbernic-rg-terning","13":"first","14":"outofstock","15":"sale","16":"taxable","17":"shipping-taxable","18":"purchasable","19":"product-type-simple"},"acf":[],"aioseo_notices":[],"aioseo_head":"\n\t\t<!-- All in One SEO Pro 4.9.5.2 - aioseo.com -->\n\t<meta name=\"description\" content=\"Officielt ANBERNIC-tilbeh\u00f8r Overlegen beskyttelse Fremstillet af f\u00f8rsteklasses l\u00e6der Bl\u00f8dt stoffor giver ekstra beskyttelse. Pakken indeholder 1x taske\" \/>\n\t<meta name=\"robots\" content=\"max-image-preview:large\" \/>\n\t<link rel=\"canonical\" href=\"https:\/\/droix.eu\/da\/product\/anbernic-rg-cube-taske\/\" \/>\n\t<meta name=\"generator\" content=\"All in One SEO Pro (AIOSEO) 4.9.5.2\" \/>\n\t\t<meta property=\"og:locale\" content=\"da_DK\" \/>\n\t\t<meta property=\"og:site_name\" content=\"DROIX EU - Get the latest Mini PCs, Ultrabook, PC Gaming Handhelds and more!\" \/>\n\t\t<meta property=\"og:type\" content=\"article\" \/>\n\t\t<meta property=\"og:title\" content=\"ANBERNIC RG Cube taske - DROIX EU\" \/>\n\t\t<meta property=\"og:description\" content=\"Officielt ANBERNIC-tilbeh\u00f8r Overlegen beskyttelse Fremstillet af f\u00f8rsteklasses l\u00e6der Bl\u00f8dt stoffor giver ekstra beskyttelse. Pakken indeholder 1x taske\" \/>\n\t\t<meta property=\"og:url\" content=\"https:\/\/droix.eu\/da\/product\/anbernic-rg-cube-taske\/\" \/>\n\t\t<meta property=\"og:image\" content=\"https:\/\/droix.eu\/wp-content\/uploads\/2024\/06\/droix-v2-light-logo.png\" \/>\n\t\t<meta property=\"og:image:secure_url\" content=\"https:\/\/droix.eu\/wp-content\/uploads\/2024\/06\/droix-v2-light-logo.png\" \/>\n\t\t<meta property=\"og:image:width\" content=\"380\" \/>\n\t\t<meta property=\"og:image:height\" content=\"118\" \/>\n\t\t<meta property=\"article:published_time\" content=\"2024-07-16T10:40:59+00:00\" \/>\n\t\t<meta property=\"article:modified_time\" content=\"2026-03-27T12:33:29+00:00\" \/>\n\t\t<meta property=\"article:publisher\" content=\"https:\/\/www.facebook.com\/DroiX.Store\" \/>\n\t\t<meta name=\"twitter:card\" content=\"summary_large_image\" \/>\n\t\t<meta name=\"twitter:site\" content=\"@DroiX_Store\" \/>\n\t\t<meta name=\"twitter:title\" content=\"ANBERNIC RG Cube taske - DROIX EU\" \/>\n\t\t<meta name=\"twitter:description\" content=\"Officielt ANBERNIC-tilbeh\u00f8r Overlegen beskyttelse Fremstillet af f\u00f8rsteklasses l\u00e6der Bl\u00f8dt stoffor giver ekstra beskyttelse. Pakken indeholder 1x taske\" \/>\n\t\t<meta name=\"twitter:image\" content=\"https:\/\/droix.eu\/wp-content\/uploads\/2024\/06\/droix-v2-light-logo.png\" \/>\n\t\t<script type=\"application\/ld+json\" class=\"aioseo-schema\">\n\t\t\t{\"@context\":\"https:\\\/\\\/schema.org\",\"@graph\":[{\"@type\":\"BreadcrumbList\",\"@id\":\"https:\\\/\\\/droix.eu\\\/da\\\/product\\\/anbernic-rg-cube-taske\\\/#breadcrumblist\",\"itemListElement\":[{\"@type\":\"ListItem\",\"@id\":\"https:\\\/\\\/droix.eu\\\/da\\\/#listItem\",\"position\":1,\"name\":\"Home\",\"item\":\"https:\\\/\\\/droix.eu\\\/da\\\/\",\"nextItem\":{\"@type\":\"ListItem\",\"@id\":\"https:\\\/\\\/droix.eu\\\/da\\\/product-category\\\/tilbehor\\\/#listItem\",\"name\":\"Tilbeh\\u00f8r\"}},{\"@type\":\"ListItem\",\"@id\":\"https:\\\/\\\/droix.eu\\\/da\\\/product-category\\\/tilbehor\\\/#listItem\",\"position\":2,\"name\":\"Tilbeh\\u00f8r\",\"item\":\"https:\\\/\\\/droix.eu\\\/da\\\/product-category\\\/tilbehor\\\/\",\"nextItem\":{\"@type\":\"ListItem\",\"@id\":\"https:\\\/\\\/droix.eu\\\/da\\\/product-category\\\/tilbehor\\\/tilbehor-til-gaming\\\/#listItem\",\"name\":\"Tilbeh\\u00f8r til gaming\"},\"previousItem\":{\"@type\":\"ListItem\",\"@id\":\"https:\\\/\\\/droix.eu\\\/da\\\/#listItem\",\"name\":\"Home\"}},{\"@type\":\"ListItem\",\"@id\":\"https:\\\/\\\/droix.eu\\\/da\\\/product-category\\\/tilbehor\\\/tilbehor-til-gaming\\\/#listItem\",\"position\":3,\"name\":\"Tilbeh\\u00f8r til gaming\",\"item\":\"https:\\\/\\\/droix.eu\\\/da\\\/product-category\\\/tilbehor\\\/tilbehor-til-gaming\\\/\",\"nextItem\":{\"@type\":\"ListItem\",\"@id\":\"https:\\\/\\\/droix.eu\\\/da\\\/product\\\/anbernic-rg-cube-taske\\\/#listItem\",\"name\":\"ANBERNIC RG Cube taske\"},\"previousItem\":{\"@type\":\"ListItem\",\"@id\":\"https:\\\/\\\/droix.eu\\\/da\\\/product-category\\\/tilbehor\\\/#listItem\",\"name\":\"Tilbeh\\u00f8r\"}},{\"@type\":\"ListItem\",\"@id\":\"https:\\\/\\\/droix.eu\\\/da\\\/product\\\/anbernic-rg-cube-taske\\\/#listItem\",\"position\":4,\"name\":\"ANBERNIC RG Cube taske\",\"previousItem\":{\"@type\":\"ListItem\",\"@id\":\"https:\\\/\\\/droix.eu\\\/da\\\/product-category\\\/tilbehor\\\/tilbehor-til-gaming\\\/#listItem\",\"name\":\"Tilbeh\\u00f8r til gaming\"}}]},{\"@type\":\"Organization\",\"@id\":\"https:\\\/\\\/droix.eu\\\/da\\\/#organization\",\"name\":\"DroiX \\u2013 Trusted EU Tech Retailer with 12+ Years Experience\",\"description\":\"DroiX is a leading European technology retailer with over 12 years of experience, offering quality mini PCs, handheld gaming consoles, and tech accessories. We provide hassle-free EU delivery with all taxes included, ensuring a smooth and reliable shopping experience for our customers across Europe.\",\"url\":\"https:\\\/\\\/droix.eu\\\/da\\\/\",\"logo\":{\"@type\":\"ImageObject\",\"url\":\"https:\\\/\\\/droix.eu\\\/wp-content\\\/uploads\\\/2024\\\/06\\\/droix-v2-light-logo.png\",\"@id\":\"https:\\\/\\\/droix.eu\\\/da\\\/product\\\/anbernic-rg-cube-taske\\\/#organizationLogo\",\"width\":380,\"height\":118},\"image\":{\"@id\":\"https:\\\/\\\/droix.eu\\\/da\\\/product\\\/anbernic-rg-cube-taske\\\/#organizationLogo\"},\"sameAs\":[\"https:\\\/\\\/www.facebook.com\\\/DroiX.Store\",\"https:\\\/\\\/twitter.com\\\/DroiX_Store\",\"https:\\\/\\\/www.instagram.com\\\/droix.store\\\/\",\"https:\\\/\\\/www.tiktok.com\\\/@droix.store\",\"https:\\\/\\\/www.youtube.com\\\/c\\\/DroiX_Store\",\"https:\\\/\\\/uk.linkedin.com\\\/company\\\/droix\"]},{\"@type\":\"Product\",\"@id\":\"https:\\\/\\\/droix.eu\\\/da\\\/product\\\/anbernic-rg-cube-taske\\\/#wooCommerceProduct\",\"name\":\"ANBERNIC RG Cube taske\",\"description\":\"Officielt ANBERNIC-tilbeh\\u00f8r\\nOverlegen beskyttelse Fremstillet af f\\u00f8rsteklasses l\\u00e6der\\nBl\\u00f8dt stoffor giver ekstra beskyttelse.\",\"url\":\"https:\\\/\\\/droix.eu\\\/da\\\/product\\\/anbernic-rg-cube-taske\\\/\",\"sku\":\"RG-CUBE-BAG\",\"gtin\":\"5060763679351\",\"image\":{\"@type\":\"ImageObject\",\"url\":\"https:\\\/\\\/droix.eu\\\/wp-content\\\/uploads\\\/2024\\\/07\\\/CUBE-CASE.png\",\"@id\":\"https:\\\/\\\/droix.eu\\\/da\\\/product\\\/anbernic-rg-cube-taske\\\/#productImage\",\"width\":1001,\"height\":1001,\"caption\":\"Anbernic Cube-etui i sort med et kompakt og slankt design med et holdbart, struktureret ydre, der giver et bedre greb. Kufferten indeholder specialtilpassede skumindsatser, der holder Anbernic-spillekonsollen og tilbeh\\u00f8ret sikkert p\\u00e5 plads og sikrer beskyttelse under rejsen.\"},\"offers\":{\"@type\":\"Offer\",\"url\":\"https:\\\/\\\/droix.eu\\\/da\\\/product\\\/anbernic-rg-cube-taske\\\/#wooCommerceOffer\",\"price\":6.09,\"priceCurrency\":\"EUR\",\"category\":\"Tilbeh\\u00f8r\",\"availability\":\"https:\\\/\\\/schema.org\\\/OutOfStock\",\"priceSpecification\":{\"@type\":\"PriceSpecification\",\"price\":6.09,\"priceCurrency\":\"EUR\",\"valueAddedTaxIncluded\":\"true\"},\"seller\":{\"@type\":\"Organization\",\"@id\":\"https:\\\/\\\/droix.eu\\\/da\\\/#organization\"}}},{\"@type\":\"WebPage\",\"@id\":\"https:\\\/\\\/droix.eu\\\/da\\\/product\\\/anbernic-rg-cube-taske\\\/#webpage\",\"url\":\"https:\\\/\\\/droix.eu\\\/da\\\/product\\\/anbernic-rg-cube-taske\\\/\",\"name\":\"ANBERNIC RG Cube taske - DROIX EU\",\"description\":\"Officielt ANBERNIC-tilbeh\\u00f8r Overlegen beskyttelse Fremstillet af f\\u00f8rsteklasses l\\u00e6der Bl\\u00f8dt stoffor giver ekstra beskyttelse. Pakken indeholder 1x taske\",\"inLanguage\":\"da-DK\",\"isPartOf\":{\"@id\":\"https:\\\/\\\/droix.eu\\\/da\\\/#website\"},\"breadcrumb\":{\"@id\":\"https:\\\/\\\/droix.eu\\\/da\\\/product\\\/anbernic-rg-cube-taske\\\/#breadcrumblist\"},\"image\":{\"@type\":\"ImageObject\",\"url\":\"https:\\\/\\\/droix.eu\\\/wp-content\\\/uploads\\\/2024\\\/07\\\/CUBE-CASE.png\",\"@id\":\"https:\\\/\\\/droix.eu\\\/da\\\/product\\\/anbernic-rg-cube-taske\\\/#mainImage\",\"width\":1001,\"height\":1001,\"caption\":\"Anbernic Cube-etui i sort med et kompakt og slankt design med et holdbart, struktureret ydre, der giver et bedre greb. Kufferten indeholder specialtilpassede skumindsatser, der holder Anbernic-spillekonsollen og tilbeh\\u00f8ret sikkert p\\u00e5 plads og sikrer beskyttelse under rejsen.\"},\"primaryImageOfPage\":{\"@id\":\"https:\\\/\\\/droix.eu\\\/da\\\/product\\\/anbernic-rg-cube-taske\\\/#mainImage\"},\"datePublished\":\"2024-07-16T11:40:59+01:00\",\"dateModified\":\"2026-03-27T12:33:29+00:00\"},{\"@type\":\"WebSite\",\"@id\":\"https:\\\/\\\/droix.eu\\\/da\\\/#website\",\"url\":\"https:\\\/\\\/droix.eu\\\/da\\\/\",\"name\":\"DROIX EU\",\"description\":\"Get the latest Mini PCs, Ultrabook, PC Gaming Handhelds and more!\",\"inLanguage\":\"da-DK\",\"publisher\":{\"@id\":\"https:\\\/\\\/droix.eu\\\/da\\\/#organization\"}}]}\n\t\t<\/script>\n\t\t<!-- All in One SEO Pro -->\r\n\t\t<title>ANBERNIC RG Cube taske - DROIX EU<\/title>\n\n","aioseo_head_json":{"title":"ANBERNIC RG Cube taske - DROIX EU","description":"Officielt ANBERNIC-tilbeh\u00f8r Overlegen beskyttelse Fremstillet af f\u00f8rsteklasses l\u00e6der Bl\u00f8dt stoffor giver ekstra beskyttelse. Pakken indeholder 1x taske","canonical_url":"https:\/\/droix.eu\/da\/product\/anbernic-rg-cube-taske\/","robots":"max-image-preview:large","keywords":"","webmasterTools":{"miscellaneous":""},"schema":{"@context":"https:\/\/schema.org","@graph":[{"@type":"BreadcrumbList","@id":"https:\/\/droix.eu\/da\/product\/anbernic-rg-cube-taske\/#breadcrumblist","itemListElement":[{"@type":"ListItem","@id":"https:\/\/droix.eu\/da\/#listItem","position":1,"name":"Home","item":"https:\/\/droix.eu\/da\/","nextItem":{"@type":"ListItem","@id":"https:\/\/droix.eu\/da\/product-category\/tilbehor\/#listItem","name":"Tilbeh\u00f8r"}},{"@type":"ListItem","@id":"https:\/\/droix.eu\/da\/product-category\/tilbehor\/#listItem","position":2,"name":"Tilbeh\u00f8r","item":"https:\/\/droix.eu\/da\/product-category\/tilbehor\/","nextItem":{"@type":"ListItem","@id":"https:\/\/droix.eu\/da\/product-category\/tilbehor\/tilbehor-til-gaming\/#listItem","name":"Tilbeh\u00f8r til gaming"},"previousItem":{"@type":"ListItem","@id":"https:\/\/droix.eu\/da\/#listItem","name":"Home"}},{"@type":"ListItem","@id":"https:\/\/droix.eu\/da\/product-category\/tilbehor\/tilbehor-til-gaming\/#listItem","position":3,"name":"Tilbeh\u00f8r til gaming","item":"https:\/\/droix.eu\/da\/product-category\/tilbehor\/tilbehor-til-gaming\/","nextItem":{"@type":"ListItem","@id":"https:\/\/droix.eu\/da\/product\/anbernic-rg-cube-taske\/#listItem","name":"ANBERNIC RG Cube taske"},"previousItem":{"@type":"ListItem","@id":"https:\/\/droix.eu\/da\/product-category\/tilbehor\/#listItem","name":"Tilbeh\u00f8r"}},{"@type":"ListItem","@id":"https:\/\/droix.eu\/da\/product\/anbernic-rg-cube-taske\/#listItem","position":4,"name":"ANBERNIC RG Cube taske","previousItem":{"@type":"ListItem","@id":"https:\/\/droix.eu\/da\/product-category\/tilbehor\/tilbehor-til-gaming\/#listItem","name":"Tilbeh\u00f8r til gaming"}}]},{"@type":"Organization","@id":"https:\/\/droix.eu\/da\/#organization","name":"DroiX \u2013 Trusted EU Tech Retailer with 12+ Years Experience","description":"DroiX is a leading European technology retailer with over 12 years of experience, offering quality mini PCs, handheld gaming consoles, and tech accessories. We provide hassle-free EU delivery with all taxes included, ensuring a smooth and reliable shopping experience for our customers across Europe.","url":"https:\/\/droix.eu\/da\/","logo":{"@type":"ImageObject","url":"https:\/\/droix.eu\/wp-content\/uploads\/2024\/06\/droix-v2-light-logo.png","@id":"https:\/\/droix.eu\/da\/product\/anbernic-rg-cube-taske\/#organizationLogo","width":380,"height":118},"image":{"@id":"https:\/\/droix.eu\/da\/product\/anbernic-rg-cube-taske\/#organizationLogo"},"sameAs":["https:\/\/www.facebook.com\/DroiX.Store","https:\/\/twitter.com\/DroiX_Store","https:\/\/www.instagram.com\/droix.store\/","https:\/\/www.tiktok.com\/@droix.store","https:\/\/www.youtube.com\/c\/DroiX_Store","https:\/\/uk.linkedin.com\/company\/droix"]},{"@type":"Product","@id":"https:\/\/droix.eu\/da\/product\/anbernic-rg-cube-taske\/#wooCommerceProduct","name":"ANBERNIC RG Cube taske","description":"Officielt ANBERNIC-tilbeh\u00f8r\nOverlegen beskyttelse Fremstillet af f\u00f8rsteklasses l\u00e6der\nBl\u00f8dt stoffor giver ekstra beskyttelse.","url":"https:\/\/droix.eu\/da\/product\/anbernic-rg-cube-taske\/","sku":"RG-CUBE-BAG","gtin":"5060763679351","image":{"@type":"ImageObject","url":"https:\/\/droix.eu\/wp-content\/uploads\/2024\/07\/CUBE-CASE.png","@id":"https:\/\/droix.eu\/da\/product\/anbernic-rg-cube-taske\/#productImage","width":1001,"height":1001,"caption":"Anbernic Cube-etui i sort med et kompakt og slankt design med et holdbart, struktureret ydre, der giver et bedre greb. Kufferten indeholder specialtilpassede skumindsatser, der holder Anbernic-spillekonsollen og tilbeh\u00f8ret sikkert p\u00e5 plads og sikrer beskyttelse under rejsen."},"offers":{"@type":"Offer","url":"https:\/\/droix.eu\/da\/product\/anbernic-rg-cube-taske\/#wooCommerceOffer","price":6.09,"priceCurrency":"EUR","category":"Tilbeh\u00f8r","availability":"https:\/\/schema.org\/OutOfStock","priceSpecification":{"@type":"PriceSpecification","price":6.09,"priceCurrency":"EUR","valueAddedTaxIncluded":"true"},"seller":{"@type":"Organization","@id":"https:\/\/droix.eu\/da\/#organization"}}},{"@type":"WebPage","@id":"https:\/\/droix.eu\/da\/product\/anbernic-rg-cube-taske\/#webpage","url":"https:\/\/droix.eu\/da\/product\/anbernic-rg-cube-taske\/","name":"ANBERNIC RG Cube taske - DROIX EU","description":"Officielt ANBERNIC-tilbeh\u00f8r Overlegen beskyttelse Fremstillet af f\u00f8rsteklasses l\u00e6der Bl\u00f8dt stoffor giver ekstra beskyttelse. Pakken indeholder 1x taske","inLanguage":"da-DK","isPartOf":{"@id":"https:\/\/droix.eu\/da\/#website"},"breadcrumb":{"@id":"https:\/\/droix.eu\/da\/product\/anbernic-rg-cube-taske\/#breadcrumblist"},"image":{"@type":"ImageObject","url":"https:\/\/droix.eu\/wp-content\/uploads\/2024\/07\/CUBE-CASE.png","@id":"https:\/\/droix.eu\/da\/product\/anbernic-rg-cube-taske\/#mainImage","width":1001,"height":1001,"caption":"Anbernic Cube-etui i sort med et kompakt og slankt design med et holdbart, struktureret ydre, der giver et bedre greb. Kufferten indeholder specialtilpassede skumindsatser, der holder Anbernic-spillekonsollen og tilbeh\u00f8ret sikkert p\u00e5 plads og sikrer beskyttelse under rejsen."},"primaryImageOfPage":{"@id":"https:\/\/droix.eu\/da\/product\/anbernic-rg-cube-taske\/#mainImage"},"datePublished":"2024-07-16T11:40:59+01:00","dateModified":"2026-03-27T12:33:29+00:00"},{"@type":"WebSite","@id":"https:\/\/droix.eu\/da\/#website","url":"https:\/\/droix.eu\/da\/","name":"DROIX EU","description":"Get the latest Mini PCs, Ultrabook, PC Gaming Handhelds and more!","inLanguage":"da-DK","publisher":{"@id":"https:\/\/droix.eu\/da\/#organization"}}]},"og:locale":"da_DK","og:site_name":"DROIX EU - Get the latest Mini PCs, Ultrabook, PC Gaming Handhelds and more!","og:type":"article","og:title":"ANBERNIC RG Cube taske - DROIX EU","og:description":"Officielt ANBERNIC-tilbeh\u00f8r Overlegen beskyttelse Fremstillet af f\u00f8rsteklasses l\u00e6der Bl\u00f8dt stoffor giver ekstra beskyttelse. Pakken indeholder 1x taske","og:url":"https:\/\/droix.eu\/da\/product\/anbernic-rg-cube-taske\/","og:image":"https:\/\/droix.eu\/wp-content\/uploads\/2024\/06\/droix-v2-light-logo.png","og:image:secure_url":"https:\/\/droix.eu\/wp-content\/uploads\/2024\/06\/droix-v2-light-logo.png","og:image:width":380,"og:image:height":118,"article:published_time":"2024-07-16T10:40:59+00:00","article:modified_time":"2026-03-27T12:33:29+00:00","article:publisher":"https:\/\/www.facebook.com\/DroiX.Store","twitter:card":"summary_large_image","twitter:site":"@DroiX_Store","twitter:title":"ANBERNIC RG Cube taske - DROIX EU","twitter:description":"Officielt ANBERNIC-tilbeh\u00f8r Overlegen beskyttelse Fremstillet af f\u00f8rsteklasses l\u00e6der Bl\u00f8dt stoffor giver ekstra beskyttelse. Pakken indeholder 1x taske","twitter:image":"https:\/\/droix.eu\/wp-content\/uploads\/2024\/06\/droix-v2-light-logo.png"},"aioseo_meta_data":{"post_id":"508848","title":null,"description":null,"keywords":null,"keyphrases":null,"primary_term":null,"canonical_url":null,"og_title":null,"og_description":null,"og_object_type":"default","og_image_type":"default","og_image_url":null,"og_image_width":null,"og_image_height":null,"og_image_custom_url":null,"og_image_custom_fields":null,"og_video":null,"og_custom_url":null,"og_article_section":null,"og_article_tags":null,"twitter_use_og":true,"twitter_card":"default","twitter_image_type":"default","twitter_image_url":null,"twitter_image_custom_url":null,"twitter_image_custom_fields":null,"twitter_title":null,"twitter_description":null,"schema":{"blockGraphs":[],"customGraphs":[],"default":{"data":{"Article":[],"Course":[],"Dataset":[],"FAQPage":[],"Movie":[],"Person":[],"Product":[],"ProductReview":[],"Car":[],"Recipe":[],"Service":[],"SoftwareApplication":[],"WebPage":[]},"graphName":"Product","isEnabled":true},"graphs":[]},"schema_type":"default","schema_type_options":null,"pillar_content":false,"robots_default":true,"robots_noindex":false,"robots_noarchive":false,"robots_nosnippet":false,"robots_nofollow":false,"robots_noimageindex":false,"robots_noodp":false,"robots_notranslate":false,"robots_max_snippet":null,"robots_max_videopreview":null,"robots_max_imagepreview":"large","priority":null,"frequency":null,"local_seo":null,"seo_analyzer_scan_date":"2026-03-27 12:51:38","breadcrumb_settings":null,"limit_modified_date":false,"reviewed_by":null,"open_ai":null,"ai":null,"created":"2025-10-09 05:50:18","updated":"2026-03-27 14:08:23"},"aioseo_breadcrumb":"<div class=\"aioseo-breadcrumbs\"><span class=\"aioseo-breadcrumb\">\n\t<a href=\"https:\/\/droix.eu\/da\/\" title=\"Home\">Home<\/a>\n<\/span><span class=\"aioseo-breadcrumb-separator\">&raquo;<\/span><span class=\"aioseo-breadcrumb\">\n\t<a href=\"https:\/\/droix.eu\/da\/product-category\/tilbehor\/\" title=\"Tilbeh\u00f8r\">Tilbeh\u00f8r<\/a>\n<\/span><span class=\"aioseo-breadcrumb-separator\">&raquo;<\/span><span class=\"aioseo-breadcrumb\">\n\t<a href=\"https:\/\/droix.eu\/da\/product-category\/tilbehor\/tilbehor-til-gaming\/\" title=\"Tilbeh\u00f8r til gaming\">Tilbeh\u00f8r til gaming<\/a>\n<\/span><span class=\"aioseo-breadcrumb-separator\">&raquo;<\/span><span class=\"aioseo-breadcrumb\">\n\tANBERNIC RG Cube taske\n<\/span><\/div>","aioseo_breadcrumb_json":[{"label":"Home","link":"https:\/\/droix.eu\/da\/"},{"label":"Tilbeh\u00f8r","link":"https:\/\/droix.eu\/da\/product-category\/tilbehor\/"},{"label":"Tilbeh\u00f8r til gaming","link":"https:\/\/droix.eu\/da\/product-category\/tilbehor\/tilbehor-til-gaming\/"},{"label":"ANBERNIC RG Cube taske","link":"https:\/\/droix.eu\/da\/product\/anbernic-rg-cube-taske\/"}],"_links":{"self":[{"href":"https:\/\/droix.eu\/da\/wp-json\/wp\/v2\/product\/508848","targetHints":{"allow":["GET"]}}],"collection":[{"href":"https:\/\/droix.eu\/da\/wp-json\/wp\/v2\/product"}],"about":[{"href":"https:\/\/droix.eu\/da\/wp-json\/wp\/v2\/types\/product"}],"version-history":[{"count":0,"href":"https:\/\/droix.eu\/da\/wp-json\/wp\/v2\/product\/508848\/revisions"}],"wp:featuredmedia":[{"embeddable":true,"href":"https:\/\/droix.eu\/da\/wp-json\/wp\/v2\/media\/486288"}],"wp:attachment":[{"href":"https:\/\/droix.eu\/da\/wp-json\/wp\/v2\/media?parent=508848"}],"wp:term":[{"taxonomy":"product_brand","embeddable":true,"href":"https:\/\/droix.eu\/da\/wp-json\/wp\/v2\/product_brand?post=508848"},{"taxonomy":"product_cat","embeddable":true,"href":"https:\/\/droix.eu\/da\/wp-json\/wp\/v2\/product_cat?post=508848"},{"taxonomy":"product_tag","embeddable":true,"href":"https:\/\/droix.eu\/da\/wp-json\/wp\/v2\/product_tag?post=508848"},{"taxonomy":"woo-feed-brand","embeddable":true,"href":"https:\/\/droix.eu\/da\/wp-json\/wp\/v2\/woo-feed-brand?post=508848"},{"taxonomy":"key-features","embeddable":true,"href":"https:\/\/droix.eu\/da\/wp-json\/wp\/v2\/key-features?post=508848"}],"curies":[{"name":"wp","href":"https:\/\/api.w.org\/{rel}","templated":true}]}}