{"id":507733,"date":"2024-09-19T12:02:29","date_gmt":"2024-09-19T11:02:29","guid":{"rendered":"https:\/\/droix.eu\/product\/ayaneo-pocket-s-tilbehoer\/"},"modified":"2026-04-08T10:13:37","modified_gmt":"2026-04-08T09:13:37","slug":"ayaneo-pocket-s-tilbehoer","status":"publish","type":"product","link":"https:\/\/droix.eu\/da\/product\/ayaneo-pocket-s-tilbehoer\/","title":{"rendered":"AYANEO Pocket S tilbeh\u00f8r"},"content":{"rendered":"\n<p>L\u00f8ft din AYANEO Pocket S-spiloplevelse med dette must-have tilbeh\u00f8rsbundt, der er designet til beskyttelse, komfort og forbedret gameplay.<\/p>\n\n<ul class=\"wp-block-list\">\n<li><strong><strong>Ergonomisk beskyttelsesskal med komfortgreb<\/strong><\/strong>: Denne beskyttende skal er udformet med et innovativt ergonomisk design og forbedrer dramatisk komforten og funktionaliteten for din AYANEO Pocket S. Den skridsikre tekstur sikrer et fast, sikkert greb, og det store, konturerede h\u00e5ndtag giver et fuldt og behageligt greb, der giver mulighed for l\u00e6ngere, tr\u00e6thedsfrie spilsessioner. Denne holdbare skal omslutter din enhed sikkert og giver omfattende beskyttelse, s\u00e5 din AYANEO Pocket S er beskyttet mod daglige st\u00f8d, ridser og slitage. <\/li>\n\n\n\n<li><strong>Sk\u00e6rmbeskytter<\/strong>: Beskyt din sk\u00e6rm med en ultraklar sk\u00e6rmbeskytter af h\u00f8j kvalitet. Den er udviklet til at modst\u00e5 ridser, pletter og fingeraftryk og sikrer, at din sk\u00e6rm forbliver s\u00e5 levende og responsiv som nogensinde. Dens letanvendelige design garanterer boblefri installation og holder din sk\u00e6rm uber\u00f8rt, samtidig med at ber\u00f8ringsf\u00f8lsomheden bevares, s\u00e5 du kan spille uden afbrydelser.  <\/li>\n\n\n\n<li><strong>Tommelfingergreb<\/strong>: Forbedr din kontrol med f\u00f8rsteklasses tommelfingergreb. Disse silikoneovertr\u00e6k til de analoge pinde giver et overlegen greb og pr\u00e6cision og hj\u00e6lper dig med at bevare kontrollen i selv de mest intense spil\u00f8jeblikke. Disse tommelfingergreb er designet til at reducere tr\u00e6thed og forbedre komforten og giver mulighed for mere pr\u00e6cise bev\u00e6gelser, hvilket giver dig den konkurrencefordel, du har brug for.  <\/li>\n<\/ul>\n\n<p>Dette tilbeh\u00f8rss\u00e6t sikrer, at din AYANEO Pocket S forbliver beskyttet og klar til action, samtidig med at den forbedrer spiloplevelsen med ergonomiske forbedringer.<\/p>\n","protected":false},"excerpt":{"rendered":"<ul>\n<li><strong>Officielt<\/strong> AYANEO Pocket S-etui<\/li>\n<li>Bl\u00f8dt stoffor giver <strong>ekstra beskyttelse<\/strong>.<\/li>\n<li>Skridsikker tekstur og stort h\u00e5ndtag til sikker fastholdelse.<\/li>\n<li>Ultraklar beskyttelse af h\u00f8j kvalitet, der forhindrer ridser og pletter.<\/li>\n<li>Bevarer ber\u00f8ringsf\u00f8lsomheden for et j\u00e6vnt gameplay.<\/li>\n<\/ul>\n[cg_accordion title=\"1 \u00e5rs garanti, bakket op af erfaring\"]<\/p>\n<p>Dit k\u00f8b er beskyttet af vores 1 \u00e5rs garanti og mere end 13 \u00e5rs p\u00e5lidelig service. Med over 500.000 glade kunder er du i sikre h\u00e6nder. [\/cg_accordion]\n[cg_accordion title=\"Kvalitetssikring og test f\u00f8r afsendelse\"]<\/p>\n<p>Sikrer kundetilfredshed p\u00e5 h\u00f8jeste niveau: Hver enhed gennemg\u00e5r strenge tests og en flerpunkts kvalitetssikringskontrol, f\u00f8r den sendes. Vores dedikerede team verificerer ydeevne, funktionalitet og komponentintegritet for at garantere, at din AYANEO-enhed er i perfekt stand ved ankomsten, hvilket giver dig tillid og ro i sindet. [\/cg_accordion]\n[cg_accordion title=\"Fleksible og sikre betalingsmuligheder\"]<\/p>\n<p>F\u00e5 ro i sindet med vores sikre betalingssystem. Vi underst\u00f8tter alle st\u00f8rre betalingsmetoder, herunder betalingskort, PayPal, Apple Pay, Google Pay, Klarna, Afterpay og Affirm &#8211; hvilket giver dig frihed til at betale p\u00e5 din m\u00e5de, uanset om det er p\u00e5 forh\u00e5nd eller i nemme rater. [\/cg_accordion]\n[cg_accordion title=\"Skatter og afgifter\"]<\/p>\n<p>Priserne er inklusive g\u00e6ldende moms, som kan v\u00e6re op til 25 % afh\u00e6ngigt af dit land. Det n\u00f8jagtige bel\u00f8b vises i kassen for at sikre fuld gennemsigtighed. [\/cg_accordion]\n[cg_accordion title=\"Forsendelse og returnering\"]<\/p>\n<p>Vi samarbejder med over 10 p\u00e5lidelige fragtpartnere for at sikre, at din ordre kommer hurtigt, sikkert og p\u00e5lideligt frem.<\/p>\n<p>Vi bruger ekspres DDP-forsendelse (Delivered Duty Paid). Dette betyder: <\/p>\n<li>Alle toldafgifter og skatter er allerede inkluderet i den viste produktpris.<\/li>\n<li>Du f\u00e5r ikke nogen overraskelsesgebyrer ved levering.<\/li>\n<li>I det sj\u00e6ldne tilf\u00e6lde, at der opst\u00e5r forsinkelser i toldbehandlingen, vil vores team h\u00e5ndtere klareringsprocessen for dig for at sikre en problemfri levering.<\/li>\n<p>Vigtig information om returnering:<\/p>\n<li>Hvis du returnerer din ordre eller anmoder om refusion, skal du v\u00e6re opm\u00e6rksom p\u00e5, at eventuelle skatter og afgifter, der er betalt p\u00e5 dine vegne i henhold til DDP-vilk\u00e5r, ikke refunderes.<\/li>\n<p>Se vores <a href=\"https:\/\/droix.eu\/da\/vilkaar-og-betingelser\/\" target=\"_blank\" rel=\"nofollow noopener\">vilk\u00e5r og betingelser<\/a> for detaljerede oplysninger.\n<\/ul>\n<p>[\/cg_accordion]\n[cg_accordion title=\"Kundesupport\"]<\/p>\n<p>Har du et sp\u00f8rgsm\u00e5l? Vi er kun en kort sms v\u00e6k fra at have l\u00f8st dit problem! [\/cg_accordion]\n[cg_accordion title=\"Pakken indeholder\"]<\/p>\n<ul>\n<li>1x AYANEO Pocket S-etui<\/li>\n<li>1x AYANEO Pocket S sk\u00e6rmbeskytter<\/li>\n<li>1x AYANEO Pocket S greb<\/li>\n<\/ul>\n<p>[\/cg_accordion]\n","protected":false},"featured_media":491252,"template":"","meta":{"_acf_changed":false},"product_brand":[],"product_cat":[10612],"product_tag":[],"woo-feed-brand":[],"key-features":[],"class_list":{"0":"post-507733","1":"product","2":"type-product","3":"status-publish","4":"has-post-thumbnail","6":"product_cat-ikke-kategoriseret","7":"product_shipping_class-low-end","8":"pa_accessory-type-grip","9":"pa_accessory-type-protective-case","10":"pa_accessory-type-screen-protector","11":"pa_brands-ayaneo-da","13":"first","14":"instock","15":"sale","16":"taxable","17":"shipping-taxable","18":"purchasable","19":"product-type-simple"},"acf":[],"aioseo_notices":[],"aioseo_head":"\n\t\t<!-- All in One SEO Pro 4.9.6.2 - aioseo.com -->\n\t<meta name=\"description\" content=\"Officielt AYANEO Pocket S-etui Bl\u00f8dt stoffor giver ekstra beskyttelse. Skridsikker tekstur og stort h\u00e5ndtag til sikker fastholdelse. Ultraklar beskyttelse af h\u00f8j kvalitet, der forhindrer ridser og pletter. Bevarer ber\u00f8ringsf\u00f8lsomheden for et j\u00e6vnt gameplay.\" \/>\n\t<meta name=\"robots\" content=\"max-image-preview:large\" \/>\n\t<link rel=\"canonical\" href=\"https:\/\/droix.eu\/da\/product\/ayaneo-pocket-s-tilbehoer\/\" \/>\n\t<meta name=\"generator\" content=\"All in One SEO Pro (AIOSEO) 4.9.6.2\" \/>\n\t\t<meta property=\"og:locale\" content=\"da_DK\" \/>\n\t\t<meta property=\"og:site_name\" content=\"DROIX EU - Get the latest Mini PCs, Ultrabook, PC Gaming Handhelds and more!\" \/>\n\t\t<meta property=\"og:type\" content=\"article\" \/>\n\t\t<meta property=\"og:title\" content=\"AYANEO Pocket S tilbeh\u00f8r - DROIX EU\" \/>\n\t\t<meta property=\"og:description\" content=\"Officielt AYANEO Pocket S-etui Bl\u00f8dt stoffor giver ekstra beskyttelse. Skridsikker tekstur og stort h\u00e5ndtag til sikker fastholdelse. Ultraklar beskyttelse af h\u00f8j kvalitet, der forhindrer ridser og pletter. Bevarer ber\u00f8ringsf\u00f8lsomheden for et j\u00e6vnt gameplay.\" \/>\n\t\t<meta property=\"og:url\" content=\"https:\/\/droix.eu\/da\/product\/ayaneo-pocket-s-tilbehoer\/\" \/>\n\t\t<meta property=\"og:image\" content=\"https:\/\/droix.eu\/wp-content\/uploads\/2024\/06\/droix-v2-light-logo.png\" \/>\n\t\t<meta property=\"og:image:secure_url\" content=\"https:\/\/droix.eu\/wp-content\/uploads\/2024\/06\/droix-v2-light-logo.png\" \/>\n\t\t<meta property=\"og:image:width\" content=\"380\" \/>\n\t\t<meta property=\"og:image:height\" content=\"118\" \/>\n\t\t<meta property=\"article:published_time\" content=\"2024-09-19T11:02:29+00:00\" \/>\n\t\t<meta property=\"article:modified_time\" content=\"2026-04-08T09:13:37+00:00\" \/>\n\t\t<meta property=\"article:publisher\" content=\"https:\/\/www.facebook.com\/DroiX.Store\" \/>\n\t\t<meta name=\"twitter:card\" content=\"summary_large_image\" \/>\n\t\t<meta name=\"twitter:site\" content=\"@DroiX_Store\" \/>\n\t\t<meta name=\"twitter:title\" content=\"AYANEO Pocket S tilbeh\u00f8r - DROIX EU\" \/>\n\t\t<meta name=\"twitter:description\" content=\"Officielt AYANEO Pocket S-etui Bl\u00f8dt stoffor giver ekstra beskyttelse. Skridsikker tekstur og stort h\u00e5ndtag til sikker fastholdelse. Ultraklar beskyttelse af h\u00f8j kvalitet, der forhindrer ridser og pletter. Bevarer ber\u00f8ringsf\u00f8lsomheden for et j\u00e6vnt gameplay.\" \/>\n\t\t<meta name=\"twitter:image\" content=\"https:\/\/droix.eu\/wp-content\/uploads\/2024\/06\/droix-v2-light-logo.png\" \/>\n\t\t<script type=\"application\/ld+json\" class=\"aioseo-schema\">\n\t\t\t{\"@context\":\"https:\\\/\\\/schema.org\",\"@graph\":[{\"@type\":\"BreadcrumbList\",\"@id\":\"https:\\\/\\\/droix.eu\\\/da\\\/product\\\/ayaneo-pocket-s-tilbehoer\\\/#breadcrumblist\",\"itemListElement\":[{\"@type\":\"ListItem\",\"@id\":\"https:\\\/\\\/droix.eu\\\/da\\\/#listItem\",\"position\":1,\"name\":\"Home\",\"item\":\"https:\\\/\\\/droix.eu\\\/da\\\/\",\"nextItem\":{\"@type\":\"ListItem\",\"@id\":\"https:\\\/\\\/droix.eu\\\/da\\\/product-category\\\/ikke-kategoriseret\\\/#listItem\",\"name\":\"Ikke kategoriseret\"}},{\"@type\":\"ListItem\",\"@id\":\"https:\\\/\\\/droix.eu\\\/da\\\/product-category\\\/ikke-kategoriseret\\\/#listItem\",\"position\":2,\"name\":\"Ikke kategoriseret\",\"item\":\"https:\\\/\\\/droix.eu\\\/da\\\/product-category\\\/ikke-kategoriseret\\\/\",\"nextItem\":{\"@type\":\"ListItem\",\"@id\":\"https:\\\/\\\/droix.eu\\\/da\\\/product\\\/ayaneo-pocket-s-tilbehoer\\\/#listItem\",\"name\":\"AYANEO Pocket S tilbeh\\u00f8r\"},\"previousItem\":{\"@type\":\"ListItem\",\"@id\":\"https:\\\/\\\/droix.eu\\\/da\\\/#listItem\",\"name\":\"Home\"}},{\"@type\":\"ListItem\",\"@id\":\"https:\\\/\\\/droix.eu\\\/da\\\/product\\\/ayaneo-pocket-s-tilbehoer\\\/#listItem\",\"position\":3,\"name\":\"AYANEO Pocket S tilbeh\\u00f8r\",\"previousItem\":{\"@type\":\"ListItem\",\"@id\":\"https:\\\/\\\/droix.eu\\\/da\\\/product-category\\\/ikke-kategoriseret\\\/#listItem\",\"name\":\"Ikke kategoriseret\"}}]},{\"@type\":\"Organization\",\"@id\":\"https:\\\/\\\/droix.eu\\\/da\\\/#organization\",\"name\":\"DroiX \\u2013 Trusted EU Tech Retailer with 12+ Years Experience\",\"description\":\"DroiX is a leading European technology retailer with over 12 years of experience, offering quality mini PCs, handheld gaming consoles, and tech accessories. We provide hassle-free EU delivery with all taxes included, ensuring a smooth and reliable shopping experience for our customers across Europe.\",\"url\":\"https:\\\/\\\/droix.eu\\\/da\\\/\",\"logo\":{\"@type\":\"ImageObject\",\"url\":\"https:\\\/\\\/droix.eu\\\/wp-content\\\/uploads\\\/2024\\\/06\\\/droix-v2-light-logo.png\",\"@id\":\"https:\\\/\\\/droix.eu\\\/da\\\/product\\\/ayaneo-pocket-s-tilbehoer\\\/#organizationLogo\",\"width\":380,\"height\":118},\"image\":{\"@id\":\"https:\\\/\\\/droix.eu\\\/da\\\/product\\\/ayaneo-pocket-s-tilbehoer\\\/#organizationLogo\"},\"sameAs\":[\"https:\\\/\\\/www.facebook.com\\\/DroiX.Store\",\"https:\\\/\\\/twitter.com\\\/DroiX_Store\",\"https:\\\/\\\/www.instagram.com\\\/droix.store\\\/\",\"https:\\\/\\\/www.tiktok.com\\\/@droix.store\",\"https:\\\/\\\/www.youtube.com\\\/c\\\/DroiX_Store\",\"https:\\\/\\\/uk.linkedin.com\\\/company\\\/droix\"]},{\"@type\":\"Product\",\"@id\":\"https:\\\/\\\/droix.eu\\\/da\\\/product\\\/ayaneo-pocket-s-tilbehoer\\\/#wooCommerceProduct\",\"name\":\"AYANEO Pocket S tilbeh\\u00f8r\",\"description\":\"Officielt AYANEO Pocket S-etui\\n \\tBl\\u00f8dt stoffor giver ekstra beskyttelse.\\n \\tSkridsikker tekstur og stort h\\u00e5ndtag til sikker fastholdelse.\\n \\tUltraklar beskyttelse af h\\u00f8j kvalitet, der forhindrer ridser og pletter.\\n \\tBevarer ber\\u00f8ringsf\\u00f8lsomheden for et j\\u00e6vnt gameplay.\",\"url\":\"https:\\\/\\\/droix.eu\\\/da\\\/product\\\/ayaneo-pocket-s-tilbehoer\\\/\",\"sku\":\"AYANEO-POCKET-S-FREEBIES\",\"image\":{\"@type\":\"ImageObject\",\"url\":\"https:\\\/\\\/droix.eu\\\/wp-content\\\/uploads\\\/2024\\\/09\\\/AYANEO-POCKET-S-ACCESSORIES-LISTING-DONE-01.png\",\"@id\":\"https:\\\/\\\/droix.eu\\\/da\\\/product\\\/ayaneo-pocket-s-tilbehoer\\\/#productImage\",\"width\":1500,\"height\":1500,\"caption\":\"Gratis AYANEO Pocket S-tilbeh\\u00f8r (beskyttelsesetui + greb + sk\\u00e6rmbeskytter)\"},\"offers\":{\"@type\":\"Offer\",\"url\":\"https:\\\/\\\/droix.eu\\\/da\\\/product\\\/ayaneo-pocket-s-tilbehoer\\\/#wooCommerceOffer\",\"price\":11.01,\"priceCurrency\":\"EUR\",\"category\":\"Ikke kategoriseret\",\"availability\":\"https:\\\/\\\/schema.org\\\/InStock\",\"priceSpecification\":{\"@type\":\"PriceSpecification\",\"price\":11.01,\"priceCurrency\":\"EUR\",\"valueAddedTaxIncluded\":\"true\"},\"seller\":{\"@type\":\"Organization\",\"@id\":\"https:\\\/\\\/droix.eu\\\/da\\\/#organization\"}}},{\"@type\":\"WebPage\",\"@id\":\"https:\\\/\\\/droix.eu\\\/da\\\/product\\\/ayaneo-pocket-s-tilbehoer\\\/#webpage\",\"url\":\"https:\\\/\\\/droix.eu\\\/da\\\/product\\\/ayaneo-pocket-s-tilbehoer\\\/\",\"name\":\"AYANEO Pocket S tilbeh\\u00f8r - DROIX EU\",\"description\":\"Officielt AYANEO Pocket S-etui Bl\\u00f8dt stoffor giver ekstra beskyttelse. Skridsikker tekstur og stort h\\u00e5ndtag til sikker fastholdelse. Ultraklar beskyttelse af h\\u00f8j kvalitet, der forhindrer ridser og pletter. Bevarer ber\\u00f8ringsf\\u00f8lsomheden for et j\\u00e6vnt gameplay.\",\"inLanguage\":\"da-DK\",\"isPartOf\":{\"@id\":\"https:\\\/\\\/droix.eu\\\/da\\\/#website\"},\"breadcrumb\":{\"@id\":\"https:\\\/\\\/droix.eu\\\/da\\\/product\\\/ayaneo-pocket-s-tilbehoer\\\/#breadcrumblist\"},\"image\":{\"@type\":\"ImageObject\",\"url\":\"https:\\\/\\\/droix.eu\\\/wp-content\\\/uploads\\\/2024\\\/09\\\/AYANEO-POCKET-S-ACCESSORIES-LISTING-DONE-01.png\",\"@id\":\"https:\\\/\\\/droix.eu\\\/da\\\/product\\\/ayaneo-pocket-s-tilbehoer\\\/#mainImage\",\"width\":1500,\"height\":1500,\"caption\":\"Gratis AYANEO Pocket S-tilbeh\\u00f8r (beskyttelsesetui + greb + sk\\u00e6rmbeskytter)\"},\"primaryImageOfPage\":{\"@id\":\"https:\\\/\\\/droix.eu\\\/da\\\/product\\\/ayaneo-pocket-s-tilbehoer\\\/#mainImage\"},\"datePublished\":\"2024-09-19T12:02:29+01:00\",\"dateModified\":\"2026-04-08T10:13:37+01:00\"},{\"@type\":\"WebSite\",\"@id\":\"https:\\\/\\\/droix.eu\\\/da\\\/#website\",\"url\":\"https:\\\/\\\/droix.eu\\\/da\\\/\",\"name\":\"DROIX EU\",\"description\":\"Get the latest Mini PCs, Ultrabook, PC Gaming Handhelds and more!\",\"inLanguage\":\"da-DK\",\"publisher\":{\"@id\":\"https:\\\/\\\/droix.eu\\\/da\\\/#organization\"}}]}\n\t\t<\/script>\n\t\t<!-- All in One SEO Pro -->\r\n\t\t<title>AYANEO Pocket S tilbeh\u00f8r - DROIX EU<\/title>\n\n","aioseo_head_json":{"title":"AYANEO Pocket S tilbeh\u00f8r - DROIX EU","description":"Officielt AYANEO Pocket S-etui Bl\u00f8dt stoffor giver ekstra beskyttelse. Skridsikker tekstur og stort h\u00e5ndtag til sikker fastholdelse. Ultraklar beskyttelse af h\u00f8j kvalitet, der forhindrer ridser og pletter. Bevarer ber\u00f8ringsf\u00f8lsomheden for et j\u00e6vnt gameplay.","canonical_url":"https:\/\/droix.eu\/da\/product\/ayaneo-pocket-s-tilbehoer\/","robots":"max-image-preview:large","keywords":"","webmasterTools":{"miscellaneous":""},"schema":{"@context":"https:\/\/schema.org","@graph":[{"@type":"BreadcrumbList","@id":"https:\/\/droix.eu\/da\/product\/ayaneo-pocket-s-tilbehoer\/#breadcrumblist","itemListElement":[{"@type":"ListItem","@id":"https:\/\/droix.eu\/da\/#listItem","position":1,"name":"Home","item":"https:\/\/droix.eu\/da\/","nextItem":{"@type":"ListItem","@id":"https:\/\/droix.eu\/da\/product-category\/ikke-kategoriseret\/#listItem","name":"Ikke kategoriseret"}},{"@type":"ListItem","@id":"https:\/\/droix.eu\/da\/product-category\/ikke-kategoriseret\/#listItem","position":2,"name":"Ikke kategoriseret","item":"https:\/\/droix.eu\/da\/product-category\/ikke-kategoriseret\/","nextItem":{"@type":"ListItem","@id":"https:\/\/droix.eu\/da\/product\/ayaneo-pocket-s-tilbehoer\/#listItem","name":"AYANEO Pocket S tilbeh\u00f8r"},"previousItem":{"@type":"ListItem","@id":"https:\/\/droix.eu\/da\/#listItem","name":"Home"}},{"@type":"ListItem","@id":"https:\/\/droix.eu\/da\/product\/ayaneo-pocket-s-tilbehoer\/#listItem","position":3,"name":"AYANEO Pocket S tilbeh\u00f8r","previousItem":{"@type":"ListItem","@id":"https:\/\/droix.eu\/da\/product-category\/ikke-kategoriseret\/#listItem","name":"Ikke kategoriseret"}}]},{"@type":"Organization","@id":"https:\/\/droix.eu\/da\/#organization","name":"DroiX \u2013 Trusted EU Tech Retailer with 12+ Years Experience","description":"DroiX is a leading European technology retailer with over 12 years of experience, offering quality mini PCs, handheld gaming consoles, and tech accessories. We provide hassle-free EU delivery with all taxes included, ensuring a smooth and reliable shopping experience for our customers across Europe.","url":"https:\/\/droix.eu\/da\/","logo":{"@type":"ImageObject","url":"https:\/\/droix.eu\/wp-content\/uploads\/2024\/06\/droix-v2-light-logo.png","@id":"https:\/\/droix.eu\/da\/product\/ayaneo-pocket-s-tilbehoer\/#organizationLogo","width":380,"height":118},"image":{"@id":"https:\/\/droix.eu\/da\/product\/ayaneo-pocket-s-tilbehoer\/#organizationLogo"},"sameAs":["https:\/\/www.facebook.com\/DroiX.Store","https:\/\/twitter.com\/DroiX_Store","https:\/\/www.instagram.com\/droix.store\/","https:\/\/www.tiktok.com\/@droix.store","https:\/\/www.youtube.com\/c\/DroiX_Store","https:\/\/uk.linkedin.com\/company\/droix"]},{"@type":"Product","@id":"https:\/\/droix.eu\/da\/product\/ayaneo-pocket-s-tilbehoer\/#wooCommerceProduct","name":"AYANEO Pocket S tilbeh\u00f8r","description":"Officielt AYANEO Pocket S-etui\n \tBl\u00f8dt stoffor giver ekstra beskyttelse.\n \tSkridsikker tekstur og stort h\u00e5ndtag til sikker fastholdelse.\n \tUltraklar beskyttelse af h\u00f8j kvalitet, der forhindrer ridser og pletter.\n \tBevarer ber\u00f8ringsf\u00f8lsomheden for et j\u00e6vnt gameplay.","url":"https:\/\/droix.eu\/da\/product\/ayaneo-pocket-s-tilbehoer\/","sku":"AYANEO-POCKET-S-FREEBIES","image":{"@type":"ImageObject","url":"https:\/\/droix.eu\/wp-content\/uploads\/2024\/09\/AYANEO-POCKET-S-ACCESSORIES-LISTING-DONE-01.png","@id":"https:\/\/droix.eu\/da\/product\/ayaneo-pocket-s-tilbehoer\/#productImage","width":1500,"height":1500,"caption":"Gratis AYANEO Pocket S-tilbeh\u00f8r (beskyttelsesetui + greb + sk\u00e6rmbeskytter)"},"offers":{"@type":"Offer","url":"https:\/\/droix.eu\/da\/product\/ayaneo-pocket-s-tilbehoer\/#wooCommerceOffer","price":11.01,"priceCurrency":"EUR","category":"Ikke kategoriseret","availability":"https:\/\/schema.org\/InStock","priceSpecification":{"@type":"PriceSpecification","price":11.01,"priceCurrency":"EUR","valueAddedTaxIncluded":"true"},"seller":{"@type":"Organization","@id":"https:\/\/droix.eu\/da\/#organization"}}},{"@type":"WebPage","@id":"https:\/\/droix.eu\/da\/product\/ayaneo-pocket-s-tilbehoer\/#webpage","url":"https:\/\/droix.eu\/da\/product\/ayaneo-pocket-s-tilbehoer\/","name":"AYANEO Pocket S tilbeh\u00f8r - DROIX EU","description":"Officielt AYANEO Pocket S-etui Bl\u00f8dt stoffor giver ekstra beskyttelse. Skridsikker tekstur og stort h\u00e5ndtag til sikker fastholdelse. Ultraklar beskyttelse af h\u00f8j kvalitet, der forhindrer ridser og pletter. Bevarer ber\u00f8ringsf\u00f8lsomheden for et j\u00e6vnt gameplay.","inLanguage":"da-DK","isPartOf":{"@id":"https:\/\/droix.eu\/da\/#website"},"breadcrumb":{"@id":"https:\/\/droix.eu\/da\/product\/ayaneo-pocket-s-tilbehoer\/#breadcrumblist"},"image":{"@type":"ImageObject","url":"https:\/\/droix.eu\/wp-content\/uploads\/2024\/09\/AYANEO-POCKET-S-ACCESSORIES-LISTING-DONE-01.png","@id":"https:\/\/droix.eu\/da\/product\/ayaneo-pocket-s-tilbehoer\/#mainImage","width":1500,"height":1500,"caption":"Gratis AYANEO Pocket S-tilbeh\u00f8r (beskyttelsesetui + greb + sk\u00e6rmbeskytter)"},"primaryImageOfPage":{"@id":"https:\/\/droix.eu\/da\/product\/ayaneo-pocket-s-tilbehoer\/#mainImage"},"datePublished":"2024-09-19T12:02:29+01:00","dateModified":"2026-04-08T10:13:37+01:00"},{"@type":"WebSite","@id":"https:\/\/droix.eu\/da\/#website","url":"https:\/\/droix.eu\/da\/","name":"DROIX EU","description":"Get the latest Mini PCs, Ultrabook, PC Gaming Handhelds and more!","inLanguage":"da-DK","publisher":{"@id":"https:\/\/droix.eu\/da\/#organization"}}]},"og:locale":"da_DK","og:site_name":"DROIX EU - Get the latest Mini PCs, Ultrabook, PC Gaming Handhelds and more!","og:type":"article","og:title":"AYANEO Pocket S tilbeh\u00f8r - DROIX EU","og:description":"Officielt AYANEO Pocket S-etui Bl\u00f8dt stoffor giver ekstra beskyttelse. Skridsikker tekstur og stort h\u00e5ndtag til sikker fastholdelse. Ultraklar beskyttelse af h\u00f8j kvalitet, der forhindrer ridser og pletter. Bevarer ber\u00f8ringsf\u00f8lsomheden for et j\u00e6vnt gameplay.","og:url":"https:\/\/droix.eu\/da\/product\/ayaneo-pocket-s-tilbehoer\/","og:image":"https:\/\/droix.eu\/wp-content\/uploads\/2024\/06\/droix-v2-light-logo.png","og:image:secure_url":"https:\/\/droix.eu\/wp-content\/uploads\/2024\/06\/droix-v2-light-logo.png","og:image:width":380,"og:image:height":118,"article:published_time":"2024-09-19T11:02:29+00:00","article:modified_time":"2026-04-08T09:13:37+00:00","article:publisher":"https:\/\/www.facebook.com\/DroiX.Store","twitter:card":"summary_large_image","twitter:site":"@DroiX_Store","twitter:title":"AYANEO Pocket S tilbeh\u00f8r - DROIX EU","twitter:description":"Officielt AYANEO Pocket S-etui Bl\u00f8dt stoffor giver ekstra beskyttelse. Skridsikker tekstur og stort h\u00e5ndtag til sikker fastholdelse. Ultraklar beskyttelse af h\u00f8j kvalitet, der forhindrer ridser og pletter. Bevarer ber\u00f8ringsf\u00f8lsomheden for et j\u00e6vnt gameplay.","twitter:image":"https:\/\/droix.eu\/wp-content\/uploads\/2024\/06\/droix-v2-light-logo.png"},"aioseo_meta_data":{"post_id":"507733","title":null,"description":null,"keywords":null,"keyphrases":{"focus":{"keyphrase":"","score":0,"analysis":{"keyphraseInTitle":{"score":0,"maxScore":9,"error":1}}},"additional":[]},"primary_term":null,"canonical_url":null,"og_title":null,"og_description":null,"og_object_type":"default","og_image_type":"default","og_image_url":null,"og_image_width":null,"og_image_height":null,"og_image_custom_url":null,"og_image_custom_fields":null,"og_video":"","og_custom_url":null,"og_article_section":null,"og_article_tags":null,"twitter_use_og":true,"twitter_card":"default","twitter_image_type":"default","twitter_image_url":null,"twitter_image_custom_url":null,"twitter_image_custom_fields":null,"twitter_title":null,"twitter_description":null,"schema":{"blockGraphs":[],"customGraphs":[],"default":{"data":{"Article":[],"Course":[],"Dataset":[],"FAQPage":[],"Movie":[],"Person":[],"Product":[],"ProductReview":[],"Car":[],"Recipe":[],"Service":[],"SoftwareApplication":[],"WebPage":[]},"graphName":"Product","isEnabled":true},"graphs":[]},"schema_type":"default","schema_type_options":null,"pillar_content":false,"robots_default":true,"robots_noindex":false,"robots_noarchive":false,"robots_nosnippet":false,"robots_nofollow":false,"robots_noimageindex":false,"robots_noodp":false,"robots_notranslate":false,"robots_max_snippet":"-1","robots_max_videopreview":"-1","robots_max_imagepreview":"large","priority":null,"frequency":"default","local_seo":null,"seo_analyzer_scan_date":"2026-04-08 12:48:52","breadcrumb_settings":null,"limit_modified_date":false,"reviewed_by":null,"open_ai":null,"ai":{"faqs":[],"keyPoints":[],"titles":[],"descriptions":[],"socialPosts":{"email":[],"linkedin":[],"twitter":[],"facebook":[],"instagram":[]}},"created":"2025-09-30 12:10:33","updated":"2026-04-08 12:48:52"},"aioseo_breadcrumb":"<div class=\"aioseo-breadcrumbs\"><span class=\"aioseo-breadcrumb\">\n\t<a href=\"https:\/\/droix.eu\/da\/\" title=\"Home\">Home<\/a>\n<\/span><span class=\"aioseo-breadcrumb-separator\">&raquo;<\/span><span class=\"aioseo-breadcrumb\">\n\t<a href=\"https:\/\/droix.eu\/da\/product-category\/ikke-kategoriseret\/\" title=\"Ikke kategoriseret\">Ikke kategoriseret<\/a>\n<\/span><span class=\"aioseo-breadcrumb-separator\">&raquo;<\/span><span class=\"aioseo-breadcrumb\">\n\tAYANEO Pocket S tilbeh\u00f8r\n<\/span><\/div>","aioseo_breadcrumb_json":[{"label":"Home","link":"https:\/\/droix.eu\/da\/"},{"label":"Ikke kategoriseret","link":"https:\/\/droix.eu\/da\/product-category\/ikke-kategoriseret\/"},{"label":"AYANEO Pocket S tilbeh\u00f8r","link":"https:\/\/droix.eu\/da\/product\/ayaneo-pocket-s-tilbehoer\/"}],"_links":{"self":[{"href":"https:\/\/droix.eu\/da\/wp-json\/wp\/v2\/product\/507733","targetHints":{"allow":["GET"]}}],"collection":[{"href":"https:\/\/droix.eu\/da\/wp-json\/wp\/v2\/product"}],"about":[{"href":"https:\/\/droix.eu\/da\/wp-json\/wp\/v2\/types\/product"}],"version-history":[{"count":0,"href":"https:\/\/droix.eu\/da\/wp-json\/wp\/v2\/product\/507733\/revisions"}],"wp:featuredmedia":[{"embeddable":true,"href":"https:\/\/droix.eu\/da\/wp-json\/wp\/v2\/media\/491252"}],"wp:attachment":[{"href":"https:\/\/droix.eu\/da\/wp-json\/wp\/v2\/media?parent=507733"}],"wp:term":[{"taxonomy":"product_brand","embeddable":true,"href":"https:\/\/droix.eu\/da\/wp-json\/wp\/v2\/product_brand?post=507733"},{"taxonomy":"product_cat","embeddable":true,"href":"https:\/\/droix.eu\/da\/wp-json\/wp\/v2\/product_cat?post=507733"},{"taxonomy":"product_tag","embeddable":true,"href":"https:\/\/droix.eu\/da\/wp-json\/wp\/v2\/product_tag?post=507733"},{"taxonomy":"woo-feed-brand","embeddable":true,"href":"https:\/\/droix.eu\/da\/wp-json\/wp\/v2\/woo-feed-brand?post=507733"},{"taxonomy":"key-features","embeddable":true,"href":"https:\/\/droix.eu\/da\/wp-json\/wp\/v2\/key-features?post=507733"}],"curies":[{"name":"wp","href":"https:\/\/api.w.org\/{rel}","templated":true}]}}